{"id":3411,"date":"2025-01-26T09:38:11","date_gmt":"2025-01-26T08:38:11","guid":{"rendered":"https:\/\/vapebulkp.com\/?post_type=product&#038;p=3411"},"modified":"2025-09-24T05:20:45","modified_gmt":"2025-09-24T03:20:45","slug":"aivono-aim-magic-20000-puffs-disposable-vape-multiple-nicotine-options","status":"publish","type":"product","link":"https:\/\/vapebulkp.com\/fr\/product\/aivono-aim-magic-20000-puffs-disposable-vape-multiple-nicotine-options\/","title":{"rendered":"Aivono Aim Magic 20000 Puffs Cigarette \u00e9lectronique jetable Plusieurs options de nicotine"},"content":{"rendered":"<h2 style=\"text-align: left\">Aivono Aim Magic 20000 Puffs Cigarette \u00e9lectronique jetable Plusieurs options de nicotine<\/h2>\n<p data-start=\"141\" data-end=\"487\">Le <strong data-start=\"145\" data-end=\"193\">Aivono Aim Magic 20000 Bouff\u00e9es Vape Jetable<\/strong> est une vape jetable premium con\u00e7ue pour les amateurs de vapotage fran\u00e7ais qui exigent une performance durable et une saveur riche. Pr\u00e9-remplie avec 26 ml d'e-liquide de sel de nicotine de haute qualit\u00e9, cette <a href=\"https:\/\/vapebulkp.com\/fr\/product-category\/20000-puffs-disposable-vape\/\"><strong data-start=\"385\" data-end=\"416\">Vape jetable 20000 bouff\u00e9es<\/strong><\/a> offre des tirages doux et constants pour une exp\u00e9rience de vapotage prolong\u00e9e.<\/p>\n<p data-start=\"489\" data-end=\"793\">Con\u00e7u comme un <strong data-start=\"503\" data-end=\"535\">vape jetable rechargeable<\/strong>, elle est dot\u00e9e d'une batterie de 600 mAh avec charge rapide Type-C, r\u00e9duisant les temps d'arr\u00eat et assurant une utilisation ininterrompue o\u00f9 que vous soyez. Avanc\u00e9e <strong data-start=\"669\" data-end=\"693\">technologie de r\u00e9sistance mesh<\/strong> am\u00e9liore l'intensit\u00e9 de la saveur et la production de vapeur, offrant une sensation en gorge satisfaisante \u00e0 chaque bouff\u00e9e.<\/p>\n<p data-start=\"795\" data-end=\"1131\">L\u00e9ger et \u00e9l\u00e9gant, le <strong data-start=\"822\" data-end=\"850\">Aivono Magic 20000 Bouff\u00e9es<\/strong> combine style et portabilit\u00e9, le rendant id\u00e9al pour les voyages, les \u00e9v\u00e9nements sociaux ou l'utilisation quotidienne. Ses options de nicotine polyvalentes (0%, 2%, 3%, 5%) r\u00e9pondent \u00e0 un \u00e9ventail de pr\u00e9f\u00e9rences, tandis que la construction robuste garantit un <strong data-start=\"1066\" data-end=\"1087\">vape longue dur\u00e9e<\/strong> qui r\u00e9pond aux exigences des utilisateurs fran\u00e7ais.<\/p>\n<p data-start=\"1133\" data-end=\"1360\">Approuv\u00e9 par <strong data-start=\"1144\" data-end=\"1175\">passionn\u00e9s de vapotage en France<\/strong>, ce <strong data-start=\"1182\" data-end=\"1209\">cigarette \u00e9lectronique jetable haut de gamme<\/strong> offre un \u00e9quilibre entre commodit\u00e9, innovation et performance de haute qualit\u00e9, ce qui en fait un choix de premier ordre pour un usage personnel et des opportunit\u00e9s de vente en gros.<\/p>\n<p data-start=\"193\" data-end=\"545\"><img decoding=\"async\" class=\"wp-image-3409\" style=\"font-style: inherit;font-weight: bold\" src=\"http:\/\/vapebulkp.com\/wp-content\/uploads\/2025\/01\/Rechargeable-Aivono-Aim-Magic-Disposable-Vape-Pen-with-20000-Puffs-Capacity.webp\" alt=\"Stylo Vape Jetable Rechargeable Aivono Aim Magic avec Capacit\u00e9 de 20000 Bouff\u00e9es\" width=\"499\" height=\"499\" srcset=\"https:\/\/vapebulkp.com\/wp-content\/uploads\/2025\/01\/Rechargeable-Aivono-Aim-Magic-Disposable-Vape-Pen-with-20000-Puffs-Capacity.webp 800w, https:\/\/vapebulkp.com\/wp-content\/uploads\/2025\/01\/Rechargeable-Aivono-Aim-Magic-Disposable-Vape-Pen-with-20000-Puffs-Capacity-300x300.webp 300w, https:\/\/vapebulkp.com\/wp-content\/uploads\/2025\/01\/Rechargeable-Aivono-Aim-Magic-Disposable-Vape-Pen-with-20000-Puffs-Capacity-150x150.webp 150w, https:\/\/vapebulkp.com\/wp-content\/uploads\/2025\/01\/Rechargeable-Aivono-Aim-Magic-Disposable-Vape-Pen-with-20000-Puffs-Capacity-768x768.webp 768w, https:\/\/vapebulkp.com\/wp-content\/uploads\/2025\/01\/Rechargeable-Aivono-Aim-Magic-Disposable-Vape-Pen-with-20000-Puffs-Capacity-600x600.webp 600w, https:\/\/vapebulkp.com\/wp-content\/uploads\/2025\/01\/Rechargeable-Aivono-Aim-Magic-Disposable-Vape-Pen-with-20000-Puffs-Capacity-100x100.webp 100w\" sizes=\"(max-width: 499px) 100vw, 499px\" \/><\/p>\n<p>Stylo Vape Jetable Rechargeable Aivono Aim Magic avec Capacit\u00e9 de 20000 Bouff\u00e9es<\/p>\n<h6>Veuillez contacter le WhatsApp de Mandy pour un prix r\u00e9duit<a href=\"https:\/\/wa.me\/8618077105796\">+8618077105796<\/a><\/h6>\n<p><img decoding=\"async\" class=\"alignnone wp-image-2151\" src=\"http:\/\/vapebulkp.com\/wp-content\/uploads\/2024\/04\/Mandy-WhatsApp-Randm.jpg\" alt=\"WhatsApp Mandy Randm\" width=\"324\" height=\"330\" \/><\/p>\n<h2><strong>Aivono Aim Magic 20000 Bouff\u00e9es Vape Jetable FAQ\u00a0:<\/strong><\/h2>\n<h4>1. <strong>Qu'est-ce qui distingue l'Aivono Aim Magic 20000 Bouff\u00e9es des vapes jetables\u00a0?<\/strong><\/h4>\n<p>L'Aivono Aim Magic offre une capacit\u00e9 massive de 20\u00a0000\u00a0bouff\u00e9es et 26\u00a0ml d'e-liquide premium, assurant une utilisation prolong\u00e9e sans remplacements fr\u00e9quents. Le design \u00e9l\u00e9gant, combin\u00e9 \u00e0 une batterie rechargeable de 600\u00a0mAh et \u00e0 une charge rapide de type\u00a0C, offre une commodit\u00e9 et des performances sup\u00e9rieures.<\/p>\n<h4>2. <strong>Comment recharger l'Aivono Aim Magic 20000 Bouff\u00e9es\u00a0?<\/strong><\/h4>\n<p>Cet appareil est dot\u00e9 d'un port de chargement Type-C pratique. Connectez-le simplement \u00e0 un chargeur compatible, et la batterie de 600mAh se rechargera rapidement, assurant un vapotage ininterrompu.<\/p>\n<h4>3. <strong>O\u00f9 puis-je acheter la vape Aivono Aim Magic 20K puffs en Europe ?<\/strong><\/h4>\n<p>Vous pouvez acheter l'Aivono Aim Magic aupr\u00e8s de d\u00e9taillants r\u00e9put\u00e9s et de boutiques en ligne \u00e0 travers l'Europe. Pour les options de vente en gros et d'achat en grande quantit\u00e9, Vapebulkp est un choix fiable pour les clients europ\u00e9ens.<\/p>\n<h2><\/h2>\n<h3><strong>Aivono Aim Magic 20000 Puffs Dispositif de vapotage haute performance Caract\u00e9ristiques :<\/strong><\/h3>\n<ul>\n<li><strong>Capacit\u00e9 en e-liquide :<\/strong> 26ml d'e-liquide de qualit\u00e9 sup\u00e9rieure pour une utilisation prolong\u00e9e.<\/li>\n<li><strong>Options de nicotine :<\/strong> Disponible en niveaux de nicotine 0%, 2%, 3% et 5%, r\u00e9pondant \u00e0 une vari\u00e9t\u00e9 de pr\u00e9f\u00e9rences.<\/li>\n<li><strong>Capacit\u00e9 de la batterie :<\/strong> \u00c9quip\u00e9 d'une batterie rechargeable de 600mAh pour une performance constante et fiable.<\/li>\n<li><strong>Interface de chargement :<\/strong> Dispose d'un port de chargement Type-C pour une recharge rapide et efficace.<\/li>\n<li><strong>Emballage :<\/strong> Livr\u00e9 dans une bo\u00eete d'exposition contenant 10 unit\u00e9s, id\u00e9al pour les achats en gros ou les pr\u00e9sentoirs de vente au d\u00e9tail.<\/li>\n<\/ul>\n<h3>Aivono Aim Magic 20000 Puff Design \u00e9l\u00e9gant cigarette \u00e9lectronique jetable Options de saveur :<\/h3>\n<p>1.AIM MAGIC : Glace \u00e0 la myrtille<br \/>\n2.AIM MAGIC : Glace \u00e0 la fraise<br \/>\n3.AIM MAGIC : Glace \u00e0 la past\u00e8que<br \/>\n4.AIM MAGIC : Glace \u00e0 l'ananas et \u00e0 la noix de coco<br \/>\n5.AIM MAGIC : Ananas mangue<br \/>\n6.AIM MAGIC : Fruits rouges m\u00e9lang\u00e9s<br \/>\n7.AIM MAGIC : Fraise past\u00e8que<br \/>\n8.AIM MAGIC : Glace au Blue Razz<br \/>\n9.AIM MAGIC : Glace \u00e0 la p\u00eache<br \/>\n10.AIM MAGIC : Cr\u00e8me glac\u00e9e \u00e0 la fraise<\/p>\n<p><a href=\"https:\/\/vapebulkp.com\/fr\/product\/fumot-tornado-25k-puffs-cheap-price-disposable-vape\/\"><span style=\"vertical-align: inherit\">RandM Tornado 25000 Bouff\u00e9es <\/span><\/a><\/p>\n<p><span style=\"vertical-align: inherit\">Trouvez plus de produits qui pourraient vous plaire\uff1a<\/span><em><a href=\"https:\/\/wa.me\/8618077105796\"><span style=\"vertical-align: inherit\">\u00a0Achetez-le maintenant<\/span><\/a><\/em><\/p>\n<p><span style=\"vertical-align: inherit\">Autres Puffs que vous pourriez aimer\uff1a<\/span><a href=\"https:\/\/vapebulkp.com\/fr\/product\/uwin-tornado-music-35k-puffs-vape-wholesale-nicotine-free\/\"><span style=\"vertical-align: inherit\">UWIN Tornado 35000 Bouff\u00e9es<\/span><\/a><span style=\"vertical-align: inherit\">\u3001<\/span><a href=\"https:\/\/vapebulkp.com\/fr\/product\/wholesale-price-bang-leader-80000-puffs-vape-device\/\"><span style=\"vertical-align: inherit\">BANG Leader 80000 bouff\u00e9es<\/span><\/a><span style=\"vertical-align: inherit\">\/ <\/span><a href=\"https:\/\/vapebulkp.com\/fr\/product\/wholesale-price-bang-kingdoms-rex-32000-puffs-vape-pod\/\"><span style=\"vertical-align: inherit\">Bang King doms rex 32000 Bouff\u00e9es<\/span><\/a><span style=\"vertical-align: inherit\">\/ <\/span><a href=\"https:\/\/vapebulkp.com\/fr\/product\/bang-blaze-60000-puffs-4-in1-disposable-vape-for-wholesale-price\/\"><span style=\"vertical-align: inherit\">Bang Blaze 60000 Bouff\u00e9es<\/span><\/a><\/p>\n<p>&nbsp;<\/p>\n<h4><strong>Pourquoi choisir Aivono Aim Magic 20000 bouff\u00e9es sur <a href=\"https:\/\/vapebulkp.com\/fr\/vape-shop\/\">Vapebulkp.com<\/a>?<\/strong><\/h4>\n<ul>\n<li><strong>Prix de gros exclusifs:<\/strong> Vapebulkp.com propose des prix imbattables pour les achats en gros, ce qui en fait la plateforme de r\u00e9f\u00e9rence pour les revendeurs et distributeurs en France. Tous pays.<\/li>\n<li><strong>Authenticit\u00e9 Garantie:<\/strong> Toutes les vapes Aivono Aim Magic 20000 bouff\u00e9es proviennent directement de fabricants de confiance, garantissant des produits 100% authentiques de la plus haute qualit\u00e9.<\/li>\n<li><strong>Fonctionnalit\u00e9s premium:<\/strong> L'Aivono Aim Magic 20K Puffs se distingue par son \u00e9norme capacit\u00e9 d'e-liquide de 26ml, sa batterie rechargeable de 600mAh et sa technologie avanc\u00e9e de double-maille, offrant des performances constantes \u00e0 chaque bouff\u00e9e.<\/li>\n<li><strong>Options personnalisables:<\/strong> Vapebulkp prend en charge les services OEM\/ODM, permettant aux entreprises de personnaliser les designs, les logos et les emballages pour s'aligner sur leurs objectifs de marque.<\/li>\n<li><strong>Diverses concentrations de nicotine:<\/strong> Disponible en taux de nicotine de 0 %, 2 %, 3 % et 5 %, cette cigarette \u00e9lectronique r\u00e9pond \u00e0 un large \u00e9ventail de pr\u00e9f\u00e9rences de consommation, de ceux qui recherchent une option sans nicotine aux utilisateurs qui appr\u00e9cient une sensation plus forte.<\/li>\n<li><strong>Exp\u00e9dition rapide et fiable :<\/strong> En se concentrant sur les march\u00e9s europ\u00e9ens, Vapebulkp assure une livraison efficace et s\u00e9curis\u00e9e \u00e0 travers les pays, minimisant les d\u00e9lais d'attente pour les clients.<\/li>\n<li><strong>Support client d\u00e9di\u00e9 :<\/strong> Vapebulkp.com est fier de son service client exceptionnel, offrant des conseils d'experts et une assistance rapide pour les demandes de renseignements, les achats et les commandes en gros.<\/li>\n<li><strong>Objectif durabilit\u00e9 :<\/strong> En promouvant des produits rechargeables et respectueux de l'environnement comme l'Aivono Aim Magic 20000 Puffs, Vapebulkp contribue \u00e0 un avenir plus durable du vapotage.<\/li>\n<\/ul>\n<h5>D\u00e9tails d'exp\u00e9dition :<\/h5>\n<p><span style=\"color: #ff6600\">D\u00e9lai de production : 5-10 jours ouvrables<\/span><br \/>\n<span style=\"color: #ff6600\">D\u00e9lai de livraison : 8-14 jours ouvrables<\/span><\/p>\n<p>Tous les produits de notre boutique sont 100% originaux et authentiques, c'est pourquoi nous avons pour politique de rembourser dix fois le prix des produits contrefaits. Nous utilisons des canaux logistiques tels que UPS\/DHL\/FEDEX\/DPD pour vous livrer les marchandises.<\/p>\n<p>Pour les colis exp\u00e9di\u00e9s en France, il faut g\u00e9n\u00e9ralement 10 jours ouvrables pour qu'ils arrivent. L'exp\u00e9dition vers les pays europ\u00e9ens prend g\u00e9n\u00e9ralement de 12 \u00e0 15 jours ouvrables. Nous mettrons \u00e0 jour les informations logistiques pour vous en temps r\u00e9el.<\/p>","protected":false},"excerpt":{"rendered":"<ul>\n<li>Prix de gros Aivono Vape Aim Magic 20K Bouff\u00e9es Vape Jetable Premium<\/li>\n<li>Aivono Aim Magic 20000 Bouff\u00e9es Vape Jetable avec Modes Doubles<\/li>\n<li>Aivono Aim Magic 20K Bouff\u00e9es Pod de Vape pour un Vapotage Prolong\u00e9<\/li>\n<\/ul>\n<p>Veuillez contacter le WhatsApp de Mandy pour un prix r\u00e9duit<a href=\"https:\/\/wa.me\/8618077105796\">+8618077105796<\/a><\/p>\n<p><img decoding=\"async\" class=\"alignnone wp-image-2151\" src=\"http:\/\/vapebulkp.com\/wp-content\/uploads\/2024\/04\/Mandy-WhatsApp-Randm.jpg\" alt=\"WhatsApp Mandy Randm\" width=\"297\" height=\"316\" srcset=\"https:\/\/vapebulkp.com\/wp-content\/uploads\/2024\/04\/Mandy-WhatsApp-Randm.jpg 916w, https:\/\/vapebulkp.com\/wp-content\/uploads\/2024\/04\/Mandy-WhatsApp-Randm-282x300.jpg 282w, https:\/\/vapebulkp.com\/wp-content\/uploads\/2024\/04\/Mandy-WhatsApp-Randm-768x817.jpg 768w, https:\/\/vapebulkp.com\/wp-content\/uploads\/2024\/04\/Mandy-WhatsApp-Randm-600x638.jpg 600w\" sizes=\"(max-width: 297px) 100vw, 297px\" \/><\/p>\n<p><span style=\"color: #ff0000\">REMARQUE : Les prix sur notre site web n'incluent pas les frais de port<\/span><\/p>\n<p>&nbsp;<\/p>","protected":false},"featured_media":3400,"comment_status":"open","ping_status":"closed","template":"","meta":{"_uag_custom_page_level_css":"","_lmt_disableupdate":"no","_lmt_disable":"","site-sidebar-layout":"default","site-content-layout":"content-boxed-container","ast-site-content-layout":"normal-width-container","site-content-style":"boxed","site-sidebar-style":"unboxed","ast-global-header-display":"","ast-banner-title-visibility":"","ast-main-header-display":"","ast-hfb-above-header-display":"","ast-hfb-below-header-display":"","ast-hfb-mobile-header-display":"","site-post-title":"","ast-breadcrumbs-content":"","ast-featured-img":"","footer-sml-layout":"","theme-transparent-header-meta":"default","adv-header-id-meta":"","stick-header-meta":"","header-above-stick-meta":"","header-main-stick-meta":"","header-below-stick-meta":"","astra-migrate-meta-layouts":"set","_joinchat":[]},"product_cat":[162,342,153,155,33,59,100,87,34,158,157,154,152,58,84,156],"product_tag":[204,36,37,41,40],"class_list":["post-3411","product","type-product","status-publish","has-post-thumbnail","hentry","product_cat-20000-puffs-disposable-vape","product_cat-aivono-vape","product_cat-hot-disposable-vapes","product_cat-belgium-hot-disposable-vapes","product_cat-france-vape-hot-sale","product_cat-germany-hot-disposable-vape","product_cat-germany-wholesale-vape-shop","product_cat-minimum-order-quantity-50pcs","product_cat-netherlands-vape-good-sale","product_cat-norway-hot-disposable-vapes","product_cat-poland-hot-disposable-vapes","product_cat-portugal-hot-disposable-vapes","product_cat-spain-hot-disposable-vapes","product_cat-sweden-hot-disposable-vape","product_cat-sweden-wholesale-vape","product_cat-switzerland-hot-disposable-vapes","product_tag-aivono-aim-magic-20000-puffs","product_tag-good-vape","product_tag-hot-sale-disposable-vape","product_tag-poland-hot-vape","product_tag-sweden-hot-vape","pa_brand-aivono-vape","desktop-align-left","tablet-align-left","mobile-align-left"],"yoast_head":"<!-- This site is optimized with the Yoast SEO plugin v21.1 - https:\/\/yoast.com\/wordpress\/plugins\/seo\/ -->\n<title>Aivono Aim Magic 20000 Puffs Disposable Vape Multiple Nicotine Options - vapebulkp.com<\/title>\n<meta name=\"description\" content=\"Wholesale Price Aivono Aim Magic 20000 Puffs Vape Device offers dual modes, 26ml e-liquid, rechargeable battery, customizable design.\" \/>\n<meta name=\"robots\" content=\"index, follow, max-snippet:-1, max-image-preview:large, max-video-preview:-1\" \/>\n<link rel=\"canonical\" href=\"https:\/\/vapebulkp.com\/fr\/product\/aivono-aim-magic-20000-puffs-disposable-vape-multiple-nicotine-options\/\" \/>\n<meta property=\"og:locale\" content=\"fr_FR\" \/>\n<meta property=\"og:type\" content=\"article\" \/>\n<meta property=\"og:title\" content=\"Aivono Aim Magic 20000 Puffs Disposable Vape Multiple Nicotine Options - vapebulkp.com\" \/>\n<meta property=\"og:description\" content=\"Wholesale Price Aivono Aim Magic 20000 Puffs Vape Device offers dual modes, 26ml e-liquid, rechargeable battery, customizable design.\" \/>\n<meta property=\"og:url\" content=\"https:\/\/vapebulkp.com\/fr\/product\/aivono-aim-magic-20000-puffs-disposable-vape-multiple-nicotine-options\/\" \/>\n<meta property=\"og:site_name\" content=\"vapebulkp.com\" \/>\n<meta property=\"article:modified_time\" content=\"2025-09-24T03:20:45+00:00\" \/>\n<meta property=\"og:image\" content=\"http:\/\/vapebulkp.com\/wp-content\/uploads\/2025\/01\/20000-Puffs-Aivono-Aim-Magic-Disposable-Vape-Bulk-Buy-with-Nicotine-Options.webp\" \/>\n\t<meta property=\"og:image:width\" content=\"800\" \/>\n\t<meta property=\"og:image:height\" content=\"800\" \/>\n\t<meta property=\"og:image:type\" content=\"image\/webp\" \/>\n<meta name=\"twitter:card\" content=\"summary_large_image\" \/>\n<meta name=\"twitter:label1\" content=\"Dur\u00e9e de lecture estim\u00e9e\" \/>\n\t<meta name=\"twitter:data1\" content=\"4 minutes\" \/>\n<script type=\"application\/ld+json\" class=\"yoast-schema-graph\">{\"@context\":\"https:\/\/schema.org\",\"@graph\":[{\"@type\":\"WebPage\",\"@id\":\"https:\/\/vapebulkp.com\/product\/aivono-aim-magic-20000-puffs-disposable-vape-multiple-nicotine-options\/\",\"url\":\"https:\/\/vapebulkp.com\/product\/aivono-aim-magic-20000-puffs-disposable-vape-multiple-nicotine-options\/\",\"name\":\"Aivono Aim Magic 20000 Puffs Disposable Vape Multiple Nicotine Options - vapebulkp.com\",\"isPartOf\":{\"@id\":\"https:\/\/vapebulkp.com\/#website\"},\"datePublished\":\"2025-01-26T08:38:11+00:00\",\"dateModified\":\"2025-09-24T03:20:45+00:00\",\"description\":\"Wholesale Price Aivono Aim Magic 20000 Puffs Vape Device offers dual modes, 26ml e-liquid, rechargeable battery, customizable design.\",\"breadcrumb\":{\"@id\":\"https:\/\/vapebulkp.com\/product\/aivono-aim-magic-20000-puffs-disposable-vape-multiple-nicotine-options\/#breadcrumb\"},\"inLanguage\":\"fr-FR\",\"potentialAction\":[{\"@type\":\"ReadAction\",\"target\":[\"https:\/\/vapebulkp.com\/product\/aivono-aim-magic-20000-puffs-disposable-vape-multiple-nicotine-options\/\"]}]},{\"@type\":\"BreadcrumbList\",\"@id\":\"https:\/\/vapebulkp.com\/product\/aivono-aim-magic-20000-puffs-disposable-vape-multiple-nicotine-options\/#breadcrumb\",\"itemListElement\":[{\"@type\":\"ListItem\",\"position\":1,\"name\":\"Home\",\"item\":\"https:\/\/vapebulkp.com\/\"},{\"@type\":\"ListItem\",\"position\":2,\"name\":\"Hot Trend Vapes\",\"item\":\"https:\/\/vapebulkp.com\/vape-shop\/\"},{\"@type\":\"ListItem\",\"position\":3,\"name\":\"Aivono Aim Magic 20000 Puffs Disposable Vape Multiple Nicotine Options\"}]},{\"@type\":\"WebSite\",\"@id\":\"https:\/\/vapebulkp.com\/#website\",\"url\":\"https:\/\/vapebulkp.com\/\",\"name\":\"vapebulkp.com\",\"description\":\"Buy Vape In Cheap Bulk Price Near you\",\"publisher\":{\"@id\":\"https:\/\/vapebulkp.com\/#organization\"},\"potentialAction\":[{\"@type\":\"SearchAction\",\"target\":{\"@type\":\"EntryPoint\",\"urlTemplate\":\"https:\/\/vapebulkp.com\/?s={search_term_string}\"},\"query-input\":\"required name=search_term_string\"}],\"inLanguage\":\"fr-FR\"},{\"@type\":\"Organization\",\"@id\":\"https:\/\/vapebulkp.com\/#organization\",\"name\":\"vapebulkp.com\",\"url\":\"https:\/\/vapebulkp.com\/\",\"logo\":{\"@type\":\"ImageObject\",\"inLanguage\":\"fr-FR\",\"@id\":\"https:\/\/vapebulkp.com\/#\/schema\/logo\/image\/\",\"url\":\"https:\/\/vapebulkp.com\/wp-content\/uploads\/2023\/09\/cropped-vapebulkp.png\",\"contentUrl\":\"https:\/\/vapebulkp.com\/wp-content\/uploads\/2023\/09\/cropped-vapebulkp.png\",\"width\":516,\"height\":163,\"caption\":\"vapebulkp.com\"},\"image\":{\"@id\":\"https:\/\/vapebulkp.com\/#\/schema\/logo\/image\/\"}}]}<\/script>\n<!-- \/ Yoast SEO plugin. -->","yoast_head_json":{"title":"Aivono Aim Magic 20000 Puffs Disposable Vape Multiple Nicotine Options - vapebulkp.com","description":"Wholesale Price Aivono Aim Magic 20000 Puffs Vape Device offers dual modes, 26ml e-liquid, rechargeable battery, customizable design.","robots":{"index":"index","follow":"follow","max-snippet":"max-snippet:-1","max-image-preview":"max-image-preview:large","max-video-preview":"max-video-preview:-1"},"canonical":"https:\/\/vapebulkp.com\/fr\/product\/aivono-aim-magic-20000-puffs-disposable-vape-multiple-nicotine-options\/","og_locale":"fr_FR","og_type":"article","og_title":"Aivono Aim Magic 20000 Puffs Disposable Vape Multiple Nicotine Options - vapebulkp.com","og_description":"Wholesale Price Aivono Aim Magic 20000 Puffs Vape Device offers dual modes, 26ml e-liquid, rechargeable battery, customizable design.","og_url":"https:\/\/vapebulkp.com\/fr\/product\/aivono-aim-magic-20000-puffs-disposable-vape-multiple-nicotine-options\/","og_site_name":"vapebulkp.com","article_modified_time":"2025-09-24T03:20:45+00:00","og_image":[{"width":800,"height":800,"url":"http:\/\/vapebulkp.com\/wp-content\/uploads\/2025\/01\/20000-Puffs-Aivono-Aim-Magic-Disposable-Vape-Bulk-Buy-with-Nicotine-Options.webp","type":"image\/webp"}],"twitter_card":"summary_large_image","twitter_misc":{"Dur\u00e9e de lecture estim\u00e9e":"4 minutes"},"schema":{"@context":"https:\/\/schema.org","@graph":[{"@type":"WebPage","@id":"https:\/\/vapebulkp.com\/product\/aivono-aim-magic-20000-puffs-disposable-vape-multiple-nicotine-options\/","url":"https:\/\/vapebulkp.com\/product\/aivono-aim-magic-20000-puffs-disposable-vape-multiple-nicotine-options\/","name":"Aivono Aim Magic 20000 Puffs Disposable Vape Multiple Nicotine Options - vapebulkp.com","isPartOf":{"@id":"https:\/\/vapebulkp.com\/#website"},"datePublished":"2025-01-26T08:38:11+00:00","dateModified":"2025-09-24T03:20:45+00:00","description":"Wholesale Price Aivono Aim Magic 20000 Puffs Vape Device offers dual modes, 26ml e-liquid, rechargeable battery, customizable design.","breadcrumb":{"@id":"https:\/\/vapebulkp.com\/product\/aivono-aim-magic-20000-puffs-disposable-vape-multiple-nicotine-options\/#breadcrumb"},"inLanguage":"fr-FR","potentialAction":[{"@type":"ReadAction","target":["https:\/\/vapebulkp.com\/product\/aivono-aim-magic-20000-puffs-disposable-vape-multiple-nicotine-options\/"]}]},{"@type":"BreadcrumbList","@id":"https:\/\/vapebulkp.com\/product\/aivono-aim-magic-20000-puffs-disposable-vape-multiple-nicotine-options\/#breadcrumb","itemListElement":[{"@type":"ListItem","position":1,"name":"Home","item":"https:\/\/vapebulkp.com\/"},{"@type":"ListItem","position":2,"name":"Hot Trend Vapes","item":"https:\/\/vapebulkp.com\/vape-shop\/"},{"@type":"ListItem","position":3,"name":"Aivono Aim Magic 20000 Puffs Disposable Vape Multiple Nicotine Options"}]},{"@type":"WebSite","@id":"https:\/\/vapebulkp.com\/#website","url":"https:\/\/vapebulkp.com\/","name":"vapebulkp.com","description":"Buy Vape In Cheap Bulk Price Near you","publisher":{"@id":"https:\/\/vapebulkp.com\/#organization"},"potentialAction":[{"@type":"SearchAction","target":{"@type":"EntryPoint","urlTemplate":"https:\/\/vapebulkp.com\/?s={search_term_string}"},"query-input":"required name=search_term_string"}],"inLanguage":"fr-FR"},{"@type":"Organization","@id":"https:\/\/vapebulkp.com\/#organization","name":"vapebulkp.com","url":"https:\/\/vapebulkp.com\/","logo":{"@type":"ImageObject","inLanguage":"fr-FR","@id":"https:\/\/vapebulkp.com\/#\/schema\/logo\/image\/","url":"https:\/\/vapebulkp.com\/wp-content\/uploads\/2023\/09\/cropped-vapebulkp.png","contentUrl":"https:\/\/vapebulkp.com\/wp-content\/uploads\/2023\/09\/cropped-vapebulkp.png","width":516,"height":163,"caption":"vapebulkp.com"},"image":{"@id":"https:\/\/vapebulkp.com\/#\/schema\/logo\/image\/"}}]}},"uagb_featured_image_src":{"full":["https:\/\/vapebulkp.com\/wp-content\/uploads\/2025\/01\/20000-Puffs-Aivono-Aim-Magic-Disposable-Vape-Bulk-Buy-with-Nicotine-Options.webp",800,800,false],"thumbnail":["https:\/\/vapebulkp.com\/wp-content\/uploads\/2025\/01\/20000-Puffs-Aivono-Aim-Magic-Disposable-Vape-Bulk-Buy-with-Nicotine-Options-150x150.webp",150,150,true],"medium":["https:\/\/vapebulkp.com\/wp-content\/uploads\/2025\/01\/20000-Puffs-Aivono-Aim-Magic-Disposable-Vape-Bulk-Buy-with-Nicotine-Options-300x300.webp",300,300,true],"medium_large":["https:\/\/vapebulkp.com\/wp-content\/uploads\/2025\/01\/20000-Puffs-Aivono-Aim-Magic-Disposable-Vape-Bulk-Buy-with-Nicotine-Options-768x768.webp",768,768,true],"large":["https:\/\/vapebulkp.com\/wp-content\/uploads\/2025\/01\/20000-Puffs-Aivono-Aim-Magic-Disposable-Vape-Bulk-Buy-with-Nicotine-Options.webp",800,800,false],"1536x1536":["https:\/\/vapebulkp.com\/wp-content\/uploads\/2025\/01\/20000-Puffs-Aivono-Aim-Magic-Disposable-Vape-Bulk-Buy-with-Nicotine-Options.webp",800,800,false],"2048x2048":["https:\/\/vapebulkp.com\/wp-content\/uploads\/2025\/01\/20000-Puffs-Aivono-Aim-Magic-Disposable-Vape-Bulk-Buy-with-Nicotine-Options.webp",800,800,false],"trp-custom-language-flag":["https:\/\/vapebulkp.com\/wp-content\/uploads\/2025\/01\/20000-Puffs-Aivono-Aim-Magic-Disposable-Vape-Bulk-Buy-with-Nicotine-Options.webp",12,12,false],"woocommerce_thumbnail":["https:\/\/vapebulkp.com\/wp-content\/uploads\/2025\/01\/20000-Puffs-Aivono-Aim-Magic-Disposable-Vape-Bulk-Buy-with-Nicotine-Options-300x300.webp",300,300,true],"woocommerce_single":["https:\/\/vapebulkp.com\/wp-content\/uploads\/2025\/01\/20000-Puffs-Aivono-Aim-Magic-Disposable-Vape-Bulk-Buy-with-Nicotine-Options-600x600.webp",600,600,true],"woocommerce_gallery_thumbnail":["https:\/\/vapebulkp.com\/wp-content\/uploads\/2025\/01\/20000-Puffs-Aivono-Aim-Magic-Disposable-Vape-Bulk-Buy-with-Nicotine-Options-100x100.webp",100,100,true],"wcpr-photo-reviews":["https:\/\/vapebulkp.com\/wp-content\/uploads\/2025\/01\/20000-Puffs-Aivono-Aim-Magic-Disposable-Vape-Bulk-Buy-with-Nicotine-Options.webp",500,500,false]},"uagb_author_info":{"display_name":"Mandy vape bulk price","author_link":"https:\/\/vapebulkp.com\/fr\/author\/"},"uagb_comment_info":0,"uagb_excerpt":"Wholesale Price Aivono Vape Aim Magic 20K Puffs Premium Disposable Vape Aivono Aim Magic 20000 Puffs Disposable Vape with Dual Modes Aivono Aim Magic 20K Puffs Vape Pod for Extended Vaping Pls Contact Mandy's WhatsApp For Discount Price+8618077105796 NOTE: Prices on our website does not include shipping costs &nbsp;","_links":{"self":[{"href":"https:\/\/vapebulkp.com\/fr\/wp-json\/wp\/v2\/product\/3411","targetHints":{"allow":["GET"]}}],"collection":[{"href":"https:\/\/vapebulkp.com\/fr\/wp-json\/wp\/v2\/product"}],"about":[{"href":"https:\/\/vapebulkp.com\/fr\/wp-json\/wp\/v2\/types\/product"}],"replies":[{"embeddable":true,"href":"https:\/\/vapebulkp.com\/fr\/wp-json\/wp\/v2\/comments?post=3411"}],"wp:featuredmedia":[{"embeddable":true,"href":"https:\/\/vapebulkp.com\/fr\/wp-json\/wp\/v2\/media\/3400"}],"wp:attachment":[{"href":"https:\/\/vapebulkp.com\/fr\/wp-json\/wp\/v2\/media?parent=3411"}],"wp:term":[{"taxonomy":"product_cat","embeddable":true,"href":"https:\/\/vapebulkp.com\/fr\/wp-json\/wp\/v2\/product_cat?post=3411"},{"taxonomy":"product_tag","embeddable":true,"href":"https:\/\/vapebulkp.com\/fr\/wp-json\/wp\/v2\/product_tag?post=3411"}],"curies":[{"name":"wp","href":"https:\/\/api.w.org\/{rel}","templated":true}]}}