{"id":3446,"date":"2025-02-11T09:18:23","date_gmt":"2025-02-11T08:18:23","guid":{"rendered":"https:\/\/vapebulkp.com\/?post_type=product&#038;p=3446"},"modified":"2025-09-24T05:28:02","modified_gmt":"2025-09-24T03:28:02","slug":"bang-refillable-40000-puffs-long-lasting-vape-adjustable-airflow","status":"publish","type":"product","link":"https:\/\/vapebulkp.com\/fr\/product\/bang-refillable-40000-puffs-long-lasting-vape-adjustable-airflow\/","title":{"rendered":"Vape rechargeable Bang 40000 bouff\u00e9es longue dur\u00e9e Flux d'air r\u00e9glable"},"content":{"rendered":"<h2 style=\"text-align: left\">Vape rechargeable Bang 40000 bouff\u00e9es longue dur\u00e9e Flux d'air r\u00e9glable<\/h2>\n<p data-start=\"292\" data-end=\"596\">Le <strong data-start=\"296\" data-end=\"332\">Coup de poing <a href=\"https:\/\/vapebulkp.com\/fr\/product-category\/40000-puffs-disposable-vape\/\">Vape jetable 40000 bouff\u00e9es<\/a><\/strong> est con\u00e7u pour les vapoteurs en Europe qui recherchent puissance, style et performances durables. Offrant jusqu'\u00e0 40 000 bouff\u00e9es, ce <strong data-start=\"450\" data-end=\"482\">vape jetable rechargeable<\/strong> est con\u00e7u avec des mat\u00e9riaux de premi\u00e8re qualit\u00e9 et une technologie avanc\u00e9e pour offrir une saveur constante du d\u00e9but \u00e0 la fin.<\/p>\n<p data-start=\"598\" data-end=\"928\">Con\u00e7u comme un <strong data-start=\"612\" data-end=\"638\">appareil de vapotage rechargeable<\/strong> avec un r\u00e9servoir de 10 ml et une bouteille d'e-liquide incluse, il \u00e9limine le besoin de remplacements constants, ce qui le rend pratique et \u00e9conomique pour une utilisation quotidienne. Le syst\u00e8me int\u00e9gr\u00e9 <strong data-start=\"810\" data-end=\"828\">vape \u00e0 coil mesh<\/strong> am\u00e9liore la densit\u00e9 de la vapeur et l'intensit\u00e9 de la saveur, garantissant que chaque bouff\u00e9e est douce et satisfaisante.<\/p>\n<p data-start=\"930\" data-end=\"1276\">An <strong data-start=\"933\" data-end=\"960\">la fonction de<\/strong> vapeur \u00e0 flux d'air r\u00e9glable<\/p>\n<p data-start=\"1278\" data-end=\"1579\">permet aux utilisateurs de personnaliser chaque tirage, du serr\u00e9 et fort au l\u00e9ger et a\u00e9r\u00e9. Aliment\u00e9 par une batterie de 650 mAh avec chargement rapide de type C, cet appareil garantit la fiabilit\u00e9 des vapoteurs occasionnels et r\u00e9guliers. Pour plus de s\u00e9curit\u00e9, un syst\u00e8me de verrouillage enfant est int\u00e9gr\u00e9, offrant une tranquillit\u00e9 d'esprit sans compromettre le design. <strong data-start=\"1302\" data-end=\"1324\">vapeur de sel de nicotine<\/strong> Disponible avec plusieurs <strong data-start=\"1340\" data-end=\"1376\">concentrations, la<\/strong> Bang 40000 Puff Meilleure Vape <strong data-start=\"1509\" data-end=\"1530\">r\u00e9pond \u00e0 diff\u00e9rentes pr\u00e9f\u00e9rences et constitue une excellente option pour les acheteurs en gros. Avec une livraison rapide dans toute l'Europe, c'est un choix de premier ordre pour les<\/strong> march\u00e9s de gros de vape en UE<\/p>\n<h6>Veuillez contacter le WhatsApp de Mandy pour un prix r\u00e9duit<a href=\"https:\/\/wa.me\/8618077105796\">+8618077105796<\/a><\/h6>\n<p><img decoding=\"async\" class=\"alignnone wp-image-2151\" src=\"http:\/\/vapebulkp.com\/wp-content\/uploads\/2024\/04\/Mandy-WhatsApp-Randm.jpg\" alt=\"WhatsApp Mandy Randm\" width=\"324\" height=\"330\" \/><\/p>\n<div class=\"flex max-w-full flex-col flex-grow\">\n<div class=\"min-h-8 text-message flex w-full flex-col items-end gap-2 whitespace-normal break-words text-start [.text-message+&amp;]:mt-5\" dir=\"auto\" data-message-author-role=\"assistant\" data-message-id=\"d24cf626-c018-4805-80f5-44de047f2ba0\" data-message-model-slug=\"gpt-4o\">\n<div class=\"flex w-full flex-col gap-1 empty:hidden first:pt-[3px]\">\n<div class=\"markdown prose w-full break-words dark:prose-invert light\">\n<h2><strong>\u00e0 la recherche de produits haut de gamme \u00e0 forte demande. <\/strong>Vape Bang 40K Rechargeable <strong>sur Vapebulkp.com ?<\/strong><\/h2>\n<ul>\n<li data-start=\"73\" data-end=\"185\"><strong data-start=\"76\" data-end=\"108\">Capacit\u00e9 massive de 40 000 bouff\u00e9es<\/strong> \u2013 Profitez de longues sessions de vapotage sans recharges ou remplacements fr\u00e9quents.<\/li>\n<li data-start=\"186\" data-end=\"289\"><strong data-start=\"189\" data-end=\"236\">Conception rechargeable avec une bouteille d'e-liquide de 10 ml<\/strong> \u2013 Personnalisez votre vape avec vos saveurs pr\u00e9f\u00e9r\u00e9es.<\/li>\n<li data-start=\"290\" data-end=\"388\"><strong data-start=\"293\" data-end=\"324\">Batterie Rechargeable 650mAh<\/strong> \u2013 Assure des performances durables avec une charge rapide de Type-C.<\/li>\n<li data-start=\"389\" data-end=\"471\"><strong data-start=\"392\" data-end=\"421\">Technologie de r\u00e9sistance Mesh 1.0\u03a9<\/strong> \u2013 D\u00e9livre une saveur riche, douce et constante.<\/li>\n<li data-start=\"472\" data-end=\"568\"><strong data-start=\"475\" data-end=\"510\">Flux d'air r\u00e9glable<\/strong> \u2013 Contr\u00f4lez votre exp\u00e9rience de vapotage tout en assurant la s\u00e9curit\u00e9.<\/li>\n<li data-start=\"569\" data-end=\"669\"><strong data-start=\"572\" data-end=\"595\">Prix comp\u00e9titifs<\/strong> \u2013 Obtenez les meilleures offres sur Vapebulkp.com avec des options de vente en gros disponibles.<\/li>\n<li data-start=\"670\" data-end=\"764\"><strong data-start=\"673\" data-end=\"708\">Exp\u00e9dition fiable dans toute l'Europe<\/strong> \u2013 Livraison rapide et s\u00e9curis\u00e9e pour des achats sans tracas.<\/li>\n<\/ul>\n<h3 data-start=\"0\" data-end=\"40\"><strong data-start=\"0\" data-end=\"38\">Sp\u00e9cifications du Vape Bang Rechargeable 40K en promotion<\/strong><\/h3>\n<ul data-start=\"42\" data-end=\"431\" data-is-last-node=\"\">\n<li data-start=\"42\" data-end=\"80\"><strong data-start=\"44\" data-end=\"59\">Nombre de bouff\u00e9es :<\/strong> Jusqu'\u00e0 40 000 bouff\u00e9es<\/li>\n<li data-start=\"81\" data-end=\"157\"><strong data-start=\"83\" data-end=\"103\">Approvisionnement en e-liquide :<\/strong> Pod rechargeable de 10 ml (inclut une bouteille suppl\u00e9mentaire)<\/li>\n<li data-start=\"158\" data-end=\"201\"><strong data-start=\"160\" data-end=\"178\">Puissance de la batterie :<\/strong> 650 mAh (mod\u00e8le 16350)<\/li>\n<li data-start=\"202\" data-end=\"270\"><strong data-start=\"204\" data-end=\"223\">Structure de la r\u00e9sistance :<\/strong> R\u00e9sistance mesh de 1,0\u03a9 pour une restitution optimis\u00e9e des saveurs<\/li>\n<li data-start=\"271\" data-end=\"348\"><strong data-start=\"273\" data-end=\"293\">M\u00e9thode de chargement :<\/strong> Charge rapide Type-C pour une recharge efficace<\/li>\n<li data-start=\"349\" data-end=\"431\" data-is-last-node=\"\"><strong data-start=\"351\" data-end=\"373\">Fonctionnalit\u00e9s am\u00e9lior\u00e9es :<\/strong> Contr\u00f4le du d\u00e9bit d'air r\u00e9glable et verrouillage de s\u00e9curit\u00e9 enfant int\u00e9gr\u00e9<\/li>\n<\/ul>\n<h3>\u00a0<strong>Vapes rechargeables Bang 40000 bouff\u00e9es <\/strong>Liste des saveurs<\/h3>\n<\/div>\n<\/div>\n<\/div>\n<\/div>\n<p>1. Glace past\u00e8que<br \/>\n2.fraise mangue<br \/>\n3.fraise past\u00e8que<br \/>\n4.raisin glac\u00e9<br \/>\n5.p\u00eache mangue past\u00e8que<br \/>\n6.myrtille framboise<br \/>\n7.myrtille glac\u00e9e<br \/>\n8.fraise banane<br \/>\n9.myrtille past\u00e8que<br \/>\n10. taureau rouge<br \/>\n11.fraise kiwi<\/p>\n<p><a href=\"https:\/\/vapebulkp.com\/fr\/product\/bang-28000-puffs-disposable-vape-pen-with-adjustable-ice-level\/\"><span style=\"vertical-align: inherit\">Bang Vape 28000 Bouff\u00e9es <\/span><\/a><\/p>\n<p><span style=\"vertical-align: inherit\">Trouvez plus de produits qui pourraient vous plaire\uff1a<\/span><em><a href=\"https:\/\/wa.me\/8618077105796\"><span style=\"vertical-align: inherit\">\u00a0Achetez-le maintenant<\/span><\/a><\/em><\/p>\n<p><span style=\"vertical-align: inherit\">Autres Puffs que vous pourriez aimer\uff1a<\/span><a href=\"https:\/\/vapebulkp.com\/fr\/product\/waspe-crystal-vape-40000-puffs-disposable-e-cigarette-dual-flavors-wholesale-price\/\"><span style=\"vertical-align: inherit\">WASPE Crystal 40000 Bouff\u00e9es<\/span><\/a><span style=\"vertical-align: inherit\">\u3001<\/span><a href=\"https:\/\/vapebulkp.com\/fr\/product\/razz-bar-25000-puffs-wholesale-price-vape-eu-warehouse\/\"><span style=\"vertical-align: inherit\">RAZZBAR 25000 Bouff\u00e9es<\/span><\/a><span style=\"vertical-align: inherit\">\/ <\/span><a href=\"https:\/\/vapebulkp.com\/fr\/product\/2025-new-vape-ai-22000-puffs-elfworld-disposable-vape-digital-display-vape\/\"><span style=\"vertical-align: inherit\">ELFWORLD AI 22000 Bouff\u00e9es<\/span><\/a><span style=\"vertical-align: inherit\">\/ <\/span><a href=\"https:\/\/vapebulkp.com\/fr\/product\/uwin-tornado-music-35k-puffs-vape-wholesale-nicotine-free\/\"><span style=\"vertical-align: inherit\">UWIN Tornado Music 35000 Bouff\u00e9es<\/span><\/a><\/p>\n<h4><\/h4>\n<h4>FAQ pour les Vapes Pod Bang 40000 Bouff\u00e9es :<\/h4>\n<div class=\"flex max-w-full flex-col flex-grow\">\n<div class=\"min-h-8 text-message flex w-full flex-col items-end gap-2 whitespace-normal break-words text-start [.text-message+&amp;]:mt-5\" dir=\"auto\" data-message-author-role=\"assistant\" data-message-id=\"67b557fa-6250-453f-85c1-f724d371f19e\" data-message-model-slug=\"gpt-4o-mini\">\n<div class=\"flex w-full flex-col gap-1 empty:hidden first:pt-[3px]\">\n<div class=\"markdown prose w-full break-words dark:prose-invert light\">\n<p data-start=\"50\" data-end=\"115\">1. <strong data-start=\"57\" data-end=\"113\">Combien de bouff\u00e9es la vape Bang Rechargeable 40k bouff\u00e9es offre-t-elle ?<\/strong><\/p>\n<p data-start=\"116\" data-end=\"226\">La Bang Rechargeable 40K offre jusqu'\u00e0 <strong data-start=\"153\" data-end=\"169\">40 000 bouff\u00e9es<\/strong>, garantissant une utilisation prolong\u00e9e gr\u00e2ce \u00e0 sa conception rechargeable.<\/p>\n<p data-start=\"228\" data-end=\"286\">2. <strong data-start=\"235\" data-end=\"284\">Quelle est la capacit\u00e9 de e-liquide de la bangvape 40000 bouff\u00e9es ?<\/strong><\/p>\n<p data-start=\"287\" data-end=\"377\">Elle est livr\u00e9e avec une <strong data-start=\"303\" data-end=\"326\">pod rechargeable de 10 ml<\/strong> et comprend une bouteille suppl\u00e9mentaire pour un remplissage facile.<\/p>\n<p data-start=\"1074\" data-end=\"1128\">3. <strong data-start=\"1081\" data-end=\"1126\">Puis-je utiliser n'importe quel e-liquide avec le vape Bang 40K Puffs en promotion ?<\/strong><\/p>\n<p data-start=\"1129\" data-end=\"1220\">Oui, vous pouvez remplir la cartouche avec <strong data-start=\"1160\" data-end=\"1187\">votre e-liquide pr\u00e9f\u00e9r\u00e9<\/strong>, ce qui en fait un choix polyvalent.<\/p>\n<p data-start=\"1222\" data-end=\"1273\">4. <strong data-start=\"1229\" data-end=\"1271\">\u00c0 quelle fr\u00e9quence dois-je remplir la cartouche du vape Bang 40000 Puffs ?<\/strong><\/p>\n<p data-start=\"1274\" data-end=\"1383\">Le remplissage d\u00e9pend de votre utilisation, mais la <strong data-start=\"1315\" data-end=\"1356\">cartouche de 10 ml offre une vape durable<\/strong> avant de n\u00e9cessiter un remplissage.<\/p>\n<\/div>\n<\/div>\n<\/div>\n<\/div>\n<h4>D\u00e9tails d'exp\u00e9dition :<\/h4>\n<p><span style=\"color: #ff6600\">D\u00e9lai de production : 5-10 jours ouvrables<\/span><br \/>\n<span style=\"color: #ff6600\">D\u00e9lai de livraison : 8-14 jours ouvrables<\/span><\/p>\n<p>Tous les produits de notre boutique sont 100% originaux et authentiques, c'est pourquoi nous avons pour politique de rembourser dix fois le prix des produits contrefaits. Nous utilisons des canaux logistiques tels que UPS\/DHL\/FEDEX\/DPD pour vous livrer les marchandises.<\/p>\n<p>Pour les colis exp\u00e9di\u00e9s en France, il faut g\u00e9n\u00e9ralement 10 jours ouvrables pour qu'ils arrivent. L'exp\u00e9dition vers les pays europ\u00e9ens prend g\u00e9n\u00e9ralement de 12 \u00e0 15 jours ouvrables. Nous mettrons \u00e0 jour les informations logistiques pour vous en temps r\u00e9el.<\/p>","protected":false},"excerpt":{"rendered":"<div class=\"flex-shrink-0 flex flex-col relative items-end\">\n<div class=\"pt-0\">\n<div class=\"gizmo-bot-avatar flex h-8 w-8 items-center justify-center overflow-hidden rounded-full\">\n<div class=\"relative p-1 rounded-sm flex items-center justify-center bg-token-main-surface-primary text-token-text-primary h-8 w-8\">\n<ul>\n<li data-start=\"87\" data-end=\"175\"><strong data-start=\"90\" data-end=\"173\">Vape rechargeable Bang 40K \u2013 Batterie haute capacit\u00e9<\/strong><\/li>\n<li data-start=\"176\" data-end=\"270\"><strong data-start=\"179\" data-end=\"268\">Bang Refillable 40K : Vape avanc\u00e9e de 40 000 bouff\u00e9es avec fonctions de s\u00e9curit\u00e9<\/strong><\/li>\n<li data-start=\"271\" data-end=\"354\" data-is-last-node=\"\"><strong data-start=\"274\" data-end=\"352\">Vape Bang 40K \u2013 Conception rechargeable, capacit\u00e9 de 10 ml d'e-liquide<\/strong><\/li>\n<\/ul>\n<\/div>\n<\/div>\n<\/div>\n<\/div>\n<p>Veuillez contacter le WhatsApp de Mandy pour un prix r\u00e9duit<a href=\"https:\/\/wa.me\/8618077105796\">+8618077105796<\/a><\/p>\n<p><img decoding=\"async\" class=\"alignnone wp-image-2151\" src=\"http:\/\/vapebulkp.com\/wp-content\/uploads\/2024\/04\/Mandy-WhatsApp-Randm.jpg\" alt=\"WhatsApp Mandy Randm\" width=\"297\" height=\"316\" srcset=\"https:\/\/vapebulkp.com\/wp-content\/uploads\/2024\/04\/Mandy-WhatsApp-Randm.jpg 916w, https:\/\/vapebulkp.com\/wp-content\/uploads\/2024\/04\/Mandy-WhatsApp-Randm-282x300.jpg 282w, https:\/\/vapebulkp.com\/wp-content\/uploads\/2024\/04\/Mandy-WhatsApp-Randm-768x817.jpg 768w, https:\/\/vapebulkp.com\/wp-content\/uploads\/2024\/04\/Mandy-WhatsApp-Randm-600x638.jpg 600w\" sizes=\"(max-width: 297px) 100vw, 297px\" \/><\/p>\n<p><span style=\"color: #ff0000\">REMARQUE : Les prix sur notre site web n'incluent pas les frais de port<\/span><\/p>\n<p>&nbsp;<\/p>","protected":false},"featured_media":3447,"comment_status":"open","ping_status":"closed","template":"","meta":{"_uag_custom_page_level_css":"","_lmt_disableupdate":"no","_lmt_disable":"","site-sidebar-layout":"default","site-content-layout":"content-boxed-container","ast-site-content-layout":"normal-width-container","site-content-style":"boxed","site-sidebar-style":"unboxed","ast-global-header-display":"","ast-banner-title-visibility":"","ast-main-header-display":"","ast-hfb-above-header-display":"","ast-hfb-below-header-display":"","ast-hfb-mobile-header-display":"","site-post-title":"","ast-breadcrumbs-content":"","ast-featured-img":"","footer-sml-layout":"","theme-transparent-header-meta":"default","adv-header-id-meta":"","stick-header-meta":"","header-above-stick-meta":"","header-main-stick-meta":"","header-below-stick-meta":"","astra-migrate-meta-layouts":"set","_joinchat":[]},"product_cat":[182,153,345,155,33,59,100,87,34,158,157,154,152,58,84,156,63,32],"product_tag":[209,36,37,41,40],"class_list":["post-3446","product","type-product","status-publish","has-post-thumbnail","hentry","product_cat-40000-puffs-disposable-vape","product_cat-hot-disposable-vapes","product_cat-bang-vapes","product_cat-belgium-hot-disposable-vapes","product_cat-france-vape-hot-sale","product_cat-germany-hot-disposable-vape","product_cat-germany-wholesale-vape-shop","product_cat-minimum-order-quantity-50pcs","product_cat-netherlands-vape-good-sale","product_cat-norway-hot-disposable-vapes","product_cat-poland-hot-disposable-vapes","product_cat-portugal-hot-disposable-vapes","product_cat-spain-hot-disposable-vapes","product_cat-sweden-hot-disposable-vape","product_cat-sweden-wholesale-vape","product_cat-switzerland-hot-disposable-vapes","product_cat-top-sale-disposable-vape","product_cat-vape-hot-sale-this-week","product_tag-bang-refillable-40000-puffs","product_tag-good-vape","product_tag-hot-sale-disposable-vape","product_tag-poland-hot-vape","product_tag-sweden-hot-vape","pa_brand-bang-vape","desktop-align-left","tablet-align-left","mobile-align-left"],"yoast_head":"<!-- This site is optimized with the Yoast SEO plugin v21.1 - https:\/\/yoast.com\/wordpress\/plugins\/seo\/ -->\n<title>Bang Refillable 40000 Puffs Long-Lasting Vape Adjustable Airflow - vapebulkp.com<\/title>\n<meta name=\"description\" content=\"Bang Refillable 40000 Puffs Vape with adjustable airflow, 650mAh rechargeable battery. Enjoy smooth vapor with Type-C fast charging for uninterrupted use.\" \/>\n<meta name=\"robots\" content=\"index, follow, max-snippet:-1, max-image-preview:large, max-video-preview:-1\" \/>\n<link rel=\"canonical\" href=\"https:\/\/vapebulkp.com\/fr\/product\/bang-refillable-40000-puffs-long-lasting-vape-adjustable-airflow\/\" \/>\n<meta property=\"og:locale\" content=\"fr_FR\" \/>\n<meta property=\"og:type\" content=\"article\" \/>\n<meta property=\"og:title\" content=\"Bang Refillable 40000 Puffs Long-Lasting Vape Adjustable Airflow - vapebulkp.com\" \/>\n<meta property=\"og:description\" content=\"Bang Refillable 40000 Puffs Vape with adjustable airflow, 650mAh rechargeable battery. Enjoy smooth vapor with Type-C fast charging for uninterrupted use.\" \/>\n<meta property=\"og:url\" content=\"https:\/\/vapebulkp.com\/fr\/product\/bang-refillable-40000-puffs-long-lasting-vape-adjustable-airflow\/\" \/>\n<meta property=\"og:site_name\" content=\"vapebulkp.com\" \/>\n<meta property=\"article:modified_time\" content=\"2025-09-24T03:28:02+00:00\" \/>\n<meta property=\"og:image\" content=\"http:\/\/vapebulkp.com\/wp-content\/uploads\/2025\/02\/40000-Puffs-Vape-Bang-Wholesale-Price.webp\" \/>\n\t<meta property=\"og:image:width\" content=\"800\" \/>\n\t<meta property=\"og:image:height\" content=\"800\" \/>\n\t<meta property=\"og:image:type\" content=\"image\/webp\" \/>\n<meta name=\"twitter:card\" content=\"summary_large_image\" \/>\n<meta name=\"twitter:label1\" content=\"Dur\u00e9e de lecture estim\u00e9e\" \/>\n\t<meta name=\"twitter:data1\" content=\"3 minutes\" \/>\n<script type=\"application\/ld+json\" class=\"yoast-schema-graph\">{\"@context\":\"https:\/\/schema.org\",\"@graph\":[{\"@type\":\"WebPage\",\"@id\":\"https:\/\/vapebulkp.com\/product\/bang-refillable-40000-puffs-long-lasting-vape-adjustable-airflow\/\",\"url\":\"https:\/\/vapebulkp.com\/product\/bang-refillable-40000-puffs-long-lasting-vape-adjustable-airflow\/\",\"name\":\"Bang Refillable 40000 Puffs Long-Lasting Vape Adjustable Airflow - vapebulkp.com\",\"isPartOf\":{\"@id\":\"https:\/\/vapebulkp.com\/#website\"},\"datePublished\":\"2025-02-11T08:18:23+00:00\",\"dateModified\":\"2025-09-24T03:28:02+00:00\",\"description\":\"Bang Refillable 40000 Puffs Vape with adjustable airflow, 650mAh rechargeable battery. Enjoy smooth vapor with Type-C fast charging for uninterrupted use.\",\"breadcrumb\":{\"@id\":\"https:\/\/vapebulkp.com\/product\/bang-refillable-40000-puffs-long-lasting-vape-adjustable-airflow\/#breadcrumb\"},\"inLanguage\":\"fr-FR\",\"potentialAction\":[{\"@type\":\"ReadAction\",\"target\":[\"https:\/\/vapebulkp.com\/product\/bang-refillable-40000-puffs-long-lasting-vape-adjustable-airflow\/\"]}]},{\"@type\":\"BreadcrumbList\",\"@id\":\"https:\/\/vapebulkp.com\/product\/bang-refillable-40000-puffs-long-lasting-vape-adjustable-airflow\/#breadcrumb\",\"itemListElement\":[{\"@type\":\"ListItem\",\"position\":1,\"name\":\"Home\",\"item\":\"https:\/\/vapebulkp.com\/\"},{\"@type\":\"ListItem\",\"position\":2,\"name\":\"Hot Trend Vapes\",\"item\":\"https:\/\/vapebulkp.com\/vape-shop\/\"},{\"@type\":\"ListItem\",\"position\":3,\"name\":\"Bang Refillable 40000 Puffs Long-Lasting Vape Adjustable Airflow\"}]},{\"@type\":\"WebSite\",\"@id\":\"https:\/\/vapebulkp.com\/#website\",\"url\":\"https:\/\/vapebulkp.com\/\",\"name\":\"vapebulkp.com\",\"description\":\"Buy Vape In Cheap Bulk Price Near you\",\"publisher\":{\"@id\":\"https:\/\/vapebulkp.com\/#organization\"},\"potentialAction\":[{\"@type\":\"SearchAction\",\"target\":{\"@type\":\"EntryPoint\",\"urlTemplate\":\"https:\/\/vapebulkp.com\/?s={search_term_string}\"},\"query-input\":\"required name=search_term_string\"}],\"inLanguage\":\"fr-FR\"},{\"@type\":\"Organization\",\"@id\":\"https:\/\/vapebulkp.com\/#organization\",\"name\":\"vapebulkp.com\",\"url\":\"https:\/\/vapebulkp.com\/\",\"logo\":{\"@type\":\"ImageObject\",\"inLanguage\":\"fr-FR\",\"@id\":\"https:\/\/vapebulkp.com\/#\/schema\/logo\/image\/\",\"url\":\"https:\/\/vapebulkp.com\/wp-content\/uploads\/2023\/09\/cropped-vapebulkp.png\",\"contentUrl\":\"https:\/\/vapebulkp.com\/wp-content\/uploads\/2023\/09\/cropped-vapebulkp.png\",\"width\":516,\"height\":163,\"caption\":\"vapebulkp.com\"},\"image\":{\"@id\":\"https:\/\/vapebulkp.com\/#\/schema\/logo\/image\/\"}}]}<\/script>\n<!-- \/ Yoast SEO plugin. -->","yoast_head_json":{"title":"Bang Refillable 40000 Puffs Long-Lasting Vape Adjustable Airflow - vapebulkp.com","description":"Bang Refillable 40000 Puffs Vape with adjustable airflow, 650mAh rechargeable battery. Enjoy smooth vapor with Type-C fast charging for uninterrupted use.","robots":{"index":"index","follow":"follow","max-snippet":"max-snippet:-1","max-image-preview":"max-image-preview:large","max-video-preview":"max-video-preview:-1"},"canonical":"https:\/\/vapebulkp.com\/fr\/product\/bang-refillable-40000-puffs-long-lasting-vape-adjustable-airflow\/","og_locale":"fr_FR","og_type":"article","og_title":"Bang Refillable 40000 Puffs Long-Lasting Vape Adjustable Airflow - vapebulkp.com","og_description":"Bang Refillable 40000 Puffs Vape with adjustable airflow, 650mAh rechargeable battery. Enjoy smooth vapor with Type-C fast charging for uninterrupted use.","og_url":"https:\/\/vapebulkp.com\/fr\/product\/bang-refillable-40000-puffs-long-lasting-vape-adjustable-airflow\/","og_site_name":"vapebulkp.com","article_modified_time":"2025-09-24T03:28:02+00:00","og_image":[{"width":800,"height":800,"url":"http:\/\/vapebulkp.com\/wp-content\/uploads\/2025\/02\/40000-Puffs-Vape-Bang-Wholesale-Price.webp","type":"image\/webp"}],"twitter_card":"summary_large_image","twitter_misc":{"Dur\u00e9e de lecture estim\u00e9e":"3 minutes"},"schema":{"@context":"https:\/\/schema.org","@graph":[{"@type":"WebPage","@id":"https:\/\/vapebulkp.com\/product\/bang-refillable-40000-puffs-long-lasting-vape-adjustable-airflow\/","url":"https:\/\/vapebulkp.com\/product\/bang-refillable-40000-puffs-long-lasting-vape-adjustable-airflow\/","name":"Bang Refillable 40000 Puffs Long-Lasting Vape Adjustable Airflow - vapebulkp.com","isPartOf":{"@id":"https:\/\/vapebulkp.com\/#website"},"datePublished":"2025-02-11T08:18:23+00:00","dateModified":"2025-09-24T03:28:02+00:00","description":"Bang Refillable 40000 Puffs Vape with adjustable airflow, 650mAh rechargeable battery. Enjoy smooth vapor with Type-C fast charging for uninterrupted use.","breadcrumb":{"@id":"https:\/\/vapebulkp.com\/product\/bang-refillable-40000-puffs-long-lasting-vape-adjustable-airflow\/#breadcrumb"},"inLanguage":"fr-FR","potentialAction":[{"@type":"ReadAction","target":["https:\/\/vapebulkp.com\/product\/bang-refillable-40000-puffs-long-lasting-vape-adjustable-airflow\/"]}]},{"@type":"BreadcrumbList","@id":"https:\/\/vapebulkp.com\/product\/bang-refillable-40000-puffs-long-lasting-vape-adjustable-airflow\/#breadcrumb","itemListElement":[{"@type":"ListItem","position":1,"name":"Home","item":"https:\/\/vapebulkp.com\/"},{"@type":"ListItem","position":2,"name":"Hot Trend Vapes","item":"https:\/\/vapebulkp.com\/vape-shop\/"},{"@type":"ListItem","position":3,"name":"Bang Refillable 40000 Puffs Long-Lasting Vape Adjustable Airflow"}]},{"@type":"WebSite","@id":"https:\/\/vapebulkp.com\/#website","url":"https:\/\/vapebulkp.com\/","name":"vapebulkp.com","description":"Buy Vape In Cheap Bulk Price Near you","publisher":{"@id":"https:\/\/vapebulkp.com\/#organization"},"potentialAction":[{"@type":"SearchAction","target":{"@type":"EntryPoint","urlTemplate":"https:\/\/vapebulkp.com\/?s={search_term_string}"},"query-input":"required name=search_term_string"}],"inLanguage":"fr-FR"},{"@type":"Organization","@id":"https:\/\/vapebulkp.com\/#organization","name":"vapebulkp.com","url":"https:\/\/vapebulkp.com\/","logo":{"@type":"ImageObject","inLanguage":"fr-FR","@id":"https:\/\/vapebulkp.com\/#\/schema\/logo\/image\/","url":"https:\/\/vapebulkp.com\/wp-content\/uploads\/2023\/09\/cropped-vapebulkp.png","contentUrl":"https:\/\/vapebulkp.com\/wp-content\/uploads\/2023\/09\/cropped-vapebulkp.png","width":516,"height":163,"caption":"vapebulkp.com"},"image":{"@id":"https:\/\/vapebulkp.com\/#\/schema\/logo\/image\/"}}]}},"uagb_featured_image_src":{"full":["https:\/\/vapebulkp.com\/wp-content\/uploads\/2025\/02\/40000-Puffs-Vape-Bang-Wholesale-Price.webp",800,800,false],"thumbnail":["https:\/\/vapebulkp.com\/wp-content\/uploads\/2025\/02\/40000-Puffs-Vape-Bang-Wholesale-Price-150x150.webp",150,150,true],"medium":["https:\/\/vapebulkp.com\/wp-content\/uploads\/2025\/02\/40000-Puffs-Vape-Bang-Wholesale-Price-300x300.webp",300,300,true],"medium_large":["https:\/\/vapebulkp.com\/wp-content\/uploads\/2025\/02\/40000-Puffs-Vape-Bang-Wholesale-Price-768x768.webp",768,768,true],"large":["https:\/\/vapebulkp.com\/wp-content\/uploads\/2025\/02\/40000-Puffs-Vape-Bang-Wholesale-Price.webp",800,800,false],"1536x1536":["https:\/\/vapebulkp.com\/wp-content\/uploads\/2025\/02\/40000-Puffs-Vape-Bang-Wholesale-Price.webp",800,800,false],"2048x2048":["https:\/\/vapebulkp.com\/wp-content\/uploads\/2025\/02\/40000-Puffs-Vape-Bang-Wholesale-Price.webp",800,800,false],"trp-custom-language-flag":["https:\/\/vapebulkp.com\/wp-content\/uploads\/2025\/02\/40000-Puffs-Vape-Bang-Wholesale-Price.webp",12,12,false],"woocommerce_thumbnail":["https:\/\/vapebulkp.com\/wp-content\/uploads\/2025\/02\/40000-Puffs-Vape-Bang-Wholesale-Price-300x300.webp",300,300,true],"woocommerce_single":["https:\/\/vapebulkp.com\/wp-content\/uploads\/2025\/02\/40000-Puffs-Vape-Bang-Wholesale-Price-600x600.webp",600,600,true],"woocommerce_gallery_thumbnail":["https:\/\/vapebulkp.com\/wp-content\/uploads\/2025\/02\/40000-Puffs-Vape-Bang-Wholesale-Price-100x100.webp",100,100,true],"wcpr-photo-reviews":["https:\/\/vapebulkp.com\/wp-content\/uploads\/2025\/02\/40000-Puffs-Vape-Bang-Wholesale-Price.webp",500,500,false]},"uagb_author_info":{"display_name":"Mandy vape bulk price","author_link":"https:\/\/vapebulkp.com\/fr\/author\/"},"uagb_comment_info":0,"uagb_excerpt":"Bang 40K Refillable Vape \u2013 High-Capacity Battery &amp; Smooth Mesh Coil Performance Bang Refillable 40K: Advanced 40,000 Puff Vape with Safety Features &amp; Type-C Charging Bang 40K Vape \u2013 Refillable Design, 10ml E-Liquid Capacity &amp; 1.0\u03a9 Mesh Coil Pls Contact Mandy's WhatsApp For Discount Price+8618077105796 NOTE: Prices on our website does not include shipping costs\u2026","_links":{"self":[{"href":"https:\/\/vapebulkp.com\/fr\/wp-json\/wp\/v2\/product\/3446","targetHints":{"allow":["GET"]}}],"collection":[{"href":"https:\/\/vapebulkp.com\/fr\/wp-json\/wp\/v2\/product"}],"about":[{"href":"https:\/\/vapebulkp.com\/fr\/wp-json\/wp\/v2\/types\/product"}],"replies":[{"embeddable":true,"href":"https:\/\/vapebulkp.com\/fr\/wp-json\/wp\/v2\/comments?post=3446"}],"wp:featuredmedia":[{"embeddable":true,"href":"https:\/\/vapebulkp.com\/fr\/wp-json\/wp\/v2\/media\/3447"}],"wp:attachment":[{"href":"https:\/\/vapebulkp.com\/fr\/wp-json\/wp\/v2\/media?parent=3446"}],"wp:term":[{"taxonomy":"product_cat","embeddable":true,"href":"https:\/\/vapebulkp.com\/fr\/wp-json\/wp\/v2\/product_cat?post=3446"},{"taxonomy":"product_tag","embeddable":true,"href":"https:\/\/vapebulkp.com\/fr\/wp-json\/wp\/v2\/product_tag?post=3446"}],"curies":[{"name":"wp","href":"https:\/\/api.w.org\/{rel}","templated":true}]}}