{"id":3526,"date":"2025-03-04T10:06:46","date_gmt":"2025-03-04T09:06:46","guid":{"rendered":"https:\/\/vapebulkp.com\/?post_type=product&#038;p=3526"},"modified":"2025-09-24T05:12:01","modified_gmt":"2025-09-24T03:12:01","slug":"razz-bar-40000-puffs-wholesale-vape-factory-price-eu-warehouse-fast-shipping","status":"publish","type":"product","link":"https:\/\/vapebulkp.com\/fr\/product\/razz-bar-40000-puffs-wholesale-vape-factory-price-eu-warehouse-fast-shipping\/","title":{"rendered":"RAZZ BAR 40000 Bouff\u00e9es Vente en Gros Prix d'Usine Vape Exp\u00e9dition Rapide Entrep\u00f4t UE"},"content":{"rendered":"<h2 style=\"text-align: left\">RAZZ BAR 40000 Bouff\u00e9es Vente en Gros Prix d'Usine Vape Exp\u00e9dition Rapide Entrep\u00f4t UE<\/h2>\n<p>La Vape Jetable RAZZ BAR 40000 Bouff\u00e9es en Achat en Gros est une vape jetable rechargeable \u00e0 double saveur et haute capacit\u00e9, parfaite pour les acheteurs en gros europ\u00e9ens. Avec 40 000 bouff\u00e9es, une batterie de 650 mAh et une technologie de double r\u00e9servoir \u00e0 bobine mesh, elle offre une vapeur douce et durable. Profitez de 10 combinaisons uniques de double saveur pour varier \u00e0 chaque bouff\u00e9e. L'exp\u00e9dition rapide depuis l'entrep\u00f4t UE assure une livraison rapide pour la vente en gros de vapes shisha et les commandes en gros. Des prix d'usine comp\u00e9titifs maximisent les profits tout en maintenant la qualit\u00e9. Approvisionnez votre magasin avec la RAZZ BAR <a href=\"https:\/\/vapebulkp.com\/fr\/product-category\/40000-puffs-disposable-vape\/\">Vape jetable 40000 bouff\u00e9es<\/a>, une vape au sel de nicotine fiable pour les clients recherchant des performances et des saveurs \u00e0 haute capacit\u00e9.<\/p>\n<h6>Veuillez contacter le WhatsApp de Mandy pour un prix r\u00e9duit<a href=\"https:\/\/wa.me\/8618077105796\">+8618077105796<\/a><\/h6>\n<p><img decoding=\"async\" class=\"alignnone wp-image-2151\" src=\"http:\/\/vapebulkp.com\/wp-content\/uploads\/2024\/04\/Mandy-WhatsApp-Randm.jpg\" alt=\"WhatsApp Mandy Randm\" width=\"324\" height=\"330\" \/><\/p>\n<div class=\"flex max-w-full flex-col flex-grow\">\n<div class=\"min-h-8 text-message flex w-full flex-col items-end gap-2 whitespace-normal break-words text-start [.text-message+&amp;]:mt-5\" dir=\"auto\" data-message-author-role=\"assistant\" data-message-id=\"d24cf626-c018-4805-80f5-44de047f2ba0\" data-message-model-slug=\"gpt-4o\">\n<div class=\"flex w-full flex-col gap-1 empty:hidden first:pt-[3px]\">\n<div class=\"markdown prose w-full break-words dark:prose-invert light\">\n<h2>Pourquoi Choisir la Vape RAZZ BAR 40000 Bouff\u00e9es au Design Innovant <a href=\"https:\/\/vapebulkp.com\/fr\/vape-shop\/\">Vapebulkp.com<\/a>?<\/h2>\n<h4 data-start=\"61\" data-end=\"99\">\u2705 <strong data-start=\"68\" data-end=\"97\">Performances Haute Capacit\u00e9<\/strong><\/h4>\n<p data-start=\"100\" data-end=\"262\">Avec un impressionnant <strong data-start=\"119\" data-end=\"135\">40 000 bouff\u00e9es<\/strong>, la RAZZ BAR offre des sessions de vapotage prolong\u00e9es, ce qui en fait un choix parfait pour une utilisation \u00e0 long terme sans remplacements fr\u00e9quents.<\/p>\n<h4 data-start=\"264\" data-end=\"299\">\u2705 <strong data-start=\"271\" data-end=\"297\">Exp\u00e9rience Double Saveur<\/strong><\/h4>\n<p data-start=\"300\" data-end=\"459\">Profitez de <strong data-start=\"306\" data-end=\"339\">10 combinaisons de double saveur<\/strong>, permettant aux utilisateurs de passer d'une saveur \u00e0 l'autre dans un seul appareil pour une exp\u00e9rience de vapotage plus dynamique et satisfaisante.<\/p>\n<h4 data-start=\"461\" data-end=\"514\">\u2705 <strong data-start=\"468\" data-end=\"512\">Bobine Mesh Premium<\/strong><\/h4>\n<p data-start=\"515\" data-end=\"652\">\u00c9quip\u00e9e de la <strong data-start=\"529\" data-end=\"563\">technologie de double r\u00e9servoir \u00e0 bobine mesh<\/strong>, cette vape am\u00e9liore la production de vapeur et assure des saveurs douces et riches \u00e0 chaque bouff\u00e9e.<\/p>\n<h4 data-start=\"654\" data-end=\"695\">\u2705 <strong data-start=\"661\" data-end=\"693\">Rechargeable<\/strong><\/h4>\n<p data-start=\"696\" data-end=\"852\">Dot\u00e9 d'une <strong data-start=\"708\" data-end=\"739\">650mAh<\/strong> avec <strong data-start=\"745\" data-end=\"769\">Chargement rapide Type-C<\/strong>, garantissant une exp\u00e9rience de vapotage ininterrompue sans la contrainte d'une d\u00e9charge fr\u00e9quente de la batterie.<\/p>\n<\/div>\n<\/div>\n<\/div>\n<\/div>\n<h2>Qualit\u00e9 de vapeur premium Razz Bar 40k Bouff\u00e9es Sp\u00e9cifications cl\u00e9s :<\/h2>\n<ul>\n<li><strong data-start=\"467\" data-end=\"482\">40000 Bouff\u00e9es<\/strong> \u2013 Sessions de vapotage prolong\u00e9es avec des performances fiables<\/li>\n<li><strong data-start=\"540\" data-end=\"561\">10 Doubles Saveurs<\/strong> \u2013 Changez entre deux saveurs dans un seul appareil<\/li>\n<li><strong data-start=\"609\" data-end=\"632\">Double R\u00e9servoir \u00e0 Bobine Mesh<\/strong> \u2013 Production de vapeur am\u00e9lior\u00e9e et puret\u00e9 des saveurs<\/li>\n<li><strong data-start=\"683\" data-end=\"714\">Batterie Rechargeable 650mAh<\/strong> \u2013 Prend en charge la charge rapide Type-C<\/li>\n<li><strong data-start=\"751\" data-end=\"777\">Sel de Nicotine : 2% \/ 5%<\/strong> \u2013 Satisfait diff\u00e9rentes pr\u00e9f\u00e9rences de nicotine<\/li>\n<li><strong data-start=\"825\" data-end=\"848\">Emballage en Gros<\/strong> \u2013 <strong data-start=\"851\" data-end=\"873\">200 pi\u00e8ces par carton<\/strong> pour un approvisionnement en vrac<\/li>\n<\/ul>\n<h2><strong>RAZZ BAR 40000 Bouff\u00e9es Liste des Saveurs aux Performances Durables<\/strong><\/h2>\n<p>1.Citron Citron Vert \/ Glace luxuriante<br \/>\n2.Glace Fraise \/ Baies M\u00e9lang\u00e9es<br \/>\n3.Glace Blue Razz \/ Chewing-gum Fraise Past\u00e8que<br \/>\n4. Baies m\u00e9lang\u00e9es \/ Glace past\u00e8que<br \/>\n5. Fraise Banane \/ Glace Red Bull<br \/>\n6. Glace myrtille \/ Love 66<br \/>\n7. Glace p\u00eache \/ Glace myrtille<br \/>\n8. Fraise kiwi \/ Myrtille Framboise Acide<br \/>\n9. Glace past\u00e8que \/ Glace cola<br \/>\n10. Fraise past\u00e8que \/ Glace raisin<\/p>\n<p><a href=\"https:\/\/vapebulkp.com\/fr\/product\/aivono-curved-smart-screen-35000-puffs-disposable-vape-wholesale-price\/\"><span style=\"vertical-align: inherit\">Aivono 35000 Bouff\u00e9es <\/span><\/a><\/p>\n<p><span style=\"vertical-align: inherit\">Trouvez plus de produits qui pourraient vous plaire\uff1a<\/span><em><a href=\"https:\/\/wa.me\/8618077105796\"><span style=\"vertical-align: inherit\">\u00a0Achetez-le maintenant<\/span><\/a><\/em><\/p>\n<p><span style=\"vertical-align: inherit\">Autres Puffs que vous pourriez aimer\uff1a<\/span><a href=\"https:\/\/vapebulkp.com\/fr\/product\/wholesale-price-bang-kingdoms-rex-32000-puffs-vape-pod\/\"><span style=\"vertical-align: inherit\">Bang Kingdoms 32000Puffs<\/span><\/a><span style=\"vertical-align: inherit\">\u3001<\/span><a href=\"https:\/\/vapebulkp.com\/fr\/product\/bood-pulse-pro-25k-50k-disposable-vape-bar-5000-puffs-nicotine-free\/\"><span style=\"vertical-align: inherit\">Bood pulse pro 50000 Bouff\u00e9es<\/span><\/a><span style=\"vertical-align: inherit\">\/ <\/span><a href=\"https:\/\/vapebulkp.com\/fr\/product\/vapsolo-best-quality-viking-12k-puffs-disposable-vapes\/\"><span style=\"vertical-align: inherit\">Vapsolo viking 12000 Bouff\u00e9es<\/span><\/a><span style=\"vertical-align: inherit\">\/ <\/span><a href=\"https:\/\/vapebulkp.com\/fr\/product\/waspe-vape-40000-puff-fihp-double-flavour-disposable-vape\/\"><span style=\"vertical-align: inherit\">WASPE 40000 Bouff\u00e9es<\/span><\/a><\/p>\n<h2>FAQ pour les cigarettes \u00e9lectroniques jetables RAZZ BAR 40000 bouff\u00e9es<\/h2>\n<p>&nbsp;<\/p>\n<h4 data-start=\"56\" data-end=\"117\"><strong data-start=\"61\" data-end=\"115\">1. Combien de bouff\u00e9es le RAZZ BAR 40k bouff\u00e9es fournit-il ?<\/strong><\/h4>\n<p data-start=\"118\" data-end=\"244\">Le <strong data-start=\"122\" data-end=\"146\">RAZZ BAR 40000 Bouff\u00e9es<\/strong> offre jusqu'\u00e0 <strong data-start=\"160\" data-end=\"176\">40 000 bouff\u00e9es<\/strong>, ce qui en fait l'une des cigarettes \u00e9lectroniques jetables les plus durables disponibles.<\/p>\n<h4 data-start=\"410\" data-end=\"479\"><strong data-start=\"415\" data-end=\"477\">2. Le RAZZ BAR 40k Puffs prend-il en charge le changement de saveur ?<\/strong><\/h4>\n<p data-start=\"480\" data-end=\"620\">Oui ! Il est dot\u00e9 d'un <strong data-start=\"499\" data-end=\"521\">syst\u00e8me \u00e0 double saveur<\/strong>, permettant aux utilisateurs de passer de <strong data-start=\"556\" data-end=\"585\">deux saveurs dans un seul appareil<\/strong> pour une exp\u00e9rience plus agr\u00e9able.<\/p>\n<h4 data-start=\"788\" data-end=\"843\"><strong data-start=\"793\" data-end=\"841\">3. La cigarette \u00e9lectronique jetable RAZZ BAR 40000 Puff est-elle rechargeable ?<\/strong><\/h4>\n<p data-start=\"844\" data-end=\"964\">Oui, elle comprend un <strong data-start=\"863\" data-end=\"894\">650mAh<\/strong> avec un <strong data-start=\"902\" data-end=\"926\">Type-C<\/strong> pour une recharge rapide et pratique.<\/p>\n<h4 data-start=\"1311\" data-end=\"1391\"><strong data-start=\"1316\" data-end=\"1389\">4. O\u00f9 puis-je acheter les cigarettes \u00e9lectroniques RAZZ BAR 40000 Puffs \u00e0 prix de gros ?<\/strong><\/h4>\n<p data-start=\"1392\" data-end=\"1523\">Vous pouvez commander directement aupr\u00e8s de <strong data-start=\"1420\" data-end=\"1437\">Vapebulkp.com<\/strong>, o\u00f9 nous proposons <strong data-start=\"1454\" data-end=\"1520\">des prix directs d'usine, des remises sur volume et une logistique fiable<\/strong>.<\/p>\n<h3>D\u00e9tails d'exp\u00e9dition :<\/h3>\n<p><span style=\"color: #ff6600\">D\u00e9lai de production : 5-10 jours ouvrables<\/span><br \/>\n<span style=\"color: #ff6600\">D\u00e9lai de livraison : 8-14 jours ouvrables<\/span><\/p>\n<p>Tous les produits de notre boutique sont 100% originaux et authentiques, c'est pourquoi nous avons pour politique de rembourser dix fois le prix des produits contrefaits. Nous utilisons des canaux logistiques tels que UPS\/DHL\/FEDEX\/DPD pour vous livrer les marchandises.<\/p>\n<p>Pour les colis exp\u00e9di\u00e9s en France, il faut g\u00e9n\u00e9ralement 10 jours ouvrables pour qu'ils arrivent. L'exp\u00e9dition vers les pays europ\u00e9ens prend g\u00e9n\u00e9ralement de 12 \u00e0 15 jours ouvrables. Nous mettrons \u00e0 jour les informations logistiques pour vous en temps r\u00e9el.<\/p>","protected":false},"excerpt":{"rendered":"<div class=\"flex-shrink-0 flex flex-col relative items-end\">\n<div class=\"pt-0\">\n<div class=\"gizmo-bot-avatar flex h-8 w-8 items-center justify-center overflow-hidden rounded-full\">\n<div class=\"relative p-1 rounded-sm flex items-center justify-center bg-token-main-surface-primary text-token-text-primary h-8 w-8\">\n<ul>\n<li data-start=\"0\" data-end=\"101\"><strong data-start=\"3\" data-end=\"99\" data-is-only-node=\"\">RAZZ BAR 40k Bouff\u00e9es Vape Jetable Double Saveurs, Rechargeable<\/strong><\/li>\n<li data-start=\"102\" data-end=\"188\"><strong data-start=\"105\" data-end=\"186\" data-is-only-node=\"\">RAZZ BAR 40000 Bouff\u00e9es Gros Haute Capacit\u00e9, Bobine Mesh, Vape Sel de Nicotine<\/strong><\/li>\n<li data-start=\"189\" data-end=\"285\" data-is-last-node=\"\"><strong data-start=\"192\" data-end=\"283\" data-is-only-node=\"\">RAZZ BAR 40000 Bouff\u00e9es Vape Double Saveurs, Batterie Rechargeable 650mAh, Exp\u00e9dition Rapide UE<\/strong><\/li>\n<\/ul>\n<\/div>\n<\/div>\n<\/div>\n<\/div>\n<p>Veuillez contacter le WhatsApp de Mandy pour un prix r\u00e9duit<a href=\"https:\/\/wa.me\/8618077105796\">+8618077105796<\/a><\/p>\n<p><img decoding=\"async\" class=\"alignnone wp-image-2151\" src=\"http:\/\/vapebulkp.com\/wp-content\/uploads\/2024\/04\/Mandy-WhatsApp-Randm.jpg\" alt=\"WhatsApp Mandy Randm\" width=\"297\" height=\"316\" srcset=\"https:\/\/vapebulkp.com\/wp-content\/uploads\/2024\/04\/Mandy-WhatsApp-Randm.jpg 916w, https:\/\/vapebulkp.com\/wp-content\/uploads\/2024\/04\/Mandy-WhatsApp-Randm-282x300.jpg 282w, https:\/\/vapebulkp.com\/wp-content\/uploads\/2024\/04\/Mandy-WhatsApp-Randm-768x817.jpg 768w, https:\/\/vapebulkp.com\/wp-content\/uploads\/2024\/04\/Mandy-WhatsApp-Randm-600x638.jpg 600w\" sizes=\"(max-width: 297px) 100vw, 297px\" \/><\/p>\n<p><span style=\"color: #ff0000\">REMARQUE : Les prix sur notre site web n'incluent pas les frais de port<\/span><\/p>\n<p>&nbsp;<\/p>","protected":false},"featured_media":3525,"comment_status":"open","ping_status":"closed","template":"","meta":{"_uag_custom_page_level_css":"","_lmt_disableupdate":"no","_lmt_disable":"","site-sidebar-layout":"default","site-content-layout":"content-boxed-container","ast-site-content-layout":"normal-width-container","site-content-style":"boxed","site-sidebar-style":"unboxed","ast-global-header-display":"","ast-banner-title-visibility":"","ast-main-header-display":"","ast-hfb-above-header-display":"","ast-hfb-below-header-display":"","ast-hfb-mobile-header-display":"","site-post-title":"","ast-breadcrumbs-content":"","ast-featured-img":"","footer-sml-layout":"","theme-transparent-header-meta":"default","adv-header-id-meta":"","stick-header-meta":"","header-above-stick-meta":"","header-main-stick-meta":"","header-below-stick-meta":"","astra-migrate-meta-layouts":"set","_joinchat":[]},"product_cat":[182,153,155,33,59,100,87,34,158,157,154,358,152,58,84,156,63,32],"product_tag":[36,37,41,286,219,40],"class_list":["post-3526","product","type-product","status-publish","has-post-thumbnail","hentry","product_cat-40000-puffs-disposable-vape","product_cat-hot-disposable-vapes","product_cat-belgium-hot-disposable-vapes","product_cat-france-vape-hot-sale","product_cat-germany-hot-disposable-vape","product_cat-germany-wholesale-vape-shop","product_cat-minimum-order-quantity-50pcs","product_cat-netherlands-vape-good-sale","product_cat-norway-hot-disposable-vapes","product_cat-poland-hot-disposable-vapes","product_cat-portugal-hot-disposable-vapes","product_cat-razzbar-vape","product_cat-spain-hot-disposable-vapes","product_cat-sweden-hot-disposable-vape","product_cat-sweden-wholesale-vape","product_cat-switzerland-hot-disposable-vapes","product_cat-top-sale-disposable-vape","product_cat-vape-hot-sale-this-week","product_tag-good-vape","product_tag-hot-sale-disposable-vape","product_tag-poland-hot-vape","product_tag-puffs-stock-in-europe","product_tag-razz-bar-40000-puffs","product_tag-sweden-hot-vape","pa_brand-razzbar-vape","desktop-align-left","tablet-align-left","mobile-align-left"],"yoast_head":"<!-- This site is optimized with the Yoast SEO plugin v21.1 - https:\/\/yoast.com\/wordpress\/plugins\/seo\/ -->\n<title>RAZZ BAR 40000 Puffs Wholesale Vape Factory Price EU Warehouse Fast Shipping - vapebulkp.com<\/title>\n<meta name=\"description\" content=\"RAZZ BAR 40000 Puffs disposable vape, wholesale prices, EU warehouse, fast shipping, premium quality, long-lasting, 2% &amp; 5% nicotine options, trendy design.\" \/>\n<meta name=\"robots\" content=\"index, follow, max-snippet:-1, max-image-preview:large, max-video-preview:-1\" \/>\n<link rel=\"canonical\" href=\"https:\/\/vapebulkp.com\/fr\/product\/razz-bar-40000-puffs-wholesale-vape-factory-price-eu-warehouse-fast-shipping\/\" \/>\n<meta property=\"og:locale\" content=\"fr_FR\" \/>\n<meta property=\"og:type\" content=\"article\" \/>\n<meta property=\"og:title\" content=\"RAZZ BAR 40000 Puffs Wholesale Vape Factory Price EU Warehouse Fast Shipping - vapebulkp.com\" \/>\n<meta property=\"og:description\" content=\"RAZZ BAR 40000 Puffs disposable vape, wholesale prices, EU warehouse, fast shipping, premium quality, long-lasting, 2% &amp; 5% nicotine options, trendy design.\" \/>\n<meta property=\"og:url\" content=\"https:\/\/vapebulkp.com\/fr\/product\/razz-bar-40000-puffs-wholesale-vape-factory-price-eu-warehouse-fast-shipping\/\" \/>\n<meta property=\"og:site_name\" content=\"vapebulkp.com\" \/>\n<meta property=\"article:modified_time\" content=\"2025-09-24T03:12:01+00:00\" \/>\n<meta property=\"og:image\" content=\"http:\/\/vapebulkp.com\/wp-content\/uploads\/2025\/03\/Wholesale-RAZZ-BAR-40000-Puffs-Factory-Price-High-Capacity-Nicotine-Salt-Vape-in-Europe.webp\" \/>\n\t<meta property=\"og:image:width\" content=\"800\" \/>\n\t<meta property=\"og:image:height\" content=\"800\" \/>\n\t<meta property=\"og:image:type\" content=\"image\/webp\" \/>\n<meta name=\"twitter:card\" content=\"summary_large_image\" \/>\n<meta name=\"twitter:label1\" content=\"Dur\u00e9e de lecture estim\u00e9e\" \/>\n\t<meta name=\"twitter:data1\" content=\"3 minutes\" \/>\n<script type=\"application\/ld+json\" class=\"yoast-schema-graph\">{\"@context\":\"https:\/\/schema.org\",\"@graph\":[{\"@type\":\"WebPage\",\"@id\":\"https:\/\/vapebulkp.com\/product\/razz-bar-40000-puffs-wholesale-vape-factory-price-eu-warehouse-fast-shipping\/\",\"url\":\"https:\/\/vapebulkp.com\/product\/razz-bar-40000-puffs-wholesale-vape-factory-price-eu-warehouse-fast-shipping\/\",\"name\":\"RAZZ BAR 40000 Puffs Wholesale Vape Factory Price EU Warehouse Fast Shipping - vapebulkp.com\",\"isPartOf\":{\"@id\":\"https:\/\/vapebulkp.com\/#website\"},\"datePublished\":\"2025-03-04T09:06:46+00:00\",\"dateModified\":\"2025-09-24T03:12:01+00:00\",\"description\":\"RAZZ BAR 40000 Puffs disposable vape, wholesale prices, EU warehouse, fast shipping, premium quality, long-lasting, 2% & 5% nicotine options, trendy design.\",\"breadcrumb\":{\"@id\":\"https:\/\/vapebulkp.com\/product\/razz-bar-40000-puffs-wholesale-vape-factory-price-eu-warehouse-fast-shipping\/#breadcrumb\"},\"inLanguage\":\"fr-FR\",\"potentialAction\":[{\"@type\":\"ReadAction\",\"target\":[\"https:\/\/vapebulkp.com\/product\/razz-bar-40000-puffs-wholesale-vape-factory-price-eu-warehouse-fast-shipping\/\"]}]},{\"@type\":\"BreadcrumbList\",\"@id\":\"https:\/\/vapebulkp.com\/product\/razz-bar-40000-puffs-wholesale-vape-factory-price-eu-warehouse-fast-shipping\/#breadcrumb\",\"itemListElement\":[{\"@type\":\"ListItem\",\"position\":1,\"name\":\"Home\",\"item\":\"https:\/\/vapebulkp.com\/\"},{\"@type\":\"ListItem\",\"position\":2,\"name\":\"Hot Trend Vapes\",\"item\":\"https:\/\/vapebulkp.com\/vape-shop\/\"},{\"@type\":\"ListItem\",\"position\":3,\"name\":\"RAZZ BAR 40000 Puffs Wholesale Vape Factory Price EU Warehouse Fast Shipping\"}]},{\"@type\":\"WebSite\",\"@id\":\"https:\/\/vapebulkp.com\/#website\",\"url\":\"https:\/\/vapebulkp.com\/\",\"name\":\"vapebulkp.com\",\"description\":\"Buy Vape In Cheap Bulk Price Near you\",\"publisher\":{\"@id\":\"https:\/\/vapebulkp.com\/#organization\"},\"potentialAction\":[{\"@type\":\"SearchAction\",\"target\":{\"@type\":\"EntryPoint\",\"urlTemplate\":\"https:\/\/vapebulkp.com\/?s={search_term_string}\"},\"query-input\":\"required name=search_term_string\"}],\"inLanguage\":\"fr-FR\"},{\"@type\":\"Organization\",\"@id\":\"https:\/\/vapebulkp.com\/#organization\",\"name\":\"vapebulkp.com\",\"url\":\"https:\/\/vapebulkp.com\/\",\"logo\":{\"@type\":\"ImageObject\",\"inLanguage\":\"fr-FR\",\"@id\":\"https:\/\/vapebulkp.com\/#\/schema\/logo\/image\/\",\"url\":\"https:\/\/vapebulkp.com\/wp-content\/uploads\/2023\/09\/cropped-vapebulkp.png\",\"contentUrl\":\"https:\/\/vapebulkp.com\/wp-content\/uploads\/2023\/09\/cropped-vapebulkp.png\",\"width\":516,\"height\":163,\"caption\":\"vapebulkp.com\"},\"image\":{\"@id\":\"https:\/\/vapebulkp.com\/#\/schema\/logo\/image\/\"}}]}<\/script>\n<!-- \/ Yoast SEO plugin. -->","yoast_head_json":{"title":"RAZZ BAR 40000 Puffs Wholesale Vape Factory Price EU Warehouse Fast Shipping - vapebulkp.com","description":"RAZZ BAR 40000 Puffs disposable vape, wholesale prices, EU warehouse, fast shipping, premium quality, long-lasting, 2% & 5% nicotine options, trendy design.","robots":{"index":"index","follow":"follow","max-snippet":"max-snippet:-1","max-image-preview":"max-image-preview:large","max-video-preview":"max-video-preview:-1"},"canonical":"https:\/\/vapebulkp.com\/fr\/product\/razz-bar-40000-puffs-wholesale-vape-factory-price-eu-warehouse-fast-shipping\/","og_locale":"fr_FR","og_type":"article","og_title":"RAZZ BAR 40000 Puffs Wholesale Vape Factory Price EU Warehouse Fast Shipping - vapebulkp.com","og_description":"RAZZ BAR 40000 Puffs disposable vape, wholesale prices, EU warehouse, fast shipping, premium quality, long-lasting, 2% & 5% nicotine options, trendy design.","og_url":"https:\/\/vapebulkp.com\/fr\/product\/razz-bar-40000-puffs-wholesale-vape-factory-price-eu-warehouse-fast-shipping\/","og_site_name":"vapebulkp.com","article_modified_time":"2025-09-24T03:12:01+00:00","og_image":[{"width":800,"height":800,"url":"http:\/\/vapebulkp.com\/wp-content\/uploads\/2025\/03\/Wholesale-RAZZ-BAR-40000-Puffs-Factory-Price-High-Capacity-Nicotine-Salt-Vape-in-Europe.webp","type":"image\/webp"}],"twitter_card":"summary_large_image","twitter_misc":{"Dur\u00e9e de lecture estim\u00e9e":"3 minutes"},"schema":{"@context":"https:\/\/schema.org","@graph":[{"@type":"WebPage","@id":"https:\/\/vapebulkp.com\/product\/razz-bar-40000-puffs-wholesale-vape-factory-price-eu-warehouse-fast-shipping\/","url":"https:\/\/vapebulkp.com\/product\/razz-bar-40000-puffs-wholesale-vape-factory-price-eu-warehouse-fast-shipping\/","name":"RAZZ BAR 40000 Puffs Wholesale Vape Factory Price EU Warehouse Fast Shipping - vapebulkp.com","isPartOf":{"@id":"https:\/\/vapebulkp.com\/#website"},"datePublished":"2025-03-04T09:06:46+00:00","dateModified":"2025-09-24T03:12:01+00:00","description":"RAZZ BAR 40000 Puffs disposable vape, wholesale prices, EU warehouse, fast shipping, premium quality, long-lasting, 2% & 5% nicotine options, trendy design.","breadcrumb":{"@id":"https:\/\/vapebulkp.com\/product\/razz-bar-40000-puffs-wholesale-vape-factory-price-eu-warehouse-fast-shipping\/#breadcrumb"},"inLanguage":"fr-FR","potentialAction":[{"@type":"ReadAction","target":["https:\/\/vapebulkp.com\/product\/razz-bar-40000-puffs-wholesale-vape-factory-price-eu-warehouse-fast-shipping\/"]}]},{"@type":"BreadcrumbList","@id":"https:\/\/vapebulkp.com\/product\/razz-bar-40000-puffs-wholesale-vape-factory-price-eu-warehouse-fast-shipping\/#breadcrumb","itemListElement":[{"@type":"ListItem","position":1,"name":"Home","item":"https:\/\/vapebulkp.com\/"},{"@type":"ListItem","position":2,"name":"Hot Trend Vapes","item":"https:\/\/vapebulkp.com\/vape-shop\/"},{"@type":"ListItem","position":3,"name":"RAZZ BAR 40000 Puffs Wholesale Vape Factory Price EU Warehouse Fast Shipping"}]},{"@type":"WebSite","@id":"https:\/\/vapebulkp.com\/#website","url":"https:\/\/vapebulkp.com\/","name":"vapebulkp.com","description":"Buy Vape In Cheap Bulk Price Near you","publisher":{"@id":"https:\/\/vapebulkp.com\/#organization"},"potentialAction":[{"@type":"SearchAction","target":{"@type":"EntryPoint","urlTemplate":"https:\/\/vapebulkp.com\/?s={search_term_string}"},"query-input":"required name=search_term_string"}],"inLanguage":"fr-FR"},{"@type":"Organization","@id":"https:\/\/vapebulkp.com\/#organization","name":"vapebulkp.com","url":"https:\/\/vapebulkp.com\/","logo":{"@type":"ImageObject","inLanguage":"fr-FR","@id":"https:\/\/vapebulkp.com\/#\/schema\/logo\/image\/","url":"https:\/\/vapebulkp.com\/wp-content\/uploads\/2023\/09\/cropped-vapebulkp.png","contentUrl":"https:\/\/vapebulkp.com\/wp-content\/uploads\/2023\/09\/cropped-vapebulkp.png","width":516,"height":163,"caption":"vapebulkp.com"},"image":{"@id":"https:\/\/vapebulkp.com\/#\/schema\/logo\/image\/"}}]}},"uagb_featured_image_src":{"full":["https:\/\/vapebulkp.com\/wp-content\/uploads\/2025\/03\/Wholesale-RAZZ-BAR-40000-Puffs-Factory-Price-High-Capacity-Nicotine-Salt-Vape-in-Europe.webp",800,800,false],"thumbnail":["https:\/\/vapebulkp.com\/wp-content\/uploads\/2025\/03\/Wholesale-RAZZ-BAR-40000-Puffs-Factory-Price-High-Capacity-Nicotine-Salt-Vape-in-Europe-150x150.webp",150,150,true],"medium":["https:\/\/vapebulkp.com\/wp-content\/uploads\/2025\/03\/Wholesale-RAZZ-BAR-40000-Puffs-Factory-Price-High-Capacity-Nicotine-Salt-Vape-in-Europe-300x300.webp",300,300,true],"medium_large":["https:\/\/vapebulkp.com\/wp-content\/uploads\/2025\/03\/Wholesale-RAZZ-BAR-40000-Puffs-Factory-Price-High-Capacity-Nicotine-Salt-Vape-in-Europe-768x768.webp",768,768,true],"large":["https:\/\/vapebulkp.com\/wp-content\/uploads\/2025\/03\/Wholesale-RAZZ-BAR-40000-Puffs-Factory-Price-High-Capacity-Nicotine-Salt-Vape-in-Europe.webp",800,800,false],"1536x1536":["https:\/\/vapebulkp.com\/wp-content\/uploads\/2025\/03\/Wholesale-RAZZ-BAR-40000-Puffs-Factory-Price-High-Capacity-Nicotine-Salt-Vape-in-Europe.webp",800,800,false],"2048x2048":["https:\/\/vapebulkp.com\/wp-content\/uploads\/2025\/03\/Wholesale-RAZZ-BAR-40000-Puffs-Factory-Price-High-Capacity-Nicotine-Salt-Vape-in-Europe.webp",800,800,false],"trp-custom-language-flag":["https:\/\/vapebulkp.com\/wp-content\/uploads\/2025\/03\/Wholesale-RAZZ-BAR-40000-Puffs-Factory-Price-High-Capacity-Nicotine-Salt-Vape-in-Europe.webp",12,12,false],"woocommerce_thumbnail":["https:\/\/vapebulkp.com\/wp-content\/uploads\/2025\/03\/Wholesale-RAZZ-BAR-40000-Puffs-Factory-Price-High-Capacity-Nicotine-Salt-Vape-in-Europe-300x300.webp",300,300,true],"woocommerce_single":["https:\/\/vapebulkp.com\/wp-content\/uploads\/2025\/03\/Wholesale-RAZZ-BAR-40000-Puffs-Factory-Price-High-Capacity-Nicotine-Salt-Vape-in-Europe-600x600.webp",600,600,true],"woocommerce_gallery_thumbnail":["https:\/\/vapebulkp.com\/wp-content\/uploads\/2025\/03\/Wholesale-RAZZ-BAR-40000-Puffs-Factory-Price-High-Capacity-Nicotine-Salt-Vape-in-Europe-100x100.webp",100,100,true],"wcpr-photo-reviews":["https:\/\/vapebulkp.com\/wp-content\/uploads\/2025\/03\/Wholesale-RAZZ-BAR-40000-Puffs-Factory-Price-High-Capacity-Nicotine-Salt-Vape-in-Europe.webp",500,500,false]},"uagb_author_info":{"display_name":"Mandy vape bulk price","author_link":"https:\/\/vapebulkp.com\/fr\/author\/"},"uagb_comment_info":0,"uagb_excerpt":"RAZZ BAR 40k Puffs Disposable Vape\u00a0 Dual Flavors, Rechargeable &amp; Long-lasting Performance RAZZ BAR 40000 Puff Wholesale\u00a0 High-Capacity, Mesh Coil, Nicotine Salt Vape RAZZ BAR 40000 Puffs Vape\u00a0 Dual Flavors, 650mAh Rechargeable Battery, Fast EU Shipping Pls Contact Mandy's WhatsApp For Discount Price+8618077105796 NOTE: Prices on our website does not include shipping costs &nbsp;","_links":{"self":[{"href":"https:\/\/vapebulkp.com\/fr\/wp-json\/wp\/v2\/product\/3526","targetHints":{"allow":["GET"]}}],"collection":[{"href":"https:\/\/vapebulkp.com\/fr\/wp-json\/wp\/v2\/product"}],"about":[{"href":"https:\/\/vapebulkp.com\/fr\/wp-json\/wp\/v2\/types\/product"}],"replies":[{"embeddable":true,"href":"https:\/\/vapebulkp.com\/fr\/wp-json\/wp\/v2\/comments?post=3526"}],"wp:featuredmedia":[{"embeddable":true,"href":"https:\/\/vapebulkp.com\/fr\/wp-json\/wp\/v2\/media\/3525"}],"wp:attachment":[{"href":"https:\/\/vapebulkp.com\/fr\/wp-json\/wp\/v2\/media?parent=3526"}],"wp:term":[{"taxonomy":"product_cat","embeddable":true,"href":"https:\/\/vapebulkp.com\/fr\/wp-json\/wp\/v2\/product_cat?post=3526"},{"taxonomy":"product_tag","embeddable":true,"href":"https:\/\/vapebulkp.com\/fr\/wp-json\/wp\/v2\/product_tag?post=3526"}],"curies":[{"name":"wp","href":"https:\/\/api.w.org\/{rel}","templated":true}]}}