{"id":3622,"date":"2025-03-27T09:07:22","date_gmt":"2025-03-27T08:07:22","guid":{"rendered":"https:\/\/vapebulkp.com\/?post_type=product&#038;p=3622"},"modified":"2025-09-17T10:40:55","modified_gmt":"2025-09-17T08:40:55","slug":"elfbar-raya-d3-25000-puffs-disposable-vapes-wholesale","status":"publish","type":"product","link":"https:\/\/vapebulkp.com\/fr\/product\/elfbar-raya-d3-25000-puffs-disposable-vapes-wholesale\/","title":{"rendered":"Vapes jetables ELFBAR Raya D3 25000 bouff\u00e9es en gros"},"content":{"rendered":"<h2>Vapes jetables ELFBAR Raya D3 25000 bouff\u00e9es en gros<\/h2>\n<p data-start=\"153\" data-end=\"408\">Le <strong data-start=\"157\" data-end=\"203\">ELFBAR Raya D3 25000 Puffs Cigarette \u00e9lectronique jetable<\/strong> est un appareil haut de gamme <strong data-start=\"217\" data-end=\"250\">cigarette \u00e9lectronique jetable de grande capacit\u00e9<\/strong> pour les vapoteurs et acheteurs en gros en Europe. Avec un r\u00e9servoir de 23 ml d'e-liquide et <strong data-start=\"323\" data-end=\"348\">une triple bobine maill\u00e9e<\/strong>, il offre une saveur riche et une vapeur dense \u00e0 chaque bouff\u00e9e.<\/p>\n<p data-start=\"410\" data-end=\"746\">Offrant trois modes de bouff\u00e9es ajustables \u2014 25 000, 20 000 et 15 000 bouff\u00e9es \u2014 et une batterie rechargeable de 850 mAh avec chargement Type-C, cette <strong data-start=\"546\" data-end=\"578\">vape jetable rechargeable<\/strong> garantit une performance durable. Un \u00e9cran lat\u00e9ral num\u00e9rique affiche le nombre de bouff\u00e9es et la dur\u00e9e de vie de la batterie, tandis que le <strong data-start=\"681\" data-end=\"708\">la fonction de<\/strong> permet un tirage doux et personnalisable.<\/p>\n<p data-start=\"748\" data-end=\"956\">Disponible en 15 saveurs avec 5% <strong data-start=\"780\" data-end=\"802\">vapeur de sel de nicotine<\/strong>, <strong data-start=\"808\" data-end=\"854\">ELFBAR Raya D3 <a href=\"https:\/\/vapebulkp.com\/fr\/product-category\/25000-puffs-disposable-vape\/\">Vape jetable 25000 bouff\u00e9es<\/a><\/strong> combine performance, style et commodit\u00e9 \u2014 id\u00e9al pour la vente au d\u00e9tail ou <strong data-start=\"922\" data-end=\"943\">r\u00e9pond \u00e0 diff\u00e9rentes pr\u00e9f\u00e9rences et constitue une excellente option pour les acheteurs en gros. Avec une livraison rapide dans toute l'Europe, c'est un choix de premier ordre pour les<\/strong> l'inventaire.<\/p>\n<p>&nbsp;<\/p>\n<h6>Veuillez contacter le WhatsApp de Mandy pour un prix r\u00e9duit<a href=\"https:\/\/wa.me\/8618077105796\">+8618077105796<\/a><\/h6>\n<p>&nbsp;<\/p>\n<p><img decoding=\"async\" class=\"alignnone wp-image-2151\" src=\"http:\/\/vapebulkp.com\/wp-content\/uploads\/2024\/04\/Mandy-WhatsApp-Randm.jpg\" alt=\"WhatsApp Mandy Randm\" width=\"324\" height=\"330\" \/><\/p>\n<h2>Sp\u00e9cifications de prix de gros des vapes rechargeables ELFBAR Raya D3 25000<\/h2>\n<ul>\n<li class=\"\" data-start=\"158\" data-end=\"328\">\n<p class=\"\" data-start=\"160\" data-end=\"328\">\u2705 <strong data-start=\"162\" data-end=\"195\">\u00c9norme 23ML d'e-liquide pr\u00e9-rempli<\/strong><br data-start=\"195\" data-end=\"198\" \/>Profitez de sessions de vapotage ultra-longues avec une tr\u00e8s grande capacit\u00e9 de 23 ml de jus de vape, parfait pour une utilisation toute la journ\u00e9e sans recharges constantes.<\/p>\n<\/li>\n<li class=\"\" data-start=\"330\" data-end=\"484\">\n<p class=\"\" data-start=\"332\" data-end=\"484\">\u2705 <strong data-start=\"334\" data-end=\"361\">Syst\u00e8me \u00e0 triple bobine maill\u00e9e<\/strong><br data-start=\"361\" data-end=\"364\" \/>Construit avec une technologie de triple bobine maill\u00e9e avanc\u00e9e pour une puret\u00e9 de saveur sup\u00e9rieure, des hits doux et une production de vapeur massive.<\/p>\n<\/li>\n<li class=\"\" data-start=\"486\" data-end=\"664\">\n<p class=\"\" data-start=\"488\" data-end=\"664\">\u2705 <strong data-start=\"490\" data-end=\"539\">Nombre de bouff\u00e9es ajustables \u2013 25K \/ 20K \/ 15K bouff\u00e9es<\/strong><br data-start=\"539\" data-end=\"542\" \/>Un seul appareil, trois modes de bouff\u00e9es ! Basculez facilement entre 25 000, 20 000 ou 15 000 bouff\u00e9es selon votre pr\u00e9f\u00e9rence de vapotage.<\/p>\n<\/li>\n<li class=\"\" data-start=\"666\" data-end=\"838\">\n<p class=\"\" data-start=\"668\" data-end=\"838\">\u2705 <strong data-start=\"670\" data-end=\"715\">Batterie rechargeable de 850 mAh + Port Type-C<\/strong><br data-start=\"715\" data-end=\"718\" \/>Aliment\u00e9 par une batterie haute capacit\u00e9 de 850 mAh avec charge rapide Type-C pour des performances rapides, fiables et durables.<\/p>\n<\/li>\n<li class=\"\" data-start=\"840\" data-end=\"999\">\n<p class=\"\" data-start=\"842\" data-end=\"999\">\u2705 <strong data-start=\"844\" data-end=\"875\">\u00c9cran d'affichage num\u00e9rique lat\u00e9ral<\/strong><br data-start=\"875\" data-end=\"878\" \/>Un grand \u00e9cran facile \u00e0 lire affiche le niveau de la batterie, le nombre de bouff\u00e9es, le mode et le statut de vapotage pour une exp\u00e9rience plus intelligente.<\/p>\n<\/li>\n<li class=\"\" data-start=\"1001\" data-end=\"1166\">\n<p class=\"\" data-start=\"1003\" data-end=\"1166\">\u2705 <strong data-start=\"1005\" data-end=\"1042\">Flux d'air<\/strong><br data-start=\"1042\" data-end=\"1045\" \/>Personnalisez votre tirage avec des ajustements pr\u00e9cis du flux d'air et de la pression pour obtenir votre hit parfait et la densit\u00e9 de vapeur id\u00e9ale.<\/p>\n<\/li>\n<li class=\"\" data-start=\"1168\" data-end=\"1305\">\n<p class=\"\" data-start=\"1170\" data-end=\"1305\">\u2705 <strong data-start=\"1172\" data-end=\"1202\">Anneau lumineux monochrome bleu<\/strong><br data-start=\"1202\" data-end=\"1205\" \/>Dot\u00e9 d'un anneau lumineux bleu moderne et minimaliste autour de l'appareil pour un look \u00e9l\u00e9gant et styl\u00e9.<\/p>\n<\/li>\n<li class=\"\" data-start=\"1307\" data-end=\"1459\">\n<p class=\"\" data-start=\"1309\" data-end=\"1459\">\u2705 <strong data-start=\"1311\" data-end=\"1340\">15 options de saveurs de premi\u00e8re qualit\u00e9<\/strong><br data-start=\"1340\" data-end=\"1343\" \/>Choisissez parmi une s\u00e9lection de 15 saveurs exquises pour tous les go\u00fbts, des m\u00e9langes fruit\u00e9s aux m\u00e9langes glac\u00e9s en passant par les classiques.<\/p>\n<\/li>\n<\/ul>\n<h2>ELFBAR Compteur de bouff\u00e9es Vape Raya D3 25000 Bouff\u00e9es Saveur<\/h2>\n<p>1 Kiwi Ananas Glac\u00e9<br \/>\n2 Double pomme<br \/>\n3 Raisin Glac\u00e9<br \/>\n4 VMT<br \/>\n5 Past\u00e8que Citron<br \/>\n6 Past\u00e8que Glac\u00e9e<br \/>\n7 Fraise Raisin<br \/>\n8 P\u00eache Glac\u00e9e<br \/>\n9 P\u00eache Baies<br \/>\n10 Mangue P\u00eache Past\u00e8que<br \/>\n11 Mangue P\u00eache<br \/>\n12 Kiwi Fruit de la Passion Goyave<br \/>\n13 Cerise raisin<br \/>\n14 Framboise myrtille<br \/>\n15 Myrtille glac\u00e9e<\/p>\n<p><a href=\"https:\/\/vapebulkp.com\/fr\/product\/vozol-gear-shisha-25000-puffs-dual-mode-disposable-vape-5mg-nicotine\/\"><span style=\"vertical-align: inherit\">Vozol Gear Chicha 25000 Puffs <\/span><\/a><\/p>\n<p><span style=\"vertical-align: inherit\">Trouvez plus de produits qui pourraient vous plaire\uff1a<\/span><em><a href=\"https:\/\/wa.me\/8618077105796\"><span style=\"vertical-align: inherit\">\u00a0Achetez-le maintenant<\/span><\/a><\/em><\/p>\n<p><span style=\"vertical-align: inherit\">Autres Puffs que vous pourriez aimer\uff1a<\/span><a href=\"https:\/\/vapebulkp.com\/fr\/fi\/product\/bang-beach-22k-puffs-new-electronic-cigarette\/\"><span style=\"vertical-align: inherit\">\u00a0Bang Beach 22000 bouff\u00e9es<\/span><\/a><span style=\"vertical-align: inherit\">\/ <\/span><a href=\"https:\/\/vapebulkp.com\/fr\/fi\/product\/best-price-wga-crystal-pro-max-15k-puffs-original-vape\/\"><span style=\"vertical-align: inherit\">\u00a0WGA Crystal pro max 15k bouff\u00e9es <\/span><\/a><span style=\"vertical-align: inherit\">\/<\/span><a href=\"https:\/\/vapebulkp.com\/fr\/product\/zooy-firzen-35000-puffs-nicotine-ice-control-high-capacity-e-cigarette\/\"><span style=\"vertical-align: inherit\"> ZOOY 350000 Bouff\u00e9es<\/span><\/a><\/p>\n<h3>Pourquoi choisir d'acheter les pods de vape ELFBAR Raya D3 25000 Puffs chez <a href=\"https:\/\/vapebulkp.com\/fr\/vape-shop\/\">Vapebulkp <\/a>?<\/h3>\n<p class=\"\" data-start=\"0\" data-end=\"230\">Chez Vapebulkp, nous sommes fiers de proposer les pods de vape en gros ELFBAR Raya D3 25000 Puffs, un produit reconnu pour ses performances exceptionnelles et son design innovant. Voici pourquoi nous choisir pour vos besoins en pods de vape fait une diff\u00e9rence significative:<\/p>\n<ul>\n<li data-start=\"232\" data-end=\"542\"><strong data-start=\"232\" data-end=\"266\">Qualit\u00e9 sup\u00e9rieure<\/strong><br data-start=\"266\" data-end=\"269\" \/>Notre inventaire est soigneusement s\u00e9lectionn\u00e9 pour garantir que chaque unit\u00e9 ELFBAR Raya D3 respecte des normes de qualit\u00e9 rigoureuses. Avec des produits authentiques provenant directement de fabricants de confiance, vous pouvez acheter en toute confiance, sachant que vous obtenez un vaporisateur jetable fiable et performant.<\/li>\n<li data-start=\"544\" data-end=\"924\"><strong data-start=\"544\" data-end=\"588\">Prix comp\u00e9titifs<\/strong><br data-start=\"588\" data-end=\"591\" \/>Vapebulkp est votre destination de choix pour les pods de vape en gros. Nous offrons des structures de prix comp\u00e9titives qui vous permettent de r\u00e9aliser des \u00e9conomies significatives sur les commandes en gros, garantissant une valeur maximale sans compromettre la qualit\u00e9. Cela fait de nous un choix privil\u00e9gi\u00e9 pour les d\u00e9taillants et les revendeurs qui cherchent \u00e0 enrichir leur inventaire avec des produits de qualit\u00e9 sup\u00e9rieure.<\/li>\n<li data-start=\"926\" data-end=\"1265\"><strong data-start=\"926\" data-end=\"976\">Vaste expertise en mati\u00e8re de produits<\/strong><br data-start=\"976\" data-end=\"979\" \/>Notre \u00e9quipe est bien au fait de l'industrie de la vape, fournissant des conseils d'experts et un soutien pour vous aider \u00e0 prendre des d\u00e9cisions \u00e9clair\u00e9es. Que vous soyez nouveau dans le domaine des produits de vape ou un d\u00e9taillant chevronn\u00e9, notre personnel comp\u00e9tent est pr\u00eat \u00e0 vous aider avec toutes vos questions, assurant une exp\u00e9rience d'achat fluide.<\/li>\n<li data-start=\"1267\" data-end=\"1564\"><strong data-start=\"1267\" data-end=\"1308\">Exp\u00e9dition efficace<\/strong><br data-start=\"1308\" data-end=\"1311\" \/>Comprenant l'importance de la livraison en temps voulu, nous rationalisons le traitement de nos commandes pour nous assurer que vos produits vous parviennent rapidement et en parfait \u00e9tat. Notre engagement envers un service fiable a fait de nous un fournisseur de confiance au sein de la communaut\u00e9 de la vape.<\/li>\n<li data-start=\"1566\" data-end=\"1927\"><strong data-start=\"1566\" data-end=\"1608\">Optimis\u00e9 pour le r\u00e9f\u00e9rencement (SEO)<\/strong><br data-start=\"1608\" data-end=\"1611\" \/>Nous mettons continuellement \u00e0 jour nos listes de produits et nos supports marketing avec les derni\u00e8res strat\u00e9gies de r\u00e9f\u00e9rencement (SEO), rendant nos produits tr\u00e8s visibles et faciles \u00e0 trouver en ligne. Cela profite non seulement \u00e0 nos partenaires d\u00e9taillants en attirant plus de trafic vers leurs magasins, mais garantit \u00e9galement que vous stockez des produits qui ont une demande av\u00e9r\u00e9e sur le march\u00e9.<\/li>\n<\/ul>\n<p class=\"\" data-start=\"1929\" data-end=\"2061\">Choisissez Vapebulkp pour vos pods de vape ELFBAR Raya D3 25000 Puffs et profitez d'une qualit\u00e9, d'une valeur et d'un service in\u00e9gal\u00e9s \u00e0 chaque achat.<\/p>\n<h3>D\u00e9tails d'exp\u00e9dition :<\/h3>\n<p><span style=\"color: #ff6600\">D\u00e9lai de production : 5-10 jours ouvrables<\/span><br \/>\n<span style=\"color: #ff6600\">D\u00e9lai de livraison : 8-14 jours ouvrables<\/span><\/p>\n<p>Tous les produits de notre boutique sont 100% originaux et authentiques, c'est pourquoi nous avons pour politique de rembourser dix fois le prix des produits contrefaits. Nous utilisons des canaux logistiques tels que UPS\/DHL\/FEDEX\/DPD pour vous livrer les marchandises.<\/p>\n<p>Pour les colis exp\u00e9di\u00e9s en France, il faut g\u00e9n\u00e9ralement 10 jours ouvrables pour qu'ils arrivent. L'exp\u00e9dition vers les pays europ\u00e9ens prend g\u00e9n\u00e9ralement de 12 \u00e0 15 jours ouvrables. Nous mettrons \u00e0 jour les informations logistiques pour vous en temps r\u00e9el.<\/p>","protected":false},"excerpt":{"rendered":"<p>LFBAR Raya D3 25000 Puffs Cigarette \u00e9lectronique jetable Approvisionnement direct en gros<br data-start=\"66\" data-end=\"69\" \/>ELFBAR Raya D3 Cigarette \u00e9lectronique jetable haute capacit\u00e9 23 ml 25000 Puffs en gros<br data-start=\"140\" data-end=\"143\" \/>ELFBAR Raya D3 Avanc\u00e9 Triple Mesh Coil 25000 Bouff\u00e9es Vapes Jetables<\/p>\n<p>Veuillez contacter le WhatsApp de Mandy pour un prix r\u00e9duit<a href=\"https:\/\/wa.me\/8618077105796\">+8618077105796<\/a><\/p>\n<p>&nbsp;<\/p>\n<p><img decoding=\"async\" class=\"alignnone wp-image-2151\" src=\"http:\/\/vapebulkp.com\/wp-content\/uploads\/2024\/04\/Mandy-WhatsApp-Randm.jpg\" alt=\"WhatsApp Mandy Randm\" width=\"297\" height=\"316\" srcset=\"https:\/\/vapebulkp.com\/wp-content\/uploads\/2024\/04\/Mandy-WhatsApp-Randm.jpg 916w, https:\/\/vapebulkp.com\/wp-content\/uploads\/2024\/04\/Mandy-WhatsApp-Randm-282x300.jpg 282w, https:\/\/vapebulkp.com\/wp-content\/uploads\/2024\/04\/Mandy-WhatsApp-Randm-768x817.jpg 768w, https:\/\/vapebulkp.com\/wp-content\/uploads\/2024\/04\/Mandy-WhatsApp-Randm-600x638.jpg 600w\" sizes=\"(max-width: 297px) 100vw, 297px\" \/><\/p>\n<p><span style=\"color: #ff0000\">REMARQUE : Les prix sur notre site web n'incluent pas les frais de port<\/span><\/p>\n<p>&nbsp;<\/p>","protected":false},"featured_media":3597,"comment_status":"open","ping_status":"closed","template":"","meta":{"_uag_custom_page_level_css":"","_lmt_disableupdate":"no","_lmt_disable":"","site-sidebar-layout":"default","site-content-layout":"content-boxed-container","ast-site-content-layout":"normal-width-container","site-content-style":"boxed","site-sidebar-style":"unboxed","ast-global-header-display":"","ast-banner-title-visibility":"","ast-main-header-display":"","ast-hfb-above-header-display":"","ast-hfb-below-header-display":"","ast-hfb-mobile-header-display":"","site-post-title":"","ast-breadcrumbs-content":"","ast-featured-img":"","footer-sml-layout":"","theme-transparent-header-meta":"default","adv-header-id-meta":"","stick-header-meta":"","header-above-stick-meta":"","header-main-stick-meta":"","header-below-stick-meta":"","astra-migrate-meta-layouts":"set","_joinchat":[]},"product_cat":[161,153,155,349,33,59,100,87,34,158,157,154,152,58,84,156,63,32],"product_tag":[230,36,37,41,286,40],"class_list":["post-3622","product","type-product","status-publish","has-post-thumbnail","hentry","product_cat-25000-puffs-disposable-vape","product_cat-hot-disposable-vapes","product_cat-belgium-hot-disposable-vapes","product_cat-elfbar-vape","product_cat-france-vape-hot-sale","product_cat-germany-hot-disposable-vape","product_cat-germany-wholesale-vape-shop","product_cat-minimum-order-quantity-50pcs","product_cat-netherlands-vape-good-sale","product_cat-norway-hot-disposable-vapes","product_cat-poland-hot-disposable-vapes","product_cat-portugal-hot-disposable-vapes","product_cat-spain-hot-disposable-vapes","product_cat-sweden-hot-disposable-vape","product_cat-sweden-wholesale-vape","product_cat-switzerland-hot-disposable-vapes","product_cat-top-sale-disposable-vape","product_cat-vape-hot-sale-this-week","product_tag-elfbar-raya-d3-25000-puffs","product_tag-good-vape","product_tag-hot-sale-disposable-vape","product_tag-poland-hot-vape","product_tag-puffs-stock-in-europe","product_tag-sweden-hot-vape","pa_brand-elfbar-vape","desktop-align-left","tablet-align-left","mobile-align-left"],"yoast_head":"<!-- This site is optimized with the Yoast SEO plugin v21.1 - https:\/\/yoast.com\/wordpress\/plugins\/seo\/ -->\n<title>ELFBAR Raya D3 25000 Puffs Disposable Vapes Wholesale - vapebulkp.com<\/title>\n<meta name=\"description\" content=\"Shop ELFBAR Raya D3 25000 Puffs Disposable Vapes Wholesale featuring 23ml e-liquid capacity, 850mAh battery, for a smooth and long-lasting vaping experience.\" \/>\n<meta name=\"robots\" content=\"index, follow, max-snippet:-1, max-image-preview:large, max-video-preview:-1\" \/>\n<link rel=\"canonical\" href=\"https:\/\/vapebulkp.com\/fr\/product\/elfbar-raya-d3-25000-puffs-disposable-vapes-wholesale\/\" \/>\n<meta property=\"og:locale\" content=\"fr_FR\" \/>\n<meta property=\"og:type\" content=\"article\" \/>\n<meta property=\"og:title\" content=\"ELFBAR Raya D3 25000 Puffs Disposable Vapes Wholesale - vapebulkp.com\" \/>\n<meta property=\"og:description\" content=\"Shop ELFBAR Raya D3 25000 Puffs Disposable Vapes Wholesale featuring 23ml e-liquid capacity, 850mAh battery, for a smooth and long-lasting vaping experience.\" \/>\n<meta property=\"og:url\" content=\"https:\/\/vapebulkp.com\/fr\/product\/elfbar-raya-d3-25000-puffs-disposable-vapes-wholesale\/\" \/>\n<meta property=\"og:site_name\" content=\"vapebulkp.com\" \/>\n<meta property=\"article:modified_time\" content=\"2025-09-17T08:40:55+00:00\" \/>\n<meta property=\"og:image\" content=\"http:\/\/vapebulkp.com\/wp-content\/uploads\/2025\/03\/Elfbar-Raya-D3-25000-Puffs-Type-C-Rechargeable-Vape-for-Intense-Flavor.webp\" \/>\n\t<meta property=\"og:image:width\" content=\"800\" \/>\n\t<meta property=\"og:image:height\" content=\"800\" \/>\n\t<meta property=\"og:image:type\" content=\"image\/webp\" \/>\n<meta name=\"twitter:card\" content=\"summary_large_image\" \/>\n<meta name=\"twitter:label1\" content=\"Dur\u00e9e de lecture estim\u00e9e\" \/>\n\t<meta name=\"twitter:data1\" content=\"4 minutes\" \/>\n<script type=\"application\/ld+json\" class=\"yoast-schema-graph\">{\"@context\":\"https:\/\/schema.org\",\"@graph\":[{\"@type\":\"WebPage\",\"@id\":\"https:\/\/vapebulkp.com\/product\/elfbar-raya-d3-25000-puffs-disposable-vapes-wholesale\/\",\"url\":\"https:\/\/vapebulkp.com\/product\/elfbar-raya-d3-25000-puffs-disposable-vapes-wholesale\/\",\"name\":\"ELFBAR Raya D3 25000 Puffs Disposable Vapes Wholesale - vapebulkp.com\",\"isPartOf\":{\"@id\":\"https:\/\/vapebulkp.com\/#website\"},\"datePublished\":\"2025-03-27T08:07:22+00:00\",\"dateModified\":\"2025-09-17T08:40:55+00:00\",\"description\":\"Shop ELFBAR Raya D3 25000 Puffs Disposable Vapes Wholesale featuring 23ml e-liquid capacity, 850mAh battery, for a smooth and long-lasting vaping experience.\",\"breadcrumb\":{\"@id\":\"https:\/\/vapebulkp.com\/product\/elfbar-raya-d3-25000-puffs-disposable-vapes-wholesale\/#breadcrumb\"},\"inLanguage\":\"fr-FR\",\"potentialAction\":[{\"@type\":\"ReadAction\",\"target\":[\"https:\/\/vapebulkp.com\/product\/elfbar-raya-d3-25000-puffs-disposable-vapes-wholesale\/\"]}]},{\"@type\":\"BreadcrumbList\",\"@id\":\"https:\/\/vapebulkp.com\/product\/elfbar-raya-d3-25000-puffs-disposable-vapes-wholesale\/#breadcrumb\",\"itemListElement\":[{\"@type\":\"ListItem\",\"position\":1,\"name\":\"Home\",\"item\":\"https:\/\/vapebulkp.com\/\"},{\"@type\":\"ListItem\",\"position\":2,\"name\":\"Hot Trend Vapes\",\"item\":\"https:\/\/vapebulkp.com\/vape-shop\/\"},{\"@type\":\"ListItem\",\"position\":3,\"name\":\"ELFBAR Raya D3 25000 Puffs Disposable Vapes Wholesale\"}]},{\"@type\":\"WebSite\",\"@id\":\"https:\/\/vapebulkp.com\/#website\",\"url\":\"https:\/\/vapebulkp.com\/\",\"name\":\"vapebulkp.com\",\"description\":\"Buy Vape In Cheap Bulk Price Near you\",\"publisher\":{\"@id\":\"https:\/\/vapebulkp.com\/#organization\"},\"potentialAction\":[{\"@type\":\"SearchAction\",\"target\":{\"@type\":\"EntryPoint\",\"urlTemplate\":\"https:\/\/vapebulkp.com\/?s={search_term_string}\"},\"query-input\":\"required name=search_term_string\"}],\"inLanguage\":\"fr-FR\"},{\"@type\":\"Organization\",\"@id\":\"https:\/\/vapebulkp.com\/#organization\",\"name\":\"vapebulkp.com\",\"url\":\"https:\/\/vapebulkp.com\/\",\"logo\":{\"@type\":\"ImageObject\",\"inLanguage\":\"fr-FR\",\"@id\":\"https:\/\/vapebulkp.com\/#\/schema\/logo\/image\/\",\"url\":\"https:\/\/vapebulkp.com\/wp-content\/uploads\/2023\/09\/cropped-vapebulkp.png\",\"contentUrl\":\"https:\/\/vapebulkp.com\/wp-content\/uploads\/2023\/09\/cropped-vapebulkp.png\",\"width\":516,\"height\":163,\"caption\":\"vapebulkp.com\"},\"image\":{\"@id\":\"https:\/\/vapebulkp.com\/#\/schema\/logo\/image\/\"}}]}<\/script>\n<!-- \/ Yoast SEO plugin. -->","yoast_head_json":{"title":"ELFBAR Raya D3 25000 Puffs Disposable Vapes Wholesale - vapebulkp.com","description":"Shop ELFBAR Raya D3 25000 Puffs Disposable Vapes Wholesale featuring 23ml e-liquid capacity, 850mAh battery, for a smooth and long-lasting vaping experience.","robots":{"index":"index","follow":"follow","max-snippet":"max-snippet:-1","max-image-preview":"max-image-preview:large","max-video-preview":"max-video-preview:-1"},"canonical":"https:\/\/vapebulkp.com\/fr\/product\/elfbar-raya-d3-25000-puffs-disposable-vapes-wholesale\/","og_locale":"fr_FR","og_type":"article","og_title":"ELFBAR Raya D3 25000 Puffs Disposable Vapes Wholesale - vapebulkp.com","og_description":"Shop ELFBAR Raya D3 25000 Puffs Disposable Vapes Wholesale featuring 23ml e-liquid capacity, 850mAh battery, for a smooth and long-lasting vaping experience.","og_url":"https:\/\/vapebulkp.com\/fr\/product\/elfbar-raya-d3-25000-puffs-disposable-vapes-wholesale\/","og_site_name":"vapebulkp.com","article_modified_time":"2025-09-17T08:40:55+00:00","og_image":[{"width":800,"height":800,"url":"http:\/\/vapebulkp.com\/wp-content\/uploads\/2025\/03\/Elfbar-Raya-D3-25000-Puffs-Type-C-Rechargeable-Vape-for-Intense-Flavor.webp","type":"image\/webp"}],"twitter_card":"summary_large_image","twitter_misc":{"Dur\u00e9e de lecture estim\u00e9e":"4 minutes"},"schema":{"@context":"https:\/\/schema.org","@graph":[{"@type":"WebPage","@id":"https:\/\/vapebulkp.com\/product\/elfbar-raya-d3-25000-puffs-disposable-vapes-wholesale\/","url":"https:\/\/vapebulkp.com\/product\/elfbar-raya-d3-25000-puffs-disposable-vapes-wholesale\/","name":"ELFBAR Raya D3 25000 Puffs Disposable Vapes Wholesale - vapebulkp.com","isPartOf":{"@id":"https:\/\/vapebulkp.com\/#website"},"datePublished":"2025-03-27T08:07:22+00:00","dateModified":"2025-09-17T08:40:55+00:00","description":"Shop ELFBAR Raya D3 25000 Puffs Disposable Vapes Wholesale featuring 23ml e-liquid capacity, 850mAh battery, for a smooth and long-lasting vaping experience.","breadcrumb":{"@id":"https:\/\/vapebulkp.com\/product\/elfbar-raya-d3-25000-puffs-disposable-vapes-wholesale\/#breadcrumb"},"inLanguage":"fr-FR","potentialAction":[{"@type":"ReadAction","target":["https:\/\/vapebulkp.com\/product\/elfbar-raya-d3-25000-puffs-disposable-vapes-wholesale\/"]}]},{"@type":"BreadcrumbList","@id":"https:\/\/vapebulkp.com\/product\/elfbar-raya-d3-25000-puffs-disposable-vapes-wholesale\/#breadcrumb","itemListElement":[{"@type":"ListItem","position":1,"name":"Home","item":"https:\/\/vapebulkp.com\/"},{"@type":"ListItem","position":2,"name":"Hot Trend Vapes","item":"https:\/\/vapebulkp.com\/vape-shop\/"},{"@type":"ListItem","position":3,"name":"ELFBAR Raya D3 25000 Puffs Disposable Vapes Wholesale"}]},{"@type":"WebSite","@id":"https:\/\/vapebulkp.com\/#website","url":"https:\/\/vapebulkp.com\/","name":"vapebulkp.com","description":"Buy Vape In Cheap Bulk Price Near you","publisher":{"@id":"https:\/\/vapebulkp.com\/#organization"},"potentialAction":[{"@type":"SearchAction","target":{"@type":"EntryPoint","urlTemplate":"https:\/\/vapebulkp.com\/?s={search_term_string}"},"query-input":"required name=search_term_string"}],"inLanguage":"fr-FR"},{"@type":"Organization","@id":"https:\/\/vapebulkp.com\/#organization","name":"vapebulkp.com","url":"https:\/\/vapebulkp.com\/","logo":{"@type":"ImageObject","inLanguage":"fr-FR","@id":"https:\/\/vapebulkp.com\/#\/schema\/logo\/image\/","url":"https:\/\/vapebulkp.com\/wp-content\/uploads\/2023\/09\/cropped-vapebulkp.png","contentUrl":"https:\/\/vapebulkp.com\/wp-content\/uploads\/2023\/09\/cropped-vapebulkp.png","width":516,"height":163,"caption":"vapebulkp.com"},"image":{"@id":"https:\/\/vapebulkp.com\/#\/schema\/logo\/image\/"}}]}},"uagb_featured_image_src":{"full":["https:\/\/vapebulkp.com\/wp-content\/uploads\/2025\/03\/Elfbar-Raya-D3-25000-Puffs-Type-C-Rechargeable-Vape-for-Intense-Flavor.webp",800,800,false],"thumbnail":["https:\/\/vapebulkp.com\/wp-content\/uploads\/2025\/03\/Elfbar-Raya-D3-25000-Puffs-Type-C-Rechargeable-Vape-for-Intense-Flavor-150x150.webp",150,150,true],"medium":["https:\/\/vapebulkp.com\/wp-content\/uploads\/2025\/03\/Elfbar-Raya-D3-25000-Puffs-Type-C-Rechargeable-Vape-for-Intense-Flavor-300x300.webp",300,300,true],"medium_large":["https:\/\/vapebulkp.com\/wp-content\/uploads\/2025\/03\/Elfbar-Raya-D3-25000-Puffs-Type-C-Rechargeable-Vape-for-Intense-Flavor-768x768.webp",768,768,true],"large":["https:\/\/vapebulkp.com\/wp-content\/uploads\/2025\/03\/Elfbar-Raya-D3-25000-Puffs-Type-C-Rechargeable-Vape-for-Intense-Flavor.webp",800,800,false],"1536x1536":["https:\/\/vapebulkp.com\/wp-content\/uploads\/2025\/03\/Elfbar-Raya-D3-25000-Puffs-Type-C-Rechargeable-Vape-for-Intense-Flavor.webp",800,800,false],"2048x2048":["https:\/\/vapebulkp.com\/wp-content\/uploads\/2025\/03\/Elfbar-Raya-D3-25000-Puffs-Type-C-Rechargeable-Vape-for-Intense-Flavor.webp",800,800,false],"trp-custom-language-flag":["https:\/\/vapebulkp.com\/wp-content\/uploads\/2025\/03\/Elfbar-Raya-D3-25000-Puffs-Type-C-Rechargeable-Vape-for-Intense-Flavor.webp",12,12,false],"woocommerce_thumbnail":["https:\/\/vapebulkp.com\/wp-content\/uploads\/2025\/03\/Elfbar-Raya-D3-25000-Puffs-Type-C-Rechargeable-Vape-for-Intense-Flavor-300x300.webp",300,300,true],"woocommerce_single":["https:\/\/vapebulkp.com\/wp-content\/uploads\/2025\/03\/Elfbar-Raya-D3-25000-Puffs-Type-C-Rechargeable-Vape-for-Intense-Flavor-600x600.webp",600,600,true],"woocommerce_gallery_thumbnail":["https:\/\/vapebulkp.com\/wp-content\/uploads\/2025\/03\/Elfbar-Raya-D3-25000-Puffs-Type-C-Rechargeable-Vape-for-Intense-Flavor-100x100.webp",100,100,true],"wcpr-photo-reviews":["https:\/\/vapebulkp.com\/wp-content\/uploads\/2025\/03\/Elfbar-Raya-D3-25000-Puffs-Type-C-Rechargeable-Vape-for-Intense-Flavor.webp",500,500,false]},"uagb_author_info":{"display_name":"Mandy vape bulk price","author_link":"https:\/\/vapebulkp.com\/fr\/author\/"},"uagb_comment_info":0,"uagb_excerpt":"LFBAR Raya D3 25000 Puffs Disposable Vape Wholesale Direct SupplyELFBAR Raya D3 High Capacity 23ml Disposable Vape 25000 Puffs WholesaleELFBAR Raya D3 Advanced Triple Mesh Coil 25000 Puffs Disposable Vapes Pls Contact Mandy's WhatsApp For Discount Price+8618077105796 &nbsp; NOTE: Prices on our website does not include shipping costs &nbsp;","_links":{"self":[{"href":"https:\/\/vapebulkp.com\/fr\/wp-json\/wp\/v2\/product\/3622","targetHints":{"allow":["GET"]}}],"collection":[{"href":"https:\/\/vapebulkp.com\/fr\/wp-json\/wp\/v2\/product"}],"about":[{"href":"https:\/\/vapebulkp.com\/fr\/wp-json\/wp\/v2\/types\/product"}],"replies":[{"embeddable":true,"href":"https:\/\/vapebulkp.com\/fr\/wp-json\/wp\/v2\/comments?post=3622"}],"wp:featuredmedia":[{"embeddable":true,"href":"https:\/\/vapebulkp.com\/fr\/wp-json\/wp\/v2\/media\/3597"}],"wp:attachment":[{"href":"https:\/\/vapebulkp.com\/fr\/wp-json\/wp\/v2\/media?parent=3622"}],"wp:term":[{"taxonomy":"product_cat","embeddable":true,"href":"https:\/\/vapebulkp.com\/fr\/wp-json\/wp\/v2\/product_cat?post=3622"},{"taxonomy":"product_tag","embeddable":true,"href":"https:\/\/vapebulkp.com\/fr\/wp-json\/wp\/v2\/product_tag?post=3622"}],"curies":[{"name":"wp","href":"https:\/\/api.w.org\/{rel}","templated":true}]}}