{"id":3752,"date":"2025-05-07T09:27:59","date_gmt":"2025-05-07T07:27:59","guid":{"rendered":"https:\/\/vapebulkp.com\/?post_type=product&#038;p=3752"},"modified":"2025-09-24T05:57:33","modified_gmt":"2025-09-24T03:57:33","slug":"al-fakher-crystal-8000-puffs-crown-bar-wholesale-disposable-vapes","status":"publish","type":"product","link":"https:\/\/vapebulkp.com\/fr\/produit\/al-fakher-crystal-8000-puffs-crown-bar-wholesale-disposable-vapes\/","title":{"rendered":"Al Fakher Crystal 8000 Puffs Crown Bar Vapes Jetables en Gros"},"content":{"rendered":"<h2 style=\"text-align: left\">Al Fakher Crystal 8000 Puffs Crown Bar Vapes Jetables en Gros<\/h2>\n<p>La Vape jetable Al Fakher Crystal 8000 Puffs est con\u00e7ue pour les vapoteurs qui exigent \u00e0 la fois puissance et pr\u00e9cision. Cet appareil n'est pas seulement une vape jetable de grande capacit\u00e9 ; c'est un instrument de vapotage sophistiqu\u00e9 qui offre une exp\u00e9rience vraiment douce et puissante. C'est le choix parfait pour les amateurs de DTL (Direct-to-Lung) et tous ceux qui recherchent une vape audacieuse et savoureuse.<\/p>\n<p>Avec une capacit\u00e9 impressionnante de 8000 bouff\u00e9es, l'Al Fakher Crystal offre une long\u00e9vit\u00e9 in\u00e9gal\u00e9e. L'\u00e9cran intelligent int\u00e9gr\u00e9 vous donne un contr\u00f4le total en affichant des mises \u00e0 jour en temps r\u00e9el sur la dur\u00e9e de vie de votre batterie, le niveau d'e-liquide et le mode actuel. Vous pouvez choisir entre le mode \u00c9co pour une utilisation prolong\u00e9e et le mode Boost pour une production maximale de vapeur et une intensit\u00e9 de saveur, gr\u00e2ce \u00e0 sa technologie Big Puff.<\/p>\n<p>L'appareil dispose d'une puissante batterie rechargeable avec une charge rapide Type-C, vous assurant d'\u00eatre toujours pr\u00eat \u00e0 vapoter. Sa construction haut de gamme et son flux d'air optimis\u00e9 fonctionnent ensemble pour produire des nuages incroyablement denses et un go\u00fbt toujours audacieux. Id\u00e9al pour une utilisation quotidienne ou en voyage, l'Al Fakher Crystal est un excellent choix pour les <a href=\"https:\/\/vapebulkp.com\/fr\/ot-disposable-vapes-europe\/\">acheteurs de vapes en gros en France<\/a> \u00e0 la recherche d'un produit \u00e0 forte demande et \u00e0 haute performance.<\/p>\n<h6>Veuillez contacter le WhatsApp de Mandy pour un prix r\u00e9duit<a href=\"https:\/\/wa.me\/8618077105796\">+8618077105796<\/a><\/h6>\n<p><img decoding=\"async\" class=\"alignnone wp-image-2151\" src=\"http:\/\/vapebulkp.com\/wp-content\/uploads\/2024\/04\/Mandy-WhatsApp-Randm.jpg\" alt=\"WhatsApp Mandy Randm\" width=\"324\" height=\"330\" \/><\/p>\n<div class=\"flex max-w-full flex-col flex-grow\">\n<div class=\"min-h-8 text-message flex w-full flex-col items-end gap-2 whitespace-normal break-words text-start [.text-message+&amp;]:mt-5\" dir=\"auto\" data-message-author-role=\"assistant\" data-message-id=\"d24cf626-c018-4805-80f5-44de047f2ba0\" data-message-model-slug=\"gpt-4o\">\n<div class=\"flex w-full flex-col gap-1 empty:hidden first:pt-[3px]\">\n<div class=\"markdown prose w-full break-words dark:prose-invert light\">\n<h2>Pourquoi acheter l'Al Fakher Crystal 8000 Puffs Crown Bar chez <a href=\"https:\/\/vapebulkp.com\/fr\/vape-shop\/\">Vapebulkp.com<\/a>?<\/h2>\n<p class=\"\" data-start=\"1686\" data-end=\"1863\">Chez Vapebulkp.com, vous b\u00e9n\u00e9ficiez des meilleures offres de gros sur l'Al Fakher Crystal 8000 Puffs Crown Bar, avec des produits authentiques garantis, des prix comp\u00e9titifs et une exp\u00e9dition rapide \u00e0 travers la France. Nous offrons des r\u00e9ductions pour les commandes de plus de 1000 pi\u00e8ces, un suivi facile et un excellent service client. Avec ses deux modes de vapotage, sa batterie rechargeable et ses saveurs riches, cette vape jetable \u00e0 grosse bouff\u00e9e est un choix de premier ordre pour les d\u00e9taillants et les propri\u00e9taires de boutiques de vape. Achetez maintenant et profitez d'un approvisionnement fiable pour votre entreprise.<\/p>\n<\/div>\n<\/div>\n<\/div>\n<\/div>\n<h2>Sp\u00e9cifications cl\u00e9s de l'Al Fakher Crystal 8000 Puffs :<\/h2>\n<ul data-start=\"113\" data-end=\"479\">\n<li class=\"\" data-start=\"113\" data-end=\"149\">\n<p class=\"\" data-start=\"115\" data-end=\"149\"><strong data-start=\"115\" data-end=\"130\">Nombre de bouff\u00e9es :<\/strong> Jusqu'\u00e0 8000 bouff\u00e9es<\/p>\n<\/li>\n<li class=\"\" data-start=\"150\" data-end=\"205\">\n<p class=\"\" data-start=\"152\" data-end=\"205\"><strong data-start=\"152\" data-end=\"164\">Batterie :<\/strong> Rechargeable avec charge rapide Type-C<\/p>\n<\/li>\n<li class=\"\" data-start=\"206\" data-end=\"251\">\n<p class=\"\" data-start=\"208\" data-end=\"251\"><strong data-start=\"208\" data-end=\"225\">Modes de vapotage :<\/strong> Mode \u00c9co et Mode Boost<\/p>\n<\/li>\n<li class=\"\" data-start=\"252\" data-end=\"315\">\n<p class=\"\" data-start=\"254\" data-end=\"315\"><strong data-start=\"254\" data-end=\"273\">Affichage sur \u00e9cran :<\/strong> Affiche la batterie, le niveau d'e-liquide et le mode<\/p>\n<\/li>\n<li class=\"\" data-start=\"316\" data-end=\"365\">\n<p class=\"\" data-start=\"318\" data-end=\"365\"><strong data-start=\"318\" data-end=\"329\">Conception :<\/strong> Construction haut de gamme avec flux d'air fluide<\/p>\n<\/li>\n<li class=\"\" data-start=\"366\" data-end=\"429\">\n<p class=\"\" data-start=\"368\" data-end=\"429\"><strong data-start=\"368\" data-end=\"392\">Technologie Big Puff :<\/strong> Haute production de vapeur pour des nuages denses<\/p>\n<\/li>\n<li class=\"\" data-start=\"430\" data-end=\"479\">\n<p class=\"\" data-start=\"432\" data-end=\"479\"><strong data-start=\"432\" data-end=\"449\">Style de vapotage :<\/strong> Vapotage DTL (Direct-To-Lung)<\/p>\n<\/li>\n<\/ul>\n<h2><strong>Al Fakher Crystal 8000 Puffs Vape Vente en gros Liste des saveurs<\/strong><\/h2>\n<p class=\"selectable-text copyable-text x15bjb6t x1n2onr6\" dir=\"ltr\">1.F\u00caTE DES CERISES<br \/>\n2.GLACE LUXURIANTE<br \/>\n3.CITRON MENTHE<br \/>\n4.LIMONADE FRAMBOISE BLEUE<br \/>\n5.CASSIS GLAC\u00c9<br \/>\n6.P\u00caCHE GLAC\u00c9E<br \/>\n7.MENTHE CHEWING-GUM<br \/>\n8.MANGUE FRA\u00ceCHE<br \/>\n9.BAIES GLAC\u00c9ES<br \/>\n10.AMOUR DE MANGUE<br \/>\n11.PUNCH AUX FRAISES<br \/>\n12.DEUX POMMES<br \/>\n13.MENTHE RAISIN<br \/>\n14.R\u00caVE SPATIAL<br \/>\n15.CHEWING-GUM MYRTILLE<br \/>\n16.MENTHE CASSIS<br \/>\n17.BAIE BLEUE<br \/>\n18.HUBBA<br \/>\n19.CITRON VERT<br \/>\n20.MANGUE ANANAS<br \/>\n21.RAISIN BAIES<br \/>\n22.MYRTILLE MENTHE<br \/>\n23.MENTHE<br \/>\n24.ORANGE MENTHE<br \/>\n25.MYRTILLE FRAMBOISE<br \/>\n26.MYRTILLE FRAISE FRAMBOISE<br \/>\n27.BAIES MELANGEES<br \/>\n28.CERISE GLACEE<br \/>\n29.CERISE PETILLANTE<br \/>\n30.ANANAS GLAC\u00c9<br \/>\n31.PAST\u00c8QUE ANANAS<br \/>\n32.MENTHOL<br \/>\n33.MENTHE VERTE<br \/>\n34.R\u00caVE D'\u00c9T\u00c9<br \/>\n35.LIMONADE MYRTILLE<br \/>\n36.POP PASSION<br \/>\n37.MYRTILLE CERISE<br \/>\n38.LIMONADE P\u00c9TILLANTE CERISE<br \/>\n39.FRAISE CERISE<br \/>\n40.BLEU GLAC\u00c9<br \/>\n41.PAST\u00c8QUE KIWI<br \/>\n42.EXPLOSION DE FRAMBOISE BLEUE<\/p>\n<p><span style=\"vertical-align: inherit\">Trouvez plus de produits qui pourraient vous plaire\uff1a<\/span><em><a href=\"https:\/\/wa.me\/8618077105796\"><span style=\"vertical-align: inherit\">\u00a0Achetez-le maintenant<\/span><\/a><\/em><\/p>\n<p><span style=\"vertical-align: inherit\">Autres Puffs que vous pourriez aimer\uff1a<\/span><a href=\"https:\/\/vapebulkp.com\/fr\/produit\/vopk-60000-puffs-top-sale-disposable-vape-pen\/\"><span style=\"vertical-align: inherit\">VOPK 60000 Bouff\u00e9es<\/span><\/a><span style=\"vertical-align: inherit\">\u3001<\/span><a href=\"https:\/\/vapebulkp.com\/fr\/produit\/bang-king-45000-puffs-disposable-vape-best-selling-high-capacity\/\"><span style=\"vertical-align: inherit\">Bang King 45000 Bouff\u00e9es<\/span><\/a><span style=\"vertical-align: inherit\">\/ <\/span><a href=\"https:\/\/vapebulkp.com\/fr\/produit\/waspe-3in1-60000-puffs-disposable-vape-high-capacity\/\"><span style=\"vertical-align: inherit\">WASPE 3 en 1 60000 Puffs<\/span><\/a><span style=\"vertical-align: inherit\">\/ <\/span><a href=\"https:\/\/vapebulkp.com\/fr\/produit\/bang-kingdoms-rex-nos-50000-puffs-high-capacity-vape-device\/\"><span style=\"vertical-align: inherit\">\u00a0Bang Kingdoms rex nos 50000 Bouff\u00e9es<\/span><\/a><\/p>\n<h3 class=\"\" data-start=\"62\" data-end=\"118\"><strong data-start=\"66\" data-end=\"118\">FAQ sur les pods de vapotage Al Fakher Crystal 8000 Puffs<\/strong><\/h3>\n<p class=\"\" data-start=\"120\" data-end=\"254\"><strong data-start=\"120\" data-end=\"201\">Q : Quelle est la quantit\u00e9 minimale de commande (MOQ) pour Al Fakher Crystal 8000 Puffs ?<\/strong><br data-start=\"201\" data-end=\"204\" \/>R : La commande minimale est de <strong data-start=\"228\" data-end=\"253\">200 pi\u00e8ces par saveur<\/strong>.<\/p>\n<p class=\"\" data-start=\"256\" data-end=\"391\"><strong data-start=\"256\" data-end=\"314\">Q : Combien de temps prend la livraison apr\u00e8s avoir pass\u00e9 une commande ?<\/strong><br data-start=\"314\" data-end=\"317\" \/>R : La livraison prend g\u00e9n\u00e9ralement <strong data-start=\"343\" data-end=\"357\">10-15 jours<\/strong> apr\u00e8s l'exp\u00e9dition de la commande.<\/p>\n<p class=\"\" data-start=\"393\" data-end=\"564\"><strong data-start=\"393\" data-end=\"428\">Q : Combien co\u00fbte l'exp\u00e9dition ?<\/strong><br data-start=\"428\" data-end=\"431\" \/>R : Les frais d'exp\u00e9dition d\u00e9pendent du poids total de votre commande. Veuillez <strong data-start=\"498\" data-end=\"512\">nous contacter<\/strong> pour obtenir un devis d'exp\u00e9dition exact bas\u00e9 sur votre quantit\u00e9.<\/p>\n<p class=\"\" data-start=\"566\" data-end=\"895\"><strong data-start=\"566\" data-end=\"599\">Q : Exp\u00e9diez-vous vers mon pays ?<\/strong><br data-start=\"599\" data-end=\"602\" \/>R : Oui, nous exp\u00e9dions vers la plupart des pays europ\u00e9ens, y compris <strong data-start=\"656\" data-end=\"880\">les Pays-Bas, l'Allemagne, la France, l'Espagne, l'Italie, la Belgique, le Luxembourg, l'Autriche, la Tch\u00e9quie, la Slovaquie, la Hongrie, la Slov\u00e9nie, la Roumanie, la Bulgarie, la Gr\u00e8ce, la Pologne, la Su\u00e8de, l'Irlande, le Portugal, la Finlande, l'Estonie, la Lettonie et la Lituanie<\/strong>, entre autres.<\/p>\n<p class=\"\" data-start=\"897\" data-end=\"1060\"><strong data-start=\"897\" data-end=\"945\">Q : Puis-je obtenir un meilleur prix si je commande plus ?<\/strong><br data-start=\"945\" data-end=\"948\" \/>R : Oui, les commandes de <strong data-start=\"966\" data-end=\"989\">1000 pi\u00e8ces ou plus<\/strong> b\u00e9n\u00e9ficient de prix r\u00e9duits. Veuillez nous contacter pour les tarifs de gros.<\/p>\n<p class=\"\" data-start=\"1062\" data-end=\"1240\"><strong data-start=\"1062\" data-end=\"1117\">Q : Recevrai-je un num\u00e9ro de suivi apr\u00e8s l'exp\u00e9dition ?<\/strong><br data-start=\"1117\" data-end=\"1120\" \/>R : Oui, une fois votre commande exp\u00e9di\u00e9e, nous vous fournirons un <strong data-start=\"1169\" data-end=\"1206\">num\u00e9ro de suivi et un lien de suivi<\/strong> afin que vous puissiez suivre votre livraison.<\/p>\n<p class=\"\" data-start=\"1242\" data-end=\"1442\"><strong data-start=\"1242\" data-end=\"1286\">Q : Y a-t-il une politique de retour ou de garantie ?<\/strong><br data-start=\"1286\" data-end=\"1289\" \/>R : Nous n'acceptons pas les retours ou les remboursements pour les probl\u00e8mes de non-qualit\u00e9. Pour les <strong data-start=\"1356\" data-end=\"1376\">probl\u00e8mes de qualit\u00e9<\/strong>, veuillez fournir <strong data-start=\"1393\" data-end=\"1420\">une preuve vid\u00e9o ou photo<\/strong> pour que nous puissions vous aider.<\/p>\n<h3>D\u00e9tails d'exp\u00e9dition :<\/h3>\n<p><span style=\"color: #ff6600\">D\u00e9lai de production : 5-10 jours ouvrables<\/span><br \/>\n<span style=\"color: #ff6600\">D\u00e9lai de livraison : 8-14 jours ouvrables<\/span><\/p>\n<p>Tous les produits de notre boutique sont 100% originaux et authentiques, c'est pourquoi nous avons pour politique de rembourser dix fois le prix des produits contrefaits. Nous utilisons des canaux logistiques tels que UPS\/DHL\/FEDEX\/DPD pour vous livrer les marchandises.<\/p>\n<p>Pour les colis exp\u00e9di\u00e9s en France, il faut g\u00e9n\u00e9ralement 10 jours ouvrables pour qu'ils arrivent. L'exp\u00e9dition vers les pays europ\u00e9ens prend g\u00e9n\u00e9ralement de 12 \u00e0 15 jours ouvrables. Nous mettrons \u00e0 jour les informations logistiques pour vous en temps r\u00e9el.<\/p>","protected":false},"excerpt":{"rendered":"<p class=\"\" data-start=\"121\" data-end=\"211\">Obtenez les Vapes Al Fakher Crystal 8000 Puffs - double mode, rechargeable Type-C, gros nuages, vapotage DTL fluide, affichage sur \u00e9cran. Livraison rapide<\/p>\n<p>Veuillez contacter le WhatsApp de Mandy pour un prix r\u00e9duit<a href=\"https:\/\/wa.me\/8618077105796\">+8618077105796<\/a><\/p>\n<p><img decoding=\"async\" class=\"alignnone wp-image-2151\" src=\"http:\/\/vapebulkp.com\/wp-content\/uploads\/2024\/04\/Mandy-WhatsApp-Randm.jpg\" alt=\"WhatsApp Mandy Randm\" width=\"297\" height=\"316\" srcset=\"https:\/\/vapebulkp.com\/wp-content\/uploads\/2024\/04\/Mandy-WhatsApp-Randm.jpg 916w, https:\/\/vapebulkp.com\/wp-content\/uploads\/2024\/04\/Mandy-WhatsApp-Randm-282x300.jpg 282w, https:\/\/vapebulkp.com\/wp-content\/uploads\/2024\/04\/Mandy-WhatsApp-Randm-768x817.jpg 768w, https:\/\/vapebulkp.com\/wp-content\/uploads\/2024\/04\/Mandy-WhatsApp-Randm-600x638.jpg 600w\" sizes=\"(max-width: 297px) 100vw, 297px\" \/><\/p>\n<p><span style=\"color: #ff0000\">REMARQUE : Les prix sur notre site web n'incluent pas les frais de port<\/span><\/p>\n<p>&nbsp;<\/p>","protected":false},"featured_media":3751,"comment_status":"open","ping_status":"closed","template":"","meta":{"_uag_custom_page_level_css":"","_lmt_disableupdate":"no","_lmt_disable":"","site-sidebar-layout":"default","site-content-layout":"content-boxed-container","ast-site-content-layout":"normal-width-container","site-content-style":"boxed","site-sidebar-style":"unboxed","ast-global-header-display":"","ast-banner-title-visibility":"","ast-main-header-display":"","ast-hfb-above-header-display":"","ast-hfb-below-header-display":"","ast-hfb-mobile-header-display":"","site-post-title":"","ast-breadcrumbs-content":"","ast-featured-img":"","footer-sml-layout":"","theme-transparent-header-meta":"default","adv-header-id-meta":"","stick-header-meta":"","header-above-stick-meta":"","header-main-stick-meta":"","header-below-stick-meta":"","astra-migrate-meta-layouts":"set","_joinchat":[]},"product_cat":[194,343,153,155,33,59,100,34,158,157,154,152,58,84,156,63,32],"product_tag":[36,37,245,41,286,40],"class_list":["post-3752","product","type-product","status-publish","has-post-thumbnail","hentry","product_cat-50000-puffs-disposable-vape","product_cat-al-fakher-vape","product_cat-hot-disposable-vapes","product_cat-belgium-hot-disposable-vapes","product_cat-france-vape-hot-sale","product_cat-germany-hot-disposable-vape","product_cat-germany-wholesale-vape-shop","product_cat-netherlands-vape-good-sale","product_cat-norway-hot-disposable-vapes","product_cat-poland-hot-disposable-vapes","product_cat-portugal-hot-disposable-vapes","product_cat-spain-hot-disposable-vapes","product_cat-sweden-hot-disposable-vape","product_cat-sweden-wholesale-vape","product_cat-switzerland-hot-disposable-vapes","product_cat-top-sale-disposable-vape","product_cat-vape-hot-sale-this-week","product_tag-good-vape","product_tag-hot-sale-disposable-vape","product_tag-mr-goodie-dual-mode-king-50000-puffs","product_tag-poland-hot-vape","product_tag-puffs-stock-in-europe","product_tag-sweden-hot-vape","pa_brand-al-fakher-vape","desktop-align-left","tablet-align-left","mobile-align-left"],"yoast_head":"<!-- This site is optimized with the Yoast SEO plugin v21.1 - https:\/\/yoast.com\/wordpress\/plugins\/seo\/ -->\n<title>Al Fakher Crystal 8000 Puffs Crown Bar Wholesale Disposable Vapes - vapebulkp.com<\/title>\n<meta name=\"description\" content=\"Get Al Fakher Crystal 8000 Puffs Vape \u2014 dual mode, Type-C rechargeable, big clouds, smooth DTL vaping, screen display. Fast shipping &amp; wholesale deals.\" \/>\n<meta name=\"robots\" content=\"index, follow, max-snippet:-1, max-image-preview:large, max-video-preview:-1\" \/>\n<link rel=\"canonical\" href=\"https:\/\/vapebulkp.com\/fr\/produit\/al-fakher-crystal-8000-puffs-crown-bar-wholesale-disposable-vapes\/\" \/>\n<meta property=\"og:locale\" content=\"fr_FR\" \/>\n<meta property=\"og:type\" content=\"article\" \/>\n<meta property=\"og:title\" content=\"Al Fakher Crystal 8000 Puffs Crown Bar Wholesale Disposable Vapes - vapebulkp.com\" \/>\n<meta property=\"og:description\" content=\"Get Al Fakher Crystal 8000 Puffs Vape \u2014 dual mode, Type-C rechargeable, big clouds, smooth DTL vaping, screen display. Fast shipping &amp; wholesale deals.\" \/>\n<meta property=\"og:url\" content=\"https:\/\/vapebulkp.com\/fr\/produit\/al-fakher-crystal-8000-puffs-crown-bar-wholesale-disposable-vapes\/\" \/>\n<meta property=\"og:site_name\" content=\"vapebulkp.com\" \/>\n<meta property=\"article:modified_time\" content=\"2025-09-24T03:57:33+00:00\" \/>\n<meta property=\"og:image\" content=\"http:\/\/vapebulkp.com\/wp-content\/uploads\/2025\/05\/Shop-Al-Fakher-Crystal-8000-Puffs-Wholesale-Vape.webp\" \/>\n\t<meta property=\"og:image:width\" content=\"800\" \/>\n\t<meta property=\"og:image:height\" content=\"800\" \/>\n\t<meta property=\"og:image:type\" content=\"image\/webp\" \/>\n<meta name=\"twitter:card\" content=\"summary_large_image\" \/>\n<meta name=\"twitter:label1\" content=\"Dur\u00e9e de lecture estim\u00e9e\" \/>\n\t<meta name=\"twitter:data1\" content=\"4 minutes\" \/>\n<script type=\"application\/ld+json\" class=\"yoast-schema-graph\">{\"@context\":\"https:\/\/schema.org\",\"@graph\":[{\"@type\":\"WebPage\",\"@id\":\"https:\/\/vapebulkp.com\/product\/al-fakher-crystal-8000-puffs-crown-bar-wholesale-disposable-vapes\/\",\"url\":\"https:\/\/vapebulkp.com\/product\/al-fakher-crystal-8000-puffs-crown-bar-wholesale-disposable-vapes\/\",\"name\":\"Al Fakher Crystal 8000 Puffs Crown Bar Wholesale Disposable Vapes - vapebulkp.com\",\"isPartOf\":{\"@id\":\"https:\/\/vapebulkp.com\/#website\"},\"datePublished\":\"2025-05-07T07:27:59+00:00\",\"dateModified\":\"2025-09-24T03:57:33+00:00\",\"description\":\"Get Al Fakher Crystal 8000 Puffs Vape \u2014 dual mode, Type-C rechargeable, big clouds, smooth DTL vaping, screen display. Fast shipping & wholesale deals.\",\"breadcrumb\":{\"@id\":\"https:\/\/vapebulkp.com\/product\/al-fakher-crystal-8000-puffs-crown-bar-wholesale-disposable-vapes\/#breadcrumb\"},\"inLanguage\":\"fr-FR\",\"potentialAction\":[{\"@type\":\"ReadAction\",\"target\":[\"https:\/\/vapebulkp.com\/product\/al-fakher-crystal-8000-puffs-crown-bar-wholesale-disposable-vapes\/\"]}]},{\"@type\":\"BreadcrumbList\",\"@id\":\"https:\/\/vapebulkp.com\/product\/al-fakher-crystal-8000-puffs-crown-bar-wholesale-disposable-vapes\/#breadcrumb\",\"itemListElement\":[{\"@type\":\"ListItem\",\"position\":1,\"name\":\"Home\",\"item\":\"https:\/\/vapebulkp.com\/\"},{\"@type\":\"ListItem\",\"position\":2,\"name\":\"Hot Trend Vapes\",\"item\":\"https:\/\/vapebulkp.com\/vape-shop\/\"},{\"@type\":\"ListItem\",\"position\":3,\"name\":\"Al Fakher Crystal 8000 Puffs Crown Bar Wholesale Disposable Vapes\"}]},{\"@type\":\"WebSite\",\"@id\":\"https:\/\/vapebulkp.com\/#website\",\"url\":\"https:\/\/vapebulkp.com\/\",\"name\":\"vapebulkp.com\",\"description\":\"Buy Vape In Cheap Bulk Price Near you\",\"publisher\":{\"@id\":\"https:\/\/vapebulkp.com\/#organization\"},\"potentialAction\":[{\"@type\":\"SearchAction\",\"target\":{\"@type\":\"EntryPoint\",\"urlTemplate\":\"https:\/\/vapebulkp.com\/?s={search_term_string}\"},\"query-input\":\"required name=search_term_string\"}],\"inLanguage\":\"fr-FR\"},{\"@type\":\"Organization\",\"@id\":\"https:\/\/vapebulkp.com\/#organization\",\"name\":\"vapebulkp.com\",\"url\":\"https:\/\/vapebulkp.com\/\",\"logo\":{\"@type\":\"ImageObject\",\"inLanguage\":\"fr-FR\",\"@id\":\"https:\/\/vapebulkp.com\/#\/schema\/logo\/image\/\",\"url\":\"https:\/\/vapebulkp.com\/wp-content\/uploads\/2023\/09\/cropped-vapebulkp.png\",\"contentUrl\":\"https:\/\/vapebulkp.com\/wp-content\/uploads\/2023\/09\/cropped-vapebulkp.png\",\"width\":516,\"height\":163,\"caption\":\"vapebulkp.com\"},\"image\":{\"@id\":\"https:\/\/vapebulkp.com\/#\/schema\/logo\/image\/\"}}]}<\/script>\n<!-- \/ Yoast SEO plugin. -->","yoast_head_json":{"title":"Al Fakher Crystal 8000 Puffs Crown Bar Wholesale Disposable Vapes - vapebulkp.com","description":"Get Al Fakher Crystal 8000 Puffs Vape \u2014 dual mode, Type-C rechargeable, big clouds, smooth DTL vaping, screen display. Fast shipping & wholesale deals.","robots":{"index":"index","follow":"follow","max-snippet":"max-snippet:-1","max-image-preview":"max-image-preview:large","max-video-preview":"max-video-preview:-1"},"canonical":"https:\/\/vapebulkp.com\/fr\/produit\/al-fakher-crystal-8000-puffs-crown-bar-wholesale-disposable-vapes\/","og_locale":"fr_FR","og_type":"article","og_title":"Al Fakher Crystal 8000 Puffs Crown Bar Wholesale Disposable Vapes - vapebulkp.com","og_description":"Get Al Fakher Crystal 8000 Puffs Vape \u2014 dual mode, Type-C rechargeable, big clouds, smooth DTL vaping, screen display. Fast shipping & wholesale deals.","og_url":"https:\/\/vapebulkp.com\/fr\/produit\/al-fakher-crystal-8000-puffs-crown-bar-wholesale-disposable-vapes\/","og_site_name":"vapebulkp.com","article_modified_time":"2025-09-24T03:57:33+00:00","og_image":[{"width":800,"height":800,"url":"http:\/\/vapebulkp.com\/wp-content\/uploads\/2025\/05\/Shop-Al-Fakher-Crystal-8000-Puffs-Wholesale-Vape.webp","type":"image\/webp"}],"twitter_card":"summary_large_image","twitter_misc":{"Dur\u00e9e de lecture estim\u00e9e":"4 minutes"},"schema":{"@context":"https:\/\/schema.org","@graph":[{"@type":"WebPage","@id":"https:\/\/vapebulkp.com\/product\/al-fakher-crystal-8000-puffs-crown-bar-wholesale-disposable-vapes\/","url":"https:\/\/vapebulkp.com\/product\/al-fakher-crystal-8000-puffs-crown-bar-wholesale-disposable-vapes\/","name":"Al Fakher Crystal 8000 Puffs Crown Bar Wholesale Disposable Vapes - vapebulkp.com","isPartOf":{"@id":"https:\/\/vapebulkp.com\/#website"},"datePublished":"2025-05-07T07:27:59+00:00","dateModified":"2025-09-24T03:57:33+00:00","description":"Get Al Fakher Crystal 8000 Puffs Vape \u2014 dual mode, Type-C rechargeable, big clouds, smooth DTL vaping, screen display. Fast shipping & wholesale deals.","breadcrumb":{"@id":"https:\/\/vapebulkp.com\/product\/al-fakher-crystal-8000-puffs-crown-bar-wholesale-disposable-vapes\/#breadcrumb"},"inLanguage":"fr-FR","potentialAction":[{"@type":"ReadAction","target":["https:\/\/vapebulkp.com\/product\/al-fakher-crystal-8000-puffs-crown-bar-wholesale-disposable-vapes\/"]}]},{"@type":"BreadcrumbList","@id":"https:\/\/vapebulkp.com\/product\/al-fakher-crystal-8000-puffs-crown-bar-wholesale-disposable-vapes\/#breadcrumb","itemListElement":[{"@type":"ListItem","position":1,"name":"Home","item":"https:\/\/vapebulkp.com\/"},{"@type":"ListItem","position":2,"name":"Hot Trend Vapes","item":"https:\/\/vapebulkp.com\/vape-shop\/"},{"@type":"ListItem","position":3,"name":"Al Fakher Crystal 8000 Puffs Crown Bar Wholesale Disposable Vapes"}]},{"@type":"WebSite","@id":"https:\/\/vapebulkp.com\/#website","url":"https:\/\/vapebulkp.com\/","name":"vapebulkp.com","description":"Buy Vape In Cheap Bulk Price Near you","publisher":{"@id":"https:\/\/vapebulkp.com\/#organization"},"potentialAction":[{"@type":"SearchAction","target":{"@type":"EntryPoint","urlTemplate":"https:\/\/vapebulkp.com\/?s={search_term_string}"},"query-input":"required name=search_term_string"}],"inLanguage":"fr-FR"},{"@type":"Organization","@id":"https:\/\/vapebulkp.com\/#organization","name":"vapebulkp.com","url":"https:\/\/vapebulkp.com\/","logo":{"@type":"ImageObject","inLanguage":"fr-FR","@id":"https:\/\/vapebulkp.com\/#\/schema\/logo\/image\/","url":"https:\/\/vapebulkp.com\/wp-content\/uploads\/2023\/09\/cropped-vapebulkp.png","contentUrl":"https:\/\/vapebulkp.com\/wp-content\/uploads\/2023\/09\/cropped-vapebulkp.png","width":516,"height":163,"caption":"vapebulkp.com"},"image":{"@id":"https:\/\/vapebulkp.com\/#\/schema\/logo\/image\/"}}]}},"uagb_featured_image_src":{"full":["https:\/\/vapebulkp.com\/wp-content\/uploads\/2025\/05\/Shop-Al-Fakher-Crystal-8000-Puffs-Wholesale-Vape.webp",800,800,false],"thumbnail":["https:\/\/vapebulkp.com\/wp-content\/uploads\/2025\/05\/Shop-Al-Fakher-Crystal-8000-Puffs-Wholesale-Vape-150x150.webp",150,150,true],"medium":["https:\/\/vapebulkp.com\/wp-content\/uploads\/2025\/05\/Shop-Al-Fakher-Crystal-8000-Puffs-Wholesale-Vape-300x300.webp",300,300,true],"medium_large":["https:\/\/vapebulkp.com\/wp-content\/uploads\/2025\/05\/Shop-Al-Fakher-Crystal-8000-Puffs-Wholesale-Vape-768x768.webp",768,768,true],"large":["https:\/\/vapebulkp.com\/wp-content\/uploads\/2025\/05\/Shop-Al-Fakher-Crystal-8000-Puffs-Wholesale-Vape.webp",800,800,false],"1536x1536":["https:\/\/vapebulkp.com\/wp-content\/uploads\/2025\/05\/Shop-Al-Fakher-Crystal-8000-Puffs-Wholesale-Vape.webp",800,800,false],"2048x2048":["https:\/\/vapebulkp.com\/wp-content\/uploads\/2025\/05\/Shop-Al-Fakher-Crystal-8000-Puffs-Wholesale-Vape.webp",800,800,false],"trp-custom-language-flag":["https:\/\/vapebulkp.com\/wp-content\/uploads\/2025\/05\/Shop-Al-Fakher-Crystal-8000-Puffs-Wholesale-Vape.webp",12,12,false],"woocommerce_thumbnail":["https:\/\/vapebulkp.com\/wp-content\/uploads\/2025\/05\/Shop-Al-Fakher-Crystal-8000-Puffs-Wholesale-Vape-300x300.webp",300,300,true],"woocommerce_single":["https:\/\/vapebulkp.com\/wp-content\/uploads\/2025\/05\/Shop-Al-Fakher-Crystal-8000-Puffs-Wholesale-Vape-600x600.webp",600,600,true],"woocommerce_gallery_thumbnail":["https:\/\/vapebulkp.com\/wp-content\/uploads\/2025\/05\/Shop-Al-Fakher-Crystal-8000-Puffs-Wholesale-Vape-100x100.webp",100,100,true],"wcpr-photo-reviews":["https:\/\/vapebulkp.com\/wp-content\/uploads\/2025\/05\/Shop-Al-Fakher-Crystal-8000-Puffs-Wholesale-Vape.webp",500,500,false]},"uagb_author_info":{"display_name":"Mandy vape bulk price","author_link":"https:\/\/vapebulkp.com\/fr\/author\/"},"uagb_comment_info":0,"uagb_excerpt":"Get Al Fakher Crystal 8000 Puffs Vapes \u2014 dual mode, Type-C rechargeable, big clouds, smooth DTL vaping, screen display. Fast shipping &amp; wholesale deals. Pls Contact Mandy's WhatsApp For Discount Price+8618077105796 NOTE: Prices on our website does not include shipping costs &nbsp;","_links":{"self":[{"href":"https:\/\/vapebulkp.com\/fr\/wp-json\/wp\/v2\/product\/3752","targetHints":{"allow":["GET"]}}],"collection":[{"href":"https:\/\/vapebulkp.com\/fr\/wp-json\/wp\/v2\/product"}],"about":[{"href":"https:\/\/vapebulkp.com\/fr\/wp-json\/wp\/v2\/types\/product"}],"replies":[{"embeddable":true,"href":"https:\/\/vapebulkp.com\/fr\/wp-json\/wp\/v2\/comments?post=3752"}],"wp:featuredmedia":[{"embeddable":true,"href":"https:\/\/vapebulkp.com\/fr\/wp-json\/wp\/v2\/media\/3751"}],"wp:attachment":[{"href":"https:\/\/vapebulkp.com\/fr\/wp-json\/wp\/v2\/media?parent=3752"}],"wp:term":[{"taxonomy":"product_cat","embeddable":true,"href":"https:\/\/vapebulkp.com\/fr\/wp-json\/wp\/v2\/product_cat?post=3752"},{"taxonomy":"product_tag","embeddable":true,"href":"https:\/\/vapebulkp.com\/fr\/wp-json\/wp\/v2\/product_tag?post=3752"}],"curies":[{"name":"wp","href":"https:\/\/api.w.org\/{rel}","templated":true}]}}