{"id":3800,"date":"2025-05-27T10:26:00","date_gmt":"2025-05-27T08:26:00","guid":{"rendered":"https:\/\/vapebulkp.com\/?post_type=product&#038;p=3800"},"modified":"2025-09-24T04:58:04","modified_gmt":"2025-09-24T02:58:04","slug":"stag-bar-triple-60000-puffs-for-wholesale-distributors","status":"publish","type":"product","link":"https:\/\/vapebulkp.com\/fr\/product\/stag-bar-triple-60000-puffs-for-wholesale-distributors\/","title":{"rendered":"STAG BAR Triple 60 000 bouff\u00e9es pour les distributeurs en gros"},"content":{"rendered":"<h2 style=\"text-align: left\">STAG BAR Triple 60 000 bouff\u00e9es pour les distributeurs en gros<\/h2>\n<p>Le <b>STAG BAR Triple <a href=\"https:\/\/vapebulkp.com\/fr\/product-category\/60000-puffs-disposable-vape\/\">Vape jetable 60000 bouff\u00e9es<\/a><\/b>\u00a0est con\u00e7u pour le vapoteur europ\u00e9en moderne qui exige \u00e0 la fois une capacit\u00e9 et des performances exceptionnelles. <span class=\"citation-23\">Ce <\/span><b><span class=\"citation-23\">vape jetable<\/span><\/b><span class=\"citation-23\"> comprend un syst\u00e8me de pods unique <\/span><b><span class=\"citation-23\">3-en-1<\/span><\/b><span class=\"citation-23\">, offrant jusqu'\u00e0 une capacit\u00e9 monumentale <\/span><b><span class=\"citation-23\">60 000 bouff\u00e9es<\/span><\/b><span class=\"citation-23 citation-end-23\"> et permettant de multiples combinaisons de saveurs dans un seul appareil.<\/span><\/p>\n<p><span class=\"citation-22\">Propuls\u00e9 par une technologie avanc\u00e9e <\/span><b><span class=\"citation-22\">technologie de r\u00e9sistance mesh<\/span><\/b><span class=\"citation-22\">, ce <\/span><b><span class=\"citation-22\">vape jetable \u00e0 r\u00e9sistance en maille<\/span><\/b><span class=\"citation-22 citation-end-22\"> offre une vapeur toujours douce et une saveur riche et authentique de la premi\u00e8re \u00e0 la derni\u00e8re bouff\u00e9e.<\/span> La batterie robuste <b>650mAh<\/b> et <b>Chargement rapide Type-C<\/b> assure une alimentation fiable tout au long de sa dur\u00e9e de vie, ce qui en fait un appareil fiable <b>vape jetable rechargeable<\/b> pour toutes les occasions. <span class=\"citation-21 citation-end-21\">Un \u00e9cran LED intelligent affiche l'\u00e9tat de l'e-liquide et de la batterie en temps r\u00e9el, vous donnant un contr\u00f4le total sur votre exp\u00e9rience de vapotage.<\/span><\/p>\n<p>Chaque chambre est pr\u00e9-remplie d'un e-liquide de sel de nicotine de qualit\u00e9 sup\u00e9rieure, avec des concentrations con\u00e7ues pour le march\u00e9 fran\u00e7ais. <b>vapeur de sel de nicotine <\/b>Pour les distributeurs et les d\u00e9taillants, le STAG BAR Triple 60000 bouff\u00e9es est un ajout essentiel \u00e0 tout inventaire. Disponible pour <b>la vente en gros de vapes \u00e0 haute capacit\u00e9<\/b> et exp\u00e9di\u00e9 directement depuis nos <b>entrep\u00f4ts de l'UE<\/b>ce mod\u00e8le r\u00e9pond \u00e0 la demande croissante de produits riches en fonctionnalit\u00e9s, <b>vapes jetables ultra-longue dur\u00e9e<\/b> et renforce votre pr\u00e9sence dans <b>vente en gros de vape en Europe<\/b>.<\/p>\n<h6>Veuillez contacter le WhatsApp de Mandy pour un prix r\u00e9duit<a href=\"https:\/\/wa.me\/8618077105796\">+8618077105796<\/a><\/h6>\n<p><img decoding=\"async\" class=\"alignnone wp-image-2151\" src=\"http:\/\/vapebulkp.com\/wp-content\/uploads\/2024\/04\/Mandy-WhatsApp-Randm.jpg\" alt=\"WhatsApp Mandy Randm\" width=\"324\" height=\"330\" \/><\/p>\n<div class=\"flex max-w-full flex-col flex-grow\">\n<div class=\"min-h-8 text-message flex w-full flex-col items-end gap-2 whitespace-normal break-words text-start [.text-message+&amp;]:mt-5\" dir=\"auto\" data-message-author-role=\"assistant\" data-message-id=\"d24cf626-c018-4805-80f5-44de047f2ba0\" data-message-model-slug=\"gpt-4o\">\n<div class=\"flex w-full flex-col gap-1 empty:hidden first:pt-[3px]\">\n<div class=\"markdown prose w-full break-words dark:prose-invert light\">\n<h2>Pourquoi acheter STAG BAR Triple Puffs 60k Next Gen Vape jetable 2025 chez <a href=\"https:\/\/vapebulkp.com\/fr\/vape-shop\/\">Vapebulkp.com<\/a>?<\/h2>\n<p class=\"\" data-start=\"1686\" data-end=\"1863\">Vapebulkp.com est la premi\u00e8re destination pour les vapes jetables de grande capacit\u00e9 comme le STAG BAR Triple 60000 Puff - un syst\u00e8me de vape 3-en-1 innovant combinant puissance, vari\u00e9t\u00e9 et commodit\u00e9 dans un seul appareil \u00e9l\u00e9gant. Con\u00e7u pour les vapoteurs s\u00e9rieux et les acheteurs en gros, cette vape avanc\u00e9e offre jusqu'\u00e0 60000 bouff\u00e9es \u00e0 travers trois pods int\u00e9gr\u00e9s, chacun avec 18 ml d'e-liquide premium et des profils de saveur distincts. \u00c9quip\u00e9 d'une batterie rechargeable de 650 mAh, d'une technologie de bobine en maille, d'une r\u00e9sistance de bobine de 0,9 \u03a9 et d'un \u00e9cran LED intelligent, il assure une vapeur constante, un go\u00fbt riche et un suivi pr\u00e9cis de l'utilisation. Chez Vapebulkp.com, vous b\u00e9n\u00e9ficierez de produits authentiques, de prix de gros, d'une exp\u00e9dition rapide dans l'UE et d'un service de confiance, id\u00e9al pour les grossistes, les d\u00e9taillants et les distributeurs de vape \u00e0 la recherche d'appareils de vape \u00e0 forte demande \u00e0 une valeur imbattable.<\/p>\n<\/div>\n<\/div>\n<\/div>\n<\/div>\n<h2>STAG BAR Triple 60k Puff Type C Kit de Vape de Charge Sp\u00e9cifications Cl\u00e9s :<\/h2>\n<ul>\n<li data-start=\"173\" data-end=\"228\">\n<p data-start=\"175\" data-end=\"228\"><strong data-start=\"175\" data-end=\"189\">Nombre de bouff\u00e9es<\/strong>: Jusqu'\u00e0 60000 bouff\u00e9es (3 x 20000 bouff\u00e9es)<\/p>\n<\/li>\n<li data-start=\"229\" data-end=\"342\">\n<p data-start=\"231\" data-end=\"342\"><strong data-start=\"231\" data-end=\"248\">Conception 3-en-1<\/strong>: Comprend 3 pods de vape int\u00e9gr\u00e9s, chacun avec une saveur unique pour une exp\u00e9rience de vapotage polyvalente<\/p>\n<\/li>\n<li data-start=\"343\" data-end=\"400\">\n<p data-start=\"345\" data-end=\"400\"><strong data-start=\"345\" data-end=\"364\">Capacit\u00e9 de Saveur<\/strong>: 3 saveurs distinctes dans un seul appareil<\/p>\n<\/li>\n<li data-start=\"401\" data-end=\"449\">\n<p data-start=\"403\" data-end=\"449\"><strong data-start=\"403\" data-end=\"424\">Capacit\u00e9 de l'e-liquide<\/strong>: 3 \u00d7 18 ml (Total 54 ml)<\/p>\n<\/li>\n<li data-start=\"450\" data-end=\"503\">\n<p data-start=\"452\" data-end=\"503\"><strong data-start=\"452\" data-end=\"472\">Capacit\u00e9 de la batterie<\/strong>: Batterie rechargeable de 650mAh<\/p>\n<\/li>\n<li data-start=\"504\" data-end=\"547\">\n<p data-start=\"506\" data-end=\"547\"><strong data-start=\"506\" data-end=\"523\">Port de charge<\/strong>: Chargement rapide Type-C<\/p>\n<\/li>\n<li data-start=\"548\" data-end=\"626\">\n<p data-start=\"550\" data-end=\"626\"><strong data-start=\"550\" data-end=\"563\">Type de bobine<\/strong>: Bobine en maille avanc\u00e9e pour une vapeur et une saveur constantes<\/p>\n<\/li>\n<li data-start=\"627\" data-end=\"656\">\n<p data-start=\"629\" data-end=\"656\"><strong data-start=\"629\" data-end=\"648\">R\u00e9sistance de la bobine<\/strong>: 0,9\u03a9<\/p>\n<\/li>\n<li data-start=\"657\" data-end=\"746\">\n<p data-start=\"659\" data-end=\"746\"><strong data-start=\"659\" data-end=\"674\">Affichage LED<\/strong>: L'\u00e9cran en temps r\u00e9el affiche le niveau de la batterie et l'utilisation d'e-liquide pour chaque pod<\/p>\n<\/li>\n<li data-start=\"747\" data-end=\"833\">\n<p data-start=\"749\" data-end=\"833\"><strong data-start=\"749\" data-end=\"770\">Taux de nicotine<\/strong>: Disponible en options de sel de nicotine 2% et 5% (personnalisable)<\/p>\n<\/li>\n<li data-start=\"834\" data-end=\"865\">\n<p data-start=\"836\" data-end=\"865\"><strong data-start=\"836\" data-end=\"857\">Poids par appareil<\/strong>: 130g\/pi\u00e8ce<\/p>\n<\/li>\n<\/ul>\n<h2><strong>STAG BAR Triple 60000 Puffs Ultra Vape Device Liste des saveurs<\/strong><\/h2>\n<p class=\"selectable-text copyable-text x15bjb6t x1n2onr6\" dir=\"ltr\">1. Fraise Kiwi * Myrtille Glac\u00e9e * Past\u00e8que Glac\u00e9e<br \/>\n2. Framboise Bleue Glac\u00e9e * Canneberge Raisin * Fraise Past\u00e8que<br \/>\n3. Fraise Raisin * Framboise Past\u00e8que * Myrtille Glac\u00e9e<br \/>\n4. Triple Melon * P\u00eache Mangue Ananas * Fraise Glac\u00e9e<br \/>\n5. Myrtille Glac\u00e9e * Cerise Glac\u00e9e * Citron Vert<br \/>\n6. Framboise Past\u00e8que * Fraise Kiwi * Framboise Bleue Glac\u00e9e<br \/>\n7. Cerise Glac\u00e9e * Fraise Kiwi * Double Pomme<br \/>\n8. Chewing-gum Past\u00e8que * Framboise Bleue Glac\u00e9e * Triple Melon<br \/>\n9. Fraise Glac\u00e9e * Past\u00e8que Glac\u00e9e * Citron Vert<br \/>\n10. Past\u00e8que Glac\u00e9e * Fraise Raisin * P\u00eache Mangue Ananas<\/p>\n<p><span style=\"vertical-align: inherit\">Trouvez plus de produits qui pourraient vous plaire\uff1a<\/span><em><a href=\"https:\/\/wa.me\/8618077105796\"><span style=\"vertical-align: inherit\">\u00a0Achetez-le maintenant<\/span><\/a><\/em><\/p>\n<p><span style=\"vertical-align: inherit\">Autres Puffs que vous pourriez aimer\uff1a<\/span><a href=\"https:\/\/vapebulkp.com\/fr\/product\/vopk-60000-puffs-top-sale-disposable-vape-pen\/\"><span style=\"vertical-align: inherit\">VOPK 60000 Bouff\u00e9es<\/span><\/a><\/p>\n<p><a href=\"https:\/\/vapebulkp.com\/fr\/product\/waspe-crystal-vape-40000-puffs-disposable-e-cigarette-dual-flavors-wholesale-price\/\"><span style=\"vertical-align: inherit\">WASPE Crystal 40000 Bouff\u00e9es<\/span><\/a><span style=\"vertical-align: inherit\">\/ <\/span><a href=\"https:\/\/vapebulkp.com\/fr\/product\/vapme-digital-30000-puffs-disposable-vape-with-smart-screen\/\"><span style=\"vertical-align: inherit\">\u00a0Vapme Digital 30000 Bouff\u00e9es <\/span><\/a><span style=\"vertical-align: inherit\">\/<\/span><a href=\"https:\/\/vapebulkp.com\/fr\/product\/bang-kingdoms-rex-nos-50000-puffs-high-capacity-vape-device\/\"><span style=\"vertical-align: inherit\"> Bang Kingdoms rex nos 50000 Bouff\u00e9es<\/span><\/a><\/p>\n<h3 class=\"\" data-start=\"2205\" data-end=\"2276\">Pourquoi le Pod de Vape Triple 60000 Puffs STAG BAR Gagne en Popularit\u00e9 en Europe :<\/h3>\n<p data-start=\"117\" data-end=\"399\">La cigarette \u00e9lectronique jetable STAG BAR Triple 60000 Puffs s'impose rapidement comme un choix de premier ordre pour les d\u00e9taillants et les consommateurs europ\u00e9ens gr\u00e2ce \u00e0 son syst\u00e8me de pod innovant 3-en-1, offrant trois chambres de saveurs distinctes de 18 ml pour un total de 54 ml d'e-liquide et jusqu'\u00e0 60000 bouff\u00e9es. Cet appareil de vape de pointe allie commodit\u00e9 et performance, int\u00e9grant une technologie de bobine maill\u00e9e pour une vapeur plus lisse, une batterie rechargeable de 650 mAh, un affichage LED intelligent pour le suivi des bouff\u00e9es, et un port de charge Type-C. Con\u00e7u pour r\u00e9pondre \u00e0 la demande croissante de pods de vape jetables \u00e0 haute capacit\u00e9 dans des pays comme l'Allemagne, la France, l'Espagne, l'Italie et les Pays-Bas, il se distingue par sa longue dur\u00e9e de vie, sa vari\u00e9t\u00e9 de saveurs et sa disponibilit\u00e9 en gros. Le STAG BAR Triple est la solution id\u00e9ale pour les distributeurs en France \u00e0 la recherche de produits de vape fiables et de nouvelle g\u00e9n\u00e9ration qui s'alignent sur les tendances du march\u00e9.<\/p>\n<h3>D\u00e9tails d'exp\u00e9dition :<\/h3>\n<p><span style=\"color: #ff6600\">D\u00e9lai de production : 5-10 jours ouvrables<\/span><br \/>\n<span style=\"color: #ff6600\">D\u00e9lai de livraison : 8-14 jours ouvrables<\/span><\/p>\n<p>Tous les produits de notre boutique sont 100% originaux et authentiques, c'est pourquoi nous avons pour politique de rembourser dix fois le prix des produits contrefaits. Nous utilisons des canaux logistiques tels que UPS\/DHL\/FEDEX\/DPD pour vous livrer les marchandises.<\/p>\n<p>Pour les colis exp\u00e9di\u00e9s en France, il faut g\u00e9n\u00e9ralement 10 jours ouvrables pour qu'ils arrivent. L'exp\u00e9dition vers les pays europ\u00e9ens prend g\u00e9n\u00e9ralement de 12 \u00e0 15 jours ouvrables. Nous mettrons \u00e0 jour les informations logistiques pour vous en temps r\u00e9el.<\/p>","protected":false},"excerpt":{"rendered":"<p class=\"\" data-start=\"121\" data-end=\"211\">D\u00e9couvrez la vape STAG BAR Triple 60000 bouff\u00e9es avec ses trois pods de saveurs, sa batterie rechargeable de 650 mAh et son \u00e9cran intelligent. Parfaite pour les grossistes de vape en Europe \u00e0 la recherche d'appareils jetables \u00e0 haute capacit\u00e9.<\/p>\n<p>Veuillez contacter le WhatsApp de Mandy pour un prix r\u00e9duit<a href=\"https:\/\/wa.me\/8618077105796\">+8618077105796<\/a><\/p>\n<p><img decoding=\"async\" class=\"alignnone wp-image-2151\" src=\"http:\/\/vapebulkp.com\/wp-content\/uploads\/2024\/04\/Mandy-WhatsApp-Randm.jpg\" alt=\"WhatsApp Mandy Randm\" width=\"297\" height=\"316\" srcset=\"https:\/\/vapebulkp.com\/wp-content\/uploads\/2024\/04\/Mandy-WhatsApp-Randm.jpg 916w, https:\/\/vapebulkp.com\/wp-content\/uploads\/2024\/04\/Mandy-WhatsApp-Randm-282x300.jpg 282w, https:\/\/vapebulkp.com\/wp-content\/uploads\/2024\/04\/Mandy-WhatsApp-Randm-768x817.jpg 768w, https:\/\/vapebulkp.com\/wp-content\/uploads\/2024\/04\/Mandy-WhatsApp-Randm-600x638.jpg 600w\" sizes=\"(max-width: 297px) 100vw, 297px\" \/><\/p>\n<p><span style=\"color: #ff0000\">REMARQUE : Les prix sur notre site web n'incluent pas les frais de port<\/span><\/p>\n<p>&nbsp;<\/p>","protected":false},"featured_media":3799,"comment_status":"open","ping_status":"closed","template":"","meta":{"_uag_custom_page_level_css":"","_lmt_disableupdate":"no","_lmt_disable":"","site-sidebar-layout":"default","site-content-layout":"content-boxed-container","ast-site-content-layout":"normal-width-container","site-content-style":"boxed","site-sidebar-style":"unboxed","ast-global-header-display":"","ast-banner-title-visibility":"","ast-main-header-display":"","ast-hfb-above-header-display":"","ast-hfb-below-header-display":"","ast-hfb-mobile-header-display":"","site-post-title":"","ast-breadcrumbs-content":"","ast-featured-img":"","footer-sml-layout":"","theme-transparent-header-meta":"default","adv-header-id-meta":"","stick-header-meta":"","header-above-stick-meta":"","header-main-stick-meta":"","header-below-stick-meta":"","astra-migrate-meta-layouts":"set","_joinchat":[]},"product_cat":[234,153,155,33,59,100,87,34,158,157,154,152,359,58,84,156,63,32],"product_tag":[36,37,41,286,251,40],"class_list":["post-3800","product","type-product","status-publish","has-post-thumbnail","hentry","product_cat-60000-puffs-disposable-vape","product_cat-hot-disposable-vapes","product_cat-belgium-hot-disposable-vapes","product_cat-france-vape-hot-sale","product_cat-germany-hot-disposable-vape","product_cat-germany-wholesale-vape-shop","product_cat-minimum-order-quantity-50pcs","product_cat-netherlands-vape-good-sale","product_cat-norway-hot-disposable-vapes","product_cat-poland-hot-disposable-vapes","product_cat-portugal-hot-disposable-vapes","product_cat-spain-hot-disposable-vapes","product_cat-stagbar-vape","product_cat-sweden-hot-disposable-vape","product_cat-sweden-wholesale-vape","product_cat-switzerland-hot-disposable-vapes","product_cat-top-sale-disposable-vape","product_cat-vape-hot-sale-this-week","product_tag-good-vape","product_tag-hot-sale-disposable-vape","product_tag-poland-hot-vape","product_tag-puffs-stock-in-europe","product_tag-stag-bar-star-15000-puffs","product_tag-sweden-hot-vape","pa_brand-stagbar-vape","desktop-align-left","tablet-align-left","mobile-align-left"],"yoast_head":"<!-- This site is optimized with the Yoast SEO plugin v21.1 - https:\/\/yoast.com\/wordpress\/plugins\/seo\/ -->\n<title>STAG BAR Triple 60000 Puffs For Wholesale Distributors - vapebulkp.com<\/title>\n<meta name=\"description\" content=\"Order STAG BAR Triple 60000 Puffs Disposable Vape at Vapebulkp.com \u2013 3-in-1 vape device with 54ml e-liquid, mesh coil, LED display, and Type-C port. Wholesale available across EU countries.\" \/>\n<meta name=\"robots\" content=\"index, follow, max-snippet:-1, max-image-preview:large, max-video-preview:-1\" \/>\n<link rel=\"canonical\" href=\"https:\/\/vapebulkp.com\/fr\/product\/stag-bar-triple-60000-puffs-for-wholesale-distributors\/\" \/>\n<meta property=\"og:locale\" content=\"fr_FR\" \/>\n<meta property=\"og:type\" content=\"article\" \/>\n<meta property=\"og:title\" content=\"STAG BAR Triple 60000 Puffs For Wholesale Distributors - vapebulkp.com\" \/>\n<meta property=\"og:description\" content=\"Order STAG BAR Triple 60000 Puffs Disposable Vape at Vapebulkp.com \u2013 3-in-1 vape device with 54ml e-liquid, mesh coil, LED display, and Type-C port. Wholesale available across EU countries.\" \/>\n<meta property=\"og:url\" content=\"https:\/\/vapebulkp.com\/fr\/product\/stag-bar-triple-60000-puffs-for-wholesale-distributors\/\" \/>\n<meta property=\"og:site_name\" content=\"vapebulkp.com\" \/>\n<meta property=\"article:modified_time\" content=\"2025-09-24T02:58:04+00:00\" \/>\n<meta property=\"og:image\" content=\"http:\/\/vapebulkp.com\/wp-content\/uploads\/2025\/05\/STAG-BAR-60000-Puffs-Disposable-Vape-with-Discount-Price.webp\" \/>\n\t<meta property=\"og:image:width\" content=\"800\" \/>\n\t<meta property=\"og:image:height\" content=\"800\" \/>\n\t<meta property=\"og:image:type\" content=\"image\/webp\" \/>\n<meta name=\"twitter:card\" content=\"summary_large_image\" \/>\n<meta name=\"twitter:label1\" content=\"Dur\u00e9e de lecture estim\u00e9e\" \/>\n\t<meta name=\"twitter:data1\" content=\"4 minutes\" \/>\n<script type=\"application\/ld+json\" class=\"yoast-schema-graph\">{\"@context\":\"https:\/\/schema.org\",\"@graph\":[{\"@type\":\"WebPage\",\"@id\":\"https:\/\/vapebulkp.com\/product\/stag-bar-triple-60000-puffs-for-wholesale-distributors\/\",\"url\":\"https:\/\/vapebulkp.com\/product\/stag-bar-triple-60000-puffs-for-wholesale-distributors\/\",\"name\":\"STAG BAR Triple 60000 Puffs For Wholesale Distributors - vapebulkp.com\",\"isPartOf\":{\"@id\":\"https:\/\/vapebulkp.com\/#website\"},\"datePublished\":\"2025-05-27T08:26:00+00:00\",\"dateModified\":\"2025-09-24T02:58:04+00:00\",\"description\":\"Order STAG BAR Triple 60000 Puffs Disposable Vape at Vapebulkp.com \u2013 3-in-1 vape device with 54ml e-liquid, mesh coil, LED display, and Type-C port. Wholesale available across EU countries.\",\"breadcrumb\":{\"@id\":\"https:\/\/vapebulkp.com\/product\/stag-bar-triple-60000-puffs-for-wholesale-distributors\/#breadcrumb\"},\"inLanguage\":\"fr-FR\",\"potentialAction\":[{\"@type\":\"ReadAction\",\"target\":[\"https:\/\/vapebulkp.com\/product\/stag-bar-triple-60000-puffs-for-wholesale-distributors\/\"]}]},{\"@type\":\"BreadcrumbList\",\"@id\":\"https:\/\/vapebulkp.com\/product\/stag-bar-triple-60000-puffs-for-wholesale-distributors\/#breadcrumb\",\"itemListElement\":[{\"@type\":\"ListItem\",\"position\":1,\"name\":\"Home\",\"item\":\"https:\/\/vapebulkp.com\/\"},{\"@type\":\"ListItem\",\"position\":2,\"name\":\"Hot Trend Vapes\",\"item\":\"https:\/\/vapebulkp.com\/vape-shop\/\"},{\"@type\":\"ListItem\",\"position\":3,\"name\":\"STAG BAR Triple 60000 Puffs For Wholesale Distributors\"}]},{\"@type\":\"WebSite\",\"@id\":\"https:\/\/vapebulkp.com\/#website\",\"url\":\"https:\/\/vapebulkp.com\/\",\"name\":\"vapebulkp.com\",\"description\":\"Buy Vape In Cheap Bulk Price Near you\",\"publisher\":{\"@id\":\"https:\/\/vapebulkp.com\/#organization\"},\"potentialAction\":[{\"@type\":\"SearchAction\",\"target\":{\"@type\":\"EntryPoint\",\"urlTemplate\":\"https:\/\/vapebulkp.com\/?s={search_term_string}\"},\"query-input\":\"required name=search_term_string\"}],\"inLanguage\":\"fr-FR\"},{\"@type\":\"Organization\",\"@id\":\"https:\/\/vapebulkp.com\/#organization\",\"name\":\"vapebulkp.com\",\"url\":\"https:\/\/vapebulkp.com\/\",\"logo\":{\"@type\":\"ImageObject\",\"inLanguage\":\"fr-FR\",\"@id\":\"https:\/\/vapebulkp.com\/#\/schema\/logo\/image\/\",\"url\":\"https:\/\/vapebulkp.com\/wp-content\/uploads\/2023\/09\/cropped-vapebulkp.png\",\"contentUrl\":\"https:\/\/vapebulkp.com\/wp-content\/uploads\/2023\/09\/cropped-vapebulkp.png\",\"width\":516,\"height\":163,\"caption\":\"vapebulkp.com\"},\"image\":{\"@id\":\"https:\/\/vapebulkp.com\/#\/schema\/logo\/image\/\"}}]}<\/script>\n<!-- \/ Yoast SEO plugin. -->","yoast_head_json":{"title":"STAG BAR Triple 60000 Puffs For Wholesale Distributors - vapebulkp.com","description":"Order STAG BAR Triple 60000 Puffs Disposable Vape at Vapebulkp.com \u2013 3-in-1 vape device with 54ml e-liquid, mesh coil, LED display, and Type-C port. Wholesale available across EU countries.","robots":{"index":"index","follow":"follow","max-snippet":"max-snippet:-1","max-image-preview":"max-image-preview:large","max-video-preview":"max-video-preview:-1"},"canonical":"https:\/\/vapebulkp.com\/fr\/product\/stag-bar-triple-60000-puffs-for-wholesale-distributors\/","og_locale":"fr_FR","og_type":"article","og_title":"STAG BAR Triple 60000 Puffs For Wholesale Distributors - vapebulkp.com","og_description":"Order STAG BAR Triple 60000 Puffs Disposable Vape at Vapebulkp.com \u2013 3-in-1 vape device with 54ml e-liquid, mesh coil, LED display, and Type-C port. Wholesale available across EU countries.","og_url":"https:\/\/vapebulkp.com\/fr\/product\/stag-bar-triple-60000-puffs-for-wholesale-distributors\/","og_site_name":"vapebulkp.com","article_modified_time":"2025-09-24T02:58:04+00:00","og_image":[{"width":800,"height":800,"url":"http:\/\/vapebulkp.com\/wp-content\/uploads\/2025\/05\/STAG-BAR-60000-Puffs-Disposable-Vape-with-Discount-Price.webp","type":"image\/webp"}],"twitter_card":"summary_large_image","twitter_misc":{"Dur\u00e9e de lecture estim\u00e9e":"4 minutes"},"schema":{"@context":"https:\/\/schema.org","@graph":[{"@type":"WebPage","@id":"https:\/\/vapebulkp.com\/product\/stag-bar-triple-60000-puffs-for-wholesale-distributors\/","url":"https:\/\/vapebulkp.com\/product\/stag-bar-triple-60000-puffs-for-wholesale-distributors\/","name":"STAG BAR Triple 60000 Puffs For Wholesale Distributors - vapebulkp.com","isPartOf":{"@id":"https:\/\/vapebulkp.com\/#website"},"datePublished":"2025-05-27T08:26:00+00:00","dateModified":"2025-09-24T02:58:04+00:00","description":"Order STAG BAR Triple 60000 Puffs Disposable Vape at Vapebulkp.com \u2013 3-in-1 vape device with 54ml e-liquid, mesh coil, LED display, and Type-C port. Wholesale available across EU countries.","breadcrumb":{"@id":"https:\/\/vapebulkp.com\/product\/stag-bar-triple-60000-puffs-for-wholesale-distributors\/#breadcrumb"},"inLanguage":"fr-FR","potentialAction":[{"@type":"ReadAction","target":["https:\/\/vapebulkp.com\/product\/stag-bar-triple-60000-puffs-for-wholesale-distributors\/"]}]},{"@type":"BreadcrumbList","@id":"https:\/\/vapebulkp.com\/product\/stag-bar-triple-60000-puffs-for-wholesale-distributors\/#breadcrumb","itemListElement":[{"@type":"ListItem","position":1,"name":"Home","item":"https:\/\/vapebulkp.com\/"},{"@type":"ListItem","position":2,"name":"Hot Trend Vapes","item":"https:\/\/vapebulkp.com\/vape-shop\/"},{"@type":"ListItem","position":3,"name":"STAG BAR Triple 60000 Puffs For Wholesale Distributors"}]},{"@type":"WebSite","@id":"https:\/\/vapebulkp.com\/#website","url":"https:\/\/vapebulkp.com\/","name":"vapebulkp.com","description":"Buy Vape In Cheap Bulk Price Near you","publisher":{"@id":"https:\/\/vapebulkp.com\/#organization"},"potentialAction":[{"@type":"SearchAction","target":{"@type":"EntryPoint","urlTemplate":"https:\/\/vapebulkp.com\/?s={search_term_string}"},"query-input":"required name=search_term_string"}],"inLanguage":"fr-FR"},{"@type":"Organization","@id":"https:\/\/vapebulkp.com\/#organization","name":"vapebulkp.com","url":"https:\/\/vapebulkp.com\/","logo":{"@type":"ImageObject","inLanguage":"fr-FR","@id":"https:\/\/vapebulkp.com\/#\/schema\/logo\/image\/","url":"https:\/\/vapebulkp.com\/wp-content\/uploads\/2023\/09\/cropped-vapebulkp.png","contentUrl":"https:\/\/vapebulkp.com\/wp-content\/uploads\/2023\/09\/cropped-vapebulkp.png","width":516,"height":163,"caption":"vapebulkp.com"},"image":{"@id":"https:\/\/vapebulkp.com\/#\/schema\/logo\/image\/"}}]}},"uagb_featured_image_src":{"full":["https:\/\/vapebulkp.com\/wp-content\/uploads\/2025\/05\/STAG-BAR-60000-Puffs-Disposable-Vape-with-Discount-Price.webp",800,800,false],"thumbnail":["https:\/\/vapebulkp.com\/wp-content\/uploads\/2025\/05\/STAG-BAR-60000-Puffs-Disposable-Vape-with-Discount-Price-150x150.webp",150,150,true],"medium":["https:\/\/vapebulkp.com\/wp-content\/uploads\/2025\/05\/STAG-BAR-60000-Puffs-Disposable-Vape-with-Discount-Price-300x300.webp",300,300,true],"medium_large":["https:\/\/vapebulkp.com\/wp-content\/uploads\/2025\/05\/STAG-BAR-60000-Puffs-Disposable-Vape-with-Discount-Price-768x768.webp",768,768,true],"large":["https:\/\/vapebulkp.com\/wp-content\/uploads\/2025\/05\/STAG-BAR-60000-Puffs-Disposable-Vape-with-Discount-Price.webp",800,800,false],"1536x1536":["https:\/\/vapebulkp.com\/wp-content\/uploads\/2025\/05\/STAG-BAR-60000-Puffs-Disposable-Vape-with-Discount-Price.webp",800,800,false],"2048x2048":["https:\/\/vapebulkp.com\/wp-content\/uploads\/2025\/05\/STAG-BAR-60000-Puffs-Disposable-Vape-with-Discount-Price.webp",800,800,false],"trp-custom-language-flag":["https:\/\/vapebulkp.com\/wp-content\/uploads\/2025\/05\/STAG-BAR-60000-Puffs-Disposable-Vape-with-Discount-Price.webp",12,12,false],"woocommerce_thumbnail":["https:\/\/vapebulkp.com\/wp-content\/uploads\/2025\/05\/STAG-BAR-60000-Puffs-Disposable-Vape-with-Discount-Price-300x300.webp",300,300,true],"woocommerce_single":["https:\/\/vapebulkp.com\/wp-content\/uploads\/2025\/05\/STAG-BAR-60000-Puffs-Disposable-Vape-with-Discount-Price-600x600.webp",600,600,true],"woocommerce_gallery_thumbnail":["https:\/\/vapebulkp.com\/wp-content\/uploads\/2025\/05\/STAG-BAR-60000-Puffs-Disposable-Vape-with-Discount-Price-100x100.webp",100,100,true],"wcpr-photo-reviews":["https:\/\/vapebulkp.com\/wp-content\/uploads\/2025\/05\/STAG-BAR-60000-Puffs-Disposable-Vape-with-Discount-Price.webp",500,500,false]},"uagb_author_info":{"display_name":"Mandy vape bulk price","author_link":"https:\/\/vapebulkp.com\/fr\/author\/"},"uagb_comment_info":0,"uagb_excerpt":"Explore STAG BAR Triple 60000 Puffs Vape with triple flavor pods, 650mAh rechargeable battery, and smart screen. Perfect for European vape wholesalers seeking high puff disposable devices. Pls Contact Mandy's WhatsApp For Discount Price+8618077105796 NOTE: Prices on our website does not include shipping costs &nbsp;","_links":{"self":[{"href":"https:\/\/vapebulkp.com\/fr\/wp-json\/wp\/v2\/product\/3800","targetHints":{"allow":["GET"]}}],"collection":[{"href":"https:\/\/vapebulkp.com\/fr\/wp-json\/wp\/v2\/product"}],"about":[{"href":"https:\/\/vapebulkp.com\/fr\/wp-json\/wp\/v2\/types\/product"}],"replies":[{"embeddable":true,"href":"https:\/\/vapebulkp.com\/fr\/wp-json\/wp\/v2\/comments?post=3800"}],"wp:featuredmedia":[{"embeddable":true,"href":"https:\/\/vapebulkp.com\/fr\/wp-json\/wp\/v2\/media\/3799"}],"wp:attachment":[{"href":"https:\/\/vapebulkp.com\/fr\/wp-json\/wp\/v2\/media?parent=3800"}],"wp:term":[{"taxonomy":"product_cat","embeddable":true,"href":"https:\/\/vapebulkp.com\/fr\/wp-json\/wp\/v2\/product_cat?post=3800"},{"taxonomy":"product_tag","embeddable":true,"href":"https:\/\/vapebulkp.com\/fr\/wp-json\/wp\/v2\/product_tag?post=3800"}],"curies":[{"name":"wp","href":"https:\/\/api.w.org\/{rel}","templated":true}]}}