{"id":3831,"date":"2025-06-11T05:45:24","date_gmt":"2025-06-11T03:45:24","guid":{"rendered":"https:\/\/vapebulkp.com\/?post_type=product&#038;p=3831"},"modified":"2025-09-24T05:49:52","modified_gmt":"2025-09-24T03:49:52","slug":"fizzy-max-60000-puffs-6-in-1-high-capacity-vaping-device","status":"publish","type":"product","link":"https:\/\/vapebulkp.com\/fr\/product\/fizzy-max-60000-puffs-6-in-1-high-capacity-vaping-device\/","title":{"rendered":"Fizzy Max 60000 PUFFS 6 EN 1 Dispositif de vapotage haute capacit\u00e9"},"content":{"rendered":"<h2 style=\"text-align: left\">Fizzy Max III 60000 PUFFS 6 EN 1 Appareil de vapotage haute capacit\u00e9<\/h2>\n<p data-start=\"142\" data-end=\"417\">Le <strong data-start=\"146\" data-end=\"191\">Vente de cigarettes \u00e9lectroniques Fizzy Max III 60000 Puffs\u00a0<\/strong> est con\u00e7u pour les amateurs de vapotage europ\u00e9ens \u00e0 la recherche de <strong data-start=\"244\" data-end=\"279\">cigarettes \u00e9lectroniques rechargeables haute capacit\u00e9<\/strong> performance et saveur premium. Avec une batterie de 850 mAh et une charge rapide de type C, il offre des sessions durables avec un temps d'arr\u00eat minimal.<\/p>\n<p data-start=\"419\" data-end=\"741\">Son r\u00e9servoir d'e-liquide de 60 ml d\u00e9livre jusqu'\u00e0 <a href=\"https:\/\/vapebulkp.com\/fr\/product-category\/60000-puffs-disposable-vape\/\"><strong data-start=\"457\" data-end=\"488\">Vape jetable 60000 bouff\u00e9es<\/strong><\/a>, assurant une vapeur douce et constante tout au long. Construit avec une technologie avanc\u00e9e <strong data-start=\"559\" data-end=\"588\">vape \u00e0 coil mesh<\/strong> technologie, chaque bouff\u00e9e est remplie de saveur riche et de nuages denses. Choisissez entre des options de 2% et 5% <strong data-start=\"682\" data-end=\"704\">vapeur de sel de nicotine<\/strong> pour une exp\u00e9rience personnalis\u00e9e.<\/p>\n<p data-start=\"743\" data-end=\"1029\">Con\u00e7ue de mani\u00e8re ergonomique et portable, cette <strong data-start=\"785\" data-end=\"817\">cigarettes \u00e9lectroniques jetables longue dur\u00e9e<\/strong> combine commodit\u00e9, style et puissance en un seul appareil. Id\u00e9al pour les gros utilisateurs, les amateurs de saveurs ou les acheteurs en gros, le Fizzy Max III offre une solution de vapotage premium et sans tracas pour la vente en gros<\/p>\n<h6>Veuillez contacter le WhatsApp de Mandy pour un prix r\u00e9duit<a href=\"https:\/\/wa.me\/8618077105796\">+8618077105796<\/a><\/h6>\n<p><img decoding=\"async\" class=\"alignnone wp-image-2151\" src=\"http:\/\/vapebulkp.com\/wp-content\/uploads\/2024\/04\/Mandy-WhatsApp-Randm.jpg\" alt=\"WhatsApp Mandy Randm\" width=\"324\" height=\"330\" \/><\/p>\n<div class=\"flex max-w-full flex-col flex-grow\">\n<div class=\"min-h-8 text-message flex w-full flex-col items-end gap-2 whitespace-normal break-words text-start [.text-message+&amp;]:mt-5\" dir=\"auto\" data-message-author-role=\"assistant\" data-message-id=\"d24cf626-c018-4805-80f5-44de047f2ba0\" data-message-model-slug=\"gpt-4o\">\n<div class=\"flex w-full flex-col gap-1 empty:hidden first:pt-[3px]\">\n<div class=\"markdown prose w-full break-words dark:prose-invert light\">\n<h2>Pourquoi acheter les grosses cigarettes \u00e9lectroniques Fizzy Max 60000 puffs chez <a href=\"https:\/\/vapebulkp.com\/fr\/vape-shop\/\">Vapebulkp.com<\/a>?<\/h2>\n<p data-start=\"266\" data-end=\"579\">At <strong data-start=\"247\" data-end=\"264\">Vapebulkp.com<\/strong>, nous offrons la <strong data-start=\"279\" data-end=\"330\">Cigarette \u00e9lectronique jetable authentique Fizzy Max 60000 PUFFS<\/strong> \u00e0 des prix de gros imbattables. En tant que distributeur de cigarettes \u00e9lectroniques de confiance, nous garantissons <strong data-start=\"407\" data-end=\"432\">produits authentiques 100%<\/strong>, exp\u00e9dition rapide et excellent service client. Chaque appareil est livr\u00e9 avec une <strong data-start=\"506\" data-end=\"551\">batterie rechargeable haute capacit\u00e9 de 850 mAh<\/strong>, <strong data-start=\"553\" data-end=\"574\">r\u00e9sistance en mesh de premi\u00e8re qualit\u00e9<\/strong>, et un r\u00e9servoir massif de <strong data-start=\"590\" data-end=\"612\">60 ml d'e-liquide<\/strong>, offrant une satisfaction durable \u00e0 chaque bouff\u00e9e. Que vous fassiez le plein pour un usage personnel ou pour la vente au d\u00e9tail, Vapebulkp.com garantit le meilleur rapport qualit\u00e9-prix, des remises sur volume et les derniers mod\u00e8les. Achetez en toute confiance gr\u00e2ce \u00e0 un paiement s\u00e9curis\u00e9 et des mises \u00e0 jour d'inventaire en temps r\u00e9el.<\/p>\n<\/div>\n<\/div>\n<\/div>\n<\/div>\n<h2>Vape Jetable Fizzy Max III 60k Bouff\u00e9es Sp\u00e9cifications Cl\u00e9s :<\/h2>\n<p><strong data-start=\"248\" data-end=\"257\">Bouff\u00e9es<\/strong>: 60 000 bouff\u00e9es \u2013 Capacit\u00e9 ultra-\u00e9lev\u00e9e pour une satisfaction de vapotage durable<br data-start=\"329\" data-end=\"332\" \/><strong data-start=\"332\" data-end=\"342\">Conception<\/strong>: Conception modulaire compacte 6-en-1 \u2013 Innovante et peu encombrante<br data-start=\"406\" data-end=\"409\" \/><strong data-start=\"409\" data-end=\"422\">Type de bobine<\/strong>: R\u00e9sistance Mesh Avanc\u00e9e \u2013 Offre des tirages plus doux et une production de saveur plus riche<br data-start=\"496\" data-end=\"499\" \/><strong data-start=\"499\" data-end=\"520\" data-is-only-node=\"\">Capacit\u00e9 de e-liquide<\/strong>: 60 ml d'e-liquide de qualit\u00e9 sup\u00e9rieure \u2013 Go\u00fbt constant et cors\u00e9<br data-start=\"587\" data-end=\"590\" \/><strong data-start=\"590\" data-end=\"610\">Capacit\u00e9 de la batterie<\/strong>: Batterie int\u00e9gr\u00e9e haute performance de 850 mAh \u2013 Rechargeable via Type-C<br data-start=\"678\" data-end=\"681\" \/><strong data-start=\"681\" data-end=\"702\">Taux de nicotine<\/strong>: Disponible en 2% et 5% \u2013 Convient aux vapoteurs occasionnels et exp\u00e9riment\u00e9s<br data-start=\"769\" data-end=\"772\" \/><strong data-start=\"772\" data-end=\"789\">Port de charge<\/strong>: Chargement rapide Type-C \u2013 Alimentation rapide et fiable<br data-start=\"847\" data-end=\"850\" \/><strong data-start=\"850\" data-end=\"861\">\u00c9cran<\/strong>: \u00c9cran LED intelligent \u2013 Surveillance en temps r\u00e9el des niveaux de batterie et d'e-liquide<\/p>\n<h2><strong>Liste des saveurs Fizzy Max III 60000 PUFFS<\/strong><\/h2>\n<p>1 : Fraise Past\u00e8que<br \/>\n2 : Myrtille Glac\u00e9e<br \/>\n3 : Past\u00e8que Glac\u00e9e<br \/>\n4 : Fraise Fruit du Dragon<br \/>\n5\uff1aFraise Framboise<br \/>\n6\uff1aFraise Raisin<br \/>\n7\uff1aMyrtille Framboise<br \/>\n8\uff1aBaies M\u00e9lang\u00e9es<br \/>\n9\uff1aFraise Kiwi<br \/>\n10\uff1aBlue Razz Glac\u00e9<\/p>\n<p><span style=\"vertical-align: inherit\">Trouvez plus de produits qui pourraient vous plaire\uff1a<\/span><em><a href=\"https:\/\/wa.me\/8618077105796\"><span style=\"vertical-align: inherit\">\u00a0Achetez-le maintenant<\/span><\/a><\/em><\/p>\n<p><span style=\"vertical-align: inherit\">Autres Puffs que vous pourriez aimer\uff1a<\/span><a href=\"https:\/\/vapebulkp.com\/fr\/product\/wholesale-price-bang-kingdoms-rex-32000-puffs-vape-pod\/\"><span style=\"vertical-align: inherit\">Bang Kingdoms 32000Puffs<\/span><\/a><span style=\"vertical-align: inherit\">\u3001<\/span><a href=\"https:\/\/vapebulkp.com\/fr\/product\/bang-blaze-60000-puffs-4-in1-disposable-vape-for-wholesale-price\/\"><span style=\"vertical-align: inherit\">Bang Blaze 60000 Bouff\u00e9es<\/span><\/a><span style=\"vertical-align: inherit\">\/ <\/span><a href=\"https:\/\/vapebulkp.com\/fr\/product\/waspe-3in1-60000-puffs-disposable-vape-high-capacity\/\"><span style=\"vertical-align: inherit\">WASPE 3 en 1 60000 Puffs<\/span><\/a><span style=\"vertical-align: inherit\">\/ <\/span><a href=\"https:\/\/vapebulkp.com\/fr\/product\/waspe-vape-40000-puff-fihp-double-flavour-disposable-vape\/\"><span style=\"vertical-align: inherit\">WASPE 40000 Bouff\u00e9es<\/span><\/a><\/p>\n<p>&nbsp;<\/p>\n<h2>FAQ sur la cigarette \u00e9lectronique Fizzy Max 60000 PUFFS 6 EN 1 \u00e0 r\u00e9sistance mesh<\/h2>\n<p data-start=\"237\" data-end=\"567\"><strong data-start=\"237\" data-end=\"297\">1. Qu'est-ce que la cigarette \u00e9lectronique Fizzy Max 60000 Puffs 6 en 1 ?<\/strong><br data-start=\"297\" data-end=\"300\" \/>La Fizzy Max 60000 Puffs est un appareil <strong data-start=\"345\" data-end=\"371\">de vapotage jetable de grande capacit\u00e9<\/strong> dot\u00e9 d'une conception 6-en-1. Il combine des performances puissantes avec la commodit\u00e9, offrant jusqu'\u00e0 <strong data-start=\"467\" data-end=\"483\">60 000 bouff\u00e9es<\/strong> par premium <strong data-start=\"500\" data-end=\"524\">technologie de r\u00e9sistance mesh<\/strong> et un massif <strong data-start=\"539\" data-end=\"556\">e-liquide 60ml<\/strong> r\u00e9servoir<\/p>\n<p data-start=\"569\" data-end=\"795\"><strong data-start=\"569\" data-end=\"623\">2. Le Fizzy Max 60000 Puffs Vapes est-il rechargeable ?<\/strong><br data-start=\"623\" data-end=\"626\" \/>Oui, l'appareil est <strong data-start=\"645\" data-end=\"688\">rechargeable via un port de charge de type C<\/strong>Il est livr\u00e9 avec un <strong data-start=\"707\" data-end=\"734\">Batterie int\u00e9gr\u00e9e de 850 mAh<\/strong> qui prend en charge une charge rapide et efficace pour une utilisation \u00e0 long terme.<\/p>\n<p data-start=\"797\" data-end=\"994\"><strong data-start=\"797\" data-end=\"844\">3. Combien d'options de nicotine sont disponibles pour le fizzy vape 60000 bouff\u00e9es ?<\/strong><br data-start=\"844\" data-end=\"847\" \/>La Vape Fizzy Max 60000 est disponible en <strong data-start=\"888\" data-end=\"920\">21\u00a0mg\/ml et 51\u00a0mg\/ml de nicotine<\/strong>, permettant aux utilisateurs de choisir leur niveau de satisfaction nicotinique pr\u00e9f\u00e9r\u00e9.<\/p>\n<p data-start=\"996\" data-end=\"1248\"><strong data-start=\"996\" data-end=\"1059\">4. Quelles saveurs sont disponibles dans la Fizzy Max 6 en 1 Vape ?<\/strong><br data-start=\"1059\" data-end=\"1062\" \/>Le syst\u00e8me 6-en-1 comprend g\u00e9n\u00e9ralement <strong data-start=\"1099\" data-end=\"1132\">six options de saveurs pr\u00e9remplies<\/strong> dans un seul appareil, offrant une vari\u00e9t\u00e9 d'exp\u00e9riences gustatives. La disponibilit\u00e9 des ar\u00f4mes peut varier en fonction des stocks et de la r\u00e9gion.<\/p>\n<h3>D\u00e9tails d'exp\u00e9dition :<\/h3>\n<p><span style=\"color: #ff6600\">D\u00e9lai de production : 5-10 jours ouvrables<\/span><br \/>\n<span style=\"color: #ff6600\">D\u00e9lai de livraison : 8-14 jours ouvrables<\/span><\/p>\n<p>Tous les produits de notre boutique sont 100% originaux et authentiques, c'est pourquoi nous avons pour politique de rembourser dix fois le prix des produits contrefaits. Nous utilisons des canaux logistiques tels que UPS\/DHL\/FEDEX\/DPD pour vous livrer les marchandises.<\/p>\n<p>Pour les colis exp\u00e9di\u00e9s en France, il faut g\u00e9n\u00e9ralement 10 jours ouvrables pour qu'ils arrivent. L'exp\u00e9dition vers les pays europ\u00e9ens prend g\u00e9n\u00e9ralement de 12 \u00e0 15 jours ouvrables. Nous mettrons \u00e0 jour les informations logistiques pour vous en temps r\u00e9el.<\/p>","protected":false},"excerpt":{"rendered":"<p>Satisfaction durable avec la cigarette \u00e9lectronique jetable Fizzy Max 60000 Puffs. Ultra-haute capacit\u00e9, grande vari\u00e9t\u00e9 de saveurs - pas de chargement, pas de remplissage, il suffit de vapoter et de profiter !<\/p>\n<p>Veuillez contacter le WhatsApp de Mandy pour un prix r\u00e9duit<a href=\"https:\/\/wa.me\/8618077105796\">+8618077105796<\/a><\/p>\n<p><img decoding=\"async\" class=\"alignnone wp-image-2151\" src=\"http:\/\/vapebulkp.com\/wp-content\/uploads\/2024\/04\/Mandy-WhatsApp-Randm.jpg\" alt=\"WhatsApp Mandy Randm\" width=\"297\" height=\"316\" srcset=\"https:\/\/vapebulkp.com\/wp-content\/uploads\/2024\/04\/Mandy-WhatsApp-Randm.jpg 916w, https:\/\/vapebulkp.com\/wp-content\/uploads\/2024\/04\/Mandy-WhatsApp-Randm-282x300.jpg 282w, https:\/\/vapebulkp.com\/wp-content\/uploads\/2024\/04\/Mandy-WhatsApp-Randm-768x817.jpg 768w, https:\/\/vapebulkp.com\/wp-content\/uploads\/2024\/04\/Mandy-WhatsApp-Randm-600x638.jpg 600w\" sizes=\"(max-width: 297px) 100vw, 297px\" \/><\/p>\n<p><span style=\"color: #ff0000\">REMARQUE : Les prix sur notre site web n'incluent pas les frais de port<\/span><\/p>\n<p>&nbsp;<\/p>","protected":false},"featured_media":3830,"comment_status":"open","ping_status":"closed","template":"","meta":{"_uag_custom_page_level_css":"","_lmt_disableupdate":"no","_lmt_disable":"","site-sidebar-layout":"default","site-content-layout":"content-boxed-container","ast-site-content-layout":"normal-width-container","site-content-style":"boxed","site-sidebar-style":"unboxed","ast-global-header-display":"","ast-banner-title-visibility":"","ast-main-header-display":"","ast-hfb-above-header-display":"","ast-hfb-below-header-display":"","ast-hfb-mobile-header-display":"","site-post-title":"","ast-breadcrumbs-content":"","ast-featured-img":"","footer-sml-layout":"","theme-transparent-header-meta":"default","adv-header-id-meta":"","stick-header-meta":"","header-above-stick-meta":"","header-main-stick-meta":"","header-below-stick-meta":"","astra-migrate-meta-layouts":"set","_joinchat":[]},"product_cat":[234,153,155,351,33,59,100,87,34,158,157,154,152,58,84,156,63,32],"product_tag":[254,36,37,41,286],"class_list":["post-3831","product","type-product","status-publish","has-post-thumbnail","hentry","product_cat-60000-puffs-disposable-vape","product_cat-hot-disposable-vapes","product_cat-belgium-hot-disposable-vapes","product_cat-fizzy-vape","product_cat-france-vape-hot-sale","product_cat-germany-hot-disposable-vape","product_cat-germany-wholesale-vape-shop","product_cat-minimum-order-quantity-50pcs","product_cat-netherlands-vape-good-sale","product_cat-norway-hot-disposable-vapes","product_cat-poland-hot-disposable-vapes","product_cat-portugal-hot-disposable-vapes","product_cat-spain-hot-disposable-vapes","product_cat-sweden-hot-disposable-vape","product_cat-sweden-wholesale-vape","product_cat-switzerland-hot-disposable-vapes","product_cat-top-sale-disposable-vape","product_cat-vape-hot-sale-this-week","product_tag-fizzy-max-60000-puffs","product_tag-good-vape","product_tag-hot-sale-disposable-vape","product_tag-poland-hot-vape","product_tag-puffs-stock-in-europe","pa_brand-fizzy-vape","desktop-align-left","tablet-align-left","mobile-align-left"],"yoast_head":"<!-- This site is optimized with the Yoast SEO plugin v21.1 - https:\/\/yoast.com\/wordpress\/plugins\/seo\/ -->\n<title>Fizzy Max 60000 PUFFS 6 IN 1 High Capacity Vaping Device - vapebulkp.com<\/title>\n<meta name=\"description\" content=\"Buy Fizzy Max 60000 Puffs 6 in 1 Disposable Vape at Vapebulkp.com. Premium flavor, LED display, rechargeable battery, and high-capacity design in one device.\" \/>\n<meta name=\"robots\" content=\"index, follow, max-snippet:-1, max-image-preview:large, max-video-preview:-1\" \/>\n<link rel=\"canonical\" href=\"https:\/\/vapebulkp.com\/fr\/product\/fizzy-max-60000-puffs-6-in-1-high-capacity-vaping-device\/\" \/>\n<meta property=\"og:locale\" content=\"fr_FR\" \/>\n<meta property=\"og:type\" content=\"article\" \/>\n<meta property=\"og:title\" content=\"Fizzy Max 60000 PUFFS 6 IN 1 High Capacity Vaping Device - vapebulkp.com\" \/>\n<meta property=\"og:description\" content=\"Buy Fizzy Max 60000 Puffs 6 in 1 Disposable Vape at Vapebulkp.com. Premium flavor, LED display, rechargeable battery, and high-capacity design in one device.\" \/>\n<meta property=\"og:url\" content=\"https:\/\/vapebulkp.com\/fr\/product\/fizzy-max-60000-puffs-6-in-1-high-capacity-vaping-device\/\" \/>\n<meta property=\"og:site_name\" content=\"vapebulkp.com\" \/>\n<meta property=\"article:modified_time\" content=\"2025-09-24T03:49:52+00:00\" \/>\n<meta property=\"og:image\" content=\"http:\/\/vapebulkp.com\/wp-content\/uploads\/2025\/06\/Long-Lasting-Fizzy-Max-III-Vape-60000-Puff-Disposable-Vape-Pen.webp\" \/>\n\t<meta property=\"og:image:width\" content=\"800\" \/>\n\t<meta property=\"og:image:height\" content=\"800\" \/>\n\t<meta property=\"og:image:type\" content=\"image\/webp\" \/>\n<meta name=\"twitter:card\" content=\"summary_large_image\" \/>\n<meta name=\"twitter:label1\" content=\"Dur\u00e9e de lecture estim\u00e9e\" \/>\n\t<meta name=\"twitter:data1\" content=\"4 minutes\" \/>\n<script type=\"application\/ld+json\" class=\"yoast-schema-graph\">{\"@context\":\"https:\/\/schema.org\",\"@graph\":[{\"@type\":\"WebPage\",\"@id\":\"https:\/\/vapebulkp.com\/product\/fizzy-max-60000-puffs-6-in-1-high-capacity-vaping-device\/\",\"url\":\"https:\/\/vapebulkp.com\/product\/fizzy-max-60000-puffs-6-in-1-high-capacity-vaping-device\/\",\"name\":\"Fizzy Max 60000 PUFFS 6 IN 1 High Capacity Vaping Device - vapebulkp.com\",\"isPartOf\":{\"@id\":\"https:\/\/vapebulkp.com\/#website\"},\"datePublished\":\"2025-06-11T03:45:24+00:00\",\"dateModified\":\"2025-09-24T03:49:52+00:00\",\"description\":\"Buy Fizzy Max 60000 Puffs 6 in 1 Disposable Vape at Vapebulkp.com. Premium flavor, LED display, rechargeable battery, and high-capacity design in one device.\",\"breadcrumb\":{\"@id\":\"https:\/\/vapebulkp.com\/product\/fizzy-max-60000-puffs-6-in-1-high-capacity-vaping-device\/#breadcrumb\"},\"inLanguage\":\"fr-FR\",\"potentialAction\":[{\"@type\":\"ReadAction\",\"target\":[\"https:\/\/vapebulkp.com\/product\/fizzy-max-60000-puffs-6-in-1-high-capacity-vaping-device\/\"]}]},{\"@type\":\"BreadcrumbList\",\"@id\":\"https:\/\/vapebulkp.com\/product\/fizzy-max-60000-puffs-6-in-1-high-capacity-vaping-device\/#breadcrumb\",\"itemListElement\":[{\"@type\":\"ListItem\",\"position\":1,\"name\":\"Home\",\"item\":\"https:\/\/vapebulkp.com\/\"},{\"@type\":\"ListItem\",\"position\":2,\"name\":\"Hot Trend Vapes\",\"item\":\"https:\/\/vapebulkp.com\/vape-shop\/\"},{\"@type\":\"ListItem\",\"position\":3,\"name\":\"Fizzy Max 60000 PUFFS 6 IN 1 High Capacity Vaping Device\"}]},{\"@type\":\"WebSite\",\"@id\":\"https:\/\/vapebulkp.com\/#website\",\"url\":\"https:\/\/vapebulkp.com\/\",\"name\":\"vapebulkp.com\",\"description\":\"Buy Vape In Cheap Bulk Price Near you\",\"publisher\":{\"@id\":\"https:\/\/vapebulkp.com\/#organization\"},\"potentialAction\":[{\"@type\":\"SearchAction\",\"target\":{\"@type\":\"EntryPoint\",\"urlTemplate\":\"https:\/\/vapebulkp.com\/?s={search_term_string}\"},\"query-input\":\"required name=search_term_string\"}],\"inLanguage\":\"fr-FR\"},{\"@type\":\"Organization\",\"@id\":\"https:\/\/vapebulkp.com\/#organization\",\"name\":\"vapebulkp.com\",\"url\":\"https:\/\/vapebulkp.com\/\",\"logo\":{\"@type\":\"ImageObject\",\"inLanguage\":\"fr-FR\",\"@id\":\"https:\/\/vapebulkp.com\/#\/schema\/logo\/image\/\",\"url\":\"https:\/\/vapebulkp.com\/wp-content\/uploads\/2023\/09\/cropped-vapebulkp.png\",\"contentUrl\":\"https:\/\/vapebulkp.com\/wp-content\/uploads\/2023\/09\/cropped-vapebulkp.png\",\"width\":516,\"height\":163,\"caption\":\"vapebulkp.com\"},\"image\":{\"@id\":\"https:\/\/vapebulkp.com\/#\/schema\/logo\/image\/\"}}]}<\/script>\n<!-- \/ Yoast SEO plugin. -->","yoast_head_json":{"title":"Fizzy Max 60000 PUFFS 6 IN 1 High Capacity Vaping Device - vapebulkp.com","description":"Buy Fizzy Max 60000 Puffs 6 in 1 Disposable Vape at Vapebulkp.com. Premium flavor, LED display, rechargeable battery, and high-capacity design in one device.","robots":{"index":"index","follow":"follow","max-snippet":"max-snippet:-1","max-image-preview":"max-image-preview:large","max-video-preview":"max-video-preview:-1"},"canonical":"https:\/\/vapebulkp.com\/fr\/product\/fizzy-max-60000-puffs-6-in-1-high-capacity-vaping-device\/","og_locale":"fr_FR","og_type":"article","og_title":"Fizzy Max 60000 PUFFS 6 IN 1 High Capacity Vaping Device - vapebulkp.com","og_description":"Buy Fizzy Max 60000 Puffs 6 in 1 Disposable Vape at Vapebulkp.com. Premium flavor, LED display, rechargeable battery, and high-capacity design in one device.","og_url":"https:\/\/vapebulkp.com\/fr\/product\/fizzy-max-60000-puffs-6-in-1-high-capacity-vaping-device\/","og_site_name":"vapebulkp.com","article_modified_time":"2025-09-24T03:49:52+00:00","og_image":[{"width":800,"height":800,"url":"http:\/\/vapebulkp.com\/wp-content\/uploads\/2025\/06\/Long-Lasting-Fizzy-Max-III-Vape-60000-Puff-Disposable-Vape-Pen.webp","type":"image\/webp"}],"twitter_card":"summary_large_image","twitter_misc":{"Dur\u00e9e de lecture estim\u00e9e":"4 minutes"},"schema":{"@context":"https:\/\/schema.org","@graph":[{"@type":"WebPage","@id":"https:\/\/vapebulkp.com\/product\/fizzy-max-60000-puffs-6-in-1-high-capacity-vaping-device\/","url":"https:\/\/vapebulkp.com\/product\/fizzy-max-60000-puffs-6-in-1-high-capacity-vaping-device\/","name":"Fizzy Max 60000 PUFFS 6 IN 1 High Capacity Vaping Device - vapebulkp.com","isPartOf":{"@id":"https:\/\/vapebulkp.com\/#website"},"datePublished":"2025-06-11T03:45:24+00:00","dateModified":"2025-09-24T03:49:52+00:00","description":"Buy Fizzy Max 60000 Puffs 6 in 1 Disposable Vape at Vapebulkp.com. Premium flavor, LED display, rechargeable battery, and high-capacity design in one device.","breadcrumb":{"@id":"https:\/\/vapebulkp.com\/product\/fizzy-max-60000-puffs-6-in-1-high-capacity-vaping-device\/#breadcrumb"},"inLanguage":"fr-FR","potentialAction":[{"@type":"ReadAction","target":["https:\/\/vapebulkp.com\/product\/fizzy-max-60000-puffs-6-in-1-high-capacity-vaping-device\/"]}]},{"@type":"BreadcrumbList","@id":"https:\/\/vapebulkp.com\/product\/fizzy-max-60000-puffs-6-in-1-high-capacity-vaping-device\/#breadcrumb","itemListElement":[{"@type":"ListItem","position":1,"name":"Home","item":"https:\/\/vapebulkp.com\/"},{"@type":"ListItem","position":2,"name":"Hot Trend Vapes","item":"https:\/\/vapebulkp.com\/vape-shop\/"},{"@type":"ListItem","position":3,"name":"Fizzy Max 60000 PUFFS 6 IN 1 High Capacity Vaping Device"}]},{"@type":"WebSite","@id":"https:\/\/vapebulkp.com\/#website","url":"https:\/\/vapebulkp.com\/","name":"vapebulkp.com","description":"Buy Vape In Cheap Bulk Price Near you","publisher":{"@id":"https:\/\/vapebulkp.com\/#organization"},"potentialAction":[{"@type":"SearchAction","target":{"@type":"EntryPoint","urlTemplate":"https:\/\/vapebulkp.com\/?s={search_term_string}"},"query-input":"required name=search_term_string"}],"inLanguage":"fr-FR"},{"@type":"Organization","@id":"https:\/\/vapebulkp.com\/#organization","name":"vapebulkp.com","url":"https:\/\/vapebulkp.com\/","logo":{"@type":"ImageObject","inLanguage":"fr-FR","@id":"https:\/\/vapebulkp.com\/#\/schema\/logo\/image\/","url":"https:\/\/vapebulkp.com\/wp-content\/uploads\/2023\/09\/cropped-vapebulkp.png","contentUrl":"https:\/\/vapebulkp.com\/wp-content\/uploads\/2023\/09\/cropped-vapebulkp.png","width":516,"height":163,"caption":"vapebulkp.com"},"image":{"@id":"https:\/\/vapebulkp.com\/#\/schema\/logo\/image\/"}}]}},"uagb_featured_image_src":{"full":["https:\/\/vapebulkp.com\/wp-content\/uploads\/2025\/06\/Long-Lasting-Fizzy-Max-III-Vape-60000-Puff-Disposable-Vape-Pen.webp",800,800,false],"thumbnail":["https:\/\/vapebulkp.com\/wp-content\/uploads\/2025\/06\/Long-Lasting-Fizzy-Max-III-Vape-60000-Puff-Disposable-Vape-Pen-150x150.webp",150,150,true],"medium":["https:\/\/vapebulkp.com\/wp-content\/uploads\/2025\/06\/Long-Lasting-Fizzy-Max-III-Vape-60000-Puff-Disposable-Vape-Pen-300x300.webp",300,300,true],"medium_large":["https:\/\/vapebulkp.com\/wp-content\/uploads\/2025\/06\/Long-Lasting-Fizzy-Max-III-Vape-60000-Puff-Disposable-Vape-Pen-768x768.webp",768,768,true],"large":["https:\/\/vapebulkp.com\/wp-content\/uploads\/2025\/06\/Long-Lasting-Fizzy-Max-III-Vape-60000-Puff-Disposable-Vape-Pen.webp",800,800,false],"1536x1536":["https:\/\/vapebulkp.com\/wp-content\/uploads\/2025\/06\/Long-Lasting-Fizzy-Max-III-Vape-60000-Puff-Disposable-Vape-Pen.webp",800,800,false],"2048x2048":["https:\/\/vapebulkp.com\/wp-content\/uploads\/2025\/06\/Long-Lasting-Fizzy-Max-III-Vape-60000-Puff-Disposable-Vape-Pen.webp",800,800,false],"trp-custom-language-flag":["https:\/\/vapebulkp.com\/wp-content\/uploads\/2025\/06\/Long-Lasting-Fizzy-Max-III-Vape-60000-Puff-Disposable-Vape-Pen.webp",12,12,false],"woocommerce_thumbnail":["https:\/\/vapebulkp.com\/wp-content\/uploads\/2025\/06\/Long-Lasting-Fizzy-Max-III-Vape-60000-Puff-Disposable-Vape-Pen-300x300.webp",300,300,true],"woocommerce_single":["https:\/\/vapebulkp.com\/wp-content\/uploads\/2025\/06\/Long-Lasting-Fizzy-Max-III-Vape-60000-Puff-Disposable-Vape-Pen-600x600.webp",600,600,true],"woocommerce_gallery_thumbnail":["https:\/\/vapebulkp.com\/wp-content\/uploads\/2025\/06\/Long-Lasting-Fizzy-Max-III-Vape-60000-Puff-Disposable-Vape-Pen-100x100.webp",100,100,true],"wcpr-photo-reviews":["https:\/\/vapebulkp.com\/wp-content\/uploads\/2025\/06\/Long-Lasting-Fizzy-Max-III-Vape-60000-Puff-Disposable-Vape-Pen.webp",500,500,false]},"uagb_author_info":{"display_name":"Mandy vape bulk price","author_link":"https:\/\/vapebulkp.com\/fr\/author\/"},"uagb_comment_info":0,"uagb_excerpt":"Long-lasting satisfaction with the Fizzy Max 60000 Puffs disposable vape. Ultra-high capacity, wide variety of flavors\u2014no charging, no refilling, just puff and enjoy! Pls Contact Mandy's WhatsApp For Discount Price+8618077105796 NOTE: Prices on our website does not include shipping costs &nbsp;","_links":{"self":[{"href":"https:\/\/vapebulkp.com\/fr\/wp-json\/wp\/v2\/product\/3831","targetHints":{"allow":["GET"]}}],"collection":[{"href":"https:\/\/vapebulkp.com\/fr\/wp-json\/wp\/v2\/product"}],"about":[{"href":"https:\/\/vapebulkp.com\/fr\/wp-json\/wp\/v2\/types\/product"}],"replies":[{"embeddable":true,"href":"https:\/\/vapebulkp.com\/fr\/wp-json\/wp\/v2\/comments?post=3831"}],"wp:featuredmedia":[{"embeddable":true,"href":"https:\/\/vapebulkp.com\/fr\/wp-json\/wp\/v2\/media\/3830"}],"wp:attachment":[{"href":"https:\/\/vapebulkp.com\/fr\/wp-json\/wp\/v2\/media?parent=3831"}],"wp:term":[{"taxonomy":"product_cat","embeddable":true,"href":"https:\/\/vapebulkp.com\/fr\/wp-json\/wp\/v2\/product_cat?post=3831"},{"taxonomy":"product_tag","embeddable":true,"href":"https:\/\/vapebulkp.com\/fr\/wp-json\/wp\/v2\/product_tag?post=3831"}],"curies":[{"name":"wp","href":"https:\/\/api.w.org\/{rel}","templated":true}]}}