{"id":3850,"date":"2025-06-14T11:08:05","date_gmt":"2025-06-14T09:08:05","guid":{"rendered":"https:\/\/vapebulkp.com\/?post_type=product&#038;p=3850"},"modified":"2025-09-24T05:57:47","modified_gmt":"2025-09-24T03:57:47","slug":"fizzy-twins-50000-puffs-high-puff-count-vape-kits-bulk-price","status":"publish","type":"product","link":"https:\/\/vapebulkp.com\/fr\/product\/fizzy-twins-50000-puffs-high-puff-count-vape-kits-bulk-price\/","title":{"rendered":"Fizzy Twins 50000 Bouff\u00e9es Kits de Vape \u00e0 Nombre \u00c9lev\u00e9 de Bouff\u00e9es Prix de Gros"},"content":{"rendered":"<h2 style=\"text-align: left\">Fizzy Twins 50000 Bouff\u00e9es Kits de Vape \u00e0 Nombre \u00c9lev\u00e9 de Bouff\u00e9es Prix de Gros<\/h2>\n<p>Le Fizzy Twins <a href=\"https:\/\/vapebulkp.com\/fr\/product-category\/50000-puffs-disposable-vape\/\"><strong>Vape jetable 50000 bouff\u00e9es<\/strong><\/a> est le choix ultime pour les vapoteurs \u00e0 la recherche de performances durables et d'une vari\u00e9t\u00e9 de saveurs in\u00e9gal\u00e9e. Cette cigarette \u00e9lectronique innovante est con\u00e7ue avec un syst\u00e8me de commutation \u00e0 double saveur, vous permettant de profiter de deux saveurs de e-liquide distinctes dans un seul appareil. C\u2019est une r\u00e9volution pour ceux qui veulent changer de go\u00fbt en d\u00e9placement sans avoir \u00e0 transporter plusieurs vapes.<\/p>\n<p>Con\u00e7ue pour la puissance et l'endurance, cette vape rechargeable est aliment\u00e9e par une batterie de 850 mAh et \u00e9quip\u00e9e d'une charge rapide de Type-C, garantissant des performances constantes et un temps d'arr\u00eat minimal. La technologie de bobine maill\u00e9e avanc\u00e9e garantit une production de vapeur fluide et une restitution de saveur riche tout au long de la longue dur\u00e9e de vie de l'appareil.<\/p>\n<p>Avec une \u00e9norme capacit\u00e9 de 50 mL de e-liquide et un nombre de 50 000 bouff\u00e9es, le Fizzy Twins offre une valeur incroyable. L'\u00e9cran LED intelligent vous tient inform\u00e9 de la dur\u00e9e de vie de la batterie, du mode de bouff\u00e9e et de l'\u00e9tat du e-liquide, vous donnant un contr\u00f4le total. Il dispose \u00e9galement d'un flux d'air r\u00e9glable et de deux modes de vapotage, afin que vous puissiez personnaliser enti\u00e8rement votre exp\u00e9rience. Que vous soyez un chasseur de saveurs ou un amateur de nuages, le Fizzy Twins 50000 offre commodit\u00e9, puissance et satisfaction \u00e0 chaque inhalation.<\/p>\n<h6>Veuillez contacter le WhatsApp de Mandy pour un prix r\u00e9duit<a href=\"https:\/\/wa.me\/8618077105796\">+8618077105796<\/a><\/h6>\n<p><img decoding=\"async\" class=\"alignnone wp-image-2151\" src=\"http:\/\/vapebulkp.com\/wp-content\/uploads\/2024\/04\/Mandy-WhatsApp-Randm.jpg\" alt=\"WhatsApp Mandy Randm\" width=\"324\" height=\"330\" \/><\/p>\n<div class=\"flex max-w-full flex-col flex-grow\">\n<div class=\"min-h-8 text-message flex w-full flex-col items-end gap-2 whitespace-normal break-words text-start [.text-message+&amp;]:mt-5\" dir=\"auto\" data-message-author-role=\"assistant\" data-message-id=\"d24cf626-c018-4805-80f5-44de047f2ba0\" data-message-model-slug=\"gpt-4o\">\n<div class=\"flex w-full flex-col gap-1 empty:hidden first:pt-[3px]\">\n<div class=\"markdown prose w-full break-words dark:prose-invert light\">\n<h2>Pourquoi acheter Fizzy Twins 50000 Puffs chez <a href=\"https:\/\/vapebulkp.com\/fr\/vape-shop\/\">Vapebulkp.com<\/a>?<\/h2>\n<p data-start=\"266\" data-end=\"579\">Chez Vapebulkp.com, la Vape Jetable Fizzy Twins 50000 Puffs se distingue comme une solution de vapotage polyvalente et haute performance qui offre jusqu'\u00e0 50 000 bouff\u00e9es avec deux saveurs dans un seul appareil \u00e9l\u00e9gant. Profitez d'une exp\u00e9rience de vapotage am\u00e9lior\u00e9e gr\u00e2ce \u00e0 la technologie de bobine maill\u00e9e avanc\u00e9e pour une production de vapeur fluide et constante, ainsi qu'\u00e0 une batterie rechargeable de 850 mAh avec une charge rapide de Type-C, un double contr\u00f4le du flux d'air et des param\u00e8tres de mode personnalisables. Avec un \u00e9cran LED intelligent et une g\u00e9n\u00e9reuse capacit\u00e9 de 50 mL de e-liquide disponible en concentrations de nicotine de 2 % et 5 %, cet appareil combine innovation et commodit\u00e9 en un seul ensemble, ce qui en fait le choix id\u00e9al pour les vapoteurs recherchant des performances durables et une valeur exceptionnelle, le tout disponible exclusivement sur Vapebulkp.com.<\/p>\n<\/div>\n<\/div>\n<\/div>\n<\/div>\n<h2>Sp\u00e9cifications cl\u00e9s de la Vape Jetable Fizzy Twins 50000 Puffs :<\/h2>\n<ul>\n<li data-start=\"127\" data-end=\"160\">\n<p data-start=\"129\" data-end=\"160\"><strong data-start=\"129\" data-end=\"138\">Bouff\u00e9es<\/strong>: Jusqu'\u00e0 50 000 Bouff\u00e9es<\/p>\n<\/li>\n<li data-start=\"161\" data-end=\"220\">\n<p data-start=\"163\" data-end=\"220\"><strong data-start=\"163\" data-end=\"180\">Syst\u00e8me d'ar\u00f4mes<\/strong>: Double saveur dans 1 appareil (Commutable)<\/p>\n<\/li>\n<li data-start=\"221\" data-end=\"285\">\n<p data-start=\"223\" data-end=\"285\"><strong data-start=\"223\" data-end=\"236\">Type de bobine<\/strong>: Bobine maill\u00e9e avanc\u00e9e pour une vapeur lisse et dense<\/p>\n<\/li>\n<li data-start=\"286\" data-end=\"349\">\n<p data-start=\"288\" data-end=\"349\"><strong data-start=\"288\" data-end=\"305\">Param\u00e8tres de mode<\/strong>: 2 modes de vapotage pour une exp\u00e9rience personnalis\u00e9e<\/p>\n<\/li>\n<li data-start=\"350\" data-end=\"406\">\n<p data-start=\"352\" data-end=\"406\"><strong data-start=\"352\" data-end=\"371\">Contr\u00f4le du d\u00e9bit d'air<\/strong>: Options de double flux d'air r\u00e9glable<\/p>\n<\/li>\n<li data-start=\"407\" data-end=\"472\">\n<p data-start=\"409\" data-end=\"472\"><strong data-start=\"409\" data-end=\"430\">Capacit\u00e9 de e-liquide<\/strong>: 50 mL de e-liquide au sel de nicotine pr\u00e9-rempli<\/p>\n<\/li>\n<li data-start=\"473\" data-end=\"529\">\n<p data-start=\"475\" data-end=\"529\"><strong data-start=\"475\" data-end=\"496\">Taux de nicotine<\/strong>: 2 % \/ 5 % (Selon la r\u00e9gion)<\/p>\n<\/li>\n<li data-start=\"530\" data-end=\"591\">\n<p data-start=\"532\" data-end=\"591\"><strong data-start=\"532\" data-end=\"552\">Capacit\u00e9 de la batterie<\/strong>: 850 mAh rechargeable via port Type-C<\/p>\n<\/li>\n<li data-start=\"592\" data-end=\"635\">\n<p data-start=\"594\" data-end=\"635\"><strong data-start=\"594\" data-end=\"611\">Port de charge<\/strong>: Charge rapide de Type-C<\/p>\n<\/li>\n<li data-start=\"636\" data-end=\"703\">\n<p data-start=\"638\" data-end=\"703\"><strong data-start=\"638\" data-end=\"649\">\u00c9cran<\/strong>: \u00c9cran LED pour la batterie, le e-liquide<\/p>\n<\/li>\n<\/ul>\n<h2><strong>Liste des saveurs des vapes Fizzy Twins 50000 Puffs 2 en 1<\/strong><\/h2>\n<p>1. past\u00e8que glac\u00e9e<br \/>\n2. fraise kiwi grenade<br \/>\n3. myrtille noix de coco<br \/>\n4. limonade aux framboises bleues<br \/>\n5. fraise past\u00e8que<br \/>\n6. p\u00eache mangue past\u00e8que<br \/>\n7. framboise past\u00e8que<br \/>\n8. ananas p\u00eache fruit de la passion<br \/>\n9. past\u00e8que glac\u00e9e<br \/>\n10. fruits rouges m\u00e9lang\u00e9s<br \/>\n11. fraise glac\u00e9e<br \/>\n12. limonade aux framboises<\/p>\n<p><a href=\"https:\/\/vapebulkp.com\/fr\/product\/uwin-twins-crystal-40000-puffs-long-lasting-disposable-vape\/\"><span style=\"vertical-align: inherit\">UWIN Twin Crystal 40000 Bouff\u00e9es <\/span><\/a><\/p>\n<p><span style=\"vertical-align: inherit\">Trouvez plus de produits qui pourraient vous plaire\uff1a<\/span><em><a href=\"https:\/\/wa.me\/8618077105796\"><span style=\"vertical-align: inherit\">\u00a0Achetez-le maintenant<\/span><\/a><\/em><\/p>\n<p><span style=\"vertical-align: inherit\">Autres Puffs que vous pourriez aimer\uff1a<\/span><a href=\"https:\/\/vapebulkp.com\/fr\/product\/wholesale-price-bang-kingdoms-rex-32000-puffs-vape-pod\/\"><span style=\"vertical-align: inherit\">Bang Kingdoms 32000Puffs<\/span><\/a><span style=\"vertical-align: inherit\">\u3001<\/span><a href=\"https:\/\/vapebulkp.com\/fr\/product\/bang-blaze-60000-puffs-4-in1-disposable-vape-for-wholesale-price\/\"><span style=\"vertical-align: inherit\">Bang Blaze 60000 Bouff\u00e9es<\/span><\/a><span style=\"vertical-align: inherit\">\/ <\/span><a href=\"https:\/\/vapebulkp.com\/fr\/product\/waspe-3in1-60000-puffs-disposable-vape-high-capacity\/\"><span style=\"vertical-align: inherit\">WASPE 3 en 1 60000 Puffs<\/span><\/a><span style=\"vertical-align: inherit\">\/ <\/span><a href=\"https:\/\/vapebulkp.com\/fr\/product\/waspe-vape-40000-puff-fihp-double-flavour-disposable-vape\/\"><span style=\"vertical-align: inherit\">WASPE 40000 Bouff\u00e9es<\/span><\/a><\/p>\n<p><span style=\"vertical-align: inherit\">Bouteille de cigarette \u00e9lectronique de forme sp\u00e9ciale :<\/span><a href=\"https:\/\/vapebulkp.com\/fr\/product\/waspe-crystal-vape-40000-puffs-disposable-e-cigarette-dual-flavors-wholesale-price\/\"><span style=\"vertical-align: inherit\"> WASPE Crystal 40000 Bouff\u00e9es<\/span><\/a><span style=\"vertical-align: inherit\">\/ <\/span><a href=\"https:\/\/vapebulkp.com\/fr\/product\/vapme-digital-30000-puffs-disposable-vape-with-smart-screen\/\"><span style=\"vertical-align: inherit\">\u00a0Vapme Digital 30000 Bouff\u00e9es <\/span><\/a><span style=\"vertical-align: inherit\">\/<\/span><a href=\"https:\/\/vapebulkp.com\/fr\/product\/stag-bar-star-15000-puffs-high-capacity-vape-device\/\"><span style=\"vertical-align: inherit\"> Bar de sc\u00e8ne star 15000 bouff\u00e9es<\/span><\/a><\/p>\n<h2>FAQ sur la vape Fizzy Twins 50000 Puffs<\/h2>\n<p data-start=\"101\" data-end=\"260\"><strong data-start=\"101\" data-end=\"167\">Q : Combien de bouff\u00e9es la vape Fizzy 50000 Puffs offre-t-elle ?<\/strong><br data-start=\"167\" data-end=\"170\" \/>R : La vape Fizzy Twins 50000 Puffs offre jusqu'\u00e0 50000 bouff\u00e9es pour une utilisation ultra longue dur\u00e9e.<\/p>\n<p data-start=\"442\" data-end=\"598\"><strong data-start=\"442\" data-end=\"498\">Q : La vape Fizzy Twins 50k Puffs est-elle rechargeable ?<\/strong><br data-start=\"498\" data-end=\"501\" \/>R : Oui, la vape Fizzy Twins 50000 Puffs est livr\u00e9e avec une batterie de 850 mAh et un port de charge Type-C.<\/p>\n<p data-start=\"600\" data-end=\"760\"><strong data-start=\"600\" data-end=\"671\">Q : Combien de e-liquide la vape Fizzy 50k Puffs contient-elle ?<\/strong><br data-start=\"671\" data-end=\"674\" \/>R : La vape Fizzy 50000 Puffs est pr\u00e9-remplie avec 50 ml de e-liquide au sel de nicotine.<\/p>\n<p data-start=\"762\" data-end=\"932\"><strong data-start=\"762\" data-end=\"841\">Q: Quels niveaux de nicotine sont disponibles pour la vape Fizzy 50k?<\/strong><br data-start=\"841\" data-end=\"844\" \/>A: La vape Fizzy Twins 50k Puffs est disponible avec des options de taux de nicotine de 2% et 5%.<\/p>\n<h3>D\u00e9tails d'exp\u00e9dition :<\/h3>\n<p><span style=\"color: #ff6600\">D\u00e9lai de production : 5-10 jours ouvrables<\/span><br \/>\n<span style=\"color: #ff6600\">D\u00e9lai de livraison : 8-14 jours ouvrables<\/span><\/p>\n<p>Tous les produits de notre boutique sont 100% originaux et authentiques, c'est pourquoi nous avons pour politique de rembourser dix fois le prix des produits contrefaits. Nous utilisons des canaux logistiques tels que UPS\/DHL\/FEDEX\/DPD pour vous livrer les marchandises.<\/p>\n<p>Pour les colis exp\u00e9di\u00e9s en France, il faut g\u00e9n\u00e9ralement 10 jours ouvrables pour qu'ils arrivent. L'exp\u00e9dition vers les pays europ\u00e9ens prend g\u00e9n\u00e9ralement de 12 \u00e0 15 jours ouvrables. Nous mettrons \u00e0 jour les informations logistiques pour vous en temps r\u00e9el.<\/p>","protected":false},"excerpt":{"rendered":"<p>Achetez la vape Fizzy Twins 50000 Puffs sur Vapebulkp.com avec un flux d'air \u00e0 double mode, une batterie de 850 mAh, 2 ou 5 % de nicotine et une qualit\u00e9 de vapeur premium.<\/p>\n<p>Veuillez contacter le WhatsApp de Mandy pour un prix r\u00e9duit<a href=\"https:\/\/wa.me\/8618077105796\">+8618077105796<\/a><\/p>\n<p><img decoding=\"async\" class=\"alignnone wp-image-2151\" src=\"http:\/\/vapebulkp.com\/wp-content\/uploads\/2024\/04\/Mandy-WhatsApp-Randm.jpg\" alt=\"WhatsApp Mandy Randm\" width=\"297\" height=\"316\" srcset=\"https:\/\/vapebulkp.com\/wp-content\/uploads\/2024\/04\/Mandy-WhatsApp-Randm.jpg 916w, https:\/\/vapebulkp.com\/wp-content\/uploads\/2024\/04\/Mandy-WhatsApp-Randm-282x300.jpg 282w, https:\/\/vapebulkp.com\/wp-content\/uploads\/2024\/04\/Mandy-WhatsApp-Randm-768x817.jpg 768w, https:\/\/vapebulkp.com\/wp-content\/uploads\/2024\/04\/Mandy-WhatsApp-Randm-600x638.jpg 600w\" sizes=\"(max-width: 297px) 100vw, 297px\" \/><\/p>\n<p><span style=\"color: #ff0000\">REMARQUE : Les prix sur notre site web n'incluent pas les frais de port<\/span><\/p>\n<p>&nbsp;<\/p>","protected":false},"featured_media":3847,"comment_status":"open","ping_status":"closed","template":"","meta":{"_uag_custom_page_level_css":"","_lmt_disableupdate":"no","_lmt_disable":"","site-sidebar-layout":"default","site-content-layout":"content-boxed-container","ast-site-content-layout":"normal-width-container","site-content-style":"boxed","site-sidebar-style":"unboxed","ast-global-header-display":"","ast-banner-title-visibility":"","ast-main-header-display":"","ast-hfb-above-header-display":"","ast-hfb-below-header-display":"","ast-hfb-mobile-header-display":"","site-post-title":"","ast-breadcrumbs-content":"","ast-featured-img":"","footer-sml-layout":"","theme-transparent-header-meta":"default","adv-header-id-meta":"","stick-header-meta":"","header-above-stick-meta":"","header-main-stick-meta":"","header-below-stick-meta":"","astra-migrate-meta-layouts":"set","_joinchat":[]},"product_cat":[194,153,155,351,33,59,100,87,34,158,157,154,152,58,84,156,63,32],"product_tag":[256,36,37,41,286,40],"class_list":["post-3850","product","type-product","status-publish","has-post-thumbnail","hentry","product_cat-50000-puffs-disposable-vape","product_cat-hot-disposable-vapes","product_cat-belgium-hot-disposable-vapes","product_cat-fizzy-vape","product_cat-france-vape-hot-sale","product_cat-germany-hot-disposable-vape","product_cat-germany-wholesale-vape-shop","product_cat-minimum-order-quantity-50pcs","product_cat-netherlands-vape-good-sale","product_cat-norway-hot-disposable-vapes","product_cat-poland-hot-disposable-vapes","product_cat-portugal-hot-disposable-vapes","product_cat-spain-hot-disposable-vapes","product_cat-sweden-hot-disposable-vape","product_cat-sweden-wholesale-vape","product_cat-switzerland-hot-disposable-vapes","product_cat-top-sale-disposable-vape","product_cat-vape-hot-sale-this-week","product_tag-fizzy-twins-50000-puffs","product_tag-good-vape","product_tag-hot-sale-disposable-vape","product_tag-poland-hot-vape","product_tag-puffs-stock-in-europe","product_tag-sweden-hot-vape","pa_brand-fizzy-vape","desktop-align-left","tablet-align-left","mobile-align-left"],"yoast_head":"<!-- This site is optimized with the Yoast SEO plugin v21.1 - https:\/\/yoast.com\/wordpress\/plugins\/seo\/ -->\n<title>Fizzy Twins 50000 Puffs High Puff Count Vape Kits Bulk Price - vapebulkp.com<\/title>\n<meta name=\"description\" content=\"Shop Fizzy Twins 50000 Puffs Disposable Vape at Vapebulkpcom Enjoy dual flavors mesh coil 850mAh battery adjustable airflow and 50ml capacity\" \/>\n<meta name=\"robots\" content=\"index, follow, max-snippet:-1, max-image-preview:large, max-video-preview:-1\" \/>\n<link rel=\"canonical\" href=\"https:\/\/vapebulkp.com\/fr\/product\/fizzy-twins-50000-puffs-high-puff-count-vape-kits-bulk-price\/\" \/>\n<meta property=\"og:locale\" content=\"fr_FR\" \/>\n<meta property=\"og:type\" content=\"article\" \/>\n<meta property=\"og:title\" content=\"Fizzy Twins 50000 Puffs High Puff Count Vape Kits Bulk Price - vapebulkp.com\" \/>\n<meta property=\"og:description\" content=\"Shop Fizzy Twins 50000 Puffs Disposable Vape at Vapebulkpcom Enjoy dual flavors mesh coil 850mAh battery adjustable airflow and 50ml capacity\" \/>\n<meta property=\"og:url\" content=\"https:\/\/vapebulkp.com\/fr\/product\/fizzy-twins-50000-puffs-high-puff-count-vape-kits-bulk-price\/\" \/>\n<meta property=\"og:site_name\" content=\"vapebulkp.com\" \/>\n<meta property=\"article:modified_time\" content=\"2025-09-24T03:57:47+00:00\" \/>\n<meta property=\"og:image\" content=\"http:\/\/vapebulkp.com\/wp-content\/uploads\/2025\/06\/Fizzy-Twins-High-Puff-Count-Vape-50000-Puffs-Disposable-E-Cigarette-for-Sale.webp\" \/>\n\t<meta property=\"og:image:width\" content=\"800\" \/>\n\t<meta property=\"og:image:height\" content=\"800\" \/>\n\t<meta property=\"og:image:type\" content=\"image\/webp\" \/>\n<meta name=\"twitter:card\" content=\"summary_large_image\" \/>\n<meta name=\"twitter:label1\" content=\"Dur\u00e9e de lecture estim\u00e9e\" \/>\n\t<meta name=\"twitter:data1\" content=\"4 minutes\" \/>\n<script type=\"application\/ld+json\" class=\"yoast-schema-graph\">{\"@context\":\"https:\/\/schema.org\",\"@graph\":[{\"@type\":\"WebPage\",\"@id\":\"https:\/\/vapebulkp.com\/product\/fizzy-twins-50000-puffs-high-puff-count-vape-kits-bulk-price\/\",\"url\":\"https:\/\/vapebulkp.com\/product\/fizzy-twins-50000-puffs-high-puff-count-vape-kits-bulk-price\/\",\"name\":\"Fizzy Twins 50000 Puffs High Puff Count Vape Kits Bulk Price - vapebulkp.com\",\"isPartOf\":{\"@id\":\"https:\/\/vapebulkp.com\/#website\"},\"datePublished\":\"2025-06-14T09:08:05+00:00\",\"dateModified\":\"2025-09-24T03:57:47+00:00\",\"description\":\"Shop Fizzy Twins 50000 Puffs Disposable Vape at Vapebulkpcom Enjoy dual flavors mesh coil 850mAh battery adjustable airflow and 50ml capacity\",\"breadcrumb\":{\"@id\":\"https:\/\/vapebulkp.com\/product\/fizzy-twins-50000-puffs-high-puff-count-vape-kits-bulk-price\/#breadcrumb\"},\"inLanguage\":\"fr-FR\",\"potentialAction\":[{\"@type\":\"ReadAction\",\"target\":[\"https:\/\/vapebulkp.com\/product\/fizzy-twins-50000-puffs-high-puff-count-vape-kits-bulk-price\/\"]}]},{\"@type\":\"BreadcrumbList\",\"@id\":\"https:\/\/vapebulkp.com\/product\/fizzy-twins-50000-puffs-high-puff-count-vape-kits-bulk-price\/#breadcrumb\",\"itemListElement\":[{\"@type\":\"ListItem\",\"position\":1,\"name\":\"Home\",\"item\":\"https:\/\/vapebulkp.com\/\"},{\"@type\":\"ListItem\",\"position\":2,\"name\":\"Hot Trend Vapes\",\"item\":\"https:\/\/vapebulkp.com\/vape-shop\/\"},{\"@type\":\"ListItem\",\"position\":3,\"name\":\"Fizzy Twins 50000 Puffs High Puff Count Vape Kits Bulk Price\"}]},{\"@type\":\"WebSite\",\"@id\":\"https:\/\/vapebulkp.com\/#website\",\"url\":\"https:\/\/vapebulkp.com\/\",\"name\":\"vapebulkp.com\",\"description\":\"Buy Vape In Cheap Bulk Price Near you\",\"publisher\":{\"@id\":\"https:\/\/vapebulkp.com\/#organization\"},\"potentialAction\":[{\"@type\":\"SearchAction\",\"target\":{\"@type\":\"EntryPoint\",\"urlTemplate\":\"https:\/\/vapebulkp.com\/?s={search_term_string}\"},\"query-input\":\"required name=search_term_string\"}],\"inLanguage\":\"fr-FR\"},{\"@type\":\"Organization\",\"@id\":\"https:\/\/vapebulkp.com\/#organization\",\"name\":\"vapebulkp.com\",\"url\":\"https:\/\/vapebulkp.com\/\",\"logo\":{\"@type\":\"ImageObject\",\"inLanguage\":\"fr-FR\",\"@id\":\"https:\/\/vapebulkp.com\/#\/schema\/logo\/image\/\",\"url\":\"https:\/\/vapebulkp.com\/wp-content\/uploads\/2023\/09\/cropped-vapebulkp.png\",\"contentUrl\":\"https:\/\/vapebulkp.com\/wp-content\/uploads\/2023\/09\/cropped-vapebulkp.png\",\"width\":516,\"height\":163,\"caption\":\"vapebulkp.com\"},\"image\":{\"@id\":\"https:\/\/vapebulkp.com\/#\/schema\/logo\/image\/\"}}]}<\/script>\n<!-- \/ Yoast SEO plugin. -->","yoast_head_json":{"title":"Fizzy Twins 50000 Puffs High Puff Count Vape Kits Bulk Price - vapebulkp.com","description":"Shop Fizzy Twins 50000 Puffs Disposable Vape at Vapebulkpcom Enjoy dual flavors mesh coil 850mAh battery adjustable airflow and 50ml capacity","robots":{"index":"index","follow":"follow","max-snippet":"max-snippet:-1","max-image-preview":"max-image-preview:large","max-video-preview":"max-video-preview:-1"},"canonical":"https:\/\/vapebulkp.com\/fr\/product\/fizzy-twins-50000-puffs-high-puff-count-vape-kits-bulk-price\/","og_locale":"fr_FR","og_type":"article","og_title":"Fizzy Twins 50000 Puffs High Puff Count Vape Kits Bulk Price - vapebulkp.com","og_description":"Shop Fizzy Twins 50000 Puffs Disposable Vape at Vapebulkpcom Enjoy dual flavors mesh coil 850mAh battery adjustable airflow and 50ml capacity","og_url":"https:\/\/vapebulkp.com\/fr\/product\/fizzy-twins-50000-puffs-high-puff-count-vape-kits-bulk-price\/","og_site_name":"vapebulkp.com","article_modified_time":"2025-09-24T03:57:47+00:00","og_image":[{"width":800,"height":800,"url":"http:\/\/vapebulkp.com\/wp-content\/uploads\/2025\/06\/Fizzy-Twins-High-Puff-Count-Vape-50000-Puffs-Disposable-E-Cigarette-for-Sale.webp","type":"image\/webp"}],"twitter_card":"summary_large_image","twitter_misc":{"Dur\u00e9e de lecture estim\u00e9e":"4 minutes"},"schema":{"@context":"https:\/\/schema.org","@graph":[{"@type":"WebPage","@id":"https:\/\/vapebulkp.com\/product\/fizzy-twins-50000-puffs-high-puff-count-vape-kits-bulk-price\/","url":"https:\/\/vapebulkp.com\/product\/fizzy-twins-50000-puffs-high-puff-count-vape-kits-bulk-price\/","name":"Fizzy Twins 50000 Puffs High Puff Count Vape Kits Bulk Price - vapebulkp.com","isPartOf":{"@id":"https:\/\/vapebulkp.com\/#website"},"datePublished":"2025-06-14T09:08:05+00:00","dateModified":"2025-09-24T03:57:47+00:00","description":"Shop Fizzy Twins 50000 Puffs Disposable Vape at Vapebulkpcom Enjoy dual flavors mesh coil 850mAh battery adjustable airflow and 50ml capacity","breadcrumb":{"@id":"https:\/\/vapebulkp.com\/product\/fizzy-twins-50000-puffs-high-puff-count-vape-kits-bulk-price\/#breadcrumb"},"inLanguage":"fr-FR","potentialAction":[{"@type":"ReadAction","target":["https:\/\/vapebulkp.com\/product\/fizzy-twins-50000-puffs-high-puff-count-vape-kits-bulk-price\/"]}]},{"@type":"BreadcrumbList","@id":"https:\/\/vapebulkp.com\/product\/fizzy-twins-50000-puffs-high-puff-count-vape-kits-bulk-price\/#breadcrumb","itemListElement":[{"@type":"ListItem","position":1,"name":"Home","item":"https:\/\/vapebulkp.com\/"},{"@type":"ListItem","position":2,"name":"Hot Trend Vapes","item":"https:\/\/vapebulkp.com\/vape-shop\/"},{"@type":"ListItem","position":3,"name":"Fizzy Twins 50000 Puffs High Puff Count Vape Kits Bulk Price"}]},{"@type":"WebSite","@id":"https:\/\/vapebulkp.com\/#website","url":"https:\/\/vapebulkp.com\/","name":"vapebulkp.com","description":"Buy Vape In Cheap Bulk Price Near you","publisher":{"@id":"https:\/\/vapebulkp.com\/#organization"},"potentialAction":[{"@type":"SearchAction","target":{"@type":"EntryPoint","urlTemplate":"https:\/\/vapebulkp.com\/?s={search_term_string}"},"query-input":"required name=search_term_string"}],"inLanguage":"fr-FR"},{"@type":"Organization","@id":"https:\/\/vapebulkp.com\/#organization","name":"vapebulkp.com","url":"https:\/\/vapebulkp.com\/","logo":{"@type":"ImageObject","inLanguage":"fr-FR","@id":"https:\/\/vapebulkp.com\/#\/schema\/logo\/image\/","url":"https:\/\/vapebulkp.com\/wp-content\/uploads\/2023\/09\/cropped-vapebulkp.png","contentUrl":"https:\/\/vapebulkp.com\/wp-content\/uploads\/2023\/09\/cropped-vapebulkp.png","width":516,"height":163,"caption":"vapebulkp.com"},"image":{"@id":"https:\/\/vapebulkp.com\/#\/schema\/logo\/image\/"}}]}},"uagb_featured_image_src":{"full":["https:\/\/vapebulkp.com\/wp-content\/uploads\/2025\/06\/Fizzy-Twins-High-Puff-Count-Vape-50000-Puffs-Disposable-E-Cigarette-for-Sale.webp",800,800,false],"thumbnail":["https:\/\/vapebulkp.com\/wp-content\/uploads\/2025\/06\/Fizzy-Twins-High-Puff-Count-Vape-50000-Puffs-Disposable-E-Cigarette-for-Sale-150x150.webp",150,150,true],"medium":["https:\/\/vapebulkp.com\/wp-content\/uploads\/2025\/06\/Fizzy-Twins-High-Puff-Count-Vape-50000-Puffs-Disposable-E-Cigarette-for-Sale-300x300.webp",300,300,true],"medium_large":["https:\/\/vapebulkp.com\/wp-content\/uploads\/2025\/06\/Fizzy-Twins-High-Puff-Count-Vape-50000-Puffs-Disposable-E-Cigarette-for-Sale-768x768.webp",768,768,true],"large":["https:\/\/vapebulkp.com\/wp-content\/uploads\/2025\/06\/Fizzy-Twins-High-Puff-Count-Vape-50000-Puffs-Disposable-E-Cigarette-for-Sale.webp",800,800,false],"1536x1536":["https:\/\/vapebulkp.com\/wp-content\/uploads\/2025\/06\/Fizzy-Twins-High-Puff-Count-Vape-50000-Puffs-Disposable-E-Cigarette-for-Sale.webp",800,800,false],"2048x2048":["https:\/\/vapebulkp.com\/wp-content\/uploads\/2025\/06\/Fizzy-Twins-High-Puff-Count-Vape-50000-Puffs-Disposable-E-Cigarette-for-Sale.webp",800,800,false],"trp-custom-language-flag":["https:\/\/vapebulkp.com\/wp-content\/uploads\/2025\/06\/Fizzy-Twins-High-Puff-Count-Vape-50000-Puffs-Disposable-E-Cigarette-for-Sale.webp",12,12,false],"woocommerce_thumbnail":["https:\/\/vapebulkp.com\/wp-content\/uploads\/2025\/06\/Fizzy-Twins-High-Puff-Count-Vape-50000-Puffs-Disposable-E-Cigarette-for-Sale-300x300.webp",300,300,true],"woocommerce_single":["https:\/\/vapebulkp.com\/wp-content\/uploads\/2025\/06\/Fizzy-Twins-High-Puff-Count-Vape-50000-Puffs-Disposable-E-Cigarette-for-Sale-600x600.webp",600,600,true],"woocommerce_gallery_thumbnail":["https:\/\/vapebulkp.com\/wp-content\/uploads\/2025\/06\/Fizzy-Twins-High-Puff-Count-Vape-50000-Puffs-Disposable-E-Cigarette-for-Sale-100x100.webp",100,100,true],"wcpr-photo-reviews":["https:\/\/vapebulkp.com\/wp-content\/uploads\/2025\/06\/Fizzy-Twins-High-Puff-Count-Vape-50000-Puffs-Disposable-E-Cigarette-for-Sale.webp",500,500,false]},"uagb_author_info":{"display_name":"Mandy vape bulk price","author_link":"https:\/\/vapebulkp.com\/fr\/author\/"},"uagb_comment_info":0,"uagb_excerpt":"Buy Fizzy Twins 50000 Puffs Vape at Vapebulkpcom with dual mode airflow, 850mAh battery, 2 percent or 5 percent nicotine, and premium vapor quality. Pls Contact Mandy's WhatsApp For Discount Price+8618077105796 NOTE: Prices on our website does not include shipping costs &nbsp;","_links":{"self":[{"href":"https:\/\/vapebulkp.com\/fr\/wp-json\/wp\/v2\/product\/3850","targetHints":{"allow":["GET"]}}],"collection":[{"href":"https:\/\/vapebulkp.com\/fr\/wp-json\/wp\/v2\/product"}],"about":[{"href":"https:\/\/vapebulkp.com\/fr\/wp-json\/wp\/v2\/types\/product"}],"replies":[{"embeddable":true,"href":"https:\/\/vapebulkp.com\/fr\/wp-json\/wp\/v2\/comments?post=3850"}],"wp:featuredmedia":[{"embeddable":true,"href":"https:\/\/vapebulkp.com\/fr\/wp-json\/wp\/v2\/media\/3847"}],"wp:attachment":[{"href":"https:\/\/vapebulkp.com\/fr\/wp-json\/wp\/v2\/media?parent=3850"}],"wp:term":[{"taxonomy":"product_cat","embeddable":true,"href":"https:\/\/vapebulkp.com\/fr\/wp-json\/wp\/v2\/product_cat?post=3850"},{"taxonomy":"product_tag","embeddable":true,"href":"https:\/\/vapebulkp.com\/fr\/wp-json\/wp\/v2\/product_tag?post=3850"}],"curies":[{"name":"wp","href":"https:\/\/api.w.org\/{rel}","templated":true}]}}