{"id":3866,"date":"2025-06-19T09:39:04","date_gmt":"2025-06-19T07:39:04","guid":{"rendered":"https:\/\/vapebulkp.com\/?post_type=product&#038;p=3866"},"modified":"2025-09-24T05:03:02","modified_gmt":"2025-09-24T03:03:02","slug":"wga-40000-puffs-best-sale-disposable-vape-device","status":"publish","type":"product","link":"https:\/\/vapebulkp.com\/fr\/product\/wga-40000-puffs-best-sale-disposable-vape-device\/","title":{"rendered":"WGA 40000 Bouff\u00e9es Meilleure Vente Dispositif de Vape Jetable"},"content":{"rendered":"<h2>WGA 40000 Bouff\u00e9es Meilleure Vente Dispositif de Vape Jetable<\/h2>\n<p data-start=\"379\" data-end=\"730\">Le <strong data-start=\"383\" data-end=\"423\">WGA Vape 40000 Puffs Vape Jetable<\/strong> est un appareil haut de gamme <strong data-start=\"437\" data-end=\"470\">cigarette \u00e9lectronique jetable de grande capacit\u00e9<\/strong> con\u00e7u pour les amateurs de vapotage fran\u00e7ais qui exigent des performances durables et une saveur intense. Pr\u00e9-rempli avec 35 ml de <strong data-start=\"592\" data-end=\"614\">vapeur de sel de nicotine<\/strong>, cet appareil offre jusqu'\u00e0 40 000 bouff\u00e9es, offrant une exp\u00e9rience fiable et satisfaisante pour une utilisation quotidienne ou prolong\u00e9e.<\/p>\n<p data-start=\"732\" data-end=\"975\">Con\u00e7u comme une <strong data-start=\"743\" data-end=\"775\">vape jetable rechargeable<\/strong> avec une batterie de 600 mAh et une charge rapide de Type-C, il d\u00e9livre une puissance constante sans temps d'arr\u00eat. Le syst\u00e8me <strong data-start=\"875\" data-end=\"893\">vape \u00e0 coil mesh<\/strong> assure des nuages denses, des tirages fluides et une saveur am\u00e9lior\u00e9e \u00e0 chaque bouff\u00e9e.<\/p>\n<p data-start=\"977\" data-end=\"1325\">Ce <strong data-start=\"982\" data-end=\"1021\">e-cigarette jetable longue dur\u00e9e<\/strong> allie commodit\u00e9, portabilit\u00e9 et style. Compact et l\u00e9ger, il est parfait pour les voyages, les \u00e9v\u00e9nements sociaux ou les achats en gros par les grossistes en France. Le <strong data-start=\"1189\" data-end=\"1229\">WGA Vape <a href=\"https:\/\/vapebulkp.com\/fr\/product-category\/40000-puffs-disposable-vape\/\">Vape jetable 40000 bouff\u00e9es<\/a><\/strong> offre une qualit\u00e9 sup\u00e9rieure, des performances haute capacit\u00e9 et un vapotage sans tracas dans un seul appareil.<\/p>\n<h6>Veuillez contacter le WhatsApp de Mandy pour un prix r\u00e9duit<a href=\"https:\/\/wa.me\/8618077105796\">+8618077105796<\/a><\/h6>\n<p><img decoding=\"async\" class=\"alignnone wp-image-2151\" src=\"http:\/\/vapebulkp.com\/wp-content\/uploads\/2024\/04\/Mandy-WhatsApp-Randm.jpg\" alt=\"WhatsApp Mandy Randm\" width=\"271\" height=\"289\" srcset=\"https:\/\/vapebulkp.com\/wp-content\/uploads\/2024\/04\/Mandy-WhatsApp-Randm.jpg 916w, https:\/\/vapebulkp.com\/wp-content\/uploads\/2024\/04\/Mandy-WhatsApp-Randm-282x300.jpg 282w, https:\/\/vapebulkp.com\/wp-content\/uploads\/2024\/04\/Mandy-WhatsApp-Randm-768x817.jpg 768w, https:\/\/vapebulkp.com\/wp-content\/uploads\/2024\/04\/Mandy-WhatsApp-Randm-600x638.jpg 600w\" sizes=\"(max-width: 271px) 100vw, 271px\" \/><\/p>\n<h2><strong>Pourquoi Acheter Hot Vape WGA 40000 Puffs chez <a href=\"https:\/\/vapebulkp.com\/fr\/\">Vapebulkp.com<\/a>?<\/strong><\/h2>\n<p>At <em>Vapebulkp.com<\/em>, <em>Vape Cristal WGA L\u00c9GENDE ULTRA 30K Bouff\u00e9es<\/em> se distingue par ses performances exceptionnelles, son design \u00e9l\u00e9gant et ses fonctionnalit\u00e9s haut de gamme. Voici pourquoi c'est le choix parfait pour les vapoteurs :<\/p>\n<ul>\n<li><strong>Performances longue dur\u00e9e :<\/strong> Avec <em>30 000 bouff\u00e9es<\/em> et une <em>capacit\u00e9 de 24 ml de e-liquide<\/em>, il offre une utilisation prolong\u00e9e sans n\u00e9cessiter de remplacements fr\u00e9quents, ce qui le rend id\u00e9al pour une utilisation quotidienne et pour le vapotage en d\u00e9placement.<\/li>\n<li><strong>Syst\u00e8me double saveur :<\/strong> Profitez de deux saveurs distinctes dans un seul appareil, offrant une exp\u00e9rience de vapotage personnalisable qui r\u00e9pond \u00e0 vos pr\u00e9f\u00e9rences gustatives personnelles.<\/li>\n<li><strong>Charge rapide<\/strong> \u00c9quip\u00e9 d'une <em>650mAh<\/em> et <em>Type-C<\/em>, le WGA LEGEND ULTRA assure une charge rapide et efficace, vous maintenant aliment\u00e9 avec un temps d'arr\u00eat minimal.<\/li>\n<li><strong>Qualit\u00e9 sup\u00e9rieure<\/strong> Le <em>r\u00e9sistance mesh de 1.1ohm<\/em> offre une saveur douce et constante \u00e0 chaque bouff\u00e9e, parfaite pour les deux <em>DTL<\/em> et <em>MTL<\/em> styles. Il est disponible en <em>2%<\/em> et <em>5% concentrations de nicotine<\/em>, offrant une satisfaction pour tous les vapoteurs.<\/li>\n<li><strong>Prix comp\u00e9titifs<\/strong> En achetant aupr\u00e8s de <em>Vapebulkp.com<\/em>, vous b\u00e9n\u00e9ficiez de prix comp\u00e9titifs avec une exp\u00e9dition rapide directement depuis notre entrep\u00f4t europ\u00e9en, vous assurant de recevoir votre appareil rapidement et au meilleur prix.<\/li>\n<li><strong>Marque de confiance :<\/strong> Le <em>WGA L\u00c9GENDE ULTRA<\/em> est un produit de confiance, connu pour son design \u00e9cologique et ses performances haut de gamme, ce qui en fait le choix ultime pour les vapoteurs exigeants qui appr\u00e9cient la qualit\u00e9, l'innovation et la commodit\u00e9.<\/li>\n<\/ul>\n<div class=\"faqs-answer\">\n<h3><strong>FAQ sur le Vape Jetable \u00e0 Haute Bouff\u00e9e WGA 40000 Puffs <\/strong><strong>:<\/strong><\/h3>\n<p>&nbsp;<\/p>\n<p data-start=\"204\" data-end=\"407\"><strong data-start=\"204\" data-end=\"269\">1. Combien de bouff\u00e9es offre le Vape Jetable WGA 40000 bouff\u00e9es?<\/strong><br data-start=\"269\" data-end=\"272\" \/>Le Vape Jetable WGA 40000 offre jusqu'\u00e0 40 000 bouff\u00e9es, ce qui en fait l'une des vapes jetables les plus durables disponibles sur le march\u00e9.<\/p>\n<p data-start=\"409\" data-end=\"578\"><strong data-start=\"409\" data-end=\"451\">2. Les Vapes WGA 40000 sont-elles rechargeables?<\/strong><br data-start=\"451\" data-end=\"454\" \/>Oui, elles sont dot\u00e9es d'une batterie rechargeable int\u00e9gr\u00e9e de 600 mAh avec un port de charge pratique de Type-C pour une recharge rapide et facile.<\/p>\n<p data-start=\"580\" data-end=\"734\"><strong data-start=\"580\" data-end=\"625\">3. Quelles sont les concentrations de nicotine disponibles pour le VAPE WGA 40K PUFF?<\/strong><br data-start=\"625\" data-end=\"628\" \/>Cette vape est disponible en deux options de nicotine : 2% (20mg\/ml) et 5% (50mg\/ml) pour satisfaire les diff\u00e9rentes pr\u00e9f\u00e9rences des utilisateurs.<\/p>\n<p data-start=\"736\" data-end=\"890\"><strong data-start=\"736\" data-end=\"788\">4. Quelle quantit\u00e9 de e-liquide contient le WGA 40000 ?<\/strong><br data-start=\"788\" data-end=\"791\" \/>Il est pr\u00e9-rempli avec 35 ml de e-liquide de haute qualit\u00e9, garantissant une saveur constante tout au long de son utilisation.<\/p>\n<\/div>\n<h4><\/h4>\n<h4><span style=\"vertical-align: inherit\"><strong>Vente en gros Vape WGA 40000 Bouff\u00e9es S<\/strong>Sp\u00e9cification :<\/span><strong><br \/>\n<\/strong><\/h4>\n<ul>\n<li data-start=\"205\" data-end=\"260\">\n<p data-start=\"207\" data-end=\"260\"><strong data-start=\"207\" data-end=\"224\">Nom du produit :<\/strong><br data-start=\"224\" data-end=\"227\" \/>Vape jetable WGA 40000 Bouff\u00e9es<\/p>\n<\/li>\n<li data-start=\"262\" data-end=\"387\">\n<p data-start=\"264\" data-end=\"387\"><strong data-start=\"264\" data-end=\"286\">Teneur en nicotine :<\/strong><br data-start=\"286\" data-end=\"289\" \/>Disponible en concentrations de nicotine 2% (20mg\/ml) et 5% (50mg\/ml) pour satisfaire diff\u00e9rentes pr\u00e9f\u00e9rences<\/p>\n<\/li>\n<li data-start=\"389\" data-end=\"500\">\n<p data-start=\"391\" data-end=\"500\"><strong data-start=\"391\" data-end=\"406\">Nombre de bouff\u00e9es :<\/strong><br data-start=\"406\" data-end=\"409\" \/>Jusqu'\u00e0 40000 bouff\u00e9es pour des performances de vapotage ultra-longues sans remplacements fr\u00e9quents<\/p>\n<\/li>\n<li data-start=\"502\" data-end=\"630\">\n<p data-start=\"504\" data-end=\"630\"><strong data-start=\"504\" data-end=\"526\">Capacit\u00e9 de e-liquide :<\/strong><br data-start=\"526\" data-end=\"529\" \/>Pr\u00e9-rempli avec un \u00e9norme 35 ml de e-liquide premium pour une saveur riche et constante du d\u00e9but \u00e0 la fin<\/p>\n<\/li>\n<li data-start=\"632\" data-end=\"749\">\n<p data-start=\"634\" data-end=\"749\"><strong data-start=\"634\" data-end=\"655\">Capacit\u00e9 de la batterie :<\/strong><br data-start=\"655\" data-end=\"658\" \/>Batterie rechargeable int\u00e9gr\u00e9e de 600 mAh assurant une sortie de puissance fiable pour des sessions prolong\u00e9es<\/p>\n<\/li>\n<li data-start=\"751\" data-end=\"860\">\n<p data-start=\"753\" data-end=\"860\"><strong data-start=\"753\" data-end=\"771\">Port de chargement :<\/strong><br data-start=\"771\" data-end=\"774\" \/>\u00c9quip\u00e9 d'un port de charge rapide moderne de type C pour une recharge rapide et pratique<\/p>\n<\/li>\n<li data-start=\"862\" data-end=\"970\">\n<p data-start=\"864\" data-end=\"970\"><strong data-start=\"864\" data-end=\"889\">Caract\u00e9ristique rechargeable :<\/strong><br data-start=\"889\" data-end=\"892\" \/>La conception rechargeable am\u00e9liore la dur\u00e9e de vie du produit et r\u00e9duit le co\u00fbt d'utilisation global<\/p>\n<\/li>\n<li data-start=\"972\" data-end=\"1078\">\n<p data-start=\"974\" data-end=\"1078\"><strong data-start=\"974\" data-end=\"988\">Type de r\u00e9sistance :<\/strong><br data-start=\"988\" data-end=\"991\" \/>La technologie avanc\u00e9e de r\u00e9sistance en maille offre des nuages de vapeur plus importants et une puret\u00e9 de saveur am\u00e9lior\u00e9e<\/p>\n<\/li>\n<\/ul>\n<h4>Liste des saveurs des pods vape WGA 40000 Bouff\u00e9es :<\/h4>\n<p>1.M\u00fbre Myrtille Framboise2.Myrtille Framboise Acide<br \/>\n3.Cola Glac\u00e9<br \/>\n4. Fanta<br \/>\n5.Menthe Fra\u00eeche<br \/>\n6. P\u00eache juteuse<br \/>\n7. Citron Vert<br \/>\n8. Taureau rouge<br \/>\n9. Fraise Raisin<br \/>\n10.Glace Past\u00e8que<\/p>\n<p><a href=\"https:\/\/vapebulkp.com\/fr\/product\/stag-bar-triple-60000-puffs-for-wholesale-distributors\/\"><span style=\"vertical-align: inherit\">STAG Bar Triple 60000 Bouff\u00e9es<\/span><\/a><\/p>\n<p><span style=\"vertical-align: inherit\">Trouvez plus de produits qui pourraient vous plaire\uff1a<\/span><em><a href=\"https:\/\/wa.me\/8618077105796\"><span style=\"vertical-align: inherit\">\u00a0Achetez-le maintenant<\/span><\/a><\/em><\/p>\n<p><span style=\"vertical-align: inherit\">Autres Puffs que vous pourriez aimer\uff1a<\/span><a href=\"https:\/\/vapebulkp.com\/fr\/product\/razz-bar-40000-puffs-wholesale-vape-factory-price-eu-warehouse-fast-shipping\/\"><span style=\"vertical-align: inherit\">RAZZBAR VAPE 40000 Bouff\u00e9es<\/span><\/a><span style=\"vertical-align: inherit\">\u3001<\/span><a href=\"https:\/\/vapebulkp.com\/fr\/product\/vozol-rave-40000-puffs-hot-sale-nicotine-salt-disposable-vaporizer\/\"><span style=\"vertical-align: inherit\">Vozol Rave 40000 Bouff\u00e9es<\/span><\/a><span style=\"vertical-align: inherit\">\/ <\/span><a href=\"https:\/\/vapebulkp.com\/fr\/product\/bang-box-80000-puffs-3-in-1-wholesale-vape-supply\/\"><span style=\"vertical-align: inherit\">Bang Box 80000 Bouff\u00e9es<\/span><\/a><span style=\"vertical-align: inherit\">\/ <\/span><a href=\"https:\/\/vapebulkp.com\/fr\/product\/fizzy-twins-50000-puffs-high-puff-count-vape-kits-bulk-price\/\"><span style=\"vertical-align: inherit\">Fizzy twins 50000 Bouff\u00e9es<\/span><\/a><\/p>\n<h4>D\u00e9tails d'exp\u00e9dition :<\/h4>\n<p><span style=\"color: #ff6600\">D\u00e9lai de production : 5-10 jours ouvrables<\/span><br \/>\n<span style=\"color: #ff6600\">D\u00e9lai de livraison : 8-14 jours ouvrables<\/span><\/p>\n<p>Tous les produits de notre boutique sont 100% originaux et authentiques, c'est pourquoi nous avons pour politique de rembourser dix fois le prix des produits contrefaits. Nous utilisons des canaux logistiques tels que UPS\/DHL\/FEDEX\/DPD pour vous livrer les marchandises.<\/p>\n<p>Pour les colis exp\u00e9di\u00e9s en France, il faut g\u00e9n\u00e9ralement 10 jours ouvrables pour qu'ils arrivent. L'exp\u00e9dition vers les pays europ\u00e9ens prend g\u00e9n\u00e9ralement de 12 \u00e0 15 jours ouvrables. Nous mettrons \u00e0 jour les informations logistiques pour vous en temps r\u00e9el.<\/p>","protected":false},"excerpt":{"rendered":"<p><strong>40000 Puffs WGA Vape Prix de Gros\u00a0 Vape Jetable Intelligente<\/strong><\/p>\n<p>Veuillez contacter le WhatsApp de Mandy pour un prix r\u00e9duit<a href=\"https:\/\/wa.me\/8618077105796\">+8618077105796<\/a><\/p>\n<p><img decoding=\"async\" class=\"alignnone wp-image-2151\" src=\"http:\/\/vapebulkp.com\/wp-content\/uploads\/2024\/04\/Mandy-WhatsApp-Randm.jpg\" alt=\"WhatsApp Mandy Randm\" width=\"297\" height=\"316\" srcset=\"https:\/\/vapebulkp.com\/wp-content\/uploads\/2024\/04\/Mandy-WhatsApp-Randm.jpg 916w, https:\/\/vapebulkp.com\/wp-content\/uploads\/2024\/04\/Mandy-WhatsApp-Randm-282x300.jpg 282w, https:\/\/vapebulkp.com\/wp-content\/uploads\/2024\/04\/Mandy-WhatsApp-Randm-768x817.jpg 768w, https:\/\/vapebulkp.com\/wp-content\/uploads\/2024\/04\/Mandy-WhatsApp-Randm-600x638.jpg 600w\" sizes=\"(max-width: 297px) 100vw, 297px\" \/><\/p>\n<p><span style=\"color: #ff0000\">REMARQUE : Les prix sur notre site web n'incluent pas les frais de port<\/span><\/p>\n<p>Principales raisons d'acheter<br \/>\n1. Excellente qualit\u00e9 et performance in\u00e9gal\u00e9e.<\/p>\n<p>2. Prix comp\u00e9titif et valeur rapide.<\/p>\n<p>3. Options multiples et livraison rapide.<\/p>\n<p>4. Une exp\u00e9rience d'achat satisfaisante<\/p>","protected":false},"featured_media":3860,"comment_status":"open","ping_status":"closed","template":"","meta":{"_uag_custom_page_level_css":"","_lmt_disableupdate":"no","_lmt_disable":"","site-sidebar-layout":"default","site-content-layout":"content-boxed-container","ast-site-content-layout":"normal-width-container","site-content-style":"boxed","site-sidebar-style":"unboxed","ast-global-header-display":"","ast-banner-title-visibility":"","ast-main-header-display":"","ast-hfb-above-header-display":"","ast-hfb-below-header-display":"","ast-hfb-mobile-header-display":"","site-post-title":"","ast-breadcrumbs-content":"","ast-featured-img":"","footer-sml-layout":"","theme-transparent-header-meta":"default","adv-header-id-meta":"","stick-header-meta":"","header-above-stick-meta":"","header-main-stick-meta":"","header-below-stick-meta":"","astra-migrate-meta-layouts":"set","_joinchat":[]},"product_cat":[182,153,155,33,59,100,87,34,158,157,154,152,58,84,156,63,32,366],"product_tag":[36,37,41,40,258],"class_list":["post-3866","product","type-product","status-publish","has-post-thumbnail","hentry","product_cat-40000-puffs-disposable-vape","product_cat-hot-disposable-vapes","product_cat-belgium-hot-disposable-vapes","product_cat-france-vape-hot-sale","product_cat-germany-hot-disposable-vape","product_cat-germany-wholesale-vape-shop","product_cat-minimum-order-quantity-50pcs","product_cat-netherlands-vape-good-sale","product_cat-norway-hot-disposable-vapes","product_cat-poland-hot-disposable-vapes","product_cat-portugal-hot-disposable-vapes","product_cat-spain-hot-disposable-vapes","product_cat-sweden-hot-disposable-vape","product_cat-sweden-wholesale-vape","product_cat-switzerland-hot-disposable-vapes","product_cat-top-sale-disposable-vape","product_cat-vape-hot-sale-this-week","product_cat-wga-vape","product_tag-good-vape","product_tag-hot-sale-disposable-vape","product_tag-poland-hot-vape","product_tag-sweden-hot-vape","product_tag-wga-40000-puffs","pa_brand-wga-vape","desktop-align-left","tablet-align-left","mobile-align-left"],"yoast_head":"<!-- This site is optimized with the Yoast SEO plugin v21.1 - https:\/\/yoast.com\/wordpress\/plugins\/seo\/ -->\n<title>WGA 40000 Puffs Best Sale Disposable Vape Device - vapebulkp.com<\/title>\n<meta name=\"description\" content=\"Enjoy up to 40000 puffs with the WGA disposable vape featuring 35ml e-liquid, 600mAh rechargeable battery, and smooth mesh coil flavor performance.\" \/>\n<meta name=\"robots\" content=\"index, follow, max-snippet:-1, max-image-preview:large, max-video-preview:-1\" \/>\n<link rel=\"canonical\" href=\"https:\/\/vapebulkp.com\/fr\/product\/wga-40000-puffs-best-sale-disposable-vape-device\/\" \/>\n<meta property=\"og:locale\" content=\"fr_FR\" \/>\n<meta property=\"og:type\" content=\"article\" \/>\n<meta property=\"og:title\" content=\"WGA 40000 Puffs Best Sale Disposable Vape Device - vapebulkp.com\" \/>\n<meta property=\"og:description\" content=\"Enjoy up to 40000 puffs with the WGA disposable vape featuring 35ml e-liquid, 600mAh rechargeable battery, and smooth mesh coil flavor performance.\" \/>\n<meta property=\"og:url\" content=\"https:\/\/vapebulkp.com\/fr\/product\/wga-40000-puffs-best-sale-disposable-vape-device\/\" \/>\n<meta property=\"og:site_name\" content=\"vapebulkp.com\" \/>\n<meta property=\"article:modified_time\" content=\"2025-09-24T03:03:02+00:00\" \/>\n<meta property=\"og:image\" content=\"http:\/\/vapebulkp.com\/wp-content\/uploads\/2025\/06\/Buy-WGA-40000-Puffs-Vape-Ultra-High-Puff-Count-Disposable-Vape-with-Mesh-Coil.webp\" \/>\n\t<meta property=\"og:image:width\" content=\"800\" \/>\n\t<meta property=\"og:image:height\" content=\"800\" \/>\n\t<meta property=\"og:image:type\" content=\"image\/webp\" \/>\n<meta name=\"twitter:card\" content=\"summary_large_image\" \/>\n<meta name=\"twitter:label1\" content=\"Dur\u00e9e de lecture estim\u00e9e\" \/>\n\t<meta name=\"twitter:data1\" content=\"4 minutes\" \/>\n<script type=\"application\/ld+json\" class=\"yoast-schema-graph\">{\"@context\":\"https:\/\/schema.org\",\"@graph\":[{\"@type\":\"WebPage\",\"@id\":\"https:\/\/vapebulkp.com\/product\/wga-40000-puffs-best-sale-disposable-vape-device\/\",\"url\":\"https:\/\/vapebulkp.com\/product\/wga-40000-puffs-best-sale-disposable-vape-device\/\",\"name\":\"WGA 40000 Puffs Best Sale Disposable Vape Device - vapebulkp.com\",\"isPartOf\":{\"@id\":\"https:\/\/vapebulkp.com\/#website\"},\"datePublished\":\"2025-06-19T07:39:04+00:00\",\"dateModified\":\"2025-09-24T03:03:02+00:00\",\"description\":\"Enjoy up to 40000 puffs with the WGA disposable vape featuring 35ml e-liquid, 600mAh rechargeable battery, and smooth mesh coil flavor performance.\",\"breadcrumb\":{\"@id\":\"https:\/\/vapebulkp.com\/product\/wga-40000-puffs-best-sale-disposable-vape-device\/#breadcrumb\"},\"inLanguage\":\"fr-FR\",\"potentialAction\":[{\"@type\":\"ReadAction\",\"target\":[\"https:\/\/vapebulkp.com\/product\/wga-40000-puffs-best-sale-disposable-vape-device\/\"]}]},{\"@type\":\"BreadcrumbList\",\"@id\":\"https:\/\/vapebulkp.com\/product\/wga-40000-puffs-best-sale-disposable-vape-device\/#breadcrumb\",\"itemListElement\":[{\"@type\":\"ListItem\",\"position\":1,\"name\":\"Home\",\"item\":\"https:\/\/vapebulkp.com\/\"},{\"@type\":\"ListItem\",\"position\":2,\"name\":\"Hot Trend Vapes\",\"item\":\"https:\/\/vapebulkp.com\/vape-shop\/\"},{\"@type\":\"ListItem\",\"position\":3,\"name\":\"WGA 40000 Puffs Best Sale Disposable Vape Device\"}]},{\"@type\":\"WebSite\",\"@id\":\"https:\/\/vapebulkp.com\/#website\",\"url\":\"https:\/\/vapebulkp.com\/\",\"name\":\"vapebulkp.com\",\"description\":\"Buy Vape In Cheap Bulk Price Near you\",\"publisher\":{\"@id\":\"https:\/\/vapebulkp.com\/#organization\"},\"potentialAction\":[{\"@type\":\"SearchAction\",\"target\":{\"@type\":\"EntryPoint\",\"urlTemplate\":\"https:\/\/vapebulkp.com\/?s={search_term_string}\"},\"query-input\":\"required name=search_term_string\"}],\"inLanguage\":\"fr-FR\"},{\"@type\":\"Organization\",\"@id\":\"https:\/\/vapebulkp.com\/#organization\",\"name\":\"vapebulkp.com\",\"url\":\"https:\/\/vapebulkp.com\/\",\"logo\":{\"@type\":\"ImageObject\",\"inLanguage\":\"fr-FR\",\"@id\":\"https:\/\/vapebulkp.com\/#\/schema\/logo\/image\/\",\"url\":\"https:\/\/vapebulkp.com\/wp-content\/uploads\/2023\/09\/cropped-vapebulkp.png\",\"contentUrl\":\"https:\/\/vapebulkp.com\/wp-content\/uploads\/2023\/09\/cropped-vapebulkp.png\",\"width\":516,\"height\":163,\"caption\":\"vapebulkp.com\"},\"image\":{\"@id\":\"https:\/\/vapebulkp.com\/#\/schema\/logo\/image\/\"}}]}<\/script>\n<!-- \/ Yoast SEO plugin. -->","yoast_head_json":{"title":"WGA 40000 Puffs Best Sale Disposable Vape Device - vapebulkp.com","description":"Enjoy up to 40000 puffs with the WGA disposable vape featuring 35ml e-liquid, 600mAh rechargeable battery, and smooth mesh coil flavor performance.","robots":{"index":"index","follow":"follow","max-snippet":"max-snippet:-1","max-image-preview":"max-image-preview:large","max-video-preview":"max-video-preview:-1"},"canonical":"https:\/\/vapebulkp.com\/fr\/product\/wga-40000-puffs-best-sale-disposable-vape-device\/","og_locale":"fr_FR","og_type":"article","og_title":"WGA 40000 Puffs Best Sale Disposable Vape Device - vapebulkp.com","og_description":"Enjoy up to 40000 puffs with the WGA disposable vape featuring 35ml e-liquid, 600mAh rechargeable battery, and smooth mesh coil flavor performance.","og_url":"https:\/\/vapebulkp.com\/fr\/product\/wga-40000-puffs-best-sale-disposable-vape-device\/","og_site_name":"vapebulkp.com","article_modified_time":"2025-09-24T03:03:02+00:00","og_image":[{"width":800,"height":800,"url":"http:\/\/vapebulkp.com\/wp-content\/uploads\/2025\/06\/Buy-WGA-40000-Puffs-Vape-Ultra-High-Puff-Count-Disposable-Vape-with-Mesh-Coil.webp","type":"image\/webp"}],"twitter_card":"summary_large_image","twitter_misc":{"Dur\u00e9e de lecture estim\u00e9e":"4 minutes"},"schema":{"@context":"https:\/\/schema.org","@graph":[{"@type":"WebPage","@id":"https:\/\/vapebulkp.com\/product\/wga-40000-puffs-best-sale-disposable-vape-device\/","url":"https:\/\/vapebulkp.com\/product\/wga-40000-puffs-best-sale-disposable-vape-device\/","name":"WGA 40000 Puffs Best Sale Disposable Vape Device - vapebulkp.com","isPartOf":{"@id":"https:\/\/vapebulkp.com\/#website"},"datePublished":"2025-06-19T07:39:04+00:00","dateModified":"2025-09-24T03:03:02+00:00","description":"Enjoy up to 40000 puffs with the WGA disposable vape featuring 35ml e-liquid, 600mAh rechargeable battery, and smooth mesh coil flavor performance.","breadcrumb":{"@id":"https:\/\/vapebulkp.com\/product\/wga-40000-puffs-best-sale-disposable-vape-device\/#breadcrumb"},"inLanguage":"fr-FR","potentialAction":[{"@type":"ReadAction","target":["https:\/\/vapebulkp.com\/product\/wga-40000-puffs-best-sale-disposable-vape-device\/"]}]},{"@type":"BreadcrumbList","@id":"https:\/\/vapebulkp.com\/product\/wga-40000-puffs-best-sale-disposable-vape-device\/#breadcrumb","itemListElement":[{"@type":"ListItem","position":1,"name":"Home","item":"https:\/\/vapebulkp.com\/"},{"@type":"ListItem","position":2,"name":"Hot Trend Vapes","item":"https:\/\/vapebulkp.com\/vape-shop\/"},{"@type":"ListItem","position":3,"name":"WGA 40000 Puffs Best Sale Disposable Vape Device"}]},{"@type":"WebSite","@id":"https:\/\/vapebulkp.com\/#website","url":"https:\/\/vapebulkp.com\/","name":"vapebulkp.com","description":"Buy Vape In Cheap Bulk Price Near you","publisher":{"@id":"https:\/\/vapebulkp.com\/#organization"},"potentialAction":[{"@type":"SearchAction","target":{"@type":"EntryPoint","urlTemplate":"https:\/\/vapebulkp.com\/?s={search_term_string}"},"query-input":"required name=search_term_string"}],"inLanguage":"fr-FR"},{"@type":"Organization","@id":"https:\/\/vapebulkp.com\/#organization","name":"vapebulkp.com","url":"https:\/\/vapebulkp.com\/","logo":{"@type":"ImageObject","inLanguage":"fr-FR","@id":"https:\/\/vapebulkp.com\/#\/schema\/logo\/image\/","url":"https:\/\/vapebulkp.com\/wp-content\/uploads\/2023\/09\/cropped-vapebulkp.png","contentUrl":"https:\/\/vapebulkp.com\/wp-content\/uploads\/2023\/09\/cropped-vapebulkp.png","width":516,"height":163,"caption":"vapebulkp.com"},"image":{"@id":"https:\/\/vapebulkp.com\/#\/schema\/logo\/image\/"}}]}},"uagb_featured_image_src":{"full":["https:\/\/vapebulkp.com\/wp-content\/uploads\/2025\/06\/Buy-WGA-40000-Puffs-Vape-Ultra-High-Puff-Count-Disposable-Vape-with-Mesh-Coil.webp",800,800,false],"thumbnail":["https:\/\/vapebulkp.com\/wp-content\/uploads\/2025\/06\/Buy-WGA-40000-Puffs-Vape-Ultra-High-Puff-Count-Disposable-Vape-with-Mesh-Coil-150x150.webp",150,150,true],"medium":["https:\/\/vapebulkp.com\/wp-content\/uploads\/2025\/06\/Buy-WGA-40000-Puffs-Vape-Ultra-High-Puff-Count-Disposable-Vape-with-Mesh-Coil-300x300.webp",300,300,true],"medium_large":["https:\/\/vapebulkp.com\/wp-content\/uploads\/2025\/06\/Buy-WGA-40000-Puffs-Vape-Ultra-High-Puff-Count-Disposable-Vape-with-Mesh-Coil-768x768.webp",768,768,true],"large":["https:\/\/vapebulkp.com\/wp-content\/uploads\/2025\/06\/Buy-WGA-40000-Puffs-Vape-Ultra-High-Puff-Count-Disposable-Vape-with-Mesh-Coil.webp",800,800,false],"1536x1536":["https:\/\/vapebulkp.com\/wp-content\/uploads\/2025\/06\/Buy-WGA-40000-Puffs-Vape-Ultra-High-Puff-Count-Disposable-Vape-with-Mesh-Coil.webp",800,800,false],"2048x2048":["https:\/\/vapebulkp.com\/wp-content\/uploads\/2025\/06\/Buy-WGA-40000-Puffs-Vape-Ultra-High-Puff-Count-Disposable-Vape-with-Mesh-Coil.webp",800,800,false],"trp-custom-language-flag":["https:\/\/vapebulkp.com\/wp-content\/uploads\/2025\/06\/Buy-WGA-40000-Puffs-Vape-Ultra-High-Puff-Count-Disposable-Vape-with-Mesh-Coil.webp",12,12,false],"woocommerce_thumbnail":["https:\/\/vapebulkp.com\/wp-content\/uploads\/2025\/06\/Buy-WGA-40000-Puffs-Vape-Ultra-High-Puff-Count-Disposable-Vape-with-Mesh-Coil-300x300.webp",300,300,true],"woocommerce_single":["https:\/\/vapebulkp.com\/wp-content\/uploads\/2025\/06\/Buy-WGA-40000-Puffs-Vape-Ultra-High-Puff-Count-Disposable-Vape-with-Mesh-Coil-600x600.webp",600,600,true],"woocommerce_gallery_thumbnail":["https:\/\/vapebulkp.com\/wp-content\/uploads\/2025\/06\/Buy-WGA-40000-Puffs-Vape-Ultra-High-Puff-Count-Disposable-Vape-with-Mesh-Coil-100x100.webp",100,100,true],"wcpr-photo-reviews":["https:\/\/vapebulkp.com\/wp-content\/uploads\/2025\/06\/Buy-WGA-40000-Puffs-Vape-Ultra-High-Puff-Count-Disposable-Vape-with-Mesh-Coil.webp",500,500,false]},"uagb_author_info":{"display_name":"Mandy vape bulk price","author_link":"https:\/\/vapebulkp.com\/fr\/author\/"},"uagb_comment_info":0,"uagb_excerpt":"40000 Puffs WGA Vape Wholesale Price\u00a0 Smart Disposable Vape Pls Contact Mandy's WhatsApp For Discount Price+8618077105796 NOTE: Prices on our website does not include shipping costs Main reason for purchase 1. Excellent quality and unparalleled performance. 2. Competitive price and fast value. 3. Multiple options and timely delivery. 4. A satisfying shopping experience","_links":{"self":[{"href":"https:\/\/vapebulkp.com\/fr\/wp-json\/wp\/v2\/product\/3866","targetHints":{"allow":["GET"]}}],"collection":[{"href":"https:\/\/vapebulkp.com\/fr\/wp-json\/wp\/v2\/product"}],"about":[{"href":"https:\/\/vapebulkp.com\/fr\/wp-json\/wp\/v2\/types\/product"}],"replies":[{"embeddable":true,"href":"https:\/\/vapebulkp.com\/fr\/wp-json\/wp\/v2\/comments?post=3866"}],"wp:featuredmedia":[{"embeddable":true,"href":"https:\/\/vapebulkp.com\/fr\/wp-json\/wp\/v2\/media\/3860"}],"wp:attachment":[{"href":"https:\/\/vapebulkp.com\/fr\/wp-json\/wp\/v2\/media?parent=3866"}],"wp:term":[{"taxonomy":"product_cat","embeddable":true,"href":"https:\/\/vapebulkp.com\/fr\/wp-json\/wp\/v2\/product_cat?post=3866"},{"taxonomy":"product_tag","embeddable":true,"href":"https:\/\/vapebulkp.com\/fr\/wp-json\/wp\/v2\/product_tag?post=3866"}],"curies":[{"name":"wp","href":"https:\/\/api.w.org\/{rel}","templated":true}]}}