{"id":3910,"date":"2025-07-03T10:52:49","date_gmt":"2025-07-03T08:52:49","guid":{"rendered":"https:\/\/vapebulkp.com\/?post_type=product&#038;p=3910"},"modified":"2025-09-24T05:01:15","modified_gmt":"2025-09-24T03:01:15","slug":"bood-lumo-60000-puffs-best-price-disposable-vape-2-5-nicotine","status":"publish","type":"product","link":"https:\/\/vapebulkp.com\/fr\/product\/bood-lumo-60000-puffs-best-price-disposable-vape-2-5-nicotine\/","title":{"rendered":"BOOD LUMO 60000 Bouff\u00e9es Meilleur Prix Vape Jetable 2% 5% Nicotine"},"content":{"rendered":"<h2>BOOD LUMO 60000 Bouff\u00e9es Meilleur Prix Vape Jetable 2% 5% Nicotine<\/h2>\n<p>Le <b>BOOD LUMO <a href=\"https:\/\/vapebulkp.com\/fr\/product-category\/60000-puffs-disposable-vape\/\">Vape jetable 60000 bouff\u00e9es<\/a><\/b> red\u00e9finit la performance et la valeur. Con\u00e7u sp\u00e9cifiquement pour le march\u00e9 europ\u00e9en exigeant, ce <b>cigarette \u00e9lectronique jetable de grande capacit\u00e9<\/b> offre une exp\u00e9rience in\u00e9gal\u00e9e <b>60 000 bouff\u00e9es<\/b> en une seule unit\u00e9. C'est le choix d\u00e9finitif pour l'utilisation personnelle et pour les d\u00e9taillants \u00e0 la recherche d'un produit fiable, <b>vape longue dur\u00e9e<\/b> qui se d\u00e9marque de la concurrence.<\/p>\n<p>Ce dispositif est aliment\u00e9 par une technologie <b>vape \u00e0 double r\u00e9sistance en maille<\/b> avanc\u00e9e, m\u00e9ticuleusement con\u00e7ue pour produire une vapeur dense et une saveur riche et constante, de la premi\u00e8re \u00e0 la derni\u00e8re bouff\u00e9e. Le g\u00e9n\u00e9reux r\u00e9servoir pr\u00e9-rempli de 18 ml est rempli d'e-liquide de premi\u00e8re qualit\u00e9, et sa polyvalence est in\u00e9gal\u00e9e avec <b>des options de sel de nicotine \u00e0 2% et 5%<\/b> r\u00e9pondant \u00e0 un large \u00e9ventail de pr\u00e9f\u00e9rences d'utilisateurs.<\/p>\n<p>Ce dispositif offre un contr\u00f4le total, avec un syst\u00e8me de flux d'air r\u00e9glable int\u00e9gr\u00e9 qui permet aux utilisateurs de personnaliser leur tirage pour une exp\u00e9rience de vapotage MTL ou DTL parfaite. Un \u00e9cran LED intelligent fournit des mises \u00e0 jour en temps r\u00e9el sur l'\u00e9tat de la batterie et de l'e-liquide, tandis que l'interrupteur marche\/arr\u00eat discret ajoute une couche suppl\u00e9mentaire de s\u00e9curit\u00e9 et de commodit\u00e9, en faisant un <b>vape id\u00e9al pour les voyages<\/b>.<\/p>\n<p>Pour <b>acheteurs de vape en gros en France<\/b> le BOOD LUMO est un ajout strat\u00e9gique \u00e0 votre gamme de produits. En tant que <b>fournisseur de vape<\/b>fiable, nous garantissons que cet appareil premium r\u00e9pondra \u00e0 la forte demande de vos clients.<\/p>\n<h6><span style=\"color: #ff0000\">Veuillez contacter le WhatsApp de Mandy pour un prix r\u00e9duit<a style=\"color: #ff0000\" href=\"https:\/\/wa.me\/8618077105796\">+8618077105796<\/a><\/span><\/h6>\n<p><img decoding=\"async\" class=\"alignnone wp-image-2151\" src=\"http:\/\/vapebulkp.com\/wp-content\/uploads\/2024\/04\/Mandy-WhatsApp-Randm.jpg\" alt=\"WhatsApp Mandy Randm\" width=\"271\" height=\"289\" srcset=\"https:\/\/vapebulkp.com\/wp-content\/uploads\/2024\/04\/Mandy-WhatsApp-Randm.jpg 916w, https:\/\/vapebulkp.com\/wp-content\/uploads\/2024\/04\/Mandy-WhatsApp-Randm-282x300.jpg 282w, https:\/\/vapebulkp.com\/wp-content\/uploads\/2024\/04\/Mandy-WhatsApp-Randm-768x817.jpg 768w, https:\/\/vapebulkp.com\/wp-content\/uploads\/2024\/04\/Mandy-WhatsApp-Randm-600x638.jpg 600w\" sizes=\"(max-width: 271px) 100vw, 271px\" \/><\/p>\n<h2><strong>Pourquoi acheter la Vape jetable Europe BOOD LUMO 60000 Puffs chez <a href=\"https:\/\/vapebulkp.com\/fr\/\">Vapebulkp.com<\/a>?<\/strong><\/h2>\n<p data-start=\"64\" data-end=\"398\">Vous cherchez le <strong data-start=\"122\" data-end=\"177\">meilleur prix sur la Vape jetable BOOD LUMO 60000 Puffs<\/strong>? Vapebulkp.com propose <strong data-start=\"200\" data-end=\"236\">des appareils BOOD LUMO 100% authentiques<\/strong> avec une exp\u00e9dition rapide, des prix de gros et un support client de qualit\u00e9 sup\u00e9rieure. Chaque unit\u00e9 est livr\u00e9e avec jusqu'\u00e0 <strong data-start=\"333\" data-end=\"349\">60 000 bouff\u00e9es<\/strong>, <strong data-start=\"351\" data-end=\"380\">technologie \u00e0 double r\u00e9sistance en maille<\/strong>, un <strong data-start=\"385\" data-end=\"418\">r\u00e9servoir d'e-liquide pr\u00e9-rempli de 18 ml<\/strong>, et un <strong data-start=\"426\" data-end=\"447\">affichage LED intelligent<\/strong> pour les niveaux de batterie et de liquide. Nous proposons des options de nicotine \u00e0 la fois <strong data-start=\"493\" data-end=\"523\">2% et 5%<\/strong>, clairement \u00e9tiquet\u00e9es et pr\u00eates \u00e0 \u00eatre exp\u00e9di\u00e9es. En tant que fournisseur de vape de confiance, Vapebulkp.com garantit un paiement s\u00e9curis\u00e9, une qualit\u00e9 de produit v\u00e9rifi\u00e9e et une livraison fiable. Que vous soyez un d\u00e9taillant de vape, un distributeur ou un utilisateur personnel, nos <strong data-start=\"743\" data-end=\"773\">vapes jetables BOOD LUMO<\/strong> offrent des performances optimales et une valeur durable. Achetez maintenant et am\u00e9liorez votre exp\u00e9rience de vapotage avec Vapebulkp.com.<\/p>\n<div class=\"faqs-answer\">\n<h2 data-start=\"55\" data-end=\"63\">FAQ<\/h2>\n<p data-start=\"65\" data-end=\"223\"><strong data-start=\"65\" data-end=\"97\">Exp\u00e9diez-vous \u00e0 l'international ?<\/strong><br data-start=\"97\" data-end=\"100\" \/>Oui, Vapebulkp.com exp\u00e9die dans la plupart des pays du monde et g\u00e8re le d\u00e9douanement pour assurer une livraison fluide.<\/p>\n<p data-start=\"389\" data-end=\"542\"><strong data-start=\"389\" data-end=\"418\">Comment puis-je suivre ma commande ?<\/strong><br data-start=\"418\" data-end=\"421\" \/>Une fois votre commande exp\u00e9di\u00e9e, vous recevrez un num\u00e9ro de suivi par e-mail afin de pouvoir facilement suivre le statut de votre colis.<\/p>\n<p data-start=\"544\" data-end=\"699\"><strong data-start=\"544\" data-end=\"574\">Puis-je obtenir une exp\u00e9dition plus rapide ?<\/strong><br data-start=\"574\" data-end=\"577\" \/>Pour une livraison plus rapide, nous vous recommandons de commander depuis notre entrep\u00f4t europ\u00e9en qui offre des d\u00e9lais de traitement et d'exp\u00e9dition plus courts.<\/p>\n<p data-start=\"888\" data-end=\"1079\"><strong data-start=\"888\" data-end=\"950\">Que dois-je faire si je re\u00e7ois un produit endommag\u00e9 ou d\u00e9fectueux ?<\/strong><br data-start=\"950\" data-end=\"953\" \/>Si vous recevez un article endommag\u00e9 ou d\u00e9fectueux, veuillez contacter rapidement notre service client pour un remplacement ou une solution.<\/p>\n<p data-start=\"1081\" data-end=\"1235\"><strong data-start=\"1081\" data-end=\"1125\">Comment puis-je contacter votre service client ?<\/strong><br data-start=\"1125\" data-end=\"1128\" \/>Vous pouvez nous joindre par e-mail, WhatsApp, ou via le chat en direct sur notre site web pour une assistance rapide.<\/p>\n<\/div>\n<h4><\/h4>\n<h2><span style=\"vertical-align: inherit\"><strong>Dispositif de vape \u00e0 bobine maill\u00e9e BOOD LUMO 60000 Puffs S<\/strong>Sp\u00e9cification :<\/span><\/h2>\n<p>&nbsp;<\/p>\n<ul>\n<li data-start=\"1795\" data-end=\"1838\">\n<p data-start=\"1797\" data-end=\"1838\">BOOD LUMO 60K \/ BOOD LUMO 60000 Bouff\u00e9es<\/p>\n<\/li>\n<li data-start=\"1839\" data-end=\"1880\">\n<p data-start=\"1841\" data-end=\"1880\">Vape jetable \/ Vape rechargeable<\/p>\n<\/li>\n<li data-start=\"1881\" data-end=\"1942\">\n<p data-start=\"1883\" data-end=\"1942\">Double bobine maill\u00e9e \/ Flux d'air r\u00e9glable \/ Affichage LED intelligent<\/p>\n<\/li>\n<li data-start=\"1943\" data-end=\"1974\">\n<p data-start=\"1945\" data-end=\"1974\">2% de nicotine \/ 5% de nicotine<\/p>\n<\/li>\n<li data-start=\"1975\" data-end=\"2033\">\n<p data-start=\"1977\" data-end=\"2033\">Vape longue dur\u00e9e \/ Vape au meilleur prix \/ Vape \u00e0 forte bouff\u00e9e<\/p>\n<\/li>\n<li data-start=\"2034\" data-end=\"2074\">\n<p data-start=\"2036\" data-end=\"2074\">18ml E-liquide \/ Vape au sel de nicotine<\/p>\n<\/li>\n<li data-start=\"2075\" data-end=\"2138\">\n<p data-start=\"2077\" data-end=\"2138\">MTL<\/p>\n<\/li>\n<\/ul>\n<h2>Meilleure liste de saveurs de vape \u00e0 la nicotine BOOD LUMO 60000 Puffs :<\/h2>\n<p class=\"selectable-text copyable-text x15bjb6t x1n2onr6\" dir=\"ltr\">1. Glace past\u00e8que<br \/>\n2.Glace fraise-past\u00e8que<br \/>\n3. Glace framboise bleue<br \/>\n4.Glace au raisin<br \/>\n5.Citron vert et citron<br \/>\n6. Melon triple<br \/>\n7.Myrtille-framboise<br \/>\n8.Kiwi fruit de la passion goyave<br \/>\n9. Glace \u00e0 la fraise<br \/>\n10.P\u00eache et baies<\/p>\n<p><span style=\"vertical-align: inherit\">Trouvez plus de produits qui pourraient vous plaire\uff1a<\/span><em><a href=\"https:\/\/wa.me\/8618077105796\"><span style=\"vertical-align: inherit\">\u00a0Achetez-le maintenant<\/span><\/a><\/em><\/p>\n<p><span style=\"vertical-align: inherit\">Autres Puffs que vous pourriez aimer\uff1a<\/span><a href=\"https:\/\/vapebulkp.com\/fr\/product\/aivono-fat-bear-80000-puffs-3-flavors-modes-disposable-vape-bulk-wholesale\/\"><span style=\"vertical-align: inherit\">Aivono Fat Bear 80000 Bouff\u00e9es<\/span><\/a><span style=\"vertical-align: inherit\">\u3001<\/span><a href=\"https:\/\/vapebulkp.com\/fr\/product\/vozol-rave-40000-puffs-hot-sale-nicotine-salt-disposable-vaporizer\/\"><span style=\"vertical-align: inherit\">Vozol Rave 40000 Bouff\u00e9es<\/span><\/a><\/p>\n<p><a href=\"https:\/\/vapebulkp.com\/fr\/product\/wholesale-vape-okso-60000-puffs-dual-flavor-disposable-device\/\"><span style=\"vertical-align: inherit\">OKSO 60000 bouff\u00e9es <\/span><\/a><span style=\"vertical-align: inherit\">\/ <\/span><a href=\"https:\/\/vapebulkp.com\/fr\/product\/okso-crystal-800-puffs-wholesale-price-vape-bar\/\"><span style=\"vertical-align: inherit\">OKSO Crystal 800 Bouff\u00e9es<\/span><\/a><span style=\"vertical-align: inherit\">\/<\/span><a href=\"https:\/\/vapebulkp.com\/fr\/product\/bang-king-85000-puffs-hot-sale-3-in-1-flavors-disposable-vape\/\"><span style=\"vertical-align: inherit\">Bang King 85000 Bouff\u00e9es<\/span><\/a><\/p>\n<p>&nbsp;<\/p>\n<h2 data-start=\"55\" data-end=\"75\">M\u00e9thodes d'Exp\u00e9dition<\/h2>\n<p data-start=\"77\" data-end=\"345\">Chez Vapebulkp.com, nous collaborons avec des transporteurs de premier plan tels que UPS, DHL, FedEx et DPD pour offrir une exp\u00e9dition rapide et fiable. En fonction du pays de destination, nous s\u00e9lectionnons la m\u00e9thode d'exp\u00e9dition la plus appropri\u00e9e pour garantir que votre commande arrive aussi rapidement et en toute s\u00e9curit\u00e9 que possible.<\/p>\n<ul data-start=\"347\" data-end=\"509\">\n<li data-start=\"347\" data-end=\"429\">\n<p data-start=\"349\" data-end=\"429\"><strong data-start=\"349\" data-end=\"383\">Exp\u00e9dition vers la France :<\/strong> Prend g\u00e9n\u00e9ralement environ 10 jours pour la livraison.<\/p>\n<\/li>\n<li data-start=\"430\" data-end=\"506\">\n<p data-start=\"432\" data-end=\"506\"><strong data-start=\"432\" data-end=\"467\">Exp\u00e9dition vers les pays europ\u00e9ens :<\/strong> Prend g\u00e9n\u00e9ralement entre 12 et 15 jours.<\/p>\n<\/li>\n<\/ul>\n<p data-start=\"510\" data-end=\"603\">Nous fournissons des mises \u00e0 jour de suivi en temps r\u00e9el afin que vous puissiez surveiller votre exp\u00e9dition \u00e0 chaque \u00e9tape.<\/p>\n<p data-start=\"605\" data-end=\"856\">Pour vous offrir une exp\u00e9rience d'achat sans tracas, nous nous occupons de toutes les proc\u00e9dures de d\u00e9douanement en votre nom. Il n'y a pas de taxes ou de frais suppl\u00e9mentaires \u00e0 craindre, et nous garantissons que 100% de nos exp\u00e9ditions passent avec succ\u00e8s les douanes sans aucun probl\u00e8me.<\/p>\n<p data-start=\"858\" data-end=\"956\">Achetez en toute confiance sur Vapebulkp.com, sachant que votre commande est entre des mains expertes, de la commande \u00e0 la livraison.<\/p>","protected":false},"excerpt":{"rendered":"<p data-start=\"138\" data-end=\"318\">Achetez l'authentique Vape jetable BOOD LUMO 60000 Puffs avec doubles bobines maill\u00e9es, 18ml d'e-liquide et flux d'air r\u00e9glable. Disponible en 2%<\/p>\n<p>Veuillez contacter le WhatsApp de Mandy pour un prix r\u00e9duit<a href=\"https:\/\/wa.me\/8618077105796\">+8618077105796<\/a><\/p>\n<p><img decoding=\"async\" class=\"alignnone wp-image-2151\" src=\"http:\/\/vapebulkp.com\/wp-content\/uploads\/2024\/04\/Mandy-WhatsApp-Randm.jpg\" alt=\"WhatsApp Mandy Randm\" width=\"297\" height=\"316\" srcset=\"https:\/\/vapebulkp.com\/wp-content\/uploads\/2024\/04\/Mandy-WhatsApp-Randm.jpg 916w, https:\/\/vapebulkp.com\/wp-content\/uploads\/2024\/04\/Mandy-WhatsApp-Randm-282x300.jpg 282w, https:\/\/vapebulkp.com\/wp-content\/uploads\/2024\/04\/Mandy-WhatsApp-Randm-768x817.jpg 768w, https:\/\/vapebulkp.com\/wp-content\/uploads\/2024\/04\/Mandy-WhatsApp-Randm-600x638.jpg 600w\" sizes=\"(max-width: 297px) 100vw, 297px\" \/><\/p>\n<p><span style=\"color: #ff0000\">REMARQUE : Les prix sur notre site web n'incluent pas les frais de port<\/span><\/p>\n<p>Principales raisons d'acheter<br \/>\n1. Excellente qualit\u00e9 et performance in\u00e9gal\u00e9e.<\/p>\n<p>2. Prix comp\u00e9titif et valeur rapide.<\/p>\n<p>3. Options multiples et livraison rapide.<\/p>\n<p>4. Une exp\u00e9rience d'achat satisfaisante<\/p>","protected":false},"featured_media":3902,"comment_status":"open","ping_status":"closed","template":"","meta":{"_uag_custom_page_level_css":"","_lmt_disableupdate":"no","_lmt_disable":"","site-sidebar-layout":"default","site-content-layout":"content-boxed-container","ast-site-content-layout":"normal-width-container","site-content-style":"boxed","site-sidebar-style":"unboxed","ast-global-header-display":"","ast-banner-title-visibility":"","ast-main-header-display":"","ast-hfb-above-header-display":"","ast-hfb-below-header-display":"","ast-hfb-mobile-header-display":"","site-post-title":"","ast-breadcrumbs-content":"","ast-featured-img":"","footer-sml-layout":"","theme-transparent-header-meta":"default","adv-header-id-meta":"","stick-header-meta":"","header-above-stick-meta":"","header-main-stick-meta":"","header-below-stick-meta":"","astra-migrate-meta-layouts":"set","_joinchat":[]},"product_cat":[234,153,155,346,33,59,100,87,34,158,157,154,152,58,84,156,63,32],"product_tag":[265,36,37,41,40],"class_list":["post-3910","product","type-product","status-publish","has-post-thumbnail","hentry","product_cat-60000-puffs-disposable-vape","product_cat-hot-disposable-vapes","product_cat-belgium-hot-disposable-vapes","product_cat-bood-vapes","product_cat-france-vape-hot-sale","product_cat-germany-hot-disposable-vape","product_cat-germany-wholesale-vape-shop","product_cat-minimum-order-quantity-50pcs","product_cat-netherlands-vape-good-sale","product_cat-norway-hot-disposable-vapes","product_cat-poland-hot-disposable-vapes","product_cat-portugal-hot-disposable-vapes","product_cat-spain-hot-disposable-vapes","product_cat-sweden-hot-disposable-vape","product_cat-sweden-wholesale-vape","product_cat-switzerland-hot-disposable-vapes","product_cat-top-sale-disposable-vape","product_cat-vape-hot-sale-this-week","product_tag-bood-lumo-60000-puffs","product_tag-good-vape","product_tag-hot-sale-disposable-vape","product_tag-poland-hot-vape","product_tag-sweden-hot-vape","pa_brand-bood-vape","desktop-align-left","tablet-align-left","mobile-align-left"],"yoast_head":"<!-- This site is optimized with the Yoast SEO plugin v21.1 - https:\/\/yoast.com\/wordpress\/plugins\/seo\/ -->\n<title>BOOD LUMO 60000 Puffs Best Price Disposable Vape 2% 5% Nicotine - vapebulkp.com<\/title>\n<meta name=\"description\" content=\"Get the best price on BOOD LUMO 60K Puff Disposable Vape. Fast shipping, 100% genuine, with smart LED display and long-lasting battery. Shop now at Vapebulkp.com!\" \/>\n<meta name=\"robots\" content=\"index, follow, max-snippet:-1, max-image-preview:large, max-video-preview:-1\" \/>\n<link rel=\"canonical\" href=\"https:\/\/vapebulkp.com\/fr\/product\/bood-lumo-60000-puffs-best-price-disposable-vape-2-5-nicotine\/\" \/>\n<meta property=\"og:locale\" content=\"fr_FR\" \/>\n<meta property=\"og:type\" content=\"article\" \/>\n<meta property=\"og:title\" content=\"BOOD LUMO 60000 Puffs Best Price Disposable Vape 2% 5% Nicotine - vapebulkp.com\" \/>\n<meta property=\"og:description\" content=\"Get the best price on BOOD LUMO 60K Puff Disposable Vape. Fast shipping, 100% genuine, with smart LED display and long-lasting battery. Shop now at Vapebulkp.com!\" \/>\n<meta property=\"og:url\" content=\"https:\/\/vapebulkp.com\/fr\/product\/bood-lumo-60000-puffs-best-price-disposable-vape-2-5-nicotine\/\" \/>\n<meta property=\"og:site_name\" content=\"vapebulkp.com\" \/>\n<meta property=\"article:modified_time\" content=\"2025-09-24T03:01:15+00:00\" \/>\n<meta property=\"og:image\" content=\"http:\/\/vapebulkp.com\/wp-content\/uploads\/2025\/07\/BOOD-LUMO-60K-PUFF-Rechargeable-Vape-Device.webp\" \/>\n\t<meta property=\"og:image:width\" content=\"800\" \/>\n\t<meta property=\"og:image:height\" content=\"800\" \/>\n\t<meta property=\"og:image:type\" content=\"image\/webp\" \/>\n<meta name=\"twitter:card\" content=\"summary_large_image\" \/>\n<meta name=\"twitter:label1\" content=\"Dur\u00e9e de lecture estim\u00e9e\" \/>\n\t<meta name=\"twitter:data1\" content=\"4 minutes\" \/>\n<script type=\"application\/ld+json\" class=\"yoast-schema-graph\">{\"@context\":\"https:\/\/schema.org\",\"@graph\":[{\"@type\":\"WebPage\",\"@id\":\"https:\/\/vapebulkp.com\/product\/bood-lumo-60000-puffs-best-price-disposable-vape-2-5-nicotine\/\",\"url\":\"https:\/\/vapebulkp.com\/product\/bood-lumo-60000-puffs-best-price-disposable-vape-2-5-nicotine\/\",\"name\":\"BOOD LUMO 60000 Puffs Best Price Disposable Vape 2% 5% Nicotine - vapebulkp.com\",\"isPartOf\":{\"@id\":\"https:\/\/vapebulkp.com\/#website\"},\"datePublished\":\"2025-07-03T08:52:49+00:00\",\"dateModified\":\"2025-09-24T03:01:15+00:00\",\"description\":\"Get the best price on BOOD LUMO 60K Puff Disposable Vape. Fast shipping, 100% genuine, with smart LED display and long-lasting battery. Shop now at Vapebulkp.com!\",\"breadcrumb\":{\"@id\":\"https:\/\/vapebulkp.com\/product\/bood-lumo-60000-puffs-best-price-disposable-vape-2-5-nicotine\/#breadcrumb\"},\"inLanguage\":\"fr-FR\",\"potentialAction\":[{\"@type\":\"ReadAction\",\"target\":[\"https:\/\/vapebulkp.com\/product\/bood-lumo-60000-puffs-best-price-disposable-vape-2-5-nicotine\/\"]}]},{\"@type\":\"BreadcrumbList\",\"@id\":\"https:\/\/vapebulkp.com\/product\/bood-lumo-60000-puffs-best-price-disposable-vape-2-5-nicotine\/#breadcrumb\",\"itemListElement\":[{\"@type\":\"ListItem\",\"position\":1,\"name\":\"Home\",\"item\":\"https:\/\/vapebulkp.com\/\"},{\"@type\":\"ListItem\",\"position\":2,\"name\":\"Hot Trend Vapes\",\"item\":\"https:\/\/vapebulkp.com\/vape-shop\/\"},{\"@type\":\"ListItem\",\"position\":3,\"name\":\"BOOD LUMO 60000 Puffs Best Price Disposable Vape 2% 5% Nicotine\"}]},{\"@type\":\"WebSite\",\"@id\":\"https:\/\/vapebulkp.com\/#website\",\"url\":\"https:\/\/vapebulkp.com\/\",\"name\":\"vapebulkp.com\",\"description\":\"Buy Vape In Cheap Bulk Price Near you\",\"publisher\":{\"@id\":\"https:\/\/vapebulkp.com\/#organization\"},\"potentialAction\":[{\"@type\":\"SearchAction\",\"target\":{\"@type\":\"EntryPoint\",\"urlTemplate\":\"https:\/\/vapebulkp.com\/?s={search_term_string}\"},\"query-input\":\"required name=search_term_string\"}],\"inLanguage\":\"fr-FR\"},{\"@type\":\"Organization\",\"@id\":\"https:\/\/vapebulkp.com\/#organization\",\"name\":\"vapebulkp.com\",\"url\":\"https:\/\/vapebulkp.com\/\",\"logo\":{\"@type\":\"ImageObject\",\"inLanguage\":\"fr-FR\",\"@id\":\"https:\/\/vapebulkp.com\/#\/schema\/logo\/image\/\",\"url\":\"https:\/\/vapebulkp.com\/wp-content\/uploads\/2023\/09\/cropped-vapebulkp.png\",\"contentUrl\":\"https:\/\/vapebulkp.com\/wp-content\/uploads\/2023\/09\/cropped-vapebulkp.png\",\"width\":516,\"height\":163,\"caption\":\"vapebulkp.com\"},\"image\":{\"@id\":\"https:\/\/vapebulkp.com\/#\/schema\/logo\/image\/\"}}]}<\/script>\n<!-- \/ Yoast SEO plugin. -->","yoast_head_json":{"title":"BOOD LUMO 60000 Puffs Best Price Disposable Vape 2% 5% Nicotine - vapebulkp.com","description":"Get the best price on BOOD LUMO 60K Puff Disposable Vape. Fast shipping, 100% genuine, with smart LED display and long-lasting battery. Shop now at Vapebulkp.com!","robots":{"index":"index","follow":"follow","max-snippet":"max-snippet:-1","max-image-preview":"max-image-preview:large","max-video-preview":"max-video-preview:-1"},"canonical":"https:\/\/vapebulkp.com\/fr\/product\/bood-lumo-60000-puffs-best-price-disposable-vape-2-5-nicotine\/","og_locale":"fr_FR","og_type":"article","og_title":"BOOD LUMO 60000 Puffs Best Price Disposable Vape 2% 5% Nicotine - vapebulkp.com","og_description":"Get the best price on BOOD LUMO 60K Puff Disposable Vape. Fast shipping, 100% genuine, with smart LED display and long-lasting battery. Shop now at Vapebulkp.com!","og_url":"https:\/\/vapebulkp.com\/fr\/product\/bood-lumo-60000-puffs-best-price-disposable-vape-2-5-nicotine\/","og_site_name":"vapebulkp.com","article_modified_time":"2025-09-24T03:01:15+00:00","og_image":[{"width":800,"height":800,"url":"http:\/\/vapebulkp.com\/wp-content\/uploads\/2025\/07\/BOOD-LUMO-60K-PUFF-Rechargeable-Vape-Device.webp","type":"image\/webp"}],"twitter_card":"summary_large_image","twitter_misc":{"Dur\u00e9e de lecture estim\u00e9e":"4 minutes"},"schema":{"@context":"https:\/\/schema.org","@graph":[{"@type":"WebPage","@id":"https:\/\/vapebulkp.com\/product\/bood-lumo-60000-puffs-best-price-disposable-vape-2-5-nicotine\/","url":"https:\/\/vapebulkp.com\/product\/bood-lumo-60000-puffs-best-price-disposable-vape-2-5-nicotine\/","name":"BOOD LUMO 60000 Puffs Best Price Disposable Vape 2% 5% Nicotine - vapebulkp.com","isPartOf":{"@id":"https:\/\/vapebulkp.com\/#website"},"datePublished":"2025-07-03T08:52:49+00:00","dateModified":"2025-09-24T03:01:15+00:00","description":"Get the best price on BOOD LUMO 60K Puff Disposable Vape. Fast shipping, 100% genuine, with smart LED display and long-lasting battery. Shop now at Vapebulkp.com!","breadcrumb":{"@id":"https:\/\/vapebulkp.com\/product\/bood-lumo-60000-puffs-best-price-disposable-vape-2-5-nicotine\/#breadcrumb"},"inLanguage":"fr-FR","potentialAction":[{"@type":"ReadAction","target":["https:\/\/vapebulkp.com\/product\/bood-lumo-60000-puffs-best-price-disposable-vape-2-5-nicotine\/"]}]},{"@type":"BreadcrumbList","@id":"https:\/\/vapebulkp.com\/product\/bood-lumo-60000-puffs-best-price-disposable-vape-2-5-nicotine\/#breadcrumb","itemListElement":[{"@type":"ListItem","position":1,"name":"Home","item":"https:\/\/vapebulkp.com\/"},{"@type":"ListItem","position":2,"name":"Hot Trend Vapes","item":"https:\/\/vapebulkp.com\/vape-shop\/"},{"@type":"ListItem","position":3,"name":"BOOD LUMO 60000 Puffs Best Price Disposable Vape 2% 5% Nicotine"}]},{"@type":"WebSite","@id":"https:\/\/vapebulkp.com\/#website","url":"https:\/\/vapebulkp.com\/","name":"vapebulkp.com","description":"Buy Vape In Cheap Bulk Price Near you","publisher":{"@id":"https:\/\/vapebulkp.com\/#organization"},"potentialAction":[{"@type":"SearchAction","target":{"@type":"EntryPoint","urlTemplate":"https:\/\/vapebulkp.com\/?s={search_term_string}"},"query-input":"required name=search_term_string"}],"inLanguage":"fr-FR"},{"@type":"Organization","@id":"https:\/\/vapebulkp.com\/#organization","name":"vapebulkp.com","url":"https:\/\/vapebulkp.com\/","logo":{"@type":"ImageObject","inLanguage":"fr-FR","@id":"https:\/\/vapebulkp.com\/#\/schema\/logo\/image\/","url":"https:\/\/vapebulkp.com\/wp-content\/uploads\/2023\/09\/cropped-vapebulkp.png","contentUrl":"https:\/\/vapebulkp.com\/wp-content\/uploads\/2023\/09\/cropped-vapebulkp.png","width":516,"height":163,"caption":"vapebulkp.com"},"image":{"@id":"https:\/\/vapebulkp.com\/#\/schema\/logo\/image\/"}}]}},"uagb_featured_image_src":{"full":["https:\/\/vapebulkp.com\/wp-content\/uploads\/2025\/07\/BOOD-LUMO-60K-PUFF-Rechargeable-Vape-Device.webp",800,800,false],"thumbnail":["https:\/\/vapebulkp.com\/wp-content\/uploads\/2025\/07\/BOOD-LUMO-60K-PUFF-Rechargeable-Vape-Device-150x150.webp",150,150,true],"medium":["https:\/\/vapebulkp.com\/wp-content\/uploads\/2025\/07\/BOOD-LUMO-60K-PUFF-Rechargeable-Vape-Device-300x300.webp",300,300,true],"medium_large":["https:\/\/vapebulkp.com\/wp-content\/uploads\/2025\/07\/BOOD-LUMO-60K-PUFF-Rechargeable-Vape-Device-768x768.webp",768,768,true],"large":["https:\/\/vapebulkp.com\/wp-content\/uploads\/2025\/07\/BOOD-LUMO-60K-PUFF-Rechargeable-Vape-Device.webp",800,800,false],"1536x1536":["https:\/\/vapebulkp.com\/wp-content\/uploads\/2025\/07\/BOOD-LUMO-60K-PUFF-Rechargeable-Vape-Device.webp",800,800,false],"2048x2048":["https:\/\/vapebulkp.com\/wp-content\/uploads\/2025\/07\/BOOD-LUMO-60K-PUFF-Rechargeable-Vape-Device.webp",800,800,false],"trp-custom-language-flag":["https:\/\/vapebulkp.com\/wp-content\/uploads\/2025\/07\/BOOD-LUMO-60K-PUFF-Rechargeable-Vape-Device.webp",12,12,false],"woocommerce_thumbnail":["https:\/\/vapebulkp.com\/wp-content\/uploads\/2025\/07\/BOOD-LUMO-60K-PUFF-Rechargeable-Vape-Device-300x300.webp",300,300,true],"woocommerce_single":["https:\/\/vapebulkp.com\/wp-content\/uploads\/2025\/07\/BOOD-LUMO-60K-PUFF-Rechargeable-Vape-Device-600x600.webp",600,600,true],"woocommerce_gallery_thumbnail":["https:\/\/vapebulkp.com\/wp-content\/uploads\/2025\/07\/BOOD-LUMO-60K-PUFF-Rechargeable-Vape-Device-100x100.webp",100,100,true],"wcpr-photo-reviews":["https:\/\/vapebulkp.com\/wp-content\/uploads\/2025\/07\/BOOD-LUMO-60K-PUFF-Rechargeable-Vape-Device.webp",500,500,false]},"uagb_author_info":{"display_name":"Mandy vape bulk price","author_link":"https:\/\/vapebulkp.com\/fr\/author\/"},"uagb_comment_info":0,"uagb_excerpt":"Buy authentic BOOD LUMO 60000 Puffs Disposable Vape with dual mesh coils, 18ml e-liquid, and adjustable airflow. Available in 2% &amp; 5% nicotine at Vapebulkp.com. Pls Contact Mandy's WhatsApp For Discount Price+8618077105796 NOTE: Prices on our website does not include shipping costs Main reason for purchase 1. Excellent quality and unparalleled performance. 2. Competitive price\u2026","_links":{"self":[{"href":"https:\/\/vapebulkp.com\/fr\/wp-json\/wp\/v2\/product\/3910","targetHints":{"allow":["GET"]}}],"collection":[{"href":"https:\/\/vapebulkp.com\/fr\/wp-json\/wp\/v2\/product"}],"about":[{"href":"https:\/\/vapebulkp.com\/fr\/wp-json\/wp\/v2\/types\/product"}],"replies":[{"embeddable":true,"href":"https:\/\/vapebulkp.com\/fr\/wp-json\/wp\/v2\/comments?post=3910"}],"wp:featuredmedia":[{"embeddable":true,"href":"https:\/\/vapebulkp.com\/fr\/wp-json\/wp\/v2\/media\/3902"}],"wp:attachment":[{"href":"https:\/\/vapebulkp.com\/fr\/wp-json\/wp\/v2\/media?parent=3910"}],"wp:term":[{"taxonomy":"product_cat","embeddable":true,"href":"https:\/\/vapebulkp.com\/fr\/wp-json\/wp\/v2\/product_cat?post=3910"},{"taxonomy":"product_tag","embeddable":true,"href":"https:\/\/vapebulkp.com\/fr\/wp-json\/wp\/v2\/product_tag?post=3910"}],"curies":[{"name":"wp","href":"https:\/\/api.w.org\/{rel}","templated":true}]}}