{"id":4090,"date":"2025-08-13T05:52:14","date_gmt":"2025-08-13T03:52:14","guid":{"rendered":"https:\/\/vapebulkp.com\/?post_type=product&#038;p=4090"},"modified":"2025-09-24T05:31:10","modified_gmt":"2025-09-24T03:31:10","slug":"buy-bang-de-80000-puffs-disposable-vape-cheap-price-for-bulk-order","status":"publish","type":"product","link":"https:\/\/vapebulkp.com\/fr\/produit\/buy-bang-de-80000-puffs-disposable-vape-cheap-price-for-bulk-order\/","title":{"rendered":"Acheter Bang DE 80000 Puffs Vape Jetable Prix pas cher pour commande en gros"},"content":{"rendered":"<h2>Acheter Bang DE 80000 Puffs Vape Jetable Prix pas cher pour commande en gros<\/h2>\n<div class=\"pointer-events-none h-px w-px\" aria-hidden=\"true\" data-edge=\"true\">\n<p>La Bang DE 80000 Puffs est une r\u00e9volution dans la technologie des cigarettes \u00e9lectroniques jetables, con\u00e7ue pour le march\u00e9 europ\u00e9en exigeant. Cette Bang DE <a href=\"https:\/\/vapebulkp.com\/fr\/categorie-produit\/80000-puffs-disposable-vape\/\">Vape jetable 80000 bouff\u00e9es<\/a> combine une capacit\u00e9 monumentale avec des fonctionnalit\u00e9s avanc\u00e9es, ce qui en fait le choix d\u00e9finitif pour les vapoteurs recherchant des performances et un rapport qualit\u00e9-prix in\u00e9gal\u00e9s.<\/p>\n<p>D\u00e9couvrez un tout nouveau niveau de saveur avec le syst\u00e8me r\u00e9volutionnaire 3-en-1 \u00e0 triple saveur. Ce pod de vape innovant contient trois r\u00e9servoirs s\u00e9par\u00e9s et pr\u00e9-remplis de 20 ml de e-liquide, vous offrant un total de 60 ml de e-liquide de premi\u00e8re qualit\u00e9. Cette conception astucieuse vous permet de basculer sans effort entre trois saveurs diff\u00e9rentes, \u00e9vitant la lassitude du go\u00fbt et assurant une exp\u00e9rience de vapotage toujours fra\u00eeche et agr\u00e9able.<\/p>\n<p>L'appareil de vape est aliment\u00e9 par une batterie rechargeable robuste de 650 mAh et un port de charge pratique de type C, vous garantissant de pouvoir utiliser pleinement son incroyable capacit\u00e9 de 80 000 bouff\u00e9es. Une technologie de bobine maill\u00e9e de 1,0 \u03a9 int\u00e9gr\u00e9e offre une aspiration MTL douce et satisfaisante, d\u00e9livrant une saveur riche et une vapeur constante \u00e0 chaque utilisation. La Bang DE 80000 est une solution de vapotage haute performance et rentable qui offre une saveur et une long\u00e9vit\u00e9 exceptionnelles, ce qui en fait un leader sur le march\u00e9 pour un usage personnel et la vente en gros.<\/p>\n<\/div>\n<h6><span style=\"color: #ff0000\">Veuillez contacter le WhatsApp de Mandy pour un prix r\u00e9duit<a style=\"color: #ff0000\" href=\"https:\/\/wa.me\/8618077105796\">+8618077105796<\/a><\/span><\/h6>\n<p><img decoding=\"async\" class=\"alignnone wp-image-2151\" src=\"http:\/\/vapebulkp.com\/wp-content\/uploads\/2024\/04\/Mandy-WhatsApp-Randm.jpg\" alt=\"WhatsApp Mandy Randm\" width=\"271\" height=\"289\" srcset=\"https:\/\/vapebulkp.com\/wp-content\/uploads\/2024\/04\/Mandy-WhatsApp-Randm.jpg 916w, https:\/\/vapebulkp.com\/wp-content\/uploads\/2024\/04\/Mandy-WhatsApp-Randm-282x300.jpg 282w, https:\/\/vapebulkp.com\/wp-content\/uploads\/2024\/04\/Mandy-WhatsApp-Randm-768x817.jpg 768w, https:\/\/vapebulkp.com\/wp-content\/uploads\/2024\/04\/Mandy-WhatsApp-Randm-600x638.jpg 600w\" sizes=\"(max-width: 271px) 100vw, 271px\" \/><\/p>\n<h2><strong>Pourquoi acheter un pod de vape Bang DE 80k puffs chez <a href=\"https:\/\/vapebulkp.com\/fr\/\">Vapebulkp.com<\/a>?<\/strong><\/h2>\n<p>Choisir Vapebulkp.com pour votre Bang DE 80000 Puffs signifie que vous obtenez la meilleure valeur et la tranquillit\u00e9 d'esprit.<\/p>\n<ul>\n<li><b>Prix de gros les plus bas :<\/b> Nous sommes sp\u00e9cialis\u00e9s dans les commandes en gros, vous garantissant les prix les plus comp\u00e9titifs du march\u00e9.<\/li>\n<li><b>Produits 100 % authentiques :<\/b> Nous nous approvisionnons directement aupr\u00e8s du fabricant, vous obtenez donc toujours un produit authentique et de haute qualit\u00e9.<\/li>\n<li><b>Exp\u00e9dition rapide vers la France :<\/b> Nos partenaires logistiques fiables garantissent que votre commande vous parvienne rapidement et en toute s\u00e9curit\u00e9.<\/li>\n<li><b>Assistance d\u00e9di\u00e9e\u00a0:<\/b> Notre \u00e9quipe du service client est toujours l\u00e0 pour vous aider avec toutes les questions que vous avez.<\/li>\n<\/ul>\n<div class=\"faqs-answer\">\n<h2 data-start=\"55\" data-end=\"63\">FAQ sur la cigarette \u00e9lectronique en gros Bang DE 80000 Puff :<\/h2>\n<p><b>Q1 : Qu'est-ce qui rend la cigarette \u00e9lectronique jetable Bang DE 80k Puffs unique ?<\/b><\/p>\n<p><b>A1 :<\/b> Elle dispose d'une <b>syst\u00e8me de 3 saveurs en 1<\/b> avec un total de <b>60 ml de e-liquide<\/b> (3x20ml dosettes) et une rechargeable <b>batterie de 650 mAh<\/b>, offrant une dur\u00e9e de vie incroyable et une vari\u00e9t\u00e9 de saveurs.<\/p>\n<p><b>Q2: Combien de bouff\u00e9es puis-je obtenir de cet appareil ?<\/b><\/p>\n<p><b>R2\u00a0:<\/b> Le Bang DE est con\u00e7u pour fournir jusqu'\u00e0 <b>80000 bouff\u00e9es<\/b>, ce qui en fait l'une des cigarettes \u00e9lectroniques jetables les plus durables disponibles.<\/p>\n<p><b>Q3: L'appareil est-il rechargeable ?<\/b><\/p>\n<p><b>R3\u00a0:<\/b> Oui, il est \u00e9quip\u00e9 d'une <b>batterie de 650 mAh<\/b> et une <b>Type-C<\/b>, vous pouvez donc facilement le recharger pour terminer tout l'e-liquide.<\/p>\n<p><b>Q4: Ce produit offre-t-il diff\u00e9rentes saveurs ?<\/b><\/p>\n<p><b>R4\u00a0:<\/b> Oui, l'appareil dispose d'un <b>syst\u00e8me de dosettes de saveurs 3-en-1<\/b>, vous permettant de profiter de trois saveurs diff\u00e9rentes \u00e0 partir d'un seul appareil.<\/p>\n<p data-start=\"389\" data-end=\"542\"><strong data-start=\"389\" data-end=\"418\">Q5: Comment puis-je suivre ma commande ?<\/strong><br data-start=\"418\" data-end=\"421\" \/><strong data-start=\"173\" data-end=\"179\">R5\u00a0:<\/strong>Une fois votre commande exp\u00e9di\u00e9e, vous recevrez un num\u00e9ro de suivi par e-mail afin de pouvoir facilement suivre le statut de votre colis.<\/p>\n<p data-start=\"544\" data-end=\"699\"><strong data-start=\"544\" data-end=\"574\">Q6: Puis-je obtenir une exp\u00e9dition plus rapide ?<\/strong><br data-start=\"574\" data-end=\"577\" \/><strong data-start=\"173\" data-end=\"179\">R6\u00a0:<\/strong>Pour une livraison plus rapide, nous vous recommandons de commander depuis notre entrep\u00f4t europ\u00e9en qui offre des d\u00e9lais de traitement et d'exp\u00e9dition plus courts.<\/p>\n<p data-start=\"888\" data-end=\"1079\"><strong data-start=\"888\" data-end=\"950\">Q7: Que dois-je faire si je re\u00e7ois un produit endommag\u00e9 ou d\u00e9fectueux ?<\/strong><br data-start=\"950\" data-end=\"953\" \/><strong data-start=\"173\" data-end=\"179\">A7 :<\/strong>Si vous recevez un article endommag\u00e9 ou d\u00e9fectueux, veuillez contacter rapidement notre service client pour un remplacement ou une solution.<\/p>\n<p data-start=\"1081\" data-end=\"1235\"><strong data-start=\"1081\" data-end=\"1125\">Q8: Comment puis-je contacter votre service client ?<\/strong><br data-start=\"1125\" data-end=\"1128\" \/><strong data-start=\"173\" data-end=\"179\">A8 :<\/strong>Vous pouvez nous joindre par e-mail, WhatsApp, ou via le chat en direct sur notre site web pour une assistance rapide.<\/p>\n<\/div>\n<h4><\/h4>\n<h2 data-start=\"52\" data-end=\"122\"><strong data-start=\"52\" data-end=\"122\">Vente en gros Vape Bang DE 80000 Bouff\u00e9es \u2013 Sp\u00e9cifications du produit<\/strong><\/h2>\n<table>\n<thead>\n<tr>\n<td>Caract\u00e9ristique de la Vape Bang<\/td>\n<td>Sp\u00e9cification<\/td>\n<\/tr>\n<\/thead>\n<tbody>\n<tr>\n<td><b>Bouff\u00e9es<\/b><\/td>\n<td>Jusqu'\u00e0 80 000<\/td>\n<\/tr>\n<tr>\n<td><b>Capacit\u00e9 de e-liquide<\/b><\/td>\n<td>60ml au total (3 x 20ml dosettes pr\u00e9-remplies)<\/td>\n<\/tr>\n<tr>\n<td><b>Saveurs<\/b><\/td>\n<td>Syst\u00e8me de triple saveur 3-en-1 (r\u00e9glable)<\/td>\n<\/tr>\n<tr>\n<td><b>Batterie<\/b><\/td>\n<td>650mAh (Rechargeable)<\/td>\n<\/tr>\n<tr>\n<td><b>R\u00e9sistance<\/b><\/td>\n<td>Bobine maill\u00e9e 1.0\u03a9 (Syst\u00e8me de triple bobine maill\u00e9e)<\/td>\n<\/tr>\n<tr>\n<td><b>Chargement<\/b><\/td>\n<td>Port Type-C<\/td>\n<\/tr>\n<tr>\n<td><b>Taux de nicotine<\/b><\/td>\n<td>0%, 2%, 3%, 5% (Les options peuvent varier)<\/td>\n<\/tr>\n<tr>\n<td><b>\u00c9cran<\/b><\/td>\n<td>\u00c9cran LCD intelligent (Affiche les niveaux de batterie et de e-liquide)<\/td>\n<\/tr>\n<\/tbody>\n<\/table>\n<h2>Liste des saveurs de la vape rechargeable jetable Bang DE 80000 Puffs :<\/h2>\n<p class=\"selectable-text copyable-text x15bjb6t x1n2onr6\" dir=\"ltr\">1.Past\u00e8que glac\u00e9e<br \/>\n2.Myrtille glac\u00e9e<br \/>\n3.Myrtille past\u00e8que<br \/>\n4. Glace au dragon noir<br \/>\n5. Fraise past\u00e8que<br \/>\n6. Myrtille razz<br \/>\n7. Glace \u00e0 la myrtille<br \/>\n8. Past\u00e8que fruit du dragon<br \/>\n9. Myrtille framboise<br \/>\n10. Glace \u00e0 la past\u00e8que<br \/>\n11. Myrtille razz<br \/>\n12. Glace au cola et \u00e0 la cerise<\/p>\n<p><span style=\"vertical-align: inherit\">Trouvez plus de produits qui pourraient vous plaire\uff1a<\/span><em><a href=\"https:\/\/wa.me\/8618077105796\"><span style=\"vertical-align: inherit\">\u00a0Achetez-le maintenant<\/span><\/a><\/em><\/p>\n<p><span style=\"vertical-align: inherit\">Autres Puffs que vous pourriez aimer\uff1a<\/span><a href=\"https:\/\/vapebulkp.com\/fr\/produit\/aivono-fat-bear-80000-puffs-3-flavors-modes-disposable-vape-bulk-wholesale\/\"><span style=\"vertical-align: inherit\">Aivono Fat Bear 80000 Bouff\u00e9es<\/span><\/a><span style=\"vertical-align: inherit\">\u3001<\/span><a href=\"https:\/\/vapebulkp.com\/fr\/produit\/vozol-rave-40000-puffs-hot-sale-nicotine-salt-disposable-vaporizer\/\"><span style=\"vertical-align: inherit\">Vozol Rave 40000 Bouff\u00e9es<\/span><\/a><span style=\"vertical-align: inherit\">\/ <\/span><a href=\"https:\/\/vapebulkp.com\/fr\/produit\/bang-box-80000-puffs-3-in-1-wholesale-vape-supply\/\"><span style=\"vertical-align: inherit\">Bang Box 80000 Bouff\u00e9es<\/span><\/a><span style=\"vertical-align: inherit\">\/ <\/span><a href=\"https:\/\/vapebulkp.com\/fr\/produit\/vapme-shisha-30000-puffs-hot-sale-rechargeable-e-cigarette\/\"><span style=\"vertical-align: inherit\">\u00a0Vapme shisha 30000 Bouff\u00e9es<\/span><\/a><\/p>","protected":false},"excerpt":{"rendered":"<article class=\"text-token-text-primary w-full\" dir=\"auto\" data-testid=\"conversation-turn-10\" data-scroll-anchor=\"true\">\n<div class=\"text-base my-auto mx-auto pb-10 [--thread-content-margin:--spacing(4)] @[37rem]:[--thread-content-margin:--spacing(6)] @[72rem]:[--thread-content-margin:--spacing(16)] px-(--thread-content-margin)\">\n<div class=\"[--thread-content-max-width:32rem] @[34rem]:[--thread-content-max-width:40rem] @[64rem]:[--thread-content-max-width:48rem] mx-auto flex max-w-(--thread-content-max-width) flex-1 text-base gap-4 md:gap-5 lg:gap-6 group\/turn-messages focus-visible:outline-hidden\">\n<div class=\"group\/conversation-turn relative flex w-full min-w-0 flex-col agent-turn\">\n<div class=\"relative flex-col gap-1 md:gap-3\">\n<div class=\"flex max-w-full flex-col grow\">\n<div class=\"min-h-8 text-message relative flex w-full flex-col items-end gap-2 text-start break-words whitespace-normal [.text-message+&amp;]:mt-5\" dir=\"auto\" data-message-author-role=\"assistant\" data-message-id=\"9612def3-530c-4871-9e19-e5f6b9349475\" data-message-model-slug=\"gpt-4o\">\n<div class=\"flex w-full flex-col gap-1 empty:hidden first:pt-[3px]\">\n<div class=\"markdown prose dark:prose-invert w-full break-words light\">\n<p data-start=\"313\" data-end=\"481\">Obtenez la box de vape Bang DE 80000 Puffs, une cigarette \u00e9lectronique jetable rechargeable et longue dur\u00e9e. Elle propose trois saveurs dans un seul appareil et une \u00e9norme capacit\u00e9 de 60 ml de e-liquide pour un vapotage sans fin. Des prix de gros avantageux sont disponibles.<\/p>\n<\/div>\n<\/div>\n<\/div>\n<\/div>\n<\/div>\n<\/div>\n<\/div>\n<\/div>\n<\/article>\n<p>Veuillez contacter le WhatsApp de Mandy pour un prix r\u00e9duit \ud83d\udcf1<span style=\"color: #ff0000\"><a style=\"color: #ff0000\" href=\"https:\/\/wa.me\/8618077105796\">+8618077105796<\/a><\/span><\/p>\n<p><img decoding=\"async\" class=\"alignnone wp-image-2151\" src=\"http:\/\/vapebulkp.com\/wp-content\/uploads\/2024\/04\/Mandy-WhatsApp-Randm.jpg\" alt=\"WhatsApp Mandy Randm\" width=\"297\" height=\"316\" srcset=\"https:\/\/vapebulkp.com\/wp-content\/uploads\/2024\/04\/Mandy-WhatsApp-Randm.jpg 916w, https:\/\/vapebulkp.com\/wp-content\/uploads\/2024\/04\/Mandy-WhatsApp-Randm-282x300.jpg 282w, https:\/\/vapebulkp.com\/wp-content\/uploads\/2024\/04\/Mandy-WhatsApp-Randm-768x817.jpg 768w, https:\/\/vapebulkp.com\/wp-content\/uploads\/2024\/04\/Mandy-WhatsApp-Randm-600x638.jpg 600w\" sizes=\"(max-width: 297px) 100vw, 297px\" \/><\/p>\n<p><span style=\"color: #ff0000\">REMARQUE : Les prix sur notre site web n'incluent pas les frais de port<\/span><\/p>\n<p>Principales raisons d'acheter<br \/>\n1. Excellente qualit\u00e9 et performance in\u00e9gal\u00e9e.<\/p>\n<p>2. Prix comp\u00e9titif et valeur rapide.<\/p>\n<p>3. Options multiples et livraison rapide.<\/p>\n<p>4. Une exp\u00e9rience d'achat satisfaisante<\/p>","protected":false},"featured_media":4088,"comment_status":"open","ping_status":"closed","template":"","meta":{"_uag_custom_page_level_css":"","_lmt_disableupdate":"no","_lmt_disable":"","site-sidebar-layout":"default","site-content-layout":"content-boxed-container","ast-site-content-layout":"normal-width-container","site-content-style":"boxed","site-sidebar-style":"unboxed","ast-global-header-display":"","ast-banner-title-visibility":"","ast-main-header-display":"","ast-hfb-above-header-display":"","ast-hfb-below-header-display":"","ast-hfb-mobile-header-display":"","site-post-title":"","ast-breadcrumbs-content":"","ast-featured-img":"","footer-sml-layout":"","theme-transparent-header-meta":"default","adv-header-id-meta":"","stick-header-meta":"","header-above-stick-meta":"","header-main-stick-meta":"","header-below-stick-meta":"","astra-migrate-meta-layouts":"set","_joinchat":[]},"product_cat":[247,153,345,155,33,59,100,87,34,158,157,154,152,58,84,156,63,32],"product_tag":[36,37,41,40],"class_list":["post-4090","product","type-product","status-publish","has-post-thumbnail","hentry","product_cat-80000-puffs-disposable-vape","product_cat-hot-disposable-vapes","product_cat-bang-vapes","product_cat-belgium-hot-disposable-vapes","product_cat-france-vape-hot-sale","product_cat-germany-hot-disposable-vape","product_cat-germany-wholesale-vape-shop","product_cat-minimum-order-quantity-50pcs","product_cat-netherlands-vape-good-sale","product_cat-norway-hot-disposable-vapes","product_cat-poland-hot-disposable-vapes","product_cat-portugal-hot-disposable-vapes","product_cat-spain-hot-disposable-vapes","product_cat-sweden-hot-disposable-vape","product_cat-sweden-wholesale-vape","product_cat-switzerland-hot-disposable-vapes","product_cat-top-sale-disposable-vape","product_cat-vape-hot-sale-this-week","product_tag-good-vape","product_tag-hot-sale-disposable-vape","product_tag-poland-hot-vape","product_tag-sweden-hot-vape","pa_brand-bang-vape","desktop-align-left","tablet-align-left","mobile-align-left"],"yoast_head":"<!-- This site is optimized with the Yoast SEO plugin v21.1 - https:\/\/yoast.com\/wordpress\/plugins\/seo\/ -->\n<title>Buy Bang DE 80000 Puffs Disposable Vape Cheap Price for Bulk Order - vapebulkp.com<\/title>\n<meta name=\"description\" content=\"Get the Bang DE 80000 Puffs Disposable Vape with 3-in-1 Triple Flavor Vape, 60ml e-liquid, and 650mAh rechargeable disposable vape battery. Fast EU shipping \u2014 order wholesale now!\" \/>\n<meta name=\"robots\" content=\"index, follow, max-snippet:-1, max-image-preview:large, max-video-preview:-1\" \/>\n<link rel=\"canonical\" href=\"https:\/\/vapebulkp.com\/fr\/produit\/buy-bang-de-80000-puffs-disposable-vape-cheap-price-for-bulk-order\/\" \/>\n<meta property=\"og:locale\" content=\"fr_FR\" \/>\n<meta property=\"og:type\" content=\"article\" \/>\n<meta property=\"og:title\" content=\"Buy Bang DE 80000 Puffs Disposable Vape Cheap Price for Bulk Order - vapebulkp.com\" \/>\n<meta property=\"og:description\" content=\"Get the Bang DE 80000 Puffs Disposable Vape with 3-in-1 Triple Flavor Vape, 60ml e-liquid, and 650mAh rechargeable disposable vape battery. Fast EU shipping \u2014 order wholesale now!\" \/>\n<meta property=\"og:url\" content=\"https:\/\/vapebulkp.com\/fr\/produit\/buy-bang-de-80000-puffs-disposable-vape-cheap-price-for-bulk-order\/\" \/>\n<meta property=\"og:site_name\" content=\"vapebulkp.com\" \/>\n<meta property=\"article:modified_time\" content=\"2025-09-24T03:31:10+00:00\" \/>\n<meta property=\"og:image\" content=\"http:\/\/vapebulkp.com\/wp-content\/uploads\/2025\/08\/Shop-Bang-DE-80000-Puffs-Disposable-Vape-at-Cheap-Wholesale-Price.webp\" \/>\n\t<meta property=\"og:image:width\" content=\"800\" \/>\n\t<meta property=\"og:image:height\" content=\"800\" \/>\n\t<meta property=\"og:image:type\" content=\"image\/webp\" \/>\n<meta name=\"twitter:card\" content=\"summary_large_image\" \/>\n<meta name=\"twitter:label1\" content=\"Dur\u00e9e de lecture estim\u00e9e\" \/>\n\t<meta name=\"twitter:data1\" content=\"4 minutes\" \/>\n<script type=\"application\/ld+json\" class=\"yoast-schema-graph\">{\"@context\":\"https:\/\/schema.org\",\"@graph\":[{\"@type\":\"WebPage\",\"@id\":\"https:\/\/vapebulkp.com\/product\/buy-bang-de-80000-puffs-disposable-vape-cheap-price-for-bulk-order\/\",\"url\":\"https:\/\/vapebulkp.com\/product\/buy-bang-de-80000-puffs-disposable-vape-cheap-price-for-bulk-order\/\",\"name\":\"Buy Bang DE 80000 Puffs Disposable Vape Cheap Price for Bulk Order - vapebulkp.com\",\"isPartOf\":{\"@id\":\"https:\/\/vapebulkp.com\/#website\"},\"datePublished\":\"2025-08-13T03:52:14+00:00\",\"dateModified\":\"2025-09-24T03:31:10+00:00\",\"description\":\"Get the Bang DE 80000 Puffs Disposable Vape with 3-in-1 Triple Flavor Vape, 60ml e-liquid, and 650mAh rechargeable disposable vape battery. Fast EU shipping \u2014 order wholesale now!\",\"breadcrumb\":{\"@id\":\"https:\/\/vapebulkp.com\/product\/buy-bang-de-80000-puffs-disposable-vape-cheap-price-for-bulk-order\/#breadcrumb\"},\"inLanguage\":\"fr-FR\",\"potentialAction\":[{\"@type\":\"ReadAction\",\"target\":[\"https:\/\/vapebulkp.com\/product\/buy-bang-de-80000-puffs-disposable-vape-cheap-price-for-bulk-order\/\"]}]},{\"@type\":\"BreadcrumbList\",\"@id\":\"https:\/\/vapebulkp.com\/product\/buy-bang-de-80000-puffs-disposable-vape-cheap-price-for-bulk-order\/#breadcrumb\",\"itemListElement\":[{\"@type\":\"ListItem\",\"position\":1,\"name\":\"Home\",\"item\":\"https:\/\/vapebulkp.com\/\"},{\"@type\":\"ListItem\",\"position\":2,\"name\":\"Hot Trend Vapes\",\"item\":\"https:\/\/vapebulkp.com\/vape-shop\/\"},{\"@type\":\"ListItem\",\"position\":3,\"name\":\"Buy Bang DE 80000 Puffs Disposable Vape Cheap Price for Bulk Order\"}]},{\"@type\":\"WebSite\",\"@id\":\"https:\/\/vapebulkp.com\/#website\",\"url\":\"https:\/\/vapebulkp.com\/\",\"name\":\"vapebulkp.com\",\"description\":\"Buy Vape In Cheap Bulk Price Near you\",\"publisher\":{\"@id\":\"https:\/\/vapebulkp.com\/#organization\"},\"potentialAction\":[{\"@type\":\"SearchAction\",\"target\":{\"@type\":\"EntryPoint\",\"urlTemplate\":\"https:\/\/vapebulkp.com\/?s={search_term_string}\"},\"query-input\":\"required name=search_term_string\"}],\"inLanguage\":\"fr-FR\"},{\"@type\":\"Organization\",\"@id\":\"https:\/\/vapebulkp.com\/#organization\",\"name\":\"vapebulkp.com\",\"url\":\"https:\/\/vapebulkp.com\/\",\"logo\":{\"@type\":\"ImageObject\",\"inLanguage\":\"fr-FR\",\"@id\":\"https:\/\/vapebulkp.com\/#\/schema\/logo\/image\/\",\"url\":\"https:\/\/vapebulkp.com\/wp-content\/uploads\/2023\/09\/cropped-vapebulkp.png\",\"contentUrl\":\"https:\/\/vapebulkp.com\/wp-content\/uploads\/2023\/09\/cropped-vapebulkp.png\",\"width\":516,\"height\":163,\"caption\":\"vapebulkp.com\"},\"image\":{\"@id\":\"https:\/\/vapebulkp.com\/#\/schema\/logo\/image\/\"}}]}<\/script>\n<!-- \/ Yoast SEO plugin. -->","yoast_head_json":{"title":"Buy Bang DE 80000 Puffs Disposable Vape Cheap Price for Bulk Order - vapebulkp.com","description":"Get the Bang DE 80000 Puffs Disposable Vape with 3-in-1 Triple Flavor Vape, 60ml e-liquid, and 650mAh rechargeable disposable vape battery. Fast EU shipping \u2014 order wholesale now!","robots":{"index":"index","follow":"follow","max-snippet":"max-snippet:-1","max-image-preview":"max-image-preview:large","max-video-preview":"max-video-preview:-1"},"canonical":"https:\/\/vapebulkp.com\/fr\/produit\/buy-bang-de-80000-puffs-disposable-vape-cheap-price-for-bulk-order\/","og_locale":"fr_FR","og_type":"article","og_title":"Buy Bang DE 80000 Puffs Disposable Vape Cheap Price for Bulk Order - vapebulkp.com","og_description":"Get the Bang DE 80000 Puffs Disposable Vape with 3-in-1 Triple Flavor Vape, 60ml e-liquid, and 650mAh rechargeable disposable vape battery. Fast EU shipping \u2014 order wholesale now!","og_url":"https:\/\/vapebulkp.com\/fr\/produit\/buy-bang-de-80000-puffs-disposable-vape-cheap-price-for-bulk-order\/","og_site_name":"vapebulkp.com","article_modified_time":"2025-09-24T03:31:10+00:00","og_image":[{"width":800,"height":800,"url":"http:\/\/vapebulkp.com\/wp-content\/uploads\/2025\/08\/Shop-Bang-DE-80000-Puffs-Disposable-Vape-at-Cheap-Wholesale-Price.webp","type":"image\/webp"}],"twitter_card":"summary_large_image","twitter_misc":{"Dur\u00e9e de lecture estim\u00e9e":"4 minutes"},"schema":{"@context":"https:\/\/schema.org","@graph":[{"@type":"WebPage","@id":"https:\/\/vapebulkp.com\/product\/buy-bang-de-80000-puffs-disposable-vape-cheap-price-for-bulk-order\/","url":"https:\/\/vapebulkp.com\/product\/buy-bang-de-80000-puffs-disposable-vape-cheap-price-for-bulk-order\/","name":"Buy Bang DE 80000 Puffs Disposable Vape Cheap Price for Bulk Order - vapebulkp.com","isPartOf":{"@id":"https:\/\/vapebulkp.com\/#website"},"datePublished":"2025-08-13T03:52:14+00:00","dateModified":"2025-09-24T03:31:10+00:00","description":"Get the Bang DE 80000 Puffs Disposable Vape with 3-in-1 Triple Flavor Vape, 60ml e-liquid, and 650mAh rechargeable disposable vape battery. Fast EU shipping \u2014 order wholesale now!","breadcrumb":{"@id":"https:\/\/vapebulkp.com\/product\/buy-bang-de-80000-puffs-disposable-vape-cheap-price-for-bulk-order\/#breadcrumb"},"inLanguage":"fr-FR","potentialAction":[{"@type":"ReadAction","target":["https:\/\/vapebulkp.com\/product\/buy-bang-de-80000-puffs-disposable-vape-cheap-price-for-bulk-order\/"]}]},{"@type":"BreadcrumbList","@id":"https:\/\/vapebulkp.com\/product\/buy-bang-de-80000-puffs-disposable-vape-cheap-price-for-bulk-order\/#breadcrumb","itemListElement":[{"@type":"ListItem","position":1,"name":"Home","item":"https:\/\/vapebulkp.com\/"},{"@type":"ListItem","position":2,"name":"Hot Trend Vapes","item":"https:\/\/vapebulkp.com\/vape-shop\/"},{"@type":"ListItem","position":3,"name":"Buy Bang DE 80000 Puffs Disposable Vape Cheap Price for Bulk Order"}]},{"@type":"WebSite","@id":"https:\/\/vapebulkp.com\/#website","url":"https:\/\/vapebulkp.com\/","name":"vapebulkp.com","description":"Buy Vape In Cheap Bulk Price Near you","publisher":{"@id":"https:\/\/vapebulkp.com\/#organization"},"potentialAction":[{"@type":"SearchAction","target":{"@type":"EntryPoint","urlTemplate":"https:\/\/vapebulkp.com\/?s={search_term_string}"},"query-input":"required name=search_term_string"}],"inLanguage":"fr-FR"},{"@type":"Organization","@id":"https:\/\/vapebulkp.com\/#organization","name":"vapebulkp.com","url":"https:\/\/vapebulkp.com\/","logo":{"@type":"ImageObject","inLanguage":"fr-FR","@id":"https:\/\/vapebulkp.com\/#\/schema\/logo\/image\/","url":"https:\/\/vapebulkp.com\/wp-content\/uploads\/2023\/09\/cropped-vapebulkp.png","contentUrl":"https:\/\/vapebulkp.com\/wp-content\/uploads\/2023\/09\/cropped-vapebulkp.png","width":516,"height":163,"caption":"vapebulkp.com"},"image":{"@id":"https:\/\/vapebulkp.com\/#\/schema\/logo\/image\/"}}]}},"uagb_featured_image_src":{"full":["https:\/\/vapebulkp.com\/wp-content\/uploads\/2025\/08\/Shop-Bang-DE-80000-Puffs-Disposable-Vape-at-Cheap-Wholesale-Price.webp",800,800,false],"thumbnail":["https:\/\/vapebulkp.com\/wp-content\/uploads\/2025\/08\/Shop-Bang-DE-80000-Puffs-Disposable-Vape-at-Cheap-Wholesale-Price-150x150.webp",150,150,true],"medium":["https:\/\/vapebulkp.com\/wp-content\/uploads\/2025\/08\/Shop-Bang-DE-80000-Puffs-Disposable-Vape-at-Cheap-Wholesale-Price-300x300.webp",300,300,true],"medium_large":["https:\/\/vapebulkp.com\/wp-content\/uploads\/2025\/08\/Shop-Bang-DE-80000-Puffs-Disposable-Vape-at-Cheap-Wholesale-Price-768x768.webp",768,768,true],"large":["https:\/\/vapebulkp.com\/wp-content\/uploads\/2025\/08\/Shop-Bang-DE-80000-Puffs-Disposable-Vape-at-Cheap-Wholesale-Price.webp",800,800,false],"1536x1536":["https:\/\/vapebulkp.com\/wp-content\/uploads\/2025\/08\/Shop-Bang-DE-80000-Puffs-Disposable-Vape-at-Cheap-Wholesale-Price.webp",800,800,false],"2048x2048":["https:\/\/vapebulkp.com\/wp-content\/uploads\/2025\/08\/Shop-Bang-DE-80000-Puffs-Disposable-Vape-at-Cheap-Wholesale-Price.webp",800,800,false],"trp-custom-language-flag":["https:\/\/vapebulkp.com\/wp-content\/uploads\/2025\/08\/Shop-Bang-DE-80000-Puffs-Disposable-Vape-at-Cheap-Wholesale-Price.webp",12,12,false],"woocommerce_thumbnail":["https:\/\/vapebulkp.com\/wp-content\/uploads\/2025\/08\/Shop-Bang-DE-80000-Puffs-Disposable-Vape-at-Cheap-Wholesale-Price-300x300.webp",300,300,true],"woocommerce_single":["https:\/\/vapebulkp.com\/wp-content\/uploads\/2025\/08\/Shop-Bang-DE-80000-Puffs-Disposable-Vape-at-Cheap-Wholesale-Price-600x600.webp",600,600,true],"woocommerce_gallery_thumbnail":["https:\/\/vapebulkp.com\/wp-content\/uploads\/2025\/08\/Shop-Bang-DE-80000-Puffs-Disposable-Vape-at-Cheap-Wholesale-Price-100x100.webp",100,100,true],"wcpr-photo-reviews":["https:\/\/vapebulkp.com\/wp-content\/uploads\/2025\/08\/Shop-Bang-DE-80000-Puffs-Disposable-Vape-at-Cheap-Wholesale-Price.webp",500,500,false]},"uagb_author_info":{"display_name":"Mandy vape bulk price","author_link":"https:\/\/vapebulkp.com\/fr\/author\/"},"uagb_comment_info":0,"uagb_excerpt":"Get the vape box Bang DE 80000 Puffs, a long-lasting rechargeable disposable vape. Featuring three flavors in one device and a massive 60ml e-juice capacity for endless vaping. Cheap bulk prices available. Pls Contact Mandy's WhatsApp For Discount Price\ud83d\udcf1+8618077105796 NOTE: Prices on our website does not include shipping costs Main reason for purchase 1. Excellent\u2026","_links":{"self":[{"href":"https:\/\/vapebulkp.com\/fr\/wp-json\/wp\/v2\/product\/4090","targetHints":{"allow":["GET"]}}],"collection":[{"href":"https:\/\/vapebulkp.com\/fr\/wp-json\/wp\/v2\/product"}],"about":[{"href":"https:\/\/vapebulkp.com\/fr\/wp-json\/wp\/v2\/types\/product"}],"replies":[{"embeddable":true,"href":"https:\/\/vapebulkp.com\/fr\/wp-json\/wp\/v2\/comments?post=4090"}],"wp:featuredmedia":[{"embeddable":true,"href":"https:\/\/vapebulkp.com\/fr\/wp-json\/wp\/v2\/media\/4088"}],"wp:attachment":[{"href":"https:\/\/vapebulkp.com\/fr\/wp-json\/wp\/v2\/media?parent=4090"}],"wp:term":[{"taxonomy":"product_cat","embeddable":true,"href":"https:\/\/vapebulkp.com\/fr\/wp-json\/wp\/v2\/product_cat?post=4090"},{"taxonomy":"product_tag","embeddable":true,"href":"https:\/\/vapebulkp.com\/fr\/wp-json\/wp\/v2\/product_tag?post=4090"}],"curies":[{"name":"wp","href":"https:\/\/api.w.org\/{rel}","templated":true}]}}