{"id":1576,"date":"2023-09-22T11:43:32","date_gmt":"2023-09-22T09:43:32","guid":{"rendered":"https:\/\/vapebulkp.com\/?post_type=product&#038;p=1576"},"modified":"2025-09-24T05:49:18","modified_gmt":"2025-09-24T03:49:18","slug":"top-sale-waspe-12000puffs-disposable-vape-wholesale-france","status":"publish","type":"product","link":"https:\/\/vapebulkp.com\/hr\/product\/top-sale-waspe-12000puffs-disposable-vape-wholesale-france\/","title":{"rendered":"Najprodavaniji WASPE 12000 Udaha jednokratni vape veleprodaja Hrvatska"},"content":{"rendered":"<h1>Najprodavaniji WASPE 12000 Udaha jednokratni vape veleprodaja Hrvatska<\/h1>\n<p data-start=\"337\" data-end=\"682\">O <strong data-start=\"381\" data-end=\"418\">Jednokratni vape WASPE 12000 Puffs<\/strong> je visokou\u010dinkovit izbor za mlade Europljane koji zahtijevaju stil i pouzdanost. S do <strong data-start=\"516\" data-end=\"532\">12.000 udisaja<\/strong>, spremnikom od 18 ml e-teku\u0107ine i sna\u017enom baterijom od 650 mAh koja se mo\u017ee puniti s Type-C brzim punjenjem, pru\u017ea dugotrajno vaping bez prekida.<\/p>\n<p data-start=\"684\" data-end=\"902\">Opremljen mesh zavojnicom od 0.8\u03a9, <strong data-start=\"720\" data-end=\"740\">WASPE 12000Udisaja<\/strong> pru\u017ea gladak protok zraka, gustu paru i dosljedan okus pri svakom udisaju. Opcije nikotinske soli od 21 mg\/ml i 51 mg\/ml omogu\u0107uju fleksibilnost za lagane i te\u0161ke korisnike.<\/p>\n<p data-start=\"904\" data-end=\"1125\">Kompaktan, prenosiv i napravljen za veleprodaju u EU, ovaj <a href=\"https:\/\/vapebulkp.com\/hr\/product-category\/12000-puffs-disposable-vape\/\"><strong data-start=\"976\" data-end=\"1007\">12000 Puffs jednokratni Vape<\/strong><\/a> dostupan je u vo\u0107nim i mentol mje\u0161avinama, \u0161to ga \u010dini savr\u0161enom opcijom za svakodnevnu upotrebu, putovanja ili dru\u0161tvena doga\u0111anja.<\/p>\n<h6 style=\"text-align: left\"><img decoding=\"async\" class=\"alignnone wp-image-2756\" src=\"http:\/\/vapebulkp.com\/wp-content\/uploads\/2024\/08\/WASPE-RANDM-TORNADO-12000-VAPE-KIT-SUPPLIER.jpg\" alt=\"WASPE RANDM TORNADO 12000 VAPE KIT DOBAVLJA\u010c\" width=\"401\" height=\"602\" srcset=\"https:\/\/vapebulkp.com\/wp-content\/uploads\/2024\/08\/WASPE-RANDM-TORNADO-12000-VAPE-KIT-SUPPLIER.jpg 1280w, https:\/\/vapebulkp.com\/wp-content\/uploads\/2024\/08\/WASPE-RANDM-TORNADO-12000-VAPE-KIT-SUPPLIER-200x300.jpg 200w, https:\/\/vapebulkp.com\/wp-content\/uploads\/2024\/08\/WASPE-RANDM-TORNADO-12000-VAPE-KIT-SUPPLIER-683x1024.jpg 683w, https:\/\/vapebulkp.com\/wp-content\/uploads\/2024\/08\/WASPE-RANDM-TORNADO-12000-VAPE-KIT-SUPPLIER-768x1152.jpg 768w, https:\/\/vapebulkp.com\/wp-content\/uploads\/2024\/08\/WASPE-RANDM-TORNADO-12000-VAPE-KIT-SUPPLIER-1024x1536.jpg 1024w, https:\/\/vapebulkp.com\/wp-content\/uploads\/2024\/08\/WASPE-RANDM-TORNADO-12000-VAPE-KIT-SUPPLIER-600x900.jpg 600w\" sizes=\"(max-width: 401px) 100vw, 401px\" \/><\/h6>\n<h6><\/h6>\n<h6>Molimo kontaktirajte Mandy's WhatsApp za cijenu s popustom<a href=\"https:\/\/wa.me\/8618077105796\">+8618077105796<\/a><\/h6>\n<p><img decoding=\"async\" class=\"alignnone wp-image-2151\" src=\"http:\/\/vapebulkp.com\/wp-content\/uploads\/2024\/04\/Mandy-WhatsApp-Randm.jpg\" alt=\"Mandy WhatsApp Randm\" width=\"288\" height=\"306\" srcset=\"https:\/\/vapebulkp.com\/wp-content\/uploads\/2024\/04\/Mandy-WhatsApp-Randm.jpg 916w, https:\/\/vapebulkp.com\/wp-content\/uploads\/2024\/04\/Mandy-WhatsApp-Randm-282x300.jpg 282w, https:\/\/vapebulkp.com\/wp-content\/uploads\/2024\/04\/Mandy-WhatsApp-Randm-768x817.jpg 768w, https:\/\/vapebulkp.com\/wp-content\/uploads\/2024\/04\/Mandy-WhatsApp-Randm-600x638.jpg 600w\" sizes=\"(max-width: 288px) 100vw, 288px\" \/><\/p>\n<h2><span style=\"vertical-align: inherit\">Mislili smo da biste \u017eeljeli znati o WASPE 12000Puffs jednokratnom VAPE-u:<\/span><\/h2>\n<p>&nbsp;<\/p>\n<h4 class=\"style-scope ytd-watch-metadata\">1.Kako koristiti WASPE 12000 Puffs Vape Pen?<\/h4>\n<p>&nbsp;<\/p>\n<p>Korak 1. Prije upotrebe 12k udisaja, uklonite plasti\u010dnu cijev.<\/p>\n<p>Korak 2. Pri\u010dekajte oko 3 minute da sok u\u0111e u zavojnicu unutra.<\/p>\n<p>Korak 3. U\u017eivajte<\/p>\n<h6>2. KAKO PUNITI JEDNOKRATNI VAPE URE\u0110AJ WASPE 12000 PUFFS?<\/h6>\n<p>Ne smiju se koristiti brzi punja\u010di, a standardna sigurna snaga jednokratnih elektroni\u010dkih cigareta je 5V 1A.<\/p>\n<p>Svako punjenje ne smije trajati du\u017ee od 1 sata, a sigurno vrijeme punjenja je pola sata.<\/p>\n<h6>3. KOLIKO UDISAJA IMA JEDNOKRATNI VAPE WASPE 12000?<\/h6>\n<p>\u2014-12000 Udisaja<\/p>\n<p><span style=\"color: #ff6600\">Napomena: ne punite cijelu no\u0107!<\/span><\/p>\n<p>&nbsp;<\/p>\n<h3><strong><span style=\"vertical-align: inherit\">Specifikacije Za WASPE 12000 Udisaja:<\/span><br \/>\n<\/strong><\/h3>\n<p>Baterija: 650mAh (Tip C)<br \/>\nKapacitet: 18ml<br \/>\nGrijac: 0.8 ohm mre\u017easti<br \/>\nPribli\u017ean volumen udisaja: 12000 udisaja<br \/>\nJa\u010dina nikotina: 2%, 5%<br \/>\nMOQ: 50 KOM<\/p>\n<h3><strong>Koji su najbolji okusi WASPE 12000 Udisaja?<\/strong><\/h3>\n<p>1. Lubenica s ledom<br \/>\n2. Jagoda Kivi<br \/>\n3. Borovnica s ledom<br \/>\n4. Borovnica Malina<br \/>\n5. Jagoda Lubenica<br \/>\n6. Gro\u017e\u0111e s ledom<br \/>\n7. Jagoda Mango<br \/>\n8. Mango s ledom<br \/>\n9. So\u010dna Breskva Ananas<br \/>\n10. Kivi Limeta<br \/>\n11. Jagoda Malina Tre\u0161nja<br \/>\n12. Jagoda Pitaja Limunada<\/p>\n<p><span style=\"vertical-align: inherit\">Prona\u0111ite vi\u0161e proizvoda koji bi vam se mogli svidjeti:<\/span><em><a href=\"https:\/\/wa.me\/8618077105796\"><span style=\"vertical-align: inherit\">\u00a0Kupite sada<\/span><\/a><\/em><\/p>\n<p><span style=\"vertical-align: inherit\">Ostali Puffs koji bi vam se mogli svidjeti:<\/span><span style=\"vertical-align: inherit\">\u00a0<\/span><a href=\"https:\/\/vapebulkp.com\/hr\/product\/wholesale-randm-tornado-9000-puffs-germany\/\"><span style=\"vertical-align: inherit\">RandM Tornado 9000 Puhova<\/span><\/a><span style=\"vertical-align: inherit\">\/ <\/span><a href=\"https:\/\/vapebulkp.com\/hr\/product\/popular-bang-king-10000-puffs-vape-good-price\/\"><span style=\"vertical-align: inherit\">Bang King 10000 Puhova<\/span><\/a><span style=\"vertical-align: inherit\">\/ <\/span><a href=\"https:\/\/vapebulkp.com\/hr\/product\/bang-king-12000puffs\/\"><span style=\"vertical-align: inherit\">Bang King 12000 Puhova<\/span><\/a><\/p>\n<p><span style=\"vertical-align: inherit\">E-cigareta posebnog oblika boce:<\/span><a href=\"https:\/\/vapebulkp.com\/hr\/product\/popular-kulx-10000puffs-disposable-vape-good-price\/\"><span style=\"vertical-align: inherit\">Kulx vape 10000 Puhova <\/span><\/a><span style=\"vertical-align: inherit\">\/ <\/span><a href=\"https:\/\/vapebulkp.com\/hr\/product\/disposable-vape-crystal-600-puffs\/\"><span style=\"vertical-align: inherit\">Crystal 600 Puhova <\/span><\/a><span style=\"vertical-align: inherit\">\/<\/span><a href=\"https:\/\/vapebulkp.com\/hr\/product\/popular-vape-bang-king-15000-puffs-bang-vape\/\"><span style=\"vertical-align: inherit\">Bang King 15000 Puhova<\/span><\/a><\/p>\n<h4>Detalji dostave:<\/h4>\n<p><span style=\"color: #ff6600\">Vrijeme proizvodnje: 5-10 radnih dana<\/span><br \/>\n<span style=\"color: #ff6600\">Vrijeme isporuke: 8-14 radnih dana<\/span><\/p>\n<p>Svi proizvodi u na\u0161oj trgovini su 100% originalni i autenti\u010dni, stoga je desetostruka naknada za la\u017enu robu na\u0161a politika trgovine. Za dostavu koristimo logisti\u010dke kanale kao \u0161to su UPS\/DHL\/FEDEX\/DPD.<\/p>\n<p>Za pakete poslane u Hrvatsku obi\u010dno je potrebno 10 radnih dana da stignu. Dostava u europske zemlje obi\u010dno traje 12 do 15 radnih dana da stigne. Logisti\u010dke informacije \u0107emo a\u017eurirati za vas u stvarnom vremenu.<\/p>","protected":false},"excerpt":{"rendered":"<p>O <span style=\"vertical-align: inherit\">WASPE 12000Udisaja <\/span>nudi razne primamljive okuse, osiguravaju\u0107i da \u0107ete prona\u0107i ne\u0161to \u0161to \u0107e zadovoljiti va\u0161e \u017eelje. Od tradicionalnog duhana do egzoti\u010dnih vo\u0107nih mje\u0161avina, mogu\u0107nosti su beskrajne. Svaki udah pru\u017ea dosljedno i ugodno iskustvo vapinga, zahvaljuju\u0107i ugra\u0111enom mehanizmu aktiviranom izvla\u010denjem.<br \/>\n<img decoding=\"async\" class=\"alignnone wp-image-2151\" src=\"http:\/\/vapebulkp.com\/wp-content\/uploads\/2024\/04\/Mandy-WhatsApp-Randm.jpg\" alt=\"Mandy WhatsApp Randm\" width=\"276\" height=\"293\" srcset=\"https:\/\/vapebulkp.com\/wp-content\/uploads\/2024\/04\/Mandy-WhatsApp-Randm.jpg 916w, https:\/\/vapebulkp.com\/wp-content\/uploads\/2024\/04\/Mandy-WhatsApp-Randm-282x300.jpg 282w, https:\/\/vapebulkp.com\/wp-content\/uploads\/2024\/04\/Mandy-WhatsApp-Randm-768x817.jpg 768w, https:\/\/vapebulkp.com\/wp-content\/uploads\/2024\/04\/Mandy-WhatsApp-Randm-600x638.jpg 600w\" sizes=\"(max-width: 276px) 100vw, 276px\" \/><\/p>\n<p>Molimo kontaktirajte Mandy's WhatsApp za cijenu s popustom<a href=\"https:\/\/wa.me\/8618077105796\">+8618077105796<\/a><\/p>\n<p><span style=\"color: #ff0000\">NAPOMENA: Cijene na na\u0161oj web stranici ne uklju\u010duju tro\u0161kove dostave<\/span><\/p>","protected":false},"featured_media":2749,"comment_status":"open","ping_status":"closed","template":"","meta":{"_uag_custom_page_level_css":"","_lmt_disableupdate":"no","_lmt_disable":"","site-sidebar-layout":"default","site-content-layout":"content-boxed-container","ast-site-content-layout":"normal-width-container","site-content-style":"boxed","site-sidebar-style":"unboxed","ast-global-header-display":"","ast-banner-title-visibility":"","ast-main-header-display":"","ast-hfb-above-header-display":"","ast-hfb-below-header-display":"","ast-hfb-mobile-header-display":"","site-post-title":"","ast-breadcrumbs-content":"","ast-featured-img":"","footer-sml-layout":"","theme-transparent-header-meta":"default","adv-header-id-meta":"","stick-header-meta":"","header-above-stick-meta":"","header-main-stick-meta":"","header-below-stick-meta":"","astra-migrate-meta-layouts":"set","_joinchat":[]},"product_cat":[166,153,155,33,59,100,34,158,157,154,152,58,84,156,63,32,365],"product_tag":[45,36,37,41,71,40],"class_list":["post-1576","product","type-product","status-publish","has-post-thumbnail","hentry","product_cat-12000-puffs-disposable-vape","product_cat-hot-disposable-vapes","product_cat-belgium-hot-disposable-vapes","product_cat-france-vape-hot-sale","product_cat-germany-hot-disposable-vape","product_cat-germany-wholesale-vape-shop","product_cat-netherlands-vape-good-sale","product_cat-norway-hot-disposable-vapes","product_cat-poland-hot-disposable-vapes","product_cat-portugal-hot-disposable-vapes","product_cat-spain-hot-disposable-vapes","product_cat-sweden-hot-disposable-vape","product_cat-sweden-wholesale-vape","product_cat-switzerland-hot-disposable-vapes","product_cat-top-sale-disposable-vape","product_cat-vape-hot-sale-this-week","product_cat-waspe-vape","product_tag-12000puffs-good-vape","product_tag-good-vape","product_tag-hot-sale-disposable-vape","product_tag-poland-hot-vape","product_tag-randm","product_tag-sweden-hot-vape","pa_brand-waspe-vape","desktop-align-left","tablet-align-left","mobile-align-left"],"yoast_head":"<!-- This site is optimized with the Yoast SEO plugin v21.1 - https:\/\/yoast.com\/wordpress\/plugins\/seo\/ -->\n<title>Top Sale WASPE 12000Puffs Disposable Vape Wholesale France - vapebulkp.com<\/title>\n<meta name=\"description\" content=\"The WASPE12000Puffs Disposable Vape ergonomic design fits perfectly in your hand and is compact enough to slip into your pocket or purse.\" \/>\n<meta name=\"robots\" content=\"index, follow, max-snippet:-1, max-image-preview:large, max-video-preview:-1\" \/>\n<link rel=\"canonical\" href=\"https:\/\/vapebulkp.com\/hr\/product\/top-sale-waspe-12000puffs-disposable-vape-wholesale-france\/\" \/>\n<meta property=\"og:locale\" content=\"hr_HR\" \/>\n<meta property=\"og:type\" content=\"article\" \/>\n<meta property=\"og:title\" content=\"Top Sale WASPE 12000Puffs Disposable Vape Wholesale France - vapebulkp.com\" \/>\n<meta property=\"og:description\" content=\"The WASPE12000Puffs Disposable Vape ergonomic design fits perfectly in your hand and is compact enough to slip into your pocket or purse.\" \/>\n<meta property=\"og:url\" content=\"https:\/\/vapebulkp.com\/hr\/product\/top-sale-waspe-12000puffs-disposable-vape-wholesale-france\/\" \/>\n<meta property=\"og:site_name\" content=\"vapebulkp.com\" \/>\n<meta property=\"article:modified_time\" content=\"2025-09-24T03:49:18+00:00\" \/>\n<meta property=\"og:image\" content=\"http:\/\/vapebulkp.com\/wp-content\/uploads\/2024\/08\/WASPE-12K-Puffs-Vape-KIT-Discount-Price.png\" \/>\n\t<meta property=\"og:image:width\" content=\"1152\" \/>\n\t<meta property=\"og:image:height\" content=\"2048\" \/>\n\t<meta property=\"og:image:type\" content=\"image\/png\" \/>\n<meta name=\"twitter:card\" content=\"summary_large_image\" \/>\n<meta name=\"twitter:label1\" content=\"Procijenjeno vrijeme \u010ditanja\" \/>\n\t<meta name=\"twitter:data1\" content=\"3 minute\" \/>\n<script type=\"application\/ld+json\" class=\"yoast-schema-graph\">{\"@context\":\"https:\/\/schema.org\",\"@graph\":[{\"@type\":\"WebPage\",\"@id\":\"https:\/\/vapebulkp.com\/product\/top-sale-waspe-12000puffs-disposable-vape-wholesale-france\/\",\"url\":\"https:\/\/vapebulkp.com\/product\/top-sale-waspe-12000puffs-disposable-vape-wholesale-france\/\",\"name\":\"Top Sale WASPE 12000Puffs Disposable Vape Wholesale France - vapebulkp.com\",\"isPartOf\":{\"@id\":\"https:\/\/vapebulkp.com\/#website\"},\"datePublished\":\"2023-09-22T09:43:32+00:00\",\"dateModified\":\"2025-09-24T03:49:18+00:00\",\"description\":\"The WASPE12000Puffs Disposable Vape ergonomic design fits perfectly in your hand and is compact enough to slip into your pocket or purse.\",\"breadcrumb\":{\"@id\":\"https:\/\/vapebulkp.com\/product\/top-sale-waspe-12000puffs-disposable-vape-wholesale-france\/#breadcrumb\"},\"inLanguage\":\"hr\",\"potentialAction\":[{\"@type\":\"ReadAction\",\"target\":[\"https:\/\/vapebulkp.com\/product\/top-sale-waspe-12000puffs-disposable-vape-wholesale-france\/\"]}]},{\"@type\":\"BreadcrumbList\",\"@id\":\"https:\/\/vapebulkp.com\/product\/top-sale-waspe-12000puffs-disposable-vape-wholesale-france\/#breadcrumb\",\"itemListElement\":[{\"@type\":\"ListItem\",\"position\":1,\"name\":\"Home\",\"item\":\"https:\/\/vapebulkp.com\/\"},{\"@type\":\"ListItem\",\"position\":2,\"name\":\"Hot Trend Vapes\",\"item\":\"https:\/\/vapebulkp.com\/vape-shop\/\"},{\"@type\":\"ListItem\",\"position\":3,\"name\":\"Top Sale WASPE 12000Puffs Disposable Vape Wholesale France\"}]},{\"@type\":\"WebSite\",\"@id\":\"https:\/\/vapebulkp.com\/#website\",\"url\":\"https:\/\/vapebulkp.com\/\",\"name\":\"vapebulkp.com\",\"description\":\"Buy Vape In Cheap Bulk Price Near you\",\"publisher\":{\"@id\":\"https:\/\/vapebulkp.com\/#organization\"},\"potentialAction\":[{\"@type\":\"SearchAction\",\"target\":{\"@type\":\"EntryPoint\",\"urlTemplate\":\"https:\/\/vapebulkp.com\/?s={search_term_string}\"},\"query-input\":\"required name=search_term_string\"}],\"inLanguage\":\"hr\"},{\"@type\":\"Organization\",\"@id\":\"https:\/\/vapebulkp.com\/#organization\",\"name\":\"vapebulkp.com\",\"url\":\"https:\/\/vapebulkp.com\/\",\"logo\":{\"@type\":\"ImageObject\",\"inLanguage\":\"hr\",\"@id\":\"https:\/\/vapebulkp.com\/#\/schema\/logo\/image\/\",\"url\":\"https:\/\/vapebulkp.com\/wp-content\/uploads\/2023\/09\/cropped-vapebulkp.png\",\"contentUrl\":\"https:\/\/vapebulkp.com\/wp-content\/uploads\/2023\/09\/cropped-vapebulkp.png\",\"width\":516,\"height\":163,\"caption\":\"vapebulkp.com\"},\"image\":{\"@id\":\"https:\/\/vapebulkp.com\/#\/schema\/logo\/image\/\"}}]}<\/script>\n<!-- \/ Yoast SEO plugin. -->","yoast_head_json":{"title":"Top Sale WASPE 12000Puffs Disposable Vape Wholesale France - vapebulkp.com","description":"The WASPE12000Puffs Disposable Vape ergonomic design fits perfectly in your hand and is compact enough to slip into your pocket or purse.","robots":{"index":"index","follow":"follow","max-snippet":"max-snippet:-1","max-image-preview":"max-image-preview:large","max-video-preview":"max-video-preview:-1"},"canonical":"https:\/\/vapebulkp.com\/hr\/product\/top-sale-waspe-12000puffs-disposable-vape-wholesale-france\/","og_locale":"hr_HR","og_type":"article","og_title":"Top Sale WASPE 12000Puffs Disposable Vape Wholesale France - vapebulkp.com","og_description":"The WASPE12000Puffs Disposable Vape ergonomic design fits perfectly in your hand and is compact enough to slip into your pocket or purse.","og_url":"https:\/\/vapebulkp.com\/hr\/product\/top-sale-waspe-12000puffs-disposable-vape-wholesale-france\/","og_site_name":"vapebulkp.com","article_modified_time":"2025-09-24T03:49:18+00:00","og_image":[{"width":1152,"height":2048,"url":"http:\/\/vapebulkp.com\/wp-content\/uploads\/2024\/08\/WASPE-12K-Puffs-Vape-KIT-Discount-Price.png","type":"image\/png"}],"twitter_card":"summary_large_image","twitter_misc":{"Procijenjeno vrijeme \u010ditanja":"3 minute"},"schema":{"@context":"https:\/\/schema.org","@graph":[{"@type":"WebPage","@id":"https:\/\/vapebulkp.com\/product\/top-sale-waspe-12000puffs-disposable-vape-wholesale-france\/","url":"https:\/\/vapebulkp.com\/product\/top-sale-waspe-12000puffs-disposable-vape-wholesale-france\/","name":"Top Sale WASPE 12000Puffs Disposable Vape Wholesale France - vapebulkp.com","isPartOf":{"@id":"https:\/\/vapebulkp.com\/#website"},"datePublished":"2023-09-22T09:43:32+00:00","dateModified":"2025-09-24T03:49:18+00:00","description":"The WASPE12000Puffs Disposable Vape ergonomic design fits perfectly in your hand and is compact enough to slip into your pocket or purse.","breadcrumb":{"@id":"https:\/\/vapebulkp.com\/product\/top-sale-waspe-12000puffs-disposable-vape-wholesale-france\/#breadcrumb"},"inLanguage":"hr","potentialAction":[{"@type":"ReadAction","target":["https:\/\/vapebulkp.com\/product\/top-sale-waspe-12000puffs-disposable-vape-wholesale-france\/"]}]},{"@type":"BreadcrumbList","@id":"https:\/\/vapebulkp.com\/product\/top-sale-waspe-12000puffs-disposable-vape-wholesale-france\/#breadcrumb","itemListElement":[{"@type":"ListItem","position":1,"name":"Home","item":"https:\/\/vapebulkp.com\/"},{"@type":"ListItem","position":2,"name":"Hot Trend Vapes","item":"https:\/\/vapebulkp.com\/vape-shop\/"},{"@type":"ListItem","position":3,"name":"Top Sale WASPE 12000Puffs Disposable Vape Wholesale France"}]},{"@type":"WebSite","@id":"https:\/\/vapebulkp.com\/#website","url":"https:\/\/vapebulkp.com\/","name":"vapebulkp.com","description":"Buy Vape In Cheap Bulk Price Near you","publisher":{"@id":"https:\/\/vapebulkp.com\/#organization"},"potentialAction":[{"@type":"SearchAction","target":{"@type":"EntryPoint","urlTemplate":"https:\/\/vapebulkp.com\/?s={search_term_string}"},"query-input":"required name=search_term_string"}],"inLanguage":"hr"},{"@type":"Organization","@id":"https:\/\/vapebulkp.com\/#organization","name":"vapebulkp.com","url":"https:\/\/vapebulkp.com\/","logo":{"@type":"ImageObject","inLanguage":"hr","@id":"https:\/\/vapebulkp.com\/#\/schema\/logo\/image\/","url":"https:\/\/vapebulkp.com\/wp-content\/uploads\/2023\/09\/cropped-vapebulkp.png","contentUrl":"https:\/\/vapebulkp.com\/wp-content\/uploads\/2023\/09\/cropped-vapebulkp.png","width":516,"height":163,"caption":"vapebulkp.com"},"image":{"@id":"https:\/\/vapebulkp.com\/#\/schema\/logo\/image\/"}}]}},"uagb_featured_image_src":{"full":["https:\/\/vapebulkp.com\/wp-content\/uploads\/2024\/08\/WASPE-12K-Puffs-Vape-KIT-Discount-Price.png",1152,2048,false],"thumbnail":["https:\/\/vapebulkp.com\/wp-content\/uploads\/2024\/08\/WASPE-12K-Puffs-Vape-KIT-Discount-Price-150x150.png",150,150,true],"medium":["https:\/\/vapebulkp.com\/wp-content\/uploads\/2024\/08\/WASPE-12K-Puffs-Vape-KIT-Discount-Price-169x300.png",169,300,true],"medium_large":["https:\/\/vapebulkp.com\/wp-content\/uploads\/2024\/08\/WASPE-12K-Puffs-Vape-KIT-Discount-Price-768x1365.png",768,1365,true],"large":["https:\/\/vapebulkp.com\/wp-content\/uploads\/2024\/08\/WASPE-12K-Puffs-Vape-KIT-Discount-Price-576x1024.png",576,1024,true],"1536x1536":["https:\/\/vapebulkp.com\/wp-content\/uploads\/2024\/08\/WASPE-12K-Puffs-Vape-KIT-Discount-Price-864x1536.png",864,1536,true],"2048x2048":["https:\/\/vapebulkp.com\/wp-content\/uploads\/2024\/08\/WASPE-12K-Puffs-Vape-KIT-Discount-Price.png",1152,2048,false],"trp-custom-language-flag":["https:\/\/vapebulkp.com\/wp-content\/uploads\/2024\/08\/WASPE-12K-Puffs-Vape-KIT-Discount-Price.png",7,12,false],"woocommerce_thumbnail":["https:\/\/vapebulkp.com\/wp-content\/uploads\/2024\/08\/WASPE-12K-Puffs-Vape-KIT-Discount-Price-300x300.png",300,300,true],"woocommerce_single":["https:\/\/vapebulkp.com\/wp-content\/uploads\/2024\/08\/WASPE-12K-Puffs-Vape-KIT-Discount-Price-600x1067.png",600,1067,true],"woocommerce_gallery_thumbnail":["https:\/\/vapebulkp.com\/wp-content\/uploads\/2024\/08\/WASPE-12K-Puffs-Vape-KIT-Discount-Price-100x100.png",100,100,true],"wcpr-photo-reviews":["https:\/\/vapebulkp.com\/wp-content\/uploads\/2024\/08\/WASPE-12K-Puffs-Vape-KIT-Discount-Price.png",281,500,false]},"uagb_author_info":{"display_name":"Mandy vape bulk price","author_link":"https:\/\/vapebulkp.com\/hr\/author\/"},"uagb_comment_info":3,"uagb_excerpt":"The WASPE 12000Puffs boasts a variety of enticing flavors, ensuring you'll find something to satisfy your cravings. From traditional tobacco to exotic fruit blends, the options are endless. Each puff delivers a consistent and delightful vaping experience, thanks to the built-in draw-activated mechanism. Pls Contact Mandy's WhatsApp For Discount Price+8618077105796 NOTE: Prices on our website&hellip;","_links":{"self":[{"href":"https:\/\/vapebulkp.com\/hr\/wp-json\/wp\/v2\/product\/1576","targetHints":{"allow":["GET"]}}],"collection":[{"href":"https:\/\/vapebulkp.com\/hr\/wp-json\/wp\/v2\/product"}],"about":[{"href":"https:\/\/vapebulkp.com\/hr\/wp-json\/wp\/v2\/types\/product"}],"replies":[{"embeddable":true,"href":"https:\/\/vapebulkp.com\/hr\/wp-json\/wp\/v2\/comments?post=1576"}],"wp:featuredmedia":[{"embeddable":true,"href":"https:\/\/vapebulkp.com\/hr\/wp-json\/wp\/v2\/media\/2749"}],"wp:attachment":[{"href":"https:\/\/vapebulkp.com\/hr\/wp-json\/wp\/v2\/media?parent=1576"}],"wp:term":[{"taxonomy":"product_cat","embeddable":true,"href":"https:\/\/vapebulkp.com\/hr\/wp-json\/wp\/v2\/product_cat?post=1576"},{"taxonomy":"product_tag","embeddable":true,"href":"https:\/\/vapebulkp.com\/hr\/wp-json\/wp\/v2\/product_tag?post=1576"}],"curies":[{"name":"wp","href":"https:\/\/api.w.org\/{rel}","templated":true}]}}