{"id":1589,"date":"2023-09-27T05:31:36","date_gmt":"2023-09-27T03:31:36","guid":{"rendered":"https:\/\/vapebulkp.com\/?post_type=product&#038;p=1589"},"modified":"2025-09-24T05:12:57","modified_gmt":"2025-09-24T03:12:57","slug":"bang-box-12000puffs-good-vape-sweden-wholesale-price","status":"publish","type":"product","link":"https:\/\/vapebulkp.com\/hr\/product\/bang-box-12000puffs-good-vape-sweden-wholesale-price\/","title":{"rendered":"Bang Box 12000Puffs Dobra e-cigareta Veleprodajna cijena za Hrvatsku"},"content":{"rendered":"<h2 style=\"text-align: left\">Bang Box 12000Puffs Dobra e-cigareta Veleprodajna cijena za Hrvatsku<\/h2>\n<p data-start=\"172\" data-end=\"513\">O <strong data-start=\"216\" data-end=\"239\">Bang Box 12000 Puffs<\/strong> je visokou\u010dinkovit <a href=\"https:\/\/vapebulkp.com\/hr\/product-category\/12000-puffs-disposable-vape\/\"><strong data-start=\"262\" data-end=\"293\">12000 Puffs jednokratni Vape<\/strong><\/a> dizajniran za europske vapere koji tra\u017ee prakti\u010dnost, stil i dugotrajnu snagu. Opremljen punjivom baterijom od 650 mAh i Type-C brzim punjenjem, pru\u017ea neprekidno vaping za svakodnevnu upotrebu ili dru\u0161tvena okru\u017eenja.<\/p>\n<p data-start=\"515\" data-end=\"797\">Sadr\u017ei 23 ml vrhunske e-teku\u0107ine s nikotinskom soli (2%, 5%), Bang Box pru\u017ea glatke, ukusne povla\u010denja s dosljednom parom. Napredna tehnologija mre\u017easte zavojnice osigurava guste oblake i pobolj\u0161an okus sa svakim povla\u010denjem, dok LED svjetla u boji dodaju moderan, privla\u010dan dodir.<\/p>\n<p data-start=\"799\" data-end=\"1083\">Kompaktan, izdr\u017eljiv i jednostavan za no\u0161enje, <strong>Vru\u0107a prodaja Vape<\/strong> <strong data-start=\"840\" data-end=\"863\">Bang Box 12000 Puffs<\/strong> idealan je za individualnu upotrebu i veleprodajnu distribuciju vapea. Njegov veliki kapacitet, punjivi dizajn i \u017eivahne performanse \u010dine ga vrhunskim izborom za trgovce koji \u017eele opskrbiti vrhunske jednokratne vapeove diljem Europe.<\/p>\n<h6 style=\"text-align: left\">\u00a0 \u00a0\u00a0<img decoding=\"async\" class=\"alignnone size-full wp-image-1698\" src=\"http:\/\/vapebulkp.com\/wp-content\/uploads\/2023\/09\/BANG-BOX-12000VAPE-POD-1.png\" alt=\"\" width=\"805\" height=\"449\" srcset=\"https:\/\/vapebulkp.com\/wp-content\/uploads\/2023\/09\/BANG-BOX-12000VAPE-POD-1.png 805w, https:\/\/vapebulkp.com\/wp-content\/uploads\/2023\/09\/BANG-BOX-12000VAPE-POD-1-300x167.png 300w, https:\/\/vapebulkp.com\/wp-content\/uploads\/2023\/09\/BANG-BOX-12000VAPE-POD-1-768x428.png 768w, https:\/\/vapebulkp.com\/wp-content\/uploads\/2023\/09\/BANG-BOX-12000VAPE-POD-1-600x335.png 600w\" sizes=\"(max-width: 805px) 100vw, 805px\" \/><\/h6>\n<h6>Molimo kontaktirajte Mandy's WhatsApp za cijenu s popustom<a href=\"https:\/\/wa.me\/8618077105796\">+8618077105796<\/a><\/h6>\n<p><img decoding=\"async\" class=\"alignnone wp-image-2151\" src=\"http:\/\/vapebulkp.com\/wp-content\/uploads\/2024\/04\/Mandy-WhatsApp-Randm.jpg\" alt=\"Mandy WhatsApp Randm\" width=\"287\" height=\"305\" srcset=\"https:\/\/vapebulkp.com\/wp-content\/uploads\/2024\/04\/Mandy-WhatsApp-Randm.jpg 916w, https:\/\/vapebulkp.com\/wp-content\/uploads\/2024\/04\/Mandy-WhatsApp-Randm-282x300.jpg 282w, https:\/\/vapebulkp.com\/wp-content\/uploads\/2024\/04\/Mandy-WhatsApp-Randm-768x817.jpg 768w, https:\/\/vapebulkp.com\/wp-content\/uploads\/2024\/04\/Mandy-WhatsApp-Randm-600x638.jpg 600w\" sizes=\"(max-width: 287px) 100vw, 287px\" \/><\/p>\n<h2>Mislili smo da bi vas moglo zanimati o Bang Box 12000Puffs jednokratnom VAPE-u:<\/h2>\n<h5>1.Kako koristiti Bang Box 12000 Puffs Vape Pen?<\/h5>\n<p>Korak 1. Prije upotrebe 12k udisaja, uklonite plasti\u010dnu cijev.<\/p>\n<p>Korak 2. Pri\u010dekajte oko 3 minute da sok u\u0111e u zavojnicu unutra.<\/p>\n<p>Korak 3. U\u017eivajte<\/p>\n<h5>2.KAKO NAPUNITI JEDNOKRATNI VAPE Bang Box 12000 PUFFS URE\u0110AJ?<\/h5>\n<p>Ne smiju se koristiti brzi punja\u010di, a standardna sigurna snaga jednokratnih elektroni\u010dkih cigareta je 5V 1A.<\/p>\n<p>Svako punjenje ne smije trajati du\u017ee od 1 sata, a sigurno vrijeme punjenja je pola sata.<\/p>\n<p><span style=\"color: #ff6600\">Napomena: ne punite cijelu no\u0107!<\/span><\/p>\n<h5>3.Koliki je kapacitet e-teku\u0107ine Bang Box 12000Puffs WAPE?<\/h5>\n<p>\u2014\u201423ml<\/p>\n<h5>4.Koliko udisaja mogu uzeti iz ovog Bang Box 12000 Puffs?<\/h5>\n<p>\u2014\u201312000Udisaja<\/p>\n<h3>Bang Box 12000 Puffs Veleprodajne zna\u010dajke jednokratnog Vape Poda:<\/h3>\n<p>Do 12000 udisaja<br \/>\nTeku\u0107ina: 23 ml e teku\u0107ine<br \/>\nNikotin: 0%, 2%, 3%, 5%<br \/>\nVrste: Jednokratno<br \/>\nbateriju od 650 mAh<br \/>\nPunjivo preko Type-c<br \/>\nmre\u017easta zavojnica<br \/>\nLED svjetlo u boji<\/p>\n<p>&nbsp;<\/p>\n<h3><strong>Koji su najbolji okusi Vape Bang Box 12000 Puffs?<\/strong><\/h3>\n<p>1) Jagoda Banana<br \/>\n2) Kivi Marakuja Guava<br \/>\n3) Plavi Razz Led<br \/>\n4) Gumeni bombon<br \/>\n5) Gazirani sok od naran\u010de<br \/>\n6) \u017dvaka\u0107a guma od lubenice<br \/>\n7) Jagoda kivi<br \/>\n8) Jagoda lubenica<br \/>\n9) Crni zmaj led<br \/>\n10) Svje\u017ea menta<br \/>\n11) Kisela jabuka malina<br \/>\n12) Sok od jagode<\/p>\n<p><a href=\"https:\/\/vapebulkp.com\/hr\/product\/popular-randm-tornado-7000puffs-disposable-vape-best-price\/\"><span style=\"vertical-align: inherit\">RandM Tornado 7000 Udisaja <\/span><\/a><\/p>\n<p><span style=\"vertical-align: inherit\">Prona\u0111ite vi\u0161e proizvoda koji bi vam se mogli svidjeti:<\/span><em><a href=\"https:\/\/wa.me\/8618077105796\"><span style=\"vertical-align: inherit\">\u00a0Kupite sada<\/span><\/a><\/em><\/p>\n<p><span style=\"vertical-align: inherit\">Ostali Puffs koji bi vam se mogli svidjeti:<\/span><a href=\"https:\/\/vapebulkp.com\/hr\/product\/joymy-ultra15000puffs-best-disposable-vape-2023\/\"><span style=\"vertical-align: inherit\">JOYMY 15000 Udisaja<\/span><\/a><span style=\"vertical-align: inherit\">\u3001<\/span><a href=\"https:\/\/vapebulkp.com\/hr\/product\/wholesale-randm-tornado-9000-puffs-germany\/\"><span style=\"vertical-align: inherit\">RandM 9000 Udisaja<\/span><\/a><span style=\"vertical-align: inherit\">\/ <\/span><a href=\"https:\/\/vapebulkp.com\/hr\/product\/bang-king-12000puffs\/\"><span style=\"vertical-align: inherit\">Bang King 12000 Puhova<\/span><\/a><span style=\"vertical-align: inherit\">\/ <\/span><a href=\"https:\/\/vapebulkp.com\/hr\/product\/wholesale-tornado-rum-bar-9000-puffs-sweden\/\"><span style=\"vertical-align: inherit\">Rumbar 9000 Udisaja<\/span><\/a><\/p>\n<p><span style=\"vertical-align: inherit\">E-cigareta posebnog oblika boce:<\/span><a href=\"https:\/\/vapebulkp.com\/hr\/product\/wholesale-kulx-8000-puffs-disposable-vape\/\"><span style=\"vertical-align: inherit\">\u00a0Kulx 8000 Udisaja<\/span><\/a><span style=\"vertical-align: inherit\">\/ <\/span><a href=\"https:\/\/vapebulkp.com\/hr\/product\/popular-bang-king-10000-puffs-vape-good-price\/\"><span style=\"vertical-align: inherit\">\u00a0Bang King 10000 Udisaja <\/span><\/a><span style=\"vertical-align: inherit\">\/<\/span><a href=\"https:\/\/vapebulkp.com\/hr\/product\/disposable-vape-crystal-600-puffs\/\"><span style=\"vertical-align: inherit\"> Crystal 600 Udisaja<\/span><\/a><\/p>\n<h5>Kvalifikacija proizvodnje:<\/h5>\n<p><img decoding=\"async\" class=\"alignnone size-full wp-image-1841\" src=\"http:\/\/vapebulkp.com\/wp-content\/uploads\/2023\/11\/Vape-production-process-2.jpeg\" alt=\"Proces proizvodnje vape ure\u0111aja\" width=\"650\" height=\"434\" srcset=\"https:\/\/vapebulkp.com\/wp-content\/uploads\/2023\/11\/Vape-production-process-2.jpeg 650w, https:\/\/vapebulkp.com\/wp-content\/uploads\/2023\/11\/Vape-production-process-2-300x200.jpeg 300w, https:\/\/vapebulkp.com\/wp-content\/uploads\/2023\/11\/Vape-production-process-2-600x401.jpeg 600w\" sizes=\"(max-width: 650px) 100vw, 650px\" \/><\/p>\n<p><img decoding=\"async\" class=\"alignnone size-full wp-image-1843\" src=\"http:\/\/vapebulkp.com\/wp-content\/uploads\/2023\/11\/Vape-production-process.jpeg\" alt=\"Proces proizvodnje vape ure\u0111aja\" width=\"641\" height=\"1026\" srcset=\"https:\/\/vapebulkp.com\/wp-content\/uploads\/2023\/11\/Vape-production-process.jpeg 641w, https:\/\/vapebulkp.com\/wp-content\/uploads\/2023\/11\/Vape-production-process-187x300.jpeg 187w, https:\/\/vapebulkp.com\/wp-content\/uploads\/2023\/11\/Vape-production-process-640x1024.jpeg 640w, https:\/\/vapebulkp.com\/wp-content\/uploads\/2023\/11\/Vape-production-process-600x960.jpeg 600w\" sizes=\"(max-width: 641px) 100vw, 641px\" \/><\/p>\n<h4>\u010cesta pitanja:<\/h4>\n<p>P: Koliki je MOQ za Bang Box 12000 Puffs?<br \/>\nO: Minimalna narud\u017eba je 100 komada.<br \/>\nP: Koje je vrijeme isporuke za vape koji sam naru\u010dio?<br \/>\nO: Obi\u010dno je 10-15 dana nakon slanja<br \/>\nP: Koliko iznosi tro\u0161ak dostave?O: Tro\u0161ak dostave ovisi o te\u017eini. Razli\u010dite koli\u010dine imaju razli\u010dite tro\u0161kove dostave, molimo kontaktirajte nas kako bismo potvrdili tro\u0161ak dostave.<\/p>\n<h4>Detalji dostave:<\/h4>\n<p><span style=\"color: #ff6600\">Vrijeme proizvodnje: 5-10 radnih dana<\/span><br \/>\n<span style=\"color: #ff6600\">Vrijeme isporuke: 8-14 radnih dana<\/span><\/p>\n<p>Svi proizvodi u na\u0161oj trgovini su 100% originalni i autenti\u010dni, stoga je desetostruka naknada za la\u017enu robu na\u0161a politika trgovine. Za dostavu koristimo logisti\u010dke kanale kao \u0161to su UPS\/DHL\/FEDEX\/DPD.<\/p>\n<p>Za pakete poslane u Hrvatsku obi\u010dno je potrebno 10 radnih dana da stignu. Dostava u europske zemlje obi\u010dno traje 12 do 15 radnih dana da stigne. Logisti\u010dke informacije \u0107emo a\u017eurirati za vas u stvarnom vremenu.<\/p>","protected":false},"excerpt":{"rendered":"<p>Bang Box 12000 Puffs Veleprodaja Vape \u0160vedska Veleprodajna cijena ergonomski dizajn savr\u0161eno pristaje u va\u0161u ruku. Unaprijedite svoju vaping igru s Bang Box 12000Puffs jednokratnom e-cigaretom i do\u017eivite vaping kao nikada prije.<\/p>\n<p><img decoding=\"async\" class=\"alignnone wp-image-2151\" src=\"http:\/\/vapebulkp.com\/wp-content\/uploads\/2024\/04\/Mandy-WhatsApp-Randm.jpg\" alt=\"Mandy WhatsApp Randm\" width=\"234\" height=\"249\" srcset=\"https:\/\/vapebulkp.com\/wp-content\/uploads\/2024\/04\/Mandy-WhatsApp-Randm.jpg 916w, https:\/\/vapebulkp.com\/wp-content\/uploads\/2024\/04\/Mandy-WhatsApp-Randm-282x300.jpg 282w, https:\/\/vapebulkp.com\/wp-content\/uploads\/2024\/04\/Mandy-WhatsApp-Randm-768x817.jpg 768w, https:\/\/vapebulkp.com\/wp-content\/uploads\/2024\/04\/Mandy-WhatsApp-Randm-600x638.jpg 600w\" sizes=\"(max-width: 234px) 100vw, 234px\" \/><\/p>\n<p>Molimo kontaktirajte Mandy's WhatsApp za cijenu s popustom<a href=\"https:\/\/wa.me\/8618077105796\">+8618077105796<\/a><\/p>\n<p><span style=\"color: #ff0000\">NAPOMENA: Cijene na na\u0161oj web stranici ne uklju\u010duju tro\u0161kove dostave<\/span><\/p>\n<p>&nbsp;<\/p>","protected":false},"featured_media":1693,"comment_status":"open","ping_status":"closed","template":"","meta":{"_uag_custom_page_level_css":"","_lmt_disableupdate":"no","_lmt_disable":"","site-sidebar-layout":"default","site-content-layout":"content-boxed-container","ast-site-content-layout":"normal-width-container","site-content-style":"boxed","site-sidebar-style":"unboxed","ast-global-header-display":"","ast-banner-title-visibility":"","ast-main-header-display":"","ast-hfb-above-header-display":"","ast-hfb-below-header-display":"","ast-hfb-mobile-header-display":"","site-post-title":"","ast-breadcrumbs-content":"","ast-featured-img":"","footer-sml-layout":"","theme-transparent-header-meta":"default","adv-header-id-meta":"","stick-header-meta":"","header-above-stick-meta":"","header-main-stick-meta":"","header-below-stick-meta":"","astra-migrate-meta-layouts":"set","_joinchat":[]},"product_cat":[166,153,345,155,33,59,100,34,158,157,154,152,58,84,156,63,32],"product_tag":[45,36,37,41,40],"class_list":["post-1589","product","type-product","status-publish","has-post-thumbnail","hentry","product_cat-12000-puffs-disposable-vape","product_cat-hot-disposable-vapes","product_cat-bang-vapes","product_cat-belgium-hot-disposable-vapes","product_cat-france-vape-hot-sale","product_cat-germany-hot-disposable-vape","product_cat-germany-wholesale-vape-shop","product_cat-netherlands-vape-good-sale","product_cat-norway-hot-disposable-vapes","product_cat-poland-hot-disposable-vapes","product_cat-portugal-hot-disposable-vapes","product_cat-spain-hot-disposable-vapes","product_cat-sweden-hot-disposable-vape","product_cat-sweden-wholesale-vape","product_cat-switzerland-hot-disposable-vapes","product_cat-top-sale-disposable-vape","product_cat-vape-hot-sale-this-week","product_tag-12000puffs-good-vape","product_tag-good-vape","product_tag-hot-sale-disposable-vape","product_tag-poland-hot-vape","product_tag-sweden-hot-vape","pa_brand-bang-vape","desktop-align-left","tablet-align-left","mobile-align-left"],"yoast_head":"<!-- This site is optimized with the Yoast SEO plugin v21.1 - https:\/\/yoast.com\/wordpress\/plugins\/seo\/ -->\n<title>Bang Box 12000Puffs Good Vape Sweden Wholesale Price - vapebulkp.com<\/title>\n<meta name=\"description\" content=\"Bang Box 12000Puffs Good Vape Sweden Wholesale Price ergonomic design fits perfectly in your hand .Elevate your vaping game with the Bang Box 12000Puffs Disposable E-Cigarette and experience vaping like never before.\" \/>\n<meta name=\"robots\" content=\"index, follow, max-snippet:-1, max-image-preview:large, max-video-preview:-1\" \/>\n<link rel=\"canonical\" href=\"https:\/\/vapebulkp.com\/hr\/product\/bang-box-12000puffs-good-vape-sweden-wholesale-price\/\" \/>\n<meta property=\"og:locale\" content=\"hr_HR\" \/>\n<meta property=\"og:type\" content=\"article\" \/>\n<meta property=\"og:title\" content=\"Bang Box 12000Puffs Good Vape Sweden Wholesale Price - vapebulkp.com\" \/>\n<meta property=\"og:description\" content=\"Bang Box 12000Puffs Good Vape Sweden Wholesale Price ergonomic design fits perfectly in your hand .Elevate your vaping game with the Bang Box 12000Puffs Disposable E-Cigarette and experience vaping like never before.\" \/>\n<meta property=\"og:url\" content=\"https:\/\/vapebulkp.com\/hr\/product\/bang-box-12000puffs-good-vape-sweden-wholesale-price\/\" \/>\n<meta property=\"og:site_name\" content=\"vapebulkp.com\" \/>\n<meta property=\"article:modified_time\" content=\"2025-09-24T03:12:57+00:00\" \/>\n<meta property=\"og:image\" content=\"http:\/\/vapebulkp.com\/wp-content\/uploads\/2023\/09\/bang-box-12k-puff-1.jpg\" \/>\n\t<meta property=\"og:image:width\" content=\"2330\" \/>\n\t<meta property=\"og:image:height\" content=\"1747\" \/>\n\t<meta property=\"og:image:type\" content=\"image\/jpeg\" \/>\n<meta name=\"twitter:card\" content=\"summary_large_image\" \/>\n<meta name=\"twitter:label1\" content=\"Procijenjeno vrijeme \u010ditanja\" \/>\n\t<meta name=\"twitter:data1\" content=\"4 minute\" \/>\n<script type=\"application\/ld+json\" class=\"yoast-schema-graph\">{\"@context\":\"https:\/\/schema.org\",\"@graph\":[{\"@type\":\"WebPage\",\"@id\":\"https:\/\/vapebulkp.com\/product\/bang-box-12000puffs-good-vape-sweden-wholesale-price\/\",\"url\":\"https:\/\/vapebulkp.com\/product\/bang-box-12000puffs-good-vape-sweden-wholesale-price\/\",\"name\":\"Bang Box 12000Puffs Good Vape Sweden Wholesale Price - vapebulkp.com\",\"isPartOf\":{\"@id\":\"https:\/\/vapebulkp.com\/#website\"},\"datePublished\":\"2023-09-27T03:31:36+00:00\",\"dateModified\":\"2025-09-24T03:12:57+00:00\",\"description\":\"Bang Box 12000Puffs Good Vape Sweden Wholesale Price ergonomic design fits perfectly in your hand .Elevate your vaping game with the Bang Box 12000Puffs Disposable E-Cigarette and experience vaping like never before.\",\"breadcrumb\":{\"@id\":\"https:\/\/vapebulkp.com\/product\/bang-box-12000puffs-good-vape-sweden-wholesale-price\/#breadcrumb\"},\"inLanguage\":\"hr\",\"potentialAction\":[{\"@type\":\"ReadAction\",\"target\":[\"https:\/\/vapebulkp.com\/product\/bang-box-12000puffs-good-vape-sweden-wholesale-price\/\"]}]},{\"@type\":\"BreadcrumbList\",\"@id\":\"https:\/\/vapebulkp.com\/product\/bang-box-12000puffs-good-vape-sweden-wholesale-price\/#breadcrumb\",\"itemListElement\":[{\"@type\":\"ListItem\",\"position\":1,\"name\":\"Home\",\"item\":\"https:\/\/vapebulkp.com\/\"},{\"@type\":\"ListItem\",\"position\":2,\"name\":\"Hot Trend Vapes\",\"item\":\"https:\/\/vapebulkp.com\/vape-shop\/\"},{\"@type\":\"ListItem\",\"position\":3,\"name\":\"Bang Box 12000Puffs Good Vape Sweden Wholesale Price\"}]},{\"@type\":\"WebSite\",\"@id\":\"https:\/\/vapebulkp.com\/#website\",\"url\":\"https:\/\/vapebulkp.com\/\",\"name\":\"vapebulkp.com\",\"description\":\"Buy Vape In Cheap Bulk Price Near you\",\"publisher\":{\"@id\":\"https:\/\/vapebulkp.com\/#organization\"},\"potentialAction\":[{\"@type\":\"SearchAction\",\"target\":{\"@type\":\"EntryPoint\",\"urlTemplate\":\"https:\/\/vapebulkp.com\/?s={search_term_string}\"},\"query-input\":\"required name=search_term_string\"}],\"inLanguage\":\"hr\"},{\"@type\":\"Organization\",\"@id\":\"https:\/\/vapebulkp.com\/#organization\",\"name\":\"vapebulkp.com\",\"url\":\"https:\/\/vapebulkp.com\/\",\"logo\":{\"@type\":\"ImageObject\",\"inLanguage\":\"hr\",\"@id\":\"https:\/\/vapebulkp.com\/#\/schema\/logo\/image\/\",\"url\":\"https:\/\/vapebulkp.com\/wp-content\/uploads\/2023\/09\/cropped-vapebulkp.png\",\"contentUrl\":\"https:\/\/vapebulkp.com\/wp-content\/uploads\/2023\/09\/cropped-vapebulkp.png\",\"width\":516,\"height\":163,\"caption\":\"vapebulkp.com\"},\"image\":{\"@id\":\"https:\/\/vapebulkp.com\/#\/schema\/logo\/image\/\"}}]}<\/script>\n<!-- \/ Yoast SEO plugin. -->","yoast_head_json":{"title":"Bang Box 12000Puffs Good Vape Sweden Wholesale Price - vapebulkp.com","description":"Bang Box 12000Puffs Good Vape Sweden Wholesale Price ergonomic design fits perfectly in your hand .Elevate your vaping game with the Bang Box 12000Puffs Disposable E-Cigarette and experience vaping like never before.","robots":{"index":"index","follow":"follow","max-snippet":"max-snippet:-1","max-image-preview":"max-image-preview:large","max-video-preview":"max-video-preview:-1"},"canonical":"https:\/\/vapebulkp.com\/hr\/product\/bang-box-12000puffs-good-vape-sweden-wholesale-price\/","og_locale":"hr_HR","og_type":"article","og_title":"Bang Box 12000Puffs Good Vape Sweden Wholesale Price - vapebulkp.com","og_description":"Bang Box 12000Puffs Good Vape Sweden Wholesale Price ergonomic design fits perfectly in your hand .Elevate your vaping game with the Bang Box 12000Puffs Disposable E-Cigarette and experience vaping like never before.","og_url":"https:\/\/vapebulkp.com\/hr\/product\/bang-box-12000puffs-good-vape-sweden-wholesale-price\/","og_site_name":"vapebulkp.com","article_modified_time":"2025-09-24T03:12:57+00:00","og_image":[{"width":2330,"height":1747,"url":"http:\/\/vapebulkp.com\/wp-content\/uploads\/2023\/09\/bang-box-12k-puff-1.jpg","type":"image\/jpeg"}],"twitter_card":"summary_large_image","twitter_misc":{"Procijenjeno vrijeme \u010ditanja":"4 minute"},"schema":{"@context":"https:\/\/schema.org","@graph":[{"@type":"WebPage","@id":"https:\/\/vapebulkp.com\/product\/bang-box-12000puffs-good-vape-sweden-wholesale-price\/","url":"https:\/\/vapebulkp.com\/product\/bang-box-12000puffs-good-vape-sweden-wholesale-price\/","name":"Bang Box 12000Puffs Good Vape Sweden Wholesale Price - vapebulkp.com","isPartOf":{"@id":"https:\/\/vapebulkp.com\/#website"},"datePublished":"2023-09-27T03:31:36+00:00","dateModified":"2025-09-24T03:12:57+00:00","description":"Bang Box 12000Puffs Good Vape Sweden Wholesale Price ergonomic design fits perfectly in your hand .Elevate your vaping game with the Bang Box 12000Puffs Disposable E-Cigarette and experience vaping like never before.","breadcrumb":{"@id":"https:\/\/vapebulkp.com\/product\/bang-box-12000puffs-good-vape-sweden-wholesale-price\/#breadcrumb"},"inLanguage":"hr","potentialAction":[{"@type":"ReadAction","target":["https:\/\/vapebulkp.com\/product\/bang-box-12000puffs-good-vape-sweden-wholesale-price\/"]}]},{"@type":"BreadcrumbList","@id":"https:\/\/vapebulkp.com\/product\/bang-box-12000puffs-good-vape-sweden-wholesale-price\/#breadcrumb","itemListElement":[{"@type":"ListItem","position":1,"name":"Home","item":"https:\/\/vapebulkp.com\/"},{"@type":"ListItem","position":2,"name":"Hot Trend Vapes","item":"https:\/\/vapebulkp.com\/vape-shop\/"},{"@type":"ListItem","position":3,"name":"Bang Box 12000Puffs Good Vape Sweden Wholesale Price"}]},{"@type":"WebSite","@id":"https:\/\/vapebulkp.com\/#website","url":"https:\/\/vapebulkp.com\/","name":"vapebulkp.com","description":"Buy Vape In Cheap Bulk Price Near you","publisher":{"@id":"https:\/\/vapebulkp.com\/#organization"},"potentialAction":[{"@type":"SearchAction","target":{"@type":"EntryPoint","urlTemplate":"https:\/\/vapebulkp.com\/?s={search_term_string}"},"query-input":"required name=search_term_string"}],"inLanguage":"hr"},{"@type":"Organization","@id":"https:\/\/vapebulkp.com\/#organization","name":"vapebulkp.com","url":"https:\/\/vapebulkp.com\/","logo":{"@type":"ImageObject","inLanguage":"hr","@id":"https:\/\/vapebulkp.com\/#\/schema\/logo\/image\/","url":"https:\/\/vapebulkp.com\/wp-content\/uploads\/2023\/09\/cropped-vapebulkp.png","contentUrl":"https:\/\/vapebulkp.com\/wp-content\/uploads\/2023\/09\/cropped-vapebulkp.png","width":516,"height":163,"caption":"vapebulkp.com"},"image":{"@id":"https:\/\/vapebulkp.com\/#\/schema\/logo\/image\/"}}]}},"uagb_featured_image_src":{"full":["https:\/\/vapebulkp.com\/wp-content\/uploads\/2023\/09\/bang-box-12k-puff-1.jpg",2330,1747,false],"thumbnail":["https:\/\/vapebulkp.com\/wp-content\/uploads\/2023\/09\/bang-box-12k-puff-1-150x150.jpg",150,150,true],"medium":["https:\/\/vapebulkp.com\/wp-content\/uploads\/2023\/09\/bang-box-12k-puff-1-300x225.jpg",300,225,true],"medium_large":["https:\/\/vapebulkp.com\/wp-content\/uploads\/2023\/09\/bang-box-12k-puff-1-768x576.jpg",768,576,true],"large":["https:\/\/vapebulkp.com\/wp-content\/uploads\/2023\/09\/bang-box-12k-puff-1-1024x768.jpg",1024,768,true],"1536x1536":["https:\/\/vapebulkp.com\/wp-content\/uploads\/2023\/09\/bang-box-12k-puff-1-1536x1152.jpg",1536,1152,true],"2048x2048":["https:\/\/vapebulkp.com\/wp-content\/uploads\/2023\/09\/bang-box-12k-puff-1-2048x1536.jpg",2048,1536,true],"trp-custom-language-flag":["https:\/\/vapebulkp.com\/wp-content\/uploads\/2023\/09\/bang-box-12k-puff-1.jpg",16,12,false],"woocommerce_thumbnail":["https:\/\/vapebulkp.com\/wp-content\/uploads\/2023\/09\/bang-box-12k-puff-1-300x300.jpg",300,300,true],"woocommerce_single":["https:\/\/vapebulkp.com\/wp-content\/uploads\/2023\/09\/bang-box-12k-puff-1-600x450.jpg",600,450,true],"woocommerce_gallery_thumbnail":["https:\/\/vapebulkp.com\/wp-content\/uploads\/2023\/09\/bang-box-12k-puff-1-100x100.jpg",100,100,true],"wcpr-photo-reviews":["https:\/\/vapebulkp.com\/wp-content\/uploads\/2023\/09\/bang-box-12k-puff-1.jpg",500,375,false]},"uagb_author_info":{"display_name":"Mandy vape bulk price","author_link":"https:\/\/vapebulkp.com\/hr\/author\/"},"uagb_comment_info":1,"uagb_excerpt":"Bang Box 12000 Puffs Wholesale Vape Sweden Wholesale Price ergonomic design fits perfectly in your hand .Elevate your vaping game with the Bang Box 12000Puffs Disposable E-Cigarette and experience vaping like never before. Pls Contact Mandy's WhatsApp For Discount Price+8618077105796 NOTE: Prices on our website does not include shipping costs &nbsp;","_links":{"self":[{"href":"https:\/\/vapebulkp.com\/hr\/wp-json\/wp\/v2\/product\/1589","targetHints":{"allow":["GET"]}}],"collection":[{"href":"https:\/\/vapebulkp.com\/hr\/wp-json\/wp\/v2\/product"}],"about":[{"href":"https:\/\/vapebulkp.com\/hr\/wp-json\/wp\/v2\/types\/product"}],"replies":[{"embeddable":true,"href":"https:\/\/vapebulkp.com\/hr\/wp-json\/wp\/v2\/comments?post=1589"}],"wp:featuredmedia":[{"embeddable":true,"href":"https:\/\/vapebulkp.com\/hr\/wp-json\/wp\/v2\/media\/1693"}],"wp:attachment":[{"href":"https:\/\/vapebulkp.com\/hr\/wp-json\/wp\/v2\/media?parent=1589"}],"wp:term":[{"taxonomy":"product_cat","embeddable":true,"href":"https:\/\/vapebulkp.com\/hr\/wp-json\/wp\/v2\/product_cat?post=1589"},{"taxonomy":"product_tag","embeddable":true,"href":"https:\/\/vapebulkp.com\/hr\/wp-json\/wp\/v2\/product_tag?post=1589"}],"curies":[{"name":"wp","href":"https:\/\/api.w.org\/{rel}","templated":true}]}}