{"id":1600,"date":"2023-09-28T03:50:03","date_gmt":"2023-09-28T01:50:03","guid":{"rendered":"https:\/\/vapebulkp.com\/?post_type=product&#038;p=1600"},"modified":"2025-09-01T05:27:01","modified_gmt":"2025-09-01T03:27:01","slug":"bulk-buy-kulx-vape-8800-puffs-wholesale-germany","status":"publish","type":"product","link":"https:\/\/vapebulkp.com\/hr\/product\/bulk-buy-kulx-vape-8800-puffs-wholesale-germany\/","title":{"rendered":"Kupnja na veliko Kulx vape 8800 Puffs Veleprodaja Hrvatska"},"content":{"rendered":"<h2>\u0160to je masovna kupnja Kulx vape 8800 Puffs veleprodaja Hrvatska?<\/h2>\n<p data-start=\"157\" data-end=\"407\">Kulx vape 8800 Puffs\u00a0je velikog kapaciteta <strong data-start=\"205\" data-end=\"237\">punjivi jednokratni vape<\/strong> dizajniran za glatke i aromati\u010dne uvla\u010denja. Svaki ure\u0111aj dolazi potpuno napunjen i unaprijed napunjen, pru\u017eaju\u0107i do 8.800 uvla\u010denja bogate pare s dosljednim zadovoljstvom nikotinom.<\/p>\n<p data-start=\"409\" data-end=\"673\">Kompaktan i prenosiv, ovaj Vape Bulk Price <strong data-start=\"436\" data-end=\"471\">Kulx 8800 Puffs jednokratni vape<\/strong> savr\u0161en je za svakodnevnu upotrebu, putovanja ili veleprodajne narud\u017ebe diljem Hrvatske i EU. Jednostavno otvorite ure\u0111aj, udahnite i u\u017eivajte u gustim oblacima i odva\u017enom okusu bez muke oko ponovnog punjenja ili odr\u017eavanja.<\/p>\n<p data-start=\"675\" data-end=\"988\">S vrhunskom formulacijom e-teku\u0107ine i pouzdanim radom baterije, <strong data-start=\"747\" data-end=\"765\">Kulx Vape 8800 puffs vape kapsule<\/strong> nudi zadovoljavaju\u0107i udarac u grlo i glatku paru, \u0161to ga \u010dini idealnim izborom za entuzijaste nikotinske soli i iskusne vapere. Dostupan u vi\u0161e okusa, pru\u017ea svestranu opciju vapinga za bilo koju preferenciju okusa.<\/p>\n<p><img decoding=\"async\" class=\"alignnone wp-image-1682\" src=\"http:\/\/vapebulkp.com\/wp-content\/uploads\/2023\/09\/Disposable-POD-flavour-Blueberry-Raspberry-ice-1-scaled.jpg\" alt=\"Jednokratni POD okus Borovnica malina led\" width=\"595\" height=\"458\" srcset=\"https:\/\/vapebulkp.com\/wp-content\/uploads\/2023\/09\/Disposable-POD-flavour-Blueberry-Raspberry-ice-1-scaled.jpg 2560w, https:\/\/vapebulkp.com\/wp-content\/uploads\/2023\/09\/Disposable-POD-flavour-Blueberry-Raspberry-ice-1-300x231.jpg 300w, https:\/\/vapebulkp.com\/wp-content\/uploads\/2023\/09\/Disposable-POD-flavour-Blueberry-Raspberry-ice-1-1024x787.jpg 1024w, https:\/\/vapebulkp.com\/wp-content\/uploads\/2023\/09\/Disposable-POD-flavour-Blueberry-Raspberry-ice-1-768x591.jpg 768w, https:\/\/vapebulkp.com\/wp-content\/uploads\/2023\/09\/Disposable-POD-flavour-Blueberry-Raspberry-ice-1-1536x1181.jpg 1536w, https:\/\/vapebulkp.com\/wp-content\/uploads\/2023\/09\/Disposable-POD-flavour-Blueberry-Raspberry-ice-1-2048x1575.jpg 2048w, https:\/\/vapebulkp.com\/wp-content\/uploads\/2023\/09\/Disposable-POD-flavour-Blueberry-Raspberry-ice-1-600x461.jpg 600w\" sizes=\"(max-width: 595px) 100vw, 595px\" \/><\/p>\n<h6 style=\"text-align: left\"><\/h6>\n<h6>Molimo kontaktirajte Mandy's WhatsApp za cijenu s popustom<a href=\"https:\/\/wa.me\/8618077105796\">+8618077105796<\/a><\/h6>\n<p><img decoding=\"async\" class=\"alignnone wp-image-2151\" src=\"http:\/\/vapebulkp.com\/wp-content\/uploads\/2024\/04\/Mandy-WhatsApp-Randm.jpg\" alt=\"Mandy WhatsApp Randm\" width=\"247\" height=\"263\" srcset=\"https:\/\/vapebulkp.com\/wp-content\/uploads\/2024\/04\/Mandy-WhatsApp-Randm.jpg 916w, https:\/\/vapebulkp.com\/wp-content\/uploads\/2024\/04\/Mandy-WhatsApp-Randm-282x300.jpg 282w, https:\/\/vapebulkp.com\/wp-content\/uploads\/2024\/04\/Mandy-WhatsApp-Randm-768x817.jpg 768w, https:\/\/vapebulkp.com\/wp-content\/uploads\/2024\/04\/Mandy-WhatsApp-Randm-600x638.jpg 600w\" sizes=\"(max-width: 247px) 100vw, 247px\" \/><\/p>\n<h2><span style=\"vertical-align: inherit\">Mislili ste da biste \u017eeljeli znati o masovnoj kupnji Kulx 8800 Puffs jednokratni VAPE:<\/span><\/h2>\n<p>&nbsp;<\/p>\n<h5 class=\"style-scope ytd-watch-metadata\">1.Kako koristiti Kulx 8800 Vape olovku za masovnu kupnju?<\/h5>\n<p>Korak 1. Prije kori\u0161tenja 8.8k udisaja, izvucite plasti\u010dnu cijev.<\/p>\n<p>Korak 2. Pri\u010dekajte oko 3 minute da sok u\u0111e u zavojnicu unutra.<\/p>\n<p>Korak 3. U\u017eivajte<\/p>\n<h5>2.KAKO PUNITI JEDNOKRATNI VAPE Kulx 8800 PUFFS URE\u0110AJ?<\/h5>\n<p>Ne smiju se koristiti brzi punja\u010di, a standardna sigurna snaga jednokratnih elektroni\u010dkih cigareta je 5V 1A.<\/p>\n<p>Svako punjenje ne smije trajati du\u017ee od 1 sata, a sigurno vrijeme punjenja je pola sata.<\/p>\n<p><span style=\"color: #ff6600\">Napomena: ne punite cijelu no\u0107!<\/span><\/p>\n<h5>3.Koliki je kapacitet e-teku\u0107ine Kulx vape 8800 Puffs?<\/h5>\n<p>\u2014\u201418ml<\/p>\n<h5>4.Koliko udisaja mogu uzeti s ovim Kulx 8800 Puffs?<\/h5>\n<p>\u2014\u20138800Puffs<\/p>\n<h3><strong><span style=\"vertical-align: inherit\">Specifikacija za Kulx 8800 Puffs\uff1a<\/span><br \/>\n<\/strong><\/h3>\n<p>Baterija: 650mAh (Tip C)<br \/>\nKapacitet: 18ml<br \/>\nGrijac: 0.8 ohm mre\u017easti<br \/>\nPribli\u017ean volumen usisavanja: 8800 uvla\u010denja<br \/>\nJa\u010dina nikotina: 2%, 5%<br \/>\nMOQ: 50 KOM<\/p>\n<h3><strong>\u00a0<\/strong><strong style=\"font-size: 19.2px;font-style: normal\">Kulx 8800 Puffs Jednokratni vape Veleprodajna cijena Opcija okusa:<\/strong><\/h3>\n<ol>\n<li>Lubenica Led<\/li>\n<li>Led od borovnice i maline<\/li>\n<li>Jagoda lubenica<\/li>\n<li>Mije\u0161ano Bobi\u010dasto Vo\u0107e<\/li>\n<li>Borovnica na ledu<\/li>\n<li>Jagoda kivi<\/li>\n<li>Mango breskva led<\/li>\n<li>Led od ananasa i manga<\/li>\n<li>Breskva Led<\/li>\n<li>Led od ananasa i manga<\/li>\n<li>Borovnica menta<\/li>\n<li>Samo gro\u017e\u0111e<\/li>\n<\/ol>\n<p><a href=\"https:\/\/vapebulkp.com\/hr\/product\/popular-randm-tornado-7000puffs-disposable-vape-best-price\/\">Randm tornado 7000 Udisaja\u00a0<\/a><\/p>\n<p><span style=\"vertical-align: inherit\">Prona\u0111ite vi\u0161e proizvoda koji bi vam se mogli svidjeti:<\/span><em><a href=\"https:\/\/wa.me\/8618077105796\"><span style=\"vertical-align: inherit\">\u00a0Kupite sada<\/span><\/a><\/em><\/p>\n<p><span style=\"vertical-align: inherit\">Ostali Puffs koji bi vam se mogli svidjeti:<\/span><a href=\"https:\/\/vapebulkp.com\/hr\/product\/good-sale-bang-de-8500puffs-wholesale-price\/\"><span style=\"vertical-align: inherit\">Bang DE 8500 uvla\u010denja<\/span><\/a><span style=\"vertical-align: inherit\">\u3001<\/span><a href=\"https:\/\/vapebulkp.com\/hr\/product\/fumot-digital-box-12000-disposable-vape-wholesale\/\"><span style=\"vertical-align: inherit\">Fomot Digital Box 12000 uvla\u010denja<\/span><\/a><span style=\"vertical-align: inherit\">\/ <\/span><a href=\"https:\/\/vapebulkp.com\/hr\/product\/popular-kulx-10000puffs-disposable-vape-good-price\/\"><span style=\"vertical-align: inherit\">Kulx 10000 Udisaja<\/span><\/a><span style=\"vertical-align: inherit\">\/ <\/span><a href=\"https:\/\/vapebulkp.com\/hr\/product\/bang-king-12000puffs\/\"><span style=\"vertical-align: inherit\">Bang King 12000 Puhova<\/span><\/a><\/p>\n<p><span style=\"vertical-align: inherit\">E-cigareta posebnog oblika boce:<\/span><a href=\"https:\/\/vapebulkp.com\/hr\/product\/wholesale-kulx-8000-puffs-disposable-vape\/\"><span style=\"vertical-align: inherit\">Kulx vape 8800 uvla\u010denja<\/span><\/a><span style=\"vertical-align: inherit\">\/ <\/span><a href=\"https:\/\/vapebulkp.com\/hr\/product\/popular-bang-king-10000-puffs-vape-good-price\/\"><span style=\"vertical-align: inherit\">Bang king 10k uvla\u010denja<\/span><\/a><span style=\"vertical-align: inherit\">\/<\/span><a href=\"https:\/\/vapebulkp.com\/hr\/product\/wholesale-kulx-8000-puffs-disposable-vape\/\"><span style=\"vertical-align: inherit\">Kulx 8000 uvla\u010denja<\/span><\/a><\/p>\n<h4>Kvalifikacija proizvodnje:<\/h4>\n<p><img decoding=\"async\" class=\"alignnone size-full wp-image-1841\" src=\"http:\/\/vapebulkp.com\/wp-content\/uploads\/2023\/11\/Vape-production-process-2.jpeg\" alt=\"Proces proizvodnje vape ure\u0111aja\" width=\"650\" height=\"434\" srcset=\"https:\/\/vapebulkp.com\/wp-content\/uploads\/2023\/11\/Vape-production-process-2.jpeg 650w, https:\/\/vapebulkp.com\/wp-content\/uploads\/2023\/11\/Vape-production-process-2-300x200.jpeg 300w, https:\/\/vapebulkp.com\/wp-content\/uploads\/2023\/11\/Vape-production-process-2-600x401.jpeg 600w\" sizes=\"(max-width: 650px) 100vw, 650px\" \/><\/p>\n<p><img decoding=\"async\" class=\"alignnone size-full wp-image-1843\" src=\"http:\/\/vapebulkp.com\/wp-content\/uploads\/2023\/11\/Vape-production-process.jpeg\" alt=\"Proces proizvodnje vape ure\u0111aja\" width=\"641\" height=\"1026\" srcset=\"https:\/\/vapebulkp.com\/wp-content\/uploads\/2023\/11\/Vape-production-process.jpeg 641w, https:\/\/vapebulkp.com\/wp-content\/uploads\/2023\/11\/Vape-production-process-187x300.jpeg 187w, https:\/\/vapebulkp.com\/wp-content\/uploads\/2023\/11\/Vape-production-process-640x1024.jpeg 640w, https:\/\/vapebulkp.com\/wp-content\/uploads\/2023\/11\/Vape-production-process-600x960.jpeg 600w\" sizes=\"(max-width: 641px) 100vw, 641px\" \/><\/p>\n<h5>\u010cesta pitanja:<\/h5>\n<p>P: Koliki je MOQ za Kulx vape 8800 uvla\u010denja?<br \/>\nO: Minimalna narud\u017eba je 100 komada.<br \/>\nP: Koje je vrijeme isporuke za vape koji sam naru\u010dio?<br \/>\nO: Obi\u010dno je 10-15 dana nakon slanja<br \/>\nP: Koliko iznosi tro\u0161ak dostave?O: Tro\u0161ak dostave ovisi o te\u017eini. Razli\u010dite koli\u010dine imaju razli\u010dite tro\u0161kove dostave, molimo kontaktirajte nas kako bismo potvrdili tro\u0161ak dostave.<\/p>\n<h4>Detalji dostave:<\/h4>\n<p><span style=\"color: #ff6600\">Vrijeme proizvodnje: 5-10 radnih dana<\/span><br \/>\n<span style=\"color: #ff6600\">Vrijeme isporuke: 8-14 radnih dana<\/span><\/p>\n<p>Svi proizvodi u na\u0161oj trgovini su 100% originalni i autenti\u010dni, stoga je desetostruka naknada za la\u017enu robu na\u0161a politika trgovine. Za dostavu koristimo logisti\u010dke kanale kao \u0161to su UPS\/DHL\/FEDEX\/DPD.<\/p>\n<p>Za pakete poslane u Hrvatsku obi\u010dno je potrebno 10 radnih dana da stignu. Dostava u europske zemlje obi\u010dno traje 12 do 15 radnih dana da stigne. Logisti\u010dke informacije \u0107emo a\u017eurirati za vas u stvarnom vremenu.<\/p>\n<h3>Dobra postprodajna usluga:<\/h3>\n<p><span style=\"color: #ff6600\">Obavijest: Nema povrata novca ili zamjena za probleme koji nisu povezani s kvalitetom<\/span><br \/>\n1. Kupci mogu odabrati okus koji \u017eele, ali ako okus nije na zalihi, proizvodni odjel odabrat \u0107e popularni okus kao zamjenu. Kupci ne smiju podnositi zahtjeve za povrat novca ili zamjenu na temelju okusa.<\/p>\n<p>2. Kada do\u0111e do problema s kvalitetom, molimo prilo\u017eite specifi\u010dne video i slikovne opise.<br \/>\nAko ne mo\u017eete pru\u017eiti dokaze poput videa i fotografija, roba se ne mo\u017ee zamijeniti.<\/p>","protected":false},"excerpt":{"rendered":"<p>Rasuta kupnja Kulx vape 8800 Puffs Veleprodaja Hrvatska isti\u010de se kao glavni odabir za pojedince koji tra\u017ee i prakti\u010dnost i vrhunsku kvalitetu. Opremljen robusnom ugra\u0111enom baterijom od 650 mAh, ovaj komplet jam\u010di dosljedne i dugotrajne performanse.<\/p>\n<p><img decoding=\"async\" class=\"alignnone wp-image-2151\" src=\"http:\/\/vapebulkp.com\/wp-content\/uploads\/2024\/04\/Mandy-WhatsApp-Randm.jpg\" alt=\"Mandy WhatsApp Randm\" width=\"234\" height=\"249\" srcset=\"https:\/\/vapebulkp.com\/wp-content\/uploads\/2024\/04\/Mandy-WhatsApp-Randm.jpg 916w, https:\/\/vapebulkp.com\/wp-content\/uploads\/2024\/04\/Mandy-WhatsApp-Randm-282x300.jpg 282w, https:\/\/vapebulkp.com\/wp-content\/uploads\/2024\/04\/Mandy-WhatsApp-Randm-768x817.jpg 768w, https:\/\/vapebulkp.com\/wp-content\/uploads\/2024\/04\/Mandy-WhatsApp-Randm-600x638.jpg 600w\" sizes=\"(max-width: 234px) 100vw, 234px\" \/><\/p>\n<p>Molimo kontaktirajte Mandy's WhatsApp za cijenu s popustom<a href=\"https:\/\/wa.me\/8618077105796\">+8618077105796<\/a><\/p>\n<p><span style=\"color: #ff0000\">NAPOMENA: Cijene na na\u0161oj web stranici ne uklju\u010duju tro\u0161kove dostave<\/span><\/p>","protected":false},"featured_media":1678,"comment_status":"open","ping_status":"closed","template":"","meta":{"_uag_custom_page_level_css":"","_lmt_disableupdate":"no","_lmt_disable":"","site-sidebar-layout":"default","site-content-layout":"content-boxed-container","ast-site-content-layout":"normal-width-container","site-content-style":"boxed","site-sidebar-style":"unboxed","ast-global-header-display":"","ast-banner-title-visibility":"","ast-main-header-display":"","ast-hfb-above-header-display":"","ast-hfb-below-header-display":"","ast-hfb-mobile-header-display":"","site-post-title":"","ast-breadcrumbs-content":"","ast-featured-img":"","footer-sml-layout":"","theme-transparent-header-meta":"default","adv-header-id-meta":"","stick-header-meta":"","header-above-stick-meta":"","header-main-stick-meta":"","header-below-stick-meta":"","astra-migrate-meta-layouts":"set","_joinchat":[]},"product_cat":[153,155,33,59,100,87,34,158,157,154,152,58,84,156,63,32],"product_tag":[60,36,37,41,40],"class_list":["post-1600","product","type-product","status-publish","has-post-thumbnail","hentry","product_cat-hot-disposable-vapes","product_cat-belgium-hot-disposable-vapes","product_cat-france-vape-hot-sale","product_cat-germany-hot-disposable-vape","product_cat-germany-wholesale-vape-shop","product_cat-minimum-order-quantity-50pcs","product_cat-netherlands-vape-good-sale","product_cat-norway-hot-disposable-vapes","product_cat-poland-hot-disposable-vapes","product_cat-portugal-hot-disposable-vapes","product_cat-spain-hot-disposable-vapes","product_cat-sweden-hot-disposable-vape","product_cat-sweden-wholesale-vape","product_cat-switzerland-hot-disposable-vapes","product_cat-top-sale-disposable-vape","product_cat-vape-hot-sale-this-week","product_tag-8800-puffs","product_tag-good-vape","product_tag-hot-sale-disposable-vape","product_tag-poland-hot-vape","product_tag-sweden-hot-vape","desktop-align-left","tablet-align-left","mobile-align-left"],"yoast_head":"<!-- This site is optimized with the Yoast SEO plugin v21.1 - https:\/\/yoast.com\/wordpress\/plugins\/seo\/ -->\n<title>Bulk Buy Kulx vape 8800 Puffs Wholesale Germany - vapebulkp.com<\/title>\n<meta name=\"description\" content=\"Bulk Buy Kulx vape 8800 Puffs Wholesale Germany stands out as the prime selection for individuals seeking both convenience and top-notch quality. Equipped with a robust built-in 650mAh battery, this kit guarantees consistent and long-lasting performance.\" \/>\n<meta name=\"robots\" content=\"index, follow, max-snippet:-1, max-image-preview:large, max-video-preview:-1\" \/>\n<link rel=\"canonical\" href=\"https:\/\/vapebulkp.com\/hr\/product\/bulk-buy-kulx-vape-8800-puffs-wholesale-germany\/\" \/>\n<meta property=\"og:locale\" content=\"hr_HR\" \/>\n<meta property=\"og:type\" content=\"article\" \/>\n<meta property=\"og:title\" content=\"Bulk Buy Kulx vape 8800 Puffs Wholesale Germany - vapebulkp.com\" \/>\n<meta property=\"og:description\" content=\"Bulk Buy Kulx vape 8800 Puffs Wholesale Germany stands out as the prime selection for individuals seeking both convenience and top-notch quality. Equipped with a robust built-in 650mAh battery, this kit guarantees consistent and long-lasting performance.\" \/>\n<meta property=\"og:url\" content=\"https:\/\/vapebulkp.com\/hr\/product\/bulk-buy-kulx-vape-8800-puffs-wholesale-germany\/\" \/>\n<meta property=\"og:site_name\" content=\"vapebulkp.com\" \/>\n<meta property=\"article:modified_time\" content=\"2025-09-01T03:27:01+00:00\" \/>\n<meta property=\"og:image\" content=\"http:\/\/vapebulkp.com\/wp-content\/uploads\/2023\/09\/Electronic-Vape-flavour-Mango-peach-ice.jpg\" \/>\n\t<meta property=\"og:image:width\" content=\"1500\" \/>\n\t<meta property=\"og:image:height\" content=\"1500\" \/>\n\t<meta property=\"og:image:type\" content=\"image\/jpeg\" \/>\n<meta name=\"twitter:card\" content=\"summary_large_image\" \/>\n<meta name=\"twitter:label1\" content=\"Procijenjeno vrijeme \u010ditanja\" \/>\n\t<meta name=\"twitter:data1\" content=\"4 minute\" \/>\n<script type=\"application\/ld+json\" class=\"yoast-schema-graph\">{\"@context\":\"https:\/\/schema.org\",\"@graph\":[{\"@type\":\"WebPage\",\"@id\":\"https:\/\/vapebulkp.com\/product\/bulk-buy-kulx-vape-8800-puffs-wholesale-germany\/\",\"url\":\"https:\/\/vapebulkp.com\/product\/bulk-buy-kulx-vape-8800-puffs-wholesale-germany\/\",\"name\":\"Bulk Buy Kulx vape 8800 Puffs Wholesale Germany - vapebulkp.com\",\"isPartOf\":{\"@id\":\"https:\/\/vapebulkp.com\/#website\"},\"datePublished\":\"2023-09-28T01:50:03+00:00\",\"dateModified\":\"2025-09-01T03:27:01+00:00\",\"description\":\"Bulk Buy Kulx vape 8800 Puffs Wholesale Germany stands out as the prime selection for individuals seeking both convenience and top-notch quality. Equipped with a robust built-in 650mAh battery, this kit guarantees consistent and long-lasting performance.\",\"breadcrumb\":{\"@id\":\"https:\/\/vapebulkp.com\/product\/bulk-buy-kulx-vape-8800-puffs-wholesale-germany\/#breadcrumb\"},\"inLanguage\":\"hr\",\"potentialAction\":[{\"@type\":\"ReadAction\",\"target\":[\"https:\/\/vapebulkp.com\/product\/bulk-buy-kulx-vape-8800-puffs-wholesale-germany\/\"]}]},{\"@type\":\"BreadcrumbList\",\"@id\":\"https:\/\/vapebulkp.com\/product\/bulk-buy-kulx-vape-8800-puffs-wholesale-germany\/#breadcrumb\",\"itemListElement\":[{\"@type\":\"ListItem\",\"position\":1,\"name\":\"Home\",\"item\":\"https:\/\/vapebulkp.com\/\"},{\"@type\":\"ListItem\",\"position\":2,\"name\":\"Hot Trend Vapes\",\"item\":\"https:\/\/vapebulkp.com\/vape-shop\/\"},{\"@type\":\"ListItem\",\"position\":3,\"name\":\"Bulk Buy Kulx vape 8800 Puffs Wholesale Germany\"}]},{\"@type\":\"WebSite\",\"@id\":\"https:\/\/vapebulkp.com\/#website\",\"url\":\"https:\/\/vapebulkp.com\/\",\"name\":\"vapebulkp.com\",\"description\":\"Buy Vape In Cheap Bulk Price Near you\",\"publisher\":{\"@id\":\"https:\/\/vapebulkp.com\/#organization\"},\"potentialAction\":[{\"@type\":\"SearchAction\",\"target\":{\"@type\":\"EntryPoint\",\"urlTemplate\":\"https:\/\/vapebulkp.com\/?s={search_term_string}\"},\"query-input\":\"required name=search_term_string\"}],\"inLanguage\":\"hr\"},{\"@type\":\"Organization\",\"@id\":\"https:\/\/vapebulkp.com\/#organization\",\"name\":\"vapebulkp.com\",\"url\":\"https:\/\/vapebulkp.com\/\",\"logo\":{\"@type\":\"ImageObject\",\"inLanguage\":\"hr\",\"@id\":\"https:\/\/vapebulkp.com\/#\/schema\/logo\/image\/\",\"url\":\"https:\/\/vapebulkp.com\/wp-content\/uploads\/2023\/09\/cropped-vapebulkp.png\",\"contentUrl\":\"https:\/\/vapebulkp.com\/wp-content\/uploads\/2023\/09\/cropped-vapebulkp.png\",\"width\":516,\"height\":163,\"caption\":\"vapebulkp.com\"},\"image\":{\"@id\":\"https:\/\/vapebulkp.com\/#\/schema\/logo\/image\/\"}}]}<\/script>\n<!-- \/ Yoast SEO plugin. -->","yoast_head_json":{"title":"Bulk Buy Kulx vape 8800 Puffs Wholesale Germany - vapebulkp.com","description":"Bulk Buy Kulx vape 8800 Puffs Wholesale Germany stands out as the prime selection for individuals seeking both convenience and top-notch quality. Equipped with a robust built-in 650mAh battery, this kit guarantees consistent and long-lasting performance.","robots":{"index":"index","follow":"follow","max-snippet":"max-snippet:-1","max-image-preview":"max-image-preview:large","max-video-preview":"max-video-preview:-1"},"canonical":"https:\/\/vapebulkp.com\/hr\/product\/bulk-buy-kulx-vape-8800-puffs-wholesale-germany\/","og_locale":"hr_HR","og_type":"article","og_title":"Bulk Buy Kulx vape 8800 Puffs Wholesale Germany - vapebulkp.com","og_description":"Bulk Buy Kulx vape 8800 Puffs Wholesale Germany stands out as the prime selection for individuals seeking both convenience and top-notch quality. Equipped with a robust built-in 650mAh battery, this kit guarantees consistent and long-lasting performance.","og_url":"https:\/\/vapebulkp.com\/hr\/product\/bulk-buy-kulx-vape-8800-puffs-wholesale-germany\/","og_site_name":"vapebulkp.com","article_modified_time":"2025-09-01T03:27:01+00:00","og_image":[{"width":1500,"height":1500,"url":"http:\/\/vapebulkp.com\/wp-content\/uploads\/2023\/09\/Electronic-Vape-flavour-Mango-peach-ice.jpg","type":"image\/jpeg"}],"twitter_card":"summary_large_image","twitter_misc":{"Procijenjeno vrijeme \u010ditanja":"4 minute"},"schema":{"@context":"https:\/\/schema.org","@graph":[{"@type":"WebPage","@id":"https:\/\/vapebulkp.com\/product\/bulk-buy-kulx-vape-8800-puffs-wholesale-germany\/","url":"https:\/\/vapebulkp.com\/product\/bulk-buy-kulx-vape-8800-puffs-wholesale-germany\/","name":"Bulk Buy Kulx vape 8800 Puffs Wholesale Germany - vapebulkp.com","isPartOf":{"@id":"https:\/\/vapebulkp.com\/#website"},"datePublished":"2023-09-28T01:50:03+00:00","dateModified":"2025-09-01T03:27:01+00:00","description":"Bulk Buy Kulx vape 8800 Puffs Wholesale Germany stands out as the prime selection for individuals seeking both convenience and top-notch quality. Equipped with a robust built-in 650mAh battery, this kit guarantees consistent and long-lasting performance.","breadcrumb":{"@id":"https:\/\/vapebulkp.com\/product\/bulk-buy-kulx-vape-8800-puffs-wholesale-germany\/#breadcrumb"},"inLanguage":"hr","potentialAction":[{"@type":"ReadAction","target":["https:\/\/vapebulkp.com\/product\/bulk-buy-kulx-vape-8800-puffs-wholesale-germany\/"]}]},{"@type":"BreadcrumbList","@id":"https:\/\/vapebulkp.com\/product\/bulk-buy-kulx-vape-8800-puffs-wholesale-germany\/#breadcrumb","itemListElement":[{"@type":"ListItem","position":1,"name":"Home","item":"https:\/\/vapebulkp.com\/"},{"@type":"ListItem","position":2,"name":"Hot Trend Vapes","item":"https:\/\/vapebulkp.com\/vape-shop\/"},{"@type":"ListItem","position":3,"name":"Bulk Buy Kulx vape 8800 Puffs Wholesale Germany"}]},{"@type":"WebSite","@id":"https:\/\/vapebulkp.com\/#website","url":"https:\/\/vapebulkp.com\/","name":"vapebulkp.com","description":"Buy Vape In Cheap Bulk Price Near you","publisher":{"@id":"https:\/\/vapebulkp.com\/#organization"},"potentialAction":[{"@type":"SearchAction","target":{"@type":"EntryPoint","urlTemplate":"https:\/\/vapebulkp.com\/?s={search_term_string}"},"query-input":"required name=search_term_string"}],"inLanguage":"hr"},{"@type":"Organization","@id":"https:\/\/vapebulkp.com\/#organization","name":"vapebulkp.com","url":"https:\/\/vapebulkp.com\/","logo":{"@type":"ImageObject","inLanguage":"hr","@id":"https:\/\/vapebulkp.com\/#\/schema\/logo\/image\/","url":"https:\/\/vapebulkp.com\/wp-content\/uploads\/2023\/09\/cropped-vapebulkp.png","contentUrl":"https:\/\/vapebulkp.com\/wp-content\/uploads\/2023\/09\/cropped-vapebulkp.png","width":516,"height":163,"caption":"vapebulkp.com"},"image":{"@id":"https:\/\/vapebulkp.com\/#\/schema\/logo\/image\/"}}]}},"uagb_featured_image_src":{"full":["https:\/\/vapebulkp.com\/wp-content\/uploads\/2023\/09\/Electronic-Vape-flavour-Mango-peach-ice.jpg",1500,1500,false],"thumbnail":["https:\/\/vapebulkp.com\/wp-content\/uploads\/2023\/09\/Electronic-Vape-flavour-Mango-peach-ice-150x150.jpg",150,150,true],"medium":["https:\/\/vapebulkp.com\/wp-content\/uploads\/2023\/09\/Electronic-Vape-flavour-Mango-peach-ice-300x300.jpg",300,300,true],"medium_large":["https:\/\/vapebulkp.com\/wp-content\/uploads\/2023\/09\/Electronic-Vape-flavour-Mango-peach-ice-768x768.jpg",768,768,true],"large":["https:\/\/vapebulkp.com\/wp-content\/uploads\/2023\/09\/Electronic-Vape-flavour-Mango-peach-ice-1024x1024.jpg",1024,1024,true],"1536x1536":["https:\/\/vapebulkp.com\/wp-content\/uploads\/2023\/09\/Electronic-Vape-flavour-Mango-peach-ice.jpg",1500,1500,false],"2048x2048":["https:\/\/vapebulkp.com\/wp-content\/uploads\/2023\/09\/Electronic-Vape-flavour-Mango-peach-ice.jpg",1500,1500,false],"trp-custom-language-flag":["https:\/\/vapebulkp.com\/wp-content\/uploads\/2023\/09\/Electronic-Vape-flavour-Mango-peach-ice.jpg",12,12,false],"woocommerce_thumbnail":["https:\/\/vapebulkp.com\/wp-content\/uploads\/2023\/09\/Electronic-Vape-flavour-Mango-peach-ice-300x300.jpg",300,300,true],"woocommerce_single":["https:\/\/vapebulkp.com\/wp-content\/uploads\/2023\/09\/Electronic-Vape-flavour-Mango-peach-ice-600x600.jpg",600,600,true],"woocommerce_gallery_thumbnail":["https:\/\/vapebulkp.com\/wp-content\/uploads\/2023\/09\/Electronic-Vape-flavour-Mango-peach-ice-100x100.jpg",100,100,true],"wcpr-photo-reviews":["https:\/\/vapebulkp.com\/wp-content\/uploads\/2023\/09\/Electronic-Vape-flavour-Mango-peach-ice.jpg",500,500,false]},"uagb_author_info":{"display_name":"Mandy vape bulk price","author_link":"https:\/\/vapebulkp.com\/hr\/author\/"},"uagb_comment_info":2,"uagb_excerpt":"Bulk Buy Kulx vape 8800 Puffs Wholesale Germany stands out as the prime selection for individuals seeking both convenience and top-notch quality. Equipped with a robust built-in 650mAh battery, this kit guarantees consistent and long-lasting performance. Pls Contact Mandy's WhatsApp For Discount Price+8618077105796 NOTE: Prices on our website does not include shipping costs","_links":{"self":[{"href":"https:\/\/vapebulkp.com\/hr\/wp-json\/wp\/v2\/product\/1600","targetHints":{"allow":["GET"]}}],"collection":[{"href":"https:\/\/vapebulkp.com\/hr\/wp-json\/wp\/v2\/product"}],"about":[{"href":"https:\/\/vapebulkp.com\/hr\/wp-json\/wp\/v2\/types\/product"}],"replies":[{"embeddable":true,"href":"https:\/\/vapebulkp.com\/hr\/wp-json\/wp\/v2\/comments?post=1600"}],"wp:featuredmedia":[{"embeddable":true,"href":"https:\/\/vapebulkp.com\/hr\/wp-json\/wp\/v2\/media\/1678"}],"wp:attachment":[{"href":"https:\/\/vapebulkp.com\/hr\/wp-json\/wp\/v2\/media?parent=1600"}],"wp:term":[{"taxonomy":"product_cat","embeddable":true,"href":"https:\/\/vapebulkp.com\/hr\/wp-json\/wp\/v2\/product_cat?post=1600"},{"taxonomy":"product_tag","embeddable":true,"href":"https:\/\/vapebulkp.com\/hr\/wp-json\/wp\/v2\/product_tag?post=1600"}],"curies":[{"name":"wp","href":"https:\/\/api.w.org\/{rel}","templated":true}]}}