{"id":1849,"date":"2023-11-09T08:16:47","date_gmt":"2023-11-09T07:16:47","guid":{"rendered":"https:\/\/vapebulkp.com\/?post_type=product&#038;p=1849"},"modified":"2025-09-24T05:13:26","modified_gmt":"2025-09-24T03:13:26","slug":"popular-vape-bang-king-15000-puffs-bang-vape","status":"publish","type":"product","link":"https:\/\/vapebulkp.com\/hr\/proizvod\/popular-vape-bang-king-15000-puffs-bang-vape\/","title":{"rendered":"Popularan Vape Bang King 15000 Puffs Bang Vape"},"content":{"rendered":"<h2>Popularan Vape Bang King 15000 Puffs Bang Vape<\/h2>\n<p data-start=\"118\" data-end=\"446\">O <strong data-start=\"122\" data-end=\"141\">Bang King 15000 Puhova<\/strong>\u00a0je visokokapacitetni <strong data-start=\"161\" data-end=\"193\">punjivi jednokratni vape<\/strong> dizajniran za glatke, dugotrajne performanse. Kompaktan i prenosiv, njegov elegantan dizajn boce olak\u0161ava no\u0161enje bilo gdje. S spremnikom e-teku\u0107ine od 25 ml i opcijama nikotinske soli od 2% ili 5%, pru\u017ea bogat, zadovoljavaju\u0107i okus do 15 000 udisaja.<\/p>\n<p data-start=\"448\" data-end=\"749\">Opremljen visokou\u010dinkovitom baterijom od 650 mAh, <strong data-start=\"501\" data-end=\"543\">jednokratna e-cigareta Bang King 15000<\/strong> osigurava postojanu paru i pouzdano povla\u010denje tijekom cijelog dana. Njegov RGB sustav osvjetljenja dinami\u010dki mijenja boju ovisno o razini baterije i odabranom okusu, nude\u0107i vizualno upe\u010datljiv dodir za korisnike.<\/p>\n<p data-start=\"751\" data-end=\"971\">Idealan i za svakodnevno vaping i za dru\u0161tvene prigode, ovaj <strong data-start=\"805\" data-end=\"838\">veliki kapacitet <a href=\"https:\/\/vapebulkp.com\/hr\/kategorija-proizvoda\/15000-puffs-disposable-vape\/\">15000 Puffs jednokratni Vape<\/a><\/strong> kombinira stil, snagu i naprednu funkcionalnost, \u0161to ga \u010dini vrhunskim izborom za potro\u0161a\u010de i veleprodajne distributere u Hrvatskoj.<\/p>\n<p><img decoding=\"async\" class=\"alignnone wp-image-1853\" src=\"http:\/\/vapebulkp.com\/wp-content\/uploads\/2023\/11\/Bang-King-15000-puffs-Germany-Vape.png\" alt=\"Bang King 15000 uvla\u010denja Vru\u0107a prodaja u Hrvatskoj\" width=\"938\" height=\"528\" srcset=\"https:\/\/vapebulkp.com\/wp-content\/uploads\/2023\/11\/Bang-King-15000-puffs-Germany-Vape.png 1920w, https:\/\/vapebulkp.com\/wp-content\/uploads\/2023\/11\/Bang-King-15000-puffs-Germany-Vape-300x169.png 300w, https:\/\/vapebulkp.com\/wp-content\/uploads\/2023\/11\/Bang-King-15000-puffs-Germany-Vape-1024x576.png 1024w, https:\/\/vapebulkp.com\/wp-content\/uploads\/2023\/11\/Bang-King-15000-puffs-Germany-Vape-768x432.png 768w, https:\/\/vapebulkp.com\/wp-content\/uploads\/2023\/11\/Bang-King-15000-puffs-Germany-Vape-1536x864.png 1536w, https:\/\/vapebulkp.com\/wp-content\/uploads\/2023\/11\/Bang-King-15000-puffs-Germany-Vape-600x338.png 600w\" sizes=\"(max-width: 938px) 100vw, 938px\" \/><\/p>\n<h6>Molimo kontaktirajte Mandy's WhatsApp za cijenu s popustom<a href=\"https:\/\/wa.me\/8618077105796\">+8618077105796<\/a><\/h6>\n<h3><img decoding=\"async\" class=\"alignnone wp-image-2151\" src=\"http:\/\/vapebulkp.com\/wp-content\/uploads\/2024\/04\/Mandy-WhatsApp-Randm.jpg\" alt=\"Mandy WhatsApp Randm\" width=\"225\" height=\"239\" srcset=\"https:\/\/vapebulkp.com\/wp-content\/uploads\/2024\/04\/Mandy-WhatsApp-Randm.jpg 916w, https:\/\/vapebulkp.com\/wp-content\/uploads\/2024\/04\/Mandy-WhatsApp-Randm-282x300.jpg 282w, https:\/\/vapebulkp.com\/wp-content\/uploads\/2024\/04\/Mandy-WhatsApp-Randm-768x817.jpg 768w, https:\/\/vapebulkp.com\/wp-content\/uploads\/2024\/04\/Mandy-WhatsApp-Randm-600x638.jpg 600w\" sizes=\"(max-width: 225px) 100vw, 225px\" \/><\/h3>\n<h2>Mogli biste htjeti znati o jednokratnim vapeima Bang 15000puffs:<\/h2>\n<p>&nbsp;<\/p>\n<h6>1. KOJI JE KAPACITET E-TEKU\u0106INE Bang Vape 15000Puffs?<\/h6>\n<p>Ovaj ure\u0111aj ima 25 ml e-teku\u0107ine.<\/p>\n<h6>2. Koliko dugo traje ovaj puff bang king?<\/h6>\n<p>500 udisaja\/dan, mo\u017ee trajati 30 dana<br \/>\n1000 udisaja\/dan, mo\u017ee trajati 15 dana<br \/>\n2000 udisaja\/dan, mo\u017ee trajati 7,5 dana<\/p>\n<h6>3. KAKO NAPUNITI URE\u0110AJ ZA JEDNOKRATNU UPORABU VAPE Bang Vape 15000 Puffs?<\/h6>\n<p>Ne mogu se koristiti punja\u010di za brzo punjenje. Standardna sigurna snaga jednokratnih e-cigareta je 5V 1A. Svako punjenje ne smije trajati du\u017ee od 1 sata, a sigurno vrijeme punjenja je pola sata.<\/p>\n<p><span style=\"color: #ff6600\">Napomena: ne punite cijelu no\u0107!<\/span><\/p>\n<h6>4. Kako koristiti bo\u010dicu Bang Vape 15000 Puff?<\/h6>\n<p>1: Molimo otvorite pakiranje prije kori\u0161tenja 15k Puffs.<br \/>\n2: Zatim stavite pe\u010dat na dno Vape<br \/>\n3: Po\u010dnite u\u017eivati<\/p>\n<h3><strong><span style=\"vertical-align: inherit\">Specifikacija za veleprodaju Vape Bang King 15000<\/span><\/strong>Udisaji<strong><span style=\"vertical-align: inherit\">\uff1a<\/span><br \/>\n<\/strong><\/h3>\n<ul>\n<li>Ugra\u0111ena baterija od 650 mAh<\/li>\n<li>Punjenje<\/li>\n<li>U\u010dinkovita i dosljedna isporuka snage<\/li>\n<li>25 ml prethodno napunjenog e-soka<\/li>\n<li>Razina nikotina 2% 5%<\/li>\n<li>Zadovoljava gotovo 15000 uvla\u010denja<\/li>\n<li>Podesiv protok zraka<\/li>\n<li>MOQ: 100 KOM<\/li>\n<\/ul>\n<h3><strong>Koji je najbolji Bang vape<\/strong> 15k uvla\u010denja<strong>Okusi 15000 uvla\u010denja?<\/strong><\/h3>\n<p>1. Jagoda lubenica<br \/>\n2.Trojno bobi\u010dasto vo\u0107e s ledom<br \/>\n3.Bujni led<br \/>\n4.Breskva s ledom<br \/>\n5.Jagoda Kiwi<br \/>\n6.Led od plave maline<br \/>\n7.Aloe Gro\u017e\u0111e<br \/>\n8.Breskva mango<br \/>\n9.Dvostruka jabuka<br \/>\n10.Tropsko vo\u0107e<\/p>\n<p><span style=\"vertical-align: inherit\">Prona\u0111ite vi\u0161e proizvoda koji bi vam se mogli svidjeti:<\/span><em><a href=\"https:\/\/wa.me\/8618077105796\"><span style=\"vertical-align: inherit\">\u00a0Kupite sada<\/span><\/a><\/em><\/p>\n<p><span style=\"vertical-align: inherit\">Ostali Puffs koji bi vam se mogli svidjeti:<\/span><a href=\"https:\/\/vapebulkp.com\/hr\/proizvod\/bang-box-12000puffs-good-vape-sweden-wholesale-price\/\"><span style=\"vertical-align: inherit\">Bang Box 12000 Puffs<\/span><\/a><span style=\"vertical-align: inherit\">\u3001<\/span><a href=\"https:\/\/vapebulkp.com\/hr\/proizvod\/top-sale-waspe-12000puffs-disposable-vape-wholesale-france\/\"><span style=\"vertical-align: inherit\">WASPE 12000 Udaraca<\/span><\/a><span style=\"vertical-align: inherit\">\/ <\/span><a href=\"https:\/\/vapebulkp.com\/hr\/proizvod\/wholesale-randm-tornado-9000-puffs-germany\/\"><span style=\"vertical-align: inherit\">RandM Tornado 9000 Puhova<\/span><\/a><span style=\"vertical-align: inherit\">\/ <\/span><a href=\"https:\/\/vapebulkp.com\/hr\/proizvod\/wholesale-price-og-super-smash-10000-puffs-disposable-vape\/\"><span style=\"vertical-align: inherit\">Og Super smash 10000 uvla\u010denja<\/span><\/a><\/p>\n<p><span style=\"vertical-align: inherit\">E-cigareta posebnog oblika boce:<\/span><a href=\"https:\/\/vapebulkp.com\/hr\/proizvod\/good-sale-randm-tornado-10000-puffs-plus\/\"><span style=\"vertical-align: inherit\">RandM Tornado 10000 Puhova Plus <\/span><\/a><span style=\"vertical-align: inherit\">\/<\/span><a href=\"https:\/\/vapebulkp.com\/hr\/proizvod\/fumot-digital-box-12000-disposable-vape-wholesale\/\"><span style=\"vertical-align: inherit\">Fumot Vape Digital Box 12000 uvla\u010denja<\/span><\/a><\/p>\n<h4>Kvalifikacija proizvodnje:<\/h4>\n<p><img decoding=\"async\" class=\"alignnone wp-image-1842\" src=\"http:\/\/vapebulkp.com\/wp-content\/uploads\/2023\/11\/Vape-production-process-2.jpg\" alt=\"Proces proizvodnje vape ure\u0111aja\" width=\"671\" height=\"301\" srcset=\"https:\/\/vapebulkp.com\/wp-content\/uploads\/2023\/11\/Vape-production-process-2.jpg 800w, https:\/\/vapebulkp.com\/wp-content\/uploads\/2023\/11\/Vape-production-process-2-300x135.jpg 300w, https:\/\/vapebulkp.com\/wp-content\/uploads\/2023\/11\/Vape-production-process-2-768x345.jpg 768w, https:\/\/vapebulkp.com\/wp-content\/uploads\/2023\/11\/Vape-production-process-2-600x269.jpg 600w\" sizes=\"(max-width: 671px) 100vw, 671px\" \/><\/p>\n<p><img decoding=\"async\" class=\"alignnone wp-image-1843\" src=\"http:\/\/vapebulkp.com\/wp-content\/uploads\/2023\/11\/Vape-production-process.jpeg\" alt=\"Proces proizvodnje vape ure\u0111aja\" width=\"671\" height=\"1074\" srcset=\"https:\/\/vapebulkp.com\/wp-content\/uploads\/2023\/11\/Vape-production-process.jpeg 641w, https:\/\/vapebulkp.com\/wp-content\/uploads\/2023\/11\/Vape-production-process-187x300.jpeg 187w, https:\/\/vapebulkp.com\/wp-content\/uploads\/2023\/11\/Vape-production-process-640x1024.jpeg 640w, https:\/\/vapebulkp.com\/wp-content\/uploads\/2023\/11\/Vape-production-process-600x960.jpeg 600w\" sizes=\"(max-width: 671px) 100vw, 671px\" \/><\/p>\n<h5>\u010cesta pitanja:<\/h5>\n<p>P: Koji je MOQ za Bang King 15000 uvla\u010denja?<br \/>\nO: Minimalna narud\u017eba je 100 komada.<br \/>\nP: Koje je vrijeme isporuke za vape koji sam naru\u010dio?<br \/>\nO: Obi\u010dno je 10-15 dana nakon slanja<br \/>\nP: Koliko iznosi tro\u0161ak dostave?O: Tro\u0161ak dostave ovisi o te\u017eini. Razli\u010dite koli\u010dine imaju razli\u010dite tro\u0161kove dostave, molimo kontaktirajte nas kako bismo potvrdili tro\u0161ak dostave.<\/p>\n<p>&nbsp;<\/p>\n<h4>Detalji dostave:<\/h4>\n<p><span style=\"color: #ff6600\">Vrijeme proizvodnje: 5-10 radnih dana<\/span><br \/>\n<span style=\"color: #ff6600\">Vrijeme isporuke: 8-14 radnih dana<\/span><\/p>\n<p>Svi proizvodi u na\u0161oj trgovini su 100% originalni i autenti\u010dni, stoga je desetostruka naknada za la\u017enu robu na\u0161a politika trgovine. Za dostavu koristimo logisti\u010dke kanale kao \u0161to su UPS\/DHL\/FEDEX\/DPD.<\/p>\n<p>Za pakete poslane u Hrvatsku obi\u010dno je potrebno 10 radnih dana da stignu. Dostava u europske zemlje obi\u010dno traje 12 do 15 radnih dana da stigne. Logisti\u010dke informacije \u0107emo a\u017eurirati za vas u stvarnom vremenu.<\/p>\n<h3>Dobra postprodajna usluga:<\/h3>\n<p><span style=\"color: #ff6600\">Obavijest: Nema povrata novca ili zamjena za probleme koji nisu povezani s kvalitetom<\/span><br \/>\n1. Kupci mogu odabrati okus koji \u017eele, ali ako okus nije na zalihi, proizvodni odjel odabrat \u0107e popularni okus kao zamjenu. Kupci ne smiju podnositi zahtjeve za povrat novca ili zamjenu na temelju okusa.<\/p>\n<p>2. Kada do\u0111e do problema s kvalitetom, molimo prilo\u017eite specifi\u010dne video i slikovne opise.<br \/>\nAko ne mo\u017eete pru\u017eiti dokaze poput videa i fotografija, roba se ne mo\u017ee zamijeniti.<\/p>","protected":false},"excerpt":{"rendered":"<p>Nova popularna Vape Bang King 15000 Puffs Bang Vape je omiljena me\u0111u kupcima. Ova e-cigareta mo\u017ee pru\u017eiti do 15 000 udisaja glatkog i zadovoljavaju\u0107eg dima, a radi se o punjivom ure\u0111aju koji zaslu\u017eujete.<\/p>\n<p><img decoding=\"async\" class=\"alignnone wp-image-2151\" src=\"http:\/\/vapebulkp.com\/wp-content\/uploads\/2024\/04\/Mandy-WhatsApp-Randm.jpg\" alt=\"Mandy WhatsApp Randm\" width=\"249\" height=\"265\" srcset=\"https:\/\/vapebulkp.com\/wp-content\/uploads\/2024\/04\/Mandy-WhatsApp-Randm.jpg 916w, https:\/\/vapebulkp.com\/wp-content\/uploads\/2024\/04\/Mandy-WhatsApp-Randm-282x300.jpg 282w, https:\/\/vapebulkp.com\/wp-content\/uploads\/2024\/04\/Mandy-WhatsApp-Randm-768x817.jpg 768w, https:\/\/vapebulkp.com\/wp-content\/uploads\/2024\/04\/Mandy-WhatsApp-Randm-600x638.jpg 600w\" sizes=\"(max-width: 249px) 100vw, 249px\" \/><\/p>\n<p>Molimo kontaktirajte Mandy's WhatsApp za cijenu s popustom<a href=\"https:\/\/wa.me\/8618077105796\">+8618077105796<\/a><\/p>\n<p><span style=\"color: #ff0000\">NAPOMENA: Cijene na na\u0161oj web stranici ne uklju\u010duju tro\u0161kove dostave<\/span><\/p>","protected":false},"featured_media":1851,"comment_status":"open","ping_status":"closed","template":"","meta":{"_uag_custom_page_level_css":"","_lmt_disableupdate":"no","_lmt_disable":"","site-sidebar-layout":"default","site-content-layout":"content-boxed-container","ast-site-content-layout":"normal-width-container","site-content-style":"boxed","site-sidebar-style":"unboxed","ast-global-header-display":"","ast-banner-title-visibility":"","ast-main-header-display":"","ast-hfb-above-header-display":"","ast-hfb-below-header-display":"","ast-hfb-mobile-header-display":"","site-post-title":"","ast-breadcrumbs-content":"","ast-featured-img":"","footer-sml-layout":"","theme-transparent-header-meta":"default","adv-header-id-meta":"","stick-header-meta":"","header-above-stick-meta":"","header-main-stick-meta":"","header-below-stick-meta":"","astra-migrate-meta-layouts":"set","_joinchat":[]},"product_cat":[165,153,344,155,33,59,100,98,34,158,157,154,152,58,84,156,63,32],"product_tag":[77,36,37,41,73,40],"class_list":["post-1849","product","type-product","status-publish","has-post-thumbnail","hentry","product_cat-15000-puffs-disposable-vape","product_cat-hot-disposable-vapes","product_cat-bang-king-vape","product_cat-belgium-hot-disposable-vapes","product_cat-france-vape-hot-sale","product_cat-germany-hot-disposable-vape","product_cat-germany-wholesale-vape-shop","product_cat-moq-100pcs","product_cat-netherlands-vape-good-sale","product_cat-norway-hot-disposable-vapes","product_cat-poland-hot-disposable-vapes","product_cat-portugal-hot-disposable-vapes","product_cat-spain-hot-disposable-vapes","product_cat-sweden-hot-disposable-vape","product_cat-sweden-wholesale-vape","product_cat-switzerland-hot-disposable-vapes","product_cat-top-sale-disposable-vape","product_cat-vape-hot-sale-this-week","product_tag-15000-puffs","product_tag-good-vape","product_tag-hot-sale-disposable-vape","product_tag-poland-hot-vape","product_tag-randm-10000puffs-vape","product_tag-sweden-hot-vape","pa_brand-bang-king-vape","desktop-align-left","tablet-align-left","mobile-align-left"],"yoast_head":"<!-- This site is optimized with the Yoast SEO plugin v21.1 - https:\/\/yoast.com\/wordpress\/plugins\/seo\/ -->\n<title>Popular Vape Bang King 15000 Puffs Bang Vape - vapebulkp.com<\/title>\n<meta name=\"description\" content=\"The newly launched Popular Vape Bang King 15000 Puffs Bang Vape is loved by customers. This e-cigarette can provide up to 15,000 puffs of smooth and satisfying smoke, and it is a rechargeable device that you deserve.\" \/>\n<meta name=\"robots\" content=\"index, follow, max-snippet:-1, max-image-preview:large, max-video-preview:-1\" \/>\n<link rel=\"canonical\" href=\"https:\/\/vapebulkp.com\/hr\/proizvod\/popular-vape-bang-king-15000-puffs-bang-vape\/\" \/>\n<meta property=\"og:locale\" content=\"hr_HR\" \/>\n<meta property=\"og:type\" content=\"article\" \/>\n<meta property=\"og:title\" content=\"Popular Vape Bang King 15000 Puffs Bang Vape - vapebulkp.com\" \/>\n<meta property=\"og:description\" content=\"The newly launched Popular Vape Bang King 15000 Puffs Bang Vape is loved by customers. This e-cigarette can provide up to 15,000 puffs of smooth and satisfying smoke, and it is a rechargeable device that you deserve.\" \/>\n<meta property=\"og:url\" content=\"https:\/\/vapebulkp.com\/hr\/proizvod\/popular-vape-bang-king-15000-puffs-bang-vape\/\" \/>\n<meta property=\"og:site_name\" content=\"vapebulkp.com\" \/>\n<meta property=\"article:modified_time\" content=\"2025-09-24T03:13:26+00:00\" \/>\n<meta property=\"og:image\" content=\"http:\/\/vapebulkp.com\/wp-content\/uploads\/2023\/11\/Bang-King-15000-puffs-Top-Sale-Vape.png\" \/>\n\t<meta property=\"og:image:width\" content=\"800\" \/>\n\t<meta property=\"og:image:height\" content=\"544\" \/>\n\t<meta property=\"og:image:type\" content=\"image\/png\" \/>\n<meta name=\"twitter:card\" content=\"summary_large_image\" \/>\n<meta name=\"twitter:label1\" content=\"Procijenjeno vrijeme \u010ditanja\" \/>\n\t<meta name=\"twitter:data1\" content=\"4 minute\" \/>\n<script type=\"application\/ld+json\" class=\"yoast-schema-graph\">{\"@context\":\"https:\/\/schema.org\",\"@graph\":[{\"@type\":\"WebPage\",\"@id\":\"https:\/\/vapebulkp.com\/product\/popular-vape-bang-king-15000-puffs-bang-vape\/\",\"url\":\"https:\/\/vapebulkp.com\/product\/popular-vape-bang-king-15000-puffs-bang-vape\/\",\"name\":\"Popular Vape Bang King 15000 Puffs Bang Vape - vapebulkp.com\",\"isPartOf\":{\"@id\":\"https:\/\/vapebulkp.com\/#website\"},\"datePublished\":\"2023-11-09T07:16:47+00:00\",\"dateModified\":\"2025-09-24T03:13:26+00:00\",\"description\":\"The newly launched Popular Vape Bang King 15000 Puffs Bang Vape is loved by customers. This e-cigarette can provide up to 15,000 puffs of smooth and satisfying smoke, and it is a rechargeable device that you deserve.\",\"breadcrumb\":{\"@id\":\"https:\/\/vapebulkp.com\/product\/popular-vape-bang-king-15000-puffs-bang-vape\/#breadcrumb\"},\"inLanguage\":\"hr\",\"potentialAction\":[{\"@type\":\"ReadAction\",\"target\":[\"https:\/\/vapebulkp.com\/product\/popular-vape-bang-king-15000-puffs-bang-vape\/\"]}]},{\"@type\":\"BreadcrumbList\",\"@id\":\"https:\/\/vapebulkp.com\/product\/popular-vape-bang-king-15000-puffs-bang-vape\/#breadcrumb\",\"itemListElement\":[{\"@type\":\"ListItem\",\"position\":1,\"name\":\"Home\",\"item\":\"https:\/\/vapebulkp.com\/\"},{\"@type\":\"ListItem\",\"position\":2,\"name\":\"Hot Trend Vapes\",\"item\":\"https:\/\/vapebulkp.com\/vape-shop\/\"},{\"@type\":\"ListItem\",\"position\":3,\"name\":\"Popular Vape Bang King 15000 Puffs Bang Vape\"}]},{\"@type\":\"WebSite\",\"@id\":\"https:\/\/vapebulkp.com\/#website\",\"url\":\"https:\/\/vapebulkp.com\/\",\"name\":\"vapebulkp.com\",\"description\":\"Buy Vape In Cheap Bulk Price Near you\",\"publisher\":{\"@id\":\"https:\/\/vapebulkp.com\/#organization\"},\"potentialAction\":[{\"@type\":\"SearchAction\",\"target\":{\"@type\":\"EntryPoint\",\"urlTemplate\":\"https:\/\/vapebulkp.com\/?s={search_term_string}\"},\"query-input\":\"required name=search_term_string\"}],\"inLanguage\":\"hr\"},{\"@type\":\"Organization\",\"@id\":\"https:\/\/vapebulkp.com\/#organization\",\"name\":\"vapebulkp.com\",\"url\":\"https:\/\/vapebulkp.com\/\",\"logo\":{\"@type\":\"ImageObject\",\"inLanguage\":\"hr\",\"@id\":\"https:\/\/vapebulkp.com\/#\/schema\/logo\/image\/\",\"url\":\"https:\/\/vapebulkp.com\/wp-content\/uploads\/2023\/09\/cropped-vapebulkp.png\",\"contentUrl\":\"https:\/\/vapebulkp.com\/wp-content\/uploads\/2023\/09\/cropped-vapebulkp.png\",\"width\":516,\"height\":163,\"caption\":\"vapebulkp.com\"},\"image\":{\"@id\":\"https:\/\/vapebulkp.com\/#\/schema\/logo\/image\/\"}}]}<\/script>\n<!-- \/ Yoast SEO plugin. -->","yoast_head_json":{"title":"Popular Vape Bang King 15000 Puffs Bang Vape - vapebulkp.com","description":"The newly launched Popular Vape Bang King 15000 Puffs Bang Vape is loved by customers. This e-cigarette can provide up to 15,000 puffs of smooth and satisfying smoke, and it is a rechargeable device that you deserve.","robots":{"index":"index","follow":"follow","max-snippet":"max-snippet:-1","max-image-preview":"max-image-preview:large","max-video-preview":"max-video-preview:-1"},"canonical":"https:\/\/vapebulkp.com\/hr\/proizvod\/popular-vape-bang-king-15000-puffs-bang-vape\/","og_locale":"hr_HR","og_type":"article","og_title":"Popular Vape Bang King 15000 Puffs Bang Vape - vapebulkp.com","og_description":"The newly launched Popular Vape Bang King 15000 Puffs Bang Vape is loved by customers. This e-cigarette can provide up to 15,000 puffs of smooth and satisfying smoke, and it is a rechargeable device that you deserve.","og_url":"https:\/\/vapebulkp.com\/hr\/proizvod\/popular-vape-bang-king-15000-puffs-bang-vape\/","og_site_name":"vapebulkp.com","article_modified_time":"2025-09-24T03:13:26+00:00","og_image":[{"width":800,"height":544,"url":"http:\/\/vapebulkp.com\/wp-content\/uploads\/2023\/11\/Bang-King-15000-puffs-Top-Sale-Vape.png","type":"image\/png"}],"twitter_card":"summary_large_image","twitter_misc":{"Procijenjeno vrijeme \u010ditanja":"4 minute"},"schema":{"@context":"https:\/\/schema.org","@graph":[{"@type":"WebPage","@id":"https:\/\/vapebulkp.com\/product\/popular-vape-bang-king-15000-puffs-bang-vape\/","url":"https:\/\/vapebulkp.com\/product\/popular-vape-bang-king-15000-puffs-bang-vape\/","name":"Popular Vape Bang King 15000 Puffs Bang Vape - vapebulkp.com","isPartOf":{"@id":"https:\/\/vapebulkp.com\/#website"},"datePublished":"2023-11-09T07:16:47+00:00","dateModified":"2025-09-24T03:13:26+00:00","description":"The newly launched Popular Vape Bang King 15000 Puffs Bang Vape is loved by customers. This e-cigarette can provide up to 15,000 puffs of smooth and satisfying smoke, and it is a rechargeable device that you deserve.","breadcrumb":{"@id":"https:\/\/vapebulkp.com\/product\/popular-vape-bang-king-15000-puffs-bang-vape\/#breadcrumb"},"inLanguage":"hr","potentialAction":[{"@type":"ReadAction","target":["https:\/\/vapebulkp.com\/product\/popular-vape-bang-king-15000-puffs-bang-vape\/"]}]},{"@type":"BreadcrumbList","@id":"https:\/\/vapebulkp.com\/product\/popular-vape-bang-king-15000-puffs-bang-vape\/#breadcrumb","itemListElement":[{"@type":"ListItem","position":1,"name":"Home","item":"https:\/\/vapebulkp.com\/"},{"@type":"ListItem","position":2,"name":"Hot Trend Vapes","item":"https:\/\/vapebulkp.com\/vape-shop\/"},{"@type":"ListItem","position":3,"name":"Popular Vape Bang King 15000 Puffs Bang Vape"}]},{"@type":"WebSite","@id":"https:\/\/vapebulkp.com\/#website","url":"https:\/\/vapebulkp.com\/","name":"vapebulkp.com","description":"Buy Vape In Cheap Bulk Price Near you","publisher":{"@id":"https:\/\/vapebulkp.com\/#organization"},"potentialAction":[{"@type":"SearchAction","target":{"@type":"EntryPoint","urlTemplate":"https:\/\/vapebulkp.com\/?s={search_term_string}"},"query-input":"required name=search_term_string"}],"inLanguage":"hr"},{"@type":"Organization","@id":"https:\/\/vapebulkp.com\/#organization","name":"vapebulkp.com","url":"https:\/\/vapebulkp.com\/","logo":{"@type":"ImageObject","inLanguage":"hr","@id":"https:\/\/vapebulkp.com\/#\/schema\/logo\/image\/","url":"https:\/\/vapebulkp.com\/wp-content\/uploads\/2023\/09\/cropped-vapebulkp.png","contentUrl":"https:\/\/vapebulkp.com\/wp-content\/uploads\/2023\/09\/cropped-vapebulkp.png","width":516,"height":163,"caption":"vapebulkp.com"},"image":{"@id":"https:\/\/vapebulkp.com\/#\/schema\/logo\/image\/"}}]}},"uagb_featured_image_src":{"full":["https:\/\/vapebulkp.com\/wp-content\/uploads\/2023\/11\/Bang-King-15000-puffs-Top-Sale-Vape.png",800,544,false],"thumbnail":["https:\/\/vapebulkp.com\/wp-content\/uploads\/2023\/11\/Bang-King-15000-puffs-Top-Sale-Vape-150x150.png",150,150,true],"medium":["https:\/\/vapebulkp.com\/wp-content\/uploads\/2023\/11\/Bang-King-15000-puffs-Top-Sale-Vape-300x204.png",300,204,true],"medium_large":["https:\/\/vapebulkp.com\/wp-content\/uploads\/2023\/11\/Bang-King-15000-puffs-Top-Sale-Vape-768x522.png",768,522,true],"large":["https:\/\/vapebulkp.com\/wp-content\/uploads\/2023\/11\/Bang-King-15000-puffs-Top-Sale-Vape.png",800,544,false],"1536x1536":["https:\/\/vapebulkp.com\/wp-content\/uploads\/2023\/11\/Bang-King-15000-puffs-Top-Sale-Vape.png",800,544,false],"2048x2048":["https:\/\/vapebulkp.com\/wp-content\/uploads\/2023\/11\/Bang-King-15000-puffs-Top-Sale-Vape.png",800,544,false],"trp-custom-language-flag":["https:\/\/vapebulkp.com\/wp-content\/uploads\/2023\/11\/Bang-King-15000-puffs-Top-Sale-Vape.png",18,12,false],"woocommerce_thumbnail":["https:\/\/vapebulkp.com\/wp-content\/uploads\/2023\/11\/Bang-King-15000-puffs-Top-Sale-Vape-300x300.png",300,300,true],"woocommerce_single":["https:\/\/vapebulkp.com\/wp-content\/uploads\/2023\/11\/Bang-King-15000-puffs-Top-Sale-Vape-600x408.png",600,408,true],"woocommerce_gallery_thumbnail":["https:\/\/vapebulkp.com\/wp-content\/uploads\/2023\/11\/Bang-King-15000-puffs-Top-Sale-Vape-100x100.png",100,100,true],"wcpr-photo-reviews":["https:\/\/vapebulkp.com\/wp-content\/uploads\/2023\/11\/Bang-King-15000-puffs-Top-Sale-Vape.png",500,340,false]},"uagb_author_info":{"display_name":"Mandy vape bulk price","author_link":"https:\/\/vapebulkp.com\/hr\/author\/"},"uagb_comment_info":1,"uagb_excerpt":"The newly launched Popular Vape Bang King 15000 Puffs Bang Vape is loved by customers. This e-cigarette can provide up to 15,000 puffs of smooth and satisfying smoke, and it is a rechargeable device that you deserve. Pls Contact Mandy's WhatsApp For Discount Price+8618077105796 NOTE: Prices on our website does not include shipping costs","_links":{"self":[{"href":"https:\/\/vapebulkp.com\/hr\/wp-json\/wp\/v2\/product\/1849","targetHints":{"allow":["GET"]}}],"collection":[{"href":"https:\/\/vapebulkp.com\/hr\/wp-json\/wp\/v2\/product"}],"about":[{"href":"https:\/\/vapebulkp.com\/hr\/wp-json\/wp\/v2\/types\/product"}],"replies":[{"embeddable":true,"href":"https:\/\/vapebulkp.com\/hr\/wp-json\/wp\/v2\/comments?post=1849"}],"wp:featuredmedia":[{"embeddable":true,"href":"https:\/\/vapebulkp.com\/hr\/wp-json\/wp\/v2\/media\/1851"}],"wp:attachment":[{"href":"https:\/\/vapebulkp.com\/hr\/wp-json\/wp\/v2\/media?parent=1849"}],"wp:term":[{"taxonomy":"product_cat","embeddable":true,"href":"https:\/\/vapebulkp.com\/hr\/wp-json\/wp\/v2\/product_cat?post=1849"},{"taxonomy":"product_tag","embeddable":true,"href":"https:\/\/vapebulkp.com\/hr\/wp-json\/wp\/v2\/product_tag?post=1849"}],"curies":[{"name":"wp","href":"https:\/\/api.w.org\/{rel}","templated":true}]}}