{"id":1883,"date":"2023-11-22T10:39:51","date_gmt":"2023-11-22T09:39:51","guid":{"rendered":"https:\/\/vapebulkp.com\/?post_type=product&#038;p=1883"},"modified":"2025-09-01T09:09:34","modified_gmt":"2025-09-01T07:09:34","slug":"puff-flex-2800-puffs-authentic-vape-wholesale-italy","status":"publish","type":"product","link":"https:\/\/vapebulkp.com\/hr\/product\/puff-flex-2800-puffs-authentic-vape-wholesale-italy\/","title":{"rendered":"Puff Flex 2800 Puffs Autenti\u010dni Vape Veleprodaja Italija"},"content":{"rendered":"<h2>\u0160to je Puff Flex 2800 Puffs Autenti\u010dni Vape Veleprodaja Hrvatska?<\/h2>\n<p data-start=\"157\" data-end=\"486\">O <strong data-start=\"161\" data-end=\"201\">Puff Flex 2800 Puffs Jednokratni Vape<\/strong> je visokokvalitetna, pouzdana e-cigareta dizajnirana za europske entuzijaste vapinga koji cijene okus, prakti\u010dnost i performanse. Izra\u0111en s vrhunskim mije\u0161anim e-teku\u0107inama, svaki ure\u0111aj pru\u017ea glatku, dosljednu paru i bogat okus kroz 2800 udisaja, ostavljaju\u0107i osvje\u017eavaju\u0107i naknadni okus.<\/p>\n<p data-start=\"488\" data-end=\"772\">Lagan i prenosiv, <strong data-start=\"518\" data-end=\"558\">Puff Flex 2800 Puffs Jednokratni Vape<\/strong> sadr\u017ei jedinstveni ergonomski nastavak za usta za udobnu upotrebu bilo kada i bilo gdje. S unaprijed napunjenom baterijom od 850 mAh, ne zahtijeva punjenje, \u0161to ga \u010dini idealnim za putovanja, dru\u0161tvena okupljanja ili dnevne sesije vapinga.<\/p>\n<p data-start=\"774\" data-end=\"1107\">Dostupan u \u0161irokom rasponu okusa, od klasi\u010dnog duhana i mentola do mje\u0161avina vo\u0107a i deserta, ovaj jednokratni vape zadovoljava razli\u010dite preferencije. Pouzdan od strane veleprodajnih kupaca \u0161irom Hrvatske i Europe, <strong data-start=\"983\" data-end=\"1023\">Puff Flex 2800 Puffs Jednokratni Vape<\/strong> kombinira prakti\u010dnost, stil i vrhunsku kvalitetu u elegantnom ure\u0111aju spremnom za kori\u0161tenje.<\/p>\n<h6 style=\"text-align: left\"><img decoding=\"async\" class=\"alignnone wp-image-1884\" src=\"http:\/\/vapebulkp.com\/wp-content\/uploads\/2023\/11\/Italy-Wholesale-Puff-Flex-2800-puffs-good-sale.png\" alt=\"Veleprodaja Puff Flex 2800 uvla\u010denja Hrvatska dobra prodaja\" width=\"456\" height=\"456\" srcset=\"https:\/\/vapebulkp.com\/wp-content\/uploads\/2023\/11\/Italy-Wholesale-Puff-Flex-2800-puffs-good-sale.png 800w, https:\/\/vapebulkp.com\/wp-content\/uploads\/2023\/11\/Italy-Wholesale-Puff-Flex-2800-puffs-good-sale-300x300.png 300w, https:\/\/vapebulkp.com\/wp-content\/uploads\/2023\/11\/Italy-Wholesale-Puff-Flex-2800-puffs-good-sale-150x150.png 150w, https:\/\/vapebulkp.com\/wp-content\/uploads\/2023\/11\/Italy-Wholesale-Puff-Flex-2800-puffs-good-sale-768x768.png 768w, https:\/\/vapebulkp.com\/wp-content\/uploads\/2023\/11\/Italy-Wholesale-Puff-Flex-2800-puffs-good-sale-600x600.png 600w, https:\/\/vapebulkp.com\/wp-content\/uploads\/2023\/11\/Italy-Wholesale-Puff-Flex-2800-puffs-good-sale-100x100.png 100w\" sizes=\"(max-width: 456px) 100vw, 456px\" \/><\/h6>\n<h6>Molimo kontaktirajte Mandy's WhatsApp za cijenu s popustom<a href=\"https:\/\/wa.me\/8618077105796\">+8618077105796<\/a><\/h6>\n<p><img decoding=\"async\" class=\"alignnone wp-image-2151\" src=\"http:\/\/vapebulkp.com\/wp-content\/uploads\/2024\/04\/Mandy-WhatsApp-Randm.jpg\" alt=\"Mandy WhatsApp Randm\" width=\"265\" height=\"282\" srcset=\"https:\/\/vapebulkp.com\/wp-content\/uploads\/2024\/04\/Mandy-WhatsApp-Randm.jpg 916w, https:\/\/vapebulkp.com\/wp-content\/uploads\/2024\/04\/Mandy-WhatsApp-Randm-282x300.jpg 282w, https:\/\/vapebulkp.com\/wp-content\/uploads\/2024\/04\/Mandy-WhatsApp-Randm-768x817.jpg 768w, https:\/\/vapebulkp.com\/wp-content\/uploads\/2024\/04\/Mandy-WhatsApp-Randm-600x638.jpg 600w\" sizes=\"(max-width: 265px) 100vw, 265px\" \/><\/p>\n<h2><\/h2>\n<h2>Mo\u017eda biste \u017eeljeli znati o Puff flex 2800 jednokratnom vapeu:<\/h2>\n<p><strong>1. Koji su okusi dostupni za Puff Flex 2800 jednokratnu e-cigaretu?<\/strong><\/p>\n<p>Odgovor: Jednokratna e-cigareta Puff Flex 2800 dolazi u raznim okusima, uklju\u010duju\u0107i mentol, duhan, vo\u0107ne mje\u0161avine i okuse deserta kao \u0161to su jagoda, mango, lubenica i vi\u0161e.<\/p>\n<p><strong>2. Koliko traje baterija na Puff Flex 2800?<\/strong><\/p>\n<p>Odgovor: Trajanje baterije jednokratne e-cigarete Puff Flex 2800 varira ovisno o upotrebi, ali u prosjeku mo\u017ee trajati do 2800 udisaja, pru\u017eaju\u0107i produ\u017eeno iskustvo vapinga.<\/p>\n<p><strong>3. Je li Puff Flex 2800 e-cigareta punjiva ili se mo\u017ee ponovno puniti?<\/strong><\/p>\n<p>Odgovor: Ne, Puff Flex 2800 je jednokratna e-cigareta i nije punjiva niti se mo\u017ee ponovno puniti. Kada se e-teku\u0107ina potro\u0161i ili baterija zavr\u0161i, odla\u017ee se i zamjenjuje novom.<\/p>\n<p><strong>4. Koje su ja\u010dine nikotina dostupne za Puff Flex 2800?<\/strong><\/p>\n<p>Odgovor: Jednokratna e-cigareta Puff Flex 2800 dostupna je u razli\u010ditim ja\u010dinama nikotina, zadovoljavaju\u0107i razli\u010dite preferencije, uklju\u010duju\u0107i opcije za ve\u0107e koncentracije nikotina i ni\u017ee nikotinske ili opcije bez nikotina.<\/p>\n<p><strong>5. Postoje li sigurnosne zna\u010dajke u Puff Flex 2800 e-cigareti?<\/strong><\/p>\n<p>Odgovor: Da, Puff Flex 2800 jednokratna e-cigareta dizajnirana je sa sigurnosnim zna\u010dajkama kao \u0161to su za\u0161tita od pregrijavanja i za\u0161tita od kratkog spoja kako bi se osiguralo sigurno iskustvo vapinga za korisnike.<\/p>\n<p>&nbsp;<\/p>\n<p><span style=\"color: #ff6600\">Napomena: ne punite cijelu no\u0107!<\/span><\/p>\n<p>&nbsp;<\/p>\n<h3>Chap Price Vape Puff Flex 2800 Puffs Zna\u010dajke proizvoda:<\/h3>\n<ul>\n<li>ugra\u0111enom baterijom od 850 mAh<\/li>\n<li>Mogu\u0107e punjenje<\/li>\n<li>U\u010dinkovit, dosljedan prijenos snage<\/li>\n<li>8 ml napunjene e-teku\u0107ine<\/li>\n<li>\u00a02%5% Razina nikotina<\/li>\n<\/ul>\n<h3><strong>\u00a0Najbolji okusi Vape Puff Flex 2800 Puffs?<\/strong><\/h3>\n<p>1) Ledena lubenica<br \/>\n2) Jagoda banana<br \/>\n3) Ledena banana<br \/>\n4) Plava malina limunada<br \/>\n5) Ledeni gu\u0161t<br \/>\n6) Ledeni mango<br \/>\n7) Pina Colada<br \/>\n8) Ledena breskva<br \/>\n9) Mije\u0161ano bobi\u010dasto vo\u0107e<br \/>\n10) Jagoda lubenica<br \/>\n11) Mamba<br \/>\n12) Hladna menta<br \/>\n13) Borovnica na ledu<br \/>\n14) Crveni bik<br \/>\n15) Ledeni gumeni bomboni<br \/>\n16) Ledena limunada od gro\u017e\u0111a<br \/>\n17) Ledeni shake shake<br \/>\n18) \u0160e\u0107erna vuna<br \/>\n19) Dugin bombon<br \/>\n20) Energetsko pi\u0107e<br \/>\n21) Ledena kola<br \/>\n22) Ledena jagoda<br \/>\n23) Ledena jagoda mango<br \/>\n24)Gro\u017e\u0111e<br \/>\n25)Sladoled od jagode<\/p>\n<p><a href=\"https:\/\/vapebulkp.com\/hr\/product\/popular-randm-tornado-7000puffs-disposable-vape-best-price\/\">Randm tornado 7000 uvla\u010denja<\/a><\/p>\n<p><span style=\"vertical-align: inherit\">Prona\u0111ite vi\u0161e proizvoda koji bi vam se mogli svidjeti:<\/span><em><a href=\"https:\/\/wa.me\/8618077105796\"><span style=\"vertical-align: inherit\">\u00a0Kupite sada<\/span><\/a><\/em><\/p>\n<p><span style=\"vertical-align: inherit\">Ostali Puffs koji bi vam se mogli svidjeti:<\/span><a href=\"https:\/\/vapebulkp.com\/hr\/product\/good-sale-randm-tornado-10000-puffs-plus\/\"><span style=\"vertical-align: inherit\">RandM 10000Pufova<\/span><\/a><span style=\"vertical-align: inherit\">\u3001 <\/span><a href=\"https:\/\/vapebulkp.com\/hr\/product\/wholesale-randm-tornado-9000-puffs-germany\/\"><span style=\"vertical-align: inherit\">RandM Tornado 9000 Puhova<\/span><\/a><span style=\"vertical-align: inherit\">\/ <\/span><a href=\"https:\/\/vapebulkp.com\/hr\/product\/popular-bang-king-10000-puffs-vape-good-price\/\"><span style=\"vertical-align: inherit\">Bang King 10000 Puhova<\/span><\/a><span style=\"vertical-align: inherit\">\/ <\/span><a href=\"https:\/\/vapebulkp.com\/hr\/product\/bang-king-12000puffs\/\"><span style=\"vertical-align: inherit\">Bang King 12000 Puhova<\/span><\/a><\/p>\n<p><span style=\"vertical-align: inherit\">E-cigareta posebnog oblika boce:<\/span><a href=\"https:\/\/vapebulkp.com\/hr\/product\/popular-kulx-10000puffs-disposable-vape-good-price\/\"><span style=\"vertical-align: inherit\">Kulx 10000 Udisaja<\/span><\/a><span style=\"vertical-align: inherit\">\/ <\/span><a href=\"https:\/\/vapebulkp.com\/hr\/product\/disposable-vape-crystal-600-puffs\/\"><span style=\"vertical-align: inherit\">Crystal Legend 600 uvla\u010denja<\/span><\/a><span style=\"vertical-align: inherit\">\/<\/span><a href=\"https:\/\/vapebulkp.com\/hr\/product\/bang-box-12000puffs-good-vape-sweden-wholesale-price\/\"><span style=\"vertical-align: inherit\">Bang Box vape 12000 uvla\u010denja<\/span><\/a><\/p>\n<h4>Detalji dostave:<\/h4>\n<p><span style=\"color: #ff6600\">Vrijeme proizvodnje: 5-10 radnih dana<\/span><br \/>\n<span style=\"color: #ff6600\">Vrijeme isporuke: 8-14 radnih dana<\/span><\/p>\n<p>Svi proizvodi u na\u0161oj trgovini su 100% originalni i autenti\u010dni, stoga je desetostruka naknada za la\u017enu robu na\u0161a politika trgovine. Za dostavu koristimo logisti\u010dke kanale kao \u0161to su UPS\/DHL\/FEDEX\/DPD.<\/p>\n<p>Za pakete poslane u Hrvatsku obi\u010dno je potrebno 10 radnih dana da stignu. Dostava u europske zemlje obi\u010dno traje 12 do 15 radnih dana da stigne. Logisti\u010dke informacije \u0107emo a\u017eurirati za vas u stvarnom vremenu.<\/p>","protected":false},"excerpt":{"rendered":"<p>PUFF FLEX jednokratna e-cigareta jedna je od najpopularnijih marki. Ova e-cigareta omogu\u0107uje vam pu\u0161enje bez punjenja. Nakon kori\u0161tenja PUFF FLXE 2800 jednokratne e-cigarete, ona mo\u017ee ostaviti dugotrajan miris u va\u0161im ustima, zbog \u010dega se osje\u0107ate ispunjeno.<\/p>\n<p><img decoding=\"async\" class=\"alignnone wp-image-2151\" src=\"http:\/\/vapebulkp.com\/wp-content\/uploads\/2024\/04\/Mandy-WhatsApp-Randm.jpg\" alt=\"Mandy WhatsApp Randm\" width=\"280\" height=\"298\" srcset=\"https:\/\/vapebulkp.com\/wp-content\/uploads\/2024\/04\/Mandy-WhatsApp-Randm.jpg 916w, https:\/\/vapebulkp.com\/wp-content\/uploads\/2024\/04\/Mandy-WhatsApp-Randm-282x300.jpg 282w, https:\/\/vapebulkp.com\/wp-content\/uploads\/2024\/04\/Mandy-WhatsApp-Randm-768x817.jpg 768w, https:\/\/vapebulkp.com\/wp-content\/uploads\/2024\/04\/Mandy-WhatsApp-Randm-600x638.jpg 600w\" sizes=\"(max-width: 280px) 100vw, 280px\" \/><\/p>\n<p>Molimo kontaktirajte Mandy's WhatsApp za cijenu s popustom<a href=\"https:\/\/wa.me\/8618077105796\">+8618077105796<\/a><\/p>\n<p><span style=\"color: #ff0000\">NAPOMENA: Cijene na na\u0161oj web stranici ne uklju\u010duju tro\u0161kove dostave<\/span><\/p>","protected":false},"featured_media":1895,"comment_status":"open","ping_status":"closed","template":"","meta":{"_uag_custom_page_level_css":"","_lmt_disableupdate":"no","_lmt_disable":"","site-sidebar-layout":"default","site-content-layout":"content-boxed-container","ast-site-content-layout":"normal-width-container","site-content-style":"boxed","site-sidebar-style":"unboxed","ast-global-header-display":"","ast-banner-title-visibility":"","ast-main-header-display":"","ast-hfb-above-header-display":"","ast-hfb-below-header-display":"","ast-hfb-mobile-header-display":"","site-post-title":"","ast-breadcrumbs-content":"","ast-featured-img":"","footer-sml-layout":"","theme-transparent-header-meta":"default","adv-header-id-meta":"","stick-header-meta":"","header-above-stick-meta":"","header-main-stick-meta":"","header-below-stick-meta":"","astra-migrate-meta-layouts":"set","_joinchat":[]},"product_cat":[153,155,33,59,100,34,158,157,154,152,58,84,156,63,32],"product_tag":[86,36,37,91,41,71,40],"class_list":["post-1883","product","type-product","status-publish","has-post-thumbnail","hentry","product_cat-hot-disposable-vapes","product_cat-belgium-hot-disposable-vapes","product_cat-france-vape-hot-sale","product_cat-germany-hot-disposable-vape","product_cat-germany-wholesale-vape-shop","product_cat-netherlands-vape-good-sale","product_cat-norway-hot-disposable-vapes","product_cat-poland-hot-disposable-vapes","product_cat-portugal-hot-disposable-vapes","product_cat-spain-hot-disposable-vapes","product_cat-sweden-hot-disposable-vape","product_cat-sweden-wholesale-vape","product_cat-switzerland-hot-disposable-vapes","product_cat-top-sale-disposable-vape","product_cat-vape-hot-sale-this-week","product_tag-2800-puffs","product_tag-good-vape","product_tag-hot-sale-disposable-vape","product_tag-italy-hot-vape","product_tag-poland-hot-vape","product_tag-randm","product_tag-sweden-hot-vape","desktop-align-left","tablet-align-left","mobile-align-left"],"yoast_head":"<!-- This site is optimized with the Yoast SEO plugin v21.1 - https:\/\/yoast.com\/wordpress\/plugins\/seo\/ -->\n<title>Puff Flex 2800 Puffs Authentic Vape Wholesale Italy - vapebulkp.com<\/title>\n<meta name=\"description\" content=\"Puff flex 2800 disposable e-cigarette is one of the most popular brands. This e-cigarette allows you to smoke without charging. After smoking Puff flex 2.8 puffs disposable e-cigarette, it can leave a lingering fragrance in your mouth, making you feel owned.\" \/>\n<meta name=\"robots\" content=\"index, follow, max-snippet:-1, max-image-preview:large, max-video-preview:-1\" \/>\n<link rel=\"canonical\" href=\"https:\/\/vapebulkp.com\/hr\/product\/puff-flex-2800-puffs-authentic-vape-wholesale-italy\/\" \/>\n<meta property=\"og:locale\" content=\"hr_HR\" \/>\n<meta property=\"og:type\" content=\"article\" \/>\n<meta property=\"og:title\" content=\"Puff Flex 2800 Puffs Authentic Vape Wholesale Italy - vapebulkp.com\" \/>\n<meta property=\"og:description\" content=\"Puff flex 2800 disposable e-cigarette is one of the most popular brands. This e-cigarette allows you to smoke without charging. After smoking Puff flex 2.8 puffs disposable e-cigarette, it can leave a lingering fragrance in your mouth, making you feel owned.\" \/>\n<meta property=\"og:url\" content=\"https:\/\/vapebulkp.com\/hr\/product\/puff-flex-2800-puffs-authentic-vape-wholesale-italy\/\" \/>\n<meta property=\"og:site_name\" content=\"vapebulkp.com\" \/>\n<meta property=\"article:modified_time\" content=\"2025-09-01T07:09:34+00:00\" \/>\n<meta property=\"og:image\" content=\"http:\/\/vapebulkp.com\/wp-content\/uploads\/2023\/11\/Wholesale-Puff-Flex-2800-puffs-1.jpg\" \/>\n\t<meta property=\"og:image:width\" content=\"1000\" \/>\n\t<meta property=\"og:image:height\" content=\"1000\" \/>\n\t<meta property=\"og:image:type\" content=\"image\/jpeg\" \/>\n<meta name=\"twitter:card\" content=\"summary_large_image\" \/>\n<meta name=\"twitter:label1\" content=\"Procijenjeno vrijeme \u010ditanja\" \/>\n\t<meta name=\"twitter:data1\" content=\"3 minute\" \/>\n<script type=\"application\/ld+json\" class=\"yoast-schema-graph\">{\"@context\":\"https:\/\/schema.org\",\"@graph\":[{\"@type\":\"WebPage\",\"@id\":\"https:\/\/vapebulkp.com\/product\/puff-flex-2800-puffs-authentic-vape-wholesale-italy\/\",\"url\":\"https:\/\/vapebulkp.com\/product\/puff-flex-2800-puffs-authentic-vape-wholesale-italy\/\",\"name\":\"Puff Flex 2800 Puffs Authentic Vape Wholesale Italy - vapebulkp.com\",\"isPartOf\":{\"@id\":\"https:\/\/vapebulkp.com\/#website\"},\"datePublished\":\"2023-11-22T09:39:51+00:00\",\"dateModified\":\"2025-09-01T07:09:34+00:00\",\"description\":\"Puff flex 2800 disposable e-cigarette is one of the most popular brands. This e-cigarette allows you to smoke without charging. After smoking Puff flex 2.8 puffs disposable e-cigarette, it can leave a lingering fragrance in your mouth, making you feel owned.\",\"breadcrumb\":{\"@id\":\"https:\/\/vapebulkp.com\/product\/puff-flex-2800-puffs-authentic-vape-wholesale-italy\/#breadcrumb\"},\"inLanguage\":\"hr\",\"potentialAction\":[{\"@type\":\"ReadAction\",\"target\":[\"https:\/\/vapebulkp.com\/product\/puff-flex-2800-puffs-authentic-vape-wholesale-italy\/\"]}]},{\"@type\":\"BreadcrumbList\",\"@id\":\"https:\/\/vapebulkp.com\/product\/puff-flex-2800-puffs-authentic-vape-wholesale-italy\/#breadcrumb\",\"itemListElement\":[{\"@type\":\"ListItem\",\"position\":1,\"name\":\"Home\",\"item\":\"https:\/\/vapebulkp.com\/\"},{\"@type\":\"ListItem\",\"position\":2,\"name\":\"Hot Trend Vapes\",\"item\":\"https:\/\/vapebulkp.com\/vape-shop\/\"},{\"@type\":\"ListItem\",\"position\":3,\"name\":\"Puff Flex 2800 Puffs Authentic Vape Wholesale Italy\"}]},{\"@type\":\"WebSite\",\"@id\":\"https:\/\/vapebulkp.com\/#website\",\"url\":\"https:\/\/vapebulkp.com\/\",\"name\":\"vapebulkp.com\",\"description\":\"Buy Vape In Cheap Bulk Price Near you\",\"publisher\":{\"@id\":\"https:\/\/vapebulkp.com\/#organization\"},\"potentialAction\":[{\"@type\":\"SearchAction\",\"target\":{\"@type\":\"EntryPoint\",\"urlTemplate\":\"https:\/\/vapebulkp.com\/?s={search_term_string}\"},\"query-input\":\"required name=search_term_string\"}],\"inLanguage\":\"hr\"},{\"@type\":\"Organization\",\"@id\":\"https:\/\/vapebulkp.com\/#organization\",\"name\":\"vapebulkp.com\",\"url\":\"https:\/\/vapebulkp.com\/\",\"logo\":{\"@type\":\"ImageObject\",\"inLanguage\":\"hr\",\"@id\":\"https:\/\/vapebulkp.com\/#\/schema\/logo\/image\/\",\"url\":\"https:\/\/vapebulkp.com\/wp-content\/uploads\/2023\/09\/cropped-vapebulkp.png\",\"contentUrl\":\"https:\/\/vapebulkp.com\/wp-content\/uploads\/2023\/09\/cropped-vapebulkp.png\",\"width\":516,\"height\":163,\"caption\":\"vapebulkp.com\"},\"image\":{\"@id\":\"https:\/\/vapebulkp.com\/#\/schema\/logo\/image\/\"}}]}<\/script>\n<!-- \/ Yoast SEO plugin. -->","yoast_head_json":{"title":"Puff Flex 2800 Puffs Authentic Vape Wholesale Italy - vapebulkp.com","description":"Puff flex 2800 disposable e-cigarette is one of the most popular brands. This e-cigarette allows you to smoke without charging. After smoking Puff flex 2.8 puffs disposable e-cigarette, it can leave a lingering fragrance in your mouth, making you feel owned.","robots":{"index":"index","follow":"follow","max-snippet":"max-snippet:-1","max-image-preview":"max-image-preview:large","max-video-preview":"max-video-preview:-1"},"canonical":"https:\/\/vapebulkp.com\/hr\/product\/puff-flex-2800-puffs-authentic-vape-wholesale-italy\/","og_locale":"hr_HR","og_type":"article","og_title":"Puff Flex 2800 Puffs Authentic Vape Wholesale Italy - vapebulkp.com","og_description":"Puff flex 2800 disposable e-cigarette is one of the most popular brands. This e-cigarette allows you to smoke without charging. After smoking Puff flex 2.8 puffs disposable e-cigarette, it can leave a lingering fragrance in your mouth, making you feel owned.","og_url":"https:\/\/vapebulkp.com\/hr\/product\/puff-flex-2800-puffs-authentic-vape-wholesale-italy\/","og_site_name":"vapebulkp.com","article_modified_time":"2025-09-01T07:09:34+00:00","og_image":[{"width":1000,"height":1000,"url":"http:\/\/vapebulkp.com\/wp-content\/uploads\/2023\/11\/Wholesale-Puff-Flex-2800-puffs-1.jpg","type":"image\/jpeg"}],"twitter_card":"summary_large_image","twitter_misc":{"Procijenjeno vrijeme \u010ditanja":"3 minute"},"schema":{"@context":"https:\/\/schema.org","@graph":[{"@type":"WebPage","@id":"https:\/\/vapebulkp.com\/product\/puff-flex-2800-puffs-authentic-vape-wholesale-italy\/","url":"https:\/\/vapebulkp.com\/product\/puff-flex-2800-puffs-authentic-vape-wholesale-italy\/","name":"Puff Flex 2800 Puffs Authentic Vape Wholesale Italy - vapebulkp.com","isPartOf":{"@id":"https:\/\/vapebulkp.com\/#website"},"datePublished":"2023-11-22T09:39:51+00:00","dateModified":"2025-09-01T07:09:34+00:00","description":"Puff flex 2800 disposable e-cigarette is one of the most popular brands. This e-cigarette allows you to smoke without charging. After smoking Puff flex 2.8 puffs disposable e-cigarette, it can leave a lingering fragrance in your mouth, making you feel owned.","breadcrumb":{"@id":"https:\/\/vapebulkp.com\/product\/puff-flex-2800-puffs-authentic-vape-wholesale-italy\/#breadcrumb"},"inLanguage":"hr","potentialAction":[{"@type":"ReadAction","target":["https:\/\/vapebulkp.com\/product\/puff-flex-2800-puffs-authentic-vape-wholesale-italy\/"]}]},{"@type":"BreadcrumbList","@id":"https:\/\/vapebulkp.com\/product\/puff-flex-2800-puffs-authentic-vape-wholesale-italy\/#breadcrumb","itemListElement":[{"@type":"ListItem","position":1,"name":"Home","item":"https:\/\/vapebulkp.com\/"},{"@type":"ListItem","position":2,"name":"Hot Trend Vapes","item":"https:\/\/vapebulkp.com\/vape-shop\/"},{"@type":"ListItem","position":3,"name":"Puff Flex 2800 Puffs Authentic Vape Wholesale Italy"}]},{"@type":"WebSite","@id":"https:\/\/vapebulkp.com\/#website","url":"https:\/\/vapebulkp.com\/","name":"vapebulkp.com","description":"Buy Vape In Cheap Bulk Price Near you","publisher":{"@id":"https:\/\/vapebulkp.com\/#organization"},"potentialAction":[{"@type":"SearchAction","target":{"@type":"EntryPoint","urlTemplate":"https:\/\/vapebulkp.com\/?s={search_term_string}"},"query-input":"required name=search_term_string"}],"inLanguage":"hr"},{"@type":"Organization","@id":"https:\/\/vapebulkp.com\/#organization","name":"vapebulkp.com","url":"https:\/\/vapebulkp.com\/","logo":{"@type":"ImageObject","inLanguage":"hr","@id":"https:\/\/vapebulkp.com\/#\/schema\/logo\/image\/","url":"https:\/\/vapebulkp.com\/wp-content\/uploads\/2023\/09\/cropped-vapebulkp.png","contentUrl":"https:\/\/vapebulkp.com\/wp-content\/uploads\/2023\/09\/cropped-vapebulkp.png","width":516,"height":163,"caption":"vapebulkp.com"},"image":{"@id":"https:\/\/vapebulkp.com\/#\/schema\/logo\/image\/"}}]}},"uagb_featured_image_src":{"full":["https:\/\/vapebulkp.com\/wp-content\/uploads\/2023\/11\/Wholesale-Puff-Flex-2800-puffs-1.jpg",1000,1000,false],"thumbnail":["https:\/\/vapebulkp.com\/wp-content\/uploads\/2023\/11\/Wholesale-Puff-Flex-2800-puffs-1-150x150.jpg",150,150,true],"medium":["https:\/\/vapebulkp.com\/wp-content\/uploads\/2023\/11\/Wholesale-Puff-Flex-2800-puffs-1-300x300.jpg",300,300,true],"medium_large":["https:\/\/vapebulkp.com\/wp-content\/uploads\/2023\/11\/Wholesale-Puff-Flex-2800-puffs-1-768x768.jpg",768,768,true],"large":["https:\/\/vapebulkp.com\/wp-content\/uploads\/2023\/11\/Wholesale-Puff-Flex-2800-puffs-1.jpg",1000,1000,false],"1536x1536":["https:\/\/vapebulkp.com\/wp-content\/uploads\/2023\/11\/Wholesale-Puff-Flex-2800-puffs-1.jpg",1000,1000,false],"2048x2048":["https:\/\/vapebulkp.com\/wp-content\/uploads\/2023\/11\/Wholesale-Puff-Flex-2800-puffs-1.jpg",1000,1000,false],"trp-custom-language-flag":["https:\/\/vapebulkp.com\/wp-content\/uploads\/2023\/11\/Wholesale-Puff-Flex-2800-puffs-1.jpg",12,12,false],"woocommerce_thumbnail":["https:\/\/vapebulkp.com\/wp-content\/uploads\/2023\/11\/Wholesale-Puff-Flex-2800-puffs-1-300x300.jpg",300,300,true],"woocommerce_single":["https:\/\/vapebulkp.com\/wp-content\/uploads\/2023\/11\/Wholesale-Puff-Flex-2800-puffs-1-600x600.jpg",600,600,true],"woocommerce_gallery_thumbnail":["https:\/\/vapebulkp.com\/wp-content\/uploads\/2023\/11\/Wholesale-Puff-Flex-2800-puffs-1-100x100.jpg",100,100,true],"wcpr-photo-reviews":["https:\/\/vapebulkp.com\/wp-content\/uploads\/2023\/11\/Wholesale-Puff-Flex-2800-puffs-1.jpg",500,500,false]},"uagb_author_info":{"display_name":"Mandy vape bulk price","author_link":"https:\/\/vapebulkp.com\/hr\/author\/"},"uagb_comment_info":0,"uagb_excerpt":"PUFF FLXE disposable e-cigarette is one of the most popular brands. This e-cigarette allows you to smoke without charging. After smoking PUFF FLXE 2800 disposable e-cigarette, it can leave a lingering fragrance in your mouth, making you feel owned. Pls Contact Mandy's WhatsApp For Discount Price+8618077105796 NOTE: Prices on our website does not include shipping&hellip;","_links":{"self":[{"href":"https:\/\/vapebulkp.com\/hr\/wp-json\/wp\/v2\/product\/1883","targetHints":{"allow":["GET"]}}],"collection":[{"href":"https:\/\/vapebulkp.com\/hr\/wp-json\/wp\/v2\/product"}],"about":[{"href":"https:\/\/vapebulkp.com\/hr\/wp-json\/wp\/v2\/types\/product"}],"replies":[{"embeddable":true,"href":"https:\/\/vapebulkp.com\/hr\/wp-json\/wp\/v2\/comments?post=1883"}],"wp:featuredmedia":[{"embeddable":true,"href":"https:\/\/vapebulkp.com\/hr\/wp-json\/wp\/v2\/media\/1895"}],"wp:attachment":[{"href":"https:\/\/vapebulkp.com\/hr\/wp-json\/wp\/v2\/media?parent=1883"}],"wp:term":[{"taxonomy":"product_cat","embeddable":true,"href":"https:\/\/vapebulkp.com\/hr\/wp-json\/wp\/v2\/product_cat?post=1883"},{"taxonomy":"product_tag","embeddable":true,"href":"https:\/\/vapebulkp.com\/hr\/wp-json\/wp\/v2\/product_tag?post=1883"}],"curies":[{"name":"wp","href":"https:\/\/api.w.org\/{rel}","templated":true}]}}