{"id":1946,"date":"2023-12-11T08:52:30","date_gmt":"2023-12-11T07:52:30","guid":{"rendered":"https:\/\/vapebulkp.com\/?post_type=product&#038;p=1946"},"modified":"2025-09-01T11:15:39","modified_gmt":"2025-09-01T09:15:39","slug":"cloud-bar-tornado-9000puffs-randm-vape-original-vape","status":"publish","type":"product","link":"https:\/\/vapebulkp.com\/hr\/product\/cloud-bar-tornado-9000puffs-randm-vape-original-vape\/","title":{"rendered":"Cloud Bar Tornado 9000 Udaha Randm Vape Originalni Vape"},"content":{"rendered":"<h2>Cloud Bar Tornado 9000 Udaha Randm Vape Originalni Vape<\/h2>\n<p data-start=\"172\" data-end=\"477\">O <strong data-start=\"176\" data-end=\"219\">Cloud Bar Tornado 9000 dimova Randm Vape<\/strong> je visokokapacitetni <strong data-start=\"239\" data-end=\"269\">9000 Udaha jednokratni vape<\/strong> dizajniran za europske entuzijaste vapinga koji tra\u017ee stil, okus i pouzdanost. Dizajniran s baterijom od 600 mAh i unaprijed napunjenom e-teku\u0107inom od 18 ml, pru\u017ea glatke, zadovoljavaju\u0107e uvlake bez prekida.<\/p>\n<p data-start=\"479\" data-end=\"848\">Odaberite izme\u0111u 2% ili 5% nikotinske soli kako biste uskladili \u017eeljeni intenzitet, dok napredni sustav protoka zraka osigurava dosljednu proizvodnju pare sa svakim udisajem. Dostupan u raznim vrhunskim okusima\u2014od vo\u0107nog okusa borovnice i maline do ledene svje\u017eine Lush Ice\u2014ovaj jednokratni vape prilago\u0111en je razli\u010ditim ukusima i odr\u017eava okus jakim do posljednjeg udisaja.<\/p>\n<p data-start=\"850\" data-end=\"1161\">Kompaktan i prenosiv, <strong data-start=\"876\" data-end=\"908\">Cloud Bar Tornado 9k Puffs Vape ure\u0111aj<\/strong>\u00a0savr\u0161en je za svakodnevnu upotrebu, putovanja ili dru\u0161tvene okolnosti. Njegov elegantan dizajn, performanse velikog kapaciteta i europska veleprodajna dostupnost \u010dine ga vrhunskim izborom za individualne korisnike i masovne kupce koji tra\u017ee pouzdan <strong data-start=\"1126\" data-end=\"1158\">punjivi jednokratni vape<\/strong>.<\/p>\n<h6 style=\"text-align: left\"><img decoding=\"async\" class=\"alignnone size-full wp-image-1942\" src=\"http:\/\/vapebulkp.com\/wp-content\/uploads\/2023\/12\/Cloud-Bar-Tornado-9000-Puffs-Randm-Vape-Tornado-9K-Germany.png\" alt=\"Cloud Bar Tornado 9000 Puffs Randm Vape Tornado 9K Hrvatska\" width=\"1000\" height=\"1000\" srcset=\"https:\/\/vapebulkp.com\/wp-content\/uploads\/2023\/12\/Cloud-Bar-Tornado-9000-Puffs-Randm-Vape-Tornado-9K-Germany.png 1000w, https:\/\/vapebulkp.com\/wp-content\/uploads\/2023\/12\/Cloud-Bar-Tornado-9000-Puffs-Randm-Vape-Tornado-9K-Germany-300x300.png 300w, https:\/\/vapebulkp.com\/wp-content\/uploads\/2023\/12\/Cloud-Bar-Tornado-9000-Puffs-Randm-Vape-Tornado-9K-Germany-150x150.png 150w, https:\/\/vapebulkp.com\/wp-content\/uploads\/2023\/12\/Cloud-Bar-Tornado-9000-Puffs-Randm-Vape-Tornado-9K-Germany-768x768.png 768w, https:\/\/vapebulkp.com\/wp-content\/uploads\/2023\/12\/Cloud-Bar-Tornado-9000-Puffs-Randm-Vape-Tornado-9K-Germany-600x600.png 600w, https:\/\/vapebulkp.com\/wp-content\/uploads\/2023\/12\/Cloud-Bar-Tornado-9000-Puffs-Randm-Vape-Tornado-9K-Germany-100x100.png 100w\" sizes=\"(max-width: 1000px) 100vw, 1000px\" \/><\/h6>\n<h6>Molimo kontaktirajte Mandy's WhatsApp za cijenu s popustom<a href=\"https:\/\/wa.me\/8618077105796\">+8618077105796<\/a><\/h6>\n<p><img decoding=\"async\" class=\"alignnone wp-image-2151\" src=\"http:\/\/vapebulkp.com\/wp-content\/uploads\/2024\/04\/Mandy-WhatsApp-Randm.jpg\" alt=\"Mandy WhatsApp Randm\" width=\"287\" height=\"305\" srcset=\"https:\/\/vapebulkp.com\/wp-content\/uploads\/2024\/04\/Mandy-WhatsApp-Randm.jpg 916w, https:\/\/vapebulkp.com\/wp-content\/uploads\/2024\/04\/Mandy-WhatsApp-Randm-282x300.jpg 282w, https:\/\/vapebulkp.com\/wp-content\/uploads\/2024\/04\/Mandy-WhatsApp-Randm-768x817.jpg 768w, https:\/\/vapebulkp.com\/wp-content\/uploads\/2024\/04\/Mandy-WhatsApp-Randm-600x638.jpg 600w\" sizes=\"(max-width: 287px) 100vw, 287px\" \/><\/p>\n<div class=\"faqs-answer\"><\/div>\n<h3><strong><span style=\"vertical-align: inherit\">Oblak bar puff 9000 majmun esto 2023 specifikacija vapinga:<\/span><br \/>\n<\/strong><\/h3>\n<p>Model:Oblak Bar Tornado 9000<br \/>\nBroj dimova: 9000<br \/>\nKapacitet baterije: 600mAh<br \/>\nVolumen e-teku\u0107ine: 18 ml<br \/>\nSadr\u017eaj nikotina: 2%\/5% Nikotinska sol<br \/>\nPakiranje: 10 komada u 1 izlo\u017ebenoj kutiji<br \/>\nMinimalna koli\u010dina narud\u017ebe (MOQ): 50 komada<\/p>\n<p>&nbsp;<\/p>\n<h3><strong>Cloud Bar Tornado 9000 Randm Vape Izbor okusa:<\/strong><\/h3>\n<p>1. Borovnica Malina<br \/>\n2. Mr Blue<br \/>\n3. Jagoda Lubenica<br \/>\n4. Breskva Mango Ananas<br \/>\n5. Lush Ice (led od lubenice)<br \/>\n6. Mije\u0161ano bobi\u010dasto vo\u0107e<br \/>\n7. Led od jagode<br \/>\n8. Blue razz ice<br \/>\n9. Black Dragon Ice<br \/>\n10. Led od breskve<br \/>\n11. Tre\u0161nja<br \/>\n12. Jagoda malina tre\u0161nja led<\/p>\n<p><a href=\"https:\/\/vapebulkp.com\/hr\/product\/good-sale-bang-de-8500puffs-wholesale-price\/\"><span style=\"vertical-align: inherit\">Dobra prodaja Vape Bang DE 8500 Puffs<\/span><\/a><\/p>\n<p><span style=\"vertical-align: inherit\">Prona\u0111ite vi\u0161e proizvoda koji bi vam se mogli svidjeti:<\/span><em><a href=\"https:\/\/wa.me\/8618077105796\"><span style=\"vertical-align: inherit\">\u00a0Kupite sada<\/span><\/a><\/em><\/p>\n<p><span style=\"vertical-align: inherit\">Ostali Puffs koji bi vam se mogli svidjeti:<\/span><a href=\"https:\/\/vapebulkp.com\/hr\/product\/bulk-buy-kulx-8800-puffs-disposable-vape-wholesale-germany\/\"><span style=\"vertical-align: inherit\">Kulx 8800 Puffs<\/span><\/a><span style=\"vertical-align: inherit\">\u3001<\/span><a href=\"https:\/\/vapebulkp.com\/hr\/product\/good-sale-randm-tornado-10000-puffs-plus\/\"><span style=\"vertical-align: inherit\">Randm 10000 Udisaja<\/span><\/a><span style=\"vertical-align: inherit\">\/ <\/span><a href=\"https:\/\/vapebulkp.com\/hr\/product\/popular-kulx-10000puffs-disposable-vape-good-price\/\"><span style=\"vertical-align: inherit\">Kulx 10000 Udisaja<\/span><\/a><span style=\"vertical-align: inherit\">\/ <\/span><a href=\"https:\/\/vapebulkp.com\/hr\/product\/popular-randm-tornado-7000puffs-disposable-vape-best-price\/\"><span style=\"vertical-align: inherit\">RandM Tornado 7000 Puffs<\/span><\/a><\/p>\n<p><span style=\"vertical-align: inherit\">E-cigareta posebnog oblika boce:<\/span><a href=\"https:\/\/vapebulkp.com\/hr\/product\/bang-box-12000puffs-good-vape-sweden-wholesale-price\/\"><span style=\"vertical-align: inherit\">Bang Box 12000pufova <\/span><\/a><span style=\"vertical-align: inherit\">\/ <\/span><a href=\"https:\/\/vapebulkp.com\/hr\/product\/wholesale-tornado-rum-bar-9000-puffs-sweden\/\"><span style=\"vertical-align: inherit\">Rumbar 9000 Udisaja<\/span><\/a><span style=\"vertical-align: inherit\">\/<\/span><a href=\"https:\/\/vapebulkp.com\/hr\/product\/top-sale-waspe-12000puffs-disposable-vape-wholesale-france\/\"><span style=\"vertical-align: inherit\">WASPE 12000 Udaraca<\/span><\/a><\/p>\n<h4>Kvalifikacija proizvodnje:<\/h4>\n<p><img decoding=\"async\" class=\"alignnone size-full wp-image-1841\" src=\"http:\/\/vapebulkp.com\/wp-content\/uploads\/2023\/11\/Vape-production-process-2.jpeg\" alt=\"Proces proizvodnje vape ure\u0111aja\" width=\"650\" height=\"434\" srcset=\"https:\/\/vapebulkp.com\/wp-content\/uploads\/2023\/11\/Vape-production-process-2.jpeg 650w, https:\/\/vapebulkp.com\/wp-content\/uploads\/2023\/11\/Vape-production-process-2-300x200.jpeg 300w, https:\/\/vapebulkp.com\/wp-content\/uploads\/2023\/11\/Vape-production-process-2-600x401.jpeg 600w\" sizes=\"(max-width: 650px) 100vw, 650px\" \/><\/p>\n<p><img decoding=\"async\" class=\"alignnone size-full wp-image-1843\" src=\"http:\/\/vapebulkp.com\/wp-content\/uploads\/2023\/11\/Vape-production-process.jpeg\" alt=\"Proces proizvodnje vape ure\u0111aja\" width=\"641\" height=\"1026\" srcset=\"https:\/\/vapebulkp.com\/wp-content\/uploads\/2023\/11\/Vape-production-process.jpeg 641w, https:\/\/vapebulkp.com\/wp-content\/uploads\/2023\/11\/Vape-production-process-187x300.jpeg 187w, https:\/\/vapebulkp.com\/wp-content\/uploads\/2023\/11\/Vape-production-process-640x1024.jpeg 640w, https:\/\/vapebulkp.com\/wp-content\/uploads\/2023\/11\/Vape-production-process-600x960.jpeg 600w\" sizes=\"(max-width: 641px) 100vw, 641px\" \/><\/p>\n<h4>\u010cesta pitanja:<\/h4>\n<h5><span style=\"font-size: 1.3em;font-weight: bold\">1.Mogu li sam napuniti svoju e-teku\u0107inu Cloud bar Tornado 9000?<\/span><\/h5>\n<p>Ne, Cloud bar Tornado 9000 jednokratni komplet e-cigareta slu\u017ei samo za jednokratnu upotrebu i ne mo\u017ee se ponovno puniti. Dolazi unaprijed napunjen s vrhunskim okusima e-teku\u0107ine kako bi se osiguralo iskustvo pu\u0161enja bez problema i dosljedno. Nakon \u0161to se e-teku\u0107ina potro\u0161i, sve \u0161to trebate u\u010diniti je odgovorno odlo\u017eiti ure\u0111aj.<\/p>\n<h4>2.Mogu li ponijeti Cloud bar tornado 9000 jednokratni vape na let?<\/h4>\n<p>Iako je komplet za jednokratnu upotrebu Cloud bar 9000 Puffs kompaktan i prikladan za putovanja, vrijedi provjeriti propise svoje zrakoplovne tvrtke prije nego \u0161to ga ponesete u zrakoplov. Neke zrakoplovne tvrtke imaju posebne propise o no\u0161enju ure\u0111aja za vaping, stoga je najbolje unaprijed se informirati kako biste izbjegli neugodnosti tijekom putovanja.<\/p>\n<h4>3.\u0160to u\u010diniti s iskori\u0161tenim Cloud bar tornado vape 9000 jednokratnim e-cigaretama?<\/h4>\n<p>Kako biste odgovorno zbrinuli svoj iskori\u0161teni Cloud bar tornado 9000 puffs jednokratni komplet e-cigarete, provjerite lokalne propise o e-otpadu ili e-recikliranju. Mnoge trgovine vape opreme i centri za recikliranje prihva\u0107aju iskori\u0161tene ure\u0111aje kako bi se osiguralo njihovo sigurno i odgovorno odlaganje.<\/p>\n<h4>Detalji dostave:<\/h4>\n<p><span style=\"color: #ff6600\">Vrijeme proizvodnje: 5-10 radnih dana<\/span><br \/>\n<span style=\"color: #ff6600\">Vrijeme isporuke: 8-14 radnih dana<\/span><\/p>\n<p>Svi proizvodi u na\u0161oj trgovini su 100% originalni i autenti\u010dni, stoga je desetostruka naknada za la\u017enu robu na\u0161a politika trgovine. Za dostavu koristimo logisti\u010dke kanale kao \u0161to su UPS\/DHL\/FEDEX\/DPD.<\/p>\n<p>Za pakete poslane u Hrvatsku obi\u010dno je potrebno 10 radnih dana da stignu. Dostava u europske zemlje obi\u010dno traje 12 do 15 radnih dana da stigne. Logisti\u010dke informacije \u0107emo a\u017eurirati za vas u stvarnom vremenu.<\/p>\n<h4>Neka od pitanja koja najvi\u0161e \u017eelite znati o Cloud bar tornado 9000 puffs su sljede\u0107a:<\/h4>\n<ol>\n<li><strong>\u0160to je Cloud bar Tornado 9000 Puffs jednokratna e-cigareta i kako radi?<\/strong> <em>A:<\/em> Puff tornado 9000 je jednokratni ure\u0111aj za e-cigarete koji korisnicima pru\u017ea veliki broj udisaja prije zbrinjavanja. Radi sli\u010dno drugim jednokratnim vapeovima, obi\u010dno ima prethodno napunjenu e-teku\u0107inu, integriranu bateriju i mehanizam aktiviran udisanjem za proizvodnju pare.<\/li>\n<li><strong>Koji su okusi dostupni u Cloud bar Tornado 9000 Puffs i postoje li opcije s nikotinom?<\/strong> <em>A:<\/em> Cloud bar 9000 Puffs mo\u017ee nuditi razne okuse, poput vo\u0107nih, mentola, slastica ili duhana. Sadr\u017eaj nikotina mo\u017ee varirati ovisno o specifi\u010dnom proizvodu i regiji, s opcijama za e-teku\u0107ine bez nikotina ili s nikotinom.<\/li>\n<li><strong>Koliko dugo traje baterija u puffu 9000 i mo\u017ee li se ponovno napuniti?<\/strong> <em>A:<\/em> Trajanje baterije u puffu 9000 s nikotinom obi\u010dno traje koliko i kapacitet e-teku\u0107ine, osiguravaju\u0107i u prosjeku oko 9000 udisaja. Kao jednokratni ure\u0111aj, nije punjiv i namijenjen je samo za jednokratnu upotrebu.<\/li>\n<li><strong>\u0160to izdvaja Cloud bar Tornado 9k Puffs od ostalih jednokratnih e-cigareta na tr\u017ei\u0161tu?<\/strong> <em>A:<\/em> randm puff isti\u010de se po velikom broju udisaja, nude\u0107i produ\u017eeno iskustvo vapinga u usporedbi s mnogim drugim jednokratnim e-cigaretama. Njegov dizajn, okusi i opcije nikotina tako\u0111er ga mogu razlikovati od drugih sli\u010dnih ure\u0111aja.<\/li>\n<li><strong>Postoje li sigurnosni problemi ili zdravstveni problemi povezani s upotrebom Cloud bar Tornado 9000 Puffs?<\/strong> <em>A:<\/em> Iako se e-cigarete op\u0107enito smatraju manje \u0161tetnim od tradicionalnih cigareta, one nisu bez rizika. Potencijalni zdravstveni problemi mogu uklju\u010divati ovisnost o nikotinu, probleme s di\u0161nim sustavom i druge \u0161tetne u\u010dinke povezane s vapingom. Korisnici bi trebali biti svjesni svog unosa nikotina i razmotriti potencijalne dugoro\u010dne zdravstvene u\u010dinke.<\/li>\n<\/ol>","protected":false},"excerpt":{"rendered":"<p>Veleprodajna cijena Cloud Bar tornado 9000 dimova<\/p>\n<p>Cloud Bar tornado 9000 dimova Najprodavaniji u \u0160vedskoj<\/p>\n<p>Cloud Bar tornado 9000 dimova Vape shop Francuska<\/p>\n<p><img decoding=\"async\" class=\"alignnone wp-image-2151\" src=\"http:\/\/vapebulkp.com\/wp-content\/uploads\/2024\/04\/Mandy-WhatsApp-Randm.jpg\" alt=\"Mandy WhatsApp Randm\" width=\"269\" height=\"286\" srcset=\"https:\/\/vapebulkp.com\/wp-content\/uploads\/2024\/04\/Mandy-WhatsApp-Randm.jpg 916w, https:\/\/vapebulkp.com\/wp-content\/uploads\/2024\/04\/Mandy-WhatsApp-Randm-282x300.jpg 282w, https:\/\/vapebulkp.com\/wp-content\/uploads\/2024\/04\/Mandy-WhatsApp-Randm-768x817.jpg 768w, https:\/\/vapebulkp.com\/wp-content\/uploads\/2024\/04\/Mandy-WhatsApp-Randm-600x638.jpg 600w\" sizes=\"(max-width: 269px) 100vw, 269px\" \/><\/p>\n<p>Molimo kontaktirajte Mandy's WhatsApp za cijenu s popustom<a href=\"https:\/\/wa.me\/8618077105796\">+8618077105796<\/a><\/p>\n<p><span style=\"color: #ff0000\">NAPOMENA: Cijene na na\u0161oj web stranici ne uklju\u010duju tro\u0161kove dostave<\/span><\/p>\n<p>Glavni razlog za kupnju<br \/>\n1. Izvrsna kvaliteta i neusporedive performanse.<\/p>\n<p>2. Konkurentna cijena i brza vrijednost.<\/p>\n<p>3. Vi\u0161e opcija i pravovremena dostava.<\/p>\n<p>4. Zadovoljavaju\u0107e iskustvo kupovine<\/p>","protected":false},"featured_media":1944,"comment_status":"open","ping_status":"closed","template":"","meta":{"_uag_custom_page_level_css":"","_lmt_disableupdate":"no","_lmt_disable":"","site-sidebar-layout":"default","site-content-layout":"content-boxed-container","ast-site-content-layout":"normal-width-container","site-content-style":"boxed","site-sidebar-style":"unboxed","ast-global-header-display":"","ast-banner-title-visibility":"","ast-main-header-display":"","ast-hfb-above-header-display":"","ast-hfb-below-header-display":"","ast-hfb-mobile-header-display":"","site-post-title":"","ast-breadcrumbs-content":"","ast-featured-img":"","footer-sml-layout":"","theme-transparent-header-meta":"default","adv-header-id-meta":"","stick-header-meta":"","header-above-stick-meta":"","header-main-stick-meta":"","header-below-stick-meta":"","astra-migrate-meta-layouts":"set","_joinchat":[]},"product_cat":[168,153,155,33,59,100,87,34,158,157,154,152,58,84,156,63,32],"product_tag":[47,36,37,41,75,40],"class_list":["post-1946","product","type-product","status-publish","has-post-thumbnail","hentry","product_cat-9000-puffs-disposable-vape","product_cat-hot-disposable-vapes","product_cat-belgium-hot-disposable-vapes","product_cat-france-vape-hot-sale","product_cat-germany-hot-disposable-vape","product_cat-germany-wholesale-vape-shop","product_cat-minimum-order-quantity-50pcs","product_cat-netherlands-vape-good-sale","product_cat-norway-hot-disposable-vapes","product_cat-poland-hot-disposable-vapes","product_cat-portugal-hot-disposable-vapes","product_cat-spain-hot-disposable-vapes","product_cat-sweden-hot-disposable-vape","product_cat-sweden-wholesale-vape","product_cat-switzerland-hot-disposable-vapes","product_cat-top-sale-disposable-vape","product_cat-vape-hot-sale-this-week","product_tag-9000puffs","product_tag-good-vape","product_tag-hot-sale-disposable-vape","product_tag-poland-hot-vape","product_tag-randm-vape-9000-puffs","product_tag-sweden-hot-vape","desktop-align-left","tablet-align-left","mobile-align-left"],"yoast_head":"<!-- This site is optimized with the Yoast SEO plugin v21.1 - https:\/\/yoast.com\/wordpress\/plugins\/seo\/ -->\n<title>Cloud Bar Tornado 9000Puffs Randm Vape Original Vape - vapebulkp.com<\/title>\n<meta name=\"description\" content=\"Cloud bar Tornado 9000puffs is a pre-filled all-in-one disposable e-cigarette charging device with 12 flavors for you to choose from, large e-liquid capacity and long battery life.\" \/>\n<meta name=\"robots\" content=\"index, follow, max-snippet:-1, max-image-preview:large, max-video-preview:-1\" \/>\n<link rel=\"canonical\" href=\"https:\/\/vapebulkp.com\/hr\/product\/cloud-bar-tornado-9000puffs-randm-vape-original-vape\/\" \/>\n<meta property=\"og:locale\" content=\"hr_HR\" \/>\n<meta property=\"og:type\" content=\"article\" \/>\n<meta property=\"og:title\" content=\"Cloud Bar Tornado 9000Puffs Randm Vape Original Vape - vapebulkp.com\" \/>\n<meta property=\"og:description\" content=\"Cloud bar Tornado 9000puffs is a pre-filled all-in-one disposable e-cigarette charging device with 12 flavors for you to choose from, large e-liquid capacity and long battery life.\" \/>\n<meta property=\"og:url\" content=\"https:\/\/vapebulkp.com\/hr\/product\/cloud-bar-tornado-9000puffs-randm-vape-original-vape\/\" \/>\n<meta property=\"og:site_name\" content=\"vapebulkp.com\" \/>\n<meta property=\"article:modified_time\" content=\"2025-09-01T09:15:39+00:00\" \/>\n<meta property=\"og:image\" content=\"http:\/\/vapebulkp.com\/wp-content\/uploads\/2023\/12\/Cloud-Bar-Tornado-9000-Puffs-Randm-Vape-Tornado-9K-Poland.png\" \/>\n\t<meta property=\"og:image:width\" content=\"1000\" \/>\n\t<meta property=\"og:image:height\" content=\"520\" \/>\n\t<meta property=\"og:image:type\" content=\"image\/png\" \/>\n<meta name=\"twitter:card\" content=\"summary_large_image\" \/>\n<meta name=\"twitter:label1\" content=\"Procijenjeno vrijeme \u010ditanja\" \/>\n\t<meta name=\"twitter:data1\" content=\"5 minuta\" \/>\n<script type=\"application\/ld+json\" class=\"yoast-schema-graph\">{\"@context\":\"https:\/\/schema.org\",\"@graph\":[{\"@type\":\"WebPage\",\"@id\":\"https:\/\/vapebulkp.com\/product\/cloud-bar-tornado-9000puffs-randm-vape-original-vape\/\",\"url\":\"https:\/\/vapebulkp.com\/product\/cloud-bar-tornado-9000puffs-randm-vape-original-vape\/\",\"name\":\"Cloud Bar Tornado 9000Puffs Randm Vape Original Vape - vapebulkp.com\",\"isPartOf\":{\"@id\":\"https:\/\/vapebulkp.com\/#website\"},\"datePublished\":\"2023-12-11T07:52:30+00:00\",\"dateModified\":\"2025-09-01T09:15:39+00:00\",\"description\":\"Cloud bar Tornado 9000puffs is a pre-filled all-in-one disposable e-cigarette charging device with 12 flavors for you to choose from, large e-liquid capacity and long battery life.\",\"breadcrumb\":{\"@id\":\"https:\/\/vapebulkp.com\/product\/cloud-bar-tornado-9000puffs-randm-vape-original-vape\/#breadcrumb\"},\"inLanguage\":\"hr\",\"potentialAction\":[{\"@type\":\"ReadAction\",\"target\":[\"https:\/\/vapebulkp.com\/product\/cloud-bar-tornado-9000puffs-randm-vape-original-vape\/\"]}]},{\"@type\":\"BreadcrumbList\",\"@id\":\"https:\/\/vapebulkp.com\/product\/cloud-bar-tornado-9000puffs-randm-vape-original-vape\/#breadcrumb\",\"itemListElement\":[{\"@type\":\"ListItem\",\"position\":1,\"name\":\"Home\",\"item\":\"https:\/\/vapebulkp.com\/\"},{\"@type\":\"ListItem\",\"position\":2,\"name\":\"Hot Trend Vapes\",\"item\":\"https:\/\/vapebulkp.com\/vape-shop\/\"},{\"@type\":\"ListItem\",\"position\":3,\"name\":\"Cloud Bar Tornado 9000Puffs Randm Vape Original Vape\"}]},{\"@type\":\"WebSite\",\"@id\":\"https:\/\/vapebulkp.com\/#website\",\"url\":\"https:\/\/vapebulkp.com\/\",\"name\":\"vapebulkp.com\",\"description\":\"Buy Vape In Cheap Bulk Price Near you\",\"publisher\":{\"@id\":\"https:\/\/vapebulkp.com\/#organization\"},\"potentialAction\":[{\"@type\":\"SearchAction\",\"target\":{\"@type\":\"EntryPoint\",\"urlTemplate\":\"https:\/\/vapebulkp.com\/?s={search_term_string}\"},\"query-input\":\"required name=search_term_string\"}],\"inLanguage\":\"hr\"},{\"@type\":\"Organization\",\"@id\":\"https:\/\/vapebulkp.com\/#organization\",\"name\":\"vapebulkp.com\",\"url\":\"https:\/\/vapebulkp.com\/\",\"logo\":{\"@type\":\"ImageObject\",\"inLanguage\":\"hr\",\"@id\":\"https:\/\/vapebulkp.com\/#\/schema\/logo\/image\/\",\"url\":\"https:\/\/vapebulkp.com\/wp-content\/uploads\/2023\/09\/cropped-vapebulkp.png\",\"contentUrl\":\"https:\/\/vapebulkp.com\/wp-content\/uploads\/2023\/09\/cropped-vapebulkp.png\",\"width\":516,\"height\":163,\"caption\":\"vapebulkp.com\"},\"image\":{\"@id\":\"https:\/\/vapebulkp.com\/#\/schema\/logo\/image\/\"}}]}<\/script>\n<!-- \/ Yoast SEO plugin. -->","yoast_head_json":{"title":"Cloud Bar Tornado 9000Puffs Randm Vape Original Vape - vapebulkp.com","description":"Cloud bar Tornado 9000puffs is a pre-filled all-in-one disposable e-cigarette charging device with 12 flavors for you to choose from, large e-liquid capacity and long battery life.","robots":{"index":"index","follow":"follow","max-snippet":"max-snippet:-1","max-image-preview":"max-image-preview:large","max-video-preview":"max-video-preview:-1"},"canonical":"https:\/\/vapebulkp.com\/hr\/product\/cloud-bar-tornado-9000puffs-randm-vape-original-vape\/","og_locale":"hr_HR","og_type":"article","og_title":"Cloud Bar Tornado 9000Puffs Randm Vape Original Vape - vapebulkp.com","og_description":"Cloud bar Tornado 9000puffs is a pre-filled all-in-one disposable e-cigarette charging device with 12 flavors for you to choose from, large e-liquid capacity and long battery life.","og_url":"https:\/\/vapebulkp.com\/hr\/product\/cloud-bar-tornado-9000puffs-randm-vape-original-vape\/","og_site_name":"vapebulkp.com","article_modified_time":"2025-09-01T09:15:39+00:00","og_image":[{"width":1000,"height":520,"url":"http:\/\/vapebulkp.com\/wp-content\/uploads\/2023\/12\/Cloud-Bar-Tornado-9000-Puffs-Randm-Vape-Tornado-9K-Poland.png","type":"image\/png"}],"twitter_card":"summary_large_image","twitter_misc":{"Procijenjeno vrijeme \u010ditanja":"5 minuta"},"schema":{"@context":"https:\/\/schema.org","@graph":[{"@type":"WebPage","@id":"https:\/\/vapebulkp.com\/product\/cloud-bar-tornado-9000puffs-randm-vape-original-vape\/","url":"https:\/\/vapebulkp.com\/product\/cloud-bar-tornado-9000puffs-randm-vape-original-vape\/","name":"Cloud Bar Tornado 9000Puffs Randm Vape Original Vape - vapebulkp.com","isPartOf":{"@id":"https:\/\/vapebulkp.com\/#website"},"datePublished":"2023-12-11T07:52:30+00:00","dateModified":"2025-09-01T09:15:39+00:00","description":"Cloud bar Tornado 9000puffs is a pre-filled all-in-one disposable e-cigarette charging device with 12 flavors for you to choose from, large e-liquid capacity and long battery life.","breadcrumb":{"@id":"https:\/\/vapebulkp.com\/product\/cloud-bar-tornado-9000puffs-randm-vape-original-vape\/#breadcrumb"},"inLanguage":"hr","potentialAction":[{"@type":"ReadAction","target":["https:\/\/vapebulkp.com\/product\/cloud-bar-tornado-9000puffs-randm-vape-original-vape\/"]}]},{"@type":"BreadcrumbList","@id":"https:\/\/vapebulkp.com\/product\/cloud-bar-tornado-9000puffs-randm-vape-original-vape\/#breadcrumb","itemListElement":[{"@type":"ListItem","position":1,"name":"Home","item":"https:\/\/vapebulkp.com\/"},{"@type":"ListItem","position":2,"name":"Hot Trend Vapes","item":"https:\/\/vapebulkp.com\/vape-shop\/"},{"@type":"ListItem","position":3,"name":"Cloud Bar Tornado 9000Puffs Randm Vape Original Vape"}]},{"@type":"WebSite","@id":"https:\/\/vapebulkp.com\/#website","url":"https:\/\/vapebulkp.com\/","name":"vapebulkp.com","description":"Buy Vape In Cheap Bulk Price Near you","publisher":{"@id":"https:\/\/vapebulkp.com\/#organization"},"potentialAction":[{"@type":"SearchAction","target":{"@type":"EntryPoint","urlTemplate":"https:\/\/vapebulkp.com\/?s={search_term_string}"},"query-input":"required name=search_term_string"}],"inLanguage":"hr"},{"@type":"Organization","@id":"https:\/\/vapebulkp.com\/#organization","name":"vapebulkp.com","url":"https:\/\/vapebulkp.com\/","logo":{"@type":"ImageObject","inLanguage":"hr","@id":"https:\/\/vapebulkp.com\/#\/schema\/logo\/image\/","url":"https:\/\/vapebulkp.com\/wp-content\/uploads\/2023\/09\/cropped-vapebulkp.png","contentUrl":"https:\/\/vapebulkp.com\/wp-content\/uploads\/2023\/09\/cropped-vapebulkp.png","width":516,"height":163,"caption":"vapebulkp.com"},"image":{"@id":"https:\/\/vapebulkp.com\/#\/schema\/logo\/image\/"}}]}},"uagb_featured_image_src":{"full":["https:\/\/vapebulkp.com\/wp-content\/uploads\/2023\/12\/Cloud-Bar-Tornado-9000-Puffs-Randm-Vape-Tornado-9K-Poland.png",1000,520,false],"thumbnail":["https:\/\/vapebulkp.com\/wp-content\/uploads\/2023\/12\/Cloud-Bar-Tornado-9000-Puffs-Randm-Vape-Tornado-9K-Poland-150x150.png",150,150,true],"medium":["https:\/\/vapebulkp.com\/wp-content\/uploads\/2023\/12\/Cloud-Bar-Tornado-9000-Puffs-Randm-Vape-Tornado-9K-Poland-300x156.png",300,156,true],"medium_large":["https:\/\/vapebulkp.com\/wp-content\/uploads\/2023\/12\/Cloud-Bar-Tornado-9000-Puffs-Randm-Vape-Tornado-9K-Poland-768x399.png",768,399,true],"large":["https:\/\/vapebulkp.com\/wp-content\/uploads\/2023\/12\/Cloud-Bar-Tornado-9000-Puffs-Randm-Vape-Tornado-9K-Poland.png",1000,520,false],"1536x1536":["https:\/\/vapebulkp.com\/wp-content\/uploads\/2023\/12\/Cloud-Bar-Tornado-9000-Puffs-Randm-Vape-Tornado-9K-Poland.png",1000,520,false],"2048x2048":["https:\/\/vapebulkp.com\/wp-content\/uploads\/2023\/12\/Cloud-Bar-Tornado-9000-Puffs-Randm-Vape-Tornado-9K-Poland.png",1000,520,false],"trp-custom-language-flag":["https:\/\/vapebulkp.com\/wp-content\/uploads\/2023\/12\/Cloud-Bar-Tornado-9000-Puffs-Randm-Vape-Tornado-9K-Poland.png",18,9,false],"woocommerce_thumbnail":["https:\/\/vapebulkp.com\/wp-content\/uploads\/2023\/12\/Cloud-Bar-Tornado-9000-Puffs-Randm-Vape-Tornado-9K-Poland-300x300.png",300,300,true],"woocommerce_single":["https:\/\/vapebulkp.com\/wp-content\/uploads\/2023\/12\/Cloud-Bar-Tornado-9000-Puffs-Randm-Vape-Tornado-9K-Poland-600x312.png",600,312,true],"woocommerce_gallery_thumbnail":["https:\/\/vapebulkp.com\/wp-content\/uploads\/2023\/12\/Cloud-Bar-Tornado-9000-Puffs-Randm-Vape-Tornado-9K-Poland-100x100.png",100,100,true],"wcpr-photo-reviews":["https:\/\/vapebulkp.com\/wp-content\/uploads\/2023\/12\/Cloud-Bar-Tornado-9000-Puffs-Randm-Vape-Tornado-9K-Poland.png",500,260,false]},"uagb_author_info":{"display_name":"Mandy vape bulk price","author_link":"https:\/\/vapebulkp.com\/hr\/author\/"},"uagb_comment_info":2,"uagb_excerpt":"Wholesale price Cloud Bar tornado 9000 puffs Cloud Bar tornado 9000 puffs Top Sale Sweden Cloud Bar tornado 9000 puffs Vape shop France Pls Contact Mandy's WhatsApp For Discount Price+8618077105796 NOTE: Prices on our website does not include shipping costs Main reason for purchase 1. Excellent quality and unparalleled performance. 2. Competitive price and fast&hellip;","_links":{"self":[{"href":"https:\/\/vapebulkp.com\/hr\/wp-json\/wp\/v2\/product\/1946","targetHints":{"allow":["GET"]}}],"collection":[{"href":"https:\/\/vapebulkp.com\/hr\/wp-json\/wp\/v2\/product"}],"about":[{"href":"https:\/\/vapebulkp.com\/hr\/wp-json\/wp\/v2\/types\/product"}],"replies":[{"embeddable":true,"href":"https:\/\/vapebulkp.com\/hr\/wp-json\/wp\/v2\/comments?post=1946"}],"wp:featuredmedia":[{"embeddable":true,"href":"https:\/\/vapebulkp.com\/hr\/wp-json\/wp\/v2\/media\/1944"}],"wp:attachment":[{"href":"https:\/\/vapebulkp.com\/hr\/wp-json\/wp\/v2\/media?parent=1946"}],"wp:term":[{"taxonomy":"product_cat","embeddable":true,"href":"https:\/\/vapebulkp.com\/hr\/wp-json\/wp\/v2\/product_cat?post=1946"},{"taxonomy":"product_tag","embeddable":true,"href":"https:\/\/vapebulkp.com\/hr\/wp-json\/wp\/v2\/product_tag?post=1946"}],"curies":[{"name":"wp","href":"https:\/\/api.w.org\/{rel}","templated":true}]}}