{"id":1957,"date":"2023-12-14T09:21:57","date_gmt":"2023-12-14T08:21:57","guid":{"rendered":"https:\/\/vapebulkp.com\/?post_type=product&#038;p=1957"},"modified":"2025-09-08T05:34:08","modified_gmt":"2025-09-08T03:34:08","slug":"prime-bar-8000-disposable-pod-device-wholesale-price","status":"publish","type":"product","link":"https:\/\/vapebulkp.com\/hr\/product\/prime-bar-8000-disposable-pod-device-wholesale-price\/","title":{"rendered":"Veleprodajna cijena jednokratnog ure\u0111aja Prime Bar 8000 udisaja"},"content":{"rendered":"<h2>Veleprodajna cijena jednokratnog ure\u0111aja Prime Bar 8000 udisaja<\/h2>\n<p>Dizajniran za pronicljive europske vapere, Prime Bar 8000 ure\u0111aj za jednokratnu upotrebu postavlja novi standard za luksuz i performanse u vapingu za jednokratnu upotrebu. Pokrenut naprednom integriranom baterijom od 650 mAh i vrhunskom tehnologijom mre\u017easte zavojnice, ovaj ure\u0111aj osigurava iznimno glatku i bogatu proizvodnju pare od prvog do posljednjeg udisaja.<\/p>\n<p>Prethodno napunjen vrhunskom e-teku\u0107inom s nikotinskom soli, pru\u017ea intenzivno i zadovoljavaju\u0107e iskustvo okusa kroz sofisticirani raspon profila\u2014od profinjenog duhana i ledenog mentola do egzoti\u010dnog vo\u0107a i slasnih slastica. Svaka varijanta osmi\u0161ljena je kako bi zadovoljila visoka o\u010dekivanja modernih europskih entuzijasta vapinga koji cijene i okus i dosljednost.<\/p>\n<p>Sa svojim ergonomskim i elegantnim dizajnom, 8000 Puffs Disposable Vape ostaje iznimno prenosiv, \u0161to ga \u010dini idealnim suputnikom za putovanja, ve\u010dernje izlaske ili svakodnevnu upotrebu. Njegov mehanizam aktiviran povla\u010denjem, jednostavan za kori\u0161tenje, ne zahtijeva odr\u017eavanje ili punjenje, pru\u017eaju\u0107i zadovoljstvo bez muke bilo kada i bilo gdje.<\/p>\n<p>Projektiran za dugovje\u010dnost i pouzdanost, ovaj se ure\u0111aj isti\u010de kao vrhunski izbor za pojedina\u010dne korisnike i veleprodajne kupce koji tra\u017ee vrhunske vape za jednokratnu upotrebu prilago\u0111ene hrvatskom tr\u017ei\u0161tu. Do\u017eivite neusporediv okus i performanse uz 8000 Puffs Disposable Vape\u2014gdje se inovacija susre\u0107e s elegancijom.<\/p>\n<p><img decoding=\"async\" class=\"alignnone wp-image-1965\" src=\"http:\/\/vapebulkp.com\/wp-content\/uploads\/2023\/12\/PRIME-BAR-WHOLESALE-PRICE-PUFF-8000.jpg\" alt=\"PRIME BAR VELEPRODAJNA CIJENA PUFF 8000\" width=\"551\" height=\"551\" srcset=\"https:\/\/vapebulkp.com\/wp-content\/uploads\/2023\/12\/PRIME-BAR-WHOLESALE-PRICE-PUFF-8000.jpg 1001w, https:\/\/vapebulkp.com\/wp-content\/uploads\/2023\/12\/PRIME-BAR-WHOLESALE-PRICE-PUFF-8000-300x300.jpg 300w, https:\/\/vapebulkp.com\/wp-content\/uploads\/2023\/12\/PRIME-BAR-WHOLESALE-PRICE-PUFF-8000-150x150.jpg 150w, https:\/\/vapebulkp.com\/wp-content\/uploads\/2023\/12\/PRIME-BAR-WHOLESALE-PRICE-PUFF-8000-768x768.jpg 768w, https:\/\/vapebulkp.com\/wp-content\/uploads\/2023\/12\/PRIME-BAR-WHOLESALE-PRICE-PUFF-8000-600x600.jpg 600w, https:\/\/vapebulkp.com\/wp-content\/uploads\/2023\/12\/PRIME-BAR-WHOLESALE-PRICE-PUFF-8000-100x100.jpg 100w\" sizes=\"(max-width: 551px) 100vw, 551px\" \/><\/p>\n<p>&nbsp;<\/p>\n<h6 style=\"text-align: left\"><\/h6>\n<h6>Molimo kontaktirajte Mandy's WhatsApp za cijenu s popustom<a href=\"https:\/\/wa.me\/8618077105796\">+8618077105796<\/a><\/h6>\n<p><img decoding=\"async\" class=\"alignnone wp-image-2151\" src=\"http:\/\/vapebulkp.com\/wp-content\/uploads\/2024\/04\/Mandy-WhatsApp-Randm.jpg\" alt=\"Mandy WhatsApp Randm\" width=\"305\" height=\"325\" srcset=\"https:\/\/vapebulkp.com\/wp-content\/uploads\/2024\/04\/Mandy-WhatsApp-Randm.jpg 916w, https:\/\/vapebulkp.com\/wp-content\/uploads\/2024\/04\/Mandy-WhatsApp-Randm-282x300.jpg 282w, https:\/\/vapebulkp.com\/wp-content\/uploads\/2024\/04\/Mandy-WhatsApp-Randm-768x817.jpg 768w, https:\/\/vapebulkp.com\/wp-content\/uploads\/2024\/04\/Mandy-WhatsApp-Randm-600x638.jpg 600w\" sizes=\"(max-width: 305px) 100vw, 305px\" \/><\/p>\n<h2><span style=\"vertical-align: inherit\">Moglo bi vas zanimati <\/span>Prime Bar 8000 <span style=\"vertical-align: inherit\">Vape za jednokratnu upotrebu:<\/span><\/h2>\n<p>&nbsp;<\/p>\n<h5>1. Mo\u017ee li se Prime Bar 8k puffs <span style=\"vertical-align: inherit\">Jednokratni Vape <\/span>poslati u moju zemlju?<\/h5>\n<p>Apsolutno! Pru\u017eamo usluge dostave diljem razli\u010ditih europskih zemalja, uklju\u010duju\u0107i Nizozemsku, Njema\u010dku, Francusku, \u0160panjolsku, Italiju, Belgiju, Luksemburg, Austriju, \u010ce\u0161ku, Slova\u010dku, Ma\u0111arsku, Sloveniju, Rumunjsku, Bugarsku, Gr\u010dku, Poljsku, \u0160vedsku, Irsku, Portugal, Finsku, Estoniju, Latviju, Litvu i mnoge druge.<\/p>\n<h5>2. Kakav je postupak punjenja za Prime Bar 8k puff?<\/h5>\n<p>Punjenje Prime Bar 8k puff je vrlo jednostavno. Jednostavno koristite Android Type-C punja\u010d (ne superbrzi punja\u010d). Tijekom punjenja, plavo svjetlo \u0107e svijetliti na dnu ure\u0111aja. Svjetlo \u0107e se ugasiti kada se ure\u0111aj potpuno napuni i spreman je za kori\u0161tenje.<\/p>\n<h5>3. Koliko je vremena potrebno da se Prime Bar 8000 puff potpuno napuni?<\/h5>\n<p>Prime Bar 8000 puff obi\u010dno treba oko 30 minuta da se potpuno napuni. Pazite da se plava indikatorska lampica ugasi, \u0161to zna\u010di da je va\u0161 ure\u0111aj za vaping potpuno napunjen i spreman za rad!<\/p>\n<p><span style=\"color: #ff6600\">Napomena: ne punite cijelu no\u0107!<\/span><\/p>\n<p>&nbsp;<\/p>\n<h3>Najbolje zna\u010dajke Vape Prime Bar 8000 Puff:<\/h3>\n<p>Model: RGB svjetlo Prime Bar 8000 Puffs<\/p>\n<p>Dimenzije: 110 mm x 25 mm x 15 mm<\/p>\n<p>Neto te\u017eina: 40 g<\/p>\n<p>Ja\u010dina nikotina: 20 mg (2%)<\/p>\n<p>Kapacitet e-teku\u0107ine: 2 ml<\/p>\n<p>Kapacitet baterije: 1500mAh<\/p>\n<p>Priklju\u010dak za punjenje: Type-C<\/p>\n<p>Udisaji: Do 8000<\/p>\n<h3>Prednosti Prime Bar 8000 puffs vape ure\u0111aja:<\/h3>\n<p>1.Limeta Limun<br \/>\n2. Gumeni bombon<br \/>\n3. Ledeni sladoled<br \/>\n4. Led od jagode, maline i tre\u0161nje<br \/>\n5. Gazirana tre\u0161nja<br \/>\n6. Tropski pun\u010d<br \/>\n7. Plava malina<br \/>\n8. Mr Blue<br \/>\n9. Meta Mjesec<br \/>\n10. Jagoda Lubenica<br \/>\n11. Breskva Mango<br \/>\n12. Mango Naran\u010da<br \/>\n13. Gro\u017e\u0111e<br \/>\n14. Plavi Slush<br \/>\n15. Borovnica Tre\u0161nja Brusnica<br \/>\n16. Tre\u0161nja Slush<br \/>\n17. Hubba Bubba<br \/>\n18. Ananas<br \/>\n19. Ledena malina<br \/>\n20. Ledena jagoda<br \/>\n21. Ledena lubenica<\/p>\n<h3>Prime Bar 8000 Udaraca <strong>Popis okusa:<\/strong><\/h3>\n<p>1. Borovnica Malina<br \/>\n2. Gro\u017e\u0111e i bobice<br \/>\n3. \u017dvaka\u0107a guma od jagode i lubenice<br \/>\nJagoda malina bombon<br \/>\n5.Jagoda banana<br \/>\n6. Jagoda i mango<br \/>\n7. Breskva, mango i ananas<br \/>\n8. Ledena lubenica<br \/>\n9. Trostruki mango<br \/>\n10. Led od tre\u0161nje<br \/>\n11. Led od marakuje i dinje<br \/>\n12. Kivi, marakuja i guava<\/p>\n<p><a href=\"https:\/\/vapebulkp.com\/hr\/product\/popular-randm-tornado-7000puffs-disposable-vape-best-price\/\">Randm tornado 7000 uvla\u010denja<\/a><\/p>\n<p><span style=\"vertical-align: inherit\">Prona\u0111ite vi\u0161e proizvoda koji bi vam se mogli svidjeti:<\/span><em><a href=\"https:\/\/wa.me\/8618077105796\"><span style=\"vertical-align: inherit\">\u00a0Kupite sada<\/span><\/a><\/em><\/p>\n<p><span style=\"vertical-align: inherit\">Ostali Puffs koji bi vam se mogli svidjeti:<\/span><a href=\"https:\/\/vapebulkp.com\/hr\/product\/good-sale-randm-tornado-10000-puffs-plus\/\"><span style=\"vertical-align: inherit\">RandM 10000Udisaja<\/span><\/a><span style=\"vertical-align: inherit\">\u2014S kapacitetom od 10.000 udisaja, ovaj je ure\u0111aj omiljen me\u0111u entuzijastima vapinga.<\/span><\/p>\n<p><a href=\"https:\/\/vapebulkp.com\/hr\/product\/wholesale-randm-tornado-9000-puffs-germany\/\"><span style=\"vertical-align: inherit\">RandM Tornado 9000 Puhova<\/span><\/a><span style=\"vertical-align: inherit\">\u2014Kao najpopularnija e-cigareta, Randm ima 9.000 udisaja u kojima mo\u017eete u\u017eivati<\/span><\/p>\n<p><a href=\"https:\/\/vapebulkp.com\/hr\/product\/popular-bang-king-10000-puffs-vape-good-price\/\"><span style=\"vertical-align: inherit\">Bang King 10000 Puhova<\/span><\/a><span style=\"vertical-align: inherit\">\u2014Bang King je popularan brend s jedinstvenim modelima i 10000 udaha<\/span><\/p>\n<p><a href=\"https:\/\/vapebulkp.com\/hr\/product\/bang-king-12000puffs\/\"><span style=\"vertical-align: inherit\">Bang King 12000 Puhova<\/span><\/a>\u2014-Bang King 12000 Udisaja popularan je brend s jedinstvenim modelima i 12.000 udisaja, jo\u0161 jedna opcija da pobolj\u0161ate svoje potrebe za vapingom<\/p>\n<p><span style=\"vertical-align: inherit\">E-cigareta posebnog oblika boce:<\/span><a href=\"https:\/\/vapebulkp.com\/hr\/product\/popular-kulx-10000puffs-disposable-vape-good-price\/\"><span style=\"vertical-align: inherit\">Kulx 10000 Udisaja<\/span><\/a><span style=\"vertical-align: inherit\">\/ <\/span><a href=\"https:\/\/vapebulkp.com\/hr\/product\/disposable-vape-crystal-600-puffs\/\"><span style=\"vertical-align: inherit\">Crystal Legend 600 uvla\u010denja<\/span><\/a><span style=\"vertical-align: inherit\">\/<\/span><a href=\"https:\/\/vapebulkp.com\/hr\/product\/bang-box-12000puffs-good-vape-sweden-wholesale-price\/\"><span style=\"vertical-align: inherit\">Bang Box vape 12000 uvla\u010denja<\/span><\/a><\/p>\n<h4>\u0160to biste trebali znati o elektroni\u010dkim cigaretama (e-cigaretama):<\/h4>\n<p>P: Za\u0161to elektroni\u010dke cigarete cure?<br \/>\nO: Curenje e-cigarete mo\u017ee biti uzrokovano nepravilno postavljenom jezgrom atomizera ili o\u0161te\u0107enim brtvenim prstenom tijekom punjenja. Pripazite da ne stisnete prejako ulje prilikom punjenja i provjerite je li brtveni prsten netaknut, \u0161to mo\u017ee u\u010dinkovito smanjiti curenje ulja.<\/p>\n<p>P: Za\u0161to e-cigareta miri\u0161e na zagorjelo?<br \/>\nO: Miris zagorjelog obi\u010dno je uzrokovan suhim gorenjem jezgre atomizera ili nedovoljnom koli\u010dinom ulja. Preporu\u010duje se redovito mijenjati jezgru atomizera i osigurati dovoljnu koli\u010dinu ulja kako bi se izbjeglo suho gorenje.<\/p>\n<p>P: Za\u0161to usisna snaga e-cigarete postaje slabija?<br \/>\nO: Slaba usisna snaga mo\u017ee biti zbog nedovoljne napunjenosti baterije, dotrajale jezgre atomizera ili za\u010depljenja jezgre atomizera. Poku\u0161ajte napuniti bateriju ili zamijeniti jezgru atomizera novom kako biste rije\u0161ili problem slabe usisne snage.<\/p>\n<p>P: Kako \u010distiti opremu za e-cigarete?<br \/>\nO: Redovito \u010di\u0161\u0107enje va\u0161e opreme za e-cigarete odr\u017eat \u0107e njezinu u\u010dinkovitost i okus. Upotrijebite meku krpu za nje\u017eno brisanje povr\u0161ine ure\u0111aja, a pamu\u010dne \u0161tapi\u0107e za \u010di\u0161\u0107enje spojeva ili unutarnjih povr\u0161ina, ali pazite da ne do\u0111e do o\u0161te\u0107enja.<\/p>\n<p>P: Jesu li e-cigarete \u0161tetne za zdravlje?<br \/>\nO: Iako e-cigarete mogu sadr\u017eavati manje \u0161tetnih tvari od tradicionalnih cigareta, to ne zna\u010di da su potpuno bezopasne. Dugotrajna upotreba e-cigareta jo\u0161 uvijek mo\u017ee imati odre\u0111ene u\u010dinke na zdravlje. Najbolje je ograni\u010diti upotrebu i potra\u017eiti savjet medicinskog stru\u010dnjaka.<\/p>\n<h4>Detalji dostave:<\/h4>\n<p><span style=\"color: #ff6600\">Vrijeme proizvodnje: 5-10 radnih dana<\/span><br \/>\n<span style=\"color: #ff6600\">Vrijeme isporuke: 8-14 radnih dana<\/span><\/p>\n<p>Svi proizvodi u na\u0161oj trgovini su 100% originalni i autenti\u010dni, stoga je desetostruka naknada za la\u017enu robu na\u0161a politika trgovine. Za dostavu koristimo logisti\u010dke kanale kao \u0161to su UPS\/DHL\/FEDEX\/DPD.<\/p>\n<p>Za pakete poslane u Hrvatsku obi\u010dno je potrebno 10 radnih dana da stignu. Dostava u europske zemlje obi\u010dno traje 12 do 15 radnih dana da stigne. Logisti\u010dke informacije \u0107emo a\u017eurirati za vas u stvarnom vremenu.<\/p>\n<p>Kontaktirajte nas i mo\u017eemo vam ponuditi Hazebar 12000 Puhova i podi\u0107i va\u0161e poslovanje na vi\u0161u razinu!<\/p>","protected":false},"excerpt":{"rendered":"<p>U\u017eivajte u vapingu u pokretu uz Prime Bar 8000 Disposable Vape Puff na veliko. Prime Bar 8000 Puffs je e-cigareta za jednokratnu upotrebu koju zaslu\u017eujete.<\/p>\n<p><img decoding=\"async\" class=\"alignnone wp-image-2151\" src=\"http:\/\/vapebulkp.com\/wp-content\/uploads\/2024\/04\/Mandy-WhatsApp-Randm.jpg\" alt=\"Mandy WhatsApp Randm\" width=\"310\" height=\"329\" srcset=\"https:\/\/vapebulkp.com\/wp-content\/uploads\/2024\/04\/Mandy-WhatsApp-Randm.jpg 916w, https:\/\/vapebulkp.com\/wp-content\/uploads\/2024\/04\/Mandy-WhatsApp-Randm-282x300.jpg 282w, https:\/\/vapebulkp.com\/wp-content\/uploads\/2024\/04\/Mandy-WhatsApp-Randm-768x817.jpg 768w, https:\/\/vapebulkp.com\/wp-content\/uploads\/2024\/04\/Mandy-WhatsApp-Randm-600x638.jpg 600w\" sizes=\"(max-width: 310px) 100vw, 310px\" \/><\/p>\n<p>Molimo kontaktirajte Mandy's WhatsApp za cijenu s popustom<a href=\"https:\/\/wa.me\/8618077105796\">+8618077105796<\/a><\/p>\n<p><span style=\"color: #ff0000\">NAPOMENA: Cijene na na\u0161oj web stranici ne uklju\u010duju tro\u0161kove dostave<\/span><\/p>","protected":false},"featured_media":1958,"comment_status":"open","ping_status":"closed","template":"","meta":{"_uag_custom_page_level_css":"","_lmt_disableupdate":"no","_lmt_disable":"","site-sidebar-layout":"default","site-content-layout":"content-boxed-container","ast-site-content-layout":"normal-width-container","site-content-style":"boxed","site-sidebar-style":"unboxed","ast-global-header-display":"","ast-banner-title-visibility":"","ast-main-header-display":"","ast-hfb-above-header-display":"","ast-hfb-below-header-display":"","ast-hfb-mobile-header-display":"","site-post-title":"","ast-breadcrumbs-content":"","ast-featured-img":"","footer-sml-layout":"","theme-transparent-header-meta":"default","adv-header-id-meta":"","stick-header-meta":"","header-above-stick-meta":"","header-main-stick-meta":"","header-below-stick-meta":"","astra-migrate-meta-layouts":"set","_joinchat":[]},"product_cat":[169,153,155,33,59,100,34,158,157,154,152,58,84,156,63,32],"product_tag":[52,36,37,91,41,71,40],"class_list":["post-1957","product","type-product","status-publish","has-post-thumbnail","hentry","product_cat-8000-puffs-disposable-vape","product_cat-hot-disposable-vapes","product_cat-belgium-hot-disposable-vapes","product_cat-france-vape-hot-sale","product_cat-germany-hot-disposable-vape","product_cat-germany-wholesale-vape-shop","product_cat-netherlands-vape-good-sale","product_cat-norway-hot-disposable-vapes","product_cat-poland-hot-disposable-vapes","product_cat-portugal-hot-disposable-vapes","product_cat-spain-hot-disposable-vapes","product_cat-sweden-hot-disposable-vape","product_cat-sweden-wholesale-vape","product_cat-switzerland-hot-disposable-vapes","product_cat-top-sale-disposable-vape","product_cat-vape-hot-sale-this-week","product_tag-8000-puffs","product_tag-good-vape","product_tag-hot-sale-disposable-vape","product_tag-italy-hot-vape","product_tag-poland-hot-vape","product_tag-randm","product_tag-sweden-hot-vape","desktop-align-left","tablet-align-left","mobile-align-left"],"yoast_head":"<!-- This site is optimized with the Yoast SEO plugin v21.1 - https:\/\/yoast.com\/wordpress\/plugins\/seo\/ -->\n<title>Prime Bar 8000 Disposable Pod Device Wholesale Price - vapebulkp.com<\/title>\n<meta name=\"description\" content=\"Elevate your vaping experience withPrime Bar 8000 Disposable Pod\u2014a premium disposable vape designed for flavour and reliability. Enjoy intense tastes and extended puffs with no charging needed. Your perfect everyday vaping companion in the EU.\" \/>\n<meta name=\"robots\" content=\"index, follow, max-snippet:-1, max-image-preview:large, max-video-preview:-1\" \/>\n<link rel=\"canonical\" href=\"https:\/\/vapebulkp.com\/hr\/product\/prime-bar-8000-disposable-pod-device-wholesale-price\/\" \/>\n<meta property=\"og:locale\" content=\"hr_HR\" \/>\n<meta property=\"og:type\" content=\"article\" \/>\n<meta property=\"og:title\" content=\"Prime Bar 8000 Disposable Pod Device Wholesale Price - vapebulkp.com\" \/>\n<meta property=\"og:description\" content=\"Elevate your vaping experience withPrime Bar 8000 Disposable Pod\u2014a premium disposable vape designed for flavour and reliability. Enjoy intense tastes and extended puffs with no charging needed. Your perfect everyday vaping companion in the EU.\" \/>\n<meta property=\"og:url\" content=\"https:\/\/vapebulkp.com\/hr\/product\/prime-bar-8000-disposable-pod-device-wholesale-price\/\" \/>\n<meta property=\"og:site_name\" content=\"vapebulkp.com\" \/>\n<meta property=\"article:modified_time\" content=\"2025-09-08T03:34:08+00:00\" \/>\n<meta property=\"og:image\" content=\"http:\/\/vapebulkp.com\/wp-content\/uploads\/2023\/12\/PRIME-BAR-BULK-PRICE-PUFF-8000.jpg\" \/>\n\t<meta property=\"og:image:width\" content=\"1001\" \/>\n\t<meta property=\"og:image:height\" content=\"1001\" \/>\n\t<meta property=\"og:image:type\" content=\"image\/jpeg\" \/>\n<meta name=\"twitter:card\" content=\"summary_large_image\" \/>\n<meta name=\"twitter:label1\" content=\"Procijenjeno vrijeme \u010ditanja\" \/>\n\t<meta name=\"twitter:data1\" content=\"5 minuta\" \/>\n<script type=\"application\/ld+json\" class=\"yoast-schema-graph\">{\"@context\":\"https:\/\/schema.org\",\"@graph\":[{\"@type\":\"WebPage\",\"@id\":\"https:\/\/vapebulkp.com\/product\/prime-bar-8000-disposable-pod-device-wholesale-price\/\",\"url\":\"https:\/\/vapebulkp.com\/product\/prime-bar-8000-disposable-pod-device-wholesale-price\/\",\"name\":\"Prime Bar 8000 Disposable Pod Device Wholesale Price - vapebulkp.com\",\"isPartOf\":{\"@id\":\"https:\/\/vapebulkp.com\/#website\"},\"datePublished\":\"2023-12-14T08:21:57+00:00\",\"dateModified\":\"2025-09-08T03:34:08+00:00\",\"description\":\"Elevate your vaping experience withPrime Bar 8000 Disposable Pod\u2014a premium disposable vape designed for flavour and reliability. Enjoy intense tastes and extended puffs with no charging needed. Your perfect everyday vaping companion in the EU.\",\"breadcrumb\":{\"@id\":\"https:\/\/vapebulkp.com\/product\/prime-bar-8000-disposable-pod-device-wholesale-price\/#breadcrumb\"},\"inLanguage\":\"hr\",\"potentialAction\":[{\"@type\":\"ReadAction\",\"target\":[\"https:\/\/vapebulkp.com\/product\/prime-bar-8000-disposable-pod-device-wholesale-price\/\"]}]},{\"@type\":\"BreadcrumbList\",\"@id\":\"https:\/\/vapebulkp.com\/product\/prime-bar-8000-disposable-pod-device-wholesale-price\/#breadcrumb\",\"itemListElement\":[{\"@type\":\"ListItem\",\"position\":1,\"name\":\"Home\",\"item\":\"https:\/\/vapebulkp.com\/\"},{\"@type\":\"ListItem\",\"position\":2,\"name\":\"Hot Trend Vapes\",\"item\":\"https:\/\/vapebulkp.com\/vape-shop\/\"},{\"@type\":\"ListItem\",\"position\":3,\"name\":\"Prime Bar 8000 Disposable Pod Device Wholesale Price\"}]},{\"@type\":\"WebSite\",\"@id\":\"https:\/\/vapebulkp.com\/#website\",\"url\":\"https:\/\/vapebulkp.com\/\",\"name\":\"vapebulkp.com\",\"description\":\"Buy Vape In Cheap Bulk Price Near you\",\"publisher\":{\"@id\":\"https:\/\/vapebulkp.com\/#organization\"},\"potentialAction\":[{\"@type\":\"SearchAction\",\"target\":{\"@type\":\"EntryPoint\",\"urlTemplate\":\"https:\/\/vapebulkp.com\/?s={search_term_string}\"},\"query-input\":\"required name=search_term_string\"}],\"inLanguage\":\"hr\"},{\"@type\":\"Organization\",\"@id\":\"https:\/\/vapebulkp.com\/#organization\",\"name\":\"vapebulkp.com\",\"url\":\"https:\/\/vapebulkp.com\/\",\"logo\":{\"@type\":\"ImageObject\",\"inLanguage\":\"hr\",\"@id\":\"https:\/\/vapebulkp.com\/#\/schema\/logo\/image\/\",\"url\":\"https:\/\/vapebulkp.com\/wp-content\/uploads\/2023\/09\/cropped-vapebulkp.png\",\"contentUrl\":\"https:\/\/vapebulkp.com\/wp-content\/uploads\/2023\/09\/cropped-vapebulkp.png\",\"width\":516,\"height\":163,\"caption\":\"vapebulkp.com\"},\"image\":{\"@id\":\"https:\/\/vapebulkp.com\/#\/schema\/logo\/image\/\"}}]}<\/script>\n<!-- \/ Yoast SEO plugin. -->","yoast_head_json":{"title":"Prime Bar 8000 Disposable Pod Device Wholesale Price - vapebulkp.com","description":"Elevate your vaping experience withPrime Bar 8000 Disposable Pod\u2014a premium disposable vape designed for flavour and reliability. Enjoy intense tastes and extended puffs with no charging needed. Your perfect everyday vaping companion in the EU.","robots":{"index":"index","follow":"follow","max-snippet":"max-snippet:-1","max-image-preview":"max-image-preview:large","max-video-preview":"max-video-preview:-1"},"canonical":"https:\/\/vapebulkp.com\/hr\/product\/prime-bar-8000-disposable-pod-device-wholesale-price\/","og_locale":"hr_HR","og_type":"article","og_title":"Prime Bar 8000 Disposable Pod Device Wholesale Price - vapebulkp.com","og_description":"Elevate your vaping experience withPrime Bar 8000 Disposable Pod\u2014a premium disposable vape designed for flavour and reliability. Enjoy intense tastes and extended puffs with no charging needed. Your perfect everyday vaping companion in the EU.","og_url":"https:\/\/vapebulkp.com\/hr\/product\/prime-bar-8000-disposable-pod-device-wholesale-price\/","og_site_name":"vapebulkp.com","article_modified_time":"2025-09-08T03:34:08+00:00","og_image":[{"width":1001,"height":1001,"url":"http:\/\/vapebulkp.com\/wp-content\/uploads\/2023\/12\/PRIME-BAR-BULK-PRICE-PUFF-8000.jpg","type":"image\/jpeg"}],"twitter_card":"summary_large_image","twitter_misc":{"Procijenjeno vrijeme \u010ditanja":"5 minuta"},"schema":{"@context":"https:\/\/schema.org","@graph":[{"@type":"WebPage","@id":"https:\/\/vapebulkp.com\/product\/prime-bar-8000-disposable-pod-device-wholesale-price\/","url":"https:\/\/vapebulkp.com\/product\/prime-bar-8000-disposable-pod-device-wholesale-price\/","name":"Prime Bar 8000 Disposable Pod Device Wholesale Price - vapebulkp.com","isPartOf":{"@id":"https:\/\/vapebulkp.com\/#website"},"datePublished":"2023-12-14T08:21:57+00:00","dateModified":"2025-09-08T03:34:08+00:00","description":"Elevate your vaping experience withPrime Bar 8000 Disposable Pod\u2014a premium disposable vape designed for flavour and reliability. Enjoy intense tastes and extended puffs with no charging needed. Your perfect everyday vaping companion in the EU.","breadcrumb":{"@id":"https:\/\/vapebulkp.com\/product\/prime-bar-8000-disposable-pod-device-wholesale-price\/#breadcrumb"},"inLanguage":"hr","potentialAction":[{"@type":"ReadAction","target":["https:\/\/vapebulkp.com\/product\/prime-bar-8000-disposable-pod-device-wholesale-price\/"]}]},{"@type":"BreadcrumbList","@id":"https:\/\/vapebulkp.com\/product\/prime-bar-8000-disposable-pod-device-wholesale-price\/#breadcrumb","itemListElement":[{"@type":"ListItem","position":1,"name":"Home","item":"https:\/\/vapebulkp.com\/"},{"@type":"ListItem","position":2,"name":"Hot Trend Vapes","item":"https:\/\/vapebulkp.com\/vape-shop\/"},{"@type":"ListItem","position":3,"name":"Prime Bar 8000 Disposable Pod Device Wholesale Price"}]},{"@type":"WebSite","@id":"https:\/\/vapebulkp.com\/#website","url":"https:\/\/vapebulkp.com\/","name":"vapebulkp.com","description":"Buy Vape In Cheap Bulk Price Near you","publisher":{"@id":"https:\/\/vapebulkp.com\/#organization"},"potentialAction":[{"@type":"SearchAction","target":{"@type":"EntryPoint","urlTemplate":"https:\/\/vapebulkp.com\/?s={search_term_string}"},"query-input":"required name=search_term_string"}],"inLanguage":"hr"},{"@type":"Organization","@id":"https:\/\/vapebulkp.com\/#organization","name":"vapebulkp.com","url":"https:\/\/vapebulkp.com\/","logo":{"@type":"ImageObject","inLanguage":"hr","@id":"https:\/\/vapebulkp.com\/#\/schema\/logo\/image\/","url":"https:\/\/vapebulkp.com\/wp-content\/uploads\/2023\/09\/cropped-vapebulkp.png","contentUrl":"https:\/\/vapebulkp.com\/wp-content\/uploads\/2023\/09\/cropped-vapebulkp.png","width":516,"height":163,"caption":"vapebulkp.com"},"image":{"@id":"https:\/\/vapebulkp.com\/#\/schema\/logo\/image\/"}}]}},"uagb_featured_image_src":{"full":["https:\/\/vapebulkp.com\/wp-content\/uploads\/2023\/12\/PRIME-BAR-BULK-PRICE-PUFF-8000.jpg",1001,1001,false],"thumbnail":["https:\/\/vapebulkp.com\/wp-content\/uploads\/2023\/12\/PRIME-BAR-BULK-PRICE-PUFF-8000-150x150.jpg",150,150,true],"medium":["https:\/\/vapebulkp.com\/wp-content\/uploads\/2023\/12\/PRIME-BAR-BULK-PRICE-PUFF-8000-300x300.jpg",300,300,true],"medium_large":["https:\/\/vapebulkp.com\/wp-content\/uploads\/2023\/12\/PRIME-BAR-BULK-PRICE-PUFF-8000-768x768.jpg",768,768,true],"large":["https:\/\/vapebulkp.com\/wp-content\/uploads\/2023\/12\/PRIME-BAR-BULK-PRICE-PUFF-8000.jpg",1001,1001,false],"1536x1536":["https:\/\/vapebulkp.com\/wp-content\/uploads\/2023\/12\/PRIME-BAR-BULK-PRICE-PUFF-8000.jpg",1001,1001,false],"2048x2048":["https:\/\/vapebulkp.com\/wp-content\/uploads\/2023\/12\/PRIME-BAR-BULK-PRICE-PUFF-8000.jpg",1001,1001,false],"trp-custom-language-flag":["https:\/\/vapebulkp.com\/wp-content\/uploads\/2023\/12\/PRIME-BAR-BULK-PRICE-PUFF-8000.jpg",12,12,false],"woocommerce_thumbnail":["https:\/\/vapebulkp.com\/wp-content\/uploads\/2023\/12\/PRIME-BAR-BULK-PRICE-PUFF-8000-300x300.jpg",300,300,true],"woocommerce_single":["https:\/\/vapebulkp.com\/wp-content\/uploads\/2023\/12\/PRIME-BAR-BULK-PRICE-PUFF-8000-600x600.jpg",600,600,true],"woocommerce_gallery_thumbnail":["https:\/\/vapebulkp.com\/wp-content\/uploads\/2023\/12\/PRIME-BAR-BULK-PRICE-PUFF-8000-100x100.jpg",100,100,true],"wcpr-photo-reviews":["https:\/\/vapebulkp.com\/wp-content\/uploads\/2023\/12\/PRIME-BAR-BULK-PRICE-PUFF-8000.jpg",500,500,false]},"uagb_author_info":{"display_name":"Mandy vape bulk price","author_link":"https:\/\/vapebulkp.com\/hr\/author\/"},"uagb_comment_info":0,"uagb_excerpt":"Enjoy vaping on the go with the Prime Bar 8000 Disposable Vape Puff\u00a0 Wholesale. Prime Bar 8000 Puffs is the disposable e-cigarette you deserve. Pls Contact Mandy's WhatsApp For Discount Price+8618077105796 NOTE: Prices on our website does not include shipping costs","_links":{"self":[{"href":"https:\/\/vapebulkp.com\/hr\/wp-json\/wp\/v2\/product\/1957","targetHints":{"allow":["GET"]}}],"collection":[{"href":"https:\/\/vapebulkp.com\/hr\/wp-json\/wp\/v2\/product"}],"about":[{"href":"https:\/\/vapebulkp.com\/hr\/wp-json\/wp\/v2\/types\/product"}],"replies":[{"embeddable":true,"href":"https:\/\/vapebulkp.com\/hr\/wp-json\/wp\/v2\/comments?post=1957"}],"wp:featuredmedia":[{"embeddable":true,"href":"https:\/\/vapebulkp.com\/hr\/wp-json\/wp\/v2\/media\/1958"}],"wp:attachment":[{"href":"https:\/\/vapebulkp.com\/hr\/wp-json\/wp\/v2\/media?parent=1957"}],"wp:term":[{"taxonomy":"product_cat","embeddable":true,"href":"https:\/\/vapebulkp.com\/hr\/wp-json\/wp\/v2\/product_cat?post=1957"},{"taxonomy":"product_tag","embeddable":true,"href":"https:\/\/vapebulkp.com\/hr\/wp-json\/wp\/v2\/product_tag?post=1957"}],"curies":[{"name":"wp","href":"https:\/\/api.w.org\/{rel}","templated":true}]}}