{"id":1979,"date":"2023-12-26T08:44:42","date_gmt":"2023-12-26T07:44:42","guid":{"rendered":"https:\/\/vapebulkp.com\/?post_type=product&#038;p=1979"},"modified":"2025-09-24T05:18:15","modified_gmt":"2025-09-24T03:18:15","slug":"good-vape-jnr-shisha-15000-puffs-wholesale-vapme-shisha","status":"publish","type":"product","link":"https:\/\/vapebulkp.com\/hr\/product\/good-vape-jnr-shisha-15000-puffs-wholesale-vapme-shisha\/","title":{"rendered":"Dobar Vape JNR SHISHA 15000 Pufova Veleprodaja VAPME SHISHA"},"content":{"rendered":"<h2>Dobar Vape JNR SHISHA 15000 Pufova Veleprodaja VAPME SHISHA<\/h2>\n<p data-start=\"410\" data-end=\"753\">O <strong data-start=\"470\" data-end=\"498\">VAPME SHISHA 15000 Pufova<\/strong> je visokokapacitetni <a href=\"https:\/\/vapebulkp.com\/hr\/product-category\/15000-puffs-disposable-vape\/\"><strong data-start=\"518\" data-end=\"549\">15000 Puffs jednokratni Vape<\/strong><\/a> dizajniran za europske mlade. S punjivom baterijom od 650 mAh i 25 ml premium e-teku\u0107ine s nikotinskom soli, pru\u017ea glatku, gustu paru i dosljedan okus za dugotrajno parenje.<\/p>\n<p data-start=\"755\" data-end=\"1182\">S 2% i 5% opcija nikotinske soli, ovaj <strong data-start=\"798\" data-end=\"831\">jednokratna e-cigareta s nikotinskom soli<\/strong> zadovoljava razli\u010dite sklonosti. Njegov kompaktan, elegantan dizajn \u010dini ga savr\u0161enim <strong data-start=\"912\" data-end=\"929\">prijenosnim vapeom<\/strong> za svakodnevnu upotrebu, putovanja ili dru\u0161tvene prigode. Svaka kutija sadr\u017ei 10 ure\u0111aja, idealnih za <strong data-start=\"1022\" data-end=\"1042\">veleprodajne narud\u017ebe vapea<\/strong> i distribuciju u EU. The <strong data-start=\"1078\" data-end=\"1110\">dugotrajni jednokratni vape<\/strong> osigurava neprekidan u\u017eitak s bogatim okusom do posljednjeg dima.<\/p>\n<p data-start=\"1184\" data-end=\"1393\">Visokokvalitetna konstrukcija, <strong data-start=\"1211\" data-end=\"1238\">vrhunski jednokratni vape<\/strong>i brza dostava unutar EU-a \u010dine JNR SHISHA 15000 Puffs Wholesale VAPME SHISHA vrhunskim izborom za trgovce i entuzijaste koji tra\u017ee pouzdane performanse i prakti\u010dnost.<\/p>\n<p><img decoding=\"async\" class=\"alignnone wp-image-1970\" style=\"font-style: inherit;font-weight: inherit\" src=\"http:\/\/vapebulkp.com\/wp-content\/uploads\/2023\/12\/JNR-Shisha-15k-puff-discount-price-Sweden-1-scaled.jpg\" alt=\"JNR Shisha 15k puff sni\u017eena cijena \u0160vedska Hot Vape\" width=\"714\" height=\"1049\" srcset=\"https:\/\/vapebulkp.com\/wp-content\/uploads\/2023\/12\/JNR-Shisha-15k-puff-discount-price-Sweden-1-scaled.jpg 1742w, https:\/\/vapebulkp.com\/wp-content\/uploads\/2023\/12\/JNR-Shisha-15k-puff-discount-price-Sweden-1-204x300.jpg 204w, https:\/\/vapebulkp.com\/wp-content\/uploads\/2023\/12\/JNR-Shisha-15k-puff-discount-price-Sweden-1-697x1024.jpg 697w, https:\/\/vapebulkp.com\/wp-content\/uploads\/2023\/12\/JNR-Shisha-15k-puff-discount-price-Sweden-1-768x1129.jpg 768w, https:\/\/vapebulkp.com\/wp-content\/uploads\/2023\/12\/JNR-Shisha-15k-puff-discount-price-Sweden-1-1045x1536.jpg 1045w, https:\/\/vapebulkp.com\/wp-content\/uploads\/2023\/12\/JNR-Shisha-15k-puff-discount-price-Sweden-1-1394x2048.jpg 1394w, https:\/\/vapebulkp.com\/wp-content\/uploads\/2023\/12\/JNR-Shisha-15k-puff-discount-price-Sweden-1-600x882.jpg 600w\" sizes=\"(max-width: 714px) 100vw, 714px\" \/><\/p>\n<h6 style=\"text-align: left\"><\/h6>\n<h6>Molimo kontaktirajte Mandy's WhatsApp za cijenu s popustom<a href=\"https:\/\/wa.me\/8618077105796\">+8618077105796<\/a><\/h6>\n<p><img decoding=\"async\" class=\"alignnone wp-image-2151\" src=\"http:\/\/vapebulkp.com\/wp-content\/uploads\/2024\/04\/Mandy-WhatsApp-Randm.jpg\" alt=\"Mandy WhatsApp Randm\" width=\"263\" height=\"280\" srcset=\"https:\/\/vapebulkp.com\/wp-content\/uploads\/2024\/04\/Mandy-WhatsApp-Randm.jpg 916w, https:\/\/vapebulkp.com\/wp-content\/uploads\/2024\/04\/Mandy-WhatsApp-Randm-282x300.jpg 282w, https:\/\/vapebulkp.com\/wp-content\/uploads\/2024\/04\/Mandy-WhatsApp-Randm-768x817.jpg 768w, https:\/\/vapebulkp.com\/wp-content\/uploads\/2024\/04\/Mandy-WhatsApp-Randm-600x638.jpg 600w\" sizes=\"(max-width: 263px) 100vw, 263px\" \/><\/p>\n<h2><span style=\"vertical-align: inherit\">Moglo bi vas zanimati vi\u0161e o Vapme shisha 15k Puff Najbolje prodavani Vapes\uff1a<\/span><\/h2>\n<p>&nbsp;<\/p>\n<h4 class=\"style-scope ytd-watch-metadata\">1.Kako koristiti Vapme shisha 15000 Puff\u00a0 Vape Pen?<\/h4>\n<p>1: Otvorite zape\u010da\u0107enu vre\u0107icu<br \/>\n2: Odlijepite naljepnicu<br \/>\n3: Izvucite silikonski \u010dep i ostavite da odstoji 10 minuta, nakon toga ga mo\u017eete koristiti<\/p>\n<h6>2.Kako napuniti Vapme shisha 15000 Puffs jednokratni vape ure\u0111aj?<\/h6>\n<p>Ne smiju se koristiti brzi punja\u010di, a standardna sigurna snaga jednokratnih elektroni\u010dkih cigareta je 5V 1A.<\/p>\n<p>Svako punjenje ne smije trajati du\u017ee od 1 sata, a sigurno vrijeme punjenja je pola sata.<\/p>\n<h6>3.Koliko udaha ima Vapme shisha 15000 Puffs jednokratna vape olovka?<\/h6>\n<p>\u2014-15000 udisaja<\/p>\n<p><span style=\"color: #ff6600\">Napomena: ne punite cijelu no\u0107!<\/span><\/p>\n<p>&nbsp;<\/p>\n<h3>Vapme shisha 15k Puffs Vape karakteristike proizvoda:<\/h3>\n<p>Model: VAPME SHISHA 15000 PUFFS<br \/>\nUdaha: 15000<br \/>\nKapacitet baterije: 650mAh<br \/>\nKoli\u010dina e-teku\u0107ine: 25ml<br \/>\nSadr\u017eaj nikotina: 2%\/5% Nikotinska sol<br \/>\nPakiranje: 10 komada u 1 izlo\u017ebenoj kutiji<br \/>\nMinimalna koli\u010dina narud\u017ebe (MOQ): 50 komada<\/p>\n<h3><strong>Koji su najbolji okusi Vapme shisha vapea<\/strong>\u00a015000 Udaha? <strong>Okusi?<\/strong><\/h3>\n<p>1.Borovnica na ledu<br \/>\n2.Kivi marakuja guava<br \/>\n3.Plava malina limunada<br \/>\n4.Jagoda kivi<br \/>\n5.Mije\u0161ane bobi\u010daste<br \/>\n6.Jagoda lubenica<br \/>\n7. Ledeno gro\u017e\u0111e<br \/>\n8.Lubenica led<br \/>\n9. Breskva mango ananas<br \/>\n10. Jagoda led<br \/>\n11. Ledena breskva<br \/>\n12. Mango Banana<\/p>\n<p><a href=\"https:\/\/vapebulkp.com\/hr\/product\/popular-randm-tornado-7000puffs-disposable-vape-best-price\/\">Randm tornado 7000 uvla\u010denja<\/a><\/p>\n<p><span style=\"vertical-align: inherit\">Prona\u0111ite vi\u0161e proizvoda koji bi vam se mogli svidjeti:<\/span><em><a href=\"https:\/\/wa.me\/8618077105796\"><span style=\"vertical-align: inherit\">\u00a0Kupite sada<\/span><\/a><\/em><\/p>\n<p><span style=\"vertical-align: inherit\">Ostali Puffs koji bi vam se mogli svidjeti:<\/span><a href=\"https:\/\/vapebulkp.com\/hr\/product\/good-sale-randm-tornado-10000-puffs-plus\/\"><span style=\"vertical-align: inherit\">RandM 10000Udisaja<\/span><\/a><span style=\"vertical-align: inherit\">\u2014S kapacitetom od 10.000 udisaja, ovaj je ure\u0111aj omiljen me\u0111u entuzijastima vapinga.<\/span><\/p>\n<p><a href=\"https:\/\/vapebulkp.com\/hr\/product\/wholesale-randm-tornado-9000-puffs-germany\/\"><span style=\"vertical-align: inherit\">RandM Tornado 9000 Puhova<\/span><\/a><span style=\"vertical-align: inherit\">\u2014Kao najpopularnija e-cigareta, Randm ima 9.000 udisaja u kojima mo\u017eete u\u017eivati<\/span><\/p>\n<p><a href=\"https:\/\/vapebulkp.com\/hr\/product\/popular-bang-king-10000-puffs-vape-good-price\/\"><span style=\"vertical-align: inherit\">Bang King 10000 Puhova<\/span><\/a><span style=\"vertical-align: inherit\">\u2014Bang King je popularan brend s jedinstvenim modelima i 10000 udaha<\/span><\/p>\n<p><a href=\"https:\/\/vapebulkp.com\/hr\/product\/bang-king-12000puffs\/\"><span style=\"vertical-align: inherit\">Bang King 12000 Puhova<\/span><\/a>\u2014-Bang King 12000 Udisaja popularan je brend s jedinstvenim modelima i 12.000 udisaja, jo\u0161 jedna opcija da pobolj\u0161ate svoje potrebe za vapingom<\/p>\n<p><span style=\"vertical-align: inherit\">E-cigareta posebnog oblika boce:<\/span><a href=\"https:\/\/vapebulkp.com\/hr\/product\/popular-kulx-10000puffs-disposable-vape-good-price\/\"><span style=\"vertical-align: inherit\">Kulx 10000 Udisaja<\/span><\/a><span style=\"vertical-align: inherit\">\/ <\/span><a href=\"https:\/\/vapebulkp.com\/hr\/product\/disposable-vape-crystal-600-puffs\/\"><span style=\"vertical-align: inherit\">Crystal Legend 600 uvla\u010denja<\/span><\/a><span style=\"vertical-align: inherit\">\/<\/span><a href=\"https:\/\/vapebulkp.com\/hr\/product\/bang-box-12000puffs-good-vape-sweden-wholesale-price\/\"><span style=\"vertical-align: inherit\">Bang Box vape 12000 uvla\u010denja<\/span><\/a><\/p>\n<h4>\u0160to biste trebali znati o elektroni\u010dkim cigaretama (e-cigaretama):<\/h4>\n<p>P: Za\u0161to elektroni\u010dke cigarete cure?<br \/>\nO: Curenje e-cigarete mo\u017ee biti uzrokovano nepravilno postavljenom jezgrom atomizera ili o\u0161te\u0107enim brtvenim prstenom tijekom punjenja. Pripazite da ne stisnete prejako ulje prilikom punjenja i provjerite je li brtveni prsten netaknut, \u0161to mo\u017ee u\u010dinkovito smanjiti curenje ulja.<\/p>\n<p>P: Za\u0161to e-cigareta miri\u0161e na zagorjelo?<br \/>\nO: Miris zagorjelog obi\u010dno je uzrokovan suhim gorenjem jezgre atomizera ili nedovoljnom koli\u010dinom ulja. Preporu\u010duje se redovito mijenjati jezgru atomizera i osigurati dovoljnu koli\u010dinu ulja kako bi se izbjeglo suho gorenje.<\/p>\n<p>P: Za\u0161to usisna snaga e-cigarete postaje slabija?<br \/>\nO: Slaba usisna snaga mo\u017ee biti zbog nedovoljne napunjenosti baterije, dotrajale jezgre atomizera ili za\u010depljenja jezgre atomizera. Poku\u0161ajte napuniti bateriju ili zamijeniti jezgru atomizera novom kako biste rije\u0161ili problem slabe usisne snage.<\/p>\n<p>P: Kako \u010distiti opremu za e-cigarete?<br \/>\nO: Redovito \u010di\u0161\u0107enje va\u0161e opreme za e-cigarete odr\u017eat \u0107e njezinu u\u010dinkovitost i okus. Upotrijebite meku krpu za nje\u017eno brisanje povr\u0161ine ure\u0111aja, a pamu\u010dne \u0161tapi\u0107e za \u010di\u0161\u0107enje spojeva ili unutarnjih povr\u0161ina, ali pazite da ne do\u0111e do o\u0161te\u0107enja.<\/p>\n<p>P: Jesu li e-cigarete \u0161tetne za zdravlje?<br \/>\nO: Iako e-cigarete mogu sadr\u017eavati manje \u0161tetnih tvari od tradicionalnih cigareta, to ne zna\u010di da su potpuno bezopasne. Dugotrajna upotreba e-cigareta jo\u0161 uvijek mo\u017ee imati odre\u0111ene u\u010dinke na zdravlje. Najbolje je ograni\u010diti upotrebu i potra\u017eiti savjet medicinskog stru\u010dnjaka.<\/p>\n<h4>Detalji dostave:<\/h4>\n<p><span style=\"color: #ff6600\">Vrijeme proizvodnje: 5-10 radnih dana<\/span><br \/>\n<span style=\"color: #ff6600\">Vrijeme isporuke: 8-14 radnih dana<\/span><\/p>\n<p>Svi proizvodi u na\u0161oj trgovini su 100% originalni i autenti\u010dni, stoga je desetostruka naknada za la\u017enu robu na\u0161a politika trgovine. Za dostavu koristimo logisti\u010dke kanale kao \u0161to su UPS\/DHL\/FEDEX\/DPD.<\/p>\n<p>Za pakete poslane u Hrvatsku obi\u010dno je potrebno 10 radnih dana da stignu. Dostava u europske zemlje obi\u010dno traje 12 do 15 radnih dana da stigne. Logisti\u010dke informacije \u0107emo a\u017eurirati za vas u stvarnom vremenu.<\/p>\n<p>Kontaktirajte nas i mo\u017eemo vam ponuditi Hazebar 12000 Puhova i podi\u0107i va\u0161e poslovanje na vi\u0161u razinu!<\/p>","protected":false},"excerpt":{"rendered":"<p>Veleprodajna cijena <a href=\"https:\/\/vapebulkp.com\/hr\/product\/good-vape-jnr-shisha-15000-puffs-wholesale-vapme-shisha\/\">VAPME SHISHA 15000 PUFA <\/a>Najbolje prodavani Vape<br \/>\nVAPME SHISHA 15000 PUFA Du\u0107an za nargile i vape<br \/>\nPopularni VAPE Vapme shisha 15k Puffs<br \/>\n<img decoding=\"async\" class=\"alignnone wp-image-2151\" src=\"http:\/\/vapebulkp.com\/wp-content\/uploads\/2024\/04\/Mandy-WhatsApp-Randm.jpg\" alt=\"Mandy WhatsApp Randm\" width=\"238\" height=\"253\" srcset=\"https:\/\/vapebulkp.com\/wp-content\/uploads\/2024\/04\/Mandy-WhatsApp-Randm.jpg 916w, https:\/\/vapebulkp.com\/wp-content\/uploads\/2024\/04\/Mandy-WhatsApp-Randm-282x300.jpg 282w, https:\/\/vapebulkp.com\/wp-content\/uploads\/2024\/04\/Mandy-WhatsApp-Randm-768x817.jpg 768w, https:\/\/vapebulkp.com\/wp-content\/uploads\/2024\/04\/Mandy-WhatsApp-Randm-600x638.jpg 600w\" sizes=\"(max-width: 238px) 100vw, 238px\" \/><\/p>\n<p>Molimo kontaktirajte Mandy's WhatsApp za cijenu s popustom<a href=\"https:\/\/wa.me\/8618077105796\">+8618077105796<\/a><\/p>\n<p><span style=\"color: #ff0000\">NAPOMENA: Cijene na na\u0161oj web stranici ne uklju\u010duju tro\u0161kove dostave<\/span><\/p>","protected":false},"featured_media":1973,"comment_status":"open","ping_status":"closed","template":"","meta":{"_uag_custom_page_level_css":"","_lmt_disableupdate":"no","_lmt_disable":"","site-sidebar-layout":"default","site-content-layout":"content-boxed-container","ast-site-content-layout":"normal-width-container","site-content-style":"boxed","site-sidebar-style":"unboxed","ast-global-header-display":"","ast-banner-title-visibility":"","ast-main-header-display":"","ast-hfb-above-header-display":"","ast-hfb-below-header-display":"","ast-hfb-mobile-header-display":"","site-post-title":"","ast-breadcrumbs-content":"","ast-featured-img":"","footer-sml-layout":"","theme-transparent-header-meta":"default","adv-header-id-meta":"","stick-header-meta":"","header-above-stick-meta":"","header-main-stick-meta":"","header-below-stick-meta":"","astra-migrate-meta-layouts":"set","_joinchat":[]},"product_cat":[165,153,155,33,59,100,353,34,158,157,154,152,58,84,156,63,32],"product_tag":[77,36,37,91,105,41,71,40],"class_list":["post-1979","product","type-product","status-publish","has-post-thumbnail","hentry","product_cat-15000-puffs-disposable-vape","product_cat-hot-disposable-vapes","product_cat-belgium-hot-disposable-vapes","product_cat-france-vape-hot-sale","product_cat-germany-hot-disposable-vape","product_cat-germany-wholesale-vape-shop","product_cat-jnr-vape","product_cat-netherlands-vape-good-sale","product_cat-norway-hot-disposable-vapes","product_cat-poland-hot-disposable-vapes","product_cat-portugal-hot-disposable-vapes","product_cat-spain-hot-disposable-vapes","product_cat-sweden-hot-disposable-vape","product_cat-sweden-wholesale-vape","product_cat-switzerland-hot-disposable-vapes","product_cat-top-sale-disposable-vape","product_cat-vape-hot-sale-this-week","product_tag-15000-puffs","product_tag-good-vape","product_tag-hot-sale-disposable-vape","product_tag-italy-hot-vape","product_tag-jnr","product_tag-poland-hot-vape","product_tag-randm","product_tag-sweden-hot-vape","pa_brand-vapme-vape","desktop-align-left","tablet-align-left","mobile-align-left"],"yoast_head":"<!-- This site is optimized with the Yoast SEO plugin v21.1 - https:\/\/yoast.com\/wordpress\/plugins\/seo\/ -->\n<title>Good Vape JNR SHISHA 15000 Puffs Wholesale VAPME SHISHA - vapebulkp.com<\/title>\n<meta name=\"description\" content=\"Buy the VAPME SHISHA 15000 Puffs, a high-capacity 15000 Puffs Disposable Vape with long-lasting battery and rich flavor. EU shipping \u2014 order now!\" \/>\n<meta name=\"robots\" content=\"index, follow, max-snippet:-1, max-image-preview:large, max-video-preview:-1\" \/>\n<link rel=\"canonical\" href=\"https:\/\/vapebulkp.com\/hr\/product\/good-vape-jnr-shisha-15000-puffs-wholesale-vapme-shisha\/\" \/>\n<meta property=\"og:locale\" content=\"hr_HR\" \/>\n<meta property=\"og:type\" content=\"article\" \/>\n<meta property=\"og:title\" content=\"Good Vape JNR SHISHA 15000 Puffs Wholesale VAPME SHISHA - vapebulkp.com\" \/>\n<meta property=\"og:description\" content=\"Buy the VAPME SHISHA 15000 Puffs, a high-capacity 15000 Puffs Disposable Vape with long-lasting battery and rich flavor. EU shipping \u2014 order now!\" \/>\n<meta property=\"og:url\" content=\"https:\/\/vapebulkp.com\/hr\/product\/good-vape-jnr-shisha-15000-puffs-wholesale-vapme-shisha\/\" \/>\n<meta property=\"og:site_name\" content=\"vapebulkp.com\" \/>\n<meta property=\"article:modified_time\" content=\"2025-09-24T03:18:15+00:00\" \/>\n<meta property=\"og:image\" content=\"http:\/\/vapebulkp.com\/wp-content\/uploads\/2023\/12\/JNR-Shisha-15k-puff-discount-price-Sweden-Germany-scaled.jpg\" \/>\n\t<meta property=\"og:image:width\" content=\"1742\" \/>\n\t<meta property=\"og:image:height\" content=\"2560\" \/>\n\t<meta property=\"og:image:type\" content=\"image\/jpeg\" \/>\n<meta name=\"twitter:card\" content=\"summary_large_image\" \/>\n<meta name=\"twitter:label1\" content=\"Procijenjeno vrijeme \u010ditanja\" \/>\n\t<meta name=\"twitter:data1\" content=\"4 minute\" \/>\n<script type=\"application\/ld+json\" class=\"yoast-schema-graph\">{\"@context\":\"https:\/\/schema.org\",\"@graph\":[{\"@type\":\"WebPage\",\"@id\":\"https:\/\/vapebulkp.com\/product\/good-vape-jnr-shisha-15000-puffs-wholesale-vapme-shisha\/\",\"url\":\"https:\/\/vapebulkp.com\/product\/good-vape-jnr-shisha-15000-puffs-wholesale-vapme-shisha\/\",\"name\":\"Good Vape JNR SHISHA 15000 Puffs Wholesale VAPME SHISHA - vapebulkp.com\",\"isPartOf\":{\"@id\":\"https:\/\/vapebulkp.com\/#website\"},\"datePublished\":\"2023-12-26T07:44:42+00:00\",\"dateModified\":\"2025-09-24T03:18:15+00:00\",\"description\":\"Buy the VAPME SHISHA 15000 Puffs, a high-capacity 15000 Puffs Disposable Vape with long-lasting battery and rich flavor. EU shipping \u2014 order now!\",\"breadcrumb\":{\"@id\":\"https:\/\/vapebulkp.com\/product\/good-vape-jnr-shisha-15000-puffs-wholesale-vapme-shisha\/#breadcrumb\"},\"inLanguage\":\"hr\",\"potentialAction\":[{\"@type\":\"ReadAction\",\"target\":[\"https:\/\/vapebulkp.com\/product\/good-vape-jnr-shisha-15000-puffs-wholesale-vapme-shisha\/\"]}]},{\"@type\":\"BreadcrumbList\",\"@id\":\"https:\/\/vapebulkp.com\/product\/good-vape-jnr-shisha-15000-puffs-wholesale-vapme-shisha\/#breadcrumb\",\"itemListElement\":[{\"@type\":\"ListItem\",\"position\":1,\"name\":\"Home\",\"item\":\"https:\/\/vapebulkp.com\/\"},{\"@type\":\"ListItem\",\"position\":2,\"name\":\"Hot Trend Vapes\",\"item\":\"https:\/\/vapebulkp.com\/vape-shop\/\"},{\"@type\":\"ListItem\",\"position\":3,\"name\":\"Good Vape JNR SHISHA 15000 Puffs Wholesale VAPME SHISHA\"}]},{\"@type\":\"WebSite\",\"@id\":\"https:\/\/vapebulkp.com\/#website\",\"url\":\"https:\/\/vapebulkp.com\/\",\"name\":\"vapebulkp.com\",\"description\":\"Buy Vape In Cheap Bulk Price Near you\",\"publisher\":{\"@id\":\"https:\/\/vapebulkp.com\/#organization\"},\"potentialAction\":[{\"@type\":\"SearchAction\",\"target\":{\"@type\":\"EntryPoint\",\"urlTemplate\":\"https:\/\/vapebulkp.com\/?s={search_term_string}\"},\"query-input\":\"required name=search_term_string\"}],\"inLanguage\":\"hr\"},{\"@type\":\"Organization\",\"@id\":\"https:\/\/vapebulkp.com\/#organization\",\"name\":\"vapebulkp.com\",\"url\":\"https:\/\/vapebulkp.com\/\",\"logo\":{\"@type\":\"ImageObject\",\"inLanguage\":\"hr\",\"@id\":\"https:\/\/vapebulkp.com\/#\/schema\/logo\/image\/\",\"url\":\"https:\/\/vapebulkp.com\/wp-content\/uploads\/2023\/09\/cropped-vapebulkp.png\",\"contentUrl\":\"https:\/\/vapebulkp.com\/wp-content\/uploads\/2023\/09\/cropped-vapebulkp.png\",\"width\":516,\"height\":163,\"caption\":\"vapebulkp.com\"},\"image\":{\"@id\":\"https:\/\/vapebulkp.com\/#\/schema\/logo\/image\/\"}}]}<\/script>\n<!-- \/ Yoast SEO plugin. -->","yoast_head_json":{"title":"Good Vape JNR SHISHA 15000 Puffs Wholesale VAPME SHISHA - vapebulkp.com","description":"Buy the VAPME SHISHA 15000 Puffs, a high-capacity 15000 Puffs Disposable Vape with long-lasting battery and rich flavor. EU shipping \u2014 order now!","robots":{"index":"index","follow":"follow","max-snippet":"max-snippet:-1","max-image-preview":"max-image-preview:large","max-video-preview":"max-video-preview:-1"},"canonical":"https:\/\/vapebulkp.com\/hr\/product\/good-vape-jnr-shisha-15000-puffs-wholesale-vapme-shisha\/","og_locale":"hr_HR","og_type":"article","og_title":"Good Vape JNR SHISHA 15000 Puffs Wholesale VAPME SHISHA - vapebulkp.com","og_description":"Buy the VAPME SHISHA 15000 Puffs, a high-capacity 15000 Puffs Disposable Vape with long-lasting battery and rich flavor. EU shipping \u2014 order now!","og_url":"https:\/\/vapebulkp.com\/hr\/product\/good-vape-jnr-shisha-15000-puffs-wholesale-vapme-shisha\/","og_site_name":"vapebulkp.com","article_modified_time":"2025-09-24T03:18:15+00:00","og_image":[{"width":1742,"height":2560,"url":"http:\/\/vapebulkp.com\/wp-content\/uploads\/2023\/12\/JNR-Shisha-15k-puff-discount-price-Sweden-Germany-scaled.jpg","type":"image\/jpeg"}],"twitter_card":"summary_large_image","twitter_misc":{"Procijenjeno vrijeme \u010ditanja":"4 minute"},"schema":{"@context":"https:\/\/schema.org","@graph":[{"@type":"WebPage","@id":"https:\/\/vapebulkp.com\/product\/good-vape-jnr-shisha-15000-puffs-wholesale-vapme-shisha\/","url":"https:\/\/vapebulkp.com\/product\/good-vape-jnr-shisha-15000-puffs-wholesale-vapme-shisha\/","name":"Good Vape JNR SHISHA 15000 Puffs Wholesale VAPME SHISHA - vapebulkp.com","isPartOf":{"@id":"https:\/\/vapebulkp.com\/#website"},"datePublished":"2023-12-26T07:44:42+00:00","dateModified":"2025-09-24T03:18:15+00:00","description":"Buy the VAPME SHISHA 15000 Puffs, a high-capacity 15000 Puffs Disposable Vape with long-lasting battery and rich flavor. EU shipping \u2014 order now!","breadcrumb":{"@id":"https:\/\/vapebulkp.com\/product\/good-vape-jnr-shisha-15000-puffs-wholesale-vapme-shisha\/#breadcrumb"},"inLanguage":"hr","potentialAction":[{"@type":"ReadAction","target":["https:\/\/vapebulkp.com\/product\/good-vape-jnr-shisha-15000-puffs-wholesale-vapme-shisha\/"]}]},{"@type":"BreadcrumbList","@id":"https:\/\/vapebulkp.com\/product\/good-vape-jnr-shisha-15000-puffs-wholesale-vapme-shisha\/#breadcrumb","itemListElement":[{"@type":"ListItem","position":1,"name":"Home","item":"https:\/\/vapebulkp.com\/"},{"@type":"ListItem","position":2,"name":"Hot Trend Vapes","item":"https:\/\/vapebulkp.com\/vape-shop\/"},{"@type":"ListItem","position":3,"name":"Good Vape JNR SHISHA 15000 Puffs Wholesale VAPME SHISHA"}]},{"@type":"WebSite","@id":"https:\/\/vapebulkp.com\/#website","url":"https:\/\/vapebulkp.com\/","name":"vapebulkp.com","description":"Buy Vape In Cheap Bulk Price Near you","publisher":{"@id":"https:\/\/vapebulkp.com\/#organization"},"potentialAction":[{"@type":"SearchAction","target":{"@type":"EntryPoint","urlTemplate":"https:\/\/vapebulkp.com\/?s={search_term_string}"},"query-input":"required name=search_term_string"}],"inLanguage":"hr"},{"@type":"Organization","@id":"https:\/\/vapebulkp.com\/#organization","name":"vapebulkp.com","url":"https:\/\/vapebulkp.com\/","logo":{"@type":"ImageObject","inLanguage":"hr","@id":"https:\/\/vapebulkp.com\/#\/schema\/logo\/image\/","url":"https:\/\/vapebulkp.com\/wp-content\/uploads\/2023\/09\/cropped-vapebulkp.png","contentUrl":"https:\/\/vapebulkp.com\/wp-content\/uploads\/2023\/09\/cropped-vapebulkp.png","width":516,"height":163,"caption":"vapebulkp.com"},"image":{"@id":"https:\/\/vapebulkp.com\/#\/schema\/logo\/image\/"}}]}},"uagb_featured_image_src":{"full":["https:\/\/vapebulkp.com\/wp-content\/uploads\/2023\/12\/JNR-Shisha-15k-puff-discount-price-Sweden-Germany-scaled.jpg",1742,2560,false],"thumbnail":["https:\/\/vapebulkp.com\/wp-content\/uploads\/2023\/12\/JNR-Shisha-15k-puff-discount-price-Sweden-Germany-150x150.jpg",150,150,true],"medium":["https:\/\/vapebulkp.com\/wp-content\/uploads\/2023\/12\/JNR-Shisha-15k-puff-discount-price-Sweden-Germany-204x300.jpg",204,300,true],"medium_large":["https:\/\/vapebulkp.com\/wp-content\/uploads\/2023\/12\/JNR-Shisha-15k-puff-discount-price-Sweden-Germany-768x1129.jpg",768,1129,true],"large":["https:\/\/vapebulkp.com\/wp-content\/uploads\/2023\/12\/JNR-Shisha-15k-puff-discount-price-Sweden-Germany-697x1024.jpg",697,1024,true],"1536x1536":["https:\/\/vapebulkp.com\/wp-content\/uploads\/2023\/12\/JNR-Shisha-15k-puff-discount-price-Sweden-Germany-1045x1536.jpg",1045,1536,true],"2048x2048":["https:\/\/vapebulkp.com\/wp-content\/uploads\/2023\/12\/JNR-Shisha-15k-puff-discount-price-Sweden-Germany-1394x2048.jpg",1394,2048,true],"trp-custom-language-flag":["https:\/\/vapebulkp.com\/wp-content\/uploads\/2023\/12\/JNR-Shisha-15k-puff-discount-price-Sweden-Germany-scaled.jpg",8,12,false],"woocommerce_thumbnail":["https:\/\/vapebulkp.com\/wp-content\/uploads\/2023\/12\/JNR-Shisha-15k-puff-discount-price-Sweden-Germany-300x300.jpg",300,300,true],"woocommerce_single":["https:\/\/vapebulkp.com\/wp-content\/uploads\/2023\/12\/JNR-Shisha-15k-puff-discount-price-Sweden-Germany-600x882.jpg",600,882,true],"woocommerce_gallery_thumbnail":["https:\/\/vapebulkp.com\/wp-content\/uploads\/2023\/12\/JNR-Shisha-15k-puff-discount-price-Sweden-Germany-100x100.jpg",100,100,true],"wcpr-photo-reviews":["https:\/\/vapebulkp.com\/wp-content\/uploads\/2023\/12\/JNR-Shisha-15k-puff-discount-price-Sweden-Germany-scaled.jpg",340,500,false]},"uagb_author_info":{"display_name":"Mandy vape bulk price","author_link":"https:\/\/vapebulkp.com\/hr\/author\/"},"uagb_comment_info":8,"uagb_excerpt":"Wholesale Prrice VAPME SHISHA 15000 PUFFS Top Sale Vape VAPME SHISHA 15000 PUFFS Hookah vape Shop Popular VAPE Vapme shisha 15k Puffs Pls Contact Mandy's WhatsApp For Discount Price+8618077105796 NOTE: Prices on our website does not include shipping costs","_links":{"self":[{"href":"https:\/\/vapebulkp.com\/hr\/wp-json\/wp\/v2\/product\/1979","targetHints":{"allow":["GET"]}}],"collection":[{"href":"https:\/\/vapebulkp.com\/hr\/wp-json\/wp\/v2\/product"}],"about":[{"href":"https:\/\/vapebulkp.com\/hr\/wp-json\/wp\/v2\/types\/product"}],"replies":[{"embeddable":true,"href":"https:\/\/vapebulkp.com\/hr\/wp-json\/wp\/v2\/comments?post=1979"}],"wp:featuredmedia":[{"embeddable":true,"href":"https:\/\/vapebulkp.com\/hr\/wp-json\/wp\/v2\/media\/1973"}],"wp:attachment":[{"href":"https:\/\/vapebulkp.com\/hr\/wp-json\/wp\/v2\/media?parent=1979"}],"wp:term":[{"taxonomy":"product_cat","embeddable":true,"href":"https:\/\/vapebulkp.com\/hr\/wp-json\/wp\/v2\/product_cat?post=1979"},{"taxonomy":"product_tag","embeddable":true,"href":"https:\/\/vapebulkp.com\/hr\/wp-json\/wp\/v2\/product_tag?post=1979"}],"curies":[{"name":"wp","href":"https:\/\/api.w.org\/{rel}","templated":true}]}}