{"id":2164,"date":"2024-04-17T11:30:52","date_gmt":"2024-04-17T09:30:52","guid":{"rendered":"https:\/\/vapebulkp.com\/?post_type=product&#038;p=2164"},"modified":"2025-09-24T05:41:45","modified_gmt":"2025-09-24T03:41:45","slug":"top-sale-vape-vapme-crown-bar-18000-puffs-pro-max","status":"publish","type":"product","link":"https:\/\/vapebulkp.com\/hr\/product\/top-sale-vape-vapme-crown-bar-18000-puffs-pro-max\/","title":{"rendered":"Vrhunska rasprodaja Vape VAPME CROWN BAR 18000 Puffs PRO MAX"},"content":{"rendered":"<h2 style=\"text-align: left\">Vrhunska rasprodaja Vape VAPME CROWN BAR 18000 Puffs PRO MAX<\/h2>\n<p data-start=\"129\" data-end=\"419\">O <strong data-start=\"133\" data-end=\"172\">VAPME CROWN BAR 18000 Udisaja PRO MAX<\/strong> je <strong data-start=\"178\" data-end=\"205\">vrhunski jednokratni vape<\/strong> stvoren za europske entuzijaste vapinga koji tra\u017ee performanse, okus i prakti\u010dnost. Ovaj ure\u0111aj velikog kapaciteta pru\u017ea do 18 000 udisaja, \u0161to ga \u010dini pouzdanim <strong data-start=\"369\" data-end=\"391\">vape visokog kapaciteta<\/strong> za duge sesije vapinga.<\/p>\n<p data-start=\"421\" data-end=\"730\">Pokre\u0107e ga punjiva baterija od 850 mAh s priklju\u010dkom za brzo punjenje Type-C, a <strong data-start=\"501\" data-end=\"533\">punjivi jednokratni vape<\/strong> osigurava neprekidno u\u017eivanje bez prekida. Njegova napunjena 25 ml kartu\u0161a s e-teku\u0107inom i napredna tehnologija od 0,6\u03a9 <strong data-start=\"643\" data-end=\"661\">mre\u017enom zavojnicom<\/strong> proizvode guste oblake pare i bogat, dosljedan okus.<\/p>\n<p data-start=\"732\" data-end=\"1065\">Prilagodite svaki udisaj s podesivim protokom zraka, dok 12 odabranih okusa i opcije nikotinske soli od 2% ili 5% zadovoljavaju sve preferencije, \u010dine\u0107i ga svestranim <strong data-start=\"889\" data-end=\"911\">nicotinska sol za vape<\/strong>. Elegantan, ergonomski i moderan, <a href=\"https:\/\/vapebulkp.com\/hr\/product-category\/18000-puffs-disposable-vape\/\"><strong data-start=\"948\" data-end=\"979\">18000 Puffs jednokratni Vape<\/strong><\/a> savr\u0161en je za svakodnevnu upotrebu, dru\u0161tvene situacije ili veleprodajnu distribuciju u cijeloj Europi.<\/p>\n<p><img decoding=\"async\" class=\"alignnone size-full wp-image-2163\" src=\"http:\/\/vapebulkp.com\/wp-content\/uploads\/2024\/04\/VAPME-CROWN-BAR-18000-PRO-MAX.png\" alt=\"VAPME KRUNA \u0160IPKA 18000 PRO MAX\" width=\"730\" height=\"730\" srcset=\"https:\/\/vapebulkp.com\/wp-content\/uploads\/2024\/04\/VAPME-CROWN-BAR-18000-PRO-MAX.png 730w, https:\/\/vapebulkp.com\/wp-content\/uploads\/2024\/04\/VAPME-CROWN-BAR-18000-PRO-MAX-300x300.png 300w, https:\/\/vapebulkp.com\/wp-content\/uploads\/2024\/04\/VAPME-CROWN-BAR-18000-PRO-MAX-150x150.png 150w, https:\/\/vapebulkp.com\/wp-content\/uploads\/2024\/04\/VAPME-CROWN-BAR-18000-PRO-MAX-600x600.png 600w, https:\/\/vapebulkp.com\/wp-content\/uploads\/2024\/04\/VAPME-CROWN-BAR-18000-PRO-MAX-100x100.png 100w\" sizes=\"(max-width: 730px) 100vw, 730px\" \/><\/p>\n<h6>Molimo kontaktirajte Mandy's WhatsApp za cijenu s popustom<a href=\"https:\/\/wa.me\/8618077105796\">+8618077105796<\/a><\/h6>\n<p><img decoding=\"async\" class=\"alignnone wp-image-2151\" src=\"http:\/\/vapebulkp.com\/wp-content\/uploads\/2024\/04\/Mandy-WhatsApp-Randm.jpg\" alt=\"Mandy WhatsApp Randm\" width=\"324\" height=\"330\" \/><\/p>\n<h2>Mislili smo da biste \u017eeljeli znati o Vapme Crown Bar 18000Puffs Pro Max, najbolje prodavanom vapeu:<\/h2>\n<h5>1.Kako koristiti Vapme 18k Puffs Vape Kit?<\/h5>\n<p>Korak 1. Prije kori\u0161tenja 18k udisaja, uklonite plasti\u010dnu cijev.<\/p>\n<p>Korak 2. Pri\u010dekajte oko 3 minute da sok u\u0111e u zavojnicu unutra.<\/p>\n<p>Korak 3. U\u017eivajte<\/p>\n<h5>2.KAKO PUNITI JEDNOKRATNI VAPE URE\u0110AJ Vapme Crown Bar 18k Pro MAX?<\/h5>\n<p>Ne smiju se koristiti brzi punja\u010di, a standardna sigurna snaga jednokratnih elektroni\u010dkih cigareta je 5V 1A.<\/p>\n<p>Svako punjenje ne smije trajati du\u017ee od 1 sata, a sigurno vrijeme punjenja je pola sata.<\/p>\n<p><span style=\"color: #ff6600\">Napomena: ne punite cijelu no\u0107!<\/span><\/p>\n<h5>3.Koliki je kapacitet e-teku\u0107ine Vapme Crown Bar 18000 Puffs Pro Max WAPE?<\/h5>\n<p>\u2014\u201420ml<\/p>\n<h5>4.Koliko udisaja mogu uzeti s ovim Vapme Crown Bar 18000 Puffs Pro Max?<\/h5>\n<p>\u2014\u201318 tisu\u0107a dimova<\/p>\n<h3>Zna\u010dajke jednokratnog Vape Poda Vapme Crown Bar 18000 Puff Pro Max:<\/h3>\n<ul>\n<li>Dimovi: DO 18000 dimova<\/li>\n<li>\u00a0Teku\u0107ina: 25 ml napunjenog ulo\u0161ka s e-teku\u0107inom<\/li>\n<li>Nikotin: 2\/5% Nikotinski Solt<\/li>\n<li>\u00a0Vrste: Jednokratno<\/li>\n<li>\u00a0Baterija od 850 mAh<\/li>\n<li>\u00a00.6 Mesh zavojnica, PODESIVI PROTOK ZRAKA<\/li>\n<li>\u00a0Tip-c punjivo<\/li>\n<li>\u00a0Dostupno 12 okusa<\/li>\n<\/ul>\n<p>&nbsp;<\/p>\n<h3><strong>\u00a0Popis okusa Vape ure\u0111aja Vapme Crown Bar 18k Puffs Pro Max:<\/strong><\/h3>\n<ol>\n<li>Bujni led<\/li>\n<li>Ledene bobice<\/li>\n<li>\u017dvaka s borovnicom<\/li>\n<li>Fe\u0161ta od tre\u0161anja<\/li>\n<li>Udarac gro\u017e\u0111a<\/li>\n<li>Jagoda Lubenica<\/li>\n<li>Smrznuti mango<\/li>\n<li>Udarac od jagode<\/li>\n<li>Slatka marakuja<\/li>\n<li>Borovnica Malina<\/li>\n<li>Dvije jabuke<\/li>\n<li>Ljubav 66<\/li>\n<\/ol>\n<p><a href=\"https:\/\/vapebulkp.com\/hr\/product\/popular-randm-tornado-7000puffs-disposable-vape-best-price\/\"><span style=\"vertical-align: inherit\">RandM Tornado 7000 Udisaja <\/span><\/a><\/p>\n<p><span style=\"vertical-align: inherit\">Prona\u0111ite vi\u0161e proizvoda koji bi vam se mogli svidjeti:<\/span><em><a href=\"https:\/\/wa.me\/8618077105796\"><span style=\"vertical-align: inherit\">\u00a0Kupite sada<\/span><\/a><\/em><\/p>\n<p><span style=\"vertical-align: inherit\">Ostali Puffs koji bi vam se mogli svidjeti:<\/span><a href=\"https:\/\/vapebulkp.com\/hr\/product\/joymy-ultra15000puffs-best-disposable-vape-2023\/\"><span style=\"vertical-align: inherit\">JOYMY 15000 Udisaja<\/span><\/a><span style=\"vertical-align: inherit\">\u3001<\/span><a href=\"https:\/\/vapebulkp.com\/hr\/product\/wholesale-randm-tornado-9000-puffs-germany\/\"><span style=\"vertical-align: inherit\">RandM 9000 Udisaja<\/span><\/a><span style=\"vertical-align: inherit\">\/ <\/span><a href=\"https:\/\/vapebulkp.com\/hr\/product\/bang-king-12000puffs\/\"><span style=\"vertical-align: inherit\">Bang King 12000 Puhova<\/span><\/a><span style=\"vertical-align: inherit\">\/ <\/span><a href=\"https:\/\/vapebulkp.com\/hr\/product\/wholesale-tornado-rum-bar-9000-puffs-sweden\/\"><span style=\"vertical-align: inherit\">Rumbar 9000 Udisaja<\/span><\/a><\/p>\n<p><span style=\"vertical-align: inherit\">E-cigareta posebnog oblika boce:<\/span><a href=\"https:\/\/vapebulkp.com\/hr\/product\/original-vape-bang-tn-12000-puffs-bang-vape\/\"><span style=\"vertical-align: inherit\"> Bang TN 12000 Udisaja<\/span><\/a><span style=\"vertical-align: inherit\">\/ <\/span><a href=\"https:\/\/vapebulkp.com\/hr\/product\/popular-bang-king-10000-puffs-vape-good-price\/\"><span style=\"vertical-align: inherit\">\u00a0Bang King 10000 Udisaja <\/span><\/a><span style=\"vertical-align: inherit\">\/<\/span><a href=\"https:\/\/vapebulkp.com\/hr\/product\/bang-tornado-12000-puffs-rechargeable-disposable-pod\/\"><span style=\"vertical-align: inherit\"> Bang Tornado 12000 Mlaznica<\/span><\/a><\/p>\n<h5>Kvalifikacija proizvodnje:<\/h5>\n<p><img decoding=\"async\" class=\"alignnone size-full wp-image-1841\" src=\"http:\/\/vapebulkp.com\/wp-content\/uploads\/2023\/11\/Vape-production-process-2.jpeg\" alt=\"Proces proizvodnje vape ure\u0111aja\" width=\"650\" height=\"434\" srcset=\"https:\/\/vapebulkp.com\/wp-content\/uploads\/2023\/11\/Vape-production-process-2.jpeg 650w, https:\/\/vapebulkp.com\/wp-content\/uploads\/2023\/11\/Vape-production-process-2-300x200.jpeg 300w, https:\/\/vapebulkp.com\/wp-content\/uploads\/2023\/11\/Vape-production-process-2-600x401.jpeg 600w\" sizes=\"(max-width: 650px) 100vw, 650px\" \/><\/p>\n<p><img decoding=\"async\" class=\"alignnone size-full wp-image-1843\" src=\"http:\/\/vapebulkp.com\/wp-content\/uploads\/2023\/11\/Vape-production-process.jpeg\" alt=\"Proces proizvodnje vape ure\u0111aja\" width=\"641\" height=\"1026\" srcset=\"https:\/\/vapebulkp.com\/wp-content\/uploads\/2023\/11\/Vape-production-process.jpeg 641w, https:\/\/vapebulkp.com\/wp-content\/uploads\/2023\/11\/Vape-production-process-187x300.jpeg 187w, https:\/\/vapebulkp.com\/wp-content\/uploads\/2023\/11\/Vape-production-process-640x1024.jpeg 640w, https:\/\/vapebulkp.com\/wp-content\/uploads\/2023\/11\/Vape-production-process-600x960.jpeg 600w\" sizes=\"(max-width: 641px) 100vw, 641px\" \/><\/p>\n<h5>\u010cesta pitanja:<\/h5>\n<p>P: Koji je MOQ za Vapme Crown Bar 18000 Puffs Pro Max?<br \/>\nO: Minimalna narud\u017eba je 100 komada.<br \/>\nP: Koje je vrijeme isporuke za vape koji sam naru\u010dio?<br \/>\nO: Obi\u010dno je 10-15 dana nakon slanja<br \/>\nP: Koliko iznosi tro\u0161ak dostave?O: Tro\u0161ak dostave ovisi o te\u017eini. Razli\u010dite koli\u010dine imaju razli\u010dite tro\u0161kove dostave, molimo kontaktirajte nas kako bismo potvrdili tro\u0161ak dostave.<\/p>\n<h4>Detalji dostave:<\/h4>\n<p><span style=\"color: #ff6600\">Vrijeme proizvodnje: 5-10 radnih dana<\/span><br \/>\n<span style=\"color: #ff6600\">Vrijeme isporuke: 8-14 radnih dana<\/span><\/p>\n<p>Svi proizvodi u na\u0161oj trgovini su 100% originalni i autenti\u010dni, stoga je desetostruka naknada za la\u017enu robu na\u0161a politika trgovine. Za dostavu koristimo logisti\u010dke kanale kao \u0161to su UPS\/DHL\/FEDEX\/DPD.<\/p>\n<p>Za pakete poslane u Hrvatsku obi\u010dno je potrebno 10 radnih dana da stignu. Dostava u europske zemlje obi\u010dno traje 12 do 15 radnih dana da stigne. Logisti\u010dke informacije \u0107emo a\u017eurirati za vas u stvarnom vremenu.<\/p>","protected":false},"excerpt":{"rendered":"<p>Najprodavaniji Vape Vapme Crown Bar 18000 Puffs Pro Max ovog tjedna!<\/p>\n<p>Molimo kontaktirajte Mandy's WhatsApp za cijenu s popustom<a href=\"https:\/\/wa.me\/8618077105796\">+8618077105796<\/a><\/p>\n<p><img decoding=\"async\" class=\"alignnone wp-image-2151\" src=\"http:\/\/vapebulkp.com\/wp-content\/uploads\/2024\/04\/Mandy-WhatsApp-Randm.jpg\" alt=\"Mandy WhatsApp Randm\" width=\"297\" height=\"316\" srcset=\"https:\/\/vapebulkp.com\/wp-content\/uploads\/2024\/04\/Mandy-WhatsApp-Randm.jpg 916w, https:\/\/vapebulkp.com\/wp-content\/uploads\/2024\/04\/Mandy-WhatsApp-Randm-282x300.jpg 282w, https:\/\/vapebulkp.com\/wp-content\/uploads\/2024\/04\/Mandy-WhatsApp-Randm-768x817.jpg 768w, https:\/\/vapebulkp.com\/wp-content\/uploads\/2024\/04\/Mandy-WhatsApp-Randm-600x638.jpg 600w\" sizes=\"(max-width: 297px) 100vw, 297px\" \/><\/p>\n<p><span style=\"color: #ff0000\">NAPOMENA: Cijene na na\u0161oj web stranici ne uklju\u010duju tro\u0161kove dostave<\/span><\/p>\n<p>&nbsp;<\/p>","protected":false},"featured_media":2162,"comment_status":"open","ping_status":"closed","template":"","meta":{"_uag_custom_page_level_css":"","_lmt_disableupdate":"no","_lmt_disable":"","site-sidebar-layout":"default","site-content-layout":"content-boxed-container","ast-site-content-layout":"normal-width-container","site-content-style":"boxed","site-sidebar-style":"unboxed","ast-global-header-display":"","ast-banner-title-visibility":"","ast-main-header-display":"","ast-hfb-above-header-display":"","ast-hfb-below-header-display":"","ast-hfb-mobile-header-display":"","site-post-title":"","ast-breadcrumbs-content":"","ast-featured-img":"","footer-sml-layout":"","theme-transparent-header-meta":"default","adv-header-id-meta":"","stick-header-meta":"","header-above-stick-meta":"","header-main-stick-meta":"","header-below-stick-meta":"","astra-migrate-meta-layouts":"set","_joinchat":[]},"product_cat":[163,153,155,33,59,100,34,158,157,154,152,58,84,156,63,32,368],"product_tag":[111,36,37,41,40],"class_list":["post-2164","product","type-product","status-publish","has-post-thumbnail","hentry","product_cat-18000-puffs-disposable-vape","product_cat-hot-disposable-vapes","product_cat-belgium-hot-disposable-vapes","product_cat-france-vape-hot-sale","product_cat-germany-hot-disposable-vape","product_cat-germany-wholesale-vape-shop","product_cat-netherlands-vape-good-sale","product_cat-norway-hot-disposable-vapes","product_cat-poland-hot-disposable-vapes","product_cat-portugal-hot-disposable-vapes","product_cat-spain-hot-disposable-vapes","product_cat-sweden-hot-disposable-vape","product_cat-sweden-wholesale-vape","product_cat-switzerland-hot-disposable-vapes","product_cat-top-sale-disposable-vape","product_cat-vape-hot-sale-this-week","product_cat-vapme-vape","product_tag-18000puffs","product_tag-good-vape","product_tag-hot-sale-disposable-vape","product_tag-poland-hot-vape","product_tag-sweden-hot-vape","pa_brand-vapme-vape","desktop-align-left","tablet-align-left","mobile-align-left"],"yoast_head":"<!-- This site is optimized with the Yoast SEO plugin v21.1 - https:\/\/yoast.com\/wordpress\/plugins\/seo\/ -->\n<title>Top Sale Vape VAPME CROWN BAR 18000 Puffs PRO MAX - vapebulkp.com<\/title>\n<meta name=\"description\" content=\"Hot Sale Vapme Crown Bar 18000 puffs disposable vape, unique model, 12 flavors for you to choose from, you won\u2019t be able to put it down.\" \/>\n<meta name=\"robots\" content=\"index, follow, max-snippet:-1, max-image-preview:large, max-video-preview:-1\" \/>\n<link rel=\"canonical\" href=\"https:\/\/vapebulkp.com\/hr\/product\/top-sale-vape-vapme-crown-bar-18000-puffs-pro-max\/\" \/>\n<meta property=\"og:locale\" content=\"hr_HR\" \/>\n<meta property=\"og:type\" content=\"article\" \/>\n<meta property=\"og:title\" content=\"Top Sale Vape VAPME CROWN BAR 18000 Puffs PRO MAX - vapebulkp.com\" \/>\n<meta property=\"og:description\" content=\"Hot Sale Vapme Crown Bar 18000 puffs disposable vape, unique model, 12 flavors for you to choose from, you won\u2019t be able to put it down.\" \/>\n<meta property=\"og:url\" content=\"https:\/\/vapebulkp.com\/hr\/product\/top-sale-vape-vapme-crown-bar-18000-puffs-pro-max\/\" \/>\n<meta property=\"og:site_name\" content=\"vapebulkp.com\" \/>\n<meta property=\"article:modified_time\" content=\"2025-09-24T03:41:45+00:00\" \/>\n<meta property=\"og:image\" content=\"http:\/\/vapebulkp.com\/wp-content\/uploads\/2024\/04\/VAPME-CROWN-BAR-18000-PRO-MAX-Top-Sale.png\" \/>\n\t<meta property=\"og:image:width\" content=\"730\" \/>\n\t<meta property=\"og:image:height\" content=\"730\" \/>\n\t<meta property=\"og:image:type\" content=\"image\/png\" \/>\n<meta name=\"twitter:card\" content=\"summary_large_image\" \/>\n<meta name=\"twitter:label1\" content=\"Procijenjeno vrijeme \u010ditanja\" \/>\n\t<meta name=\"twitter:data1\" content=\"4 minute\" \/>\n<script type=\"application\/ld+json\" class=\"yoast-schema-graph\">{\"@context\":\"https:\/\/schema.org\",\"@graph\":[{\"@type\":\"WebPage\",\"@id\":\"https:\/\/vapebulkp.com\/product\/top-sale-vape-vapme-crown-bar-18000-puffs-pro-max\/\",\"url\":\"https:\/\/vapebulkp.com\/product\/top-sale-vape-vapme-crown-bar-18000-puffs-pro-max\/\",\"name\":\"Top Sale Vape VAPME CROWN BAR 18000 Puffs PRO MAX - vapebulkp.com\",\"isPartOf\":{\"@id\":\"https:\/\/vapebulkp.com\/#website\"},\"datePublished\":\"2024-04-17T09:30:52+00:00\",\"dateModified\":\"2025-09-24T03:41:45+00:00\",\"description\":\"Hot Sale Vapme Crown Bar 18000 puffs disposable vape, unique model, 12 flavors for you to choose from, you won\u2019t be able to put it down.\",\"breadcrumb\":{\"@id\":\"https:\/\/vapebulkp.com\/product\/top-sale-vape-vapme-crown-bar-18000-puffs-pro-max\/#breadcrumb\"},\"inLanguage\":\"hr\",\"potentialAction\":[{\"@type\":\"ReadAction\",\"target\":[\"https:\/\/vapebulkp.com\/product\/top-sale-vape-vapme-crown-bar-18000-puffs-pro-max\/\"]}]},{\"@type\":\"BreadcrumbList\",\"@id\":\"https:\/\/vapebulkp.com\/product\/top-sale-vape-vapme-crown-bar-18000-puffs-pro-max\/#breadcrumb\",\"itemListElement\":[{\"@type\":\"ListItem\",\"position\":1,\"name\":\"Home\",\"item\":\"https:\/\/vapebulkp.com\/\"},{\"@type\":\"ListItem\",\"position\":2,\"name\":\"Hot Trend Vapes\",\"item\":\"https:\/\/vapebulkp.com\/vape-shop\/\"},{\"@type\":\"ListItem\",\"position\":3,\"name\":\"Top Sale Vape VAPME CROWN BAR 18000 Puffs PRO MAX\"}]},{\"@type\":\"WebSite\",\"@id\":\"https:\/\/vapebulkp.com\/#website\",\"url\":\"https:\/\/vapebulkp.com\/\",\"name\":\"vapebulkp.com\",\"description\":\"Buy Vape In Cheap Bulk Price Near you\",\"publisher\":{\"@id\":\"https:\/\/vapebulkp.com\/#organization\"},\"potentialAction\":[{\"@type\":\"SearchAction\",\"target\":{\"@type\":\"EntryPoint\",\"urlTemplate\":\"https:\/\/vapebulkp.com\/?s={search_term_string}\"},\"query-input\":\"required name=search_term_string\"}],\"inLanguage\":\"hr\"},{\"@type\":\"Organization\",\"@id\":\"https:\/\/vapebulkp.com\/#organization\",\"name\":\"vapebulkp.com\",\"url\":\"https:\/\/vapebulkp.com\/\",\"logo\":{\"@type\":\"ImageObject\",\"inLanguage\":\"hr\",\"@id\":\"https:\/\/vapebulkp.com\/#\/schema\/logo\/image\/\",\"url\":\"https:\/\/vapebulkp.com\/wp-content\/uploads\/2023\/09\/cropped-vapebulkp.png\",\"contentUrl\":\"https:\/\/vapebulkp.com\/wp-content\/uploads\/2023\/09\/cropped-vapebulkp.png\",\"width\":516,\"height\":163,\"caption\":\"vapebulkp.com\"},\"image\":{\"@id\":\"https:\/\/vapebulkp.com\/#\/schema\/logo\/image\/\"}}]}<\/script>\n<!-- \/ Yoast SEO plugin. -->","yoast_head_json":{"title":"Top Sale Vape VAPME CROWN BAR 18000 Puffs PRO MAX - vapebulkp.com","description":"Hot Sale Vapme Crown Bar 18000 puffs disposable vape, unique model, 12 flavors for you to choose from, you won\u2019t be able to put it down.","robots":{"index":"index","follow":"follow","max-snippet":"max-snippet:-1","max-image-preview":"max-image-preview:large","max-video-preview":"max-video-preview:-1"},"canonical":"https:\/\/vapebulkp.com\/hr\/product\/top-sale-vape-vapme-crown-bar-18000-puffs-pro-max\/","og_locale":"hr_HR","og_type":"article","og_title":"Top Sale Vape VAPME CROWN BAR 18000 Puffs PRO MAX - vapebulkp.com","og_description":"Hot Sale Vapme Crown Bar 18000 puffs disposable vape, unique model, 12 flavors for you to choose from, you won\u2019t be able to put it down.","og_url":"https:\/\/vapebulkp.com\/hr\/product\/top-sale-vape-vapme-crown-bar-18000-puffs-pro-max\/","og_site_name":"vapebulkp.com","article_modified_time":"2025-09-24T03:41:45+00:00","og_image":[{"width":730,"height":730,"url":"http:\/\/vapebulkp.com\/wp-content\/uploads\/2024\/04\/VAPME-CROWN-BAR-18000-PRO-MAX-Top-Sale.png","type":"image\/png"}],"twitter_card":"summary_large_image","twitter_misc":{"Procijenjeno vrijeme \u010ditanja":"4 minute"},"schema":{"@context":"https:\/\/schema.org","@graph":[{"@type":"WebPage","@id":"https:\/\/vapebulkp.com\/product\/top-sale-vape-vapme-crown-bar-18000-puffs-pro-max\/","url":"https:\/\/vapebulkp.com\/product\/top-sale-vape-vapme-crown-bar-18000-puffs-pro-max\/","name":"Top Sale Vape VAPME CROWN BAR 18000 Puffs PRO MAX - vapebulkp.com","isPartOf":{"@id":"https:\/\/vapebulkp.com\/#website"},"datePublished":"2024-04-17T09:30:52+00:00","dateModified":"2025-09-24T03:41:45+00:00","description":"Hot Sale Vapme Crown Bar 18000 puffs disposable vape, unique model, 12 flavors for you to choose from, you won\u2019t be able to put it down.","breadcrumb":{"@id":"https:\/\/vapebulkp.com\/product\/top-sale-vape-vapme-crown-bar-18000-puffs-pro-max\/#breadcrumb"},"inLanguage":"hr","potentialAction":[{"@type":"ReadAction","target":["https:\/\/vapebulkp.com\/product\/top-sale-vape-vapme-crown-bar-18000-puffs-pro-max\/"]}]},{"@type":"BreadcrumbList","@id":"https:\/\/vapebulkp.com\/product\/top-sale-vape-vapme-crown-bar-18000-puffs-pro-max\/#breadcrumb","itemListElement":[{"@type":"ListItem","position":1,"name":"Home","item":"https:\/\/vapebulkp.com\/"},{"@type":"ListItem","position":2,"name":"Hot Trend Vapes","item":"https:\/\/vapebulkp.com\/vape-shop\/"},{"@type":"ListItem","position":3,"name":"Top Sale Vape VAPME CROWN BAR 18000 Puffs PRO MAX"}]},{"@type":"WebSite","@id":"https:\/\/vapebulkp.com\/#website","url":"https:\/\/vapebulkp.com\/","name":"vapebulkp.com","description":"Buy Vape In Cheap Bulk Price Near you","publisher":{"@id":"https:\/\/vapebulkp.com\/#organization"},"potentialAction":[{"@type":"SearchAction","target":{"@type":"EntryPoint","urlTemplate":"https:\/\/vapebulkp.com\/?s={search_term_string}"},"query-input":"required name=search_term_string"}],"inLanguage":"hr"},{"@type":"Organization","@id":"https:\/\/vapebulkp.com\/#organization","name":"vapebulkp.com","url":"https:\/\/vapebulkp.com\/","logo":{"@type":"ImageObject","inLanguage":"hr","@id":"https:\/\/vapebulkp.com\/#\/schema\/logo\/image\/","url":"https:\/\/vapebulkp.com\/wp-content\/uploads\/2023\/09\/cropped-vapebulkp.png","contentUrl":"https:\/\/vapebulkp.com\/wp-content\/uploads\/2023\/09\/cropped-vapebulkp.png","width":516,"height":163,"caption":"vapebulkp.com"},"image":{"@id":"https:\/\/vapebulkp.com\/#\/schema\/logo\/image\/"}}]}},"uagb_featured_image_src":{"full":["https:\/\/vapebulkp.com\/wp-content\/uploads\/2024\/04\/VAPME-CROWN-BAR-18000-PRO-MAX-Top-Sale.png",730,730,false],"thumbnail":["https:\/\/vapebulkp.com\/wp-content\/uploads\/2024\/04\/VAPME-CROWN-BAR-18000-PRO-MAX-Top-Sale-150x150.png",150,150,true],"medium":["https:\/\/vapebulkp.com\/wp-content\/uploads\/2024\/04\/VAPME-CROWN-BAR-18000-PRO-MAX-Top-Sale-300x300.png",300,300,true],"medium_large":["https:\/\/vapebulkp.com\/wp-content\/uploads\/2024\/04\/VAPME-CROWN-BAR-18000-PRO-MAX-Top-Sale.png",730,730,false],"large":["https:\/\/vapebulkp.com\/wp-content\/uploads\/2024\/04\/VAPME-CROWN-BAR-18000-PRO-MAX-Top-Sale.png",730,730,false],"1536x1536":["https:\/\/vapebulkp.com\/wp-content\/uploads\/2024\/04\/VAPME-CROWN-BAR-18000-PRO-MAX-Top-Sale.png",730,730,false],"2048x2048":["https:\/\/vapebulkp.com\/wp-content\/uploads\/2024\/04\/VAPME-CROWN-BAR-18000-PRO-MAX-Top-Sale.png",730,730,false],"trp-custom-language-flag":["https:\/\/vapebulkp.com\/wp-content\/uploads\/2024\/04\/VAPME-CROWN-BAR-18000-PRO-MAX-Top-Sale.png",12,12,false],"woocommerce_thumbnail":["https:\/\/vapebulkp.com\/wp-content\/uploads\/2024\/04\/VAPME-CROWN-BAR-18000-PRO-MAX-Top-Sale-300x300.png",300,300,true],"woocommerce_single":["https:\/\/vapebulkp.com\/wp-content\/uploads\/2024\/04\/VAPME-CROWN-BAR-18000-PRO-MAX-Top-Sale-600x600.png",600,600,true],"woocommerce_gallery_thumbnail":["https:\/\/vapebulkp.com\/wp-content\/uploads\/2024\/04\/VAPME-CROWN-BAR-18000-PRO-MAX-Top-Sale-100x100.png",100,100,true],"wcpr-photo-reviews":["https:\/\/vapebulkp.com\/wp-content\/uploads\/2024\/04\/VAPME-CROWN-BAR-18000-PRO-MAX-Top-Sale.png",500,500,false]},"uagb_author_info":{"display_name":"Mandy vape bulk price","author_link":"https:\/\/vapebulkp.com\/hr\/author\/"},"uagb_comment_info":0,"uagb_excerpt":"Top Sale Vape Vapme Crown Bar 18000 puffs Pro Max this week\uff01 Pls Contact Mandy's WhatsApp For Discount Price+8618077105796 NOTE: Prices on our website does not include shipping costs &nbsp;","_links":{"self":[{"href":"https:\/\/vapebulkp.com\/hr\/wp-json\/wp\/v2\/product\/2164","targetHints":{"allow":["GET"]}}],"collection":[{"href":"https:\/\/vapebulkp.com\/hr\/wp-json\/wp\/v2\/product"}],"about":[{"href":"https:\/\/vapebulkp.com\/hr\/wp-json\/wp\/v2\/types\/product"}],"replies":[{"embeddable":true,"href":"https:\/\/vapebulkp.com\/hr\/wp-json\/wp\/v2\/comments?post=2164"}],"wp:featuredmedia":[{"embeddable":true,"href":"https:\/\/vapebulkp.com\/hr\/wp-json\/wp\/v2\/media\/2162"}],"wp:attachment":[{"href":"https:\/\/vapebulkp.com\/hr\/wp-json\/wp\/v2\/media?parent=2164"}],"wp:term":[{"taxonomy":"product_cat","embeddable":true,"href":"https:\/\/vapebulkp.com\/hr\/wp-json\/wp\/v2\/product_cat?post=2164"},{"taxonomy":"product_tag","embeddable":true,"href":"https:\/\/vapebulkp.com\/hr\/wp-json\/wp\/v2\/product_tag?post=2164"}],"curies":[{"name":"wp","href":"https:\/\/api.w.org\/{rel}","templated":true}]}}