{"id":2336,"date":"2024-04-28T08:11:05","date_gmt":"2024-04-28T06:11:05","guid":{"rendered":"https:\/\/vapebulkp.com\/?post_type=product&#038;p=2336"},"modified":"2025-09-17T10:34:35","modified_gmt":"2025-09-17T08:34:35","slug":"best-price-wga-crystal-pro-max-15k-puffs-original-vape","status":"publish","type":"product","link":"https:\/\/vapebulkp.com\/hr\/proizvod\/best-price-wga-crystal-pro-max-15k-puffs-original-vape\/","title":{"rendered":"Najbolja cijena WGA Crystal Pro Max 15k Puffs Original Vape"},"content":{"rendered":"<h2>Najbolja cijena WGA Crystal Pro Max 15k Puffs Original Vape<\/h2>\n<p data-start=\"170\" data-end=\"465\">O <strong data-start=\"174\" data-end=\"201\">WGA Crystal Pro Max 15k Udisaja<\/strong> je visokou\u010dinkovit <a href=\"https:\/\/vapebulkp.com\/hr\/kategorija-proizvoda\/15000-puffs-disposable-vape\/\"><strong data-start=\"224\" data-end=\"255\">15000 Puffs jednokratni Vape<\/strong><\/a> osmi\u0161ljen za europske entuzijaste vapinga koji cijene dugotrajnu snagu i vrhunski okus. Dizajniran s <strong data-start=\"359\" data-end=\"383\">mesh coil tehnologijom<\/strong>, pru\u017ea glatku, gustu paru i postojan okus kroz svih 15 000 udisaja.<\/p>\n<p data-start=\"467\" data-end=\"732\">Ovo <strong data-start=\"472\" data-end=\"505\">jednokratni vape velikog kapaciteta<\/strong> sadr\u017ei bateriju od 650 mAh, osiguravaju\u0107i produljene sesije bez prekida. S 30 pa\u017eljivo odabranih <strong data-start=\"609\" data-end=\"628\">premium okusa<\/strong>, u rasponu od rashladnog mentola i svje\u017eeg vo\u0107a do mje\u0161avina inspiriranih desertima, zadovoljava svako nepce.<\/p>\n<p data-start=\"734\" data-end=\"1055\">Kompaktan i <strong data-start=\"746\" data-end=\"765\">pogodan za putovanja<\/strong>, a <strong data-start=\"771\" data-end=\"820\">WGA Crystal Pro Max 15k Puffs Najbolji jednokratni Vape<\/strong> lako se nosi i spreman je za kori\u0161tenje, savr\u0161en za svakodnevnu upotrebu, dru\u0161tvena okupljanja ili vaping u pokretu. Kombiniraju\u0107i stil, prakti\u010dnost i pouzdane performanse, isti\u010de se kao vrhunski izbor za povremene i iskusne europske vapere.<\/p>\n<p>&nbsp;<\/p>\n<h6 style=\"text-align: left\"><img decoding=\"async\" class=\"alignnone wp-image-2318\" src=\"http:\/\/vapebulkp.com\/wp-content\/uploads\/2024\/04\/WGA-crystal-Pro-Max-Extra-15k-puffs-France.png\" alt=\"WGA crystal Pro Max Extra 15k puffs Hrvatska\" width=\"520\" height=\"641\" srcset=\"https:\/\/vapebulkp.com\/wp-content\/uploads\/2024\/04\/WGA-crystal-Pro-Max-Extra-15k-puffs-France.png 535w, https:\/\/vapebulkp.com\/wp-content\/uploads\/2024\/04\/WGA-crystal-Pro-Max-Extra-15k-puffs-France-244x300.png 244w\" sizes=\"(max-width: 520px) 100vw, 520px\" \/>\u3002<\/h6>\n<h6>Molimo kontaktirajte Mandy's WhatsApp za cijenu s popustom<a href=\"https:\/\/wa.me\/8618077105796\">+8618077105796<\/a><\/h6>\n<p><img decoding=\"async\" class=\"alignnone wp-image-2151\" src=\"http:\/\/vapebulkp.com\/wp-content\/uploads\/2024\/04\/Mandy-WhatsApp-Randm.jpg\" alt=\"Mandy WhatsApp Randm\" width=\"271\" height=\"289\" srcset=\"https:\/\/vapebulkp.com\/wp-content\/uploads\/2024\/04\/Mandy-WhatsApp-Randm.jpg 916w, https:\/\/vapebulkp.com\/wp-content\/uploads\/2024\/04\/Mandy-WhatsApp-Randm-282x300.jpg 282w, https:\/\/vapebulkp.com\/wp-content\/uploads\/2024\/04\/Mandy-WhatsApp-Randm-768x817.jpg 768w, https:\/\/vapebulkp.com\/wp-content\/uploads\/2024\/04\/Mandy-WhatsApp-Randm-600x638.jpg 600w\" sizes=\"(max-width: 271px) 100vw, 271px\" \/><\/p>\n<h2><span style=\"vertical-align: inherit\">Mislili ste da biste voljeli znati o WGA Crystal Pro Max Extra puff 15k Crystal Vapes:<\/span><\/h2>\n<p>&nbsp;<\/p>\n<h6 class=\"style-scope ytd-watch-metadata\">1.Kako koristiti 15000 WGA Crystal Pro Max 15k Puffs Vape ?<\/h6>\n<p>Ova WGA Crystal Pro Max Extra 15k puffs jednokratna e-cigareta koristi tehnologiju odvajanja jezgre ulja, koristite je prema uputama.<br \/>\nUpute:<br \/>\n1: Otvorite pakiranje proizvoda<br \/>\n2: Odlijepite donju naljepnicu<br \/>\n3: Prije upotrebe ostavite da odstoji 3 minute.<\/p>\n<h6>2.Kako napuniti WGA Crystal 15000 Puffs Crystal Vape Kupiti:<\/h6>\n<p>Ne smiju se koristiti brzi punja\u010di, a standardna sigurna snaga jednokratnih elektroni\u010dkih cigareta je 5V 1A.<\/p>\n<p>Svako punjenje ne smije trajati du\u017ee od 1 sata, a sigurno vrijeme punjenja je pola sata.<\/p>\n<p><span style=\"color: #ff6600\">Napomena: ne punite cijelu no\u0107!<\/span><\/p>\n<h6>3.Koji je kapacitet e-teku\u0107ine WGA Crystal Pro Max Extra 15000 Puffs vape ?<\/h6>\n<p>\u2014\u201425ml<\/p>\n<h6>4.Koliko traje WGA Crystal Pro Max 15000 puffs vape:<\/h6>\n<p>\u2014\u201315000 udisaja<\/p>\n<h3 class=\"faqs-answer\"><\/h3>\n<h3><span style=\"vertical-align: inherit\">WGA Crystal Pro Max Extra 15000 Puffs specifikacija:<\/span><strong><br \/>\n<\/strong><\/h3>\n<ul>\n<li>Dobra baterija: 650 mAh (Tip C)<\/li>\n<li>Visoki kapacitet: 25ml<\/li>\n<li>Visokokvalitetna zavojnica: 0,8 ohma mre\u017easta<\/li>\n<li>Do 15000 udisaja<\/li>\n<li>MTL vaping i trostruka mre\u017easta spirala<\/li>\n<li>Podesiv protok zraka i LED zaslon<\/li>\n<li>Prakti\u010dan i prenosiv, kompaktan ure\u0111aj<\/li>\n<li>20mg (2%) ja\u010dina nikotina<\/li>\n<\/ul>\n<h3>\u00a0Najbolji okusi WGA Crystal Pro Max Extra 15000 udisaja Popis:<\/h3>\n<p>&nbsp;<\/p>\n<p>1. Pjenu\u0161ava tre\u0161nja<br \/>\n2. Ledena lubenica<br \/>\n3. Gumeni medvjedi\u0107<br \/>\n4.Borovnica malina<br \/>\n5. Limun i limeta<br \/>\n6. Ledena jagoda<br \/>\n7. Kisela borovnica i malina<br \/>\n8. Blue Razz Ice<br \/>\n9. Skittles<br \/>\n10. Borovnica, tre\u0161nja i brusnica<br \/>\n11. Ledena tre\u0161nja<br \/>\n12. Trostruki mango<br \/>\n13. Ledeni ananas<br \/>\n14. Ledena banana<br \/>\n15. Ljetni san<br \/>\n16.Svje\u017ea Metvica<br \/>\n17.Kupina Borovnica Malina<br \/>\n18.Mogu Mogu Li\u010di<br \/>\n19.Sladoled na \u0161tapi\u0107u od jagode<br \/>\n20.\u017dvaka\u0107a guma od jagode i vi\u0161nje<br \/>\n21.Ledena ka\u0161a Oaza<br \/>\n22.WGA Plava<br \/>\n23.WGA Ru\u017ei\u010dasta<br \/>\n24.Prime Jagoda Lubenica<br \/>\n25. Hubba Bubba<br \/>\n26.So\u010dna breskva<br \/>\n27. Ledeni pop od borovnice<br \/>\n28.Jagoda Malina Tre\u0161nja Led<br \/>\n29.Kupina Borovnica Malina<br \/>\n30.Malina Tre\u0161nja Led<\/p>\n<p><a href=\"https:\/\/vapebulkp.com\/hr\/proizvod\/cloud-bar-tornado-9000puffs-randm-vape-original-vape\/\"><span style=\"vertical-align: inherit\">Dobra ponuda Vape Cloud Bar 9000 Puffs<\/span><\/a><\/p>\n<p><span style=\"vertical-align: inherit\">Prona\u0111ite vi\u0161e proizvoda koji bi vam se mogli svidjeti:<\/span><em><a href=\"https:\/\/wa.me\/8618077105796\"><span style=\"vertical-align: inherit\">\u00a0Kupite sada<\/span><\/a><\/em><\/p>\n<p><span style=\"vertical-align: inherit\">Ostali Puffs koji bi vam se mogli svidjeti:<\/span><a href=\"https:\/\/vapebulkp.com\/hr\/proizvod\/good-vape-jnr-shisha-15000-puffs-wholesale-vapme-shisha\/\"><span style=\"vertical-align: inherit\">JNR Vapme shisha 15000Udaraca<\/span><\/a><span style=\"vertical-align: inherit\">\u3001<\/span><a href=\"https:\/\/vapebulkp.com\/hr\/proizvod\/good-sale-randm-tornado-10000-puffs-plus\/\"><span style=\"vertical-align: inherit\">Randm 10000 Udisaja<\/span><\/a><span style=\"vertical-align: inherit\">\/ <\/span><a href=\"https:\/\/vapebulkp.com\/hr\/proizvod\/popular-vape-bang-king-15000-puffs-bang-vape\/\"><span style=\"vertical-align: inherit\">Bang King 15000 Puhova<\/span><\/a><span style=\"vertical-align: inherit\">\/ <\/span><a href=\"https:\/\/vapebulkp.com\/hr\/proizvod\/popular-randm-tornado-7000puffs-disposable-vape-best-price\/\"><span style=\"vertical-align: inherit\">RandM Tornado 7000 Puffs<\/span><\/a><\/p>\n<p><span style=\"vertical-align: inherit\">E-cigareta posebnog oblika boce:<\/span><a href=\"https:\/\/vapebulkp.com\/hr\/proizvod\/bang-tornado-12000-puffs-rechargeable-disposable-pod\/\"><span style=\"vertical-align: inherit\">Bang Tornado 12000 udisaja <\/span><\/a><span style=\"vertical-align: inherit\">\/ <\/span><a href=\"https:\/\/vapebulkp.com\/hr\/proizvod\/wholesale-tornado-rum-bar-9000-puffs-sweden\/\"><span style=\"vertical-align: inherit\">Rumbar 9000 Udisaja<\/span><\/a><span style=\"vertical-align: inherit\">\/<\/span><a href=\"https:\/\/vapebulkp.com\/hr\/proizvod\/top-sale-waspe-12000puffs-disposable-vape-wholesale-france\/\"><span style=\"vertical-align: inherit\">WASPE 12000 Udaraca<\/span><\/a><\/p>\n<h4>Kvalifikacija proizvodnje:<\/h4>\n<p><img decoding=\"async\" class=\"alignnone size-full wp-image-1841\" src=\"http:\/\/vapebulkp.com\/wp-content\/uploads\/2023\/11\/Vape-production-process-2.jpeg\" alt=\"Proces proizvodnje vape ure\u0111aja\" width=\"650\" height=\"434\" srcset=\"https:\/\/vapebulkp.com\/wp-content\/uploads\/2023\/11\/Vape-production-process-2.jpeg 650w, https:\/\/vapebulkp.com\/wp-content\/uploads\/2023\/11\/Vape-production-process-2-300x200.jpeg 300w, https:\/\/vapebulkp.com\/wp-content\/uploads\/2023\/11\/Vape-production-process-2-600x401.jpeg 600w\" sizes=\"(max-width: 650px) 100vw, 650px\" \/><\/p>\n<p><img decoding=\"async\" class=\"alignnone size-full wp-image-1843\" src=\"http:\/\/vapebulkp.com\/wp-content\/uploads\/2023\/11\/Vape-production-process.jpeg\" alt=\"Proces proizvodnje vape ure\u0111aja\" width=\"641\" height=\"1026\" srcset=\"https:\/\/vapebulkp.com\/wp-content\/uploads\/2023\/11\/Vape-production-process.jpeg 641w, https:\/\/vapebulkp.com\/wp-content\/uploads\/2023\/11\/Vape-production-process-187x300.jpeg 187w, https:\/\/vapebulkp.com\/wp-content\/uploads\/2023\/11\/Vape-production-process-640x1024.jpeg 640w, https:\/\/vapebulkp.com\/wp-content\/uploads\/2023\/11\/Vape-production-process-600x960.jpeg 600w\" sizes=\"(max-width: 641px) 100vw, 641px\" \/><\/p>\n<p>&nbsp;<\/p>\n<h4>Detalji dostave:<\/h4>\n<p><span style=\"color: #ff6600\">Vrijeme proizvodnje: 5-10 radnih dana<\/span><br \/>\n<span style=\"color: #ff6600\">Vrijeme isporuke: 8-14 radnih dana<\/span><\/p>\n<p>Svi proizvodi u na\u0161oj trgovini su 100% originalni i autenti\u010dni, stoga je desetostruka naknada za la\u017enu robu na\u0161a politika trgovine. Za dostavu koristimo logisti\u010dke kanale kao \u0161to su UPS\/DHL\/FEDEX\/DPD.<\/p>\n<p>Za pakete poslane u Hrvatsku obi\u010dno je potrebno 10 radnih dana da stignu. Dostava u europske zemlje obi\u010dno traje 12 do 15 radnih dana da stigne. Logisti\u010dke informacije \u0107emo a\u017eurirati za vas u stvarnom vremenu.<\/p>","protected":false},"excerpt":{"rendered":"<p>Najprodavaniji Vape WGA Crystal Pro Max 15k Puffs<\/p>\n<p>Molimo kontaktirajte Mandy's WhatsApp za cijenu s popustom<a href=\"https:\/\/wa.me\/8618077105796\">+8618077105796<\/a><\/p>\n<p><img decoding=\"async\" class=\"alignnone wp-image-2151\" src=\"http:\/\/vapebulkp.com\/wp-content\/uploads\/2024\/04\/Mandy-WhatsApp-Randm.jpg\" alt=\"Mandy WhatsApp Randm\" width=\"297\" height=\"316\" srcset=\"https:\/\/vapebulkp.com\/wp-content\/uploads\/2024\/04\/Mandy-WhatsApp-Randm.jpg 916w, https:\/\/vapebulkp.com\/wp-content\/uploads\/2024\/04\/Mandy-WhatsApp-Randm-282x300.jpg 282w, https:\/\/vapebulkp.com\/wp-content\/uploads\/2024\/04\/Mandy-WhatsApp-Randm-768x817.jpg 768w, https:\/\/vapebulkp.com\/wp-content\/uploads\/2024\/04\/Mandy-WhatsApp-Randm-600x638.jpg 600w\" sizes=\"(max-width: 297px) 100vw, 297px\" \/><\/p>\n<p><span style=\"color: #ff0000\">NAPOMENA: Cijene na na\u0161oj web stranici ne uklju\u010duju tro\u0161kove dostave<\/span><\/p>\n<p>Glavni razlog za kupnju<br \/>\n1. Izvrsna kvaliteta i neusporedive performanse.<\/p>\n<p>2. Konkurentna cijena i brza vrijednost.<\/p>\n<p>3. Vi\u0161e opcija i pravovremena dostava.<\/p>\n<p>4. Zadovoljavaju\u0107e iskustvo kupovine<\/p>","protected":false},"featured_media":2322,"comment_status":"open","ping_status":"closed","template":"","meta":{"_uag_custom_page_level_css":"","_lmt_disableupdate":"no","_lmt_disable":"","site-sidebar-layout":"default","site-content-layout":"content-boxed-container","ast-site-content-layout":"normal-width-container","site-content-style":"boxed","site-sidebar-style":"unboxed","ast-global-header-display":"","ast-banner-title-visibility":"","ast-main-header-display":"","ast-hfb-above-header-display":"","ast-hfb-below-header-display":"","ast-hfb-mobile-header-display":"","site-post-title":"","ast-breadcrumbs-content":"","ast-featured-img":"","footer-sml-layout":"","theme-transparent-header-meta":"default","adv-header-id-meta":"","stick-header-meta":"","header-above-stick-meta":"","header-main-stick-meta":"","header-below-stick-meta":"","astra-migrate-meta-layouts":"set","_joinchat":[]},"product_cat":[165,153,155,33,59,100,87,34,158,157,154,152,58,84,156,63,32,366],"product_tag":[77,36,37,41,75,40],"class_list":["post-2336","product","type-product","status-publish","has-post-thumbnail","hentry","product_cat-15000-puffs-disposable-vape","product_cat-hot-disposable-vapes","product_cat-belgium-hot-disposable-vapes","product_cat-france-vape-hot-sale","product_cat-germany-hot-disposable-vape","product_cat-germany-wholesale-vape-shop","product_cat-minimum-order-quantity-50pcs","product_cat-netherlands-vape-good-sale","product_cat-norway-hot-disposable-vapes","product_cat-poland-hot-disposable-vapes","product_cat-portugal-hot-disposable-vapes","product_cat-spain-hot-disposable-vapes","product_cat-sweden-hot-disposable-vape","product_cat-sweden-wholesale-vape","product_cat-switzerland-hot-disposable-vapes","product_cat-top-sale-disposable-vape","product_cat-vape-hot-sale-this-week","product_cat-wga-vape","product_tag-15000-puffs","product_tag-good-vape","product_tag-hot-sale-disposable-vape","product_tag-poland-hot-vape","product_tag-randm-vape-9000-puffs","product_tag-sweden-hot-vape","pa_brand-wga-vape","desktop-align-left","tablet-align-left","mobile-align-left"],"yoast_head":"<!-- This site is optimized with the Yoast SEO plugin v21.1 - https:\/\/yoast.com\/wordpress\/plugins\/seo\/ -->\n<title>Best Price WGA Crystal Pro Max 15k Puffs Original Vape - vapebulkp.com<\/title>\n<meta name=\"description\" content=\"Best Price WGA Crystal Pro Max 15k Puffs Original Vape , setting a new standard in disposable vaping. With an impressive puff count of 15,000 and a selection of 30 distinct flavors,\" \/>\n<meta name=\"robots\" content=\"index, follow, max-snippet:-1, max-image-preview:large, max-video-preview:-1\" \/>\n<link rel=\"canonical\" href=\"https:\/\/vapebulkp.com\/hr\/proizvod\/best-price-wga-crystal-pro-max-15k-puffs-original-vape\/\" \/>\n<meta property=\"og:locale\" content=\"hr_HR\" \/>\n<meta property=\"og:type\" content=\"article\" \/>\n<meta property=\"og:title\" content=\"Best Price WGA Crystal Pro Max 15k Puffs Original Vape - vapebulkp.com\" \/>\n<meta property=\"og:description\" content=\"Best Price WGA Crystal Pro Max 15k Puffs Original Vape , setting a new standard in disposable vaping. With an impressive puff count of 15,000 and a selection of 30 distinct flavors,\" \/>\n<meta property=\"og:url\" content=\"https:\/\/vapebulkp.com\/hr\/proizvod\/best-price-wga-crystal-pro-max-15k-puffs-original-vape\/\" \/>\n<meta property=\"og:site_name\" content=\"vapebulkp.com\" \/>\n<meta property=\"article:modified_time\" content=\"2025-09-17T08:34:35+00:00\" \/>\n<meta property=\"og:image\" content=\"http:\/\/vapebulkp.com\/wp-content\/uploads\/2024\/04\/WGA-crystal-Pro-Max-Extra-15000-puff-Discount-Price-scaled.jpg\" \/>\n\t<meta property=\"og:image:width\" content=\"1922\" \/>\n\t<meta property=\"og:image:height\" content=\"2560\" \/>\n\t<meta property=\"og:image:type\" content=\"image\/jpeg\" \/>\n<meta name=\"twitter:card\" content=\"summary_large_image\" \/>\n<meta name=\"twitter:label1\" content=\"Procijenjeno vrijeme \u010ditanja\" \/>\n\t<meta name=\"twitter:data1\" content=\"4 minute\" \/>\n<script type=\"application\/ld+json\" class=\"yoast-schema-graph\">{\"@context\":\"https:\/\/schema.org\",\"@graph\":[{\"@type\":\"WebPage\",\"@id\":\"https:\/\/vapebulkp.com\/product\/best-price-wga-crystal-pro-max-15k-puffs-original-vape\/\",\"url\":\"https:\/\/vapebulkp.com\/product\/best-price-wga-crystal-pro-max-15k-puffs-original-vape\/\",\"name\":\"Best Price WGA Crystal Pro Max 15k Puffs Original Vape - vapebulkp.com\",\"isPartOf\":{\"@id\":\"https:\/\/vapebulkp.com\/#website\"},\"datePublished\":\"2024-04-28T06:11:05+00:00\",\"dateModified\":\"2025-09-17T08:34:35+00:00\",\"description\":\"Best Price WGA Crystal Pro Max 15k Puffs Original Vape , setting a new standard in disposable vaping. With an impressive puff count of 15,000 and a selection of 30 distinct flavors,\",\"breadcrumb\":{\"@id\":\"https:\/\/vapebulkp.com\/product\/best-price-wga-crystal-pro-max-15k-puffs-original-vape\/#breadcrumb\"},\"inLanguage\":\"hr\",\"potentialAction\":[{\"@type\":\"ReadAction\",\"target\":[\"https:\/\/vapebulkp.com\/product\/best-price-wga-crystal-pro-max-15k-puffs-original-vape\/\"]}]},{\"@type\":\"BreadcrumbList\",\"@id\":\"https:\/\/vapebulkp.com\/product\/best-price-wga-crystal-pro-max-15k-puffs-original-vape\/#breadcrumb\",\"itemListElement\":[{\"@type\":\"ListItem\",\"position\":1,\"name\":\"Home\",\"item\":\"https:\/\/vapebulkp.com\/\"},{\"@type\":\"ListItem\",\"position\":2,\"name\":\"Hot Trend Vapes\",\"item\":\"https:\/\/vapebulkp.com\/vape-shop\/\"},{\"@type\":\"ListItem\",\"position\":3,\"name\":\"Best Price WGA Crystal Pro Max 15k Puffs Original Vape\"}]},{\"@type\":\"WebSite\",\"@id\":\"https:\/\/vapebulkp.com\/#website\",\"url\":\"https:\/\/vapebulkp.com\/\",\"name\":\"vapebulkp.com\",\"description\":\"Buy Vape In Cheap Bulk Price Near you\",\"publisher\":{\"@id\":\"https:\/\/vapebulkp.com\/#organization\"},\"potentialAction\":[{\"@type\":\"SearchAction\",\"target\":{\"@type\":\"EntryPoint\",\"urlTemplate\":\"https:\/\/vapebulkp.com\/?s={search_term_string}\"},\"query-input\":\"required name=search_term_string\"}],\"inLanguage\":\"hr\"},{\"@type\":\"Organization\",\"@id\":\"https:\/\/vapebulkp.com\/#organization\",\"name\":\"vapebulkp.com\",\"url\":\"https:\/\/vapebulkp.com\/\",\"logo\":{\"@type\":\"ImageObject\",\"inLanguage\":\"hr\",\"@id\":\"https:\/\/vapebulkp.com\/#\/schema\/logo\/image\/\",\"url\":\"https:\/\/vapebulkp.com\/wp-content\/uploads\/2023\/09\/cropped-vapebulkp.png\",\"contentUrl\":\"https:\/\/vapebulkp.com\/wp-content\/uploads\/2023\/09\/cropped-vapebulkp.png\",\"width\":516,\"height\":163,\"caption\":\"vapebulkp.com\"},\"image\":{\"@id\":\"https:\/\/vapebulkp.com\/#\/schema\/logo\/image\/\"}}]}<\/script>\n<!-- \/ Yoast SEO plugin. -->","yoast_head_json":{"title":"Best Price WGA Crystal Pro Max 15k Puffs Original Vape - vapebulkp.com","description":"Best Price WGA Crystal Pro Max 15k Puffs Original Vape , setting a new standard in disposable vaping. With an impressive puff count of 15,000 and a selection of 30 distinct flavors,","robots":{"index":"index","follow":"follow","max-snippet":"max-snippet:-1","max-image-preview":"max-image-preview:large","max-video-preview":"max-video-preview:-1"},"canonical":"https:\/\/vapebulkp.com\/hr\/proizvod\/best-price-wga-crystal-pro-max-15k-puffs-original-vape\/","og_locale":"hr_HR","og_type":"article","og_title":"Best Price WGA Crystal Pro Max 15k Puffs Original Vape - vapebulkp.com","og_description":"Best Price WGA Crystal Pro Max 15k Puffs Original Vape , setting a new standard in disposable vaping. With an impressive puff count of 15,000 and a selection of 30 distinct flavors,","og_url":"https:\/\/vapebulkp.com\/hr\/proizvod\/best-price-wga-crystal-pro-max-15k-puffs-original-vape\/","og_site_name":"vapebulkp.com","article_modified_time":"2025-09-17T08:34:35+00:00","og_image":[{"width":1922,"height":2560,"url":"http:\/\/vapebulkp.com\/wp-content\/uploads\/2024\/04\/WGA-crystal-Pro-Max-Extra-15000-puff-Discount-Price-scaled.jpg","type":"image\/jpeg"}],"twitter_card":"summary_large_image","twitter_misc":{"Procijenjeno vrijeme \u010ditanja":"4 minute"},"schema":{"@context":"https:\/\/schema.org","@graph":[{"@type":"WebPage","@id":"https:\/\/vapebulkp.com\/product\/best-price-wga-crystal-pro-max-15k-puffs-original-vape\/","url":"https:\/\/vapebulkp.com\/product\/best-price-wga-crystal-pro-max-15k-puffs-original-vape\/","name":"Best Price WGA Crystal Pro Max 15k Puffs Original Vape - vapebulkp.com","isPartOf":{"@id":"https:\/\/vapebulkp.com\/#website"},"datePublished":"2024-04-28T06:11:05+00:00","dateModified":"2025-09-17T08:34:35+00:00","description":"Best Price WGA Crystal Pro Max 15k Puffs Original Vape , setting a new standard in disposable vaping. With an impressive puff count of 15,000 and a selection of 30 distinct flavors,","breadcrumb":{"@id":"https:\/\/vapebulkp.com\/product\/best-price-wga-crystal-pro-max-15k-puffs-original-vape\/#breadcrumb"},"inLanguage":"hr","potentialAction":[{"@type":"ReadAction","target":["https:\/\/vapebulkp.com\/product\/best-price-wga-crystal-pro-max-15k-puffs-original-vape\/"]}]},{"@type":"BreadcrumbList","@id":"https:\/\/vapebulkp.com\/product\/best-price-wga-crystal-pro-max-15k-puffs-original-vape\/#breadcrumb","itemListElement":[{"@type":"ListItem","position":1,"name":"Home","item":"https:\/\/vapebulkp.com\/"},{"@type":"ListItem","position":2,"name":"Hot Trend Vapes","item":"https:\/\/vapebulkp.com\/vape-shop\/"},{"@type":"ListItem","position":3,"name":"Best Price WGA Crystal Pro Max 15k Puffs Original Vape"}]},{"@type":"WebSite","@id":"https:\/\/vapebulkp.com\/#website","url":"https:\/\/vapebulkp.com\/","name":"vapebulkp.com","description":"Buy Vape In Cheap Bulk Price Near you","publisher":{"@id":"https:\/\/vapebulkp.com\/#organization"},"potentialAction":[{"@type":"SearchAction","target":{"@type":"EntryPoint","urlTemplate":"https:\/\/vapebulkp.com\/?s={search_term_string}"},"query-input":"required name=search_term_string"}],"inLanguage":"hr"},{"@type":"Organization","@id":"https:\/\/vapebulkp.com\/#organization","name":"vapebulkp.com","url":"https:\/\/vapebulkp.com\/","logo":{"@type":"ImageObject","inLanguage":"hr","@id":"https:\/\/vapebulkp.com\/#\/schema\/logo\/image\/","url":"https:\/\/vapebulkp.com\/wp-content\/uploads\/2023\/09\/cropped-vapebulkp.png","contentUrl":"https:\/\/vapebulkp.com\/wp-content\/uploads\/2023\/09\/cropped-vapebulkp.png","width":516,"height":163,"caption":"vapebulkp.com"},"image":{"@id":"https:\/\/vapebulkp.com\/#\/schema\/logo\/image\/"}}]}},"uagb_featured_image_src":{"full":["https:\/\/vapebulkp.com\/wp-content\/uploads\/2024\/04\/WGA-crystal-Pro-Max-Extra-15000-puff-Discount-Price-scaled.jpg",1922,2560,false],"thumbnail":["https:\/\/vapebulkp.com\/wp-content\/uploads\/2024\/04\/WGA-crystal-Pro-Max-Extra-15000-puff-Discount-Price-150x150.jpg",150,150,true],"medium":["https:\/\/vapebulkp.com\/wp-content\/uploads\/2024\/04\/WGA-crystal-Pro-Max-Extra-15000-puff-Discount-Price-225x300.jpg",225,300,true],"medium_large":["https:\/\/vapebulkp.com\/wp-content\/uploads\/2024\/04\/WGA-crystal-Pro-Max-Extra-15000-puff-Discount-Price-768x1023.jpg",768,1023,true],"large":["https:\/\/vapebulkp.com\/wp-content\/uploads\/2024\/04\/WGA-crystal-Pro-Max-Extra-15000-puff-Discount-Price-769x1024.jpg",769,1024,true],"1536x1536":["https:\/\/vapebulkp.com\/wp-content\/uploads\/2024\/04\/WGA-crystal-Pro-Max-Extra-15000-puff-Discount-Price-1153x1536.jpg",1153,1536,true],"2048x2048":["https:\/\/vapebulkp.com\/wp-content\/uploads\/2024\/04\/WGA-crystal-Pro-Max-Extra-15000-puff-Discount-Price-1538x2048.jpg",1538,2048,true],"trp-custom-language-flag":["https:\/\/vapebulkp.com\/wp-content\/uploads\/2024\/04\/WGA-crystal-Pro-Max-Extra-15000-puff-Discount-Price-scaled.jpg",9,12,false],"woocommerce_thumbnail":["https:\/\/vapebulkp.com\/wp-content\/uploads\/2024\/04\/WGA-crystal-Pro-Max-Extra-15000-puff-Discount-Price-300x300.jpg",300,300,true],"woocommerce_single":["https:\/\/vapebulkp.com\/wp-content\/uploads\/2024\/04\/WGA-crystal-Pro-Max-Extra-15000-puff-Discount-Price-600x799.jpg",600,799,true],"woocommerce_gallery_thumbnail":["https:\/\/vapebulkp.com\/wp-content\/uploads\/2024\/04\/WGA-crystal-Pro-Max-Extra-15000-puff-Discount-Price-100x100.jpg",100,100,true],"wcpr-photo-reviews":["https:\/\/vapebulkp.com\/wp-content\/uploads\/2024\/04\/WGA-crystal-Pro-Max-Extra-15000-puff-Discount-Price-scaled.jpg",375,500,false]},"uagb_author_info":{"display_name":"Mandy vape bulk price","author_link":"https:\/\/vapebulkp.com\/hr\/author\/"},"uagb_comment_info":1,"uagb_excerpt":"Tops Sale Vape WGA Crystal Pro Max 15k Puffs Pls Contact Mandy's WhatsApp For Discount Price+8618077105796 NOTE: Prices on our website does not include shipping costs Main reason for purchase 1. Excellent quality and unparalleled performance. 2. Competitive price and fast value. 3. Multiple options and timely delivery. 4. A satisfying shopping experience","_links":{"self":[{"href":"https:\/\/vapebulkp.com\/hr\/wp-json\/wp\/v2\/product\/2336","targetHints":{"allow":["GET"]}}],"collection":[{"href":"https:\/\/vapebulkp.com\/hr\/wp-json\/wp\/v2\/product"}],"about":[{"href":"https:\/\/vapebulkp.com\/hr\/wp-json\/wp\/v2\/types\/product"}],"replies":[{"embeddable":true,"href":"https:\/\/vapebulkp.com\/hr\/wp-json\/wp\/v2\/comments?post=2336"}],"wp:featuredmedia":[{"embeddable":true,"href":"https:\/\/vapebulkp.com\/hr\/wp-json\/wp\/v2\/media\/2322"}],"wp:attachment":[{"href":"https:\/\/vapebulkp.com\/hr\/wp-json\/wp\/v2\/media?parent=2336"}],"wp:term":[{"taxonomy":"product_cat","embeddable":true,"href":"https:\/\/vapebulkp.com\/hr\/wp-json\/wp\/v2\/product_cat?post=2336"},{"taxonomy":"product_tag","embeddable":true,"href":"https:\/\/vapebulkp.com\/hr\/wp-json\/wp\/v2\/product_tag?post=2336"}],"curies":[{"name":"wp","href":"https:\/\/api.w.org\/{rel}","templated":true}]}}