{"id":2403,"date":"2024-04-29T11:11:35","date_gmt":"2024-04-29T09:11:35","guid":{"rendered":"https:\/\/vapebulkp.com\/?post_type=product&#038;p=2403"},"modified":"2025-09-24T05:46:13","modified_gmt":"2025-09-24T03:46:13","slug":"vopk-shisha-15k-puffs-original-vape-jnr-shisha","status":"publish","type":"product","link":"https:\/\/vapebulkp.com\/hr\/product\/vopk-shisha-15k-puffs-original-vape-jnr-shisha\/","title":{"rendered":"VOPK SHISHA 15K PUFOVA Original Vape JNR SHISHA"},"content":{"rendered":"<h1>VOPK SHISHA 15K PUFOVA Original Vape JNR SHISHA<\/h1>\n<p>&nbsp;<\/p>\n<p data-start=\"378\" data-end=\"758\">VOPK SHISHA 15K PUFFS Originalni Vape JNR SHISHA je vrhunski proizvod <a href=\"https:\/\/vapebulkp.com\/hr\/product-category\/15000-puffs-disposable-vape\/\"><strong data-start=\"448\" data-end=\"479\">15000 Puffs jednokratni Vape<\/strong><\/a> sa elegantnim dvobojnim dizajnom i UV tiskom, koji prikazuje vrhunsku izradu i visokokvalitetnu konstrukciju. Opremljen s mre\u017eastom zavojnicom od 0.6\u03a9, pru\u017ea gustu paru i glatke udisaje, \u0161to ga \u010dini najboljim izborom me\u0111u <strong data-start=\"697\" data-end=\"716\">vapeovima s mre\u017eastom zavojnicom<\/strong> i <strong data-start=\"721\" data-end=\"755\">jednokratni vape velikog kapaciteta<\/strong>.<\/p>\n<p data-start=\"760\" data-end=\"1043\">S prostranim spremnikom za e-teku\u0107inu od 20 ml i naprednom jezgrom s mre\u017eastom zavojnicom, ovaj ure\u0111aj <strong data-start=\"829\" data-end=\"862\">jednokratna e-cigareta s nikotinskom soli<\/strong> pru\u017ea dosljedan, bogat okus sa svakim udahom. Pokretan punjivom baterijom od 600 mAh i brzim punjenjem putem Type-C priklju\u010dka, osigurava dugotrajne performanse i neprekidno vaping iskustvo.<\/p>\n<p data-start=\"1045\" data-end=\"1318\">Dostupan u raznim okusima uklju\u010duju\u0107i Duplu jabuku, Mentu od gro\u017e\u0111a, So\u010dnu breskvu i jo\u0161 mnogo toga, <strong data-start=\"1142\" data-end=\"1169\">VOPK SHISHA 15000 Udisaja<\/strong> zadovoljava razli\u010dite ukusne preferencije. Kompaktan, elegantan i prenosiv, idealan je za svakodnevnu upotrebu, dru\u0161tvena okupljanja ili <strong data-start=\"1285\" data-end=\"1308\">veleprodajne kupce e-cigareta<\/strong> narud\u017ebe.<\/p>\n<p data-start=\"1320\" data-end=\"1526\">Za prodava\u010de i entuzijaste koji tra\u017ee <strong data-start=\"1358\" data-end=\"1386\">jednokratnim vape proizvodima vrhunske kvalitete<\/strong>, a <strong data-start=\"1392\" data-end=\"1419\">VOPK SHISHA 15k Udisaja<\/strong> nudi nenadma\u0161an okus, pouzdanost i prakti\u010dnost \u2014 brza dostava unutar EU dostupna za veleprodajne narud\u017ebe.<\/p>\n<p><img decoding=\"async\" class=\"alignnone wp-image-2362\" src=\"http:\/\/vapebulkp.com\/wp-content\/uploads\/2024\/04\/VOPK-Shisha-Vape-15K-PUFFS-Discount-Price-scaled.jpg\" alt=\"VOPK Shisha Vape 15K PUFFS Sni\u017eena cijena\" width=\"538\" height=\"538\" srcset=\"https:\/\/vapebulkp.com\/wp-content\/uploads\/2024\/04\/VOPK-Shisha-Vape-15K-PUFFS-Discount-Price-scaled.jpg 2560w, https:\/\/vapebulkp.com\/wp-content\/uploads\/2024\/04\/VOPK-Shisha-Vape-15K-PUFFS-Discount-Price-300x300.jpg 300w, https:\/\/vapebulkp.com\/wp-content\/uploads\/2024\/04\/VOPK-Shisha-Vape-15K-PUFFS-Discount-Price-1024x1024.jpg 1024w, https:\/\/vapebulkp.com\/wp-content\/uploads\/2024\/04\/VOPK-Shisha-Vape-15K-PUFFS-Discount-Price-150x150.jpg 150w, https:\/\/vapebulkp.com\/wp-content\/uploads\/2024\/04\/VOPK-Shisha-Vape-15K-PUFFS-Discount-Price-768x768.jpg 768w, https:\/\/vapebulkp.com\/wp-content\/uploads\/2024\/04\/VOPK-Shisha-Vape-15K-PUFFS-Discount-Price-1536x1536.jpg 1536w, https:\/\/vapebulkp.com\/wp-content\/uploads\/2024\/04\/VOPK-Shisha-Vape-15K-PUFFS-Discount-Price-2048x2048.jpg 2048w, https:\/\/vapebulkp.com\/wp-content\/uploads\/2024\/04\/VOPK-Shisha-Vape-15K-PUFFS-Discount-Price-600x600.jpg 600w, https:\/\/vapebulkp.com\/wp-content\/uploads\/2024\/04\/VOPK-Shisha-Vape-15K-PUFFS-Discount-Price-100x100.jpg 100w\" sizes=\"(max-width: 538px) 100vw, 538px\" \/><\/p>\n<h6 style=\"text-align: left\"><\/h6>\n<h6>Molimo kontaktirajte Mandy's WhatsApp za cijenu s popustom<a href=\"https:\/\/wa.me\/8618077105796\">+8618077105796<\/a><\/h6>\n<p><img decoding=\"async\" class=\"alignnone wp-image-2151\" src=\"http:\/\/vapebulkp.com\/wp-content\/uploads\/2024\/04\/Mandy-WhatsApp-Randm.jpg\" alt=\"Mandy WhatsApp Randm\" width=\"263\" height=\"280\" srcset=\"https:\/\/vapebulkp.com\/wp-content\/uploads\/2024\/04\/Mandy-WhatsApp-Randm.jpg 916w, https:\/\/vapebulkp.com\/wp-content\/uploads\/2024\/04\/Mandy-WhatsApp-Randm-282x300.jpg 282w, https:\/\/vapebulkp.com\/wp-content\/uploads\/2024\/04\/Mandy-WhatsApp-Randm-768x817.jpg 768w, https:\/\/vapebulkp.com\/wp-content\/uploads\/2024\/04\/Mandy-WhatsApp-Randm-600x638.jpg 600w\" sizes=\"(max-width: 263px) 100vw, 263px\" \/><\/p>\n<h2><span style=\"vertical-align: inherit\">Mogli biste htjeti znati o VOPK shisha 15k Puff JNR Vape:<\/span><\/h2>\n<p>&nbsp;<\/p>\n<h6 class=\"style-scope ytd-watch-metadata\">1.Kako koristiti JNR VOPK shisha 15000 Puffs SHISHA Vape Pen?<\/h6>\n<p>Jedan: Otvorite zape\u010da\u0107enu vre\u0107icu<br \/>\nDva: Odlijepite naljepnicu<br \/>\nTri: Izvucite silikonski \u010dep i pustite da odstoji 10 minuta, nakon \u010dega mo\u017eete koristiti JNR Shisha Vape<\/p>\n<h6>2.Kako napuniti Original Vape VOPK shisha 15000 Puffs ure\u0111aj?<\/h6>\n<p>Ne smiju se koristiti brzi punja\u010di, a standardna sigurna snaga jednokratnih elektroni\u010dkih cigareta je 5V 1A.<\/p>\n<p>Svako punjenje ne smije trajati du\u017ee od 1 sata, a sigurno vrijeme punjenja je pola sata.<\/p>\n<h6>3.Koliko povla\u010denja ima VOPK JNR shisha vape 15k Puffs jednokratna olovka za vape?<\/h6>\n<p>\u2014-15000 udisaja<\/p>\n<p><span style=\"color: #ff6600\">Napomena: ne punite cijelu no\u0107!<\/span><\/p>\n<h6>4.Za\u0161to odabrati VOPK JNR shisha 15k Puffs JNR Vape?<\/h6>\n<p>&nbsp;<\/p>\n<p><span style=\"color: #ff0000\"><strong>Kvaliteta bez premca<\/strong><\/span>: VOPK Shisha 15k Puffs JNR Vape izra\u0111en je s pa\u017eljivom posve\u0107eno\u0161\u0107u detaljima, osiguravaju\u0107i neusporedivu kvalitetu i performanse.<\/p>\n<p><span style=\"color: #ff0000\"><strong>Inovativan dizajn<\/strong><\/span>: S elegantnim dvobojnim dizajnom s UV tiskom, VOPK shisha 15k Puffs JNR Vape isti\u010de se svojom izvrsnom izradom, po \u010demu se izdvaja od ostalih.<\/p>\n<p><span style=\"color: #ff0000\"><strong>Pobolj\u0161ana proizvodnja pare<\/strong>:<\/span> Ovaj vape, opremljen mre\u017eastom zavojnicom od 0,6 ohma, jam\u010di pobolj\u0161anu proizvodnju pare, pru\u017eaju\u0107i glatko i dosljedno iskustvo vapinga sa svakim povla\u010denjem.<\/p>\n<p><span style=\"color: #ff0000\"><strong>Dugotrajna baterija<\/strong>:<\/span> Pokre\u0107e ga robusna baterija od 600 mAh podr\u017eana modelom baterije 18250 i prakti\u010dnim priklju\u010dkom za punjenje Type-C, VOPK shisha 15k Puffs JNR Vape osigurava produljeno kori\u0161tenje za dugotrajno u\u017eivanje.<\/p>\n<p><span style=\"color: #ff0000\"><strong>Izda\u0161an broj pufova<\/strong>:<\/span> Nude\u0107i impresivnih 15 000 povla\u010denja, ovaj jednokratni vape pru\u017ea obilje sesija vapinga, \u0161to ga \u010dini pouzdanim izborom za entuzijaste vapinga koji tra\u017ee dugovje\u010dnost.<\/p>\n<p><span style=\"color: #ff0000\"><strong>Veliki izbor okusa<\/strong>:<\/span> Prepustite se raznolikoj ponudi primamljivih okusa, uklju\u010duju\u0107i Double Apple, Grape Mint, Juicy Peach i vi\u0161e, zadovoljavaju\u0107i razli\u010dite ukusne preferencije i osiguravaju\u0107i zadovoljavaju\u0107e iskustvo vapinga za sve.<\/p>\n<p><span style=\"color: #ff0000\"><strong>Udisanje izravno u plu\u0107a<\/strong>:<\/span> Dizajniran za izravno udisanje u plu\u0107a, VOPK shisha 15k Puffs JNR Vape nudi zadovoljavaju\u0107e povla\u010denje, savr\u0161eno za pronicljive vapere koji cijene puno iskustvo vapinga.<\/p>\n<p><span style=\"color: #ff0000\"><strong>Opcija veleprodaje na veliko<\/strong>:<\/span> Iskoristite na\u0161u veleprodajnu ponudu i u\u017eivajte u u\u0161tedi tro\u0161kova dok se opskrbljujete ovim vrhunskim proizvodom za vaping, osiguravaju\u0107i da uvijek imate zalihu pri ruci za sebe ili svoje kupce.<\/p>\n<p>&nbsp;<\/p>\n<h3>Zna\u010dajke VOPK ShiSha Vape:<\/h3>\n<p>Model: VOPK SHISHA 15000 PUFFS Dobro prodavani Vape<br \/>\nDimovi: 15000 dimova<br \/>\nKapacitet baterije: 650mAh<br \/>\nVolumen e-teku\u0107ine: 23 ml<br \/>\nSadr\u017eaj nikotina: 2%\/5% Nikotinska sol<br \/>\nPakiranje: 10 komada u 1 izlo\u017ebenoj kutiji<br \/>\nMinimalna koli\u010dina narud\u017ebe (MOQ): 50 komada<\/p>\n<h3><strong>\u00a0Originalni vape VOPK JNR shisha<\/strong> 15000 dimova\u00a0 <strong>Lista okusa:<\/strong><\/h3>\n<p>1.Dvostruka jabuka<br \/>\n2.Dvostruka dinja menta<br \/>\n3.Gro\u017e\u0111e menta<br \/>\n4.So\u010dna breskva<br \/>\n5. Lady Killa<br \/>\n6.Mije\u0161ano bobi\u010dasto vo\u0107e led<br \/>\n7.Ananas Kokos<br \/>\n8.Ledeni kup s crvenim bobicama<br \/>\n9.Ledena lubenica<br \/>\n10.Bijela Mamba<\/p>\n<p><a href=\"https:\/\/vapebulkp.com\/hr\/product\/popular-randm-tornado-7000puffs-disposable-vape-best-price\/\">Randm tornado 7000 uvla\u010denja<\/a><\/p>\n<p><span style=\"vertical-align: inherit\">Prona\u0111ite vi\u0161e proizvoda koji bi vam se mogli svidjeti:<\/span><em><a href=\"https:\/\/wa.me\/8618077105796\"><span style=\"vertical-align: inherit\">\u00a0Kupite sada<\/span><\/a><\/em><\/p>\n<p><span style=\"vertical-align: inherit\">Ostali Puffs koji bi vam se mogli svidjeti:<\/span><a href=\"https:\/\/vapebulkp.com\/hr\/product\/good-sale-randm-tornado-10000-puffs-plus\/\"><span style=\"vertical-align: inherit\">RandM 10000Udisaja<\/span><\/a><span style=\"vertical-align: inherit\">\u2014S kapacitetom od 10.000 udisaja, ovaj je ure\u0111aj omiljen me\u0111u entuzijastima vapinga.<\/span><\/p>\n<p><a href=\"https:\/\/vapebulkp.com\/hr\/product\/wholesale-randm-tornado-9000-puffs-germany\/\"><span style=\"vertical-align: inherit\">RandM Tornado 9000 Puhova<\/span><\/a><span style=\"vertical-align: inherit\">\u2014Kao najpopularnija e-cigareta, Randm ima 9.000 udisaja u kojima mo\u017eete u\u017eivati<\/span><\/p>\n<p><a href=\"https:\/\/vapebulkp.com\/hr\/product\/bang-20000-puffs-hot-vape-top-sale-vape\/\"><span style=\"vertical-align: inherit\">Bang 20000 Udisaja<\/span><\/a><span style=\"vertical-align: inherit\">\u2014Bang King je popularan brend s jedinstvenim modelima i 20.000 udisaja<\/span><\/p>\n<p><a href=\"https:\/\/vapebulkp.com\/hr\/product\/bang-king-12000puffs\/\"><span style=\"vertical-align: inherit\">Bang King 12000 Puhova<\/span><\/a>\u2014-Bang King 12000 Udisaja popularan je brend s jedinstvenim modelima i 12.000 udisaja, jo\u0161 jedna opcija da pobolj\u0161ate svoje potrebe za vapingom<\/p>\n<p><span style=\"vertical-align: inherit\">E-cigareta posebnog oblika boce:<\/span><a href=\"https:\/\/vapebulkp.com\/hr\/product\/original-vape-bang-tn-12000-puffs-bang-vape\/\"><span style=\"vertical-align: inherit\">Bang TN 12000 Udisaja<\/span><\/a><span style=\"vertical-align: inherit\">\/ <\/span><a href=\"https:\/\/vapebulkp.com\/hr\/product\/vapme-crystal-7000-puffs-original-vape-good-flavor\/\"><span style=\"vertical-align: inherit\">Crystal 7000 udisaja<\/span><\/a><span style=\"vertical-align: inherit\">\/<\/span><a href=\"https:\/\/vapebulkp.com\/hr\/product\/top-sale-waspe-12000puffs-disposable-vape-wholesale-france\/\"><span style=\"vertical-align: inherit\">WASPE 12000 Udaraca<\/span><\/a><\/p>\n<p><a href=\"https:\/\/vapebulkp.com\/hr\/product\/discount-price-cloud-bar-tn-15000-disposable-vape-raz-bar\/\">Cloud Bar TN 15000 Udisaja Originalni vape<\/a><\/p>\n<p><a href=\"https:\/\/vapebulkp.com\/hr\/product\/vopk-shisha-15k-puffs-original-vape-jnr-shisha\/\">VOPK shisha JNR SHISHA 15K UDISAJA<\/a><\/p>\n<p><a href=\"https:\/\/vapebulkp.com\/hr\/product\/original-vape-bang-rocket-18000-puffs-good-sale\/\">Originalni Vape Bang Rocket 18000 udisaja Dobra prodaja<\/a><\/p>\n<h4>Detalji dostave:<\/h4>\n<p><span style=\"color: #ff6600\">Vrijeme proizvodnje: 5-10 radnih dana<\/span><br \/>\n<span style=\"color: #ff6600\">Vrijeme isporuke: 8-14 radnih dana<\/span><\/p>\n<p>Svi proizvodi u na\u0161oj trgovini su 100% originalni i autenti\u010dni, stoga je desetostruka naknada za la\u017enu robu na\u0161a politika trgovine. Za dostavu koristimo logisti\u010dke kanale kao \u0161to su UPS\/DHL\/FEDEX\/DPD.<\/p>\n<p>Za pakete poslane u Hrvatsku obi\u010dno je potrebno 10 radnih dana da stignu. Dostava u europske zemlje obi\u010dno traje 12 do 15 radnih dana da stigne. Logisti\u010dke informacije \u0107emo a\u017eurirati za vas u stvarnom vremenu.<\/p>\n<p>Kontaktirajte nas i mo\u017eemo vam ponuditi Hazebar 12000 Puhova i podi\u0107i va\u0161e poslovanje na vi\u0161u razinu!<\/p>","protected":false},"excerpt":{"rendered":"<p>Uronite u neusporedivo zadovoljstvo i kvalitetu s VOPK Shisha Hookah 15000 Puffs<\/p>\n<p><img decoding=\"async\" class=\"alignnone wp-image-2151\" src=\"http:\/\/vapebulkp.com\/wp-content\/uploads\/2024\/04\/Mandy-WhatsApp-Randm.jpg\" alt=\"Mandy WhatsApp Randm\" width=\"238\" height=\"253\" srcset=\"https:\/\/vapebulkp.com\/wp-content\/uploads\/2024\/04\/Mandy-WhatsApp-Randm.jpg 916w, https:\/\/vapebulkp.com\/wp-content\/uploads\/2024\/04\/Mandy-WhatsApp-Randm-282x300.jpg 282w, https:\/\/vapebulkp.com\/wp-content\/uploads\/2024\/04\/Mandy-WhatsApp-Randm-768x817.jpg 768w, https:\/\/vapebulkp.com\/wp-content\/uploads\/2024\/04\/Mandy-WhatsApp-Randm-600x638.jpg 600w\" sizes=\"(max-width: 238px) 100vw, 238px\" \/><\/p>\n<p>Molimo kontaktirajte Mandy's WhatsApp za cijenu s popustom<a href=\"https:\/\/wa.me\/8618077105796\">+8618077105796<\/a><\/p>\n<p><span style=\"color: #ff0000\">NAPOMENA: Cijene na na\u0161oj web stranici ne uklju\u010duju tro\u0161kove dostave<\/span><\/p>","protected":false},"featured_media":2375,"comment_status":"open","ping_status":"closed","template":"","meta":{"_uag_custom_page_level_css":"","_lmt_disableupdate":"no","_lmt_disable":"","site-sidebar-layout":"default","site-content-layout":"content-boxed-container","ast-site-content-layout":"normal-width-container","site-content-style":"boxed","site-sidebar-style":"unboxed","ast-global-header-display":"","ast-banner-title-visibility":"","ast-main-header-display":"","ast-hfb-above-header-display":"","ast-hfb-below-header-display":"","ast-hfb-mobile-header-display":"","site-post-title":"","ast-breadcrumbs-content":"","ast-featured-img":"","footer-sml-layout":"","theme-transparent-header-meta":"default","adv-header-id-meta":"","stick-header-meta":"","header-above-stick-meta":"","header-main-stick-meta":"","header-below-stick-meta":"","astra-migrate-meta-layouts":"set","_joinchat":[]},"product_cat":[165,153,155,33,59,100,87,34,158,157,154,152,58,84,156,363],"product_tag":[77,36,37,91,105,127,41,71,40],"class_list":["post-2403","product","type-product","status-publish","has-post-thumbnail","hentry","product_cat-15000-puffs-disposable-vape","product_cat-hot-disposable-vapes","product_cat-belgium-hot-disposable-vapes","product_cat-france-vape-hot-sale","product_cat-germany-hot-disposable-vape","product_cat-germany-wholesale-vape-shop","product_cat-minimum-order-quantity-50pcs","product_cat-netherlands-vape-good-sale","product_cat-norway-hot-disposable-vapes","product_cat-poland-hot-disposable-vapes","product_cat-portugal-hot-disposable-vapes","product_cat-spain-hot-disposable-vapes","product_cat-sweden-hot-disposable-vape","product_cat-sweden-wholesale-vape","product_cat-switzerland-hot-disposable-vapes","product_cat-vopk-vape","product_tag-15000-puffs","product_tag-good-vape","product_tag-hot-sale-disposable-vape","product_tag-italy-hot-vape","product_tag-jnr","product_tag-original-vape-inr-shisha","product_tag-poland-hot-vape","product_tag-randm","product_tag-sweden-hot-vape","pa_brand-vopk-vape","desktop-align-left","tablet-align-left","mobile-align-left"],"yoast_head":"<!-- This site is optimized with the Yoast SEO plugin v21.1 - https:\/\/yoast.com\/wordpress\/plugins\/seo\/ -->\n<title>VOPK SHISHA 15K PUFFS Original Vape JNR SHISHA - vapebulkp.com<\/title>\n<meta name=\"description\" content=\"Buy the VOPK SHISHA 15000 Puffs, a high-capacity 15000 Puffs Disposable Vape with mesh coil technology, rich nicotine salt flavors, and rechargeable battery. Perfect for daily use or wholesale orders \u2014 order now from EU warehouse!\" \/>\n<meta name=\"robots\" content=\"index, follow, max-snippet:-1, max-image-preview:large, max-video-preview:-1\" \/>\n<link rel=\"canonical\" href=\"https:\/\/vapebulkp.com\/hr\/product\/vopk-shisha-15k-puffs-original-vape-jnr-shisha\/\" \/>\n<meta property=\"og:locale\" content=\"hr_HR\" \/>\n<meta property=\"og:type\" content=\"article\" \/>\n<meta property=\"og:title\" content=\"VOPK SHISHA 15K PUFFS Original Vape JNR SHISHA - vapebulkp.com\" \/>\n<meta property=\"og:description\" content=\"Buy the VOPK SHISHA 15000 Puffs, a high-capacity 15000 Puffs Disposable Vape with mesh coil technology, rich nicotine salt flavors, and rechargeable battery. Perfect for daily use or wholesale orders \u2014 order now from EU warehouse!\" \/>\n<meta property=\"og:url\" content=\"https:\/\/vapebulkp.com\/hr\/product\/vopk-shisha-15k-puffs-original-vape-jnr-shisha\/\" \/>\n<meta property=\"og:site_name\" content=\"vapebulkp.com\" \/>\n<meta property=\"article:modified_time\" content=\"2025-09-24T03:46:13+00:00\" \/>\n<meta property=\"og:image\" content=\"http:\/\/vapebulkp.com\/wp-content\/uploads\/2024\/04\/VOPK-SHISHA-15000-Puffs-Top-Sale.png\" \/>\n\t<meta property=\"og:image:width\" content=\"518\" \/>\n\t<meta property=\"og:image:height\" content=\"776\" \/>\n\t<meta property=\"og:image:type\" content=\"image\/png\" \/>\n<meta name=\"twitter:card\" content=\"summary_large_image\" \/>\n<meta name=\"twitter:label1\" content=\"Procijenjeno vrijeme \u010ditanja\" \/>\n\t<meta name=\"twitter:data1\" content=\"5 minuta\" \/>\n<script type=\"application\/ld+json\" class=\"yoast-schema-graph\">{\"@context\":\"https:\/\/schema.org\",\"@graph\":[{\"@type\":\"WebPage\",\"@id\":\"https:\/\/vapebulkp.com\/product\/vopk-shisha-15k-puffs-original-vape-jnr-shisha\/\",\"url\":\"https:\/\/vapebulkp.com\/product\/vopk-shisha-15k-puffs-original-vape-jnr-shisha\/\",\"name\":\"VOPK SHISHA 15K PUFFS Original Vape JNR SHISHA - vapebulkp.com\",\"isPartOf\":{\"@id\":\"https:\/\/vapebulkp.com\/#website\"},\"datePublished\":\"2024-04-29T09:11:35+00:00\",\"dateModified\":\"2025-09-24T03:46:13+00:00\",\"description\":\"Buy the VOPK SHISHA 15000 Puffs, a high-capacity 15000 Puffs Disposable Vape with mesh coil technology, rich nicotine salt flavors, and rechargeable battery. Perfect for daily use or wholesale orders \u2014 order now from EU warehouse!\",\"breadcrumb\":{\"@id\":\"https:\/\/vapebulkp.com\/product\/vopk-shisha-15k-puffs-original-vape-jnr-shisha\/#breadcrumb\"},\"inLanguage\":\"hr\",\"potentialAction\":[{\"@type\":\"ReadAction\",\"target\":[\"https:\/\/vapebulkp.com\/product\/vopk-shisha-15k-puffs-original-vape-jnr-shisha\/\"]}]},{\"@type\":\"BreadcrumbList\",\"@id\":\"https:\/\/vapebulkp.com\/product\/vopk-shisha-15k-puffs-original-vape-jnr-shisha\/#breadcrumb\",\"itemListElement\":[{\"@type\":\"ListItem\",\"position\":1,\"name\":\"Home\",\"item\":\"https:\/\/vapebulkp.com\/\"},{\"@type\":\"ListItem\",\"position\":2,\"name\":\"Hot Trend Vapes\",\"item\":\"https:\/\/vapebulkp.com\/vape-shop\/\"},{\"@type\":\"ListItem\",\"position\":3,\"name\":\"VOPK SHISHA 15K PUFFS Original Vape JNR SHISHA\"}]},{\"@type\":\"WebSite\",\"@id\":\"https:\/\/vapebulkp.com\/#website\",\"url\":\"https:\/\/vapebulkp.com\/\",\"name\":\"vapebulkp.com\",\"description\":\"Buy Vape In Cheap Bulk Price Near you\",\"publisher\":{\"@id\":\"https:\/\/vapebulkp.com\/#organization\"},\"potentialAction\":[{\"@type\":\"SearchAction\",\"target\":{\"@type\":\"EntryPoint\",\"urlTemplate\":\"https:\/\/vapebulkp.com\/?s={search_term_string}\"},\"query-input\":\"required name=search_term_string\"}],\"inLanguage\":\"hr\"},{\"@type\":\"Organization\",\"@id\":\"https:\/\/vapebulkp.com\/#organization\",\"name\":\"vapebulkp.com\",\"url\":\"https:\/\/vapebulkp.com\/\",\"logo\":{\"@type\":\"ImageObject\",\"inLanguage\":\"hr\",\"@id\":\"https:\/\/vapebulkp.com\/#\/schema\/logo\/image\/\",\"url\":\"https:\/\/vapebulkp.com\/wp-content\/uploads\/2023\/09\/cropped-vapebulkp.png\",\"contentUrl\":\"https:\/\/vapebulkp.com\/wp-content\/uploads\/2023\/09\/cropped-vapebulkp.png\",\"width\":516,\"height\":163,\"caption\":\"vapebulkp.com\"},\"image\":{\"@id\":\"https:\/\/vapebulkp.com\/#\/schema\/logo\/image\/\"}}]}<\/script>\n<!-- \/ Yoast SEO plugin. -->","yoast_head_json":{"title":"VOPK SHISHA 15K PUFFS Original Vape JNR SHISHA - vapebulkp.com","description":"Buy the VOPK SHISHA 15000 Puffs, a high-capacity 15000 Puffs Disposable Vape with mesh coil technology, rich nicotine salt flavors, and rechargeable battery. Perfect for daily use or wholesale orders \u2014 order now from EU warehouse!","robots":{"index":"index","follow":"follow","max-snippet":"max-snippet:-1","max-image-preview":"max-image-preview:large","max-video-preview":"max-video-preview:-1"},"canonical":"https:\/\/vapebulkp.com\/hr\/product\/vopk-shisha-15k-puffs-original-vape-jnr-shisha\/","og_locale":"hr_HR","og_type":"article","og_title":"VOPK SHISHA 15K PUFFS Original Vape JNR SHISHA - vapebulkp.com","og_description":"Buy the VOPK SHISHA 15000 Puffs, a high-capacity 15000 Puffs Disposable Vape with mesh coil technology, rich nicotine salt flavors, and rechargeable battery. Perfect for daily use or wholesale orders \u2014 order now from EU warehouse!","og_url":"https:\/\/vapebulkp.com\/hr\/product\/vopk-shisha-15k-puffs-original-vape-jnr-shisha\/","og_site_name":"vapebulkp.com","article_modified_time":"2025-09-24T03:46:13+00:00","og_image":[{"width":518,"height":776,"url":"http:\/\/vapebulkp.com\/wp-content\/uploads\/2024\/04\/VOPK-SHISHA-15000-Puffs-Top-Sale.png","type":"image\/png"}],"twitter_card":"summary_large_image","twitter_misc":{"Procijenjeno vrijeme \u010ditanja":"5 minuta"},"schema":{"@context":"https:\/\/schema.org","@graph":[{"@type":"WebPage","@id":"https:\/\/vapebulkp.com\/product\/vopk-shisha-15k-puffs-original-vape-jnr-shisha\/","url":"https:\/\/vapebulkp.com\/product\/vopk-shisha-15k-puffs-original-vape-jnr-shisha\/","name":"VOPK SHISHA 15K PUFFS Original Vape JNR SHISHA - vapebulkp.com","isPartOf":{"@id":"https:\/\/vapebulkp.com\/#website"},"datePublished":"2024-04-29T09:11:35+00:00","dateModified":"2025-09-24T03:46:13+00:00","description":"Buy the VOPK SHISHA 15000 Puffs, a high-capacity 15000 Puffs Disposable Vape with mesh coil technology, rich nicotine salt flavors, and rechargeable battery. Perfect for daily use or wholesale orders \u2014 order now from EU warehouse!","breadcrumb":{"@id":"https:\/\/vapebulkp.com\/product\/vopk-shisha-15k-puffs-original-vape-jnr-shisha\/#breadcrumb"},"inLanguage":"hr","potentialAction":[{"@type":"ReadAction","target":["https:\/\/vapebulkp.com\/product\/vopk-shisha-15k-puffs-original-vape-jnr-shisha\/"]}]},{"@type":"BreadcrumbList","@id":"https:\/\/vapebulkp.com\/product\/vopk-shisha-15k-puffs-original-vape-jnr-shisha\/#breadcrumb","itemListElement":[{"@type":"ListItem","position":1,"name":"Home","item":"https:\/\/vapebulkp.com\/"},{"@type":"ListItem","position":2,"name":"Hot Trend Vapes","item":"https:\/\/vapebulkp.com\/vape-shop\/"},{"@type":"ListItem","position":3,"name":"VOPK SHISHA 15K PUFFS Original Vape JNR SHISHA"}]},{"@type":"WebSite","@id":"https:\/\/vapebulkp.com\/#website","url":"https:\/\/vapebulkp.com\/","name":"vapebulkp.com","description":"Buy Vape In Cheap Bulk Price Near you","publisher":{"@id":"https:\/\/vapebulkp.com\/#organization"},"potentialAction":[{"@type":"SearchAction","target":{"@type":"EntryPoint","urlTemplate":"https:\/\/vapebulkp.com\/?s={search_term_string}"},"query-input":"required name=search_term_string"}],"inLanguage":"hr"},{"@type":"Organization","@id":"https:\/\/vapebulkp.com\/#organization","name":"vapebulkp.com","url":"https:\/\/vapebulkp.com\/","logo":{"@type":"ImageObject","inLanguage":"hr","@id":"https:\/\/vapebulkp.com\/#\/schema\/logo\/image\/","url":"https:\/\/vapebulkp.com\/wp-content\/uploads\/2023\/09\/cropped-vapebulkp.png","contentUrl":"https:\/\/vapebulkp.com\/wp-content\/uploads\/2023\/09\/cropped-vapebulkp.png","width":516,"height":163,"caption":"vapebulkp.com"},"image":{"@id":"https:\/\/vapebulkp.com\/#\/schema\/logo\/image\/"}}]}},"uagb_featured_image_src":{"full":["https:\/\/vapebulkp.com\/wp-content\/uploads\/2024\/04\/VOPK-SHISHA-15000-Puffs-Top-Sale.png",518,776,false],"thumbnail":["https:\/\/vapebulkp.com\/wp-content\/uploads\/2024\/04\/VOPK-SHISHA-15000-Puffs-Top-Sale-150x150.png",150,150,true],"medium":["https:\/\/vapebulkp.com\/wp-content\/uploads\/2024\/04\/VOPK-SHISHA-15000-Puffs-Top-Sale-200x300.png",200,300,true],"medium_large":["https:\/\/vapebulkp.com\/wp-content\/uploads\/2024\/04\/VOPK-SHISHA-15000-Puffs-Top-Sale.png",518,776,false],"large":["https:\/\/vapebulkp.com\/wp-content\/uploads\/2024\/04\/VOPK-SHISHA-15000-Puffs-Top-Sale.png",518,776,false],"1536x1536":["https:\/\/vapebulkp.com\/wp-content\/uploads\/2024\/04\/VOPK-SHISHA-15000-Puffs-Top-Sale.png",518,776,false],"2048x2048":["https:\/\/vapebulkp.com\/wp-content\/uploads\/2024\/04\/VOPK-SHISHA-15000-Puffs-Top-Sale.png",518,776,false],"trp-custom-language-flag":["https:\/\/vapebulkp.com\/wp-content\/uploads\/2024\/04\/VOPK-SHISHA-15000-Puffs-Top-Sale.png",8,12,false],"woocommerce_thumbnail":["https:\/\/vapebulkp.com\/wp-content\/uploads\/2024\/04\/VOPK-SHISHA-15000-Puffs-Top-Sale-300x300.png",300,300,true],"woocommerce_single":["https:\/\/vapebulkp.com\/wp-content\/uploads\/2024\/04\/VOPK-SHISHA-15000-Puffs-Top-Sale.png",518,776,false],"woocommerce_gallery_thumbnail":["https:\/\/vapebulkp.com\/wp-content\/uploads\/2024\/04\/VOPK-SHISHA-15000-Puffs-Top-Sale-100x100.png",100,100,true],"wcpr-photo-reviews":["https:\/\/vapebulkp.com\/wp-content\/uploads\/2024\/04\/VOPK-SHISHA-15000-Puffs-Top-Sale.png",334,500,false]},"uagb_author_info":{"display_name":"Mandy vape bulk price","author_link":"https:\/\/vapebulkp.com\/hr\/author\/"},"uagb_comment_info":0,"uagb_excerpt":"Immerse yourself in unparalleled satisfaction and quality with the VOPK Shisha Hookah 15000 Puffs Pls Contact Mandy's WhatsApp For Discount Price+8618077105796 NOTE: Prices on our website does not include shipping costs","_links":{"self":[{"href":"https:\/\/vapebulkp.com\/hr\/wp-json\/wp\/v2\/product\/2403","targetHints":{"allow":["GET"]}}],"collection":[{"href":"https:\/\/vapebulkp.com\/hr\/wp-json\/wp\/v2\/product"}],"about":[{"href":"https:\/\/vapebulkp.com\/hr\/wp-json\/wp\/v2\/types\/product"}],"replies":[{"embeddable":true,"href":"https:\/\/vapebulkp.com\/hr\/wp-json\/wp\/v2\/comments?post=2403"}],"wp:featuredmedia":[{"embeddable":true,"href":"https:\/\/vapebulkp.com\/hr\/wp-json\/wp\/v2\/media\/2375"}],"wp:attachment":[{"href":"https:\/\/vapebulkp.com\/hr\/wp-json\/wp\/v2\/media?parent=2403"}],"wp:term":[{"taxonomy":"product_cat","embeddable":true,"href":"https:\/\/vapebulkp.com\/hr\/wp-json\/wp\/v2\/product_cat?post=2403"},{"taxonomy":"product_tag","embeddable":true,"href":"https:\/\/vapebulkp.com\/hr\/wp-json\/wp\/v2\/product_tag?post=2403"}],"curies":[{"name":"wp","href":"https:\/\/api.w.org\/{rel}","templated":true}]}}