{"id":2419,"date":"2024-04-30T10:44:41","date_gmt":"2024-04-30T08:44:41","guid":{"rendered":"https:\/\/vapebulkp.com\/?post_type=product&#038;p=2419"},"modified":"2025-09-16T11:31:46","modified_gmt":"2025-09-16T09:31:46","slug":"vopk-tornado-15000-puffs-original-vape-randm-vape","status":"publish","type":"product","link":"https:\/\/vapebulkp.com\/hr\/product\/vopk-tornado-15000-puffs-original-vape-randm-vape\/","title":{"rendered":"VOPK Tornado 15000 Pufova Original Vape Randm Vape"},"content":{"rendered":"<h2>VOPK Tornado 15000 Pufova Original Vape Randm Vape<\/h2>\n<p data-start=\"358\" data-end=\"641\">O <strong data-start=\"362\" data-end=\"405\">VOPK SHISHA 15000 Puffs jednokratni vape<\/strong> je jednokratni vape velikog kapaciteta dizajniran za europske entuzijaste vapinga koji tra\u017ee performanse, prakti\u010dnost i stil. Izra\u0111en s ergonomskim ku\u0107i\u0161tem i izdr\u017eljivom zavr\u0161nom obradom, ovaj ure\u0111aj pru\u017ea udobnost i dugotrajnu pouzdanost.<\/p>\n<p data-start=\"643\" data-end=\"944\">Sadr\u017ei naprednu tehnologiju <strong data-start=\"662\" data-end=\"680\">mre\u017enom zavojnicom<\/strong> tehnologije, <a href=\"https:\/\/vapebulkp.com\/hr\/product-category\/15000-puffs-disposable-vape\/\"><strong data-start=\"697\" data-end=\"728\">15000 Puffs jednokratni Vape<\/strong><\/a> proizvodi glatku paru punu okusa i zadovoljavaju\u0107e uvla\u010denje sa svakim dimom. Njegov veliki kapacitet e-teku\u0107ine od 25 ml osigurava duge sesije vapinga bez stalnog dopunjavanja, \u0161to ga \u010dini savr\u0161enim za svakodnevnu upotrebu ili dru\u0161tvena okupljanja.<\/p>\n<p data-start=\"946\" data-end=\"1272\">Napajan punjivom baterijom od 850 mAh s Type-C brzim punjenjem, ovaj <strong data-start=\"1020\" data-end=\"1052\">punjivi jednokratni vape<\/strong> minimizira vrijeme zastoja i maksimizira prakti\u010dnost. Podesivi protok zraka omogu\u0107uje korisnicima da prilagode svako uvla\u010denje, od \u010dvrstog uvla\u010denja do prozra\u010dnih oblaka, dok dvostruki zaslon za ulje i elektri\u010dnu energiju omogu\u0107uje brz vizualni pregled razine baterije i teku\u0107ine.<\/p>\n<p data-start=\"1274\" data-end=\"1573\">Idealno za <strong data-start=\"1284\" data-end=\"1311\">europski veleprodajni kupci vape proizvoda<\/strong> i ljubitelji okusa, ovaj <strong data-start=\"1354\" data-end=\"1385\">jednokratni vape bogat okusom<\/strong> kombinira vrhunski dizajn s visokim performansama. Kompaktan, elegantan i spreman za upotrebu, <strong data-start=\"1478\" data-end=\"1521\">VOPK SHISHA 15000 Puffs jednokratni vape<\/strong> isti\u010de se kao vrhunski izbor za moderne vapere.<\/p>\n<p><img decoding=\"async\" class=\"alignnone wp-image-2379\" style=\"font-style: inherit;font-weight: inherit\" src=\"http:\/\/vapebulkp.com\/wp-content\/uploads\/2024\/04\/VOPK-Tornado-Vape-15K-PUFFS-Good-Sale.jpg\" alt=\"VOPK Tornado Vape 15K PUFFS Dobra ponuda\" width=\"857\" height=\"482\" srcset=\"https:\/\/vapebulkp.com\/wp-content\/uploads\/2024\/04\/VOPK-Tornado-Vape-15K-PUFFS-Good-Sale.jpg 1920w, https:\/\/vapebulkp.com\/wp-content\/uploads\/2024\/04\/VOPK-Tornado-Vape-15K-PUFFS-Good-Sale-300x169.jpg 300w, https:\/\/vapebulkp.com\/wp-content\/uploads\/2024\/04\/VOPK-Tornado-Vape-15K-PUFFS-Good-Sale-1024x576.jpg 1024w, https:\/\/vapebulkp.com\/wp-content\/uploads\/2024\/04\/VOPK-Tornado-Vape-15K-PUFFS-Good-Sale-768x432.jpg 768w, https:\/\/vapebulkp.com\/wp-content\/uploads\/2024\/04\/VOPK-Tornado-Vape-15K-PUFFS-Good-Sale-1536x864.jpg 1536w, https:\/\/vapebulkp.com\/wp-content\/uploads\/2024\/04\/VOPK-Tornado-Vape-15K-PUFFS-Good-Sale-600x338.jpg 600w\" sizes=\"(max-width: 857px) 100vw, 857px\" \/><\/p>\n<h6>Molimo kontaktirajte Mandy's WhatsApp za cijenu s popustom<a href=\"https:\/\/wa.me\/8618077105796\">+8618077105796<\/a><\/h6>\n<p><img decoding=\"async\" class=\"alignnone wp-image-2151\" src=\"http:\/\/vapebulkp.com\/wp-content\/uploads\/2024\/04\/Mandy-WhatsApp-Randm.jpg\" alt=\"Mandy WhatsApp Randm\" width=\"263\" height=\"280\" srcset=\"https:\/\/vapebulkp.com\/wp-content\/uploads\/2024\/04\/Mandy-WhatsApp-Randm.jpg 916w, https:\/\/vapebulkp.com\/wp-content\/uploads\/2024\/04\/Mandy-WhatsApp-Randm-282x300.jpg 282w, https:\/\/vapebulkp.com\/wp-content\/uploads\/2024\/04\/Mandy-WhatsApp-Randm-768x817.jpg 768w, https:\/\/vapebulkp.com\/wp-content\/uploads\/2024\/04\/Mandy-WhatsApp-Randm-600x638.jpg 600w\" sizes=\"(max-width: 263px) 100vw, 263px\" \/><\/p>\n<h2><span style=\"vertical-align: inherit\">Mislili smo da biste \u017eeljeli znati o VOPK Tornado 15k Puff jednokratnom vapeu:<\/span><\/h2>\n<p>&nbsp;<\/p>\n<h6 class=\"style-scope ytd-watch-metadata\">1. Kako koristiti JNR VOPK Tornado 15000 Puffs Vape Pen?<\/h6>\n<p>Jedan: Otvorite zape\u010da\u0107enu vre\u0107icu<br \/>\nDva: Odlijepite naljepnicu<br \/>\nTri: Izvucite silikonski \u010dep i pustite da odstoji 10 minuta, nakon \u010dega mo\u017eete koristiti JNR Shisha Vape<\/p>\n<h6>2. Kako napuniti Original Vape VOPK Tornado 15000 Puffs ure\u0111aj?<\/h6>\n<p>Ne smiju se koristiti brzi punja\u010di, a standardna sigurna snaga jednokratnih elektroni\u010dkih cigareta je 5V 1A.<\/p>\n<p>Svako punjenje ne smije trajati du\u017ee od 1 sata, a sigurno vrijeme punjenja je pola sata.<\/p>\n<h6>3. Koliko uvla\u010denja ima VOPK Tornado 15000 Puffs jednokratna vape olovka?<\/h6>\n<p>\u2014-15000 udisaja<\/p>\n<p><span style=\"color: #ff6600\">Napomena: ne punite cijelu no\u0107!<\/span><\/p>\n<h6>4. Za\u0161to odabrati VOPK Tornado 15k Puffs Hot Vape?<\/h6>\n<p>&nbsp;<\/p>\n<p><strong>Dugotrajnost<\/strong>: S impresivnih 15000 uvla\u010denja, pru\u017ea dugotrajno iskustvo vapinga, \u0161to ga \u010dini prikladnim za strastvene vapere ili one koji ne \u017eele \u010desto mijenjati svoje ure\u0111aje.<\/p>\n<p><strong>Izdr\u017eljiva konstrukcija<\/strong>: Olovka izra\u0111ena od PC-a (polikarbonata) s matiranom naljepnicom dodaje izdr\u017eljivost ure\u0111aju, osiguravaju\u0107i da mo\u017ee izdr\u017eati svakodnevno tro\u0161enje.<\/p>\n<p><strong>Pobolj\u0161ani okus<\/strong>: Opremljen mre\u017eastom zavojnicom od 1,0 ohma, pru\u017ea pobolj\u0161ani okus u usporedbi s tradicionalnim zavojnicama, pru\u017eaju\u0107i zadovoljnije iskustvo vapinga.<\/p>\n<p><strong>Veliki kapacitet raspr\u0161iva\u010da<\/strong>: S kapacitetom raspr\u0161iva\u010da od 25 ml, korisnici mogu u\u017eivati u produ\u017eenim sesijama vapinga bez potrebe za \u010destim punjenjima.<\/p>\n<p><strong>U\u010dinkovita baterija<\/strong>: Baterija od 850 mAh, koju pokre\u0107e model 17350, osigurava produljeno vrijeme kori\u0161tenja izme\u0111u punjenja, pridonose\u0107i prakti\u010dnijem iskustvu vapinga.<\/p>\n<p><strong>Prakti\u010dno punjenje<\/strong>: S priklju\u010dkom za punjenje Type-C, nudi br\u017ee i u\u010dinkovitije punjenje u usporedbi sa starijim metodama USB punjenja.<\/p>\n<p><strong>Podesivi protok zraka<\/strong>: Donja podesiva zna\u010dajka za plin omogu\u0107uje korisnicima da prilagode svoje postavke protoka zraka, prilago\u0111avaju\u0107i se razli\u010ditim stilovima i preferencijama vapinga.<\/p>\n<p><strong>Dvostruki zaslon<\/strong>: Dvostruki zaslon za ulje i elektri\u010dnu energiju pru\u017ea korisnicima jasne i prakti\u010dne informacije o preostalom ulju i razini baterije, omogu\u0107uju\u0107i bolje upravljanje sesijama vapinga.<\/p>\n<p>&nbsp;<\/p>\n<h3>Zna\u010dajka VOPK Tornado 15k Puffs Vape:<\/h3>\n<p>Model: VOPK Tornado 15000 Puffs Randm Vape<br \/>\nIzrada \u0161tapa: PC + mat naljepnica<br \/>\nOtpor: 1,0ohm\/mre\u017easta zavojnica<br \/>\nKapacitet raspr\u0161iva\u010da: 25 ml<br \/>\nMaterijal jezgre raspr\u0161iva\u010da: mre\u017easta zavojnica<br \/>\nKapacitet baterije: 850mah<br \/>\nModel baterije: 17350<br \/>\nPriklju\u010dak za punjenje: type-c<br \/>\nUdaha: 15000 udaha<br \/>\nDonji podesivi plin<br \/>\nZaslon: dvostruki prikaz ulja i elektri\u010dne energije<br \/>\nMinimalna koli\u010dina narud\u017ebe (MOQ): 50 komada<\/p>\n<h3><strong>\u00a0Originalni vape VOPK Tornado <\/strong>15000 dimova\u00a0 <strong>Lista okusa:<\/strong><\/h3>\n<p>1. Jagoda Malina<br \/>\n2.Jagoda Lubenica<br \/>\n3. Lubenica i led<br \/>\n4.Borovnica malina<br \/>\n5. Blue Razz Limunada<br \/>\n6. Kivi marakuja guava<br \/>\n7. Mije\u0161ano bobi\u010dasto vo\u0107e<br \/>\n8.Ru\u017ei\u010dasta Limunada<br \/>\n9.Breskva mango<br \/>\n10. Kisela jabuka<\/p>\n<p><span style=\"vertical-align: inherit\">Prona\u0111ite vi\u0161e proizvoda koji bi vam se mogli svidjeti:<\/span><em><a href=\"https:\/\/wa.me\/8618077105796\"><span style=\"vertical-align: inherit\">\u00a0Kupite sada<\/span><\/a><\/em><\/p>\n<p><span style=\"vertical-align: inherit\">Ostali Puffs koji bi vam se mogli svidjeti:<\/span><a href=\"https:\/\/vapebulkp.com\/hr\/product\/good-sale-randm-tornado-10000-puffs-plus\/\"><span style=\"vertical-align: inherit\">RandM 10000Udisaja<\/span><\/a><span style=\"vertical-align: inherit\">\u2014S kapacitetom od 10.000 udisaja, ovaj je ure\u0111aj omiljen me\u0111u entuzijastima vapinga.<\/span><\/p>\n<p><a href=\"https:\/\/vapebulkp.com\/hr\/product\/wholesale-randm-tornado-9000-puffs-germany\/\"><span style=\"vertical-align: inherit\">RandM Tornado 9000 Puhova<\/span><\/a><span style=\"vertical-align: inherit\">\u2014Kao najpopularnija e-cigareta, Randm ima 9.000 udisaja u kojima mo\u017eete u\u017eivati<\/span><\/p>\n<p><a href=\"https:\/\/vapebulkp.com\/hr\/product\/bang-20000-puffs-hot-vape-top-sale-vape\/\"><span style=\"vertical-align: inherit\">Bang 20000 Udisaja<\/span><\/a><span style=\"vertical-align: inherit\">\u2014Bang King je popularan brend s jedinstvenim modelima i 20.000 udisaja<\/span><\/p>\n<p><a href=\"https:\/\/vapebulkp.com\/hr\/product\/bang-king-12000puffs\/\"><span style=\"vertical-align: inherit\">Bang King 12000 Puhova<\/span><\/a>\u2014-Bang King 12000 Udisaja popularan je brend s jedinstvenim modelima i 12.000 udisaja, jo\u0161 jedna opcija da pobolj\u0161ate svoje potrebe za vapingom<\/p>\n<p><span style=\"vertical-align: inherit\">E-cigareta posebnog oblika boce:<\/span><a href=\"https:\/\/vapebulkp.com\/hr\/product\/original-vape-bang-tn-12000-puffs-bang-vape\/\"><span style=\"vertical-align: inherit\">Bang TN 12000 Udisaja<\/span><\/a><span style=\"vertical-align: inherit\">\/ <\/span><a href=\"https:\/\/vapebulkp.com\/hr\/product\/vapme-crystal-7000-puffs-original-vape-good-flavor\/\"><span style=\"vertical-align: inherit\">Crystal 7000 udisaja<\/span><\/a><span style=\"vertical-align: inherit\">\/<\/span><a href=\"https:\/\/vapebulkp.com\/hr\/product\/top-sale-waspe-12000puffs-disposable-vape-wholesale-france\/\"><span style=\"vertical-align: inherit\">WASPE 12000 Udaraca<\/span><\/a><\/p>\n<h4>Detalji dostave:<\/h4>\n<p><span style=\"color: #ff6600\">Vrijeme proizvodnje: 5-10 radnih dana<\/span><br \/>\n<span style=\"color: #ff6600\">Vrijeme isporuke: 8-14 radnih dana<\/span><\/p>\n<p>Svi proizvodi u na\u0161oj trgovini su 100% originalni i autenti\u010dni, stoga je desetostruka naknada za la\u017enu robu na\u0161a politika trgovine. Za dostavu koristimo logisti\u010dke kanale kao \u0161to su UPS\/DHL\/FEDEX\/DPD.<\/p>\n<p>Za pakete poslane u Hrvatsku obi\u010dno je potrebno 10 radnih dana da stignu. Dostava u europske zemlje obi\u010dno traje 12 do 15 radnih dana da stigne. Logisti\u010dke informacije \u0107emo a\u017eurirati za vas u stvarnom vremenu.<\/p>\n<p>Kontaktirajte nas i mo\u017eemo vam ponuditi Hazebar 12000 Puhova i podi\u0107i va\u0161e poslovanje na vi\u0161u razinu!<\/p>","protected":false},"excerpt":{"rendered":"<p>VOPK Tornado 15000 Puffs Vape nudi kombinaciju dugotrajnosti, izdr\u017eljivosti, pobolj\u0161anog okusa i prakti\u010dnosti, \u0161to ga \u010dini uvjerljivim izborom za vapere koji tra\u017ee pouzdan i dugotrajan ure\u0111aj za vaping.<\/p>\n<p><img decoding=\"async\" class=\"alignnone wp-image-2151\" src=\"http:\/\/vapebulkp.com\/wp-content\/uploads\/2024\/04\/Mandy-WhatsApp-Randm.jpg\" alt=\"Mandy WhatsApp Randm\" width=\"238\" height=\"253\" srcset=\"https:\/\/vapebulkp.com\/wp-content\/uploads\/2024\/04\/Mandy-WhatsApp-Randm.jpg 916w, https:\/\/vapebulkp.com\/wp-content\/uploads\/2024\/04\/Mandy-WhatsApp-Randm-282x300.jpg 282w, https:\/\/vapebulkp.com\/wp-content\/uploads\/2024\/04\/Mandy-WhatsApp-Randm-768x817.jpg 768w, https:\/\/vapebulkp.com\/wp-content\/uploads\/2024\/04\/Mandy-WhatsApp-Randm-600x638.jpg 600w\" sizes=\"(max-width: 238px) 100vw, 238px\" \/><\/p>\n<p>Molimo kontaktirajte Mandy's WhatsApp za cijenu s popustom<a href=\"https:\/\/wa.me\/8618077105796\">+8618077105796<\/a><\/p>\n<p><span style=\"color: #ff0000\">NAPOMENA: Cijene na na\u0161oj web stranici ne uklju\u010duju tro\u0161kove dostave<\/span><\/p>","protected":false},"featured_media":2391,"comment_status":"open","ping_status":"closed","template":"","meta":{"_uag_custom_page_level_css":"","_lmt_disableupdate":"no","_lmt_disable":"","site-sidebar-layout":"default","site-content-layout":"content-boxed-container","ast-site-content-layout":"normal-width-container","site-content-style":"boxed","site-sidebar-style":"unboxed","ast-global-header-display":"","ast-banner-title-visibility":"","ast-main-header-display":"","ast-hfb-above-header-display":"","ast-hfb-below-header-display":"","ast-hfb-mobile-header-display":"","site-post-title":"","ast-breadcrumbs-content":"","ast-featured-img":"","footer-sml-layout":"","theme-transparent-header-meta":"default","adv-header-id-meta":"","stick-header-meta":"","header-above-stick-meta":"","header-main-stick-meta":"","header-below-stick-meta":"","astra-migrate-meta-layouts":"set","_joinchat":[]},"product_cat":[165,153,155,33,59,100,87,34,158,157,154,152,58,84,156,63,32,363],"product_tag":[77,36,37,91,105,127,41,71,40],"class_list":["post-2419","product","type-product","status-publish","has-post-thumbnail","hentry","product_cat-15000-puffs-disposable-vape","product_cat-hot-disposable-vapes","product_cat-belgium-hot-disposable-vapes","product_cat-france-vape-hot-sale","product_cat-germany-hot-disposable-vape","product_cat-germany-wholesale-vape-shop","product_cat-minimum-order-quantity-50pcs","product_cat-netherlands-vape-good-sale","product_cat-norway-hot-disposable-vapes","product_cat-poland-hot-disposable-vapes","product_cat-portugal-hot-disposable-vapes","product_cat-spain-hot-disposable-vapes","product_cat-sweden-hot-disposable-vape","product_cat-sweden-wholesale-vape","product_cat-switzerland-hot-disposable-vapes","product_cat-top-sale-disposable-vape","product_cat-vape-hot-sale-this-week","product_cat-vopk-vape","product_tag-15000-puffs","product_tag-good-vape","product_tag-hot-sale-disposable-vape","product_tag-italy-hot-vape","product_tag-jnr","product_tag-original-vape-inr-shisha","product_tag-poland-hot-vape","product_tag-randm","product_tag-sweden-hot-vape","pa_brand-vopk-vape","desktop-align-left","tablet-align-left","mobile-align-left"],"yoast_head":"<!-- This site is optimized with the Yoast SEO plugin v21.1 - https:\/\/yoast.com\/wordpress\/plugins\/seo\/ -->\n<title>VOPK Tornado 15000 Puffs Original Vape Randm Vape - vapebulkp.com<\/title>\n<meta name=\"description\" content=\"VOPK Tornado 15000 Puffs Vape offers a combination of longevity, durability, enhanced flavor, and convenience, making it a compelling choice for vapers looking for a reliable and long-lasting vaping device.\" \/>\n<meta name=\"robots\" content=\"index, follow, max-snippet:-1, max-image-preview:large, max-video-preview:-1\" \/>\n<link rel=\"canonical\" href=\"https:\/\/vapebulkp.com\/hr\/product\/vopk-tornado-15000-puffs-original-vape-randm-vape\/\" \/>\n<meta property=\"og:locale\" content=\"hr_HR\" \/>\n<meta property=\"og:type\" content=\"article\" \/>\n<meta property=\"og:title\" content=\"VOPK Tornado 15000 Puffs Original Vape Randm Vape - vapebulkp.com\" \/>\n<meta property=\"og:description\" content=\"VOPK Tornado 15000 Puffs Vape offers a combination of longevity, durability, enhanced flavor, and convenience, making it a compelling choice for vapers looking for a reliable and long-lasting vaping device.\" \/>\n<meta property=\"og:url\" content=\"https:\/\/vapebulkp.com\/hr\/product\/vopk-tornado-15000-puffs-original-vape-randm-vape\/\" \/>\n<meta property=\"og:site_name\" content=\"vapebulkp.com\" \/>\n<meta property=\"article:modified_time\" content=\"2025-09-16T09:31:46+00:00\" \/>\n<meta property=\"og:image\" content=\"http:\/\/vapebulkp.com\/wp-content\/uploads\/2024\/04\/VOPK-Tornado-15000-Puffs-Good-Sale.png\" \/>\n\t<meta property=\"og:image:width\" content=\"519\" \/>\n\t<meta property=\"og:image:height\" content=\"688\" \/>\n\t<meta property=\"og:image:type\" content=\"image\/png\" \/>\n<meta name=\"twitter:card\" content=\"summary_large_image\" \/>\n<meta name=\"twitter:label1\" content=\"Procijenjeno vrijeme \u010ditanja\" \/>\n\t<meta name=\"twitter:data1\" content=\"4 minute\" \/>\n<script type=\"application\/ld+json\" class=\"yoast-schema-graph\">{\"@context\":\"https:\/\/schema.org\",\"@graph\":[{\"@type\":\"WebPage\",\"@id\":\"https:\/\/vapebulkp.com\/product\/vopk-tornado-15000-puffs-original-vape-randm-vape\/\",\"url\":\"https:\/\/vapebulkp.com\/product\/vopk-tornado-15000-puffs-original-vape-randm-vape\/\",\"name\":\"VOPK Tornado 15000 Puffs Original Vape Randm Vape - vapebulkp.com\",\"isPartOf\":{\"@id\":\"https:\/\/vapebulkp.com\/#website\"},\"datePublished\":\"2024-04-30T08:44:41+00:00\",\"dateModified\":\"2025-09-16T09:31:46+00:00\",\"description\":\"VOPK Tornado 15000 Puffs Vape offers a combination of longevity, durability, enhanced flavor, and convenience, making it a compelling choice for vapers looking for a reliable and long-lasting vaping device.\",\"breadcrumb\":{\"@id\":\"https:\/\/vapebulkp.com\/product\/vopk-tornado-15000-puffs-original-vape-randm-vape\/#breadcrumb\"},\"inLanguage\":\"hr\",\"potentialAction\":[{\"@type\":\"ReadAction\",\"target\":[\"https:\/\/vapebulkp.com\/product\/vopk-tornado-15000-puffs-original-vape-randm-vape\/\"]}]},{\"@type\":\"BreadcrumbList\",\"@id\":\"https:\/\/vapebulkp.com\/product\/vopk-tornado-15000-puffs-original-vape-randm-vape\/#breadcrumb\",\"itemListElement\":[{\"@type\":\"ListItem\",\"position\":1,\"name\":\"Home\",\"item\":\"https:\/\/vapebulkp.com\/\"},{\"@type\":\"ListItem\",\"position\":2,\"name\":\"Hot Trend Vapes\",\"item\":\"https:\/\/vapebulkp.com\/vape-shop\/\"},{\"@type\":\"ListItem\",\"position\":3,\"name\":\"VOPK Tornado 15000 Puffs Original Vape Randm Vape\"}]},{\"@type\":\"WebSite\",\"@id\":\"https:\/\/vapebulkp.com\/#website\",\"url\":\"https:\/\/vapebulkp.com\/\",\"name\":\"vapebulkp.com\",\"description\":\"Buy Vape In Cheap Bulk Price Near you\",\"publisher\":{\"@id\":\"https:\/\/vapebulkp.com\/#organization\"},\"potentialAction\":[{\"@type\":\"SearchAction\",\"target\":{\"@type\":\"EntryPoint\",\"urlTemplate\":\"https:\/\/vapebulkp.com\/?s={search_term_string}\"},\"query-input\":\"required name=search_term_string\"}],\"inLanguage\":\"hr\"},{\"@type\":\"Organization\",\"@id\":\"https:\/\/vapebulkp.com\/#organization\",\"name\":\"vapebulkp.com\",\"url\":\"https:\/\/vapebulkp.com\/\",\"logo\":{\"@type\":\"ImageObject\",\"inLanguage\":\"hr\",\"@id\":\"https:\/\/vapebulkp.com\/#\/schema\/logo\/image\/\",\"url\":\"https:\/\/vapebulkp.com\/wp-content\/uploads\/2023\/09\/cropped-vapebulkp.png\",\"contentUrl\":\"https:\/\/vapebulkp.com\/wp-content\/uploads\/2023\/09\/cropped-vapebulkp.png\",\"width\":516,\"height\":163,\"caption\":\"vapebulkp.com\"},\"image\":{\"@id\":\"https:\/\/vapebulkp.com\/#\/schema\/logo\/image\/\"}}]}<\/script>\n<!-- \/ Yoast SEO plugin. -->","yoast_head_json":{"title":"VOPK Tornado 15000 Puffs Original Vape Randm Vape - vapebulkp.com","description":"VOPK Tornado 15000 Puffs Vape offers a combination of longevity, durability, enhanced flavor, and convenience, making it a compelling choice for vapers looking for a reliable and long-lasting vaping device.","robots":{"index":"index","follow":"follow","max-snippet":"max-snippet:-1","max-image-preview":"max-image-preview:large","max-video-preview":"max-video-preview:-1"},"canonical":"https:\/\/vapebulkp.com\/hr\/product\/vopk-tornado-15000-puffs-original-vape-randm-vape\/","og_locale":"hr_HR","og_type":"article","og_title":"VOPK Tornado 15000 Puffs Original Vape Randm Vape - vapebulkp.com","og_description":"VOPK Tornado 15000 Puffs Vape offers a combination of longevity, durability, enhanced flavor, and convenience, making it a compelling choice for vapers looking for a reliable and long-lasting vaping device.","og_url":"https:\/\/vapebulkp.com\/hr\/product\/vopk-tornado-15000-puffs-original-vape-randm-vape\/","og_site_name":"vapebulkp.com","article_modified_time":"2025-09-16T09:31:46+00:00","og_image":[{"width":519,"height":688,"url":"http:\/\/vapebulkp.com\/wp-content\/uploads\/2024\/04\/VOPK-Tornado-15000-Puffs-Good-Sale.png","type":"image\/png"}],"twitter_card":"summary_large_image","twitter_misc":{"Procijenjeno vrijeme \u010ditanja":"4 minute"},"schema":{"@context":"https:\/\/schema.org","@graph":[{"@type":"WebPage","@id":"https:\/\/vapebulkp.com\/product\/vopk-tornado-15000-puffs-original-vape-randm-vape\/","url":"https:\/\/vapebulkp.com\/product\/vopk-tornado-15000-puffs-original-vape-randm-vape\/","name":"VOPK Tornado 15000 Puffs Original Vape Randm Vape - vapebulkp.com","isPartOf":{"@id":"https:\/\/vapebulkp.com\/#website"},"datePublished":"2024-04-30T08:44:41+00:00","dateModified":"2025-09-16T09:31:46+00:00","description":"VOPK Tornado 15000 Puffs Vape offers a combination of longevity, durability, enhanced flavor, and convenience, making it a compelling choice for vapers looking for a reliable and long-lasting vaping device.","breadcrumb":{"@id":"https:\/\/vapebulkp.com\/product\/vopk-tornado-15000-puffs-original-vape-randm-vape\/#breadcrumb"},"inLanguage":"hr","potentialAction":[{"@type":"ReadAction","target":["https:\/\/vapebulkp.com\/product\/vopk-tornado-15000-puffs-original-vape-randm-vape\/"]}]},{"@type":"BreadcrumbList","@id":"https:\/\/vapebulkp.com\/product\/vopk-tornado-15000-puffs-original-vape-randm-vape\/#breadcrumb","itemListElement":[{"@type":"ListItem","position":1,"name":"Home","item":"https:\/\/vapebulkp.com\/"},{"@type":"ListItem","position":2,"name":"Hot Trend Vapes","item":"https:\/\/vapebulkp.com\/vape-shop\/"},{"@type":"ListItem","position":3,"name":"VOPK Tornado 15000 Puffs Original Vape Randm Vape"}]},{"@type":"WebSite","@id":"https:\/\/vapebulkp.com\/#website","url":"https:\/\/vapebulkp.com\/","name":"vapebulkp.com","description":"Buy Vape In Cheap Bulk Price Near you","publisher":{"@id":"https:\/\/vapebulkp.com\/#organization"},"potentialAction":[{"@type":"SearchAction","target":{"@type":"EntryPoint","urlTemplate":"https:\/\/vapebulkp.com\/?s={search_term_string}"},"query-input":"required name=search_term_string"}],"inLanguage":"hr"},{"@type":"Organization","@id":"https:\/\/vapebulkp.com\/#organization","name":"vapebulkp.com","url":"https:\/\/vapebulkp.com\/","logo":{"@type":"ImageObject","inLanguage":"hr","@id":"https:\/\/vapebulkp.com\/#\/schema\/logo\/image\/","url":"https:\/\/vapebulkp.com\/wp-content\/uploads\/2023\/09\/cropped-vapebulkp.png","contentUrl":"https:\/\/vapebulkp.com\/wp-content\/uploads\/2023\/09\/cropped-vapebulkp.png","width":516,"height":163,"caption":"vapebulkp.com"},"image":{"@id":"https:\/\/vapebulkp.com\/#\/schema\/logo\/image\/"}}]}},"uagb_featured_image_src":{"full":["https:\/\/vapebulkp.com\/wp-content\/uploads\/2024\/04\/VOPK-Tornado-15000-Puffs-Good-Sale.png",519,688,false],"thumbnail":["https:\/\/vapebulkp.com\/wp-content\/uploads\/2024\/04\/VOPK-Tornado-15000-Puffs-Good-Sale-150x150.png",150,150,true],"medium":["https:\/\/vapebulkp.com\/wp-content\/uploads\/2024\/04\/VOPK-Tornado-15000-Puffs-Good-Sale-226x300.png",226,300,true],"medium_large":["https:\/\/vapebulkp.com\/wp-content\/uploads\/2024\/04\/VOPK-Tornado-15000-Puffs-Good-Sale.png",519,688,false],"large":["https:\/\/vapebulkp.com\/wp-content\/uploads\/2024\/04\/VOPK-Tornado-15000-Puffs-Good-Sale.png",519,688,false],"1536x1536":["https:\/\/vapebulkp.com\/wp-content\/uploads\/2024\/04\/VOPK-Tornado-15000-Puffs-Good-Sale.png",519,688,false],"2048x2048":["https:\/\/vapebulkp.com\/wp-content\/uploads\/2024\/04\/VOPK-Tornado-15000-Puffs-Good-Sale.png",519,688,false],"trp-custom-language-flag":["https:\/\/vapebulkp.com\/wp-content\/uploads\/2024\/04\/VOPK-Tornado-15000-Puffs-Good-Sale.png",9,12,false],"woocommerce_thumbnail":["https:\/\/vapebulkp.com\/wp-content\/uploads\/2024\/04\/VOPK-Tornado-15000-Puffs-Good-Sale-300x300.png",300,300,true],"woocommerce_single":["https:\/\/vapebulkp.com\/wp-content\/uploads\/2024\/04\/VOPK-Tornado-15000-Puffs-Good-Sale.png",519,688,false],"woocommerce_gallery_thumbnail":["https:\/\/vapebulkp.com\/wp-content\/uploads\/2024\/04\/VOPK-Tornado-15000-Puffs-Good-Sale-100x100.png",100,100,true],"wcpr-photo-reviews":["https:\/\/vapebulkp.com\/wp-content\/uploads\/2024\/04\/VOPK-Tornado-15000-Puffs-Good-Sale.png",377,500,false]},"uagb_author_info":{"display_name":"Mandy vape bulk price","author_link":"https:\/\/vapebulkp.com\/hr\/author\/"},"uagb_comment_info":2,"uagb_excerpt":"VOPK Tornado 15000 Puffs Vape offers a combination of longevity, durability, enhanced flavor, and convenience, making it a compelling choice for vapers looking for a reliable and long-lasting vaping device. Pls Contact Mandy's WhatsApp For Discount Price+8618077105796 NOTE: Prices on our website does not include shipping costs","_links":{"self":[{"href":"https:\/\/vapebulkp.com\/hr\/wp-json\/wp\/v2\/product\/2419","targetHints":{"allow":["GET"]}}],"collection":[{"href":"https:\/\/vapebulkp.com\/hr\/wp-json\/wp\/v2\/product"}],"about":[{"href":"https:\/\/vapebulkp.com\/hr\/wp-json\/wp\/v2\/types\/product"}],"replies":[{"embeddable":true,"href":"https:\/\/vapebulkp.com\/hr\/wp-json\/wp\/v2\/comments?post=2419"}],"wp:featuredmedia":[{"embeddable":true,"href":"https:\/\/vapebulkp.com\/hr\/wp-json\/wp\/v2\/media\/2391"}],"wp:attachment":[{"href":"https:\/\/vapebulkp.com\/hr\/wp-json\/wp\/v2\/media?parent=2419"}],"wp:term":[{"taxonomy":"product_cat","embeddable":true,"href":"https:\/\/vapebulkp.com\/hr\/wp-json\/wp\/v2\/product_cat?post=2419"},{"taxonomy":"product_tag","embeddable":true,"href":"https:\/\/vapebulkp.com\/hr\/wp-json\/wp\/v2\/product_tag?post=2419"}],"curies":[{"name":"wp","href":"https:\/\/api.w.org\/{rel}","templated":true}]}}