{"id":2462,"date":"2024-05-23T09:20:53","date_gmt":"2024-05-23T07:20:53","guid":{"rendered":"https:\/\/vapebulkp.com\/?post_type=product&#038;p=2462"},"modified":"2025-09-24T05:18:50","modified_gmt":"2025-09-24T03:18:50","slug":"uzy-bang-digital-15000puffs-led-display-e-cigarettes","status":"publish","type":"product","link":"https:\/\/vapebulkp.com\/hr\/product\/uzy-bang-digital-15000puffs-led-display-e-cigarettes\/","title":{"rendered":"UZY Bang Digital 15000 Puhova LED Zaslon E-Cigarete"},"content":{"rendered":"<h2>UZY Bang Digital 15000 Puhova LED Zaslon E-Cigarete<\/h2>\n<p data-start=\"287\" data-end=\"598\">UZY Bang Digital 15000 Puhova je ure\u0111aj velikog kapaciteta <a href=\"https:\/\/vapebulkp.com\/hr\/product-category\/15000-puffs-disposable-vape\/\"><strong data-start=\"343\" data-end=\"374\">15000 Puffs jednokratni Vape<\/strong><\/a> koji sadr\u017ei LED zaslon za pra\u0107enje baterije i broja udahnutih dimova u stvarnom vremenu. Opremljen punjivom baterijom od 850 mAh i 20 ml vrhunske teku\u0107ine s nikotinskom soli, isporu\u010duje glatku, gustu paru za <strong data-start=\"563\" data-end=\"595\">dugotrajna vaping iskustva<\/strong>.<\/p>\n<p data-start=\"600\" data-end=\"965\">Birajte izme\u0111u 20 \u017eivopisnih okusa s opcijama nikotina od 2% i 5% kako biste zadovoljili svaku preferenciju. 0.8\u03a9 <strong data-start=\"707\" data-end=\"725\">mre\u017enom zavojnicom<\/strong> osigurava dosljedan okus i zadovoljavaju\u0107e povla\u010denje, \u010dine\u0107i ga vrhunskim izborom za povremene i iskusne vapere. Kompaktan i moderan, ovaj <strong data-start=\"863\" data-end=\"895\">punjivi vape<\/strong> kombinira prakti\u010dnost, performanse i moderan dizajn u jednom ure\u0111aju.<\/p>\n<p data-start=\"967\" data-end=\"1169\">Savr\u0161en za svakodnevnu upotrebu, putovanja ili veleprodaju, <strong data-start=\"1029\" data-end=\"1061\">UZY Bang Digital 15000 Puhova<\/strong> isti\u010de se kao vrhunski <strong data-start=\"1086\" data-end=\"1118\">dugotrajni jednokratni vape<\/strong> za europske vapere koji tra\u017ee kvalitetu i raznolikost.<\/p>\n<p><img decoding=\"async\" class=\"alignnone wp-image-2469\" src=\"http:\/\/vapebulkp.com\/wp-content\/uploads\/2024\/05\/UZY-Bang-Digital-15k-Puffs-Good-Price.png\" alt=\"UZY Bang Digital 15k Puhova Dobra Cijena\" width=\"587\" height=\"587\" srcset=\"https:\/\/vapebulkp.com\/wp-content\/uploads\/2024\/05\/UZY-Bang-Digital-15k-Puffs-Good-Price.png 1000w, https:\/\/vapebulkp.com\/wp-content\/uploads\/2024\/05\/UZY-Bang-Digital-15k-Puffs-Good-Price-300x300.png 300w, https:\/\/vapebulkp.com\/wp-content\/uploads\/2024\/05\/UZY-Bang-Digital-15k-Puffs-Good-Price-150x150.png 150w, https:\/\/vapebulkp.com\/wp-content\/uploads\/2024\/05\/UZY-Bang-Digital-15k-Puffs-Good-Price-768x768.png 768w, https:\/\/vapebulkp.com\/wp-content\/uploads\/2024\/05\/UZY-Bang-Digital-15k-Puffs-Good-Price-600x600.png 600w, https:\/\/vapebulkp.com\/wp-content\/uploads\/2024\/05\/UZY-Bang-Digital-15k-Puffs-Good-Price-100x100.png 100w\" sizes=\"(max-width: 587px) 100vw, 587px\" \/><\/p>\n<h6>Molimo kontaktirajte Mandy's WhatsApp za cijenu s popustom<a href=\"https:\/\/wa.me\/8618077105796\">+8618077105796<\/a><\/h6>\n<h3><img decoding=\"async\" class=\"alignnone wp-image-2151\" src=\"http:\/\/vapebulkp.com\/wp-content\/uploads\/2024\/04\/Mandy-WhatsApp-Randm.jpg\" alt=\"Mandy WhatsApp Randm\" width=\"268\" height=\"285\" srcset=\"https:\/\/vapebulkp.com\/wp-content\/uploads\/2024\/04\/Mandy-WhatsApp-Randm.jpg 916w, https:\/\/vapebulkp.com\/wp-content\/uploads\/2024\/04\/Mandy-WhatsApp-Randm-282x300.jpg 282w, https:\/\/vapebulkp.com\/wp-content\/uploads\/2024\/04\/Mandy-WhatsApp-Randm-768x817.jpg 768w, https:\/\/vapebulkp.com\/wp-content\/uploads\/2024\/04\/Mandy-WhatsApp-Randm-600x638.jpg 600w\" sizes=\"(max-width: 268px) 100vw, 268px\" \/><\/h3>\n<h2>\u010cesto postavljana pitanja o najboljem Vape UZY Bang Digital Box 15000 Puhova:<\/h2>\n<p data-start=\"189\" data-end=\"359\"><strong data-start=\"189\" data-end=\"249\">1. Koliko puhova pru\u017ea UZY Bang Digital Box?<\/strong><br data-start=\"249\" data-end=\"252\" \/>Ure\u0111aj isporu\u010duje <strong data-start=\"272\" data-end=\"288\">15.000 puhova<\/strong>, \u010dime je pogodan <strong data-start=\"302\" data-end=\"335\">jednokratni vape velikog kapaciteta<\/strong> za dugotrajnu upotrebu.<\/p>\n<p data-start=\"361\" data-end=\"508\"><strong data-start=\"361\" data-end=\"398\">2. Koliki je kapacitet e-teku\u0107ine za uzy vape 15k udisaja?<\/strong><br data-start=\"398\" data-end=\"401\" \/>Dolazi s <strong data-start=\"415\" data-end=\"457\">20 ml vrhunske e-teku\u0107ine s nikotinskom soli<\/strong>, dostupne u ja\u010dinama nikotina od 0%, 2%, 3% ili 5%.<\/p>\n<p data-start=\"510\" data-end=\"614\"><strong data-start=\"510\" data-end=\"548\">3. Koliko je okusa dostupno za UZY Bang Digital Box 15k Puffs?<\/strong><br data-start=\"548\" data-end=\"551\" \/>Birajte izme\u0111u 12<strong data-start=\"563\" data-end=\"586\">\u00a0uzbudljivih okusa<\/strong> kako biste zadovoljili svaku preferenciju.<\/p>\n<p data-start=\"616\" data-end=\"771\"><strong data-start=\"616\" data-end=\"648\">4. Koju bateriju koristi veleprodajni bang vape 15000 udisaja?<\/strong><br data-start=\"648\" data-end=\"651\" \/>Opremljen <strong data-start=\"668\" data-end=\"699\">baterija od 850 mAh koja se mo\u017ee puniti<\/strong>, ure\u0111aj osigurava dosljednu snagu tijekom va\u0161ih sesija vapinga.<\/p>\n<h3><strong><span style=\"vertical-align: inherit\">Specifikacije za vru\u0107u rasprodaju jednokratne vape UZY BANG<\/span><\/strong> Digital 15000 udisaja<strong><span style=\"vertical-align: inherit\">\uff1a<br \/>\n<\/span><\/strong><span style=\"font-size: 16px\">Nikotin: 2% , 5% Sadr\u017eaj nikotina<\/span><\/h3>\n<p>Udisaji: 15000<br \/>\nKapacitet: 20 ml<br \/>\nDostupno 12 okusa<br \/>\n850mah Punjiva<br \/>\nMre\u017easta zavojnica 0.8\u03a9, LED zaslon<\/p>\n<p>MOQ: 50 KOM<\/p>\n<h3><strong>\u00a0Jeftina cijena Vape UZY BANG <\/strong>\u00a0Digitalna kutija 15000 udisaja <strong>Popis okusa:<\/strong><\/h3>\n<p><span style=\"font-size: 16px\">1. Jagoda lubenica<\/span><\/p>\n<p>2. Borovnica na ledu<br \/>\n3. Breskva mango ananas<br \/>\n4.Gro\u017e\u0111e s mentom<br \/>\n5. Lubenica led<br \/>\n6. Breskva led<br \/>\n7.Jagoda Kivi<br \/>\n8.Borovnica Malina<br \/>\n9.Kivi Marakuja<br \/>\n10.MR Plavi<br \/>\n11.Trostruki Mango led<br \/>\n12.Crveni Energetski led<\/p>\n<p>&nbsp;<\/p>\n<p><a href=\"https:\/\/vapebulkp.com\/hr\/product\/popular-randm-tornado-7000puffs-disposable-vape-best-price\/\"><span style=\"vertical-align: inherit\">RandM Tornado 7000 Udisaja <\/span><\/a><\/p>\n<p><span style=\"vertical-align: inherit\">Prona\u0111ite vi\u0161e proizvoda koji bi vam se mogli svidjeti:<\/span><em><a href=\"https:\/\/wa.me\/8618077105796\"><span style=\"vertical-align: inherit\">\u00a0Kupite sada<\/span><\/a><\/em><\/p>\n<p><span style=\"vertical-align: inherit\">Ostali Puffs koji bi vam se mogli svidjeti:<\/span><a href=\"https:\/\/vapebulkp.com\/sv\/product\/fluumbox-digital-box-15k-puffs-rechargeable-vape-geek-bar\/\"><span style=\"vertical-align: inherit\">FLUUMBOX Digitalna kutija 15000 Puhova<\/span><\/a><span style=\"vertical-align: inherit\">\u3001<\/span><a href=\"https:\/\/vapebulkp.com\/hr\/product\/top-sale-waspe-12000puffs-disposable-vape-wholesale-france\/\"><span style=\"vertical-align: inherit\">UTCO Digitalna kutija 12000 Puhova<\/span><\/a><span style=\"vertical-align: inherit\">\/ <\/span><a href=\"https:\/\/vapebulkp.com\/hr\/product\/wholesale-randm-tornado-9000-puffs-germany\/\"><span style=\"vertical-align: inherit\">RandM Tornado 9000 Puhova<\/span><\/a><span style=\"vertical-align: inherit\">\/ <\/span><a href=\"https:\/\/vapebulkp.com\/hr\/product\/vapme-crystal-7000-puffs-original-vape-good-flavor\/\"><span style=\"vertical-align: inherit\">Crystal 7000 Puhova<\/span><\/a><\/p>\n<p><span style=\"vertical-align: inherit\">E-cigareta posebnog oblika boce:<\/span><a href=\"https:\/\/vapebulkp.com\/hr\/product\/good-sale-randm-tornado-10000-puffs-plus\/\"><span style=\"vertical-align: inherit\">RandM Tornado 10000 Puhova Plus <\/span><\/a><span style=\"vertical-align: inherit\">\/<a href=\"https:\/\/vapebulkp.com\/sv\/product\/wholesale-price-randm-15k-waspe-15000-puffs-best-vape\/\"> Randm Tornado 15000 Puhova<\/a><\/span><\/p>\n<h4>Kvalifikacija proizvodnje:<\/h4>\n<p><img decoding=\"async\" class=\"alignnone wp-image-1842\" src=\"http:\/\/vapebulkp.com\/wp-content\/uploads\/2023\/11\/Vape-production-process-2.jpg\" alt=\"Proces proizvodnje vape ure\u0111aja\" width=\"671\" height=\"301\" srcset=\"https:\/\/vapebulkp.com\/wp-content\/uploads\/2023\/11\/Vape-production-process-2.jpg 800w, https:\/\/vapebulkp.com\/wp-content\/uploads\/2023\/11\/Vape-production-process-2-300x135.jpg 300w, https:\/\/vapebulkp.com\/wp-content\/uploads\/2023\/11\/Vape-production-process-2-768x345.jpg 768w, https:\/\/vapebulkp.com\/wp-content\/uploads\/2023\/11\/Vape-production-process-2-600x269.jpg 600w\" sizes=\"(max-width: 671px) 100vw, 671px\" \/><\/p>\n<p><img decoding=\"async\" class=\"alignnone wp-image-1843\" src=\"http:\/\/vapebulkp.com\/wp-content\/uploads\/2023\/11\/Vape-production-process.jpeg\" alt=\"Proces proizvodnje vape ure\u0111aja\" width=\"671\" height=\"1074\" srcset=\"https:\/\/vapebulkp.com\/wp-content\/uploads\/2023\/11\/Vape-production-process.jpeg 641w, https:\/\/vapebulkp.com\/wp-content\/uploads\/2023\/11\/Vape-production-process-187x300.jpeg 187w, https:\/\/vapebulkp.com\/wp-content\/uploads\/2023\/11\/Vape-production-process-640x1024.jpeg 640w, https:\/\/vapebulkp.com\/wp-content\/uploads\/2023\/11\/Vape-production-process-600x960.jpeg 600w\" sizes=\"(max-width: 671px) 100vw, 671px\" \/><\/p>\n<p>&nbsp;<\/p>\n<h4>Detalji dostave:<\/h4>\n<p><span style=\"color: #ff6600\">Vrijeme proizvodnje: 5-10 radnih dana<\/span><br \/>\n<span style=\"color: #ff6600\">Vrijeme isporuke: 8-14 radnih dana<\/span><\/p>\n<p>Svi proizvodi u na\u0161oj trgovini su 100% originalni i autenti\u010dni, stoga je desetostruka naknada za la\u017enu robu na\u0161a politika trgovine. Za dostavu koristimo logisti\u010dke kanale kao \u0161to su UPS\/DHL\/FEDEX\/DPD.<\/p>\n<p>Za pakete poslane u Hrvatsku obi\u010dno je potrebno 10 radnih dana da stignu. Dostava u europske zemlje obi\u010dno traje 12 do 15 radnih dana da stigne. Logisti\u010dke informacije \u0107emo a\u017eurirati za vas u stvarnom vremenu.<\/p>","protected":false},"excerpt":{"rendered":"<p>UZY BANG Digital Box 15000 Puhova Vru\u0107a Rasprodaja Ovaj Tjedan<\/p>\n<p>BANG Digital Box 15k Puhova Original Vape UZY Digital Vape<\/p>\n<p><img decoding=\"async\" class=\"alignnone wp-image-2151\" src=\"http:\/\/vapebulkp.com\/wp-content\/uploads\/2024\/04\/Mandy-WhatsApp-Randm.jpg\" alt=\"Mandy WhatsApp Randm\" width=\"247\" height=\"263\" srcset=\"https:\/\/vapebulkp.com\/wp-content\/uploads\/2024\/04\/Mandy-WhatsApp-Randm.jpg 916w, https:\/\/vapebulkp.com\/wp-content\/uploads\/2024\/04\/Mandy-WhatsApp-Randm-282x300.jpg 282w, https:\/\/vapebulkp.com\/wp-content\/uploads\/2024\/04\/Mandy-WhatsApp-Randm-768x817.jpg 768w, https:\/\/vapebulkp.com\/wp-content\/uploads\/2024\/04\/Mandy-WhatsApp-Randm-600x638.jpg 600w\" sizes=\"(max-width: 247px) 100vw, 247px\" \/><\/p>\n<p>Molimo kontaktirajte Mandy's WhatsApp za cijenu s popustom<a href=\"https:\/\/wa.me\/8618077105796\">+8618077105796<\/a><\/p>\n<p><span style=\"color: #ff0000\">NAPOMENA: Cijene na na\u0161oj web stranici ne uklju\u010duju tro\u0161kove dostave<\/span><\/p>","protected":false},"featured_media":2469,"comment_status":"open","ping_status":"closed","template":"","meta":{"_uag_custom_page_level_css":"","_lmt_disableupdate":"no","_lmt_disable":"","site-sidebar-layout":"default","site-content-layout":"content-boxed-container","ast-site-content-layout":"normal-width-container","site-content-style":"boxed","site-sidebar-style":"unboxed","ast-global-header-display":"","ast-banner-title-visibility":"","ast-main-header-display":"","ast-hfb-above-header-display":"","ast-hfb-below-header-display":"","ast-hfb-mobile-header-display":"","site-post-title":"","ast-breadcrumbs-content":"","ast-featured-img":"","footer-sml-layout":"","theme-transparent-header-meta":"default","adv-header-id-meta":"","stick-header-meta":"","header-above-stick-meta":"","header-main-stick-meta":"","header-below-stick-meta":"","astra-migrate-meta-layouts":"set","_joinchat":[]},"product_cat":[165,153,155,33,59,100,87,34,158,157,154,152,58,84,156,63,361,32],"product_tag":[77,36,37,41,73,40],"class_list":["post-2462","product","type-product","status-publish","has-post-thumbnail","hentry","product_cat-15000-puffs-disposable-vape","product_cat-hot-disposable-vapes","product_cat-belgium-hot-disposable-vapes","product_cat-france-vape-hot-sale","product_cat-germany-hot-disposable-vape","product_cat-germany-wholesale-vape-shop","product_cat-minimum-order-quantity-50pcs","product_cat-netherlands-vape-good-sale","product_cat-norway-hot-disposable-vapes","product_cat-poland-hot-disposable-vapes","product_cat-portugal-hot-disposable-vapes","product_cat-spain-hot-disposable-vapes","product_cat-sweden-hot-disposable-vape","product_cat-sweden-wholesale-vape","product_cat-switzerland-hot-disposable-vapes","product_cat-top-sale-disposable-vape","product_cat-uzy-vapes","product_cat-vape-hot-sale-this-week","product_tag-15000-puffs","product_tag-good-vape","product_tag-hot-sale-disposable-vape","product_tag-poland-hot-vape","product_tag-randm-10000puffs-vape","product_tag-sweden-hot-vape","pa_brand-uzy-vape","desktop-align-left","tablet-align-left","mobile-align-left"],"yoast_head":"<!-- This site is optimized with the Yoast SEO plugin v21.1 - https:\/\/yoast.com\/wordpress\/plugins\/seo\/ -->\n<title>UZY Bang Digital 15000Puffs LED Display E-Cigarettes - vapebulkp.com<\/title>\n<meta name=\"description\" content=\"UZY BANG Digital Box 15000 Puffs Wholesale Vape, blending convenience and rich flavor for an exceptional vaping experience. Available in both 2% and 5% nicotine options, it allows you to select the strength that suits your preference.\" \/>\n<meta name=\"robots\" content=\"index, follow, max-snippet:-1, max-image-preview:large, max-video-preview:-1\" \/>\n<link rel=\"canonical\" href=\"https:\/\/vapebulkp.com\/hr\/product\/uzy-bang-digital-15000puffs-led-display-e-cigarettes\/\" \/>\n<meta property=\"og:locale\" content=\"hr_HR\" \/>\n<meta property=\"og:type\" content=\"article\" \/>\n<meta property=\"og:title\" content=\"UZY Bang Digital 15000Puffs LED Display E-Cigarettes - vapebulkp.com\" \/>\n<meta property=\"og:description\" content=\"UZY BANG Digital Box 15000 Puffs Wholesale Vape, blending convenience and rich flavor for an exceptional vaping experience. Available in both 2% and 5% nicotine options, it allows you to select the strength that suits your preference.\" \/>\n<meta property=\"og:url\" content=\"https:\/\/vapebulkp.com\/hr\/product\/uzy-bang-digital-15000puffs-led-display-e-cigarettes\/\" \/>\n<meta property=\"og:site_name\" content=\"vapebulkp.com\" \/>\n<meta property=\"article:modified_time\" content=\"2025-09-24T03:18:50+00:00\" \/>\n<meta property=\"og:image\" content=\"http:\/\/vapebulkp.com\/wp-content\/uploads\/2024\/05\/UZY-Bang-Digital-15k-Puffs-Good-Price.png\" \/>\n\t<meta property=\"og:image:width\" content=\"1000\" \/>\n\t<meta property=\"og:image:height\" content=\"1000\" \/>\n\t<meta property=\"og:image:type\" content=\"image\/png\" \/>\n<meta name=\"twitter:card\" content=\"summary_large_image\" \/>\n<meta name=\"twitter:label1\" content=\"Procijenjeno vrijeme \u010ditanja\" \/>\n\t<meta name=\"twitter:data1\" content=\"3 minute\" \/>\n<script type=\"application\/ld+json\" class=\"yoast-schema-graph\">{\"@context\":\"https:\/\/schema.org\",\"@graph\":[{\"@type\":\"WebPage\",\"@id\":\"https:\/\/vapebulkp.com\/product\/uzy-bang-digital-15000puffs-led-display-e-cigarettes\/\",\"url\":\"https:\/\/vapebulkp.com\/product\/uzy-bang-digital-15000puffs-led-display-e-cigarettes\/\",\"name\":\"UZY Bang Digital 15000Puffs LED Display E-Cigarettes - vapebulkp.com\",\"isPartOf\":{\"@id\":\"https:\/\/vapebulkp.com\/#website\"},\"datePublished\":\"2024-05-23T07:20:53+00:00\",\"dateModified\":\"2025-09-24T03:18:50+00:00\",\"description\":\"UZY BANG Digital Box 15000 Puffs Wholesale Vape, blending convenience and rich flavor for an exceptional vaping experience. Available in both 2% and 5% nicotine options, it allows you to select the strength that suits your preference.\",\"breadcrumb\":{\"@id\":\"https:\/\/vapebulkp.com\/product\/uzy-bang-digital-15000puffs-led-display-e-cigarettes\/#breadcrumb\"},\"inLanguage\":\"hr\",\"potentialAction\":[{\"@type\":\"ReadAction\",\"target\":[\"https:\/\/vapebulkp.com\/product\/uzy-bang-digital-15000puffs-led-display-e-cigarettes\/\"]}]},{\"@type\":\"BreadcrumbList\",\"@id\":\"https:\/\/vapebulkp.com\/product\/uzy-bang-digital-15000puffs-led-display-e-cigarettes\/#breadcrumb\",\"itemListElement\":[{\"@type\":\"ListItem\",\"position\":1,\"name\":\"Home\",\"item\":\"https:\/\/vapebulkp.com\/\"},{\"@type\":\"ListItem\",\"position\":2,\"name\":\"Hot Trend Vapes\",\"item\":\"https:\/\/vapebulkp.com\/vape-shop\/\"},{\"@type\":\"ListItem\",\"position\":3,\"name\":\"UZY Bang Digital 15000Puffs LED Display E-Cigarettes\"}]},{\"@type\":\"WebSite\",\"@id\":\"https:\/\/vapebulkp.com\/#website\",\"url\":\"https:\/\/vapebulkp.com\/\",\"name\":\"vapebulkp.com\",\"description\":\"Buy Vape In Cheap Bulk Price Near you\",\"publisher\":{\"@id\":\"https:\/\/vapebulkp.com\/#organization\"},\"potentialAction\":[{\"@type\":\"SearchAction\",\"target\":{\"@type\":\"EntryPoint\",\"urlTemplate\":\"https:\/\/vapebulkp.com\/?s={search_term_string}\"},\"query-input\":\"required name=search_term_string\"}],\"inLanguage\":\"hr\"},{\"@type\":\"Organization\",\"@id\":\"https:\/\/vapebulkp.com\/#organization\",\"name\":\"vapebulkp.com\",\"url\":\"https:\/\/vapebulkp.com\/\",\"logo\":{\"@type\":\"ImageObject\",\"inLanguage\":\"hr\",\"@id\":\"https:\/\/vapebulkp.com\/#\/schema\/logo\/image\/\",\"url\":\"https:\/\/vapebulkp.com\/wp-content\/uploads\/2023\/09\/cropped-vapebulkp.png\",\"contentUrl\":\"https:\/\/vapebulkp.com\/wp-content\/uploads\/2023\/09\/cropped-vapebulkp.png\",\"width\":516,\"height\":163,\"caption\":\"vapebulkp.com\"},\"image\":{\"@id\":\"https:\/\/vapebulkp.com\/#\/schema\/logo\/image\/\"}}]}<\/script>\n<!-- \/ Yoast SEO plugin. -->","yoast_head_json":{"title":"UZY Bang Digital 15000Puffs LED Display E-Cigarettes - vapebulkp.com","description":"UZY BANG Digital Box 15000 Puffs Wholesale Vape, blending convenience and rich flavor for an exceptional vaping experience. Available in both 2% and 5% nicotine options, it allows you to select the strength that suits your preference.","robots":{"index":"index","follow":"follow","max-snippet":"max-snippet:-1","max-image-preview":"max-image-preview:large","max-video-preview":"max-video-preview:-1"},"canonical":"https:\/\/vapebulkp.com\/hr\/product\/uzy-bang-digital-15000puffs-led-display-e-cigarettes\/","og_locale":"hr_HR","og_type":"article","og_title":"UZY Bang Digital 15000Puffs LED Display E-Cigarettes - vapebulkp.com","og_description":"UZY BANG Digital Box 15000 Puffs Wholesale Vape, blending convenience and rich flavor for an exceptional vaping experience. Available in both 2% and 5% nicotine options, it allows you to select the strength that suits your preference.","og_url":"https:\/\/vapebulkp.com\/hr\/product\/uzy-bang-digital-15000puffs-led-display-e-cigarettes\/","og_site_name":"vapebulkp.com","article_modified_time":"2025-09-24T03:18:50+00:00","og_image":[{"width":1000,"height":1000,"url":"http:\/\/vapebulkp.com\/wp-content\/uploads\/2024\/05\/UZY-Bang-Digital-15k-Puffs-Good-Price.png","type":"image\/png"}],"twitter_card":"summary_large_image","twitter_misc":{"Procijenjeno vrijeme \u010ditanja":"3 minute"},"schema":{"@context":"https:\/\/schema.org","@graph":[{"@type":"WebPage","@id":"https:\/\/vapebulkp.com\/product\/uzy-bang-digital-15000puffs-led-display-e-cigarettes\/","url":"https:\/\/vapebulkp.com\/product\/uzy-bang-digital-15000puffs-led-display-e-cigarettes\/","name":"UZY Bang Digital 15000Puffs LED Display E-Cigarettes - vapebulkp.com","isPartOf":{"@id":"https:\/\/vapebulkp.com\/#website"},"datePublished":"2024-05-23T07:20:53+00:00","dateModified":"2025-09-24T03:18:50+00:00","description":"UZY BANG Digital Box 15000 Puffs Wholesale Vape, blending convenience and rich flavor for an exceptional vaping experience. Available in both 2% and 5% nicotine options, it allows you to select the strength that suits your preference.","breadcrumb":{"@id":"https:\/\/vapebulkp.com\/product\/uzy-bang-digital-15000puffs-led-display-e-cigarettes\/#breadcrumb"},"inLanguage":"hr","potentialAction":[{"@type":"ReadAction","target":["https:\/\/vapebulkp.com\/product\/uzy-bang-digital-15000puffs-led-display-e-cigarettes\/"]}]},{"@type":"BreadcrumbList","@id":"https:\/\/vapebulkp.com\/product\/uzy-bang-digital-15000puffs-led-display-e-cigarettes\/#breadcrumb","itemListElement":[{"@type":"ListItem","position":1,"name":"Home","item":"https:\/\/vapebulkp.com\/"},{"@type":"ListItem","position":2,"name":"Hot Trend Vapes","item":"https:\/\/vapebulkp.com\/vape-shop\/"},{"@type":"ListItem","position":3,"name":"UZY Bang Digital 15000Puffs LED Display E-Cigarettes"}]},{"@type":"WebSite","@id":"https:\/\/vapebulkp.com\/#website","url":"https:\/\/vapebulkp.com\/","name":"vapebulkp.com","description":"Buy Vape In Cheap Bulk Price Near you","publisher":{"@id":"https:\/\/vapebulkp.com\/#organization"},"potentialAction":[{"@type":"SearchAction","target":{"@type":"EntryPoint","urlTemplate":"https:\/\/vapebulkp.com\/?s={search_term_string}"},"query-input":"required name=search_term_string"}],"inLanguage":"hr"},{"@type":"Organization","@id":"https:\/\/vapebulkp.com\/#organization","name":"vapebulkp.com","url":"https:\/\/vapebulkp.com\/","logo":{"@type":"ImageObject","inLanguage":"hr","@id":"https:\/\/vapebulkp.com\/#\/schema\/logo\/image\/","url":"https:\/\/vapebulkp.com\/wp-content\/uploads\/2023\/09\/cropped-vapebulkp.png","contentUrl":"https:\/\/vapebulkp.com\/wp-content\/uploads\/2023\/09\/cropped-vapebulkp.png","width":516,"height":163,"caption":"vapebulkp.com"},"image":{"@id":"https:\/\/vapebulkp.com\/#\/schema\/logo\/image\/"}}]}},"uagb_featured_image_src":{"full":["https:\/\/vapebulkp.com\/wp-content\/uploads\/2024\/05\/UZY-Bang-Digital-15k-Puffs-Good-Price.png",1000,1000,false],"thumbnail":["https:\/\/vapebulkp.com\/wp-content\/uploads\/2024\/05\/UZY-Bang-Digital-15k-Puffs-Good-Price-150x150.png",150,150,true],"medium":["https:\/\/vapebulkp.com\/wp-content\/uploads\/2024\/05\/UZY-Bang-Digital-15k-Puffs-Good-Price-300x300.png",300,300,true],"medium_large":["https:\/\/vapebulkp.com\/wp-content\/uploads\/2024\/05\/UZY-Bang-Digital-15k-Puffs-Good-Price-768x768.png",768,768,true],"large":["https:\/\/vapebulkp.com\/wp-content\/uploads\/2024\/05\/UZY-Bang-Digital-15k-Puffs-Good-Price.png",1000,1000,false],"1536x1536":["https:\/\/vapebulkp.com\/wp-content\/uploads\/2024\/05\/UZY-Bang-Digital-15k-Puffs-Good-Price.png",1000,1000,false],"2048x2048":["https:\/\/vapebulkp.com\/wp-content\/uploads\/2024\/05\/UZY-Bang-Digital-15k-Puffs-Good-Price.png",1000,1000,false],"trp-custom-language-flag":["https:\/\/vapebulkp.com\/wp-content\/uploads\/2024\/05\/UZY-Bang-Digital-15k-Puffs-Good-Price.png",12,12,false],"woocommerce_thumbnail":["https:\/\/vapebulkp.com\/wp-content\/uploads\/2024\/05\/UZY-Bang-Digital-15k-Puffs-Good-Price-300x300.png",300,300,true],"woocommerce_single":["https:\/\/vapebulkp.com\/wp-content\/uploads\/2024\/05\/UZY-Bang-Digital-15k-Puffs-Good-Price-600x600.png",600,600,true],"woocommerce_gallery_thumbnail":["https:\/\/vapebulkp.com\/wp-content\/uploads\/2024\/05\/UZY-Bang-Digital-15k-Puffs-Good-Price-100x100.png",100,100,true],"wcpr-photo-reviews":["https:\/\/vapebulkp.com\/wp-content\/uploads\/2024\/05\/UZY-Bang-Digital-15k-Puffs-Good-Price.png",500,500,false]},"uagb_author_info":{"display_name":"Mandy vape bulk price","author_link":"https:\/\/vapebulkp.com\/hr\/author\/"},"uagb_comment_info":3,"uagb_excerpt":"UZY BANG Digital Box 15000Puffs Hot Sale this Week BANG Digital Box 15k Puffs Original Vape UZY Digital Vape Pls Contact Mandy's WhatsApp For Discount Price+8618077105796 NOTE: Prices on our website does not include shipping costs","_links":{"self":[{"href":"https:\/\/vapebulkp.com\/hr\/wp-json\/wp\/v2\/product\/2462","targetHints":{"allow":["GET"]}}],"collection":[{"href":"https:\/\/vapebulkp.com\/hr\/wp-json\/wp\/v2\/product"}],"about":[{"href":"https:\/\/vapebulkp.com\/hr\/wp-json\/wp\/v2\/types\/product"}],"replies":[{"embeddable":true,"href":"https:\/\/vapebulkp.com\/hr\/wp-json\/wp\/v2\/comments?post=2462"}],"wp:featuredmedia":[{"embeddable":true,"href":"https:\/\/vapebulkp.com\/hr\/wp-json\/wp\/v2\/media\/2469"}],"wp:attachment":[{"href":"https:\/\/vapebulkp.com\/hr\/wp-json\/wp\/v2\/media?parent=2462"}],"wp:term":[{"taxonomy":"product_cat","embeddable":true,"href":"https:\/\/vapebulkp.com\/hr\/wp-json\/wp\/v2\/product_cat?post=2462"},{"taxonomy":"product_tag","embeddable":true,"href":"https:\/\/vapebulkp.com\/hr\/wp-json\/wp\/v2\/product_tag?post=2462"}],"curies":[{"name":"wp","href":"https:\/\/api.w.org\/{rel}","templated":true}]}}