{"id":2472,"date":"2024-05-24T05:42:59","date_gmt":"2024-05-24T03:42:59","guid":{"rendered":"https:\/\/vapebulkp.com\/?post_type=product&#038;p=2472"},"modified":"2025-09-16T11:29:55","modified_gmt":"2025-09-16T09:29:55","slug":"uzy-qute-800-puffs-original-disposable-vape","status":"publish","type":"product","link":"https:\/\/vapebulkp.com\/hr\/product\/uzy-qute-800-puffs-original-disposable-vape\/","title":{"rendered":"UZY QUTE 800 Puffs Original jednokratni vape"},"content":{"rendered":"<h2>UZY QUTE 800 Puffs Original jednokratni vape<\/h2>\n<p data-start=\"359\" data-end=\"606\">O <strong>UZY QUTE<a href=\"https:\/\/vapebulkp.com\/hr\/product-category\/800-puffs-disposable-vape\/\"> Jednokratna e-cigareta s 800 udisaja<\/a><\/strong> je dizajnirana za vapere koji \u017eele jednostavnost i pouzdane performanse u kompaktnom formatu. Svaki ure\u0111aj pru\u017ea do 800 udisaja iz 3 ml unaprijed napunjenog spremnika, \u0161to ga \u010dini prakti\u010dnim izborom za svakodnevnu upotrebu.<\/p>\n<p data-start=\"608\" data-end=\"866\">Pokretana baterijom od 550 mAh, ova e-cigareta s 800 udisaja <strong data-start=\"642\" data-end=\"681\">punjiva jednokratna e-cigareta<\/strong> kombinira prakti\u010dnost s dugotrajnom pouzdano\u0161\u0107u. Ugra\u0111eni <strong data-start=\"747\" data-end=\"772\">vape ure\u0111aj s mre\u017eastom zavojnicom<\/strong> osigurava dosljednu proizvodnju pare, bogat okus i gladak osje\u0107aj u grlu pri svakom udisaju.<\/p>\n<p data-start=\"868\" data-end=\"1181\">Dostupan u ja\u010dinama nikotina od 2% i 5%, UZY QUTE funkcionira kao svestrana <strong data-start=\"957\" data-end=\"990\">jednokratna e-cigareta s nikotinskom soli<\/strong>, nude\u0107i 10 opcija okusa prilago\u0111enih europskim preferencijama. Njegovo tanko, lagano ku\u0107i\u0161te \u010dini ga idealnim <strong data-start=\"1106\" data-end=\"1140\">kompaktnim vapeom za hrvatsko tr\u017ei\u0161te<\/strong>, lako stane u d\u017eepove i torbe. Pouzdan od strane preprodava\u010da i kupaca na veliko, UZY QUTE se isti\u010de kao isplativ izbor za <strong data-start=\"1272\" data-end=\"1304\">veleprodaju jednokratnih vapeova u Hrvatskoj<\/strong> distribuciju.<\/p>\n<p><img decoding=\"async\" class=\"alignnone wp-image-2456\" src=\"http:\/\/vapebulkp.com\/wp-content\/uploads\/2024\/05\/UZY-QUTE-800-Puff-Disposable-Vape-Hot-Vape.png\" alt=\"UZY QUTE 800 Puff jednokratni vape - Popularni vape\" width=\"544\" height=\"1181\" \/><\/p>\n<h3 data-start=\"340\" data-end=\"409\">Za\u0161to kupiti UZY QUTE 800 Puffs jednokratni vape bar na Vapebulkp.com?<\/h3>\n<p data-start=\"411\" data-end=\"808\">Na Vapebulkp.com, <strong data-start=\"433\" data-end=\"475\">UZY QUTE 800 Puffs jednokratna e-cigareta<\/strong> je jedna od najpouzdanijih opcija za europsko tr\u017ei\u0161te vapinga. Svaki ure\u0111aj nudi do 800 udisaja, pokre\u0107e ga baterija od 550mAh i ima <strong data-start=\"624\" data-end=\"649\">vape ure\u0111aj s mre\u017eastom zavojnicom<\/strong> za glatku isporuku okusa. Za razliku od standardnih jednokratnih, ovaj <strong data-start=\"712\" data-end=\"751\">punjiva jednokratna e-cigareta<\/strong> daje korisnicima produ\u017eenu upotrebu i dosljedne performanse.<\/p>\n<p data-start=\"810\" data-end=\"1043\">Sa <strong data-start=\"815\" data-end=\"848\">jednokratna e-cigareta s nikotinskom soli<\/strong> opcije od 0% do 5%, te 10 odabira okusa, UZY QUTE je prilago\u0111en i povremenim i redovitim vaperima. Njegov d\u017eepni dizajn \u010dini ga savr\u0161enim <strong data-start=\"1006\" data-end=\"1040\">kompaktnim vapeom za hrvatsko tr\u017ei\u0161te<\/strong>.<\/p>\n<p data-start=\"1045\" data-end=\"1287\">Za trgovce i distributere, Vapebulkp nudi <strong data-start=\"1096\" data-end=\"1128\">veleprodajne vape <\/strong>\u00a0cijene s brzom i pouzdanom dostavom diljem Hrvatske i drugih zemalja EU-a\u2014osiguravaju\u0107i visoke profitne mar\u017ee i zadovoljstvo kupaca.<\/p>\n<h6>Molimo kontaktirajte Mandy's WhatsApp za cijenu s popustom<a href=\"https:\/\/wa.me\/8618077105796\">+8618077105796<\/a><\/h6>\n<h3><img decoding=\"async\" class=\"alignnone wp-image-2151\" src=\"http:\/\/vapebulkp.com\/wp-content\/uploads\/2024\/04\/Mandy-WhatsApp-Randm.jpg\" alt=\"Mandy WhatsApp Randm\" width=\"260\" height=\"277\" srcset=\"https:\/\/vapebulkp.com\/wp-content\/uploads\/2024\/04\/Mandy-WhatsApp-Randm.jpg 916w, https:\/\/vapebulkp.com\/wp-content\/uploads\/2024\/04\/Mandy-WhatsApp-Randm-282x300.jpg 282w, https:\/\/vapebulkp.com\/wp-content\/uploads\/2024\/04\/Mandy-WhatsApp-Randm-768x817.jpg 768w, https:\/\/vapebulkp.com\/wp-content\/uploads\/2024\/04\/Mandy-WhatsApp-Randm-600x638.jpg 600w\" sizes=\"(max-width: 260px) 100vw, 260px\" \/><\/h3>\n<p>&nbsp;<\/p>\n<h3><strong style=\"font-size: 1.3em\"><span style=\"vertical-align: inherit\">Specifikacije za UZY QUTE 8<\/span><\/strong><span style=\"font-size: 1.3em;font-weight: bold\">Vape olovka za 00 udisaja<\/span><strong style=\"font-size: 1.3em\"><span style=\"vertical-align: inherit\">\uff1a<\/span><\/strong><\/h3>\n<blockquote><p>0% 2% 3% 5% Nikotin<br \/>\n\u2611 Udisaji: 800<br \/>\n\u2611 Kapacitet: 3ml<br \/>\n\u2611 Dostupno 10 okusa<br \/>\n\u2611 550mAh punjiva baterija<br \/>\n\u2611 Mre\u017easta zavojnica 1,2 \u03a9, LED svjetlo u boji<\/p><\/blockquote>\n<h3><strong>\u00a0Najprodavanija cijena Vape UZY QUTE<\/strong> 800 udisaja <strong>Popis okusa:<\/strong><\/h3>\n<blockquote><p>1. Kivi i marakuja<br \/>\n2. Plava malina i led<br \/>\n3. Lubenica i led<br \/>\n4.Limun i menta<br \/>\n5.Trostruki mango<br \/>\n6.Mije\u0161ano bobi\u010dasto vo\u0107e<br \/>\n7.Ledeni gro\u017e\u0111e<br \/>\n8.Ledena jagoda<br \/>\n9.Ledena kola<br \/>\n10.Ledeni Redbull<\/p><\/blockquote>\n<p>&nbsp;<\/p>\n<p><a href=\"https:\/\/vapebulkp.com\/hr\/product\/popular-randm-tornado-7000puffs-disposable-vape-best-price\/\"><span style=\"vertical-align: inherit\">RandM Tornado 7000 Udisaja <\/span><\/a><\/p>\n<p><span style=\"vertical-align: inherit\">Prona\u0111ite vi\u0161e proizvoda koji bi vam se mogli svidjeti:<\/span><em><a href=\"https:\/\/wa.me\/8618077105796\"><span style=\"vertical-align: inherit\">\u00a0Kupite sada<\/span><\/a><\/em><\/p>\n<p><span style=\"vertical-align: inherit\">Ostali Puffs koji bi vam se mogli svidjeti:<\/span><a href=\"https:\/\/vapebulkp.com\/sv\/product\/fluumbox-digital-box-15k-puffs-rechargeable-vape-geek-bar\/\"><span style=\"vertical-align: inherit\">FLUUMBOX Digitalna kutija 15000 Puhova<\/span><\/a><span style=\"vertical-align: inherit\">\u3001<\/span><a href=\"https:\/\/vapebulkp.com\/hr\/product\/good-vape-waspe-digital-box-12000-puffs-fumot-box-12k-puffs-wholeslae-price\/\"><span style=\"vertical-align: inherit\">WASPE Digital Box 12000 Udisaja<\/span><\/a><span style=\"vertical-align: inherit\">\/ <\/span><a href=\"https:\/\/vapebulkp.com\/hr\/product\/wholesale-randm-tornado-9000-puffs-germany\/\"><span style=\"vertical-align: inherit\">RandM Tornado 9000 Puhova<\/span><\/a><span style=\"vertical-align: inherit\">\/ <\/span><a href=\"https:\/\/vapebulkp.com\/hr\/product\/discount-price-bang-shisha-15k-puffs-jnr-shisha-disposable-vape\/\"><span style=\"vertical-align: inherit\">Bang shisha JNR SHISHA 15000 udisaja <\/span><\/a><\/p>\n<p><span style=\"vertical-align: inherit\">E-cigareta posebnog oblika boce:<\/span><a href=\"https:\/\/vapebulkp.com\/hr\/product\/good-sale-randm-tornado-10000-puffs-plus\/\"><span style=\"vertical-align: inherit\">RandM Tornado 10000 Puhova Plus <\/span><\/a><span style=\"vertical-align: inherit\">\/<a href=\"https:\/\/vapebulkp.com\/sv\/product\/wholesale-price-randm-15k-waspe-15000-puffs-best-vape\/\"> Randm Tornado 15000 Puhova<\/a><\/span><\/p>\n<h4>Kvalifikacija proizvodnje:<\/h4>\n<p><img decoding=\"async\" class=\"alignnone wp-image-1842\" src=\"http:\/\/vapebulkp.com\/wp-content\/uploads\/2023\/11\/Vape-production-process-2.jpg\" alt=\"Proces proizvodnje vape ure\u0111aja\" width=\"671\" height=\"301\" srcset=\"https:\/\/vapebulkp.com\/wp-content\/uploads\/2023\/11\/Vape-production-process-2.jpg 800w, https:\/\/vapebulkp.com\/wp-content\/uploads\/2023\/11\/Vape-production-process-2-300x135.jpg 300w, https:\/\/vapebulkp.com\/wp-content\/uploads\/2023\/11\/Vape-production-process-2-768x345.jpg 768w, https:\/\/vapebulkp.com\/wp-content\/uploads\/2023\/11\/Vape-production-process-2-600x269.jpg 600w\" sizes=\"(max-width: 671px) 100vw, 671px\" \/><\/p>\n<p><img decoding=\"async\" class=\"alignnone wp-image-1843\" src=\"http:\/\/vapebulkp.com\/wp-content\/uploads\/2023\/11\/Vape-production-process.jpeg\" alt=\"Proces proizvodnje vape ure\u0111aja\" width=\"671\" height=\"1074\" srcset=\"https:\/\/vapebulkp.com\/wp-content\/uploads\/2023\/11\/Vape-production-process.jpeg 641w, https:\/\/vapebulkp.com\/wp-content\/uploads\/2023\/11\/Vape-production-process-187x300.jpeg 187w, https:\/\/vapebulkp.com\/wp-content\/uploads\/2023\/11\/Vape-production-process-640x1024.jpeg 640w, https:\/\/vapebulkp.com\/wp-content\/uploads\/2023\/11\/Vape-production-process-600x960.jpeg 600w\" sizes=\"(max-width: 671px) 100vw, 671px\" \/><\/p>\n<h4>\u010cesta pitanja:<\/h4>\n<p>P: Koji je MOQ za najbolji jednokratni vape UZY QUTE 800 Udisaja?<br \/>\nO: Minimalna narud\u017eba je 100 komada.<br \/>\nP: Koje je vrijeme isporuke za vape koji sam naru\u010dio?<br \/>\nO: Obi\u010dno je 10-15 dana nakon slanja<br \/>\nP: Koliko ko\u0161ta dostava?<\/p>\n<p>O: Tro\u0161ak dostave ovisi o te\u017eini. Razli\u010dite koli\u010dine imaju razli\u010dite tro\u0161kove dostave, molimo kontaktirajte nas kako bismo potvrdili tro\u0161ak dostave.<\/p>\n<p>&nbsp;<\/p>\n<h4>Detalji dostave:<\/h4>\n<p><span style=\"color: #ff6600\">Vrijeme proizvodnje: 5-10 radnih dana<\/span><br \/>\n<span style=\"color: #ff6600\">Vrijeme isporuke: 8-14 radnih dana<\/span><\/p>\n<p>Svi proizvodi u na\u0161oj trgovini su 100% originalni i autenti\u010dni, stoga je desetostruka naknada za la\u017enu robu na\u0161a politika trgovine. Za dostavu koristimo logisti\u010dke kanale kao \u0161to su UPS\/DHL\/FEDEX\/DPD.<\/p>\n<p>Za pakete poslane u Hrvatsku obi\u010dno je potrebno 10 radnih dana da stignu. Dostava u europske zemlje obi\u010dno traje 12 do 15 radnih dana da stigne. Logisti\u010dke informacije \u0107emo a\u017eurirati za vas u stvarnom vremenu.<\/p>","protected":false},"excerpt":{"rendered":"<p>UZY QUTE 800 Puffs VAPE s najboljom prodajom<\/p>\n<p>800 Puffs Originalna e-cigareta UZY Crystal Vape<\/p>\n<p><img decoding=\"async\" class=\"alignnone wp-image-2151\" src=\"http:\/\/vapebulkp.com\/wp-content\/uploads\/2024\/04\/Mandy-WhatsApp-Randm.jpg\" alt=\"Mandy WhatsApp Randm\" width=\"295\" height=\"314\" srcset=\"https:\/\/vapebulkp.com\/wp-content\/uploads\/2024\/04\/Mandy-WhatsApp-Randm.jpg 916w, https:\/\/vapebulkp.com\/wp-content\/uploads\/2024\/04\/Mandy-WhatsApp-Randm-282x300.jpg 282w, https:\/\/vapebulkp.com\/wp-content\/uploads\/2024\/04\/Mandy-WhatsApp-Randm-768x817.jpg 768w, https:\/\/vapebulkp.com\/wp-content\/uploads\/2024\/04\/Mandy-WhatsApp-Randm-600x638.jpg 600w\" sizes=\"(max-width: 295px) 100vw, 295px\" \/><\/p>\n<p>Molimo kontaktirajte Mandy's WhatsApp za cijenu s popustom<a href=\"https:\/\/wa.me\/8618077105796\">+8618077105796<\/a><\/p>\n<p><span style=\"color: #ff0000\">NAPOMENA: Cijene na na\u0161oj web stranici ne uklju\u010duju tro\u0161kove dostave<\/span><\/p>","protected":false},"featured_media":2461,"comment_status":"open","ping_status":"closed","template":"","meta":{"_uag_custom_page_level_css":"","_lmt_disableupdate":"no","_lmt_disable":"","site-sidebar-layout":"default","site-content-layout":"content-boxed-container","ast-site-content-layout":"normal-width-container","site-content-style":"boxed","site-sidebar-style":"unboxed","ast-global-header-display":"","ast-banner-title-visibility":"","ast-main-header-display":"","ast-hfb-above-header-display":"","ast-hfb-below-header-display":"","ast-hfb-mobile-header-display":"","site-post-title":"","ast-breadcrumbs-content":"","ast-featured-img":"","footer-sml-layout":"","theme-transparent-header-meta":"default","adv-header-id-meta":"","stick-header-meta":"","header-above-stick-meta":"","header-main-stick-meta":"","header-below-stick-meta":"","astra-migrate-meta-layouts":"set","_joinchat":[]},"product_cat":[153,155,33,59,100,87,34,158,157,154,152,58,84,156,63,361,32],"product_tag":[133,36,37,41,73,40],"class_list":["post-2472","product","type-product","status-publish","has-post-thumbnail","hentry","product_cat-hot-disposable-vapes","product_cat-belgium-hot-disposable-vapes","product_cat-france-vape-hot-sale","product_cat-germany-hot-disposable-vape","product_cat-germany-wholesale-vape-shop","product_cat-minimum-order-quantity-50pcs","product_cat-netherlands-vape-good-sale","product_cat-norway-hot-disposable-vapes","product_cat-poland-hot-disposable-vapes","product_cat-portugal-hot-disposable-vapes","product_cat-spain-hot-disposable-vapes","product_cat-sweden-hot-disposable-vape","product_cat-sweden-wholesale-vape","product_cat-switzerland-hot-disposable-vapes","product_cat-top-sale-disposable-vape","product_cat-uzy-vapes","product_cat-vape-hot-sale-this-week","product_tag-800-puffs","product_tag-good-vape","product_tag-hot-sale-disposable-vape","product_tag-poland-hot-vape","product_tag-randm-10000puffs-vape","product_tag-sweden-hot-vape","pa_brand-uzy-vape","desktop-align-left","tablet-align-left","mobile-align-left"],"yoast_head":"<!-- This site is optimized with the Yoast SEO plugin v21.1 - https:\/\/yoast.com\/wordpress\/plugins\/seo\/ -->\n<title>UZY QUTE 800 Puffs Original Disposable Vape - vapebulkp.com<\/title>\n<meta name=\"description\" content=\"The Wholesale Price UZY QUTE 800 Puffs Original Disposable Vape tailored for vapers seeking simplicity and ease of use. Offering up to 800 puffs, it ensures a satisfactory vaping period before needing a replacement.\" \/>\n<meta name=\"robots\" content=\"index, follow, max-snippet:-1, max-image-preview:large, max-video-preview:-1\" \/>\n<link rel=\"canonical\" href=\"https:\/\/vapebulkp.com\/hr\/product\/uzy-qute-800-puffs-original-disposable-vape\/\" \/>\n<meta property=\"og:locale\" content=\"hr_HR\" \/>\n<meta property=\"og:type\" content=\"article\" \/>\n<meta property=\"og:title\" content=\"UZY QUTE 800 Puffs Original Disposable Vape - vapebulkp.com\" \/>\n<meta property=\"og:description\" content=\"The Wholesale Price UZY QUTE 800 Puffs Original Disposable Vape tailored for vapers seeking simplicity and ease of use. Offering up to 800 puffs, it ensures a satisfactory vaping period before needing a replacement.\" \/>\n<meta property=\"og:url\" content=\"https:\/\/vapebulkp.com\/hr\/product\/uzy-qute-800-puffs-original-disposable-vape\/\" \/>\n<meta property=\"og:site_name\" content=\"vapebulkp.com\" \/>\n<meta property=\"article:modified_time\" content=\"2025-09-16T09:29:55+00:00\" \/>\n<meta property=\"og:image\" content=\"http:\/\/vapebulkp.com\/wp-content\/uploads\/2024\/05\/UZY-QUTE-800-Puff-Disposable-Vape-Wholesale-Price.png\" \/>\n\t<meta property=\"og:image:width\" content=\"1920\" \/>\n\t<meta property=\"og:image:height\" content=\"1920\" \/>\n\t<meta property=\"og:image:type\" content=\"image\/png\" \/>\n<meta name=\"twitter:card\" content=\"summary_large_image\" \/>\n<meta name=\"twitter:label1\" content=\"Procijenjeno vrijeme \u010ditanja\" \/>\n\t<meta name=\"twitter:data1\" content=\"4 minute\" \/>\n<script type=\"application\/ld+json\" class=\"yoast-schema-graph\">{\"@context\":\"https:\/\/schema.org\",\"@graph\":[{\"@type\":\"WebPage\",\"@id\":\"https:\/\/vapebulkp.com\/product\/uzy-qute-800-puffs-original-disposable-vape\/\",\"url\":\"https:\/\/vapebulkp.com\/product\/uzy-qute-800-puffs-original-disposable-vape\/\",\"name\":\"UZY QUTE 800 Puffs Original Disposable Vape - vapebulkp.com\",\"isPartOf\":{\"@id\":\"https:\/\/vapebulkp.com\/#website\"},\"datePublished\":\"2024-05-24T03:42:59+00:00\",\"dateModified\":\"2025-09-16T09:29:55+00:00\",\"description\":\"The Wholesale Price UZY QUTE 800 Puffs Original Disposable Vape tailored for vapers seeking simplicity and ease of use. Offering up to 800 puffs, it ensures a satisfactory vaping period before needing a replacement.\",\"breadcrumb\":{\"@id\":\"https:\/\/vapebulkp.com\/product\/uzy-qute-800-puffs-original-disposable-vape\/#breadcrumb\"},\"inLanguage\":\"hr\",\"potentialAction\":[{\"@type\":\"ReadAction\",\"target\":[\"https:\/\/vapebulkp.com\/product\/uzy-qute-800-puffs-original-disposable-vape\/\"]}]},{\"@type\":\"BreadcrumbList\",\"@id\":\"https:\/\/vapebulkp.com\/product\/uzy-qute-800-puffs-original-disposable-vape\/#breadcrumb\",\"itemListElement\":[{\"@type\":\"ListItem\",\"position\":1,\"name\":\"Home\",\"item\":\"https:\/\/vapebulkp.com\/\"},{\"@type\":\"ListItem\",\"position\":2,\"name\":\"Hot Trend Vapes\",\"item\":\"https:\/\/vapebulkp.com\/vape-shop\/\"},{\"@type\":\"ListItem\",\"position\":3,\"name\":\"UZY QUTE 800 Puffs Original Disposable Vape\"}]},{\"@type\":\"WebSite\",\"@id\":\"https:\/\/vapebulkp.com\/#website\",\"url\":\"https:\/\/vapebulkp.com\/\",\"name\":\"vapebulkp.com\",\"description\":\"Buy Vape In Cheap Bulk Price Near you\",\"publisher\":{\"@id\":\"https:\/\/vapebulkp.com\/#organization\"},\"potentialAction\":[{\"@type\":\"SearchAction\",\"target\":{\"@type\":\"EntryPoint\",\"urlTemplate\":\"https:\/\/vapebulkp.com\/?s={search_term_string}\"},\"query-input\":\"required name=search_term_string\"}],\"inLanguage\":\"hr\"},{\"@type\":\"Organization\",\"@id\":\"https:\/\/vapebulkp.com\/#organization\",\"name\":\"vapebulkp.com\",\"url\":\"https:\/\/vapebulkp.com\/\",\"logo\":{\"@type\":\"ImageObject\",\"inLanguage\":\"hr\",\"@id\":\"https:\/\/vapebulkp.com\/#\/schema\/logo\/image\/\",\"url\":\"https:\/\/vapebulkp.com\/wp-content\/uploads\/2023\/09\/cropped-vapebulkp.png\",\"contentUrl\":\"https:\/\/vapebulkp.com\/wp-content\/uploads\/2023\/09\/cropped-vapebulkp.png\",\"width\":516,\"height\":163,\"caption\":\"vapebulkp.com\"},\"image\":{\"@id\":\"https:\/\/vapebulkp.com\/#\/schema\/logo\/image\/\"}}]}<\/script>\n<!-- \/ Yoast SEO plugin. -->","yoast_head_json":{"title":"UZY QUTE 800 Puffs Original Disposable Vape - vapebulkp.com","description":"The Wholesale Price UZY QUTE 800 Puffs Original Disposable Vape tailored for vapers seeking simplicity and ease of use. Offering up to 800 puffs, it ensures a satisfactory vaping period before needing a replacement.","robots":{"index":"index","follow":"follow","max-snippet":"max-snippet:-1","max-image-preview":"max-image-preview:large","max-video-preview":"max-video-preview:-1"},"canonical":"https:\/\/vapebulkp.com\/hr\/product\/uzy-qute-800-puffs-original-disposable-vape\/","og_locale":"hr_HR","og_type":"article","og_title":"UZY QUTE 800 Puffs Original Disposable Vape - vapebulkp.com","og_description":"The Wholesale Price UZY QUTE 800 Puffs Original Disposable Vape tailored for vapers seeking simplicity and ease of use. Offering up to 800 puffs, it ensures a satisfactory vaping period before needing a replacement.","og_url":"https:\/\/vapebulkp.com\/hr\/product\/uzy-qute-800-puffs-original-disposable-vape\/","og_site_name":"vapebulkp.com","article_modified_time":"2025-09-16T09:29:55+00:00","og_image":[{"width":1920,"height":1920,"url":"http:\/\/vapebulkp.com\/wp-content\/uploads\/2024\/05\/UZY-QUTE-800-Puff-Disposable-Vape-Wholesale-Price.png","type":"image\/png"}],"twitter_card":"summary_large_image","twitter_misc":{"Procijenjeno vrijeme \u010ditanja":"4 minute"},"schema":{"@context":"https:\/\/schema.org","@graph":[{"@type":"WebPage","@id":"https:\/\/vapebulkp.com\/product\/uzy-qute-800-puffs-original-disposable-vape\/","url":"https:\/\/vapebulkp.com\/product\/uzy-qute-800-puffs-original-disposable-vape\/","name":"UZY QUTE 800 Puffs Original Disposable Vape - vapebulkp.com","isPartOf":{"@id":"https:\/\/vapebulkp.com\/#website"},"datePublished":"2024-05-24T03:42:59+00:00","dateModified":"2025-09-16T09:29:55+00:00","description":"The Wholesale Price UZY QUTE 800 Puffs Original Disposable Vape tailored for vapers seeking simplicity and ease of use. Offering up to 800 puffs, it ensures a satisfactory vaping period before needing a replacement.","breadcrumb":{"@id":"https:\/\/vapebulkp.com\/product\/uzy-qute-800-puffs-original-disposable-vape\/#breadcrumb"},"inLanguage":"hr","potentialAction":[{"@type":"ReadAction","target":["https:\/\/vapebulkp.com\/product\/uzy-qute-800-puffs-original-disposable-vape\/"]}]},{"@type":"BreadcrumbList","@id":"https:\/\/vapebulkp.com\/product\/uzy-qute-800-puffs-original-disposable-vape\/#breadcrumb","itemListElement":[{"@type":"ListItem","position":1,"name":"Home","item":"https:\/\/vapebulkp.com\/"},{"@type":"ListItem","position":2,"name":"Hot Trend Vapes","item":"https:\/\/vapebulkp.com\/vape-shop\/"},{"@type":"ListItem","position":3,"name":"UZY QUTE 800 Puffs Original Disposable Vape"}]},{"@type":"WebSite","@id":"https:\/\/vapebulkp.com\/#website","url":"https:\/\/vapebulkp.com\/","name":"vapebulkp.com","description":"Buy Vape In Cheap Bulk Price Near you","publisher":{"@id":"https:\/\/vapebulkp.com\/#organization"},"potentialAction":[{"@type":"SearchAction","target":{"@type":"EntryPoint","urlTemplate":"https:\/\/vapebulkp.com\/?s={search_term_string}"},"query-input":"required name=search_term_string"}],"inLanguage":"hr"},{"@type":"Organization","@id":"https:\/\/vapebulkp.com\/#organization","name":"vapebulkp.com","url":"https:\/\/vapebulkp.com\/","logo":{"@type":"ImageObject","inLanguage":"hr","@id":"https:\/\/vapebulkp.com\/#\/schema\/logo\/image\/","url":"https:\/\/vapebulkp.com\/wp-content\/uploads\/2023\/09\/cropped-vapebulkp.png","contentUrl":"https:\/\/vapebulkp.com\/wp-content\/uploads\/2023\/09\/cropped-vapebulkp.png","width":516,"height":163,"caption":"vapebulkp.com"},"image":{"@id":"https:\/\/vapebulkp.com\/#\/schema\/logo\/image\/"}}]}},"uagb_featured_image_src":{"full":["https:\/\/vapebulkp.com\/wp-content\/uploads\/2024\/05\/UZY-QUTE-800-Puff-Disposable-Vape-Wholesale-Price.png",1920,1920,false],"thumbnail":["https:\/\/vapebulkp.com\/wp-content\/uploads\/2024\/05\/UZY-QUTE-800-Puff-Disposable-Vape-Wholesale-Price-150x150.png",150,150,true],"medium":["https:\/\/vapebulkp.com\/wp-content\/uploads\/2024\/05\/UZY-QUTE-800-Puff-Disposable-Vape-Wholesale-Price-300x300.png",300,300,true],"medium_large":["https:\/\/vapebulkp.com\/wp-content\/uploads\/2024\/05\/UZY-QUTE-800-Puff-Disposable-Vape-Wholesale-Price-768x768.png",768,768,true],"large":["https:\/\/vapebulkp.com\/wp-content\/uploads\/2024\/05\/UZY-QUTE-800-Puff-Disposable-Vape-Wholesale-Price-1024x1024.png",1024,1024,true],"1536x1536":["https:\/\/vapebulkp.com\/wp-content\/uploads\/2024\/05\/UZY-QUTE-800-Puff-Disposable-Vape-Wholesale-Price-1536x1536.png",1536,1536,true],"2048x2048":["https:\/\/vapebulkp.com\/wp-content\/uploads\/2024\/05\/UZY-QUTE-800-Puff-Disposable-Vape-Wholesale-Price.png",1920,1920,false],"trp-custom-language-flag":["https:\/\/vapebulkp.com\/wp-content\/uploads\/2024\/05\/UZY-QUTE-800-Puff-Disposable-Vape-Wholesale-Price.png",12,12,false],"woocommerce_thumbnail":["https:\/\/vapebulkp.com\/wp-content\/uploads\/2024\/05\/UZY-QUTE-800-Puff-Disposable-Vape-Wholesale-Price-300x300.png",300,300,true],"woocommerce_single":["https:\/\/vapebulkp.com\/wp-content\/uploads\/2024\/05\/UZY-QUTE-800-Puff-Disposable-Vape-Wholesale-Price-600x600.png",600,600,true],"woocommerce_gallery_thumbnail":["https:\/\/vapebulkp.com\/wp-content\/uploads\/2024\/05\/UZY-QUTE-800-Puff-Disposable-Vape-Wholesale-Price-100x100.png",100,100,true],"wcpr-photo-reviews":["https:\/\/vapebulkp.com\/wp-content\/uploads\/2024\/05\/UZY-QUTE-800-Puff-Disposable-Vape-Wholesale-Price.png",500,500,false]},"uagb_author_info":{"display_name":"Mandy vape bulk price","author_link":"https:\/\/vapebulkp.com\/hr\/author\/"},"uagb_comment_info":0,"uagb_excerpt":"UZY QUTE 800 Puffs Top Sale VAPE 800 Puffs Original Vape UZY Crystal\u00a0 Vape Pls Contact Mandy's WhatsApp For Discount Price+8618077105796 NOTE: Prices on our website does not include shipping costs","_links":{"self":[{"href":"https:\/\/vapebulkp.com\/hr\/wp-json\/wp\/v2\/product\/2472","targetHints":{"allow":["GET"]}}],"collection":[{"href":"https:\/\/vapebulkp.com\/hr\/wp-json\/wp\/v2\/product"}],"about":[{"href":"https:\/\/vapebulkp.com\/hr\/wp-json\/wp\/v2\/types\/product"}],"replies":[{"embeddable":true,"href":"https:\/\/vapebulkp.com\/hr\/wp-json\/wp\/v2\/comments?post=2472"}],"wp:featuredmedia":[{"embeddable":true,"href":"https:\/\/vapebulkp.com\/hr\/wp-json\/wp\/v2\/media\/2461"}],"wp:attachment":[{"href":"https:\/\/vapebulkp.com\/hr\/wp-json\/wp\/v2\/media?parent=2472"}],"wp:term":[{"taxonomy":"product_cat","embeddable":true,"href":"https:\/\/vapebulkp.com\/hr\/wp-json\/wp\/v2\/product_cat?post=2472"},{"taxonomy":"product_tag","embeddable":true,"href":"https:\/\/vapebulkp.com\/hr\/wp-json\/wp\/v2\/product_tag?post=2472"}],"curies":[{"name":"wp","href":"https:\/\/api.w.org\/{rel}","templated":true}]}}