{"id":2482,"date":"2024-05-24T10:56:32","date_gmt":"2024-05-24T08:56:32","guid":{"rendered":"https:\/\/vapebulkp.com\/?post_type=product&#038;p=2482"},"modified":"2025-09-16T11:30:41","modified_gmt":"2025-09-16T09:30:41","slug":"uzy-bang-king-12k-disposable-vape-affordable-price","status":"publish","type":"product","link":"https:\/\/vapebulkp.com\/hr\/product\/uzy-bang-king-12k-disposable-vape-affordable-price\/","title":{"rendered":"UZY Bang King 12k Jednokratni Vape Pristupa\u010dna Cijena"},"content":{"rendered":"<h2>UZY Bang King 12k Jednokratni Vape Pristupa\u010dna Cijena<\/h2>\n<p data-start=\"137\" data-end=\"457\">UZY Bang King 12k Puffs je visoko u\u010dinkovit <a href=\"https:\/\/vapebulkp.com\/hr\/product-category\/12000-puffs-disposable-vape\/\"><strong data-start=\"185\" data-end=\"216\">12000 Puffs jednokratni Vape<\/strong> <\/a>izra\u0111en za europske vapere koji tra\u017ee okus, pouzdanost i prakti\u010dnost. Sadr\u017ei 23 ml vrhunske <strong data-start=\"319\" data-end=\"345\">teku\u0107ine s nikotinskom soli<\/strong> i 650 mAh <strong data-start=\"359\" data-end=\"389\">vape s baterijom velikog kapaciteta<\/strong>, pru\u017ea dugotrajnu, glatku paru tijekom svakog kori\u0161tenja.<\/p>\n<p data-start=\"459\" data-end=\"807\">Opremljen naprednim <strong data-start=\"482\" data-end=\"500\">mre\u017enom zavojnicom<\/strong> tehnologije, ovaj ure\u0111aj proizvodi guste oblake i bogat okus, \u0161to ga \u010dini vrhunskim izborom za one koji u\u017eivaju u intenzivnom, zadovoljavaju\u0107em uvla\u010denju. Njegov ergonomski dizajn osigurava udobnost za svakodnevnu upotrebu, putovanja ili dru\u0161tvena okupljanja, dok <strong data-start=\"724\" data-end=\"756\">dugotrajni jednokratni vape<\/strong> format zna\u010di da nema potrebe za punjenjem ili punjenjem baterije.<\/p>\n<p data-start=\"809\" data-end=\"1054\">Isporu\u010duje se izravno iz skladi\u0161ta u EU, a <strong data-start=\"850\" data-end=\"899\">UZY Bang King 12k Puffs jednokratni vape<\/strong> je idealno rje\u0161enje za trgovce na malo i kupce na veliko koji tra\u017ee <strong data-start=\"965\" data-end=\"1001\">premium jednokratni vape s okusom<\/strong> koji kombinira performanse, prakti\u010dnost i stil.<\/p>\n<p><img decoding=\"async\" class=\"alignnone size-full wp-image-2481\" src=\"http:\/\/vapebulkp.com\/wp-content\/uploads\/2024\/05\/UZY-Bang-King-12000-Puffs.png\" alt=\"UZY Bang King 12000 Udaraca\" width=\"826\" height=\"641\" srcset=\"https:\/\/vapebulkp.com\/wp-content\/uploads\/2024\/05\/UZY-Bang-King-12000-Puffs.png 826w, https:\/\/vapebulkp.com\/wp-content\/uploads\/2024\/05\/UZY-Bang-King-12000-Puffs-300x233.png 300w, https:\/\/vapebulkp.com\/wp-content\/uploads\/2024\/05\/UZY-Bang-King-12000-Puffs-768x596.png 768w, https:\/\/vapebulkp.com\/wp-content\/uploads\/2024\/05\/UZY-Bang-King-12000-Puffs-600x466.png 600w\" sizes=\"(max-width: 826px) 100vw, 826px\" \/><\/p>\n<h6>Molimo kontaktirajte Mandy's WhatsApp za cijenu s popustom<a href=\"https:\/\/wa.me\/8618077105796\">+8618077105796<\/a><\/h6>\n<h3><img decoding=\"async\" class=\"alignnone wp-image-2151\" src=\"http:\/\/vapebulkp.com\/wp-content\/uploads\/2024\/04\/Mandy-WhatsApp-Randm.jpg\" alt=\"Mandy WhatsApp Randm\" width=\"288\" height=\"306\" srcset=\"https:\/\/vapebulkp.com\/wp-content\/uploads\/2024\/04\/Mandy-WhatsApp-Randm.jpg 916w, https:\/\/vapebulkp.com\/wp-content\/uploads\/2024\/04\/Mandy-WhatsApp-Randm-282x300.jpg 282w, https:\/\/vapebulkp.com\/wp-content\/uploads\/2024\/04\/Mandy-WhatsApp-Randm-768x817.jpg 768w, https:\/\/vapebulkp.com\/wp-content\/uploads\/2024\/04\/Mandy-WhatsApp-Randm-600x638.jpg 600w\" sizes=\"(max-width: 288px) 100vw, 288px\" \/><\/h3>\n<h2>Moglo bi vas zanimati vi\u0161e o Bang Vape UZY Bang King 12000 Puffs:<\/h2>\n<p>&nbsp;<\/p>\n<h4>1. KAKO NAPUNITI UZY BANG King 12k PUFFS JEDNOKRATNI VAPE?<\/h4>\n<p>Ne mogu se koristiti punja\u010di za brzo punjenje. Standardna sigurna snaga jednokratnih e-cigareta je 5V 1A. Svako punjenje ne smije trajati du\u017ee od 1 sata, a sigurno vrijeme punjenja je pola sata.<\/p>\n<p>Napomena: ne punite cijelu no\u0107!<\/p>\n<h4>2. Kako koristiti UZY Bang Vape 12000 Puffs jednokratni vape?<\/h4>\n<p>1: Molimo rastrgajte pakiranje prije upotrebe 12k Puffs.<br \/>\n2: Zatim stavite pe\u010dat na dno Vape<br \/>\n3: Po\u010dnite u\u017eivati<\/p>\n<h3>3. Mo\u017eda imate jo\u0161 pitanja o e-cigaretama, kao \u0161to su:<\/h3>\n<p>&nbsp;<\/p>\n<h6>1. Jesu li e-cigarete \u0161tetne za zdravlje?<\/h6>\n<p>Iako e-cigarete mogu biti manje \u0161tetne od tradicionalnih cigareta, istra\u017eivanja pokazuju da jo\u0161 uvijek predstavljaju neke potencijalne zdravstvene rizike. Ti se rizici usredoto\u010duju na ovisnost o nikotinu, izlo\u017eenost kemikalijama i dugoro\u010dne zdravstvene u\u010dinke.<\/p>\n<h6>2. Mogu li e-cigarete pomo\u0107i u prestanku pu\u0161enja?<\/h6>\n<p>Neki ljudi vjeruju da e-cigarete mogu pomo\u0107i u prestanku pu\u0161enja jer daju nikotin simuliraju\u0107i iskustvo pu\u0161enja. Me\u0111utim, u\u010dinkovitost prestanka pu\u0161enja razlikuje se od osobe do osobe, a na uspjeh mogu utjecati mnogi \u010dimbenici.<\/p>\n<h6>3. Kako odabrati odgovaraju\u0107i sadr\u017eaj nikotina?<\/h6>\n<p>Odabir sadr\u017eaja nikotina u e-teku\u0107ini obi\u010dno ovisi o koli\u010dini pu\u0161enja i stupnju ovisnosti o nikotinu pojedinca. Op\u0107enito govore\u0107i, strastveni pu\u0161a\u010di mogu odabrati ve\u0107i sadr\u017eaj, dok lagani pu\u0161a\u010di mogu odabrati manji sadr\u017eaj ili odabrati e-teku\u0107inu bez nikotina.<\/p>\n<h6>4. \u0160to su PG i VG?<\/h6>\n<p>PG (propilen glikol) i VG (biljni glicerin) su uobi\u010dajeni osnovni sastojci u teku\u0107inama za e-cigarete. PG pru\u017ea ja\u010di udarac u grlo i isporuku okusa, dok VG pru\u017ea gu\u0161\u0107i dim. Omjer mije\u0161anja \u0107e utjecati na okus i volumen dima e-teku\u0107ine.<\/p>\n<h6>5. \u0160to su oralno usisavanje i usisavanje u plu\u0107a?<\/h6>\n<p>Oralno pu\u0161enje i pu\u0161enje u plu\u0107a dva su glavna na\u010dina pu\u0161enja. Pu\u0161enje na usta (MTL) simulira osje\u0107aj tradicionalnog pu\u0161enja, dok je pu\u0161enje na plu\u0107a (DL) prikladnije za velike koli\u010dine dima i izravno udisanje u plu\u0107a.<\/p>\n<h6>6. Koliko je dug \u017eivotni vijek e-cigarete?<\/h6>\n<p>\u017divot e-cigarete ovisi o u\u010destalosti kori\u0161tenja i marki. Op\u0107enito govore\u0107i, vijek trajanja e-cigarete mo\u017ee trajati od nekoliko mjeseci do godinu dana.<\/p>\n<h3><strong style=\"font-size: 1.3em\"><span style=\"vertical-align: inherit\">Specifikacija za UZY Bang King 120<\/span><\/strong><span style=\"font-size: 1.3em;font-weight: bold\">00 udisaja<\/span><strong style=\"font-size: 1.3em\"><span style=\"vertical-align: inherit\">\uff1a<\/span><\/strong><\/h3>\n<blockquote><p>0% 2% 3% 5% Nikotin<br \/>\n\u2611 Udisaji: 12000 udisaja<br \/>\n\u2611 Kapacitet: 23 ml<br \/>\n\u2611 Dostupno 20 okusa<br \/>\n\u2611 650mah punjivo<br \/>\n\u2611 Mre\u017easta zavojnica 1.0 \u03a9, Ulazni priklju\u010dak: Type-C<\/p>\n<p>&nbsp;<\/p><\/blockquote>\n<h3><strong>\u00a0UZY Bang King Vape 12k<\/strong>\u00a0Udisaji <strong>Popis okusa:<\/strong><\/h3>\n<p>&nbsp;<\/p>\n<blockquote><p>1.Lubenica s jagodom<br \/>\n2.Borovnice na ledu<br \/>\n3. Breskva mango ananas<br \/>\n4.Breskva led<br \/>\n5. Lubenica led<br \/>\n6.Led od gro\u017e\u0111a<br \/>\n7.Jagoda kivi<br \/>\n8.Borovnica Malina<br \/>\n9.Kivi marakuja<br \/>\n10.Tre\u0161nja led<br \/>\n11.Gospodin Plavi<br \/>\n12.Cola led<br \/>\n13.Trostruka ru\u010dka<br \/>\n14.Jagoda led<br \/>\n15.Energetska mre\u017ea<br \/>\n16. Mje\u0161avina bobi\u010dastog vo\u0107a<br \/>\n17.Dvostruka jabuka<br \/>\n18.Gumeni medvjedi\u0107<br \/>\n19.Ru\u017ei\u010dasta limunada<br \/>\n20.Breskve i bobice<\/p><\/blockquote>\n<p>&nbsp;<\/p>\n<p><a href=\"https:\/\/vapebulkp.com\/hr\/product\/popular-randm-tornado-7000puffs-disposable-vape-best-price\/\"><span style=\"vertical-align: inherit\">RandM Tornado 7000 Udisaja <\/span><\/a><\/p>\n<p><span style=\"vertical-align: inherit\">Prona\u0111ite vi\u0161e proizvoda koji bi vam se mogli svidjeti:<\/span><em><a href=\"https:\/\/wa.me\/8618077105796\"><span style=\"vertical-align: inherit\">\u00a0Kupite sada<\/span><\/a><\/em><\/p>\n<p><span style=\"vertical-align: inherit\">Ostali Puffs koji bi vam se mogli svidjeti:<\/span><a href=\"https:\/\/vapebulkp.com\/sv\/product\/fluumbox-digital-box-15k-puffs-rechargeable-vape-geek-bar\/\"><span style=\"vertical-align: inherit\">FLUUMBOX Digitalna kutija 15000 Puhova<\/span><\/a><span style=\"vertical-align: inherit\">\u3001<\/span><a href=\"https:\/\/vapebulkp.com\/hr\/product\/good-vape-waspe-digital-box-12000-puffs-fumot-box-12k-puffs-wholeslae-price\/\"><span style=\"vertical-align: inherit\">WASPE Digital Box 12000 Udisaja<\/span><\/a><span style=\"vertical-align: inherit\">\/ <\/span><a href=\"https:\/\/vapebulkp.com\/hr\/product\/wholesale-randm-tornado-9000-puffs-germany\/\"><span style=\"vertical-align: inherit\">RandM Tornado 9000 Puhova<\/span><\/a><span style=\"vertical-align: inherit\">\/ <\/span><a href=\"https:\/\/vapebulkp.com\/hr\/product\/discount-price-bang-shisha-15k-puffs-jnr-shisha-disposable-vape\/\"><span style=\"vertical-align: inherit\">Bang shisha JNR SHISHA 15000 udisaja <\/span><\/a><\/p>\n<p><span style=\"vertical-align: inherit\">E-cigareta posebnog oblika boce:<\/span><a href=\"https:\/\/vapebulkp.com\/hr\/product\/good-sale-randm-tornado-10000-puffs-plus\/\"><span style=\"vertical-align: inherit\">RandM Tornado 10000 Puhova Plus <\/span><\/a><span style=\"vertical-align: inherit\">\/<a href=\"https:\/\/vapebulkp.com\/sv\/product\/wholesale-price-randm-15k-waspe-15000-puffs-best-vape\/\"> Randm Tornado 15000 Puhova<\/a><\/span><\/p>\n<h4>Kvalifikacija proizvodnje:<\/h4>\n<p><img decoding=\"async\" class=\"alignnone wp-image-1842\" src=\"http:\/\/vapebulkp.com\/wp-content\/uploads\/2023\/11\/Vape-production-process-2.jpg\" alt=\"Proces proizvodnje vape ure\u0111aja\" width=\"671\" height=\"301\" srcset=\"https:\/\/vapebulkp.com\/wp-content\/uploads\/2023\/11\/Vape-production-process-2.jpg 800w, https:\/\/vapebulkp.com\/wp-content\/uploads\/2023\/11\/Vape-production-process-2-300x135.jpg 300w, https:\/\/vapebulkp.com\/wp-content\/uploads\/2023\/11\/Vape-production-process-2-768x345.jpg 768w, https:\/\/vapebulkp.com\/wp-content\/uploads\/2023\/11\/Vape-production-process-2-600x269.jpg 600w\" sizes=\"(max-width: 671px) 100vw, 671px\" \/><\/p>\n<p><img decoding=\"async\" class=\"alignnone wp-image-1843\" src=\"http:\/\/vapebulkp.com\/wp-content\/uploads\/2023\/11\/Vape-production-process.jpeg\" alt=\"Proces proizvodnje vape ure\u0111aja\" width=\"671\" height=\"1074\" srcset=\"https:\/\/vapebulkp.com\/wp-content\/uploads\/2023\/11\/Vape-production-process.jpeg 641w, https:\/\/vapebulkp.com\/wp-content\/uploads\/2023\/11\/Vape-production-process-187x300.jpeg 187w, https:\/\/vapebulkp.com\/wp-content\/uploads\/2023\/11\/Vape-production-process-640x1024.jpeg 640w, https:\/\/vapebulkp.com\/wp-content\/uploads\/2023\/11\/Vape-production-process-600x960.jpeg 600w\" sizes=\"(max-width: 671px) 100vw, 671px\" \/><\/p>\n<h5>\u010cesta pitanja:<\/h5>\n<p>P: Koji je minimalna koli\u010dina narud\u017ebe za UZY Bang King 12000 Puffs?<br \/>\nO: Minimalna narud\u017eba je 100 komada.<br \/>\nP: Koje je vrijeme isporuke za vape koji sam naru\u010dio?<br \/>\nO: Obi\u010dno je 10-15 dana nakon slanja<br \/>\nP: Koliko iznosi tro\u0161ak dostave?O: Tro\u0161ak dostave ovisi o te\u017eini. Razli\u010dite koli\u010dine imaju razli\u010dite tro\u0161kove dostave, molimo kontaktirajte nas kako bismo potvrdili tro\u0161ak dostave.<\/p>\n<p>&nbsp;<\/p>\n<h4>Detalji dostave:<\/h4>\n<p><span style=\"color: #ff6600\">Vrijeme proizvodnje: 5-10 radnih dana<\/span><br \/>\n<span style=\"color: #ff6600\">Vrijeme isporuke: 8-14 radnih dana<\/span><\/p>\n<p>Svi proizvodi u na\u0161oj trgovini su 100% originalni i autenti\u010dni, stoga je desetostruka naknada za la\u017enu robu na\u0161a politika trgovine. Za dostavu koristimo logisti\u010dke kanale kao \u0161to su UPS\/DHL\/FEDEX\/DPD.<\/p>\n<p>Za pakete poslane u Hrvatsku obi\u010dno je potrebno 10 radnih dana da stignu. Dostava u europske zemlje obi\u010dno traje 12 do 15 radnih dana da stigne. Logisti\u010dke informacije \u0107emo a\u017eurirati za vas u stvarnom vremenu.<\/p>","protected":false},"excerpt":{"rendered":"<p>UZY Bang King 12000 Puffs veleprodajna cijena<\/p>\n<p><img decoding=\"async\" class=\"alignnone wp-image-2151\" src=\"http:\/\/vapebulkp.com\/wp-content\/uploads\/2024\/04\/Mandy-WhatsApp-Randm.jpg\" alt=\"Mandy WhatsApp Randm\" width=\"232\" height=\"247\" srcset=\"https:\/\/vapebulkp.com\/wp-content\/uploads\/2024\/04\/Mandy-WhatsApp-Randm.jpg 916w, https:\/\/vapebulkp.com\/wp-content\/uploads\/2024\/04\/Mandy-WhatsApp-Randm-282x300.jpg 282w, https:\/\/vapebulkp.com\/wp-content\/uploads\/2024\/04\/Mandy-WhatsApp-Randm-768x817.jpg 768w, https:\/\/vapebulkp.com\/wp-content\/uploads\/2024\/04\/Mandy-WhatsApp-Randm-600x638.jpg 600w\" sizes=\"(max-width: 232px) 100vw, 232px\" \/><\/p>\n<p>Molimo kontaktirajte Mandy's WhatsApp za cijenu s popustom<a href=\"https:\/\/wa.me\/8618077105796\">+8618077105796<\/a><\/p>\n<p><span style=\"color: #ff0000\">NAPOMENA: Cijene na na\u0161oj web stranici ne uklju\u010duju tro\u0161kove dostave<\/span><\/p>","protected":false},"featured_media":2481,"comment_status":"open","ping_status":"closed","template":"","meta":{"_uag_custom_page_level_css":"","_lmt_disableupdate":"no","_lmt_disable":"","site-sidebar-layout":"default","site-content-layout":"content-boxed-container","ast-site-content-layout":"normal-width-container","site-content-style":"boxed","site-sidebar-style":"unboxed","ast-global-header-display":"","ast-banner-title-visibility":"","ast-main-header-display":"","ast-hfb-above-header-display":"","ast-hfb-below-header-display":"","ast-hfb-mobile-header-display":"","site-post-title":"","ast-breadcrumbs-content":"","ast-featured-img":"","footer-sml-layout":"","theme-transparent-header-meta":"default","adv-header-id-meta":"","stick-header-meta":"","header-above-stick-meta":"","header-main-stick-meta":"","header-below-stick-meta":"","astra-migrate-meta-layouts":"set","_joinchat":[]},"product_cat":[166,153,344,155,33,59,100,34,158,157,154,152,58,84,156,63,32],"product_tag":[135,36,37,41,73,40],"class_list":["post-2482","product","type-product","status-publish","has-post-thumbnail","hentry","product_cat-12000-puffs-disposable-vape","product_cat-hot-disposable-vapes","product_cat-bang-king-vape","product_cat-belgium-hot-disposable-vapes","product_cat-france-vape-hot-sale","product_cat-germany-hot-disposable-vape","product_cat-germany-wholesale-vape-shop","product_cat-netherlands-vape-good-sale","product_cat-norway-hot-disposable-vapes","product_cat-poland-hot-disposable-vapes","product_cat-portugal-hot-disposable-vapes","product_cat-spain-hot-disposable-vapes","product_cat-sweden-hot-disposable-vape","product_cat-sweden-wholesale-vape","product_cat-switzerland-hot-disposable-vapes","product_cat-top-sale-disposable-vape","product_cat-vape-hot-sale-this-week","product_tag-12000puffs","product_tag-good-vape","product_tag-hot-sale-disposable-vape","product_tag-poland-hot-vape","product_tag-randm-10000puffs-vape","product_tag-sweden-hot-vape","pa_brand-uzy-vape","desktop-align-left","tablet-align-left","mobile-align-left"],"yoast_head":"<!-- This site is optimized with the Yoast SEO plugin v21.1 - https:\/\/yoast.com\/wordpress\/plugins\/seo\/ -->\n<title>UZY Bang King 12k Disposable Vape Affordable Price - vapebulkp.com<\/title>\n<meta name=\"description\" content=\"UZY Bang King 12k Disposable Vape Affordable Price, a high-capacity disposable vape delivering up to 12,000 puffs of delicious vapor. Featuring a 650mAh battery and a large 23ml pre-filled e-liquid tank, it promises a lasting and enjoyable vaping journey.\" \/>\n<meta name=\"robots\" content=\"index, follow, max-snippet:-1, max-image-preview:large, max-video-preview:-1\" \/>\n<link rel=\"canonical\" href=\"https:\/\/vapebulkp.com\/hr\/product\/uzy-bang-king-12k-disposable-vape-affordable-price\/\" \/>\n<meta property=\"og:locale\" content=\"hr_HR\" \/>\n<meta property=\"og:type\" content=\"article\" \/>\n<meta property=\"og:title\" content=\"UZY Bang King 12k Disposable Vape Affordable Price - vapebulkp.com\" \/>\n<meta property=\"og:description\" content=\"UZY Bang King 12k Disposable Vape Affordable Price, a high-capacity disposable vape delivering up to 12,000 puffs of delicious vapor. Featuring a 650mAh battery and a large 23ml pre-filled e-liquid tank, it promises a lasting and enjoyable vaping journey.\" \/>\n<meta property=\"og:url\" content=\"https:\/\/vapebulkp.com\/hr\/product\/uzy-bang-king-12k-disposable-vape-affordable-price\/\" \/>\n<meta property=\"og:site_name\" content=\"vapebulkp.com\" \/>\n<meta property=\"article:modified_time\" content=\"2025-09-16T09:30:41+00:00\" \/>\n<meta property=\"og:image\" content=\"http:\/\/vapebulkp.com\/wp-content\/uploads\/2024\/05\/UZY-Bang-King-12000-Puffs.png\" \/>\n\t<meta property=\"og:image:width\" content=\"826\" \/>\n\t<meta property=\"og:image:height\" content=\"641\" \/>\n\t<meta property=\"og:image:type\" content=\"image\/png\" \/>\n<meta name=\"twitter:card\" content=\"summary_large_image\" \/>\n<meta name=\"twitter:label1\" content=\"Procijenjeno vrijeme \u010ditanja\" \/>\n\t<meta name=\"twitter:data1\" content=\"4 minute\" \/>\n<script type=\"application\/ld+json\" class=\"yoast-schema-graph\">{\"@context\":\"https:\/\/schema.org\",\"@graph\":[{\"@type\":\"WebPage\",\"@id\":\"https:\/\/vapebulkp.com\/product\/uzy-bang-king-12k-disposable-vape-affordable-price\/\",\"url\":\"https:\/\/vapebulkp.com\/product\/uzy-bang-king-12k-disposable-vape-affordable-price\/\",\"name\":\"UZY Bang King 12k Disposable Vape Affordable Price - vapebulkp.com\",\"isPartOf\":{\"@id\":\"https:\/\/vapebulkp.com\/#website\"},\"datePublished\":\"2024-05-24T08:56:32+00:00\",\"dateModified\":\"2025-09-16T09:30:41+00:00\",\"description\":\"UZY Bang King 12k Disposable Vape Affordable Price, a high-capacity disposable vape delivering up to 12,000 puffs of delicious vapor. Featuring a 650mAh battery and a large 23ml pre-filled e-liquid tank, it promises a lasting and enjoyable vaping journey.\",\"breadcrumb\":{\"@id\":\"https:\/\/vapebulkp.com\/product\/uzy-bang-king-12k-disposable-vape-affordable-price\/#breadcrumb\"},\"inLanguage\":\"hr\",\"potentialAction\":[{\"@type\":\"ReadAction\",\"target\":[\"https:\/\/vapebulkp.com\/product\/uzy-bang-king-12k-disposable-vape-affordable-price\/\"]}]},{\"@type\":\"BreadcrumbList\",\"@id\":\"https:\/\/vapebulkp.com\/product\/uzy-bang-king-12k-disposable-vape-affordable-price\/#breadcrumb\",\"itemListElement\":[{\"@type\":\"ListItem\",\"position\":1,\"name\":\"Home\",\"item\":\"https:\/\/vapebulkp.com\/\"},{\"@type\":\"ListItem\",\"position\":2,\"name\":\"Hot Trend Vapes\",\"item\":\"https:\/\/vapebulkp.com\/vape-shop\/\"},{\"@type\":\"ListItem\",\"position\":3,\"name\":\"UZY Bang King 12k Disposable Vape Affordable Price\"}]},{\"@type\":\"WebSite\",\"@id\":\"https:\/\/vapebulkp.com\/#website\",\"url\":\"https:\/\/vapebulkp.com\/\",\"name\":\"vapebulkp.com\",\"description\":\"Buy Vape In Cheap Bulk Price Near you\",\"publisher\":{\"@id\":\"https:\/\/vapebulkp.com\/#organization\"},\"potentialAction\":[{\"@type\":\"SearchAction\",\"target\":{\"@type\":\"EntryPoint\",\"urlTemplate\":\"https:\/\/vapebulkp.com\/?s={search_term_string}\"},\"query-input\":\"required name=search_term_string\"}],\"inLanguage\":\"hr\"},{\"@type\":\"Organization\",\"@id\":\"https:\/\/vapebulkp.com\/#organization\",\"name\":\"vapebulkp.com\",\"url\":\"https:\/\/vapebulkp.com\/\",\"logo\":{\"@type\":\"ImageObject\",\"inLanguage\":\"hr\",\"@id\":\"https:\/\/vapebulkp.com\/#\/schema\/logo\/image\/\",\"url\":\"https:\/\/vapebulkp.com\/wp-content\/uploads\/2023\/09\/cropped-vapebulkp.png\",\"contentUrl\":\"https:\/\/vapebulkp.com\/wp-content\/uploads\/2023\/09\/cropped-vapebulkp.png\",\"width\":516,\"height\":163,\"caption\":\"vapebulkp.com\"},\"image\":{\"@id\":\"https:\/\/vapebulkp.com\/#\/schema\/logo\/image\/\"}}]}<\/script>\n<!-- \/ Yoast SEO plugin. -->","yoast_head_json":{"title":"UZY Bang King 12k Disposable Vape Affordable Price - vapebulkp.com","description":"UZY Bang King 12k Disposable Vape Affordable Price, a high-capacity disposable vape delivering up to 12,000 puffs of delicious vapor. Featuring a 650mAh battery and a large 23ml pre-filled e-liquid tank, it promises a lasting and enjoyable vaping journey.","robots":{"index":"index","follow":"follow","max-snippet":"max-snippet:-1","max-image-preview":"max-image-preview:large","max-video-preview":"max-video-preview:-1"},"canonical":"https:\/\/vapebulkp.com\/hr\/product\/uzy-bang-king-12k-disposable-vape-affordable-price\/","og_locale":"hr_HR","og_type":"article","og_title":"UZY Bang King 12k Disposable Vape Affordable Price - vapebulkp.com","og_description":"UZY Bang King 12k Disposable Vape Affordable Price, a high-capacity disposable vape delivering up to 12,000 puffs of delicious vapor. Featuring a 650mAh battery and a large 23ml pre-filled e-liquid tank, it promises a lasting and enjoyable vaping journey.","og_url":"https:\/\/vapebulkp.com\/hr\/product\/uzy-bang-king-12k-disposable-vape-affordable-price\/","og_site_name":"vapebulkp.com","article_modified_time":"2025-09-16T09:30:41+00:00","og_image":[{"width":826,"height":641,"url":"http:\/\/vapebulkp.com\/wp-content\/uploads\/2024\/05\/UZY-Bang-King-12000-Puffs.png","type":"image\/png"}],"twitter_card":"summary_large_image","twitter_misc":{"Procijenjeno vrijeme \u010ditanja":"4 minute"},"schema":{"@context":"https:\/\/schema.org","@graph":[{"@type":"WebPage","@id":"https:\/\/vapebulkp.com\/product\/uzy-bang-king-12k-disposable-vape-affordable-price\/","url":"https:\/\/vapebulkp.com\/product\/uzy-bang-king-12k-disposable-vape-affordable-price\/","name":"UZY Bang King 12k Disposable Vape Affordable Price - vapebulkp.com","isPartOf":{"@id":"https:\/\/vapebulkp.com\/#website"},"datePublished":"2024-05-24T08:56:32+00:00","dateModified":"2025-09-16T09:30:41+00:00","description":"UZY Bang King 12k Disposable Vape Affordable Price, a high-capacity disposable vape delivering up to 12,000 puffs of delicious vapor. Featuring a 650mAh battery and a large 23ml pre-filled e-liquid tank, it promises a lasting and enjoyable vaping journey.","breadcrumb":{"@id":"https:\/\/vapebulkp.com\/product\/uzy-bang-king-12k-disposable-vape-affordable-price\/#breadcrumb"},"inLanguage":"hr","potentialAction":[{"@type":"ReadAction","target":["https:\/\/vapebulkp.com\/product\/uzy-bang-king-12k-disposable-vape-affordable-price\/"]}]},{"@type":"BreadcrumbList","@id":"https:\/\/vapebulkp.com\/product\/uzy-bang-king-12k-disposable-vape-affordable-price\/#breadcrumb","itemListElement":[{"@type":"ListItem","position":1,"name":"Home","item":"https:\/\/vapebulkp.com\/"},{"@type":"ListItem","position":2,"name":"Hot Trend Vapes","item":"https:\/\/vapebulkp.com\/vape-shop\/"},{"@type":"ListItem","position":3,"name":"UZY Bang King 12k Disposable Vape Affordable Price"}]},{"@type":"WebSite","@id":"https:\/\/vapebulkp.com\/#website","url":"https:\/\/vapebulkp.com\/","name":"vapebulkp.com","description":"Buy Vape In Cheap Bulk Price Near you","publisher":{"@id":"https:\/\/vapebulkp.com\/#organization"},"potentialAction":[{"@type":"SearchAction","target":{"@type":"EntryPoint","urlTemplate":"https:\/\/vapebulkp.com\/?s={search_term_string}"},"query-input":"required name=search_term_string"}],"inLanguage":"hr"},{"@type":"Organization","@id":"https:\/\/vapebulkp.com\/#organization","name":"vapebulkp.com","url":"https:\/\/vapebulkp.com\/","logo":{"@type":"ImageObject","inLanguage":"hr","@id":"https:\/\/vapebulkp.com\/#\/schema\/logo\/image\/","url":"https:\/\/vapebulkp.com\/wp-content\/uploads\/2023\/09\/cropped-vapebulkp.png","contentUrl":"https:\/\/vapebulkp.com\/wp-content\/uploads\/2023\/09\/cropped-vapebulkp.png","width":516,"height":163,"caption":"vapebulkp.com"},"image":{"@id":"https:\/\/vapebulkp.com\/#\/schema\/logo\/image\/"}}]}},"uagb_featured_image_src":{"full":["https:\/\/vapebulkp.com\/wp-content\/uploads\/2024\/05\/UZY-Bang-King-12000-Puffs.png",826,641,false],"thumbnail":["https:\/\/vapebulkp.com\/wp-content\/uploads\/2024\/05\/UZY-Bang-King-12000-Puffs-150x150.png",150,150,true],"medium":["https:\/\/vapebulkp.com\/wp-content\/uploads\/2024\/05\/UZY-Bang-King-12000-Puffs-300x233.png",300,233,true],"medium_large":["https:\/\/vapebulkp.com\/wp-content\/uploads\/2024\/05\/UZY-Bang-King-12000-Puffs-768x596.png",768,596,true],"large":["https:\/\/vapebulkp.com\/wp-content\/uploads\/2024\/05\/UZY-Bang-King-12000-Puffs.png",826,641,false],"1536x1536":["https:\/\/vapebulkp.com\/wp-content\/uploads\/2024\/05\/UZY-Bang-King-12000-Puffs.png",826,641,false],"2048x2048":["https:\/\/vapebulkp.com\/wp-content\/uploads\/2024\/05\/UZY-Bang-King-12000-Puffs.png",826,641,false],"trp-custom-language-flag":["https:\/\/vapebulkp.com\/wp-content\/uploads\/2024\/05\/UZY-Bang-King-12000-Puffs.png",15,12,false],"woocommerce_thumbnail":["https:\/\/vapebulkp.com\/wp-content\/uploads\/2024\/05\/UZY-Bang-King-12000-Puffs-300x300.png",300,300,true],"woocommerce_single":["https:\/\/vapebulkp.com\/wp-content\/uploads\/2024\/05\/UZY-Bang-King-12000-Puffs-600x466.png",600,466,true],"woocommerce_gallery_thumbnail":["https:\/\/vapebulkp.com\/wp-content\/uploads\/2024\/05\/UZY-Bang-King-12000-Puffs-100x100.png",100,100,true],"wcpr-photo-reviews":["https:\/\/vapebulkp.com\/wp-content\/uploads\/2024\/05\/UZY-Bang-King-12000-Puffs.png",500,388,false]},"uagb_author_info":{"display_name":"Mandy vape bulk price","author_link":"https:\/\/vapebulkp.com\/hr\/author\/"},"uagb_comment_info":1,"uagb_excerpt":"UZY Bang King 12000 Puffs Wholesale Price Pls Contact Mandy's WhatsApp For Discount Price+8618077105796 NOTE: Prices on our website does not include shipping costs","_links":{"self":[{"href":"https:\/\/vapebulkp.com\/hr\/wp-json\/wp\/v2\/product\/2482","targetHints":{"allow":["GET"]}}],"collection":[{"href":"https:\/\/vapebulkp.com\/hr\/wp-json\/wp\/v2\/product"}],"about":[{"href":"https:\/\/vapebulkp.com\/hr\/wp-json\/wp\/v2\/types\/product"}],"replies":[{"embeddable":true,"href":"https:\/\/vapebulkp.com\/hr\/wp-json\/wp\/v2\/comments?post=2482"}],"wp:featuredmedia":[{"embeddable":true,"href":"https:\/\/vapebulkp.com\/hr\/wp-json\/wp\/v2\/media\/2481"}],"wp:attachment":[{"href":"https:\/\/vapebulkp.com\/hr\/wp-json\/wp\/v2\/media?parent=2482"}],"wp:term":[{"taxonomy":"product_cat","embeddable":true,"href":"https:\/\/vapebulkp.com\/hr\/wp-json\/wp\/v2\/product_cat?post=2482"},{"taxonomy":"product_tag","embeddable":true,"href":"https:\/\/vapebulkp.com\/hr\/wp-json\/wp\/v2\/product_tag?post=2482"}],"curies":[{"name":"wp","href":"https:\/\/api.w.org\/{rel}","templated":true}]}}