{"id":2532,"date":"2024-06-06T11:02:46","date_gmt":"2024-06-06T09:02:46","guid":{"rendered":"https:\/\/vapebulkp.com\/?post_type=product&#038;p=2532"},"modified":"2025-09-24T05:21:02","modified_gmt":"2025-09-24T03:21:02","slug":"bang-25000puffs-lcd-screen-rechargeable-vape","status":"publish","type":"product","link":"https:\/\/vapebulkp.com\/hr\/product\/bang-25000puffs-lcd-screen-rechargeable-vape\/","title":{"rendered":"Bang 25000Puffs LCD zaslon punjivi Vape"},"content":{"rendered":"<h2 style=\"text-align: left\">Bang 25000Puffs LCD zaslon punjivi vape<\/h2>\n<p data-start=\"338\" data-end=\"645\">Najprodavanije <strong data-start=\"342\" data-end=\"377\">Bang 25000Puffs jednokratni Vape<\/strong> je vrhunski izbor za europske entuzijaste vapinga koji zahtijevaju naprednu tehnologiju, veliki kapacitet i odva\u017ean dizajn. Izra\u0111en s integriranim LCD zaslonom, pru\u017ea a\u017euriranja u stvarnom vremenu o trajanju baterije i razinama e-teku\u0107ine, daju\u0107i korisnicima potpunu kontrolu nad svakom sesijom.<\/p>\n<p data-start=\"647\" data-end=\"968\">Svaki ure\u0111aj dolazi prethodno napunjen sa <strong data-start=\"681\" data-end=\"715\">30ml nikotinske soli e-teku\u0107ine<\/strong> u ja\u010dini 2% ili 5%, pru\u017eaju\u0107i glatko grlo i dosljedan okus od prvog do posljednjeg udisaja. Napajan pouzdanom 650mAh punjivom baterijom s <strong data-start=\"878\" data-end=\"902\">brzim Type-C punjenjem<\/strong>, smanjuje vrijeme zastoja dok osigurava dugotrajne performanse.<\/p>\n<p data-start=\"970\" data-end=\"1294\">Napredni <strong data-start=\"983\" data-end=\"1001\">1.0\u03a9 mre\u017easta zavojnica<\/strong> proizvodi guste oblake pare i pobolj\u0161ava isporuku okusa, \u010dine\u0107i ga prikladnim i za povremene vapere i za iskusne korisnike. S 12 pa\u017eljivo izra\u0111enih okusa, uklju\u010duju\u0107i vo\u0107ne, mentol i klasi\u010dne mje\u0161avine, <strong data-start=\"1211\" data-end=\"1246\">Bum <a href=\"https:\/\/vapebulkp.com\/hr\/product-category\/25000-puffs-disposable-vape\/\">25000 Puffs Jednokratna Vape<\/a><\/strong> nudi svestranost za razli\u010dite preferencije.<\/p>\n<p data-start=\"1296\" data-end=\"1564\">Dizajniran za prakti\u010dnost, ovaj <strong data-start=\"1327\" data-end=\"1350\">LCD jednokratni vape<\/strong> kombinira stil s prakti\u010dno\u0161\u0107u. Njegovo kompaktno tijelo lako je nositi, dok veleprodajna dostupnost diljem Europe osigurava brzu distribuciju za trgovce u tr\u017ei\u0161tima kao \u0161to su Hrvatska, Njema\u010dka, Italija, \u0160panjolska i Nizozemska.<\/p>\n<p data-start=\"1566\" data-end=\"1752\">Za <strong data-start=\"1572\" data-end=\"1604\">punjivi jednokratni vape<\/strong> koji pru\u017ea kapacitet, snagu i vrhunski okus, <strong data-start=\"1660\" data-end=\"1695\">Bang 25k Puffs Vape Veleprodaja<\/strong> isti\u010de se kao pouzdan izbor na europskom tr\u017ei\u0161tu.<\/p>\n<p><img decoding=\"async\" class=\"alignnone wp-image-2523\" src=\"http:\/\/vapebulkp.com\/wp-content\/uploads\/2024\/06\/Big-Puffs-Bang-25000Puffs.jpg\" alt=\"Veliki obla\u010di\u0107i Bang 25000Puffs\" width=\"585\" height=\"585\" srcset=\"https:\/\/vapebulkp.com\/wp-content\/uploads\/2024\/06\/Big-Puffs-Bang-25000Puffs.jpg 1000w, https:\/\/vapebulkp.com\/wp-content\/uploads\/2024\/06\/Big-Puffs-Bang-25000Puffs-300x300.jpg 300w, https:\/\/vapebulkp.com\/wp-content\/uploads\/2024\/06\/Big-Puffs-Bang-25000Puffs-150x150.jpg 150w, https:\/\/vapebulkp.com\/wp-content\/uploads\/2024\/06\/Big-Puffs-Bang-25000Puffs-768x768.jpg 768w, https:\/\/vapebulkp.com\/wp-content\/uploads\/2024\/06\/Big-Puffs-Bang-25000Puffs-600x600.jpg 600w, https:\/\/vapebulkp.com\/wp-content\/uploads\/2024\/06\/Big-Puffs-Bang-25000Puffs-100x100.jpg 100w\" sizes=\"(max-width: 585px) 100vw, 585px\" \/><\/p>\n<h6>Molimo kontaktirajte Mandy's WhatsApp za cijenu s popustom<a href=\"https:\/\/wa.me\/8618077105796\">+8618077105796<\/a><\/h6>\n<p><img decoding=\"async\" class=\"alignnone wp-image-2151\" src=\"http:\/\/vapebulkp.com\/wp-content\/uploads\/2024\/04\/Mandy-WhatsApp-Randm.jpg\" alt=\"Mandy WhatsApp Randm\" width=\"324\" height=\"330\" \/><\/p>\n<h2>Moglo bi vas zanimati ne\u0161to o Bang 25000Puffs E-cigaretama:<\/h2>\n<h5>1.Kako koristiti Bang 25k Puffs Vape Pen?<\/h5>\n<p>Korak 1. Prije kori\u0161tenja 25k puffa, izvucite plasti\u010dnu cijev.<\/p>\n<p>Korak 2. Pri\u010dekajte oko 3 minute da sok u\u0111e u zavojnicu unutra.<\/p>\n<p>Korak 3. U\u017eivajte<\/p>\n<h5>2.Kako napuniti jednokratni vape Bang King Vape 25k Puffs?<\/h5>\n<p>Ne smiju se koristiti brzi punja\u010di, a standardna sigurna snaga jednokratnih elektroni\u010dkih cigareta je 5V 1A.<\/p>\n<p>Svako punjenje ne smije trajati du\u017ee od 1 sata, a sigurno vrijeme punjenja je pola sata.<\/p>\n<p><span style=\"color: #ff6600\">Napomena: ne punite cijelu no\u0107!<\/span><\/p>\n<h5>3.Koliki je kapacitet e-teku\u0107ine Bang 25000 Puffs Top Sale punjivog Vape-a?<\/h5>\n<p>30ml<\/p>\n<h5>4.Koliko dimova mogu uzeti od ovog Big Bang 25k Puffs?<\/h5>\n<p>\u2013 25000 Dimova<\/p>\n<h3>Zna\u010dajke jednokratnog Vape poda Bang With a Vape 25000 Puffs:<\/h3>\n<p>&nbsp;<\/p>\n<ul>\n<li>\u00a0Teku\u0107ina: 30 ml unaprijed napunjenog ulo\u0161ka e-teku\u0107ine<\/li>\n<li>Nikotin: 2\/5% Nikotinski Solt<\/li>\n<li>\u00a0Vrste: LCD jednokratni Vape<\/li>\n<li>\u00a0bateriju od 650 mAh<\/li>\n<li>\u00a01.0 Mesh zavojnica<\/li>\n<li>\u00a0Tip-c punjivo<\/li>\n<li>\u00a0Dostupno 12 okusa<\/li>\n<\/ul>\n<p>&nbsp;<\/p>\n<h3><strong>Okusi Big Puff Bang Vape 25k Puffs?<\/strong><\/h3>\n<p>1.Ledena borovnica<\/p>\n<p>2. Jagoda Kivi<\/p>\n<p>3. Jagoda Lubenica<\/p>\n<p>4.Mije\u0161ano vo\u0107e<\/p>\n<p>5.Borovnica menta<\/p>\n<p>6.Tigrova krv<\/p>\n<p>7.Mango breskva<\/p>\n<p>8.Led od gro\u017e\u0111a<\/p>\n<p>9.Borovnica malina<\/p>\n<p>10. Lubenica s ledom<\/p>\n<p>11.\u017dvaka\u0107a guma od lubenice<\/p>\n<p>12.Led od jagode<\/p>\n<p><a href=\"https:\/\/vapebulkp.com\/hr\/product\/popular-randm-tornado-7000puffs-disposable-vape-best-price\/\"><span style=\"vertical-align: inherit\">RandM Tornado 7000 Udisaja <\/span><\/a><\/p>\n<p><span style=\"vertical-align: inherit\">Prona\u0111ite vi\u0161e proizvoda koji bi vam se mogli svidjeti:<\/span><em><a href=\"https:\/\/wa.me\/8618077105796\"><span style=\"vertical-align: inherit\">\u00a0Kupite sada<\/span><\/a><\/em><\/p>\n<p><span style=\"vertical-align: inherit\">Ostali Puffs koji bi vam se mogli svidjeti:<\/span><a href=\"https:\/\/vapebulkp.com\/hr\/product\/bang-with-a-vape-gear-20000-puffs-discount-price\/\"><span style=\"vertical-align: inherit\">Bang Gear Vape 20000 Puffs<\/span><\/a><span style=\"vertical-align: inherit\">\u3001<\/span><a href=\"https:\/\/vapebulkp.com\/hr\/product\/vapme-crystal-30000-puffs-3in1-disposable-vape-wholesale-price\/\"><span style=\"vertical-align: inherit\">Vapme Crystal 30000 Udisaja<\/span><\/a><span style=\"vertical-align: inherit\">\/ <\/span><a href=\"https:\/\/vapebulkp.com\/hr\/product\/bang-king-12000puffs\/\"><span style=\"vertical-align: inherit\">Bang King 12000 Puhova<\/span><\/a><span style=\"vertical-align: inherit\">\/ <\/span><a href=\"https:\/\/vapebulkp.com\/hr\/product\/uzy-qute-800-puffs-original-disposable-vape\/\"><span style=\"vertical-align: inherit\">UZY QUTE 800 Puffs<\/span><\/a><\/p>\n<p><span style=\"vertical-align: inherit\">E-cigareta posebnog oblika boce:<\/span><a href=\"https:\/\/vapebulkp.com\/hr\/product\/vozol-vista-40000-puffs-vape-wholesale-best-price\/\"><span style=\"vertical-align: inherit\"> Vozol Vista 40000 Udisaja<\/span><\/a><span style=\"vertical-align: inherit\">\/ <\/span><a href=\"https:\/\/vapebulkp.com\/hr\/fi\/product\/best-price-wga-crystal-pro-max-15k-puffs-original-vape\/\"><span style=\"vertical-align: inherit\">\u00a0WGA Crystal pro max 15k Puffs <\/span><\/a><span style=\"vertical-align: inherit\">\/<\/span><a href=\"https:\/\/vapebulkp.com\/hr\/product\/bood-lumo-60000-puffs-best-price-disposable-vape-2-5-nicotine\/\"><span style=\"vertical-align: inherit\"> BOOD LUMO 60000 Udisaja<\/span><\/a><\/p>\n<h5>Kvalifikacija proizvodnje:<\/h5>\n<p><img decoding=\"async\" class=\"alignnone size-full wp-image-1841\" src=\"http:\/\/vapebulkp.com\/wp-content\/uploads\/2023\/11\/Vape-production-process-2.jpeg\" alt=\"Proces proizvodnje vape ure\u0111aja\" width=\"650\" height=\"434\" srcset=\"https:\/\/vapebulkp.com\/wp-content\/uploads\/2023\/11\/Vape-production-process-2.jpeg 650w, https:\/\/vapebulkp.com\/wp-content\/uploads\/2023\/11\/Vape-production-process-2-300x200.jpeg 300w, https:\/\/vapebulkp.com\/wp-content\/uploads\/2023\/11\/Vape-production-process-2-600x401.jpeg 600w\" sizes=\"(max-width: 650px) 100vw, 650px\" \/><\/p>\n<p><img decoding=\"async\" class=\"alignnone size-full wp-image-1843\" src=\"http:\/\/vapebulkp.com\/wp-content\/uploads\/2023\/11\/Vape-production-process.jpeg\" alt=\"Proces proizvodnje vape ure\u0111aja\" width=\"641\" height=\"1026\" srcset=\"https:\/\/vapebulkp.com\/wp-content\/uploads\/2023\/11\/Vape-production-process.jpeg 641w, https:\/\/vapebulkp.com\/wp-content\/uploads\/2023\/11\/Vape-production-process-187x300.jpeg 187w, https:\/\/vapebulkp.com\/wp-content\/uploads\/2023\/11\/Vape-production-process-640x1024.jpeg 640w, https:\/\/vapebulkp.com\/wp-content\/uploads\/2023\/11\/Vape-production-process-600x960.jpeg 600w\" sizes=\"(max-width: 641px) 100vw, 641px\" \/><\/p>\n<h4>\u010cesta pitanja:<\/h4>\n<p>P: Koji je MOQ za Best Sale Bang Vape 25000 Puffs?<br \/>\nO: Minimalna narud\u017eba je 100 komada.<br \/>\nP: Koje je vrijeme isporuke za vape koji sam naru\u010dio?<br \/>\nO: Obi\u010dno je 10-15 dana nakon slanja<br \/>\nP: Koliko iznosi tro\u0161ak dostave?O: Tro\u0161ak dostave ovisi o te\u017eini. Razli\u010dite koli\u010dine imaju razli\u010dite tro\u0161kove dostave, molimo kontaktirajte nas kako bismo potvrdili tro\u0161ak dostave.<\/p>\n<h4>Detalji dostave:<\/h4>\n<p><span style=\"color: #ff6600\">Vrijeme proizvodnje: 5-10 radnih dana<\/span><br \/>\n<span style=\"color: #ff6600\">Vrijeme isporuke: 8-14 radnih dana<\/span><\/p>\n<p>Svi proizvodi u na\u0161oj trgovini su 100% originalni i autenti\u010dni, stoga je desetostruka naknada za la\u017enu robu na\u0161a politika trgovine. Za dostavu koristimo logisti\u010dke kanale kao \u0161to su UPS\/DHL\/FEDEX\/DPD.<\/p>\n<p>Za pakete poslane u Hrvatsku obi\u010dno je potrebno 10 radnih dana da stignu. Dostava u europske zemlje obi\u010dno traje 12 do 15 radnih dana da stigne. Logisti\u010dke informacije \u0107emo a\u017eurirati za vas u stvarnom vremenu.<\/p>","protected":false},"excerpt":{"rendered":"<p>Najprodavaniji Vape Bang Vape 25000Puffs\u00a0 HQ\u00a0 Vape<\/p>\n<p>Molimo kontaktirajte Mandy's WhatsApp za cijenu s popustom<a href=\"https:\/\/wa.me\/8618077105796\">+8618077105796<\/a><\/p>\n<p><img decoding=\"async\" class=\"alignnone wp-image-2151\" src=\"http:\/\/vapebulkp.com\/wp-content\/uploads\/2024\/04\/Mandy-WhatsApp-Randm.jpg\" alt=\"Mandy WhatsApp Randm\" width=\"297\" height=\"316\" srcset=\"https:\/\/vapebulkp.com\/wp-content\/uploads\/2024\/04\/Mandy-WhatsApp-Randm.jpg 916w, https:\/\/vapebulkp.com\/wp-content\/uploads\/2024\/04\/Mandy-WhatsApp-Randm-282x300.jpg 282w, https:\/\/vapebulkp.com\/wp-content\/uploads\/2024\/04\/Mandy-WhatsApp-Randm-768x817.jpg 768w, https:\/\/vapebulkp.com\/wp-content\/uploads\/2024\/04\/Mandy-WhatsApp-Randm-600x638.jpg 600w\" sizes=\"(max-width: 297px) 100vw, 297px\" \/><\/p>\n<p><span style=\"color: #ff0000\">NAPOMENA: Cijene na na\u0161oj web stranici ne uklju\u010duju tro\u0161kove dostave<\/span><\/p>\n<p>&nbsp;<\/p>","protected":false},"featured_media":2523,"comment_status":"open","ping_status":"closed","template":"","meta":{"_uag_custom_page_level_css":"","_lmt_disableupdate":"no","_lmt_disable":"","site-sidebar-layout":"default","site-content-layout":"content-boxed-container","ast-site-content-layout":"normal-width-container","site-content-style":"boxed","site-sidebar-style":"unboxed","ast-global-header-display":"","ast-banner-title-visibility":"","ast-main-header-display":"","ast-hfb-above-header-display":"","ast-hfb-below-header-display":"","ast-hfb-mobile-header-display":"","site-post-title":"","ast-breadcrumbs-content":"","ast-featured-img":"","footer-sml-layout":"","theme-transparent-header-meta":"default","adv-header-id-meta":"","stick-header-meta":"","header-above-stick-meta":"","header-main-stick-meta":"","header-below-stick-meta":"","astra-migrate-meta-layouts":"set","_joinchat":[]},"product_cat":[161,153,345,155,33,59,100,34,158,157,154,152,58,84,156,63,32],"product_tag":[137,36,37,41,40],"class_list":["post-2532","product","type-product","status-publish","has-post-thumbnail","hentry","product_cat-25000-puffs-disposable-vape","product_cat-hot-disposable-vapes","product_cat-bang-vapes","product_cat-belgium-hot-disposable-vapes","product_cat-france-vape-hot-sale","product_cat-germany-hot-disposable-vape","product_cat-germany-wholesale-vape-shop","product_cat-netherlands-vape-good-sale","product_cat-norway-hot-disposable-vapes","product_cat-poland-hot-disposable-vapes","product_cat-portugal-hot-disposable-vapes","product_cat-spain-hot-disposable-vapes","product_cat-sweden-hot-disposable-vape","product_cat-sweden-wholesale-vape","product_cat-switzerland-hot-disposable-vapes","product_cat-top-sale-disposable-vape","product_cat-vape-hot-sale-this-week","product_tag-25000puffs","product_tag-good-vape","product_tag-hot-sale-disposable-vape","product_tag-poland-hot-vape","product_tag-sweden-hot-vape","pa_brand-bang-king-vape","desktop-align-left","tablet-align-left","mobile-align-left"],"yoast_head":"<!-- This site is optimized with the Yoast SEO plugin v21.1 - https:\/\/yoast.com\/wordpress\/plugins\/seo\/ -->\n<title>Bang 25000Puffs LCD Screen Rechargeable Vape - vapebulkp.com<\/title>\n<meta name=\"description\" content=\"Bang Vape 25000 Puffs features an elegant design that is ergonomic, practical and stylish. It is equipped with a real-time battery and power display, a dual HD screen for a refined touch, a 650 mAh battery, and advanced model settings are usually included.\" \/>\n<meta name=\"robots\" content=\"index, follow, max-snippet:-1, max-image-preview:large, max-video-preview:-1\" \/>\n<link rel=\"canonical\" href=\"https:\/\/vapebulkp.com\/hr\/product\/bang-25000puffs-lcd-screen-rechargeable-vape\/\" \/>\n<meta property=\"og:locale\" content=\"hr_HR\" \/>\n<meta property=\"og:type\" content=\"article\" \/>\n<meta property=\"og:title\" content=\"Bang 25000Puffs LCD Screen Rechargeable Vape - vapebulkp.com\" \/>\n<meta property=\"og:description\" content=\"Bang Vape 25000 Puffs features an elegant design that is ergonomic, practical and stylish. It is equipped with a real-time battery and power display, a dual HD screen for a refined touch, a 650 mAh battery, and advanced model settings are usually included.\" \/>\n<meta property=\"og:url\" content=\"https:\/\/vapebulkp.com\/hr\/product\/bang-25000puffs-lcd-screen-rechargeable-vape\/\" \/>\n<meta property=\"og:site_name\" content=\"vapebulkp.com\" \/>\n<meta property=\"article:modified_time\" content=\"2025-09-24T03:21:02+00:00\" \/>\n<meta property=\"og:image\" content=\"http:\/\/vapebulkp.com\/wp-content\/uploads\/2024\/06\/Big-Puffs-Bang-25000Puffs.jpg\" \/>\n\t<meta property=\"og:image:width\" content=\"1000\" \/>\n\t<meta property=\"og:image:height\" content=\"1000\" \/>\n\t<meta property=\"og:image:type\" content=\"image\/jpeg\" \/>\n<meta name=\"twitter:card\" content=\"summary_large_image\" \/>\n<meta name=\"twitter:label1\" content=\"Procijenjeno vrijeme \u010ditanja\" \/>\n\t<meta name=\"twitter:data1\" content=\"4 minute\" \/>\n<script type=\"application\/ld+json\" class=\"yoast-schema-graph\">{\"@context\":\"https:\/\/schema.org\",\"@graph\":[{\"@type\":\"WebPage\",\"@id\":\"https:\/\/vapebulkp.com\/product\/bang-25000puffs-lcd-screen-rechargeable-vape\/\",\"url\":\"https:\/\/vapebulkp.com\/product\/bang-25000puffs-lcd-screen-rechargeable-vape\/\",\"name\":\"Bang 25000Puffs LCD Screen Rechargeable Vape - vapebulkp.com\",\"isPartOf\":{\"@id\":\"https:\/\/vapebulkp.com\/#website\"},\"datePublished\":\"2024-06-06T09:02:46+00:00\",\"dateModified\":\"2025-09-24T03:21:02+00:00\",\"description\":\"Bang Vape 25000 Puffs features an elegant design that is ergonomic, practical and stylish. It is equipped with a real-time battery and power display, a dual HD screen for a refined touch, a 650 mAh battery, and advanced model settings are usually included.\",\"breadcrumb\":{\"@id\":\"https:\/\/vapebulkp.com\/product\/bang-25000puffs-lcd-screen-rechargeable-vape\/#breadcrumb\"},\"inLanguage\":\"hr\",\"potentialAction\":[{\"@type\":\"ReadAction\",\"target\":[\"https:\/\/vapebulkp.com\/product\/bang-25000puffs-lcd-screen-rechargeable-vape\/\"]}]},{\"@type\":\"BreadcrumbList\",\"@id\":\"https:\/\/vapebulkp.com\/product\/bang-25000puffs-lcd-screen-rechargeable-vape\/#breadcrumb\",\"itemListElement\":[{\"@type\":\"ListItem\",\"position\":1,\"name\":\"Home\",\"item\":\"https:\/\/vapebulkp.com\/\"},{\"@type\":\"ListItem\",\"position\":2,\"name\":\"Hot Trend Vapes\",\"item\":\"https:\/\/vapebulkp.com\/vape-shop\/\"},{\"@type\":\"ListItem\",\"position\":3,\"name\":\"Bang 25000Puffs LCD Screen Rechargeable Vape\"}]},{\"@type\":\"WebSite\",\"@id\":\"https:\/\/vapebulkp.com\/#website\",\"url\":\"https:\/\/vapebulkp.com\/\",\"name\":\"vapebulkp.com\",\"description\":\"Buy Vape In Cheap Bulk Price Near you\",\"publisher\":{\"@id\":\"https:\/\/vapebulkp.com\/#organization\"},\"potentialAction\":[{\"@type\":\"SearchAction\",\"target\":{\"@type\":\"EntryPoint\",\"urlTemplate\":\"https:\/\/vapebulkp.com\/?s={search_term_string}\"},\"query-input\":\"required name=search_term_string\"}],\"inLanguage\":\"hr\"},{\"@type\":\"Organization\",\"@id\":\"https:\/\/vapebulkp.com\/#organization\",\"name\":\"vapebulkp.com\",\"url\":\"https:\/\/vapebulkp.com\/\",\"logo\":{\"@type\":\"ImageObject\",\"inLanguage\":\"hr\",\"@id\":\"https:\/\/vapebulkp.com\/#\/schema\/logo\/image\/\",\"url\":\"https:\/\/vapebulkp.com\/wp-content\/uploads\/2023\/09\/cropped-vapebulkp.png\",\"contentUrl\":\"https:\/\/vapebulkp.com\/wp-content\/uploads\/2023\/09\/cropped-vapebulkp.png\",\"width\":516,\"height\":163,\"caption\":\"vapebulkp.com\"},\"image\":{\"@id\":\"https:\/\/vapebulkp.com\/#\/schema\/logo\/image\/\"}}]}<\/script>\n<!-- \/ Yoast SEO plugin. -->","yoast_head_json":{"title":"Bang 25000Puffs LCD Screen Rechargeable Vape - vapebulkp.com","description":"Bang Vape 25000 Puffs features an elegant design that is ergonomic, practical and stylish. It is equipped with a real-time battery and power display, a dual HD screen for a refined touch, a 650 mAh battery, and advanced model settings are usually included.","robots":{"index":"index","follow":"follow","max-snippet":"max-snippet:-1","max-image-preview":"max-image-preview:large","max-video-preview":"max-video-preview:-1"},"canonical":"https:\/\/vapebulkp.com\/hr\/product\/bang-25000puffs-lcd-screen-rechargeable-vape\/","og_locale":"hr_HR","og_type":"article","og_title":"Bang 25000Puffs LCD Screen Rechargeable Vape - vapebulkp.com","og_description":"Bang Vape 25000 Puffs features an elegant design that is ergonomic, practical and stylish. It is equipped with a real-time battery and power display, a dual HD screen for a refined touch, a 650 mAh battery, and advanced model settings are usually included.","og_url":"https:\/\/vapebulkp.com\/hr\/product\/bang-25000puffs-lcd-screen-rechargeable-vape\/","og_site_name":"vapebulkp.com","article_modified_time":"2025-09-24T03:21:02+00:00","og_image":[{"width":1000,"height":1000,"url":"http:\/\/vapebulkp.com\/wp-content\/uploads\/2024\/06\/Big-Puffs-Bang-25000Puffs.jpg","type":"image\/jpeg"}],"twitter_card":"summary_large_image","twitter_misc":{"Procijenjeno vrijeme \u010ditanja":"4 minute"},"schema":{"@context":"https:\/\/schema.org","@graph":[{"@type":"WebPage","@id":"https:\/\/vapebulkp.com\/product\/bang-25000puffs-lcd-screen-rechargeable-vape\/","url":"https:\/\/vapebulkp.com\/product\/bang-25000puffs-lcd-screen-rechargeable-vape\/","name":"Bang 25000Puffs LCD Screen Rechargeable Vape - vapebulkp.com","isPartOf":{"@id":"https:\/\/vapebulkp.com\/#website"},"datePublished":"2024-06-06T09:02:46+00:00","dateModified":"2025-09-24T03:21:02+00:00","description":"Bang Vape 25000 Puffs features an elegant design that is ergonomic, practical and stylish. It is equipped with a real-time battery and power display, a dual HD screen for a refined touch, a 650 mAh battery, and advanced model settings are usually included.","breadcrumb":{"@id":"https:\/\/vapebulkp.com\/product\/bang-25000puffs-lcd-screen-rechargeable-vape\/#breadcrumb"},"inLanguage":"hr","potentialAction":[{"@type":"ReadAction","target":["https:\/\/vapebulkp.com\/product\/bang-25000puffs-lcd-screen-rechargeable-vape\/"]}]},{"@type":"BreadcrumbList","@id":"https:\/\/vapebulkp.com\/product\/bang-25000puffs-lcd-screen-rechargeable-vape\/#breadcrumb","itemListElement":[{"@type":"ListItem","position":1,"name":"Home","item":"https:\/\/vapebulkp.com\/"},{"@type":"ListItem","position":2,"name":"Hot Trend Vapes","item":"https:\/\/vapebulkp.com\/vape-shop\/"},{"@type":"ListItem","position":3,"name":"Bang 25000Puffs LCD Screen Rechargeable Vape"}]},{"@type":"WebSite","@id":"https:\/\/vapebulkp.com\/#website","url":"https:\/\/vapebulkp.com\/","name":"vapebulkp.com","description":"Buy Vape In Cheap Bulk Price Near you","publisher":{"@id":"https:\/\/vapebulkp.com\/#organization"},"potentialAction":[{"@type":"SearchAction","target":{"@type":"EntryPoint","urlTemplate":"https:\/\/vapebulkp.com\/?s={search_term_string}"},"query-input":"required name=search_term_string"}],"inLanguage":"hr"},{"@type":"Organization","@id":"https:\/\/vapebulkp.com\/#organization","name":"vapebulkp.com","url":"https:\/\/vapebulkp.com\/","logo":{"@type":"ImageObject","inLanguage":"hr","@id":"https:\/\/vapebulkp.com\/#\/schema\/logo\/image\/","url":"https:\/\/vapebulkp.com\/wp-content\/uploads\/2023\/09\/cropped-vapebulkp.png","contentUrl":"https:\/\/vapebulkp.com\/wp-content\/uploads\/2023\/09\/cropped-vapebulkp.png","width":516,"height":163,"caption":"vapebulkp.com"},"image":{"@id":"https:\/\/vapebulkp.com\/#\/schema\/logo\/image\/"}}]}},"uagb_featured_image_src":{"full":["https:\/\/vapebulkp.com\/wp-content\/uploads\/2024\/06\/Big-Puffs-Bang-25000Puffs.jpg",1000,1000,false],"thumbnail":["https:\/\/vapebulkp.com\/wp-content\/uploads\/2024\/06\/Big-Puffs-Bang-25000Puffs-150x150.jpg",150,150,true],"medium":["https:\/\/vapebulkp.com\/wp-content\/uploads\/2024\/06\/Big-Puffs-Bang-25000Puffs-300x300.jpg",300,300,true],"medium_large":["https:\/\/vapebulkp.com\/wp-content\/uploads\/2024\/06\/Big-Puffs-Bang-25000Puffs-768x768.jpg",768,768,true],"large":["https:\/\/vapebulkp.com\/wp-content\/uploads\/2024\/06\/Big-Puffs-Bang-25000Puffs.jpg",1000,1000,false],"1536x1536":["https:\/\/vapebulkp.com\/wp-content\/uploads\/2024\/06\/Big-Puffs-Bang-25000Puffs.jpg",1000,1000,false],"2048x2048":["https:\/\/vapebulkp.com\/wp-content\/uploads\/2024\/06\/Big-Puffs-Bang-25000Puffs.jpg",1000,1000,false],"trp-custom-language-flag":["https:\/\/vapebulkp.com\/wp-content\/uploads\/2024\/06\/Big-Puffs-Bang-25000Puffs.jpg",12,12,false],"woocommerce_thumbnail":["https:\/\/vapebulkp.com\/wp-content\/uploads\/2024\/06\/Big-Puffs-Bang-25000Puffs-300x300.jpg",300,300,true],"woocommerce_single":["https:\/\/vapebulkp.com\/wp-content\/uploads\/2024\/06\/Big-Puffs-Bang-25000Puffs-600x600.jpg",600,600,true],"woocommerce_gallery_thumbnail":["https:\/\/vapebulkp.com\/wp-content\/uploads\/2024\/06\/Big-Puffs-Bang-25000Puffs-100x100.jpg",100,100,true],"wcpr-photo-reviews":["https:\/\/vapebulkp.com\/wp-content\/uploads\/2024\/06\/Big-Puffs-Bang-25000Puffs.jpg",500,500,false]},"uagb_author_info":{"display_name":"Mandy vape bulk price","author_link":"https:\/\/vapebulkp.com\/hr\/author\/"},"uagb_comment_info":0,"uagb_excerpt":"Top Sale Vape Bang Vape 25000Puffs\u00a0 HQ\u00a0 Vape Pls Contact Mandy's WhatsApp For Discount Price+8618077105796 NOTE: Prices on our website does not include shipping costs &nbsp;","_links":{"self":[{"href":"https:\/\/vapebulkp.com\/hr\/wp-json\/wp\/v2\/product\/2532","targetHints":{"allow":["GET"]}}],"collection":[{"href":"https:\/\/vapebulkp.com\/hr\/wp-json\/wp\/v2\/product"}],"about":[{"href":"https:\/\/vapebulkp.com\/hr\/wp-json\/wp\/v2\/types\/product"}],"replies":[{"embeddable":true,"href":"https:\/\/vapebulkp.com\/hr\/wp-json\/wp\/v2\/comments?post=2532"}],"wp:featuredmedia":[{"embeddable":true,"href":"https:\/\/vapebulkp.com\/hr\/wp-json\/wp\/v2\/media\/2523"}],"wp:attachment":[{"href":"https:\/\/vapebulkp.com\/hr\/wp-json\/wp\/v2\/media?parent=2532"}],"wp:term":[{"taxonomy":"product_cat","embeddable":true,"href":"https:\/\/vapebulkp.com\/hr\/wp-json\/wp\/v2\/product_cat?post=2532"},{"taxonomy":"product_tag","embeddable":true,"href":"https:\/\/vapebulkp.com\/hr\/wp-json\/wp\/v2\/product_tag?post=2532"}],"curies":[{"name":"wp","href":"https:\/\/api.w.org\/{rel}","templated":true}]}}