{"id":2542,"date":"2024-06-07T11:26:21","date_gmt":"2024-06-07T09:26:21","guid":{"rendered":"https:\/\/vapebulkp.com\/?post_type=product&#038;p=2542"},"modified":"2025-09-16T11:29:33","modified_gmt":"2025-09-16T09:29:33","slug":"bang-30k-puffs-new-double-taste-good-vape","status":"publish","type":"product","link":"https:\/\/vapebulkp.com\/hr\/product\/bang-30k-puffs-new-double-taste-good-vape\/","title":{"rendered":"Bang 30k Puffs Nova Dvostruki Okus Dobra Vape"},"content":{"rendered":"<h2 style=\"text-align: left\">Bang 30k Puffs Nova Dvostruki Okus Dobra Vape<\/h2>\n<p>&nbsp;<\/p>\n<p>Bang 30k Puffs Nova Dvostruki Okus Dobra Vapa izra\u0111ena kako bi pobolj\u0161ala va\u0161e iskustvo vapinga. S nevjerojatnim kapacitetom od 30.000 udisaja, ova <a href=\"https:\/\/vapebulkp.com\/hr\/product-category\/30000-puff-disposable-vape\/\"><strong>30000 Puffs Jednokratni Vape<\/strong><\/a> je savr\u0161ena za posve\u0107ene vapere koji tra\u017ee dugotrajnost.<\/p>\n<p>Sadr\u017ee\u0107i naprednu mesh zavojnicu od 1.0ohm, Bang 30000 isporu\u010duje glatku, dosljednu paru, pobolj\u0161avaju\u0107i okus svakog udisaja. S zna\u010dajnim kapacitetom od 36 ml e-teku\u0107ine, ne\u0107ete se morati brinuti o \u010destim nadopunjavanjima, omogu\u0107uju\u0107i dugotrajnu upotrebu. Dostupna u ja\u010dinama nikotina od 0%, 2%, 3% i 5%, ova vapa zadovoljava razli\u010dite preferencije.<\/p>\n<p>Ure\u0111aj je napajan robusnom baterijom od 550 mAh, osiguravaju\u0107i neprekinute sesije vapinga. USB-C priklju\u010dak za punjenje nudi brzo i u\u010dinkovito punjenje, tako da nikada ne \u010dekate. Osim toga, LED digitalni zaslon vas obavje\u0161tava o razini baterije i e-teku\u0107ine, osiguravaju\u0107i da ste uvijek informirani.<\/p>\n<p>Jedna od istaknutih zna\u010dajki Bang 30000 je njegova tehnologija dvostrukog okusa, koja vam omogu\u0107uje prebacivanje izme\u0111u dva razli\u010dita okusa za dinami\u010dno iskustvo vapinga. Ova zna\u010dajka dodaje svestranost i u\u017eitak va\u0161im sesijama.<\/p>\n<p>Kombiniraju\u0107i prakti\u010dnost s visokim performansama, Bang 30000 Puffs Dvostruki Okus Jednokratna Vapa idealna je i za po\u010detnike i za iskusne vapere. Njen veliki kapacitet, jednostavnost upotrebe i vrhunski okus \u010dine je vode\u0107im izborom na tr\u017ei\u0161tu. Odaberite Bang 30000 za prilagodljivo i ukusno putovanje vapingom.<\/p>\n<p><img decoding=\"async\" class=\"alignnone wp-image-2537\" src=\"http:\/\/vapebulkp.com\/wp-content\/uploads\/2024\/06\/Bang-30000-Puffs-Discount-Price-Sweden.jpg\" alt=\"Bang 30000 Puffs Cijena s Popustom \u0160vedska\" width=\"515\" height=\"515\" srcset=\"https:\/\/vapebulkp.com\/wp-content\/uploads\/2024\/06\/Bang-30000-Puffs-Discount-Price-Sweden.jpg 1080w, https:\/\/vapebulkp.com\/wp-content\/uploads\/2024\/06\/Bang-30000-Puffs-Discount-Price-Sweden-300x300.jpg 300w, https:\/\/vapebulkp.com\/wp-content\/uploads\/2024\/06\/Bang-30000-Puffs-Discount-Price-Sweden-1024x1024.jpg 1024w, https:\/\/vapebulkp.com\/wp-content\/uploads\/2024\/06\/Bang-30000-Puffs-Discount-Price-Sweden-150x150.jpg 150w, https:\/\/vapebulkp.com\/wp-content\/uploads\/2024\/06\/Bang-30000-Puffs-Discount-Price-Sweden-768x768.jpg 768w, https:\/\/vapebulkp.com\/wp-content\/uploads\/2024\/06\/Bang-30000-Puffs-Discount-Price-Sweden-600x600.jpg 600w, https:\/\/vapebulkp.com\/wp-content\/uploads\/2024\/06\/Bang-30000-Puffs-Discount-Price-Sweden-100x100.jpg 100w\" sizes=\"(max-width: 515px) 100vw, 515px\" \/><\/p>\n<h6>Molimo kontaktirajte Mandy's WhatsApp za cijenu s popustom<a href=\"https:\/\/wa.me\/8618077105796\">+8618077105796<\/a><\/h6>\n<p><img decoding=\"async\" class=\"alignnone wp-image-2151\" src=\"http:\/\/vapebulkp.com\/wp-content\/uploads\/2024\/04\/Mandy-WhatsApp-Randm.jpg\" alt=\"Mandy WhatsApp Randm\" width=\"324\" height=\"330\" \/><\/p>\n<h2>Mislili smo da biste \u017eeljeli znati o Bang s vapom 30000Puffs E-cigarete:<\/h2>\n<h5>1.Kako koristiti Bang 30k Puffs Vape Pen?<\/h5>\n<p>Korak 1. Prije uporabe 30k udisaja, uklonite plasti\u010dnu cijev.<\/p>\n<p>Korak 2. Pri\u010dekajte oko 3 minute da sok u\u0111e u zavojnicu unutra.<\/p>\n<p>Korak 3. U\u017eivajte<\/p>\n<h5>2.Kako napuniti jednokratnu vapu Bang King Vape 30k Puffs?<\/h5>\n<p>Ne smiju se koristiti brzi punja\u010di, a standardna sigurna snaga jednokratnih elektroni\u010dkih cigareta je 5V 1A.<\/p>\n<p>Svako punjenje ne smije trajati du\u017ee od 1 sata, a sigurno vrijeme punjenja je pola sata.<\/p>\n<p><span style=\"color: #ff6600\">Napomena: ne punite cijelu no\u0107!<\/span><\/p>\n<h5>3.Koji je kapacitet e-teku\u0107ine Bang 30000 Puffs Top Sale Punjiva Vapa?<\/h5>\n<p>30ml<\/p>\n<h5>4.Koliko udisaja mogu uzeti od ovog Big Bang 30k Puffs?<\/h5>\n<p>\u2014\u201330000Udisaja<\/p>\n<h3>Bang s vapom 30000 Puffs Jednokratna Vapa Pod Zna\u010dajke:<\/h3>\n<p>&nbsp;<\/p>\n<ul>\n<li>\u00a0Teku\u0107ina: 36 ml prednapunjeni ulo\u017eak za e-teku\u0107inu<\/li>\n<li>Nikotin: 2\/5% Nikotinski Solt<\/li>\n<li>Punja\u010d <strong>:\u00a0<\/strong>Tip C<\/li>\n<li>\u00a0Baterija od 550 mAh<\/li>\n<li>\u00a01.0 Mesh zavojnica<\/li>\n<li>\u00a0Tip-c punjivo<\/li>\n<li>\u00a0Dostupno 12 okusa<\/li>\n<\/ul>\n<p>&nbsp;<\/p>\n<h3><strong>Veleprodaja jednokratnih Vape Bang Vape 30k Puffs Okusi:<\/strong><\/h3>\n<p>1. lubenica led<br \/>\n2. lubenica led<br \/>\n3. jagoda lubenica<br \/>\n4. jagoda i lubenica<br \/>\n5. borovnica led<br \/>\n6. borovnica led<br \/>\n7. red bull<br \/>\n8. red bull<br \/>\n9. borovnica malina<br \/>\n10. borovnica malina<br \/>\n11. jagoda kivi<br \/>\n12. jagoda kivi<\/p>\n<p><a href=\"https:\/\/vapebulkp.com\/hr\/product\/popular-randm-tornado-7000puffs-disposable-vape-best-price\/\"><span style=\"vertical-align: inherit\">RandM Tornado 7000 Udisaja <\/span><\/a><\/p>\n<p><span style=\"vertical-align: inherit\">Prona\u0111ite vi\u0161e proizvoda koji bi vam se mogli svidjeti:<\/span><em><a href=\"https:\/\/wa.me\/8618077105796\"><span style=\"vertical-align: inherit\">\u00a0Kupite sada<\/span><\/a><\/em><\/p>\n<p><span style=\"vertical-align: inherit\">Ostali Puffs koji bi vam se mogli svidjeti:<\/span><a href=\"https:\/\/vapebulkp.com\/hr\/product\/bang-with-a-vape-gear-20000-puffs-discount-price\/\"><span style=\"vertical-align: inherit\">Bang Gear Vape 20000 Puffs<\/span><\/a><span style=\"vertical-align: inherit\">\u3001<\/span><a href=\"https:\/\/vapebulkp.com\/hr\/product\/wholesale-randm-tornado-9000-puffs-germany\/\"><span style=\"vertical-align: inherit\">RandM 9000 Udisaja<\/span><\/a><span style=\"vertical-align: inherit\">\/ <\/span><a href=\"https:\/\/vapebulkp.com\/hr\/product\/bang-king-12000puffs\/\"><span style=\"vertical-align: inherit\">Bang King 12000 Puhova<\/span><\/a><span style=\"vertical-align: inherit\">\/ <\/span><a href=\"https:\/\/vapebulkp.com\/hr\/product\/uzy-qute-800-puffs-original-disposable-vape\/\"><span style=\"vertical-align: inherit\">UZY QUTE 800 Puffs<\/span><\/a><\/p>\n<p><span style=\"vertical-align: inherit\">E-cigareta posebnog oblika boce:<\/span><a href=\"https:\/\/vapebulkp.com\/hr\/product\/original-vape-bang-tn-12000-puffs-bang-vape\/\"><span style=\"vertical-align: inherit\"> Bang TN 12000 Udisaja<\/span><\/a><span style=\"vertical-align: inherit\">\/ <\/span><a href=\"https:\/\/vapebulkp.com\/hr\/fi\/product\/best-price-wga-crystal-pro-max-15k-puffs-original-vape\/\"><span style=\"vertical-align: inherit\">\u00a0WGA Crystal pro max 15k Puffs <\/span><\/a><span style=\"vertical-align: inherit\">\/<\/span><a href=\"https:\/\/vapebulkp.com\/hr\/product\/bang-tornado-12000-puffs-rechargeable-disposable-pod\/\"><span style=\"vertical-align: inherit\"> Bang Tornado 12000 Mlaznica<\/span><\/a><\/p>\n<h5>Kvalifikacija proizvodnje:<\/h5>\n<p><img decoding=\"async\" class=\"alignnone size-full wp-image-1841\" src=\"http:\/\/vapebulkp.com\/wp-content\/uploads\/2023\/11\/Vape-production-process-2.jpeg\" alt=\"Proces proizvodnje vape ure\u0111aja\" width=\"650\" height=\"434\" srcset=\"https:\/\/vapebulkp.com\/wp-content\/uploads\/2023\/11\/Vape-production-process-2.jpeg 650w, https:\/\/vapebulkp.com\/wp-content\/uploads\/2023\/11\/Vape-production-process-2-300x200.jpeg 300w, https:\/\/vapebulkp.com\/wp-content\/uploads\/2023\/11\/Vape-production-process-2-600x401.jpeg 600w\" sizes=\"(max-width: 650px) 100vw, 650px\" \/><\/p>\n<p><img decoding=\"async\" class=\"alignnone size-full wp-image-1843\" src=\"http:\/\/vapebulkp.com\/wp-content\/uploads\/2023\/11\/Vape-production-process.jpeg\" alt=\"Proces proizvodnje vape ure\u0111aja\" width=\"641\" height=\"1026\" srcset=\"https:\/\/vapebulkp.com\/wp-content\/uploads\/2023\/11\/Vape-production-process.jpeg 641w, https:\/\/vapebulkp.com\/wp-content\/uploads\/2023\/11\/Vape-production-process-187x300.jpeg 187w, https:\/\/vapebulkp.com\/wp-content\/uploads\/2023\/11\/Vape-production-process-640x1024.jpeg 640w, https:\/\/vapebulkp.com\/wp-content\/uploads\/2023\/11\/Vape-production-process-600x960.jpeg 600w\" sizes=\"(max-width: 641px) 100vw, 641px\" \/><\/p>\n<h4>\u010cesta pitanja:<\/h4>\n<p>P: Koji je MOQ za Best Sale Bang Vape 30000 Puffs?<br \/>\nO: Minimalna narud\u017eba je 100 komada.<br \/>\nP: Koje je vrijeme isporuke za vape koji sam naru\u010dio?<br \/>\nO: Obi\u010dno je 10-15 dana nakon slanja<br \/>\nP: Koliko iznosi tro\u0161ak dostave?O: Tro\u0161ak dostave ovisi o te\u017eini. Razli\u010dite koli\u010dine imaju razli\u010dite tro\u0161kove dostave, molimo kontaktirajte nas kako bismo potvrdili tro\u0161ak dostave.<\/p>\n<h4>Detalji dostave:<\/h4>\n<p><span style=\"color: #ff6600\">Vrijeme proizvodnje: 5-10 radnih dana<\/span><br \/>\n<span style=\"color: #ff6600\">Vrijeme isporuke: 8-14 radnih dana<\/span><\/p>\n<p>Svi proizvodi u na\u0161oj trgovini su 100% originalni i autenti\u010dni, stoga je desetostruka naknada za la\u017enu robu na\u0161a politika trgovine. Za dostavu koristimo logisti\u010dke kanale kao \u0161to su UPS\/DHL\/FEDEX\/DPD.<\/p>\n<p>Za pakete poslane u Hrvatsku obi\u010dno je potrebno 10 radnih dana da stignu. Dostava u europske zemlje obi\u010dno traje 12 do 15 radnih dana da stigne. Logisti\u010dke informacije \u0107emo a\u017eurirati za vas u stvarnom vremenu.<\/p>","protected":false},"excerpt":{"rendered":"<p><strong>Bang 30000 udisaja<\/strong> Dvostruki Okus Jednokratna Vapa Bang Vape 30k Puffs<\/p>\n<p>Molimo kontaktirajte Mandy's WhatsApp za cijenu s popustom<a href=\"https:\/\/wa.me\/8618077105796\">+8618077105796<\/a><\/p>\n<p><img decoding=\"async\" class=\"alignnone wp-image-2151\" src=\"http:\/\/vapebulkp.com\/wp-content\/uploads\/2024\/04\/Mandy-WhatsApp-Randm.jpg\" alt=\"Mandy WhatsApp Randm\" width=\"297\" height=\"316\" srcset=\"https:\/\/vapebulkp.com\/wp-content\/uploads\/2024\/04\/Mandy-WhatsApp-Randm.jpg 916w, https:\/\/vapebulkp.com\/wp-content\/uploads\/2024\/04\/Mandy-WhatsApp-Randm-282x300.jpg 282w, https:\/\/vapebulkp.com\/wp-content\/uploads\/2024\/04\/Mandy-WhatsApp-Randm-768x817.jpg 768w, https:\/\/vapebulkp.com\/wp-content\/uploads\/2024\/04\/Mandy-WhatsApp-Randm-600x638.jpg 600w\" sizes=\"(max-width: 297px) 100vw, 297px\" \/><\/p>\n<p><span style=\"color: #ff0000\">NAPOMENA: Cijene na na\u0161oj web stranici ne uklju\u010duju tro\u0161kove dostave<\/span><\/p>\n<p>&nbsp;<\/p>","protected":false},"featured_media":2539,"comment_status":"open","ping_status":"closed","template":"","meta":{"_uag_custom_page_level_css":"","_lmt_disableupdate":"no","_lmt_disable":"","site-sidebar-layout":"default","site-content-layout":"content-boxed-container","ast-site-content-layout":"normal-width-container","site-content-style":"boxed","site-sidebar-style":"unboxed","ast-global-header-display":"","ast-banner-title-visibility":"","ast-main-header-display":"","ast-hfb-above-header-display":"","ast-hfb-below-header-display":"","ast-hfb-mobile-header-display":"","site-post-title":"","ast-breadcrumbs-content":"","ast-featured-img":"","footer-sml-layout":"","theme-transparent-header-meta":"default","adv-header-id-meta":"","stick-header-meta":"","header-above-stick-meta":"","header-main-stick-meta":"","header-below-stick-meta":"","astra-migrate-meta-layouts":"set","_joinchat":[]},"product_cat":[160,153,345,155,33,59,100,34,158,157,154,152,58,84,156,63,32],"product_tag":[139,36,37,41,40],"class_list":["post-2542","product","type-product","status-publish","has-post-thumbnail","hentry","product_cat-30000-puff-disposable-vape","product_cat-hot-disposable-vapes","product_cat-bang-vapes","product_cat-belgium-hot-disposable-vapes","product_cat-france-vape-hot-sale","product_cat-germany-hot-disposable-vape","product_cat-germany-wholesale-vape-shop","product_cat-netherlands-vape-good-sale","product_cat-norway-hot-disposable-vapes","product_cat-poland-hot-disposable-vapes","product_cat-portugal-hot-disposable-vapes","product_cat-spain-hot-disposable-vapes","product_cat-sweden-hot-disposable-vape","product_cat-sweden-wholesale-vape","product_cat-switzerland-hot-disposable-vapes","product_cat-top-sale-disposable-vape","product_cat-vape-hot-sale-this-week","product_tag-30k-puffs","product_tag-good-vape","product_tag-hot-sale-disposable-vape","product_tag-poland-hot-vape","product_tag-sweden-hot-vape","pa_brand-bang-king-vape","desktop-align-left","tablet-align-left","mobile-align-left"],"yoast_head":"<!-- This site is optimized with the Yoast SEO plugin v21.1 - https:\/\/yoast.com\/wordpress\/plugins\/seo\/ -->\n<title>Bang 30k Puffs New Double Taste Good Vape - vapebulkp.com<\/title>\n<meta name=\"description\" content=\"The latest to hit the market is the Bang 30k Puffs New Double Taste Good Vape, a cutting-edge device designed for ultimate vaping enjoyment. This disposable electronic cigarette pen has an amazing 30,000 puffs suction power to ensure long-lasting use.\" \/>\n<meta name=\"robots\" content=\"index, follow, max-snippet:-1, max-image-preview:large, max-video-preview:-1\" \/>\n<link rel=\"canonical\" href=\"https:\/\/vapebulkp.com\/hr\/product\/bang-30k-puffs-new-double-taste-good-vape\/\" \/>\n<meta property=\"og:locale\" content=\"hr_HR\" \/>\n<meta property=\"og:type\" content=\"article\" \/>\n<meta property=\"og:title\" content=\"Bang 30k Puffs New Double Taste Good Vape - vapebulkp.com\" \/>\n<meta property=\"og:description\" content=\"The latest to hit the market is the Bang 30k Puffs New Double Taste Good Vape, a cutting-edge device designed for ultimate vaping enjoyment. This disposable electronic cigarette pen has an amazing 30,000 puffs suction power to ensure long-lasting use.\" \/>\n<meta property=\"og:url\" content=\"https:\/\/vapebulkp.com\/hr\/product\/bang-30k-puffs-new-double-taste-good-vape\/\" \/>\n<meta property=\"og:site_name\" content=\"vapebulkp.com\" \/>\n<meta property=\"article:modified_time\" content=\"2025-09-16T09:29:33+00:00\" \/>\n<meta property=\"og:image\" content=\"http:\/\/vapebulkp.com\/wp-content\/uploads\/2024\/06\/Bang-30000-Puffs-Good-Sale-Vape.jpg\" \/>\n\t<meta property=\"og:image:width\" content=\"1080\" \/>\n\t<meta property=\"og:image:height\" content=\"1517\" \/>\n\t<meta property=\"og:image:type\" content=\"image\/jpeg\" \/>\n<meta name=\"twitter:card\" content=\"summary_large_image\" \/>\n<meta name=\"twitter:label1\" content=\"Procijenjeno vrijeme \u010ditanja\" \/>\n\t<meta name=\"twitter:data1\" content=\"4 minute\" \/>\n<script type=\"application\/ld+json\" class=\"yoast-schema-graph\">{\"@context\":\"https:\/\/schema.org\",\"@graph\":[{\"@type\":\"WebPage\",\"@id\":\"https:\/\/vapebulkp.com\/product\/bang-30k-puffs-new-double-taste-good-vape\/\",\"url\":\"https:\/\/vapebulkp.com\/product\/bang-30k-puffs-new-double-taste-good-vape\/\",\"name\":\"Bang 30k Puffs New Double Taste Good Vape - vapebulkp.com\",\"isPartOf\":{\"@id\":\"https:\/\/vapebulkp.com\/#website\"},\"datePublished\":\"2024-06-07T09:26:21+00:00\",\"dateModified\":\"2025-09-16T09:29:33+00:00\",\"description\":\"The latest to hit the market is the Bang 30k Puffs New Double Taste Good Vape, a cutting-edge device designed for ultimate vaping enjoyment. This disposable electronic cigarette pen has an amazing 30,000 puffs suction power to ensure long-lasting use.\",\"breadcrumb\":{\"@id\":\"https:\/\/vapebulkp.com\/product\/bang-30k-puffs-new-double-taste-good-vape\/#breadcrumb\"},\"inLanguage\":\"hr\",\"potentialAction\":[{\"@type\":\"ReadAction\",\"target\":[\"https:\/\/vapebulkp.com\/product\/bang-30k-puffs-new-double-taste-good-vape\/\"]}]},{\"@type\":\"BreadcrumbList\",\"@id\":\"https:\/\/vapebulkp.com\/product\/bang-30k-puffs-new-double-taste-good-vape\/#breadcrumb\",\"itemListElement\":[{\"@type\":\"ListItem\",\"position\":1,\"name\":\"Home\",\"item\":\"https:\/\/vapebulkp.com\/\"},{\"@type\":\"ListItem\",\"position\":2,\"name\":\"Hot Trend Vapes\",\"item\":\"https:\/\/vapebulkp.com\/vape-shop\/\"},{\"@type\":\"ListItem\",\"position\":3,\"name\":\"Bang 30k Puffs New Double Taste Good Vape\"}]},{\"@type\":\"WebSite\",\"@id\":\"https:\/\/vapebulkp.com\/#website\",\"url\":\"https:\/\/vapebulkp.com\/\",\"name\":\"vapebulkp.com\",\"description\":\"Buy Vape In Cheap Bulk Price Near you\",\"publisher\":{\"@id\":\"https:\/\/vapebulkp.com\/#organization\"},\"potentialAction\":[{\"@type\":\"SearchAction\",\"target\":{\"@type\":\"EntryPoint\",\"urlTemplate\":\"https:\/\/vapebulkp.com\/?s={search_term_string}\"},\"query-input\":\"required name=search_term_string\"}],\"inLanguage\":\"hr\"},{\"@type\":\"Organization\",\"@id\":\"https:\/\/vapebulkp.com\/#organization\",\"name\":\"vapebulkp.com\",\"url\":\"https:\/\/vapebulkp.com\/\",\"logo\":{\"@type\":\"ImageObject\",\"inLanguage\":\"hr\",\"@id\":\"https:\/\/vapebulkp.com\/#\/schema\/logo\/image\/\",\"url\":\"https:\/\/vapebulkp.com\/wp-content\/uploads\/2023\/09\/cropped-vapebulkp.png\",\"contentUrl\":\"https:\/\/vapebulkp.com\/wp-content\/uploads\/2023\/09\/cropped-vapebulkp.png\",\"width\":516,\"height\":163,\"caption\":\"vapebulkp.com\"},\"image\":{\"@id\":\"https:\/\/vapebulkp.com\/#\/schema\/logo\/image\/\"}}]}<\/script>\n<!-- \/ Yoast SEO plugin. -->","yoast_head_json":{"title":"Bang 30k Puffs New Double Taste Good Vape - vapebulkp.com","description":"The latest to hit the market is the Bang 30k Puffs New Double Taste Good Vape, a cutting-edge device designed for ultimate vaping enjoyment. This disposable electronic cigarette pen has an amazing 30,000 puffs suction power to ensure long-lasting use.","robots":{"index":"index","follow":"follow","max-snippet":"max-snippet:-1","max-image-preview":"max-image-preview:large","max-video-preview":"max-video-preview:-1"},"canonical":"https:\/\/vapebulkp.com\/hr\/product\/bang-30k-puffs-new-double-taste-good-vape\/","og_locale":"hr_HR","og_type":"article","og_title":"Bang 30k Puffs New Double Taste Good Vape - vapebulkp.com","og_description":"The latest to hit the market is the Bang 30k Puffs New Double Taste Good Vape, a cutting-edge device designed for ultimate vaping enjoyment. This disposable electronic cigarette pen has an amazing 30,000 puffs suction power to ensure long-lasting use.","og_url":"https:\/\/vapebulkp.com\/hr\/product\/bang-30k-puffs-new-double-taste-good-vape\/","og_site_name":"vapebulkp.com","article_modified_time":"2025-09-16T09:29:33+00:00","og_image":[{"width":1080,"height":1517,"url":"http:\/\/vapebulkp.com\/wp-content\/uploads\/2024\/06\/Bang-30000-Puffs-Good-Sale-Vape.jpg","type":"image\/jpeg"}],"twitter_card":"summary_large_image","twitter_misc":{"Procijenjeno vrijeme \u010ditanja":"4 minute"},"schema":{"@context":"https:\/\/schema.org","@graph":[{"@type":"WebPage","@id":"https:\/\/vapebulkp.com\/product\/bang-30k-puffs-new-double-taste-good-vape\/","url":"https:\/\/vapebulkp.com\/product\/bang-30k-puffs-new-double-taste-good-vape\/","name":"Bang 30k Puffs New Double Taste Good Vape - vapebulkp.com","isPartOf":{"@id":"https:\/\/vapebulkp.com\/#website"},"datePublished":"2024-06-07T09:26:21+00:00","dateModified":"2025-09-16T09:29:33+00:00","description":"The latest to hit the market is the Bang 30k Puffs New Double Taste Good Vape, a cutting-edge device designed for ultimate vaping enjoyment. This disposable electronic cigarette pen has an amazing 30,000 puffs suction power to ensure long-lasting use.","breadcrumb":{"@id":"https:\/\/vapebulkp.com\/product\/bang-30k-puffs-new-double-taste-good-vape\/#breadcrumb"},"inLanguage":"hr","potentialAction":[{"@type":"ReadAction","target":["https:\/\/vapebulkp.com\/product\/bang-30k-puffs-new-double-taste-good-vape\/"]}]},{"@type":"BreadcrumbList","@id":"https:\/\/vapebulkp.com\/product\/bang-30k-puffs-new-double-taste-good-vape\/#breadcrumb","itemListElement":[{"@type":"ListItem","position":1,"name":"Home","item":"https:\/\/vapebulkp.com\/"},{"@type":"ListItem","position":2,"name":"Hot Trend Vapes","item":"https:\/\/vapebulkp.com\/vape-shop\/"},{"@type":"ListItem","position":3,"name":"Bang 30k Puffs New Double Taste Good Vape"}]},{"@type":"WebSite","@id":"https:\/\/vapebulkp.com\/#website","url":"https:\/\/vapebulkp.com\/","name":"vapebulkp.com","description":"Buy Vape In Cheap Bulk Price Near you","publisher":{"@id":"https:\/\/vapebulkp.com\/#organization"},"potentialAction":[{"@type":"SearchAction","target":{"@type":"EntryPoint","urlTemplate":"https:\/\/vapebulkp.com\/?s={search_term_string}"},"query-input":"required name=search_term_string"}],"inLanguage":"hr"},{"@type":"Organization","@id":"https:\/\/vapebulkp.com\/#organization","name":"vapebulkp.com","url":"https:\/\/vapebulkp.com\/","logo":{"@type":"ImageObject","inLanguage":"hr","@id":"https:\/\/vapebulkp.com\/#\/schema\/logo\/image\/","url":"https:\/\/vapebulkp.com\/wp-content\/uploads\/2023\/09\/cropped-vapebulkp.png","contentUrl":"https:\/\/vapebulkp.com\/wp-content\/uploads\/2023\/09\/cropped-vapebulkp.png","width":516,"height":163,"caption":"vapebulkp.com"},"image":{"@id":"https:\/\/vapebulkp.com\/#\/schema\/logo\/image\/"}}]}},"uagb_featured_image_src":{"full":["https:\/\/vapebulkp.com\/wp-content\/uploads\/2024\/06\/Bang-30000-Puffs-Good-Sale-Vape.jpg",1080,1517,false],"thumbnail":["https:\/\/vapebulkp.com\/wp-content\/uploads\/2024\/06\/Bang-30000-Puffs-Good-Sale-Vape-150x150.jpg",150,150,true],"medium":["https:\/\/vapebulkp.com\/wp-content\/uploads\/2024\/06\/Bang-30000-Puffs-Good-Sale-Vape-214x300.jpg",214,300,true],"medium_large":["https:\/\/vapebulkp.com\/wp-content\/uploads\/2024\/06\/Bang-30000-Puffs-Good-Sale-Vape-768x1079.jpg",768,1079,true],"large":["https:\/\/vapebulkp.com\/wp-content\/uploads\/2024\/06\/Bang-30000-Puffs-Good-Sale-Vape-729x1024.jpg",729,1024,true],"1536x1536":["https:\/\/vapebulkp.com\/wp-content\/uploads\/2024\/06\/Bang-30000-Puffs-Good-Sale-Vape.jpg",1080,1517,false],"2048x2048":["https:\/\/vapebulkp.com\/wp-content\/uploads\/2024\/06\/Bang-30000-Puffs-Good-Sale-Vape.jpg",1080,1517,false],"trp-custom-language-flag":["https:\/\/vapebulkp.com\/wp-content\/uploads\/2024\/06\/Bang-30000-Puffs-Good-Sale-Vape.jpg",9,12,false],"woocommerce_thumbnail":["https:\/\/vapebulkp.com\/wp-content\/uploads\/2024\/06\/Bang-30000-Puffs-Good-Sale-Vape-300x300.jpg",300,300,true],"woocommerce_single":["https:\/\/vapebulkp.com\/wp-content\/uploads\/2024\/06\/Bang-30000-Puffs-Good-Sale-Vape-600x843.jpg",600,843,true],"woocommerce_gallery_thumbnail":["https:\/\/vapebulkp.com\/wp-content\/uploads\/2024\/06\/Bang-30000-Puffs-Good-Sale-Vape-100x100.jpg",100,100,true],"wcpr-photo-reviews":["https:\/\/vapebulkp.com\/wp-content\/uploads\/2024\/06\/Bang-30000-Puffs-Good-Sale-Vape.jpg",356,500,false]},"uagb_author_info":{"display_name":"Mandy vape bulk price","author_link":"https:\/\/vapebulkp.com\/hr\/author\/"},"uagb_comment_info":0,"uagb_excerpt":"Bang 30000 Puffs Double Taste Disposable Vape Bang Vape 30k Puffs Pls Contact Mandy's WhatsApp For Discount Price+8618077105796 NOTE: Prices on our website does not include shipping costs &nbsp;","_links":{"self":[{"href":"https:\/\/vapebulkp.com\/hr\/wp-json\/wp\/v2\/product\/2542","targetHints":{"allow":["GET"]}}],"collection":[{"href":"https:\/\/vapebulkp.com\/hr\/wp-json\/wp\/v2\/product"}],"about":[{"href":"https:\/\/vapebulkp.com\/hr\/wp-json\/wp\/v2\/types\/product"}],"replies":[{"embeddable":true,"href":"https:\/\/vapebulkp.com\/hr\/wp-json\/wp\/v2\/comments?post=2542"}],"wp:featuredmedia":[{"embeddable":true,"href":"https:\/\/vapebulkp.com\/hr\/wp-json\/wp\/v2\/media\/2539"}],"wp:attachment":[{"href":"https:\/\/vapebulkp.com\/hr\/wp-json\/wp\/v2\/media?parent=2542"}],"wp:term":[{"taxonomy":"product_cat","embeddable":true,"href":"https:\/\/vapebulkp.com\/hr\/wp-json\/wp\/v2\/product_cat?post=2542"},{"taxonomy":"product_tag","embeddable":true,"href":"https:\/\/vapebulkp.com\/hr\/wp-json\/wp\/v2\/product_tag?post=2542"}],"curies":[{"name":"wp","href":"https:\/\/api.w.org\/{rel}","templated":true}]}}