{"id":2677,"date":"2024-07-23T03:02:16","date_gmt":"2024-07-23T01:02:16","guid":{"rendered":"https:\/\/vapebulkp.com\/?post_type=product&#038;p=2677"},"modified":"2025-09-24T05:22:37","modified_gmt":"2025-09-24T03:22:37","slug":"hot-selling-brand-vape-mesii-visual-16000puffs-wholesale-price","status":"publish","type":"product","link":"https:\/\/vapebulkp.com\/hr\/product\/hot-selling-brand-vape-mesii-visual-16000puffs-wholesale-price\/","title":{"rendered":"Vape marke Mesii Visual 16000 Pufova Veleprodajna cijena"},"content":{"rendered":"<h2>Vape marke Mesii Visual 16000 Pufova Veleprodajna cijena<\/h2>\n<p>Mesii Visual 16000Puffs je jednokratni vape visokih performansi i velikog kapaciteta dizajniran za europske entuzijaste vapinga koji tra\u017ee stil, prakti\u010dnost i dosljedan okus. Opremljen sna\u017enom baterijom od 600mAh i naprednom mre\u017enom tehnologijom zavojnice, pru\u017ea glatku, gustu paru do 16.000 udisaja.<\/p>\n<p>S velikim digitalnim zaslonom, jednokratni Vape 16000 Puffs pru\u017ea informacije u stvarnom vremenu o razini baterije, broju udisaja i podesivom naponu, omogu\u0107uju\u0107i vaperima da fino podese svoje sesije za savr\u0161eno izvla\u010denje. Unaprijed napunjen vrhunskim e-teku\u0107inama s nikotinskom soli, nudi \u0161irok raspon vrhunskih okusa, od klasi\u010dnog duhana i mentola do vo\u0107nih i desertnih mje\u0161avina, za zadovoljavaju\u0107e i dugotrajno iskustvo vapinga.<\/p>\n<p>Kompaktan i prenosiv, ovaj dugotrajni jednokratni vape idealan je za svakodnevnu upotrebu, putovanja ili dru\u0161tvene okolnosti. Kombiniraju\u0107i elegantan dizajn, naprednu funkcionalnost i produ\u017eeno trajanje baterije, jednokratni Vape Mesii 16000 Puffs pru\u017ea svestrano i pouzdano rje\u0161enje za nove i iskusne vapere.<\/p>\n<p><img decoding=\"async\" class=\"alignnone size-full wp-image-2667\" src=\"http:\/\/vapebulkp.com\/wp-content\/uploads\/2024\/07\/Hot-Vape-MESii-VISUAL-BOX-16000Puffs.jpg\" alt=\"Popularni Vape MESii VISUAL BOX 16000Puffs\" width=\"800\" height=\"800\" srcset=\"https:\/\/vapebulkp.com\/wp-content\/uploads\/2024\/07\/Hot-Vape-MESii-VISUAL-BOX-16000Puffs.jpg 800w, https:\/\/vapebulkp.com\/wp-content\/uploads\/2024\/07\/Hot-Vape-MESii-VISUAL-BOX-16000Puffs-300x300.jpg 300w, https:\/\/vapebulkp.com\/wp-content\/uploads\/2024\/07\/Hot-Vape-MESii-VISUAL-BOX-16000Puffs-150x150.jpg 150w, https:\/\/vapebulkp.com\/wp-content\/uploads\/2024\/07\/Hot-Vape-MESii-VISUAL-BOX-16000Puffs-768x768.jpg 768w, https:\/\/vapebulkp.com\/wp-content\/uploads\/2024\/07\/Hot-Vape-MESii-VISUAL-BOX-16000Puffs-600x600.jpg 600w, https:\/\/vapebulkp.com\/wp-content\/uploads\/2024\/07\/Hot-Vape-MESii-VISUAL-BOX-16000Puffs-100x100.jpg 100w\" sizes=\"(max-width: 800px) 100vw, 800px\" \/><\/p>\n<h6>Molimo kontaktirajte Mandy's WhatsApp za cijenu s popustom<a href=\"https:\/\/wa.me\/8618077105796\">+8618077105796<\/a><\/h6>\n<p><img decoding=\"async\" class=\"alignnone wp-image-2151\" src=\"http:\/\/vapebulkp.com\/wp-content\/uploads\/2024\/04\/Mandy-WhatsApp-Randm.jpg\" alt=\"Mandy WhatsApp Randm\" width=\"263\" height=\"280\" srcset=\"https:\/\/vapebulkp.com\/wp-content\/uploads\/2024\/04\/Mandy-WhatsApp-Randm.jpg 916w, https:\/\/vapebulkp.com\/wp-content\/uploads\/2024\/04\/Mandy-WhatsApp-Randm-282x300.jpg 282w, https:\/\/vapebulkp.com\/wp-content\/uploads\/2024\/04\/Mandy-WhatsApp-Randm-768x817.jpg 768w, https:\/\/vapebulkp.com\/wp-content\/uploads\/2024\/04\/Mandy-WhatsApp-Randm-600x638.jpg 600w\" sizes=\"(max-width: 263px) 100vw, 263px\" \/><\/p>\n<h2><span style=\"vertical-align: inherit\">Mislili smo da biste mo\u017eda \u017eeljeli znati o MESii 16k Puffs Vru\u0107em Vapeu:<\/span><\/h2>\n<p>&nbsp;<\/p>\n<h6>1.Kako koristiti MESii VISUAL 16000 Puffs Display Vape: Vodi\u010d korak po korak?<\/h6>\n<p>Kori\u0161tenje MESii VISUAL 16000 Puffs Vapea je povjetarac. Slijedite ove jednostavne korake za optimalno iskustvo vapinga:<\/p>\n<p>Otvorite zape\u010da\u0107eno pakiranje: Zapo\u010dnite otvaranjem za\u0161titnog pakiranja kako biste osigurali da ure\u0111aj ostane svje\u017e i spreman za upotrebu.<\/p>\n<p>Uklonite naljepnicu: Pa\u017eljivo odlijepite za\u0161titnu naljepnicu koja pokriva vape kako biste ga aktivirali.<\/p>\n<p>Pripremite Vape: Lagano izvucite silikonski \u010dep iz nastavka za usta i pustite ure\u0111aj da odstoji oko 10 minuta. To omogu\u0107uje e-teku\u0107ini da potpuno zasiti zavojnicu, osiguravaju\u0107i glatku paru od va\u0161eg prvog udisaja.<\/p>\n<p>Nakon ovih brzih koraka, va\u0161 MESii VISUAL 16000 Puffs Display Vape je spreman za upotrebu!<\/p>\n<h6>2.Kako napuniti MESii VISUAL 16k Puffs ure\u0111aj?<\/h6>\n<p>Punjenje MESii VISUAL 16000 Puffs ure\u0111aja: Sigurnosne smjernice<\/p>\n<p>Ispravno punjenje va\u0161eg MESii vapea osigurava njegovu dugovje\u010dnost i sigurnu upotrebu. Evo va\u017enih savjeta za punjenje:<\/p>\n<p>Izbjegavajte brze punja\u010de: Adapteri za brzo punjenje nisu prikladni za jednokratne vape. Umjesto toga, koristite standardni punja\u010d sa sigurnom izlaznom snagom od 5V i 1A.<\/p>\n<p>Pratite vrijeme punjenja: Kako biste sprije\u010dili pregrijavanje ili o\u0161te\u0107enje baterije, ograni\u010dite svaku sesiju punjenja na 30 minuta. Nikada ne prelazite sat vremena po punjenju za maksimalnu sigurnost i zdravlje baterije.<\/p>\n<p>Slijede\u0107i ove smjernice osigurat \u0107ete da va\u0161 ure\u0111aj ostane u vrhunskom radnom stanju.<\/p>\n<h6>3.Koliko udisaja mo\u017eete dobiti od MESii VISUAL 16000 Puffs Vapea?<\/h6>\n<p>Kao \u0161to naziv sugerira, MESii VISUAL vape nudi impresivnih 16.000 udisaja po ure\u0111aju, \u0161to ga \u010dini jednim od najtrajnijih i najdugovje\u010dnijih jednokratnih vapea na tr\u017ei\u0161tu. Bilo da ste lagani ili umjereni korisnik, ovaj vape je dizajniran da traje, pru\u017eaju\u0107i pouzdano i ukusno iskustvo.<\/p>\n<p><span style=\"color: #ff6600\">Napomena: ne punite cijelu no\u0107!<\/span><\/p>\n<h6>4.Za\u0161to odabrati MESii VISUAL 16k Puffs Vape?<\/h6>\n<ul>\n<li><strong>Veliki kapacitet uvla\u010denja<\/strong>: Sa 16 000 uvla\u010denja, nudi opse\u017eno iskustvo vapinga bez potrebe za \u010destim zamjenama.<\/li>\n<li><strong>Velika zapremina e-teku\u0107ine<\/strong>: Kapacitet e-teku\u0107ine od 16 ml zna\u010di manje dopunjavanja, pru\u017eaju\u0107i prakti\u010dnost za korisnike koji preferiraju manje odr\u017eavanja.<\/li>\n<li><strong>Opcije nikotina<\/strong>: Nudi fleksibilnost s udjelom nikotina, u rasponu od 0% (bez nikotina) do 5% nikotinske soli, prilago\u0111avaju\u0107i se razli\u010ditim preferencijama i razinama tolerancije na nikotin.<\/li>\n<li><strong>Trajanje baterije<\/strong>: Baterija od 600 mAh pru\u017ea dovoljnu snagu za podr\u0161ku velikom broju uvla\u010denja, osiguravaju\u0107i pouzdane performanse tijekom cijelog \u017eivotnog vijeka.<\/li>\n<li><strong>Jednokratno i prakti\u010dno<\/strong>: Kao jednokratni vape, eliminira potrebu za dopunjavanjem ili punjenjem, \u0161to ga \u010dini idealnim za putovanja ili situacije u kojima je prakti\u010dnost najva\u017enija.<\/li>\n<li><strong>Kvaliteta i pouzdanost<\/strong>: Dizajniran s kvalitetnim materijalima i vjerojatno s sigurnosnim za\u0161titama, osigurava sigurno i ugodno iskustvo vapinga.<\/li>\n<\/ul>\n<h3>MESII VISUAL 16k Zna\u010dajke Vapa:<\/h3>\n<p>Model: MESII VISUAL 16000 Puffs Vape za dobru prodaju<br \/>\nUvla\u010denja: 16000 uvla\u010denja<br \/>\nKapacitet baterije: 600mAh<br \/>\nZapremina e-teku\u0107ine: 16 ml<br \/>\nSadr\u017eaj nikotina: 2%\/5% Nikotinska sol<br \/>\nPakiranje: 10 komada u 1 izlo\u017ebenoj kutiji<br \/>\nMinimalna koli\u010dina narud\u017ebe (MOQ): 100 komada<\/p>\n<h3><strong>\u00a0Originalni vape MESII VISUAL<\/strong> 16000 Udaraca\u00a0 <strong>Lista okusa:<\/strong><\/h3>\n<p>1.Oluja borovnica<br \/>\n2. Plava malina i led<br \/>\n3.Miami metvica<br \/>\n4.Breskva Led<br \/>\n5.Ledena lubenica<br \/>\n6.Zmajsko vo\u0107e banana tre\u0161nja<br \/>\n7.Mije\u0161ane bobice<br \/>\n8.Kisela jabuka led<br \/>\n9.Ananas kokos<br \/>\n10.Malina lubenica<br \/>\n11.Lubenica \u017evaka\u0107a guma<br \/>\n12.Jagoda lubenica<br \/>\n13.Jagoda malina tre\u0161nja<br \/>\n14.Gro\u017e\u0111e led<br \/>\n15.Jagoda i kivi<\/p>\n<p><a href=\"https:\/\/vapebulkp.com\/hr\/product\/popular-randm-tornado-7000puffs-disposable-vape-best-price\/\">Randm tornado 7000 uvla\u010denja<\/a><\/p>\n<p><span style=\"vertical-align: inherit\">Prona\u0111ite vi\u0161e proizvoda koji bi vam se mogli svidjeti:<\/span><em><a href=\"https:\/\/wa.me\/8618077105796\"><span style=\"vertical-align: inherit\">\u00a0Kupite sada<\/span><\/a><\/em><\/p>\n<p><span style=\"vertical-align: inherit\">Ostali Puffs koji bi vam se mogli svidjeti:<\/span><a href=\"https:\/\/vapebulkp.com\/hr\/product\/good-sale-randm-tornado-10000-puffs-plus\/\"><span style=\"vertical-align: inherit\">RandM 10000Udisaja<\/span><\/a><span style=\"vertical-align: inherit\">\u2014S kapacitetom od 10.000 udisaja, ovaj je ure\u0111aj omiljen me\u0111u entuzijastima vapinga.<\/span><\/p>\n<p><a href=\"https:\/\/vapebulkp.com\/hr\/product\/wholesale-randm-tornado-9000-puffs-germany\/\"><span style=\"vertical-align: inherit\">RandM Tornado 9000 Puhova<\/span><\/a><span style=\"vertical-align: inherit\">\u2014Kao najpopularnija e-cigareta, Randm ima 9.000 udisaja u kojima mo\u017eete u\u017eivati<\/span><\/p>\n<p><a href=\"https:\/\/vapebulkp.com\/hr\/product\/bang-20000-puffs-hot-vape-top-sale-vape\/\"><span style=\"vertical-align: inherit\">Bang 20000 Udisaja<\/span><\/a><span style=\"vertical-align: inherit\">\u2014Bang King je popularan brend s jedinstvenim modelima i 20.000 udisaja<\/span><\/p>\n<p><a href=\"https:\/\/vapebulkp.com\/hr\/product\/bang-king-12000puffs\/\"><span style=\"vertical-align: inherit\">Bang King 12000 Puhova<\/span><\/a>\u2014-Bang King 12000 Udisaja popularan je brend s jedinstvenim modelima i 12.000 udisaja, jo\u0161 jedna opcija da pobolj\u0161ate svoje potrebe za vapingom<\/p>\n<p><span style=\"vertical-align: inherit\">E-cigareta posebnog oblika boce:<\/span><a href=\"https:\/\/vapebulkp.com\/hr\/product\/original-vape-bang-tn-12000-puffs-bang-vape\/\"><span style=\"vertical-align: inherit\">Bang TN 12000 Udisaja<\/span><\/a><span style=\"vertical-align: inherit\">\/ <\/span><a href=\"https:\/\/vapebulkp.com\/hr\/product\/vapme-crystal-7000-puffs-original-vape-good-flavor\/\"><span style=\"vertical-align: inherit\">Crystal 7000 udisaja<\/span><\/a><span style=\"vertical-align: inherit\">\/<\/span><a href=\"https:\/\/vapebulkp.com\/hr\/product\/top-sale-waspe-12000puffs-disposable-vape-wholesale-france\/\"><span style=\"vertical-align: inherit\">WASPE 12000 Udaraca<\/span><\/a><\/p>\n<p><a href=\"https:\/\/vapebulkp.com\/hr\/product\/discount-price-cloud-bar-tn-15000-disposable-vape-raz-bar\/\">Cloud Bar TN 15000 Udisaja Originalni vape<\/a><\/p>\n<h4>Detalji dostave:<\/h4>\n<p><span style=\"color: #ff6600\">Vrijeme proizvodnje: 5-10 radnih dana<\/span><br \/>\n<span style=\"color: #ff6600\">Vrijeme isporuke: 8-14 radnih dana<\/span><\/p>\n<p>Svi proizvodi u na\u0161oj trgovini su 100% originalni i autenti\u010dni, stoga je desetostruka naknada za la\u017enu robu na\u0161a politika trgovine. Za dostavu koristimo logisti\u010dke kanale kao \u0161to su UPS\/DHL\/FEDEX\/DPD.<\/p>\n<p>Za pakete poslane u Hrvatsku obi\u010dno je potrebno 10 radnih dana da stignu. Dostava u europske zemlje obi\u010dno traje 12 do 15 radnih dana da stigne. Logisti\u010dke informacije \u0107emo a\u017eurirati za vas u stvarnom vremenu.<\/p>\n<p>Kontaktirajte nas i mo\u017eemo vam ponuditi Hazebar 12000 Puhova i podi\u0107i va\u0161e poslovanje na vi\u0161u razinu!<\/p>","protected":false},"excerpt":{"rendered":"<p>Mesii Visual 16000Puffs Veleprodajna cijena jednokratni Vape<\/p>\n<p><img decoding=\"async\" class=\"alignnone wp-image-2151\" src=\"http:\/\/vapebulkp.com\/wp-content\/uploads\/2024\/04\/Mandy-WhatsApp-Randm.jpg\" alt=\"Mandy WhatsApp Randm\" width=\"238\" height=\"253\" srcset=\"https:\/\/vapebulkp.com\/wp-content\/uploads\/2024\/04\/Mandy-WhatsApp-Randm.jpg 916w, https:\/\/vapebulkp.com\/wp-content\/uploads\/2024\/04\/Mandy-WhatsApp-Randm-282x300.jpg 282w, https:\/\/vapebulkp.com\/wp-content\/uploads\/2024\/04\/Mandy-WhatsApp-Randm-768x817.jpg 768w, https:\/\/vapebulkp.com\/wp-content\/uploads\/2024\/04\/Mandy-WhatsApp-Randm-600x638.jpg 600w\" sizes=\"(max-width: 238px) 100vw, 238px\" \/><\/p>\n<p>Molimo kontaktirajte Mandy's WhatsApp za cijenu s popustom<a href=\"https:\/\/wa.me\/8618077105796\">+8618077105796<\/a><\/p>\n<p><span style=\"color: #ff0000\">NAPOMENA: Cijene na na\u0161oj web stranici ne uklju\u010duju tro\u0161kove dostave<\/span><\/p>","protected":false},"featured_media":2664,"comment_status":"open","ping_status":"closed","template":"","meta":{"_uag_custom_page_level_css":"","_lmt_disableupdate":"no","_lmt_disable":"","site-sidebar-layout":"default","site-content-layout":"content-boxed-container","ast-site-content-layout":"normal-width-container","site-content-style":"boxed","site-sidebar-style":"unboxed","ast-global-header-display":"","ast-banner-title-visibility":"","ast-main-header-display":"","ast-hfb-above-header-display":"","ast-hfb-below-header-display":"","ast-hfb-mobile-header-display":"","site-post-title":"","ast-breadcrumbs-content":"","ast-featured-img":"","footer-sml-layout":"","theme-transparent-header-meta":"default","adv-header-id-meta":"","stick-header-meta":"","header-above-stick-meta":"","header-main-stick-meta":"","header-below-stick-meta":"","astra-migrate-meta-layouts":"set","_joinchat":[]},"product_cat":[164,153,155,33,59,100,354,87,34,158,157,154,152,58,84,156,63,32],"product_tag":[36,37,91,105,127,41,71,40],"class_list":["post-2677","product","type-product","status-publish","has-post-thumbnail","hentry","product_cat-16000-puffs-disposable-vape","product_cat-hot-disposable-vapes","product_cat-belgium-hot-disposable-vapes","product_cat-france-vape-hot-sale","product_cat-germany-hot-disposable-vape","product_cat-germany-wholesale-vape-shop","product_cat-mesii-vape","product_cat-minimum-order-quantity-50pcs","product_cat-netherlands-vape-good-sale","product_cat-norway-hot-disposable-vapes","product_cat-poland-hot-disposable-vapes","product_cat-portugal-hot-disposable-vapes","product_cat-spain-hot-disposable-vapes","product_cat-sweden-hot-disposable-vape","product_cat-sweden-wholesale-vape","product_cat-switzerland-hot-disposable-vapes","product_cat-top-sale-disposable-vape","product_cat-vape-hot-sale-this-week","product_tag-good-vape","product_tag-hot-sale-disposable-vape","product_tag-italy-hot-vape","product_tag-jnr","product_tag-original-vape-inr-shisha","product_tag-poland-hot-vape","product_tag-randm","product_tag-sweden-hot-vape","pa_brand-mesii-vape","desktop-align-left","tablet-align-left","mobile-align-left"],"yoast_head":"<!-- This site is optimized with the Yoast SEO plugin v21.1 - https:\/\/yoast.com\/wordpress\/plugins\/seo\/ -->\n<title>Hot Selling Brand Vape Mesii Visual 16000Puffs Wholesale Price - vapebulkp.com<\/title>\n<meta name=\"description\" content=\"Get the Mesii 16000 Puffs Disposable Vape \u2014 a sleek, high-capacity vape with long-lasting battery, adjustable controls, and premium flavors. Perfect for European vaping enthusiasts seeking style and performance.\" \/>\n<meta name=\"robots\" content=\"index, follow, max-snippet:-1, max-image-preview:large, max-video-preview:-1\" \/>\n<link rel=\"canonical\" href=\"https:\/\/vapebulkp.com\/hr\/product\/hot-selling-brand-vape-mesii-visual-16000puffs-wholesale-price\/\" \/>\n<meta property=\"og:locale\" content=\"hr_HR\" \/>\n<meta property=\"og:type\" content=\"article\" \/>\n<meta property=\"og:title\" content=\"Hot Selling Brand Vape Mesii Visual 16000Puffs Wholesale Price - vapebulkp.com\" \/>\n<meta property=\"og:description\" content=\"Get the Mesii 16000 Puffs Disposable Vape \u2014 a sleek, high-capacity vape with long-lasting battery, adjustable controls, and premium flavors. Perfect for European vaping enthusiasts seeking style and performance.\" \/>\n<meta property=\"og:url\" content=\"https:\/\/vapebulkp.com\/hr\/product\/hot-selling-brand-vape-mesii-visual-16000puffs-wholesale-price\/\" \/>\n<meta property=\"og:site_name\" content=\"vapebulkp.com\" \/>\n<meta property=\"article:modified_time\" content=\"2025-09-24T03:22:37+00:00\" \/>\n<meta property=\"og:image\" content=\"http:\/\/vapebulkp.com\/wp-content\/uploads\/2024\/07\/Best-Vape-MESii-VISUAL-BOX-16000Puffs.jpg\" \/>\n\t<meta property=\"og:image:width\" content=\"800\" \/>\n\t<meta property=\"og:image:height\" content=\"800\" \/>\n\t<meta property=\"og:image:type\" content=\"image\/jpeg\" \/>\n<meta name=\"twitter:card\" content=\"summary_large_image\" \/>\n<meta name=\"twitter:label1\" content=\"Procijenjeno vrijeme \u010ditanja\" \/>\n\t<meta name=\"twitter:data1\" content=\"5 minuta\" \/>\n<script type=\"application\/ld+json\" class=\"yoast-schema-graph\">{\"@context\":\"https:\/\/schema.org\",\"@graph\":[{\"@type\":\"WebPage\",\"@id\":\"https:\/\/vapebulkp.com\/product\/hot-selling-brand-vape-mesii-visual-16000puffs-wholesale-price\/\",\"url\":\"https:\/\/vapebulkp.com\/product\/hot-selling-brand-vape-mesii-visual-16000puffs-wholesale-price\/\",\"name\":\"Hot Selling Brand Vape Mesii Visual 16000Puffs Wholesale Price - vapebulkp.com\",\"isPartOf\":{\"@id\":\"https:\/\/vapebulkp.com\/#website\"},\"datePublished\":\"2024-07-23T01:02:16+00:00\",\"dateModified\":\"2025-09-24T03:22:37+00:00\",\"description\":\"Get the Mesii 16000 Puffs Disposable Vape \u2014 a sleek, high-capacity vape with long-lasting battery, adjustable controls, and premium flavors. Perfect for European vaping enthusiasts seeking style and performance.\",\"breadcrumb\":{\"@id\":\"https:\/\/vapebulkp.com\/product\/hot-selling-brand-vape-mesii-visual-16000puffs-wholesale-price\/#breadcrumb\"},\"inLanguage\":\"hr\",\"potentialAction\":[{\"@type\":\"ReadAction\",\"target\":[\"https:\/\/vapebulkp.com\/product\/hot-selling-brand-vape-mesii-visual-16000puffs-wholesale-price\/\"]}]},{\"@type\":\"BreadcrumbList\",\"@id\":\"https:\/\/vapebulkp.com\/product\/hot-selling-brand-vape-mesii-visual-16000puffs-wholesale-price\/#breadcrumb\",\"itemListElement\":[{\"@type\":\"ListItem\",\"position\":1,\"name\":\"Home\",\"item\":\"https:\/\/vapebulkp.com\/\"},{\"@type\":\"ListItem\",\"position\":2,\"name\":\"Hot Trend Vapes\",\"item\":\"https:\/\/vapebulkp.com\/vape-shop\/\"},{\"@type\":\"ListItem\",\"position\":3,\"name\":\"Hot Selling Brand Vape Mesii Visual 16000Puffs Wholesale Price\"}]},{\"@type\":\"WebSite\",\"@id\":\"https:\/\/vapebulkp.com\/#website\",\"url\":\"https:\/\/vapebulkp.com\/\",\"name\":\"vapebulkp.com\",\"description\":\"Buy Vape In Cheap Bulk Price Near you\",\"publisher\":{\"@id\":\"https:\/\/vapebulkp.com\/#organization\"},\"potentialAction\":[{\"@type\":\"SearchAction\",\"target\":{\"@type\":\"EntryPoint\",\"urlTemplate\":\"https:\/\/vapebulkp.com\/?s={search_term_string}\"},\"query-input\":\"required name=search_term_string\"}],\"inLanguage\":\"hr\"},{\"@type\":\"Organization\",\"@id\":\"https:\/\/vapebulkp.com\/#organization\",\"name\":\"vapebulkp.com\",\"url\":\"https:\/\/vapebulkp.com\/\",\"logo\":{\"@type\":\"ImageObject\",\"inLanguage\":\"hr\",\"@id\":\"https:\/\/vapebulkp.com\/#\/schema\/logo\/image\/\",\"url\":\"https:\/\/vapebulkp.com\/wp-content\/uploads\/2023\/09\/cropped-vapebulkp.png\",\"contentUrl\":\"https:\/\/vapebulkp.com\/wp-content\/uploads\/2023\/09\/cropped-vapebulkp.png\",\"width\":516,\"height\":163,\"caption\":\"vapebulkp.com\"},\"image\":{\"@id\":\"https:\/\/vapebulkp.com\/#\/schema\/logo\/image\/\"}}]}<\/script>\n<!-- \/ Yoast SEO plugin. -->","yoast_head_json":{"title":"Hot Selling Brand Vape Mesii Visual 16000Puffs Wholesale Price - vapebulkp.com","description":"Get the Mesii 16000 Puffs Disposable Vape \u2014 a sleek, high-capacity vape with long-lasting battery, adjustable controls, and premium flavors. Perfect for European vaping enthusiasts seeking style and performance.","robots":{"index":"index","follow":"follow","max-snippet":"max-snippet:-1","max-image-preview":"max-image-preview:large","max-video-preview":"max-video-preview:-1"},"canonical":"https:\/\/vapebulkp.com\/hr\/product\/hot-selling-brand-vape-mesii-visual-16000puffs-wholesale-price\/","og_locale":"hr_HR","og_type":"article","og_title":"Hot Selling Brand Vape Mesii Visual 16000Puffs Wholesale Price - vapebulkp.com","og_description":"Get the Mesii 16000 Puffs Disposable Vape \u2014 a sleek, high-capacity vape with long-lasting battery, adjustable controls, and premium flavors. Perfect for European vaping enthusiasts seeking style and performance.","og_url":"https:\/\/vapebulkp.com\/hr\/product\/hot-selling-brand-vape-mesii-visual-16000puffs-wholesale-price\/","og_site_name":"vapebulkp.com","article_modified_time":"2025-09-24T03:22:37+00:00","og_image":[{"width":800,"height":800,"url":"http:\/\/vapebulkp.com\/wp-content\/uploads\/2024\/07\/Best-Vape-MESii-VISUAL-BOX-16000Puffs.jpg","type":"image\/jpeg"}],"twitter_card":"summary_large_image","twitter_misc":{"Procijenjeno vrijeme \u010ditanja":"5 minuta"},"schema":{"@context":"https:\/\/schema.org","@graph":[{"@type":"WebPage","@id":"https:\/\/vapebulkp.com\/product\/hot-selling-brand-vape-mesii-visual-16000puffs-wholesale-price\/","url":"https:\/\/vapebulkp.com\/product\/hot-selling-brand-vape-mesii-visual-16000puffs-wholesale-price\/","name":"Hot Selling Brand Vape Mesii Visual 16000Puffs Wholesale Price - vapebulkp.com","isPartOf":{"@id":"https:\/\/vapebulkp.com\/#website"},"datePublished":"2024-07-23T01:02:16+00:00","dateModified":"2025-09-24T03:22:37+00:00","description":"Get the Mesii 16000 Puffs Disposable Vape \u2014 a sleek, high-capacity vape with long-lasting battery, adjustable controls, and premium flavors. Perfect for European vaping enthusiasts seeking style and performance.","breadcrumb":{"@id":"https:\/\/vapebulkp.com\/product\/hot-selling-brand-vape-mesii-visual-16000puffs-wholesale-price\/#breadcrumb"},"inLanguage":"hr","potentialAction":[{"@type":"ReadAction","target":["https:\/\/vapebulkp.com\/product\/hot-selling-brand-vape-mesii-visual-16000puffs-wholesale-price\/"]}]},{"@type":"BreadcrumbList","@id":"https:\/\/vapebulkp.com\/product\/hot-selling-brand-vape-mesii-visual-16000puffs-wholesale-price\/#breadcrumb","itemListElement":[{"@type":"ListItem","position":1,"name":"Home","item":"https:\/\/vapebulkp.com\/"},{"@type":"ListItem","position":2,"name":"Hot Trend Vapes","item":"https:\/\/vapebulkp.com\/vape-shop\/"},{"@type":"ListItem","position":3,"name":"Hot Selling Brand Vape Mesii Visual 16000Puffs Wholesale Price"}]},{"@type":"WebSite","@id":"https:\/\/vapebulkp.com\/#website","url":"https:\/\/vapebulkp.com\/","name":"vapebulkp.com","description":"Buy Vape In Cheap Bulk Price Near you","publisher":{"@id":"https:\/\/vapebulkp.com\/#organization"},"potentialAction":[{"@type":"SearchAction","target":{"@type":"EntryPoint","urlTemplate":"https:\/\/vapebulkp.com\/?s={search_term_string}"},"query-input":"required name=search_term_string"}],"inLanguage":"hr"},{"@type":"Organization","@id":"https:\/\/vapebulkp.com\/#organization","name":"vapebulkp.com","url":"https:\/\/vapebulkp.com\/","logo":{"@type":"ImageObject","inLanguage":"hr","@id":"https:\/\/vapebulkp.com\/#\/schema\/logo\/image\/","url":"https:\/\/vapebulkp.com\/wp-content\/uploads\/2023\/09\/cropped-vapebulkp.png","contentUrl":"https:\/\/vapebulkp.com\/wp-content\/uploads\/2023\/09\/cropped-vapebulkp.png","width":516,"height":163,"caption":"vapebulkp.com"},"image":{"@id":"https:\/\/vapebulkp.com\/#\/schema\/logo\/image\/"}}]}},"uagb_featured_image_src":{"full":["https:\/\/vapebulkp.com\/wp-content\/uploads\/2024\/07\/Best-Vape-MESii-VISUAL-BOX-16000Puffs.jpg",800,800,false],"thumbnail":["https:\/\/vapebulkp.com\/wp-content\/uploads\/2024\/07\/Best-Vape-MESii-VISUAL-BOX-16000Puffs-150x150.jpg",150,150,true],"medium":["https:\/\/vapebulkp.com\/wp-content\/uploads\/2024\/07\/Best-Vape-MESii-VISUAL-BOX-16000Puffs-300x300.jpg",300,300,true],"medium_large":["https:\/\/vapebulkp.com\/wp-content\/uploads\/2024\/07\/Best-Vape-MESii-VISUAL-BOX-16000Puffs-768x768.jpg",768,768,true],"large":["https:\/\/vapebulkp.com\/wp-content\/uploads\/2024\/07\/Best-Vape-MESii-VISUAL-BOX-16000Puffs.jpg",800,800,false],"1536x1536":["https:\/\/vapebulkp.com\/wp-content\/uploads\/2024\/07\/Best-Vape-MESii-VISUAL-BOX-16000Puffs.jpg",800,800,false],"2048x2048":["https:\/\/vapebulkp.com\/wp-content\/uploads\/2024\/07\/Best-Vape-MESii-VISUAL-BOX-16000Puffs.jpg",800,800,false],"trp-custom-language-flag":["https:\/\/vapebulkp.com\/wp-content\/uploads\/2024\/07\/Best-Vape-MESii-VISUAL-BOX-16000Puffs.jpg",12,12,false],"woocommerce_thumbnail":["https:\/\/vapebulkp.com\/wp-content\/uploads\/2024\/07\/Best-Vape-MESii-VISUAL-BOX-16000Puffs-300x300.jpg",300,300,true],"woocommerce_single":["https:\/\/vapebulkp.com\/wp-content\/uploads\/2024\/07\/Best-Vape-MESii-VISUAL-BOX-16000Puffs-600x600.jpg",600,600,true],"woocommerce_gallery_thumbnail":["https:\/\/vapebulkp.com\/wp-content\/uploads\/2024\/07\/Best-Vape-MESii-VISUAL-BOX-16000Puffs-100x100.jpg",100,100,true],"wcpr-photo-reviews":["https:\/\/vapebulkp.com\/wp-content\/uploads\/2024\/07\/Best-Vape-MESii-VISUAL-BOX-16000Puffs.jpg",500,500,false]},"uagb_author_info":{"display_name":"Mandy vape bulk price","author_link":"https:\/\/vapebulkp.com\/hr\/author\/"},"uagb_comment_info":0,"uagb_excerpt":"Mesii Visual 16000Puffs Wholesale Price Disposable Vape Pls Contact Mandy's WhatsApp For Discount Price+8618077105796 NOTE: Prices on our website does not include shipping costs","_links":{"self":[{"href":"https:\/\/vapebulkp.com\/hr\/wp-json\/wp\/v2\/product\/2677","targetHints":{"allow":["GET"]}}],"collection":[{"href":"https:\/\/vapebulkp.com\/hr\/wp-json\/wp\/v2\/product"}],"about":[{"href":"https:\/\/vapebulkp.com\/hr\/wp-json\/wp\/v2\/types\/product"}],"replies":[{"embeddable":true,"href":"https:\/\/vapebulkp.com\/hr\/wp-json\/wp\/v2\/comments?post=2677"}],"wp:featuredmedia":[{"embeddable":true,"href":"https:\/\/vapebulkp.com\/hr\/wp-json\/wp\/v2\/media\/2664"}],"wp:attachment":[{"href":"https:\/\/vapebulkp.com\/hr\/wp-json\/wp\/v2\/media?parent=2677"}],"wp:term":[{"taxonomy":"product_cat","embeddable":true,"href":"https:\/\/vapebulkp.com\/hr\/wp-json\/wp\/v2\/product_cat?post=2677"},{"taxonomy":"product_tag","embeddable":true,"href":"https:\/\/vapebulkp.com\/hr\/wp-json\/wp\/v2\/product_tag?post=2677"}],"curies":[{"name":"wp","href":"https:\/\/api.w.org\/{rel}","templated":true}]}}