{"id":2713,"date":"2024-08-07T10:58:18","date_gmt":"2024-08-07T08:58:18","guid":{"rendered":"https:\/\/vapebulkp.com\/?post_type=product&#038;p=2713"},"modified":"2025-09-24T05:24:25","modified_gmt":"2025-09-24T03:24:25","slug":"best-elfworld-i15-pro-disposable-vape-12k-puffs","status":"publish","type":"product","link":"https:\/\/vapebulkp.com\/hr\/product\/best-elfworld-i15-pro-disposable-vape-12k-puffs\/","title":{"rendered":"Najbolji ELFWORLD I15 Pro jednokratni vape 12k pufova"},"content":{"rendered":"<h2 style=\"text-align: left\">Najbolji ELFWORLD I15 Pro jednokratni vape 12k pufova<\/h2>\n<p data-start=\"396\" data-end=\"774\">ELFWORLD I15 Pro jednokratni vape 12k puhanja je <strong data-start=\"454\" data-end=\"487\">jednokratni vape velikog kapaciteta<\/strong> stvoren za <strong data-start=\"498\" data-end=\"529\">europske entuzijaste vapinga<\/strong> koji zahtijevaju dugotrajne performanse i vrhunski okus. Unaprijed napunjen s 18 ml e-teku\u0107ine i opremljen baterijom od 600 mAh <strong data-start=\"646\" data-end=\"678\">punjivi jednokratni vape<\/strong> osigurava oko 12.000 glatkih puhanja, osiguravaju\u0107i produljenu upotrebu bez prekida.<\/p>\n<p data-start=\"776\" data-end=\"1182\">Ovaj ure\u0111aj koristi naprednu <strong data-start=\"802\" data-end=\"820\">mre\u017enom zavojnicom<\/strong> tehnologiju za bogatu, gustu paru i konzistentan okus sa svakim povla\u010denjem. Dizajniran kao <strong data-start=\"907\" data-end=\"928\">MTL ure\u0111aj za vaping<\/strong>, nudi zadovoljavaju\u0107i udarac u grlo i glatku isporuku nikotina od 5% (50 mg). Ugra\u0111eni zaslon jasno prikazuje trajanje baterije i razine e-teku\u0107ine, dok brzo <strong data-start=\"1089\" data-end=\"1121\">USB Type-C punjivi vape<\/strong> funkcionalnost ga brzo i u\u010dinkovito napaja.<\/p>\n<p data-start=\"1184\" data-end=\"1471\">Kompaktan i ergonomi\u010dan, I15 Pro je savr\u0161en za svakodnevnu upotrebu, putovanja ili dru\u0161tvene prigode. Kombiniraju\u0107i elegantan dizajn s visokim performansama, <a href=\"https:\/\/vapebulkp.com\/hr\/product-category\/12000-puffs-disposable-vape\/\"><strong data-start=\"1323\" data-end=\"1354\">12000 Puffs jednokratni Vape<\/strong><\/a> od ELFWORLD-a je pouzdano, vrhunsko rje\u0161enje za vapere koji tra\u017ee prakti\u010dnost, stil i okus u jednom ure\u0111aju.<\/p>\n<p><img decoding=\"async\" class=\"alignnone wp-image-2706\" src=\"http:\/\/vapebulkp.com\/wp-content\/uploads\/2024\/08\/ELF-WORLD-I15PRO-12k-Puffs-Wholeale-Vape.jpg\" alt=\"ELF WORLD I15PRO 12k Puffs Veleprodaja Vape\" width=\"426\" height=\"558\" srcset=\"https:\/\/vapebulkp.com\/wp-content\/uploads\/2024\/08\/ELF-WORLD-I15PRO-12k-Puffs-Wholeale-Vape.jpg 1416w, https:\/\/vapebulkp.com\/wp-content\/uploads\/2024\/08\/ELF-WORLD-I15PRO-12k-Puffs-Wholeale-Vape-229x300.jpg 229w, https:\/\/vapebulkp.com\/wp-content\/uploads\/2024\/08\/ELF-WORLD-I15PRO-12k-Puffs-Wholeale-Vape-781x1024.jpg 781w, https:\/\/vapebulkp.com\/wp-content\/uploads\/2024\/08\/ELF-WORLD-I15PRO-12k-Puffs-Wholeale-Vape-768x1007.jpg 768w, https:\/\/vapebulkp.com\/wp-content\/uploads\/2024\/08\/ELF-WORLD-I15PRO-12k-Puffs-Wholeale-Vape-1172x1536.jpg 1172w, https:\/\/vapebulkp.com\/wp-content\/uploads\/2024\/08\/ELF-WORLD-I15PRO-12k-Puffs-Wholeale-Vape-600x786.jpg 600w\" sizes=\"(max-width: 426px) 100vw, 426px\" \/><\/p>\n<h6>Molimo kontaktirajte Mandy's WhatsApp za cijenu s popustom<a href=\"https:\/\/wa.me\/8618077105796\">+8618077105796<\/a><\/h6>\n<p><img decoding=\"async\" class=\"alignnone wp-image-2151\" src=\"http:\/\/vapebulkp.com\/wp-content\/uploads\/2024\/04\/Mandy-WhatsApp-Randm.jpg\" alt=\"Mandy WhatsApp Randm\" width=\"324\" height=\"330\" \/><\/p>\n<h2>Moglo bi vas zanimati o ELFWORLD Vape 12k puhanja:<\/h2>\n<h5>1.Kako koristiti ELFWORLD I15 Pro Top Sale Vape 12k puhanja?<\/h5>\n<p>Korak 1. Prije upotrebe 12k udisaja, uklonite plasti\u010dnu cijev.<\/p>\n<p>Korak 2. Pri\u010dekajte oko 3 minute da sok u\u0111e u zavojnicu unutra.<\/p>\n<p>Korak 3. U\u017eivajte<\/p>\n<h5>2.Kako napuniti novi VAPE ELFWORLD jednokratni vape 12k puhanja?<\/h5>\n<p>Ne smiju se koristiti brzi punja\u010di, a standardna sigurna snaga jednokratnih elektroni\u010dkih cigareta je 5V 1A.<\/p>\n<p>Svako punjenje ne smije trajati du\u017ee od 1 sata, a sigurno vrijeme punjenja je pola sata.<\/p>\n<p><span style=\"color: #ff6600\">Napomena: ne punite cijelu no\u0107!<\/span><\/p>\n<h5>3.Koliki je kapacitet e-teku\u0107ine HQ ELFWORLD I15 Pro 12k puhanja?<\/h5>\n<p>\u2014\u201418 ml<\/p>\n<h5>4.Koliko puhanja mogu napraviti s ovim Veleprodajnim ELFWORLD I15 Pro 12000 Puffs Vape ure\u0111ajem?<\/h5>\n<p>\u2014\u201312000Udisaja<\/p>\n<h3>ELFWORLD I15 Pro 12k puhanja veleprodajni vape zna\u010dajke:<\/h3>\n<p>&nbsp;<\/p>\n<ul>\n<li>18ml napunjena e-teku\u0107ina<\/li>\n<li>5% (50mg) ja\u010dina nikotina<\/li>\n<li>Mesh Coil tehnologija<\/li>\n<li>Pribli\u017eno 12,000 udisaja<\/li>\n<li>600mAh punjiva baterija<\/li>\n<li>Ekran za prikaz trajanja baterije i razine e-teku\u0107ine<\/li>\n<li>USB Type-C punjenje (kabel nije uklju\u010den)<\/li>\n<li>Mehanizam aktiviran udisajem<\/li>\n<li>MTL (Usta-do-Plu\u0107a) Vaping<\/li>\n<\/ul>\n<h3><strong>Popularni okusi vape-a ELFWORLD I15 Pro 12k Puffs:<\/strong><\/h3>\n<p>1.Ledena lubenica<br \/>\n2. Plava malina i led<br \/>\n3.Ledena jagoda<br \/>\n4.Vanilija i duhan<br \/>\n5.Zmajsko vo\u0107e i bobice<br \/>\n6.Sakura gro\u017e\u0111e<br \/>\n7.Breskva i mango<br \/>\n8.Dugina bombona<br \/>\n9.Mentol<br \/>\n10.Mije\u0161ane bobice<\/p>\n<p><a href=\"https:\/\/vapebulkp.com\/hr\/product\/popular-randm-tornado-7000puffs-disposable-vape-best-price\/\"><span style=\"vertical-align: inherit\">RandM Tornado 7000 Udisaja <\/span><\/a><\/p>\n<p><span style=\"vertical-align: inherit\">Prona\u0111ite vi\u0161e proizvoda koji bi vam se mogli svidjeti:<\/span><em><a href=\"https:\/\/wa.me\/8618077105796\"><span style=\"vertical-align: inherit\">\u00a0Kupite sada<\/span><\/a><\/em><\/p>\n<p><span style=\"vertical-align: inherit\">Ostali Puffs koji bi vam se mogli svidjeti:<\/span><a href=\"https:\/\/vapebulkp.com\/hr\/product\/bang-with-a-vape-gear-20000-puffs-discount-price\/\"><span style=\"vertical-align: inherit\">Bang Gear Vape 20000 Puffs<\/span><\/a><span style=\"vertical-align: inherit\">\u3001<\/span><a href=\"https:\/\/vapebulkp.com\/hr\/product\/wholesale-randm-tornado-9000-puffs-germany\/\"><span style=\"vertical-align: inherit\">RandM 9000 Udisaja<\/span><\/a><span style=\"vertical-align: inherit\">\/ <\/span><a href=\"https:\/\/vapebulkp.com\/hr\/fi\/product\/bang-30k-puffs-new-double-taste-good-vape\/\"><span style=\"vertical-align: inherit\">Bang Vape 30000 Puffs<\/span><\/a><span style=\"vertical-align: inherit\">\/ <\/span><a href=\"https:\/\/vapebulkp.com\/hr\/fi\/product\/uzy-bang-digital-12000puffs-led-display-e-cigarettes\/\"><span style=\"vertical-align: inherit\">UZY Bang Digital 15000 Puhova<\/span><\/a><\/p>\n<p><span style=\"vertical-align: inherit\">E-cigareta posebnog oblika boce:<\/span><a href=\"https:\/\/vapebulkp.com\/hr\/product\/uzy-bang-king-12k-disposable-vape-affordable-price\/\"><span style=\"vertical-align: inherit\"> Bang King 12k Udisaja<\/span><\/a><span style=\"vertical-align: inherit\">\/ <\/span><a href=\"https:\/\/vapebulkp.com\/hr\/fi\/product\/best-price-wga-crystal-pro-max-15k-puffs-original-vape\/\"><span style=\"vertical-align: inherit\">\u00a0WGA Crystal pro max 15k Puffs <\/span><\/a><span style=\"vertical-align: inherit\">\/<\/span><a href=\"https:\/\/vapebulkp.com\/hr\/product\/bang-tornado-12000-puffs-rechargeable-disposable-pod\/\"><span style=\"vertical-align: inherit\"> Bang Tornado 12000 Mlaznica<\/span><\/a><\/p>\n<h5>Kvalifikacija proizvodnje:<\/h5>\n<p><img decoding=\"async\" class=\"alignnone size-full wp-image-1841\" src=\"http:\/\/vapebulkp.com\/wp-content\/uploads\/2023\/11\/Vape-production-process-2.jpeg\" alt=\"Proces proizvodnje vape ure\u0111aja\" width=\"650\" height=\"434\" srcset=\"https:\/\/vapebulkp.com\/wp-content\/uploads\/2023\/11\/Vape-production-process-2.jpeg 650w, https:\/\/vapebulkp.com\/wp-content\/uploads\/2023\/11\/Vape-production-process-2-300x200.jpeg 300w, https:\/\/vapebulkp.com\/wp-content\/uploads\/2023\/11\/Vape-production-process-2-600x401.jpeg 600w\" sizes=\"(max-width: 650px) 100vw, 650px\" \/><\/p>\n<p><img decoding=\"async\" class=\"alignnone size-full wp-image-1843\" src=\"http:\/\/vapebulkp.com\/wp-content\/uploads\/2023\/11\/Vape-production-process.jpeg\" alt=\"Proces proizvodnje vape ure\u0111aja\" width=\"641\" height=\"1026\" srcset=\"https:\/\/vapebulkp.com\/wp-content\/uploads\/2023\/11\/Vape-production-process.jpeg 641w, https:\/\/vapebulkp.com\/wp-content\/uploads\/2023\/11\/Vape-production-process-187x300.jpeg 187w, https:\/\/vapebulkp.com\/wp-content\/uploads\/2023\/11\/Vape-production-process-640x1024.jpeg 640w, https:\/\/vapebulkp.com\/wp-content\/uploads\/2023\/11\/Vape-production-process-600x960.jpeg 600w\" sizes=\"(max-width: 641px) 100vw, 641px\" \/><\/p>\n<h4>\u010cesta pitanja:<\/h4>\n<p>P: Koliki je MOQ za popularni vape ELFWORLD I15 Pro 12k puffs u Hrvatskoj?<br \/>\nO: Minimalna narud\u017eba je 100 komada.<br \/>\nP: Koje je vrijeme isporuke za vape koji sam naru\u010dio?<br \/>\nO: Obi\u010dno je 10-15 dana nakon slanja<br \/>\nP: Koliko ko\u0161ta dostava?O: Tro\u0161kovi dostave ovise o te\u017eini. Razli\u010dite koli\u010dine imaju razli\u010dite tro\u0161kove dostave, kontaktirajte nas da potvrdite tro\u0161ak dostave.<\/p>\n<h4>Detalji dostave:<\/h4>\n<p><span style=\"color: #ff6600\">Vrijeme proizvodnje: 5-10 radnih dana<\/span><br \/>\n<span style=\"color: #ff6600\">Vrijeme isporuke: 8-14 radnih dana<\/span><\/p>\n<p>Svi proizvodi u na\u0161oj trgovini su 100% originalni i autenti\u010dni, stoga je desetostruka naknada za la\u017enu robu na\u0161a politika trgovine. Za dostavu koristimo logisti\u010dke kanale kao \u0161to su UPS\/DHL\/FEDEX\/DPD.<\/p>\n<p>Za pakete poslane u Hrvatsku obi\u010dno je potrebno 10 radnih dana da stignu. Dostava u europske zemlje obi\u010dno traje 12 do 15 radnih dana da stigne. Logisti\u010dke informacije \u0107emo a\u017eurirati za vas u stvarnom vremenu.<\/p>","protected":false},"excerpt":{"rendered":"<p>Najbolji ELFWORLD I15 Pro jednokratni vape 12k puhanja ima rezervoar od 18 ml unaprijed napunjene teku\u0107ine za vape i punjivu bateriju od 600 mAh. Tako\u0111er uklju\u010duje zaslon koji prikazuje trajanje baterije i razine teku\u0107ine, a mo\u017ee pru\u017eiti impresivnih 12.000 puhanja.<\/p>\n<p>Molimo kontaktirajte Mandy's WhatsApp za cijenu s popustom<a href=\"https:\/\/wa.me\/8618077105796\">+8618077105796<\/a><\/p>\n<p><img decoding=\"async\" class=\"alignnone wp-image-2151\" src=\"http:\/\/vapebulkp.com\/wp-content\/uploads\/2024\/04\/Mandy-WhatsApp-Randm.jpg\" alt=\"Mandy WhatsApp Randm\" width=\"297\" height=\"316\" srcset=\"https:\/\/vapebulkp.com\/wp-content\/uploads\/2024\/04\/Mandy-WhatsApp-Randm.jpg 916w, https:\/\/vapebulkp.com\/wp-content\/uploads\/2024\/04\/Mandy-WhatsApp-Randm-282x300.jpg 282w, https:\/\/vapebulkp.com\/wp-content\/uploads\/2024\/04\/Mandy-WhatsApp-Randm-768x817.jpg 768w, https:\/\/vapebulkp.com\/wp-content\/uploads\/2024\/04\/Mandy-WhatsApp-Randm-600x638.jpg 600w\" sizes=\"(max-width: 297px) 100vw, 297px\" \/><\/p>\n<p><span style=\"color: #ff0000\">NAPOMENA: Cijene na na\u0161oj web stranici ne uklju\u010duju tro\u0161kove dostave<\/span><\/p>\n<p>&nbsp;<\/p>","protected":false},"featured_media":2707,"comment_status":"open","ping_status":"closed","template":"","meta":{"_uag_custom_page_level_css":"","_lmt_disableupdate":"no","_lmt_disable":"","site-sidebar-layout":"default","site-content-layout":"content-boxed-container","ast-site-content-layout":"normal-width-container","site-content-style":"boxed","site-sidebar-style":"unboxed","ast-global-header-display":"","ast-banner-title-visibility":"","ast-main-header-display":"","ast-hfb-above-header-display":"","ast-hfb-below-header-display":"","ast-hfb-mobile-header-display":"","site-post-title":"","ast-breadcrumbs-content":"","ast-featured-img":"","footer-sml-layout":"","theme-transparent-header-meta":"default","adv-header-id-meta":"","stick-header-meta":"","header-above-stick-meta":"","header-main-stick-meta":"","header-below-stick-meta":"","astra-migrate-meta-layouts":"set","_joinchat":[]},"product_cat":[166,348,33,59,100,87,34,158,157,154,152,58,84,156,63,32],"product_tag":[36,37,41,40],"class_list":["post-2713","product","type-product","status-publish","has-post-thumbnail","hentry","product_cat-12000-puffs-disposable-vape","product_cat-elf-world-vape","product_cat-france-vape-hot-sale","product_cat-germany-hot-disposable-vape","product_cat-germany-wholesale-vape-shop","product_cat-minimum-order-quantity-50pcs","product_cat-netherlands-vape-good-sale","product_cat-norway-hot-disposable-vapes","product_cat-poland-hot-disposable-vapes","product_cat-portugal-hot-disposable-vapes","product_cat-spain-hot-disposable-vapes","product_cat-sweden-hot-disposable-vape","product_cat-sweden-wholesale-vape","product_cat-switzerland-hot-disposable-vapes","product_cat-top-sale-disposable-vape","product_cat-vape-hot-sale-this-week","product_tag-good-vape","product_tag-hot-sale-disposable-vape","product_tag-poland-hot-vape","product_tag-sweden-hot-vape","pa_brand-elf-world-vape","desktop-align-left","tablet-align-left","mobile-align-left"],"yoast_head":"<!-- This site is optimized with the Yoast SEO plugin v21.1 - https:\/\/yoast.com\/wordpress\/plugins\/seo\/ -->\n<title>Best ELFWORLD I15 Pro Disposable Vape 12k Puffs - vapebulkp.com<\/title>\n<meta name=\"description\" content=\"Best ELFWORLD I15 Pro Disposable Vape 12k Puffs features 18ml of pre-filled vape juice, a rechargeable 600mAh battery, and a screen that displays both battery life and juice level. It is capable of delivering up to 12,000 puffs.\" \/>\n<meta name=\"robots\" content=\"index, follow, max-snippet:-1, max-image-preview:large, max-video-preview:-1\" \/>\n<link rel=\"canonical\" href=\"https:\/\/vapebulkp.com\/hr\/product\/best-elfworld-i15-pro-disposable-vape-12k-puffs\/\" \/>\n<meta property=\"og:locale\" content=\"hr_HR\" \/>\n<meta property=\"og:type\" content=\"article\" \/>\n<meta property=\"og:title\" content=\"Best ELFWORLD I15 Pro Disposable Vape 12k Puffs - vapebulkp.com\" \/>\n<meta property=\"og:description\" content=\"Best ELFWORLD I15 Pro Disposable Vape 12k Puffs features 18ml of pre-filled vape juice, a rechargeable 600mAh battery, and a screen that displays both battery life and juice level. It is capable of delivering up to 12,000 puffs.\" \/>\n<meta property=\"og:url\" content=\"https:\/\/vapebulkp.com\/hr\/product\/best-elfworld-i15-pro-disposable-vape-12k-puffs\/\" \/>\n<meta property=\"og:site_name\" content=\"vapebulkp.com\" \/>\n<meta property=\"article:modified_time\" content=\"2025-09-24T03:24:25+00:00\" \/>\n<meta property=\"og:image\" content=\"http:\/\/vapebulkp.com\/wp-content\/uploads\/2024\/08\/ELF-WORLD-I15PRO-12k-Top-Sale-Vape-12k-Puffs-scaled.jpg\" \/>\n\t<meta property=\"og:image:width\" content=\"2560\" \/>\n\t<meta property=\"og:image:height\" content=\"2434\" \/>\n\t<meta property=\"og:image:type\" content=\"image\/jpeg\" \/>\n<meta name=\"twitter:card\" content=\"summary_large_image\" \/>\n<meta name=\"twitter:label1\" content=\"Procijenjeno vrijeme \u010ditanja\" \/>\n\t<meta name=\"twitter:data1\" content=\"4 minute\" \/>\n<script type=\"application\/ld+json\" class=\"yoast-schema-graph\">{\"@context\":\"https:\/\/schema.org\",\"@graph\":[{\"@type\":\"WebPage\",\"@id\":\"https:\/\/vapebulkp.com\/product\/best-elfworld-i15-pro-disposable-vape-12k-puffs\/\",\"url\":\"https:\/\/vapebulkp.com\/product\/best-elfworld-i15-pro-disposable-vape-12k-puffs\/\",\"name\":\"Best ELFWORLD I15 Pro Disposable Vape 12k Puffs - vapebulkp.com\",\"isPartOf\":{\"@id\":\"https:\/\/vapebulkp.com\/#website\"},\"datePublished\":\"2024-08-07T08:58:18+00:00\",\"dateModified\":\"2025-09-24T03:24:25+00:00\",\"description\":\"Best ELFWORLD I15 Pro Disposable Vape 12k Puffs features 18ml of pre-filled vape juice, a rechargeable 600mAh battery, and a screen that displays both battery life and juice level. It is capable of delivering up to 12,000 puffs.\",\"breadcrumb\":{\"@id\":\"https:\/\/vapebulkp.com\/product\/best-elfworld-i15-pro-disposable-vape-12k-puffs\/#breadcrumb\"},\"inLanguage\":\"hr\",\"potentialAction\":[{\"@type\":\"ReadAction\",\"target\":[\"https:\/\/vapebulkp.com\/product\/best-elfworld-i15-pro-disposable-vape-12k-puffs\/\"]}]},{\"@type\":\"BreadcrumbList\",\"@id\":\"https:\/\/vapebulkp.com\/product\/best-elfworld-i15-pro-disposable-vape-12k-puffs\/#breadcrumb\",\"itemListElement\":[{\"@type\":\"ListItem\",\"position\":1,\"name\":\"Home\",\"item\":\"https:\/\/vapebulkp.com\/\"},{\"@type\":\"ListItem\",\"position\":2,\"name\":\"Hot Trend Vapes\",\"item\":\"https:\/\/vapebulkp.com\/vape-shop\/\"},{\"@type\":\"ListItem\",\"position\":3,\"name\":\"Best ELFWORLD I15 Pro Disposable Vape 12k Puffs\"}]},{\"@type\":\"WebSite\",\"@id\":\"https:\/\/vapebulkp.com\/#website\",\"url\":\"https:\/\/vapebulkp.com\/\",\"name\":\"vapebulkp.com\",\"description\":\"Buy Vape In Cheap Bulk Price Near you\",\"publisher\":{\"@id\":\"https:\/\/vapebulkp.com\/#organization\"},\"potentialAction\":[{\"@type\":\"SearchAction\",\"target\":{\"@type\":\"EntryPoint\",\"urlTemplate\":\"https:\/\/vapebulkp.com\/?s={search_term_string}\"},\"query-input\":\"required name=search_term_string\"}],\"inLanguage\":\"hr\"},{\"@type\":\"Organization\",\"@id\":\"https:\/\/vapebulkp.com\/#organization\",\"name\":\"vapebulkp.com\",\"url\":\"https:\/\/vapebulkp.com\/\",\"logo\":{\"@type\":\"ImageObject\",\"inLanguage\":\"hr\",\"@id\":\"https:\/\/vapebulkp.com\/#\/schema\/logo\/image\/\",\"url\":\"https:\/\/vapebulkp.com\/wp-content\/uploads\/2023\/09\/cropped-vapebulkp.png\",\"contentUrl\":\"https:\/\/vapebulkp.com\/wp-content\/uploads\/2023\/09\/cropped-vapebulkp.png\",\"width\":516,\"height\":163,\"caption\":\"vapebulkp.com\"},\"image\":{\"@id\":\"https:\/\/vapebulkp.com\/#\/schema\/logo\/image\/\"}}]}<\/script>\n<!-- \/ Yoast SEO plugin. -->","yoast_head_json":{"title":"Best ELFWORLD I15 Pro Disposable Vape 12k Puffs - vapebulkp.com","description":"Best ELFWORLD I15 Pro Disposable Vape 12k Puffs features 18ml of pre-filled vape juice, a rechargeable 600mAh battery, and a screen that displays both battery life and juice level. It is capable of delivering up to 12,000 puffs.","robots":{"index":"index","follow":"follow","max-snippet":"max-snippet:-1","max-image-preview":"max-image-preview:large","max-video-preview":"max-video-preview:-1"},"canonical":"https:\/\/vapebulkp.com\/hr\/product\/best-elfworld-i15-pro-disposable-vape-12k-puffs\/","og_locale":"hr_HR","og_type":"article","og_title":"Best ELFWORLD I15 Pro Disposable Vape 12k Puffs - vapebulkp.com","og_description":"Best ELFWORLD I15 Pro Disposable Vape 12k Puffs features 18ml of pre-filled vape juice, a rechargeable 600mAh battery, and a screen that displays both battery life and juice level. It is capable of delivering up to 12,000 puffs.","og_url":"https:\/\/vapebulkp.com\/hr\/product\/best-elfworld-i15-pro-disposable-vape-12k-puffs\/","og_site_name":"vapebulkp.com","article_modified_time":"2025-09-24T03:24:25+00:00","og_image":[{"width":2560,"height":2434,"url":"http:\/\/vapebulkp.com\/wp-content\/uploads\/2024\/08\/ELF-WORLD-I15PRO-12k-Top-Sale-Vape-12k-Puffs-scaled.jpg","type":"image\/jpeg"}],"twitter_card":"summary_large_image","twitter_misc":{"Procijenjeno vrijeme \u010ditanja":"4 minute"},"schema":{"@context":"https:\/\/schema.org","@graph":[{"@type":"WebPage","@id":"https:\/\/vapebulkp.com\/product\/best-elfworld-i15-pro-disposable-vape-12k-puffs\/","url":"https:\/\/vapebulkp.com\/product\/best-elfworld-i15-pro-disposable-vape-12k-puffs\/","name":"Best ELFWORLD I15 Pro Disposable Vape 12k Puffs - vapebulkp.com","isPartOf":{"@id":"https:\/\/vapebulkp.com\/#website"},"datePublished":"2024-08-07T08:58:18+00:00","dateModified":"2025-09-24T03:24:25+00:00","description":"Best ELFWORLD I15 Pro Disposable Vape 12k Puffs features 18ml of pre-filled vape juice, a rechargeable 600mAh battery, and a screen that displays both battery life and juice level. It is capable of delivering up to 12,000 puffs.","breadcrumb":{"@id":"https:\/\/vapebulkp.com\/product\/best-elfworld-i15-pro-disposable-vape-12k-puffs\/#breadcrumb"},"inLanguage":"hr","potentialAction":[{"@type":"ReadAction","target":["https:\/\/vapebulkp.com\/product\/best-elfworld-i15-pro-disposable-vape-12k-puffs\/"]}]},{"@type":"BreadcrumbList","@id":"https:\/\/vapebulkp.com\/product\/best-elfworld-i15-pro-disposable-vape-12k-puffs\/#breadcrumb","itemListElement":[{"@type":"ListItem","position":1,"name":"Home","item":"https:\/\/vapebulkp.com\/"},{"@type":"ListItem","position":2,"name":"Hot Trend Vapes","item":"https:\/\/vapebulkp.com\/vape-shop\/"},{"@type":"ListItem","position":3,"name":"Best ELFWORLD I15 Pro Disposable Vape 12k Puffs"}]},{"@type":"WebSite","@id":"https:\/\/vapebulkp.com\/#website","url":"https:\/\/vapebulkp.com\/","name":"vapebulkp.com","description":"Buy Vape In Cheap Bulk Price Near you","publisher":{"@id":"https:\/\/vapebulkp.com\/#organization"},"potentialAction":[{"@type":"SearchAction","target":{"@type":"EntryPoint","urlTemplate":"https:\/\/vapebulkp.com\/?s={search_term_string}"},"query-input":"required name=search_term_string"}],"inLanguage":"hr"},{"@type":"Organization","@id":"https:\/\/vapebulkp.com\/#organization","name":"vapebulkp.com","url":"https:\/\/vapebulkp.com\/","logo":{"@type":"ImageObject","inLanguage":"hr","@id":"https:\/\/vapebulkp.com\/#\/schema\/logo\/image\/","url":"https:\/\/vapebulkp.com\/wp-content\/uploads\/2023\/09\/cropped-vapebulkp.png","contentUrl":"https:\/\/vapebulkp.com\/wp-content\/uploads\/2023\/09\/cropped-vapebulkp.png","width":516,"height":163,"caption":"vapebulkp.com"},"image":{"@id":"https:\/\/vapebulkp.com\/#\/schema\/logo\/image\/"}}]}},"uagb_featured_image_src":{"full":["https:\/\/vapebulkp.com\/wp-content\/uploads\/2024\/08\/ELF-WORLD-I15PRO-12k-Top-Sale-Vape-12k-Puffs-scaled.jpg",2560,2434,false],"thumbnail":["https:\/\/vapebulkp.com\/wp-content\/uploads\/2024\/08\/ELF-WORLD-I15PRO-12k-Top-Sale-Vape-12k-Puffs-150x150.jpg",150,150,true],"medium":["https:\/\/vapebulkp.com\/wp-content\/uploads\/2024\/08\/ELF-WORLD-I15PRO-12k-Top-Sale-Vape-12k-Puffs-300x285.jpg",300,285,true],"medium_large":["https:\/\/vapebulkp.com\/wp-content\/uploads\/2024\/08\/ELF-WORLD-I15PRO-12k-Top-Sale-Vape-12k-Puffs-768x730.jpg",768,730,true],"large":["https:\/\/vapebulkp.com\/wp-content\/uploads\/2024\/08\/ELF-WORLD-I15PRO-12k-Top-Sale-Vape-12k-Puffs-1024x974.jpg",1024,974,true],"1536x1536":["https:\/\/vapebulkp.com\/wp-content\/uploads\/2024\/08\/ELF-WORLD-I15PRO-12k-Top-Sale-Vape-12k-Puffs-1536x1461.jpg",1536,1461,true],"2048x2048":["https:\/\/vapebulkp.com\/wp-content\/uploads\/2024\/08\/ELF-WORLD-I15PRO-12k-Top-Sale-Vape-12k-Puffs-2048x1947.jpg",2048,1947,true],"trp-custom-language-flag":["https:\/\/vapebulkp.com\/wp-content\/uploads\/2024\/08\/ELF-WORLD-I15PRO-12k-Top-Sale-Vape-12k-Puffs-scaled.jpg",13,12,false],"woocommerce_thumbnail":["https:\/\/vapebulkp.com\/wp-content\/uploads\/2024\/08\/ELF-WORLD-I15PRO-12k-Top-Sale-Vape-12k-Puffs-300x300.jpg",300,300,true],"woocommerce_single":["https:\/\/vapebulkp.com\/wp-content\/uploads\/2024\/08\/ELF-WORLD-I15PRO-12k-Top-Sale-Vape-12k-Puffs-600x571.jpg",600,571,true],"woocommerce_gallery_thumbnail":["https:\/\/vapebulkp.com\/wp-content\/uploads\/2024\/08\/ELF-WORLD-I15PRO-12k-Top-Sale-Vape-12k-Puffs-100x100.jpg",100,100,true],"wcpr-photo-reviews":["https:\/\/vapebulkp.com\/wp-content\/uploads\/2024\/08\/ELF-WORLD-I15PRO-12k-Top-Sale-Vape-12k-Puffs-scaled.jpg",500,475,false]},"uagb_author_info":{"display_name":"Mandy vape bulk price","author_link":"https:\/\/vapebulkp.com\/hr\/author\/"},"uagb_comment_info":0,"uagb_excerpt":"Best ELFWORLD I15 Pro Disposable Vape 12k Puffs features an 18ml reservoir of pre-filled vape juice and a rechargeable 600mAh battery. It also includes a screen that displays both battery life and juice levels, and it can deliver an impressive 12,000 puffs. Pls Contact Mandy's WhatsApp For Discount Price+8618077105796 NOTE: Prices on our website does&hellip;","_links":{"self":[{"href":"https:\/\/vapebulkp.com\/hr\/wp-json\/wp\/v2\/product\/2713","targetHints":{"allow":["GET"]}}],"collection":[{"href":"https:\/\/vapebulkp.com\/hr\/wp-json\/wp\/v2\/product"}],"about":[{"href":"https:\/\/vapebulkp.com\/hr\/wp-json\/wp\/v2\/types\/product"}],"replies":[{"embeddable":true,"href":"https:\/\/vapebulkp.com\/hr\/wp-json\/wp\/v2\/comments?post=2713"}],"wp:featuredmedia":[{"embeddable":true,"href":"https:\/\/vapebulkp.com\/hr\/wp-json\/wp\/v2\/media\/2707"}],"wp:attachment":[{"href":"https:\/\/vapebulkp.com\/hr\/wp-json\/wp\/v2\/media?parent=2713"}],"wp:term":[{"taxonomy":"product_cat","embeddable":true,"href":"https:\/\/vapebulkp.com\/hr\/wp-json\/wp\/v2\/product_cat?post=2713"},{"taxonomy":"product_tag","embeddable":true,"href":"https:\/\/vapebulkp.com\/hr\/wp-json\/wp\/v2\/product_tag?post=2713"}],"curies":[{"name":"wp","href":"https:\/\/api.w.org\/{rel}","templated":true}]}}