{"id":2920,"date":"2024-09-21T10:54:07","date_gmt":"2024-09-21T08:54:07","guid":{"rendered":"https:\/\/vapebulkp.com\/?post_type=product&#038;p=2920"},"modified":"2025-09-24T05:18:03","modified_gmt":"2025-09-24T03:18:03","slug":"original-bang-vape-box-20k-puff-disposable-vape","status":"publish","type":"product","link":"https:\/\/vapebulkp.com\/hr\/proizvod\/original-bang-vape-box-20k-puff-disposable-vape\/","title":{"rendered":"Original Bang Vape Box 20K Puff jednokratni vape"},"content":{"rendered":"<h2 style=\"text-align: left\">Original Bang Vape Box 20K Puff jednokratni vape<\/h2>\n<p>&nbsp;<\/p>\n<p data-start=\"263\" data-end=\"555\">O <strong data-start=\"267\" data-end=\"293\">Bang Vape Kutija 20K Udisaja<\/strong> je premium <a href=\"https:\/\/vapebulkp.com\/hr\/kategorija-proizvoda\/20000-puffs-disposable-vape\/\"><strong data-start=\"307\" data-end=\"338\">20000 Puffs jednokratni Vape<\/strong><\/a> dizajniran za europske mlade mu\u0161karce koji tra\u017ee vaping visokog kapaciteta. Sadr\u017ei spremnik od 35 ml e-teku\u0107ine s 5% nikotinskom soli, ovaj jednokratni vape isporu\u010duje glatki, bogati okus i gustu paru od prvog do posljednjeg udisaja. Pokre\u0107e ga baterija od 850 mAh koja se mo\u017ee puniti, veleprodajna cijena <strong data-start=\"604\" data-end=\"630\">Bang Kutija 20000 Udisaja <\/strong>osigurava dugotrajne performanse i upotrebu bez problema zahvaljuju\u0107i jednostavnom dizajnu aktiviranom udisajem. Ovo <strong data-start=\"732\" data-end=\"765\">jednokratni vape velikog kapaciteta<\/strong> eliminira potrebu za nadopunjavanjem ili \u010destim punjenjem, \u0161to ga \u010dini idealnim za svakodnevnu upotrebu, putovanja ili velike narud\u017ebe.<\/p>\n<p data-start=\"878\" data-end=\"1142\">Kompaktan, ergonomski i moderan, veleprodajni vape <strong data-start=\"915\" data-end=\"941\">Bang Vape Kutija 20K Udisaja\u00a0<\/strong> kombinira prakti\u010dnost, performanse i vrhunski dizajn. Isporu\u010duje se izravno iz skladi\u0161ta u EU, jam\u010di brzu isporuku i pouzdanu kvalitetu, savr\u0161en za vapere koji cijene i okus i u\u010dinkovitost.<\/p>\n<h6 style=\"text-align: left\"><\/h6>\n<h6>Molimo kontaktirajte Mandy's WhatsApp za cijenu s popustom<a href=\"https:\/\/wa.me\/8618077105796\">+8618077105796<\/a><\/h6>\n<p><img decoding=\"async\" class=\"alignnone wp-image-2151\" src=\"http:\/\/vapebulkp.com\/wp-content\/uploads\/2024\/04\/Mandy-WhatsApp-Randm.jpg\" alt=\"Mandy WhatsApp Randm\" width=\"287\" height=\"305\" srcset=\"https:\/\/vapebulkp.com\/wp-content\/uploads\/2024\/04\/Mandy-WhatsApp-Randm.jpg 916w, https:\/\/vapebulkp.com\/wp-content\/uploads\/2024\/04\/Mandy-WhatsApp-Randm-282x300.jpg 282w, https:\/\/vapebulkp.com\/wp-content\/uploads\/2024\/04\/Mandy-WhatsApp-Randm-768x817.jpg 768w, https:\/\/vapebulkp.com\/wp-content\/uploads\/2024\/04\/Mandy-WhatsApp-Randm-600x638.jpg 600w\" sizes=\"(max-width: 287px) 100vw, 287px\" \/><\/p>\n<h5>Mislili smo da biste \u017eeljeli znati o Bang Box 20000 Puffs Vape kompletima:<\/h5>\n<h5>1. Kako pravilno koristiti Bang Box 20000 Puffs Vape olovku: Vodi\u010d korak po korak za po\u010detnike?<\/h5>\n<p>Korak 1. Prije upotrebe 20k udisaja, uklonite plasti\u010dnu cijev.<\/p>\n<p>Korak 2. Pri\u010dekajte oko 3 minute da sok u\u0111e u zavojnicu unutra.<\/p>\n<p>Korak 3. U\u017eivajte<\/p>\n<h5>2. Kako napuniti Bang Box 20000 Puffs jednokratni vape ure\u0111aj: Detaljni vodi\u010d<\/h5>\n<p>Ne smiju se koristiti brzi punja\u010di, a standardna sigurna snaga jednokratnih elektroni\u010dkih cigareta je 5V 1A.<\/p>\n<p>Svako punjenje ne smije trajati du\u017ee od 1 sata, a sigurno vrijeme punjenja je pola sata.<\/p>\n<p><span style=\"color: #ff6600\">Napomena: ne punite cijelu no\u0107!<\/span><\/p>\n<h5>3. Koliki je kapacitet e-teku\u0107ine Bang Box 20000 Puffs Vape?<\/h5>\n<p>Bang Box 20000 Puffs Vape mo\u017ee se pohvaliti impresivnim kapacitetom e-teku\u0107ine, dr\u017ee\u0107i velikih 35 ml.<\/p>\n<h5>4. Koliko udisaja mogu dobiti od Bang Vape 20000 Puffs?<\/h5>\n<p>\u2014\u201320000Pufova<\/p>\n<h5>Zna\u010dajke jednokratne vape kapsule Bang Box 20000 Puffs:<\/h5>\n<p>Do 20000 udisaja<br \/>\nTeku\u0107ina: 35 ml e teku\u0107ine<br \/>\nNikotin: 0%, 2%, 3%, 5%<br \/>\nVrste: Jednokratno<br \/>\nBaterija od 850 mAh<br \/>\nPunjivo preko Type-c<br \/>\n0.8 mesh zavojnica<br \/>\nLED svjetlo u boji<\/p>\n<p>&nbsp;<\/p>\n<h5><strong>Koji su najbolji okusi jednokratne vape kapsule Bang Box 20000 Puffs?<\/strong><\/h5>\n<p>1. Jagoda kivi<br \/>\n2. Kivi marakuja guava<br \/>\n3. Jagoda lubenica<br \/>\n4. Malina lubenica<br \/>\n5. Borovnica kisela malina led<br \/>\n6. Lubenica led<br \/>\n7. Banana led<br \/>\n8. Mango breskva<br \/>\n9. Plava malina led<br \/>\n10. Gospodin plavi<br \/>\n11. Gro\u017e\u0111e led<br \/>\n12. Mango na ledu<\/p>\n<p><a href=\"https:\/\/vapebulkp.com\/hr\/proizvod\/popular-randm-tornado-7000puffs-disposable-vape-best-price\/\"><span style=\"vertical-align: inherit\">RandM Tornado 7000 Udisaja <\/span><\/a><\/p>\n<p><span style=\"vertical-align: inherit\">Prona\u0111ite vi\u0161e proizvoda koji bi vam se mogli svidjeti:<\/span><em><a href=\"https:\/\/wa.me\/8618077105796\"><span style=\"vertical-align: inherit\">\u00a0Kupite sada<\/span><\/a><\/em><\/p>\n<p><span style=\"vertical-align: inherit\">Ostali Puffs koji bi vam se mogli svidjeti:<\/span><a href=\"https:\/\/vapebulkp.com\/hr\/proizvod\/joymy-ultra15000puffs-best-disposable-vape-2023\/\"><span style=\"vertical-align: inherit\">JOYMY 15000 Udisaja<\/span><\/a><span style=\"vertical-align: inherit\">\u3001<\/span><a href=\"https:\/\/vapebulkp.com\/hr\/proizvod\/wholesale-randm-tornado-9000-puffs-germany\/\"><span style=\"vertical-align: inherit\">RandM 9000 Udisaja<\/span><\/a><span style=\"vertical-align: inherit\">\/ <\/span><a href=\"https:\/\/vapebulkp.com\/hr\/proizvod\/bang-king-12000puffs\/\"><span style=\"vertical-align: inherit\">Bang King 12000 Puhova<\/span><\/a><span style=\"vertical-align: inherit\">\/ <\/span><a href=\"https:\/\/vapebulkp.com\/hr\/proizvod\/wholesale-tornado-rum-bar-9000-puffs-sweden\/\"><span style=\"vertical-align: inherit\">Rumbar 9000 Udisaja<\/span><\/a><\/p>\n<p><span style=\"vertical-align: inherit\">E-cigareta posebnog oblika boce:<\/span><a href=\"https:\/\/vapebulkp.com\/hr\/proizvod\/wholesale-kulx-8000-puffs-disposable-vape\/\"><span style=\"vertical-align: inherit\">\u00a0Kulx 8000 Udisaja<\/span><\/a><span style=\"vertical-align: inherit\">\/ <\/span><a href=\"https:\/\/vapebulkp.com\/hr\/proizvod\/popular-bang-king-10000-puffs-vape-good-price\/\"><span style=\"vertical-align: inherit\">\u00a0Bang King 10000 Udisaja <\/span><\/a><span style=\"vertical-align: inherit\">\/<\/span><a href=\"https:\/\/vapebulkp.com\/hr\/proizvod\/disposable-vape-crystal-600-puffs\/\"><span style=\"vertical-align: inherit\"> Crystal 600 Udisaja<\/span><\/a><\/p>\n<h5>Kvalifikacija proizvodnje:<\/h5>\n<p><img decoding=\"async\" class=\"alignnone size-full wp-image-1841\" src=\"http:\/\/vapebulkp.com\/wp-content\/uploads\/2023\/11\/Vape-production-process-2.jpeg\" alt=\"Proces proizvodnje vape ure\u0111aja\" width=\"650\" height=\"434\" srcset=\"https:\/\/vapebulkp.com\/wp-content\/uploads\/2023\/11\/Vape-production-process-2.jpeg 650w, https:\/\/vapebulkp.com\/wp-content\/uploads\/2023\/11\/Vape-production-process-2-300x200.jpeg 300w, https:\/\/vapebulkp.com\/wp-content\/uploads\/2023\/11\/Vape-production-process-2-600x401.jpeg 600w\" sizes=\"(max-width: 650px) 100vw, 650px\" \/><\/p>\n<p><img decoding=\"async\" class=\"alignnone size-full wp-image-1843\" src=\"http:\/\/vapebulkp.com\/wp-content\/uploads\/2023\/11\/Vape-production-process.jpeg\" alt=\"Proces proizvodnje vape ure\u0111aja\" width=\"641\" height=\"1026\" srcset=\"https:\/\/vapebulkp.com\/wp-content\/uploads\/2023\/11\/Vape-production-process.jpeg 641w, https:\/\/vapebulkp.com\/wp-content\/uploads\/2023\/11\/Vape-production-process-187x300.jpeg 187w, https:\/\/vapebulkp.com\/wp-content\/uploads\/2023\/11\/Vape-production-process-640x1024.jpeg 640w, https:\/\/vapebulkp.com\/wp-content\/uploads\/2023\/11\/Vape-production-process-600x960.jpeg 600w\" sizes=\"(max-width: 641px) 100vw, 641px\" \/><\/p>\n<h5>\u010cesta pitanja:<\/h5>\n<p>P: Koji je MOQ Bang Box 20k puff?<br \/>\nO: Minimalna narud\u017eba je 50 komada.<br \/>\nP: Koje je vrijeme isporuke za vape koji sam naru\u010dio?<br \/>\nO: Obi\u010dno je 10-15 dana nakon slanja<br \/>\nP: Koliko iznosi tro\u0161ak dostave?O: Tro\u0161ak dostave ovisi o te\u017eini. Razli\u010dite koli\u010dine imaju razli\u010dite tro\u0161kove dostave, molimo kontaktirajte nas kako bismo potvrdili tro\u0161ak dostave.<\/p>\n<h4>Detalji dostave:<\/h4>\n<p><span style=\"color: #ff6600\">Vrijeme proizvodnje: 5-10 radnih dana<\/span><br \/>\n<span style=\"color: #ff6600\">Vrijeme isporuke: 8-14 radnih dana<\/span><\/p>\n<p>Svi proizvodi u na\u0161oj trgovini su 100% originalni i autenti\u010dni, stoga je desetostruka naknada za la\u017enu robu na\u0161a politika trgovine. Za dostavu koristimo logisti\u010dke kanale kao \u0161to su UPS\/DHL\/FEDEX\/DPD.<\/p>\n<p>Za pakete poslane u Hrvatsku obi\u010dno je potrebno 10 radnih dana da stignu. Dostava u europske zemlje obi\u010dno traje 12 do 15 radnih dana da stigne. Logisti\u010dke informacije \u0107emo a\u017eurirati za vas u stvarnom vremenu.<\/p>","protected":false},"excerpt":{"rendered":"<p>Bang Box 20000 Puffs vape velikog kapaciteta<\/p>\n<p>Jednokratni vape za produ\u017eenu upotrebu Bang Box 20000 Puffs<\/p>\n<p>Jednokratni vape koji se mo\u017ee puniti<\/p>\n<p><img decoding=\"async\" class=\"alignnone wp-image-2151\" src=\"http:\/\/vapebulkp.com\/wp-content\/uploads\/2024\/04\/Mandy-WhatsApp-Randm.jpg\" alt=\"Mandy WhatsApp Randm\" width=\"234\" height=\"249\" srcset=\"https:\/\/vapebulkp.com\/wp-content\/uploads\/2024\/04\/Mandy-WhatsApp-Randm.jpg 916w, https:\/\/vapebulkp.com\/wp-content\/uploads\/2024\/04\/Mandy-WhatsApp-Randm-282x300.jpg 282w, https:\/\/vapebulkp.com\/wp-content\/uploads\/2024\/04\/Mandy-WhatsApp-Randm-768x817.jpg 768w, https:\/\/vapebulkp.com\/wp-content\/uploads\/2024\/04\/Mandy-WhatsApp-Randm-600x638.jpg 600w\" sizes=\"(max-width: 234px) 100vw, 234px\" \/><\/p>\n<p>Molimo kontaktirajte Mandy's WhatsApp za cijenu s popustom<a href=\"https:\/\/wa.me\/8618077105796\">+8618077105796<\/a><\/p>\n<p><span style=\"color: #ff0000\">NAPOMENA: Cijene na na\u0161oj web stranici ne uklju\u010duju tro\u0161kove dostave<\/span><\/p>\n<p>&nbsp;<\/p>","protected":false},"featured_media":2917,"comment_status":"open","ping_status":"closed","template":"","meta":{"_uag_custom_page_level_css":"","_lmt_disableupdate":"no","_lmt_disable":"","site-sidebar-layout":"default","site-content-layout":"content-boxed-container","ast-site-content-layout":"normal-width-container","site-content-style":"boxed","site-sidebar-style":"unboxed","ast-global-header-display":"","ast-banner-title-visibility":"","ast-main-header-display":"","ast-hfb-above-header-display":"","ast-hfb-below-header-display":"","ast-hfb-mobile-header-display":"","site-post-title":"","ast-breadcrumbs-content":"","ast-featured-img":"","footer-sml-layout":"","theme-transparent-header-meta":"default","adv-header-id-meta":"","stick-header-meta":"","header-above-stick-meta":"","header-main-stick-meta":"","header-below-stick-meta":"","astra-migrate-meta-layouts":"set","_joinchat":[]},"product_cat":[162,153,345,155,33,59,100,34,158,157,154,152,58,84,156,63,32],"product_tag":[109,36,37,41,40],"class_list":["post-2920","product","type-product","status-publish","has-post-thumbnail","hentry","product_cat-20000-puffs-disposable-vape","product_cat-hot-disposable-vapes","product_cat-bang-vapes","product_cat-belgium-hot-disposable-vapes","product_cat-france-vape-hot-sale","product_cat-germany-hot-disposable-vape","product_cat-germany-wholesale-vape-shop","product_cat-netherlands-vape-good-sale","product_cat-norway-hot-disposable-vapes","product_cat-poland-hot-disposable-vapes","product_cat-portugal-hot-disposable-vapes","product_cat-spain-hot-disposable-vapes","product_cat-sweden-hot-disposable-vape","product_cat-sweden-wholesale-vape","product_cat-switzerland-hot-disposable-vapes","product_cat-top-sale-disposable-vape","product_cat-vape-hot-sale-this-week","product_tag-20000-puffs","product_tag-good-vape","product_tag-hot-sale-disposable-vape","product_tag-poland-hot-vape","product_tag-sweden-hot-vape","pa_brand-bang-vape","desktop-align-left","tablet-align-left","mobile-align-left"],"yoast_head":"<!-- This site is optimized with the Yoast SEO plugin v21.1 - https:\/\/yoast.com\/wordpress\/plugins\/seo\/ -->\n<title>Original Bang Vape Box 20K Puff Disposable Vape - vapebulkp.com<\/title>\n<meta name=\"description\" content=\"Get the Bang Vape Box 20K Puff Vape Wholesale, a high-capacity 20000 Puffs Disposable Vape with smooth flavor and long-lasting battery. Order from EU warehouses now!\" \/>\n<meta name=\"robots\" content=\"index, follow, max-snippet:-1, max-image-preview:large, max-video-preview:-1\" \/>\n<link rel=\"canonical\" href=\"https:\/\/vapebulkp.com\/hr\/proizvod\/original-bang-vape-box-20k-puff-disposable-vape\/\" \/>\n<meta property=\"og:locale\" content=\"hr_HR\" \/>\n<meta property=\"og:type\" content=\"article\" \/>\n<meta property=\"og:title\" content=\"Original Bang Vape Box 20K Puff Disposable Vape - vapebulkp.com\" \/>\n<meta property=\"og:description\" content=\"Get the Bang Vape Box 20K Puff Vape Wholesale, a high-capacity 20000 Puffs Disposable Vape with smooth flavor and long-lasting battery. Order from EU warehouses now!\" \/>\n<meta property=\"og:url\" content=\"https:\/\/vapebulkp.com\/hr\/proizvod\/original-bang-vape-box-20k-puff-disposable-vape\/\" \/>\n<meta property=\"og:site_name\" content=\"vapebulkp.com\" \/>\n<meta property=\"article:modified_time\" content=\"2025-09-24T03:18:03+00:00\" \/>\n<meta property=\"og:image\" content=\"http:\/\/vapebulkp.com\/wp-content\/uploads\/2024\/09\/Bang-Box-20k-Puff-Randm-Tornado-20k-VAPE.png\" \/>\n\t<meta property=\"og:image:width\" content=\"1277\" \/>\n\t<meta property=\"og:image:height\" content=\"1276\" \/>\n\t<meta property=\"og:image:type\" content=\"image\/png\" \/>\n<meta name=\"twitter:card\" content=\"summary_large_image\" \/>\n<meta name=\"twitter:label1\" content=\"Procijenjeno vrijeme \u010ditanja\" \/>\n\t<meta name=\"twitter:data1\" content=\"4 minute\" \/>\n<script type=\"application\/ld+json\" class=\"yoast-schema-graph\">{\"@context\":\"https:\/\/schema.org\",\"@graph\":[{\"@type\":\"WebPage\",\"@id\":\"https:\/\/vapebulkp.com\/product\/original-bang-vape-box-20k-puff-disposable-vape\/\",\"url\":\"https:\/\/vapebulkp.com\/product\/original-bang-vape-box-20k-puff-disposable-vape\/\",\"name\":\"Original Bang Vape Box 20K Puff Disposable Vape - vapebulkp.com\",\"isPartOf\":{\"@id\":\"https:\/\/vapebulkp.com\/#website\"},\"datePublished\":\"2024-09-21T08:54:07+00:00\",\"dateModified\":\"2025-09-24T03:18:03+00:00\",\"description\":\"Get the Bang Vape Box 20K Puff Vape Wholesale, a high-capacity 20000 Puffs Disposable Vape with smooth flavor and long-lasting battery. Order from EU warehouses now!\",\"breadcrumb\":{\"@id\":\"https:\/\/vapebulkp.com\/product\/original-bang-vape-box-20k-puff-disposable-vape\/#breadcrumb\"},\"inLanguage\":\"hr\",\"potentialAction\":[{\"@type\":\"ReadAction\",\"target\":[\"https:\/\/vapebulkp.com\/product\/original-bang-vape-box-20k-puff-disposable-vape\/\"]}]},{\"@type\":\"BreadcrumbList\",\"@id\":\"https:\/\/vapebulkp.com\/product\/original-bang-vape-box-20k-puff-disposable-vape\/#breadcrumb\",\"itemListElement\":[{\"@type\":\"ListItem\",\"position\":1,\"name\":\"Home\",\"item\":\"https:\/\/vapebulkp.com\/\"},{\"@type\":\"ListItem\",\"position\":2,\"name\":\"Hot Trend Vapes\",\"item\":\"https:\/\/vapebulkp.com\/vape-shop\/\"},{\"@type\":\"ListItem\",\"position\":3,\"name\":\"Original Bang Vape Box 20K Puff Disposable Vape\"}]},{\"@type\":\"WebSite\",\"@id\":\"https:\/\/vapebulkp.com\/#website\",\"url\":\"https:\/\/vapebulkp.com\/\",\"name\":\"vapebulkp.com\",\"description\":\"Buy Vape In Cheap Bulk Price Near you\",\"publisher\":{\"@id\":\"https:\/\/vapebulkp.com\/#organization\"},\"potentialAction\":[{\"@type\":\"SearchAction\",\"target\":{\"@type\":\"EntryPoint\",\"urlTemplate\":\"https:\/\/vapebulkp.com\/?s={search_term_string}\"},\"query-input\":\"required name=search_term_string\"}],\"inLanguage\":\"hr\"},{\"@type\":\"Organization\",\"@id\":\"https:\/\/vapebulkp.com\/#organization\",\"name\":\"vapebulkp.com\",\"url\":\"https:\/\/vapebulkp.com\/\",\"logo\":{\"@type\":\"ImageObject\",\"inLanguage\":\"hr\",\"@id\":\"https:\/\/vapebulkp.com\/#\/schema\/logo\/image\/\",\"url\":\"https:\/\/vapebulkp.com\/wp-content\/uploads\/2023\/09\/cropped-vapebulkp.png\",\"contentUrl\":\"https:\/\/vapebulkp.com\/wp-content\/uploads\/2023\/09\/cropped-vapebulkp.png\",\"width\":516,\"height\":163,\"caption\":\"vapebulkp.com\"},\"image\":{\"@id\":\"https:\/\/vapebulkp.com\/#\/schema\/logo\/image\/\"}}]}<\/script>\n<!-- \/ Yoast SEO plugin. -->","yoast_head_json":{"title":"Original Bang Vape Box 20K Puff Disposable Vape - vapebulkp.com","description":"Get the Bang Vape Box 20K Puff Vape Wholesale, a high-capacity 20000 Puffs Disposable Vape with smooth flavor and long-lasting battery. Order from EU warehouses now!","robots":{"index":"index","follow":"follow","max-snippet":"max-snippet:-1","max-image-preview":"max-image-preview:large","max-video-preview":"max-video-preview:-1"},"canonical":"https:\/\/vapebulkp.com\/hr\/proizvod\/original-bang-vape-box-20k-puff-disposable-vape\/","og_locale":"hr_HR","og_type":"article","og_title":"Original Bang Vape Box 20K Puff Disposable Vape - vapebulkp.com","og_description":"Get the Bang Vape Box 20K Puff Vape Wholesale, a high-capacity 20000 Puffs Disposable Vape with smooth flavor and long-lasting battery. Order from EU warehouses now!","og_url":"https:\/\/vapebulkp.com\/hr\/proizvod\/original-bang-vape-box-20k-puff-disposable-vape\/","og_site_name":"vapebulkp.com","article_modified_time":"2025-09-24T03:18:03+00:00","og_image":[{"width":1277,"height":1276,"url":"http:\/\/vapebulkp.com\/wp-content\/uploads\/2024\/09\/Bang-Box-20k-Puff-Randm-Tornado-20k-VAPE.png","type":"image\/png"}],"twitter_card":"summary_large_image","twitter_misc":{"Procijenjeno vrijeme \u010ditanja":"4 minute"},"schema":{"@context":"https:\/\/schema.org","@graph":[{"@type":"WebPage","@id":"https:\/\/vapebulkp.com\/product\/original-bang-vape-box-20k-puff-disposable-vape\/","url":"https:\/\/vapebulkp.com\/product\/original-bang-vape-box-20k-puff-disposable-vape\/","name":"Original Bang Vape Box 20K Puff Disposable Vape - vapebulkp.com","isPartOf":{"@id":"https:\/\/vapebulkp.com\/#website"},"datePublished":"2024-09-21T08:54:07+00:00","dateModified":"2025-09-24T03:18:03+00:00","description":"Get the Bang Vape Box 20K Puff Vape Wholesale, a high-capacity 20000 Puffs Disposable Vape with smooth flavor and long-lasting battery. Order from EU warehouses now!","breadcrumb":{"@id":"https:\/\/vapebulkp.com\/product\/original-bang-vape-box-20k-puff-disposable-vape\/#breadcrumb"},"inLanguage":"hr","potentialAction":[{"@type":"ReadAction","target":["https:\/\/vapebulkp.com\/product\/original-bang-vape-box-20k-puff-disposable-vape\/"]}]},{"@type":"BreadcrumbList","@id":"https:\/\/vapebulkp.com\/product\/original-bang-vape-box-20k-puff-disposable-vape\/#breadcrumb","itemListElement":[{"@type":"ListItem","position":1,"name":"Home","item":"https:\/\/vapebulkp.com\/"},{"@type":"ListItem","position":2,"name":"Hot Trend Vapes","item":"https:\/\/vapebulkp.com\/vape-shop\/"},{"@type":"ListItem","position":3,"name":"Original Bang Vape Box 20K Puff Disposable Vape"}]},{"@type":"WebSite","@id":"https:\/\/vapebulkp.com\/#website","url":"https:\/\/vapebulkp.com\/","name":"vapebulkp.com","description":"Buy Vape In Cheap Bulk Price Near you","publisher":{"@id":"https:\/\/vapebulkp.com\/#organization"},"potentialAction":[{"@type":"SearchAction","target":{"@type":"EntryPoint","urlTemplate":"https:\/\/vapebulkp.com\/?s={search_term_string}"},"query-input":"required name=search_term_string"}],"inLanguage":"hr"},{"@type":"Organization","@id":"https:\/\/vapebulkp.com\/#organization","name":"vapebulkp.com","url":"https:\/\/vapebulkp.com\/","logo":{"@type":"ImageObject","inLanguage":"hr","@id":"https:\/\/vapebulkp.com\/#\/schema\/logo\/image\/","url":"https:\/\/vapebulkp.com\/wp-content\/uploads\/2023\/09\/cropped-vapebulkp.png","contentUrl":"https:\/\/vapebulkp.com\/wp-content\/uploads\/2023\/09\/cropped-vapebulkp.png","width":516,"height":163,"caption":"vapebulkp.com"},"image":{"@id":"https:\/\/vapebulkp.com\/#\/schema\/logo\/image\/"}}]}},"uagb_featured_image_src":{"full":["https:\/\/vapebulkp.com\/wp-content\/uploads\/2024\/09\/Bang-Box-20k-Puff-Randm-Tornado-20k-VAPE.png",1277,1276,false],"thumbnail":["https:\/\/vapebulkp.com\/wp-content\/uploads\/2024\/09\/Bang-Box-20k-Puff-Randm-Tornado-20k-VAPE-150x150.png",150,150,true],"medium":["https:\/\/vapebulkp.com\/wp-content\/uploads\/2024\/09\/Bang-Box-20k-Puff-Randm-Tornado-20k-VAPE-300x300.png",300,300,true],"medium_large":["https:\/\/vapebulkp.com\/wp-content\/uploads\/2024\/09\/Bang-Box-20k-Puff-Randm-Tornado-20k-VAPE-768x767.png",768,767,true],"large":["https:\/\/vapebulkp.com\/wp-content\/uploads\/2024\/09\/Bang-Box-20k-Puff-Randm-Tornado-20k-VAPE-1024x1024.png",1024,1024,true],"1536x1536":["https:\/\/vapebulkp.com\/wp-content\/uploads\/2024\/09\/Bang-Box-20k-Puff-Randm-Tornado-20k-VAPE.png",1277,1276,false],"2048x2048":["https:\/\/vapebulkp.com\/wp-content\/uploads\/2024\/09\/Bang-Box-20k-Puff-Randm-Tornado-20k-VAPE.png",1277,1276,false],"trp-custom-language-flag":["https:\/\/vapebulkp.com\/wp-content\/uploads\/2024\/09\/Bang-Box-20k-Puff-Randm-Tornado-20k-VAPE.png",12,12,false],"woocommerce_thumbnail":["https:\/\/vapebulkp.com\/wp-content\/uploads\/2024\/09\/Bang-Box-20k-Puff-Randm-Tornado-20k-VAPE-300x300.png",300,300,true],"woocommerce_single":["https:\/\/vapebulkp.com\/wp-content\/uploads\/2024\/09\/Bang-Box-20k-Puff-Randm-Tornado-20k-VAPE-600x600.png",600,600,true],"woocommerce_gallery_thumbnail":["https:\/\/vapebulkp.com\/wp-content\/uploads\/2024\/09\/Bang-Box-20k-Puff-Randm-Tornado-20k-VAPE-100x100.png",100,100,true],"wcpr-photo-reviews":["https:\/\/vapebulkp.com\/wp-content\/uploads\/2024\/09\/Bang-Box-20k-Puff-Randm-Tornado-20k-VAPE.png",500,500,false]},"uagb_author_info":{"display_name":"Mandy vape bulk price","author_link":"https:\/\/vapebulkp.com\/hr\/author\/"},"uagb_comment_info":0,"uagb_excerpt":"Bang Box 20000 Puffs High-capacity vape Extended-use disposable vape\u00a0 Bang Box 20000 Puffs Rechargeable disposable vape Pls Contact Mandy's WhatsApp For Discount Price+8618077105796 NOTE: Prices on our website does not include shipping costs &nbsp;","_links":{"self":[{"href":"https:\/\/vapebulkp.com\/hr\/wp-json\/wp\/v2\/product\/2920","targetHints":{"allow":["GET"]}}],"collection":[{"href":"https:\/\/vapebulkp.com\/hr\/wp-json\/wp\/v2\/product"}],"about":[{"href":"https:\/\/vapebulkp.com\/hr\/wp-json\/wp\/v2\/types\/product"}],"replies":[{"embeddable":true,"href":"https:\/\/vapebulkp.com\/hr\/wp-json\/wp\/v2\/comments?post=2920"}],"wp:featuredmedia":[{"embeddable":true,"href":"https:\/\/vapebulkp.com\/hr\/wp-json\/wp\/v2\/media\/2917"}],"wp:attachment":[{"href":"https:\/\/vapebulkp.com\/hr\/wp-json\/wp\/v2\/media?parent=2920"}],"wp:term":[{"taxonomy":"product_cat","embeddable":true,"href":"https:\/\/vapebulkp.com\/hr\/wp-json\/wp\/v2\/product_cat?post=2920"},{"taxonomy":"product_tag","embeddable":true,"href":"https:\/\/vapebulkp.com\/hr\/wp-json\/wp\/v2\/product_tag?post=2920"}],"curies":[{"name":"wp","href":"https:\/\/api.w.org\/{rel}","templated":true}]}}