{"id":2927,"date":"2024-09-24T10:27:32","date_gmt":"2024-09-24T08:27:32","guid":{"rendered":"https:\/\/vapebulkp.com\/?post_type=product&#038;p=2927"},"modified":"2025-09-24T05:16:28","modified_gmt":"2025-09-24T03:16:28","slug":"waspe-tornado-vape-30k-puffs-fihp-best-long-lasting-vape","status":"publish","type":"product","link":"https:\/\/vapebulkp.com\/hr\/product\/waspe-tornado-vape-30k-puffs-fihp-best-long-lasting-vape\/","title":{"rendered":"WASPE Tornado Vape 30k Puffs FIHP Najbolji dugotrajni Vape"},"content":{"rendered":"<h1 style=\"text-align: left\">WASPE Tornado Vape 30k Puffs FIHP Najbolji dugotrajni Vape<\/h1>\n<p data-start=\"205\" data-end=\"513\">O <strong data-start=\"209\" data-end=\"241\">WASPE Tornado Vape 30.000 Udisaja<\/strong> je visokou\u010dinkovit <a href=\"https:\/\/vapebulkp.com\/hr\/product-category\/30000-puff-disposable-vape\/\"><strong data-start=\"264\" data-end=\"295\">30000 Puffs Jednokratni Vape<\/strong> <\/a>dizajniran za mlade Europljane. S dvostrukim na\u010dinima rada\u201412W Regular i 25W Turbo\u2014isporu\u010duje glatku, gustu paru i prilagodljivi intenzitet za svaki dim, \u0161to ga \u010dini vrhunskim izborom za <strong data-start=\"479\" data-end=\"510\">premium vape s nikotinskom soli<\/strong>.<\/p>\n<p data-start=\"515\" data-end=\"1001\">Opremljen naprednim <strong data-start=\"538\" data-end=\"567\">dvostrukom mre\u017eastom zavojnicom<\/strong>, spremnikom za <strong data-start=\"576\" data-end=\"601\">premium e-teku\u0107inu od 28 ml<\/strong>, i <strong data-start=\"617\" data-end=\"646\">punjivom baterijom za vape od 850 mAh<\/strong> s Type-C brzim punjenjem, pru\u017ea <strong data-start=\"686\" data-end=\"709\">dugotrajan okus<\/strong> i neprekidno vaping. S 5% nikotinskom soli, nudi sna\u017ean udarac u grlo uz odr\u017eavanje bogatih, dosljednih oblaka. Kompaktan, moderan i pouzdan, <strong data-start=\"868\" data-end=\"900\">WASPE Tornado Vape 30.000 Udisaja<\/strong> je idealan kao <strong data-start=\"915\" data-end=\"948\">jednokratni vape velikog kapaciteta<\/strong> za svakodnevnu upotrebu, putovanja ili <a href=\"https:\/\/vapebulkp.com\/hr\/ot-disposable-vapes-europe\/\"><strong>veleprodajne narud\u017ebe vape EU<\/strong><\/a>.<\/p>\n<p><img decoding=\"async\" class=\"alignnone wp-image-2923\" src=\"http:\/\/vapebulkp.com\/wp-content\/uploads\/2024\/09\/FIHP-WASPE-30000-Puff-Tornado-Vape.jpg\" alt=\"FIHP WASPE 30000 Udisaja Tornado Vape\" width=\"607\" height=\"597\" srcset=\"https:\/\/vapebulkp.com\/wp-content\/uploads\/2024\/09\/FIHP-WASPE-30000-Puff-Tornado-Vape.jpg 929w, https:\/\/vapebulkp.com\/wp-content\/uploads\/2024\/09\/FIHP-WASPE-30000-Puff-Tornado-Vape-300x295.jpg 300w, https:\/\/vapebulkp.com\/wp-content\/uploads\/2024\/09\/FIHP-WASPE-30000-Puff-Tornado-Vape-768x756.jpg 768w, https:\/\/vapebulkp.com\/wp-content\/uploads\/2024\/09\/FIHP-WASPE-30000-Puff-Tornado-Vape-600x590.jpg 600w\" sizes=\"(max-width: 607px) 100vw, 607px\" \/><\/p>\n<h6>Molimo kontaktirajte Mandy's WhatsApp za cijenu s popustom<a href=\"https:\/\/wa.me\/8618077105796\">+8618077105796<\/a><\/h6>\n<p><img decoding=\"async\" class=\"alignnone wp-image-2151\" src=\"http:\/\/vapebulkp.com\/wp-content\/uploads\/2024\/04\/Mandy-WhatsApp-Randm.jpg\" alt=\"Mandy WhatsApp Randm\" width=\"324\" height=\"330\" \/><\/p>\n<h2>Mislili smo da biste \u017eeljeli znati o WASPE FIHP 30k Puff punjivom vapeu za jednokratnu upotrebu:<\/h2>\n<p>&nbsp;<\/p>\n<h5>1.Koliko dugo traje baterija na WASPE FIHP Vape 30k Puffs?<\/h5>\n<p>WASPE FIHP Vape napaja <strong>baterija od 850 mAh koja se mo\u017ee puniti<\/strong>. S dvostrukim na\u010dinima rada (12W Regular Mode za 30.000 udisaja i 25W Turbo Mode za 15.000 udisaja), baterija je dizajnirana da traje tijekom vi\u0161e sesija, pru\u017eaju\u0107i iskustvo bez muke.<\/p>\n<h5>2. Je li WASPE FIHP Vape 30k Puffs jednostavan za punjenje i koliko vremena treba da se potpuno napuni?<\/h5>\n<p>Da, ure\u0111aj je opremljen s <strong>USB-C priklju\u010dkom za punjenje<\/strong> za brzo i prakti\u010dno punjenje. Obi\u010dno je potrebno oko <strong>1-2 sata<\/strong> da se potpuno napuni baterija od 850mAh, \u0161to omogu\u0107uje kontinuirano kori\u0161tenje uz minimalno vrijeme prekida.<\/p>\n<p><span style=\"color: #ff6600\">Napomena: ne punite cijelu no\u0107!<\/span><\/p>\n<h5>3. Koja je ja\u010dina nikotina koju nudi WASPE FIHP Vape 30k Puffs?<\/h5>\n<p>WASPE FIHP Vape dolazi s <strong>2%,<\/strong> <strong>5% ja\u010dine nikotina<\/strong>, pru\u017eaju\u0107i zadovoljavaju\u0107i osje\u0107aj u grlu za iskusne korisnike, \u0161to ga \u010dini popularnim me\u0111u kupcima u zemljama poput <strong>\u0160panjolske<\/strong> i <strong>Italije<\/strong>, gdje su ja\u010di nikotinski proizvodi \u010desto tra\u017eeni.<\/p>\n<h5>4. Je li WASPE Vape FIHP 30k Puffs uskla\u0111en s europskim TPD propisima?<\/h5>\n<p>WASPE FIHP Vape uskla\u0111en je s <strong>europskom TPD (Direktivom o duhanskim proizvodima)<\/strong> regulativom, nude\u0107i <strong>2%<\/strong> ,<strong>5% ja\u010dine nikotina<\/strong> koji zadovoljava zakonske zahtjeve u zemljama gdje su takve koncentracije dopu\u0161tene. Molimo provjerite uskla\u0111enost s posebnim propisima u va\u0161oj zemlji prije kupnje.<\/p>\n<h5>5. Kako se WASPE FIHP Vape 30k Puff uspore\u0111uje s ostalim jednokratnim vape ure\u0111ajima na tr\u017ei\u0161tu?<\/h5>\n<p>WASPE FIHP Vape 30k Puffs isti\u010de se zbog svojih <strong>opcija dvostrukog na\u010dina rada<\/strong>, <strong>velikog kapaciteta e-teku\u0107ine<\/strong>, i <strong>glatke isporuke pare<\/strong> putem dvostrukih mre\u017eastih zavojnica. Nudi vi\u0161e udisaja u usporedbi sa standardnim jednokratnim vapeovima i pru\u017ea korisnicima fleksibilnost izbora izme\u0111u produ\u017eenih ili intenzivnih sesija vapinga.<\/p>\n<p>&nbsp;<\/p>\n<h3>Vape WASPE FIHP 30000 Puffs s aktivacijom na udah - Zna\u010dajke:<\/h3>\n<p>&nbsp;<\/p>\n<ul>\n<li>Kapacitet e-teku\u0107ine: 28 ml prethodno napunjenog ulo\u0161ka s e-teku\u0107inom<\/li>\n<li>Ja\u010dina nikotina: 2\/5% nikotinske soli<\/li>\n<li>Punja\u010d <strong>:\u00a0<\/strong>Tip C<\/li>\n<li>Baterija: Napaja se <strong>baterija od 850 mAh koja se mo\u017ee puniti<\/strong>, pru\u017eaju\u0107i produ\u017eenu upotrebu i pouzdane performanse.<\/li>\n<li>Kapacitet udisaja: Isporu\u010duje do <strong>30.000 'puffova'<\/strong> u normalnom na\u010dinu rada i <strong>15.000 puhova<\/strong> u Turbo na\u010dinu rada.<\/li>\n<li>Napredna tehnologija: Opremljen s <strong>Tehnologija dvostruke mre\u017easte zavojnice<\/strong>, osiguravaju\u0107i glatku i dosljednu proizvodnju pare pri svakom udisaju.<\/li>\n<\/ul>\n<h3><strong>Duga\u010dak Vape WASPE FIHP 30k Puffs Popis okusa:<\/strong><\/h3>\n<ol>\n<li><strong>Jagoda Mango<\/strong><\/li>\n<li><strong>Mije\u0161ano bobi\u010dasto vo\u0107e<\/strong><\/li>\n<li><strong>Lubenica Led<\/strong><\/li>\n<li><strong>Jagoda Lubenica<\/strong><\/li>\n<li><strong>Jagoda Red Bull<\/strong><\/li>\n<li><strong>Kivi Marakuja Guava<\/strong><\/li>\n<li><strong>Led od gro\u017e\u0111a<\/strong><\/li>\n<li><strong>Dvostruki led od jabuke<\/strong><\/li>\n<li><strong>Borovnica Malina<\/strong><\/li>\n<li><strong>Lubenica Mango Led<\/strong><\/li>\n<li><strong>Led od borovnice<\/strong><\/li>\n<li><strong>Breskva Bobi\u010dasto vo\u0107e<\/strong><\/li>\n<li><strong>Jagoda kivi<\/strong><\/li>\n<li><strong>Led od tre\u0161nje<\/strong><\/li>\n<li><strong>Jagoda Superburst Tre\u0161nja<\/strong><\/li>\n<li><strong>\u017dvaka\u0107a guma od lubenice<\/strong><\/li>\n<\/ol>\n<p><a href=\"https:\/\/vapebulkp.com\/hr\/product\/popular-randm-tornado-7000puffs-disposable-vape-best-price\/\"><span style=\"vertical-align: inherit\">RandM Tornado 7000 Udisaja <\/span><\/a><\/p>\n<p><span style=\"vertical-align: inherit\">Prona\u0111ite vi\u0161e proizvoda koji bi vam se mogli svidjeti:<\/span><em><a href=\"https:\/\/wa.me\/8618077105796\"><span style=\"vertical-align: inherit\">\u00a0Kupite sada<\/span><\/a><\/em><\/p>\n<p><span style=\"vertical-align: inherit\">Ostali Puffs koji bi vam se mogli svidjeti:<\/span><a href=\"https:\/\/vapebulkp.com\/hr\/product\/bang-with-a-vape-gear-20000-puffs-discount-price\/\"><span style=\"vertical-align: inherit\">Bang Gear Vape 20000 Puffs<\/span><\/a><span style=\"vertical-align: inherit\">\u3001<\/span><a href=\"https:\/\/vapebulkp.com\/hr\/product\/wholesale-randm-tornado-9000-puffs-germany\/\"><span style=\"vertical-align: inherit\">RandM 9000 Udisaja<\/span><\/a><span style=\"vertical-align: inherit\">\/ <\/span><a href=\"https:\/\/vapebulkp.com\/hr\/product\/bang-king-12000puffs\/\"><span style=\"vertical-align: inherit\">Bang King 12000 Puhova<\/span><\/a><span style=\"vertical-align: inherit\">\/ <\/span><a href=\"https:\/\/vapebulkp.com\/hr\/product\/uzy-qute-800-puffs-original-disposable-vape\/\"><span style=\"vertical-align: inherit\">UZY QUTE 800 Puffs<\/span><\/a><\/p>\n<p><span style=\"vertical-align: inherit\">E-cigareta posebnog oblika boce:<\/span><a href=\"https:\/\/vapebulkp.com\/hr\/product\/original-vape-bang-tn-12000-puffs-bang-vape\/\"><span style=\"vertical-align: inherit\"> Bang TN 12000 Udisaja<\/span><\/a><span style=\"vertical-align: inherit\">\/ <\/span><a href=\"https:\/\/vapebulkp.com\/hr\/fi\/product\/best-price-wga-crystal-pro-max-15k-puffs-original-vape\/\"><span style=\"vertical-align: inherit\">\u00a0WGA Crystal pro max 15k Puffs <\/span><\/a><span style=\"vertical-align: inherit\">\/<\/span><a href=\"https:\/\/vapebulkp.com\/hr\/product\/bang-tornado-12000-puffs-rechargeable-disposable-pod\/\"><span style=\"vertical-align: inherit\"> Bang Tornado 12000 Mlaznica<\/span><\/a><\/p>\n<h5>Kvalifikacija proizvodnje:<\/h5>\n<p><img decoding=\"async\" class=\"alignnone size-full wp-image-1841\" src=\"http:\/\/vapebulkp.com\/wp-content\/uploads\/2023\/11\/Vape-production-process-2.jpeg\" alt=\"Proces proizvodnje vape ure\u0111aja\" width=\"650\" height=\"434\" srcset=\"https:\/\/vapebulkp.com\/wp-content\/uploads\/2023\/11\/Vape-production-process-2.jpeg 650w, https:\/\/vapebulkp.com\/wp-content\/uploads\/2023\/11\/Vape-production-process-2-300x200.jpeg 300w, https:\/\/vapebulkp.com\/wp-content\/uploads\/2023\/11\/Vape-production-process-2-600x401.jpeg 600w\" sizes=\"(max-width: 650px) 100vw, 650px\" \/><\/p>\n<p><img decoding=\"async\" class=\"alignnone size-full wp-image-1843\" src=\"http:\/\/vapebulkp.com\/wp-content\/uploads\/2023\/11\/Vape-production-process.jpeg\" alt=\"Proces proizvodnje vape ure\u0111aja\" width=\"641\" height=\"1026\" srcset=\"https:\/\/vapebulkp.com\/wp-content\/uploads\/2023\/11\/Vape-production-process.jpeg 641w, https:\/\/vapebulkp.com\/wp-content\/uploads\/2023\/11\/Vape-production-process-187x300.jpeg 187w, https:\/\/vapebulkp.com\/wp-content\/uploads\/2023\/11\/Vape-production-process-640x1024.jpeg 640w, https:\/\/vapebulkp.com\/wp-content\/uploads\/2023\/11\/Vape-production-process-600x960.jpeg 600w\" sizes=\"(max-width: 641px) 100vw, 641px\" \/><\/p>\n<h5>\u010cesta pitanja:<\/h5>\n<p>P: Koliki je MOQ za Vape WASPE Tornado Vape FIHP 30000 Puffs velikog kapaciteta?<br \/>\nO: Minimalna narud\u017eba je 5 kom.<br \/>\nP: Koje je vrijeme isporuke za vape koji sam naru\u010dio?<br \/>\nO: Obi\u010dno je 10-15 dana nakon slanja<br \/>\nP: Koliko iznosi tro\u0161ak dostave?O: Tro\u0161ak dostave ovisi o te\u017eini. Razli\u010dite koli\u010dine imaju razli\u010dite tro\u0161kove dostave, molimo kontaktirajte nas kako bismo potvrdili tro\u0161ak dostave.<\/p>\n<h4>Detalji dostave:<\/h4>\n<p><span style=\"color: #ff6600\">Vrijeme proizvodnje: 5-10 radnih dana<\/span><br \/>\n<span style=\"color: #ff6600\">Vrijeme isporuke: 8-14 radnih dana<\/span><\/p>\n<p>Svi proizvodi u na\u0161oj trgovini su 100% originalni i autenti\u010dni, stoga je desetostruka naknada za la\u017enu robu na\u0161a politika trgovine. Za dostavu koristimo logisti\u010dke kanale kao \u0161to su UPS\/DHL\/FEDEX\/DPD.<\/p>\n<p>Za pakete poslane u Hrvatsku obi\u010dno je potrebno 10 radnih dana da stignu. Dostava u europske zemlje obi\u010dno traje 12 do 15 radnih dana da stigne. Logisti\u010dke informacije \u0107emo a\u017eurirati za vas u stvarnom vremenu.<\/p>","protected":false},"excerpt":{"rendered":"<p>WASPE FIHP 30000 Puffs Vape za jednokratnu upotrebu dobrog okusa \u2013 skupna kupnja<\/p>\n<p>Molimo kontaktirajte Mandy's WhatsApp za cijenu s popustom<a href=\"https:\/\/wa.me\/8618077105796\">+8618077105796<\/a><\/p>\n<p><img decoding=\"async\" class=\"alignnone wp-image-2151\" src=\"http:\/\/vapebulkp.com\/wp-content\/uploads\/2024\/04\/Mandy-WhatsApp-Randm.jpg\" alt=\"Mandy WhatsApp Randm\" width=\"297\" height=\"316\" srcset=\"https:\/\/vapebulkp.com\/wp-content\/uploads\/2024\/04\/Mandy-WhatsApp-Randm.jpg 916w, https:\/\/vapebulkp.com\/wp-content\/uploads\/2024\/04\/Mandy-WhatsApp-Randm-282x300.jpg 282w, https:\/\/vapebulkp.com\/wp-content\/uploads\/2024\/04\/Mandy-WhatsApp-Randm-768x817.jpg 768w, https:\/\/vapebulkp.com\/wp-content\/uploads\/2024\/04\/Mandy-WhatsApp-Randm-600x638.jpg 600w\" sizes=\"(max-width: 297px) 100vw, 297px\" \/><\/p>\n<p><span style=\"color: #ff0000\">NAPOMENA: Cijene na na\u0161oj web stranici ne uklju\u010duju tro\u0161kove dostave<\/span><\/p>\n<p>&nbsp;<\/p>","protected":false},"featured_media":2924,"comment_status":"open","ping_status":"closed","template":"","meta":{"_uag_custom_page_level_css":"","_lmt_disableupdate":"no","_lmt_disable":"","site-sidebar-layout":"default","site-content-layout":"content-boxed-container","ast-site-content-layout":"normal-width-container","site-content-style":"boxed","site-sidebar-style":"unboxed","ast-global-header-display":"","ast-banner-title-visibility":"","ast-main-header-display":"","ast-hfb-above-header-display":"","ast-hfb-below-header-display":"","ast-hfb-mobile-header-display":"","site-post-title":"","ast-breadcrumbs-content":"","ast-featured-img":"","footer-sml-layout":"","theme-transparent-header-meta":"default","adv-header-id-meta":"","stick-header-meta":"","header-above-stick-meta":"","header-main-stick-meta":"","header-below-stick-meta":"","astra-migrate-meta-layouts":"set","_joinchat":[]},"product_cat":[160,153,155,33,59,100,34,158,157,154,152,58,84,156,63,32,365],"product_tag":[139,36,37,41,40],"class_list":["post-2927","product","type-product","status-publish","has-post-thumbnail","hentry","product_cat-30000-puff-disposable-vape","product_cat-hot-disposable-vapes","product_cat-belgium-hot-disposable-vapes","product_cat-france-vape-hot-sale","product_cat-germany-hot-disposable-vape","product_cat-germany-wholesale-vape-shop","product_cat-netherlands-vape-good-sale","product_cat-norway-hot-disposable-vapes","product_cat-poland-hot-disposable-vapes","product_cat-portugal-hot-disposable-vapes","product_cat-spain-hot-disposable-vapes","product_cat-sweden-hot-disposable-vape","product_cat-sweden-wholesale-vape","product_cat-switzerland-hot-disposable-vapes","product_cat-top-sale-disposable-vape","product_cat-vape-hot-sale-this-week","product_cat-waspe-vape","product_tag-30k-puffs","product_tag-good-vape","product_tag-hot-sale-disposable-vape","product_tag-poland-hot-vape","product_tag-sweden-hot-vape","pa_brand-waspe-vape","desktop-align-left","tablet-align-left","mobile-align-left"],"yoast_head":"<!-- This site is optimized with the Yoast SEO plugin v21.1 - https:\/\/yoast.com\/wordpress\/plugins\/seo\/ -->\n<title>WASPE Tornado Vape 30k Puffs FIHP Best Long-Lasting Vape - vapebulkp.com<\/title>\n<meta name=\"description\" content=\"Buy the WASPE Tornado Vape 30k Puffs, a high-capacity 30000 Puffs Disposable Vape with dual mesh coils and fast rechargeable battery. EU shipping \u2014 order now!\" \/>\n<meta name=\"robots\" content=\"index, follow, max-snippet:-1, max-image-preview:large, max-video-preview:-1\" \/>\n<link rel=\"canonical\" href=\"https:\/\/vapebulkp.com\/hr\/product\/waspe-tornado-vape-30k-puffs-fihp-best-long-lasting-vape\/\" \/>\n<meta property=\"og:locale\" content=\"hr_HR\" \/>\n<meta property=\"og:type\" content=\"article\" \/>\n<meta property=\"og:title\" content=\"WASPE Tornado Vape 30k Puffs FIHP Best Long-Lasting Vape - vapebulkp.com\" \/>\n<meta property=\"og:description\" content=\"Buy the WASPE Tornado Vape 30k Puffs, a high-capacity 30000 Puffs Disposable Vape with dual mesh coils and fast rechargeable battery. EU shipping \u2014 order now!\" \/>\n<meta property=\"og:url\" content=\"https:\/\/vapebulkp.com\/hr\/product\/waspe-tornado-vape-30k-puffs-fihp-best-long-lasting-vape\/\" \/>\n<meta property=\"og:site_name\" content=\"vapebulkp.com\" \/>\n<meta property=\"article:modified_time\" content=\"2025-09-24T03:16:28+00:00\" \/>\n<meta property=\"og:image\" content=\"http:\/\/vapebulkp.com\/wp-content\/uploads\/2024\/09\/FIHP-WASPE-30000-Puff-Vape-Pen-Discount-Price-France.jpg\" \/>\n\t<meta property=\"og:image:width\" content=\"1276\" \/>\n\t<meta property=\"og:image:height\" content=\"1702\" \/>\n\t<meta property=\"og:image:type\" content=\"image\/jpeg\" \/>\n<meta name=\"twitter:card\" content=\"summary_large_image\" \/>\n<meta name=\"twitter:label1\" content=\"Procijenjeno vrijeme \u010ditanja\" \/>\n\t<meta name=\"twitter:data1\" content=\"5 minuta\" \/>\n<script type=\"application\/ld+json\" class=\"yoast-schema-graph\">{\"@context\":\"https:\/\/schema.org\",\"@graph\":[{\"@type\":\"WebPage\",\"@id\":\"https:\/\/vapebulkp.com\/product\/waspe-tornado-vape-30k-puffs-fihp-best-long-lasting-vape\/\",\"url\":\"https:\/\/vapebulkp.com\/product\/waspe-tornado-vape-30k-puffs-fihp-best-long-lasting-vape\/\",\"name\":\"WASPE Tornado Vape 30k Puffs FIHP Best Long-Lasting Vape - vapebulkp.com\",\"isPartOf\":{\"@id\":\"https:\/\/vapebulkp.com\/#website\"},\"datePublished\":\"2024-09-24T08:27:32+00:00\",\"dateModified\":\"2025-09-24T03:16:28+00:00\",\"description\":\"Buy the WASPE Tornado Vape 30k Puffs, a high-capacity 30000 Puffs Disposable Vape with dual mesh coils and fast rechargeable battery. EU shipping \u2014 order now!\",\"breadcrumb\":{\"@id\":\"https:\/\/vapebulkp.com\/product\/waspe-tornado-vape-30k-puffs-fihp-best-long-lasting-vape\/#breadcrumb\"},\"inLanguage\":\"hr\",\"potentialAction\":[{\"@type\":\"ReadAction\",\"target\":[\"https:\/\/vapebulkp.com\/product\/waspe-tornado-vape-30k-puffs-fihp-best-long-lasting-vape\/\"]}]},{\"@type\":\"BreadcrumbList\",\"@id\":\"https:\/\/vapebulkp.com\/product\/waspe-tornado-vape-30k-puffs-fihp-best-long-lasting-vape\/#breadcrumb\",\"itemListElement\":[{\"@type\":\"ListItem\",\"position\":1,\"name\":\"Home\",\"item\":\"https:\/\/vapebulkp.com\/\"},{\"@type\":\"ListItem\",\"position\":2,\"name\":\"Hot Trend Vapes\",\"item\":\"https:\/\/vapebulkp.com\/vape-shop\/\"},{\"@type\":\"ListItem\",\"position\":3,\"name\":\"WASPE Tornado Vape 30k Puffs FIHP Best Long-Lasting Vape\"}]},{\"@type\":\"WebSite\",\"@id\":\"https:\/\/vapebulkp.com\/#website\",\"url\":\"https:\/\/vapebulkp.com\/\",\"name\":\"vapebulkp.com\",\"description\":\"Buy Vape In Cheap Bulk Price Near you\",\"publisher\":{\"@id\":\"https:\/\/vapebulkp.com\/#organization\"},\"potentialAction\":[{\"@type\":\"SearchAction\",\"target\":{\"@type\":\"EntryPoint\",\"urlTemplate\":\"https:\/\/vapebulkp.com\/?s={search_term_string}\"},\"query-input\":\"required name=search_term_string\"}],\"inLanguage\":\"hr\"},{\"@type\":\"Organization\",\"@id\":\"https:\/\/vapebulkp.com\/#organization\",\"name\":\"vapebulkp.com\",\"url\":\"https:\/\/vapebulkp.com\/\",\"logo\":{\"@type\":\"ImageObject\",\"inLanguage\":\"hr\",\"@id\":\"https:\/\/vapebulkp.com\/#\/schema\/logo\/image\/\",\"url\":\"https:\/\/vapebulkp.com\/wp-content\/uploads\/2023\/09\/cropped-vapebulkp.png\",\"contentUrl\":\"https:\/\/vapebulkp.com\/wp-content\/uploads\/2023\/09\/cropped-vapebulkp.png\",\"width\":516,\"height\":163,\"caption\":\"vapebulkp.com\"},\"image\":{\"@id\":\"https:\/\/vapebulkp.com\/#\/schema\/logo\/image\/\"}}]}<\/script>\n<!-- \/ Yoast SEO plugin. -->","yoast_head_json":{"title":"WASPE Tornado Vape 30k Puffs FIHP Best Long-Lasting Vape - vapebulkp.com","description":"Buy the WASPE Tornado Vape 30k Puffs, a high-capacity 30000 Puffs Disposable Vape with dual mesh coils and fast rechargeable battery. EU shipping \u2014 order now!","robots":{"index":"index","follow":"follow","max-snippet":"max-snippet:-1","max-image-preview":"max-image-preview:large","max-video-preview":"max-video-preview:-1"},"canonical":"https:\/\/vapebulkp.com\/hr\/product\/waspe-tornado-vape-30k-puffs-fihp-best-long-lasting-vape\/","og_locale":"hr_HR","og_type":"article","og_title":"WASPE Tornado Vape 30k Puffs FIHP Best Long-Lasting Vape - vapebulkp.com","og_description":"Buy the WASPE Tornado Vape 30k Puffs, a high-capacity 30000 Puffs Disposable Vape with dual mesh coils and fast rechargeable battery. EU shipping \u2014 order now!","og_url":"https:\/\/vapebulkp.com\/hr\/product\/waspe-tornado-vape-30k-puffs-fihp-best-long-lasting-vape\/","og_site_name":"vapebulkp.com","article_modified_time":"2025-09-24T03:16:28+00:00","og_image":[{"width":1276,"height":1702,"url":"http:\/\/vapebulkp.com\/wp-content\/uploads\/2024\/09\/FIHP-WASPE-30000-Puff-Vape-Pen-Discount-Price-France.jpg","type":"image\/jpeg"}],"twitter_card":"summary_large_image","twitter_misc":{"Procijenjeno vrijeme \u010ditanja":"5 minuta"},"schema":{"@context":"https:\/\/schema.org","@graph":[{"@type":"WebPage","@id":"https:\/\/vapebulkp.com\/product\/waspe-tornado-vape-30k-puffs-fihp-best-long-lasting-vape\/","url":"https:\/\/vapebulkp.com\/product\/waspe-tornado-vape-30k-puffs-fihp-best-long-lasting-vape\/","name":"WASPE Tornado Vape 30k Puffs FIHP Best Long-Lasting Vape - vapebulkp.com","isPartOf":{"@id":"https:\/\/vapebulkp.com\/#website"},"datePublished":"2024-09-24T08:27:32+00:00","dateModified":"2025-09-24T03:16:28+00:00","description":"Buy the WASPE Tornado Vape 30k Puffs, a high-capacity 30000 Puffs Disposable Vape with dual mesh coils and fast rechargeable battery. EU shipping \u2014 order now!","breadcrumb":{"@id":"https:\/\/vapebulkp.com\/product\/waspe-tornado-vape-30k-puffs-fihp-best-long-lasting-vape\/#breadcrumb"},"inLanguage":"hr","potentialAction":[{"@type":"ReadAction","target":["https:\/\/vapebulkp.com\/product\/waspe-tornado-vape-30k-puffs-fihp-best-long-lasting-vape\/"]}]},{"@type":"BreadcrumbList","@id":"https:\/\/vapebulkp.com\/product\/waspe-tornado-vape-30k-puffs-fihp-best-long-lasting-vape\/#breadcrumb","itemListElement":[{"@type":"ListItem","position":1,"name":"Home","item":"https:\/\/vapebulkp.com\/"},{"@type":"ListItem","position":2,"name":"Hot Trend Vapes","item":"https:\/\/vapebulkp.com\/vape-shop\/"},{"@type":"ListItem","position":3,"name":"WASPE Tornado Vape 30k Puffs FIHP Best Long-Lasting Vape"}]},{"@type":"WebSite","@id":"https:\/\/vapebulkp.com\/#website","url":"https:\/\/vapebulkp.com\/","name":"vapebulkp.com","description":"Buy Vape In Cheap Bulk Price Near you","publisher":{"@id":"https:\/\/vapebulkp.com\/#organization"},"potentialAction":[{"@type":"SearchAction","target":{"@type":"EntryPoint","urlTemplate":"https:\/\/vapebulkp.com\/?s={search_term_string}"},"query-input":"required name=search_term_string"}],"inLanguage":"hr"},{"@type":"Organization","@id":"https:\/\/vapebulkp.com\/#organization","name":"vapebulkp.com","url":"https:\/\/vapebulkp.com\/","logo":{"@type":"ImageObject","inLanguage":"hr","@id":"https:\/\/vapebulkp.com\/#\/schema\/logo\/image\/","url":"https:\/\/vapebulkp.com\/wp-content\/uploads\/2023\/09\/cropped-vapebulkp.png","contentUrl":"https:\/\/vapebulkp.com\/wp-content\/uploads\/2023\/09\/cropped-vapebulkp.png","width":516,"height":163,"caption":"vapebulkp.com"},"image":{"@id":"https:\/\/vapebulkp.com\/#\/schema\/logo\/image\/"}}]}},"uagb_featured_image_src":{"full":["https:\/\/vapebulkp.com\/wp-content\/uploads\/2024\/09\/FIHP-WASPE-30000-Puff-Vape-Pen-Discount-Price-France.jpg",1276,1702,false],"thumbnail":["https:\/\/vapebulkp.com\/wp-content\/uploads\/2024\/09\/FIHP-WASPE-30000-Puff-Vape-Pen-Discount-Price-France-150x150.jpg",150,150,true],"medium":["https:\/\/vapebulkp.com\/wp-content\/uploads\/2024\/09\/FIHP-WASPE-30000-Puff-Vape-Pen-Discount-Price-France-225x300.jpg",225,300,true],"medium_large":["https:\/\/vapebulkp.com\/wp-content\/uploads\/2024\/09\/FIHP-WASPE-30000-Puff-Vape-Pen-Discount-Price-France-768x1024.jpg",768,1024,true],"large":["https:\/\/vapebulkp.com\/wp-content\/uploads\/2024\/09\/FIHP-WASPE-30000-Puff-Vape-Pen-Discount-Price-France-768x1024.jpg",768,1024,true],"1536x1536":["https:\/\/vapebulkp.com\/wp-content\/uploads\/2024\/09\/FIHP-WASPE-30000-Puff-Vape-Pen-Discount-Price-France-1152x1536.jpg",1152,1536,true],"2048x2048":["https:\/\/vapebulkp.com\/wp-content\/uploads\/2024\/09\/FIHP-WASPE-30000-Puff-Vape-Pen-Discount-Price-France.jpg",1276,1702,false],"trp-custom-language-flag":["https:\/\/vapebulkp.com\/wp-content\/uploads\/2024\/09\/FIHP-WASPE-30000-Puff-Vape-Pen-Discount-Price-France.jpg",9,12,false],"woocommerce_thumbnail":["https:\/\/vapebulkp.com\/wp-content\/uploads\/2024\/09\/FIHP-WASPE-30000-Puff-Vape-Pen-Discount-Price-France-300x300.jpg",300,300,true],"woocommerce_single":["https:\/\/vapebulkp.com\/wp-content\/uploads\/2024\/09\/FIHP-WASPE-30000-Puff-Vape-Pen-Discount-Price-France-600x800.jpg",600,800,true],"woocommerce_gallery_thumbnail":["https:\/\/vapebulkp.com\/wp-content\/uploads\/2024\/09\/FIHP-WASPE-30000-Puff-Vape-Pen-Discount-Price-France-100x100.jpg",100,100,true],"wcpr-photo-reviews":["https:\/\/vapebulkp.com\/wp-content\/uploads\/2024\/09\/FIHP-WASPE-30000-Puff-Vape-Pen-Discount-Price-France.jpg",375,500,false]},"uagb_author_info":{"display_name":"Mandy vape bulk price","author_link":"https:\/\/vapebulkp.com\/hr\/author\/"},"uagb_comment_info":0,"uagb_excerpt":"WASPE FIHP 30000 Puffs Good Taste Disposable Vape \u2013 Bulk Buy Pls Contact Mandy's WhatsApp For Discount Price+8618077105796 NOTE: Prices on our website does not include shipping costs &nbsp;","_links":{"self":[{"href":"https:\/\/vapebulkp.com\/hr\/wp-json\/wp\/v2\/product\/2927","targetHints":{"allow":["GET"]}}],"collection":[{"href":"https:\/\/vapebulkp.com\/hr\/wp-json\/wp\/v2\/product"}],"about":[{"href":"https:\/\/vapebulkp.com\/hr\/wp-json\/wp\/v2\/types\/product"}],"replies":[{"embeddable":true,"href":"https:\/\/vapebulkp.com\/hr\/wp-json\/wp\/v2\/comments?post=2927"}],"wp:featuredmedia":[{"embeddable":true,"href":"https:\/\/vapebulkp.com\/hr\/wp-json\/wp\/v2\/media\/2924"}],"wp:attachment":[{"href":"https:\/\/vapebulkp.com\/hr\/wp-json\/wp\/v2\/media?parent=2927"}],"wp:term":[{"taxonomy":"product_cat","embeddable":true,"href":"https:\/\/vapebulkp.com\/hr\/wp-json\/wp\/v2\/product_cat?post=2927"},{"taxonomy":"product_tag","embeddable":true,"href":"https:\/\/vapebulkp.com\/hr\/wp-json\/wp\/v2\/product_tag?post=2927"}],"curies":[{"name":"wp","href":"https:\/\/api.w.org\/{rel}","templated":true}]}}