{"id":3059,"date":"2024-10-25T09:43:51","date_gmt":"2024-10-25T07:43:51","guid":{"rendered":"https:\/\/vapebulkp.com\/?post_type=product&#038;p=3059"},"modified":"2025-09-24T05:13:13","modified_gmt":"2025-09-24T03:13:13","slug":"vapme-spacex-22000-puffs-high-puff-disposable-vape","status":"publish","type":"product","link":"https:\/\/vapebulkp.com\/hr\/product\/vapme-spacex-22000-puffs-high-puff-disposable-vape\/","title":{"rendered":"Vapme Spacex 22000 Puffs  Jednokratni vape s visokim brojem puhanja"},"content":{"rendered":"<h1>Vapme Spacex 22000 Puffs jednokratni vape s visokim brojem puhanja<\/h1>\n<p>&nbsp;<\/p>\n<div class=\"flex max-w-full flex-col flex-grow\">\n<div class=\"min-h-8 text-message flex w-full flex-col items-end gap-2 whitespace-normal break-words [.text-message+&amp;]:mt-5\" dir=\"auto\" data-message-author-role=\"assistant\" data-message-id=\"d4e5856e-b87d-43e1-bf1b-fe5b0e62d5d8\" data-message-model-slug=\"gpt-4o\">\n<div class=\"flex w-full flex-col gap-1 empty:hidden first:pt-[3px]\">\n<div class=\"markdown prose w-full break-words dark:prose-invert light\">\n<p data-start=\"282\" data-end=\"691\">O <strong data-start=\"286\" data-end=\"314\">Vapme Spacex 22000 Pufova<\/strong> je <strong data-start=\"320\" data-end=\"353\">jednokratni vape velikog kapaciteta<\/strong> dizajniran za europske vapere koji tra\u017ee dugotrajne performanse i dosljedan okus. S naprednom <strong data-start=\"458\" data-end=\"482\">mesh coil tehnologijom<\/strong>, pru\u017ea do 22.000 puhanja s glatkom, gustom parom, \u0161to ga \u010dini savr\u0161enim za po\u010detnike i iskusne vapere. Podesivi napon snage i vi\u0161estruke opcije nikotina omogu\u0107uju prilago\u0111eno iskustvo vapinga.<\/p>\n<p data-start=\"693\" data-end=\"1072\">S <strong data-start=\"700\" data-end=\"726\">30ml kapacitet e-teku\u0107ine<\/strong> i <strong data-start=\"734\" data-end=\"765\">baterija od 850 mAh koja se mo\u017ee puniti<\/strong> s Type-C brzim punjenjem, ovaj <strong data-start=\"798\" data-end=\"830\">punjivi jednokratni vape<\/strong> osigurava neprekidne sesije u pokretu. Odaberite izme\u0111u vrhunskih vo\u0107nih okusa osmi\u0161ljenih za ukus europskih potro\u0161a\u010da. Njegov elegantan, lagan dizajn \u010dini <strong data-start=\"993\" data-end=\"1021\">Vapme Spacex 22000 Pufova<\/strong> prakti\u010dnim <strong data-start=\"1035\" data-end=\"1052\">prijenosnim vapeom<\/strong> za svakodnevnu upotrebu.<\/p>\n<p data-start=\"1074\" data-end=\"1293\">Dostupan za veleprodaju na Vapebulkp.com, ovaj <strong data-start=\"1121\" data-end=\"1153\">dugotrajni jednokratni vape<\/strong> nudi iznimnu vrijednost za trgovce i distributere koji \u017eele opskrbiti vrhunske, visokou\u010dinkovite proizvode za vape za tr\u017ei\u0161te u Hrvatskoj.<\/p>\n<\/div>\n<\/div>\n<\/div>\n<\/div>\n<p>&nbsp;<\/p>\n<p><img decoding=\"async\" class=\"alignnone wp-image-3053\" src=\"http:\/\/vapebulkp.com\/wp-content\/uploads\/2024\/10\/Vapme-Spacex-22k-Puffs-Disposable-Vape-fruit-flavor-e-liquid.jpg\" alt=\"Vapme Spacex 22k Puffs jednokratni Vape, e-teku\u0107ina s okusom vo\u0107a\" width=\"379\" height=\"379\" srcset=\"https:\/\/vapebulkp.com\/wp-content\/uploads\/2024\/10\/Vapme-Spacex-22k-Puffs-Disposable-Vape-fruit-flavor-e-liquid.jpg 1060w, https:\/\/vapebulkp.com\/wp-content\/uploads\/2024\/10\/Vapme-Spacex-22k-Puffs-Disposable-Vape-fruit-flavor-e-liquid-300x300.jpg 300w, https:\/\/vapebulkp.com\/wp-content\/uploads\/2024\/10\/Vapme-Spacex-22k-Puffs-Disposable-Vape-fruit-flavor-e-liquid-1024x1024.jpg 1024w, https:\/\/vapebulkp.com\/wp-content\/uploads\/2024\/10\/Vapme-Spacex-22k-Puffs-Disposable-Vape-fruit-flavor-e-liquid-150x150.jpg 150w, https:\/\/vapebulkp.com\/wp-content\/uploads\/2024\/10\/Vapme-Spacex-22k-Puffs-Disposable-Vape-fruit-flavor-e-liquid-768x768.jpg 768w, https:\/\/vapebulkp.com\/wp-content\/uploads\/2024\/10\/Vapme-Spacex-22k-Puffs-Disposable-Vape-fruit-flavor-e-liquid-600x600.jpg 600w, https:\/\/vapebulkp.com\/wp-content\/uploads\/2024\/10\/Vapme-Spacex-22k-Puffs-Disposable-Vape-fruit-flavor-e-liquid-100x100.jpg 100w\" sizes=\"(max-width: 379px) 100vw, 379px\" \/><\/p>\n<p>&nbsp;<\/p>\n<h6>Molimo kontaktirajte Mandy's WhatsApp za cijenu s popustom<a href=\"https:\/\/wa.me\/8618077105796\">+8618077105796<\/a><\/h6>\n<p><img decoding=\"async\" class=\"alignnone wp-image-2151\" src=\"http:\/\/vapebulkp.com\/wp-content\/uploads\/2024\/04\/Mandy-WhatsApp-Randm.jpg\" alt=\"Mandy WhatsApp Randm\" width=\"315\" height=\"335\" srcset=\"https:\/\/vapebulkp.com\/wp-content\/uploads\/2024\/04\/Mandy-WhatsApp-Randm.jpg 916w, https:\/\/vapebulkp.com\/wp-content\/uploads\/2024\/04\/Mandy-WhatsApp-Randm-282x300.jpg 282w, https:\/\/vapebulkp.com\/wp-content\/uploads\/2024\/04\/Mandy-WhatsApp-Randm-768x817.jpg 768w, https:\/\/vapebulkp.com\/wp-content\/uploads\/2024\/04\/Mandy-WhatsApp-Randm-600x638.jpg 600w\" sizes=\"(max-width: 315px) 100vw, 315px\" \/><\/p>\n<h2><strong>Za\u0161to odabrati Vapme Spacex 22000 Puffs na <a href=\"https:\/\/vapebulkp.com\/hr\/ot-disposable-vapes-europe\/\">Vapebulkp.com<\/a>?<\/strong><\/h2>\n<ul>\n<li><strong>Produljeno trajanje baterije<\/strong>: S <strong>baterija od 850 mAh koja se mo\u017ee puniti<\/strong>, mo\u017eete u\u017eivati u produljenom vapingu bez stalnog punjenja.<\/li>\n<li><strong>Vrhunski okus i oblaci pare<\/strong>: Zahvaljuju\u0107i <strong>naprednim mre\u017eastim grija\u010dem<\/strong>, do\u017eivite bogatu, zadovoljavaju\u0107u paru sa svakim povla\u010denjem.<\/li>\n<li><strong>Razli\u010dite ja\u010dine nikotina<\/strong>: Odaberite iz niza opcija nikotina kako biste odgovarali va\u0161im preferencijama i postupno smanjivali unos nikotina ako \u017eelite.<\/li>\n<li><strong>Izdr\u017eljiv i lagan dizajn<\/strong>: Te\u017ei samo <strong>120g po komadu<\/strong>, Vapme Spacex je jednostavan za no\u0161enje i savr\u0161en za vaping u pokretu. Hrvatski vaperi daju prednost kvaliteti, stilu i prakti\u010dnosti, zbog \u010dega se Vapme Spacex 22000 isti\u010de na tr\u017ei\u0161tu. Bilo da ste veletrgovac ili individualni kupac koji \u017eeli kupovati online, ova vape olovka nudi pouzdano rje\u0161enje za dugotrajno u\u017eivanje u vapingu. S visokim kapacitetom e-teku\u0107ine, podesivim naponom i privla\u010dnim vo\u0107nim okusima, postala je omiljena me\u0111u onima koji tra\u017ee uzvi\u0161eno iskustvo jednokratnih vape proizvoda.<\/li>\n<\/ul>\n<p>&nbsp;<\/p>\n<h3><strong>\u010cesto postavljana pitanja o Vapme Vape 22k Puffs\uff1a<\/strong><\/h3>\n<ol>\n<li><strong>Koliko povla\u010denja pru\u017ea Vapme Spacex 22k Puffs?<\/strong>\n<ul>\n<li>Vapme Spacex nudi procijenjenih <strong>22.000 povla\u010denja<\/strong> sa svojim velikim kapacitetom e-teku\u0107ine od 30 ml i izdr\u017eljivim mre\u017eastim dizajnom zavojnice.<\/li>\n<\/ul>\n<\/li>\n<li><strong>Je li Vapme Spacex 22k Puffs punjiv?<\/strong>\n<ul>\n<li>Da, dolazi s <strong>Baterija od 850 mAh<\/strong> koji se mo\u017ee puniti pomo\u0107u <strong>Type-C priklju\u010dka<\/strong>, osiguravaju\u0107i brzo i jednostavno punjenje.<\/li>\n<\/ul>\n<\/li>\n<li><strong>Koji su okusi dostupni u Vapme Spacex 22000 Puffs?<\/strong>\n<ul>\n<li>Vapme Spacex nudi raznolike okuse inspirirane vo\u0107em, pru\u017eaju\u0107i osvje\u017eavaju\u0107e i ugodno iskustvo vapinga.<\/li>\n<\/ul>\n<\/li>\n<\/ol>\n<h3><strong>\u00a0Veleprodaja Vape proizvoda <\/strong><strong>Vapme Spacex 22000 Pufova <\/strong><strong>Klju\u010dne zna\u010dajke:<\/strong><\/h3>\n<ul>\n<li><strong>Podesivi napon snage<\/strong>: Prilagodite svoje iskustvo vapinga s podesivim postavkama napona za optimalan okus i proizvodnju pare.<\/li>\n<li><strong>Mesh Coil tehnologija<\/strong>: Omogu\u0107uje glatke i dosljedne udarce s pobolj\u0161anim isporukom okusa.<\/li>\n<li><strong>Vi\u0161estruke opcije nikotina<\/strong>: Dostupno u 0%, 2%, 3% i 5% ja\u010dine nikotina kako bi odgovaralo svakoj preferenciji.<\/li>\n<li><strong>Punjivi priklju\u010dak tipa C<\/strong>: Brzo i u\u010dinkovito punjenje s najnovijom Type-C tehnologijom.<\/li>\n<li><strong>Serija vo\u0107nih okusa<\/strong>: U\u017eivajte u raznim ukusnim okusima inspiriranim vo\u0107em koji odgovaraju svim ukusima.<\/li>\n<\/ul>\n<h3>\u00a0<em>Vapme Spacex 22000 Pufova<\/em>\u00a0dostupno u popularnim europskim izborima okusa kao \u0161to su:<\/h3>\n<p>1. Limunada od plave maline<br \/>\n2. Breskva led<br \/>\n3. Ledena lubenica<br \/>\n4. Borovnica malina<br \/>\n5. Ledena tre\u0161nja<br \/>\n6. Ledena jagoda<br \/>\n7. Jagoda lubenica<br \/>\n8. Mango breskva ananas<br \/>\n9. Jagoda kivi<br \/>\n10. Kivi marakuja guava<br \/>\n11. Energetski napitak<br \/>\n12.Ljubav 66<\/p>\n<p><a href=\"https:\/\/vapebulkp.com\/hr\/product\/popular-randm-tornado-7000puffs-disposable-vape-best-price\/\">Randm tornado 7000 uvla\u010denja<\/a><\/p>\n<p><span style=\"vertical-align: inherit\">Prona\u0111ite vi\u0161e proizvoda koji bi vam se mogli svidjeti:<\/span><em><a href=\"https:\/\/wa.me\/8618077105796\"><span style=\"vertical-align: inherit\">\u00a0Kupite sada<\/span><\/a><\/em><\/p>\n<p><span style=\"vertical-align: inherit\">Ostali Puffs koji bi vam se mogli svidjeti:<\/span><a href=\"https:\/\/vapebulkp.com\/hr\/product\/fumot-tornado-25k-puffs-cheap-price-disposable-vape\/\"><span style=\"vertical-align: inherit\">RandM Fumot Tornado 25000 Puhova<\/span><\/a><\/p>\n<p><a href=\"https:\/\/vapebulkp.com\/hr\/product\/vapme-shisha-pro-max-20k-type-c-rechargeable-vape\/\"><span style=\"vertical-align: inherit\">Vapme shisha pro max 20000 uvla\u010denja<\/span><\/a><\/p>\n<p><a href=\"https:\/\/vapebulkp.com\/hr\/product\/uwin-crystal-10k-puff-long-lasting-disposable-vape-for-europe\/\"><span style=\"vertical-align: inherit\">UWIN Crystal 10000 Puhova<\/span><\/a><\/p>\n<p><a href=\"https:\/\/vapebulkp.com\/hr\/product\/randm-fumot-tornado-30k-puffs-rechargeable-vapes-best-sale\/\"><span style=\"vertical-align: inherit\">Randm Vape 30k Puhova<\/span><\/a><\/p>\n<p><span style=\"vertical-align: inherit\">E-cigareta posebnog oblika boce:<\/span><a href=\"https:\/\/vapebulkp.com\/hr\/product\/elf-box-pulse-x-25000puffs-led-screen-rechargeable-vape\/\"><span style=\"vertical-align: inherit\">ELF BOX pulse v 25000 uvla\u010denja<\/span><\/a><span style=\"vertical-align: inherit\">\/ <\/span><a href=\"https:\/\/vapebulkp.com\/hr\/product\/waspe-tornado-vape-30k-puffs-fihp-best-long-lasting-vape\/\"><span style=\"vertical-align: inherit\">WASPE Tornado 30000 Puhova<\/span><\/a><span style=\"vertical-align: inherit\">\/<\/span><a href=\"https:\/\/vapebulkp.com\/hr\/product\/bang-king-pro-30k-puffs-top-selling-vape-in-europe\/\"><span style=\"vertical-align: inherit\">\u00a0 Bang King Pro 30000 uvla\u010denja<\/span><\/a><\/p>\n<h4>Detalji dostave:<\/h4>\n<p><span style=\"color: #ff6600\">Vrijeme proizvodnje: 5-10 radnih dana<\/span><br \/>\n<span style=\"color: #ff6600\">Vrijeme isporuke: 8-14 radnih dana<\/span><\/p>\n<p>Svi proizvodi u na\u0161oj trgovini su 100% originalni i autenti\u010dni, stoga je desetostruka naknada za la\u017enu robu na\u0161a politika trgovine. Za dostavu koristimo logisti\u010dke kanale kao \u0161to su UPS\/DHL\/FEDEX\/DPD.<\/p>\n<p>Za pakete poslane u Hrvatsku obi\u010dno je potrebno 10 radnih dana da stignu. Dostava u europske zemlje obi\u010dno traje 12 do 15 radnih dana da stigne. Logisti\u010dke informacije \u0107emo a\u017eurirati za vas u stvarnom vremenu.<\/p>\n<p>Kontaktirajte nas i mo\u017eemo vam ponuditi Hazebar 12000 Puhova i podi\u0107i va\u0161e poslovanje na vi\u0161u razinu!<\/p>","protected":false},"excerpt":{"rendered":"<p>Za vrhunski, dugotrajni jednokratni vape s raznovrsnim okusima i opcijama nikotina, odaberite <em>Vapme Spacex 22000 Pufova<\/em>. Idealno za <em>veleprodajne narud\u017ebe i europske trgovce<\/em> koji tra\u017ee vrhunske proizvode za vape po konkurentnim cijenama. Kupite sada na <em>Vapebulkp.com<\/em> i do\u017eivite budu\u0107nost vapinga.<br \/>\n<img decoding=\"async\" class=\"alignnone wp-image-2151\" src=\"http:\/\/vapebulkp.com\/wp-content\/uploads\/2024\/04\/Mandy-WhatsApp-Randm.jpg\" alt=\"Mandy WhatsApp Randm\" width=\"238\" height=\"253\" srcset=\"https:\/\/vapebulkp.com\/wp-content\/uploads\/2024\/04\/Mandy-WhatsApp-Randm.jpg 916w, https:\/\/vapebulkp.com\/wp-content\/uploads\/2024\/04\/Mandy-WhatsApp-Randm-282x300.jpg 282w, https:\/\/vapebulkp.com\/wp-content\/uploads\/2024\/04\/Mandy-WhatsApp-Randm-768x817.jpg 768w, https:\/\/vapebulkp.com\/wp-content\/uploads\/2024\/04\/Mandy-WhatsApp-Randm-600x638.jpg 600w\" sizes=\"(max-width: 238px) 100vw, 238px\" \/><\/p>\n<p>Molimo kontaktirajte Mandy's WhatsApp za cijenu s popustom<a href=\"https:\/\/wa.me\/8618077105796\">+8618077105796<\/a><\/p>\n<p><span style=\"color: #ff0000\">NAPOMENA: Cijene na na\u0161oj web stranici ne uklju\u010duju tro\u0161kove dostave<\/span><\/p>","protected":false},"featured_media":3056,"comment_status":"open","ping_status":"closed","template":"","meta":{"_uag_custom_page_level_css":"","_lmt_disableupdate":"no","_lmt_disable":"","site-sidebar-layout":"default","site-content-layout":"content-boxed-container","ast-site-content-layout":"normal-width-container","site-content-style":"boxed","site-sidebar-style":"unboxed","ast-global-header-display":"","ast-banner-title-visibility":"","ast-main-header-display":"","ast-hfb-above-header-display":"","ast-hfb-below-header-display":"","ast-hfb-mobile-header-display":"","site-post-title":"","ast-breadcrumbs-content":"","ast-featured-img":"","footer-sml-layout":"","theme-transparent-header-meta":"default","adv-header-id-meta":"","stick-header-meta":"","header-above-stick-meta":"","header-main-stick-meta":"","header-below-stick-meta":"","astra-migrate-meta-layouts":"set","_joinchat":[]},"product_cat":[171,153,155,33,59,100,34,158,157,154,152,58,84,156,63,32,368],"product_tag":[36,37,91,41,40],"class_list":["post-3059","product","type-product","status-publish","has-post-thumbnail","hentry","product_cat-22000-puffs-disposable-vape","product_cat-hot-disposable-vapes","product_cat-belgium-hot-disposable-vapes","product_cat-france-vape-hot-sale","product_cat-germany-hot-disposable-vape","product_cat-germany-wholesale-vape-shop","product_cat-netherlands-vape-good-sale","product_cat-norway-hot-disposable-vapes","product_cat-poland-hot-disposable-vapes","product_cat-portugal-hot-disposable-vapes","product_cat-spain-hot-disposable-vapes","product_cat-sweden-hot-disposable-vape","product_cat-sweden-wholesale-vape","product_cat-switzerland-hot-disposable-vapes","product_cat-top-sale-disposable-vape","product_cat-vape-hot-sale-this-week","product_cat-vapme-vape","product_tag-good-vape","product_tag-hot-sale-disposable-vape","product_tag-italy-hot-vape","product_tag-poland-hot-vape","product_tag-sweden-hot-vape","pa_brand-vapme-vape","desktop-align-left","tablet-align-left","mobile-align-left"],"yoast_head":"<!-- This site is optimized with the Yoast SEO plugin v21.1 - https:\/\/yoast.com\/wordpress\/plugins\/seo\/ -->\n<title>Vapme Spacex 22000 Puffs High Puff Disposable Vape - vapebulkp.com<\/title>\n<meta name=\"description\" content=\"Shop the Vapme Spacex 22000 Puffs Disposable Vape with 30ml e-liquid capacity, adjustable power voltage, and customizable nicotine levels. Shop wholesale at Vapebulkp for a premium, long-lasting vaping experience.\" \/>\n<meta name=\"robots\" content=\"index, follow, max-snippet:-1, max-image-preview:large, max-video-preview:-1\" \/>\n<link rel=\"canonical\" href=\"https:\/\/vapebulkp.com\/hr\/product\/vapme-spacex-22000-puffs-high-puff-disposable-vape\/\" \/>\n<meta property=\"og:locale\" content=\"hr_HR\" \/>\n<meta property=\"og:type\" content=\"article\" \/>\n<meta property=\"og:title\" content=\"Vapme Spacex 22000 Puffs High Puff Disposable Vape - vapebulkp.com\" \/>\n<meta property=\"og:description\" content=\"Shop the Vapme Spacex 22000 Puffs Disposable Vape with 30ml e-liquid capacity, adjustable power voltage, and customizable nicotine levels. Shop wholesale at Vapebulkp for a premium, long-lasting vaping experience.\" \/>\n<meta property=\"og:url\" content=\"https:\/\/vapebulkp.com\/hr\/product\/vapme-spacex-22000-puffs-high-puff-disposable-vape\/\" \/>\n<meta property=\"og:site_name\" content=\"vapebulkp.com\" \/>\n<meta property=\"article:modified_time\" content=\"2025-09-24T03:13:13+00:00\" \/>\n<meta property=\"og:image\" content=\"http:\/\/vapebulkp.com\/wp-content\/uploads\/2024\/10\/Vapme-Spacex-22000-Puffs-Disposable-Vape-Pen-Style-E-Cigarette-Wholesale-Price.jpg\" \/>\n\t<meta property=\"og:image:width\" content=\"1060\" \/>\n\t<meta property=\"og:image:height\" content=\"1060\" \/>\n\t<meta property=\"og:image:type\" content=\"image\/jpeg\" \/>\n<meta name=\"twitter:card\" content=\"summary_large_image\" \/>\n<meta name=\"twitter:label1\" content=\"Procijenjeno vrijeme \u010ditanja\" \/>\n\t<meta name=\"twitter:data1\" content=\"4 minute\" \/>\n<script type=\"application\/ld+json\" class=\"yoast-schema-graph\">{\"@context\":\"https:\/\/schema.org\",\"@graph\":[{\"@type\":\"WebPage\",\"@id\":\"https:\/\/vapebulkp.com\/product\/vapme-spacex-22000-puffs-high-puff-disposable-vape\/\",\"url\":\"https:\/\/vapebulkp.com\/product\/vapme-spacex-22000-puffs-high-puff-disposable-vape\/\",\"name\":\"Vapme Spacex 22000 Puffs High Puff Disposable Vape - vapebulkp.com\",\"isPartOf\":{\"@id\":\"https:\/\/vapebulkp.com\/#website\"},\"datePublished\":\"2024-10-25T07:43:51+00:00\",\"dateModified\":\"2025-09-24T03:13:13+00:00\",\"description\":\"Shop the Vapme Spacex 22000 Puffs Disposable Vape with 30ml e-liquid capacity, adjustable power voltage, and customizable nicotine levels. Shop wholesale at Vapebulkp for a premium, long-lasting vaping experience.\",\"breadcrumb\":{\"@id\":\"https:\/\/vapebulkp.com\/product\/vapme-spacex-22000-puffs-high-puff-disposable-vape\/#breadcrumb\"},\"inLanguage\":\"hr\",\"potentialAction\":[{\"@type\":\"ReadAction\",\"target\":[\"https:\/\/vapebulkp.com\/product\/vapme-spacex-22000-puffs-high-puff-disposable-vape\/\"]}]},{\"@type\":\"BreadcrumbList\",\"@id\":\"https:\/\/vapebulkp.com\/product\/vapme-spacex-22000-puffs-high-puff-disposable-vape\/#breadcrumb\",\"itemListElement\":[{\"@type\":\"ListItem\",\"position\":1,\"name\":\"Home\",\"item\":\"https:\/\/vapebulkp.com\/\"},{\"@type\":\"ListItem\",\"position\":2,\"name\":\"Hot Trend Vapes\",\"item\":\"https:\/\/vapebulkp.com\/vape-shop\/\"},{\"@type\":\"ListItem\",\"position\":3,\"name\":\"Vapme Spacex 22000 Puffs High Puff Disposable Vape\"}]},{\"@type\":\"WebSite\",\"@id\":\"https:\/\/vapebulkp.com\/#website\",\"url\":\"https:\/\/vapebulkp.com\/\",\"name\":\"vapebulkp.com\",\"description\":\"Buy Vape In Cheap Bulk Price Near you\",\"publisher\":{\"@id\":\"https:\/\/vapebulkp.com\/#organization\"},\"potentialAction\":[{\"@type\":\"SearchAction\",\"target\":{\"@type\":\"EntryPoint\",\"urlTemplate\":\"https:\/\/vapebulkp.com\/?s={search_term_string}\"},\"query-input\":\"required name=search_term_string\"}],\"inLanguage\":\"hr\"},{\"@type\":\"Organization\",\"@id\":\"https:\/\/vapebulkp.com\/#organization\",\"name\":\"vapebulkp.com\",\"url\":\"https:\/\/vapebulkp.com\/\",\"logo\":{\"@type\":\"ImageObject\",\"inLanguage\":\"hr\",\"@id\":\"https:\/\/vapebulkp.com\/#\/schema\/logo\/image\/\",\"url\":\"https:\/\/vapebulkp.com\/wp-content\/uploads\/2023\/09\/cropped-vapebulkp.png\",\"contentUrl\":\"https:\/\/vapebulkp.com\/wp-content\/uploads\/2023\/09\/cropped-vapebulkp.png\",\"width\":516,\"height\":163,\"caption\":\"vapebulkp.com\"},\"image\":{\"@id\":\"https:\/\/vapebulkp.com\/#\/schema\/logo\/image\/\"}}]}<\/script>\n<!-- \/ Yoast SEO plugin. -->","yoast_head_json":{"title":"Vapme Spacex 22000 Puffs High Puff Disposable Vape - vapebulkp.com","description":"Shop the Vapme Spacex 22000 Puffs Disposable Vape with 30ml e-liquid capacity, adjustable power voltage, and customizable nicotine levels. Shop wholesale at Vapebulkp for a premium, long-lasting vaping experience.","robots":{"index":"index","follow":"follow","max-snippet":"max-snippet:-1","max-image-preview":"max-image-preview:large","max-video-preview":"max-video-preview:-1"},"canonical":"https:\/\/vapebulkp.com\/hr\/product\/vapme-spacex-22000-puffs-high-puff-disposable-vape\/","og_locale":"hr_HR","og_type":"article","og_title":"Vapme Spacex 22000 Puffs High Puff Disposable Vape - vapebulkp.com","og_description":"Shop the Vapme Spacex 22000 Puffs Disposable Vape with 30ml e-liquid capacity, adjustable power voltage, and customizable nicotine levels. Shop wholesale at Vapebulkp for a premium, long-lasting vaping experience.","og_url":"https:\/\/vapebulkp.com\/hr\/product\/vapme-spacex-22000-puffs-high-puff-disposable-vape\/","og_site_name":"vapebulkp.com","article_modified_time":"2025-09-24T03:13:13+00:00","og_image":[{"width":1060,"height":1060,"url":"http:\/\/vapebulkp.com\/wp-content\/uploads\/2024\/10\/Vapme-Spacex-22000-Puffs-Disposable-Vape-Pen-Style-E-Cigarette-Wholesale-Price.jpg","type":"image\/jpeg"}],"twitter_card":"summary_large_image","twitter_misc":{"Procijenjeno vrijeme \u010ditanja":"4 minute"},"schema":{"@context":"https:\/\/schema.org","@graph":[{"@type":"WebPage","@id":"https:\/\/vapebulkp.com\/product\/vapme-spacex-22000-puffs-high-puff-disposable-vape\/","url":"https:\/\/vapebulkp.com\/product\/vapme-spacex-22000-puffs-high-puff-disposable-vape\/","name":"Vapme Spacex 22000 Puffs High Puff Disposable Vape - vapebulkp.com","isPartOf":{"@id":"https:\/\/vapebulkp.com\/#website"},"datePublished":"2024-10-25T07:43:51+00:00","dateModified":"2025-09-24T03:13:13+00:00","description":"Shop the Vapme Spacex 22000 Puffs Disposable Vape with 30ml e-liquid capacity, adjustable power voltage, and customizable nicotine levels. Shop wholesale at Vapebulkp for a premium, long-lasting vaping experience.","breadcrumb":{"@id":"https:\/\/vapebulkp.com\/product\/vapme-spacex-22000-puffs-high-puff-disposable-vape\/#breadcrumb"},"inLanguage":"hr","potentialAction":[{"@type":"ReadAction","target":["https:\/\/vapebulkp.com\/product\/vapme-spacex-22000-puffs-high-puff-disposable-vape\/"]}]},{"@type":"BreadcrumbList","@id":"https:\/\/vapebulkp.com\/product\/vapme-spacex-22000-puffs-high-puff-disposable-vape\/#breadcrumb","itemListElement":[{"@type":"ListItem","position":1,"name":"Home","item":"https:\/\/vapebulkp.com\/"},{"@type":"ListItem","position":2,"name":"Hot Trend Vapes","item":"https:\/\/vapebulkp.com\/vape-shop\/"},{"@type":"ListItem","position":3,"name":"Vapme Spacex 22000 Puffs High Puff Disposable Vape"}]},{"@type":"WebSite","@id":"https:\/\/vapebulkp.com\/#website","url":"https:\/\/vapebulkp.com\/","name":"vapebulkp.com","description":"Buy Vape In Cheap Bulk Price Near you","publisher":{"@id":"https:\/\/vapebulkp.com\/#organization"},"potentialAction":[{"@type":"SearchAction","target":{"@type":"EntryPoint","urlTemplate":"https:\/\/vapebulkp.com\/?s={search_term_string}"},"query-input":"required name=search_term_string"}],"inLanguage":"hr"},{"@type":"Organization","@id":"https:\/\/vapebulkp.com\/#organization","name":"vapebulkp.com","url":"https:\/\/vapebulkp.com\/","logo":{"@type":"ImageObject","inLanguage":"hr","@id":"https:\/\/vapebulkp.com\/#\/schema\/logo\/image\/","url":"https:\/\/vapebulkp.com\/wp-content\/uploads\/2023\/09\/cropped-vapebulkp.png","contentUrl":"https:\/\/vapebulkp.com\/wp-content\/uploads\/2023\/09\/cropped-vapebulkp.png","width":516,"height":163,"caption":"vapebulkp.com"},"image":{"@id":"https:\/\/vapebulkp.com\/#\/schema\/logo\/image\/"}}]}},"uagb_featured_image_src":{"full":["https:\/\/vapebulkp.com\/wp-content\/uploads\/2024\/10\/Vapme-Spacex-22000-Puffs-Disposable-Vape-Pen-Style-E-Cigarette-Wholesale-Price.jpg",1060,1060,false],"thumbnail":["https:\/\/vapebulkp.com\/wp-content\/uploads\/2024\/10\/Vapme-Spacex-22000-Puffs-Disposable-Vape-Pen-Style-E-Cigarette-Wholesale-Price-150x150.jpg",150,150,true],"medium":["https:\/\/vapebulkp.com\/wp-content\/uploads\/2024\/10\/Vapme-Spacex-22000-Puffs-Disposable-Vape-Pen-Style-E-Cigarette-Wholesale-Price-300x300.jpg",300,300,true],"medium_large":["https:\/\/vapebulkp.com\/wp-content\/uploads\/2024\/10\/Vapme-Spacex-22000-Puffs-Disposable-Vape-Pen-Style-E-Cigarette-Wholesale-Price-768x768.jpg",768,768,true],"large":["https:\/\/vapebulkp.com\/wp-content\/uploads\/2024\/10\/Vapme-Spacex-22000-Puffs-Disposable-Vape-Pen-Style-E-Cigarette-Wholesale-Price-1024x1024.jpg",1024,1024,true],"1536x1536":["https:\/\/vapebulkp.com\/wp-content\/uploads\/2024\/10\/Vapme-Spacex-22000-Puffs-Disposable-Vape-Pen-Style-E-Cigarette-Wholesale-Price.jpg",1060,1060,false],"2048x2048":["https:\/\/vapebulkp.com\/wp-content\/uploads\/2024\/10\/Vapme-Spacex-22000-Puffs-Disposable-Vape-Pen-Style-E-Cigarette-Wholesale-Price.jpg",1060,1060,false],"trp-custom-language-flag":["https:\/\/vapebulkp.com\/wp-content\/uploads\/2024\/10\/Vapme-Spacex-22000-Puffs-Disposable-Vape-Pen-Style-E-Cigarette-Wholesale-Price.jpg",12,12,false],"woocommerce_thumbnail":["https:\/\/vapebulkp.com\/wp-content\/uploads\/2024\/10\/Vapme-Spacex-22000-Puffs-Disposable-Vape-Pen-Style-E-Cigarette-Wholesale-Price-300x300.jpg",300,300,true],"woocommerce_single":["https:\/\/vapebulkp.com\/wp-content\/uploads\/2024\/10\/Vapme-Spacex-22000-Puffs-Disposable-Vape-Pen-Style-E-Cigarette-Wholesale-Price-600x600.jpg",600,600,true],"woocommerce_gallery_thumbnail":["https:\/\/vapebulkp.com\/wp-content\/uploads\/2024\/10\/Vapme-Spacex-22000-Puffs-Disposable-Vape-Pen-Style-E-Cigarette-Wholesale-Price-100x100.jpg",100,100,true],"wcpr-photo-reviews":["https:\/\/vapebulkp.com\/wp-content\/uploads\/2024\/10\/Vapme-Spacex-22000-Puffs-Disposable-Vape-Pen-Style-E-Cigarette-Wholesale-Price.jpg",500,500,false]},"uagb_author_info":{"display_name":"Mandy vape bulk price","author_link":"https:\/\/vapebulkp.com\/hr\/author\/"},"uagb_comment_info":0,"uagb_excerpt":"For a premium, long-lasting disposable vape with versatile flavor and nicotine options, choose Vapme Spacex 22000 Puffs. Ideal for wholesale orders and European retailers seeking top-quality vape products at competitive prices. Shop now at Vapebulkp.com and experience the future of vaping. Pls Contact Mandy's WhatsApp For Discount Price+8618077105796 NOTE: Prices on our website does not&hellip;","_links":{"self":[{"href":"https:\/\/vapebulkp.com\/hr\/wp-json\/wp\/v2\/product\/3059","targetHints":{"allow":["GET"]}}],"collection":[{"href":"https:\/\/vapebulkp.com\/hr\/wp-json\/wp\/v2\/product"}],"about":[{"href":"https:\/\/vapebulkp.com\/hr\/wp-json\/wp\/v2\/types\/product"}],"replies":[{"embeddable":true,"href":"https:\/\/vapebulkp.com\/hr\/wp-json\/wp\/v2\/comments?post=3059"}],"wp:featuredmedia":[{"embeddable":true,"href":"https:\/\/vapebulkp.com\/hr\/wp-json\/wp\/v2\/media\/3056"}],"wp:attachment":[{"href":"https:\/\/vapebulkp.com\/hr\/wp-json\/wp\/v2\/media?parent=3059"}],"wp:term":[{"taxonomy":"product_cat","embeddable":true,"href":"https:\/\/vapebulkp.com\/hr\/wp-json\/wp\/v2\/product_cat?post=3059"},{"taxonomy":"product_tag","embeddable":true,"href":"https:\/\/vapebulkp.com\/hr\/wp-json\/wp\/v2\/product_tag?post=3059"}],"curies":[{"name":"wp","href":"https:\/\/api.w.org\/{rel}","templated":true}]}}