{"id":3075,"date":"2024-10-28T08:28:39","date_gmt":"2024-10-28T07:28:39","guid":{"rendered":"https:\/\/vapebulkp.com\/?post_type=product&#038;p=3075"},"modified":"2025-09-24T05:14:42","modified_gmt":"2025-09-24T03:14:42","slug":"poco-bl-10000-puffs-hot-selling-high-puff-type-c-disposable-vape","status":"publish","type":"product","link":"https:\/\/vapebulkp.com\/hr\/product\/poco-bl-10000-puffs-hot-selling-high-puff-type-c-disposable-vape\/","title":{"rendered":"POCO Bl 10000 Puffs Vru\u0107a rasprodaja Visoki tip-C jednokratna vape"},"content":{"rendered":"<h1 style=\"text-align: left\">POCO Bl 10000 Puffs Vru\u0107a rasprodaja Visoki tip-C jednokratna vape<\/h1>\n<p>&nbsp;<\/p>\n<p data-start=\"393\" data-end=\"710\">O <strong data-start=\"437\" data-end=\"460\">POCO BL 10000 udisaja<\/strong> je visokokapacitetni <a href=\"https:\/\/vapebulkp.com\/hr\/product-category\/10000-puffs-disposable-vape\/\"><strong data-start=\"480\" data-end=\"511\">10000 Puffs jednokratni Vape<\/strong><\/a> dizajniran za vapere koji zahtijevaju okus, performanse i prakti\u010dnost. Prethodno napunjen s 20 ml vrhunske teku\u0107ine s nikotinskom soli (5%), isporu\u010duje glatku i zadovoljavaju\u0107u paru kroz do 10.000 puhova.<\/p>\n<p data-start=\"712\" data-end=\"993\">Pokre\u0107e ga 650mAh punjiva baterija s Type-C brzim punjenjem, <strong data-start=\"784\" data-end=\"807\">POCO BL 10000 udisaja<\/strong> osigurava dugotrajne performanse. Tehnologija mre\u017easte zavojnice pobolj\u0161ava svaki udah, proizvode\u0107i bogat okus i gustu paru od 15 popularnih opcija \u2014 uklju\u010duju\u0107i vo\u0107ne, mentolne i desertne mje\u0161avine.<\/p>\n<p data-start=\"995\" data-end=\"1255\">S elegantnim RGB osvjetljenjem, ovaj ure\u0111aj slu\u017ei kao moderan dodatak, istovremeno pru\u017eaju\u0107i dosljednu snagu vapinga. Kompaktan, pouzdan i svestran, <strong data-start=\"1147\" data-end=\"1186\">POCO BL 10000 Puhova Jednokratna Vape<\/strong> je savr\u0161en izbor za veletrgovce i krajnje korisnike diljem Europe.<\/p>\n<p data-start=\"1257\" data-end=\"1378\">Kupite <strong data-start=\"1265\" data-end=\"1288\">POCO BL 10000 udisaja<\/strong> sada po veleprodajnim cijenama od <a href=\"https:\/\/vapebulkp.com\/hr\/vape-shop\/\">vapebulkp.com<\/a> s brzom dostavom.<\/p>\n<p><img decoding=\"async\" class=\"alignnone wp-image-3071\" src=\"http:\/\/vapebulkp.com\/wp-content\/uploads\/2024\/10\/EU-Warehouse-Poco-BL10000-Puffs-Disposable-Vape-Pod-Puff-10k-Minimum-Order-50pcs.png\" alt=\"EU Skladi\u0161te Poco BL10000 Puffs Jednokratna Vape Pod Puff 10k Minimalna narud\u017eba 50kom\" width=\"585\" height=\"585\" srcset=\"https:\/\/vapebulkp.com\/wp-content\/uploads\/2024\/10\/EU-Warehouse-Poco-BL10000-Puffs-Disposable-Vape-Pod-Puff-10k-Minimum-Order-50pcs.png 800w, https:\/\/vapebulkp.com\/wp-content\/uploads\/2024\/10\/EU-Warehouse-Poco-BL10000-Puffs-Disposable-Vape-Pod-Puff-10k-Minimum-Order-50pcs-300x300.png 300w, https:\/\/vapebulkp.com\/wp-content\/uploads\/2024\/10\/EU-Warehouse-Poco-BL10000-Puffs-Disposable-Vape-Pod-Puff-10k-Minimum-Order-50pcs-150x150.png 150w, https:\/\/vapebulkp.com\/wp-content\/uploads\/2024\/10\/EU-Warehouse-Poco-BL10000-Puffs-Disposable-Vape-Pod-Puff-10k-Minimum-Order-50pcs-768x768.png 768w, https:\/\/vapebulkp.com\/wp-content\/uploads\/2024\/10\/EU-Warehouse-Poco-BL10000-Puffs-Disposable-Vape-Pod-Puff-10k-Minimum-Order-50pcs-600x600.png 600w, https:\/\/vapebulkp.com\/wp-content\/uploads\/2024\/10\/EU-Warehouse-Poco-BL10000-Puffs-Disposable-Vape-Pod-Puff-10k-Minimum-Order-50pcs-100x100.png 100w\" sizes=\"(max-width: 585px) 100vw, 585px\" \/><\/p>\n<h6>Molimo kontaktirajte Mandy's WhatsApp za cijenu s popustom<a href=\"https:\/\/wa.me\/8618077105796\">+8618077105796<\/a><\/h6>\n<p><img decoding=\"async\" class=\"alignnone wp-image-2151\" src=\"http:\/\/vapebulkp.com\/wp-content\/uploads\/2024\/04\/Mandy-WhatsApp-Randm.jpg\" alt=\"Mandy WhatsApp Randm\" width=\"324\" height=\"330\" \/><\/p>\n<h5><\/h5>\n<h2>Za\u0161to odabrati POCO vape bl 10000 Puhova Jednokratnu Vape?<\/h2>\n<ol>\n<li><strong>Izuzetan kapacitet teku\u0107ine<\/strong><br \/>\nS izda\u0161nim <strong>20 ml kapacitetom teku\u0107ine<\/strong>, POCO BL omogu\u0107uje produ\u017eeno u\u017eivanje bez potrebe za \u010destim zamjenama, \u0161to ga \u010dini idealnim za strastvene vapere.<\/li>\n<li><strong>Impresivan broj puhova<\/strong><br \/>\nNude\u0107i do <strong>10.000 puhova<\/strong>, ovaj ure\u0111aj osigurava da iz svake sesije vapinga izvu\u010dete maksimum, pru\u017eaju\u0107i iznimnu vrijednost za va\u0161u investiciju.<\/li>\n<li><strong>Bogati izbor okusa<\/strong><br \/>\nPOCO BL sadr\u017ei <strong>15 jedinstvenih okusa<\/strong>, stru\u010dno izra\u0111enih kako bi zadovoljili razli\u010dite preferencije okusa. Bilo da preferirate vo\u0107ne, mentolne ili desertne okuse, postoji ne\u0161to za svakoga.<\/li>\n<li><strong>Napredna tehnologija grija\u010da s mre\u017eicom<\/strong><br \/>\nOpremljen s <strong>mesh coil tehnologijom<\/strong>, POCO BL pru\u017ea dosljedno glatko i aromati\u010dno iskustvo vapinga, pobolj\u0161avaju\u0107i i okus i proizvodnju pare.<\/li>\n<li><strong>Podesivi protok zraka<\/strong><br \/>\nZna\u010dajka podesivog protoka zraka omogu\u0107uje vam prilago\u0111avanje iskustva vapinga prema va\u0161im \u017eeljama, osiguravaju\u0107i optimalan okus i gusto\u0107u pare za va\u0161e preferencije.<\/li>\n<li><strong>Elegantan i moderan dizajn<\/strong><br \/>\nSvojim modernim estetskim izgledom i <strong>RGB osvjetljenjem<\/strong>, POCO BL isti\u010de se kao moderan dodatak, savr\u0161en za one koji cijene i funkciju i stil.<\/li>\n<li><strong>Dugotrajna punjiva baterija<\/strong><br \/>\nO <strong>650mAh punjivom baterijom<\/strong> pru\u017ea pouzdane performanse, omogu\u0107uju\u0107i vam da u\u017eivate u neprekinutim sesijama vapinga bez gnjava\u017ee \u010destih zamjena.<\/li>\n<li><strong>Iskustvo jednostavno za kori\u0161tenje<\/strong><br \/>\nDizajniran za po\u010detnike i iskusne vapere, POCO BL nudi intuitivno iskustvo vapinga bez muke, olak\u0161avaju\u0107i u\u017eivanje u pokretu.<\/li>\n<\/ol>\n<p>&nbsp;<\/p>\n<h3><\/h3>\n<h3>POCO BL10000 Puffs 5% Punjiva jednokratna vape s podesivim protokom zraka Zna\u010dajke:<\/h3>\n<ul>\n<li><strong>Ja\u010dina nikotina<\/strong>: <strong>5% Nikotinska sol<\/strong> za glatko i zadovoljavaju\u0107e iskustvo.<\/li>\n<li><strong>Kapacitet e-teku\u0107ine<\/strong>: Izda\u0161an <strong>20 ml e-teku\u0107ine<\/strong>, osiguravaju\u0107i produ\u017eeni u\u017eitak bez \u010destih zamjena.<\/li>\n<li><strong>Broj udisaja<\/strong>: Do <strong>10.000 udisaja po ure\u0111aju<\/strong>, isporu\u010duju\u0107i iznimnu vrijednost za va\u0161e sesije vapinga.<\/li>\n<li><strong>Zna\u010dajke osvjetljenja<\/strong>: Opremljen s <strong>6 boja RGB svjetla<\/strong>, dodaju\u0107i moderan \u0161tih va\u0161em iskustvu vapinga.<\/li>\n<li><strong>Vrsta baterije<\/strong>: <strong>Punjiva baterija od 650mAh<\/strong> za dugotrajne performanse i prakti\u010dnost.<\/li>\n<li><strong>Raznolikost okusa<\/strong>: Odaberite izme\u0111u <strong>15 neodoljivih okusa<\/strong>, stru\u010dno izra\u0111enih kako bi zadovoljili sva nepca.<\/li>\n<\/ul>\n<h3>Najbolji okusi za POCO BL 10000 Puffs jednokratnu elektroni\u010dku cigaretu veleprodajna cijena:<\/h3>\n<p>1.Mango naran\u010da grejp<br \/>\n2.Breskva borovnica mekana bombona<br \/>\n3.Hladna metvica<br \/>\n4.Aloe gro\u017e\u0111e<br \/>\n5.Jagoda mango<br \/>\n6.Marakuja kivi guava<br \/>\n7.Jagoda i lubenica<br \/>\n8.Jabuka breskva<br \/>\n9.Borovnica malina<br \/>\n10.Gro\u017e\u0111e crni ribiz soda<br \/>\n11.Jagoda kivi<br \/>\n12.Borovnica tre\u0161nja cola<br \/>\n13.Crni zmajev plod jagoda<br \/>\n14.Malina lubenica<br \/>\n15.Jagoda banana<\/p>\n<p><a href=\"https:\/\/vapebulkp.com\/hr\/product\/uwin-crystal-10k-puff-long-lasting-disposable-vape-for-europe\/\"><span style=\"vertical-align: inherit\">UWIN Vapme Kristal 10000 udisaja <\/span><\/a><\/p>\n<p><span style=\"vertical-align: inherit\">Prona\u0111ite vi\u0161e proizvoda koji bi vam se mogli svidjeti:<\/span><em><a href=\"https:\/\/wa.me\/8618077105796\"><span style=\"vertical-align: inherit\">\u00a0Kupite sada<\/span><\/a><\/em><\/p>\n<p><span style=\"vertical-align: inherit\">Ostali Puffs koji bi vam se mogli svidjeti:<\/span><a href=\"https:\/\/vapebulkp.com\/hr\/product\/bang-box-30k-puff-led-display-wholesale-disposable-vape\/\"><span style=\"vertical-align: inherit\">Bang Box LED zaslon\u00a0 vape\u00a0 30000uvla\u010denja<\/span><\/a><span style=\"vertical-align: inherit\">\u3001<\/span><a href=\"https:\/\/vapebulkp.com\/hr\/product\/wholesale-randm-tornado-9000-puffs-germany\/\"><span style=\"vertical-align: inherit\">RandM 9000 Udisaja<\/span><\/a><span style=\"vertical-align: inherit\">\/ <\/span><a href=\"https:\/\/vapebulkp.com\/hr\/product\/vozol-vista-20000-puff-rechargeable-vape-cheap-price-today\/\"><span style=\"vertical-align: inherit\">Vozol vista 20000 uvla\u010denja<\/span><\/a><span style=\"vertical-align: inherit\">\/ <\/span><a href=\"https:\/\/vapebulkp.com\/hr\/product\/wga-crystal-plus-16000-puffs-led-light-disposable-vape\/\"><span style=\"vertical-align: inherit\">WGA Crystal 16000 uvla\u010denja<\/span><\/a><\/p>\n<p><span style=\"vertical-align: inherit\">E-cigareta posebnog oblika boce:<\/span><a href=\"https:\/\/vapebulkp.com\/hr\/product\/vapsolo-super-15k-puffs-wholesale-price-e-cigarette\/\"><span style=\"vertical-align: inherit\"> Vapsolo super 15k Puffs<\/span><\/a><span style=\"vertical-align: inherit\">\/ <\/span><a href=\"https:\/\/vapebulkp.com\/hr\/product\/randm-fumot-tornado-30k-puffs-rechargeable-vapes-best-sale\/\"><span style=\"vertical-align: inherit\">\u00a0Fumot Tornado glazba 30000 udisaja <\/span><\/a><span style=\"vertical-align: inherit\">\/<\/span><a href=\"https:\/\/vapebulkp.com\/hr\/product\/vapme-shisha-pro-max-20k-type-c-rechargeable-vape\/\"><span style=\"vertical-align: inherit\">Vapme shisha pro max 20000 Puffs<\/span><\/a><\/p>\n<p>&nbsp;<\/p>\n<h4>\u010cesta pitanja:<\/h4>\n<p>P1: Koji je MOQ za elegantnu i stilski dizajniranu jednokratnu vape olovku POCO BL 10000 Puffs?<br \/>\nO: Minimalna narud\u017eba je 50 komada.<br \/>\nP2: Ima li POCO BL 10000 Puffs vape <strong>podesivim protokom zraka<\/strong>\u00a0 s nekim sigurnosnim zna\u010dajkama?<br \/>\nO: Da, POCO BL uklju\u010duje nekoliko sigurnosnih zna\u010dajki, kao \u0161to su za\u0161tita od kratkog spoja i za\u0161tita od prekomjernog punjenja, osiguravaju\u0107i sigurno iskustvo vapinga.<br \/>\nP3: Koliko je vrijeme isporuke za naru\u010denu vape olovku?<br \/>\nO: Obi\u010dno je 10-15 dana nakon slanja<br \/>\nP4: Koliki je tro\u0161ak dostave?<br \/>\nO: Tro\u0161ak dostave ovisi o te\u017eini. Razli\u010dite koli\u010dine imaju razli\u010dite tro\u0161kove dostave, molimo kontaktirajte nas kako bismo potvrdili tro\u0161ak dostave.<\/p>\n<h4>Detalji dostave:<\/h4>\n<p><span style=\"color: #ff6600\">Vrijeme proizvodnje: 5-10 radnih dana<\/span><br \/>\n<span style=\"color: #ff6600\">Vrijeme isporuke: 8-14 radnih dana<\/span><\/p>\n<p>Svi proizvodi u na\u0161oj trgovini su 100% originalni i autenti\u010dni, stoga je desetostruka naknada za la\u017enu robu na\u0161a politika trgovine. Za dostavu koristimo logisti\u010dke kanale kao \u0161to su UPS\/DHL\/FEDEX\/DPD.<\/p>\n<p>Za pakete poslane u Hrvatsku obi\u010dno je potrebno 10 radnih dana da stignu. Dostava u europske zemlje obi\u010dno traje 12 do 15 radnih dana da stigne. Logisti\u010dke informacije \u0107emo a\u017eurirati za vas u stvarnom vremenu.<\/p>","protected":false},"excerpt":{"rendered":"<p>Kupite POCO BL 10000 Puhova jednokratnu vape online<br \/>\nOdabir POCO BL 10000 Puhova Jednokratne Vape zna\u010di odlu\u010diti se za visokokvalitetan, svestran ure\u0111aj koji zadovoljava va\u0161e potrebe za vapingom, pru\u017eaju\u0107i stilsko i ugodno iskustvo.<\/p>\n<p>Molimo kontaktirajte Mandy's WhatsApp za cijenu s popustom<a href=\"https:\/\/wa.me\/8618077105796\">+8618077105796<\/a><\/p>\n<p><img decoding=\"async\" class=\"alignnone wp-image-2151\" src=\"http:\/\/vapebulkp.com\/wp-content\/uploads\/2024\/04\/Mandy-WhatsApp-Randm.jpg\" alt=\"Mandy WhatsApp Randm\" width=\"297\" height=\"316\" srcset=\"https:\/\/vapebulkp.com\/wp-content\/uploads\/2024\/04\/Mandy-WhatsApp-Randm.jpg 916w, https:\/\/vapebulkp.com\/wp-content\/uploads\/2024\/04\/Mandy-WhatsApp-Randm-282x300.jpg 282w, https:\/\/vapebulkp.com\/wp-content\/uploads\/2024\/04\/Mandy-WhatsApp-Randm-768x817.jpg 768w, https:\/\/vapebulkp.com\/wp-content\/uploads\/2024\/04\/Mandy-WhatsApp-Randm-600x638.jpg 600w\" sizes=\"(max-width: 297px) 100vw, 297px\" \/><\/p>\n<p><span style=\"color: #ff0000\">NAPOMENA: Cijene na na\u0161oj web stranici ne uklju\u010duju tro\u0161kove dostave<\/span><\/p>\n<p>&nbsp;<\/p>","protected":false},"featured_media":3073,"comment_status":"open","ping_status":"closed","template":"","meta":{"_uag_custom_page_level_css":"","_lmt_disableupdate":"no","_lmt_disable":"","site-sidebar-layout":"default","site-content-layout":"content-boxed-container","ast-site-content-layout":"normal-width-container","site-content-style":"boxed","site-sidebar-style":"unboxed","ast-global-header-display":"","ast-banner-title-visibility":"","ast-main-header-display":"","ast-hfb-above-header-display":"","ast-hfb-below-header-display":"","ast-hfb-mobile-header-display":"","site-post-title":"","ast-breadcrumbs-content":"","ast-featured-img":"","footer-sml-layout":"","theme-transparent-header-meta":"default","adv-header-id-meta":"","stick-header-meta":"","header-above-stick-meta":"","header-main-stick-meta":"","header-below-stick-meta":"","astra-migrate-meta-layouts":"set","_joinchat":[]},"product_cat":[167,153,155,33,59,100,34,158,357,157,154,152,58,84,156,63,32],"product_tag":[139,36,37,41,40],"class_list":["post-3075","product","type-product","status-publish","has-post-thumbnail","hentry","product_cat-10000-puffs-disposable-vape","product_cat-hot-disposable-vapes","product_cat-belgium-hot-disposable-vapes","product_cat-france-vape-hot-sale","product_cat-germany-hot-disposable-vape","product_cat-germany-wholesale-vape-shop","product_cat-netherlands-vape-good-sale","product_cat-norway-hot-disposable-vapes","product_cat-poco-vape","product_cat-poland-hot-disposable-vapes","product_cat-portugal-hot-disposable-vapes","product_cat-spain-hot-disposable-vapes","product_cat-sweden-hot-disposable-vape","product_cat-sweden-wholesale-vape","product_cat-switzerland-hot-disposable-vapes","product_cat-top-sale-disposable-vape","product_cat-vape-hot-sale-this-week","product_tag-30k-puffs","product_tag-good-vape","product_tag-hot-sale-disposable-vape","product_tag-poland-hot-vape","product_tag-sweden-hot-vape","pa_brand-poco-vape","desktop-align-left","tablet-align-left","mobile-align-left"],"yoast_head":"<!-- This site is optimized with the Yoast SEO plugin v21.1 - https:\/\/yoast.com\/wordpress\/plugins\/seo\/ -->\n<title>POCO Bl 10000 Puffs Hot Selling High Puff Type-C Disposable Vape - vapebulkp.com<\/title>\n<meta name=\"description\" content=\"Shop POCO BL 10000 Puffs Disposable Vape with mesh coil, 20ml nicotine salt e-liquid &amp; Type-C charging. Long-lasting rechargeable vape \u2014 order wholesale now!\" \/>\n<meta name=\"robots\" content=\"index, follow, max-snippet:-1, max-image-preview:large, max-video-preview:-1\" \/>\n<link rel=\"canonical\" href=\"https:\/\/vapebulkp.com\/hr\/product\/poco-bl-10000-puffs-hot-selling-high-puff-type-c-disposable-vape\/\" \/>\n<meta property=\"og:locale\" content=\"hr_HR\" \/>\n<meta property=\"og:type\" content=\"article\" \/>\n<meta property=\"og:title\" content=\"POCO Bl 10000 Puffs Hot Selling High Puff Type-C Disposable Vape - vapebulkp.com\" \/>\n<meta property=\"og:description\" content=\"Shop POCO BL 10000 Puffs Disposable Vape with mesh coil, 20ml nicotine salt e-liquid &amp; Type-C charging. Long-lasting rechargeable vape \u2014 order wholesale now!\" \/>\n<meta property=\"og:url\" content=\"https:\/\/vapebulkp.com\/hr\/product\/poco-bl-10000-puffs-hot-selling-high-puff-type-c-disposable-vape\/\" \/>\n<meta property=\"og:site_name\" content=\"vapebulkp.com\" \/>\n<meta property=\"article:modified_time\" content=\"2025-09-24T03:14:42+00:00\" \/>\n<meta property=\"og:image\" content=\"http:\/\/vapebulkp.com\/wp-content\/uploads\/2024\/10\/EU-Warehouse-Poco-BL10000-Puffs-Disposable-Vape-Pod-Puff-10k-Top-Sale-poco-Vape.png\" \/>\n\t<meta property=\"og:image:width\" content=\"500\" \/>\n\t<meta property=\"og:image:height\" content=\"563\" \/>\n\t<meta property=\"og:image:type\" content=\"image\/png\" \/>\n<meta name=\"twitter:card\" content=\"summary_large_image\" \/>\n<meta name=\"twitter:label1\" content=\"Procijenjeno vrijeme \u010ditanja\" \/>\n\t<meta name=\"twitter:data1\" content=\"4 minute\" \/>\n<script type=\"application\/ld+json\" class=\"yoast-schema-graph\">{\"@context\":\"https:\/\/schema.org\",\"@graph\":[{\"@type\":\"WebPage\",\"@id\":\"https:\/\/vapebulkp.com\/product\/poco-bl-10000-puffs-hot-selling-high-puff-type-c-disposable-vape\/\",\"url\":\"https:\/\/vapebulkp.com\/product\/poco-bl-10000-puffs-hot-selling-high-puff-type-c-disposable-vape\/\",\"name\":\"POCO Bl 10000 Puffs Hot Selling High Puff Type-C Disposable Vape - vapebulkp.com\",\"isPartOf\":{\"@id\":\"https:\/\/vapebulkp.com\/#website\"},\"datePublished\":\"2024-10-28T07:28:39+00:00\",\"dateModified\":\"2025-09-24T03:14:42+00:00\",\"description\":\"Shop POCO BL 10000 Puffs Disposable Vape with mesh coil, 20ml nicotine salt e-liquid & Type-C charging. Long-lasting rechargeable vape \u2014 order wholesale now!\",\"breadcrumb\":{\"@id\":\"https:\/\/vapebulkp.com\/product\/poco-bl-10000-puffs-hot-selling-high-puff-type-c-disposable-vape\/#breadcrumb\"},\"inLanguage\":\"hr\",\"potentialAction\":[{\"@type\":\"ReadAction\",\"target\":[\"https:\/\/vapebulkp.com\/product\/poco-bl-10000-puffs-hot-selling-high-puff-type-c-disposable-vape\/\"]}]},{\"@type\":\"BreadcrumbList\",\"@id\":\"https:\/\/vapebulkp.com\/product\/poco-bl-10000-puffs-hot-selling-high-puff-type-c-disposable-vape\/#breadcrumb\",\"itemListElement\":[{\"@type\":\"ListItem\",\"position\":1,\"name\":\"Home\",\"item\":\"https:\/\/vapebulkp.com\/\"},{\"@type\":\"ListItem\",\"position\":2,\"name\":\"Hot Trend Vapes\",\"item\":\"https:\/\/vapebulkp.com\/vape-shop\/\"},{\"@type\":\"ListItem\",\"position\":3,\"name\":\"POCO Bl 10000 Puffs Hot Selling High Puff Type-C Disposable Vape\"}]},{\"@type\":\"WebSite\",\"@id\":\"https:\/\/vapebulkp.com\/#website\",\"url\":\"https:\/\/vapebulkp.com\/\",\"name\":\"vapebulkp.com\",\"description\":\"Buy Vape In Cheap Bulk Price Near you\",\"publisher\":{\"@id\":\"https:\/\/vapebulkp.com\/#organization\"},\"potentialAction\":[{\"@type\":\"SearchAction\",\"target\":{\"@type\":\"EntryPoint\",\"urlTemplate\":\"https:\/\/vapebulkp.com\/?s={search_term_string}\"},\"query-input\":\"required name=search_term_string\"}],\"inLanguage\":\"hr\"},{\"@type\":\"Organization\",\"@id\":\"https:\/\/vapebulkp.com\/#organization\",\"name\":\"vapebulkp.com\",\"url\":\"https:\/\/vapebulkp.com\/\",\"logo\":{\"@type\":\"ImageObject\",\"inLanguage\":\"hr\",\"@id\":\"https:\/\/vapebulkp.com\/#\/schema\/logo\/image\/\",\"url\":\"https:\/\/vapebulkp.com\/wp-content\/uploads\/2023\/09\/cropped-vapebulkp.png\",\"contentUrl\":\"https:\/\/vapebulkp.com\/wp-content\/uploads\/2023\/09\/cropped-vapebulkp.png\",\"width\":516,\"height\":163,\"caption\":\"vapebulkp.com\"},\"image\":{\"@id\":\"https:\/\/vapebulkp.com\/#\/schema\/logo\/image\/\"}}]}<\/script>\n<!-- \/ Yoast SEO plugin. -->","yoast_head_json":{"title":"POCO Bl 10000 Puffs Hot Selling High Puff Type-C Disposable Vape - vapebulkp.com","description":"Shop POCO BL 10000 Puffs Disposable Vape with mesh coil, 20ml nicotine salt e-liquid & Type-C charging. Long-lasting rechargeable vape \u2014 order wholesale now!","robots":{"index":"index","follow":"follow","max-snippet":"max-snippet:-1","max-image-preview":"max-image-preview:large","max-video-preview":"max-video-preview:-1"},"canonical":"https:\/\/vapebulkp.com\/hr\/product\/poco-bl-10000-puffs-hot-selling-high-puff-type-c-disposable-vape\/","og_locale":"hr_HR","og_type":"article","og_title":"POCO Bl 10000 Puffs Hot Selling High Puff Type-C Disposable Vape - vapebulkp.com","og_description":"Shop POCO BL 10000 Puffs Disposable Vape with mesh coil, 20ml nicotine salt e-liquid & Type-C charging. Long-lasting rechargeable vape \u2014 order wholesale now!","og_url":"https:\/\/vapebulkp.com\/hr\/product\/poco-bl-10000-puffs-hot-selling-high-puff-type-c-disposable-vape\/","og_site_name":"vapebulkp.com","article_modified_time":"2025-09-24T03:14:42+00:00","og_image":[{"width":500,"height":563,"url":"http:\/\/vapebulkp.com\/wp-content\/uploads\/2024\/10\/EU-Warehouse-Poco-BL10000-Puffs-Disposable-Vape-Pod-Puff-10k-Top-Sale-poco-Vape.png","type":"image\/png"}],"twitter_card":"summary_large_image","twitter_misc":{"Procijenjeno vrijeme \u010ditanja":"4 minute"},"schema":{"@context":"https:\/\/schema.org","@graph":[{"@type":"WebPage","@id":"https:\/\/vapebulkp.com\/product\/poco-bl-10000-puffs-hot-selling-high-puff-type-c-disposable-vape\/","url":"https:\/\/vapebulkp.com\/product\/poco-bl-10000-puffs-hot-selling-high-puff-type-c-disposable-vape\/","name":"POCO Bl 10000 Puffs Hot Selling High Puff Type-C Disposable Vape - vapebulkp.com","isPartOf":{"@id":"https:\/\/vapebulkp.com\/#website"},"datePublished":"2024-10-28T07:28:39+00:00","dateModified":"2025-09-24T03:14:42+00:00","description":"Shop POCO BL 10000 Puffs Disposable Vape with mesh coil, 20ml nicotine salt e-liquid & Type-C charging. Long-lasting rechargeable vape \u2014 order wholesale now!","breadcrumb":{"@id":"https:\/\/vapebulkp.com\/product\/poco-bl-10000-puffs-hot-selling-high-puff-type-c-disposable-vape\/#breadcrumb"},"inLanguage":"hr","potentialAction":[{"@type":"ReadAction","target":["https:\/\/vapebulkp.com\/product\/poco-bl-10000-puffs-hot-selling-high-puff-type-c-disposable-vape\/"]}]},{"@type":"BreadcrumbList","@id":"https:\/\/vapebulkp.com\/product\/poco-bl-10000-puffs-hot-selling-high-puff-type-c-disposable-vape\/#breadcrumb","itemListElement":[{"@type":"ListItem","position":1,"name":"Home","item":"https:\/\/vapebulkp.com\/"},{"@type":"ListItem","position":2,"name":"Hot Trend Vapes","item":"https:\/\/vapebulkp.com\/vape-shop\/"},{"@type":"ListItem","position":3,"name":"POCO Bl 10000 Puffs Hot Selling High Puff Type-C Disposable Vape"}]},{"@type":"WebSite","@id":"https:\/\/vapebulkp.com\/#website","url":"https:\/\/vapebulkp.com\/","name":"vapebulkp.com","description":"Buy Vape In Cheap Bulk Price Near you","publisher":{"@id":"https:\/\/vapebulkp.com\/#organization"},"potentialAction":[{"@type":"SearchAction","target":{"@type":"EntryPoint","urlTemplate":"https:\/\/vapebulkp.com\/?s={search_term_string}"},"query-input":"required name=search_term_string"}],"inLanguage":"hr"},{"@type":"Organization","@id":"https:\/\/vapebulkp.com\/#organization","name":"vapebulkp.com","url":"https:\/\/vapebulkp.com\/","logo":{"@type":"ImageObject","inLanguage":"hr","@id":"https:\/\/vapebulkp.com\/#\/schema\/logo\/image\/","url":"https:\/\/vapebulkp.com\/wp-content\/uploads\/2023\/09\/cropped-vapebulkp.png","contentUrl":"https:\/\/vapebulkp.com\/wp-content\/uploads\/2023\/09\/cropped-vapebulkp.png","width":516,"height":163,"caption":"vapebulkp.com"},"image":{"@id":"https:\/\/vapebulkp.com\/#\/schema\/logo\/image\/"}}]}},"uagb_featured_image_src":{"full":["https:\/\/vapebulkp.com\/wp-content\/uploads\/2024\/10\/EU-Warehouse-Poco-BL10000-Puffs-Disposable-Vape-Pod-Puff-10k-Top-Sale-poco-Vape.png",500,563,false],"thumbnail":["https:\/\/vapebulkp.com\/wp-content\/uploads\/2024\/10\/EU-Warehouse-Poco-BL10000-Puffs-Disposable-Vape-Pod-Puff-10k-Top-Sale-poco-Vape-150x150.png",150,150,true],"medium":["https:\/\/vapebulkp.com\/wp-content\/uploads\/2024\/10\/EU-Warehouse-Poco-BL10000-Puffs-Disposable-Vape-Pod-Puff-10k-Top-Sale-poco-Vape-266x300.png",266,300,true],"medium_large":["https:\/\/vapebulkp.com\/wp-content\/uploads\/2024\/10\/EU-Warehouse-Poco-BL10000-Puffs-Disposable-Vape-Pod-Puff-10k-Top-Sale-poco-Vape.png",500,563,false],"large":["https:\/\/vapebulkp.com\/wp-content\/uploads\/2024\/10\/EU-Warehouse-Poco-BL10000-Puffs-Disposable-Vape-Pod-Puff-10k-Top-Sale-poco-Vape.png",500,563,false],"1536x1536":["https:\/\/vapebulkp.com\/wp-content\/uploads\/2024\/10\/EU-Warehouse-Poco-BL10000-Puffs-Disposable-Vape-Pod-Puff-10k-Top-Sale-poco-Vape.png",500,563,false],"2048x2048":["https:\/\/vapebulkp.com\/wp-content\/uploads\/2024\/10\/EU-Warehouse-Poco-BL10000-Puffs-Disposable-Vape-Pod-Puff-10k-Top-Sale-poco-Vape.png",500,563,false],"trp-custom-language-flag":["https:\/\/vapebulkp.com\/wp-content\/uploads\/2024\/10\/EU-Warehouse-Poco-BL10000-Puffs-Disposable-Vape-Pod-Puff-10k-Top-Sale-poco-Vape.png",11,12,false],"woocommerce_thumbnail":["https:\/\/vapebulkp.com\/wp-content\/uploads\/2024\/10\/EU-Warehouse-Poco-BL10000-Puffs-Disposable-Vape-Pod-Puff-10k-Top-Sale-poco-Vape-300x300.png",300,300,true],"woocommerce_single":["https:\/\/vapebulkp.com\/wp-content\/uploads\/2024\/10\/EU-Warehouse-Poco-BL10000-Puffs-Disposable-Vape-Pod-Puff-10k-Top-Sale-poco-Vape.png",500,563,false],"woocommerce_gallery_thumbnail":["https:\/\/vapebulkp.com\/wp-content\/uploads\/2024\/10\/EU-Warehouse-Poco-BL10000-Puffs-Disposable-Vape-Pod-Puff-10k-Top-Sale-poco-Vape-100x100.png",100,100,true],"wcpr-photo-reviews":["https:\/\/vapebulkp.com\/wp-content\/uploads\/2024\/10\/EU-Warehouse-Poco-BL10000-Puffs-Disposable-Vape-Pod-Puff-10k-Top-Sale-poco-Vape.png",444,500,false]},"uagb_author_info":{"display_name":"Mandy vape bulk price","author_link":"https:\/\/vapebulkp.com\/hr\/author\/"},"uagb_comment_info":0,"uagb_excerpt":"Buy POCO BL 10000 Puffs disposable vape online Choosing the POCO BL 10000 Puffs Disposable Vape means opting for a high-quality, versatile device that meets your vaping needs while providing a stylish and enjoyable experience. Pls Contact Mandy's WhatsApp For Discount Price+8618077105796 NOTE: Prices on our website does not include shipping costs &nbsp;","_links":{"self":[{"href":"https:\/\/vapebulkp.com\/hr\/wp-json\/wp\/v2\/product\/3075","targetHints":{"allow":["GET"]}}],"collection":[{"href":"https:\/\/vapebulkp.com\/hr\/wp-json\/wp\/v2\/product"}],"about":[{"href":"https:\/\/vapebulkp.com\/hr\/wp-json\/wp\/v2\/types\/product"}],"replies":[{"embeddable":true,"href":"https:\/\/vapebulkp.com\/hr\/wp-json\/wp\/v2\/comments?post=3075"}],"wp:featuredmedia":[{"embeddable":true,"href":"https:\/\/vapebulkp.com\/hr\/wp-json\/wp\/v2\/media\/3073"}],"wp:attachment":[{"href":"https:\/\/vapebulkp.com\/hr\/wp-json\/wp\/v2\/media?parent=3075"}],"wp:term":[{"taxonomy":"product_cat","embeddable":true,"href":"https:\/\/vapebulkp.com\/hr\/wp-json\/wp\/v2\/product_cat?post=3075"},{"taxonomy":"product_tag","embeddable":true,"href":"https:\/\/vapebulkp.com\/hr\/wp-json\/wp\/v2\/product_tag?post=3075"}],"curies":[{"name":"wp","href":"https:\/\/api.w.org\/{rel}","templated":true}]}}