{"id":3084,"date":"2024-10-29T09:45:41","date_gmt":"2024-10-29T08:45:41","guid":{"rendered":"https:\/\/vapebulkp.com\/?post_type=product&#038;p=3084"},"modified":"2025-09-24T05:13:38","modified_gmt":"2025-09-24T03:13:38","slug":"bang-vape-36k-puffs-adjustable-ice-premium-disposable-vape","status":"publish","type":"product","link":"https:\/\/vapebulkp.com\/hr\/product\/bang-vape-36k-puffs-adjustable-ice-premium-disposable-vape\/","title":{"rendered":"Bang Vape 36K Puffs Podesivi Ice Premium jednokratni Vape"},"content":{"rendered":"<h2 style=\"text-align: left\">Bang Vape 36K Puffs Podesivi Ice Premium jednokratni Vape<\/h2>\n<div class=\"flex max-w-full flex-col flex-grow\">\n<div class=\"min-h-8 text-message flex w-full flex-col items-end gap-2 whitespace-normal break-words [.text-message+&amp;]:mt-5\" dir=\"auto\" data-message-author-role=\"assistant\" data-message-id=\"804b3ea8-e167-4bec-b4d0-906786e28244\" data-message-model-slug=\"gpt-4o-mini\">\n<div class=\"flex w-full flex-col gap-1 empty:hidden first:pt-[3px]\">\n<div class=\"markdown prose w-full break-words dark:prose-invert light\">\n<p data-start=\"150\" data-end=\"411\">O <strong data-start=\"154\" data-end=\"192\">Bang Vape 36K Puffs Podesivi Led<\/strong> je visokokapacitetni <strong data-start=\"212\" data-end=\"239\">vrhunski jednokratni vape<\/strong> dizajniran za dugotrajne performanse i vrhunski okus. S do 36.000 udisaja, dvostruka mre\u017easta zavojnica osigurava glatku paru i dosljedan okus pri svakom udisaju.<\/p>\n<p data-start=\"413\" data-end=\"677\">Opremljen punjivom baterijom od 850 mAh i brzim punjenjem Type-C, ovaj <strong data-start=\"489\" data-end=\"521\">punjivi jednokratni vape<\/strong> omogu\u0107uje neprekidne sesije vapinga. Dvostruki spremnici za e-teku\u0107inu (30 ml + 10 ml) omogu\u0107uju jake ili suptilne opcije okusa, savr\u0161eno za korisnike koji u\u017eivaju u raznolikosti.<\/p>\n<p data-start=\"679\" data-end=\"976\">Podesiva tehnologija Ice omogu\u0107uje vam kontrolu razine hla\u0111enja za osvje\u017eavaju\u0107i udah, dok regulacija tlaka otiskom prsta osigurava siguran, personalizirani hvat. Odaberite iz \u0161irokog spektra popularnih okusa, uklju\u010duju\u0107i Strawberry Kiwi i druge vrhunske mje\u0161avine, za tjedne dosljednog zadovoljstva.<\/p>\n<p data-start=\"978\" data-end=\"1130\">Kompaktan, elegantan i visokih performansi, <strong data-start=\"1022\" data-end=\"1045\">Bang Vape <a href=\"https:\/\/vapebulkp.com\/hr\/product-category\/36000-puff-disposable-vape\/\">36000 Puffs Jednokratni Vape<\/a><\/strong>\u00a0idealan je za svakodnevnu upotrebu, dru\u0161tvena okupljanja i veleprodajnu distribuciju diljem Europe.<\/p>\n<\/div>\n<\/div>\n<\/div>\n<\/div>\n<div class=\"mb-2 flex gap-3 empty:hidden -ml-2\">\n<div class=\"items-center justify-start rounded-xl p-1 flex\">\n<div class=\"flex items-center\">\n<div class=\"flex items-center pb-0\"><\/div>\n<\/div>\n<\/div>\n<\/div>\n<p><img decoding=\"async\" class=\"alignnone size-full wp-image-3081\" src=\"http:\/\/vapebulkp.com\/wp-content\/uploads\/2024\/10\/Bang-Vape-36k-Adjustable-Ice-Disposable-Electronic-Cigarette.png\" alt=\"Bang Vape 36k Podesiva led jednokratna elektroni\u010dka cigareta\" width=\"367\" height=\"593\" srcset=\"https:\/\/vapebulkp.com\/wp-content\/uploads\/2024\/10\/Bang-Vape-36k-Adjustable-Ice-Disposable-Electronic-Cigarette.png 367w, https:\/\/vapebulkp.com\/wp-content\/uploads\/2024\/10\/Bang-Vape-36k-Adjustable-Ice-Disposable-Electronic-Cigarette-186x300.png 186w\" sizes=\"(max-width: 367px) 100vw, 367px\" \/><\/p>\n<h6>Molimo kontaktirajte Mandy's WhatsApp za cijenu s popustom<a href=\"https:\/\/wa.me\/8618077105796\">+8618077105796<\/a><\/h6>\n<p><img decoding=\"async\" class=\"alignnone wp-image-2151\" src=\"http:\/\/vapebulkp.com\/wp-content\/uploads\/2024\/04\/Mandy-WhatsApp-Randm.jpg\" alt=\"Mandy WhatsApp Randm\" width=\"261\" height=\"277\" srcset=\"https:\/\/vapebulkp.com\/wp-content\/uploads\/2024\/04\/Mandy-WhatsApp-Randm.jpg 916w, https:\/\/vapebulkp.com\/wp-content\/uploads\/2024\/04\/Mandy-WhatsApp-Randm-282x300.jpg 282w, https:\/\/vapebulkp.com\/wp-content\/uploads\/2024\/04\/Mandy-WhatsApp-Randm-768x817.jpg 768w, https:\/\/vapebulkp.com\/wp-content\/uploads\/2024\/04\/Mandy-WhatsApp-Randm-600x638.jpg 600w\" sizes=\"(max-width: 261px) 100vw, 261px\" \/><\/p>\n<h2>Moglo bi vas zanimati da saznate vi\u0161e o Bang vapeu s podesivim ledom i 36 000 udisaja:<\/h2>\n<ol>\n<li><strong>P: Po \u010demu se Bang Vape 36k Puffs jednokratna e-cigareta isti\u010de u odnosu na druge vapeove velikog kapaciteta?<\/strong><br \/>\n<strong>A:<\/strong> Bang Vape 36k Puffs model dizajniran je s tehnologijom podesivog leda, \u0161to korisnicima omogu\u0107uje prilagodbu iskustva hla\u0111enja. Ova vrhunska zna\u010dajka, u kombinaciji s 36 000 udisaja, pru\u017ea neusporedivu postojanost okusa i zadovoljstvo kori\u0161tenja vapea.<\/li>\n<li><strong>P: Je li vape s Bang 36k podesivom jednokratnom e-cigaretom prikladan za dugotrajnu upotrebu?<\/strong><br \/>\n<strong>A:<\/strong> Apsolutno. S impresivnih 36 000 udisaja i inovativnim mehanizmom podesivog leda, Bang Vape 36k je dizajniran da traje dulje dok odr\u017eava svje\u017e i osvje\u017eavaju\u0107i profil okusa tijekom svake sesije.<\/li>\n<li><strong>P: Kako zna\u010dajka podesivog leda pobolj\u0161ava jednokratno iskustvo s Bang vapeom 36k?<\/strong><br \/>\n<strong>A:<\/strong> Zna\u010dajka podesivog leda omogu\u0107uje vam da prilagodite intenzitet hla\u0111enja svakog udisaja, nude\u0107i personaliziranije i sofisticiranije iskustvo kori\u0161tenja vapea. Ova vrhunska zna\u010dajka prilagodbe idealna je za korisnike koji tra\u017ee profinjenu kontrolu nad dinamikom okusa svog vapea.<\/li>\n<li><strong>P: Koja bi skupina korisnika imala najvi\u0161e koristi od Bang Vape 36k Puffs modela s podesivim ledom?<\/strong><br \/>\n<strong>A:<\/strong> Korisnici koji daju prednost produljenim performansama, vrhunskoj kvaliteti okusa i personaliziranim efektima hla\u0111enja cijenit \u0107e Bang Vape 36k model s podesivim ledom. Njegov dizajn visokog kapaciteta i inovacije usmjerene na korisnika zadovoljavaju potrebe kako povremenih, tako i iskusnih korisnika.<\/li>\n<li><strong>P: Je li Bang Vape 36k Puffs jednokratna e-cigareta pouzdana opcija za vaping u pokretu?<\/strong><br \/>\n<strong>A:<\/strong> Da, Bang Vape 36k idealan je izbor za entuzijaste u pokretu. Sa svojim velikim kapacitetom udisaja i prijenosnim dizajnom, nudi prakti\u010dnost bez kompromisa u pogledu vrhunskih zna\u010dajki poput podesive kontrole leda, osiguravaju\u0107i da je svaka sesija prilago\u0111ena va\u0161im \u017eeljama.<\/li>\n<\/ol>\n<p>&nbsp;<\/p>\n<h3>Najprodavaniji 2024 BangVape 36000 Puffs Vape velikog kapaciteta u Hrvatskoj Zna\u010dajke:<\/h3>\n<ul>\n<li><strong>Broj udisaja<\/strong>: 36 000 udisaja<\/li>\n<li><strong>Kapacitet baterije<\/strong>850mAh<\/li>\n<li><strong>Priklju\u010dak za punjenje<\/strong>: Tip-C<\/li>\n<li><strong>Kapacitet e-teku\u0107ine<\/strong>: Dvostruki spremnici (30 ml za spremnik L-ulja i 10 ml za spremnik R-ulja)<\/li>\n<li><strong>Tehnologija zavojnice<\/strong>: Dvostruka mre\u017eica<\/li>\n<li><strong>Pode\u0161avanje hla\u0111enja<\/strong>: Funkcija pode\u0161avanja hla\u0111enja<\/li>\n<li><strong>Regulacija pritiska otiskom prsta<\/strong>: Uklju\u010deno za personalizirane postavke<\/li>\n<li><strong>Prikaz okusa<\/strong>: 12 OKUSA<\/li>\n<\/ul>\n<p>&nbsp;<\/p>\n<h3><strong>Najbolje ocijenjeni brendovi jednokratnih e-cigareta\u00a0<\/strong><strong>36k Puffs bang vape arome:<\/strong><\/h3>\n<p>1.LUBENICA LED<br \/>\n2.JAGODA KIVI<br \/>\n3.JAGODA MANGO<br \/>\n4. Red Bull<br \/>\n5.TROSTRUKO BOBI\u010cASTO VO\u0106E<br \/>\n6.JAGODA LUBENICA<br \/>\n7.JAGODA LED<br \/>\n8.BOROVNICA LED<br \/>\n9. BOROVNICA MALINA<br \/>\n10.JAGODA BANANA<br \/>\n11. LOVE66<br \/>\n12.ANANAS KOKOS<\/p>\n<p><a href=\"https:\/\/vapebulkp.com\/hr\/product\/popular-randm-tornado-7000puffs-disposable-vape-best-price\/\"><span style=\"vertical-align: inherit\">RandM Tornado 7000 Udisaja <\/span><\/a><\/p>\n<p><span style=\"vertical-align: inherit\">Prona\u0111ite vi\u0161e proizvoda koji bi vam se mogli svidjeti:<\/span><em><a href=\"https:\/\/wa.me\/8618077105796\"><span style=\"vertical-align: inherit\">\u00a0Kupite sada<\/span><\/a><\/em><\/p>\n<p><span style=\"vertical-align: inherit\">Ostali Puffs koji bi vam se mogli svidjeti:<\/span><a href=\"https:\/\/vapebulkp.com\/hr\/product\/hot-selling-brand-vape-mesii-visual-16000puffs-wholesale-price\/\"><span style=\"vertical-align: inherit\">MESII VISUAL 16000Puffs<\/span><\/a><span style=\"vertical-align: inherit\">\u3001<\/span><a href=\"https:\/\/vapebulkp.com\/hr\/product\/wholesale-randm-tornado-9000-puffs-germany\/\"><span style=\"vertical-align: inherit\">RandM 9000 Udisaja<\/span><\/a><span style=\"vertical-align: inherit\">\/ <\/span><a href=\"https:\/\/vapebulkp.com\/hr\/product\/aivono-aim-boom-25000-puff-hot-sale-disposable-vape-razz-bar\/\"><span style=\"vertical-align: inherit\">AIVONO AIM BOOM 25K Udisaja<\/span><\/a><span style=\"vertical-align: inherit\">\/ <\/span><a href=\"https:\/\/vapebulkp.com\/hr\/product\/waspe-tornado-vape-30k-puffs-fihp-best-long-lasting-vape\/\"><span style=\"vertical-align: inherit\">WASPE Tornado 30k Udisaja<\/span><\/a><\/p>\n<p><span style=\"vertical-align: inherit\">E-cigareta posebnog oblika boce:<\/span><a href=\"https:\/\/vapebulkp.com\/hr\/product\/bang-vape-36k-puffs-lcd-screen-fingerprint-recognition-disposable-vape\/\"><span style=\"vertical-align: inherit\"> Bang vape 36000 Puffs<\/span><\/a><span style=\"vertical-align: inherit\">\/ <\/span><a href=\"https:\/\/vapebulkp.com\/hr\/product\/best-price-wga-crystal-pro-max-15k-puffs-original-vape\/\"><span style=\"vertical-align: inherit\">\u00a0WGA Crystal Pro Max 15000 Udisaja <\/span><\/a><span style=\"vertical-align: inherit\">\/<\/span><a href=\"https:\/\/vapebulkp.com\/hr\/product\/poco-bl-10000-puffs-hot-selling-high-puff-type-c-disposable-vape\/\"><span style=\"vertical-align: inherit\"> POCO BL 10000 udisaja<\/span><\/a><\/p>\n<h5>\u010cesta pitanja:<\/h5>\n<p>P: Koji je minimalna narud\u017eba (MOQ) za bang bars vape 36000 Puffs?<br \/>\nO: Minimalna narud\u017eba je 100 komada.<br \/>\nP: Koliko je vrijeme isporuke za naru\u010dene Fume vape?<br \/>\nO: Obi\u010dno je 10-15 dana nakon slanja<br \/>\nP: Koliko ko\u0161ta dostava?O: Tro\u0161kovi dostave ovise o te\u017eini. Razli\u010dite koli\u010dine imaju razli\u010dite tro\u0161kove dostave, kontaktirajte nas da potvrdite tro\u0161ak dostave.<\/p>\n<h4>Detalji dostave:<\/h4>\n<p><span style=\"color: #ff6600\">Vrijeme proizvodnje: 5-10 radnih dana<\/span><br \/>\n<span style=\"color: #ff6600\">Vrijeme isporuke: 8-14 radnih dana<\/span><\/p>\n<p>Svi proizvodi u na\u0161oj trgovini su 100% originalni i autenti\u010dni, stoga je desetostruka naknada za la\u017enu robu na\u0161a politika trgovine. Za dostavu koristimo logisti\u010dke kanale kao \u0161to su UPS\/DHL\/FEDEX\/DPD.<\/p>\n<p>Za pakete poslane u Hrvatsku obi\u010dno je potrebno 10 radnih dana da stignu. Dostava u europske zemlje obi\u010dno traje 12 do 15 radnih dana da stigne. Logisti\u010dke informacije \u0107emo a\u017eurirati za vas u stvarnom vremenu.<\/p>","protected":false},"excerpt":{"rendered":"<p>Bang Vape 36K Puffs Podesiva jednokratna e-cigareta Ice Vrhunsko rje\u0161enje za dugotrajno iskustvo vapinga<\/p>\n<p><img decoding=\"async\" class=\"alignnone wp-image-2151\" src=\"http:\/\/vapebulkp.com\/wp-content\/uploads\/2024\/04\/Mandy-WhatsApp-Randm.jpg\" alt=\"Mandy WhatsApp Randm\" width=\"281\" height=\"299\" srcset=\"https:\/\/vapebulkp.com\/wp-content\/uploads\/2024\/04\/Mandy-WhatsApp-Randm.jpg 916w, https:\/\/vapebulkp.com\/wp-content\/uploads\/2024\/04\/Mandy-WhatsApp-Randm-282x300.jpg 282w, https:\/\/vapebulkp.com\/wp-content\/uploads\/2024\/04\/Mandy-WhatsApp-Randm-768x817.jpg 768w, https:\/\/vapebulkp.com\/wp-content\/uploads\/2024\/04\/Mandy-WhatsApp-Randm-600x638.jpg 600w\" sizes=\"(max-width: 281px) 100vw, 281px\" \/><\/p>\n<p>Molimo kontaktirajte Mandy's WhatsApp za cijenu s popustom<a href=\"https:\/\/wa.me\/8618077105796\">+8618077105796<\/a><\/p>\n<p><span style=\"color: #ff0000\">NAPOMENA: Cijene na na\u0161oj web stranici ne uklju\u010duju tro\u0161kove dostave<\/span><\/p>\n<p>&nbsp;<\/p>","protected":false},"featured_media":3082,"comment_status":"open","ping_status":"closed","template":"","meta":{"_uag_custom_page_level_css":"","_lmt_disableupdate":"no","_lmt_disable":"","site-sidebar-layout":"default","site-content-layout":"content-boxed-container","ast-site-content-layout":"normal-width-container","site-content-style":"boxed","site-sidebar-style":"unboxed","ast-global-header-display":"","ast-banner-title-visibility":"","ast-main-header-display":"","ast-hfb-above-header-display":"","ast-hfb-below-header-display":"","ast-hfb-mobile-header-display":"","site-post-title":"","ast-breadcrumbs-content":"","ast-featured-img":"","footer-sml-layout":"","theme-transparent-header-meta":"default","adv-header-id-meta":"","stick-header-meta":"","header-above-stick-meta":"","header-main-stick-meta":"","header-below-stick-meta":"","astra-migrate-meta-layouts":"set","_joinchat":[]},"product_cat":[159,153,345,155,33,59,100,87,34,158,157,154,152,58,84,156,63,32],"product_tag":[130,93,36,37,91,41,40],"class_list":["post-3084","product","type-product","status-publish","has-post-thumbnail","hentry","product_cat-36000-puff-disposable-vape","product_cat-hot-disposable-vapes","product_cat-bang-vapes","product_cat-belgium-hot-disposable-vapes","product_cat-france-vape-hot-sale","product_cat-germany-hot-disposable-vape","product_cat-germany-wholesale-vape-shop","product_cat-minimum-order-quantity-50pcs","product_cat-netherlands-vape-good-sale","product_cat-norway-hot-disposable-vapes","product_cat-poland-hot-disposable-vapes","product_cat-portugal-hot-disposable-vapes","product_cat-spain-hot-disposable-vapes","product_cat-sweden-hot-disposable-vape","product_cat-sweden-wholesale-vape","product_cat-switzerland-hot-disposable-vapes","product_cat-top-sale-disposable-vape","product_cat-vape-hot-sale-this-week","product_tag-36000puffs","product_tag-bang-vape","product_tag-good-vape","product_tag-hot-sale-disposable-vape","product_tag-italy-hot-vape","product_tag-poland-hot-vape","product_tag-sweden-hot-vape","pa_brand-bang-king-vape","desktop-align-left","tablet-align-left","mobile-align-left"],"yoast_head":"<!-- This site is optimized with the Yoast SEO plugin v21.1 - https:\/\/yoast.com\/wordpress\/plugins\/seo\/ -->\n<title>Bang Vape 36K Puffs Adjustable Ice Premium Disposable Vape - vapebulkp.com<\/title>\n<meta name=\"description\" content=\"Buy the Bang Vape 36K Puffs, a 36K Puffs Disposable Vape with smooth vapor, customizable cooling, and long-lasting rechargeable battery.\" \/>\n<meta name=\"robots\" content=\"index, follow, max-snippet:-1, max-image-preview:large, max-video-preview:-1\" \/>\n<link rel=\"canonical\" href=\"https:\/\/vapebulkp.com\/hr\/product\/bang-vape-36k-puffs-adjustable-ice-premium-disposable-vape\/\" \/>\n<meta property=\"og:locale\" content=\"hr_HR\" \/>\n<meta property=\"og:type\" content=\"article\" \/>\n<meta property=\"og:title\" content=\"Bang Vape 36K Puffs Adjustable Ice Premium Disposable Vape - vapebulkp.com\" \/>\n<meta property=\"og:description\" content=\"Buy the Bang Vape 36K Puffs, a 36K Puffs Disposable Vape with smooth vapor, customizable cooling, and long-lasting rechargeable battery.\" \/>\n<meta property=\"og:url\" content=\"https:\/\/vapebulkp.com\/hr\/product\/bang-vape-36k-puffs-adjustable-ice-premium-disposable-vape\/\" \/>\n<meta property=\"og:site_name\" content=\"vapebulkp.com\" \/>\n<meta property=\"article:modified_time\" content=\"2025-09-24T03:13:38+00:00\" \/>\n<meta property=\"og:image\" content=\"http:\/\/vapebulkp.com\/wp-content\/uploads\/2024\/10\/Bang-Vape-36k-Adjustable-Ice-Disposable-Vape-Your-Ultimate-Vaping-Solution.png\" \/>\n\t<meta property=\"og:image:width\" content=\"1000\" \/>\n\t<meta property=\"og:image:height\" content=\"1000\" \/>\n\t<meta property=\"og:image:type\" content=\"image\/png\" \/>\n<meta name=\"twitter:card\" content=\"summary_large_image\" \/>\n<meta name=\"twitter:label1\" content=\"Procijenjeno vrijeme \u010ditanja\" \/>\n\t<meta name=\"twitter:data1\" content=\"4 minute\" \/>\n<script type=\"application\/ld+json\" class=\"yoast-schema-graph\">{\"@context\":\"https:\/\/schema.org\",\"@graph\":[{\"@type\":\"WebPage\",\"@id\":\"https:\/\/vapebulkp.com\/product\/bang-vape-36k-puffs-adjustable-ice-premium-disposable-vape\/\",\"url\":\"https:\/\/vapebulkp.com\/product\/bang-vape-36k-puffs-adjustable-ice-premium-disposable-vape\/\",\"name\":\"Bang Vape 36K Puffs Adjustable Ice Premium Disposable Vape - vapebulkp.com\",\"isPartOf\":{\"@id\":\"https:\/\/vapebulkp.com\/#website\"},\"datePublished\":\"2024-10-29T08:45:41+00:00\",\"dateModified\":\"2025-09-24T03:13:38+00:00\",\"description\":\"Buy the Bang Vape 36K Puffs, a 36K Puffs Disposable Vape with smooth vapor, customizable cooling, and long-lasting rechargeable battery.\",\"breadcrumb\":{\"@id\":\"https:\/\/vapebulkp.com\/product\/bang-vape-36k-puffs-adjustable-ice-premium-disposable-vape\/#breadcrumb\"},\"inLanguage\":\"hr\",\"potentialAction\":[{\"@type\":\"ReadAction\",\"target\":[\"https:\/\/vapebulkp.com\/product\/bang-vape-36k-puffs-adjustable-ice-premium-disposable-vape\/\"]}]},{\"@type\":\"BreadcrumbList\",\"@id\":\"https:\/\/vapebulkp.com\/product\/bang-vape-36k-puffs-adjustable-ice-premium-disposable-vape\/#breadcrumb\",\"itemListElement\":[{\"@type\":\"ListItem\",\"position\":1,\"name\":\"Home\",\"item\":\"https:\/\/vapebulkp.com\/\"},{\"@type\":\"ListItem\",\"position\":2,\"name\":\"Hot Trend Vapes\",\"item\":\"https:\/\/vapebulkp.com\/vape-shop\/\"},{\"@type\":\"ListItem\",\"position\":3,\"name\":\"Bang Vape 36K Puffs Adjustable Ice Premium Disposable Vape\"}]},{\"@type\":\"WebSite\",\"@id\":\"https:\/\/vapebulkp.com\/#website\",\"url\":\"https:\/\/vapebulkp.com\/\",\"name\":\"vapebulkp.com\",\"description\":\"Buy Vape In Cheap Bulk Price Near you\",\"publisher\":{\"@id\":\"https:\/\/vapebulkp.com\/#organization\"},\"potentialAction\":[{\"@type\":\"SearchAction\",\"target\":{\"@type\":\"EntryPoint\",\"urlTemplate\":\"https:\/\/vapebulkp.com\/?s={search_term_string}\"},\"query-input\":\"required name=search_term_string\"}],\"inLanguage\":\"hr\"},{\"@type\":\"Organization\",\"@id\":\"https:\/\/vapebulkp.com\/#organization\",\"name\":\"vapebulkp.com\",\"url\":\"https:\/\/vapebulkp.com\/\",\"logo\":{\"@type\":\"ImageObject\",\"inLanguage\":\"hr\",\"@id\":\"https:\/\/vapebulkp.com\/#\/schema\/logo\/image\/\",\"url\":\"https:\/\/vapebulkp.com\/wp-content\/uploads\/2023\/09\/cropped-vapebulkp.png\",\"contentUrl\":\"https:\/\/vapebulkp.com\/wp-content\/uploads\/2023\/09\/cropped-vapebulkp.png\",\"width\":516,\"height\":163,\"caption\":\"vapebulkp.com\"},\"image\":{\"@id\":\"https:\/\/vapebulkp.com\/#\/schema\/logo\/image\/\"}}]}<\/script>\n<!-- \/ Yoast SEO plugin. -->","yoast_head_json":{"title":"Bang Vape 36K Puffs Adjustable Ice Premium Disposable Vape - vapebulkp.com","description":"Buy the Bang Vape 36K Puffs, a 36K Puffs Disposable Vape with smooth vapor, customizable cooling, and long-lasting rechargeable battery.","robots":{"index":"index","follow":"follow","max-snippet":"max-snippet:-1","max-image-preview":"max-image-preview:large","max-video-preview":"max-video-preview:-1"},"canonical":"https:\/\/vapebulkp.com\/hr\/product\/bang-vape-36k-puffs-adjustable-ice-premium-disposable-vape\/","og_locale":"hr_HR","og_type":"article","og_title":"Bang Vape 36K Puffs Adjustable Ice Premium Disposable Vape - vapebulkp.com","og_description":"Buy the Bang Vape 36K Puffs, a 36K Puffs Disposable Vape with smooth vapor, customizable cooling, and long-lasting rechargeable battery.","og_url":"https:\/\/vapebulkp.com\/hr\/product\/bang-vape-36k-puffs-adjustable-ice-premium-disposable-vape\/","og_site_name":"vapebulkp.com","article_modified_time":"2025-09-24T03:13:38+00:00","og_image":[{"width":1000,"height":1000,"url":"http:\/\/vapebulkp.com\/wp-content\/uploads\/2024\/10\/Bang-Vape-36k-Adjustable-Ice-Disposable-Vape-Your-Ultimate-Vaping-Solution.png","type":"image\/png"}],"twitter_card":"summary_large_image","twitter_misc":{"Procijenjeno vrijeme \u010ditanja":"4 minute"},"schema":{"@context":"https:\/\/schema.org","@graph":[{"@type":"WebPage","@id":"https:\/\/vapebulkp.com\/product\/bang-vape-36k-puffs-adjustable-ice-premium-disposable-vape\/","url":"https:\/\/vapebulkp.com\/product\/bang-vape-36k-puffs-adjustable-ice-premium-disposable-vape\/","name":"Bang Vape 36K Puffs Adjustable Ice Premium Disposable Vape - vapebulkp.com","isPartOf":{"@id":"https:\/\/vapebulkp.com\/#website"},"datePublished":"2024-10-29T08:45:41+00:00","dateModified":"2025-09-24T03:13:38+00:00","description":"Buy the Bang Vape 36K Puffs, a 36K Puffs Disposable Vape with smooth vapor, customizable cooling, and long-lasting rechargeable battery.","breadcrumb":{"@id":"https:\/\/vapebulkp.com\/product\/bang-vape-36k-puffs-adjustable-ice-premium-disposable-vape\/#breadcrumb"},"inLanguage":"hr","potentialAction":[{"@type":"ReadAction","target":["https:\/\/vapebulkp.com\/product\/bang-vape-36k-puffs-adjustable-ice-premium-disposable-vape\/"]}]},{"@type":"BreadcrumbList","@id":"https:\/\/vapebulkp.com\/product\/bang-vape-36k-puffs-adjustable-ice-premium-disposable-vape\/#breadcrumb","itemListElement":[{"@type":"ListItem","position":1,"name":"Home","item":"https:\/\/vapebulkp.com\/"},{"@type":"ListItem","position":2,"name":"Hot Trend Vapes","item":"https:\/\/vapebulkp.com\/vape-shop\/"},{"@type":"ListItem","position":3,"name":"Bang Vape 36K Puffs Adjustable Ice Premium Disposable Vape"}]},{"@type":"WebSite","@id":"https:\/\/vapebulkp.com\/#website","url":"https:\/\/vapebulkp.com\/","name":"vapebulkp.com","description":"Buy Vape In Cheap Bulk Price Near you","publisher":{"@id":"https:\/\/vapebulkp.com\/#organization"},"potentialAction":[{"@type":"SearchAction","target":{"@type":"EntryPoint","urlTemplate":"https:\/\/vapebulkp.com\/?s={search_term_string}"},"query-input":"required name=search_term_string"}],"inLanguage":"hr"},{"@type":"Organization","@id":"https:\/\/vapebulkp.com\/#organization","name":"vapebulkp.com","url":"https:\/\/vapebulkp.com\/","logo":{"@type":"ImageObject","inLanguage":"hr","@id":"https:\/\/vapebulkp.com\/#\/schema\/logo\/image\/","url":"https:\/\/vapebulkp.com\/wp-content\/uploads\/2023\/09\/cropped-vapebulkp.png","contentUrl":"https:\/\/vapebulkp.com\/wp-content\/uploads\/2023\/09\/cropped-vapebulkp.png","width":516,"height":163,"caption":"vapebulkp.com"},"image":{"@id":"https:\/\/vapebulkp.com\/#\/schema\/logo\/image\/"}}]}},"uagb_featured_image_src":{"full":["https:\/\/vapebulkp.com\/wp-content\/uploads\/2024\/10\/Bang-Vape-36k-Adjustable-Ice-Disposable-Vape-Your-Ultimate-Vaping-Solution.png",1000,1000,false],"thumbnail":["https:\/\/vapebulkp.com\/wp-content\/uploads\/2024\/10\/Bang-Vape-36k-Adjustable-Ice-Disposable-Vape-Your-Ultimate-Vaping-Solution-150x150.png",150,150,true],"medium":["https:\/\/vapebulkp.com\/wp-content\/uploads\/2024\/10\/Bang-Vape-36k-Adjustable-Ice-Disposable-Vape-Your-Ultimate-Vaping-Solution-300x300.png",300,300,true],"medium_large":["https:\/\/vapebulkp.com\/wp-content\/uploads\/2024\/10\/Bang-Vape-36k-Adjustable-Ice-Disposable-Vape-Your-Ultimate-Vaping-Solution-768x768.png",768,768,true],"large":["https:\/\/vapebulkp.com\/wp-content\/uploads\/2024\/10\/Bang-Vape-36k-Adjustable-Ice-Disposable-Vape-Your-Ultimate-Vaping-Solution.png",1000,1000,false],"1536x1536":["https:\/\/vapebulkp.com\/wp-content\/uploads\/2024\/10\/Bang-Vape-36k-Adjustable-Ice-Disposable-Vape-Your-Ultimate-Vaping-Solution.png",1000,1000,false],"2048x2048":["https:\/\/vapebulkp.com\/wp-content\/uploads\/2024\/10\/Bang-Vape-36k-Adjustable-Ice-Disposable-Vape-Your-Ultimate-Vaping-Solution.png",1000,1000,false],"trp-custom-language-flag":["https:\/\/vapebulkp.com\/wp-content\/uploads\/2024\/10\/Bang-Vape-36k-Adjustable-Ice-Disposable-Vape-Your-Ultimate-Vaping-Solution.png",12,12,false],"woocommerce_thumbnail":["https:\/\/vapebulkp.com\/wp-content\/uploads\/2024\/10\/Bang-Vape-36k-Adjustable-Ice-Disposable-Vape-Your-Ultimate-Vaping-Solution-300x300.png",300,300,true],"woocommerce_single":["https:\/\/vapebulkp.com\/wp-content\/uploads\/2024\/10\/Bang-Vape-36k-Adjustable-Ice-Disposable-Vape-Your-Ultimate-Vaping-Solution-600x600.png",600,600,true],"woocommerce_gallery_thumbnail":["https:\/\/vapebulkp.com\/wp-content\/uploads\/2024\/10\/Bang-Vape-36k-Adjustable-Ice-Disposable-Vape-Your-Ultimate-Vaping-Solution-100x100.png",100,100,true],"wcpr-photo-reviews":["https:\/\/vapebulkp.com\/wp-content\/uploads\/2024\/10\/Bang-Vape-36k-Adjustable-Ice-Disposable-Vape-Your-Ultimate-Vaping-Solution.png",500,500,false]},"uagb_author_info":{"display_name":"Mandy vape bulk price","author_link":"https:\/\/vapebulkp.com\/hr\/author\/"},"uagb_comment_info":0,"uagb_excerpt":"Bang Vape 36k Adjustable Ice Disposable E-Cigarette The High-End Solution for a Long-Lasting Vaping Experience Pls Contact Mandy's WhatsApp For Discount Price+8618077105796 NOTE: Prices on our website does not include shipping costs &nbsp;","_links":{"self":[{"href":"https:\/\/vapebulkp.com\/hr\/wp-json\/wp\/v2\/product\/3084","targetHints":{"allow":["GET"]}}],"collection":[{"href":"https:\/\/vapebulkp.com\/hr\/wp-json\/wp\/v2\/product"}],"about":[{"href":"https:\/\/vapebulkp.com\/hr\/wp-json\/wp\/v2\/types\/product"}],"replies":[{"embeddable":true,"href":"https:\/\/vapebulkp.com\/hr\/wp-json\/wp\/v2\/comments?post=3084"}],"wp:featuredmedia":[{"embeddable":true,"href":"https:\/\/vapebulkp.com\/hr\/wp-json\/wp\/v2\/media\/3082"}],"wp:attachment":[{"href":"https:\/\/vapebulkp.com\/hr\/wp-json\/wp\/v2\/media?parent=3084"}],"wp:term":[{"taxonomy":"product_cat","embeddable":true,"href":"https:\/\/vapebulkp.com\/hr\/wp-json\/wp\/v2\/product_cat?post=3084"},{"taxonomy":"product_tag","embeddable":true,"href":"https:\/\/vapebulkp.com\/hr\/wp-json\/wp\/v2\/product_tag?post=3084"}],"curies":[{"name":"wp","href":"https:\/\/api.w.org\/{rel}","templated":true}]}}