{"id":3085,"date":"2024-10-30T04:30:39","date_gmt":"2024-10-30T03:30:39","guid":{"rendered":"https:\/\/vapebulkp.com\/?post_type=product&#038;p=3085"},"modified":"2025-09-24T05:06:05","modified_gmt":"2025-09-24T03:06:05","slug":"elfworld-plus-20000-puffs-disposable-vape-22ml-eliquid-capacity","status":"publish","type":"product","link":"https:\/\/vapebulkp.com\/hr\/product\/elfworld-plus-20000-puffs-disposable-vape-22ml-eliquid-capacity\/","title":{"rendered":"ELFWORLD Plus 20000 Puffs Jednokratna Vape 22ml Kapacitet E-teku\u0107ine"},"content":{"rendered":"<h2>ELFWORLD Plus 20000 Puffs Jednokratna Vape 22ml Kapacitet E-teku\u0107ine<\/h2>\n<p>ELFWORLD Plus <a href=\"https:\/\/vapebulkp.com\/de\/product-category\/20000-puffs-disposable-vape\/\">20000 Puffs jednokratni Vape<\/a> je jednokratna vape velikog kapaciteta izra\u0111ena za hrvatske vapere koji zahtijevaju dugotrajne performanse i vrhunsku kvalitetu. S 22 ml premium spremnika za e-teku\u0107inu, pru\u017ea produ\u017eene sesije s bogatim okusom i glatkom parom.<\/p>\n<p>Izra\u0111en s naprednom tehnologijom mre\u017easte zavojnice, ovaj ure\u0111aj osigurava intenzivan okus i zadovoljavaju\u0107e povla\u010denje pri svakom udisaju. Nude\u0107i opcije nikotinske soli od 0%, 2%, 3% i 5%, omogu\u0107uje korisnicima da prilagode ja\u010dinu za prilago\u0111eno iskustvo vapinga.<\/p>\n<p>Pokre\u0107e ga punjiva baterija od 650 mAh, punjiva jednokratna vape se brzo puni putem Type-C, pru\u017eaju\u0107i neprekidno u\u017eivanje gdje god idete. ELFWORLD Plus 20000 Puffs Vape Kit dolazi u 15 jedinstvenih okusa, od vo\u0107nih mje\u0161avina do hladnih mentola i odva\u017enih profila inspiriranih pi\u0107ima, dizajniranih da odgovaraju svakoj preferenciji.<\/p>\n<p>Idealan za maloprodaju ili kupnju na veliko, ova hrvatska veleprodajna vape kombinira prenosivost, stil i visoke performanse, \u010dine\u0107i kupnju na veliko 20k Puffs jednokratne vape vrhunskim izborom za vapere koji tra\u017ee prakti\u010dnost i vrhunski okus u ure\u0111aju spremnom za kori\u0161tenje.<\/p>\n<p><img decoding=\"async\" class=\"alignnone wp-image-3061\" style=\"font-style: inherit;font-weight: inherit\" src=\"http:\/\/vapebulkp.com\/wp-content\/uploads\/2024\/10\/Elf-World-Plus-20-000-puffs-Blueberry-Watermelon-Disposable-Vape.png\" alt=\"Elf World Plus 20000 puffs Borovnica Lubenica jednokratna vape\" width=\"672\" height=\"442\" srcset=\"https:\/\/vapebulkp.com\/wp-content\/uploads\/2024\/10\/Elf-World-Plus-20-000-puffs-Blueberry-Watermelon-Disposable-Vape.png 1200w, https:\/\/vapebulkp.com\/wp-content\/uploads\/2024\/10\/Elf-World-Plus-20-000-puffs-Blueberry-Watermelon-Disposable-Vape-300x197.png 300w, https:\/\/vapebulkp.com\/wp-content\/uploads\/2024\/10\/Elf-World-Plus-20-000-puffs-Blueberry-Watermelon-Disposable-Vape-1024x673.png 1024w, https:\/\/vapebulkp.com\/wp-content\/uploads\/2024\/10\/Elf-World-Plus-20-000-puffs-Blueberry-Watermelon-Disposable-Vape-768x505.png 768w, https:\/\/vapebulkp.com\/wp-content\/uploads\/2024\/10\/Elf-World-Plus-20-000-puffs-Blueberry-Watermelon-Disposable-Vape-600x395.png 600w\" sizes=\"(max-width: 672px) 100vw, 672px\" \/><\/p>\n<h6 style=\"text-align: left\"><\/h6>\n<h6>Molimo kontaktirajte Mandy's WhatsApp za cijenu s popustom<a href=\"https:\/\/wa.me\/8618077105796\">+8618077105796<\/a><\/h6>\n<p><img decoding=\"async\" class=\"alignnone wp-image-2151\" src=\"http:\/\/vapebulkp.com\/wp-content\/uploads\/2024\/04\/Mandy-WhatsApp-Randm.jpg\" alt=\"Mandy WhatsApp Randm\" width=\"263\" height=\"280\" srcset=\"https:\/\/vapebulkp.com\/wp-content\/uploads\/2024\/04\/Mandy-WhatsApp-Randm.jpg 916w, https:\/\/vapebulkp.com\/wp-content\/uploads\/2024\/04\/Mandy-WhatsApp-Randm-282x300.jpg 282w, https:\/\/vapebulkp.com\/wp-content\/uploads\/2024\/04\/Mandy-WhatsApp-Randm-768x817.jpg 768w, https:\/\/vapebulkp.com\/wp-content\/uploads\/2024\/04\/Mandy-WhatsApp-Randm-600x638.jpg 600w\" sizes=\"(max-width: 263px) 100vw, 263px\" \/><\/p>\n<h3>Za\u0161to odabrati korisni\u010dki prilago\u0111ene ure\u0111aje za vaping ELFWORLD Plus 20K jednokratna vape?<\/h3>\n<p>O <strong>ELFWORLD Plus 20,000 Puffs jednokratna vape<\/strong> isti\u010de se kao superioran izbor za pronicljive vapere zbog svoje impresivne kombinacije <strong>naprednih zna\u010dajki, sofisticiranog dizajna<\/strong>, i <strong>beskompromisne kvalitete<\/strong>. Evo za\u0161to je bolji od ostalih:<\/p>\n<ol>\n<li><span style=\"color: #ff0000\"><strong>Izuzetan kapacitet udisaja<\/strong><\/span><br \/>\nS nevjerojatnim <strong>kapacitetom od 20.000 udisaja<\/strong>, ELFWORLD Plus redefinira standard za dugotrajne jednokratne vape. Dizajniran je da dr\u017ei korak s va\u0161im \u017eivotnim stilom, nude\u0107i besprijekorno i produljeno putovanje vapingom bez \u010destih zamjena.<\/li>\n<li><span style=\"color: #ff0000\"><strong>Premium kapacitet E-teku\u0107ine<\/strong><\/span><br \/>\nOvaj ure\u0111aj se mo\u017ee pohvaliti zna\u010dajnim <strong>spremnikom za e-teku\u0107inu od 20 ml<\/strong>, osiguravaju\u0107i bogato i dosljedno iskustvo okusa tijekom cijele upotrebe. Veliki kapacitet zna\u010di vi\u0161e vremena za u\u017eivanje i manje brige o nadopunjavanju ili ponestajanju.<\/li>\n<li><span style=\"color: #ff0000\"><strong>Raznovrsne opcije nikotina<\/strong><\/span><br \/>\nRazumijevaju\u0107i da je preferencija svakog vapera jedinstvena, ELFWORLD Plus pru\u017ea <strong>2% i 5% ja\u010dinu nikotina<\/strong> varijacije, omogu\u0107uju\u0107i prilagodljivo iskustvo prilago\u0111eno \u017eeljenom intenzitetu.<\/li>\n<li><span style=\"color: #ff0000\"><strong>Raznolika paleta okusa<\/strong><\/span><br \/>\nELFWORLD Plus nudi niz pa\u017eljivo odabranih okusa, svaki izra\u0111en s <strong>visokokvalitetnim sastojcima<\/strong> kako bi pru\u017eio profinjen okus. Bez obzira preferirate li \u017eivahne vo\u0107ne mje\u0161avine, hladni mentol ili rasko\u0161ne note deserta, postoji ne\u0161to \u0161to \u0107e odu\u0161eviti svako nepce.<\/li>\n<li><span style=\"color: #ff0000\"><strong>Pojednostavljena prakti\u010dnost<\/strong><\/span><br \/>\nDizajniran za jednostavnu upotrebu, ELFWORLD Plus ne zahtijeva odr\u017eavanje ili punjenje. Jednostavno otpakirajte i prepustite se u\u017eivanju\u2014bez gumba, bez slo\u017eenosti, samo \u010disto u\u017eivanje. Savr\u0161en je za one koji tra\u017ee <strong>iskustvo vapinga bez muke<\/strong> bez kompromisa u pogledu performansi.<\/li>\n<\/ol>\n<h3>\u010cesto postavljana pitanja o ure\u0111aju za vaping bez muke ELFWORLD Plus 20k puffs Disposable Vape:<\/h3>\n<p><strong>1. Koliki je kapacitet puhanja ELFWORLD Plus Disposable Vape?<\/strong><br \/>\nELFWORLD Plus Disposable Vape je dizajniran za isporuku impresivnih <strong>20.000 udisaja<\/strong>, \u0161to ga \u010dini dugotrajnim izborom za vapere koji tra\u017ee prakti\u010dnost i kvalitetu.<\/p>\n<p><strong>2. Koliki je kapacitet e-teku\u0107ine ELFWORLD Plus?<\/strong><br \/>\nOvaj ure\u0111aj ima zna\u010dajan kapacitet e-teku\u0107ine, koji mo\u017ee primiti do <strong>20 ml<\/strong> vrhunskog vape soka, osiguravaju\u0107i da mo\u017eete u\u017eivati u svojim omiljenim okusima bez \u010destih nadopunjavanja.<\/p>\n<p><strong>3. Koje su opcije nikotina dostupne za ELFWORLD Plus?<\/strong><br \/>\nELFWORLD Plus jednokratni vape nudi raznovrsne opcije nikotinske soli, uklju\u010duju\u0107i <strong>2% i 5%<\/strong>, omogu\u0107uju\u0107i korisnicima da odaberu \u017eeljenu ja\u010dinu za personalizirano iskustvo vapinga.<\/p>\n<p><strong>4. Kako se koristi ELFWORLD Bar Plus jednokratni vape?<\/strong><br \/>\nKori\u0161tenje ELFWORLD Plus je jednostavno. Jednostavno izvadite ure\u0111aj iz pakiranja, povucite dim i u\u017eivajte u aromati\u010dnoj pari. Nema gumba ili kompliciranih postavki\u2014spreman je za kori\u0161tenje!<\/p>\n<p><strong>5. \u0160to \u010dini ELFWORLD Plus 20000 puff vrhunskim jednokratnim vapeom?<\/strong><br \/>\nELFWORLD Plus kombinira naprednu tehnologiju s vrhunskim dizajnom, nude\u0107i iznimne performanse, elegantnu estetiku i raznolikost okusa, \u0161to ga \u010dini izvanrednom opcijom na tr\u017ei\u0161tu jednokratnih vapeova.<\/p>\n<h3><strong>ELFWORLD Plus 20.000 Puffs jednokratni vape \u2013 Specifikacije proizvoda<\/strong><\/h3>\n<ul>\n<li><strong>Opcije nikotinske soli:<\/strong> 0%, 2%, 3%, 5% za prilagodljive preferencije ja\u010dine.<\/li>\n<li><strong>Kapacitet e-teku\u0107ine:<\/strong> Prethodno napunjen s 22 ml vrhunske e-teku\u0107ine za produljeno iskustvo vapinga.<\/li>\n<li><strong>Tehnologija zavojnice:<\/strong> Opremljen naprednom mre\u017eastom zavojnicom za pobolj\u0161anu isporuku okusa i gustu proizvodnju pare.<\/li>\n<li><strong>Raspon okusa:<\/strong> Dostupan u 15 pa\u017eljivo odabranih okusa koji odgovaraju svakoj preferenciji okusa.<\/li>\n<li><strong>Punjiva baterija:<\/strong> Integrirana baterija od 650 mAh, dizajnirana za izdr\u017eljivost i dosljedne performanse.<\/li>\n<li><strong>Priklju\u010dak za punjenje:<\/strong> Mogu\u0107nost brzog punjenja Type-C osigurava u\u010dinkovito i pouzdano nadopunjavanje energije.<\/li>\n<\/ul>\n<h3><strong>ELFWORLD Plus 20,000 Puffs Popis okusa:<\/strong><\/h3>\n<p>1. Gro\u017e\u0111e Limun<br \/>\n2. Fcuking Fab<br \/>\n3. Tre\u0161nja Bomba<br \/>\n4. So\u010dni Led od Breskve<br \/>\n5. Berry Bliss<br \/>\n6.Led od plave maline<br \/>\n7. Zmajeva Dinja<br \/>\n8. Borovnica Lubenica<br \/>\n9. Ru\u017ei\u010dasta Limunada<br \/>\n10. Meksi\u010dki Mango<br \/>\n11. Jagoda Banana<br \/>\n12. Led od Lubenice<br \/>\n13. Bijeli gumeni ledeni okus<br \/>\n14. Jagoda Mango<br \/>\n15. Miami Mint<\/p>\n<p><span style=\"vertical-align: inherit\">Prona\u0111ite vi\u0161e proizvoda koji bi vam se mogli svidjeti:<\/span><em><a href=\"https:\/\/wa.me\/8618077105796\"><span style=\"vertical-align: inherit\">\u00a0Kupite sada<\/span><\/a><\/em><\/p>\n<p><span style=\"vertical-align: inherit\">Ostali Puffs koji bi vam se mogli svidjeti:<\/span><a href=\"https:\/\/vapebulkp.com\/hr\/product\/fumot-tornado-25k-puffs-cheap-price-disposable-vape\/\"><span style=\"vertical-align: inherit\">RandM Fumot Tornado 25000 Puhova<\/span><\/a><\/p>\n<p><a href=\"https:\/\/vapebulkp.com\/hr\/product\/poco-bl-10000-puffs-hot-selling-high-puff-type-c-disposable-vape\/\"><span style=\"vertical-align: inherit\">POCO BL 10000 Puffs jednokratna vape<\/span><\/a><\/p>\n<p><a href=\"https:\/\/vapebulkp.com\/hr\/product\/uwin-crystal-10k-puff-long-lasting-disposable-vape-for-europe\/\"><span style=\"vertical-align: inherit\">UWIN Crystal 10000 Puhova<\/span><\/a><\/p>\n<p><a href=\"https:\/\/vapebulkp.com\/hr\/product\/randm-fumot-tornado-30k-puffs-rechargeable-vapes-best-sale\/\"><span style=\"vertical-align: inherit\">Randm Vape 30k Puhova<\/span><\/a><\/p>\n<h4>Detalji dostave:<\/h4>\n<p><span style=\"color: #ff6600\">Vrijeme proizvodnje: 5-10 radnih dana<\/span><br \/>\n<span style=\"color: #ff6600\">Vrijeme isporuke: 8-14 radnih dana<\/span><\/p>\n<p>Svi proizvodi u na\u0161oj trgovini su 100% originalni i autenti\u010dni, stoga je desetostruka naknada za la\u017enu robu na\u0161a politika trgovine. Za dostavu koristimo logisti\u010dke kanale kao \u0161to su UPS\/DHL\/FEDEX\/DPD.<\/p>\n<p>Za pakete poslane u Hrvatsku obi\u010dno je potrebno 10 radnih dana da stignu. Dostava u europske zemlje obi\u010dno traje 12 do 15 radnih dana da stigne. Logisti\u010dke informacije \u0107emo a\u017eurirati za vas u stvarnom vremenu.<\/p>\n<p>Kontaktirajte nas i mo\u017eemo vam ponuditi Hazebar 12000 Puhova i podi\u0107i va\u0161e poslovanje na vi\u0161u razinu!<\/p>","protected":false},"excerpt":{"rendered":"<p>ELFWORLD Plus 20,000 Puffs Jednokratna Vape je pa\u017eljivo izra\u0111ena, vrhunska jednokratna e-cigareta dizajnirana za potro\u0161a\u010de koji tra\u017ee dugotrajnu kvalitetu i visoke performanse.<br \/>\n<img decoding=\"async\" class=\"alignnone wp-image-2151\" src=\"http:\/\/vapebulkp.com\/wp-content\/uploads\/2024\/04\/Mandy-WhatsApp-Randm.jpg\" alt=\"Mandy WhatsApp Randm\" width=\"238\" height=\"253\" srcset=\"https:\/\/vapebulkp.com\/wp-content\/uploads\/2024\/04\/Mandy-WhatsApp-Randm.jpg 916w, https:\/\/vapebulkp.com\/wp-content\/uploads\/2024\/04\/Mandy-WhatsApp-Randm-282x300.jpg 282w, https:\/\/vapebulkp.com\/wp-content\/uploads\/2024\/04\/Mandy-WhatsApp-Randm-768x817.jpg 768w, https:\/\/vapebulkp.com\/wp-content\/uploads\/2024\/04\/Mandy-WhatsApp-Randm-600x638.jpg 600w\" sizes=\"(max-width: 238px) 100vw, 238px\" \/><\/p>\n<p>Molimo kontaktirajte Mandy's WhatsApp za cijenu s popustom<a href=\"https:\/\/wa.me\/8618077105796\">+8618077105796<\/a><\/p>\n<p><span style=\"color: #ff0000\">NAPOMENA: Cijene na na\u0161oj web stranici ne uklju\u010duju tro\u0161kove dostave<\/span><\/p>","protected":false},"featured_media":3066,"comment_status":"open","ping_status":"closed","template":"","meta":{"_uag_custom_page_level_css":"","_lmt_disableupdate":"no","_lmt_disable":"","site-sidebar-layout":"default","site-content-layout":"content-boxed-container","ast-site-content-layout":"normal-width-container","site-content-style":"boxed","site-sidebar-style":"unboxed","ast-global-header-display":"","ast-banner-title-visibility":"","ast-main-header-display":"","ast-hfb-above-header-display":"","ast-hfb-below-header-display":"","ast-hfb-mobile-header-display":"","site-post-title":"","ast-breadcrumbs-content":"","ast-featured-img":"","footer-sml-layout":"","theme-transparent-header-meta":"default","adv-header-id-meta":"","stick-header-meta":"","header-above-stick-meta":"","header-main-stick-meta":"","header-below-stick-meta":"","astra-migrate-meta-layouts":"set","_joinchat":[]},"product_cat":[162,153,155,348,33,59,100,34,158,157,154,152,58,84,156,63,32],"product_tag":[77,36,37,91,105,41,71,40],"class_list":["post-3085","product","type-product","status-publish","has-post-thumbnail","hentry","product_cat-20000-puffs-disposable-vape","product_cat-hot-disposable-vapes","product_cat-belgium-hot-disposable-vapes","product_cat-elf-world-vape","product_cat-france-vape-hot-sale","product_cat-germany-hot-disposable-vape","product_cat-germany-wholesale-vape-shop","product_cat-netherlands-vape-good-sale","product_cat-norway-hot-disposable-vapes","product_cat-poland-hot-disposable-vapes","product_cat-portugal-hot-disposable-vapes","product_cat-spain-hot-disposable-vapes","product_cat-sweden-hot-disposable-vape","product_cat-sweden-wholesale-vape","product_cat-switzerland-hot-disposable-vapes","product_cat-top-sale-disposable-vape","product_cat-vape-hot-sale-this-week","product_tag-15000-puffs","product_tag-good-vape","product_tag-hot-sale-disposable-vape","product_tag-italy-hot-vape","product_tag-jnr","product_tag-poland-hot-vape","product_tag-randm","product_tag-sweden-hot-vape","pa_brand-elf-world-vape","desktop-align-left","tablet-align-left","mobile-align-left"],"yoast_head":"<!-- This site is optimized with the Yoast SEO plugin v21.1 - https:\/\/yoast.com\/wordpress\/plugins\/seo\/ -->\n<title>ELFWORLD Plus 20000 Puffs Disposable Vape 22ml E-Liquid Capacity - vapebulkp.com<\/title>\n<meta name=\"description\" content=\"Shop the ELFWORLD Plus 20000 Puffs Disposable Vape with 22ml premium e-liquid and 2\u20135% nicotine. Smooth vapor, vibrant flavors, and long-lasting performance \u2014 perfect for European vapers. Order now!\" \/>\n<meta name=\"robots\" content=\"index, follow, max-snippet:-1, max-image-preview:large, max-video-preview:-1\" \/>\n<link rel=\"canonical\" href=\"https:\/\/vapebulkp.com\/hr\/product\/elfworld-plus-20000-puffs-disposable-vape-22ml-eliquid-capacity\/\" \/>\n<meta property=\"og:locale\" content=\"hr_HR\" \/>\n<meta property=\"og:type\" content=\"article\" \/>\n<meta property=\"og:title\" content=\"ELFWORLD Plus 20000 Puffs Disposable Vape 22ml E-Liquid Capacity - vapebulkp.com\" \/>\n<meta property=\"og:description\" content=\"Shop the ELFWORLD Plus 20000 Puffs Disposable Vape with 22ml premium e-liquid and 2\u20135% nicotine. Smooth vapor, vibrant flavors, and long-lasting performance \u2014 perfect for European vapers. Order now!\" \/>\n<meta property=\"og:url\" content=\"https:\/\/vapebulkp.com\/hr\/product\/elfworld-plus-20000-puffs-disposable-vape-22ml-eliquid-capacity\/\" \/>\n<meta property=\"og:site_name\" content=\"vapebulkp.com\" \/>\n<meta property=\"article:modified_time\" content=\"2025-09-24T03:06:05+00:00\" \/>\n<meta property=\"og:image\" content=\"http:\/\/vapebulkp.com\/wp-content\/uploads\/2024\/10\/Elf-World-Plus-Disposable-Vape-with-Accessories.png\" \/>\n\t<meta property=\"og:image:width\" content=\"800\" \/>\n\t<meta property=\"og:image:height\" content=\"800\" \/>\n\t<meta property=\"og:image:type\" content=\"image\/png\" \/>\n<meta name=\"twitter:card\" content=\"summary_large_image\" \/>\n<meta name=\"twitter:label1\" content=\"Procijenjeno vrijeme \u010ditanja\" \/>\n\t<meta name=\"twitter:data1\" content=\"5 minuta\" \/>\n<script type=\"application\/ld+json\" class=\"yoast-schema-graph\">{\"@context\":\"https:\/\/schema.org\",\"@graph\":[{\"@type\":\"WebPage\",\"@id\":\"https:\/\/vapebulkp.com\/product\/elfworld-plus-20000-puffs-disposable-vape-22ml-eliquid-capacity\/\",\"url\":\"https:\/\/vapebulkp.com\/product\/elfworld-plus-20000-puffs-disposable-vape-22ml-eliquid-capacity\/\",\"name\":\"ELFWORLD Plus 20000 Puffs Disposable Vape 22ml E-Liquid Capacity - vapebulkp.com\",\"isPartOf\":{\"@id\":\"https:\/\/vapebulkp.com\/#website\"},\"datePublished\":\"2024-10-30T03:30:39+00:00\",\"dateModified\":\"2025-09-24T03:06:05+00:00\",\"description\":\"Shop the ELFWORLD Plus 20000 Puffs Disposable Vape with 22ml premium e-liquid and 2\u20135% nicotine. Smooth vapor, vibrant flavors, and long-lasting performance \u2014 perfect for European vapers. Order now!\",\"breadcrumb\":{\"@id\":\"https:\/\/vapebulkp.com\/product\/elfworld-plus-20000-puffs-disposable-vape-22ml-eliquid-capacity\/#breadcrumb\"},\"inLanguage\":\"hr\",\"potentialAction\":[{\"@type\":\"ReadAction\",\"target\":[\"https:\/\/vapebulkp.com\/product\/elfworld-plus-20000-puffs-disposable-vape-22ml-eliquid-capacity\/\"]}]},{\"@type\":\"BreadcrumbList\",\"@id\":\"https:\/\/vapebulkp.com\/product\/elfworld-plus-20000-puffs-disposable-vape-22ml-eliquid-capacity\/#breadcrumb\",\"itemListElement\":[{\"@type\":\"ListItem\",\"position\":1,\"name\":\"Home\",\"item\":\"https:\/\/vapebulkp.com\/\"},{\"@type\":\"ListItem\",\"position\":2,\"name\":\"Hot Trend Vapes\",\"item\":\"https:\/\/vapebulkp.com\/vape-shop\/\"},{\"@type\":\"ListItem\",\"position\":3,\"name\":\"ELFWORLD Plus 20000 Puffs Disposable Vape 22ml E-Liquid Capacity\"}]},{\"@type\":\"WebSite\",\"@id\":\"https:\/\/vapebulkp.com\/#website\",\"url\":\"https:\/\/vapebulkp.com\/\",\"name\":\"vapebulkp.com\",\"description\":\"Buy Vape In Cheap Bulk Price Near you\",\"publisher\":{\"@id\":\"https:\/\/vapebulkp.com\/#organization\"},\"potentialAction\":[{\"@type\":\"SearchAction\",\"target\":{\"@type\":\"EntryPoint\",\"urlTemplate\":\"https:\/\/vapebulkp.com\/?s={search_term_string}\"},\"query-input\":\"required name=search_term_string\"}],\"inLanguage\":\"hr\"},{\"@type\":\"Organization\",\"@id\":\"https:\/\/vapebulkp.com\/#organization\",\"name\":\"vapebulkp.com\",\"url\":\"https:\/\/vapebulkp.com\/\",\"logo\":{\"@type\":\"ImageObject\",\"inLanguage\":\"hr\",\"@id\":\"https:\/\/vapebulkp.com\/#\/schema\/logo\/image\/\",\"url\":\"https:\/\/vapebulkp.com\/wp-content\/uploads\/2023\/09\/cropped-vapebulkp.png\",\"contentUrl\":\"https:\/\/vapebulkp.com\/wp-content\/uploads\/2023\/09\/cropped-vapebulkp.png\",\"width\":516,\"height\":163,\"caption\":\"vapebulkp.com\"},\"image\":{\"@id\":\"https:\/\/vapebulkp.com\/#\/schema\/logo\/image\/\"}}]}<\/script>\n<!-- \/ Yoast SEO plugin. -->","yoast_head_json":{"title":"ELFWORLD Plus 20000 Puffs Disposable Vape 22ml E-Liquid Capacity - vapebulkp.com","description":"Shop the ELFWORLD Plus 20000 Puffs Disposable Vape with 22ml premium e-liquid and 2\u20135% nicotine. Smooth vapor, vibrant flavors, and long-lasting performance \u2014 perfect for European vapers. Order now!","robots":{"index":"index","follow":"follow","max-snippet":"max-snippet:-1","max-image-preview":"max-image-preview:large","max-video-preview":"max-video-preview:-1"},"canonical":"https:\/\/vapebulkp.com\/hr\/product\/elfworld-plus-20000-puffs-disposable-vape-22ml-eliquid-capacity\/","og_locale":"hr_HR","og_type":"article","og_title":"ELFWORLD Plus 20000 Puffs Disposable Vape 22ml E-Liquid Capacity - vapebulkp.com","og_description":"Shop the ELFWORLD Plus 20000 Puffs Disposable Vape with 22ml premium e-liquid and 2\u20135% nicotine. Smooth vapor, vibrant flavors, and long-lasting performance \u2014 perfect for European vapers. Order now!","og_url":"https:\/\/vapebulkp.com\/hr\/product\/elfworld-plus-20000-puffs-disposable-vape-22ml-eliquid-capacity\/","og_site_name":"vapebulkp.com","article_modified_time":"2025-09-24T03:06:05+00:00","og_image":[{"width":800,"height":800,"url":"http:\/\/vapebulkp.com\/wp-content\/uploads\/2024\/10\/Elf-World-Plus-Disposable-Vape-with-Accessories.png","type":"image\/png"}],"twitter_card":"summary_large_image","twitter_misc":{"Procijenjeno vrijeme \u010ditanja":"5 minuta"},"schema":{"@context":"https:\/\/schema.org","@graph":[{"@type":"WebPage","@id":"https:\/\/vapebulkp.com\/product\/elfworld-plus-20000-puffs-disposable-vape-22ml-eliquid-capacity\/","url":"https:\/\/vapebulkp.com\/product\/elfworld-plus-20000-puffs-disposable-vape-22ml-eliquid-capacity\/","name":"ELFWORLD Plus 20000 Puffs Disposable Vape 22ml E-Liquid Capacity - vapebulkp.com","isPartOf":{"@id":"https:\/\/vapebulkp.com\/#website"},"datePublished":"2024-10-30T03:30:39+00:00","dateModified":"2025-09-24T03:06:05+00:00","description":"Shop the ELFWORLD Plus 20000 Puffs Disposable Vape with 22ml premium e-liquid and 2\u20135% nicotine. Smooth vapor, vibrant flavors, and long-lasting performance \u2014 perfect for European vapers. Order now!","breadcrumb":{"@id":"https:\/\/vapebulkp.com\/product\/elfworld-plus-20000-puffs-disposable-vape-22ml-eliquid-capacity\/#breadcrumb"},"inLanguage":"hr","potentialAction":[{"@type":"ReadAction","target":["https:\/\/vapebulkp.com\/product\/elfworld-plus-20000-puffs-disposable-vape-22ml-eliquid-capacity\/"]}]},{"@type":"BreadcrumbList","@id":"https:\/\/vapebulkp.com\/product\/elfworld-plus-20000-puffs-disposable-vape-22ml-eliquid-capacity\/#breadcrumb","itemListElement":[{"@type":"ListItem","position":1,"name":"Home","item":"https:\/\/vapebulkp.com\/"},{"@type":"ListItem","position":2,"name":"Hot Trend Vapes","item":"https:\/\/vapebulkp.com\/vape-shop\/"},{"@type":"ListItem","position":3,"name":"ELFWORLD Plus 20000 Puffs Disposable Vape 22ml E-Liquid Capacity"}]},{"@type":"WebSite","@id":"https:\/\/vapebulkp.com\/#website","url":"https:\/\/vapebulkp.com\/","name":"vapebulkp.com","description":"Buy Vape In Cheap Bulk Price Near you","publisher":{"@id":"https:\/\/vapebulkp.com\/#organization"},"potentialAction":[{"@type":"SearchAction","target":{"@type":"EntryPoint","urlTemplate":"https:\/\/vapebulkp.com\/?s={search_term_string}"},"query-input":"required name=search_term_string"}],"inLanguage":"hr"},{"@type":"Organization","@id":"https:\/\/vapebulkp.com\/#organization","name":"vapebulkp.com","url":"https:\/\/vapebulkp.com\/","logo":{"@type":"ImageObject","inLanguage":"hr","@id":"https:\/\/vapebulkp.com\/#\/schema\/logo\/image\/","url":"https:\/\/vapebulkp.com\/wp-content\/uploads\/2023\/09\/cropped-vapebulkp.png","contentUrl":"https:\/\/vapebulkp.com\/wp-content\/uploads\/2023\/09\/cropped-vapebulkp.png","width":516,"height":163,"caption":"vapebulkp.com"},"image":{"@id":"https:\/\/vapebulkp.com\/#\/schema\/logo\/image\/"}}]}},"uagb_featured_image_src":{"full":["https:\/\/vapebulkp.com\/wp-content\/uploads\/2024\/10\/Elf-World-Plus-Disposable-Vape-with-Accessories.png",800,800,false],"thumbnail":["https:\/\/vapebulkp.com\/wp-content\/uploads\/2024\/10\/Elf-World-Plus-Disposable-Vape-with-Accessories-150x150.png",150,150,true],"medium":["https:\/\/vapebulkp.com\/wp-content\/uploads\/2024\/10\/Elf-World-Plus-Disposable-Vape-with-Accessories-300x300.png",300,300,true],"medium_large":["https:\/\/vapebulkp.com\/wp-content\/uploads\/2024\/10\/Elf-World-Plus-Disposable-Vape-with-Accessories-768x768.png",768,768,true],"large":["https:\/\/vapebulkp.com\/wp-content\/uploads\/2024\/10\/Elf-World-Plus-Disposable-Vape-with-Accessories.png",800,800,false],"1536x1536":["https:\/\/vapebulkp.com\/wp-content\/uploads\/2024\/10\/Elf-World-Plus-Disposable-Vape-with-Accessories.png",800,800,false],"2048x2048":["https:\/\/vapebulkp.com\/wp-content\/uploads\/2024\/10\/Elf-World-Plus-Disposable-Vape-with-Accessories.png",800,800,false],"trp-custom-language-flag":["https:\/\/vapebulkp.com\/wp-content\/uploads\/2024\/10\/Elf-World-Plus-Disposable-Vape-with-Accessories.png",12,12,false],"woocommerce_thumbnail":["https:\/\/vapebulkp.com\/wp-content\/uploads\/2024\/10\/Elf-World-Plus-Disposable-Vape-with-Accessories-300x300.png",300,300,true],"woocommerce_single":["https:\/\/vapebulkp.com\/wp-content\/uploads\/2024\/10\/Elf-World-Plus-Disposable-Vape-with-Accessories-600x600.png",600,600,true],"woocommerce_gallery_thumbnail":["https:\/\/vapebulkp.com\/wp-content\/uploads\/2024\/10\/Elf-World-Plus-Disposable-Vape-with-Accessories-100x100.png",100,100,true],"wcpr-photo-reviews":["https:\/\/vapebulkp.com\/wp-content\/uploads\/2024\/10\/Elf-World-Plus-Disposable-Vape-with-Accessories.png",500,500,false]},"uagb_author_info":{"display_name":"Mandy vape bulk price","author_link":"https:\/\/vapebulkp.com\/hr\/author\/"},"uagb_comment_info":0,"uagb_excerpt":"ELFWORLD Plus 20,000 Puffs Disposable Vape is a carefully crafted, high-end disposable e-cigarette designed for consumers who seek long-lasting quality and high performance. Pls Contact Mandy's WhatsApp For Discount Price+8618077105796 NOTE: Prices on our website does not include shipping costs","_links":{"self":[{"href":"https:\/\/vapebulkp.com\/hr\/wp-json\/wp\/v2\/product\/3085","targetHints":{"allow":["GET"]}}],"collection":[{"href":"https:\/\/vapebulkp.com\/hr\/wp-json\/wp\/v2\/product"}],"about":[{"href":"https:\/\/vapebulkp.com\/hr\/wp-json\/wp\/v2\/types\/product"}],"replies":[{"embeddable":true,"href":"https:\/\/vapebulkp.com\/hr\/wp-json\/wp\/v2\/comments?post=3085"}],"wp:featuredmedia":[{"embeddable":true,"href":"https:\/\/vapebulkp.com\/hr\/wp-json\/wp\/v2\/media\/3066"}],"wp:attachment":[{"href":"https:\/\/vapebulkp.com\/hr\/wp-json\/wp\/v2\/media?parent=3085"}],"wp:term":[{"taxonomy":"product_cat","embeddable":true,"href":"https:\/\/vapebulkp.com\/hr\/wp-json\/wp\/v2\/product_cat?post=3085"},{"taxonomy":"product_tag","embeddable":true,"href":"https:\/\/vapebulkp.com\/hr\/wp-json\/wp\/v2\/product_tag?post=3085"}],"curies":[{"name":"wp","href":"https:\/\/api.w.org\/{rel}","templated":true}]}}