{"id":3103,"date":"2024-11-06T05:00:11","date_gmt":"2024-11-06T04:00:11","guid":{"rendered":"https:\/\/vapebulkp.com\/?post_type=product&#038;p=3103"},"modified":"2025-09-24T05:50:23","modified_gmt":"2025-09-24T03:50:23","slug":"jnr-crystal-16000-puffs-dual-mesh-rechargeable-disposable-vape","status":"publish","type":"product","link":"https:\/\/vapebulkp.com\/hr\/product\/jnr-crystal-16000-puffs-dual-mesh-rechargeable-disposable-vape\/","title":{"rendered":"JNR Crystal 16000 Puffs Dvostruka Mre\u017ea Punjivi Jednokratni Vape"},"content":{"rendered":"<h2 style=\"text-align: left\">JNR Crystal 16000 Puffs Dvostruka Mre\u017ea Punjivi Jednokratni Vape<\/h2>\n<p data-start=\"446\" data-end=\"805\">O <strong data-start=\"490\" data-end=\"517\">JNR Kristal 16000 Udisaja<\/strong> je premium <strong data-start=\"531\" data-end=\"562\">Jednokratni Vape od 16000 Puffs<\/strong> dizajniran za mlade Europljane koji tra\u017ee pouzdane performanse i bogat okus. S dvostrukom mre\u017eastom zavojnicom, proizvodi guste oblake i gladak osje\u0107aj u grlu, dok kapacitet e-teku\u0107ine od 22 ml osigurava dugotrajno isparavanje nikotinske soli.<\/p>\n<p data-start=\"807\" data-end=\"1193\">Pokrenut punjivom baterijom od 850 mAh s dvostrukim Type-C i Lightning punjenjem, ovaj <strong data-start=\"895\" data-end=\"927\">punjivi jednokratni vape<\/strong> pru\u017ea neprekidno vaping iskustvo velikog kapaciteta. Kompaktan i moderan, <strong data-start=\"999\" data-end=\"1026\">JNR Kristal 16000 Udisaj<\/strong>\u00a0savr\u0161en je za svakodnevnu upotrebu, dru\u0161tvena okru\u017eenja ili opskrbu na veliko iz <a href=\"https:\/\/vapebulkp.com\/hr\/puffs-stock-europe-warehouse\/\"><strong>veleprodajnih skladi\u0161ta u Hrvatskoj<\/strong><\/a>. Visokokvalitetna konstrukcija osigurava dosljedan okus i paru tijekom cijelog \u017eivotnog vijeka.<\/p>\n<h6 style=\"text-align: left\"><img decoding=\"async\" class=\"alignnone wp-image-3102\" src=\"http:\/\/vapebulkp.com\/wp-content\/uploads\/2024\/11\/JNR-vape-16000-puffs-Hot-Sale-In-Poland.jpg\" alt=\"JNR vape 16000 puffs Vru\u0107a Rasprodaja u Hrvatskoj\" width=\"414\" height=\"414\" srcset=\"https:\/\/vapebulkp.com\/wp-content\/uploads\/2024\/11\/JNR-vape-16000-puffs-Hot-Sale-In-Poland.jpg 800w, https:\/\/vapebulkp.com\/wp-content\/uploads\/2024\/11\/JNR-vape-16000-puffs-Hot-Sale-In-Poland-300x300.jpg 300w, https:\/\/vapebulkp.com\/wp-content\/uploads\/2024\/11\/JNR-vape-16000-puffs-Hot-Sale-In-Poland-150x150.jpg 150w, https:\/\/vapebulkp.com\/wp-content\/uploads\/2024\/11\/JNR-vape-16000-puffs-Hot-Sale-In-Poland-768x768.jpg 768w, https:\/\/vapebulkp.com\/wp-content\/uploads\/2024\/11\/JNR-vape-16000-puffs-Hot-Sale-In-Poland-600x600.jpg 600w, https:\/\/vapebulkp.com\/wp-content\/uploads\/2024\/11\/JNR-vape-16000-puffs-Hot-Sale-In-Poland-100x100.jpg 100w\" sizes=\"(max-width: 414px) 100vw, 414px\" \/><\/h6>\n<p>&nbsp;<\/p>\n<h6>Molimo kontaktirajte Mandy's WhatsApp za cijenu s popustom<a href=\"https:\/\/wa.me\/8618077105796\">+8618077105796<\/a><\/h6>\n<p><img decoding=\"async\" class=\"alignnone wp-image-2151\" src=\"http:\/\/vapebulkp.com\/wp-content\/uploads\/2024\/04\/Mandy-WhatsApp-Randm.jpg\" alt=\"Mandy WhatsApp Randm\" width=\"287\" height=\"305\" srcset=\"https:\/\/vapebulkp.com\/wp-content\/uploads\/2024\/04\/Mandy-WhatsApp-Randm.jpg 916w, https:\/\/vapebulkp.com\/wp-content\/uploads\/2024\/04\/Mandy-WhatsApp-Randm-282x300.jpg 282w, https:\/\/vapebulkp.com\/wp-content\/uploads\/2024\/04\/Mandy-WhatsApp-Randm-768x817.jpg 768w, https:\/\/vapebulkp.com\/wp-content\/uploads\/2024\/04\/Mandy-WhatsApp-Randm-600x638.jpg 600w\" sizes=\"(max-width: 287px) 100vw, 287px\" \/><\/p>\n<h2>Moglo bi vas zanimati i dugotrajna aroma JNR VAPE 16000 Puffs:<\/h2>\n<p>&nbsp;<\/p>\n<ol>\n<li>\n<h6><strong>Koliko dugo traje JNR Falcon 16000 Puffs?<\/strong><\/h6>\n<ul>\n<li>JNR Falcon je dizajniran da traje do <strong>16000 potisaka<\/strong>, \u0161to ga \u010dini savr\u0161enim za dugotrajnu upotrebu. To\u010dno trajanje ovisi o va\u0161im individualnim navikama i u\u010destalosti vapinga.<\/li>\n<\/ul>\n<\/li>\n<li>\n<h6><strong>Koliki je kapacitet e-teku\u0107ine u JNR Falcon e-cigareti?<\/strong><\/h6>\n<ul>\n<li>Ure\u0111aj ima velikodu\u0161nih <strong>Kapacitet e-teku\u0107ine od 22 ml<\/strong>, osiguravaju\u0107i dovoljno e-teku\u0107ine za produljeno i aromati\u010dno iskustvo.<\/li>\n<\/ul>\n<\/li>\n<li>\n<h6><strong>Kakvu vrstu baterije ima?<\/strong><\/h6>\n<ul>\n<li>JNR Falcon opremljen je s <strong>baterija od 850 mAh koja se mo\u017ee puniti<\/strong>, \u0161to osigurava dosljednu snagu i dugotrajnost za ugodno iskustvo vapinga.<\/li>\n<\/ul>\n<\/li>\n<li>\n<h6><strong>Koja se tehnologija koristi za bolji okus i proizvodnju pare?<\/strong><\/h6>\n<ul>\n<li>Vape pen je izra\u0111en s <strong>dvostrukom mre\u017eastom zavojnicom<\/strong>, \u0161to poja\u010dava intenzitet okusa i proizvodnju ve\u0107ih, gu\u0161\u0107ih oblaka pare.<\/li>\n<\/ul>\n<\/li>\n<li>\n<h6><strong>\u0160to JNR Falcon 16000 Puffs \u010dini jedinstvenim?<\/strong><\/h6>\n<ul>\n<li>Njegove istaknute zna\u010dajke uklju\u010duju <strong>dvostruke priklju\u010dke za punjenje<\/strong> (kompatibilne s Type-C i Lightning kabelima) za svestrano i u\u010dinkovito punjenje, zajedno s <strong>elegantnim dizajnom od kristala<\/strong> i robusnim performansama koje odgovaraju i po\u010detnicima i iskusnim vaperima.<\/li>\n<\/ul>\n<\/li>\n<li>\n<h6><strong>Je li ure\u0111aj jednostavan za kori\u0161tenje za po\u010detnike?<\/strong><\/h6>\n<ul>\n<li>Da, JNR Falcon je izuzetno <strong>jednostavan za kori\u0161tenje<\/strong>, \u0161to ga \u010dini pogodnim za po\u010detnike. Istodobno, iskusni vaperi \u0107e cijeniti napredne zna\u010dajke i dosljednu kvalitetu pare.<\/li>\n<\/ul>\n<\/li>\n<li>\n<h6><strong>Ostaje li okus dosljedan do zadnjeg udisaja?<\/strong><\/h6>\n<ul>\n<li>Apsolutno. Ure\u0111aj je dizajniran da pru\u017ei <strong>dugotrajnu aromu i dosljedan okus<\/strong> tijekom cijelog svog vijeka trajanja, osiguravaju\u0107i ugodno iskustvo vapinga od po\u010detka do kraja.<\/li>\n<\/ul>\n<\/li>\n<li>\n<h6><strong>Gdje mogu kupiti JNR Falcon 16000 Puffs u rasutom stanju?<\/strong><\/h6>\n<ul>\n<li>Za veleprodajne kupovine, mo\u017eete se osloniti na <strong>Vapes Europe Veleprodaja<\/strong>, poznat po ponudi iznimno kvalitetnih proizvoda i korisni\u010dke usluge prilago\u0111ene zajednici vapinga.<\/li>\n<\/ul>\n<\/li>\n<\/ol>\n<h3><strong>JNR Vape Falcon 16000 Puffs Specifikacije i sni\u017eena cijena:<\/strong><\/h3>\n<ul>\n<li><strong>Visok broj udisaja<\/strong>: Do <strong>16000 potisaka<\/strong> za produ\u017eeno u\u017eivanje u vapingu<\/li>\n<li><strong>Kapacitet baterije<\/strong>: <strong>baterija od 850 mAh koja se mo\u017ee puniti<\/strong>, osiguravaju\u0107i dugotrajnu snagu<\/li>\n<li><strong>Tehnologija zavojnice<\/strong>: <strong>Dvostruke mre\u017easte zavojnice<\/strong> za pobolj\u0161ani okus i gustu proizvodnju pare<\/li>\n<li><strong>Kapacitet e-teku\u0107ine<\/strong>: Izda\u0161an <strong>22ml<\/strong> spremnik, pru\u017eaju\u0107i bogat i dosljedan okus<\/li>\n<li><strong>Proizvodnja Pare<\/strong>: Stvara <strong>guste oblake<\/strong> i pru\u017ea <strong>zadovoljavaju\u0107i udarac u grlo<\/strong><\/li>\n<li><strong>Zadr\u017eavanje okusa<\/strong>: Odr\u017eava <strong>dugotrajnu aromu<\/strong> sve do posljednjeg dima<\/li>\n<li><strong>Priklju\u010dak za punjenje<\/strong>: <strong>brzim Type-C punjenjem<\/strong> za u\u010dinkovito i brzo punjenje<\/li>\n<\/ul>\n<h3><strong>\u00a0 Vape na veliko JNR 16k<\/strong> Udisaja\u00a0 <strong>Popis okusa:<\/strong><\/h3>\n<p>&nbsp;<\/p>\n<p>1.Kupina Crvena malina<br \/>\n2. Plava malina i led<br \/>\n3.Borovnica Nar Led<br \/>\n4.Borovnica Crvena malina<br \/>\n5.Mango Marakuja<br \/>\n6.Marakuja Kivi<br \/>\n7.Sakura Gro\u017e\u0111e<br \/>\n8.Jagoda Kivi<br \/>\n10.Jagoda Lubenica Led<br \/>\n11.Lubenica Mango Breskva<br \/>\n12. Led od Lubenice<br \/>\n13.Mje\u0161avina bobi\u010dastog vo\u0107a<br \/>\n14.Bijela breskva Razz<br \/>\n15.Hubba Bubba Jagoda<br \/>\n16.Borovnica Malina Tre\u0161nja<br \/>\n17.Tre\u0161nja Bobica<br \/>\n18.Jagoda Led<br \/>\n19.Mije\u0161ano Bobi\u010dasto Vo\u0107e<br \/>\n20.Lubenica \u017dvaka\u0107a Guma<br \/>\n21.Jagoda Banana<br \/>\n22.Cola Led<br \/>\n23.Borovnica Kivi<br \/>\n24.Plava Razz Tre\u0161nja<br \/>\n25.Tre\u0161nja Lubenica Smrzavanje<br \/>\n26.Gazirana Tre\u0161nja Cola<br \/>\n27.So\u010dne Breskve<br \/>\n28.Breskva Bobica<br \/>\n29.Kivi Marakuja Guava<\/p>\n<p><a href=\"https:\/\/vapebulkp.com\/hr\/product\/popular-randm-tornado-7000puffs-disposable-vape-best-price\/\"><span style=\"vertical-align: inherit\">RandM Tornado 7000 Udisaja <\/span><\/a><\/p>\n<p><span style=\"vertical-align: inherit\">Prona\u0111ite vi\u0161e proizvoda koji bi vam se mogli svidjeti:<\/span><em><a href=\"https:\/\/wa.me\/8618077105796\"><span style=\"vertical-align: inherit\">\u00a0Kupite sada<\/span><\/a><\/em><\/p>\n<p><span style=\"vertical-align: inherit\">Ostali Puffs koji bi vam se mogli svidjeti:<\/span><a href=\"https:\/\/vapebulkp.com\/hr\/product\/uzy-bang-king-12k-disposable-vape-affordable-price\/\"><span style=\"vertical-align: inherit\">UZY Bang King 12000 udisaja<\/span><\/a><span style=\"vertical-align: inherit\">\u3001<\/span><a href=\"https:\/\/vapebulkp.com\/hr\/product\/wholesale-randm-tornado-9000-puffs-germany\/\"><span style=\"vertical-align: inherit\">RandM 9000 Udisaja<\/span><\/a><span style=\"vertical-align: inherit\">\/ <\/span><a href=\"https:\/\/vapebulkp.com\/hr\/product\/bang-king-12000puffs\/\"><span style=\"vertical-align: inherit\">Bang King 12000 Puhova<\/span><\/a><span style=\"vertical-align: inherit\">\/ <\/span><a href=\"https:\/\/vapebulkp.com\/hr\/product\/wholesale-tornado-rum-bar-9000-puffs-sweden\/\"><span style=\"vertical-align: inherit\">Rumbar 9000 Udisaja<\/span><\/a><\/p>\n<p><span style=\"vertical-align: inherit\">E-cigareta posebnog oblika boce:<\/span><a href=\"https:\/\/vapebulkp.com\/hr\/product\/wholesale-kulx-8000-puffs-disposable-vape\/\"><span style=\"vertical-align: inherit\">\u00a0Kulx 8000 Udisaja<\/span><\/a><span style=\"vertical-align: inherit\">\/ <\/span><a href=\"https:\/\/vapebulkp.com\/hr\/product\/original-bang-vape-box-20k-puff-disposable-vape\/\"><span style=\"vertical-align: inherit\">\u00a0Bang Box 20000 Puffs <\/span><\/a><span style=\"vertical-align: inherit\">\/<\/span><a href=\"https:\/\/vapebulkp.com\/hr\/product\/wga-crystal-plus-16000-puffs-led-light-disposable-vape\/\"><span style=\"vertical-align: inherit\"> WGA Crystal 16000 uvla\u010denja<\/span><\/a><\/p>\n<h5>Kvalifikacija proizvodnje:<\/h5>\n<p><img decoding=\"async\" class=\"alignnone size-full wp-image-1841\" src=\"http:\/\/vapebulkp.com\/wp-content\/uploads\/2023\/11\/Vape-production-process-2.jpeg\" alt=\"Proces proizvodnje vape ure\u0111aja\" width=\"650\" height=\"434\" srcset=\"https:\/\/vapebulkp.com\/wp-content\/uploads\/2023\/11\/Vape-production-process-2.jpeg 650w, https:\/\/vapebulkp.com\/wp-content\/uploads\/2023\/11\/Vape-production-process-2-300x200.jpeg 300w, https:\/\/vapebulkp.com\/wp-content\/uploads\/2023\/11\/Vape-production-process-2-600x401.jpeg 600w\" sizes=\"(max-width: 650px) 100vw, 650px\" \/><\/p>\n<p><img decoding=\"async\" class=\"alignnone size-full wp-image-1843\" src=\"http:\/\/vapebulkp.com\/wp-content\/uploads\/2023\/11\/Vape-production-process.jpeg\" alt=\"Proces proizvodnje vape ure\u0111aja\" width=\"641\" height=\"1026\" srcset=\"https:\/\/vapebulkp.com\/wp-content\/uploads\/2023\/11\/Vape-production-process.jpeg 641w, https:\/\/vapebulkp.com\/wp-content\/uploads\/2023\/11\/Vape-production-process-187x300.jpeg 187w, https:\/\/vapebulkp.com\/wp-content\/uploads\/2023\/11\/Vape-production-process-640x1024.jpeg 640w, https:\/\/vapebulkp.com\/wp-content\/uploads\/2023\/11\/Vape-production-process-600x960.jpeg 600w\" sizes=\"(max-width: 641px) 100vw, 641px\" \/><\/p>\n<h5>\u010cesta pitanja:<\/h5>\n<p>P: Koliki je MOQ JNR VAPE 16000 Puffs Vape Pen?<br \/>\nO: Minimalna narud\u017eba je 100 komada.<br \/>\nP: Koje je vrijeme isporuke za vape koji sam naru\u010dio?<br \/>\nO: Obi\u010dno je 10-15 dana nakon slanja<br \/>\nP: Koliko iznosi tro\u0161ak dostave?O: Tro\u0161ak dostave ovisi o te\u017eini. Razli\u010dite koli\u010dine imaju razli\u010dite tro\u0161kove dostave, molimo kontaktirajte nas kako bismo potvrdili tro\u0161ak dostave.<\/p>\n<h4>Detalji dostave:<\/h4>\n<p><span style=\"color: #ff6600\">Vrijeme proizvodnje: 5-10 radnih dana<\/span><br \/>\n<span style=\"color: #ff6600\">Vrijeme isporuke: 8-14 radnih dana<\/span><\/p>\n<p>Svi proizvodi u na\u0161oj trgovini su 100% originalni i autenti\u010dni, stoga je desetostruka naknada za la\u017enu robu na\u0161a politika trgovine. Za dostavu koristimo logisti\u010dke kanale kao \u0161to su UPS\/DHL\/FEDEX\/DPD.<\/p>\n<p>Za pakete poslane u Hrvatsku obi\u010dno je potrebno 10 radnih dana da stignu. Dostava u europske zemlje obi\u010dno traje 12 do 15 radnih dana da stigne. Logisti\u010dke informacije \u0107emo a\u017eurirati za vas u stvarnom vremenu.<\/p>","protected":false},"excerpt":{"rendered":"<p>Dizajniran za po\u010detnike i iskusne vapere, <strong>JNR VAPE 16k potisak <\/strong>\u00a0pru\u017ea <strong>\u00a0Type-C punjenje<\/strong> za kontinuiranu upotrebu. Unaprijedite svoje iskustvo vapinga s ovim vrhunskim ure\u0111ajem, sada dostupnim za veleprodaju.<\/p>\n<p><img decoding=\"async\" class=\"alignnone wp-image-2151\" src=\"http:\/\/vapebulkp.com\/wp-content\/uploads\/2024\/04\/Mandy-WhatsApp-Randm.jpg\" alt=\"Mandy WhatsApp Randm\" width=\"234\" height=\"249\" srcset=\"https:\/\/vapebulkp.com\/wp-content\/uploads\/2024\/04\/Mandy-WhatsApp-Randm.jpg 916w, https:\/\/vapebulkp.com\/wp-content\/uploads\/2024\/04\/Mandy-WhatsApp-Randm-282x300.jpg 282w, https:\/\/vapebulkp.com\/wp-content\/uploads\/2024\/04\/Mandy-WhatsApp-Randm-768x817.jpg 768w, https:\/\/vapebulkp.com\/wp-content\/uploads\/2024\/04\/Mandy-WhatsApp-Randm-600x638.jpg 600w\" sizes=\"(max-width: 234px) 100vw, 234px\" \/><\/p>\n<p>Molimo kontaktirajte Mandy's WhatsApp za cijenu s popustom<a href=\"https:\/\/wa.me\/8618077105796\">+8618077105796<\/a><\/p>\n<p><span style=\"color: #ff0000\">NAPOMENA: Cijene na na\u0161oj web stranici ne uklju\u010duju tro\u0161kove dostave<\/span><\/p>\n<p>&nbsp;<\/p>","protected":false},"featured_media":3102,"comment_status":"open","ping_status":"closed","template":"","meta":{"_uag_custom_page_level_css":"","_lmt_disableupdate":"no","_lmt_disable":"","site-sidebar-layout":"default","site-content-layout":"content-boxed-container","ast-site-content-layout":"normal-width-container","site-content-style":"boxed","site-sidebar-style":"unboxed","ast-global-header-display":"","ast-banner-title-visibility":"","ast-main-header-display":"","ast-hfb-above-header-display":"","ast-hfb-below-header-display":"","ast-hfb-mobile-header-display":"","site-post-title":"","ast-breadcrumbs-content":"","ast-featured-img":"","footer-sml-layout":"","theme-transparent-header-meta":"default","adv-header-id-meta":"","stick-header-meta":"","header-above-stick-meta":"","header-main-stick-meta":"","header-below-stick-meta":"","astra-migrate-meta-layouts":"set","_joinchat":[]},"product_cat":[164,153,155,33,59,100,353,34,158,157,154,152,58,84,156,63,32],"product_tag":[36,37,41,40],"class_list":["post-3103","product","type-product","status-publish","has-post-thumbnail","hentry","product_cat-16000-puffs-disposable-vape","product_cat-hot-disposable-vapes","product_cat-belgium-hot-disposable-vapes","product_cat-france-vape-hot-sale","product_cat-germany-hot-disposable-vape","product_cat-germany-wholesale-vape-shop","product_cat-jnr-vape","product_cat-netherlands-vape-good-sale","product_cat-norway-hot-disposable-vapes","product_cat-poland-hot-disposable-vapes","product_cat-portugal-hot-disposable-vapes","product_cat-spain-hot-disposable-vapes","product_cat-sweden-hot-disposable-vape","product_cat-sweden-wholesale-vape","product_cat-switzerland-hot-disposable-vapes","product_cat-top-sale-disposable-vape","product_cat-vape-hot-sale-this-week","product_tag-good-vape","product_tag-hot-sale-disposable-vape","product_tag-poland-hot-vape","product_tag-sweden-hot-vape","pa_brand-jnr-vape","desktop-align-left","tablet-align-left","mobile-align-left"],"yoast_head":"<!-- This site is optimized with the Yoast SEO plugin v21.1 - https:\/\/yoast.com\/wordpress\/plugins\/seo\/ -->\n<title>JNR Crystal 16000 Puffs Dual Mesh Rechargeable Disposable Vape - vapebulkp.com<\/title>\n<meta name=\"description\" content=\"Grab the JNR Crystal 16000 Puffs for dense clouds and long-lasting flavor. High-capacity 16000 Puffs Disposable Vape with EU shipping \u2014 order yours today!\" \/>\n<meta name=\"robots\" content=\"index, follow, max-snippet:-1, max-image-preview:large, max-video-preview:-1\" \/>\n<link rel=\"canonical\" href=\"https:\/\/vapebulkp.com\/hr\/product\/jnr-crystal-16000-puffs-dual-mesh-rechargeable-disposable-vape\/\" \/>\n<meta property=\"og:locale\" content=\"hr_HR\" \/>\n<meta property=\"og:type\" content=\"article\" \/>\n<meta property=\"og:title\" content=\"JNR Crystal 16000 Puffs Dual Mesh Rechargeable Disposable Vape - vapebulkp.com\" \/>\n<meta property=\"og:description\" content=\"Grab the JNR Crystal 16000 Puffs for dense clouds and long-lasting flavor. High-capacity 16000 Puffs Disposable Vape with EU shipping \u2014 order yours today!\" \/>\n<meta property=\"og:url\" content=\"https:\/\/vapebulkp.com\/hr\/product\/jnr-crystal-16000-puffs-dual-mesh-rechargeable-disposable-vape\/\" \/>\n<meta property=\"og:site_name\" content=\"vapebulkp.com\" \/>\n<meta property=\"article:modified_time\" content=\"2025-09-24T03:50:23+00:00\" \/>\n<meta property=\"og:image\" content=\"http:\/\/vapebulkp.com\/wp-content\/uploads\/2024\/11\/JNR-vape-16000-puffs-Hot-Sale-In-Poland.jpg\" \/>\n\t<meta property=\"og:image:width\" content=\"800\" \/>\n\t<meta property=\"og:image:height\" content=\"800\" \/>\n\t<meta property=\"og:image:type\" content=\"image\/jpeg\" \/>\n<meta name=\"twitter:card\" content=\"summary_large_image\" \/>\n<meta name=\"twitter:label1\" content=\"Procijenjeno vrijeme \u010ditanja\" \/>\n\t<meta name=\"twitter:data1\" content=\"5 minuta\" \/>\n<script type=\"application\/ld+json\" class=\"yoast-schema-graph\">{\"@context\":\"https:\/\/schema.org\",\"@graph\":[{\"@type\":\"WebPage\",\"@id\":\"https:\/\/vapebulkp.com\/product\/jnr-crystal-16000-puffs-dual-mesh-rechargeable-disposable-vape\/\",\"url\":\"https:\/\/vapebulkp.com\/product\/jnr-crystal-16000-puffs-dual-mesh-rechargeable-disposable-vape\/\",\"name\":\"JNR Crystal 16000 Puffs Dual Mesh Rechargeable Disposable Vape - vapebulkp.com\",\"isPartOf\":{\"@id\":\"https:\/\/vapebulkp.com\/#website\"},\"datePublished\":\"2024-11-06T04:00:11+00:00\",\"dateModified\":\"2025-09-24T03:50:23+00:00\",\"description\":\"Grab the JNR Crystal 16000 Puffs for dense clouds and long-lasting flavor. High-capacity 16000 Puffs Disposable Vape with EU shipping \u2014 order yours today!\",\"breadcrumb\":{\"@id\":\"https:\/\/vapebulkp.com\/product\/jnr-crystal-16000-puffs-dual-mesh-rechargeable-disposable-vape\/#breadcrumb\"},\"inLanguage\":\"hr\",\"potentialAction\":[{\"@type\":\"ReadAction\",\"target\":[\"https:\/\/vapebulkp.com\/product\/jnr-crystal-16000-puffs-dual-mesh-rechargeable-disposable-vape\/\"]}]},{\"@type\":\"BreadcrumbList\",\"@id\":\"https:\/\/vapebulkp.com\/product\/jnr-crystal-16000-puffs-dual-mesh-rechargeable-disposable-vape\/#breadcrumb\",\"itemListElement\":[{\"@type\":\"ListItem\",\"position\":1,\"name\":\"Home\",\"item\":\"https:\/\/vapebulkp.com\/\"},{\"@type\":\"ListItem\",\"position\":2,\"name\":\"Hot Trend Vapes\",\"item\":\"https:\/\/vapebulkp.com\/vape-shop\/\"},{\"@type\":\"ListItem\",\"position\":3,\"name\":\"JNR Crystal 16000 Puffs Dual Mesh Rechargeable Disposable Vape\"}]},{\"@type\":\"WebSite\",\"@id\":\"https:\/\/vapebulkp.com\/#website\",\"url\":\"https:\/\/vapebulkp.com\/\",\"name\":\"vapebulkp.com\",\"description\":\"Buy Vape In Cheap Bulk Price Near you\",\"publisher\":{\"@id\":\"https:\/\/vapebulkp.com\/#organization\"},\"potentialAction\":[{\"@type\":\"SearchAction\",\"target\":{\"@type\":\"EntryPoint\",\"urlTemplate\":\"https:\/\/vapebulkp.com\/?s={search_term_string}\"},\"query-input\":\"required name=search_term_string\"}],\"inLanguage\":\"hr\"},{\"@type\":\"Organization\",\"@id\":\"https:\/\/vapebulkp.com\/#organization\",\"name\":\"vapebulkp.com\",\"url\":\"https:\/\/vapebulkp.com\/\",\"logo\":{\"@type\":\"ImageObject\",\"inLanguage\":\"hr\",\"@id\":\"https:\/\/vapebulkp.com\/#\/schema\/logo\/image\/\",\"url\":\"https:\/\/vapebulkp.com\/wp-content\/uploads\/2023\/09\/cropped-vapebulkp.png\",\"contentUrl\":\"https:\/\/vapebulkp.com\/wp-content\/uploads\/2023\/09\/cropped-vapebulkp.png\",\"width\":516,\"height\":163,\"caption\":\"vapebulkp.com\"},\"image\":{\"@id\":\"https:\/\/vapebulkp.com\/#\/schema\/logo\/image\/\"}}]}<\/script>\n<!-- \/ Yoast SEO plugin. -->","yoast_head_json":{"title":"JNR Crystal 16000 Puffs Dual Mesh Rechargeable Disposable Vape - vapebulkp.com","description":"Grab the JNR Crystal 16000 Puffs for dense clouds and long-lasting flavor. High-capacity 16000 Puffs Disposable Vape with EU shipping \u2014 order yours today!","robots":{"index":"index","follow":"follow","max-snippet":"max-snippet:-1","max-image-preview":"max-image-preview:large","max-video-preview":"max-video-preview:-1"},"canonical":"https:\/\/vapebulkp.com\/hr\/product\/jnr-crystal-16000-puffs-dual-mesh-rechargeable-disposable-vape\/","og_locale":"hr_HR","og_type":"article","og_title":"JNR Crystal 16000 Puffs Dual Mesh Rechargeable Disposable Vape - vapebulkp.com","og_description":"Grab the JNR Crystal 16000 Puffs for dense clouds and long-lasting flavor. High-capacity 16000 Puffs Disposable Vape with EU shipping \u2014 order yours today!","og_url":"https:\/\/vapebulkp.com\/hr\/product\/jnr-crystal-16000-puffs-dual-mesh-rechargeable-disposable-vape\/","og_site_name":"vapebulkp.com","article_modified_time":"2025-09-24T03:50:23+00:00","og_image":[{"width":800,"height":800,"url":"http:\/\/vapebulkp.com\/wp-content\/uploads\/2024\/11\/JNR-vape-16000-puffs-Hot-Sale-In-Poland.jpg","type":"image\/jpeg"}],"twitter_card":"summary_large_image","twitter_misc":{"Procijenjeno vrijeme \u010ditanja":"5 minuta"},"schema":{"@context":"https:\/\/schema.org","@graph":[{"@type":"WebPage","@id":"https:\/\/vapebulkp.com\/product\/jnr-crystal-16000-puffs-dual-mesh-rechargeable-disposable-vape\/","url":"https:\/\/vapebulkp.com\/product\/jnr-crystal-16000-puffs-dual-mesh-rechargeable-disposable-vape\/","name":"JNR Crystal 16000 Puffs Dual Mesh Rechargeable Disposable Vape - vapebulkp.com","isPartOf":{"@id":"https:\/\/vapebulkp.com\/#website"},"datePublished":"2024-11-06T04:00:11+00:00","dateModified":"2025-09-24T03:50:23+00:00","description":"Grab the JNR Crystal 16000 Puffs for dense clouds and long-lasting flavor. High-capacity 16000 Puffs Disposable Vape with EU shipping \u2014 order yours today!","breadcrumb":{"@id":"https:\/\/vapebulkp.com\/product\/jnr-crystal-16000-puffs-dual-mesh-rechargeable-disposable-vape\/#breadcrumb"},"inLanguage":"hr","potentialAction":[{"@type":"ReadAction","target":["https:\/\/vapebulkp.com\/product\/jnr-crystal-16000-puffs-dual-mesh-rechargeable-disposable-vape\/"]}]},{"@type":"BreadcrumbList","@id":"https:\/\/vapebulkp.com\/product\/jnr-crystal-16000-puffs-dual-mesh-rechargeable-disposable-vape\/#breadcrumb","itemListElement":[{"@type":"ListItem","position":1,"name":"Home","item":"https:\/\/vapebulkp.com\/"},{"@type":"ListItem","position":2,"name":"Hot Trend Vapes","item":"https:\/\/vapebulkp.com\/vape-shop\/"},{"@type":"ListItem","position":3,"name":"JNR Crystal 16000 Puffs Dual Mesh Rechargeable Disposable Vape"}]},{"@type":"WebSite","@id":"https:\/\/vapebulkp.com\/#website","url":"https:\/\/vapebulkp.com\/","name":"vapebulkp.com","description":"Buy Vape In Cheap Bulk Price Near you","publisher":{"@id":"https:\/\/vapebulkp.com\/#organization"},"potentialAction":[{"@type":"SearchAction","target":{"@type":"EntryPoint","urlTemplate":"https:\/\/vapebulkp.com\/?s={search_term_string}"},"query-input":"required name=search_term_string"}],"inLanguage":"hr"},{"@type":"Organization","@id":"https:\/\/vapebulkp.com\/#organization","name":"vapebulkp.com","url":"https:\/\/vapebulkp.com\/","logo":{"@type":"ImageObject","inLanguage":"hr","@id":"https:\/\/vapebulkp.com\/#\/schema\/logo\/image\/","url":"https:\/\/vapebulkp.com\/wp-content\/uploads\/2023\/09\/cropped-vapebulkp.png","contentUrl":"https:\/\/vapebulkp.com\/wp-content\/uploads\/2023\/09\/cropped-vapebulkp.png","width":516,"height":163,"caption":"vapebulkp.com"},"image":{"@id":"https:\/\/vapebulkp.com\/#\/schema\/logo\/image\/"}}]}},"uagb_featured_image_src":{"full":["https:\/\/vapebulkp.com\/wp-content\/uploads\/2024\/11\/JNR-vape-16000-puffs-Hot-Sale-In-Poland.jpg",800,800,false],"thumbnail":["https:\/\/vapebulkp.com\/wp-content\/uploads\/2024\/11\/JNR-vape-16000-puffs-Hot-Sale-In-Poland-150x150.jpg",150,150,true],"medium":["https:\/\/vapebulkp.com\/wp-content\/uploads\/2024\/11\/JNR-vape-16000-puffs-Hot-Sale-In-Poland-300x300.jpg",300,300,true],"medium_large":["https:\/\/vapebulkp.com\/wp-content\/uploads\/2024\/11\/JNR-vape-16000-puffs-Hot-Sale-In-Poland-768x768.jpg",768,768,true],"large":["https:\/\/vapebulkp.com\/wp-content\/uploads\/2024\/11\/JNR-vape-16000-puffs-Hot-Sale-In-Poland.jpg",800,800,false],"1536x1536":["https:\/\/vapebulkp.com\/wp-content\/uploads\/2024\/11\/JNR-vape-16000-puffs-Hot-Sale-In-Poland.jpg",800,800,false],"2048x2048":["https:\/\/vapebulkp.com\/wp-content\/uploads\/2024\/11\/JNR-vape-16000-puffs-Hot-Sale-In-Poland.jpg",800,800,false],"trp-custom-language-flag":["https:\/\/vapebulkp.com\/wp-content\/uploads\/2024\/11\/JNR-vape-16000-puffs-Hot-Sale-In-Poland.jpg",12,12,false],"woocommerce_thumbnail":["https:\/\/vapebulkp.com\/wp-content\/uploads\/2024\/11\/JNR-vape-16000-puffs-Hot-Sale-In-Poland-300x300.jpg",300,300,true],"woocommerce_single":["https:\/\/vapebulkp.com\/wp-content\/uploads\/2024\/11\/JNR-vape-16000-puffs-Hot-Sale-In-Poland-600x600.jpg",600,600,true],"woocommerce_gallery_thumbnail":["https:\/\/vapebulkp.com\/wp-content\/uploads\/2024\/11\/JNR-vape-16000-puffs-Hot-Sale-In-Poland-100x100.jpg",100,100,true],"wcpr-photo-reviews":["https:\/\/vapebulkp.com\/wp-content\/uploads\/2024\/11\/JNR-vape-16000-puffs-Hot-Sale-In-Poland.jpg",500,500,false]},"uagb_author_info":{"display_name":"Mandy vape bulk price","author_link":"https:\/\/vapebulkp.com\/hr\/author\/"},"uagb_comment_info":0,"uagb_excerpt":"Designed for both beginners and experienced vapers, the JNR VAPE 16k puff \u00a0provides \u00a0Type-C recharge for continuous use. Elevate your vaping experience with this cutting-edge device, now available for wholesale. Pls Contact Mandy's WhatsApp For Discount Price+8618077105796 NOTE: Prices on our website does not include shipping costs &nbsp;","_links":{"self":[{"href":"https:\/\/vapebulkp.com\/hr\/wp-json\/wp\/v2\/product\/3103","targetHints":{"allow":["GET"]}}],"collection":[{"href":"https:\/\/vapebulkp.com\/hr\/wp-json\/wp\/v2\/product"}],"about":[{"href":"https:\/\/vapebulkp.com\/hr\/wp-json\/wp\/v2\/types\/product"}],"replies":[{"embeddable":true,"href":"https:\/\/vapebulkp.com\/hr\/wp-json\/wp\/v2\/comments?post=3103"}],"wp:featuredmedia":[{"embeddable":true,"href":"https:\/\/vapebulkp.com\/hr\/wp-json\/wp\/v2\/media\/3102"}],"wp:attachment":[{"href":"https:\/\/vapebulkp.com\/hr\/wp-json\/wp\/v2\/media?parent=3103"}],"wp:term":[{"taxonomy":"product_cat","embeddable":true,"href":"https:\/\/vapebulkp.com\/hr\/wp-json\/wp\/v2\/product_cat?post=3103"},{"taxonomy":"product_tag","embeddable":true,"href":"https:\/\/vapebulkp.com\/hr\/wp-json\/wp\/v2\/product_tag?post=3103"}],"curies":[{"name":"wp","href":"https:\/\/api.w.org\/{rel}","templated":true}]}}