{"id":3118,"date":"2024-11-14T03:50:51","date_gmt":"2024-11-14T02:50:51","guid":{"rendered":"https:\/\/vapebulkp.com\/?post_type=product&#038;p=3118"},"modified":"2025-09-24T05:37:29","modified_gmt":"2025-09-24T03:37:29","slug":"jnr-media-max-40000-puffs-high-capacity-1000mah-disposable-vape","status":"publish","type":"product","link":"https:\/\/vapebulkp.com\/hr\/product\/jnr-media-max-40000-puffs-high-capacity-1000mah-disposable-vape\/","title":{"rendered":"JNR Media Max 40000 Puffs High Capacity 1000mAh jednokratni vape"},"content":{"rendered":"<h1 style=\"text-align: left\">JNR Media Max 40000 Puffs High Capacity 1000mAh jednokratni vape<\/h1>\n<p data-start=\"342\" data-end=\"608\">O <strong data-start=\"386\" data-end=\"415\">JNR Media Max 40000 Udisaja<\/strong> je visokokapacitetni <a href=\"https:\/\/vapebulkp.com\/hr\/product-category\/40000-puffs-disposable-vape\/\"><strong data-start=\"435\" data-end=\"466\">40000 Puffs jednokratni Vape<\/strong><\/a> napravljen za mlade mu\u0161karce u Europi. S 21 ml unaprijed napunjene e-teku\u0107ine i 5% soli nikotina, pru\u017ea bogatu, glatku paru za dugotrajne sesije.<\/p>\n<p data-start=\"610\" data-end=\"957\">Napaja ga punjiva baterija od 1000 mAh, podr\u017eava do 40.000 uvla\u010denja u uobi\u010dajenom na\u010dinu rada i oko 20.000 uvla\u010denja u pulsnom na\u010dinu rada, osiguravaju\u0107i produljeno kori\u0161tenje vapea bez \u010destog punjenja. 2,4-in\u010dni HD zaslon osjetljiv na dodir prikazuje broj uvla\u010denja, bateriju i obavijesti. Pametne zna\u010dajke poput daljinskog upravljanja kamerom i 'Prona\u0111i svoj telefon' dodaju prakti\u010dnu funkcionalnost.<\/p>\n<p data-start=\"959\" data-end=\"1231\">Kompaktan, elegantan i tehnolo\u0161ki opremljen, <strong data-start=\"999\" data-end=\"1028\">JNR Media Max 40000 Udisaja<\/strong> nudi pouzdane performanse i prakti\u010dnost. \u0160alje se iz skladi\u0161ta u Hrvatskoj za brzu dostavu i visoku kvalitetu. Savr\u0161en za one koji tra\u017ee premium <strong data-start=\"1173\" data-end=\"1205\">punjivi jednokratni vape<\/strong> s naprednim zna\u010dajkama.<\/p>\n<p><img decoding=\"async\" class=\"wp-image-3112\" src=\"http:\/\/vapebulkp.com\/wp-content\/uploads\/2024\/11\/Experience-40000-Puffs-with-JNR-MediaMax-Long-Lasting-1000mAh-Battery.jpg\" alt=\"Iskusite 40000 Puffs uz JNR MediaMax dugotrajnu bateriju od 1000mAh\" width=\"633\" height=\"633\" srcset=\"https:\/\/vapebulkp.com\/wp-content\/uploads\/2024\/11\/Experience-40000-Puffs-with-JNR-MediaMax-Long-Lasting-1000mAh-Battery.jpg 800w, https:\/\/vapebulkp.com\/wp-content\/uploads\/2024\/11\/Experience-40000-Puffs-with-JNR-MediaMax-Long-Lasting-1000mAh-Battery-300x300.jpg 300w, https:\/\/vapebulkp.com\/wp-content\/uploads\/2024\/11\/Experience-40000-Puffs-with-JNR-MediaMax-Long-Lasting-1000mAh-Battery-150x150.jpg 150w, https:\/\/vapebulkp.com\/wp-content\/uploads\/2024\/11\/Experience-40000-Puffs-with-JNR-MediaMax-Long-Lasting-1000mAh-Battery-768x768.jpg 768w, https:\/\/vapebulkp.com\/wp-content\/uploads\/2024\/11\/Experience-40000-Puffs-with-JNR-MediaMax-Long-Lasting-1000mAh-Battery-600x600.jpg 600w, https:\/\/vapebulkp.com\/wp-content\/uploads\/2024\/11\/Experience-40000-Puffs-with-JNR-MediaMax-Long-Lasting-1000mAh-Battery-100x100.jpg 100w\" sizes=\"(max-width: 633px) 100vw, 633px\" \/><\/p>\n<p>&nbsp;<\/p>\n<h6>Molimo kontaktirajte Mandy's WhatsApp za cijenu s popustom<a href=\"https:\/\/wa.me\/8618077105796\">+8618077105796<\/a><\/h6>\n<p><img decoding=\"async\" class=\"alignnone wp-image-2151\" src=\"http:\/\/vapebulkp.com\/wp-content\/uploads\/2024\/04\/Mandy-WhatsApp-Randm.jpg\" alt=\"Mandy WhatsApp Randm\" width=\"287\" height=\"305\" srcset=\"https:\/\/vapebulkp.com\/wp-content\/uploads\/2024\/04\/Mandy-WhatsApp-Randm.jpg 916w, https:\/\/vapebulkp.com\/wp-content\/uploads\/2024\/04\/Mandy-WhatsApp-Randm-282x300.jpg 282w, https:\/\/vapebulkp.com\/wp-content\/uploads\/2024\/04\/Mandy-WhatsApp-Randm-768x817.jpg 768w, https:\/\/vapebulkp.com\/wp-content\/uploads\/2024\/04\/Mandy-WhatsApp-Randm-600x638.jpg 600w\" sizes=\"(max-width: 287px) 100vw, 287px\" \/><\/p>\n<h3><strong>Za\u0161to odabrati kupnju JNR Media Max 40000 Puffs na <a href=\"https:\/\/vapebulkp.com\/hr\/\">Vapebulkp.com<\/a>?<\/strong><\/h3>\n<p>Na Vapebulkp.com, nudimo izniman izbor visokokvalitetnih jednokratnih vapeova, a JNR Media Max 40000 Puffs nije iznimka. Kupnjom ovog naprednog ure\u0111aja na na\u0161oj platformi, zajam\u010deni su vam ne samo vrhunski proizvodi, ve\u0107 i konkurentne cijene, brza dostava i jednostavno iskustvo kupovine. <a href=\"https:\/\/vapebulkp.com\/hr\/\">Vapebulkp.com<\/a> pru\u017ea sigurno, korisni\u010dki prilago\u0111eno okru\u017eenje za ljubitelje vapinga koji tra\u017ee vrhunske ure\u0111aje, uklju\u010duju\u0107i JNR Media Max 40000 Puffs s njegovim impresivnim zna\u010dajkama poput 21 ml kapaciteta e-teku\u0107ine, punjive baterije od 1000 mAh i 40.000 uvla\u010denja u uobi\u010dajenom na\u010dinu rada.<\/p>\n<p>Osim toga, Vapebulkp.com nudi \u0161irok raspon drugih popularnih marki kako bi odgovarao va\u0161im preferencijama vapinga. Neki od na\u0161ih bestselera uklju\u010duju <a href=\"https:\/\/vapebulkp.com\/hr\/product\/bang-king-pro-30k-puffs-top-selling-vape-in-europe\/\"><strong>Bang King 30000 Udisaja<\/strong><\/a>, a <strong>Vapme Crystal 20000 Udisaja<\/strong>, i <a href=\"https:\/\/vapebulkp.com\/hr\/product\/fumot-tornado-25k-puffs-cheap-price-disposable-vape\/\"><strong>Fumot Tornado 25000 Udisaja<\/strong><\/a>. Tako\u0111er nudimo <strong>Waspe Aivou 25000 Udisaja<\/strong>, a <strong>FIHP 9000 Udisaja<\/strong>, i <a href=\"https:\/\/vapebulkp.com\/hr\/product\/vapsolo-super-15k-puffs-wholesale-price-e-cigarette\/\"><strong>Vapsolo Super 15000 Udisaja<\/strong><\/a> jednokratne vapeove. S na\u0161im \u0161irokim izborom, konkurentnim cijenama i izvanrednom korisni\u010dkom uslugom, Vapebulkp.com je odredi\u0161te za sve va\u0161e potrebe vapinga.<\/p>\n<p>&nbsp;<\/p>\n<h3><strong>Veleprodajna cijena JNR Media Max 40000 Puffs specifikacije:<\/strong><\/h3>\n<ul>\n<li><strong>Kapacitet Puffs<\/strong>: Do 40.000 uvla\u010denja u uobi\u010dajenom na\u010dinu rada \/ 20.000 uvla\u010denja u pulsnom na\u010dinu rada<\/li>\n<li><strong>Volumen E-teku\u0107ine<\/strong>: 21 ml napunjenog e-soka za dugotrajnu upotrebu<\/li>\n<li><strong>Ja\u010dina nikotina<\/strong>: 5% (50 mg)<\/li>\n<li><strong>Baterija<\/strong>: 1000 mAh punjiva baterija za produ\u017eenu snagu<\/li>\n<li><strong>Zaslon<\/strong>: 2,4-in\u010dni HD ekran osjetljiv na dodir za jednostavnu navigaciju<\/li>\n<li><strong>Na\u010dini rada<\/strong>: Normalni i pulsni na\u010din rada za prilagodljivo iskustvo vapinga<\/li>\n<li><strong>Povezivost<\/strong>: Obavijesti o pozivima i porukama<\/li>\n<li><strong>Funkcija kamere<\/strong>: Daljinsko upravljanje kamerom za fotografije bez ruku<\/li>\n<li><strong>Zna\u010dajka pra\u0107enja<\/strong>: Funkcija 'Prona\u0111i svoj telefon' za prakti\u010dnost<\/li>\n<li><strong>Stil vapinga<\/strong>: Dizajnirano za MTL (Mouth-To-Lung) vaping<\/li>\n<\/ul>\n<h3><strong>Long Last JNR Vape Media Max 40k Udisaja<\/strong>\u00a0<strong>Popis okusa:<\/strong><\/h3>\n<p>1. Plavi Razz led<br \/>\n2. Jagoda led<br \/>\n3. Lubenica led<br \/>\n4.Miami menta<br \/>\n5. Kisela jabuka led<br \/>\n6. Borovnica Lubenica<br \/>\n7. Fcuking Fab<br \/>\n8.Tre\u0161nja jagoda malina<br \/>\n9.Breskva Mango Lubenica<br \/>\n10Jagoda Banana<\/p>\n<p><a href=\"https:\/\/vapebulkp.com\/hr\/product\/popular-randm-tornado-7000puffs-disposable-vape-best-price\/\"><span style=\"vertical-align: inherit\">RandM Tornado 7000 Udisaja <\/span><\/a><\/p>\n<p><span style=\"vertical-align: inherit\">Prona\u0111ite vi\u0161e proizvoda koji bi vam se mogli svidjeti:<\/span><em><a href=\"https:\/\/wa.me\/8618077105796\"><span style=\"vertical-align: inherit\">\u00a0Kupite sada<\/span><\/a><\/em><\/p>\n<p><span style=\"vertical-align: inherit\">Ostali Puffs koji bi vam se mogli svidjeti:<\/span><a href=\"https:\/\/vapebulkp.com\/hr\/product\/uzy-bang-king-12k-disposable-vape-affordable-price\/\"><span style=\"vertical-align: inherit\">UZY Bang King 12000 udisaja<\/span><\/a><span style=\"vertical-align: inherit\">\u3001<\/span><a href=\"https:\/\/vapebulkp.com\/hr\/product\/wholesale-randm-tornado-9000-puffs-germany\/\"><span style=\"vertical-align: inherit\">RandM 9000 Udisaja<\/span><\/a><span style=\"vertical-align: inherit\">\/ <\/span><a href=\"https:\/\/vapebulkp.com\/hr\/product\/bang-king-12000puffs\/\"><span style=\"vertical-align: inherit\">Bang King 12000 Puhova<\/span><\/a><span style=\"vertical-align: inherit\">\/ <\/span><a href=\"https:\/\/vapebulkp.com\/hr\/product\/wholesale-tornado-rum-bar-9000-puffs-sweden\/\"><span style=\"vertical-align: inherit\">Rumbar 9000 Udisaja<\/span><\/a><\/p>\n<p><span style=\"vertical-align: inherit\">E-cigareta posebnog oblika boce:<\/span><a href=\"https:\/\/vapebulkp.com\/hr\/product\/wholesale-kulx-8000-puffs-disposable-vape\/\"><span style=\"vertical-align: inherit\">\u00a0Kulx 8000 Udisaja<\/span><\/a><span style=\"vertical-align: inherit\">\/ <\/span><a href=\"https:\/\/vapebulkp.com\/hr\/product\/original-bang-vape-box-20k-puff-disposable-vape\/\"><span style=\"vertical-align: inherit\">\u00a0Bang Box 20000 Puffs <\/span><\/a><span style=\"vertical-align: inherit\">\/<\/span><a href=\"https:\/\/vapebulkp.com\/hr\/product\/wga-crystal-plus-16000-puffs-led-light-disposable-vape\/\"><span style=\"vertical-align: inherit\"> WGA Crystal 16000 uvla\u010denja<\/span><\/a><\/p>\n<h5><\/h5>\n<h5>\u010cesta pitanja:<\/h5>\n<ul>\n<li><strong>Koliko \u0107e trajati JNR Media Max 40000 Puff Vape Veleprodaja?<\/strong><br \/>\nJNR Media Max nudi do 40 000 udisaja u redovnom na\u010dinu rada i otprilike 20 000 udisaja u pulsnom na\u010dinu rada, \u0161to ga \u010dini jednim od najdugotrajnijih jednokratnih vape ure\u0111aja na tr\u017ei\u0161tu.<\/li>\n<li><strong>Kolika je ja\u010dina nikotina u JNR Media Max 40k Puffs?<\/strong><br \/>\nJNR Media Max dolazi s 5% ja\u010dinom nikotina (50mg), pru\u017eaju\u0107i zadovoljavaju\u0107i osje\u0107aj u grlu za one koji preferiraju ve\u0107u koncentraciju nikotina.<\/li>\n<li><strong>Koliko e-teku\u0107ine ima JNR Media Max 40000 Puffs?<\/strong><br \/>\nOvaj jednokratni vape sadr\u017ei 21 ml prethodno napunjene e-teku\u0107ine, koja je dizajnirana za dugotrajnu upotrebu bez potrebe za ponovnim punjenjem.<\/li>\n<li><strong>Kako napuniti JNR Media Max 40000 Puffs?<\/strong><br \/>\nUre\u0111aj je opremljen punjivom baterijom od 1000mAh. Jednostavno ga napunite putem USB-C priklju\u010dka za du\u017ee sesije vapinga.<\/li>\n<\/ul>\n<h4>Detalji dostave:<\/h4>\n<p><span style=\"color: #ff6600\">Vrijeme proizvodnje: 5-10 radnih dana<\/span><br \/>\n<span style=\"color: #ff6600\">Vrijeme isporuke: 8-14 radnih dana<\/span><\/p>\n<p>Svi proizvodi u na\u0161oj trgovini su 100% originalni i autenti\u010dni, stoga je desetostruka naknada za la\u017enu robu na\u0161a politika trgovine. Za dostavu koristimo logisti\u010dke kanale kao \u0161to su UPS\/DHL\/FEDEX\/DPD.<\/p>\n<p>Za pakete poslane u Hrvatsku obi\u010dno je potrebno 10 radnih dana da stignu. Dostava u europske zemlje obi\u010dno traje 12 do 15 radnih dana da stigne. Logisti\u010dke informacije \u0107emo a\u017eurirati za vas u stvarnom vremenu.<\/p>","protected":false},"excerpt":{"rendered":"<p>JNR Media Max 40000 Puffs jednokratni vape, ure\u0111aj velikog kapaciteta i tehnolo\u0161ki napredan s 5% nikotina, 21 ml e-teku\u0107ine i inovativnim zna\u010dajkama za neusporedivo iskustvo kori\u0161tenja vapea.<\/p>\n<p><img decoding=\"async\" class=\"alignnone wp-image-2151\" src=\"http:\/\/vapebulkp.com\/wp-content\/uploads\/2024\/04\/Mandy-WhatsApp-Randm.jpg\" alt=\"Mandy WhatsApp Randm\" width=\"234\" height=\"249\" srcset=\"https:\/\/vapebulkp.com\/wp-content\/uploads\/2024\/04\/Mandy-WhatsApp-Randm.jpg 916w, https:\/\/vapebulkp.com\/wp-content\/uploads\/2024\/04\/Mandy-WhatsApp-Randm-282x300.jpg 282w, https:\/\/vapebulkp.com\/wp-content\/uploads\/2024\/04\/Mandy-WhatsApp-Randm-768x817.jpg 768w, https:\/\/vapebulkp.com\/wp-content\/uploads\/2024\/04\/Mandy-WhatsApp-Randm-600x638.jpg 600w\" sizes=\"(max-width: 234px) 100vw, 234px\" \/><\/p>\n<p>&nbsp;<\/p>\n<p>Molimo kontaktirajte Mandy's WhatsApp za cijenu s popustom<a href=\"https:\/\/wa.me\/8618077105796\">+8618077105796<\/a><\/p>\n<p><span style=\"color: #ff0000\">NAPOMENA: Cijene na na\u0161oj web stranici ne uklju\u010duju tro\u0161kove dostave<\/span><\/p>\n<p>&nbsp;<\/p>","protected":false},"featured_media":3112,"comment_status":"open","ping_status":"closed","template":"","meta":{"_uag_custom_page_level_css":"","_lmt_disableupdate":"no","_lmt_disable":"","site-sidebar-layout":"default","site-content-layout":"content-boxed-container","ast-site-content-layout":"normal-width-container","site-content-style":"boxed","site-sidebar-style":"unboxed","ast-global-header-display":"","ast-banner-title-visibility":"","ast-main-header-display":"","ast-hfb-above-header-display":"","ast-hfb-below-header-display":"","ast-hfb-mobile-header-display":"","site-post-title":"","ast-breadcrumbs-content":"","ast-featured-img":"","footer-sml-layout":"","theme-transparent-header-meta":"default","adv-header-id-meta":"","stick-header-meta":"","header-above-stick-meta":"","header-main-stick-meta":"","header-below-stick-meta":"","astra-migrate-meta-layouts":"set","_joinchat":[]},"product_cat":[182,153,155,33,59,100,353,34,158,157,154,152,58,84,156,63,32],"product_tag":[109,36,37,41,40],"class_list":["post-3118","product","type-product","status-publish","has-post-thumbnail","hentry","product_cat-40000-puffs-disposable-vape","product_cat-hot-disposable-vapes","product_cat-belgium-hot-disposable-vapes","product_cat-france-vape-hot-sale","product_cat-germany-hot-disposable-vape","product_cat-germany-wholesale-vape-shop","product_cat-jnr-vape","product_cat-netherlands-vape-good-sale","product_cat-norway-hot-disposable-vapes","product_cat-poland-hot-disposable-vapes","product_cat-portugal-hot-disposable-vapes","product_cat-spain-hot-disposable-vapes","product_cat-sweden-hot-disposable-vape","product_cat-sweden-wholesale-vape","product_cat-switzerland-hot-disposable-vapes","product_cat-top-sale-disposable-vape","product_cat-vape-hot-sale-this-week","product_tag-20000-puffs","product_tag-good-vape","product_tag-hot-sale-disposable-vape","product_tag-poland-hot-vape","product_tag-sweden-hot-vape","pa_brand-jnr-vape","desktop-align-left","tablet-align-left","mobile-align-left"],"yoast_head":"<!-- This site is optimized with the Yoast SEO plugin v21.1 - https:\/\/yoast.com\/wordpress\/plugins\/seo\/ -->\n<title>JNR Media Max 40000 Puffs High Capacity 1000mAh Disposable Vape - vapebulkp.com % %<\/title>\n<meta name=\"description\" content=\"Buy the JNR Media Max 40000 Puffs, a high-capacity 40000 Puffs Disposable Vape with 1000mAh battery and 21ml e-liquid. Fast EU shipping \u2014 order yours today!\" \/>\n<meta name=\"robots\" content=\"index, follow, max-snippet:-1, max-image-preview:large, max-video-preview:-1\" \/>\n<link rel=\"canonical\" href=\"https:\/\/vapebulkp.com\/hr\/product\/jnr-media-max-40000-puffs-high-capacity-1000mah-disposable-vape\/\" \/>\n<meta property=\"og:locale\" content=\"hr_HR\" \/>\n<meta property=\"og:type\" content=\"article\" \/>\n<meta property=\"og:title\" content=\"JNR Media Max 40000 Puffs High Capacity 1000mAh Disposable Vape - vapebulkp.com % %\" \/>\n<meta property=\"og:description\" content=\"Buy the JNR Media Max 40000 Puffs, a high-capacity 40000 Puffs Disposable Vape with 1000mAh battery and 21ml e-liquid. Fast EU shipping \u2014 order yours today!\" \/>\n<meta property=\"og:url\" content=\"https:\/\/vapebulkp.com\/hr\/product\/jnr-media-max-40000-puffs-high-capacity-1000mah-disposable-vape\/\" \/>\n<meta property=\"og:site_name\" content=\"vapebulkp.com\" \/>\n<meta property=\"article:modified_time\" content=\"2025-09-24T03:37:29+00:00\" \/>\n<meta property=\"og:image\" content=\"http:\/\/vapebulkp.com\/wp-content\/uploads\/2024\/11\/Experience-40000-Puffs-with-JNR-MediaMax-Long-Lasting-1000mAh-Battery.jpg\" \/>\n\t<meta property=\"og:image:width\" content=\"800\" \/>\n\t<meta property=\"og:image:height\" content=\"800\" \/>\n\t<meta property=\"og:image:type\" content=\"image\/jpeg\" \/>\n<meta name=\"twitter:card\" content=\"summary_large_image\" \/>\n<meta name=\"twitter:label1\" content=\"Procijenjeno vrijeme \u010ditanja\" \/>\n\t<meta name=\"twitter:data1\" content=\"4 minute\" \/>\n<script type=\"application\/ld+json\" class=\"yoast-schema-graph\">{\"@context\":\"https:\/\/schema.org\",\"@graph\":[{\"@type\":\"WebPage\",\"@id\":\"https:\/\/vapebulkp.com\/product\/jnr-media-max-40000-puffs-high-capacity-1000mah-disposable-vape\/\",\"url\":\"https:\/\/vapebulkp.com\/product\/jnr-media-max-40000-puffs-high-capacity-1000mah-disposable-vape\/\",\"name\":\"JNR Media Max 40000 Puffs High Capacity 1000mAh Disposable Vape - vapebulkp.com % %\",\"isPartOf\":{\"@id\":\"https:\/\/vapebulkp.com\/#website\"},\"datePublished\":\"2024-11-14T02:50:51+00:00\",\"dateModified\":\"2025-09-24T03:37:29+00:00\",\"description\":\"Buy the JNR Media Max 40000 Puffs, a high-capacity 40000 Puffs Disposable Vape with 1000mAh battery and 21ml e-liquid. Fast EU shipping \u2014 order yours today!\",\"breadcrumb\":{\"@id\":\"https:\/\/vapebulkp.com\/product\/jnr-media-max-40000-puffs-high-capacity-1000mah-disposable-vape\/#breadcrumb\"},\"inLanguage\":\"hr\",\"potentialAction\":[{\"@type\":\"ReadAction\",\"target\":[\"https:\/\/vapebulkp.com\/product\/jnr-media-max-40000-puffs-high-capacity-1000mah-disposable-vape\/\"]}]},{\"@type\":\"BreadcrumbList\",\"@id\":\"https:\/\/vapebulkp.com\/product\/jnr-media-max-40000-puffs-high-capacity-1000mah-disposable-vape\/#breadcrumb\",\"itemListElement\":[{\"@type\":\"ListItem\",\"position\":1,\"name\":\"Home\",\"item\":\"https:\/\/vapebulkp.com\/\"},{\"@type\":\"ListItem\",\"position\":2,\"name\":\"Hot Trend Vapes\",\"item\":\"https:\/\/vapebulkp.com\/vape-shop\/\"},{\"@type\":\"ListItem\",\"position\":3,\"name\":\"JNR Media Max 40000 Puffs High Capacity 1000mAh Disposable Vape\"}]},{\"@type\":\"WebSite\",\"@id\":\"https:\/\/vapebulkp.com\/#website\",\"url\":\"https:\/\/vapebulkp.com\/\",\"name\":\"vapebulkp.com\",\"description\":\"Buy Vape In Cheap Bulk Price Near you\",\"publisher\":{\"@id\":\"https:\/\/vapebulkp.com\/#organization\"},\"potentialAction\":[{\"@type\":\"SearchAction\",\"target\":{\"@type\":\"EntryPoint\",\"urlTemplate\":\"https:\/\/vapebulkp.com\/?s={search_term_string}\"},\"query-input\":\"required name=search_term_string\"}],\"inLanguage\":\"hr\"},{\"@type\":\"Organization\",\"@id\":\"https:\/\/vapebulkp.com\/#organization\",\"name\":\"vapebulkp.com\",\"url\":\"https:\/\/vapebulkp.com\/\",\"logo\":{\"@type\":\"ImageObject\",\"inLanguage\":\"hr\",\"@id\":\"https:\/\/vapebulkp.com\/#\/schema\/logo\/image\/\",\"url\":\"https:\/\/vapebulkp.com\/wp-content\/uploads\/2023\/09\/cropped-vapebulkp.png\",\"contentUrl\":\"https:\/\/vapebulkp.com\/wp-content\/uploads\/2023\/09\/cropped-vapebulkp.png\",\"width\":516,\"height\":163,\"caption\":\"vapebulkp.com\"},\"image\":{\"@id\":\"https:\/\/vapebulkp.com\/#\/schema\/logo\/image\/\"}}]}<\/script>\n<!-- \/ Yoast SEO plugin. -->","yoast_head_json":{"title":"JNR Media Max 40000 Puffs High Capacity 1000mAh Disposable Vape - vapebulkp.com % %","description":"Buy the JNR Media Max 40000 Puffs, a high-capacity 40000 Puffs Disposable Vape with 1000mAh battery and 21ml e-liquid. Fast EU shipping \u2014 order yours today!","robots":{"index":"index","follow":"follow","max-snippet":"max-snippet:-1","max-image-preview":"max-image-preview:large","max-video-preview":"max-video-preview:-1"},"canonical":"https:\/\/vapebulkp.com\/hr\/product\/jnr-media-max-40000-puffs-high-capacity-1000mah-disposable-vape\/","og_locale":"hr_HR","og_type":"article","og_title":"JNR Media Max 40000 Puffs High Capacity 1000mAh Disposable Vape - vapebulkp.com % %","og_description":"Buy the JNR Media Max 40000 Puffs, a high-capacity 40000 Puffs Disposable Vape with 1000mAh battery and 21ml e-liquid. Fast EU shipping \u2014 order yours today!","og_url":"https:\/\/vapebulkp.com\/hr\/product\/jnr-media-max-40000-puffs-high-capacity-1000mah-disposable-vape\/","og_site_name":"vapebulkp.com","article_modified_time":"2025-09-24T03:37:29+00:00","og_image":[{"width":800,"height":800,"url":"http:\/\/vapebulkp.com\/wp-content\/uploads\/2024\/11\/Experience-40000-Puffs-with-JNR-MediaMax-Long-Lasting-1000mAh-Battery.jpg","type":"image\/jpeg"}],"twitter_card":"summary_large_image","twitter_misc":{"Procijenjeno vrijeme \u010ditanja":"4 minute"},"schema":{"@context":"https:\/\/schema.org","@graph":[{"@type":"WebPage","@id":"https:\/\/vapebulkp.com\/product\/jnr-media-max-40000-puffs-high-capacity-1000mah-disposable-vape\/","url":"https:\/\/vapebulkp.com\/product\/jnr-media-max-40000-puffs-high-capacity-1000mah-disposable-vape\/","name":"JNR Media Max 40000 Puffs High Capacity 1000mAh Disposable Vape - vapebulkp.com % %","isPartOf":{"@id":"https:\/\/vapebulkp.com\/#website"},"datePublished":"2024-11-14T02:50:51+00:00","dateModified":"2025-09-24T03:37:29+00:00","description":"Buy the JNR Media Max 40000 Puffs, a high-capacity 40000 Puffs Disposable Vape with 1000mAh battery and 21ml e-liquid. Fast EU shipping \u2014 order yours today!","breadcrumb":{"@id":"https:\/\/vapebulkp.com\/product\/jnr-media-max-40000-puffs-high-capacity-1000mah-disposable-vape\/#breadcrumb"},"inLanguage":"hr","potentialAction":[{"@type":"ReadAction","target":["https:\/\/vapebulkp.com\/product\/jnr-media-max-40000-puffs-high-capacity-1000mah-disposable-vape\/"]}]},{"@type":"BreadcrumbList","@id":"https:\/\/vapebulkp.com\/product\/jnr-media-max-40000-puffs-high-capacity-1000mah-disposable-vape\/#breadcrumb","itemListElement":[{"@type":"ListItem","position":1,"name":"Home","item":"https:\/\/vapebulkp.com\/"},{"@type":"ListItem","position":2,"name":"Hot Trend Vapes","item":"https:\/\/vapebulkp.com\/vape-shop\/"},{"@type":"ListItem","position":3,"name":"JNR Media Max 40000 Puffs High Capacity 1000mAh Disposable Vape"}]},{"@type":"WebSite","@id":"https:\/\/vapebulkp.com\/#website","url":"https:\/\/vapebulkp.com\/","name":"vapebulkp.com","description":"Buy Vape In Cheap Bulk Price Near you","publisher":{"@id":"https:\/\/vapebulkp.com\/#organization"},"potentialAction":[{"@type":"SearchAction","target":{"@type":"EntryPoint","urlTemplate":"https:\/\/vapebulkp.com\/?s={search_term_string}"},"query-input":"required name=search_term_string"}],"inLanguage":"hr"},{"@type":"Organization","@id":"https:\/\/vapebulkp.com\/#organization","name":"vapebulkp.com","url":"https:\/\/vapebulkp.com\/","logo":{"@type":"ImageObject","inLanguage":"hr","@id":"https:\/\/vapebulkp.com\/#\/schema\/logo\/image\/","url":"https:\/\/vapebulkp.com\/wp-content\/uploads\/2023\/09\/cropped-vapebulkp.png","contentUrl":"https:\/\/vapebulkp.com\/wp-content\/uploads\/2023\/09\/cropped-vapebulkp.png","width":516,"height":163,"caption":"vapebulkp.com"},"image":{"@id":"https:\/\/vapebulkp.com\/#\/schema\/logo\/image\/"}}]}},"uagb_featured_image_src":{"full":["https:\/\/vapebulkp.com\/wp-content\/uploads\/2024\/11\/Experience-40000-Puffs-with-JNR-MediaMax-Long-Lasting-1000mAh-Battery.jpg",800,800,false],"thumbnail":["https:\/\/vapebulkp.com\/wp-content\/uploads\/2024\/11\/Experience-40000-Puffs-with-JNR-MediaMax-Long-Lasting-1000mAh-Battery-150x150.jpg",150,150,true],"medium":["https:\/\/vapebulkp.com\/wp-content\/uploads\/2024\/11\/Experience-40000-Puffs-with-JNR-MediaMax-Long-Lasting-1000mAh-Battery-300x300.jpg",300,300,true],"medium_large":["https:\/\/vapebulkp.com\/wp-content\/uploads\/2024\/11\/Experience-40000-Puffs-with-JNR-MediaMax-Long-Lasting-1000mAh-Battery-768x768.jpg",768,768,true],"large":["https:\/\/vapebulkp.com\/wp-content\/uploads\/2024\/11\/Experience-40000-Puffs-with-JNR-MediaMax-Long-Lasting-1000mAh-Battery.jpg",800,800,false],"1536x1536":["https:\/\/vapebulkp.com\/wp-content\/uploads\/2024\/11\/Experience-40000-Puffs-with-JNR-MediaMax-Long-Lasting-1000mAh-Battery.jpg",800,800,false],"2048x2048":["https:\/\/vapebulkp.com\/wp-content\/uploads\/2024\/11\/Experience-40000-Puffs-with-JNR-MediaMax-Long-Lasting-1000mAh-Battery.jpg",800,800,false],"trp-custom-language-flag":["https:\/\/vapebulkp.com\/wp-content\/uploads\/2024\/11\/Experience-40000-Puffs-with-JNR-MediaMax-Long-Lasting-1000mAh-Battery.jpg",12,12,false],"woocommerce_thumbnail":["https:\/\/vapebulkp.com\/wp-content\/uploads\/2024\/11\/Experience-40000-Puffs-with-JNR-MediaMax-Long-Lasting-1000mAh-Battery-300x300.jpg",300,300,true],"woocommerce_single":["https:\/\/vapebulkp.com\/wp-content\/uploads\/2024\/11\/Experience-40000-Puffs-with-JNR-MediaMax-Long-Lasting-1000mAh-Battery-600x600.jpg",600,600,true],"woocommerce_gallery_thumbnail":["https:\/\/vapebulkp.com\/wp-content\/uploads\/2024\/11\/Experience-40000-Puffs-with-JNR-MediaMax-Long-Lasting-1000mAh-Battery-100x100.jpg",100,100,true],"wcpr-photo-reviews":["https:\/\/vapebulkp.com\/wp-content\/uploads\/2024\/11\/Experience-40000-Puffs-with-JNR-MediaMax-Long-Lasting-1000mAh-Battery.jpg",500,500,false]},"uagb_author_info":{"display_name":"Mandy vape bulk price","author_link":"https:\/\/vapebulkp.com\/hr\/author\/"},"uagb_comment_info":0,"uagb_excerpt":"JNR Media Max 40000 Puffs Disposable Vapea ,high-capacity, tech-infused device with 5% nicotine, 21ml e-liquid, and innovative features for an unparalleled vaping experience. &nbsp; Pls Contact Mandy's WhatsApp For Discount Price+8618077105796 NOTE: Prices on our website does not include shipping costs &nbsp;","_links":{"self":[{"href":"https:\/\/vapebulkp.com\/hr\/wp-json\/wp\/v2\/product\/3118","targetHints":{"allow":["GET"]}}],"collection":[{"href":"https:\/\/vapebulkp.com\/hr\/wp-json\/wp\/v2\/product"}],"about":[{"href":"https:\/\/vapebulkp.com\/hr\/wp-json\/wp\/v2\/types\/product"}],"replies":[{"embeddable":true,"href":"https:\/\/vapebulkp.com\/hr\/wp-json\/wp\/v2\/comments?post=3118"}],"wp:featuredmedia":[{"embeddable":true,"href":"https:\/\/vapebulkp.com\/hr\/wp-json\/wp\/v2\/media\/3112"}],"wp:attachment":[{"href":"https:\/\/vapebulkp.com\/hr\/wp-json\/wp\/v2\/media?parent=3118"}],"wp:term":[{"taxonomy":"product_cat","embeddable":true,"href":"https:\/\/vapebulkp.com\/hr\/wp-json\/wp\/v2\/product_cat?post=3118"},{"taxonomy":"product_tag","embeddable":true,"href":"https:\/\/vapebulkp.com\/hr\/wp-json\/wp\/v2\/product_tag?post=3118"}],"curies":[{"name":"wp","href":"https:\/\/api.w.org\/{rel}","templated":true}]}}