{"id":3148,"date":"2024-11-25T09:29:17","date_gmt":"2024-11-25T08:29:17","guid":{"rendered":"https:\/\/vapebulkp.com\/?post_type=product&#038;p=3148"},"modified":"2025-09-24T05:50:41","modified_gmt":"2025-09-24T03:50:41","slug":"jnr-vape-mega-box-25000-puff-discount-price-vape-pods","status":"publish","type":"product","link":"https:\/\/vapebulkp.com\/hr\/product\/jnr-vape-mega-box-25000-puff-discount-price-vape-pods\/","title":{"rendered":"JNR Vape Mega Box 25000 Puhova Po Sni\u017eenoj Cijeni Vape Podovi"},"content":{"rendered":"<h1 style=\"text-align: left\">JNR Vape Mega Box 25000 Puhova Po Sni\u017eenoj Cijeni Vape Podovi<\/h1>\n<p>&nbsp;<\/p>\n<p data-start=\"321\" data-end=\"634\">O <strong data-start=\"365\" data-end=\"397\">JNR Vape Mega Box 25000 Puffs<\/strong> je premium <strong data-start=\"411\" data-end=\"444\">jednokratni vape velikog kapaciteta<\/strong> izra\u0111en za mlade europske mu\u0161karce koji tra\u017ee snagu, stil i pouzdanost. S masivnim spremnikom od 30 ml e-teku\u0107ine i dvostrukim sustavom grija\u010da, pru\u017ea glatki okus i gustu paru sa svakim udisajem.<\/p>\n<p data-start=\"636\" data-end=\"896\">Pokretan punjivom baterijom od 850 mAh i brzim punjenjem Type-C, ovaj ure\u0111aj nudi do <strong data-start=\"729\" data-end=\"745\">25.000 udisaja<\/strong> za dugotrajno zadovoljstvo. Kompaktan i prenosiv, <strong data-start=\"803\" data-end=\"835\">JNR Vape Mega Kutija<\/strong> 25000 Puffs Vape Veleprodaja savr\u0161en je za svakodnevni vaping, dru\u0161tvena doga\u0111anja i putovanja.<\/p>\n<p data-start=\"898\" data-end=\"1163\">Dostupan u vi\u0161e okusa s opcijama nikotinske soli, isti\u010de se me\u0111u <a href=\"https:\/\/vapebulkp.com\/hr\/product-category\/25000-puffs-disposable-vape\/\"><strong>25000 Puffs Jednokratni Vapeovi<\/strong><\/a> i drugi dugotrajni sustavi podova, nude\u0107i iznimnu vrijednost po veleprodajnim cijenama. Dostavljeno izravno iz skladi\u0161ta u EU za brzu i pouzdanu dostavu.<\/p>\n<p><img decoding=\"async\" class=\"alignnone wp-image-3147\" src=\"http:\/\/vapebulkp.com\/wp-content\/uploads\/2024\/11\/JNR-Mega-Box-25000-puffs-Hot-Sale-Vape.jpg\" alt=\"JNR Mega Box 25000 udisaja Vru\u0107a rasprodaja Vape\" width=\"368\" height=\"368\" srcset=\"https:\/\/vapebulkp.com\/wp-content\/uploads\/2024\/11\/JNR-Mega-Box-25000-puffs-Hot-Sale-Vape.jpg 800w, https:\/\/vapebulkp.com\/wp-content\/uploads\/2024\/11\/JNR-Mega-Box-25000-puffs-Hot-Sale-Vape-300x300.jpg 300w, https:\/\/vapebulkp.com\/wp-content\/uploads\/2024\/11\/JNR-Mega-Box-25000-puffs-Hot-Sale-Vape-150x150.jpg 150w, https:\/\/vapebulkp.com\/wp-content\/uploads\/2024\/11\/JNR-Mega-Box-25000-puffs-Hot-Sale-Vape-768x768.jpg 768w, https:\/\/vapebulkp.com\/wp-content\/uploads\/2024\/11\/JNR-Mega-Box-25000-puffs-Hot-Sale-Vape-600x600.jpg 600w, https:\/\/vapebulkp.com\/wp-content\/uploads\/2024\/11\/JNR-Mega-Box-25000-puffs-Hot-Sale-Vape-100x100.jpg 100w\" sizes=\"(max-width: 368px) 100vw, 368px\" \/><\/p>\n<p>&nbsp;<\/p>\n<h6>Molimo kontaktirajte Mandy's WhatsApp za cijenu s popustom<a href=\"https:\/\/wa.me\/8618077105796\">+8618077105796<\/a><\/h6>\n<p><img decoding=\"async\" class=\"alignnone wp-image-2151\" src=\"http:\/\/vapebulkp.com\/wp-content\/uploads\/2024\/04\/Mandy-WhatsApp-Randm.jpg\" alt=\"Mandy WhatsApp Randm\" width=\"287\" height=\"305\" srcset=\"https:\/\/vapebulkp.com\/wp-content\/uploads\/2024\/04\/Mandy-WhatsApp-Randm.jpg 916w, https:\/\/vapebulkp.com\/wp-content\/uploads\/2024\/04\/Mandy-WhatsApp-Randm-282x300.jpg 282w, https:\/\/vapebulkp.com\/wp-content\/uploads\/2024\/04\/Mandy-WhatsApp-Randm-768x817.jpg 768w, https:\/\/vapebulkp.com\/wp-content\/uploads\/2024\/04\/Mandy-WhatsApp-Randm-600x638.jpg 600w\" sizes=\"(max-width: 287px) 100vw, 287px\" \/><\/p>\n<h2><strong>Za\u0161to kupiti JNR Jednokratni Vape Mega Box 25k udisaja na <a href=\"https:\/\/vapebulkp.com\/hr\/\">Vapebulkp.com<\/a>?<\/strong><\/h2>\n<ol>\n<li><strong>Dugotrajne performanse<\/strong>: Sa svojim impresivnim brojem udisaja i robusnom baterijom, ovaj vape dizajniran je za svakodnevnu upotrebu i posebne prigode.<\/li>\n<li><strong>Stilski dizajn<\/strong>: Kompaktan, ali elegantan, JNR Vape Mega Box je jednostavan za no\u0161enje i nadopunjuje va\u0161 \u017eivotni stil svojim modernim estetikom.<\/li>\n<li><strong>Jednostavno rukovanje<\/strong>: Nisu potrebne nikakve slo\u017eene postavke ili ponovno punjenje\u2014samo u\u017eivajte u besprijekornom iskustvu vapinga odmah iz kutije.<\/li>\n<li><strong>Bogati, glatki okusi<\/strong>: Uparuju\u0107i s naprednom tehnologijom grija\u010da, Mega Box nudi ravnomjernu, punu paru sa svakim udahom.<\/li>\n<\/ol>\n<p>&nbsp;<\/p>\n<h3><strong>Klju\u010dne zna\u010dajke vru\u0107e rasprodane vape <a href=\"https:\/\/vapebulkp.com\/hr\/product\/jnr-vape-mega-box-25000-puff-discount-price-vape-pods\/\">JNR Mega Kutija 25000 Udisaja\u00a0<\/a><\/strong><\/h3>\n<div class=\"mb-2 flex gap-3 empty:hidden -ml-2\">\n<div class=\"items-center justify-start rounded-xl p-1 flex\">\n<ul>\n<li><strong>Neusporediva dugotrajnost<\/strong>: S ogromnim <strong>25000 udisaja<\/strong>, ovaj ure\u0111aj osigurava produ\u017eenu upotrebu, \u0161to ga \u010dini savr\u0161enim za dugotrajno vaping bez \u010destih zamjena.<\/li>\n<li><strong>Velikodu\u0161an kapacitet ulja<\/strong>: Opremljen s <strong>30 ml prednapunjene teku\u0107ine za vape<\/strong>, isporu\u010duje dosljedan okus tijekom cijelog \u017eivotnog vijeka.<\/li>\n<li><strong>Sna\u017ena baterija<\/strong>: Ugra\u0111ena <strong>baterija od 850 mAh koja se mo\u017ee puniti<\/strong> nudi pouzdane performanse, osiguravaju\u0107i da u\u017eivate u svakom udah.<\/li>\n<li><strong>Zadovoljstvo nikotinom<\/strong>: Sadr\u017ei <strong>formulu nikotinske soli od 2%<\/strong>, pru\u017ea glatki udarac u grlo idealan za one koji prelaze s tradicionalnog pu\u0161enja ili tra\u017ee uravnote\u017eeno iskustvo vapinga.<\/li>\n<li><strong>Kompaktan i moderan dizajn<\/strong>: Elegantna, ali robusna, ova vape kapsula dizajnirana je da se besprijekorno uklopi u va\u0161 \u017eivotni stil, bilo kod ku\u0107e, na dru\u0161tvenim doga\u0111anjima ili u pokretu.<\/li>\n<\/ul>\n<\/div>\n<\/div>\n<h3><strong>JNR Mega Kutija 25k Udisaja Vape<\/strong> <strong>Popis okusa:<\/strong><\/h3>\n<p>1. Gazirana tre\u0161nja-cola<br \/>\n2. Jagoda-banana<br \/>\n3. Kisela jabuka<br \/>\n4. Borovnica-\u017evaka\u0107a guma<br \/>\n5. Kivi-lubenica s mentom<br \/>\n6. Trostruki mango<br \/>\n7. Malina-lubenica<br \/>\n8. Jagoda Malina Led<br \/>\n9. Borovnica Kisela Malina Jagoda<br \/>\n10. Jagoda Malina Tre\u0161nja Led<br \/>\n11. Plava Malina Tre\u0161nja<br \/>\n12. So\u010dna Breskva<br \/>\n13. Tre\u0161nja Bobica<br \/>\n14. Limun<br \/>\n15. Mije\u0161ane Bobice<br \/>\n16. Gospodin Plavi<br \/>\n17. Jagoda Led<br \/>\n18. Borovnica Led<br \/>\n19. Lubenica Led<br \/>\n20. Skittles<\/p>\n<p><a href=\"https:\/\/vapebulkp.com\/hr\/product\/jnr-media-max-40000-puffs-high-capacity-1000mah-disposable-vape\/\"><span style=\"vertical-align: inherit\">JNR MEDIA MAX 40000 Puhova <\/span><\/a><\/p>\n<p><span style=\"vertical-align: inherit\">Prona\u0111ite vi\u0161e proizvoda koji bi vam se mogli svidjeti:<\/span><em><a href=\"https:\/\/wa.me\/8618077105796\"><span style=\"vertical-align: inherit\">\u00a0Kupite sada<\/span><\/a><\/em><\/p>\n<p><span style=\"vertical-align: inherit\">Ostali Puffs koji bi vam se mogli svidjeti:<\/span><span style=\"vertical-align: inherit\">\u00a0<\/span><a href=\"https:\/\/vapebulkp.com\/hr\/product\/vapme-crystal-disposable-vape-20000-puffs-big-smok-2-nicotine\/\"><span style=\"vertical-align: inherit\">Vapme Crystal 20k Puhova<\/span><\/a><\/p>\n<p><span style=\"vertical-align: inherit\">E-cigareta posebnog oblika boce:<\/span><a href=\"https:\/\/vapebulkp.com\/hr\/product\/randm-fumot-tornado-30k-puffs-rechargeable-vapes-best-sale\/\"><span style=\"vertical-align: inherit\"> Fumot Tornado 30000 Puhova<\/span><\/a><span style=\"vertical-align: inherit\">\/ <\/span><a href=\"https:\/\/vapebulkp.com\/hr\/product\/jnr-alien-10000-puffs-randm-vape-wholesale-price\/\"><span style=\"vertical-align: inherit\">\u00a0JNR Alien 10000 Puhova <\/span><\/a><span style=\"vertical-align: inherit\">\/<\/span><a href=\"https:\/\/vapebulkp.com\/hr\/product\/wga-crystal-plus-16000-puffs-led-light-disposable-vape\/\"><span style=\"vertical-align: inherit\"> WGA Crystal 16000 uvla\u010denja<\/span><\/a><\/p>\n<h4><\/h4>\n<h4><strong>\u010cesto postavljana pitanja o JNR Mega Box dugotrajnoj pari od 25000 Puhova<\/strong><\/h4>\n<p><strong>1. Koliki je kapacitet e-teku\u0107ine JNR Vapes Mega Box 25k Puhova?<\/strong><br \/>\nJNR Vape Mega Box dolazi s <strong>Kapacitet e-teku\u0107ine od 30 ml<\/strong>, osiguravaju\u0107i produ\u017eeno iskustvo vapinga s bogatim, zadovoljavaju\u0107im okusima.<\/p>\n<p><strong>2. Koliko udisaja mogu o\u010dekivati od Best Sell JNR Vape Box 25000 Puffs?<\/strong><br \/>\nOva jednokratna vape olovka pru\u017ea impresivnih <strong>25.000 udisaja<\/strong>, \u0161to je \u010dini idealnom za dugotrajnu upotrebu i \u010deste vapere.<\/p>\n<p><strong>3. Koju vrstu baterije koristi JNR Vape Mega Box 25k?<\/strong><br \/>\nOpremljena je sna\u017enom <strong>baterija od 850 mAh koja se mo\u017ee puniti<\/strong>, pru\u017eaju\u0107i dosljedne performanse i prakti\u010dnost punjenja putem Type-C priklju\u010dka.<\/p>\n<p><strong>4. Je li JNR Hot Vape Mega Box 25000 Puffs prikladan za europske vapere?<\/strong><br \/>\nDa, JNR Vape Mega Box dizajniran je kako bi zadovoljio preferencije europskih korisnika s <strong>glatkom proizvodnjom pare<\/strong>, <strong>raznolikim okusima<\/strong>i elegantnim, prijenosnim dizajnom.<\/p>\n<p><strong>5. \u0160to \u010dini JNR Good Vape Mega Box 25k Puffs vrhunskom jednokratnom vape olovkom?<\/strong><br \/>\nJNR Vape Mega Box nudi kombinaciju <strong>vrhunske kvalitete izrade<\/strong>, <strong>visokog broja udisaja<\/strong>, <strong>velikog kapaciteta e-teku\u0107ine<\/strong>i <strong>elegantnog dizajna<\/strong>, \u0161to ga \u010dini istaknutim izborom me\u0111u jednokratnim vape ure\u0111ajima velikog kapaciteta.<\/p>\n<h4>Detalji dostave:<\/h4>\n<p><span style=\"color: #ff6600\">Vrijeme proizvodnje: 5-10 radnih dana<\/span><br \/>\n<span style=\"color: #ff6600\">Vrijeme isporuke: 8-14 radnih dana<\/span><\/p>\n<p>Svi proizvodi u na\u0161oj trgovini su 100% originalni i autenti\u010dni, stoga je desetostruka naknada za la\u017enu robu na\u0161a politika trgovine. Za dostavu koristimo logisti\u010dke kanale kao \u0161to su UPS\/DHL\/FEDEX\/DPD.<\/p>\n<p>Za pakete poslane u Hrvatsku obi\u010dno je potrebno 10 radnih dana da stignu. Dostava u europske zemlje obi\u010dno traje 12 do 15 radnih dana da stigne. Logisti\u010dke informacije \u0107emo a\u017eurirati za vas u stvarnom vremenu.<\/p>","protected":false},"excerpt":{"rendered":"<p>JNR Vape Mega Box 25000 Puffs nudi iznimno iskustvo vapinga sa svojim velikim kapacitetom od 30 ml e-teku\u0107ine, dugotrajnom baterijom od 850 mAh i impresivnih 25.000 udisaja. Idealan za korisnike koji tra\u017ee dosljedan i ugodan vaping, ovaj visokokvalitetni jednokratni vape pod osigurava glatke udare i sna\u017ean okus. S naprednom tehnologijom grija\u010da i vi\u0161e opcija ja\u010dine nikotina, savr\u0161en je za one koji zahtijevaju prakti\u010dnost bez kompromisa u performansama.<\/p>\n<p><img decoding=\"async\" class=\"alignnone wp-image-2151\" src=\"http:\/\/vapebulkp.com\/wp-content\/uploads\/2024\/04\/Mandy-WhatsApp-Randm.jpg\" alt=\"Mandy WhatsApp Randm\" width=\"234\" height=\"249\" srcset=\"https:\/\/vapebulkp.com\/wp-content\/uploads\/2024\/04\/Mandy-WhatsApp-Randm.jpg 916w, https:\/\/vapebulkp.com\/wp-content\/uploads\/2024\/04\/Mandy-WhatsApp-Randm-282x300.jpg 282w, https:\/\/vapebulkp.com\/wp-content\/uploads\/2024\/04\/Mandy-WhatsApp-Randm-768x817.jpg 768w, https:\/\/vapebulkp.com\/wp-content\/uploads\/2024\/04\/Mandy-WhatsApp-Randm-600x638.jpg 600w\" sizes=\"(max-width: 234px) 100vw, 234px\" \/><\/p>\n<p>Molimo kontaktirajte Mandy's WhatsApp za cijenu s popustom<a href=\"https:\/\/wa.me\/8618077105796\">+8618077105796<\/a><\/p>\n<p><span style=\"color: #ff0000\">NAPOMENA: Cijene na na\u0161oj web stranici ne uklju\u010duju tro\u0161kove dostave<\/span><\/p>\n<p>&nbsp;<\/p>","protected":false},"featured_media":3147,"comment_status":"open","ping_status":"closed","template":"","meta":{"_uag_custom_page_level_css":"","_lmt_disableupdate":"no","_lmt_disable":"","site-sidebar-layout":"default","site-content-layout":"content-boxed-container","ast-site-content-layout":"normal-width-container","site-content-style":"boxed","site-sidebar-style":"unboxed","ast-global-header-display":"","ast-banner-title-visibility":"","ast-main-header-display":"","ast-hfb-above-header-display":"","ast-hfb-below-header-display":"","ast-hfb-mobile-header-display":"","site-post-title":"","ast-breadcrumbs-content":"","ast-featured-img":"","footer-sml-layout":"","theme-transparent-header-meta":"default","adv-header-id-meta":"","stick-header-meta":"","header-above-stick-meta":"","header-main-stick-meta":"","header-below-stick-meta":"","astra-migrate-meta-layouts":"set","_joinchat":[]},"product_cat":[161,153,155,33,59,100,353,34,158,157,154,152,58,84,156,63,32],"product_tag":[36,37,184,41,40],"class_list":["post-3148","product","type-product","status-publish","has-post-thumbnail","hentry","product_cat-25000-puffs-disposable-vape","product_cat-hot-disposable-vapes","product_cat-belgium-hot-disposable-vapes","product_cat-france-vape-hot-sale","product_cat-germany-hot-disposable-vape","product_cat-germany-wholesale-vape-shop","product_cat-jnr-vape","product_cat-netherlands-vape-good-sale","product_cat-norway-hot-disposable-vapes","product_cat-poland-hot-disposable-vapes","product_cat-portugal-hot-disposable-vapes","product_cat-spain-hot-disposable-vapes","product_cat-sweden-hot-disposable-vape","product_cat-sweden-wholesale-vape","product_cat-switzerland-hot-disposable-vapes","product_cat-top-sale-disposable-vape","product_cat-vape-hot-sale-this-week","product_tag-good-vape","product_tag-hot-sale-disposable-vape","product_tag-jnr-mega-box-25000-puffs","product_tag-poland-hot-vape","product_tag-sweden-hot-vape","pa_brand-jnr-vape","desktop-align-left","tablet-align-left","mobile-align-left"],"yoast_head":"<!-- This site is optimized with the Yoast SEO plugin v21.1 - https:\/\/yoast.com\/wordpress\/plugins\/seo\/ -->\n<title>JNR Vape Mega Box 25000 Puff Discount Price Vape Pods - vapebulkp.com % %<\/title>\n<meta name=\"description\" content=\"Buy the JNR Vape Mega Box 25000 Puff, a high-capacity disposable vape with 30ml e-liquid and rechargeable battery. Fast EU shipping \u2014 order your 25000 Puff Vape Pod today!\" \/>\n<meta name=\"robots\" content=\"index, follow, max-snippet:-1, max-image-preview:large, max-video-preview:-1\" \/>\n<link rel=\"canonical\" href=\"https:\/\/vapebulkp.com\/hr\/product\/jnr-vape-mega-box-25000-puff-discount-price-vape-pods\/\" \/>\n<meta property=\"og:locale\" content=\"hr_HR\" \/>\n<meta property=\"og:type\" content=\"article\" \/>\n<meta property=\"og:title\" content=\"JNR Vape Mega Box 25000 Puff Discount Price Vape Pods - vapebulkp.com % %\" \/>\n<meta property=\"og:description\" content=\"Buy the JNR Vape Mega Box 25000 Puff, a high-capacity disposable vape with 30ml e-liquid and rechargeable battery. Fast EU shipping \u2014 order your 25000 Puff Vape Pod today!\" \/>\n<meta property=\"og:url\" content=\"https:\/\/vapebulkp.com\/hr\/product\/jnr-vape-mega-box-25000-puff-discount-price-vape-pods\/\" \/>\n<meta property=\"og:site_name\" content=\"vapebulkp.com\" \/>\n<meta property=\"article:modified_time\" content=\"2025-09-24T03:50:41+00:00\" \/>\n<meta property=\"og:image\" content=\"http:\/\/vapebulkp.com\/wp-content\/uploads\/2024\/11\/JNR-Mega-Box-25000-puffs-Hot-Sale-Vape.jpg\" \/>\n\t<meta property=\"og:image:width\" content=\"800\" \/>\n\t<meta property=\"og:image:height\" content=\"800\" \/>\n\t<meta property=\"og:image:type\" content=\"image\/jpeg\" \/>\n<meta name=\"twitter:card\" content=\"summary_large_image\" \/>\n<meta name=\"twitter:label1\" content=\"Procijenjeno vrijeme \u010ditanja\" \/>\n\t<meta name=\"twitter:data1\" content=\"4 minute\" \/>\n<script type=\"application\/ld+json\" class=\"yoast-schema-graph\">{\"@context\":\"https:\/\/schema.org\",\"@graph\":[{\"@type\":\"WebPage\",\"@id\":\"https:\/\/vapebulkp.com\/product\/jnr-vape-mega-box-25000-puff-discount-price-vape-pods\/\",\"url\":\"https:\/\/vapebulkp.com\/product\/jnr-vape-mega-box-25000-puff-discount-price-vape-pods\/\",\"name\":\"JNR Vape Mega Box 25000 Puff Discount Price Vape Pods - vapebulkp.com % %\",\"isPartOf\":{\"@id\":\"https:\/\/vapebulkp.com\/#website\"},\"datePublished\":\"2024-11-25T08:29:17+00:00\",\"dateModified\":\"2025-09-24T03:50:41+00:00\",\"description\":\"Buy the JNR Vape Mega Box 25000 Puff, a high-capacity disposable vape with 30ml e-liquid and rechargeable battery. Fast EU shipping \u2014 order your 25000 Puff Vape Pod today!\",\"breadcrumb\":{\"@id\":\"https:\/\/vapebulkp.com\/product\/jnr-vape-mega-box-25000-puff-discount-price-vape-pods\/#breadcrumb\"},\"inLanguage\":\"hr\",\"potentialAction\":[{\"@type\":\"ReadAction\",\"target\":[\"https:\/\/vapebulkp.com\/product\/jnr-vape-mega-box-25000-puff-discount-price-vape-pods\/\"]}]},{\"@type\":\"BreadcrumbList\",\"@id\":\"https:\/\/vapebulkp.com\/product\/jnr-vape-mega-box-25000-puff-discount-price-vape-pods\/#breadcrumb\",\"itemListElement\":[{\"@type\":\"ListItem\",\"position\":1,\"name\":\"Home\",\"item\":\"https:\/\/vapebulkp.com\/\"},{\"@type\":\"ListItem\",\"position\":2,\"name\":\"Hot Trend Vapes\",\"item\":\"https:\/\/vapebulkp.com\/vape-shop\/\"},{\"@type\":\"ListItem\",\"position\":3,\"name\":\"JNR Vape Mega Box 25000 Puff Discount Price Vape Pods\"}]},{\"@type\":\"WebSite\",\"@id\":\"https:\/\/vapebulkp.com\/#website\",\"url\":\"https:\/\/vapebulkp.com\/\",\"name\":\"vapebulkp.com\",\"description\":\"Buy Vape In Cheap Bulk Price Near you\",\"publisher\":{\"@id\":\"https:\/\/vapebulkp.com\/#organization\"},\"potentialAction\":[{\"@type\":\"SearchAction\",\"target\":{\"@type\":\"EntryPoint\",\"urlTemplate\":\"https:\/\/vapebulkp.com\/?s={search_term_string}\"},\"query-input\":\"required name=search_term_string\"}],\"inLanguage\":\"hr\"},{\"@type\":\"Organization\",\"@id\":\"https:\/\/vapebulkp.com\/#organization\",\"name\":\"vapebulkp.com\",\"url\":\"https:\/\/vapebulkp.com\/\",\"logo\":{\"@type\":\"ImageObject\",\"inLanguage\":\"hr\",\"@id\":\"https:\/\/vapebulkp.com\/#\/schema\/logo\/image\/\",\"url\":\"https:\/\/vapebulkp.com\/wp-content\/uploads\/2023\/09\/cropped-vapebulkp.png\",\"contentUrl\":\"https:\/\/vapebulkp.com\/wp-content\/uploads\/2023\/09\/cropped-vapebulkp.png\",\"width\":516,\"height\":163,\"caption\":\"vapebulkp.com\"},\"image\":{\"@id\":\"https:\/\/vapebulkp.com\/#\/schema\/logo\/image\/\"}}]}<\/script>\n<!-- \/ Yoast SEO plugin. -->","yoast_head_json":{"title":"JNR Vape Mega Box 25000 Puff Discount Price Vape Pods - vapebulkp.com % %","description":"Buy the JNR Vape Mega Box 25000 Puff, a high-capacity disposable vape with 30ml e-liquid and rechargeable battery. Fast EU shipping \u2014 order your 25000 Puff Vape Pod today!","robots":{"index":"index","follow":"follow","max-snippet":"max-snippet:-1","max-image-preview":"max-image-preview:large","max-video-preview":"max-video-preview:-1"},"canonical":"https:\/\/vapebulkp.com\/hr\/product\/jnr-vape-mega-box-25000-puff-discount-price-vape-pods\/","og_locale":"hr_HR","og_type":"article","og_title":"JNR Vape Mega Box 25000 Puff Discount Price Vape Pods - vapebulkp.com % %","og_description":"Buy the JNR Vape Mega Box 25000 Puff, a high-capacity disposable vape with 30ml e-liquid and rechargeable battery. Fast EU shipping \u2014 order your 25000 Puff Vape Pod today!","og_url":"https:\/\/vapebulkp.com\/hr\/product\/jnr-vape-mega-box-25000-puff-discount-price-vape-pods\/","og_site_name":"vapebulkp.com","article_modified_time":"2025-09-24T03:50:41+00:00","og_image":[{"width":800,"height":800,"url":"http:\/\/vapebulkp.com\/wp-content\/uploads\/2024\/11\/JNR-Mega-Box-25000-puffs-Hot-Sale-Vape.jpg","type":"image\/jpeg"}],"twitter_card":"summary_large_image","twitter_misc":{"Procijenjeno vrijeme \u010ditanja":"4 minute"},"schema":{"@context":"https:\/\/schema.org","@graph":[{"@type":"WebPage","@id":"https:\/\/vapebulkp.com\/product\/jnr-vape-mega-box-25000-puff-discount-price-vape-pods\/","url":"https:\/\/vapebulkp.com\/product\/jnr-vape-mega-box-25000-puff-discount-price-vape-pods\/","name":"JNR Vape Mega Box 25000 Puff Discount Price Vape Pods - vapebulkp.com % %","isPartOf":{"@id":"https:\/\/vapebulkp.com\/#website"},"datePublished":"2024-11-25T08:29:17+00:00","dateModified":"2025-09-24T03:50:41+00:00","description":"Buy the JNR Vape Mega Box 25000 Puff, a high-capacity disposable vape with 30ml e-liquid and rechargeable battery. Fast EU shipping \u2014 order your 25000 Puff Vape Pod today!","breadcrumb":{"@id":"https:\/\/vapebulkp.com\/product\/jnr-vape-mega-box-25000-puff-discount-price-vape-pods\/#breadcrumb"},"inLanguage":"hr","potentialAction":[{"@type":"ReadAction","target":["https:\/\/vapebulkp.com\/product\/jnr-vape-mega-box-25000-puff-discount-price-vape-pods\/"]}]},{"@type":"BreadcrumbList","@id":"https:\/\/vapebulkp.com\/product\/jnr-vape-mega-box-25000-puff-discount-price-vape-pods\/#breadcrumb","itemListElement":[{"@type":"ListItem","position":1,"name":"Home","item":"https:\/\/vapebulkp.com\/"},{"@type":"ListItem","position":2,"name":"Hot Trend Vapes","item":"https:\/\/vapebulkp.com\/vape-shop\/"},{"@type":"ListItem","position":3,"name":"JNR Vape Mega Box 25000 Puff Discount Price Vape Pods"}]},{"@type":"WebSite","@id":"https:\/\/vapebulkp.com\/#website","url":"https:\/\/vapebulkp.com\/","name":"vapebulkp.com","description":"Buy Vape In Cheap Bulk Price Near you","publisher":{"@id":"https:\/\/vapebulkp.com\/#organization"},"potentialAction":[{"@type":"SearchAction","target":{"@type":"EntryPoint","urlTemplate":"https:\/\/vapebulkp.com\/?s={search_term_string}"},"query-input":"required name=search_term_string"}],"inLanguage":"hr"},{"@type":"Organization","@id":"https:\/\/vapebulkp.com\/#organization","name":"vapebulkp.com","url":"https:\/\/vapebulkp.com\/","logo":{"@type":"ImageObject","inLanguage":"hr","@id":"https:\/\/vapebulkp.com\/#\/schema\/logo\/image\/","url":"https:\/\/vapebulkp.com\/wp-content\/uploads\/2023\/09\/cropped-vapebulkp.png","contentUrl":"https:\/\/vapebulkp.com\/wp-content\/uploads\/2023\/09\/cropped-vapebulkp.png","width":516,"height":163,"caption":"vapebulkp.com"},"image":{"@id":"https:\/\/vapebulkp.com\/#\/schema\/logo\/image\/"}}]}},"uagb_featured_image_src":{"full":["https:\/\/vapebulkp.com\/wp-content\/uploads\/2024\/11\/JNR-Mega-Box-25000-puffs-Hot-Sale-Vape.jpg",800,800,false],"thumbnail":["https:\/\/vapebulkp.com\/wp-content\/uploads\/2024\/11\/JNR-Mega-Box-25000-puffs-Hot-Sale-Vape-150x150.jpg",150,150,true],"medium":["https:\/\/vapebulkp.com\/wp-content\/uploads\/2024\/11\/JNR-Mega-Box-25000-puffs-Hot-Sale-Vape-300x300.jpg",300,300,true],"medium_large":["https:\/\/vapebulkp.com\/wp-content\/uploads\/2024\/11\/JNR-Mega-Box-25000-puffs-Hot-Sale-Vape-768x768.jpg",768,768,true],"large":["https:\/\/vapebulkp.com\/wp-content\/uploads\/2024\/11\/JNR-Mega-Box-25000-puffs-Hot-Sale-Vape.jpg",800,800,false],"1536x1536":["https:\/\/vapebulkp.com\/wp-content\/uploads\/2024\/11\/JNR-Mega-Box-25000-puffs-Hot-Sale-Vape.jpg",800,800,false],"2048x2048":["https:\/\/vapebulkp.com\/wp-content\/uploads\/2024\/11\/JNR-Mega-Box-25000-puffs-Hot-Sale-Vape.jpg",800,800,false],"trp-custom-language-flag":["https:\/\/vapebulkp.com\/wp-content\/uploads\/2024\/11\/JNR-Mega-Box-25000-puffs-Hot-Sale-Vape.jpg",12,12,false],"woocommerce_thumbnail":["https:\/\/vapebulkp.com\/wp-content\/uploads\/2024\/11\/JNR-Mega-Box-25000-puffs-Hot-Sale-Vape-300x300.jpg",300,300,true],"woocommerce_single":["https:\/\/vapebulkp.com\/wp-content\/uploads\/2024\/11\/JNR-Mega-Box-25000-puffs-Hot-Sale-Vape-600x600.jpg",600,600,true],"woocommerce_gallery_thumbnail":["https:\/\/vapebulkp.com\/wp-content\/uploads\/2024\/11\/JNR-Mega-Box-25000-puffs-Hot-Sale-Vape-100x100.jpg",100,100,true],"wcpr-photo-reviews":["https:\/\/vapebulkp.com\/wp-content\/uploads\/2024\/11\/JNR-Mega-Box-25000-puffs-Hot-Sale-Vape.jpg",500,500,false]},"uagb_author_info":{"display_name":"Mandy vape bulk price","author_link":"https:\/\/vapebulkp.com\/hr\/author\/"},"uagb_comment_info":0,"uagb_excerpt":"The JNR Vape Mega Box 25000 Puff offers an exceptional vaping experience with its large 30mL e-liquid capacity, long-lasting 850mAh battery, and impressive 25,000 puffs. Ideal for users who seek consistent and enjoyable vaping, this high-quality disposable vape pod ensures smooth hits and robust flavor. With advanced mesh coil technology and multiple nicotine strength options,&hellip;","_links":{"self":[{"href":"https:\/\/vapebulkp.com\/hr\/wp-json\/wp\/v2\/product\/3148","targetHints":{"allow":["GET"]}}],"collection":[{"href":"https:\/\/vapebulkp.com\/hr\/wp-json\/wp\/v2\/product"}],"about":[{"href":"https:\/\/vapebulkp.com\/hr\/wp-json\/wp\/v2\/types\/product"}],"replies":[{"embeddable":true,"href":"https:\/\/vapebulkp.com\/hr\/wp-json\/wp\/v2\/comments?post=3148"}],"wp:featuredmedia":[{"embeddable":true,"href":"https:\/\/vapebulkp.com\/hr\/wp-json\/wp\/v2\/media\/3147"}],"wp:attachment":[{"href":"https:\/\/vapebulkp.com\/hr\/wp-json\/wp\/v2\/media?parent=3148"}],"wp:term":[{"taxonomy":"product_cat","embeddable":true,"href":"https:\/\/vapebulkp.com\/hr\/wp-json\/wp\/v2\/product_cat?post=3148"},{"taxonomy":"product_tag","embeddable":true,"href":"https:\/\/vapebulkp.com\/hr\/wp-json\/wp\/v2\/product_tag?post=3148"}],"curies":[{"name":"wp","href":"https:\/\/api.w.org\/{rel}","templated":true}]}}