{"id":3158,"date":"2024-11-26T04:02:34","date_gmt":"2024-11-26T03:02:34","guid":{"rendered":"https:\/\/vapebulkp.com\/?post_type=product&#038;p=3158"},"modified":"2025-09-24T05:23:36","modified_gmt":"2025-09-24T03:23:36","slug":"vopk-ultra-30000-puffs-rgb-light-mesh-coil-rechargeable-vape-wholesale-price","status":"publish","type":"product","link":"https:\/\/vapebulkp.com\/hr\/product\/vopk-ultra-30000-puffs-rgb-light-mesh-coil-rechargeable-vape-wholesale-price\/","title":{"rendered":"VOPK ULTRA 30000 Pufova RGB Svjetlo Mre\u017easta zavojnica Punjiva Vape Veleprodajna cijena"},"content":{"rendered":"<h2>VOPK ULTRA 30000 Pufova RGB Svjetlo Mre\u017easta zavojnica Punjiva Vape Veleprodajna cijena<\/h2>\n<p>&nbsp;<\/p>\n<p data-start=\"157\" data-end=\"505\">O <strong data-start=\"161\" data-end=\"187\">VOPK ULTRA 30000 Udisaja<\/strong> je <strong data-start=\"193\" data-end=\"215\">vape visokog kapaciteta<\/strong> dizajniran za europske vapere koji tra\u017ee dugotrajne performanse i vrhunski stil. Ovaj <a href=\"https:\/\/vapebulkp.com\/hr\/product-category\/30000-puff-disposable-vape\/\"><strong data-start=\"302\" data-end=\"333\">30000 Puffs Jednokratni Vape<\/strong><\/a> kombinira naprednu <strong data-start=\"352\" data-end=\"370\">mre\u017enom zavojnicom<\/strong> tehnologiju s 900mAh punjivom baterijom, isporu\u010duju\u0107i glatku, gustu paru i dosljedan okus od prvog do zadnjeg udisaja.<\/p>\n<p data-start=\"507\" data-end=\"813\">S 20 ml vrhunske e-teku\u0107ine, <strong data-start=\"542\" data-end=\"574\">punjivi jednokratni vape<\/strong> omogu\u0107uje produ\u017eena kori\u0161tenja bez prekida, \u0161to ga \u010dini idealnim za svakodnevnu upotrebu ili dru\u0161tvena doga\u0111anja. Njegovo ergonomsko tijelo u obliku sladoleda sa silikonskim vrhom osigurava udobnost, dok \u017eivopisno RGB osvjetljenje dodaje moderan, privla\u010dan dizajn.<\/p>\n<p data-start=\"815\" data-end=\"1150\">Dostupan u vi\u0161e ja\u010dina nikotina, ovaj <strong data-start=\"862\" data-end=\"884\">nicotinska sol za vape<\/strong> odgovara raznolikim \u017eeljama, nude\u0107i zadovoljavaju\u0107i udarac kako za povremene tako i za iskusne korisnike. Savr\u0161en za veleprodaju u EU, <strong data-start=\"1018\" data-end=\"1050\">dugotrajni jednokratni vape\u00a0<\/strong> je profitabilan dodatak svakoj trgovini, kombiniraju\u0107i prakti\u010dnost, stil i vrhunsku tehnologiju.<\/p>\n<p data-start=\"1152\" data-end=\"1372\">Nadogradite svoj inventar s <strong data-start=\"1184\" data-end=\"1226\">VOPK ULTRA 30000 Puffs Jednokratna Vape<\/strong>, vrhunska <strong data-start=\"1239\" data-end=\"1260\">veleprodaja vape EU<\/strong> opcija koja spaja prakti\u010dnost punjenja, u\u010dinkovitost mre\u017easte zavojnice i vrhunski dizajn za europske kupce.<\/p>\n<p><img decoding=\"async\" class=\"alignnone wp-image-3152\" src=\"http:\/\/vapebulkp.com\/wp-content\/uploads\/2024\/11\/VOPK-ULTRA-30000-puffs-Display-Vape.jpg\" alt=\"VOPK ULTRA 30000 udisaja Zaslon Vape\" width=\"444\" height=\"444\" srcset=\"https:\/\/vapebulkp.com\/wp-content\/uploads\/2024\/11\/VOPK-ULTRA-30000-puffs-Display-Vape.jpg 800w, https:\/\/vapebulkp.com\/wp-content\/uploads\/2024\/11\/VOPK-ULTRA-30000-puffs-Display-Vape-300x300.jpg 300w, https:\/\/vapebulkp.com\/wp-content\/uploads\/2024\/11\/VOPK-ULTRA-30000-puffs-Display-Vape-150x150.jpg 150w, https:\/\/vapebulkp.com\/wp-content\/uploads\/2024\/11\/VOPK-ULTRA-30000-puffs-Display-Vape-768x768.jpg 768w, https:\/\/vapebulkp.com\/wp-content\/uploads\/2024\/11\/VOPK-ULTRA-30000-puffs-Display-Vape-600x600.jpg 600w, https:\/\/vapebulkp.com\/wp-content\/uploads\/2024\/11\/VOPK-ULTRA-30000-puffs-Display-Vape-100x100.jpg 100w\" sizes=\"(max-width: 444px) 100vw, 444px\" \/><\/p>\n<h6 style=\"text-align: left\"><\/h6>\n<p>&nbsp;<\/p>\n<h6>Molimo kontaktirajte Mandy's WhatsApp za cijenu s popustom<a href=\"https:\/\/wa.me\/8618077105796\">+8618077105796<\/a><\/h6>\n<p><img decoding=\"async\" class=\"alignnone wp-image-2151\" src=\"http:\/\/vapebulkp.com\/wp-content\/uploads\/2024\/04\/Mandy-WhatsApp-Randm.jpg\" alt=\"Mandy WhatsApp Randm\" width=\"263\" height=\"280\" srcset=\"https:\/\/vapebulkp.com\/wp-content\/uploads\/2024\/04\/Mandy-WhatsApp-Randm.jpg 916w, https:\/\/vapebulkp.com\/wp-content\/uploads\/2024\/04\/Mandy-WhatsApp-Randm-282x300.jpg 282w, https:\/\/vapebulkp.com\/wp-content\/uploads\/2024\/04\/Mandy-WhatsApp-Randm-768x817.jpg 768w, https:\/\/vapebulkp.com\/wp-content\/uploads\/2024\/04\/Mandy-WhatsApp-Randm-600x638.jpg 600w\" sizes=\"(max-width: 263px) 100vw, 263px\" \/><\/p>\n<p>&nbsp;<\/p>\n<h2><strong>\u010cesto postavljana pitanja o VOPK ULTRA 30000 Puffs RGB Svjetlo Mre\u017easta Zavojnica Punjiva Vape<\/strong><\/h2>\n<p><strong>1. Koliko udisaja nudi VOPK ULTRA 30000?<\/strong><br \/>\nVOPK ULTRA 30K Puff isporu\u010duje impresivnih <strong>30.000 'puffova'<\/strong>, pru\u017eaju\u0107i dugotrajno kori\u0161tenje za produ\u017eeni u\u017eitak.<\/p>\n<p><strong>2. Koju vrstu zavojnice koristi VOPK ULTRA Vape 30k Puffs?<\/strong><br \/>\nIma <strong>1.0 Ohm Mre\u017easta Zavojnica<\/strong>, osiguravaju\u0107i glatku proizvodnju pare i bogat, dosljedan okus.<\/p>\n<p><strong>3. Koliko e-teku\u0107ine sadr\u017ei VOPK ULTRA jednokratni vape?<\/strong><br \/>\nUre\u0111aj dolazi s <strong>20 ml kapaciteta e-teku\u0107ine<\/strong>, smanjuju\u0107i potrebu za \u010destim punjenjima.<\/p>\n<p><strong>4. \u0160to je jedinstveno u vezi s dizajnom VOPK ULTRA?<\/strong><br \/>\nVape ima <strong>dizajn u obliku sladoleda<\/strong> s <strong>gornji silikonski poklopac<\/strong> za izdr\u017eljivost i moderan izgled. Uz to, <strong>RGB svjetlosna zna\u010dajka<\/strong> dodaje dinami\u010dnu vizualnu privla\u010dnost.<\/p>\n<p><strong>5. Je li VOPK ULTRA 30k puff vape pod za veleprodaju prikladan za veleprodaju?<\/strong><br \/>\nApsolutno! Dostupan je na <strong>veleprodajnim cijenama<\/strong>u Hrvatskoj, \u0161to ga \u010dini idealnim za trgovce koji tra\u017ee vrhunski proizvod po konkurentnim cijenama.<\/p>\n<p><strong>6. Gdje mogu kupiti VOPK ULTRA 30000 Puffs Big Puff Vape?<\/strong><br \/>\nMo\u017eete ga prona\u0107i kod vode\u0107ih distributera kao \u0161to su <strong>Vapebulkp<\/strong>u Hrvatskoj, nude\u0107i pouzdanu uslugu i izvrsne ponude.<\/p>\n<h4><\/h4>\n<h4>Za\u0161to kupiti <strong>VOPK ULTRA 30k Puffs jednokratni vape<\/strong> at <a href=\"https:\/\/vapebulkp.com\/hr\/\">Vapebulkp<\/a>?<\/h4>\n<p>O <strong>VOPK ULTRA 30000 Pufova LCD Vape<\/strong> isti\u010de se kao vrhunsko rje\u0161enje za vaping za one koji tra\u017ee performanse, stil i vrijednost. Dostupno u <a href=\"https:\/\/vapebulkp.com\/hr\/\"><strong>Vapebulkp<\/strong><\/a>, ovaj ure\u0111aj kombinira vrhunske zna\u010dajke s konkurentnim veleprodajnim cijenama, \u0161to ga \u010dini najboljim izborom za trgovce i vapere. Evo za\u0161to biste ga trebali odabrati:<\/p>\n<ol>\n<li style=\"list-style-type: none\">\n<ol>\n<li><strong>Izuzetna dugovje\u010dnost<\/strong> \u2013 S <strong>30.000 'puffova'<\/strong>, savr\u0161en je za dugotrajnu upotrebu, smanjuju\u0107i potrebu za \u010destim zamjenama.<\/li>\n<li><strong>Napredna mre\u017easta spirala<\/strong> \u2013 <strong>1.0 Ohm Mre\u017easta Zavojnica<\/strong> osigurava vrhunsku proizvodnju pare i bogat, dosljedan okus.<\/li>\n<li><strong>Veliki kapacitet e-teku\u0107ine<\/strong> \u2013 Spremnik od <strong>20 ml<\/strong> jam\u010di manje punjenja, nude\u0107i iskustvo vapinga bez muke.<\/li>\n<li><strong>Punjivi dizajn<\/strong> \u2013 <strong>Baterija od 900 mAh<\/strong> s brzim punjenjem dodaje prakti\u010dnost i ekolo\u0161ku prihvatljivost.<\/li>\n<li><strong>Moderan oblik sladoleda<\/strong> \u2013 Ergonomski i zabavan dizajn uparen je sa <strong>silikonskim poklopcem<\/strong> za izdr\u017eljivost i udobnost.<\/li>\n<li><strong>Dinami\u010dna RGB svjetla<\/strong> \u2013 \u017divopisna rasvjeta dodaje da\u0161ak osobnosti, \u010dine\u0107i ga pokreta\u010dem razgovora.<\/li>\n<li><strong>Veleprodajna prednost<\/strong> \u2013 Vapebulkp nudi nenadma\u0161ne cijene, omogu\u0107uju\u0107i vam da povoljno opskrbite premium proizvode.<\/li>\n<\/ol>\n<\/li>\n<\/ol>\n<h3>Klju\u010dne zna\u010dajke niske cijene <strong>VOPK Vapes ULTRA 30000 Udisaja<\/strong>:<\/h3>\n<ol>\n<li><strong>30.000 Puffs<\/strong> \u2013 Pru\u017ea dugotrajno iskustvo vapinga s do 30.000 udisaja.<\/li>\n<li><strong>1.0 Ohm Mre\u017easta Zavojnica<\/strong> \u2013 Osigurava glatku, dosljednu proizvodnju pare za pobolj\u0161ani okus i osje\u0107aj u grlu.<\/li>\n<li><strong>Kapacitet e-teku\u0107ine od 20 ml<\/strong> \u2013 Veliki spremnik e-teku\u0107ine za produljenu upotrebu bez potrebe za \u010destim punjenjem.<\/li>\n<li><strong>Punjiva baterija od 900 mAh<\/strong> \u2013 Pouzdana, dugotrajna baterija za dosljedne performanse tijekom cijelog vijeka trajanja ure\u0111aja.<\/li>\n<li><strong>Dizajn oblika sladoleda<\/strong> \u2013 Jedinstven i moderan dizajn za zabavan i ergonomski osje\u0107aj.<\/li>\n<li><strong>Gornji silikonski poklopac<\/strong> \u2013 Izdr\u017eljivi silikonski vrh za dodatnu za\u0161titu i udobnost.<\/li>\n<li><strong>RGB svjetlo<\/strong> \u2013 Vi\u0161ebojno RGB svjetlo dodaje dinami\u010dan i privla\u010dan element vapeu.<\/li>\n<li><strong>Punjenje<\/strong> \u2013 Nudi mogu\u0107nost punjenja, \u0161to ga \u010dini ekolo\u0161ki prihvatljivijim i isplativijim u usporedbi s ure\u0111ajima za jednokratnu upotrebu.<\/li>\n<\/ol>\n<h3><strong>VOPK Vape ULTRA 30000 Udisaja <\/strong><strong>Lista okusa:<\/strong><\/h3>\n<p>1. Jagoda Lubenica\/Kivi Marakuja Guava<br \/>\n2. Borovnica Malina \/Breskva Mango Lubenica<br \/>\n3. Plava Malina Gumeni Medvjedi\u0107\/Jagoda Kivi<br \/>\n4. Plava Malina Tre\u0161nja\/Jagoda Malina<br \/>\n5. Gazirani Limun<br \/>\n6. Lubenica led \/Plava Malina led<br \/>\n7. Plava Malina Ananas \/Trostruki Mango<br \/>\n8. Gro\u017e\u0111e Bobi\u010dasto Vo\u0107e \/Kru\u0161ka Jabuka Malina<br \/>\n9. Jagoda Brusnica Tre\u0161nja\/Ananas Marakuja Limeta<br \/>\n10. Borovnica Jagoda Mentol\/Borovnica Malina Mentol<\/p>\n<p><span style=\"vertical-align: inherit\">Prona\u0111ite vi\u0161e proizvoda koji bi vam se mogli svidjeti:<\/span><em><a href=\"https:\/\/wa.me\/8618077105796\"><span style=\"vertical-align: inherit\">\u00a0Kupite sada<\/span><\/a><\/em><\/p>\n<p><span style=\"vertical-align: inherit\">Ostali Puffs koji bi vam se mogli svidjeti:<\/span><\/p>\n<p><a href=\"https:\/\/vapebulkp.com\/hr\/product\/wholesale-randm-tornado-9000-puffs-germany\/\"><span style=\"vertical-align: inherit\">RandM Tornado 9000 Puhova<\/span><\/a><span style=\"vertical-align: inherit\">\u2014Kao najpopularnija e-cigareta, Randm ima 9.000 udisaja u kojima mo\u017eete u\u017eivati<\/span><\/p>\n<p><a href=\"https:\/\/vapebulkp.com\/hr\/product\/bang-20000-puffs-hot-vape-top-sale-vape\/\"><span style=\"vertical-align: inherit\">Bang 20000 Udisaja<\/span><\/a><span style=\"vertical-align: inherit\">\u2014Bang King je popularan brend s jedinstvenim modelima i 20.000 udisaja<\/span><\/p>\n<p><span style=\"vertical-align: inherit\">E-cigareta posebnog oblika boce:<\/span><a href=\"https:\/\/vapebulkp.com\/hr\/product\/fumot-tornado-25k-puffs-cheap-price-disposable-vape\/\"><span style=\"vertical-align: inherit\">Fumot Tornado 25000 Udisaja<\/span><\/a><span style=\"vertical-align: inherit\">\/ <\/span><a href=\"https:\/\/vapebulkp.com\/hr\/product\/vapme-crystal-7000-puffs-original-vape-good-flavor\/\"><span style=\"vertical-align: inherit\">Crystal 7000 udisaja<\/span><\/a><span style=\"vertical-align: inherit\">\/<\/span><\/p>\n<p><a href=\"https:\/\/vapebulkp.com\/hr\/product\/waspe-vape-40000-puff-fihp-double-flavour-disposable-vape\/\">\u00a0WASPE FIHP 40000 Udisaja Originalni vape<\/a><\/p>\n<p><a href=\"https:\/\/vapebulkp.com\/hr\/product\/jnr-vape-mega-box-25000-puff-discount-price-vape-pods\/\">\u00a0JNR MEGA BOX 25K UDISAJA<\/a><\/p>\n<h4>Detalji dostave:<\/h4>\n<p><span style=\"color: #ff6600\">Vrijeme proizvodnje: 5-10 radnih dana<\/span><br \/>\n<span style=\"color: #ff6600\">Vrijeme isporuke: 8-14 radnih dana<\/span><\/p>\n<p>Svi proizvodi u na\u0161oj trgovini su 100% originalni i autenti\u010dni, stoga je desetostruka naknada za la\u017enu robu na\u0161a politika trgovine. Za dostavu koristimo logisti\u010dke kanale kao \u0161to su UPS\/DHL\/FEDEX\/DPD.<\/p>\n<p>Za pakete poslane u Hrvatsku obi\u010dno je potrebno 10 radnih dana da stignu. Dostava u europske zemlje obi\u010dno traje 12 do 15 radnih dana da stigne. Logisti\u010dke informacije \u0107emo a\u017eurirati za vas u stvarnom vremenu.<\/p>","protected":false},"excerpt":{"rendered":"<p>VOPK ULTRA 30000 Puffs Vape s 20ML e-teku\u0107ine, 1.0 Ohm Mre\u017eastom Zavojnicom, 900mAh baterijom, RGB svjetlima, silikonskim poklopcem i elegantnim oblikom sladoleda po veleprodajnim cijenama!<\/p>\n<p><img decoding=\"async\" class=\"alignnone wp-image-2151\" src=\"http:\/\/vapebulkp.com\/wp-content\/uploads\/2024\/04\/Mandy-WhatsApp-Randm.jpg\" alt=\"Mandy WhatsApp Randm\" width=\"238\" height=\"253\" srcset=\"https:\/\/vapebulkp.com\/wp-content\/uploads\/2024\/04\/Mandy-WhatsApp-Randm.jpg 916w, https:\/\/vapebulkp.com\/wp-content\/uploads\/2024\/04\/Mandy-WhatsApp-Randm-282x300.jpg 282w, https:\/\/vapebulkp.com\/wp-content\/uploads\/2024\/04\/Mandy-WhatsApp-Randm-768x817.jpg 768w, https:\/\/vapebulkp.com\/wp-content\/uploads\/2024\/04\/Mandy-WhatsApp-Randm-600x638.jpg 600w\" sizes=\"(max-width: 238px) 100vw, 238px\" \/><\/p>\n<p>Molimo kontaktirajte Mandy's WhatsApp za cijenu s popustom<a href=\"https:\/\/wa.me\/8618077105796\">+8618077105796<\/a><\/p>\n<p><span style=\"color: #ff0000\">NAPOMENA: Cijene na na\u0161oj web stranici ne uklju\u010duju tro\u0161kove dostave<\/span><\/p>","protected":false},"featured_media":3151,"comment_status":"open","ping_status":"closed","template":"","meta":{"_uag_custom_page_level_css":"","_lmt_disableupdate":"no","_lmt_disable":"","site-sidebar-layout":"default","site-content-layout":"content-boxed-container","ast-site-content-layout":"normal-width-container","site-content-style":"boxed","site-sidebar-style":"unboxed","ast-global-header-display":"","ast-banner-title-visibility":"","ast-main-header-display":"","ast-hfb-above-header-display":"","ast-hfb-below-header-display":"","ast-hfb-mobile-header-display":"","site-post-title":"","ast-breadcrumbs-content":"","ast-featured-img":"","footer-sml-layout":"","theme-transparent-header-meta":"default","adv-header-id-meta":"","stick-header-meta":"","header-above-stick-meta":"","header-main-stick-meta":"","header-below-stick-meta":"","astra-migrate-meta-layouts":"set","_joinchat":[]},"product_cat":[160,153,155,33,59,100,87,34,158,157,154,152,58,84,156,63,32,363],"product_tag":[36,37,91,127,41,40,185],"class_list":["post-3158","product","type-product","status-publish","has-post-thumbnail","hentry","product_cat-30000-puff-disposable-vape","product_cat-hot-disposable-vapes","product_cat-belgium-hot-disposable-vapes","product_cat-france-vape-hot-sale","product_cat-germany-hot-disposable-vape","product_cat-germany-wholesale-vape-shop","product_cat-minimum-order-quantity-50pcs","product_cat-netherlands-vape-good-sale","product_cat-norway-hot-disposable-vapes","product_cat-poland-hot-disposable-vapes","product_cat-portugal-hot-disposable-vapes","product_cat-spain-hot-disposable-vapes","product_cat-sweden-hot-disposable-vape","product_cat-sweden-wholesale-vape","product_cat-switzerland-hot-disposable-vapes","product_cat-top-sale-disposable-vape","product_cat-vape-hot-sale-this-week","product_cat-vopk-vape","product_tag-good-vape","product_tag-hot-sale-disposable-vape","product_tag-italy-hot-vape","product_tag-original-vape-inr-shisha","product_tag-poland-hot-vape","product_tag-sweden-hot-vape","product_tag-vopk-vape","pa_brand-vopk-vape","desktop-align-left","tablet-align-left","mobile-align-left"],"yoast_head":"<!-- This site is optimized with the Yoast SEO plugin v21.1 - https:\/\/yoast.com\/wordpress\/plugins\/seo\/ -->\n<title>VOPK ULTRA 30000 Puffs RGB Light Mesh Coil Rechargeable Vape Wholesale Price - vapebulkp.com<\/title>\n<meta name=\"description\" content=\"VOPK ULTRA 30000 Puffs RGB Light Mesh Coil Rechargeable Vape Wholesale Price with a 1.0 Ohm Mesh Coil, 20ML e-liquid, rechargeable 900mAh battery, ice cream design, RGB lights, and top silicone cover!\" \/>\n<meta name=\"robots\" content=\"index, follow, max-snippet:-1, max-image-preview:large, max-video-preview:-1\" \/>\n<link rel=\"canonical\" href=\"https:\/\/vapebulkp.com\/hr\/product\/vopk-ultra-30000-puffs-rgb-light-mesh-coil-rechargeable-vape-wholesale-price\/\" \/>\n<meta property=\"og:locale\" content=\"hr_HR\" \/>\n<meta property=\"og:type\" content=\"article\" \/>\n<meta property=\"og:title\" content=\"VOPK ULTRA 30000 Puffs RGB Light Mesh Coil Rechargeable Vape Wholesale Price - vapebulkp.com\" \/>\n<meta property=\"og:description\" content=\"VOPK ULTRA 30000 Puffs RGB Light Mesh Coil Rechargeable Vape Wholesale Price with a 1.0 Ohm Mesh Coil, 20ML e-liquid, rechargeable 900mAh battery, ice cream design, RGB lights, and top silicone cover!\" \/>\n<meta property=\"og:url\" content=\"https:\/\/vapebulkp.com\/hr\/product\/vopk-ultra-30000-puffs-rgb-light-mesh-coil-rechargeable-vape-wholesale-price\/\" \/>\n<meta property=\"og:site_name\" content=\"vapebulkp.com\" \/>\n<meta property=\"article:modified_time\" content=\"2025-09-24T03:23:36+00:00\" \/>\n<meta property=\"og:image\" content=\"http:\/\/vapebulkp.com\/wp-content\/uploads\/2024\/11\/VOPK-ULTRA-30000-puffs-Big-Puffs.jpg\" \/>\n\t<meta property=\"og:image:width\" content=\"800\" \/>\n\t<meta property=\"og:image:height\" content=\"800\" \/>\n\t<meta property=\"og:image:type\" content=\"image\/jpeg\" \/>\n<meta name=\"twitter:card\" content=\"summary_large_image\" \/>\n<meta name=\"twitter:label1\" content=\"Procijenjeno vrijeme \u010ditanja\" \/>\n\t<meta name=\"twitter:data1\" content=\"5 minuta\" \/>\n<script type=\"application\/ld+json\" class=\"yoast-schema-graph\">{\"@context\":\"https:\/\/schema.org\",\"@graph\":[{\"@type\":\"WebPage\",\"@id\":\"https:\/\/vapebulkp.com\/product\/vopk-ultra-30000-puffs-rgb-light-mesh-coil-rechargeable-vape-wholesale-price\/\",\"url\":\"https:\/\/vapebulkp.com\/product\/vopk-ultra-30000-puffs-rgb-light-mesh-coil-rechargeable-vape-wholesale-price\/\",\"name\":\"VOPK ULTRA 30000 Puffs RGB Light Mesh Coil Rechargeable Vape Wholesale Price - vapebulkp.com\",\"isPartOf\":{\"@id\":\"https:\/\/vapebulkp.com\/#website\"},\"datePublished\":\"2024-11-26T03:02:34+00:00\",\"dateModified\":\"2025-09-24T03:23:36+00:00\",\"description\":\"VOPK ULTRA 30000 Puffs RGB Light Mesh Coil Rechargeable Vape Wholesale Price with a 1.0 Ohm Mesh Coil, 20ML e-liquid, rechargeable 900mAh battery, ice cream design, RGB lights, and top silicone cover!\",\"breadcrumb\":{\"@id\":\"https:\/\/vapebulkp.com\/product\/vopk-ultra-30000-puffs-rgb-light-mesh-coil-rechargeable-vape-wholesale-price\/#breadcrumb\"},\"inLanguage\":\"hr\",\"potentialAction\":[{\"@type\":\"ReadAction\",\"target\":[\"https:\/\/vapebulkp.com\/product\/vopk-ultra-30000-puffs-rgb-light-mesh-coil-rechargeable-vape-wholesale-price\/\"]}]},{\"@type\":\"BreadcrumbList\",\"@id\":\"https:\/\/vapebulkp.com\/product\/vopk-ultra-30000-puffs-rgb-light-mesh-coil-rechargeable-vape-wholesale-price\/#breadcrumb\",\"itemListElement\":[{\"@type\":\"ListItem\",\"position\":1,\"name\":\"Home\",\"item\":\"https:\/\/vapebulkp.com\/\"},{\"@type\":\"ListItem\",\"position\":2,\"name\":\"Hot Trend Vapes\",\"item\":\"https:\/\/vapebulkp.com\/vape-shop\/\"},{\"@type\":\"ListItem\",\"position\":3,\"name\":\"VOPK ULTRA 30000 Puffs RGB Light Mesh Coil Rechargeable Vape Wholesale Price\"}]},{\"@type\":\"WebSite\",\"@id\":\"https:\/\/vapebulkp.com\/#website\",\"url\":\"https:\/\/vapebulkp.com\/\",\"name\":\"vapebulkp.com\",\"description\":\"Buy Vape In Cheap Bulk Price Near you\",\"publisher\":{\"@id\":\"https:\/\/vapebulkp.com\/#organization\"},\"potentialAction\":[{\"@type\":\"SearchAction\",\"target\":{\"@type\":\"EntryPoint\",\"urlTemplate\":\"https:\/\/vapebulkp.com\/?s={search_term_string}\"},\"query-input\":\"required name=search_term_string\"}],\"inLanguage\":\"hr\"},{\"@type\":\"Organization\",\"@id\":\"https:\/\/vapebulkp.com\/#organization\",\"name\":\"vapebulkp.com\",\"url\":\"https:\/\/vapebulkp.com\/\",\"logo\":{\"@type\":\"ImageObject\",\"inLanguage\":\"hr\",\"@id\":\"https:\/\/vapebulkp.com\/#\/schema\/logo\/image\/\",\"url\":\"https:\/\/vapebulkp.com\/wp-content\/uploads\/2023\/09\/cropped-vapebulkp.png\",\"contentUrl\":\"https:\/\/vapebulkp.com\/wp-content\/uploads\/2023\/09\/cropped-vapebulkp.png\",\"width\":516,\"height\":163,\"caption\":\"vapebulkp.com\"},\"image\":{\"@id\":\"https:\/\/vapebulkp.com\/#\/schema\/logo\/image\/\"}}]}<\/script>\n<!-- \/ Yoast SEO plugin. -->","yoast_head_json":{"title":"VOPK ULTRA 30000 Puffs RGB Light Mesh Coil Rechargeable Vape Wholesale Price - vapebulkp.com","description":"VOPK ULTRA 30000 Puffs RGB Light Mesh Coil Rechargeable Vape Wholesale Price with a 1.0 Ohm Mesh Coil, 20ML e-liquid, rechargeable 900mAh battery, ice cream design, RGB lights, and top silicone cover!","robots":{"index":"index","follow":"follow","max-snippet":"max-snippet:-1","max-image-preview":"max-image-preview:large","max-video-preview":"max-video-preview:-1"},"canonical":"https:\/\/vapebulkp.com\/hr\/product\/vopk-ultra-30000-puffs-rgb-light-mesh-coil-rechargeable-vape-wholesale-price\/","og_locale":"hr_HR","og_type":"article","og_title":"VOPK ULTRA 30000 Puffs RGB Light Mesh Coil Rechargeable Vape Wholesale Price - vapebulkp.com","og_description":"VOPK ULTRA 30000 Puffs RGB Light Mesh Coil Rechargeable Vape Wholesale Price with a 1.0 Ohm Mesh Coil, 20ML e-liquid, rechargeable 900mAh battery, ice cream design, RGB lights, and top silicone cover!","og_url":"https:\/\/vapebulkp.com\/hr\/product\/vopk-ultra-30000-puffs-rgb-light-mesh-coil-rechargeable-vape-wholesale-price\/","og_site_name":"vapebulkp.com","article_modified_time":"2025-09-24T03:23:36+00:00","og_image":[{"width":800,"height":800,"url":"http:\/\/vapebulkp.com\/wp-content\/uploads\/2024\/11\/VOPK-ULTRA-30000-puffs-Big-Puffs.jpg","type":"image\/jpeg"}],"twitter_card":"summary_large_image","twitter_misc":{"Procijenjeno vrijeme \u010ditanja":"5 minuta"},"schema":{"@context":"https:\/\/schema.org","@graph":[{"@type":"WebPage","@id":"https:\/\/vapebulkp.com\/product\/vopk-ultra-30000-puffs-rgb-light-mesh-coil-rechargeable-vape-wholesale-price\/","url":"https:\/\/vapebulkp.com\/product\/vopk-ultra-30000-puffs-rgb-light-mesh-coil-rechargeable-vape-wholesale-price\/","name":"VOPK ULTRA 30000 Puffs RGB Light Mesh Coil Rechargeable Vape Wholesale Price - vapebulkp.com","isPartOf":{"@id":"https:\/\/vapebulkp.com\/#website"},"datePublished":"2024-11-26T03:02:34+00:00","dateModified":"2025-09-24T03:23:36+00:00","description":"VOPK ULTRA 30000 Puffs RGB Light Mesh Coil Rechargeable Vape Wholesale Price with a 1.0 Ohm Mesh Coil, 20ML e-liquid, rechargeable 900mAh battery, ice cream design, RGB lights, and top silicone cover!","breadcrumb":{"@id":"https:\/\/vapebulkp.com\/product\/vopk-ultra-30000-puffs-rgb-light-mesh-coil-rechargeable-vape-wholesale-price\/#breadcrumb"},"inLanguage":"hr","potentialAction":[{"@type":"ReadAction","target":["https:\/\/vapebulkp.com\/product\/vopk-ultra-30000-puffs-rgb-light-mesh-coil-rechargeable-vape-wholesale-price\/"]}]},{"@type":"BreadcrumbList","@id":"https:\/\/vapebulkp.com\/product\/vopk-ultra-30000-puffs-rgb-light-mesh-coil-rechargeable-vape-wholesale-price\/#breadcrumb","itemListElement":[{"@type":"ListItem","position":1,"name":"Home","item":"https:\/\/vapebulkp.com\/"},{"@type":"ListItem","position":2,"name":"Hot Trend Vapes","item":"https:\/\/vapebulkp.com\/vape-shop\/"},{"@type":"ListItem","position":3,"name":"VOPK ULTRA 30000 Puffs RGB Light Mesh Coil Rechargeable Vape Wholesale Price"}]},{"@type":"WebSite","@id":"https:\/\/vapebulkp.com\/#website","url":"https:\/\/vapebulkp.com\/","name":"vapebulkp.com","description":"Buy Vape In Cheap Bulk Price Near you","publisher":{"@id":"https:\/\/vapebulkp.com\/#organization"},"potentialAction":[{"@type":"SearchAction","target":{"@type":"EntryPoint","urlTemplate":"https:\/\/vapebulkp.com\/?s={search_term_string}"},"query-input":"required name=search_term_string"}],"inLanguage":"hr"},{"@type":"Organization","@id":"https:\/\/vapebulkp.com\/#organization","name":"vapebulkp.com","url":"https:\/\/vapebulkp.com\/","logo":{"@type":"ImageObject","inLanguage":"hr","@id":"https:\/\/vapebulkp.com\/#\/schema\/logo\/image\/","url":"https:\/\/vapebulkp.com\/wp-content\/uploads\/2023\/09\/cropped-vapebulkp.png","contentUrl":"https:\/\/vapebulkp.com\/wp-content\/uploads\/2023\/09\/cropped-vapebulkp.png","width":516,"height":163,"caption":"vapebulkp.com"},"image":{"@id":"https:\/\/vapebulkp.com\/#\/schema\/logo\/image\/"}}]}},"uagb_featured_image_src":{"full":["https:\/\/vapebulkp.com\/wp-content\/uploads\/2024\/11\/VOPK-ULTRA-30000-puffs-Big-Puffs.jpg",800,800,false],"thumbnail":["https:\/\/vapebulkp.com\/wp-content\/uploads\/2024\/11\/VOPK-ULTRA-30000-puffs-Big-Puffs-150x150.jpg",150,150,true],"medium":["https:\/\/vapebulkp.com\/wp-content\/uploads\/2024\/11\/VOPK-ULTRA-30000-puffs-Big-Puffs-300x300.jpg",300,300,true],"medium_large":["https:\/\/vapebulkp.com\/wp-content\/uploads\/2024\/11\/VOPK-ULTRA-30000-puffs-Big-Puffs-768x768.jpg",768,768,true],"large":["https:\/\/vapebulkp.com\/wp-content\/uploads\/2024\/11\/VOPK-ULTRA-30000-puffs-Big-Puffs.jpg",800,800,false],"1536x1536":["https:\/\/vapebulkp.com\/wp-content\/uploads\/2024\/11\/VOPK-ULTRA-30000-puffs-Big-Puffs.jpg",800,800,false],"2048x2048":["https:\/\/vapebulkp.com\/wp-content\/uploads\/2024\/11\/VOPK-ULTRA-30000-puffs-Big-Puffs.jpg",800,800,false],"trp-custom-language-flag":["https:\/\/vapebulkp.com\/wp-content\/uploads\/2024\/11\/VOPK-ULTRA-30000-puffs-Big-Puffs.jpg",12,12,false],"woocommerce_thumbnail":["https:\/\/vapebulkp.com\/wp-content\/uploads\/2024\/11\/VOPK-ULTRA-30000-puffs-Big-Puffs-300x300.jpg",300,300,true],"woocommerce_single":["https:\/\/vapebulkp.com\/wp-content\/uploads\/2024\/11\/VOPK-ULTRA-30000-puffs-Big-Puffs-600x600.jpg",600,600,true],"woocommerce_gallery_thumbnail":["https:\/\/vapebulkp.com\/wp-content\/uploads\/2024\/11\/VOPK-ULTRA-30000-puffs-Big-Puffs-100x100.jpg",100,100,true],"wcpr-photo-reviews":["https:\/\/vapebulkp.com\/wp-content\/uploads\/2024\/11\/VOPK-ULTRA-30000-puffs-Big-Puffs.jpg",500,500,false]},"uagb_author_info":{"display_name":"Mandy vape bulk price","author_link":"https:\/\/vapebulkp.com\/hr\/author\/"},"uagb_comment_info":0,"uagb_excerpt":"VOPK ULTRA 30000 Puffs Vape with 20ML e-liquid, 1.0 Ohm Mesh Coil, 900mAh battery, RGB lights, silicone cover, and stylish ice cream shape at wholesale prices! Pls Contact Mandy's WhatsApp For Discount Price+8618077105796 NOTE: Prices on our website does not include shipping costs","_links":{"self":[{"href":"https:\/\/vapebulkp.com\/hr\/wp-json\/wp\/v2\/product\/3158","targetHints":{"allow":["GET"]}}],"collection":[{"href":"https:\/\/vapebulkp.com\/hr\/wp-json\/wp\/v2\/product"}],"about":[{"href":"https:\/\/vapebulkp.com\/hr\/wp-json\/wp\/v2\/types\/product"}],"replies":[{"embeddable":true,"href":"https:\/\/vapebulkp.com\/hr\/wp-json\/wp\/v2\/comments?post=3158"}],"wp:featuredmedia":[{"embeddable":true,"href":"https:\/\/vapebulkp.com\/hr\/wp-json\/wp\/v2\/media\/3151"}],"wp:attachment":[{"href":"https:\/\/vapebulkp.com\/hr\/wp-json\/wp\/v2\/media?parent=3158"}],"wp:term":[{"taxonomy":"product_cat","embeddable":true,"href":"https:\/\/vapebulkp.com\/hr\/wp-json\/wp\/v2\/product_cat?post=3158"},{"taxonomy":"product_tag","embeddable":true,"href":"https:\/\/vapebulkp.com\/hr\/wp-json\/wp\/v2\/product_tag?post=3158"}],"curies":[{"name":"wp","href":"https:\/\/api.w.org\/{rel}","templated":true}]}}