{"id":3168,"date":"2024-11-26T08:13:47","date_gmt":"2024-11-26T07:13:47","guid":{"rendered":"https:\/\/vapebulkp.com\/?post_type=product&#038;p=3168"},"modified":"2025-08-29T05:07:15","modified_gmt":"2025-08-29T03:07:15","slug":"hzko-supernova-30000-puff-eu-warehouse-vape-disposable-vape","status":"publish","type":"product","link":"https:\/\/vapebulkp.com\/hr\/proizvod\/hzko-supernova-30000-puff-eu-warehouse-vape-disposable-vape\/","title":{"rendered":"HZKO Supernova 30000 Pufova EU Skladi\u0161te Vape Zaslon za jednokratnu upotrebu"},"content":{"rendered":"<h1>HZKO Supernova 30000 Pufova EU Skladi\u0161te Vape Zaslon za jednokratnu upotrebu<\/h1>\n<p>O <b>HZKO Supernova 30000 Puffs<\/b> izgra\u0111en je za modernog europskog vaper. Ovaj ure\u0111aj postavlja novi standard za prakti\u010dnost i performanse sa svojim odva\u017enim dizajnom i naprednim zna\u010dajkama. Integrirani digitalni zaslon pru\u017ea vam trenutna, a\u017eurirana izvje\u0161\u0107a o va\u0161em <a href=\"https:\/\/vapebulkp.com\/hr\/kategorija-proizvoda\/30000-puff-disposable-vape\/\"><b>30000 Puffs Jednokratni Vape<\/b><\/a>, uklju\u010duju\u0107i trajanje baterije i razinu e-teku\u0107ine. Uvijek imate potpunu kontrolu.<\/p>\n<p>Ovo <b>punjivi vape<\/b> napaja pouzdana baterija od 850mAh s Type-C brzim punjenjem. Njegove dvostruke mre\u017easte zavojnice i 23 ml e-teku\u0107ine isporu\u010duju bogat, dosljedan okus od prvog do posljednjeg udisaja. Prilagodite svoje izvla\u010denje podesivim protokom zraka i birajte izme\u0111u 12 razli\u010ditih okusa s opcijama nikotinske soli od 21 mg\/ml ili 51 mg\/ml.<\/p>\n<p>Dostupno izravno iz na\u0161eg EU skladi\u0161ta, ovo <a href=\"https:\/\/vapebulkp.com\/hr\/proizvod\/hzko-supernova-30000-puff-eu-warehouse-vape-disposable-vape\/\"><b>HZKO Supernova 30000 Puffs<\/b><\/a> garantira brzu dostavu diljem <a href=\"https:\/\/vapebulkp.com\/hr\/puffs-stock-europe-warehouse\/\">Vape Europskog Tr\u017ei\u0161ta<\/a>. To je vrhunski <b>vape komplet<\/b> za one koji zahtijevaju tehnologiju, stil i <b>visokog broja udisaja<\/b> u jednoj elegantnoj, u\u010dinkovitoj e-cigareti.<\/p>\n<p><img decoding=\"async\" class=\"alignnone wp-image-3165\" src=\"http:\/\/vapebulkp.com\/wp-content\/uploads\/2024\/11\/HZKO-supernova-30000-puffs-Randm-Vapes.jpg\" alt=\"HZKO supernova 30000 udisaja Randm Vapes\" width=\"507\" height=\"507\" srcset=\"https:\/\/vapebulkp.com\/wp-content\/uploads\/2024\/11\/HZKO-supernova-30000-puffs-Randm-Vapes.jpg 800w, https:\/\/vapebulkp.com\/wp-content\/uploads\/2024\/11\/HZKO-supernova-30000-puffs-Randm-Vapes-300x300.jpg 300w, https:\/\/vapebulkp.com\/wp-content\/uploads\/2024\/11\/HZKO-supernova-30000-puffs-Randm-Vapes-150x150.jpg 150w, https:\/\/vapebulkp.com\/wp-content\/uploads\/2024\/11\/HZKO-supernova-30000-puffs-Randm-Vapes-768x768.jpg 768w, https:\/\/vapebulkp.com\/wp-content\/uploads\/2024\/11\/HZKO-supernova-30000-puffs-Randm-Vapes-600x600.jpg 600w, https:\/\/vapebulkp.com\/wp-content\/uploads\/2024\/11\/HZKO-supernova-30000-puffs-Randm-Vapes-100x100.jpg 100w\" sizes=\"(max-width: 507px) 100vw, 507px\" \/><\/p>\n<h6 style=\"text-align: left\"><\/h6>\n<h6>Molimo kontaktirajte Mandy's WhatsApp za cijenu s popustom<a href=\"https:\/\/wa.me\/8618077105796\">+8618077105796<\/a><\/h6>\n<p><img decoding=\"async\" class=\"alignnone wp-image-2151\" src=\"http:\/\/vapebulkp.com\/wp-content\/uploads\/2024\/04\/Mandy-WhatsApp-Randm.jpg\" alt=\"Mandy WhatsApp Randm\" width=\"263\" height=\"280\" srcset=\"https:\/\/vapebulkp.com\/wp-content\/uploads\/2024\/04\/Mandy-WhatsApp-Randm.jpg 916w, https:\/\/vapebulkp.com\/wp-content\/uploads\/2024\/04\/Mandy-WhatsApp-Randm-282x300.jpg 282w, https:\/\/vapebulkp.com\/wp-content\/uploads\/2024\/04\/Mandy-WhatsApp-Randm-768x817.jpg 768w, https:\/\/vapebulkp.com\/wp-content\/uploads\/2024\/04\/Mandy-WhatsApp-Randm-600x638.jpg 600w\" sizes=\"(max-width: 263px) 100vw, 263px\" \/><\/p>\n<p>&nbsp;<\/p>\n<h2><strong>\u010cesto postavljana pitanja o HZKO Supernova 30K Puffs jednokratnom vapeu<\/strong><\/h2>\n<p><strong>1. Koliko udisaja pru\u017ea HZKO Supernova 30k puff?<\/strong><br \/>\nHZKO Supernova nudi impresivnih <strong>30.000 'puffova'<\/strong>, \u0161to ga \u010dini vrhunskim izborom za dugotrajno vaping.<\/p>\n<p><strong>2. Je li HZKO Supernova vape 30000 puff punjiv?<\/strong><br \/>\nDa, sadr\u017ei <strong>punjivom baterijom od 850mAh<\/strong> s <strong>USB-C priklju\u010dkom za punjenje<\/strong> za brzo i prakti\u010dno punjenje.<\/p>\n<p><strong>3. Je li HZKO Vape od 30000 puff dostupan za brzu dostavu u Europi?<\/strong><br \/>\nApsolutno! Sa zalihama u <strong>EU skladi\u0161te<\/strong>, europski kupci u\u017eivaju <strong>brzu dostavu<\/strong>.<\/p>\n<h4><\/h4>\n<h2><strong>Za\u0161to kupiti HZKO Supernova 30K Puff Hot Vape po povoljnoj cijeni na <a href=\"https:\/\/vapebulkp.com\/hr\/\">Vapebulkp<\/a>?<\/strong><\/h2>\n<ol>\n<li><strong>Ekskluzivna cijena<\/strong>: Vapebulkp nudi konkurentne veleprodajne cijene, osiguravaju\u0107i vam najbolju vrijednost za visokokvalitetne proizvode poput HZKO Supernova 30000 Puff.<\/li>\n<li><strong>Dostupnost u EU skladi\u0161tu<\/strong>: U\u017eivajte u brzoj i pouzdanoj dostavi diljem Europe sa zalihama koje su dostupne lokalno, smanjuju\u0107i vrijeme \u010dekanja i osiguravaju\u0107i besprijekorno iskustvo kupnje.<\/li>\n<li><strong>Zajam\u010dena autenti\u010dnost<\/strong>: Vapebulkp je pouzdan dobavlja\u010d originalnih proizvoda za vaping, tako da mo\u017eete kupovati s povjerenjem znaju\u0107i da dobivate pravi proizvod.<\/li>\n<li><strong>Raznolik odabir okusa<\/strong>: Birajte izme\u0111u 12 jedinstvenih okusa prilago\u0111enih preferencijama europskih vapera, zajedno s fleksibilnim opcijama nikotinske soli (0%, 2%, 3%, 5%).<\/li>\n<li><strong>Podr\u0161ka usmjerena na kupca<\/strong>: <a href=\"https:\/\/vapebulkp.com\/hr\/\">Vapebulkp<\/a> ponosi se iznimnom uslugom za korisnike, spremnom pomo\u0107i s upitima i skupnim narud\u017ebama za pojedince ili trgovce.<\/li>\n<li><strong>Ekolo\u0161ke zna\u010dajke<\/strong>: Punjiv s Type-C priklju\u010dkom i napajan baterijom od 850 mAh, HZKO Supernova 30000 puffs vape promi\u010de odr\u017eivo vaping, u skladu s predano\u0161\u0107u Vapebulkpa modernim, ekolo\u0161ki osvije\u0161tenim proizvodima.<\/li>\n<\/ol>\n<h3><strong>Zna\u010dajke proizvoda europske e-cigarete Supernova 30000 Puff Disposable Vape<\/strong><\/h3>\n<ul>\n<li><strong>Potpuni digitalni zaslon<\/strong>: Prati broj udisaja, trajanje baterije i druge bitne detalje.<\/li>\n<li><strong>Podesivi protok zraka<\/strong>: Prilagodite svoje povla\u010denje za prilago\u0111eno iskustvo vapinga.<\/li>\n<li><strong>Opcije nikotinske soli<\/strong>: Dostupno u 0%, 2%, 3% i 5% za fleksibilne preferencije nikotina.<\/li>\n<li><strong>Veliki kapacitet e-teku\u0107ine<\/strong>: Prepunjen s 23 ml e-teku\u0107ine za dugotrajnu upotrebu.<\/li>\n<li><strong>Tehnologija dvostrukog mre\u017eastog grija\u010da<\/strong>: Osigurava dosljedan okus i glatku proizvodnju pare.<\/li>\n<li><strong>12 opcija okusa<\/strong>: \u0160irok raspon profila okusa koji odgovaraju svakom raspolo\u017eenju.<\/li>\n<li><strong>Punjiva baterija<\/strong>: Opremljen integriranom baterijom od 850 mAh za produ\u017eenu izvedbu.<\/li>\n<li><strong>Priklju\u010dak za punjenje Type-C<\/strong>: Brzo i prakti\u010dno punjenje za minimalno vrijeme zastoja.<\/li>\n<li><strong>Izuzetan broj udisaja<\/strong>: Nudi do 30.000 udisaja za neusporedivu dugovje\u010dnost.<\/li>\n<\/ul>\n<h3 class=\"sr-proMainInfo-baseInfoH1 J-baseInfo-name\">Popis okusa Hookah Vape HZKO supernova 30000 udisaja:<\/h3>\n<p>1.Plamena plava ledena<br \/>\n2. Miami Mint<br \/>\n3. Lubenica i led<br \/>\n4. Limeta Bobica Naran\u010da<br \/>\n5. Jagoda B-Pop<br \/>\n6. Kisela Jabuka Led<br \/>\n7. Kupina B-pop<br \/>\n8. Grejp Refre\u0161er<br \/>\n9. Malina Breskva Limeta<br \/>\n10. Kiseo Mango Ananas<br \/>\n11. Mije\u0161ano Bobi\u010dasto Vo\u0107e<br \/>\n12. Breskva Plavi Slushy<\/p>\n<p><a href=\"https:\/\/vapebulkp.com\/hr\/proizvod\/wga-crystal-plus-16000-puffs-led-light-disposable-vape\/\">WGA Crystal Plus 16000 Puffs<\/a><\/p>\n<p><span style=\"vertical-align: inherit\">Prona\u0111ite vi\u0161e proizvoda koji bi vam se mogli svidjeti:<\/span><em><a href=\"https:\/\/wa.me\/8618077105796\"><span style=\"vertical-align: inherit\">\u00a0Kupite sada<\/span><\/a><\/em><\/p>\n<p><span style=\"vertical-align: inherit\">Ostali Puffs koji bi vam se mogli svidjeti:<\/span><a href=\"https:\/\/vapebulkp.com\/hr\/proizvod\/good-sale-randm-tornado-10000-puffs-plus\/\"><span style=\"vertical-align: inherit\">RandM 10000Udisaja<\/span><\/a><span style=\"vertical-align: inherit\">\u2014S kapacitetom od 10.000 udisaja, ovaj je ure\u0111aj omiljen me\u0111u entuzijastima vapinga.<\/span><\/p>\n<p><a href=\"https:\/\/vapebulkp.com\/hr\/proizvod\/wholesale-randm-tornado-9000-puffs-germany\/\"><span style=\"vertical-align: inherit\">RandM Tornado 9000 Puhova<\/span><\/a><span style=\"vertical-align: inherit\">\u2014Kao najpopularnija e-cigareta, Randm ima 9.000 udisaja u kojima mo\u017eete u\u017eivati<\/span><\/p>\n<p><a href=\"https:\/\/vapebulkp.com\/hr\/proizvod\/bang-20000-puffs-hot-vape-top-sale-vape\/\"><span style=\"vertical-align: inherit\">Bang 20000 Udisaja<\/span><\/a><span style=\"vertical-align: inherit\">\u2014Bang King je popularan brend s jedinstvenim modelima i 20.000 udisaja<\/span><\/p>\n<p><a href=\"https:\/\/vapebulkp.com\/hr\/proizvod\/bang-king-12000puffs\/\"><span style=\"vertical-align: inherit\">Bang King 12000 Puhova<\/span><\/a>\u2014-Bang King 12000 Udisaja popularan je brend s jedinstvenim modelima i 12.000 udisaja, jo\u0161 jedna opcija da pobolj\u0161ate svoje potrebe za vapingom<\/p>\n<p><span style=\"vertical-align: inherit\">E-cigareta posebnog oblika boce:<\/span><a href=\"https:\/\/vapebulkp.com\/hr\/proizvod\/fumot-tornado-25k-puffs-cheap-price-disposable-vape\/\"><span style=\"vertical-align: inherit\">Fumot Tornado 25000 Udisaja<\/span><\/a><span style=\"vertical-align: inherit\">\/ <\/span><a href=\"https:\/\/vapebulkp.com\/hr\/proizvod\/vapme-crystal-7000-puffs-original-vape-good-flavor\/\"><span style=\"vertical-align: inherit\">Crystal 7000 udisaja<\/span><\/a><span style=\"vertical-align: inherit\">\/<\/span><a href=\"https:\/\/vapebulkp.com\/hr\/proizvod\/vozol-gear-power-disposable-vape-20000-puffs-dual-mode-5-nicotine\/\"><span style=\"vertical-align: inherit\">VOZOL Gear power 20000 Puffs<\/span><\/a><\/p>\n<p><a href=\"https:\/\/vapebulkp.com\/hr\/proizvod\/waspe-vape-40000-puff-fihp-double-flavour-disposable-vape\/\">\u00a0WASPE FIHP 40000 Udisaja Originalni vape<\/a><\/p>\n<p><a href=\"https:\/\/vapebulkp.com\/hr\/proizvod\/jnr-vape-mega-box-25000-puff-discount-price-vape-pods\/\">\u00a0JNR MEGA BOX 25K UDISAJA<\/a><\/p>\n<p><a href=\"https:\/\/vapebulkp.com\/hr\/proizvod\/jnr-vape-mega-box-25000-puff-discount-price-vape-pods\/\">JNR VAPE MEGA BOX 25000 udisaja <\/a><\/p>\n<h4>Detalji dostave:<\/h4>\n<p><span style=\"color: #ff6600\">Vrijeme proizvodnje: 5-10 radnih dana<\/span><br \/>\n<span style=\"color: #ff6600\">Vrijeme isporuke: 8-14 radnih dana<\/span><\/p>\n<p>Svi proizvodi u na\u0161oj trgovini su 100% originalni i autenti\u010dni, stoga je desetostruka naknada za la\u017enu robu na\u0161a politika trgovine. Za dostavu koristimo logisti\u010dke kanale kao \u0161to su UPS\/DHL\/FEDEX\/DPD.<\/p>\n<p>Za pakete poslane u Hrvatsku obi\u010dno je potrebno 10 radnih dana da stignu. Dostava u europske zemlje obi\u010dno traje 12 do 15 radnih dana da stigne. Logisti\u010dke informacije \u0107emo a\u017eurirati za vas u stvarnom vremenu.<\/p>","protected":false},"excerpt":{"rendered":"<p>HZKO Supernova 30000 Puffs nudi Vape Pods neusporedivu dugotrajnost, bogate okuse, podesivi protok zraka i digitalni zaslon\u2014kombiniraju\u0107i inovaciju i prakti\u010dnost za vrhunsko iskustvo vapinga.<\/p>\n<p><img decoding=\"async\" class=\"alignnone wp-image-2151\" src=\"http:\/\/vapebulkp.com\/wp-content\/uploads\/2024\/04\/Mandy-WhatsApp-Randm.jpg\" alt=\"Mandy WhatsApp Randm\" width=\"238\" height=\"253\" srcset=\"https:\/\/vapebulkp.com\/wp-content\/uploads\/2024\/04\/Mandy-WhatsApp-Randm.jpg 916w, https:\/\/vapebulkp.com\/wp-content\/uploads\/2024\/04\/Mandy-WhatsApp-Randm-282x300.jpg 282w, https:\/\/vapebulkp.com\/wp-content\/uploads\/2024\/04\/Mandy-WhatsApp-Randm-768x817.jpg 768w, https:\/\/vapebulkp.com\/wp-content\/uploads\/2024\/04\/Mandy-WhatsApp-Randm-600x638.jpg 600w\" sizes=\"(max-width: 238px) 100vw, 238px\" \/><\/p>\n<p>Molimo kontaktirajte Mandy's WhatsApp za cijenu s popustom<a href=\"https:\/\/wa.me\/8618077105796\">+8618077105796<\/a><\/p>\n<p><span style=\"color: #ff0000\">NAPOMENA: Cijene na na\u0161oj web stranici ne uklju\u010duju tro\u0161kove dostave<\/span><\/p>","protected":false},"featured_media":3164,"comment_status":"open","ping_status":"closed","template":"","meta":{"_uag_custom_page_level_css":"","_lmt_disableupdate":"no","_lmt_disable":"","site-sidebar-layout":"default","site-content-layout":"content-boxed-container","ast-site-content-layout":"normal-width-container","site-content-style":"boxed","site-sidebar-style":"unboxed","ast-global-header-display":"","ast-banner-title-visibility":"","ast-main-header-display":"","ast-hfb-above-header-display":"","ast-hfb-below-header-display":"","ast-hfb-mobile-header-display":"","site-post-title":"","ast-breadcrumbs-content":"","ast-featured-img":"","footer-sml-layout":"","theme-transparent-header-meta":"default","adv-header-id-meta":"","stick-header-meta":"","header-above-stick-meta":"","header-main-stick-meta":"","header-below-stick-meta":"","astra-migrate-meta-layouts":"set","_joinchat":[]},"product_cat":[160,153,155,33,59,100,87,34,158,157,154,152,58,84,156,63,32],"product_tag":[139,36,37,91,127,41,40],"class_list":["post-3168","product","type-product","status-publish","has-post-thumbnail","hentry","product_cat-30000-puff-disposable-vape","product_cat-hot-disposable-vapes","product_cat-belgium-hot-disposable-vapes","product_cat-france-vape-hot-sale","product_cat-germany-hot-disposable-vape","product_cat-germany-wholesale-vape-shop","product_cat-minimum-order-quantity-50pcs","product_cat-netherlands-vape-good-sale","product_cat-norway-hot-disposable-vapes","product_cat-poland-hot-disposable-vapes","product_cat-portugal-hot-disposable-vapes","product_cat-spain-hot-disposable-vapes","product_cat-sweden-hot-disposable-vape","product_cat-sweden-wholesale-vape","product_cat-switzerland-hot-disposable-vapes","product_cat-top-sale-disposable-vape","product_cat-vape-hot-sale-this-week","product_tag-30k-puffs","product_tag-good-vape","product_tag-hot-sale-disposable-vape","product_tag-italy-hot-vape","product_tag-original-vape-inr-shisha","product_tag-poland-hot-vape","product_tag-sweden-hot-vape","desktop-align-left","tablet-align-left","mobile-align-left"],"yoast_head":"<!-- This site is optimized with the Yoast SEO plugin v21.1 - https:\/\/yoast.com\/wordpress\/plugins\/seo\/ -->\n<title>HZKO Supernova 30000 Puff EU Warehouse Vape Display Screen Disposable Vape - vapebulkp.com<\/title>\n<meta name=\"description\" content=\"Get the HZKO Supernova 30000 Puff Disposable Vape. Features a digital screen, dual mesh coils, and 30,000 puffs. Order from our EU warehouse for fast shipping.\" \/>\n<meta name=\"robots\" content=\"index, follow, max-snippet:-1, max-image-preview:large, max-video-preview:-1\" \/>\n<link rel=\"canonical\" href=\"https:\/\/vapebulkp.com\/hr\/proizvod\/hzko-supernova-30000-puff-eu-warehouse-vape-disposable-vape\/\" \/>\n<meta property=\"og:locale\" content=\"hr_HR\" \/>\n<meta property=\"og:type\" content=\"article\" \/>\n<meta property=\"og:title\" content=\"HZKO Supernova 30000 Puff EU Warehouse Vape Display Screen Disposable Vape - vapebulkp.com\" \/>\n<meta property=\"og:description\" content=\"Get the HZKO Supernova 30000 Puff Disposable Vape. Features a digital screen, dual mesh coils, and 30,000 puffs. Order from our EU warehouse for fast shipping.\" \/>\n<meta property=\"og:url\" content=\"https:\/\/vapebulkp.com\/hr\/proizvod\/hzko-supernova-30000-puff-eu-warehouse-vape-disposable-vape\/\" \/>\n<meta property=\"og:site_name\" content=\"vapebulkp.com\" \/>\n<meta property=\"article:modified_time\" content=\"2025-08-29T03:07:15+00:00\" \/>\n<meta property=\"og:image\" content=\"http:\/\/vapebulkp.com\/wp-content\/uploads\/2024\/11\/HZKO-supernova-30000-puffs-Hot-Sale-Vape.jpg\" \/>\n\t<meta property=\"og:image:width\" content=\"800\" \/>\n\t<meta property=\"og:image:height\" content=\"800\" \/>\n\t<meta property=\"og:image:type\" content=\"image\/jpeg\" \/>\n<meta name=\"twitter:card\" content=\"summary_large_image\" \/>\n<meta name=\"twitter:label1\" content=\"Procijenjeno vrijeme \u010ditanja\" \/>\n\t<meta name=\"twitter:data1\" content=\"4 minute\" \/>\n<script type=\"application\/ld+json\" class=\"yoast-schema-graph\">{\"@context\":\"https:\/\/schema.org\",\"@graph\":[{\"@type\":\"WebPage\",\"@id\":\"https:\/\/vapebulkp.com\/product\/hzko-supernova-30000-puff-eu-warehouse-vape-disposable-vape\/\",\"url\":\"https:\/\/vapebulkp.com\/product\/hzko-supernova-30000-puff-eu-warehouse-vape-disposable-vape\/\",\"name\":\"HZKO Supernova 30000 Puff EU Warehouse Vape Display Screen Disposable Vape - vapebulkp.com\",\"isPartOf\":{\"@id\":\"https:\/\/vapebulkp.com\/#website\"},\"datePublished\":\"2024-11-26T07:13:47+00:00\",\"dateModified\":\"2025-08-29T03:07:15+00:00\",\"description\":\"Get the HZKO Supernova 30000 Puff Disposable Vape. Features a digital screen, dual mesh coils, and 30,000 puffs. Order from our EU warehouse for fast shipping.\",\"breadcrumb\":{\"@id\":\"https:\/\/vapebulkp.com\/product\/hzko-supernova-30000-puff-eu-warehouse-vape-disposable-vape\/#breadcrumb\"},\"inLanguage\":\"hr\",\"potentialAction\":[{\"@type\":\"ReadAction\",\"target\":[\"https:\/\/vapebulkp.com\/product\/hzko-supernova-30000-puff-eu-warehouse-vape-disposable-vape\/\"]}]},{\"@type\":\"BreadcrumbList\",\"@id\":\"https:\/\/vapebulkp.com\/product\/hzko-supernova-30000-puff-eu-warehouse-vape-disposable-vape\/#breadcrumb\",\"itemListElement\":[{\"@type\":\"ListItem\",\"position\":1,\"name\":\"Home\",\"item\":\"https:\/\/vapebulkp.com\/\"},{\"@type\":\"ListItem\",\"position\":2,\"name\":\"Hot Trend Vapes\",\"item\":\"https:\/\/vapebulkp.com\/vape-shop\/\"},{\"@type\":\"ListItem\",\"position\":3,\"name\":\"HZKO Supernova 30000 Puff EU Warehouse Vape Display Screen Disposable Vape\"}]},{\"@type\":\"WebSite\",\"@id\":\"https:\/\/vapebulkp.com\/#website\",\"url\":\"https:\/\/vapebulkp.com\/\",\"name\":\"vapebulkp.com\",\"description\":\"Buy Vape In Cheap Bulk Price Near you\",\"publisher\":{\"@id\":\"https:\/\/vapebulkp.com\/#organization\"},\"potentialAction\":[{\"@type\":\"SearchAction\",\"target\":{\"@type\":\"EntryPoint\",\"urlTemplate\":\"https:\/\/vapebulkp.com\/?s={search_term_string}\"},\"query-input\":\"required name=search_term_string\"}],\"inLanguage\":\"hr\"},{\"@type\":\"Organization\",\"@id\":\"https:\/\/vapebulkp.com\/#organization\",\"name\":\"vapebulkp.com\",\"url\":\"https:\/\/vapebulkp.com\/\",\"logo\":{\"@type\":\"ImageObject\",\"inLanguage\":\"hr\",\"@id\":\"https:\/\/vapebulkp.com\/#\/schema\/logo\/image\/\",\"url\":\"https:\/\/vapebulkp.com\/wp-content\/uploads\/2023\/09\/cropped-vapebulkp.png\",\"contentUrl\":\"https:\/\/vapebulkp.com\/wp-content\/uploads\/2023\/09\/cropped-vapebulkp.png\",\"width\":516,\"height\":163,\"caption\":\"vapebulkp.com\"},\"image\":{\"@id\":\"https:\/\/vapebulkp.com\/#\/schema\/logo\/image\/\"}}]}<\/script>\n<!-- \/ Yoast SEO plugin. -->","yoast_head_json":{"title":"HZKO Supernova 30000 Puff EU Warehouse Vape Display Screen Disposable Vape - vapebulkp.com","description":"Get the HZKO Supernova 30000 Puff Disposable Vape. Features a digital screen, dual mesh coils, and 30,000 puffs. Order from our EU warehouse for fast shipping.","robots":{"index":"index","follow":"follow","max-snippet":"max-snippet:-1","max-image-preview":"max-image-preview:large","max-video-preview":"max-video-preview:-1"},"canonical":"https:\/\/vapebulkp.com\/hr\/proizvod\/hzko-supernova-30000-puff-eu-warehouse-vape-disposable-vape\/","og_locale":"hr_HR","og_type":"article","og_title":"HZKO Supernova 30000 Puff EU Warehouse Vape Display Screen Disposable Vape - vapebulkp.com","og_description":"Get the HZKO Supernova 30000 Puff Disposable Vape. Features a digital screen, dual mesh coils, and 30,000 puffs. Order from our EU warehouse for fast shipping.","og_url":"https:\/\/vapebulkp.com\/hr\/proizvod\/hzko-supernova-30000-puff-eu-warehouse-vape-disposable-vape\/","og_site_name":"vapebulkp.com","article_modified_time":"2025-08-29T03:07:15+00:00","og_image":[{"width":800,"height":800,"url":"http:\/\/vapebulkp.com\/wp-content\/uploads\/2024\/11\/HZKO-supernova-30000-puffs-Hot-Sale-Vape.jpg","type":"image\/jpeg"}],"twitter_card":"summary_large_image","twitter_misc":{"Procijenjeno vrijeme \u010ditanja":"4 minute"},"schema":{"@context":"https:\/\/schema.org","@graph":[{"@type":"WebPage","@id":"https:\/\/vapebulkp.com\/product\/hzko-supernova-30000-puff-eu-warehouse-vape-disposable-vape\/","url":"https:\/\/vapebulkp.com\/product\/hzko-supernova-30000-puff-eu-warehouse-vape-disposable-vape\/","name":"HZKO Supernova 30000 Puff EU Warehouse Vape Display Screen Disposable Vape - vapebulkp.com","isPartOf":{"@id":"https:\/\/vapebulkp.com\/#website"},"datePublished":"2024-11-26T07:13:47+00:00","dateModified":"2025-08-29T03:07:15+00:00","description":"Get the HZKO Supernova 30000 Puff Disposable Vape. Features a digital screen, dual mesh coils, and 30,000 puffs. Order from our EU warehouse for fast shipping.","breadcrumb":{"@id":"https:\/\/vapebulkp.com\/product\/hzko-supernova-30000-puff-eu-warehouse-vape-disposable-vape\/#breadcrumb"},"inLanguage":"hr","potentialAction":[{"@type":"ReadAction","target":["https:\/\/vapebulkp.com\/product\/hzko-supernova-30000-puff-eu-warehouse-vape-disposable-vape\/"]}]},{"@type":"BreadcrumbList","@id":"https:\/\/vapebulkp.com\/product\/hzko-supernova-30000-puff-eu-warehouse-vape-disposable-vape\/#breadcrumb","itemListElement":[{"@type":"ListItem","position":1,"name":"Home","item":"https:\/\/vapebulkp.com\/"},{"@type":"ListItem","position":2,"name":"Hot Trend Vapes","item":"https:\/\/vapebulkp.com\/vape-shop\/"},{"@type":"ListItem","position":3,"name":"HZKO Supernova 30000 Puff EU Warehouse Vape Display Screen Disposable Vape"}]},{"@type":"WebSite","@id":"https:\/\/vapebulkp.com\/#website","url":"https:\/\/vapebulkp.com\/","name":"vapebulkp.com","description":"Buy Vape In Cheap Bulk Price Near you","publisher":{"@id":"https:\/\/vapebulkp.com\/#organization"},"potentialAction":[{"@type":"SearchAction","target":{"@type":"EntryPoint","urlTemplate":"https:\/\/vapebulkp.com\/?s={search_term_string}"},"query-input":"required name=search_term_string"}],"inLanguage":"hr"},{"@type":"Organization","@id":"https:\/\/vapebulkp.com\/#organization","name":"vapebulkp.com","url":"https:\/\/vapebulkp.com\/","logo":{"@type":"ImageObject","inLanguage":"hr","@id":"https:\/\/vapebulkp.com\/#\/schema\/logo\/image\/","url":"https:\/\/vapebulkp.com\/wp-content\/uploads\/2023\/09\/cropped-vapebulkp.png","contentUrl":"https:\/\/vapebulkp.com\/wp-content\/uploads\/2023\/09\/cropped-vapebulkp.png","width":516,"height":163,"caption":"vapebulkp.com"},"image":{"@id":"https:\/\/vapebulkp.com\/#\/schema\/logo\/image\/"}}]}},"uagb_featured_image_src":{"full":["https:\/\/vapebulkp.com\/wp-content\/uploads\/2024\/11\/HZKO-supernova-30000-puffs-Hot-Sale-Vape.jpg",800,800,false],"thumbnail":["https:\/\/vapebulkp.com\/wp-content\/uploads\/2024\/11\/HZKO-supernova-30000-puffs-Hot-Sale-Vape-150x150.jpg",150,150,true],"medium":["https:\/\/vapebulkp.com\/wp-content\/uploads\/2024\/11\/HZKO-supernova-30000-puffs-Hot-Sale-Vape-300x300.jpg",300,300,true],"medium_large":["https:\/\/vapebulkp.com\/wp-content\/uploads\/2024\/11\/HZKO-supernova-30000-puffs-Hot-Sale-Vape-768x768.jpg",768,768,true],"large":["https:\/\/vapebulkp.com\/wp-content\/uploads\/2024\/11\/HZKO-supernova-30000-puffs-Hot-Sale-Vape.jpg",800,800,false],"1536x1536":["https:\/\/vapebulkp.com\/wp-content\/uploads\/2024\/11\/HZKO-supernova-30000-puffs-Hot-Sale-Vape.jpg",800,800,false],"2048x2048":["https:\/\/vapebulkp.com\/wp-content\/uploads\/2024\/11\/HZKO-supernova-30000-puffs-Hot-Sale-Vape.jpg",800,800,false],"trp-custom-language-flag":["https:\/\/vapebulkp.com\/wp-content\/uploads\/2024\/11\/HZKO-supernova-30000-puffs-Hot-Sale-Vape.jpg",12,12,false],"woocommerce_thumbnail":["https:\/\/vapebulkp.com\/wp-content\/uploads\/2024\/11\/HZKO-supernova-30000-puffs-Hot-Sale-Vape-300x300.jpg",300,300,true],"woocommerce_single":["https:\/\/vapebulkp.com\/wp-content\/uploads\/2024\/11\/HZKO-supernova-30000-puffs-Hot-Sale-Vape-600x600.jpg",600,600,true],"woocommerce_gallery_thumbnail":["https:\/\/vapebulkp.com\/wp-content\/uploads\/2024\/11\/HZKO-supernova-30000-puffs-Hot-Sale-Vape-100x100.jpg",100,100,true],"wcpr-photo-reviews":["https:\/\/vapebulkp.com\/wp-content\/uploads\/2024\/11\/HZKO-supernova-30000-puffs-Hot-Sale-Vape.jpg",500,500,false]},"uagb_author_info":{"display_name":"Mandy vape bulk price","author_link":"https:\/\/vapebulkp.com\/hr\/author\/"},"uagb_comment_info":0,"uagb_excerpt":"The HZKO Supernova 30000 Puffs offers Vape Pods unparalleled longevity, rich flavors, adjustable airflow, and a digital display\u2014combining innovation and convenience for the ultimate vaping experience. Pls Contact Mandy's WhatsApp For Discount Price+8618077105796 NOTE: Prices on our website does not include shipping costs","_links":{"self":[{"href":"https:\/\/vapebulkp.com\/hr\/wp-json\/wp\/v2\/product\/3168","targetHints":{"allow":["GET"]}}],"collection":[{"href":"https:\/\/vapebulkp.com\/hr\/wp-json\/wp\/v2\/product"}],"about":[{"href":"https:\/\/vapebulkp.com\/hr\/wp-json\/wp\/v2\/types\/product"}],"replies":[{"embeddable":true,"href":"https:\/\/vapebulkp.com\/hr\/wp-json\/wp\/v2\/comments?post=3168"}],"wp:featuredmedia":[{"embeddable":true,"href":"https:\/\/vapebulkp.com\/hr\/wp-json\/wp\/v2\/media\/3164"}],"wp:attachment":[{"href":"https:\/\/vapebulkp.com\/hr\/wp-json\/wp\/v2\/media?parent=3168"}],"wp:term":[{"taxonomy":"product_cat","embeddable":true,"href":"https:\/\/vapebulkp.com\/hr\/wp-json\/wp\/v2\/product_cat?post=3168"},{"taxonomy":"product_tag","embeddable":true,"href":"https:\/\/vapebulkp.com\/hr\/wp-json\/wp\/v2\/product_tag?post=3168"}],"curies":[{"name":"wp","href":"https:\/\/api.w.org\/{rel}","templated":true}]}}