{"id":3207,"date":"2024-12-02T04:31:56","date_gmt":"2024-12-02T03:31:56","guid":{"rendered":"https:\/\/vapebulkp.com\/?post_type=product&#038;p=3207"},"modified":"2025-09-24T05:17:27","modified_gmt":"2025-09-24T03:17:27","slug":"wholesale-price-bang-kingdoms-rex-32000-puffs-vape-pod","status":"publish","type":"product","link":"https:\/\/vapebulkp.com\/hr\/proizvod\/wholesale-price-bang-kingdoms-rex-32000-puffs-vape-pod\/","title":{"rendered":"Veleprodajna cijena Bang Kingdoms rex 32000 Puffs Vape Pod"},"content":{"rendered":"<h2 style=\"text-align: left\">Veleprodajna cijena Bang Kingdoms rex 32000 Puffs Vape Pod<\/h2>\n<p>&nbsp;<\/p>\n<p data-start=\"244\" data-end=\"534\">O <strong data-start=\"248\" data-end=\"297\">Bang Kingdoms rex 32000 Puffs jednokratni Vape<\/strong> je osmi\u0161ljen za dugotrajnu izvedbu i vrhunsko zadovoljstvo vapingom. S <strong data-start=\"379\" data-end=\"410\">dvostrukim komorama za e-teku\u0107inu od 28 ml<\/strong> i opcijama <strong data-start=\"426\" data-end=\"456\">2% ili 5% ja\u010dine nikotina<\/strong>, pru\u017ea glatki i sna\u017ean udarac prilago\u0111en preferencijama mladih odraslih.<\/p>\n<p data-start=\"536\" data-end=\"815\">Opremljen s <strong data-start=\"552\" data-end=\"583\">650mAh punjivom baterijom<\/strong> i <strong data-start=\"588\" data-end=\"612\">brzim Type-C punjenjem<\/strong>, ovaj ure\u0111aj osigurava neprekinute sesije vapinga. Sustav grijanja s <strong data-start=\"669\" data-end=\"702\">1,0\u03a9 mre\u017eastom zavojnicom<\/strong> jam\u010di dosljednu paru i bogat okus, \u0161to ga \u010dini pouzdanim izborom za svakodnevnu upotrebu ili dru\u0161tvene prigode.<\/p>\n<p data-start=\"817\" data-end=\"1123\">Dizajniran s veletrgovcima i maloprodajnim trgovcima na umu, <a href=\"https:\/\/vapebulkp.com\/hr\/proizvod\/wholesale-price-bang-kingdoms-rex-32000-puffs-vape-pod\/\">Bang Kingdoms rex 32000 Pufova<\/a> podr\u017eava <strong data-start=\"909\" data-end=\"938\">OEM i ODM prilagodbu<\/strong>, pru\u017eaju\u0107i fleksibilna rje\u0161enja za tr\u017ei\u0161te u Hrvatskoj.<\/p>\n<p data-start=\"1125\" data-end=\"1329\">Uz druge popularne modele poput Bang Kingdoms rex 32000 Puffs i <a href=\"https:\/\/vapebulkp.com\/hr\/kategorija-proizvoda\/32000-puffs-disposable-vape\/\"><strong>32000 Puffs jednokratni Vape<\/strong><\/a>, Bang Kingdoms rex 32000 Puffs ja\u010da svoju poziciju kao vrhunski prodajni proizvod na tr\u017ei\u0161tima diljem Hrvatske.<\/p>\n<p><img decoding=\"async\" class=\"wp-image-3206\" src=\"http:\/\/vapebulkp.com\/wp-content\/uploads\/2024\/12\/bang-kingdoms-rex-32000-Puffs-good-Vape-pod-Bulk-price.jpg\" alt=\"Bang Kingdoms Rex 32000 Udisaja Dobar Vape Pod Veleprodajna cijena\" width=\"508\" height=\"508\" srcset=\"https:\/\/vapebulkp.com\/wp-content\/uploads\/2024\/12\/bang-kingdoms-rex-32000-Puffs-good-Vape-pod-Bulk-price.jpg 800w, https:\/\/vapebulkp.com\/wp-content\/uploads\/2024\/12\/bang-kingdoms-rex-32000-Puffs-good-Vape-pod-Bulk-price-300x300.jpg 300w, https:\/\/vapebulkp.com\/wp-content\/uploads\/2024\/12\/bang-kingdoms-rex-32000-Puffs-good-Vape-pod-Bulk-price-150x150.jpg 150w, https:\/\/vapebulkp.com\/wp-content\/uploads\/2024\/12\/bang-kingdoms-rex-32000-Puffs-good-Vape-pod-Bulk-price-768x768.jpg 768w, https:\/\/vapebulkp.com\/wp-content\/uploads\/2024\/12\/bang-kingdoms-rex-32000-Puffs-good-Vape-pod-Bulk-price-600x600.jpg 600w, https:\/\/vapebulkp.com\/wp-content\/uploads\/2024\/12\/bang-kingdoms-rex-32000-Puffs-good-Vape-pod-Bulk-price-100x100.jpg 100w\" sizes=\"(max-width: 508px) 100vw, 508px\" \/><\/p>\n<h6><\/h6>\n<p><img decoding=\"async\" class=\"alignnone wp-image-2151\" src=\"http:\/\/vapebulkp.com\/wp-content\/uploads\/2024\/04\/Mandy-WhatsApp-Randm.jpg\" alt=\"Mandy WhatsApp Randm\" width=\"324\" height=\"330\" \/><\/p>\n<h6>Molimo kontaktirajte Mandy's WhatsApp za cijenu s popustom<a href=\"https:\/\/wa.me\/8618077105796\">+8618077105796<\/a><\/h6>\n<p>&nbsp;<\/p>\n<h2>Za\u0161to odabrati jeftinu Bang Kingdoms Rex 32.000 Puffs s Vapebulkp.com?<\/h2>\n<h3><\/h3>\n<ul>\n<li><strong>Nenadma\u0161an broj pufova<\/strong><br \/>\nSa <strong>32.000 pufova<\/strong>, ovaj ure\u0111aj osigurava dugotrajno zadovoljstvo, \u010dine\u0107i ga isplativim i prakti\u010dnim izborom za redovite korisnike.<\/li>\n<li><strong>Dvostruki kapacitet e-teku\u0107ine<\/strong><br \/>\nOpremljen s <strong>28 ml x 2 spremnika e-teku\u0107ine<\/strong>, ovaj ure\u0111aj pru\u017ea dosljedan okus i produ\u017eenu upotrebu bez \u010destog punjenja.<\/li>\n<li><strong>Opcije nikotina<\/strong><br \/>\nDostupno u <strong>ja\u010dinama nikotina od 2% i 5%<\/strong>, Bang Kingdoms Rex zadovoljava \u0161irok raspon preferencija, osiguravaju\u0107i prilago\u0111eno iskustvo vapinga.<\/li>\n<li><strong>Sna\u017ena baterija<\/strong><br \/>\nO <strong>13300 jezgra baterije<\/strong> uparena s <strong>650mAh punjivom baterijom<\/strong> jam\u010di produ\u017eenu upotrebu, podr\u017eanu u\u010dinkovitom i pouzdanom izlaznom snagom.<\/li>\n<li><strong>Napredna tehnologija grijanja<\/strong><br \/>\nSadr\u017ei <strong>1.0\u03a9 mre\u017easta zavojnica<\/strong>, ovaj vape osigurava ravnomjerno zagrijavanje za gla\u0111u proizvodnju pare i pobolj\u0161anu isporuku okusa.<\/li>\n<\/ul>\n<p>Bilo da ste iskusni vaper ili prvi put istra\u017eujete jednokratne ure\u0111aje, <strong>Bang Kingdoms Rex 32.000 Puffs<\/strong> je va\u0161e idealno rje\u0161enje za vrhunsko iskustvo vapinga. Kupite odmah na Vapebulkp.com za najbolje ponude!<\/p>\n<h3><\/h3>\n<h3>\u010cesta pitanja o veleprodajnoj kupnji Bang Vapes Kingdoms Rex 32.000 Puffs:<\/h3>\n<p><strong>P: Koja je minimalna koli\u010dina narud\u017ebe (MOQ) za Bang Vape Kingdoms Rex 32.000 Puff vape?<\/strong><br \/>\nO: Minimalna narud\u017eba je 50 komada.<\/p>\n<p><strong>P: Koliko traje dostava za Bang Kingdoms Rex 32k Puffs?<\/strong><br \/>\nO: Dostava obi\u010dno traje 10-15 dana od datuma slanja.<\/p>\n<p><strong>P: Koliki je tro\u0161ak dostave za Top Sale Bang Vape Kingdoms Rex 32.000 Puffs?<\/strong><br \/>\nO: Tro\u0161kovi dostave variraju ovisno o ukupnoj te\u017eini narud\u017ebe. Ve\u0107e koli\u010dine mogu imati razli\u010dite stope. Kontaktirajte nas za to\u010dnu procjenu tro\u0161kova dostave.<\/p>\n<p><strong>P: Koji su okusi dostupni za veleprodaju dugotrajnog vapea Bang Vape Kingdoms Rex 32k Puffs?<\/strong><br \/>\nO: Ovaj model nudi niz vrhunskih okusa, uklju\u010duju\u0107i tropsko vo\u0107e, osvje\u017eavaju\u0107i mentol i opcije inspirirane desertima. Kontaktirajte nas za potpuni popis dostupnih okusa.<\/p>\n<p><strong>P: Je li Bang Vape Kingdoms Rex 32.000 Puffs prikladan za veleprodajne kupce?<\/strong><br \/>\nO: Da, izvrstan je izbor za veleprodajne kupnje. Nudimo konkurentne cijene za skupne narud\u017ebe. Molimo kontaktirajte nas za dodatne detalje.<\/p>\n<p>&nbsp;<\/p>\n<h3><strong>Bang Vape Kingdoms Rex 32.000 Puffs\u00a0 <\/strong>Zna\u010dajke proizvoda<\/h3>\n<ul>\n<li><strong>Nevjerojatan broj udaha:<\/strong> 32.000 udaha za dugotrajno zadovoljstvo parenjem.<\/li>\n<li><strong>Dvostruke komore za e-teku\u0107inu:<\/strong> Kapacitet 28 ml x 2 za dosljednost okusa i pare.<\/li>\n<li><strong>Punjiva baterija:<\/strong> Baterija od 650 mAh s Type-C Huawei priklju\u010dkom za brzo i pouzdano punjenje.<\/li>\n<li><strong>Napredna tehnologija mre\u017easte jezgre:<\/strong> Grija\u0107a \u017eica od 1.0\u03a9 za glatku, bogatu paru.<\/li>\n<li><strong>Prilagodljiva rje\u0161enja:<\/strong> OEM\/ODM podr\u0161ka za tvrtke koje tra\u017ee jedinstvene prilike za brendiranje.<\/li>\n<\/ul>\n<h3><strong>Bang Kingdoms rex 32.000 Puffs Jeftini vapeovi Okus:<\/strong><\/h3>\n<p>1.LUBENICA LED, BOROVNICA MENTA<br \/>\n2.LUBENICA LED, JAGODA I MANGO<br \/>\n3.JAGODA I LUBENICA, KIWI PASIJONKA GUAVA<br \/>\n4.JAGODA I LUBENICA, GRO\u017d\u0110E LED<br \/>\n5.BOROVNICA MALINA, BRESKVA MANGO LUBENICA<br \/>\n6. BOROVNICA LUBENICA, JAGODA MANGO<br \/>\n7. BOROVNICA LED, CRNI ZMAJ LED<br \/>\n8. BOROVNICA LED, JAGODA I BANANA<br \/>\n9. CRVENI BIK, BOROVNICA LUBENICA<br \/>\n10. CRVENI BIK, LUBENICA \u017dVAKA\u0106A BOMBONS<br \/>\n11. JAGODA KIVI, BRESKVA LED<br \/>\n12. JAGODA KIVI, KISELA JABUKA MALINA<\/p>\n<p><a href=\"https:\/\/vapebulkp.com\/hr\/proizvod\/best-price-vape-randm-15000-puffs-good-vape\/\"><span style=\"vertical-align: inherit\">RandM Tornado 15000 uvla\u010denja <\/span><\/a><\/p>\n<p><span style=\"vertical-align: inherit\">Prona\u0111ite vi\u0161e proizvoda koji bi vam se mogli svidjeti:<\/span><em><a href=\"https:\/\/wa.me\/8618077105796\"><span style=\"vertical-align: inherit\">\u00a0Kupite sada<\/span><\/a><\/em><\/p>\n<p><span style=\"vertical-align: inherit\">Ostali Puffs koji bi vam se mogli svidjeti:<\/span><a href=\"https:\/\/vapebulkp.com\/hr\/proizvod\/wga-legend-30000-puffs-factory-price-disposable-vape-europe-warehouse\/\"><span style=\"vertical-align: inherit\">WGA 30K Udisaja <\/span><\/a><span style=\"vertical-align: inherit\">\u3001<\/span><a href=\"https:\/\/vapebulkp.com\/hr\/proizvod\/wholesale-randm-tornado-9000-puffs-germany\/\"><span style=\"vertical-align: inherit\">RandM 9000 Udisaja<\/span><\/a><span style=\"vertical-align: inherit\">\/ <\/span><a href=\"https:\/\/vapebulkp.com\/hr\/proizvod\/vozol-vista-20000-puff-rechargeable-vape-cheap-price-today\/\"><span style=\"vertical-align: inherit\">Vozol vista 20000 uvla\u010denja<\/span><\/a><span style=\"vertical-align: inherit\">\/ <\/span><a href=\"https:\/\/vapebulkp.com\/hr\/proizvod\/wga-crystal-plus-16000-puffs-led-light-disposable-vape\/\"><span style=\"vertical-align: inherit\">WGA Crystal 16000 uvla\u010denja<\/span><\/a><\/p>\n<p><span style=\"vertical-align: inherit\">E-cigareta posebnog oblika boce:<\/span><a href=\"https:\/\/vapebulkp.com\/hr\/proizvod\/bang-beach-20k-puffs-led-display-vape-discount-price\/\"><span style=\"vertical-align: inherit\"> Bang\u00a0 Beach 20000 uvla\u010denja<\/span><\/a><span style=\"vertical-align: inherit\">\/ <\/span><a href=\"https:\/\/vapebulkp.com\/hr\/proizvod\/jnr-vape-watch-18-30k-puffs-2-nic-wholesale-price-disposable-vape\/\"><span style=\"vertical-align: inherit\">\u00a0JNR Sat Udisaja <\/span><\/a><span style=\"vertical-align: inherit\">\/<\/span><a href=\"https:\/\/vapebulkp.com\/hr\/proizvod\/uzy-bang-digital-15000puffs-led-display-e-cigarettes\/\"><span style=\"vertical-align: inherit\">UZY Bang Digital Box\u00a0 15000 uvla\u010denja<\/span><\/a><\/p>\n<h5>Kvalifikacija proizvodnje:<\/h5>\n<p><img decoding=\"async\" class=\"alignnone size-full wp-image-1841\" src=\"http:\/\/vapebulkp.com\/wp-content\/uploads\/2023\/11\/Vape-production-process-2.jpeg\" alt=\"Proces proizvodnje vape ure\u0111aja\" width=\"650\" height=\"434\" srcset=\"https:\/\/vapebulkp.com\/wp-content\/uploads\/2023\/11\/Vape-production-process-2.jpeg 650w, https:\/\/vapebulkp.com\/wp-content\/uploads\/2023\/11\/Vape-production-process-2-300x200.jpeg 300w, https:\/\/vapebulkp.com\/wp-content\/uploads\/2023\/11\/Vape-production-process-2-600x401.jpeg 600w\" sizes=\"(max-width: 650px) 100vw, 650px\" \/><\/p>\n<h4>Detalji dostave:<\/h4>\n<p><span style=\"color: #ff6600\">Vrijeme proizvodnje: 5-10 radnih dana<\/span><br \/>\n<span style=\"color: #ff6600\">Vrijeme isporuke: 8-14 radnih dana<\/span><\/p>\n<p>Svi proizvodi u na\u0161oj trgovini su 100% originalni i autenti\u010dni, stoga je desetostruka naknada za la\u017enu robu na\u0161a politika trgovine. Za dostavu koristimo logisti\u010dke kanale kao \u0161to su UPS\/DHL\/FEDEX\/DPD.<\/p>\n<p>Za pakete poslane u Hrvatsku obi\u010dno je potrebno 10 radnih dana da stignu. Dostava u europske zemlje obi\u010dno traje 12 do 15 radnih dana da stigne. Logisti\u010dke informacije \u0107emo a\u017eurirati za vas u stvarnom vremenu.<\/p>","protected":false},"excerpt":{"rendered":"<p>Veleprodaja Bang Kingdoms Rex 32,000 Puffs punjivi Vape Pod, dvostruke komore od 28 ml, bogati okusi, dugotrajna izvedba. Kupite na veliko odmah!<\/p>\n<p>Molimo kontaktirajte Mandy's WhatsApp za cijenu s popustom<a href=\"https:\/\/wa.me\/8618077105796\">+8618077105796<\/a><\/p>\n<p><img decoding=\"async\" class=\"alignnone wp-image-2151\" src=\"http:\/\/vapebulkp.com\/wp-content\/uploads\/2024\/04\/Mandy-WhatsApp-Randm.jpg\" alt=\"Mandy WhatsApp Randm\" width=\"297\" height=\"316\" srcset=\"https:\/\/vapebulkp.com\/wp-content\/uploads\/2024\/04\/Mandy-WhatsApp-Randm.jpg 916w, https:\/\/vapebulkp.com\/wp-content\/uploads\/2024\/04\/Mandy-WhatsApp-Randm-282x300.jpg 282w, https:\/\/vapebulkp.com\/wp-content\/uploads\/2024\/04\/Mandy-WhatsApp-Randm-768x817.jpg 768w, https:\/\/vapebulkp.com\/wp-content\/uploads\/2024\/04\/Mandy-WhatsApp-Randm-600x638.jpg 600w\" sizes=\"(max-width: 297px) 100vw, 297px\" \/><\/p>\n<p><span style=\"color: #ff0000\">NAPOMENA: Cijene na na\u0161oj web stranici ne uklju\u010duju tro\u0161kove dostave<\/span><\/p>\n<p>&nbsp;<\/p>","protected":false},"featured_media":3206,"comment_status":"open","ping_status":"closed","template":"","meta":{"_uag_custom_page_level_css":"","_lmt_disableupdate":"no","_lmt_disable":"","site-sidebar-layout":"default","site-content-layout":"content-boxed-container","ast-site-content-layout":"normal-width-container","site-content-style":"boxed","site-sidebar-style":"unboxed","ast-global-header-display":"","ast-banner-title-visibility":"","ast-main-header-display":"","ast-hfb-above-header-display":"","ast-hfb-below-header-display":"","ast-hfb-mobile-header-display":"","site-post-title":"","ast-breadcrumbs-content":"","ast-featured-img":"","footer-sml-layout":"","theme-transparent-header-meta":"default","adv-header-id-meta":"","stick-header-meta":"","header-above-stick-meta":"","header-main-stick-meta":"","header-below-stick-meta":"","astra-migrate-meta-layouts":"set","_joinchat":[]},"product_cat":[188,153,345,155,33,59,100,34,158,157,154,152,58,84,156,63,32],"product_tag":[189,36,37,41,40],"class_list":["post-3207","product","type-product","status-publish","has-post-thumbnail","hentry","product_cat-32000-puffs-disposable-vape","product_cat-hot-disposable-vapes","product_cat-bang-vapes","product_cat-belgium-hot-disposable-vapes","product_cat-france-vape-hot-sale","product_cat-germany-hot-disposable-vape","product_cat-germany-wholesale-vape-shop","product_cat-netherlands-vape-good-sale","product_cat-norway-hot-disposable-vapes","product_cat-poland-hot-disposable-vapes","product_cat-portugal-hot-disposable-vapes","product_cat-spain-hot-disposable-vapes","product_cat-sweden-hot-disposable-vape","product_cat-sweden-wholesale-vape","product_cat-switzerland-hot-disposable-vapes","product_cat-top-sale-disposable-vape","product_cat-vape-hot-sale-this-week","product_tag-32000-puffs","product_tag-good-vape","product_tag-hot-sale-disposable-vape","product_tag-poland-hot-vape","product_tag-sweden-hot-vape","pa_brand-bang-king-vape","desktop-align-left","tablet-align-left","mobile-align-left"],"yoast_head":"<!-- This site is optimized with the Yoast SEO plugin v21.1 - https:\/\/yoast.com\/wordpress\/plugins\/seo\/ -->\n<title>Wholesale Price Bang Kingdoms rex 32000 Puffs Vape Pod - vapebulkp.com<\/title>\n<meta name=\"description\" content=\"Wholesale Bang Kingdoms rex 32000 Puffs Disposable Vape. 32,000 puffs, rechargeable, OEM\/ODM options. Ideal for EU distributors\u2014place your bulk order today!\" \/>\n<meta name=\"robots\" content=\"index, follow, max-snippet:-1, max-image-preview:large, max-video-preview:-1\" \/>\n<link rel=\"canonical\" href=\"https:\/\/vapebulkp.com\/hr\/proizvod\/wholesale-price-bang-kingdoms-rex-32000-puffs-vape-pod\/\" \/>\n<meta property=\"og:locale\" content=\"hr_HR\" \/>\n<meta property=\"og:type\" content=\"article\" \/>\n<meta property=\"og:title\" content=\"Wholesale Price Bang Kingdoms rex 32000 Puffs Vape Pod - vapebulkp.com\" \/>\n<meta property=\"og:description\" content=\"Wholesale Bang Kingdoms rex 32000 Puffs Disposable Vape. 32,000 puffs, rechargeable, OEM\/ODM options. Ideal for EU distributors\u2014place your bulk order today!\" \/>\n<meta property=\"og:url\" content=\"https:\/\/vapebulkp.com\/hr\/proizvod\/wholesale-price-bang-kingdoms-rex-32000-puffs-vape-pod\/\" \/>\n<meta property=\"og:site_name\" content=\"vapebulkp.com\" \/>\n<meta property=\"article:modified_time\" content=\"2025-09-24T03:17:27+00:00\" \/>\n<meta property=\"og:image\" content=\"http:\/\/vapebulkp.com\/wp-content\/uploads\/2024\/12\/bang-kingdoms-rex-32000-Puffs-good-Vape-pod-Bulk-price.jpg\" \/>\n\t<meta property=\"og:image:width\" content=\"800\" \/>\n\t<meta property=\"og:image:height\" content=\"800\" \/>\n\t<meta property=\"og:image:type\" content=\"image\/jpeg\" \/>\n<meta name=\"twitter:card\" content=\"summary_large_image\" \/>\n<meta name=\"twitter:label1\" content=\"Procijenjeno vrijeme \u010ditanja\" \/>\n\t<meta name=\"twitter:data1\" content=\"4 minute\" \/>\n<script type=\"application\/ld+json\" class=\"yoast-schema-graph\">{\"@context\":\"https:\/\/schema.org\",\"@graph\":[{\"@type\":\"WebPage\",\"@id\":\"https:\/\/vapebulkp.com\/product\/wholesale-price-bang-kingdoms-rex-32000-puffs-vape-pod\/\",\"url\":\"https:\/\/vapebulkp.com\/product\/wholesale-price-bang-kingdoms-rex-32000-puffs-vape-pod\/\",\"name\":\"Wholesale Price Bang Kingdoms rex 32000 Puffs Vape Pod - vapebulkp.com\",\"isPartOf\":{\"@id\":\"https:\/\/vapebulkp.com\/#website\"},\"datePublished\":\"2024-12-02T03:31:56+00:00\",\"dateModified\":\"2025-09-24T03:17:27+00:00\",\"description\":\"Wholesale Bang Kingdoms rex 32000 Puffs Disposable Vape. 32,000 puffs, rechargeable, OEM\/ODM options. Ideal for EU distributors\u2014place your bulk order today!\",\"breadcrumb\":{\"@id\":\"https:\/\/vapebulkp.com\/product\/wholesale-price-bang-kingdoms-rex-32000-puffs-vape-pod\/#breadcrumb\"},\"inLanguage\":\"hr\",\"potentialAction\":[{\"@type\":\"ReadAction\",\"target\":[\"https:\/\/vapebulkp.com\/product\/wholesale-price-bang-kingdoms-rex-32000-puffs-vape-pod\/\"]}]},{\"@type\":\"BreadcrumbList\",\"@id\":\"https:\/\/vapebulkp.com\/product\/wholesale-price-bang-kingdoms-rex-32000-puffs-vape-pod\/#breadcrumb\",\"itemListElement\":[{\"@type\":\"ListItem\",\"position\":1,\"name\":\"Home\",\"item\":\"https:\/\/vapebulkp.com\/\"},{\"@type\":\"ListItem\",\"position\":2,\"name\":\"Hot Trend Vapes\",\"item\":\"https:\/\/vapebulkp.com\/vape-shop\/\"},{\"@type\":\"ListItem\",\"position\":3,\"name\":\"Wholesale Price Bang Kingdoms rex 32000 Puffs Vape Pod\"}]},{\"@type\":\"WebSite\",\"@id\":\"https:\/\/vapebulkp.com\/#website\",\"url\":\"https:\/\/vapebulkp.com\/\",\"name\":\"vapebulkp.com\",\"description\":\"Buy Vape In Cheap Bulk Price Near you\",\"publisher\":{\"@id\":\"https:\/\/vapebulkp.com\/#organization\"},\"potentialAction\":[{\"@type\":\"SearchAction\",\"target\":{\"@type\":\"EntryPoint\",\"urlTemplate\":\"https:\/\/vapebulkp.com\/?s={search_term_string}\"},\"query-input\":\"required name=search_term_string\"}],\"inLanguage\":\"hr\"},{\"@type\":\"Organization\",\"@id\":\"https:\/\/vapebulkp.com\/#organization\",\"name\":\"vapebulkp.com\",\"url\":\"https:\/\/vapebulkp.com\/\",\"logo\":{\"@type\":\"ImageObject\",\"inLanguage\":\"hr\",\"@id\":\"https:\/\/vapebulkp.com\/#\/schema\/logo\/image\/\",\"url\":\"https:\/\/vapebulkp.com\/wp-content\/uploads\/2023\/09\/cropped-vapebulkp.png\",\"contentUrl\":\"https:\/\/vapebulkp.com\/wp-content\/uploads\/2023\/09\/cropped-vapebulkp.png\",\"width\":516,\"height\":163,\"caption\":\"vapebulkp.com\"},\"image\":{\"@id\":\"https:\/\/vapebulkp.com\/#\/schema\/logo\/image\/\"}}]}<\/script>\n<!-- \/ Yoast SEO plugin. -->","yoast_head_json":{"title":"Wholesale Price Bang Kingdoms rex 32000 Puffs Vape Pod - vapebulkp.com","description":"Wholesale Bang Kingdoms rex 32000 Puffs Disposable Vape. 32,000 puffs, rechargeable, OEM\/ODM options. Ideal for EU distributors\u2014place your bulk order today!","robots":{"index":"index","follow":"follow","max-snippet":"max-snippet:-1","max-image-preview":"max-image-preview:large","max-video-preview":"max-video-preview:-1"},"canonical":"https:\/\/vapebulkp.com\/hr\/proizvod\/wholesale-price-bang-kingdoms-rex-32000-puffs-vape-pod\/","og_locale":"hr_HR","og_type":"article","og_title":"Wholesale Price Bang Kingdoms rex 32000 Puffs Vape Pod - vapebulkp.com","og_description":"Wholesale Bang Kingdoms rex 32000 Puffs Disposable Vape. 32,000 puffs, rechargeable, OEM\/ODM options. Ideal for EU distributors\u2014place your bulk order today!","og_url":"https:\/\/vapebulkp.com\/hr\/proizvod\/wholesale-price-bang-kingdoms-rex-32000-puffs-vape-pod\/","og_site_name":"vapebulkp.com","article_modified_time":"2025-09-24T03:17:27+00:00","og_image":[{"width":800,"height":800,"url":"http:\/\/vapebulkp.com\/wp-content\/uploads\/2024\/12\/bang-kingdoms-rex-32000-Puffs-good-Vape-pod-Bulk-price.jpg","type":"image\/jpeg"}],"twitter_card":"summary_large_image","twitter_misc":{"Procijenjeno vrijeme \u010ditanja":"4 minute"},"schema":{"@context":"https:\/\/schema.org","@graph":[{"@type":"WebPage","@id":"https:\/\/vapebulkp.com\/product\/wholesale-price-bang-kingdoms-rex-32000-puffs-vape-pod\/","url":"https:\/\/vapebulkp.com\/product\/wholesale-price-bang-kingdoms-rex-32000-puffs-vape-pod\/","name":"Wholesale Price Bang Kingdoms rex 32000 Puffs Vape Pod - vapebulkp.com","isPartOf":{"@id":"https:\/\/vapebulkp.com\/#website"},"datePublished":"2024-12-02T03:31:56+00:00","dateModified":"2025-09-24T03:17:27+00:00","description":"Wholesale Bang Kingdoms rex 32000 Puffs Disposable Vape. 32,000 puffs, rechargeable, OEM\/ODM options. Ideal for EU distributors\u2014place your bulk order today!","breadcrumb":{"@id":"https:\/\/vapebulkp.com\/product\/wholesale-price-bang-kingdoms-rex-32000-puffs-vape-pod\/#breadcrumb"},"inLanguage":"hr","potentialAction":[{"@type":"ReadAction","target":["https:\/\/vapebulkp.com\/product\/wholesale-price-bang-kingdoms-rex-32000-puffs-vape-pod\/"]}]},{"@type":"BreadcrumbList","@id":"https:\/\/vapebulkp.com\/product\/wholesale-price-bang-kingdoms-rex-32000-puffs-vape-pod\/#breadcrumb","itemListElement":[{"@type":"ListItem","position":1,"name":"Home","item":"https:\/\/vapebulkp.com\/"},{"@type":"ListItem","position":2,"name":"Hot Trend Vapes","item":"https:\/\/vapebulkp.com\/vape-shop\/"},{"@type":"ListItem","position":3,"name":"Wholesale Price Bang Kingdoms rex 32000 Puffs Vape Pod"}]},{"@type":"WebSite","@id":"https:\/\/vapebulkp.com\/#website","url":"https:\/\/vapebulkp.com\/","name":"vapebulkp.com","description":"Buy Vape In Cheap Bulk Price Near you","publisher":{"@id":"https:\/\/vapebulkp.com\/#organization"},"potentialAction":[{"@type":"SearchAction","target":{"@type":"EntryPoint","urlTemplate":"https:\/\/vapebulkp.com\/?s={search_term_string}"},"query-input":"required name=search_term_string"}],"inLanguage":"hr"},{"@type":"Organization","@id":"https:\/\/vapebulkp.com\/#organization","name":"vapebulkp.com","url":"https:\/\/vapebulkp.com\/","logo":{"@type":"ImageObject","inLanguage":"hr","@id":"https:\/\/vapebulkp.com\/#\/schema\/logo\/image\/","url":"https:\/\/vapebulkp.com\/wp-content\/uploads\/2023\/09\/cropped-vapebulkp.png","contentUrl":"https:\/\/vapebulkp.com\/wp-content\/uploads\/2023\/09\/cropped-vapebulkp.png","width":516,"height":163,"caption":"vapebulkp.com"},"image":{"@id":"https:\/\/vapebulkp.com\/#\/schema\/logo\/image\/"}}]}},"uagb_featured_image_src":{"full":["https:\/\/vapebulkp.com\/wp-content\/uploads\/2024\/12\/bang-kingdoms-rex-32000-Puffs-good-Vape-pod-Bulk-price.jpg",800,800,false],"thumbnail":["https:\/\/vapebulkp.com\/wp-content\/uploads\/2024\/12\/bang-kingdoms-rex-32000-Puffs-good-Vape-pod-Bulk-price-150x150.jpg",150,150,true],"medium":["https:\/\/vapebulkp.com\/wp-content\/uploads\/2024\/12\/bang-kingdoms-rex-32000-Puffs-good-Vape-pod-Bulk-price-300x300.jpg",300,300,true],"medium_large":["https:\/\/vapebulkp.com\/wp-content\/uploads\/2024\/12\/bang-kingdoms-rex-32000-Puffs-good-Vape-pod-Bulk-price-768x768.jpg",768,768,true],"large":["https:\/\/vapebulkp.com\/wp-content\/uploads\/2024\/12\/bang-kingdoms-rex-32000-Puffs-good-Vape-pod-Bulk-price.jpg",800,800,false],"1536x1536":["https:\/\/vapebulkp.com\/wp-content\/uploads\/2024\/12\/bang-kingdoms-rex-32000-Puffs-good-Vape-pod-Bulk-price.jpg",800,800,false],"2048x2048":["https:\/\/vapebulkp.com\/wp-content\/uploads\/2024\/12\/bang-kingdoms-rex-32000-Puffs-good-Vape-pod-Bulk-price.jpg",800,800,false],"trp-custom-language-flag":["https:\/\/vapebulkp.com\/wp-content\/uploads\/2024\/12\/bang-kingdoms-rex-32000-Puffs-good-Vape-pod-Bulk-price.jpg",12,12,false],"woocommerce_thumbnail":["https:\/\/vapebulkp.com\/wp-content\/uploads\/2024\/12\/bang-kingdoms-rex-32000-Puffs-good-Vape-pod-Bulk-price-300x300.jpg",300,300,true],"woocommerce_single":["https:\/\/vapebulkp.com\/wp-content\/uploads\/2024\/12\/bang-kingdoms-rex-32000-Puffs-good-Vape-pod-Bulk-price-600x600.jpg",600,600,true],"woocommerce_gallery_thumbnail":["https:\/\/vapebulkp.com\/wp-content\/uploads\/2024\/12\/bang-kingdoms-rex-32000-Puffs-good-Vape-pod-Bulk-price-100x100.jpg",100,100,true],"wcpr-photo-reviews":["https:\/\/vapebulkp.com\/wp-content\/uploads\/2024\/12\/bang-kingdoms-rex-32000-Puffs-good-Vape-pod-Bulk-price.jpg",500,500,false]},"uagb_author_info":{"display_name":"Mandy vape bulk price","author_link":"https:\/\/vapebulkp.com\/hr\/author\/"},"uagb_comment_info":0,"uagb_excerpt":"Wholesale Bang Kingdoms Rex 32,000 Puffs Rechargeable Vape Pod, dual 28ml chambers, rich flavors, long-lasting performance. Buy in bulk now! Pls Contact Mandy's WhatsApp For Discount Price+8618077105796 NOTE: Prices on our website does not include shipping costs &nbsp;","_links":{"self":[{"href":"https:\/\/vapebulkp.com\/hr\/wp-json\/wp\/v2\/product\/3207","targetHints":{"allow":["GET"]}}],"collection":[{"href":"https:\/\/vapebulkp.com\/hr\/wp-json\/wp\/v2\/product"}],"about":[{"href":"https:\/\/vapebulkp.com\/hr\/wp-json\/wp\/v2\/types\/product"}],"replies":[{"embeddable":true,"href":"https:\/\/vapebulkp.com\/hr\/wp-json\/wp\/v2\/comments?post=3207"}],"wp:featuredmedia":[{"embeddable":true,"href":"https:\/\/vapebulkp.com\/hr\/wp-json\/wp\/v2\/media\/3206"}],"wp:attachment":[{"href":"https:\/\/vapebulkp.com\/hr\/wp-json\/wp\/v2\/media?parent=3207"}],"wp:term":[{"taxonomy":"product_cat","embeddable":true,"href":"https:\/\/vapebulkp.com\/hr\/wp-json\/wp\/v2\/product_cat?post=3207"},{"taxonomy":"product_tag","embeddable":true,"href":"https:\/\/vapebulkp.com\/hr\/wp-json\/wp\/v2\/product_tag?post=3207"}],"curies":[{"name":"wp","href":"https:\/\/api.w.org\/{rel}","templated":true}]}}