{"id":3217,"date":"2024-12-10T11:03:09","date_gmt":"2024-12-10T10:03:09","guid":{"rendered":"https:\/\/vapebulkp.com\/?post_type=product&#038;p=3217"},"modified":"2025-09-24T05:45:24","modified_gmt":"2025-09-24T03:45:24","slug":"wholesale-price-bangking-36000-puffs-hot-sale-vape-pod","status":"publish","type":"product","link":"https:\/\/vapebulkp.com\/hr\/product\/wholesale-price-bangking-36000-puffs-hot-sale-vape-pod\/","title":{"rendered":"Veleprodajna cijena Bang King 36000 Puffs vru\u0107a prodaja Vape Pod"},"content":{"rendered":"<h2 style=\"text-align: left\">Veleprodajna cijena BangKing 36000 Puffs Vru\u0107a rasprodaja Vape Pod<\/h2>\n<div class=\"flex max-w-full flex-col flex-grow\">\n<div class=\"min-h-8 text-message flex w-full flex-col items-end gap-2 whitespace-normal break-words text-start [.text-message+&amp;]:mt-5\" dir=\"auto\" data-message-author-role=\"assistant\" data-message-id=\"135e5463-0e37-4d0a-8cd5-1c0e0eb9f0d0\" data-message-model-slug=\"gpt-4o\">\n<div class=\"flex w-full flex-col gap-1 empty:hidden first:pt-[3px]\">\n<div class=\"markdown prose w-full break-words dark:prose-invert light\">\n<div id=\"model-response-message-contentr_734267fb4771b849\" class=\"markdown markdown-main-panel stronger enable-updated-hr-color\" dir=\"ltr\">\n<p>O <b>Bang King 36000 Udisaja<\/b>\u00a0 to je izjava o stilu i performansama. Bang Vape 36k udisaja postavlja novo mjerilo za prakti\u010dnost, kombiniraju\u0107i elegantan dizajn s neusporedivom funkcionalno\u0161\u0107u za zahtjevnog hrvatskog vapera.\u00a0 <a href=\"https:\/\/vapebulkp.com\/hr\/product-category\/36000-puff-disposable-vape\/\"><b>36000 Puffs Jednokratni Vape<\/b><\/a> dizajniran je za jednostavan i dugotrajan rad, nude\u0107i vrhunsku alternativu tradicionalnim metodama vapinga.<\/p>\n<p>U svojoj sr\u017ei, Bang King dolazi unaprijed napunjen s izda\u0161nih <b>30mL vrhunske e-teku\u0107ine<\/b>, pomno formulirane da pru\u017ee dosljedno bogat i iznimno gladak okus. Integrirana <b>punjiva baterija od 650 mAh<\/b> pru\u017ea pouzdanu cjelodnevnu snagu, dok moderna <b>USB-C priklju\u010dkom za punjenje<\/b> osigurava brza i prakti\u010dna punjenja. Ovaj ure\u0111aj je oli\u010denje dugovje\u010dnosti, pru\u017eaju\u0107i monumentalan broj udisaja koji nadma\u0161uje standardne ponude na tr\u017ei\u0161tu.<\/p>\n<p>S opcijama nikotina od 0%, 2%, 3% i 5%, Bang King 36000 omogu\u0107uje savr\u0161eno prilago\u0111eno iskustvo. Bilo da tra\u017eite <b>vape nikotinsku sol<\/b> za gladak pogodak ili hrabar profil okusa, ovaj ure\u0111aj to isporu\u010duje. Njegov dizajn prilago\u0111en korisniku i robusna izrada \u010dine ga vrhunskim izborom za one koji zahtijevaju izvrsnost u svakom puhanju.<\/p>\n<\/div>\n<\/div>\n<\/div>\n<\/div>\n<\/div>\n<p>&nbsp;<\/p>\n<h6>Molimo kontaktirajte Mandy's WhatsApp za cijenu s popustom<a href=\"https:\/\/wa.me\/8618077105796\">+8618077105796<\/a><\/h6>\n<p>&nbsp;<\/p>\n<p><img decoding=\"async\" class=\"alignnone wp-image-2151\" src=\"http:\/\/vapebulkp.com\/wp-content\/uploads\/2024\/04\/Mandy-WhatsApp-Randm.jpg\" alt=\"Mandy WhatsApp Randm\" width=\"324\" height=\"330\" \/><\/p>\n<div role=\"article\" data-tabster=\"{&quot;groupper&quot;:{&quot;tabbability&quot;:2},&quot;focusable&quot;:{}}\" data-content=\"ai-message\" aria-labelledby=\"o3nihDa8hApUtpTPDpWpf-author o3nihDa8hApUtpTPDpWpf-content\">\n<div id=\"o3nihDa8hApUtpTPDpWpf-content\">\n<h2>Za\u0161to odabrati pristupa\u010dni Bang King 36.000 Puffs Vape Box iz Hrvatske? <a href=\"https:\/\/vapebulkp.com\/hr\/vape-shop\/\">Vapebulkp.com<\/a><\/h2>\n<ul>\n<li><strong>Izuzetna dugovje\u010dnost<\/strong>: Bang King 36.000 Puffs Vape Box nudi neusporedivo iskustvo vapinga sa svojih impresivnih 36.000 udisaja po ure\u0111aju. To osigurava produljenu upotrebu, \u0161to ga \u010dini isplativom opcijom za strastvene vapere.<\/li>\n<li><strong>Robusna izvedba baterije<\/strong>: Opremljen punjivom baterijom od 650 mAh, ovaj vape box jam\u010di dosljedne performanse tijekom cijelog svog \u017eivotnog vijeka. Brzo punite putem Type-C priklju\u010dka i u\u017eivajte u neprekidnom vapingu.<\/li>\n<li><strong>Razli\u010dite ja\u010dine nikotina<\/strong>: Prilago\u0111avaju\u0107i se razli\u010ditim preferencijama, Bang King Vape Box dostupan je s ja\u010dinom nikotina od 0%, 2%, 3% i 5%. Bez obzira preferirate li sna\u017ean udarac ili bla\u017ee iskustvo, postoji opcija za vas.<\/li>\n<li><strong>Iskustvo vrhunskog okusa<\/strong>: Ure\u0111aj dolazi s velikodu\u0161nim kapacitetom e-teku\u0107ine od 30 ml, napunjenim bogatim i aromati\u010dnim opcijama. U\u017eivajte u luksuznom okusu bez muke oko \u010destog punjenja.<\/li>\n<li><strong>Konkurentne veleprodajne cijene<\/strong>: Vapebulkp.com nudi atraktivne veleprodajne cijene, \u0161to ga \u010dini idealnim izborom za trgovce i kupce na veliko. Opskrbite se ovim vru\u0107e prodavanim proizvodom i pobolj\u0161ajte svoj inventar pouzdanim i vrlo tra\u017eenim vape boxom.<\/li>\n<\/ul>\n<\/div>\n<\/div>\n<p>Kupnjom od <a href=\"https:\/\/vapebulkp.com\/hr\/vape-shop\/\"><strong>Vapebulkp.com<\/strong><\/a>, dobivate pristup vrhunskoj tehnologiji vapinga po nenadma\u0161noj cijeni, \u010dine\u0107i Bang King 36,000 Puffs Vape Box pametnim izborom za kupce koji su svjesni prora\u010duna, a tra\u017ee kvalitetu i zadovoljstvo.<\/p>\n<h3>\u010cesta pitanja o skupnoj kupnji Bang King 36000 Puffs<\/h3>\n<ol>\n<li><strong>Nudite li popuste za skupne narud\u017ebe Bang King 36000 Puffs?<\/strong> Da, skupne narud\u017ebe Bang King 36000 Puffs po povoljnoj cijeni obi\u010dno dolaze s popustima. Stopa popusta mo\u017ee varirati ovisno o naru\u010denoj koli\u010dini. Za to\u010dne cijene i popuste, obratite se dobavlja\u010du.<\/li>\n<li><strong>Mogu li mije\u0161ati razli\u010dite okuse u svojoj skupnoj narud\u017ebi Bang King 36000 Puffs?<\/strong> U ve\u0107ini slu\u010dajeva, dobavlja\u010di vam omogu\u0107uju mije\u0161anje razli\u010ditih okusa u skupnoj narud\u017ebi Bang King 36000 Puffs. Najbolje je potvrditi s dobavlja\u010dem o dostupnim opcijama okusa i pravilima mije\u0161anja.<\/li>\n<li><strong>Koliko 'pufova' mogu o\u010dekivati od jednog Bang King 36000 Puffs ure\u0111aja?<\/strong> Bang King 36000 Puffs Vape Pod dizajniran je da pru\u017ei impresivnih 36,000 'pufova' po ure\u0111aju, osiguravaju\u0107i dugotrajnu upotrebu i zadovoljstvo.<\/li>\n<li><strong>Koliki je kapacitet baterije Bang King 36000 Puffs i koliko dugo traje?<\/strong> Bang King 36000 Puffs vape pod pokre\u0107e se punjivom baterijom od 650mAh, pru\u017eaju\u0107i dosljedne performanse tijekom cijele upotrebe. Trajanje baterije mo\u017ee varirati ovisno o obrascima kori\u0161tenja, ali je dizajnirana da traje cijeli \u017eivotni vijek ure\u0111aja, nude\u0107i do 36,000 'pufova'.<\/li>\n<li><strong>Koliko je vremena potrebno za potpuno punjenje baterije Bang King 36k Puffs?<\/strong> Kori\u0161tenjem Type-C priklju\u010dka za punjenje, 650mAh baterija Bang King 36000 Puffs mo\u017ee se brzo napuniti. To\u010dno vrijeme punjenja mo\u017ee varirati, ali obi\u010dno je potrebno oko 1-2 sata za potpuno punjenje, osiguravaju\u0107i minimalno vrijeme zastoja.<\/li>\n<li><strong>Je li baterija Bang King Vape 36000 Puff zamjenjiva?<\/strong> Ne, baterija u Bang King 36000 Puffs Vape Podu nije zamjenjiva. Ure\u0111aj je dizajniran za dugotrajnu upotrebu i trebao bi pru\u017eiti dosljedne performanse tijekom cijelog \u017eivotnog vijeka.<\/li>\n<\/ol>\n<h3><\/h3>\n<h3><strong>Bang King 36,000 Puffs \u2013 Specifikacije proizvoda<\/strong><\/h3>\n<ul>\n<li><strong>Broj udisaja<\/strong>: Nudi impresivnih do 36,000 'pufova' po ure\u0111aju za dugotrajno u\u017eivanje.<\/li>\n<li><strong>Kapacitet e-teku\u0107ine<\/strong>: Sadr\u017ei 30 ml prethodno napunjene e-teku\u0107ine, \u0161to osigurava dulje kori\u0161tenje bez \u010destog punjenja.<\/li>\n<li><strong>Opcije ja\u010dine nikotina<\/strong>: Dostupno u razinama nikotina od 0%, 2%, 3% i 5% kako bi odgovaralo razli\u010ditim preferencijama.<\/li>\n<li><strong>Kapacitet baterije<\/strong>: Napaja se punjivom baterijom od 650 mAh, pru\u017eaju\u0107i dosljedne performanse tijekom kori\u0161tenja.<\/li>\n<li><strong>Tehnologija zavojnice<\/strong>: Sadr\u017ei mre\u017eastu zavojnicu s otporom od 0.602\u03a9 za glatku proizvodnju pare i pobolj\u0161an okus.<\/li>\n<li><strong>Su\u010delje za punjenje<\/strong>: Opremljen priklju\u010dkom za punjenje Type-C za brzo i u\u010dinkovito punjenje.<\/li>\n<li><strong>Pakiranje<\/strong>: Prodaje se u izlo\u017ebenim kutijama koje sadr\u017ee 10 komada, idealno za kupce na veliko i trgovce.<\/li>\n<\/ul>\n<h3><strong>Bang King Vapes 36000 Puffs Okus:<\/strong><\/h3>\n<p>1. Plavi Razz Led<br \/>\n2. Jagoda Lubenica<br \/>\n3. Lubenica Led<br \/>\n4. Jagoda Banana<br \/>\n5. Tropsko Vo\u0107e<br \/>\n6. Trostruko Bobi\u010dasto Vo\u0107e Led<br \/>\n7. So\u010dna Breskva Led<br \/>\n8. Jagoda Kivi<br \/>\n9. Breskva Mango Lubenica<br \/>\n10. Kivi Marakuja Guava<br \/>\n11. Gro\u017e\u0111e Jabuka<br \/>\nGospodin Plavi<\/p>\n<p><a href=\"https:\/\/vapebulkp.com\/hr\/product\/best-price-vape-randm-15000-puffs-good-vape\/\"><span style=\"vertical-align: inherit\">RandM Tornado 15000 uvla\u010denja <\/span><\/a><\/p>\n<p><span style=\"vertical-align: inherit\">Prona\u0111ite vi\u0161e proizvoda koji bi vam se mogli svidjeti:<\/span><em><a href=\"https:\/\/wa.me\/8618077105796\"><span style=\"vertical-align: inherit\">\u00a0Kupite sada<\/span><\/a><\/em><\/p>\n<p><span style=\"vertical-align: inherit\">Ostali Puffs koji bi vam se mogli svidjeti:<\/span><a href=\"https:\/\/vapebulkp.com\/hr\/product\/wga-legend-30000-puffs-factory-price-disposable-vape-europe-warehouse\/\"><span style=\"vertical-align: inherit\">WGA 30K Udisaja <\/span><\/a><span style=\"vertical-align: inherit\">\u3001<\/span><a href=\"https:\/\/vapebulkp.com\/hr\/product\/wholesale-randm-tornado-9000-puffs-germany\/\"><span style=\"vertical-align: inherit\">RandM 9000 Udisaja<\/span><\/a><span style=\"vertical-align: inherit\">\/ <\/span><a href=\"https:\/\/vapebulkp.com\/hr\/product\/waspe-vape-40000-puff-fihp-double-flavour-disposable-vape\/\"><span style=\"vertical-align: inherit\">WASPE 40000 udisaja<\/span><\/a><span style=\"vertical-align: inherit\">\/ <\/span><a href=\"https:\/\/vapebulkp.com\/hr\/product\/wga-crystal-plus-16000-puffs-led-light-disposable-vape\/\"><span style=\"vertical-align: inherit\">WGA Crystal 16000 uvla\u010denja<\/span><\/a><\/p>\n<p><span style=\"vertical-align: inherit\">E-cigareta posebnog oblika boce:<\/span><a href=\"https:\/\/vapebulkp.com\/hr\/product\/vapme-crystal-disposable-vape-20000-puffs-big-smok-2-nicotine\/\"><span style=\"vertical-align: inherit\"> Vapme Crystal 20000 Udisaja<\/span><\/a><span style=\"vertical-align: inherit\">\/ <\/span><a href=\"https:\/\/vapebulkp.com\/hr\/product\/jnr-vape-watch-18-30k-puffs-2-nic-wholesale-price-disposable-vape\/\"><span style=\"vertical-align: inherit\">\u00a0JNR Sat Udisaja <\/span><\/a><span style=\"vertical-align: inherit\">\/<\/span><a href=\"https:\/\/vapebulkp.com\/hr\/product\/jnr-crystal-16000-puffs-dual-mesh-rechargeable-disposable-vape\/\"><span style=\"vertical-align: inherit\">JNR Crystal 16000 Puffs<\/span><\/a><\/p>\n<h5>Kvalifikacija proizvodnje:<\/h5>\n<p><img decoding=\"async\" class=\"alignnone size-full wp-image-1841\" src=\"http:\/\/vapebulkp.com\/wp-content\/uploads\/2023\/11\/Vape-production-process-2.jpeg\" alt=\"Proces proizvodnje vape ure\u0111aja\" width=\"650\" height=\"434\" srcset=\"https:\/\/vapebulkp.com\/wp-content\/uploads\/2023\/11\/Vape-production-process-2.jpeg 650w, https:\/\/vapebulkp.com\/wp-content\/uploads\/2023\/11\/Vape-production-process-2-300x200.jpeg 300w, https:\/\/vapebulkp.com\/wp-content\/uploads\/2023\/11\/Vape-production-process-2-600x401.jpeg 600w\" sizes=\"(max-width: 650px) 100vw, 650px\" \/><\/p>\n<h4>Detalji dostave:<\/h4>\n<p><span style=\"color: #ff6600\">Vrijeme proizvodnje: 5-10 radnih dana<\/span><br \/>\n<span style=\"color: #ff6600\">Vrijeme isporuke: 8-14 radnih dana<\/span><\/p>\n<p>Svi proizvodi u na\u0161oj trgovini su 100% originalni i autenti\u010dni, stoga je desetostruka naknada za la\u017enu robu na\u0161a politika trgovine. Za dostavu koristimo logisti\u010dke kanale kao \u0161to su UPS\/DHL\/FEDEX\/DPD.<\/p>\n<p>Za pakete poslane u Hrvatsku obi\u010dno je potrebno 10 radnih dana da stignu. Dostava u europske zemlje obi\u010dno traje 12 do 15 radnih dana da stigne. Logisti\u010dke informacije \u0107emo a\u017eurirati za vas u stvarnom vremenu.<\/p>","protected":false},"excerpt":{"rendered":"<div role=\"article\" data-tabster=\"{&quot;groupper&quot;:{&quot;tabbability&quot;:2},&quot;focusable&quot;:{}}\" data-content=\"ai-message\" aria-labelledby=\"C5sHU1XbXdrT6UXSCdTMy-author C5sHU1XbXdrT6UXSCdTMy-content\">\n<div id=\"C5sHU1XbXdrT6UXSCdTMy-content\">\n<p>Bang King 36000 Puffs Vape Pod idealan je izbor. Nude\u0107i do 36.000 udisaja, ovaj ure\u0111aj osigurava dugotrajno zadovoljstvo. Prihvatite ovaj elegantni i moderni vape pod, koji spaja naprednu tehnologiju s estetskim dizajnom, kako biste svoje iskustvo vapinga podigli na nove visine. U\u017eivajte u savr\u0161enoj ravnote\u017ei velikog kapaciteta i vrhunskih performansi s veleprodajnim vapeom Bang King 36000 Puffs.<\/p>\n<\/div>\n<\/div>\n<h6>Molimo kontaktirajte Mandy's WhatsApp za cijenu s popustom<a href=\"https:\/\/wa.me\/8618077105796\">+8618077105796<\/a><\/h6>\n<p>&nbsp;<\/p>\n<p><img decoding=\"async\" class=\"alignnone wp-image-2151\" src=\"http:\/\/vapebulkp.com\/wp-content\/uploads\/2024\/04\/Mandy-WhatsApp-Randm.jpg\" alt=\"Mandy WhatsApp Randm\" width=\"297\" height=\"316\" srcset=\"https:\/\/vapebulkp.com\/wp-content\/uploads\/2024\/04\/Mandy-WhatsApp-Randm.jpg 916w, https:\/\/vapebulkp.com\/wp-content\/uploads\/2024\/04\/Mandy-WhatsApp-Randm-282x300.jpg 282w, https:\/\/vapebulkp.com\/wp-content\/uploads\/2024\/04\/Mandy-WhatsApp-Randm-768x817.jpg 768w, https:\/\/vapebulkp.com\/wp-content\/uploads\/2024\/04\/Mandy-WhatsApp-Randm-600x638.jpg 600w\" sizes=\"(max-width: 297px) 100vw, 297px\" \/><\/p>\n<p><span style=\"color: #ff0000\">NAPOMENA: Cijene na na\u0161oj web stranici ne uklju\u010duju tro\u0161kove dostave<\/span><\/p>\n<p>&nbsp;<\/p>","protected":false},"featured_media":3222,"comment_status":"open","ping_status":"closed","template":"","meta":{"_uag_custom_page_level_css":"","_lmt_disableupdate":"no","_lmt_disable":"","site-sidebar-layout":"default","site-content-layout":"content-boxed-container","ast-site-content-layout":"normal-width-container","site-content-style":"boxed","site-sidebar-style":"unboxed","ast-global-header-display":"","ast-banner-title-visibility":"","ast-main-header-display":"","ast-hfb-above-header-display":"","ast-hfb-below-header-display":"","ast-hfb-mobile-header-display":"","site-post-title":"","ast-breadcrumbs-content":"","ast-featured-img":"","footer-sml-layout":"","theme-transparent-header-meta":"default","adv-header-id-meta":"","stick-header-meta":"","header-above-stick-meta":"","header-main-stick-meta":"","header-below-stick-meta":"","astra-migrate-meta-layouts":"set","_joinchat":[]},"product_cat":[159,153,344,155,33,59,100,34,158,157,154,152,58,84,156,63,32],"product_tag":[130,36,37,41,40],"class_list":["post-3217","product","type-product","status-publish","has-post-thumbnail","hentry","product_cat-36000-puff-disposable-vape","product_cat-hot-disposable-vapes","product_cat-bang-king-vape","product_cat-belgium-hot-disposable-vapes","product_cat-france-vape-hot-sale","product_cat-germany-hot-disposable-vape","product_cat-germany-wholesale-vape-shop","product_cat-netherlands-vape-good-sale","product_cat-norway-hot-disposable-vapes","product_cat-poland-hot-disposable-vapes","product_cat-portugal-hot-disposable-vapes","product_cat-spain-hot-disposable-vapes","product_cat-sweden-hot-disposable-vape","product_cat-sweden-wholesale-vape","product_cat-switzerland-hot-disposable-vapes","product_cat-top-sale-disposable-vape","product_cat-vape-hot-sale-this-week","product_tag-36000puffs","product_tag-good-vape","product_tag-hot-sale-disposable-vape","product_tag-poland-hot-vape","product_tag-sweden-hot-vape","pa_brand-bang-king-vape","desktop-align-left","tablet-align-left","mobile-align-left"],"yoast_head":"<!-- This site is optimized with the Yoast SEO plugin v21.1 - https:\/\/yoast.com\/wordpress\/plugins\/seo\/ -->\n<title>Wholesale Price Bang King 36000 Puffs Hot Sale Vape Pod - vapebulkp.com<\/title>\n<meta name=\"description\" content=\"Popular Bang King 36000 Puffs Vape Pod, a pinnacle of luxury vaping. With an impressive 30ml e-liquid capacity, this device ensures extended use without the need for frequent refills.\" \/>\n<meta name=\"robots\" content=\"index, follow, max-snippet:-1, max-image-preview:large, max-video-preview:-1\" \/>\n<link rel=\"canonical\" href=\"https:\/\/vapebulkp.com\/hr\/product\/wholesale-price-bangking-36000-puffs-hot-sale-vape-pod\/\" \/>\n<meta property=\"og:locale\" content=\"hr_HR\" \/>\n<meta property=\"og:type\" content=\"article\" \/>\n<meta property=\"og:title\" content=\"Wholesale Price Bang King 36000 Puffs Hot Sale Vape Pod - vapebulkp.com\" \/>\n<meta property=\"og:description\" content=\"Popular Bang King 36000 Puffs Vape Pod, a pinnacle of luxury vaping. With an impressive 30ml e-liquid capacity, this device ensures extended use without the need for frequent refills.\" \/>\n<meta property=\"og:url\" content=\"https:\/\/vapebulkp.com\/hr\/product\/wholesale-price-bangking-36000-puffs-hot-sale-vape-pod\/\" \/>\n<meta property=\"og:site_name\" content=\"vapebulkp.com\" \/>\n<meta property=\"article:modified_time\" content=\"2025-09-24T03:45:24+00:00\" \/>\n<meta property=\"og:image\" content=\"http:\/\/vapebulkp.com\/wp-content\/uploads\/2024\/12\/Wholesale-Price-Bang-King-Vape-36k.jpg\" \/>\n\t<meta property=\"og:image:width\" content=\"800\" \/>\n\t<meta property=\"og:image:height\" content=\"800\" \/>\n\t<meta property=\"og:image:type\" content=\"image\/jpeg\" \/>\n<meta name=\"twitter:card\" content=\"summary_large_image\" \/>\n<meta name=\"twitter:label1\" content=\"Procijenjeno vrijeme \u010ditanja\" \/>\n\t<meta name=\"twitter:data1\" content=\"5 minuta\" \/>\n<script type=\"application\/ld+json\" class=\"yoast-schema-graph\">{\"@context\":\"https:\/\/schema.org\",\"@graph\":[{\"@type\":\"WebPage\",\"@id\":\"https:\/\/vapebulkp.com\/product\/wholesale-price-bangking-36000-puffs-hot-sale-vape-pod\/\",\"url\":\"https:\/\/vapebulkp.com\/product\/wholesale-price-bangking-36000-puffs-hot-sale-vape-pod\/\",\"name\":\"Wholesale Price Bang King 36000 Puffs Hot Sale Vape Pod - vapebulkp.com\",\"isPartOf\":{\"@id\":\"https:\/\/vapebulkp.com\/#website\"},\"datePublished\":\"2024-12-10T10:03:09+00:00\",\"dateModified\":\"2025-09-24T03:45:24+00:00\",\"description\":\"Popular Bang King 36000 Puffs Vape Pod, a pinnacle of luxury vaping. With an impressive 30ml e-liquid capacity, this device ensures extended use without the need for frequent refills.\",\"breadcrumb\":{\"@id\":\"https:\/\/vapebulkp.com\/product\/wholesale-price-bangking-36000-puffs-hot-sale-vape-pod\/#breadcrumb\"},\"inLanguage\":\"hr\",\"potentialAction\":[{\"@type\":\"ReadAction\",\"target\":[\"https:\/\/vapebulkp.com\/product\/wholesale-price-bangking-36000-puffs-hot-sale-vape-pod\/\"]}]},{\"@type\":\"BreadcrumbList\",\"@id\":\"https:\/\/vapebulkp.com\/product\/wholesale-price-bangking-36000-puffs-hot-sale-vape-pod\/#breadcrumb\",\"itemListElement\":[{\"@type\":\"ListItem\",\"position\":1,\"name\":\"Home\",\"item\":\"https:\/\/vapebulkp.com\/\"},{\"@type\":\"ListItem\",\"position\":2,\"name\":\"Hot Trend Vapes\",\"item\":\"https:\/\/vapebulkp.com\/vape-shop\/\"},{\"@type\":\"ListItem\",\"position\":3,\"name\":\"Wholesale Price Bang King 36000 Puffs Hot Sale Vape Pod\"}]},{\"@type\":\"WebSite\",\"@id\":\"https:\/\/vapebulkp.com\/#website\",\"url\":\"https:\/\/vapebulkp.com\/\",\"name\":\"vapebulkp.com\",\"description\":\"Buy Vape In Cheap Bulk Price Near you\",\"publisher\":{\"@id\":\"https:\/\/vapebulkp.com\/#organization\"},\"potentialAction\":[{\"@type\":\"SearchAction\",\"target\":{\"@type\":\"EntryPoint\",\"urlTemplate\":\"https:\/\/vapebulkp.com\/?s={search_term_string}\"},\"query-input\":\"required name=search_term_string\"}],\"inLanguage\":\"hr\"},{\"@type\":\"Organization\",\"@id\":\"https:\/\/vapebulkp.com\/#organization\",\"name\":\"vapebulkp.com\",\"url\":\"https:\/\/vapebulkp.com\/\",\"logo\":{\"@type\":\"ImageObject\",\"inLanguage\":\"hr\",\"@id\":\"https:\/\/vapebulkp.com\/#\/schema\/logo\/image\/\",\"url\":\"https:\/\/vapebulkp.com\/wp-content\/uploads\/2023\/09\/cropped-vapebulkp.png\",\"contentUrl\":\"https:\/\/vapebulkp.com\/wp-content\/uploads\/2023\/09\/cropped-vapebulkp.png\",\"width\":516,\"height\":163,\"caption\":\"vapebulkp.com\"},\"image\":{\"@id\":\"https:\/\/vapebulkp.com\/#\/schema\/logo\/image\/\"}}]}<\/script>\n<!-- \/ Yoast SEO plugin. -->","yoast_head_json":{"title":"Wholesale Price Bang King 36000 Puffs Hot Sale Vape Pod - vapebulkp.com","description":"Popular Bang King 36000 Puffs Vape Pod, a pinnacle of luxury vaping. With an impressive 30ml e-liquid capacity, this device ensures extended use without the need for frequent refills.","robots":{"index":"index","follow":"follow","max-snippet":"max-snippet:-1","max-image-preview":"max-image-preview:large","max-video-preview":"max-video-preview:-1"},"canonical":"https:\/\/vapebulkp.com\/hr\/product\/wholesale-price-bangking-36000-puffs-hot-sale-vape-pod\/","og_locale":"hr_HR","og_type":"article","og_title":"Wholesale Price Bang King 36000 Puffs Hot Sale Vape Pod - vapebulkp.com","og_description":"Popular Bang King 36000 Puffs Vape Pod, a pinnacle of luxury vaping. With an impressive 30ml e-liquid capacity, this device ensures extended use without the need for frequent refills.","og_url":"https:\/\/vapebulkp.com\/hr\/product\/wholesale-price-bangking-36000-puffs-hot-sale-vape-pod\/","og_site_name":"vapebulkp.com","article_modified_time":"2025-09-24T03:45:24+00:00","og_image":[{"width":800,"height":800,"url":"http:\/\/vapebulkp.com\/wp-content\/uploads\/2024\/12\/Wholesale-Price-Bang-King-Vape-36k.jpg","type":"image\/jpeg"}],"twitter_card":"summary_large_image","twitter_misc":{"Procijenjeno vrijeme \u010ditanja":"5 minuta"},"schema":{"@context":"https:\/\/schema.org","@graph":[{"@type":"WebPage","@id":"https:\/\/vapebulkp.com\/product\/wholesale-price-bangking-36000-puffs-hot-sale-vape-pod\/","url":"https:\/\/vapebulkp.com\/product\/wholesale-price-bangking-36000-puffs-hot-sale-vape-pod\/","name":"Wholesale Price Bang King 36000 Puffs Hot Sale Vape Pod - vapebulkp.com","isPartOf":{"@id":"https:\/\/vapebulkp.com\/#website"},"datePublished":"2024-12-10T10:03:09+00:00","dateModified":"2025-09-24T03:45:24+00:00","description":"Popular Bang King 36000 Puffs Vape Pod, a pinnacle of luxury vaping. With an impressive 30ml e-liquid capacity, this device ensures extended use without the need for frequent refills.","breadcrumb":{"@id":"https:\/\/vapebulkp.com\/product\/wholesale-price-bangking-36000-puffs-hot-sale-vape-pod\/#breadcrumb"},"inLanguage":"hr","potentialAction":[{"@type":"ReadAction","target":["https:\/\/vapebulkp.com\/product\/wholesale-price-bangking-36000-puffs-hot-sale-vape-pod\/"]}]},{"@type":"BreadcrumbList","@id":"https:\/\/vapebulkp.com\/product\/wholesale-price-bangking-36000-puffs-hot-sale-vape-pod\/#breadcrumb","itemListElement":[{"@type":"ListItem","position":1,"name":"Home","item":"https:\/\/vapebulkp.com\/"},{"@type":"ListItem","position":2,"name":"Hot Trend Vapes","item":"https:\/\/vapebulkp.com\/vape-shop\/"},{"@type":"ListItem","position":3,"name":"Wholesale Price Bang King 36000 Puffs Hot Sale Vape Pod"}]},{"@type":"WebSite","@id":"https:\/\/vapebulkp.com\/#website","url":"https:\/\/vapebulkp.com\/","name":"vapebulkp.com","description":"Buy Vape In Cheap Bulk Price Near you","publisher":{"@id":"https:\/\/vapebulkp.com\/#organization"},"potentialAction":[{"@type":"SearchAction","target":{"@type":"EntryPoint","urlTemplate":"https:\/\/vapebulkp.com\/?s={search_term_string}"},"query-input":"required name=search_term_string"}],"inLanguage":"hr"},{"@type":"Organization","@id":"https:\/\/vapebulkp.com\/#organization","name":"vapebulkp.com","url":"https:\/\/vapebulkp.com\/","logo":{"@type":"ImageObject","inLanguage":"hr","@id":"https:\/\/vapebulkp.com\/#\/schema\/logo\/image\/","url":"https:\/\/vapebulkp.com\/wp-content\/uploads\/2023\/09\/cropped-vapebulkp.png","contentUrl":"https:\/\/vapebulkp.com\/wp-content\/uploads\/2023\/09\/cropped-vapebulkp.png","width":516,"height":163,"caption":"vapebulkp.com"},"image":{"@id":"https:\/\/vapebulkp.com\/#\/schema\/logo\/image\/"}}]}},"uagb_featured_image_src":{"full":["https:\/\/vapebulkp.com\/wp-content\/uploads\/2024\/12\/Wholesale-Price-Bang-King-Vape-36k.jpg",800,800,false],"thumbnail":["https:\/\/vapebulkp.com\/wp-content\/uploads\/2024\/12\/Wholesale-Price-Bang-King-Vape-36k-150x150.jpg",150,150,true],"medium":["https:\/\/vapebulkp.com\/wp-content\/uploads\/2024\/12\/Wholesale-Price-Bang-King-Vape-36k-300x300.jpg",300,300,true],"medium_large":["https:\/\/vapebulkp.com\/wp-content\/uploads\/2024\/12\/Wholesale-Price-Bang-King-Vape-36k-768x768.jpg",768,768,true],"large":["https:\/\/vapebulkp.com\/wp-content\/uploads\/2024\/12\/Wholesale-Price-Bang-King-Vape-36k.jpg",800,800,false],"1536x1536":["https:\/\/vapebulkp.com\/wp-content\/uploads\/2024\/12\/Wholesale-Price-Bang-King-Vape-36k.jpg",800,800,false],"2048x2048":["https:\/\/vapebulkp.com\/wp-content\/uploads\/2024\/12\/Wholesale-Price-Bang-King-Vape-36k.jpg",800,800,false],"trp-custom-language-flag":["https:\/\/vapebulkp.com\/wp-content\/uploads\/2024\/12\/Wholesale-Price-Bang-King-Vape-36k.jpg",12,12,false],"woocommerce_thumbnail":["https:\/\/vapebulkp.com\/wp-content\/uploads\/2024\/12\/Wholesale-Price-Bang-King-Vape-36k-300x300.jpg",300,300,true],"woocommerce_single":["https:\/\/vapebulkp.com\/wp-content\/uploads\/2024\/12\/Wholesale-Price-Bang-King-Vape-36k-600x600.jpg",600,600,true],"woocommerce_gallery_thumbnail":["https:\/\/vapebulkp.com\/wp-content\/uploads\/2024\/12\/Wholesale-Price-Bang-King-Vape-36k-100x100.jpg",100,100,true],"wcpr-photo-reviews":["https:\/\/vapebulkp.com\/wp-content\/uploads\/2024\/12\/Wholesale-Price-Bang-King-Vape-36k.jpg",500,500,false]},"uagb_author_info":{"display_name":"Mandy vape bulk price","author_link":"https:\/\/vapebulkp.com\/hr\/author\/"},"uagb_comment_info":0,"uagb_excerpt":"the Bang King 36000 Puffs Vape Pod is the ideal choice. Offering up to 36,000 puffs, this device ensures long-lasting satisfaction. Embrace this sleek and stylish vape pod, combining advanced technology with aesthetic design, to elevate your vaping experience to new heights. Enjoy the perfect balance of high capacity and premium performance with the Bang&hellip;","_links":{"self":[{"href":"https:\/\/vapebulkp.com\/hr\/wp-json\/wp\/v2\/product\/3217","targetHints":{"allow":["GET"]}}],"collection":[{"href":"https:\/\/vapebulkp.com\/hr\/wp-json\/wp\/v2\/product"}],"about":[{"href":"https:\/\/vapebulkp.com\/hr\/wp-json\/wp\/v2\/types\/product"}],"replies":[{"embeddable":true,"href":"https:\/\/vapebulkp.com\/hr\/wp-json\/wp\/v2\/comments?post=3217"}],"wp:featuredmedia":[{"embeddable":true,"href":"https:\/\/vapebulkp.com\/hr\/wp-json\/wp\/v2\/media\/3222"}],"wp:attachment":[{"href":"https:\/\/vapebulkp.com\/hr\/wp-json\/wp\/v2\/media?parent=3217"}],"wp:term":[{"taxonomy":"product_cat","embeddable":true,"href":"https:\/\/vapebulkp.com\/hr\/wp-json\/wp\/v2\/product_cat?post=3217"},{"taxonomy":"product_tag","embeddable":true,"href":"https:\/\/vapebulkp.com\/hr\/wp-json\/wp\/v2\/product_tag?post=3217"}],"curies":[{"name":"wp","href":"https:\/\/api.w.org\/{rel}","templated":true}]}}