{"id":3268,"date":"2024-12-20T09:24:34","date_gmt":"2024-12-20T08:24:34","guid":{"rendered":"https:\/\/vapebulkp.com\/?post_type=product&#038;p=3268"},"modified":"2025-09-03T05:31:08","modified_gmt":"2025-09-03T03:31:08","slug":"vookbar-30000-puffs-touch-screen-disposable-vapes-wholesale-price","status":"publish","type":"product","link":"https:\/\/vapebulkp.com\/hr\/product\/vookbar-30000-puffs-touch-screen-disposable-vapes-wholesale-price\/","title":{"rendered":"Vookbar 30000 Puffs Jednokratne vape s zaslonom osjetljivim na dodir po veleprodajnoj cijeni"},"content":{"rendered":"<h1 style=\"text-align: left\">Vookbar 30000 Puffs Jednokratne vape s zaslonom osjetljivim na dodir po veleprodajnoj cijeni<\/h1>\n<p>&nbsp;<\/p>\n<p>O <strong>Vookbar Cyber PRO 30.000 Puffs Zaslon osjetljiv na dodir Jednokratni Vape<\/strong> je ultimativni izbor za vapere koji tra\u017ee inovaciju, performanse i prakti\u010dnost. Sadr\u017ei napredni <strong>2,01-in\u010dni zaslon osjetljiv na dodir<\/strong>, ovaj ure\u0111aj nudi preciznu kontrolu nad postavkama, dok njegov <strong>dvostrukom mre\u017eastom zavojnicom<\/strong> osigurava bogat okus i glatke oblake. Prethodno napunjen s <strong>22 ml vrhunske e-teku\u0107ine<\/strong> i nudi <strong>5% ja\u010dine nikotinske soli<\/strong>, Vookbar isporu\u010duje do <strong>30.000 'puffova'<\/strong> u normalnom na\u010dinu rada ili <strong>15.000 puhova<\/strong> u na\u010dinu rada za napajanje. Dizajniran s <strong>baterija od 850 mAh koja se mo\u017ee puniti<\/strong> i <strong>brzim Type-C punjenjem<\/strong>, kombinira dugotrajnu snagu s brzim punjenjem. Savr\u0161en za osobnu upotrebu i <strong>kupce na veliko<\/strong>, Vookbar Cyber PRO isti\u010de se svojom kompaktnom veli\u010dinom, elegantnim dizajnom i nenadma\u0161nim performansama. Prona\u0111ite svoj <strong>veleprodajni Vookbar Cyber PRO <a href=\"https:\/\/vapebulkp.com\/hr\/product-category\/30000-puff-disposable-vape\/\">30000 Puffs Jednokratni Vape <\/a><\/strong>\u00a0po konkurentnim cijenama ve\u0107 danas!<\/p>\n<p>&nbsp;<\/p>\n<h6>Molimo kontaktirajte Mandy's WhatsApp za cijenu s popustom<a href=\"https:\/\/wa.me\/8618077105796\">+8618077105796<\/a><\/h6>\n<p>&nbsp;<\/p>\n<p><img decoding=\"async\" class=\"alignnone wp-image-2151\" src=\"http:\/\/vapebulkp.com\/wp-content\/uploads\/2024\/04\/Mandy-WhatsApp-Randm.jpg\" alt=\"Mandy WhatsApp Randm\" width=\"324\" height=\"330\" \/><\/p>\n<div class=\"flex max-w-full flex-col flex-grow\">\n<div class=\"min-h-8 text-message flex w-full flex-col items-end gap-2 whitespace-normal break-words text-start [.text-message+&amp;]:mt-5\" dir=\"auto\" data-message-author-role=\"assistant\" data-message-id=\"1fe1b7df-f0be-476c-874a-f466adf11ab9\" data-message-model-slug=\"gpt-4o\">\n<div class=\"flex w-full flex-col gap-1 empty:hidden first:pt-[3px]\">\n<div class=\"markdown prose w-full break-words dark:prose-invert light\">\n<h2>Za\u0161to kupovati veleprodajni Vape Vookbar Cyber PRO 30k Puffs na Vapebulkp.com?<\/h2>\n<p><strong>1. Ogroman broj udaha:<\/strong><br \/>\nS impresivnih <strong>30.000 udaha u normalnom na\u010dinu rada<\/strong> i <strong>15.000 udisaja u na\u010dinu rada Power<\/strong>, ovaj je ure\u0111aj dizajniran za produljenu upotrebu bez kompromisa.<\/p>\n<p><strong>2. Vrhunska tehnologija:<\/strong><br \/>\nO <strong>sustav dvostrukih mre\u017eastih grija\u010da<\/strong> pru\u017ea izniman okus i gustu paru, dok <strong>2,01-in\u010dni HD zaslon<\/strong> pobolj\u0161ava upotrebljivost postavkama i obavijestima u stvarnom vremenu.<\/p>\n<p><strong>3. Velikodu\u0161an kapacitet e-teku\u0107ine:<\/strong><br \/>\nPakirano s <strong>22 ml vrhunske e-teku\u0107ine<\/strong> i <strong>5% ja\u010dine nikotina<\/strong>, osiguravaju\u0107i glatke, zadovoljavaju\u0107e udarce pri svakom povla\u010denju.<\/p>\n<p><strong>4. Dugotrajna baterija:<\/strong><br \/>\nO <strong>baterija od 850 mAh koja se mo\u017ee puniti<\/strong> pru\u017ea pouzdanu snagu, dopunjenu s <strong>brzim Type-C punjenjem<\/strong> za brzo i u\u010dinkovito ponovno punjenje.<\/p>\n<p><strong>5. Pametne zna\u010dajke:<\/strong><br \/>\nUklju\u010duje <strong>Bluetooth kompatibilnost<\/strong>, <strong>na\u010din rada pokretom<\/strong>, i <strong>bo\u010dnu kontrolu gumbom<\/strong>, \u0161to ga \u010dini svestranim i prakti\u010dnim za moderne korisnike.<\/p>\n<p><strong>6. Kompaktan i prenosiv:<\/strong><br \/>\nNjegove elegantne dimenzije (<strong>49x24x93 mm<\/strong>) olak\u0161avaju no\u0161enje, savr\u0161eno za svakodnevno kori\u0161tenje ili putovanje.<\/p>\n<p><strong>7. Ekskluzivne pogodnosti na Vapebulkp.com:<\/strong><\/p>\n<ul>\n<li><strong>Pristupa\u010dne cijene<\/strong> s dostupnim koli\u010dinskim popustima.<\/li>\n<li><strong>Brza, pouzdana dostava<\/strong> \u0161irom europskih zemalja.<\/li>\n<li>Sveobuhvatna korisni\u010dka podr\u0161ka za rje\u0161avanje svih va\u0161ih potreba.<\/li>\n<\/ul>\n<p>Za pouzdano rje\u0161enje za vaping s mno\u0161tvom zna\u010dajki, vjerujte Vapebulkp.com da \u0107e isporu\u010diti <strong>Vookbar Cyber PRO 30k Udisaja<\/strong> po nenadma\u0161noj vrijednosti!<\/p>\n<\/div>\n<\/div>\n<\/div>\n<\/div>\n<h3>Vookbar 30000 Puffs jednokratni vape ure\u0111aji - specifikacije<\/h3>\n<ul>\n<li><strong>Dimenzije:<\/strong> 49 mm x 24 mm x 93 mm (kompaktan i prenosiv).<\/li>\n<li><strong>Zaslon:<\/strong> 2,01-in\u010dni HD zaslon za jasne vizualne prikaze i jednostavnu navigaciju.<\/li>\n<li><strong>Vrsta zavojnice:<\/strong> Dvostruka mre\u017easta zavojnica za bogat okus i gustu paru.<\/li>\n<li><strong>Kapacitet e-teku\u0107ine:<\/strong> 22 ml prethodno napunjene vrhunske teku\u0107ine za vape.<\/li>\n<li><strong>Ja\u010dina nikotina:<\/strong> 5%, pru\u017ea glatko i zadovoljavaju\u0107e iskustvo.<\/li>\n<li><strong>Baterija:<\/strong> Punjiva baterija od 850 mAh s Type-C brzim punjenjem.<\/li>\n<li><strong>Na\u010dini rada puhanja:<\/strong>\n<ul>\n<li>Normalni na\u010din rada: do 30.000 udisaja.<\/li>\n<li>Na\u010din rada napajanja: do 15.000 udisaja.<\/li>\n<\/ul>\n<\/li>\n<li><strong>Rad:<\/strong> Jednostavna bo\u010dna kontrola gumbom za napajanje i pode\u0161avanja.<\/li>\n<li><strong>Priklju\u010dak za punjenje:<\/strong> Type-C za brzo i u\u010dinkovito punjenje.<\/li>\n<li><strong>Napredne zna\u010dajke:<\/strong>\n<ul>\n<li>Bluetooth povezivost.<\/li>\n<li>Na\u010din rada pokretom za pobolj\u0161anu funkcionalnost.<\/li>\n<li>Prilagodljive postavke vapinga.<\/li>\n<\/ul>\n<\/li>\n<li><strong>Dizajn:<\/strong> Elegantna, izdr\u017eljiva i konstrukcija prikladna za putovanja.<\/li>\n<\/ul>\n<h3>Vookbar 30000 Puffs Vape Pods Okus<\/h3>\n<p>1. Blue razz ice<br \/>\n2. Breskva led<br \/>\n3. Gro\u017e\u0111e led<br \/>\n4. Jagoda lubenica<br \/>\nJagoda-banana<br \/>\n6. Tre\u0161nja lubenica<br \/>\n7.Led od lubenice<br \/>\n8. Breskva mango<br \/>\n9. Jagoda kivi<br \/>\n10. Bijeli sladoled od jagode<br \/>\n11. Bijeli gummy ice<br \/>\n12. Smrznuta pinacolada<br \/>\n13. Fcking fab<br \/>\n14. Mojito mije\u0161ano bobi\u010dasto vo\u0107e<\/p>\n<p><a href=\"https:\/\/vapebulkp.com\/hr\/product\/jnr-vape-mega-box-25000-puff-discount-price-vape-pods\/\"><span style=\"vertical-align: inherit\">JNR VAPE Mega Box 25000 Udisaja <\/span><\/a><\/p>\n<p><span style=\"vertical-align: inherit\">Prona\u0111ite vi\u0161e proizvoda koji bi vam se mogli svidjeti:<\/span><em><a href=\"https:\/\/wa.me\/8618077105796\"><span style=\"vertical-align: inherit\">\u00a0Kupite sada<\/span><\/a><\/em><\/p>\n<p><span style=\"vertical-align: inherit\">Ostali Puffs koji bi vam se mogli svidjeti:<\/span><a href=\"https:\/\/vapebulkp.com\/hr\/product\/waspe-vape-40000-puff-fihp-double-flavour-disposable-vape\/\"><span style=\"vertical-align: inherit\">WASPE FIHP 40000 Puffs<\/span><\/a><span style=\"vertical-align: inherit\">\u3001<\/span><a href=\"https:\/\/vapebulkp.com\/hr\/product\/wholesale-randm-tornado-9000-puffs-germany\/\"><span style=\"vertical-align: inherit\">RandM 9000 Udisaja<\/span><\/a><span style=\"vertical-align: inherit\">\/ <\/span><a href=\"https:\/\/vapebulkp.com\/hr\/fi\/product\/bang-30k-puffs-new-double-taste-good-vape\/\"><span style=\"vertical-align: inherit\">Bang Vape 30000 Puffs<\/span><\/a><span style=\"vertical-align: inherit\">\/ <\/span><a href=\"https:\/\/vapebulkp.com\/hr\/product\/jnr-alien-10000-puffs-randm-vape-wholesale-price\/\"><span style=\"vertical-align: inherit\">JNR VAPE Alien 10000 Udisaja<\/span><\/a><\/p>\n<p>&nbsp;<\/p>\n<p>&nbsp;<\/p>\n<h3><strong>\u010cesto postavljana pitanja o najprodavanijem Vapeu <\/strong>Vookbar 30000 Udisaja<\/h3>\n<p><strong>1. Koliko udisaja mogu dobiti od Vookbar Vape 30,000 Puffs?<\/strong><\/p>\n<ul>\n<li>Vookbar nudi do <strong>30.000 'puffova'<\/strong> in <strong>Normalni na\u010din rada<\/strong> i <strong>15.000 puhova<\/strong> in <strong>Na\u010din Snage<\/strong>, pru\u017eaju\u0107i dugotrajnu upotrebu.<\/li>\n<\/ul>\n<p><strong>2. Kolika je ja\u010dina nikotina Vookbar 30,000 Puff?<\/strong><\/p>\n<ul>\n<li>Ure\u0111aj sadr\u017ei <strong>5% nikotinskim solima<\/strong>, pru\u017eaju\u0107i gladak i zadovoljavaju\u0107i pogodak sa svakim povla\u010denjem.<\/li>\n<\/ul>\n<p><strong>3. Koliko dugo traje baterija Vookbara?<\/strong><\/p>\n<ul>\n<li>S <strong>baterija od 850 mAh koja se mo\u017ee puniti<\/strong> i <strong>brzim Type-C punjenjem<\/strong>, Vookbar pru\u017ea pouzdanu snagu i brzo punjenje za kontinuiranu upotrebu.<\/li>\n<\/ul>\n<p><strong>4. Koju vrstu grija\u010da koristi Vookbar 30,000 Puffs?<\/strong><\/p>\n<ul>\n<li>Ure\u0111aj je opremljen s <strong>dvostruka mre\u017easta spirala<\/strong>, osiguravaju\u0107i bogat okus i gustu paru pri svakom udisaju.<\/li>\n<\/ul>\n<p><strong>5. Mogu li prilagoditi postavke na Vookbar 30.000 Puffs?<\/strong><\/p>\n<ul>\n<li>Da, ure\u0111aj ima <strong>2,01-in\u010dni zaslon osjetljiv na dodir<\/strong>, omogu\u0107uju\u0107i vam jednostavno pode\u0161avanje postavki i kontrolu va\u0161eg iskustva vapinga.<\/li>\n<\/ul>\n<h3>Detalji dostave:<\/h3>\n<p><span style=\"color: #ff6600\">Vrijeme proizvodnje: 5-10 radnih dana<\/span><br \/>\n<span style=\"color: #ff6600\">Vrijeme isporuke: 8-14 radnih dana<\/span><\/p>\n<p>Svi proizvodi u na\u0161oj trgovini su 100% originalni i autenti\u010dni, stoga je desetostruka naknada za la\u017enu robu na\u0161a politika trgovine. Za dostavu koristimo logisti\u010dke kanale kao \u0161to su UPS\/DHL\/FEDEX\/DPD.<\/p>\n<p>Za pakete poslane u Hrvatsku obi\u010dno je potrebno 10 radnih dana da stignu. Dostava u europske zemlje obi\u010dno traje 12 do 15 radnih dana da stigne. Logisti\u010dke informacije \u0107emo a\u017eurirati za vas u stvarnom vremenu.<\/p>","protected":false},"excerpt":{"rendered":"<p>Vookbar 30000 Puffs Zaslon osjetljiv na dodir Jednokratne vape po veleprodajnim cijenama. Dugotrajno, visokokvalitetno i inovativno rje\u0161enje za vaping. Dostupne su narud\u017ebe u velikim koli\u010dinama.<\/p>\n<p>Molimo kontaktirajte Mandy's WhatsApp za cijenu s popustom<a href=\"https:\/\/wa.me\/8618077105796\">+8618077105796<\/a><\/p>\n<p>&nbsp;<\/p>\n<p><img decoding=\"async\" class=\"alignnone wp-image-2151\" src=\"http:\/\/vapebulkp.com\/wp-content\/uploads\/2024\/04\/Mandy-WhatsApp-Randm.jpg\" alt=\"Mandy WhatsApp Randm\" width=\"297\" height=\"316\" srcset=\"https:\/\/vapebulkp.com\/wp-content\/uploads\/2024\/04\/Mandy-WhatsApp-Randm.jpg 916w, https:\/\/vapebulkp.com\/wp-content\/uploads\/2024\/04\/Mandy-WhatsApp-Randm-282x300.jpg 282w, https:\/\/vapebulkp.com\/wp-content\/uploads\/2024\/04\/Mandy-WhatsApp-Randm-768x817.jpg 768w, https:\/\/vapebulkp.com\/wp-content\/uploads\/2024\/04\/Mandy-WhatsApp-Randm-600x638.jpg 600w\" sizes=\"(max-width: 297px) 100vw, 297px\" \/><\/p>\n<p><span style=\"color: #ff0000\">NAPOMENA: Cijene na na\u0161oj web stranici ne uklju\u010duju tro\u0161kove dostave<\/span><\/p>\n<p>&nbsp;<\/p>","protected":false},"featured_media":3266,"comment_status":"open","ping_status":"closed","template":"","meta":{"_uag_custom_page_level_css":"","_lmt_disableupdate":"no","_lmt_disable":"","site-sidebar-layout":"default","site-content-layout":"content-boxed-container","ast-site-content-layout":"normal-width-container","site-content-style":"boxed","site-sidebar-style":"unboxed","ast-global-header-display":"","ast-banner-title-visibility":"","ast-main-header-display":"","ast-hfb-above-header-display":"","ast-hfb-below-header-display":"","ast-hfb-mobile-header-display":"","site-post-title":"","ast-breadcrumbs-content":"","ast-featured-img":"","footer-sml-layout":"","theme-transparent-header-meta":"default","adv-header-id-meta":"","stick-header-meta":"","header-above-stick-meta":"","header-main-stick-meta":"","header-below-stick-meta":"","astra-migrate-meta-layouts":"set","_joinchat":[]},"product_cat":[160,153,155,33,59,100,87,34,158,157,154,152,58,84,156,63,32],"product_tag":[36,37,41,40,193],"class_list":["post-3268","product","type-product","status-publish","has-post-thumbnail","hentry","product_cat-30000-puff-disposable-vape","product_cat-hot-disposable-vapes","product_cat-belgium-hot-disposable-vapes","product_cat-france-vape-hot-sale","product_cat-germany-hot-disposable-vape","product_cat-germany-wholesale-vape-shop","product_cat-minimum-order-quantity-50pcs","product_cat-netherlands-vape-good-sale","product_cat-norway-hot-disposable-vapes","product_cat-poland-hot-disposable-vapes","product_cat-portugal-hot-disposable-vapes","product_cat-spain-hot-disposable-vapes","product_cat-sweden-hot-disposable-vape","product_cat-sweden-wholesale-vape","product_cat-switzerland-hot-disposable-vapes","product_cat-top-sale-disposable-vape","product_cat-vape-hot-sale-this-week","product_tag-good-vape","product_tag-hot-sale-disposable-vape","product_tag-poland-hot-vape","product_tag-sweden-hot-vape","product_tag-vookbar-30000-puffs","desktop-align-left","tablet-align-left","mobile-align-left"],"yoast_head":"<!-- This site is optimized with the Yoast SEO plugin v21.1 - https:\/\/yoast.com\/wordpress\/plugins\/seo\/ -->\n<title>Vookbar 30000 Puffs Touch Screen Disposable Vapes Wholesale Price - vapebulkp.com<\/title>\n<meta name=\"description\" content=\"Shop Vookbar 30000 Puffs Touch Screen Disposable Vapes at wholesale prices. High-capacity, sleek design, and advanced features for premium vaping.\" \/>\n<meta name=\"robots\" content=\"index, follow, max-snippet:-1, max-image-preview:large, max-video-preview:-1\" \/>\n<link rel=\"canonical\" href=\"https:\/\/vapebulkp.com\/hr\/product\/vookbar-30000-puffs-touch-screen-disposable-vapes-wholesale-price\/\" \/>\n<meta property=\"og:locale\" content=\"hr_HR\" \/>\n<meta property=\"og:type\" content=\"article\" \/>\n<meta property=\"og:title\" content=\"Vookbar 30000 Puffs Touch Screen Disposable Vapes Wholesale Price - vapebulkp.com\" \/>\n<meta property=\"og:description\" content=\"Shop Vookbar 30000 Puffs Touch Screen Disposable Vapes at wholesale prices. High-capacity, sleek design, and advanced features for premium vaping.\" \/>\n<meta property=\"og:url\" content=\"https:\/\/vapebulkp.com\/hr\/product\/vookbar-30000-puffs-touch-screen-disposable-vapes-wholesale-price\/\" \/>\n<meta property=\"og:site_name\" content=\"vapebulkp.com\" \/>\n<meta property=\"article:modified_time\" content=\"2025-09-03T03:31:08+00:00\" \/>\n<meta property=\"og:image\" content=\"http:\/\/vapebulkp.com\/wp-content\/uploads\/2024\/12\/Vookbar-30000-Puffs-Top-Sale-Vape.png\" \/>\n\t<meta property=\"og:image:width\" content=\"800\" \/>\n\t<meta property=\"og:image:height\" content=\"800\" \/>\n\t<meta property=\"og:image:type\" content=\"image\/png\" \/>\n<meta name=\"twitter:card\" content=\"summary_large_image\" \/>\n<meta name=\"twitter:label1\" content=\"Procijenjeno vrijeme \u010ditanja\" \/>\n\t<meta name=\"twitter:data1\" content=\"4 minute\" \/>\n<script type=\"application\/ld+json\" class=\"yoast-schema-graph\">{\"@context\":\"https:\/\/schema.org\",\"@graph\":[{\"@type\":\"WebPage\",\"@id\":\"https:\/\/vapebulkp.com\/product\/vookbar-30000-puffs-touch-screen-disposable-vapes-wholesale-price\/\",\"url\":\"https:\/\/vapebulkp.com\/product\/vookbar-30000-puffs-touch-screen-disposable-vapes-wholesale-price\/\",\"name\":\"Vookbar 30000 Puffs Touch Screen Disposable Vapes Wholesale Price - vapebulkp.com\",\"isPartOf\":{\"@id\":\"https:\/\/vapebulkp.com\/#website\"},\"datePublished\":\"2024-12-20T08:24:34+00:00\",\"dateModified\":\"2025-09-03T03:31:08+00:00\",\"description\":\"Shop Vookbar 30000 Puffs Touch Screen Disposable Vapes at wholesale prices. High-capacity, sleek design, and advanced features for premium vaping.\",\"breadcrumb\":{\"@id\":\"https:\/\/vapebulkp.com\/product\/vookbar-30000-puffs-touch-screen-disposable-vapes-wholesale-price\/#breadcrumb\"},\"inLanguage\":\"hr\",\"potentialAction\":[{\"@type\":\"ReadAction\",\"target\":[\"https:\/\/vapebulkp.com\/product\/vookbar-30000-puffs-touch-screen-disposable-vapes-wholesale-price\/\"]}]},{\"@type\":\"BreadcrumbList\",\"@id\":\"https:\/\/vapebulkp.com\/product\/vookbar-30000-puffs-touch-screen-disposable-vapes-wholesale-price\/#breadcrumb\",\"itemListElement\":[{\"@type\":\"ListItem\",\"position\":1,\"name\":\"Home\",\"item\":\"https:\/\/vapebulkp.com\/\"},{\"@type\":\"ListItem\",\"position\":2,\"name\":\"Hot Trend Vapes\",\"item\":\"https:\/\/vapebulkp.com\/vape-shop\/\"},{\"@type\":\"ListItem\",\"position\":3,\"name\":\"Vookbar 30000 Puffs Touch Screen Disposable Vapes Wholesale Price\"}]},{\"@type\":\"WebSite\",\"@id\":\"https:\/\/vapebulkp.com\/#website\",\"url\":\"https:\/\/vapebulkp.com\/\",\"name\":\"vapebulkp.com\",\"description\":\"Buy Vape In Cheap Bulk Price Near you\",\"publisher\":{\"@id\":\"https:\/\/vapebulkp.com\/#organization\"},\"potentialAction\":[{\"@type\":\"SearchAction\",\"target\":{\"@type\":\"EntryPoint\",\"urlTemplate\":\"https:\/\/vapebulkp.com\/?s={search_term_string}\"},\"query-input\":\"required name=search_term_string\"}],\"inLanguage\":\"hr\"},{\"@type\":\"Organization\",\"@id\":\"https:\/\/vapebulkp.com\/#organization\",\"name\":\"vapebulkp.com\",\"url\":\"https:\/\/vapebulkp.com\/\",\"logo\":{\"@type\":\"ImageObject\",\"inLanguage\":\"hr\",\"@id\":\"https:\/\/vapebulkp.com\/#\/schema\/logo\/image\/\",\"url\":\"https:\/\/vapebulkp.com\/wp-content\/uploads\/2023\/09\/cropped-vapebulkp.png\",\"contentUrl\":\"https:\/\/vapebulkp.com\/wp-content\/uploads\/2023\/09\/cropped-vapebulkp.png\",\"width\":516,\"height\":163,\"caption\":\"vapebulkp.com\"},\"image\":{\"@id\":\"https:\/\/vapebulkp.com\/#\/schema\/logo\/image\/\"}}]}<\/script>\n<!-- \/ Yoast SEO plugin. -->","yoast_head_json":{"title":"Vookbar 30000 Puffs Touch Screen Disposable Vapes Wholesale Price - vapebulkp.com","description":"Shop Vookbar 30000 Puffs Touch Screen Disposable Vapes at wholesale prices. High-capacity, sleek design, and advanced features for premium vaping.","robots":{"index":"index","follow":"follow","max-snippet":"max-snippet:-1","max-image-preview":"max-image-preview:large","max-video-preview":"max-video-preview:-1"},"canonical":"https:\/\/vapebulkp.com\/hr\/product\/vookbar-30000-puffs-touch-screen-disposable-vapes-wholesale-price\/","og_locale":"hr_HR","og_type":"article","og_title":"Vookbar 30000 Puffs Touch Screen Disposable Vapes Wholesale Price - vapebulkp.com","og_description":"Shop Vookbar 30000 Puffs Touch Screen Disposable Vapes at wholesale prices. High-capacity, sleek design, and advanced features for premium vaping.","og_url":"https:\/\/vapebulkp.com\/hr\/product\/vookbar-30000-puffs-touch-screen-disposable-vapes-wholesale-price\/","og_site_name":"vapebulkp.com","article_modified_time":"2025-09-03T03:31:08+00:00","og_image":[{"width":800,"height":800,"url":"http:\/\/vapebulkp.com\/wp-content\/uploads\/2024\/12\/Vookbar-30000-Puffs-Top-Sale-Vape.png","type":"image\/png"}],"twitter_card":"summary_large_image","twitter_misc":{"Procijenjeno vrijeme \u010ditanja":"4 minute"},"schema":{"@context":"https:\/\/schema.org","@graph":[{"@type":"WebPage","@id":"https:\/\/vapebulkp.com\/product\/vookbar-30000-puffs-touch-screen-disposable-vapes-wholesale-price\/","url":"https:\/\/vapebulkp.com\/product\/vookbar-30000-puffs-touch-screen-disposable-vapes-wholesale-price\/","name":"Vookbar 30000 Puffs Touch Screen Disposable Vapes Wholesale Price - vapebulkp.com","isPartOf":{"@id":"https:\/\/vapebulkp.com\/#website"},"datePublished":"2024-12-20T08:24:34+00:00","dateModified":"2025-09-03T03:31:08+00:00","description":"Shop Vookbar 30000 Puffs Touch Screen Disposable Vapes at wholesale prices. High-capacity, sleek design, and advanced features for premium vaping.","breadcrumb":{"@id":"https:\/\/vapebulkp.com\/product\/vookbar-30000-puffs-touch-screen-disposable-vapes-wholesale-price\/#breadcrumb"},"inLanguage":"hr","potentialAction":[{"@type":"ReadAction","target":["https:\/\/vapebulkp.com\/product\/vookbar-30000-puffs-touch-screen-disposable-vapes-wholesale-price\/"]}]},{"@type":"BreadcrumbList","@id":"https:\/\/vapebulkp.com\/product\/vookbar-30000-puffs-touch-screen-disposable-vapes-wholesale-price\/#breadcrumb","itemListElement":[{"@type":"ListItem","position":1,"name":"Home","item":"https:\/\/vapebulkp.com\/"},{"@type":"ListItem","position":2,"name":"Hot Trend Vapes","item":"https:\/\/vapebulkp.com\/vape-shop\/"},{"@type":"ListItem","position":3,"name":"Vookbar 30000 Puffs Touch Screen Disposable Vapes Wholesale Price"}]},{"@type":"WebSite","@id":"https:\/\/vapebulkp.com\/#website","url":"https:\/\/vapebulkp.com\/","name":"vapebulkp.com","description":"Buy Vape In Cheap Bulk Price Near you","publisher":{"@id":"https:\/\/vapebulkp.com\/#organization"},"potentialAction":[{"@type":"SearchAction","target":{"@type":"EntryPoint","urlTemplate":"https:\/\/vapebulkp.com\/?s={search_term_string}"},"query-input":"required name=search_term_string"}],"inLanguage":"hr"},{"@type":"Organization","@id":"https:\/\/vapebulkp.com\/#organization","name":"vapebulkp.com","url":"https:\/\/vapebulkp.com\/","logo":{"@type":"ImageObject","inLanguage":"hr","@id":"https:\/\/vapebulkp.com\/#\/schema\/logo\/image\/","url":"https:\/\/vapebulkp.com\/wp-content\/uploads\/2023\/09\/cropped-vapebulkp.png","contentUrl":"https:\/\/vapebulkp.com\/wp-content\/uploads\/2023\/09\/cropped-vapebulkp.png","width":516,"height":163,"caption":"vapebulkp.com"},"image":{"@id":"https:\/\/vapebulkp.com\/#\/schema\/logo\/image\/"}}]}},"uagb_featured_image_src":{"full":["https:\/\/vapebulkp.com\/wp-content\/uploads\/2024\/12\/Vookbar-30000-Puffs-Top-Sale-Vape.png",800,800,false],"thumbnail":["https:\/\/vapebulkp.com\/wp-content\/uploads\/2024\/12\/Vookbar-30000-Puffs-Top-Sale-Vape-150x150.png",150,150,true],"medium":["https:\/\/vapebulkp.com\/wp-content\/uploads\/2024\/12\/Vookbar-30000-Puffs-Top-Sale-Vape-300x300.png",300,300,true],"medium_large":["https:\/\/vapebulkp.com\/wp-content\/uploads\/2024\/12\/Vookbar-30000-Puffs-Top-Sale-Vape-768x768.png",768,768,true],"large":["https:\/\/vapebulkp.com\/wp-content\/uploads\/2024\/12\/Vookbar-30000-Puffs-Top-Sale-Vape.png",800,800,false],"1536x1536":["https:\/\/vapebulkp.com\/wp-content\/uploads\/2024\/12\/Vookbar-30000-Puffs-Top-Sale-Vape.png",800,800,false],"2048x2048":["https:\/\/vapebulkp.com\/wp-content\/uploads\/2024\/12\/Vookbar-30000-Puffs-Top-Sale-Vape.png",800,800,false],"trp-custom-language-flag":["https:\/\/vapebulkp.com\/wp-content\/uploads\/2024\/12\/Vookbar-30000-Puffs-Top-Sale-Vape.png",12,12,false],"woocommerce_thumbnail":["https:\/\/vapebulkp.com\/wp-content\/uploads\/2024\/12\/Vookbar-30000-Puffs-Top-Sale-Vape-300x300.png",300,300,true],"woocommerce_single":["https:\/\/vapebulkp.com\/wp-content\/uploads\/2024\/12\/Vookbar-30000-Puffs-Top-Sale-Vape-600x600.png",600,600,true],"woocommerce_gallery_thumbnail":["https:\/\/vapebulkp.com\/wp-content\/uploads\/2024\/12\/Vookbar-30000-Puffs-Top-Sale-Vape-100x100.png",100,100,true],"wcpr-photo-reviews":["https:\/\/vapebulkp.com\/wp-content\/uploads\/2024\/12\/Vookbar-30000-Puffs-Top-Sale-Vape.png",500,500,false]},"uagb_author_info":{"display_name":"Mandy vape bulk price","author_link":"https:\/\/vapebulkp.com\/hr\/author\/"},"uagb_comment_info":0,"uagb_excerpt":"Vookbar 30000 Puffs Touch Screen Disposable Vapes at wholesale prices. Long-lasting, high-quality, and innovative vaping solution. Bulk orders available. Pls Contact Mandy's WhatsApp For Discount Price+8618077105796 &nbsp; NOTE: Prices on our website does not include shipping costs &nbsp;","_links":{"self":[{"href":"https:\/\/vapebulkp.com\/hr\/wp-json\/wp\/v2\/product\/3268","targetHints":{"allow":["GET"]}}],"collection":[{"href":"https:\/\/vapebulkp.com\/hr\/wp-json\/wp\/v2\/product"}],"about":[{"href":"https:\/\/vapebulkp.com\/hr\/wp-json\/wp\/v2\/types\/product"}],"replies":[{"embeddable":true,"href":"https:\/\/vapebulkp.com\/hr\/wp-json\/wp\/v2\/comments?post=3268"}],"wp:featuredmedia":[{"embeddable":true,"href":"https:\/\/vapebulkp.com\/hr\/wp-json\/wp\/v2\/media\/3266"}],"wp:attachment":[{"href":"https:\/\/vapebulkp.com\/hr\/wp-json\/wp\/v2\/media?parent=3268"}],"wp:term":[{"taxonomy":"product_cat","embeddable":true,"href":"https:\/\/vapebulkp.com\/hr\/wp-json\/wp\/v2\/product_cat?post=3268"},{"taxonomy":"product_tag","embeddable":true,"href":"https:\/\/vapebulkp.com\/hr\/wp-json\/wp\/v2\/product_tag?post=3268"}],"curies":[{"name":"wp","href":"https:\/\/api.w.org\/{rel}","templated":true}]}}