{"id":3277,"date":"2024-12-24T08:52:32","date_gmt":"2024-12-24T07:52:32","guid":{"rendered":"https:\/\/vapebulkp.com\/?post_type=product&#038;p=3277"},"modified":"2025-09-17T10:32:16","modified_gmt":"2025-09-17T08:32:16","slug":"bang-box-35000-puffs-touch-switch-digital-screen-rechargeable-vape","status":"publish","type":"product","link":"https:\/\/vapebulkp.com\/hr\/product\/bang-box-35000-puffs-touch-switch-digital-screen-rechargeable-vape\/","title":{"rendered":"Bang Box 35000 Udisaja Zaslon Osjetljiv na Dodir Digitalni Zaslon Punjiva Vape"},"content":{"rendered":"<h2 style=\"text-align: left\">Bang Box 35000 Udisaja Zaslon Osjetljiv na Dodir Digitalni Zaslon Punjiva Vape<\/h2>\n<p>O <strong>Bang Box 35.000 Puffs Zaslon osjetljiv na dodir Digitalni zaslon Vape<\/strong> je projektiran za vrhunske performanse i prakti\u010dnost. Dizajniran za produljenu upotrebu, mo\u017ee se pohvaliti nevjerojatnim <strong>35 000 udaha<\/strong> i izda\u0161nim <strong>23 ml prednapunjene zapremine e-teku\u0107ine<\/strong>. S <strong>0%, 2%, 3% i 5%<\/strong>, zadovoljava razli\u010dite preferencije vapinga.<\/p>\n<p>Pokre\u0107e ga <strong>950mAh \u010dista kobaltna baterija<\/strong> s <strong>5A pra\u017enjenje<\/strong>, ovaj ure\u0111aj osigurava stabilne i pouzdane performanse. Napredni <strong>dvostruka grija\u0107a mre\u017easta \u017eica (0.8\u03a9)<\/strong> pru\u017ea izniman okus i izlaz pare, rade\u0107i u podesivom rasponu od <strong>15W do 25W<\/strong>.<\/p>\n<p>Pobolj\u0161an s <strong>podesivim protokom zraka<\/strong>, omogu\u0107uje korisnicima da prilagode svoje iskustvo vapinga za optimalno zadovoljstvo. The <strong>dvostruki digitalni zasloni<\/strong> i <strong>kontrole na dodir<\/strong> olak\u0161avaju prebacivanje izme\u0111u postavki, uklju\u010duju\u0107i <strong>na\u010dini napajanja<\/strong> i <strong>pode\u0161avanja protoka zraka<\/strong>.<\/p>\n<p>O <strong>Bung Box <a href=\"https:\/\/vapebulkp.com\/hr\/product-category\/35000-puffs-disposable-vape\/\">35000 Puffs jednokratni Vape<\/a><\/strong>\u00a0je elegantan vape pogodan za putovanja koji kombinira vrhunsku tehnologiju, veliki kapacitet i prilagodljive zna\u010dajke, \u0161to ga \u010dini idealnim za dru\u0161tvena okru\u017eenja i svakodnevno vaping.<\/p>\n<p><img decoding=\"async\" class=\"wp-image-3272\" src=\"http:\/\/vapebulkp.com\/wp-content\/uploads\/2024\/12\/Bang-Box-Vapes-35000-puff-Hot-Sale-Germany.png\" alt=\"Bang Box Vapes 35000 puff Vru\u0107a prodaja Njema\u010dka\" width=\"707\" height=\"398\" srcset=\"https:\/\/vapebulkp.com\/wp-content\/uploads\/2024\/12\/Bang-Box-Vapes-35000-puff-Hot-Sale-Germany.png 1240w, https:\/\/vapebulkp.com\/wp-content\/uploads\/2024\/12\/Bang-Box-Vapes-35000-puff-Hot-Sale-Germany-300x169.png 300w, https:\/\/vapebulkp.com\/wp-content\/uploads\/2024\/12\/Bang-Box-Vapes-35000-puff-Hot-Sale-Germany-1024x576.png 1024w, https:\/\/vapebulkp.com\/wp-content\/uploads\/2024\/12\/Bang-Box-Vapes-35000-puff-Hot-Sale-Germany-768x432.png 768w, https:\/\/vapebulkp.com\/wp-content\/uploads\/2024\/12\/Bang-Box-Vapes-35000-puff-Hot-Sale-Germany-600x338.png 600w\" sizes=\"(max-width: 707px) 100vw, 707px\" \/><\/p>\n<h6>Molimo kontaktirajte Mandy's WhatsApp za cijenu s popustom<a href=\"https:\/\/wa.me\/8618077105796\">+8618077105796<\/a><\/h6>\n<p><img decoding=\"async\" class=\"alignnone wp-image-2151\" src=\"http:\/\/vapebulkp.com\/wp-content\/uploads\/2024\/04\/Mandy-WhatsApp-Randm.jpg\" alt=\"Mandy WhatsApp Randm\" width=\"324\" height=\"330\" \/><\/p>\n<div class=\"flex max-w-full flex-col flex-grow\">\n<div class=\"min-h-8 text-message flex w-full flex-col items-end gap-2 whitespace-normal break-words text-start [.text-message+&amp;]:mt-5\" dir=\"auto\" data-message-author-role=\"assistant\" data-message-id=\"d24cf626-c018-4805-80f5-44de047f2ba0\" data-message-model-slug=\"gpt-4o\">\n<div class=\"flex w-full flex-col gap-1 empty:hidden first:pt-[3px]\">\n<div class=\"markdown prose w-full break-words dark:prose-invert light\">\n<h2>Za\u0161to odabrati Bang Box 35,000 Puff Vape Pods na Vapebulkp.com?<\/h2>\n<ul>\n<li><strong>Nepremostiv kapacitet<\/strong>: Do\u017eivite vi\u0161e od <strong>35 000 udaha<\/strong> s izda\u0161nim <strong>23 ml prethodno napunjene e-teku\u0107ine<\/strong> ulo\u017eak i <strong>podesivim protokom zraka<\/strong>, osiguravaju\u0107i glatku i prilagodljivu sesiju vapinga prilago\u0111enu va\u0161im \u017eeljama.<\/li>\n<li><strong>Napredna tehnologija<\/strong>: Opremljen s <strong>950mAh \u010dista kobaltna baterija<\/strong> podr\u017eavaju\u0107i <strong>5A pra\u017enjenje<\/strong>, uparen s <strong>dvostrukom mre\u017eastom jezgrom (0.8\u03a9)<\/strong> sustav grijanja. Ova kombinacija pru\u017ea izniman okus i izlaz pare s podesivim rasponom snage od <strong>15W-25W<\/strong>.<\/li>\n<li><strong>Dizajn prilago\u0111en korisniku<\/strong>: Kompaktan, prenosiv i moderan, ovaj ure\u0111aj ima <strong>brzim Type-C punjenjem<\/strong> za maksimalnu prakti\u010dnost, \u0161to ga \u010dini savr\u0161enim za vaping u pokretu i svakodnevne potrebe.<\/li>\n<li><strong>Vapebulkp.com pogodnosti<\/strong>: U\u017eivajte u autenti\u010dnim proizvodima koji se nabavljaju izravno od pouzdanih proizvo\u0111a\u010da, <strong>konkurentne cijene<\/strong>, i <strong>brzu dostavu diljem Europe<\/strong>, osiguravaju\u0107i besprijekorno iskustvo kupovine.<\/li>\n<\/ul>\n<p>Bang Box 35k Puffs je vrhunski izbor za vapere koji tra\u017ee visoki kapacitet, napredne performanse i pouzdanu kvalitetu \u2014 sve dostupno po cijeni <strong>Vapebulkp.com<\/strong>.<\/p>\n<\/div>\n<\/div>\n<\/div>\n<\/div>\n<h2>Bang Vape 35k Puffs Specifikacije<\/h2>\n<ul>\n<li><strong>Udisaji<\/strong>: 35,000+<\/li>\n<li><strong>Kapacitet e-teku\u0107ine<\/strong>: 23 ml prethodno napunjeni ulo\u017eak<\/li>\n<li><strong>Opcije nikotina<\/strong>: 0%, 2%, 3%, 5% nikotinska sol<\/li>\n<li><strong>Baterija<\/strong>: 950mAh, punjiva Type-C<\/li>\n<li><strong>Grija\u0107i elementi<\/strong>: Dvostruka mre\u017ea grija\u0107e \u017eice (0.8\u03a9)<\/li>\n<li><strong>Zasloni<\/strong>: Dvostruki digitalni zasloni s kontrolama na dodir<\/li>\n<li><strong>Protok zraka<\/strong>: 3-na\u010dinski podesivi protok zraka<\/li>\n<li><strong>Na\u010dini rada<\/strong>: 2-na\u010dinsko prebacivanje snage<\/li>\n<li><strong>Dodatne zna\u010dajke<\/strong>: Podesiv protok zraka, kompaktan dizajn, korisni\u010dko su\u010delje<\/li>\n<\/ul>\n<h2><strong>Veleprodaja Vape Bang Box 35000 Udisaja Popis Okusa<\/strong><\/h2>\n<p>1. JAGODA KIWI<br \/>\n2. PLAVI RAZZ LED<br \/>\n3. JAGODA LUBENICA<br \/>\n4. MARAKUJA<br \/>\n5. LIMUN COLA SODA<br \/>\n6. LUBENICA LED<br \/>\n7. \u017dVAKA\u0106A GUMA OD LUBENICE<br \/>\n8. KIWI MARAKUJA GUAVA<br \/>\n9. LED OD BOROVNICE<br \/>\n10. LUBENICA TRE\u0160NJA<br \/>\n11. RED BULL<br \/>\n12. MENTA GREJP<\/p>\n<p><a href=\"https:\/\/vapebulkp.com\/hr\/product\/uzy-triple-60000-puffs-smart-vape-wholesale-3-in-1-flavor\/\"><span style=\"vertical-align: inherit\">UZY Triple 60000 Udisaja <\/span><\/a><\/p>\n<p><span style=\"vertical-align: inherit\">Prona\u0111ite vi\u0161e proizvoda koji bi vam se mogli svidjeti:<\/span><em><a href=\"https:\/\/wa.me\/8618077105796\"><span style=\"vertical-align: inherit\">\u00a0Kupite sada<\/span><\/a><\/em><\/p>\n<p><span style=\"vertical-align: inherit\">Ostali Puffs koji bi vam se mogli svidjeti:<\/span><a href=\"https:\/\/vapebulkp.com\/hr\/product\/wholesale-price-bang-kingdoms-rex-32000-puffs-vape-pod\/\"><span style=\"vertical-align: inherit\">Bang Kingdoms 32000 udisaja<\/span><\/a><span style=\"vertical-align: inherit\">\u3001<\/span><a href=\"https:\/\/vapebulkp.com\/hr\/product\/buy-bang-de-80000-puffs-disposable-vape-cheap-price-for-bulk-order\/\"><span style=\"vertical-align: inherit\">Bang HR 80000 Puffs<\/span><\/a><span style=\"vertical-align: inherit\">\/ <\/span><a href=\"https:\/\/vapebulkp.com\/hr\/product\/vapsolo-best-quality-viking-12k-puffs-disposable-vapes\/\"><span style=\"vertical-align: inherit\">Vapsolo viking 12000 udisaja<\/span><\/a><span style=\"vertical-align: inherit\">\/ <\/span><a href=\"https:\/\/vapebulkp.com\/hr\/product\/waspe-vape-40000-puff-fihp-double-flavour-disposable-vape\/\"><span style=\"vertical-align: inherit\">WASPE 40000 udisaja<\/span><\/a><\/p>\n<h3>\u010cesto postavljana pitanja o Bang Box 35.000 udisaja dugotrajnom Vapeu<\/h3>\n<p><strong>P: Koliko dugo mogu koristiti Bang Box 35.000 Puff vape?<\/strong><br \/>\n<strong>A:<\/strong> S impresivnih <strong>35 000 udaha<\/strong> i robusnom <strong>950mAh \u010dista kobaltna baterija<\/strong>, ovaj je ure\u0111aj dizajniran za produljenu upotrebu, osiguravaju\u0107i pouzdano iskustvo vapinga.<\/p>\n<p><strong>P: Je li protok zraka podesiv?<\/strong><br \/>\n<strong>A:<\/strong> Da, Bang Box ima <strong>podesivim protokom zraka<\/strong>, omogu\u0107uju\u0107i korisnicima prebacivanje izme\u0111u <strong>MTL (usta u plu\u0107a)<\/strong> i <strong>DTL (direktno u plu\u0107a)<\/strong> stilove za personaliziranu sesiju vapinga.<\/p>\n<p><strong>P: Po \u010demu se Bang Box 35k puffs razlikuje od ostalih e-cigareta?<\/strong><br \/>\n<strong>A:<\/strong> Ovaj se vape isti\u010de svojim <strong>dvostruka mre\u017easta grija\u0107a \u017eica (0.8\u03a9)<\/strong>, isporu\u010duju\u0107i glatku paru u rasponu snage od <strong>15W do 25W<\/strong>. U kombinaciji s elegantnim dizajnom i vrhunskom tehnologijom, nudi i stil i performanse.<\/p>\n<p><strong>P: Gdje mogu kupiti Bang Box 35,000 Puff Punjivi Vape?<\/strong><br \/>\n<strong>A:<\/strong> Mo\u017eete ga kupiti isklju\u010divo u <strong>Vapebulkp.com<\/strong>, va\u0161em pouzdanom izvoru za autenti\u010dne proizvode za vaping, konkurentne cijene i pouzdanu dostavu diljem Europe.<\/p>\n<h2>Detalji dostave:<\/h2>\n<p><span style=\"color: #ff6600\">Vrijeme proizvodnje: 5-10 radnih dana<\/span><br \/>\n<span style=\"color: #ff6600\">Vrijeme isporuke: 8-14 radnih dana<\/span><\/p>\n<p>Svi proizvodi u na\u0161oj trgovini su 100% originalni i autenti\u010dni, stoga je desetostruka naknada za la\u017enu robu na\u0161a politika trgovine. Za dostavu koristimo logisti\u010dke kanale kao \u0161to su UPS\/DHL\/FEDEX\/DPD.<\/p>\n<p>Za pakete poslane u Hrvatsku obi\u010dno je potrebno 10 radnih dana da stignu. Dostava u europske zemlje obi\u010dno traje 12 do 15 radnih dana da stigne. Logisti\u010dke informacije \u0107emo a\u017eurirati za vas u stvarnom vremenu.<\/p>","protected":false},"excerpt":{"rendered":"<p>Bang Box 35000 Puffs Vape sa zaslonom osjetljivim na dodir, digitalnim zaslonom, punjivim dizajnom, 2%\/5% nikotinom i dugotrajnim performansama. Savr\u0161en za vrhunsko vaping.<\/p>\n<p>Molimo kontaktirajte Mandy's WhatsApp za cijenu s popustom<a href=\"https:\/\/wa.me\/8618077105796\">+8618077105796<\/a><\/p>\n<p><img decoding=\"async\" class=\"alignnone wp-image-2151\" src=\"http:\/\/vapebulkp.com\/wp-content\/uploads\/2024\/04\/Mandy-WhatsApp-Randm.jpg\" alt=\"Mandy WhatsApp Randm\" width=\"297\" height=\"316\" srcset=\"https:\/\/vapebulkp.com\/wp-content\/uploads\/2024\/04\/Mandy-WhatsApp-Randm.jpg 916w, https:\/\/vapebulkp.com\/wp-content\/uploads\/2024\/04\/Mandy-WhatsApp-Randm-282x300.jpg 282w, https:\/\/vapebulkp.com\/wp-content\/uploads\/2024\/04\/Mandy-WhatsApp-Randm-768x817.jpg 768w, https:\/\/vapebulkp.com\/wp-content\/uploads\/2024\/04\/Mandy-WhatsApp-Randm-600x638.jpg 600w\" sizes=\"(max-width: 297px) 100vw, 297px\" \/><\/p>\n<p><span style=\"color: #ff0000\">NAPOMENA: Cijene na na\u0161oj web stranici ne uklju\u010duju tro\u0161kove dostave<\/span><\/p>\n<p>&nbsp;<\/p>","protected":false},"featured_media":3270,"comment_status":"open","ping_status":"closed","template":"","meta":{"_uag_custom_page_level_css":"","_lmt_disableupdate":"no","_lmt_disable":"","site-sidebar-layout":"default","site-content-layout":"content-boxed-container","ast-site-content-layout":"normal-width-container","site-content-style":"boxed","site-sidebar-style":"unboxed","ast-global-header-display":"","ast-banner-title-visibility":"","ast-main-header-display":"","ast-hfb-above-header-display":"","ast-hfb-below-header-display":"","ast-hfb-mobile-header-display":"","site-post-title":"","ast-breadcrumbs-content":"","ast-featured-img":"","footer-sml-layout":"","theme-transparent-header-meta":"default","adv-header-id-meta":"","stick-header-meta":"","header-above-stick-meta":"","header-main-stick-meta":"","header-below-stick-meta":"","astra-migrate-meta-layouts":"set","_joinchat":[]},"product_cat":[190,153,345,155,33,59,100,87,34,158,157,154,152,58,84,156],"product_tag":[191,36,37,41,40],"class_list":["post-3277","product","type-product","status-publish","has-post-thumbnail","hentry","product_cat-35000-puffs-disposable-vape","product_cat-hot-disposable-vapes","product_cat-bang-vapes","product_cat-belgium-hot-disposable-vapes","product_cat-france-vape-hot-sale","product_cat-germany-hot-disposable-vape","product_cat-germany-wholesale-vape-shop","product_cat-minimum-order-quantity-50pcs","product_cat-netherlands-vape-good-sale","product_cat-norway-hot-disposable-vapes","product_cat-poland-hot-disposable-vapes","product_cat-portugal-hot-disposable-vapes","product_cat-spain-hot-disposable-vapes","product_cat-sweden-hot-disposable-vape","product_cat-sweden-wholesale-vape","product_cat-switzerland-hot-disposable-vapes","product_tag-35000-puffs","product_tag-good-vape","product_tag-hot-sale-disposable-vape","product_tag-poland-hot-vape","product_tag-sweden-hot-vape","pa_brand-bang-vape","desktop-align-left","tablet-align-left","mobile-align-left"],"yoast_head":"<!-- This site is optimized with the Yoast SEO plugin v21.1 - https:\/\/yoast.com\/wordpress\/plugins\/seo\/ -->\n<title>Bang Box 35000 Puffs Touch Switch Digital Screen Rechargeable Vape - vapebulkp.com<\/title>\n<meta name=\"description\" content=\"Wholesale price Bang Box 35000 Puffs Rechargeable Vape with touch switch, digital screen, and long-lasting performance. Perfect for premium vaping needs!\" \/>\n<meta name=\"robots\" content=\"index, follow, max-snippet:-1, max-image-preview:large, max-video-preview:-1\" \/>\n<link rel=\"canonical\" href=\"https:\/\/vapebulkp.com\/hr\/product\/bang-box-35000-puffs-touch-switch-digital-screen-rechargeable-vape\/\" \/>\n<meta property=\"og:locale\" content=\"hr_HR\" \/>\n<meta property=\"og:type\" content=\"article\" \/>\n<meta property=\"og:title\" content=\"Bang Box 35000 Puffs Touch Switch Digital Screen Rechargeable Vape - vapebulkp.com\" \/>\n<meta property=\"og:description\" content=\"Wholesale price Bang Box 35000 Puffs Rechargeable Vape with touch switch, digital screen, and long-lasting performance. Perfect for premium vaping needs!\" \/>\n<meta property=\"og:url\" content=\"https:\/\/vapebulkp.com\/hr\/product\/bang-box-35000-puffs-touch-switch-digital-screen-rechargeable-vape\/\" \/>\n<meta property=\"og:site_name\" content=\"vapebulkp.com\" \/>\n<meta property=\"article:modified_time\" content=\"2025-09-17T08:32:16+00:00\" \/>\n<meta property=\"og:image\" content=\"http:\/\/vapebulkp.com\/wp-content\/uploads\/2024\/12\/Bang-Box-35000-puff-Rechargeable-Vapes-Cheap-Price.png\" \/>\n\t<meta property=\"og:image:width\" content=\"800\" \/>\n\t<meta property=\"og:image:height\" content=\"800\" \/>\n\t<meta property=\"og:image:type\" content=\"image\/png\" \/>\n<meta name=\"twitter:card\" content=\"summary_large_image\" \/>\n<meta name=\"twitter:label1\" content=\"Procijenjeno vrijeme \u010ditanja\" \/>\n\t<meta name=\"twitter:data1\" content=\"4 minute\" \/>\n<script type=\"application\/ld+json\" class=\"yoast-schema-graph\">{\"@context\":\"https:\/\/schema.org\",\"@graph\":[{\"@type\":\"WebPage\",\"@id\":\"https:\/\/vapebulkp.com\/product\/bang-box-35000-puffs-touch-switch-digital-screen-rechargeable-vape\/\",\"url\":\"https:\/\/vapebulkp.com\/product\/bang-box-35000-puffs-touch-switch-digital-screen-rechargeable-vape\/\",\"name\":\"Bang Box 35000 Puffs Touch Switch Digital Screen Rechargeable Vape - vapebulkp.com\",\"isPartOf\":{\"@id\":\"https:\/\/vapebulkp.com\/#website\"},\"datePublished\":\"2024-12-24T07:52:32+00:00\",\"dateModified\":\"2025-09-17T08:32:16+00:00\",\"description\":\"Wholesale price Bang Box 35000 Puffs Rechargeable Vape with touch switch, digital screen, and long-lasting performance. Perfect for premium vaping needs!\",\"breadcrumb\":{\"@id\":\"https:\/\/vapebulkp.com\/product\/bang-box-35000-puffs-touch-switch-digital-screen-rechargeable-vape\/#breadcrumb\"},\"inLanguage\":\"hr\",\"potentialAction\":[{\"@type\":\"ReadAction\",\"target\":[\"https:\/\/vapebulkp.com\/product\/bang-box-35000-puffs-touch-switch-digital-screen-rechargeable-vape\/\"]}]},{\"@type\":\"BreadcrumbList\",\"@id\":\"https:\/\/vapebulkp.com\/product\/bang-box-35000-puffs-touch-switch-digital-screen-rechargeable-vape\/#breadcrumb\",\"itemListElement\":[{\"@type\":\"ListItem\",\"position\":1,\"name\":\"Home\",\"item\":\"https:\/\/vapebulkp.com\/\"},{\"@type\":\"ListItem\",\"position\":2,\"name\":\"Hot Trend Vapes\",\"item\":\"https:\/\/vapebulkp.com\/vape-shop\/\"},{\"@type\":\"ListItem\",\"position\":3,\"name\":\"Bang Box 35000 Puffs Touch Switch Digital Screen Rechargeable Vape\"}]},{\"@type\":\"WebSite\",\"@id\":\"https:\/\/vapebulkp.com\/#website\",\"url\":\"https:\/\/vapebulkp.com\/\",\"name\":\"vapebulkp.com\",\"description\":\"Buy Vape In Cheap Bulk Price Near you\",\"publisher\":{\"@id\":\"https:\/\/vapebulkp.com\/#organization\"},\"potentialAction\":[{\"@type\":\"SearchAction\",\"target\":{\"@type\":\"EntryPoint\",\"urlTemplate\":\"https:\/\/vapebulkp.com\/?s={search_term_string}\"},\"query-input\":\"required name=search_term_string\"}],\"inLanguage\":\"hr\"},{\"@type\":\"Organization\",\"@id\":\"https:\/\/vapebulkp.com\/#organization\",\"name\":\"vapebulkp.com\",\"url\":\"https:\/\/vapebulkp.com\/\",\"logo\":{\"@type\":\"ImageObject\",\"inLanguage\":\"hr\",\"@id\":\"https:\/\/vapebulkp.com\/#\/schema\/logo\/image\/\",\"url\":\"https:\/\/vapebulkp.com\/wp-content\/uploads\/2023\/09\/cropped-vapebulkp.png\",\"contentUrl\":\"https:\/\/vapebulkp.com\/wp-content\/uploads\/2023\/09\/cropped-vapebulkp.png\",\"width\":516,\"height\":163,\"caption\":\"vapebulkp.com\"},\"image\":{\"@id\":\"https:\/\/vapebulkp.com\/#\/schema\/logo\/image\/\"}}]}<\/script>\n<!-- \/ Yoast SEO plugin. -->","yoast_head_json":{"title":"Bang Box 35000 Puffs Touch Switch Digital Screen Rechargeable Vape - vapebulkp.com","description":"Wholesale price Bang Box 35000 Puffs Rechargeable Vape with touch switch, digital screen, and long-lasting performance. Perfect for premium vaping needs!","robots":{"index":"index","follow":"follow","max-snippet":"max-snippet:-1","max-image-preview":"max-image-preview:large","max-video-preview":"max-video-preview:-1"},"canonical":"https:\/\/vapebulkp.com\/hr\/product\/bang-box-35000-puffs-touch-switch-digital-screen-rechargeable-vape\/","og_locale":"hr_HR","og_type":"article","og_title":"Bang Box 35000 Puffs Touch Switch Digital Screen Rechargeable Vape - vapebulkp.com","og_description":"Wholesale price Bang Box 35000 Puffs Rechargeable Vape with touch switch, digital screen, and long-lasting performance. Perfect for premium vaping needs!","og_url":"https:\/\/vapebulkp.com\/hr\/product\/bang-box-35000-puffs-touch-switch-digital-screen-rechargeable-vape\/","og_site_name":"vapebulkp.com","article_modified_time":"2025-09-17T08:32:16+00:00","og_image":[{"width":800,"height":800,"url":"http:\/\/vapebulkp.com\/wp-content\/uploads\/2024\/12\/Bang-Box-35000-puff-Rechargeable-Vapes-Cheap-Price.png","type":"image\/png"}],"twitter_card":"summary_large_image","twitter_misc":{"Procijenjeno vrijeme \u010ditanja":"4 minute"},"schema":{"@context":"https:\/\/schema.org","@graph":[{"@type":"WebPage","@id":"https:\/\/vapebulkp.com\/product\/bang-box-35000-puffs-touch-switch-digital-screen-rechargeable-vape\/","url":"https:\/\/vapebulkp.com\/product\/bang-box-35000-puffs-touch-switch-digital-screen-rechargeable-vape\/","name":"Bang Box 35000 Puffs Touch Switch Digital Screen Rechargeable Vape - vapebulkp.com","isPartOf":{"@id":"https:\/\/vapebulkp.com\/#website"},"datePublished":"2024-12-24T07:52:32+00:00","dateModified":"2025-09-17T08:32:16+00:00","description":"Wholesale price Bang Box 35000 Puffs Rechargeable Vape with touch switch, digital screen, and long-lasting performance. Perfect for premium vaping needs!","breadcrumb":{"@id":"https:\/\/vapebulkp.com\/product\/bang-box-35000-puffs-touch-switch-digital-screen-rechargeable-vape\/#breadcrumb"},"inLanguage":"hr","potentialAction":[{"@type":"ReadAction","target":["https:\/\/vapebulkp.com\/product\/bang-box-35000-puffs-touch-switch-digital-screen-rechargeable-vape\/"]}]},{"@type":"BreadcrumbList","@id":"https:\/\/vapebulkp.com\/product\/bang-box-35000-puffs-touch-switch-digital-screen-rechargeable-vape\/#breadcrumb","itemListElement":[{"@type":"ListItem","position":1,"name":"Home","item":"https:\/\/vapebulkp.com\/"},{"@type":"ListItem","position":2,"name":"Hot Trend Vapes","item":"https:\/\/vapebulkp.com\/vape-shop\/"},{"@type":"ListItem","position":3,"name":"Bang Box 35000 Puffs Touch Switch Digital Screen Rechargeable Vape"}]},{"@type":"WebSite","@id":"https:\/\/vapebulkp.com\/#website","url":"https:\/\/vapebulkp.com\/","name":"vapebulkp.com","description":"Buy Vape In Cheap Bulk Price Near you","publisher":{"@id":"https:\/\/vapebulkp.com\/#organization"},"potentialAction":[{"@type":"SearchAction","target":{"@type":"EntryPoint","urlTemplate":"https:\/\/vapebulkp.com\/?s={search_term_string}"},"query-input":"required name=search_term_string"}],"inLanguage":"hr"},{"@type":"Organization","@id":"https:\/\/vapebulkp.com\/#organization","name":"vapebulkp.com","url":"https:\/\/vapebulkp.com\/","logo":{"@type":"ImageObject","inLanguage":"hr","@id":"https:\/\/vapebulkp.com\/#\/schema\/logo\/image\/","url":"https:\/\/vapebulkp.com\/wp-content\/uploads\/2023\/09\/cropped-vapebulkp.png","contentUrl":"https:\/\/vapebulkp.com\/wp-content\/uploads\/2023\/09\/cropped-vapebulkp.png","width":516,"height":163,"caption":"vapebulkp.com"},"image":{"@id":"https:\/\/vapebulkp.com\/#\/schema\/logo\/image\/"}}]}},"uagb_featured_image_src":{"full":["https:\/\/vapebulkp.com\/wp-content\/uploads\/2024\/12\/Bang-Box-35000-puff-Rechargeable-Vapes-Cheap-Price.png",800,800,false],"thumbnail":["https:\/\/vapebulkp.com\/wp-content\/uploads\/2024\/12\/Bang-Box-35000-puff-Rechargeable-Vapes-Cheap-Price-150x150.png",150,150,true],"medium":["https:\/\/vapebulkp.com\/wp-content\/uploads\/2024\/12\/Bang-Box-35000-puff-Rechargeable-Vapes-Cheap-Price-300x300.png",300,300,true],"medium_large":["https:\/\/vapebulkp.com\/wp-content\/uploads\/2024\/12\/Bang-Box-35000-puff-Rechargeable-Vapes-Cheap-Price-768x768.png",768,768,true],"large":["https:\/\/vapebulkp.com\/wp-content\/uploads\/2024\/12\/Bang-Box-35000-puff-Rechargeable-Vapes-Cheap-Price.png",800,800,false],"1536x1536":["https:\/\/vapebulkp.com\/wp-content\/uploads\/2024\/12\/Bang-Box-35000-puff-Rechargeable-Vapes-Cheap-Price.png",800,800,false],"2048x2048":["https:\/\/vapebulkp.com\/wp-content\/uploads\/2024\/12\/Bang-Box-35000-puff-Rechargeable-Vapes-Cheap-Price.png",800,800,false],"trp-custom-language-flag":["https:\/\/vapebulkp.com\/wp-content\/uploads\/2024\/12\/Bang-Box-35000-puff-Rechargeable-Vapes-Cheap-Price.png",12,12,false],"woocommerce_thumbnail":["https:\/\/vapebulkp.com\/wp-content\/uploads\/2024\/12\/Bang-Box-35000-puff-Rechargeable-Vapes-Cheap-Price-300x300.png",300,300,true],"woocommerce_single":["https:\/\/vapebulkp.com\/wp-content\/uploads\/2024\/12\/Bang-Box-35000-puff-Rechargeable-Vapes-Cheap-Price-600x600.png",600,600,true],"woocommerce_gallery_thumbnail":["https:\/\/vapebulkp.com\/wp-content\/uploads\/2024\/12\/Bang-Box-35000-puff-Rechargeable-Vapes-Cheap-Price-100x100.png",100,100,true],"wcpr-photo-reviews":["https:\/\/vapebulkp.com\/wp-content\/uploads\/2024\/12\/Bang-Box-35000-puff-Rechargeable-Vapes-Cheap-Price.png",500,500,false]},"uagb_author_info":{"display_name":"Mandy vape bulk price","author_link":"https:\/\/vapebulkp.com\/hr\/author\/"},"uagb_comment_info":0,"uagb_excerpt":"Bang Box 35000 Puffs Vape with touch switch, digital screen, rechargeable design, 2%\/5% nicotine, and long-lasting performance. Perfect for premium vaping. Pls Contact Mandy's WhatsApp For Discount Price+8618077105796 NOTE: Prices on our website does not include shipping costs &nbsp;","_links":{"self":[{"href":"https:\/\/vapebulkp.com\/hr\/wp-json\/wp\/v2\/product\/3277","targetHints":{"allow":["GET"]}}],"collection":[{"href":"https:\/\/vapebulkp.com\/hr\/wp-json\/wp\/v2\/product"}],"about":[{"href":"https:\/\/vapebulkp.com\/hr\/wp-json\/wp\/v2\/types\/product"}],"replies":[{"embeddable":true,"href":"https:\/\/vapebulkp.com\/hr\/wp-json\/wp\/v2\/comments?post=3277"}],"wp:featuredmedia":[{"embeddable":true,"href":"https:\/\/vapebulkp.com\/hr\/wp-json\/wp\/v2\/media\/3270"}],"wp:attachment":[{"href":"https:\/\/vapebulkp.com\/hr\/wp-json\/wp\/v2\/media?parent=3277"}],"wp:term":[{"taxonomy":"product_cat","embeddable":true,"href":"https:\/\/vapebulkp.com\/hr\/wp-json\/wp\/v2\/product_cat?post=3277"},{"taxonomy":"product_tag","embeddable":true,"href":"https:\/\/vapebulkp.com\/hr\/wp-json\/wp\/v2\/product_tag?post=3277"}],"curies":[{"name":"wp","href":"https:\/\/api.w.org\/{rel}","templated":true}]}}