{"id":3344,"date":"2025-01-03T09:08:05","date_gmt":"2025-01-03T08:08:05","guid":{"rendered":"https:\/\/vapebulkp.com\/?post_type=product&#038;p=3344"},"modified":"2025-09-24T05:06:40","modified_gmt":"2025-09-24T03:06:40","slug":"razz-bar-25000-puffs-wholesale-price-vape-eu-warehouse","status":"publish","type":"product","link":"https:\/\/vapebulkp.com\/hr\/product\/razz-bar-25000-puffs-wholesale-price-vape-eu-warehouse\/","title":{"rendered":"RAZZ BAR 25000 Puffs Veleprodajna cijena Vape skladi\u0161te u Hrvatskoj"},"content":{"rendered":"<h2 style=\"text-align: left\">RAZZ BAR 25000 Puffs Veleprodajna cijena Vape skladi\u0161te u Hrvatskoj<\/h2>\n<p>RAZZ BAR <a href=\"https:\/\/vapebulkp.com\/hr\/product-category\/25000-puffs-disposable-vape\/\">25000 Puffs Jednokratna Vape<\/a> pru\u017ea dugotrajne performanse i bogat okus, dizajniran za europske maloprodaje i vaperima koji zahtijevaju kvalitetu. Pokre\u0107e ga 650mAh punjiva baterija s Type-C brzim punjenjem, ova punjiva jednokratna vape pru\u017ea glatku, dosljednu paru zahvaljuju\u0107i naprednoj tehnologiji mre\u017easte zavojnice.<\/p>\n<p>S 25.000 udisaja po ure\u0111aju i 16 pa\u017eljivo odabranih okusa, zadovoljava i povremene korisnike i iskusne vapere. Njegov elegantan, kompaktan dizajn osigurava prenosivost i stil, dok izdr\u017eljiva konstrukcija podr\u017eava produ\u017eenu upotrebu.<\/p>\n<p>Savr\u0161eno za veleprodaju vape EU, svaka kutija sadr\u017ei 200 jedinica, \u0161to ga \u010dini idealnim izborom za velike narud\u017ebe, a otprema iz EU skladi\u0161ta osigurava brzu, isplativu dostavu. Dodajte RAZZ BAR 25000 Puffs u svoj inventar i ponudite opciju vapinga velikog kapaciteta kojoj \u0107e se va\u0161i kupci vra\u0107ati.<\/p>\n<figure id=\"attachment_3338\" aria-describedby=\"caption-attachment-3338\" style=\"width: 652px\" class=\"wp-caption alignnone\"><img decoding=\"async\" class=\"wp-image-3338\" src=\"http:\/\/vapebulkp.com\/wp-content\/uploads\/2025\/01\/RAZZ-BAR-25000-Puff-Love-66.webp\" alt=\"RAZZ BAR 25000 Pufer Love 66\" width=\"652\" height=\"652\" srcset=\"https:\/\/vapebulkp.com\/wp-content\/uploads\/2025\/01\/RAZZ-BAR-25000-Puff-Love-66.webp 800w, https:\/\/vapebulkp.com\/wp-content\/uploads\/2025\/01\/RAZZ-BAR-25000-Puff-Love-66-300x300.webp 300w, https:\/\/vapebulkp.com\/wp-content\/uploads\/2025\/01\/RAZZ-BAR-25000-Puff-Love-66-150x150.webp 150w, https:\/\/vapebulkp.com\/wp-content\/uploads\/2025\/01\/RAZZ-BAR-25000-Puff-Love-66-768x768.webp 768w, https:\/\/vapebulkp.com\/wp-content\/uploads\/2025\/01\/RAZZ-BAR-25000-Puff-Love-66-600x600.webp 600w, https:\/\/vapebulkp.com\/wp-content\/uploads\/2025\/01\/RAZZ-BAR-25000-Puff-Love-66-100x100.webp 100w\" sizes=\"(max-width: 652px) 100vw, 652px\" \/><figcaption id=\"caption-attachment-3338\" class=\"wp-caption-text\">RAZZ BAR 25000 Pufer Love 66<\/figcaption><\/figure>\n<h6><span style=\"color: #ff0000\">Molimo kontaktirajte Mandy's WhatsApp za cijenu s popustom<a style=\"color: #ff0000\" href=\"https:\/\/wa.me\/8618077105796\">+8618077105796<\/a><\/span><\/h6>\n<p><img decoding=\"async\" class=\"alignnone wp-image-2151\" src=\"http:\/\/vapebulkp.com\/wp-content\/uploads\/2024\/04\/Mandy-WhatsApp-Randm.jpg\" alt=\"Mandy WhatsApp Randm\" width=\"324\" height=\"330\" \/><\/p>\n<div class=\"flex max-w-full flex-col flex-grow\">\n<div class=\"min-h-8 text-message flex w-full flex-col items-end gap-2 whitespace-normal break-words text-start [.text-message+&amp;]:mt-5\" dir=\"auto\" data-message-author-role=\"assistant\" data-message-id=\"d24cf626-c018-4805-80f5-44de047f2ba0\" data-message-model-slug=\"gpt-4o\">\n<div class=\"flex w-full flex-col gap-1 empty:hidden first:pt-[3px]\">\n<div class=\"markdown prose w-full break-words dark:prose-invert light\">\n<h2>Za\u0161to odabrati RAZZ BAR VAPES 25000 PUFF na <a href=\"https:\/\/vapebulkp.com\/hr\/vape-shop\/\">Vapebulkp.com<\/a>?<\/h2>\n<ul>\n<li><strong>Ekskluzivne veleprodajne cijene:<\/strong> Vapebulkp.com nudi nenadma\u0161ne veleprodajne cijene za <strong>RAZZ BAR 25000 Udisaja<\/strong>, osiguravaju\u0107i maksimalnu vrijednost za maloprodaje i distributere.<\/li>\n<li><strong>Vrhunski izbor proizvoda:<\/strong> O <strong>RAZZ BAR Vapes<\/strong> sadr\u017ee naprednu tehnologiju grija\u010da od mre\u017eice, punjive baterije od 650 mAh i do <strong>25.000 udisaja<\/strong>, jam\u010de\u0107i visokokvalitetno iskustvo vapinga.<\/li>\n<li><strong>\u0160iroka ponuda okusa:<\/strong> Sa <strong>16 jedinstvenih okusa<\/strong>, Vapebulkp.com zadovoljava razli\u010dite preferencije kupaca, olak\u0161avaju\u0107i skladi\u0161tenje privla\u010dnih opcija.<\/li>\n<li><strong>Pojednostavljeno iskustvo kupovine:<\/strong> U\u017eivajte u intuitivnom su\u010delju, detaljnim opisima proizvoda i sigurnim opcijama pla\u0107anja za kupnju bez muke.<\/li>\n<li><strong>Dostava diljem Europe:<\/strong> Vapebulkp.com pru\u017ea pouzdanu i u\u010dinkovitu dostavu diljem Europe i drugih regija, osiguravaju\u0107i pravovremenu isporuku narud\u017ebi.<\/li>\n<li><strong>Provjerena kvaliteta:<\/strong> Svaki RAZZ BAR proizvod prolazi strogu kontrolu kvalitete kako bi zadovoljio visoke standarde, pove\u0107avaju\u0107i zadovoljstvo kupaca.<\/li>\n<li><strong>OEM\/ODM opcije:<\/strong> Mogu\u0107nosti prilagodbe omogu\u0107uju tvrtkama stvaranje brendiranih rje\u0161enja s personaliziranim pakiranjem ili logotipima.<\/li>\n<li><strong>Korisni\u010dki usmjeren podr\u0161ka:<\/strong> Vapebulkp.com nudi posve\u0107enu korisni\u010dku podr\u0161ku za rje\u0161avanje upita i osiguravanje nesmetanih transakcija.<\/li>\n<\/ul>\n<\/div>\n<\/div>\n<\/div>\n<\/div>\n<h2>Veleprodaja Vapa Razz Bar 25k Puffs Klju\u010dne specifikacije:<\/h2>\n<ul>\n<li><strong>Kapacitet udisaja:<\/strong> Do 25.000 udisaja<\/li>\n<li><strong>Opcije nikotina:<\/strong> 2% i 5% nikotinske soli<\/li>\n<li><strong>Baterija:<\/strong> Baterija koja se mo\u017ee puniti 650mAh<\/li>\n<li><strong>Punjenje:<\/strong> brzim Type-C punjenjem<\/li>\n<li><strong>Tehnologija zavojnice:<\/strong> Mre\u017easta zavojnica za gla\u0111u paru i poja\u010dan okus<\/li>\n<li><strong>Okusi:<\/strong> 16 jedinstvenih opcija<\/li>\n<li><strong>Pakiranje:<\/strong> 200 komada po kutiji<\/li>\n<\/ul>\n<h2>Veleprodaja Vape Razz Bar 25000 Puffs <strong>Popis okusa<\/strong><\/h2>\n<p>1.So\u010dna breskva s ledom<br \/>\n2. Jagoda-banana<br \/>\n3.Red Bull gro\u017e\u0111e<br \/>\n4.Borovnica s ledom<br \/>\n5.Lubeni\u010dasti led<br \/>\n6.Bujni led<br \/>\n7. Tropsko vo\u0107e<br \/>\n8. Jagoda kivi<br \/>\n9. Jagoda led<br \/>\n10. Mije\u0161ano bobi\u010dasto vo\u0107e<br \/>\n11. Jagoda Malina Tre\u0161nja led<br \/>\n12.Ljubav 66<br \/>\n13. Crni Zmaj led<br \/>\n14. Limun Limeta<br \/>\n15. Borovnica Kisela Malina<br \/>\n16. Jagoda Lubenica \u017dvaka\u0107a Guma<\/p>\n<p><a href=\"https:\/\/vapebulkp.com\/hr\/product\/aivono-curved-smart-screen-35000-puffs-disposable-vape-wholesale-price\/\"><span style=\"vertical-align: inherit\">Aivono 35000 udisaja <\/span><\/a><\/p>\n<p><span style=\"vertical-align: inherit\">Prona\u0111ite vi\u0161e proizvoda koji bi vam se mogli svidjeti:<\/span><em><a href=\"https:\/\/wa.me\/8618077105796\"><span style=\"vertical-align: inherit\">\u00a0Kupite sada<\/span><\/a><\/em><\/p>\n<p><span style=\"vertical-align: inherit\">Ostali Puffs koji bi vam se mogli svidjeti:<\/span><a href=\"https:\/\/vapebulkp.com\/hr\/product\/wholesale-price-bang-kingdoms-rex-32000-puffs-vape-pod\/\"><span style=\"vertical-align: inherit\">Bang Kingdoms 32000 udisaja<\/span><\/a><span style=\"vertical-align: inherit\">\u3001<\/span><a href=\"https:\/\/vapebulkp.com\/hr\/product\/bood-pulse-pro-25k-50k-disposable-vape-bar-5000-puffs-nicotine-free\/\"><span style=\"vertical-align: inherit\">Bood pulse pro 50000 udisaja<\/span><\/a><span style=\"vertical-align: inherit\">\/ <\/span><a href=\"https:\/\/vapebulkp.com\/hr\/product\/vapsolo-best-quality-viking-12k-puffs-disposable-vapes\/\"><span style=\"vertical-align: inherit\">Vapsolo viking 12000 udisaja<\/span><\/a><span style=\"vertical-align: inherit\">\/ <\/span><a href=\"https:\/\/vapebulkp.com\/hr\/product\/waspe-vape-40000-puff-fihp-double-flavour-disposable-vape\/\"><span style=\"vertical-align: inherit\">WASPE 40000 udisaja<\/span><\/a><\/p>\n<p><span style=\"vertical-align: inherit\">E-cigareta posebnog oblika boce:<\/span><a href=\"https:\/\/vapebulkp.com\/hr\/product\/vapsolo-feed-bar-shisha-vape-15000-puffs-wholesale-price\/\"><span style=\"vertical-align: inherit\"> Vapsolo nargila 15000 Puhova<\/span><\/a><span style=\"vertical-align: inherit\">\/ <\/span><a href=\"https:\/\/vapebulkp.com\/hr\/product\/vopk-ultra-30000-puffs-rgb-light-mesh-coil-rechargeable-vape-wholesale-price\/\"><span style=\"vertical-align: inherit\">\u00a0VOPK ULTRA 30000 Puhova <\/span><\/a><span style=\"vertical-align: inherit\">\/<\/span><a href=\"https:\/\/vapebulkp.com\/hr\/product\/bang-box-35000-puffs-touch-switch-digital-screen-rechargeable-vape\/\"><span style=\"vertical-align: inherit\"> Bang Box 35000 Puhova<\/span><\/a><\/p>\n<h2><\/h2>\n<h3>\u010cesto postavljana pitanja za RAZZ BAR 25000 Puhova Najbolje jednokratne vape<\/h3>\n<p>&nbsp;<\/p>\n<p><strong>P: Koliko puhova nudi RAZZ BAR 25000 vape po veleprodajnoj cijeni?<\/strong><br \/>\n<strong>A:<\/strong> Ure\u0111aj isporu\u010duje do <strong>25.000 udisaja<\/strong>, osiguravaju\u0107i dugotrajno u\u017eivanje.<\/p>\n<p><strong>P: Mogu li napuniti RAZZ BAR 25000 Puhova?<\/strong><br \/>\n<strong>A:<\/strong> Da, sadr\u017ei <strong>650mAh punjivom baterijom<\/strong> s <strong>Type-C punjenje<\/strong> za brzo i u\u010dinkovito punjenje.<\/p>\n<p><strong>P: Koliko je okusa dostupno za RAZZ VAPE 25000 Puhova?<\/strong><br \/>\n<strong>A:<\/strong> RAZZ BAR je dostupan u <strong>16 razli\u010ditih okusa<\/strong>, zadovoljavaju\u0107i \u0161irok spektar preferencija okusa.<\/p>\n<p><strong>P: Koristi li RAZZ BAR naprednu tehnologiju grija\u010da?<\/strong><br \/>\n<strong>A:<\/strong> Da, opremljen je <strong>mre\u017easta zavojnica<\/strong>, osiguravaju\u0107i gla\u0111u paru i bogatiji okus.<\/p>\n<p><strong>P: Jesu li RAZZ BAR 25000 puff vape ulo\u0161ci punjivi?<\/strong><br \/>\n<strong>A:<\/strong> Ne, RAZZ BAR 25k puff je jednokratni vape i dolazi prednapunjeni e-teku\u0107inom.<\/p>\n<p><strong>P: Postoje li mjere opreza pri kori\u0161tenju razzbar vape 25000 puff?<\/strong><br \/>\n<strong>A:<\/strong> Izbjegavajte prekomjerno punjenje i pohranite ure\u0111aj na hladnom i suhom mjestu. Odlo\u017eite ga odgovorno nakon uporabe.<\/p>\n<h4>Detalji dostave:<\/h4>\n<p><span style=\"color: #ff6600\">Vrijeme proizvodnje: 5-10 radnih dana<\/span><br \/>\n<span style=\"color: #ff6600\">Vrijeme isporuke: 8-14 radnih dana<\/span><\/p>\n<p>Svi proizvodi u na\u0161oj trgovini su 100% originalni i autenti\u010dni, stoga je desetostruka naknada za la\u017enu robu na\u0161a politika trgovine. Za dostavu koristimo logisti\u010dke kanale kao \u0161to su UPS\/DHL\/FEDEX\/DPD.<\/p>\n<p>Za pakete poslane u Hrvatsku obi\u010dno je potrebno 10 radnih dana da stignu. Dostava u europske zemlje obi\u010dno traje 12 do 15 radnih dana da stigne. Logisti\u010dke informacije \u0107emo a\u017eurirati za vas u stvarnom vremenu.<\/p>","protected":false},"excerpt":{"rendered":"<div class=\"flex-shrink-0 flex flex-col relative items-end\">\n<div>\n<div class=\"pt-0\">\n<div class=\"gizmo-bot-avatar flex h-8 w-8 items-center justify-center overflow-hidden rounded-full\">\n<div class=\"relative p-1 rounded-sm flex items-center justify-center bg-token-main-surface-primary text-token-text-primary h-8 w-8\"><strong style=\"font-size: 16px\">Razz Bar 25000 Pufova<\/strong><span style=\"font-size: 16px\"> Zna\u010dajke <\/span><strong style=\"font-size: 16px\">2\/5% sol nikotin<\/strong><span style=\"font-size: 16px\">, <\/span><strong style=\"font-size: 16px\">25.000 udisaja<\/strong><span style=\"font-size: 16px\">, <\/span><strong style=\"font-size: 16px\">650mAh punjivom baterijom<\/strong><span style=\"font-size: 16px\">, <\/span><strong style=\"font-size: 16px\">mre\u017easta zavojnica<\/strong><span style=\"font-size: 16px\">, <\/span><strong style=\"font-size: 16px\">Type-C punjenje<\/strong><span style=\"font-size: 16px\">, <\/span><strong style=\"font-size: 16px\">16 okusa<\/strong><span style=\"font-size: 16px\">, i <\/span><strong style=\"font-size: 16px\">200 komada po kutiji<\/strong><span style=\"font-size: 16px\"> za vrhunsku prakti\u010dnost.<\/span><\/div>\n<\/div>\n<\/div>\n<\/div>\n<\/div>\n<p>Molimo kontaktirajte Mandy's WhatsApp za cijenu s popustom<a href=\"https:\/\/wa.me\/8618077105796\">+8618077105796<\/a><\/p>\n<p><img decoding=\"async\" class=\"alignnone wp-image-2151\" src=\"http:\/\/vapebulkp.com\/wp-content\/uploads\/2024\/04\/Mandy-WhatsApp-Randm.jpg\" alt=\"Mandy WhatsApp Randm\" width=\"297\" height=\"316\" srcset=\"https:\/\/vapebulkp.com\/wp-content\/uploads\/2024\/04\/Mandy-WhatsApp-Randm.jpg 916w, https:\/\/vapebulkp.com\/wp-content\/uploads\/2024\/04\/Mandy-WhatsApp-Randm-282x300.jpg 282w, https:\/\/vapebulkp.com\/wp-content\/uploads\/2024\/04\/Mandy-WhatsApp-Randm-768x817.jpg 768w, https:\/\/vapebulkp.com\/wp-content\/uploads\/2024\/04\/Mandy-WhatsApp-Randm-600x638.jpg 600w\" sizes=\"(max-width: 297px) 100vw, 297px\" \/><\/p>\n<p><span style=\"color: #ff0000\">NAPOMENA: Cijene na na\u0161oj web stranici ne uklju\u010duju tro\u0161kove dostave<\/span><\/p>\n<p>&nbsp;<\/p>","protected":false},"featured_media":3340,"comment_status":"open","ping_status":"closed","template":"","meta":{"_uag_custom_page_level_css":"","_lmt_disableupdate":"no","_lmt_disable":"","site-sidebar-layout":"default","site-content-layout":"content-boxed-container","ast-site-content-layout":"normal-width-container","site-content-style":"boxed","site-sidebar-style":"unboxed","ast-global-header-display":"","ast-banner-title-visibility":"","ast-main-header-display":"","ast-hfb-above-header-display":"","ast-hfb-below-header-display":"","ast-hfb-mobile-header-display":"","site-post-title":"","ast-breadcrumbs-content":"","ast-featured-img":"","footer-sml-layout":"","theme-transparent-header-meta":"default","adv-header-id-meta":"","stick-header-meta":"","header-above-stick-meta":"","header-main-stick-meta":"","header-below-stick-meta":"","astra-migrate-meta-layouts":"set","_joinchat":[]},"product_cat":[161,153,155,33,59,100,87,34,158,157,154,358,152,58,84,156,63,32],"product_tag":[180,36,37,41,197,40],"class_list":["post-3344","product","type-product","status-publish","has-post-thumbnail","hentry","product_cat-25000-puffs-disposable-vape","product_cat-hot-disposable-vapes","product_cat-belgium-hot-disposable-vapes","product_cat-france-vape-hot-sale","product_cat-germany-hot-disposable-vape","product_cat-germany-wholesale-vape-shop","product_cat-minimum-order-quantity-50pcs","product_cat-netherlands-vape-good-sale","product_cat-norway-hot-disposable-vapes","product_cat-poland-hot-disposable-vapes","product_cat-portugal-hot-disposable-vapes","product_cat-razzbar-vape","product_cat-spain-hot-disposable-vapes","product_cat-sweden-hot-disposable-vape","product_cat-sweden-wholesale-vape","product_cat-switzerland-hot-disposable-vapes","product_cat-top-sale-disposable-vape","product_cat-vape-hot-sale-this-week","product_tag-25000-puffs","product_tag-good-vape","product_tag-hot-sale-disposable-vape","product_tag-poland-hot-vape","product_tag-razz-bar-25000-puffs","product_tag-sweden-hot-vape","pa_brand-razzbar-vape","desktop-align-left","tablet-align-left","mobile-align-left"],"yoast_head":"<!-- This site is optimized with the Yoast SEO plugin v21.1 - https:\/\/yoast.com\/wordpress\/plugins\/seo\/ -->\n<title>RAZZ BAR 25000 Puffs Wholesale Price Vape EU Warehouse - vapebulkp.com<\/title>\n<meta name=\"description\" content=\"Stock the RAZZ BAR 25000 Puffs vape with EU warehouse availability! Features 650mAh rechargeable battery, Type-C charging, 16 flavors. Perfect for bulk orders.\" \/>\n<meta name=\"robots\" content=\"index, follow, max-snippet:-1, max-image-preview:large, max-video-preview:-1\" \/>\n<link rel=\"canonical\" href=\"https:\/\/vapebulkp.com\/hr\/product\/razz-bar-25000-puffs-wholesale-price-vape-eu-warehouse\/\" \/>\n<meta property=\"og:locale\" content=\"hr_HR\" \/>\n<meta property=\"og:type\" content=\"article\" \/>\n<meta property=\"og:title\" content=\"RAZZ BAR 25000 Puffs Wholesale Price Vape EU Warehouse - vapebulkp.com\" \/>\n<meta property=\"og:description\" content=\"Stock the RAZZ BAR 25000 Puffs vape with EU warehouse availability! Features 650mAh rechargeable battery, Type-C charging, 16 flavors. Perfect for bulk orders.\" \/>\n<meta property=\"og:url\" content=\"https:\/\/vapebulkp.com\/hr\/product\/razz-bar-25000-puffs-wholesale-price-vape-eu-warehouse\/\" \/>\n<meta property=\"og:site_name\" content=\"vapebulkp.com\" \/>\n<meta property=\"article:modified_time\" content=\"2025-09-24T03:06:40+00:00\" \/>\n<meta property=\"og:image\" content=\"http:\/\/vapebulkp.com\/wp-content\/uploads\/2025\/01\/RAZZ-BAR-25000-Puffs-Lemon-Lime.webp\" \/>\n\t<meta property=\"og:image:width\" content=\"800\" \/>\n\t<meta property=\"og:image:height\" content=\"800\" \/>\n\t<meta property=\"og:image:type\" content=\"image\/webp\" \/>\n<meta name=\"twitter:card\" content=\"summary_large_image\" \/>\n<meta name=\"twitter:label1\" content=\"Procijenjeno vrijeme \u010ditanja\" \/>\n\t<meta name=\"twitter:data1\" content=\"4 minute\" \/>\n<script type=\"application\/ld+json\" class=\"yoast-schema-graph\">{\"@context\":\"https:\/\/schema.org\",\"@graph\":[{\"@type\":\"WebPage\",\"@id\":\"https:\/\/vapebulkp.com\/product\/razz-bar-25000-puffs-wholesale-price-vape-eu-warehouse\/\",\"url\":\"https:\/\/vapebulkp.com\/product\/razz-bar-25000-puffs-wholesale-price-vape-eu-warehouse\/\",\"name\":\"RAZZ BAR 25000 Puffs Wholesale Price Vape EU Warehouse - vapebulkp.com\",\"isPartOf\":{\"@id\":\"https:\/\/vapebulkp.com\/#website\"},\"datePublished\":\"2025-01-03T08:08:05+00:00\",\"dateModified\":\"2025-09-24T03:06:40+00:00\",\"description\":\"Stock the RAZZ BAR 25000 Puffs vape with EU warehouse availability! Features 650mAh rechargeable battery, Type-C charging, 16 flavors. Perfect for bulk orders.\",\"breadcrumb\":{\"@id\":\"https:\/\/vapebulkp.com\/product\/razz-bar-25000-puffs-wholesale-price-vape-eu-warehouse\/#breadcrumb\"},\"inLanguage\":\"hr\",\"potentialAction\":[{\"@type\":\"ReadAction\",\"target\":[\"https:\/\/vapebulkp.com\/product\/razz-bar-25000-puffs-wholesale-price-vape-eu-warehouse\/\"]}]},{\"@type\":\"BreadcrumbList\",\"@id\":\"https:\/\/vapebulkp.com\/product\/razz-bar-25000-puffs-wholesale-price-vape-eu-warehouse\/#breadcrumb\",\"itemListElement\":[{\"@type\":\"ListItem\",\"position\":1,\"name\":\"Home\",\"item\":\"https:\/\/vapebulkp.com\/\"},{\"@type\":\"ListItem\",\"position\":2,\"name\":\"Hot Trend Vapes\",\"item\":\"https:\/\/vapebulkp.com\/vape-shop\/\"},{\"@type\":\"ListItem\",\"position\":3,\"name\":\"RAZZ BAR 25000 Puffs Wholesale Price Vape EU Warehouse\"}]},{\"@type\":\"WebSite\",\"@id\":\"https:\/\/vapebulkp.com\/#website\",\"url\":\"https:\/\/vapebulkp.com\/\",\"name\":\"vapebulkp.com\",\"description\":\"Buy Vape In Cheap Bulk Price Near you\",\"publisher\":{\"@id\":\"https:\/\/vapebulkp.com\/#organization\"},\"potentialAction\":[{\"@type\":\"SearchAction\",\"target\":{\"@type\":\"EntryPoint\",\"urlTemplate\":\"https:\/\/vapebulkp.com\/?s={search_term_string}\"},\"query-input\":\"required name=search_term_string\"}],\"inLanguage\":\"hr\"},{\"@type\":\"Organization\",\"@id\":\"https:\/\/vapebulkp.com\/#organization\",\"name\":\"vapebulkp.com\",\"url\":\"https:\/\/vapebulkp.com\/\",\"logo\":{\"@type\":\"ImageObject\",\"inLanguage\":\"hr\",\"@id\":\"https:\/\/vapebulkp.com\/#\/schema\/logo\/image\/\",\"url\":\"https:\/\/vapebulkp.com\/wp-content\/uploads\/2023\/09\/cropped-vapebulkp.png\",\"contentUrl\":\"https:\/\/vapebulkp.com\/wp-content\/uploads\/2023\/09\/cropped-vapebulkp.png\",\"width\":516,\"height\":163,\"caption\":\"vapebulkp.com\"},\"image\":{\"@id\":\"https:\/\/vapebulkp.com\/#\/schema\/logo\/image\/\"}}]}<\/script>\n<!-- \/ Yoast SEO plugin. -->","yoast_head_json":{"title":"RAZZ BAR 25000 Puffs Wholesale Price Vape EU Warehouse - vapebulkp.com","description":"Stock the RAZZ BAR 25000 Puffs vape with EU warehouse availability! Features 650mAh rechargeable battery, Type-C charging, 16 flavors. Perfect for bulk orders.","robots":{"index":"index","follow":"follow","max-snippet":"max-snippet:-1","max-image-preview":"max-image-preview:large","max-video-preview":"max-video-preview:-1"},"canonical":"https:\/\/vapebulkp.com\/hr\/product\/razz-bar-25000-puffs-wholesale-price-vape-eu-warehouse\/","og_locale":"hr_HR","og_type":"article","og_title":"RAZZ BAR 25000 Puffs Wholesale Price Vape EU Warehouse - vapebulkp.com","og_description":"Stock the RAZZ BAR 25000 Puffs vape with EU warehouse availability! Features 650mAh rechargeable battery, Type-C charging, 16 flavors. Perfect for bulk orders.","og_url":"https:\/\/vapebulkp.com\/hr\/product\/razz-bar-25000-puffs-wholesale-price-vape-eu-warehouse\/","og_site_name":"vapebulkp.com","article_modified_time":"2025-09-24T03:06:40+00:00","og_image":[{"width":800,"height":800,"url":"http:\/\/vapebulkp.com\/wp-content\/uploads\/2025\/01\/RAZZ-BAR-25000-Puffs-Lemon-Lime.webp","type":"image\/webp"}],"twitter_card":"summary_large_image","twitter_misc":{"Procijenjeno vrijeme \u010ditanja":"4 minute"},"schema":{"@context":"https:\/\/schema.org","@graph":[{"@type":"WebPage","@id":"https:\/\/vapebulkp.com\/product\/razz-bar-25000-puffs-wholesale-price-vape-eu-warehouse\/","url":"https:\/\/vapebulkp.com\/product\/razz-bar-25000-puffs-wholesale-price-vape-eu-warehouse\/","name":"RAZZ BAR 25000 Puffs Wholesale Price Vape EU Warehouse - vapebulkp.com","isPartOf":{"@id":"https:\/\/vapebulkp.com\/#website"},"datePublished":"2025-01-03T08:08:05+00:00","dateModified":"2025-09-24T03:06:40+00:00","description":"Stock the RAZZ BAR 25000 Puffs vape with EU warehouse availability! Features 650mAh rechargeable battery, Type-C charging, 16 flavors. Perfect for bulk orders.","breadcrumb":{"@id":"https:\/\/vapebulkp.com\/product\/razz-bar-25000-puffs-wholesale-price-vape-eu-warehouse\/#breadcrumb"},"inLanguage":"hr","potentialAction":[{"@type":"ReadAction","target":["https:\/\/vapebulkp.com\/product\/razz-bar-25000-puffs-wholesale-price-vape-eu-warehouse\/"]}]},{"@type":"BreadcrumbList","@id":"https:\/\/vapebulkp.com\/product\/razz-bar-25000-puffs-wholesale-price-vape-eu-warehouse\/#breadcrumb","itemListElement":[{"@type":"ListItem","position":1,"name":"Home","item":"https:\/\/vapebulkp.com\/"},{"@type":"ListItem","position":2,"name":"Hot Trend Vapes","item":"https:\/\/vapebulkp.com\/vape-shop\/"},{"@type":"ListItem","position":3,"name":"RAZZ BAR 25000 Puffs Wholesale Price Vape EU Warehouse"}]},{"@type":"WebSite","@id":"https:\/\/vapebulkp.com\/#website","url":"https:\/\/vapebulkp.com\/","name":"vapebulkp.com","description":"Buy Vape In Cheap Bulk Price Near you","publisher":{"@id":"https:\/\/vapebulkp.com\/#organization"},"potentialAction":[{"@type":"SearchAction","target":{"@type":"EntryPoint","urlTemplate":"https:\/\/vapebulkp.com\/?s={search_term_string}"},"query-input":"required name=search_term_string"}],"inLanguage":"hr"},{"@type":"Organization","@id":"https:\/\/vapebulkp.com\/#organization","name":"vapebulkp.com","url":"https:\/\/vapebulkp.com\/","logo":{"@type":"ImageObject","inLanguage":"hr","@id":"https:\/\/vapebulkp.com\/#\/schema\/logo\/image\/","url":"https:\/\/vapebulkp.com\/wp-content\/uploads\/2023\/09\/cropped-vapebulkp.png","contentUrl":"https:\/\/vapebulkp.com\/wp-content\/uploads\/2023\/09\/cropped-vapebulkp.png","width":516,"height":163,"caption":"vapebulkp.com"},"image":{"@id":"https:\/\/vapebulkp.com\/#\/schema\/logo\/image\/"}}]}},"uagb_featured_image_src":{"full":["https:\/\/vapebulkp.com\/wp-content\/uploads\/2025\/01\/RAZZ-BAR-25000-Puffs-Lemon-Lime.webp",800,800,false],"thumbnail":["https:\/\/vapebulkp.com\/wp-content\/uploads\/2025\/01\/RAZZ-BAR-25000-Puffs-Lemon-Lime-150x150.webp",150,150,true],"medium":["https:\/\/vapebulkp.com\/wp-content\/uploads\/2025\/01\/RAZZ-BAR-25000-Puffs-Lemon-Lime-300x300.webp",300,300,true],"medium_large":["https:\/\/vapebulkp.com\/wp-content\/uploads\/2025\/01\/RAZZ-BAR-25000-Puffs-Lemon-Lime-768x768.webp",768,768,true],"large":["https:\/\/vapebulkp.com\/wp-content\/uploads\/2025\/01\/RAZZ-BAR-25000-Puffs-Lemon-Lime.webp",800,800,false],"1536x1536":["https:\/\/vapebulkp.com\/wp-content\/uploads\/2025\/01\/RAZZ-BAR-25000-Puffs-Lemon-Lime.webp",800,800,false],"2048x2048":["https:\/\/vapebulkp.com\/wp-content\/uploads\/2025\/01\/RAZZ-BAR-25000-Puffs-Lemon-Lime.webp",800,800,false],"trp-custom-language-flag":["https:\/\/vapebulkp.com\/wp-content\/uploads\/2025\/01\/RAZZ-BAR-25000-Puffs-Lemon-Lime.webp",12,12,false],"woocommerce_thumbnail":["https:\/\/vapebulkp.com\/wp-content\/uploads\/2025\/01\/RAZZ-BAR-25000-Puffs-Lemon-Lime-300x300.webp",300,300,true],"woocommerce_single":["https:\/\/vapebulkp.com\/wp-content\/uploads\/2025\/01\/RAZZ-BAR-25000-Puffs-Lemon-Lime-600x600.webp",600,600,true],"woocommerce_gallery_thumbnail":["https:\/\/vapebulkp.com\/wp-content\/uploads\/2025\/01\/RAZZ-BAR-25000-Puffs-Lemon-Lime-100x100.webp",100,100,true],"wcpr-photo-reviews":["https:\/\/vapebulkp.com\/wp-content\/uploads\/2025\/01\/RAZZ-BAR-25000-Puffs-Lemon-Lime.webp",500,500,false]},"uagb_author_info":{"display_name":"Mandy vape bulk price","author_link":"https:\/\/vapebulkp.com\/hr\/author\/"},"uagb_comment_info":0,"uagb_excerpt":"Razz Bar 25000 Puffs: Features 2\/5% salt nicotine, 25,000 puffs, 650mAh rechargeable battery, mesh coil, Type-C charging, 16 flavors, and 200 pcs per carton for ultimate convenience. Pls Contact Mandy's WhatsApp For Discount Price+8618077105796 NOTE: Prices on our website does not include shipping costs &nbsp;","_links":{"self":[{"href":"https:\/\/vapebulkp.com\/hr\/wp-json\/wp\/v2\/product\/3344","targetHints":{"allow":["GET"]}}],"collection":[{"href":"https:\/\/vapebulkp.com\/hr\/wp-json\/wp\/v2\/product"}],"about":[{"href":"https:\/\/vapebulkp.com\/hr\/wp-json\/wp\/v2\/types\/product"}],"replies":[{"embeddable":true,"href":"https:\/\/vapebulkp.com\/hr\/wp-json\/wp\/v2\/comments?post=3344"}],"wp:featuredmedia":[{"embeddable":true,"href":"https:\/\/vapebulkp.com\/hr\/wp-json\/wp\/v2\/media\/3340"}],"wp:attachment":[{"href":"https:\/\/vapebulkp.com\/hr\/wp-json\/wp\/v2\/media?parent=3344"}],"wp:term":[{"taxonomy":"product_cat","embeddable":true,"href":"https:\/\/vapebulkp.com\/hr\/wp-json\/wp\/v2\/product_cat?post=3344"},{"taxonomy":"product_tag","embeddable":true,"href":"https:\/\/vapebulkp.com\/hr\/wp-json\/wp\/v2\/product_tag?post=3344"}],"curies":[{"name":"wp","href":"https:\/\/api.w.org\/{rel}","templated":true}]}}