{"id":3345,"date":"2025-01-06T07:24:49","date_gmt":"2025-01-06T06:24:49","guid":{"rendered":"https:\/\/vapebulkp.com\/?post_type=product&#038;p=3345"},"modified":"2025-09-16T11:29:20","modified_gmt":"2025-09-16T09:29:20","slug":"bang-king-35000-puffs-wholesale-puff-tornado-vape","status":"publish","type":"product","link":"https:\/\/vapebulkp.com\/hr\/product\/bang-king-35000-puffs-wholesale-puff-tornado-vape\/","title":{"rendered":"Bang King 35000 Puffs Veleprodaja Puff Tornado Vape"},"content":{"rendered":"<h2 style=\"text-align: left\">Bang King 35000 Puffs Veleprodaja Puff Tornado Vape<\/h2>\n<p>&nbsp;<\/p>\n<p>O <strong>Bang King 35000 Udaraca Tornado Vape<\/strong> mijenja pravila igre na tr\u017ei\u0161tu jednokratnih e-cigareta, nude\u0107i neusporedivu kombinaciju performansi, okusa i dugotrajnosti. Dizajniran za korisnike s velikim zahtjevima i veleprodajne kupce, ovaj vrhunski vape pru\u017ea do <strong>35 000 udaha<\/strong>\u2014pravi div za produljene sesije vapinga. Opremljen s <strong>kapacitetom e-teku\u0107ine od 23 ml<\/strong> i naprednim <strong>mre\u017eastu zavojnicu od 0,6\u03a9<\/strong>, osigurava glatku proizvodnju pare i bogate, dosljedne okuse sa svakim povla\u010denjem.<\/p>\n<p>O <strong>punjivom baterijom od 1000mAh<\/strong> s <strong>USB-C priklju\u010dkom za punjenje<\/strong> jam\u010di neprekinutu upotrebu, dok inovativna <strong>za\u0161tita od suhog gorenja<\/strong> osigurava sigurnost i pouzdanost. Dostupno u vi\u0161e ja\u010dina nikotina (<strong>0%, 2%, 3% i 5%<\/strong>), Bang King zadovoljava razli\u010dite preferencije, \u0161to ga \u010dini svestranim izborom za svakog entuzijasta vapinga.<\/p>\n<p>Savr\u0161eno prikladan za veleprodajne potrebe, Bang King 35K dolazi u pakiranju <strong>10 kom\/kutija i 200 kom\/karton<\/strong>, pru\u017eaju\u0107i izvrsnu vrijednost za distributere i trgovce. Istra\u017eite vrhunsku kvalitetu i prakti\u010dnost Bang Kinga 35K, isklju\u010divo na <strong>Vapebulkp.com<\/strong>, va\u0161em pouzdanom dobavlja\u010du za <strong>visokokvalitetne jednokratne e-cigarete<\/strong> u Europi.<\/p>\n<h6>Molimo kontaktirajte Mandy's WhatsApp za cijenu s popustom<a href=\"https:\/\/wa.me\/8618077105796\">+8618077105796<\/a><\/h6>\n<p><img decoding=\"async\" class=\"alignnone wp-image-2151\" src=\"http:\/\/vapebulkp.com\/wp-content\/uploads\/2024\/04\/Mandy-WhatsApp-Randm.jpg\" alt=\"Mandy WhatsApp Randm\" width=\"324\" height=\"330\" \/><\/p>\n<div class=\"flex max-w-full flex-col flex-grow\">\n<div class=\"min-h-8 text-message flex w-full flex-col items-end gap-2 whitespace-normal break-words text-start [.text-message+&amp;]:mt-5\" dir=\"auto\" data-message-author-role=\"assistant\" data-message-id=\"d24cf626-c018-4805-80f5-44de047f2ba0\" data-message-model-slug=\"gpt-4o\">\n<div class=\"flex w-full flex-col gap-1 empty:hidden first:pt-[3px]\">\n<div class=\"markdown prose w-full break-words dark:prose-invert light\">\n<h2>Za\u0161to odabrati jeftine vapeove <strong>Bang King 35000 Puhova <\/strong>at <a href=\"https:\/\/vapebulkp.com\/hr\/vape-shop\/\">Vapebulkp.com<\/a>?<\/h2>\n<ul>\n<li><strong>Neusporediva dugotrajnost<\/strong>: S <strong>35 000 udaha<\/strong>, ovaj <strong>jednokratni vape velikog kapaciteta<\/strong> postavlja standard za produ\u017eenu upotrebu.<\/li>\n<li><strong>Premium zna\u010dajke<\/strong>: Opremljen s <strong>baterija od 1000 mAh<\/strong>, <strong>23 ml e-teku\u0107ine<\/strong>, i <strong>mre\u017eastu zavojnicu od 0,6\u03a9<\/strong> za dosljedan okus i proizvodnju pare.<\/li>\n<li><strong>Prilagodljive opcije nikotina<\/strong>: Odaberite izme\u0111u <strong>0%, 2%, 3% ili 5% nikotinske soli<\/strong> prema va\u0161im \u017eeljama.<\/li>\n<li><strong>Moderna pogodnost<\/strong>: Punjenje putem <strong>Type-C priklju\u010dka<\/strong> i dizajniran s <strong>tehnologijom protiv suhog sagorijevanja<\/strong> za gla\u0111e i sigurnije iskustvo.<\/li>\n<li><strong>Veleprodajna prednost<\/strong>: Dostupno na Vapebulkp.com s pakiranjem u rasutom stanju (<strong>10 kom\/kutija, 200 kom\/karton<\/strong>), savr\u0161eno za europske vapere i trgovce.<\/li>\n<\/ul>\n<h2><\/h2>\n<h3><strong>Zna\u010dajke jednokratnih e-cigareta Bang King 35000 Puffs<\/strong><\/h3>\n<ul>\n<li><strong>Velik broj puffova<\/strong>: Omogu\u0107uje do 35.000 uvla\u010denja, osiguravaju\u0107i dugotrajnu upotrebu bez \u010destih zamjena.<\/li>\n<li><strong>Kapacitet e-teku\u0107ine<\/strong>: Dolazi unaprijed napunjeno s 23 ml vrhunske e-teku\u0107ine, nude\u0107i produ\u017eene sesije vapinga.<\/li>\n<li><strong>Sna\u017ena baterija<\/strong>: Opremljeno s baterijom od 1000 mAh za pouzdane performanse i manje punjenja.<\/li>\n<li><strong>Napredna mre\u017easta spirala<\/strong>: Sadr\u017ei mre\u017eastu zavojnicu od 0.6\u03a9 za pobolj\u0161anu proizvodnju okusa i glatku isporuku pare.<\/li>\n<li><strong>Priklju\u010dak za punjenje Type-C<\/strong>: Podr\u017eava brzo i u\u010dinkovito punjenje s modernim Type-C su\u010deljem.<\/li>\n<li><strong>Za\u0161tita od suhog gorenja<\/strong>: Uklju\u010duje naprednu tehnologiju za sprje\u010davanje suhih udaraca i osiguravanje dosljednog rada.<\/li>\n<li><strong>Opcije ja\u010dine nikotina<\/strong>: Dostupno u vi\u0161e razina nikotina, uklju\u010duju\u0107i 0%, 2%, 3% i 5%, kako bi se zadovoljile razli\u010dite preferencije.<\/li>\n<li><strong>Pakiranje<\/strong>: Prikladno pakirano s 10 komada po kutiji i 200 komada po kartonu, idealno za osobnu upotrebu i veleprodajnu distribuciju.<\/li>\n<\/ul>\n<\/div>\n<\/div>\n<\/div>\n<\/div>\n<h3>Bang Vape 35000puffs vejps <strong>Popis okusa<\/strong><\/h3>\n<p>1.jagoda mango<br \/>\n2.ljubav66<br \/>\n3.plava malina s mentom<br \/>\n4. Jagoda lubenica<br \/>\n5.limun menta<br \/>\n6.dupla jabuka<br \/>\n7.energetsko pi\u0107e<br \/>\n8.breskva led<br \/>\n9.Jagoda kivi<br \/>\n10.gro\u017e\u0111e led<br \/>\n11. Borovnica led<br \/>\n12.lubenica<\/p>\n<p><a href=\"https:\/\/vapebulkp.com\/hr\/product\/aivono-curved-smart-screen-35000-puffs-disposable-vape-wholesale-price\/\"><span style=\"vertical-align: inherit\">Aivono 35000 udisaja <\/span><\/a><\/p>\n<p><span style=\"vertical-align: inherit\">Prona\u0111ite vi\u0161e proizvoda koji bi vam se mogli svidjeti:<\/span><em><a href=\"https:\/\/wa.me\/8618077105796\"><span style=\"vertical-align: inherit\">\u00a0Kupite sada<\/span><\/a><\/em><\/p>\n<p><span style=\"vertical-align: inherit\">Ostali Puffs koji bi vam se mogli svidjeti:<\/span><a href=\"https:\/\/vapebulkp.com\/hr\/product\/wholesale-price-bang-kingdoms-rex-32000-puffs-vape-pod\/\"><span style=\"vertical-align: inherit\">Bang Kingdoms 32000 udisaja<\/span><\/a><span style=\"vertical-align: inherit\">\u3001<\/span><a href=\"https:\/\/vapebulkp.com\/hr\/product\/bood-pulse-pro-25k-50k-disposable-vape-bar-5000-puffs-nicotine-free\/\"><span style=\"vertical-align: inherit\">Bood pulse pro 50000 udisaja<\/span><\/a><span style=\"vertical-align: inherit\">\/ <\/span><a href=\"https:\/\/vapebulkp.com\/hr\/product\/vapsolo-best-quality-viking-12k-puffs-disposable-vapes\/\"><span style=\"vertical-align: inherit\">Vapsolo viking 12000 udisaja<\/span><\/a><span style=\"vertical-align: inherit\">\/ <\/span><a href=\"https:\/\/vapebulkp.com\/hr\/product\/waspe-vape-40000-puff-fihp-double-flavour-disposable-vape\/\"><span style=\"vertical-align: inherit\">WASPE 40000 udisaja<\/span><\/a><\/p>\n<p><span style=\"vertical-align: inherit\">E-cigareta posebnog oblika boce:<\/span><a href=\"https:\/\/vapebulkp.com\/hr\/product\/vapsolo-feed-bar-shisha-vape-15000-puffs-wholesale-price\/\"><span style=\"vertical-align: inherit\"> Vapsolo nargila 15000 Puhova<\/span><\/a><span style=\"vertical-align: inherit\">\/ <\/span><a href=\"https:\/\/vapebulkp.com\/hr\/product\/vopk-ultra-30000-puffs-rgb-light-mesh-coil-rechargeable-vape-wholesale-price\/\"><span style=\"vertical-align: inherit\">\u00a0VOPK ULTRA 30000 Puhova <\/span><\/a><span style=\"vertical-align: inherit\">\/<\/span><a href=\"https:\/\/vapebulkp.com\/hr\/product\/bang-box-35000-puffs-touch-switch-digital-screen-rechargeable-vape\/\"><span style=\"vertical-align: inherit\"> Bang Box 35000 Puhova<\/span><\/a><\/p>\n<h4><\/h4>\n<h4>FAQ za Bang King 35k Puffs jednokratne vejps<\/h4>\n<p><strong>1. Koliko udaha nudi Bang King 35K jednokratni vejp?<\/strong><br \/>\nBang King pru\u017ea impresivnih <strong>35 000 udaha<\/strong>, \u0161to ga \u010dini jednim od najdugotrajnijih jednokratnih vejpeva na tr\u017ei\u0161tu.<\/p>\n<p><strong>2. Koliki je kapacitet e-teku\u0107ine Bang King 35K?<\/strong><br \/>\nSvaki ure\u0111aj dolazi prethodno napunjen sa <strong>23 ml vrhunske e-teku\u0107ine<\/strong>, osiguravaju\u0107i produljenu upotrebu bez ponovnog punjenja.<\/p>\n<p><strong>3. Koje su ja\u010dine nikotina dostupne za Bang King 35k puffs?<\/strong><br \/>\nBang King nudi niz <strong>opcije nikotinske soli<\/strong>: <strong>0%, 2%, 3% i 5%<\/strong>, prilago\u0111avaju\u0107i se razli\u010ditim \u017eeljama.<\/p>\n<p><strong>4. Koju vrstu grija\u010da koristi Bang Vape King 35000puffs?<\/strong><br \/>\nIma <strong>mre\u017eastu zavojnicu od 0,6\u03a9<\/strong>, pru\u017eaju\u0107i glatku proizvodnju pare i pobolj\u0161an okus.<\/p>\n<p><strong>5. Mo\u017ee li se Bang King 35000 puffs puniti?<\/strong><br \/>\nDa, ure\u0111aj je opremljen s <strong>USB-C priklju\u010dkom za punjenje<\/strong> za brzo i prakti\u010dno punjenje.<\/p>\n<h5>Detalji dostave:<\/h5>\n<p><span style=\"color: #ff6600\">Vrijeme proizvodnje: 5-10 radnih dana<\/span><br \/>\n<span style=\"color: #ff6600\">Vrijeme isporuke: 8-14 radnih dana<\/span><\/p>\n<p>Svi proizvodi u na\u0161oj trgovini su 100% originalni i autenti\u010dni, stoga je desetostruka naknada za la\u017enu robu na\u0161a politika trgovine. Za dostavu koristimo logisti\u010dke kanale kao \u0161to su UPS\/DHL\/FEDEX\/DPD.<\/p>\n<p>Za pakete poslane u Hrvatsku obi\u010dno je potrebno 10 radnih dana da stignu. Dostava u europske zemlje obi\u010dno traje 12 do 15 radnih dana da stigne. Logisti\u010dke informacije \u0107emo a\u017eurirati za vas u stvarnom vremenu.<\/p>","protected":false},"excerpt":{"rendered":"<div class=\"flex-shrink-0 flex flex-col relative items-end\">\n<div class=\"pt-0\">\n<div class=\"gizmo-bot-avatar flex h-8 w-8 items-center justify-center overflow-hidden rounded-full\">\n<div class=\"relative p-1 rounded-sm flex items-center justify-center bg-token-main-surface-primary text-token-text-primary h-8 w-8\"><strong>Bang King 35000 Puffs jednokratni Vape<\/strong>, s masivnim <strong>kapacitetom od 35 000 udaha<\/strong>, <strong>23 ml e-teku\u0107ine<\/strong>, <strong>baterija od 1000 mAh<\/strong>, i <strong>mre\u017eastu zavojnicu od 0,6\u03a9<\/strong> za vrhunski okus. Dostupno u velikim koli\u010dinama u <strong>Vapebulkp.com<\/strong> s vi\u0161estrukim opcijama nikotina i <strong>punjenjem putem Type-C<\/strong>\u2014ultimativni izbor za <strong>veleprodaju vapeova visokog kapaciteta<\/strong>.<\/div>\n<\/div>\n<\/div>\n<\/div>\n<p>Molimo kontaktirajte Mandy's WhatsApp za cijenu s popustom<a href=\"https:\/\/wa.me\/8618077105796\">+8618077105796<\/a><\/p>\n<p><img decoding=\"async\" class=\"alignnone wp-image-2151\" src=\"http:\/\/vapebulkp.com\/wp-content\/uploads\/2024\/04\/Mandy-WhatsApp-Randm.jpg\" alt=\"Mandy WhatsApp Randm\" width=\"297\" height=\"316\" srcset=\"https:\/\/vapebulkp.com\/wp-content\/uploads\/2024\/04\/Mandy-WhatsApp-Randm.jpg 916w, https:\/\/vapebulkp.com\/wp-content\/uploads\/2024\/04\/Mandy-WhatsApp-Randm-282x300.jpg 282w, https:\/\/vapebulkp.com\/wp-content\/uploads\/2024\/04\/Mandy-WhatsApp-Randm-768x817.jpg 768w, https:\/\/vapebulkp.com\/wp-content\/uploads\/2024\/04\/Mandy-WhatsApp-Randm-600x638.jpg 600w\" sizes=\"(max-width: 297px) 100vw, 297px\" \/><\/p>\n<p><span style=\"color: #ff0000\">NAPOMENA: Cijene na na\u0161oj web stranici ne uklju\u010duju tro\u0161kove dostave<\/span><\/p>\n<p>&nbsp;<\/p>","protected":false},"featured_media":3353,"comment_status":"open","ping_status":"closed","template":"","meta":{"_uag_custom_page_level_css":"","_lmt_disableupdate":"no","_lmt_disable":"","site-sidebar-layout":"default","site-content-layout":"content-boxed-container","ast-site-content-layout":"normal-width-container","site-content-style":"boxed","site-sidebar-style":"unboxed","ast-global-header-display":"","ast-banner-title-visibility":"","ast-main-header-display":"","ast-hfb-above-header-display":"","ast-hfb-below-header-display":"","ast-hfb-mobile-header-display":"","site-post-title":"","ast-breadcrumbs-content":"","ast-featured-img":"","footer-sml-layout":"","theme-transparent-header-meta":"default","adv-header-id-meta":"","stick-header-meta":"","header-above-stick-meta":"","header-main-stick-meta":"","header-below-stick-meta":"","astra-migrate-meta-layouts":"set","_joinchat":[]},"product_cat":[190,153,344,155,33,59,100,87,34,158,157,154,152,58,84,156,63,32],"product_tag":[198,36,37,41,40],"class_list":["post-3345","product","type-product","status-publish","has-post-thumbnail","hentry","product_cat-35000-puffs-disposable-vape","product_cat-hot-disposable-vapes","product_cat-bang-king-vape","product_cat-belgium-hot-disposable-vapes","product_cat-france-vape-hot-sale","product_cat-germany-hot-disposable-vape","product_cat-germany-wholesale-vape-shop","product_cat-minimum-order-quantity-50pcs","product_cat-netherlands-vape-good-sale","product_cat-norway-hot-disposable-vapes","product_cat-poland-hot-disposable-vapes","product_cat-portugal-hot-disposable-vapes","product_cat-spain-hot-disposable-vapes","product_cat-sweden-hot-disposable-vape","product_cat-sweden-wholesale-vape","product_cat-switzerland-hot-disposable-vapes","product_cat-top-sale-disposable-vape","product_cat-vape-hot-sale-this-week","product_tag-bang-king-35000-puffs","product_tag-good-vape","product_tag-hot-sale-disposable-vape","product_tag-poland-hot-vape","product_tag-sweden-hot-vape","pa_brand-bang-king-vape","desktop-align-left","tablet-align-left","mobile-align-left"],"yoast_head":"<!-- This site is optimized with the Yoast SEO plugin v21.1 - https:\/\/yoast.com\/wordpress\/plugins\/seo\/ -->\n<title>Bang King 35000 Puffs Wholesale Puff Tornado Vape - vapebulkp.com<\/title>\n<meta name=\"description\" content=\"Shop Bang King 35000 Puffs Wholesale Puff Tornado Vape at Vapebulkp.com. Featuring 35,000 puffs, 23ml e-liquid, 0.6\u03a9 mesh coil, Type-C charging. Perfect for European retailers and vapers seeking high-capacity disposable vapes.\" \/>\n<meta name=\"robots\" content=\"index, follow, max-snippet:-1, max-image-preview:large, max-video-preview:-1\" \/>\n<link rel=\"canonical\" href=\"https:\/\/vapebulkp.com\/hr\/product\/bang-king-35000-puffs-wholesale-puff-tornado-vape\/\" \/>\n<meta property=\"og:locale\" content=\"hr_HR\" \/>\n<meta property=\"og:type\" content=\"article\" \/>\n<meta property=\"og:title\" content=\"Bang King 35000 Puffs Wholesale Puff Tornado Vape - vapebulkp.com\" \/>\n<meta property=\"og:description\" content=\"Shop Bang King 35000 Puffs Wholesale Puff Tornado Vape at Vapebulkp.com. Featuring 35,000 puffs, 23ml e-liquid, 0.6\u03a9 mesh coil, Type-C charging. Perfect for European retailers and vapers seeking high-capacity disposable vapes.\" \/>\n<meta property=\"og:url\" content=\"https:\/\/vapebulkp.com\/hr\/product\/bang-king-35000-puffs-wholesale-puff-tornado-vape\/\" \/>\n<meta property=\"og:site_name\" content=\"vapebulkp.com\" \/>\n<meta property=\"article:modified_time\" content=\"2025-09-16T09:29:20+00:00\" \/>\n<meta property=\"og:image\" content=\"http:\/\/vapebulkp.com\/wp-content\/uploads\/2025\/01\/Bang-King-35000-Puffs-Disposable-Vape-Good-Sale.webp\" \/>\n\t<meta property=\"og:image:width\" content=\"800\" \/>\n\t<meta property=\"og:image:height\" content=\"800\" \/>\n\t<meta property=\"og:image:type\" content=\"image\/webp\" \/>\n<meta name=\"twitter:card\" content=\"summary_large_image\" \/>\n<meta name=\"twitter:label1\" content=\"Procijenjeno vrijeme \u010ditanja\" \/>\n\t<meta name=\"twitter:data1\" content=\"4 minute\" \/>\n<script type=\"application\/ld+json\" class=\"yoast-schema-graph\">{\"@context\":\"https:\/\/schema.org\",\"@graph\":[{\"@type\":\"WebPage\",\"@id\":\"https:\/\/vapebulkp.com\/product\/bang-king-35000-puffs-wholesale-puff-tornado-vape\/\",\"url\":\"https:\/\/vapebulkp.com\/product\/bang-king-35000-puffs-wholesale-puff-tornado-vape\/\",\"name\":\"Bang King 35000 Puffs Wholesale Puff Tornado Vape - vapebulkp.com\",\"isPartOf\":{\"@id\":\"https:\/\/vapebulkp.com\/#website\"},\"datePublished\":\"2025-01-06T06:24:49+00:00\",\"dateModified\":\"2025-09-16T09:29:20+00:00\",\"description\":\"Shop Bang King 35000 Puffs Wholesale Puff Tornado Vape at Vapebulkp.com. Featuring 35,000 puffs, 23ml e-liquid, 0.6\u03a9 mesh coil, Type-C charging. Perfect for European retailers and vapers seeking high-capacity disposable vapes.\",\"breadcrumb\":{\"@id\":\"https:\/\/vapebulkp.com\/product\/bang-king-35000-puffs-wholesale-puff-tornado-vape\/#breadcrumb\"},\"inLanguage\":\"hr\",\"potentialAction\":[{\"@type\":\"ReadAction\",\"target\":[\"https:\/\/vapebulkp.com\/product\/bang-king-35000-puffs-wholesale-puff-tornado-vape\/\"]}]},{\"@type\":\"BreadcrumbList\",\"@id\":\"https:\/\/vapebulkp.com\/product\/bang-king-35000-puffs-wholesale-puff-tornado-vape\/#breadcrumb\",\"itemListElement\":[{\"@type\":\"ListItem\",\"position\":1,\"name\":\"Home\",\"item\":\"https:\/\/vapebulkp.com\/\"},{\"@type\":\"ListItem\",\"position\":2,\"name\":\"Hot Trend Vapes\",\"item\":\"https:\/\/vapebulkp.com\/vape-shop\/\"},{\"@type\":\"ListItem\",\"position\":3,\"name\":\"Bang King 35000 Puffs Wholesale Puff Tornado Vape\"}]},{\"@type\":\"WebSite\",\"@id\":\"https:\/\/vapebulkp.com\/#website\",\"url\":\"https:\/\/vapebulkp.com\/\",\"name\":\"vapebulkp.com\",\"description\":\"Buy Vape In Cheap Bulk Price Near you\",\"publisher\":{\"@id\":\"https:\/\/vapebulkp.com\/#organization\"},\"potentialAction\":[{\"@type\":\"SearchAction\",\"target\":{\"@type\":\"EntryPoint\",\"urlTemplate\":\"https:\/\/vapebulkp.com\/?s={search_term_string}\"},\"query-input\":\"required name=search_term_string\"}],\"inLanguage\":\"hr\"},{\"@type\":\"Organization\",\"@id\":\"https:\/\/vapebulkp.com\/#organization\",\"name\":\"vapebulkp.com\",\"url\":\"https:\/\/vapebulkp.com\/\",\"logo\":{\"@type\":\"ImageObject\",\"inLanguage\":\"hr\",\"@id\":\"https:\/\/vapebulkp.com\/#\/schema\/logo\/image\/\",\"url\":\"https:\/\/vapebulkp.com\/wp-content\/uploads\/2023\/09\/cropped-vapebulkp.png\",\"contentUrl\":\"https:\/\/vapebulkp.com\/wp-content\/uploads\/2023\/09\/cropped-vapebulkp.png\",\"width\":516,\"height\":163,\"caption\":\"vapebulkp.com\"},\"image\":{\"@id\":\"https:\/\/vapebulkp.com\/#\/schema\/logo\/image\/\"}}]}<\/script>\n<!-- \/ Yoast SEO plugin. -->","yoast_head_json":{"title":"Bang King 35000 Puffs Wholesale Puff Tornado Vape - vapebulkp.com","description":"Shop Bang King 35000 Puffs Wholesale Puff Tornado Vape at Vapebulkp.com. Featuring 35,000 puffs, 23ml e-liquid, 0.6\u03a9 mesh coil, Type-C charging. Perfect for European retailers and vapers seeking high-capacity disposable vapes.","robots":{"index":"index","follow":"follow","max-snippet":"max-snippet:-1","max-image-preview":"max-image-preview:large","max-video-preview":"max-video-preview:-1"},"canonical":"https:\/\/vapebulkp.com\/hr\/product\/bang-king-35000-puffs-wholesale-puff-tornado-vape\/","og_locale":"hr_HR","og_type":"article","og_title":"Bang King 35000 Puffs Wholesale Puff Tornado Vape - vapebulkp.com","og_description":"Shop Bang King 35000 Puffs Wholesale Puff Tornado Vape at Vapebulkp.com. Featuring 35,000 puffs, 23ml e-liquid, 0.6\u03a9 mesh coil, Type-C charging. Perfect for European retailers and vapers seeking high-capacity disposable vapes.","og_url":"https:\/\/vapebulkp.com\/hr\/product\/bang-king-35000-puffs-wholesale-puff-tornado-vape\/","og_site_name":"vapebulkp.com","article_modified_time":"2025-09-16T09:29:20+00:00","og_image":[{"width":800,"height":800,"url":"http:\/\/vapebulkp.com\/wp-content\/uploads\/2025\/01\/Bang-King-35000-Puffs-Disposable-Vape-Good-Sale.webp","type":"image\/webp"}],"twitter_card":"summary_large_image","twitter_misc":{"Procijenjeno vrijeme \u010ditanja":"4 minute"},"schema":{"@context":"https:\/\/schema.org","@graph":[{"@type":"WebPage","@id":"https:\/\/vapebulkp.com\/product\/bang-king-35000-puffs-wholesale-puff-tornado-vape\/","url":"https:\/\/vapebulkp.com\/product\/bang-king-35000-puffs-wholesale-puff-tornado-vape\/","name":"Bang King 35000 Puffs Wholesale Puff Tornado Vape - vapebulkp.com","isPartOf":{"@id":"https:\/\/vapebulkp.com\/#website"},"datePublished":"2025-01-06T06:24:49+00:00","dateModified":"2025-09-16T09:29:20+00:00","description":"Shop Bang King 35000 Puffs Wholesale Puff Tornado Vape at Vapebulkp.com. Featuring 35,000 puffs, 23ml e-liquid, 0.6\u03a9 mesh coil, Type-C charging. Perfect for European retailers and vapers seeking high-capacity disposable vapes.","breadcrumb":{"@id":"https:\/\/vapebulkp.com\/product\/bang-king-35000-puffs-wholesale-puff-tornado-vape\/#breadcrumb"},"inLanguage":"hr","potentialAction":[{"@type":"ReadAction","target":["https:\/\/vapebulkp.com\/product\/bang-king-35000-puffs-wholesale-puff-tornado-vape\/"]}]},{"@type":"BreadcrumbList","@id":"https:\/\/vapebulkp.com\/product\/bang-king-35000-puffs-wholesale-puff-tornado-vape\/#breadcrumb","itemListElement":[{"@type":"ListItem","position":1,"name":"Home","item":"https:\/\/vapebulkp.com\/"},{"@type":"ListItem","position":2,"name":"Hot Trend Vapes","item":"https:\/\/vapebulkp.com\/vape-shop\/"},{"@type":"ListItem","position":3,"name":"Bang King 35000 Puffs Wholesale Puff Tornado Vape"}]},{"@type":"WebSite","@id":"https:\/\/vapebulkp.com\/#website","url":"https:\/\/vapebulkp.com\/","name":"vapebulkp.com","description":"Buy Vape In Cheap Bulk Price Near you","publisher":{"@id":"https:\/\/vapebulkp.com\/#organization"},"potentialAction":[{"@type":"SearchAction","target":{"@type":"EntryPoint","urlTemplate":"https:\/\/vapebulkp.com\/?s={search_term_string}"},"query-input":"required name=search_term_string"}],"inLanguage":"hr"},{"@type":"Organization","@id":"https:\/\/vapebulkp.com\/#organization","name":"vapebulkp.com","url":"https:\/\/vapebulkp.com\/","logo":{"@type":"ImageObject","inLanguage":"hr","@id":"https:\/\/vapebulkp.com\/#\/schema\/logo\/image\/","url":"https:\/\/vapebulkp.com\/wp-content\/uploads\/2023\/09\/cropped-vapebulkp.png","contentUrl":"https:\/\/vapebulkp.com\/wp-content\/uploads\/2023\/09\/cropped-vapebulkp.png","width":516,"height":163,"caption":"vapebulkp.com"},"image":{"@id":"https:\/\/vapebulkp.com\/#\/schema\/logo\/image\/"}}]}},"uagb_featured_image_src":{"full":["https:\/\/vapebulkp.com\/wp-content\/uploads\/2025\/01\/Bang-King-35000-Puffs-Disposable-Vape-Good-Sale.webp",800,800,false],"thumbnail":["https:\/\/vapebulkp.com\/wp-content\/uploads\/2025\/01\/Bang-King-35000-Puffs-Disposable-Vape-Good-Sale-150x150.webp",150,150,true],"medium":["https:\/\/vapebulkp.com\/wp-content\/uploads\/2025\/01\/Bang-King-35000-Puffs-Disposable-Vape-Good-Sale-300x300.webp",300,300,true],"medium_large":["https:\/\/vapebulkp.com\/wp-content\/uploads\/2025\/01\/Bang-King-35000-Puffs-Disposable-Vape-Good-Sale-768x768.webp",768,768,true],"large":["https:\/\/vapebulkp.com\/wp-content\/uploads\/2025\/01\/Bang-King-35000-Puffs-Disposable-Vape-Good-Sale.webp",800,800,false],"1536x1536":["https:\/\/vapebulkp.com\/wp-content\/uploads\/2025\/01\/Bang-King-35000-Puffs-Disposable-Vape-Good-Sale.webp",800,800,false],"2048x2048":["https:\/\/vapebulkp.com\/wp-content\/uploads\/2025\/01\/Bang-King-35000-Puffs-Disposable-Vape-Good-Sale.webp",800,800,false],"trp-custom-language-flag":["https:\/\/vapebulkp.com\/wp-content\/uploads\/2025\/01\/Bang-King-35000-Puffs-Disposable-Vape-Good-Sale.webp",12,12,false],"woocommerce_thumbnail":["https:\/\/vapebulkp.com\/wp-content\/uploads\/2025\/01\/Bang-King-35000-Puffs-Disposable-Vape-Good-Sale-300x300.webp",300,300,true],"woocommerce_single":["https:\/\/vapebulkp.com\/wp-content\/uploads\/2025\/01\/Bang-King-35000-Puffs-Disposable-Vape-Good-Sale-600x600.webp",600,600,true],"woocommerce_gallery_thumbnail":["https:\/\/vapebulkp.com\/wp-content\/uploads\/2025\/01\/Bang-King-35000-Puffs-Disposable-Vape-Good-Sale-100x100.webp",100,100,true],"wcpr-photo-reviews":["https:\/\/vapebulkp.com\/wp-content\/uploads\/2025\/01\/Bang-King-35000-Puffs-Disposable-Vape-Good-Sale.webp",500,500,false]},"uagb_author_info":{"display_name":"Mandy vape bulk price","author_link":"https:\/\/vapebulkp.com\/hr\/author\/"},"uagb_comment_info":0,"uagb_excerpt":"Bang King 35000 Puffs Disposable Vape, featuring a massive 35,000 puff capacity, 23ml e-liquid, 1000mAh battery, and 0.6\u03a9 mesh coil for superior flavor. Available in bulk at Vapebulkp.com with multiple nicotine options and Type-C rechargeability\u2014the ultimate choice for wholesale high-capacity vapes. Pls Contact Mandy's WhatsApp For Discount Price+8618077105796 NOTE: Prices on our website does not&hellip;","_links":{"self":[{"href":"https:\/\/vapebulkp.com\/hr\/wp-json\/wp\/v2\/product\/3345","targetHints":{"allow":["GET"]}}],"collection":[{"href":"https:\/\/vapebulkp.com\/hr\/wp-json\/wp\/v2\/product"}],"about":[{"href":"https:\/\/vapebulkp.com\/hr\/wp-json\/wp\/v2\/types\/product"}],"replies":[{"embeddable":true,"href":"https:\/\/vapebulkp.com\/hr\/wp-json\/wp\/v2\/comments?post=3345"}],"wp:featuredmedia":[{"embeddable":true,"href":"https:\/\/vapebulkp.com\/hr\/wp-json\/wp\/v2\/media\/3353"}],"wp:attachment":[{"href":"https:\/\/vapebulkp.com\/hr\/wp-json\/wp\/v2\/media?parent=3345"}],"wp:term":[{"taxonomy":"product_cat","embeddable":true,"href":"https:\/\/vapebulkp.com\/hr\/wp-json\/wp\/v2\/product_cat?post=3345"},{"taxonomy":"product_tag","embeddable":true,"href":"https:\/\/vapebulkp.com\/hr\/wp-json\/wp\/v2\/product_tag?post=3345"}],"curies":[{"name":"wp","href":"https:\/\/api.w.org\/{rel}","templated":true}]}}