{"id":3377,"date":"2025-01-31T10:42:57","date_gmt":"2025-01-31T09:42:57","guid":{"rendered":"https:\/\/vapebulkp.com\/?post_type=product&#038;p=3377"},"modified":"2025-09-24T05:20:24","modified_gmt":"2025-09-24T03:20:24","slug":"bang-tornado-40k-puffs-high-capacity-disposable-vape-pen","status":"publish","type":"product","link":"https:\/\/vapebulkp.com\/hr\/product\/bang-tornado-40k-puffs-high-capacity-disposable-vape-pen\/","title":{"rendered":"Bang Tornado 40K Puffs jednokratna e-cigareta velikog kapaciteta"},"content":{"rendered":"<h2 style=\"text-align: left\">Bang Tornado 40K Puffs jednokratna e-cigareta velikog kapaciteta<\/h2>\n<div class=\"flex max-w-full flex-col flex-grow\">\n<div class=\"min-h-8 text-message flex w-full flex-col items-end gap-2 whitespace-normal break-words text-start [.text-message+&amp;]:mt-5\" dir=\"auto\" data-message-author-role=\"assistant\" data-message-id=\"ebeef09e-6d27-4a31-bd63-f94c3e7cadb1\" data-message-model-slug=\"gpt-4o\">\n<div class=\"flex w-full flex-col gap-1 empty:hidden first:pt-[3px]\">\n<div class=\"markdown prose w-full break-words dark:prose-invert light\">\n<p>O <strong>Veleprodaja E-cigarete s podesivom snagom Bang Tornado 40000 Puffs<\/strong> je vrhunska jednokratna e-cigareta, stru\u010dno dizajnirana za dugotrajnu upotrebu i iznimne performanse. S impresivnim kapacitetom e-teku\u0107ine od 40 ml, ovaj ure\u0111aj nudi nevjerojatnih 40.000 uvla\u010denja, \u0161to ga \u010dini idealnim za korisnike koji preferiraju dugotrajno vapiranje bez \u010destih zamjena. Nadalje, pogodan je za one koji tra\u017ee prakti\u010dnost i trajnost u jednom kompaktnom paketu.<\/p>\n<p>Opremljen s 850mAh punjivom baterijom, Bang Tornado <strong><a href=\"https:\/\/vapebulkp.com\/hr\/product-category\/40000-puffs-disposable-vape\/\">40000 Puffs jednokratna e-cigareta<\/a>\u00a0<\/strong> osigurava dosljednu snagu tijekom kori\u0161tenja. Osim toga, Type-C priklju\u010dak za punjenje podr\u017eava brzo i u\u010dinkovito punjenje, smanjuju\u0107i vrijeme \u010dekanja i osiguravaju\u0107i neprekidne sesije vapiranja. Ove zna\u010dajke zajedno pru\u017eaju besprijekorno iskustvo \u010dak i za najzahtjevnije korisnike.<\/p>\n<p>\u0160tovi\u0161e, tehnologija trostruke mre\u017easte zavojnice od 0.5ohma dizajnirana je za glatku proizvodnju pare i intenzivan okus. Bez obzira u\u017eivate li na dru\u0161tvenom doga\u0111aju, putujete ili se opu\u0161tate kod ku\u0107e, Tornado 40K pru\u017ea dosljedno zadovoljstvo sa svakim uvla\u010denjem. Njegov vrhunski in\u017eenjering pobolj\u0161ava i performanse i kvalitetu okusa, izdvajaju\u0107i ga od konkurencije.<\/p>\n<p>Dizajniran za jednostavnost upotrebe i maksimalnu prakti\u010dnost, ovaj ure\u0111aj tako\u0111er ima opciju podesive snage. To omogu\u0107uje korisnicima da prilagode svoje iskustvo vapiranja, \u010dine\u0107i ga svestranim izborom za po\u010detnike i iskusne vapere. Osim toga, njegov elegantan, ergonomski dizajn osigurava stil i udobnost tijekom kori\u0161tenja.<\/p>\n<p>Ukratko, Veleprodaja E-cigarete s podesivom snagom <strong>Vru\u0107a prodaja Vape<\/strong> Bang Tornado 40k puff isti\u010de se kao vrhunska jednokratna e-cigareta. Njegova kombinacija visokog kapaciteta, napredne tehnologije i zna\u010dajki prilago\u0111enih korisniku \u010dini ga izvrsnim izborom za one koji tra\u017ee vrhunske performanse i pouzdanost.<\/p>\n<\/div>\n<\/div>\n<\/div>\n<\/div>\n<h6>Molimo kontaktirajte Mandy's WhatsApp za cijenu s popustom<a href=\"https:\/\/wa.me\/8618077105796\">+8618077105796<\/a><\/h6>\n<p><img decoding=\"async\" class=\"alignnone wp-image-2151\" src=\"http:\/\/vapebulkp.com\/wp-content\/uploads\/2024\/04\/Mandy-WhatsApp-Randm.jpg\" alt=\"Mandy WhatsApp Randm\" width=\"324\" height=\"330\" \/><\/p>\n<div class=\"flex max-w-full flex-col flex-grow\">\n<div class=\"min-h-8 text-message flex w-full flex-col items-end gap-2 whitespace-normal break-words text-start [.text-message+&amp;]:mt-5\" dir=\"auto\" data-message-author-role=\"assistant\" data-message-id=\"d24cf626-c018-4805-80f5-44de047f2ba0\" data-message-model-slug=\"gpt-4o\">\n<div class=\"flex w-full flex-col gap-1 empty:hidden first:pt-[3px]\">\n<div class=\"markdown prose w-full break-words dark:prose-invert light\">\n<h2>Za\u0161to odabrati Big Puffs Bang Tornado 40ooo Puffs <strong>\u00a0<\/strong>at <a href=\"https:\/\/vapebulkp.com\/hr\/vape-shop\/\">Vapebulkp.com<\/a>?<\/h2>\n<ul>\n<li><strong>Dugotrajno iskustvo vapiranja:<\/strong> S do 40,000 uvla\u010denja, Bang Tornado osigurava dugotrajno zadovoljstvo, smanjuju\u0107i potrebu za stalnim zamjenama. Savr\u0161en za dugotrajnu upotrebu.<\/li>\n<li><strong>Vrhunska kvaliteta:<\/strong> Izra\u0111en od visokokvalitetnih materijala i napredne tehnologije, Bang Tornado nudi glatko, bogato iskustvo vapiranja s pobolj\u0161anom proizvodnjom okusa.<\/li>\n<li><strong>Prakti\u010dna punjiva baterija:<\/strong> Punjiva baterija od 850 mAh, u kombinaciji s punjenjem tipa C, jam\u010di minimalno vrijeme zastoja, osiguravaju\u0107i kontinuirano u\u017eivanje.<\/li>\n<li><strong>\u0160irok izbor okusa:<\/strong> Odaberite izme\u0111u raznih uzbudljivih okusa koji odgovaraju va\u0161im \u017eeljama, od vo\u0107nih do mentolnih i \u0161ire.<\/li>\n<li><strong>Konkurentne cijene:<\/strong> Na Vapebulkp.com nudimo nenadma\u0161ne veleprodajne cijene, \u0161to vam omogu\u0107uje da se opskrbite svojim omiljenim jednokratnim vapeovima po izvrsnoj cijeni.<\/li>\n<li><strong>Brza dostava:<\/strong> Pru\u017eamo brzu i pouzdanu dostavu kako bismo osigurali da va\u0161a narud\u017eba stigne brzo i sigurno.<\/li>\n<li><strong>Zadovoljstvo kupaca:<\/strong> Na Vapebulkp.com zadovoljstvo kupaca na\u0161 je glavni prioritet. Nudimo izvrsnu podr\u0161ku i besprijekorno iskustvo kupnje.<\/li>\n<\/ul>\n<h3>Zna\u010dajke Bang Tornado Vape 40000 Puffs Hot Sale Vapes<\/h3>\n<ul>\n<li><strong>Veliki kapacitet:<\/strong> 40 ml e-teku\u0107ine za do 40 000 udisaja.<\/li>\n<li><strong>Sna\u017ena baterija:<\/strong> 850 mAh punjiva baterija s brzim punjenjem tipa C.<\/li>\n<li><strong>Napredna tehnologija:<\/strong> 0,5ohm trostruka mre\u017easta spirala za glatku paru i bogat okus.<\/li>\n<li><strong>Iskustvo prilagodljivo korisniku:<\/strong> Podesive postavke snage za personalizirano vapiranje.<\/li>\n<li><strong>Dizajn prilago\u0111en korisniku:<\/strong> Elegantan, ergonomi\u010dan i pogodan za putovanja.<\/li>\n<li><strong>Izdr\u017eljiv i pouzdan:<\/strong> Napravljen za dugotrajne, dosljedne performanse.<\/li>\n<\/ul>\n<h3>Bang Tornadovape puff 40000 Popis okusa<\/h3>\n<\/div>\n<\/div>\n<\/div>\n<\/div>\n<p>1. Jagoda lubenica<br \/>\n2.Lubenica<br \/>\n3.LOVE66<br \/>\n4.Energetsko pi\u0107e<br \/>\n5.Jagoda Kiwi<br \/>\n6.Borovnica limun<br \/>\n7.Borovnica gro\u017e\u0111e<br \/>\n8.Borovnica Malina<br \/>\n9.Mango breskva<br \/>\n10.Trostruko bobi\u010dasto vo\u0107e<br \/>\n11.Dupla jabuka<br \/>\n12.Breskva led<\/p>\n<p><a href=\"https:\/\/vapebulkp.com\/hr\/product\/aivono-curved-smart-screen-35000-puffs-disposable-vape-wholesale-price\/\"><span style=\"vertical-align: inherit\">Aivono 35000 udisaja <\/span><\/a><\/p>\n<p><span style=\"vertical-align: inherit\">Prona\u0111ite vi\u0161e proizvoda koji bi vam se mogli svidjeti:<\/span><em><a href=\"https:\/\/wa.me\/8618077105796\"><span style=\"vertical-align: inherit\">\u00a0Kupite sada<\/span><\/a><\/em><\/p>\n<p><span style=\"vertical-align: inherit\">Ostali Puffs koji bi vam se mogli svidjeti:<\/span><a href=\"https:\/\/vapebulkp.com\/hr\/product\/wholesale-price-bang-kingdoms-rex-32000-puffs-vape-pod\/\"><span style=\"vertical-align: inherit\">Bang Kingdoms 32000 udisaja<\/span><\/a><span style=\"vertical-align: inherit\">\u3001<\/span><a href=\"https:\/\/vapebulkp.com\/hr\/product\/bood-pulse-pro-25k-50k-disposable-vape-bar-5000-puffs-nicotine-free\/\"><span style=\"vertical-align: inherit\">Bood pulse pro 50000 udisaja<\/span><\/a><span style=\"vertical-align: inherit\">\/ <\/span><a href=\"https:\/\/vapebulkp.com\/hr\/product\/vapsolo-best-quality-viking-12k-puffs-disposable-vapes\/\"><span style=\"vertical-align: inherit\">Vapsolo viking 12000 udisaja<\/span><\/a><span style=\"vertical-align: inherit\">\/ <\/span><a href=\"https:\/\/vapebulkp.com\/hr\/product\/waspe-vape-40000-puff-fihp-double-flavour-disposable-vape\/\"><span style=\"vertical-align: inherit\">WASPE 40000 udisaja<\/span><\/a><\/p>\n<p><span style=\"vertical-align: inherit\">E-cigareta posebnog oblika boce:<\/span><a href=\"https:\/\/vapebulkp.com\/hr\/product\/vapsolo-feed-bar-shisha-vape-15000-puffs-wholesale-price\/\"><span style=\"vertical-align: inherit\"> Vapsolo nargila 15000 Puhova<\/span><\/a><span style=\"vertical-align: inherit\">\/ <\/span><a href=\"https:\/\/vapebulkp.com\/hr\/product\/vopk-ultra-30000-puffs-rgb-light-mesh-coil-rechargeable-vape-wholesale-price\/\"><span style=\"vertical-align: inherit\">\u00a0VOPK ULTRA 30000 Puhova <\/span><\/a><span style=\"vertical-align: inherit\">\/<\/span><a href=\"https:\/\/vapebulkp.com\/hr\/product\/bang-box-35000-puffs-touch-switch-digital-screen-rechargeable-vape\/\"><span style=\"vertical-align: inherit\"> Bang Box 35000 Puhova<\/span><\/a><\/p>\n<h2><\/h2>\n<h4>\u010cesto postavljana pitanja za bang tornado vape 40k Puffs hot vapes<\/h4>\n<p><strong>1. Koliko udaha nudi Bang Tornado 40K?<\/strong><br \/>\nBang Tornado pru\u017ea do 40.000 udaha, \u0161to ga \u010dini jednim od najdugotrajnijih jednokratnih vapeova dostupnih na tr\u017ei\u0161tu.<\/p>\n<p><strong>2. Je li Bang Tornado 40K punjiv?<\/strong><br \/>\nDa, ima punjivu bateriju od 850mAh s prakti\u010dnim Type-C priklju\u010dkom za brzo i u\u010dinkovito punjenje.<\/p>\n<p><strong>3. Koliki je kapacitet e-teku\u0107ine Bang Tornada?<\/strong><br \/>\nUre\u0111aj dolazi s masivnim kapacitetom e-teku\u0107ine od 40 ml, osiguravaju\u0107i dosljedno iskustvo vapinga tijekom cijelog svog vijeka trajanja.<\/p>\n<p><strong>4. Koja je ja\u010dina nikotina dostupna u Bang Tornado 40K?<\/strong><br \/>\nBang Tornado je dostupan u ja\u010dinama nikotinske soli od 2% ili 5%, prilago\u0111avaju\u0107i se razli\u010ditim preferencijama vapinga.<\/p>\n<h4>Detalji dostave:<\/h4>\n<p><span style=\"color: #ff6600\">Vrijeme proizvodnje: 5-10 radnih dana<\/span><br \/>\n<span style=\"color: #ff6600\">Vrijeme isporuke: 8-14 radnih dana<\/span><\/p>\n<p>Svi proizvodi u na\u0161oj trgovini su 100% originalni i autenti\u010dni, stoga je desetostruka naknada za la\u017enu robu na\u0161a politika trgovine. Za dostavu koristimo logisti\u010dke kanale kao \u0161to su UPS\/DHL\/FEDEX\/DPD.<\/p>\n<p>Za pakete poslane u Hrvatsku obi\u010dno je potrebno 10 radnih dana da stignu. Dostava u europske zemlje obi\u010dno traje 12 do 15 radnih dana da stigne. Logisti\u010dke informacije \u0107emo a\u017eurirati za vas u stvarnom vremenu.<\/p>","protected":false},"excerpt":{"rendered":"<div class=\"flex-shrink-0 flex flex-col relative items-end\">\n<div class=\"pt-0\">\n<div class=\"gizmo-bot-avatar flex h-8 w-8 items-center justify-center overflow-hidden rounded-full\">\n<div class=\"relative p-1 rounded-sm flex items-center justify-center bg-token-main-surface-primary text-token-text-primary h-8 w-8\">\n<ul>\n<li><strong>Premium Bang Tornado 40,000 Puffs e-cigareta za dugotrajnu upotrebu<\/strong><\/li>\n<li><strong>Puniva Bang Tornado 40,000 Puffs jednokratna e-cigareta za dugotrajno u\u017eivanje<\/strong><\/li>\n<li><strong>Bang Tornado 40,000 Puffs e-cigareta s prilagodljivim okusima Ice Pods<\/strong><\/li>\n<\/ul>\n<\/div>\n<\/div>\n<\/div>\n<\/div>\n<p>Molimo kontaktirajte Mandy's WhatsApp za cijenu s popustom<a href=\"https:\/\/wa.me\/8618077105796\">+8618077105796<\/a><\/p>\n<p><img decoding=\"async\" class=\"alignnone wp-image-2151\" src=\"http:\/\/vapebulkp.com\/wp-content\/uploads\/2024\/04\/Mandy-WhatsApp-Randm.jpg\" alt=\"Mandy WhatsApp Randm\" width=\"297\" height=\"316\" srcset=\"https:\/\/vapebulkp.com\/wp-content\/uploads\/2024\/04\/Mandy-WhatsApp-Randm.jpg 916w, https:\/\/vapebulkp.com\/wp-content\/uploads\/2024\/04\/Mandy-WhatsApp-Randm-282x300.jpg 282w, https:\/\/vapebulkp.com\/wp-content\/uploads\/2024\/04\/Mandy-WhatsApp-Randm-768x817.jpg 768w, https:\/\/vapebulkp.com\/wp-content\/uploads\/2024\/04\/Mandy-WhatsApp-Randm-600x638.jpg 600w\" sizes=\"(max-width: 297px) 100vw, 297px\" \/><\/p>\n<p><span style=\"color: #ff0000\">NAPOMENA: Cijene na na\u0161oj web stranici ne uklju\u010duju tro\u0161kove dostave<\/span><\/p>\n<p>&nbsp;<\/p>","protected":false},"featured_media":3378,"comment_status":"open","ping_status":"closed","template":"","meta":{"_uag_custom_page_level_css":"","_lmt_disableupdate":"no","_lmt_disable":"","site-sidebar-layout":"default","site-content-layout":"content-boxed-container","ast-site-content-layout":"normal-width-container","site-content-style":"boxed","site-sidebar-style":"unboxed","ast-global-header-display":"","ast-banner-title-visibility":"","ast-main-header-display":"","ast-hfb-above-header-display":"","ast-hfb-below-header-display":"","ast-hfb-mobile-header-display":"","site-post-title":"","ast-breadcrumbs-content":"","ast-featured-img":"","footer-sml-layout":"","theme-transparent-header-meta":"default","adv-header-id-meta":"","stick-header-meta":"","header-above-stick-meta":"","header-main-stick-meta":"","header-below-stick-meta":"","astra-migrate-meta-layouts":"set","_joinchat":[]},"product_cat":[182,153,345,155,33,59,100,87,34,158,157,154,152,58,84,156,63,32],"product_tag":[202,36,37,41,40],"class_list":["post-3377","product","type-product","status-publish","has-post-thumbnail","hentry","product_cat-40000-puffs-disposable-vape","product_cat-hot-disposable-vapes","product_cat-bang-vapes","product_cat-belgium-hot-disposable-vapes","product_cat-france-vape-hot-sale","product_cat-germany-hot-disposable-vape","product_cat-germany-wholesale-vape-shop","product_cat-minimum-order-quantity-50pcs","product_cat-netherlands-vape-good-sale","product_cat-norway-hot-disposable-vapes","product_cat-poland-hot-disposable-vapes","product_cat-portugal-hot-disposable-vapes","product_cat-spain-hot-disposable-vapes","product_cat-sweden-hot-disposable-vape","product_cat-sweden-wholesale-vape","product_cat-switzerland-hot-disposable-vapes","product_cat-top-sale-disposable-vape","product_cat-vape-hot-sale-this-week","product_tag-bang-tornado-40k-puffs","product_tag-good-vape","product_tag-hot-sale-disposable-vape","product_tag-poland-hot-vape","product_tag-sweden-hot-vape","pa_brand-bang-king-vape","desktop-align-left","tablet-align-left","mobile-align-left"],"yoast_head":"<!-- This site is optimized with the Yoast SEO plugin v21.1 - https:\/\/yoast.com\/wordpress\/plugins\/seo\/ -->\n<title>Bang Tornado 40K Puffs High-Capacity Disposable Vape Pen - vapebulkp.com<\/title>\n<meta name=\"description\" content=\"Shop Bang King 35000 Puffs Wholesale Puff Tornado Vape at Vapebulkp.com. Featuring 35,000 puffs, 23ml e-liquid, 0.6\u03a9 mesh coil, Type-C charging. Perfect for European retailers and vapers seeking high-capacity disposable vapes.\" \/>\n<meta name=\"robots\" content=\"index, follow, max-snippet:-1, max-image-preview:large, max-video-preview:-1\" \/>\n<link rel=\"canonical\" href=\"https:\/\/vapebulkp.com\/hr\/product\/bang-tornado-40k-puffs-high-capacity-disposable-vape-pen\/\" \/>\n<meta property=\"og:locale\" content=\"hr_HR\" \/>\n<meta property=\"og:type\" content=\"article\" \/>\n<meta property=\"og:title\" content=\"Bang Tornado 40K Puffs High-Capacity Disposable Vape Pen - vapebulkp.com\" \/>\n<meta property=\"og:description\" content=\"Shop Bang King 35000 Puffs Wholesale Puff Tornado Vape at Vapebulkp.com. Featuring 35,000 puffs, 23ml e-liquid, 0.6\u03a9 mesh coil, Type-C charging. Perfect for European retailers and vapers seeking high-capacity disposable vapes.\" \/>\n<meta property=\"og:url\" content=\"https:\/\/vapebulkp.com\/hr\/product\/bang-tornado-40k-puffs-high-capacity-disposable-vape-pen\/\" \/>\n<meta property=\"og:site_name\" content=\"vapebulkp.com\" \/>\n<meta property=\"article:modified_time\" content=\"2025-09-24T03:20:24+00:00\" \/>\n<meta property=\"og:image\" content=\"http:\/\/vapebulkp.com\/wp-content\/uploads\/2025\/01\/Advanced-Bang-Tornado-40000-Puffs-Vape-with-Big-Screen.jpg\" \/>\n\t<meta property=\"og:image:width\" content=\"800\" \/>\n\t<meta property=\"og:image:height\" content=\"800\" \/>\n\t<meta property=\"og:image:type\" content=\"image\/jpeg\" \/>\n<meta name=\"twitter:card\" content=\"summary_large_image\" \/>\n<meta name=\"twitter:label1\" content=\"Procijenjeno vrijeme \u010ditanja\" \/>\n\t<meta name=\"twitter:data1\" content=\"4 minute\" \/>\n<script type=\"application\/ld+json\" class=\"yoast-schema-graph\">{\"@context\":\"https:\/\/schema.org\",\"@graph\":[{\"@type\":\"WebPage\",\"@id\":\"https:\/\/vapebulkp.com\/product\/bang-tornado-40k-puffs-high-capacity-disposable-vape-pen\/\",\"url\":\"https:\/\/vapebulkp.com\/product\/bang-tornado-40k-puffs-high-capacity-disposable-vape-pen\/\",\"name\":\"Bang Tornado 40K Puffs High-Capacity Disposable Vape Pen - vapebulkp.com\",\"isPartOf\":{\"@id\":\"https:\/\/vapebulkp.com\/#website\"},\"datePublished\":\"2025-01-31T09:42:57+00:00\",\"dateModified\":\"2025-09-24T03:20:24+00:00\",\"description\":\"Shop Bang King 35000 Puffs Wholesale Puff Tornado Vape at Vapebulkp.com. Featuring 35,000 puffs, 23ml e-liquid, 0.6\u03a9 mesh coil, Type-C charging. Perfect for European retailers and vapers seeking high-capacity disposable vapes.\",\"breadcrumb\":{\"@id\":\"https:\/\/vapebulkp.com\/product\/bang-tornado-40k-puffs-high-capacity-disposable-vape-pen\/#breadcrumb\"},\"inLanguage\":\"hr\",\"potentialAction\":[{\"@type\":\"ReadAction\",\"target\":[\"https:\/\/vapebulkp.com\/product\/bang-tornado-40k-puffs-high-capacity-disposable-vape-pen\/\"]}]},{\"@type\":\"BreadcrumbList\",\"@id\":\"https:\/\/vapebulkp.com\/product\/bang-tornado-40k-puffs-high-capacity-disposable-vape-pen\/#breadcrumb\",\"itemListElement\":[{\"@type\":\"ListItem\",\"position\":1,\"name\":\"Home\",\"item\":\"https:\/\/vapebulkp.com\/\"},{\"@type\":\"ListItem\",\"position\":2,\"name\":\"Hot Trend Vapes\",\"item\":\"https:\/\/vapebulkp.com\/vape-shop\/\"},{\"@type\":\"ListItem\",\"position\":3,\"name\":\"Bang Tornado 40K Puffs High-Capacity Disposable Vape Pen\"}]},{\"@type\":\"WebSite\",\"@id\":\"https:\/\/vapebulkp.com\/#website\",\"url\":\"https:\/\/vapebulkp.com\/\",\"name\":\"vapebulkp.com\",\"description\":\"Buy Vape In Cheap Bulk Price Near you\",\"publisher\":{\"@id\":\"https:\/\/vapebulkp.com\/#organization\"},\"potentialAction\":[{\"@type\":\"SearchAction\",\"target\":{\"@type\":\"EntryPoint\",\"urlTemplate\":\"https:\/\/vapebulkp.com\/?s={search_term_string}\"},\"query-input\":\"required name=search_term_string\"}],\"inLanguage\":\"hr\"},{\"@type\":\"Organization\",\"@id\":\"https:\/\/vapebulkp.com\/#organization\",\"name\":\"vapebulkp.com\",\"url\":\"https:\/\/vapebulkp.com\/\",\"logo\":{\"@type\":\"ImageObject\",\"inLanguage\":\"hr\",\"@id\":\"https:\/\/vapebulkp.com\/#\/schema\/logo\/image\/\",\"url\":\"https:\/\/vapebulkp.com\/wp-content\/uploads\/2023\/09\/cropped-vapebulkp.png\",\"contentUrl\":\"https:\/\/vapebulkp.com\/wp-content\/uploads\/2023\/09\/cropped-vapebulkp.png\",\"width\":516,\"height\":163,\"caption\":\"vapebulkp.com\"},\"image\":{\"@id\":\"https:\/\/vapebulkp.com\/#\/schema\/logo\/image\/\"}}]}<\/script>\n<!-- \/ Yoast SEO plugin. -->","yoast_head_json":{"title":"Bang Tornado 40K Puffs High-Capacity Disposable Vape Pen - vapebulkp.com","description":"Shop Bang King 35000 Puffs Wholesale Puff Tornado Vape at Vapebulkp.com. Featuring 35,000 puffs, 23ml e-liquid, 0.6\u03a9 mesh coil, Type-C charging. Perfect for European retailers and vapers seeking high-capacity disposable vapes.","robots":{"index":"index","follow":"follow","max-snippet":"max-snippet:-1","max-image-preview":"max-image-preview:large","max-video-preview":"max-video-preview:-1"},"canonical":"https:\/\/vapebulkp.com\/hr\/product\/bang-tornado-40k-puffs-high-capacity-disposable-vape-pen\/","og_locale":"hr_HR","og_type":"article","og_title":"Bang Tornado 40K Puffs High-Capacity Disposable Vape Pen - vapebulkp.com","og_description":"Shop Bang King 35000 Puffs Wholesale Puff Tornado Vape at Vapebulkp.com. Featuring 35,000 puffs, 23ml e-liquid, 0.6\u03a9 mesh coil, Type-C charging. Perfect for European retailers and vapers seeking high-capacity disposable vapes.","og_url":"https:\/\/vapebulkp.com\/hr\/product\/bang-tornado-40k-puffs-high-capacity-disposable-vape-pen\/","og_site_name":"vapebulkp.com","article_modified_time":"2025-09-24T03:20:24+00:00","og_image":[{"width":800,"height":800,"url":"http:\/\/vapebulkp.com\/wp-content\/uploads\/2025\/01\/Advanced-Bang-Tornado-40000-Puffs-Vape-with-Big-Screen.jpg","type":"image\/jpeg"}],"twitter_card":"summary_large_image","twitter_misc":{"Procijenjeno vrijeme \u010ditanja":"4 minute"},"schema":{"@context":"https:\/\/schema.org","@graph":[{"@type":"WebPage","@id":"https:\/\/vapebulkp.com\/product\/bang-tornado-40k-puffs-high-capacity-disposable-vape-pen\/","url":"https:\/\/vapebulkp.com\/product\/bang-tornado-40k-puffs-high-capacity-disposable-vape-pen\/","name":"Bang Tornado 40K Puffs High-Capacity Disposable Vape Pen - vapebulkp.com","isPartOf":{"@id":"https:\/\/vapebulkp.com\/#website"},"datePublished":"2025-01-31T09:42:57+00:00","dateModified":"2025-09-24T03:20:24+00:00","description":"Shop Bang King 35000 Puffs Wholesale Puff Tornado Vape at Vapebulkp.com. Featuring 35,000 puffs, 23ml e-liquid, 0.6\u03a9 mesh coil, Type-C charging. Perfect for European retailers and vapers seeking high-capacity disposable vapes.","breadcrumb":{"@id":"https:\/\/vapebulkp.com\/product\/bang-tornado-40k-puffs-high-capacity-disposable-vape-pen\/#breadcrumb"},"inLanguage":"hr","potentialAction":[{"@type":"ReadAction","target":["https:\/\/vapebulkp.com\/product\/bang-tornado-40k-puffs-high-capacity-disposable-vape-pen\/"]}]},{"@type":"BreadcrumbList","@id":"https:\/\/vapebulkp.com\/product\/bang-tornado-40k-puffs-high-capacity-disposable-vape-pen\/#breadcrumb","itemListElement":[{"@type":"ListItem","position":1,"name":"Home","item":"https:\/\/vapebulkp.com\/"},{"@type":"ListItem","position":2,"name":"Hot Trend Vapes","item":"https:\/\/vapebulkp.com\/vape-shop\/"},{"@type":"ListItem","position":3,"name":"Bang Tornado 40K Puffs High-Capacity Disposable Vape Pen"}]},{"@type":"WebSite","@id":"https:\/\/vapebulkp.com\/#website","url":"https:\/\/vapebulkp.com\/","name":"vapebulkp.com","description":"Buy Vape In Cheap Bulk Price Near you","publisher":{"@id":"https:\/\/vapebulkp.com\/#organization"},"potentialAction":[{"@type":"SearchAction","target":{"@type":"EntryPoint","urlTemplate":"https:\/\/vapebulkp.com\/?s={search_term_string}"},"query-input":"required name=search_term_string"}],"inLanguage":"hr"},{"@type":"Organization","@id":"https:\/\/vapebulkp.com\/#organization","name":"vapebulkp.com","url":"https:\/\/vapebulkp.com\/","logo":{"@type":"ImageObject","inLanguage":"hr","@id":"https:\/\/vapebulkp.com\/#\/schema\/logo\/image\/","url":"https:\/\/vapebulkp.com\/wp-content\/uploads\/2023\/09\/cropped-vapebulkp.png","contentUrl":"https:\/\/vapebulkp.com\/wp-content\/uploads\/2023\/09\/cropped-vapebulkp.png","width":516,"height":163,"caption":"vapebulkp.com"},"image":{"@id":"https:\/\/vapebulkp.com\/#\/schema\/logo\/image\/"}}]}},"uagb_featured_image_src":{"full":["https:\/\/vapebulkp.com\/wp-content\/uploads\/2025\/01\/Advanced-Bang-Tornado-40000-Puffs-Vape-with-Big-Screen.jpg",800,800,false],"thumbnail":["https:\/\/vapebulkp.com\/wp-content\/uploads\/2025\/01\/Advanced-Bang-Tornado-40000-Puffs-Vape-with-Big-Screen-150x150.jpg",150,150,true],"medium":["https:\/\/vapebulkp.com\/wp-content\/uploads\/2025\/01\/Advanced-Bang-Tornado-40000-Puffs-Vape-with-Big-Screen-300x300.jpg",300,300,true],"medium_large":["https:\/\/vapebulkp.com\/wp-content\/uploads\/2025\/01\/Advanced-Bang-Tornado-40000-Puffs-Vape-with-Big-Screen-768x768.jpg",768,768,true],"large":["https:\/\/vapebulkp.com\/wp-content\/uploads\/2025\/01\/Advanced-Bang-Tornado-40000-Puffs-Vape-with-Big-Screen.jpg",800,800,false],"1536x1536":["https:\/\/vapebulkp.com\/wp-content\/uploads\/2025\/01\/Advanced-Bang-Tornado-40000-Puffs-Vape-with-Big-Screen.jpg",800,800,false],"2048x2048":["https:\/\/vapebulkp.com\/wp-content\/uploads\/2025\/01\/Advanced-Bang-Tornado-40000-Puffs-Vape-with-Big-Screen.jpg",800,800,false],"trp-custom-language-flag":["https:\/\/vapebulkp.com\/wp-content\/uploads\/2025\/01\/Advanced-Bang-Tornado-40000-Puffs-Vape-with-Big-Screen.jpg",12,12,false],"woocommerce_thumbnail":["https:\/\/vapebulkp.com\/wp-content\/uploads\/2025\/01\/Advanced-Bang-Tornado-40000-Puffs-Vape-with-Big-Screen-300x300.jpg",300,300,true],"woocommerce_single":["https:\/\/vapebulkp.com\/wp-content\/uploads\/2025\/01\/Advanced-Bang-Tornado-40000-Puffs-Vape-with-Big-Screen-600x600.jpg",600,600,true],"woocommerce_gallery_thumbnail":["https:\/\/vapebulkp.com\/wp-content\/uploads\/2025\/01\/Advanced-Bang-Tornado-40000-Puffs-Vape-with-Big-Screen-100x100.jpg",100,100,true],"wcpr-photo-reviews":["https:\/\/vapebulkp.com\/wp-content\/uploads\/2025\/01\/Advanced-Bang-Tornado-40000-Puffs-Vape-with-Big-Screen.jpg",500,500,false]},"uagb_author_info":{"display_name":"Mandy vape bulk price","author_link":"https:\/\/vapebulkp.com\/hr\/author\/"},"uagb_comment_info":0,"uagb_excerpt":"Premium Bang Tornado 40,000 Puffs Vape Pen for Extended Use Rechargeable Bang Tornado 40,000 Puffs Disposable Vape for Lasting Enjoyment Bang Tornado 40,000 Puffs E-Cig with Customizable Ice Flavored Pods Pls Contact Mandy's WhatsApp For Discount Price+8618077105796 NOTE: Prices on our website does not include shipping costs &nbsp;","_links":{"self":[{"href":"https:\/\/vapebulkp.com\/hr\/wp-json\/wp\/v2\/product\/3377","targetHints":{"allow":["GET"]}}],"collection":[{"href":"https:\/\/vapebulkp.com\/hr\/wp-json\/wp\/v2\/product"}],"about":[{"href":"https:\/\/vapebulkp.com\/hr\/wp-json\/wp\/v2\/types\/product"}],"replies":[{"embeddable":true,"href":"https:\/\/vapebulkp.com\/hr\/wp-json\/wp\/v2\/comments?post=3377"}],"wp:featuredmedia":[{"embeddable":true,"href":"https:\/\/vapebulkp.com\/hr\/wp-json\/wp\/v2\/media\/3378"}],"wp:attachment":[{"href":"https:\/\/vapebulkp.com\/hr\/wp-json\/wp\/v2\/media?parent=3377"}],"wp:term":[{"taxonomy":"product_cat","embeddable":true,"href":"https:\/\/vapebulkp.com\/hr\/wp-json\/wp\/v2\/product_cat?post=3377"},{"taxonomy":"product_tag","embeddable":true,"href":"https:\/\/vapebulkp.com\/hr\/wp-json\/wp\/v2\/product_tag?post=3377"}],"curies":[{"name":"wp","href":"https:\/\/api.w.org\/{rel}","templated":true}]}}