{"id":3411,"date":"2025-01-26T09:38:11","date_gmt":"2025-01-26T08:38:11","guid":{"rendered":"https:\/\/vapebulkp.com\/?post_type=product&#038;p=3411"},"modified":"2025-09-24T05:20:45","modified_gmt":"2025-09-24T03:20:45","slug":"aivono-aim-magic-20000-puffs-disposable-vape-multiple-nicotine-options","status":"publish","type":"product","link":"https:\/\/vapebulkp.com\/hr\/product\/aivono-aim-magic-20000-puffs-disposable-vape-multiple-nicotine-options\/","title":{"rendered":"Aivono Aim Magic 20000 Puffs Jednokratna Vape Vi\u0161e opcija nikotina"},"content":{"rendered":"<h2 style=\"text-align: left\">Aivono Aim Magic 20000 Puffs Jednokratna Vape Vi\u0161e opcija nikotina<\/h2>\n<p data-start=\"141\" data-end=\"487\">O <strong data-start=\"145\" data-end=\"193\">Aivono Aim Magic 20000 Puffs jednokratni vape<\/strong> je vrhunski jednokratni vape dizajniran za europske entuzijaste vapinga koji zahtijevaju dugotrajne performanse i bogat okus. Prethodno napunjen s 26 ml visokokvalitetne e-teku\u0107ine sa solima nikotina, ovaj <a href=\"https:\/\/vapebulkp.com\/hr\/product-category\/20000-puffs-disposable-vape\/\"><strong data-start=\"385\" data-end=\"416\">20000 Puffs jednokratni Vape<\/strong><\/a> pru\u017ea glatke, dosljedne uvla\u010denja za produljeno iskustvo vapinga.<\/p>\n<p data-start=\"489\" data-end=\"793\">Dizajniran kao <strong data-start=\"503\" data-end=\"535\">punjivi jednokratni vape<\/strong>, ima bateriju od 600 mAh s Type-C brzim punjenjem, smanjuju\u0107i vrijeme zastoja i osiguravaju\u0107i neprekidnu upotrebu gdje god se nalazili. Napredni <strong data-start=\"669\" data-end=\"693\">mesh coil tehnologijom<\/strong> pobolj\u0161ava intenzitet okusa i proizvodnju pare, nude\u0107i zadovoljavaju\u0107i udarac u grlo sa svakim udahom.<\/p>\n<p data-start=\"795\" data-end=\"1131\">Lagan i elegantan, <strong data-start=\"822\" data-end=\"850\">Aivono Magija 20000 Udisaja<\/strong> kombinira stil i prenosivost, \u0161to ga \u010dini idealnim za putovanja, dru\u0161tvena okupljanja ili svakodnevnu upotrebu. Njegove svestrane opcije nikotina (0%, 2%, 3%, 5%) zadovoljavaju niz preferencija, dok robusna konstrukcija jam\u010di <strong data-start=\"1066\" data-end=\"1087\">dugotrajna vape<\/strong> koji udovoljava zahtjevima europskih korisnika.<\/p>\n<p data-start=\"1133\" data-end=\"1360\">Pouzdano od strane <strong data-start=\"1144\" data-end=\"1175\">europske entuzijaste vapinga<\/strong>, ovaj <strong data-start=\"1182\" data-end=\"1209\">vrhunski jednokratni vape<\/strong> nudi ravnote\u017eu prakti\u010dnosti, inovacije i visokokvalitetnih performansi, \u0161to ga \u010dini vrhunskim izborom za osobnu upotrebu i veleprodajne prilike.<\/p>\n<p data-start=\"193\" data-end=\"545\"><img decoding=\"async\" class=\"wp-image-3409\" style=\"font-style: inherit;font-weight: bold\" src=\"http:\/\/vapebulkp.com\/wp-content\/uploads\/2025\/01\/Rechargeable-Aivono-Aim-Magic-Disposable-Vape-Pen-with-20000-Puffs-Capacity.webp\" alt=\"Punjiva Aivono Aim Magic jednokratna vape olovka s kapacitetom od 20000 uvla\u010denja\" width=\"499\" height=\"499\" srcset=\"https:\/\/vapebulkp.com\/wp-content\/uploads\/2025\/01\/Rechargeable-Aivono-Aim-Magic-Disposable-Vape-Pen-with-20000-Puffs-Capacity.webp 800w, https:\/\/vapebulkp.com\/wp-content\/uploads\/2025\/01\/Rechargeable-Aivono-Aim-Magic-Disposable-Vape-Pen-with-20000-Puffs-Capacity-300x300.webp 300w, https:\/\/vapebulkp.com\/wp-content\/uploads\/2025\/01\/Rechargeable-Aivono-Aim-Magic-Disposable-Vape-Pen-with-20000-Puffs-Capacity-150x150.webp 150w, https:\/\/vapebulkp.com\/wp-content\/uploads\/2025\/01\/Rechargeable-Aivono-Aim-Magic-Disposable-Vape-Pen-with-20000-Puffs-Capacity-768x768.webp 768w, https:\/\/vapebulkp.com\/wp-content\/uploads\/2025\/01\/Rechargeable-Aivono-Aim-Magic-Disposable-Vape-Pen-with-20000-Puffs-Capacity-600x600.webp 600w, https:\/\/vapebulkp.com\/wp-content\/uploads\/2025\/01\/Rechargeable-Aivono-Aim-Magic-Disposable-Vape-Pen-with-20000-Puffs-Capacity-100x100.webp 100w\" sizes=\"(max-width: 499px) 100vw, 499px\" \/><\/p>\n<p>Punjiva Aivono Aim Magic jednokratna vape olovka s kapacitetom od 20000 uvla\u010denja<\/p>\n<h6>Molimo kontaktirajte Mandy's WhatsApp za cijenu s popustom<a href=\"https:\/\/wa.me\/8618077105796\">+8618077105796<\/a><\/h6>\n<p><img decoding=\"async\" class=\"alignnone wp-image-2151\" src=\"http:\/\/vapebulkp.com\/wp-content\/uploads\/2024\/04\/Mandy-WhatsApp-Randm.jpg\" alt=\"Mandy WhatsApp Randm\" width=\"324\" height=\"330\" \/><\/p>\n<h2><strong>Aivono Aim Magic 20000 Puffs Jednokratni Vape \u010cesto postavljana pitanja:<\/strong><\/h2>\n<h4>1. <strong>Po \u010demu se Aivono Aim Magic 20000 Puffs izdvaja me\u0111u jednokratnim vapeovima?<\/strong><\/h4>\n<p>Aivono Aim Magic ima ogroman kapacitet od 20.000 uvla\u010denja i 26 ml vrhunske e-teku\u0107ine, osiguravaju\u0107i produljenu upotrebu bez \u010deste zamjene. Elegantan dizajn, u kombinaciji s punjivom baterijom od 600 mAh i Type-C brzim punjenjem, pru\u017ea vrhunsku prakti\u010dnost i performanse.<\/p>\n<h4>2. <strong>Kako napuniti Aivono Aim Magic 20000 Puffs?<\/strong><\/h4>\n<p>Ovaj ure\u0111aj ima prakti\u010dan priklju\u010dak za punjenje Type-C. Jednostavno ga spojite na kompatibilni punja\u010d i baterija od 600 mAh brzo \u0107e se napuniti, osiguravaju\u0107i neprekidno parenje.<\/p>\n<h4>3. <strong>Gdje mogu kupiti Aivono Aim Magic 20K puffs vape u Europi?<\/strong><\/h4>\n<p>Aivono Aim Magic mo\u017eete kupiti kod renomiranih prodava\u010da i u online trgovinama diljem Europe. Za opcije veleprodaje i kupnje na veliko, Vapebulkp je pouzdan izbor za kupce u Europi.<\/p>\n<h2><\/h2>\n<h3><strong>Aivono Aim Magic 20000 Puffs ure\u0111aj za parenje visokih performansi Karakteristike:<\/strong><\/h3>\n<ul>\n<li><strong>Kapacitet e-teku\u0107ine:<\/strong> 26 ml e-teku\u0107ine vrhunske kvalitete za dulju upotrebu.<\/li>\n<li><strong>Opcije nikotina:<\/strong> Dostupno u razinama nikotina od 0%, 2%, 3% i 5%, \u0161to odgovara razli\u010ditim preferencijama.<\/li>\n<li><strong>Kapacitet baterije:<\/strong> Opremljen punjivom baterijom od 600 mAh za dosljedne i pouzdane performanse.<\/li>\n<li><strong>Su\u010delje za punjenje:<\/strong> Ima priklju\u010dak za punjenje Type-C za brzo i u\u010dinkovito punjenje.<\/li>\n<li><strong>Pakiranje:<\/strong> Dolazi u izlo\u017ebenoj kutiji koja sadr\u017ei 10 jedinica, idealno za skupne kupnje ili maloprodajne izloge.<\/li>\n<\/ul>\n<h3>Aivono Aim Magic 20000 Puffs elegantnog dizajna jednokratna e-cigareta Opcije okusa:<\/h3>\n<p>1. AIM MAGIC: Led borovnice<br \/>\n2. AIM MAGIC: Led jagode<br \/>\n3. AIM MAGIC: Led lubenice<br \/>\n4. AIM MAGIC: Led ananasa i kokosa<br \/>\n5. AIM MAGIC: Ananas mango<br \/>\n6. AIM MAGIC: Mije\u0161ano bobi\u010dasto vo\u0107e<br \/>\n7. AIM MAGIC: Jagoda lubenica<br \/>\n8. AIM MAGIC: Led plave maline<br \/>\n9. AIM MAGIC: Led breskve<br \/>\n10. AIM MAGIC: Sladoled od jagode<\/p>\n<p><a href=\"https:\/\/vapebulkp.com\/hr\/product\/fumot-tornado-25k-puffs-cheap-price-disposable-vape\/\"><span style=\"vertical-align: inherit\">RandM Tornado 25000 Udaha <\/span><\/a><\/p>\n<p><span style=\"vertical-align: inherit\">Prona\u0111ite vi\u0161e proizvoda koji bi vam se mogli svidjeti:<\/span><em><a href=\"https:\/\/wa.me\/8618077105796\"><span style=\"vertical-align: inherit\">\u00a0Kupite sada<\/span><\/a><\/em><\/p>\n<p><span style=\"vertical-align: inherit\">Ostali Puffs koji bi vam se mogli svidjeti:<\/span><a href=\"https:\/\/vapebulkp.com\/hr\/product\/uwin-tornado-music-35k-puffs-vape-wholesale-nicotine-free\/\"><span style=\"vertical-align: inherit\">UWIN Tornado 35000 Udaha<\/span><\/a><span style=\"vertical-align: inherit\">\u3001<\/span><a href=\"https:\/\/vapebulkp.com\/hr\/product\/wholesale-price-bang-leader-80000-puffs-vape-device\/\"><span style=\"vertical-align: inherit\">BANG Vo\u0111a 80000 Udisaja<\/span><\/a><span style=\"vertical-align: inherit\">\/ <\/span><a href=\"https:\/\/vapebulkp.com\/hr\/product\/wholesale-price-bang-kingdoms-rex-32000-puffs-vape-pod\/\"><span style=\"vertical-align: inherit\">Bang King doms rex 32000 Udaha<\/span><\/a><span style=\"vertical-align: inherit\">\/ <\/span><a href=\"https:\/\/vapebulkp.com\/hr\/product\/bang-blaze-60000-puffs-4-in1-disposable-vape-for-wholesale-price\/\"><span style=\"vertical-align: inherit\">Bang Blaze 60000 Udisaja<\/span><\/a><\/p>\n<p>&nbsp;<\/p>\n<h4><strong>Za\u0161to odabrati Aivono Aim Magic 20000 Puffs <a href=\"https:\/\/vapebulkp.com\/hr\/vape-shop\/\">Vapebulkp.com<\/a>?<\/strong><\/h4>\n<ul>\n<li><strong>Ekskluzivne veleprodajne cijene:<\/strong> Vapebulkp.com nudi nenadma\u0161ne cijene za veleprodajne kupnje, \u0161to ga \u010dini glavnom platformom za preprodava\u010de i distributere u Europi.<\/li>\n<li><strong>Zajam\u010dena autenti\u010dnost:<\/strong> Svi Aivono Aim Magic 20000 Puffs vapeovi nabavljaju se izravno od provjerenih proizvo\u0111a\u010da, osiguravaju\u0107i 100% originalne proizvode najvi\u0161e kvalitete.<\/li>\n<li><strong>Premium zna\u010dajke:<\/strong> Aivono Aim Magic 20K Puffs isti\u010de se svojim ogromnim kapacitetom e-teku\u0107ine od 26 ml, punjivom baterijom od 600 mAh i naprednom tehnologijom dvostruke mre\u017easte zavojnice, pru\u017eaju\u0107i dosljedne performanse sa svakim povla\u010denjem.<\/li>\n<li><strong>Prilagodljive opcije:<\/strong> Vapebulkp podr\u017eava OEM\/ODM usluge, omogu\u0107uju\u0107i tvrtkama da personaliziraju dizajne, logotipe i pakiranja kako bi se uskladili sa svojim ciljevima brendiranja.<\/li>\n<li><strong>Razli\u010dite ja\u010dine nikotina:<\/strong> Dostupan u razinama nikotina od 0%, 2%, 3% i 5%, ovaj vape odgovara \u0161irokom rasponu preferencija potro\u0161a\u010da, od onih koji tra\u017ee opciju bez nikotina do korisnika koji u\u017eivaju u ja\u010dem udarcu.<\/li>\n<li><strong>Brza i pouzdana dostava:<\/strong> S fokusom na europska tr\u017ei\u0161ta, Vapebulkp osigurava u\u010dinkovitu i sigurnu dostavu diljem zemalja, smanjuju\u0107i vrijeme \u010dekanja za kupce.<\/li>\n<li><strong>Posve\u0107ena korisni\u010dka podr\u0161ka:<\/strong> Vapebulkp.com ponosi se iznimnom korisni\u010dkom uslugom, nude\u0107i stru\u010dno savjetovanje i brzu pomo\u0107 za upite, kupnje i narud\u017ebe na veliko.<\/li>\n<li><strong>Fokus na odr\u017eivost:<\/strong> Promoviranjem punjivih i ekolo\u0161ki prihvatljivih proizvoda poput Aivono Aim Magic 20000 Puffs, Vapebulkp doprinosi odr\u017eivijoj budu\u0107nosti vapinga.<\/li>\n<\/ul>\n<h5>Detalji dostave:<\/h5>\n<p><span style=\"color: #ff6600\">Vrijeme proizvodnje: 5-10 radnih dana<\/span><br \/>\n<span style=\"color: #ff6600\">Vrijeme isporuke: 8-14 radnih dana<\/span><\/p>\n<p>Svi proizvodi u na\u0161oj trgovini su 100% originalni i autenti\u010dni, stoga je desetostruka naknada za la\u017enu robu na\u0161a politika trgovine. Za dostavu koristimo logisti\u010dke kanale kao \u0161to su UPS\/DHL\/FEDEX\/DPD.<\/p>\n<p>Za pakete poslane u Hrvatsku obi\u010dno je potrebno 10 radnih dana da stignu. Dostava u europske zemlje obi\u010dno traje 12 do 15 radnih dana da stigne. Logisti\u010dke informacije \u0107emo a\u017eurirati za vas u stvarnom vremenu.<\/p>","protected":false},"excerpt":{"rendered":"<ul>\n<li>Veleprodajna cijena Aivono Vape Aim Magic 20K Puffs premium jednokratni vape<\/li>\n<li>Aivono Aim Magic 20000 Puffs jednokratni vape s dva na\u010dina rada<\/li>\n<li>Aivono Aim Magic 20K Puffs Vape Pod za produljeno vapiranje<\/li>\n<\/ul>\n<p>Molimo kontaktirajte Mandy's WhatsApp za cijenu s popustom<a href=\"https:\/\/wa.me\/8618077105796\">+8618077105796<\/a><\/p>\n<p><img decoding=\"async\" class=\"alignnone wp-image-2151\" src=\"http:\/\/vapebulkp.com\/wp-content\/uploads\/2024\/04\/Mandy-WhatsApp-Randm.jpg\" alt=\"Mandy WhatsApp Randm\" width=\"297\" height=\"316\" srcset=\"https:\/\/vapebulkp.com\/wp-content\/uploads\/2024\/04\/Mandy-WhatsApp-Randm.jpg 916w, https:\/\/vapebulkp.com\/wp-content\/uploads\/2024\/04\/Mandy-WhatsApp-Randm-282x300.jpg 282w, https:\/\/vapebulkp.com\/wp-content\/uploads\/2024\/04\/Mandy-WhatsApp-Randm-768x817.jpg 768w, https:\/\/vapebulkp.com\/wp-content\/uploads\/2024\/04\/Mandy-WhatsApp-Randm-600x638.jpg 600w\" sizes=\"(max-width: 297px) 100vw, 297px\" \/><\/p>\n<p><span style=\"color: #ff0000\">NAPOMENA: Cijene na na\u0161oj web stranici ne uklju\u010duju tro\u0161kove dostave<\/span><\/p>\n<p>&nbsp;<\/p>","protected":false},"featured_media":3400,"comment_status":"open","ping_status":"closed","template":"","meta":{"_uag_custom_page_level_css":"","_lmt_disableupdate":"no","_lmt_disable":"","site-sidebar-layout":"default","site-content-layout":"content-boxed-container","ast-site-content-layout":"normal-width-container","site-content-style":"boxed","site-sidebar-style":"unboxed","ast-global-header-display":"","ast-banner-title-visibility":"","ast-main-header-display":"","ast-hfb-above-header-display":"","ast-hfb-below-header-display":"","ast-hfb-mobile-header-display":"","site-post-title":"","ast-breadcrumbs-content":"","ast-featured-img":"","footer-sml-layout":"","theme-transparent-header-meta":"default","adv-header-id-meta":"","stick-header-meta":"","header-above-stick-meta":"","header-main-stick-meta":"","header-below-stick-meta":"","astra-migrate-meta-layouts":"set","_joinchat":[]},"product_cat":[162,342,153,155,33,59,100,87,34,158,157,154,152,58,84,156],"product_tag":[204,36,37,41,40],"class_list":["post-3411","product","type-product","status-publish","has-post-thumbnail","hentry","product_cat-20000-puffs-disposable-vape","product_cat-aivono-vape","product_cat-hot-disposable-vapes","product_cat-belgium-hot-disposable-vapes","product_cat-france-vape-hot-sale","product_cat-germany-hot-disposable-vape","product_cat-germany-wholesale-vape-shop","product_cat-minimum-order-quantity-50pcs","product_cat-netherlands-vape-good-sale","product_cat-norway-hot-disposable-vapes","product_cat-poland-hot-disposable-vapes","product_cat-portugal-hot-disposable-vapes","product_cat-spain-hot-disposable-vapes","product_cat-sweden-hot-disposable-vape","product_cat-sweden-wholesale-vape","product_cat-switzerland-hot-disposable-vapes","product_tag-aivono-aim-magic-20000-puffs","product_tag-good-vape","product_tag-hot-sale-disposable-vape","product_tag-poland-hot-vape","product_tag-sweden-hot-vape","pa_brand-aivono-vape","desktop-align-left","tablet-align-left","mobile-align-left"],"yoast_head":"<!-- This site is optimized with the Yoast SEO plugin v21.1 - https:\/\/yoast.com\/wordpress\/plugins\/seo\/ -->\n<title>Aivono Aim Magic 20000 Puffs Disposable Vape Multiple Nicotine Options - vapebulkp.com<\/title>\n<meta name=\"description\" content=\"Wholesale Price Aivono Aim Magic 20000 Puffs Vape Device offers dual modes, 26ml e-liquid, rechargeable battery, customizable design.\" \/>\n<meta name=\"robots\" content=\"index, follow, max-snippet:-1, max-image-preview:large, max-video-preview:-1\" \/>\n<link rel=\"canonical\" href=\"https:\/\/vapebulkp.com\/hr\/product\/aivono-aim-magic-20000-puffs-disposable-vape-multiple-nicotine-options\/\" \/>\n<meta property=\"og:locale\" content=\"hr_HR\" \/>\n<meta property=\"og:type\" content=\"article\" \/>\n<meta property=\"og:title\" content=\"Aivono Aim Magic 20000 Puffs Disposable Vape Multiple Nicotine Options - vapebulkp.com\" \/>\n<meta property=\"og:description\" content=\"Wholesale Price Aivono Aim Magic 20000 Puffs Vape Device offers dual modes, 26ml e-liquid, rechargeable battery, customizable design.\" \/>\n<meta property=\"og:url\" content=\"https:\/\/vapebulkp.com\/hr\/product\/aivono-aim-magic-20000-puffs-disposable-vape-multiple-nicotine-options\/\" \/>\n<meta property=\"og:site_name\" content=\"vapebulkp.com\" \/>\n<meta property=\"article:modified_time\" content=\"2025-09-24T03:20:45+00:00\" \/>\n<meta property=\"og:image\" content=\"http:\/\/vapebulkp.com\/wp-content\/uploads\/2025\/01\/20000-Puffs-Aivono-Aim-Magic-Disposable-Vape-Bulk-Buy-with-Nicotine-Options.webp\" \/>\n\t<meta property=\"og:image:width\" content=\"800\" \/>\n\t<meta property=\"og:image:height\" content=\"800\" \/>\n\t<meta property=\"og:image:type\" content=\"image\/webp\" \/>\n<meta name=\"twitter:card\" content=\"summary_large_image\" \/>\n<meta name=\"twitter:label1\" content=\"Procijenjeno vrijeme \u010ditanja\" \/>\n\t<meta name=\"twitter:data1\" content=\"4 minute\" \/>\n<script type=\"application\/ld+json\" class=\"yoast-schema-graph\">{\"@context\":\"https:\/\/schema.org\",\"@graph\":[{\"@type\":\"WebPage\",\"@id\":\"https:\/\/vapebulkp.com\/product\/aivono-aim-magic-20000-puffs-disposable-vape-multiple-nicotine-options\/\",\"url\":\"https:\/\/vapebulkp.com\/product\/aivono-aim-magic-20000-puffs-disposable-vape-multiple-nicotine-options\/\",\"name\":\"Aivono Aim Magic 20000 Puffs Disposable Vape Multiple Nicotine Options - vapebulkp.com\",\"isPartOf\":{\"@id\":\"https:\/\/vapebulkp.com\/#website\"},\"datePublished\":\"2025-01-26T08:38:11+00:00\",\"dateModified\":\"2025-09-24T03:20:45+00:00\",\"description\":\"Wholesale Price Aivono Aim Magic 20000 Puffs Vape Device offers dual modes, 26ml e-liquid, rechargeable battery, customizable design.\",\"breadcrumb\":{\"@id\":\"https:\/\/vapebulkp.com\/product\/aivono-aim-magic-20000-puffs-disposable-vape-multiple-nicotine-options\/#breadcrumb\"},\"inLanguage\":\"hr\",\"potentialAction\":[{\"@type\":\"ReadAction\",\"target\":[\"https:\/\/vapebulkp.com\/product\/aivono-aim-magic-20000-puffs-disposable-vape-multiple-nicotine-options\/\"]}]},{\"@type\":\"BreadcrumbList\",\"@id\":\"https:\/\/vapebulkp.com\/product\/aivono-aim-magic-20000-puffs-disposable-vape-multiple-nicotine-options\/#breadcrumb\",\"itemListElement\":[{\"@type\":\"ListItem\",\"position\":1,\"name\":\"Home\",\"item\":\"https:\/\/vapebulkp.com\/\"},{\"@type\":\"ListItem\",\"position\":2,\"name\":\"Hot Trend Vapes\",\"item\":\"https:\/\/vapebulkp.com\/vape-shop\/\"},{\"@type\":\"ListItem\",\"position\":3,\"name\":\"Aivono Aim Magic 20000 Puffs Disposable Vape Multiple Nicotine Options\"}]},{\"@type\":\"WebSite\",\"@id\":\"https:\/\/vapebulkp.com\/#website\",\"url\":\"https:\/\/vapebulkp.com\/\",\"name\":\"vapebulkp.com\",\"description\":\"Buy Vape In Cheap Bulk Price Near you\",\"publisher\":{\"@id\":\"https:\/\/vapebulkp.com\/#organization\"},\"potentialAction\":[{\"@type\":\"SearchAction\",\"target\":{\"@type\":\"EntryPoint\",\"urlTemplate\":\"https:\/\/vapebulkp.com\/?s={search_term_string}\"},\"query-input\":\"required name=search_term_string\"}],\"inLanguage\":\"hr\"},{\"@type\":\"Organization\",\"@id\":\"https:\/\/vapebulkp.com\/#organization\",\"name\":\"vapebulkp.com\",\"url\":\"https:\/\/vapebulkp.com\/\",\"logo\":{\"@type\":\"ImageObject\",\"inLanguage\":\"hr\",\"@id\":\"https:\/\/vapebulkp.com\/#\/schema\/logo\/image\/\",\"url\":\"https:\/\/vapebulkp.com\/wp-content\/uploads\/2023\/09\/cropped-vapebulkp.png\",\"contentUrl\":\"https:\/\/vapebulkp.com\/wp-content\/uploads\/2023\/09\/cropped-vapebulkp.png\",\"width\":516,\"height\":163,\"caption\":\"vapebulkp.com\"},\"image\":{\"@id\":\"https:\/\/vapebulkp.com\/#\/schema\/logo\/image\/\"}}]}<\/script>\n<!-- \/ Yoast SEO plugin. -->","yoast_head_json":{"title":"Aivono Aim Magic 20000 Puffs Disposable Vape Multiple Nicotine Options - vapebulkp.com","description":"Wholesale Price Aivono Aim Magic 20000 Puffs Vape Device offers dual modes, 26ml e-liquid, rechargeable battery, customizable design.","robots":{"index":"index","follow":"follow","max-snippet":"max-snippet:-1","max-image-preview":"max-image-preview:large","max-video-preview":"max-video-preview:-1"},"canonical":"https:\/\/vapebulkp.com\/hr\/product\/aivono-aim-magic-20000-puffs-disposable-vape-multiple-nicotine-options\/","og_locale":"hr_HR","og_type":"article","og_title":"Aivono Aim Magic 20000 Puffs Disposable Vape Multiple Nicotine Options - vapebulkp.com","og_description":"Wholesale Price Aivono Aim Magic 20000 Puffs Vape Device offers dual modes, 26ml e-liquid, rechargeable battery, customizable design.","og_url":"https:\/\/vapebulkp.com\/hr\/product\/aivono-aim-magic-20000-puffs-disposable-vape-multiple-nicotine-options\/","og_site_name":"vapebulkp.com","article_modified_time":"2025-09-24T03:20:45+00:00","og_image":[{"width":800,"height":800,"url":"http:\/\/vapebulkp.com\/wp-content\/uploads\/2025\/01\/20000-Puffs-Aivono-Aim-Magic-Disposable-Vape-Bulk-Buy-with-Nicotine-Options.webp","type":"image\/webp"}],"twitter_card":"summary_large_image","twitter_misc":{"Procijenjeno vrijeme \u010ditanja":"4 minute"},"schema":{"@context":"https:\/\/schema.org","@graph":[{"@type":"WebPage","@id":"https:\/\/vapebulkp.com\/product\/aivono-aim-magic-20000-puffs-disposable-vape-multiple-nicotine-options\/","url":"https:\/\/vapebulkp.com\/product\/aivono-aim-magic-20000-puffs-disposable-vape-multiple-nicotine-options\/","name":"Aivono Aim Magic 20000 Puffs Disposable Vape Multiple Nicotine Options - vapebulkp.com","isPartOf":{"@id":"https:\/\/vapebulkp.com\/#website"},"datePublished":"2025-01-26T08:38:11+00:00","dateModified":"2025-09-24T03:20:45+00:00","description":"Wholesale Price Aivono Aim Magic 20000 Puffs Vape Device offers dual modes, 26ml e-liquid, rechargeable battery, customizable design.","breadcrumb":{"@id":"https:\/\/vapebulkp.com\/product\/aivono-aim-magic-20000-puffs-disposable-vape-multiple-nicotine-options\/#breadcrumb"},"inLanguage":"hr","potentialAction":[{"@type":"ReadAction","target":["https:\/\/vapebulkp.com\/product\/aivono-aim-magic-20000-puffs-disposable-vape-multiple-nicotine-options\/"]}]},{"@type":"BreadcrumbList","@id":"https:\/\/vapebulkp.com\/product\/aivono-aim-magic-20000-puffs-disposable-vape-multiple-nicotine-options\/#breadcrumb","itemListElement":[{"@type":"ListItem","position":1,"name":"Home","item":"https:\/\/vapebulkp.com\/"},{"@type":"ListItem","position":2,"name":"Hot Trend Vapes","item":"https:\/\/vapebulkp.com\/vape-shop\/"},{"@type":"ListItem","position":3,"name":"Aivono Aim Magic 20000 Puffs Disposable Vape Multiple Nicotine Options"}]},{"@type":"WebSite","@id":"https:\/\/vapebulkp.com\/#website","url":"https:\/\/vapebulkp.com\/","name":"vapebulkp.com","description":"Buy Vape In Cheap Bulk Price Near you","publisher":{"@id":"https:\/\/vapebulkp.com\/#organization"},"potentialAction":[{"@type":"SearchAction","target":{"@type":"EntryPoint","urlTemplate":"https:\/\/vapebulkp.com\/?s={search_term_string}"},"query-input":"required name=search_term_string"}],"inLanguage":"hr"},{"@type":"Organization","@id":"https:\/\/vapebulkp.com\/#organization","name":"vapebulkp.com","url":"https:\/\/vapebulkp.com\/","logo":{"@type":"ImageObject","inLanguage":"hr","@id":"https:\/\/vapebulkp.com\/#\/schema\/logo\/image\/","url":"https:\/\/vapebulkp.com\/wp-content\/uploads\/2023\/09\/cropped-vapebulkp.png","contentUrl":"https:\/\/vapebulkp.com\/wp-content\/uploads\/2023\/09\/cropped-vapebulkp.png","width":516,"height":163,"caption":"vapebulkp.com"},"image":{"@id":"https:\/\/vapebulkp.com\/#\/schema\/logo\/image\/"}}]}},"uagb_featured_image_src":{"full":["https:\/\/vapebulkp.com\/wp-content\/uploads\/2025\/01\/20000-Puffs-Aivono-Aim-Magic-Disposable-Vape-Bulk-Buy-with-Nicotine-Options.webp",800,800,false],"thumbnail":["https:\/\/vapebulkp.com\/wp-content\/uploads\/2025\/01\/20000-Puffs-Aivono-Aim-Magic-Disposable-Vape-Bulk-Buy-with-Nicotine-Options-150x150.webp",150,150,true],"medium":["https:\/\/vapebulkp.com\/wp-content\/uploads\/2025\/01\/20000-Puffs-Aivono-Aim-Magic-Disposable-Vape-Bulk-Buy-with-Nicotine-Options-300x300.webp",300,300,true],"medium_large":["https:\/\/vapebulkp.com\/wp-content\/uploads\/2025\/01\/20000-Puffs-Aivono-Aim-Magic-Disposable-Vape-Bulk-Buy-with-Nicotine-Options-768x768.webp",768,768,true],"large":["https:\/\/vapebulkp.com\/wp-content\/uploads\/2025\/01\/20000-Puffs-Aivono-Aim-Magic-Disposable-Vape-Bulk-Buy-with-Nicotine-Options.webp",800,800,false],"1536x1536":["https:\/\/vapebulkp.com\/wp-content\/uploads\/2025\/01\/20000-Puffs-Aivono-Aim-Magic-Disposable-Vape-Bulk-Buy-with-Nicotine-Options.webp",800,800,false],"2048x2048":["https:\/\/vapebulkp.com\/wp-content\/uploads\/2025\/01\/20000-Puffs-Aivono-Aim-Magic-Disposable-Vape-Bulk-Buy-with-Nicotine-Options.webp",800,800,false],"trp-custom-language-flag":["https:\/\/vapebulkp.com\/wp-content\/uploads\/2025\/01\/20000-Puffs-Aivono-Aim-Magic-Disposable-Vape-Bulk-Buy-with-Nicotine-Options.webp",12,12,false],"woocommerce_thumbnail":["https:\/\/vapebulkp.com\/wp-content\/uploads\/2025\/01\/20000-Puffs-Aivono-Aim-Magic-Disposable-Vape-Bulk-Buy-with-Nicotine-Options-300x300.webp",300,300,true],"woocommerce_single":["https:\/\/vapebulkp.com\/wp-content\/uploads\/2025\/01\/20000-Puffs-Aivono-Aim-Magic-Disposable-Vape-Bulk-Buy-with-Nicotine-Options-600x600.webp",600,600,true],"woocommerce_gallery_thumbnail":["https:\/\/vapebulkp.com\/wp-content\/uploads\/2025\/01\/20000-Puffs-Aivono-Aim-Magic-Disposable-Vape-Bulk-Buy-with-Nicotine-Options-100x100.webp",100,100,true],"wcpr-photo-reviews":["https:\/\/vapebulkp.com\/wp-content\/uploads\/2025\/01\/20000-Puffs-Aivono-Aim-Magic-Disposable-Vape-Bulk-Buy-with-Nicotine-Options.webp",500,500,false]},"uagb_author_info":{"display_name":"Mandy vape bulk price","author_link":"https:\/\/vapebulkp.com\/hr\/author\/"},"uagb_comment_info":0,"uagb_excerpt":"Wholesale Price Aivono Vape Aim Magic 20K Puffs Premium Disposable Vape Aivono Aim Magic 20000 Puffs Disposable Vape with Dual Modes Aivono Aim Magic 20K Puffs Vape Pod for Extended Vaping Pls Contact Mandy's WhatsApp For Discount Price+8618077105796 NOTE: Prices on our website does not include shipping costs &nbsp;","_links":{"self":[{"href":"https:\/\/vapebulkp.com\/hr\/wp-json\/wp\/v2\/product\/3411","targetHints":{"allow":["GET"]}}],"collection":[{"href":"https:\/\/vapebulkp.com\/hr\/wp-json\/wp\/v2\/product"}],"about":[{"href":"https:\/\/vapebulkp.com\/hr\/wp-json\/wp\/v2\/types\/product"}],"replies":[{"embeddable":true,"href":"https:\/\/vapebulkp.com\/hr\/wp-json\/wp\/v2\/comments?post=3411"}],"wp:featuredmedia":[{"embeddable":true,"href":"https:\/\/vapebulkp.com\/hr\/wp-json\/wp\/v2\/media\/3400"}],"wp:attachment":[{"href":"https:\/\/vapebulkp.com\/hr\/wp-json\/wp\/v2\/media?parent=3411"}],"wp:term":[{"taxonomy":"product_cat","embeddable":true,"href":"https:\/\/vapebulkp.com\/hr\/wp-json\/wp\/v2\/product_cat?post=3411"},{"taxonomy":"product_tag","embeddable":true,"href":"https:\/\/vapebulkp.com\/hr\/wp-json\/wp\/v2\/product_tag?post=3411"}],"curies":[{"name":"wp","href":"https:\/\/api.w.org\/{rel}","templated":true}]}}