{"id":3429,"date":"2025-02-07T10:00:01","date_gmt":"2025-02-07T09:00:01","guid":{"rendered":"https:\/\/vapebulkp.com\/?post_type=product&#038;p=3429"},"modified":"2025-09-24T05:51:45","modified_gmt":"2025-09-24T03:51:45","slug":"jnr-power-mate-30000-puffs-wholesale-pocket-hookah-disposable-vape","status":"publish","type":"product","link":"https:\/\/vapebulkp.com\/hr\/product\/jnr-power-mate-30000-puffs-wholesale-pocket-hookah-disposable-vape\/","title":{"rendered":"JNR Power Mate 30000 Puffs Veleprodaja D\u017eepna Nargila Jednokratni Vape"},"content":{"rendered":"<h2 style=\"text-align: left\">JNR Power Mate 30000 Puffs Veleprodaja D\u017eepna Nargila Jednokratni Vape<\/h2>\n<p>O <strong>JNR Power Mate 30000 Puffs Veleprodaja D\u017eepna Nargila Jednokratni Vape<\/strong> je vrhunski ure\u0111aj stvoren za vapere koji zahtijevaju izvrsnost. S impresivnim <strong>30.000 uvla\u010denja<\/strong>, nudi neusporedivu dugotrajnost i zadovoljstvo. Unaprijed napunjen sa <strong>19 ml e-teku\u0107ine<\/strong> i <strong>2% ja\u010dine nikotina<\/strong>, pru\u017ea glatke, dosljedne okuse za uzvi\u0161eno iskustvo vapinga.<\/p>\n<p>Opremljen s <strong>power bank od 5000 mAh<\/strong>, slu\u017ei i kao prijenosni punja\u010d za vrhunsku prakti\u010dnost. Dvostruka mre\u017easta spirala <strong>dvostruka mre\u017easta spirala<\/strong> osigurava pobolj\u0161anu proizvodnju okusa, dok <strong>pametni zaslon<\/strong> prikazuje broj uvla\u010denja i status baterije radi lak\u0161e upotrebe. Sa skrivenim <strong>Type-C i lightning kabelima<\/strong>, ovaj <strong>d\u017eepna nargila<\/strong> savr\u0161ena je za punjenje u pokretu.<\/p>\n<p>Dostupno po <strong>veleprodajnim cijenama<\/strong>, JNR Power Mate <strong><a href=\"https:\/\/vapebulkp.com\/hr\/product-category\/30000-puff-disposable-vape\/\">30000 Puffs Jednokratni Vape<\/a><\/strong> idealan je za kupce na veliko koji tra\u017ee jednokratne vape ure\u0111aje visokih performansi. Elegantan, funkcionalan i pouzdan, ovo je vrhunsko rje\u0161enje za vrhunsko vaping iskustvo.<\/p>\n<p>&nbsp;<\/p>\n<h6>Molimo kontaktirajte Mandy's WhatsApp za cijenu s popustom<a href=\"https:\/\/wa.me\/8618077105796\">+8618077105796<\/a><\/h6>\n<p><img decoding=\"async\" class=\"alignnone wp-image-2151\" src=\"http:\/\/vapebulkp.com\/wp-content\/uploads\/2024\/04\/Mandy-WhatsApp-Randm.jpg\" alt=\"Mandy WhatsApp Randm\" width=\"287\" height=\"305\" srcset=\"https:\/\/vapebulkp.com\/wp-content\/uploads\/2024\/04\/Mandy-WhatsApp-Randm.jpg 916w, https:\/\/vapebulkp.com\/wp-content\/uploads\/2024\/04\/Mandy-WhatsApp-Randm-282x300.jpg 282w, https:\/\/vapebulkp.com\/wp-content\/uploads\/2024\/04\/Mandy-WhatsApp-Randm-768x817.jpg 768w, https:\/\/vapebulkp.com\/wp-content\/uploads\/2024\/04\/Mandy-WhatsApp-Randm-600x638.jpg 600w\" sizes=\"(max-width: 287px) 100vw, 287px\" \/><\/p>\n<h2><strong>Za\u0161to odabrati JNR Power Mate 30k Puffs jednokratni vape s Vapebulkp.com?<\/strong><\/h2>\n<ul>\n<li><strong>Nenadma\u0161na kvaliteta proizvoda<\/strong><br \/>\nNa Vapebulkp.com, prioritet nam je vrhunska oprema za vaping poput JNR Power Mate 30000 Puffs. Ovaj ure\u0111aj kombinira izuzetnu kvalitetu izrade i dugotrajne performanse.<\/li>\n<li><strong>Konkurentne veleprodajne cijene<\/strong><br \/>\nVapebulkp.com nudi JNR Power Mate po nenadma\u0161nim cijenama za pojedina\u010dne i skupne kupnje. Veleprodajni kupci imaju koristi od isplativih ponuda, osiguravaju\u0107i veliku vrijednost bez kompromisa na kvaliteti.<\/li>\n<li><strong>Pouzdana dostava diljem Europe<\/strong><br \/>\nSpecijalizirani smo za brzu i sigurnu dostavu u europske zemlje, osiguravaju\u0107i da va\u0161i JNR Power Mate ure\u0111aji stignu brzo i u izvrsnom stanju.<\/li>\n<li><strong>Posve\u0107ena korisni\u010dka podr\u0161ka<\/strong><br \/>\nNa\u0161 tim za korisni\u010dku podr\u0161ku uvijek je spreman pomo\u0107i s upitima o JNR Power Mate ili drugim proizvodima. Od narud\u017ebe do podr\u0161ke nakon kupnje, tu smo da osiguramo besprijekorno iskustvo kupnje.<\/li>\n<li><strong>Pouzdani izvor za vrhunske proizvode za vaping<\/strong><br \/>\nKao pouzdan dobavlja\u010d, Vapebulkp.com nudi \u0161irok raspon vrhunskih jednokratnih vape ure\u0111aja prilago\u0111enih va\u0161im potrebama. JNR Power Mate primjer je na\u0161e predanosti pru\u017eanju vrhunskih rje\u0161enja za vaping.<\/li>\n<\/ul>\n<h3><\/h3>\n<div class=\"mb-2 flex gap-3 empty:hidden -ml-2\">\n<div class=\"items-center justify-start rounded-xl p-1 flex\">\n<h3><strong>Specifikacije JNR Vape Power Mate 30000 Puffs<\/strong><\/h3>\n<ul>\n<li><strong>Kapacitet udisaja:<\/strong> Omogu\u0107uje do 30 000 uvla\u010denja za produljeno vaping iskustvo bez muke.<\/li>\n<li><strong>Zapremina e-teku\u0107ine:<\/strong> Unaprijed napunjen s 19 ml vrhunske e-teku\u0107ine, eliminiraju\u0107i potrebu za \u010destim dopunjavanjem.<\/li>\n<li><strong>Ja\u010dina nikotina:<\/strong> Dostupno s 2% koncentracijom nikotina za glatko i zadovoljavaju\u0107e iskustvo.<\/li>\n<li><strong>Napredna dvostruka mre\u017easta spirala:<\/strong> Integrirana 1,0\u03a9 dvostruka mre\u017easta spirala osigurava ravnomjerno zagrijavanje i iznimnu proizvodnju okusa.<\/li>\n<li><strong>Pametni zaslon:<\/strong> Uklju\u010duje zaslon jednostavan za kori\u0161tenje koji prikazuje broj uvla\u010denja, trajanje baterije i bitne statistike ure\u0111aja.<\/li>\n<li><strong>Izuzetan okus:<\/strong> Pru\u017ea glatke, dosljedne i blage okuse za vrhunsko iskustvo vapinga.<\/li>\n<li><strong>Brzo punjenje putem Type-C priklju\u010dka:<\/strong> Podr\u017eava tehnologiju brzog punjenja Type-C za brzo i u\u010dinkovito nadopunjavanje snage.<\/li>\n<\/ul>\n<\/div>\n<\/div>\n<h3 style=\"text-align: left\"><strong>Popis okusa JNR Power Mate 30000 Puffs Vape Pod-a:<\/strong><\/h3>\n<p>1.Plava malina led<br \/>\n2. Jagoda led<br \/>\n3. Lubenica i led<br \/>\n4.Jagoda banana<br \/>\n5.Tre\u0161nja jagoda malina<br \/>\n6.Breskva mango lubenica<br \/>\n7.Jagoda Kivi<br \/>\n8.Mije\u0161ano bobi\u010dasto vo\u0107e<br \/>\n9.Gazirana Cherry Cola<br \/>\n10.Kivi lubenica led<\/p>\n<p><a href=\"https:\/\/vapebulkp.com\/hr\/product\/waspe-vape-40000-puff-fihp-double-flavour-disposable-vape\/\"><span style=\"vertical-align: inherit\">WASPE 40000 udisaja<\/span><\/a><\/p>\n<p><span style=\"vertical-align: inherit\">Prona\u0111ite vi\u0161e proizvoda koji bi vam se mogli svidjeti:<\/span><em><a href=\"https:\/\/wa.me\/8618077105796\"><span style=\"vertical-align: inherit\">\u00a0Kupite sada<\/span><\/a><\/em><\/p>\n<p><span style=\"vertical-align: inherit\">Ostali Puffs koji bi vam se mogli svidjeti:<\/span><a href=\"https:\/\/vapebulkp.com\/hr\/product\/uzy-bang-king-12k-disposable-vape-affordable-price\/\"><span style=\"vertical-align: inherit\">UZY Bang King 12000 udisaja<\/span><\/a><span style=\"vertical-align: inherit\">\u3001<\/span><a href=\"https:\/\/vapebulkp.com\/hr\/product\/wholesale-randm-tornado-9000-puffs-germany\/\"><span style=\"vertical-align: inherit\">RandM 9000 Udisaja<\/span><\/a><span style=\"vertical-align: inherit\">\/ <\/span><a href=\"https:\/\/vapebulkp.com\/hr\/product\/uwin-crystal-10k-puff-long-lasting-disposable-vape-for-europe\/\"><span style=\"vertical-align: inherit\">UWIN Crystal 7000 udisaja<\/span><\/a><span style=\"vertical-align: inherit\">\/ <\/span><a href=\"https:\/\/vapebulkp.com\/hr\/product\/jnr-vape-watch-18-30k-puffs-2-nic-wholesale-price-disposable-vape\/\"><span style=\"vertical-align: inherit\">JNR VAPE WATCH 30K udisaja\u00a0<\/span><\/a><\/p>\n<p>&nbsp;<\/p>\n<div class=\"flex max-w-full flex-col flex-grow\">\n<div class=\"min-h-8 text-message flex w-full flex-col items-end gap-2 whitespace-normal break-words text-start [.text-message+&amp;]:mt-5\" dir=\"auto\" data-message-author-role=\"assistant\" data-message-id=\"71ffd1de-0990-4a6b-8410-6423ec699d47\" data-message-model-slug=\"gpt-4o-mini\">\n<div class=\"flex w-full flex-col gap-1 empty:hidden first:pt-[3px]\">\n<div class=\"markdown prose w-full break-words dark:prose-invert light\">\n<h3><strong>\u010cesto postavljana pitanja o <\/strong><strong>JNR Power Mate 30000 Pufova <\/strong><strong>Jednokratnim vejpovima<\/strong><\/h3>\n<p><strong>1. Koliko uvla\u010denja ima JNR Power Mate 30000?<\/strong><br \/>\nJNR Power Mate nudi do 30 000 uvla\u010denja, \u0161to ga \u010dini odli\u010dnim izborom za one koji tra\u017ee dugotrajne performanse bez \u010destih zamjena.<\/p>\n<p><strong>2. Koja je koncentracija nikotina u ovom ure\u0111aju?<\/strong><br \/>\nOvaj jednokratni vejp ima ja\u010dinu nikotina od 2%, pru\u017eaju\u0107i glatko i ugodno iskustvo za nove i iskusne vejpare.<\/p>\n<p><strong>3. Koliki je kapacitet e-teku\u0107ine JNR Vajpa?<\/strong><br \/>\nDolazi unaprijed napunjen s 19 ml visokokvalitetne e-teku\u0107ine, osiguravaju\u0107i produljenu upotrebu bez potrebe za ponovnim punjenjem.<\/p>\n<p><strong>4. \u0160to \u010dini JNR Power Mate 30000 jedinstvenim?<\/strong><br \/>\nUre\u0111aj kombinira ugra\u0111eni power bank od 5000 mAh s magnetskim sustavom povezivanja, dvostrukim kabelima za punjenje (Type-C i lightning) i pametnim zaslonom za dodatnu funkcionalnost i prakti\u010dnost.<\/p>\n<\/div>\n<\/div>\n<\/div>\n<\/div>\n<h3><strong>Detalji o dostavi<\/strong>:<\/h3>\n<ul>\n<li><strong>Vrijeme obrade<\/strong>: 5-10 radnih dana<\/li>\n<li><strong>Vrijeme dostave<\/strong>: 8-14 radnih dana<\/li>\n<li><strong>Logisti\u010dki kanali<\/strong>: Koristimo pouzdane prijevoznike kao \u0161to su <strong>UPS, DHL i FedEx<\/strong> za sigurnu dostavu.<\/li>\n<li><strong>Europska dostava<\/strong>: Narud\u017ebe za europske zemlje obi\u010dno sti\u017eu za 12-15 radnih dana.<\/li>\n<\/ul>","protected":false},"excerpt":{"rendered":"<ul>\n<li>JNR Power Mate 30000 Puffs D\u017eepna nargila velikog kapaciteta za veleprodaju<\/li>\n<li>Premium JNR Power Mate 30000 Puffs jednokratni vape s ugra\u0111enim power bankom<\/li>\n<\/ul>\n<p><img decoding=\"async\" class=\"alignnone wp-image-2151\" src=\"http:\/\/vapebulkp.com\/wp-content\/uploads\/2024\/04\/Mandy-WhatsApp-Randm.jpg\" alt=\"Mandy WhatsApp Randm\" width=\"234\" height=\"249\" srcset=\"https:\/\/vapebulkp.com\/wp-content\/uploads\/2024\/04\/Mandy-WhatsApp-Randm.jpg 916w, https:\/\/vapebulkp.com\/wp-content\/uploads\/2024\/04\/Mandy-WhatsApp-Randm-282x300.jpg 282w, https:\/\/vapebulkp.com\/wp-content\/uploads\/2024\/04\/Mandy-WhatsApp-Randm-768x817.jpg 768w, https:\/\/vapebulkp.com\/wp-content\/uploads\/2024\/04\/Mandy-WhatsApp-Randm-600x638.jpg 600w\" sizes=\"(max-width: 234px) 100vw, 234px\" \/><\/p>\n<p>Molimo kontaktirajte Mandy's WhatsApp za cijenu s popustom<a href=\"https:\/\/wa.me\/8618077105796\">+8618077105796<\/a><\/p>\n<p><span style=\"color: #ff0000\">NAPOMENA: Cijene na na\u0161oj web stranici ne uklju\u010duju tro\u0161kove dostave<\/span><\/p>\n<p>&nbsp;<\/p>","protected":false},"featured_media":3425,"comment_status":"open","ping_status":"closed","template":"","meta":{"_uag_custom_page_level_css":"","_lmt_disableupdate":"no","_lmt_disable":"","site-sidebar-layout":"default","site-content-layout":"content-boxed-container","ast-site-content-layout":"normal-width-container","site-content-style":"boxed","site-sidebar-style":"unboxed","ast-global-header-display":"","ast-banner-title-visibility":"","ast-main-header-display":"","ast-hfb-above-header-display":"","ast-hfb-below-header-display":"","ast-hfb-mobile-header-display":"","site-post-title":"","ast-breadcrumbs-content":"","ast-featured-img":"","footer-sml-layout":"","theme-transparent-header-meta":"default","adv-header-id-meta":"","stick-header-meta":"","header-above-stick-meta":"","header-main-stick-meta":"","header-below-stick-meta":"","astra-migrate-meta-layouts":"set","_joinchat":[]},"product_cat":[160,153,155,33,59,100,353,34,158,157,154,152,58,84,156,63,32],"product_tag":[187,36,37,206,41,40],"class_list":["post-3429","product","type-product","status-publish","has-post-thumbnail","hentry","product_cat-30000-puff-disposable-vape","product_cat-hot-disposable-vapes","product_cat-belgium-hot-disposable-vapes","product_cat-france-vape-hot-sale","product_cat-germany-hot-disposable-vape","product_cat-germany-wholesale-vape-shop","product_cat-jnr-vape","product_cat-netherlands-vape-good-sale","product_cat-norway-hot-disposable-vapes","product_cat-poland-hot-disposable-vapes","product_cat-portugal-hot-disposable-vapes","product_cat-spain-hot-disposable-vapes","product_cat-sweden-hot-disposable-vape","product_cat-sweden-wholesale-vape","product_cat-switzerland-hot-disposable-vapes","product_cat-top-sale-disposable-vape","product_cat-vape-hot-sale-this-week","product_tag-30000-puffs","product_tag-good-vape","product_tag-hot-sale-disposable-vape","product_tag-jnr-power-mate-30000-puffs","product_tag-poland-hot-vape","product_tag-sweden-hot-vape","pa_brand-jnr-vape","desktop-align-left","tablet-align-left","mobile-align-left"],"yoast_head":"<!-- This site is optimized with the Yoast SEO plugin v21.1 - https:\/\/yoast.com\/wordpress\/plugins\/seo\/ -->\n<title>JNR Power Mate 30000 Puffs Wholesale Pocket Hookah Disposable Vape - vapebulkp.com % %<\/title>\n<meta name=\"description\" content=\"Shop the Wholesale Price JNR Power Mate 30000 Puffs Pocket Hookah Vape, featuring 19ml e-liquid, 5000mAh power bank, and smooth flavor performance.&quot;\" \/>\n<meta name=\"robots\" content=\"index, follow, max-snippet:-1, max-image-preview:large, max-video-preview:-1\" \/>\n<link rel=\"canonical\" href=\"https:\/\/vapebulkp.com\/hr\/product\/jnr-power-mate-30000-puffs-wholesale-pocket-hookah-disposable-vape\/\" \/>\n<meta property=\"og:locale\" content=\"hr_HR\" \/>\n<meta property=\"og:type\" content=\"article\" \/>\n<meta property=\"og:title\" content=\"JNR Power Mate 30000 Puffs Wholesale Pocket Hookah Disposable Vape - vapebulkp.com % %\" \/>\n<meta property=\"og:description\" content=\"Shop the Wholesale Price JNR Power Mate 30000 Puffs Pocket Hookah Vape, featuring 19ml e-liquid, 5000mAh power bank, and smooth flavor performance.&quot;\" \/>\n<meta property=\"og:url\" content=\"https:\/\/vapebulkp.com\/hr\/product\/jnr-power-mate-30000-puffs-wholesale-pocket-hookah-disposable-vape\/\" \/>\n<meta property=\"og:site_name\" content=\"vapebulkp.com\" \/>\n<meta property=\"article:modified_time\" content=\"2025-09-24T03:51:45+00:00\" \/>\n<meta property=\"og:image\" content=\"http:\/\/vapebulkp.com\/wp-content\/uploads\/2025\/01\/Jnr-Power-Mate-30000-Puffs-Disposable-Vapes.webp\" \/>\n\t<meta property=\"og:image:width\" content=\"800\" \/>\n\t<meta property=\"og:image:height\" content=\"800\" \/>\n\t<meta property=\"og:image:type\" content=\"image\/webp\" \/>\n<meta name=\"twitter:card\" content=\"summary_large_image\" \/>\n<meta name=\"twitter:label1\" content=\"Procijenjeno vrijeme \u010ditanja\" \/>\n\t<meta name=\"twitter:data1\" content=\"4 minute\" \/>\n<script type=\"application\/ld+json\" class=\"yoast-schema-graph\">{\"@context\":\"https:\/\/schema.org\",\"@graph\":[{\"@type\":\"WebPage\",\"@id\":\"https:\/\/vapebulkp.com\/product\/jnr-power-mate-30000-puffs-wholesale-pocket-hookah-disposable-vape\/\",\"url\":\"https:\/\/vapebulkp.com\/product\/jnr-power-mate-30000-puffs-wholesale-pocket-hookah-disposable-vape\/\",\"name\":\"JNR Power Mate 30000 Puffs Wholesale Pocket Hookah Disposable Vape - vapebulkp.com % %\",\"isPartOf\":{\"@id\":\"https:\/\/vapebulkp.com\/#website\"},\"datePublished\":\"2025-02-07T09:00:01+00:00\",\"dateModified\":\"2025-09-24T03:51:45+00:00\",\"description\":\"Shop the Wholesale Price JNR Power Mate 30000 Puffs Pocket Hookah Vape, featuring 19ml e-liquid, 5000mAh power bank, and smooth flavor performance.\\\"\",\"breadcrumb\":{\"@id\":\"https:\/\/vapebulkp.com\/product\/jnr-power-mate-30000-puffs-wholesale-pocket-hookah-disposable-vape\/#breadcrumb\"},\"inLanguage\":\"hr\",\"potentialAction\":[{\"@type\":\"ReadAction\",\"target\":[\"https:\/\/vapebulkp.com\/product\/jnr-power-mate-30000-puffs-wholesale-pocket-hookah-disposable-vape\/\"]}]},{\"@type\":\"BreadcrumbList\",\"@id\":\"https:\/\/vapebulkp.com\/product\/jnr-power-mate-30000-puffs-wholesale-pocket-hookah-disposable-vape\/#breadcrumb\",\"itemListElement\":[{\"@type\":\"ListItem\",\"position\":1,\"name\":\"Home\",\"item\":\"https:\/\/vapebulkp.com\/\"},{\"@type\":\"ListItem\",\"position\":2,\"name\":\"Hot Trend Vapes\",\"item\":\"https:\/\/vapebulkp.com\/vape-shop\/\"},{\"@type\":\"ListItem\",\"position\":3,\"name\":\"JNR Power Mate 30000 Puffs Wholesale Pocket Hookah Disposable Vape\"}]},{\"@type\":\"WebSite\",\"@id\":\"https:\/\/vapebulkp.com\/#website\",\"url\":\"https:\/\/vapebulkp.com\/\",\"name\":\"vapebulkp.com\",\"description\":\"Buy Vape In Cheap Bulk Price Near you\",\"publisher\":{\"@id\":\"https:\/\/vapebulkp.com\/#organization\"},\"potentialAction\":[{\"@type\":\"SearchAction\",\"target\":{\"@type\":\"EntryPoint\",\"urlTemplate\":\"https:\/\/vapebulkp.com\/?s={search_term_string}\"},\"query-input\":\"required name=search_term_string\"}],\"inLanguage\":\"hr\"},{\"@type\":\"Organization\",\"@id\":\"https:\/\/vapebulkp.com\/#organization\",\"name\":\"vapebulkp.com\",\"url\":\"https:\/\/vapebulkp.com\/\",\"logo\":{\"@type\":\"ImageObject\",\"inLanguage\":\"hr\",\"@id\":\"https:\/\/vapebulkp.com\/#\/schema\/logo\/image\/\",\"url\":\"https:\/\/vapebulkp.com\/wp-content\/uploads\/2023\/09\/cropped-vapebulkp.png\",\"contentUrl\":\"https:\/\/vapebulkp.com\/wp-content\/uploads\/2023\/09\/cropped-vapebulkp.png\",\"width\":516,\"height\":163,\"caption\":\"vapebulkp.com\"},\"image\":{\"@id\":\"https:\/\/vapebulkp.com\/#\/schema\/logo\/image\/\"}}]}<\/script>\n<!-- \/ Yoast SEO plugin. -->","yoast_head_json":{"title":"JNR Power Mate 30000 Puffs Wholesale Pocket Hookah Disposable Vape - vapebulkp.com % %","description":"Shop the Wholesale Price JNR Power Mate 30000 Puffs Pocket Hookah Vape, featuring 19ml e-liquid, 5000mAh power bank, and smooth flavor performance.\"","robots":{"index":"index","follow":"follow","max-snippet":"max-snippet:-1","max-image-preview":"max-image-preview:large","max-video-preview":"max-video-preview:-1"},"canonical":"https:\/\/vapebulkp.com\/hr\/product\/jnr-power-mate-30000-puffs-wholesale-pocket-hookah-disposable-vape\/","og_locale":"hr_HR","og_type":"article","og_title":"JNR Power Mate 30000 Puffs Wholesale Pocket Hookah Disposable Vape - vapebulkp.com % %","og_description":"Shop the Wholesale Price JNR Power Mate 30000 Puffs Pocket Hookah Vape, featuring 19ml e-liquid, 5000mAh power bank, and smooth flavor performance.\"","og_url":"https:\/\/vapebulkp.com\/hr\/product\/jnr-power-mate-30000-puffs-wholesale-pocket-hookah-disposable-vape\/","og_site_name":"vapebulkp.com","article_modified_time":"2025-09-24T03:51:45+00:00","og_image":[{"width":800,"height":800,"url":"http:\/\/vapebulkp.com\/wp-content\/uploads\/2025\/01\/Jnr-Power-Mate-30000-Puffs-Disposable-Vapes.webp","type":"image\/webp"}],"twitter_card":"summary_large_image","twitter_misc":{"Procijenjeno vrijeme \u010ditanja":"4 minute"},"schema":{"@context":"https:\/\/schema.org","@graph":[{"@type":"WebPage","@id":"https:\/\/vapebulkp.com\/product\/jnr-power-mate-30000-puffs-wholesale-pocket-hookah-disposable-vape\/","url":"https:\/\/vapebulkp.com\/product\/jnr-power-mate-30000-puffs-wholesale-pocket-hookah-disposable-vape\/","name":"JNR Power Mate 30000 Puffs Wholesale Pocket Hookah Disposable Vape - vapebulkp.com % %","isPartOf":{"@id":"https:\/\/vapebulkp.com\/#website"},"datePublished":"2025-02-07T09:00:01+00:00","dateModified":"2025-09-24T03:51:45+00:00","description":"Shop the Wholesale Price JNR Power Mate 30000 Puffs Pocket Hookah Vape, featuring 19ml e-liquid, 5000mAh power bank, and smooth flavor performance.\"","breadcrumb":{"@id":"https:\/\/vapebulkp.com\/product\/jnr-power-mate-30000-puffs-wholesale-pocket-hookah-disposable-vape\/#breadcrumb"},"inLanguage":"hr","potentialAction":[{"@type":"ReadAction","target":["https:\/\/vapebulkp.com\/product\/jnr-power-mate-30000-puffs-wholesale-pocket-hookah-disposable-vape\/"]}]},{"@type":"BreadcrumbList","@id":"https:\/\/vapebulkp.com\/product\/jnr-power-mate-30000-puffs-wholesale-pocket-hookah-disposable-vape\/#breadcrumb","itemListElement":[{"@type":"ListItem","position":1,"name":"Home","item":"https:\/\/vapebulkp.com\/"},{"@type":"ListItem","position":2,"name":"Hot Trend Vapes","item":"https:\/\/vapebulkp.com\/vape-shop\/"},{"@type":"ListItem","position":3,"name":"JNR Power Mate 30000 Puffs Wholesale Pocket Hookah Disposable Vape"}]},{"@type":"WebSite","@id":"https:\/\/vapebulkp.com\/#website","url":"https:\/\/vapebulkp.com\/","name":"vapebulkp.com","description":"Buy Vape In Cheap Bulk Price Near you","publisher":{"@id":"https:\/\/vapebulkp.com\/#organization"},"potentialAction":[{"@type":"SearchAction","target":{"@type":"EntryPoint","urlTemplate":"https:\/\/vapebulkp.com\/?s={search_term_string}"},"query-input":"required name=search_term_string"}],"inLanguage":"hr"},{"@type":"Organization","@id":"https:\/\/vapebulkp.com\/#organization","name":"vapebulkp.com","url":"https:\/\/vapebulkp.com\/","logo":{"@type":"ImageObject","inLanguage":"hr","@id":"https:\/\/vapebulkp.com\/#\/schema\/logo\/image\/","url":"https:\/\/vapebulkp.com\/wp-content\/uploads\/2023\/09\/cropped-vapebulkp.png","contentUrl":"https:\/\/vapebulkp.com\/wp-content\/uploads\/2023\/09\/cropped-vapebulkp.png","width":516,"height":163,"caption":"vapebulkp.com"},"image":{"@id":"https:\/\/vapebulkp.com\/#\/schema\/logo\/image\/"}}]}},"uagb_featured_image_src":{"full":["https:\/\/vapebulkp.com\/wp-content\/uploads\/2025\/01\/Jnr-Power-Mate-30000-Puffs-Disposable-Vapes.webp",800,800,false],"thumbnail":["https:\/\/vapebulkp.com\/wp-content\/uploads\/2025\/01\/Jnr-Power-Mate-30000-Puffs-Disposable-Vapes-150x150.webp",150,150,true],"medium":["https:\/\/vapebulkp.com\/wp-content\/uploads\/2025\/01\/Jnr-Power-Mate-30000-Puffs-Disposable-Vapes-300x300.webp",300,300,true],"medium_large":["https:\/\/vapebulkp.com\/wp-content\/uploads\/2025\/01\/Jnr-Power-Mate-30000-Puffs-Disposable-Vapes-768x768.webp",768,768,true],"large":["https:\/\/vapebulkp.com\/wp-content\/uploads\/2025\/01\/Jnr-Power-Mate-30000-Puffs-Disposable-Vapes.webp",800,800,false],"1536x1536":["https:\/\/vapebulkp.com\/wp-content\/uploads\/2025\/01\/Jnr-Power-Mate-30000-Puffs-Disposable-Vapes.webp",800,800,false],"2048x2048":["https:\/\/vapebulkp.com\/wp-content\/uploads\/2025\/01\/Jnr-Power-Mate-30000-Puffs-Disposable-Vapes.webp",800,800,false],"trp-custom-language-flag":["https:\/\/vapebulkp.com\/wp-content\/uploads\/2025\/01\/Jnr-Power-Mate-30000-Puffs-Disposable-Vapes.webp",12,12,false],"woocommerce_thumbnail":["https:\/\/vapebulkp.com\/wp-content\/uploads\/2025\/01\/Jnr-Power-Mate-30000-Puffs-Disposable-Vapes-300x300.webp",300,300,true],"woocommerce_single":["https:\/\/vapebulkp.com\/wp-content\/uploads\/2025\/01\/Jnr-Power-Mate-30000-Puffs-Disposable-Vapes-600x600.webp",600,600,true],"woocommerce_gallery_thumbnail":["https:\/\/vapebulkp.com\/wp-content\/uploads\/2025\/01\/Jnr-Power-Mate-30000-Puffs-Disposable-Vapes-100x100.webp",100,100,true],"wcpr-photo-reviews":["https:\/\/vapebulkp.com\/wp-content\/uploads\/2025\/01\/Jnr-Power-Mate-30000-Puffs-Disposable-Vapes.webp",500,500,false]},"uagb_author_info":{"display_name":"Mandy vape bulk price","author_link":"https:\/\/vapebulkp.com\/hr\/author\/"},"uagb_comment_info":0,"uagb_excerpt":"JNR Power Mate 30000 Puffs High-Capacity Pocket Hookah Vape for Wholesale Premium JNR Power Mate 30000 Puffs Disposable Vape with Built-in Power Bank Pls Contact Mandy's WhatsApp For Discount Price+8618077105796 NOTE: Prices on our website does not include shipping costs &nbsp;","_links":{"self":[{"href":"https:\/\/vapebulkp.com\/hr\/wp-json\/wp\/v2\/product\/3429","targetHints":{"allow":["GET"]}}],"collection":[{"href":"https:\/\/vapebulkp.com\/hr\/wp-json\/wp\/v2\/product"}],"about":[{"href":"https:\/\/vapebulkp.com\/hr\/wp-json\/wp\/v2\/types\/product"}],"replies":[{"embeddable":true,"href":"https:\/\/vapebulkp.com\/hr\/wp-json\/wp\/v2\/comments?post=3429"}],"wp:featuredmedia":[{"embeddable":true,"href":"https:\/\/vapebulkp.com\/hr\/wp-json\/wp\/v2\/media\/3425"}],"wp:attachment":[{"href":"https:\/\/vapebulkp.com\/hr\/wp-json\/wp\/v2\/media?parent=3429"}],"wp:term":[{"taxonomy":"product_cat","embeddable":true,"href":"https:\/\/vapebulkp.com\/hr\/wp-json\/wp\/v2\/product_cat?post=3429"},{"taxonomy":"product_tag","embeddable":true,"href":"https:\/\/vapebulkp.com\/hr\/wp-json\/wp\/v2\/product_tag?post=3429"}],"curies":[{"name":"wp","href":"https:\/\/api.w.org\/{rel}","templated":true}]}}